{"id":75203,"date":"2023-06-28T13:47:13","date_gmt":"2023-06-28T13:47:13","guid":{"rendered":"http:\/\/talkpal.ai\/cvicenia-zo-slovenskej-gramatiky\/"},"modified":"2025-12-17T15:05:13","modified_gmt":"2025-12-17T15:05:13","slug":"cvicenia-zo-slovenskej-gramatiky","status":"publish","type":"page","link":"https:\/\/talkpal.ai\/sk\/cvicenia-zo-slovenskej-gramatiky\/","title":{"rendered":"Cvi\u010denia zo slovenskej gramatiky"},"content":{"rendered":"\r\n\r\n\r\n<section class=\"languageChallengeSection\">\r\n    <div class=\"languageInfoWrapper\">\r\n        \r\n        <h1>Cvi\u010denia zo slovenskej gramatiky<\/h1>\r\n        <p>Chcete si by\u0165 istej\u0161\u00ed v sloven\u010dine? Precvi\u010dovanie gramatick\u00fdch cvi\u010den\u00ed je skvel\u00fd sp\u00f4sob, ako si osvoji\u0165 stavbu vety, koncovky slovies a jedine\u010dn\u00e9 pravidl\u00e1 slovensk\u00e9ho jazyka. Za\u010dnite objavova\u0165 slovensk\u00fa gramatiku e\u0161te dnes a sledujte, ako sa va\u0161e zru\u010dnosti a plynulos\u0165 zlep\u0161uj\u00fa s ka\u017ed\u00fdm cvi\u010den\u00edm!<\/p>\r\n\r\n                            <a class=\"getStartedHidden\" href=\"https:\/\/app.talkpal.ai\/sk\/signup?lng=\">Za\u010dni<\/a>\r\n        \r\n    <\/div>\r\n\r\n    <figure>\r\n    <img decoding=\"async\" width=\"768\" height=\"768\" src=\"https:\/\/talkpal.ai\/wp-content\/uploads\/2023\/06\/slovak-768x768.png\" class=\"languageImage no-lazy\" alt=\"Language learning for cross-cultural competence\" fetchpriority=\"high\" sizes=\"(max-width: 768px) 150px, 768px\" srcset=\"https:\/\/talkpal.ai\/wp-content\/uploads\/2023\/06\/slovak-768x768.png 768w, https:\/\/talkpal.ai\/wp-content\/uploads\/2023\/06\/slovak-300x300.png 300w\" \/>\r\n    \r\n\r\n    <\/figure>\r\n\r\n            <a class=\"getStartedVisible\" href=\"https:\/\/app.talkpal.ai\/sk\/signup?lng=\">Za\u010dni<\/a>\r\n    \r\n<\/section>\r\n\r\n\r\n<!-- <section class=\"grammarSection\">\r\n    <div class=\"grammarLinks\">\r\n            <\/div>\r\n<\/section> -->\r\n\r\n\r\n\r\n\r\n<section class=\"promotionalBanner\">\r\n    <p class=\"promotionalText\">Najefekt\u00edvnej\u0161\u00ed sp\u00f4sob, ako sa nau\u010di\u0165 jazyk<\/p>\r\n    <a class=\"promotionalLink\" href=\"https:\/\/app.talkpal.ai\/sk\/signup?lng=\">Vysk\u00fa\u0161ajte Talkpal zadarmo<\/a>\r\n<\/section>\n<div class=\"wp-block-group pageContainerStyle\"><div class=\"wp-block-group__inner-container is-layout-constrained wp-block-group-is-layout-constrained\">\n<h2 class=\"wp-block-heading\" id=\"h-slovak-grammar-topics\">T\u00e9my slovenskej gramatiky<\/h2>\n\n\n\n<p>Nau\u010di\u0165 sa sloven\u010dinu, z\u00e1padoslovansk\u00fd jazyk, m\u00f4\u017ee by\u0165 pre jazykov\u00fdch nad\u0161encov obohacuj\u00facou v\u00fdzvou. V\u010faka svojej jedine\u010dnej fonetickej \u0161trukt\u00fare a zlo\u017eitej gramatike umo\u017e\u0148uje \u0161tudentom hlb\u0161ie sa zapoji\u0165 do slovenskej kult\u00fary a hist\u00f3rie. Pre efekt\u00edvnu v\u00fdu\u010dbu sloven\u010diny by mali by\u0165 niektor\u00e9 gramatick\u00e9 t\u00e9my uprednost\u0148ovan\u00e9 v ur\u010ditom porad\u00ed.<\/p>\n\n\n\n<h3 class=\"wp-block-heading\" id=\"h-1-nouns\">1. Podstatn\u00e9 men\u00e1:<\/h3>\n\n\n\n<p>Za\u010dnite od \u00fapln\u00fdch z\u00e1kladov slovenskej gramatiky: podstatn\u00e9 men\u00e1. Z\u00edskajte inform\u00e1cie o tvaroch jednotn\u00e9ho a mno\u017en\u00e9ho \u010d\u00edsla, rodov\u00fdch rozdieloch a sklo\u0148ovan\u00ed p\u00e1dov.<\/p>\n\n\n\n<h3 class=\"wp-block-heading\" id=\"h-2-pronouns-determiners\">2. Z\u00e1men\u00e1\/determin\u00e1tory:<\/h3>\n\n\n\n<p>Po zvl\u00e1dnut\u00ed podstatn\u00fdch mien prejdite na z\u00e1men\u00e1 a determin\u00e1tory. Pochopenie t\u00fdchto prvkov v\u00e1m pom\u00f4\u017ee vytvori\u0165 z\u00e1kladn\u00e9 vety a vyjadri\u0165 vlastn\u00edctvo, mno\u017estvo a identitu.<\/p>\n\n\n\n<h3 class=\"wp-block-heading\" id=\"h-3-articles\">3. \u010cl\u00e1nky:<\/h3>\n\n\n\n<p>Hoci <a href=\"https:\/\/talkpal.ai\/nl\/slowaaks-leren\/\">slovensk\u00fd jazyk<\/a> nem\u00e1 ur\u010dit\u00e9 a neur\u010dit\u00e9 \u010dl\u00e1nky ako <a href=\"https:\/\/talkpal.ai\/learn-english-with-ai\/\">angli\u010dtina<\/a>, mali by ste pochopi\u0165, ako v sloven\u010dine ozna\u010di\u0165 ur\u010ditos\u0165 a neur\u010ditos\u0165.<\/p>\n\n\n\n<h3 class=\"wp-block-heading\" id=\"h-4-adjectives\">4. Pr\u00eddavn\u00e9 men\u00e1:<\/h3>\n\n\n\n<p>\u010ealej sa dozviete o pr\u00eddavn\u00fdch men\u00e1ch, ich sklo\u0148ovan\u00ed a zhode s podstatn\u00fdmi menami v rode, \u010d\u00edsle a p\u00e1de.<\/p>\n\n\n\n<h3 class=\"wp-block-heading\" id=\"h-5-verbs\">5. Sloves\u00e1:<\/h3>\n\n\n\n<p>Sloves\u00e1 tvoria chrbticu ka\u017ed\u00e9ho jazyka. Nau\u010dte sa o pravideln\u00fdch a nepravideln\u00fdch sloves\u00e1ch a ich \u010dasovan\u00ed v s\u00fa\u010dasnom, minulom a bud\u00facom \u010dase.<\/p>\n\n\n\n<h3 class=\"wp-block-heading\" id=\"h-6-tenses\">6. \u010casy:<\/h3>\n\n\n\n<p>Ke\u010f ste zvl\u00e1dli sloves\u00e1, venujte sa \u010dasom. Pochopte, ako pou\u017e\u00edva\u0165 pr\u00edtomn\u00fd, minul\u00fd a bud\u00faci \u010das v r\u00f4znych kontextoch.<\/p>\n\n\n\n<h3 class=\"wp-block-heading\" id=\"h-7-tense-comparison\">7. Nap\u00e4t\u00e9 porovnanie:<\/h3>\n\n\n\n<p>To v\u00e1m pom\u00f4\u017ee pochopi\u0165, ako r\u00f4zne \u010dasy s\u00favisia a kontrastuj\u00fa navz\u00e1jom.<\/p>\n\n\n\n<h3 class=\"wp-block-heading\" id=\"h-8-progressive\">8. Progres\u00edvne:<\/h3>\n\n\n\n<p>Po zvl\u00e1dnut\u00ed jednoduch\u00fdch \u010dasov prejdite na progres\u00edvne aspekty. To v\u00e1m pom\u00f4\u017ee vyjadri\u0165 prebiehaj\u00face akcie.<\/p>\n\n\n\n<h3 class=\"wp-block-heading\" id=\"h-9-perfect-progressive\">9. Perfektne progres\u00edvne:<\/h3>\n\n\n\n<p>Tento \u010das sa pou\u017e\u00edva na ozna\u010denie akci\u00ed, ktor\u00e9 prebiehali v minulosti a zvy\u010dajne maj\u00fa vplyv na s\u00fa\u010dasnos\u0165.<\/p>\n\n\n\n<h3 class=\"wp-block-heading\" id=\"h-10-adverbs\">10. Pr\u00edslovky:<\/h3>\n\n\n\n<p>Pr\u00edslovky upravuj\u00fa sloves\u00e1, pr\u00eddavn\u00e9 men\u00e1 a in\u00e9 pr\u00edslovky. Poskytuj\u00fa \u010fal\u0161ie podrobnosti o akci\u00e1ch, stavoch alebo kvalit\u00e1ch.<\/p>\n\n\n\n<h3 class=\"wp-block-heading\" id=\"h-11-prepositions\">11. Predlo\u017eky:<\/h3>\n\n\n\n<p>Z\u00edskajte inform\u00e1cie o predlo\u017ek\u00e1ch na vyjadrenie vz\u0165ahov medzi r\u00f4znymi \u010das\u0165ami vety.<\/p>\n\n\n\n<h3 class=\"wp-block-heading\" id=\"h-12-conditionals\">12. Podmienky:<\/h3>\n\n\n\n<p>Kondicion\u00e1ly sa pou\u017e\u00edvaj\u00fa na vyjadrenie hypotetick\u00fdch situ\u00e1ci\u00ed a ich mo\u017en\u00fdch v\u00fdsledkov.<\/p>\n\n\n\n<h3 class=\"wp-block-heading\" id=\"h-13-sentences\">13. Vety:<\/h3>\n\n\n\n<p>Nakoniec, so v\u0161etk\u00fdmi z\u00e1kladmi gramatiky, m\u00f4\u017eete <a href=\"https:\/\/talkpal.ai\/ko\/ai-%ec%96%b8%ec%96%b4-%ea%b5%90%ec%82%ac\/\">za\u010da\u0165<\/a> tvori\u0165 zlo\u017eit\u00e9 vety a vyjadrova\u0165 svoje my\u0161lienky jasne a efekt\u00edvne v sloven\u010dine.<\/p>\n<\/div><\/div>\n\r\n<section class=\"learnNavigationSection\">\r\n            \r\n        <a href=\"https:\/\/talkpal.ai\/sk\/ucit-sa-po-slovensky\/\">\r\n            <div class=\"learnNavigationWrapper\">\r\n                <div class=\"learnNavigationContent\">\r\n                    <img decoding=\"async\" src=\"https:\/\/talkpal.ai\/wp-content\/uploads\/2024\/08\/Slovak.jpg\" alt=\"Slovak Flag\">\r\n                    <div>\r\n                        <h4>O slovenskom vzdel\u00e1van\u00ed<\/h4>\r\n                        <p>Zistite v\u0161etko o sloven\u010dine gramatika.<\/p>\r\n                    <\/div>\r\n                <\/div>\r\n            <\/div>\r\n        <\/a>\r\n\r\n        \r\n        <a href=\"https:\/\/talkpal.ai\/sk\/slovenska-gramatika\/\">\r\n            <div class=\"learnNavigationWrapper\">\r\n                <div class=\"learnNavigationContent\">\r\n                    <img decoding=\"async\" src=\"https:\/\/talkpal.ai\/wp-content\/uploads\/2024\/08\/Slovak.jpg\" alt=\"Slovak Flag\">\r\n                    <div>\r\n                        <h4>Lekcie slovenskej gramatiky<\/h4>\r\n                        <p>Prax v sloven\u010dine gramatika.<\/p>\r\n                    <\/div>\r\n                <\/div>\r\n            <\/div>\r\n        <\/a>\r\n\r\n        \r\n        <a href=\"https:\/\/talkpal.ai\/vocabulary_language\/slovak\/\">\r\n            <div class=\"learnNavigationWrapper\">\r\n                <div class=\"learnNavigationContent\">\r\n                    <img decoding=\"async\" src=\"https:\/\/talkpal.ai\/wp-content\/uploads\/2024\/08\/Slovak.jpg\" alt=\"Slovak Flag\">\r\n                    <div>\r\n                        <h4>Slovensk\u00e1 slovn\u00e1 z\u00e1soba<\/h4>\r\n                        <p>Roz\u0161\u00edrte si slovn\u00fa z\u00e1sobu sloven\u010diny.<\/p>\r\n                    <\/div>\r\n                <\/div>\r\n            <\/div>\r\n        <\/a>\r\n\r\n            <\/section>","protected":false},"excerpt":{"rendered":"<p>T\u00e9my slovenskej gramatiky Nau\u010di\u0165 sa sloven\u010dinu, z\u00e1padoslovansk\u00fd jazyk, m\u00f4\u017ee by\u0165 pre jazykov\u00fdch nad\u0161encov obohacuj\u00facou v\u00fdzvou. V\u010faka svojej jedine\u010dnej fonetickej \u0161trukt\u00fare a zlo\u017eitej gramatike umo\u017e\u0148uje \u0161tudentom hlb\u0161ie sa zapoji\u0165 do slovenskej kult\u00fary a hist\u00f3rie. Pre efekt\u00edvnu v\u00fdu\u010dbu sloven\u010diny by mali by\u0165 niektor\u00e9 gramatick\u00e9 t\u00e9my uprednost\u0148ovan\u00e9 v ur\u010ditom porad\u00ed. 1. Podstatn\u00e9 men\u00e1: Za\u010dnite od \u00fapln\u00fdch z\u00e1kladov slovenskej [&hellip;]<\/p>\n","protected":false},"author":6,"featured_media":71533,"parent":0,"menu_order":0,"comment_status":"closed","ping_status":"closed","template":"LearningContentPage.php","meta":{"_acf_changed":false,"footnotes":""},"class_list":["post-75203","page","type-page","status-publish","has-post-thumbnail","hentry"],"acf":[],"yoast_head":"<!-- This site is optimized with the Yoast SEO Premium plugin v27.2 (Yoast SEO v27.2) - https:\/\/yoast.com\/product\/yoast-seo-premium-wordpress\/ -->\n<title>Cvi\u010denia zo slovenskej gramatiky - Talkpal<\/title>\n<meta name=\"description\" content=\"Zlep\u0161ite si znalosti slovenskej gramatiky pomocou interakt\u00edvnych cvi\u010den\u00ed ur\u010den\u00fdch pre v\u0161etky \u00farovne. Zlep\u0161ite svoje jazykov\u00e9 znalosti e\u0161te dnes!\" \/>\n<meta name=\"robots\" content=\"index, follow, max-snippet:-1, max-image-preview:large, max-video-preview:-1\" \/>\n<link rel=\"canonical\" href=\"https:\/\/talkpal.ai\/sk\/cvicenia-zo-slovenskej-gramatiky\/\" \/>\n<meta property=\"og:locale\" content=\"sk_SK\" \/>\n<meta property=\"og:type\" content=\"article\" \/>\n<meta property=\"og:title\" content=\"Cvi\u010denia zo slovenskej gramatiky\" \/>\n<meta property=\"og:description\" content=\"T\u00e9my slovenskej gramatiky Nau\u010di\u0165 sa sloven\u010dinu, z\u00e1padoslovansk\u00fd jazyk, m\u00f4\u017ee by\u0165 pre jazykov\u00fdch nad\u0161encov obohacuj\u00facou v\u00fdzvou. V\u010faka svojej jedine\u010dnej\" \/>\n<meta property=\"og:url\" content=\"https:\/\/talkpal.ai\/sk\/cvicenia-zo-slovenskej-gramatiky\/\" \/>\n<meta property=\"og:site_name\" content=\"Talkpal\" \/>\n<meta property=\"article:publisher\" content=\"https:\/\/www.facebook.com\/profile.php?id=100090733639311\" \/>\n<meta property=\"article:modified_time\" content=\"2025-12-17T15:05:13+00:00\" \/>\n<meta property=\"og:image\" content=\"https:\/\/talkpal.ai\/wp-content\/uploads\/2023\/05\/slovakia.png\" \/>\n\t<meta property=\"og:image:width\" content=\"512\" \/>\n\t<meta property=\"og:image:height\" content=\"512\" \/>\n\t<meta property=\"og:image:type\" content=\"image\/png\" \/>\n<meta name=\"twitter:card\" content=\"summary_large_image\" \/>\n<meta name=\"twitter:site\" content=\"@talkpalai\" \/>\n<meta name=\"twitter:label1\" content=\"Predpokladan\u00fd \u010das \u010d\u00edtania\" \/>\n\t<meta name=\"twitter:data1\" content=\"2 min\u00faty\" \/>\n<script type=\"application\/ld+json\" class=\"yoast-schema-graph\">{\"@context\":\"https:\/\/schema.org\",\"@graph\":[{\"@type\":\"WebPage\",\"@id\":\"https:\/\/talkpal.ai\/sk\/cvicenia-zo-slovenskej-gramatiky\/\",\"url\":\"https:\/\/talkpal.ai\/sk\/cvicenia-zo-slovenskej-gramatiky\/\",\"name\":\"Cvi\u010denia zo slovenskej gramatiky - Talkpal\",\"isPartOf\":{\"@id\":\"https:\/\/talkpal.ai\/sk\/#website\"},\"primaryImageOfPage\":{\"@id\":\"https:\/\/talkpal.ai\/sk\/cvicenia-zo-slovenskej-gramatiky\/#primaryimage\"},\"image\":{\"@id\":\"https:\/\/talkpal.ai\/sk\/cvicenia-zo-slovenskej-gramatiky\/#primaryimage\"},\"thumbnailUrl\":\"https:\/\/talkpal.ai\/wp-content\/uploads\/2023\/05\/slovakia.png\",\"datePublished\":\"2023-06-28T13:47:13+00:00\",\"dateModified\":\"2025-12-17T15:05:13+00:00\",\"description\":\"Zlep\u0161ite si znalosti slovenskej gramatiky pomocou interakt\u00edvnych cvi\u010den\u00ed ur\u010den\u00fdch pre v\u0161etky \u00farovne. Zlep\u0161ite svoje jazykov\u00e9 znalosti e\u0161te dnes!\",\"breadcrumb\":{\"@id\":\"https:\/\/talkpal.ai\/sk\/cvicenia-zo-slovenskej-gramatiky\/#breadcrumb\"},\"inLanguage\":\"sk-SK\",\"potentialAction\":[{\"@type\":\"ReadAction\",\"target\":[\"https:\/\/talkpal.ai\/sk\/cvicenia-zo-slovenskej-gramatiky\/\"]}]},{\"@type\":\"ImageObject\",\"inLanguage\":\"sk-SK\",\"@id\":\"https:\/\/talkpal.ai\/sk\/cvicenia-zo-slovenskej-gramatiky\/#primaryimage\",\"url\":\"https:\/\/talkpal.ai\/wp-content\/uploads\/2023\/05\/slovakia.png\",\"contentUrl\":\"https:\/\/talkpal.ai\/wp-content\/uploads\/2023\/05\/slovakia.png\",\"width\":512,\"height\":512},{\"@type\":\"BreadcrumbList\",\"@id\":\"https:\/\/talkpal.ai\/sk\/cvicenia-zo-slovenskej-gramatiky\/#breadcrumb\",\"itemListElement\":[{\"@type\":\"ListItem\",\"position\":1,\"name\":\"Homepage\",\"item\":\"https:\/\/talkpal.ai\/sk\/\"},{\"@type\":\"ListItem\",\"position\":2,\"name\":\"Cvi\u010denia zo slovenskej gramatiky\"}]},{\"@type\":\"WebSite\",\"@id\":\"https:\/\/talkpal.ai\/sk\/#website\",\"url\":\"https:\/\/talkpal.ai\/sk\/\",\"name\":\"Talkpal\",\"description\":\"AI Language Learning\",\"publisher\":{\"@id\":\"https:\/\/talkpal.ai\/sk\/#organization\"},\"alternateName\":\"Talkpal AI\",\"potentialAction\":[{\"@type\":\"SearchAction\",\"target\":{\"@type\":\"EntryPoint\",\"urlTemplate\":\"https:\/\/talkpal.ai\/sk\/?s={search_term_string}\"},\"query-input\":{\"@type\":\"PropertyValueSpecification\",\"valueRequired\":true,\"valueName\":\"search_term_string\"}}],\"inLanguage\":\"sk-SK\"},{\"@type\":\"Organization\",\"@id\":\"https:\/\/talkpal.ai\/sk\/#organization\",\"name\":\"Talkpal, Inc.\",\"alternateName\":\"Talkpal AI\",\"url\":\"https:\/\/talkpal.ai\/sk\/\",\"logo\":{\"@type\":\"ImageObject\",\"inLanguage\":\"sk-SK\",\"@id\":\"https:\/\/talkpal.ai\/sk\/#\/schema\/logo\/image\/\",\"url\":\"https:\/\/talkpal.ai\/wp-content\/uploads\/2024\/03\/Talkpal-Logo-Icon.png\",\"contentUrl\":\"https:\/\/talkpal.ai\/wp-content\/uploads\/2024\/03\/Talkpal-Logo-Icon.png\",\"width\":2880,\"height\":2880,\"caption\":\"Talkpal, Inc.\"},\"image\":{\"@id\":\"https:\/\/talkpal.ai\/sk\/#\/schema\/logo\/image\/\"},\"sameAs\":[\"https:\/\/www.facebook.com\/profile.php?id=100090733639311\",\"https:\/\/x.com\/talkpalai\",\"https:\/\/www.linkedin.com\/company\/talkpal\/\",\"https:\/\/www.youtube.com\/@TalkPal\/\",\"https:\/\/www.tiktok.com\/@talkpal\",\"https:\/\/www.instagram.com\/talkpal_ai\/\",\"https:\/\/www.crunchbase.com\/organization\/talkpal-9cde\",\"https:\/\/www.g2.com\/products\/talkpal-for-business\/\",\"https:\/\/www.trustpilot.com\/review\/talkpal.ai\",\"https:\/\/www.capterra.com\/p\/10006800\/TalkPal\/\"],\"description\":\"Talkpal is a language learning web and mobile education app, powered by the latest AI technologies, that provides engaging experiences to its customers in many different languages to help them improve their language skills. Users can chat about unlimited amount of topics with the app and use other modes to practice their language learning.\",\"email\":\"support@talkpal.ai\",\"legalName\":\"Talkpal, Inc.\",\"foundingDate\":\"2023-04-03\",\"duns\":\"118989042\",\"numberOfEmployees\":{\"@type\":\"QuantitativeValue\",\"minValue\":\"11\",\"maxValue\":\"50\"},\"publishingPrinciples\":\"https:\/\/talkpal.ai\/publishing-principles\/\",\"actionableFeedbackPolicy\":\"https:\/\/talkpal.ai\/actionable-feedback-policy\/\",\"correctionsPolicy\":\"https:\/\/talkpal.ai\/corrections-policy\/\",\"ethicsPolicy\":\"https:\/\/talkpal.ai\/ethics-policy\/\",\"diversityPolicy\":\"https:\/\/talkpal.ai\/diversity-policy\/\",\"diversityStaffingReport\":\"https:\/\/talkpal.ai\/diversity-policy\/\"}]}<\/script>\n<!-- \/ Yoast SEO Premium plugin. -->","yoast_head_json":{"title":"Cvi\u010denia zo slovenskej gramatiky - Talkpal","description":"Zlep\u0161ite si znalosti slovenskej gramatiky pomocou interakt\u00edvnych cvi\u010den\u00ed ur\u010den\u00fdch pre v\u0161etky \u00farovne. Zlep\u0161ite svoje jazykov\u00e9 znalosti e\u0161te dnes!","robots":{"index":"index","follow":"follow","max-snippet":"max-snippet:-1","max-image-preview":"max-image-preview:large","max-video-preview":"max-video-preview:-1"},"canonical":"https:\/\/talkpal.ai\/sk\/cvicenia-zo-slovenskej-gramatiky\/","og_locale":"sk_SK","og_type":"article","og_title":"Cvi\u010denia zo slovenskej gramatiky","og_description":"T\u00e9my slovenskej gramatiky Nau\u010di\u0165 sa sloven\u010dinu, z\u00e1padoslovansk\u00fd jazyk, m\u00f4\u017ee by\u0165 pre jazykov\u00fdch nad\u0161encov obohacuj\u00facou v\u00fdzvou. V\u010faka svojej jedine\u010dnej","og_url":"https:\/\/talkpal.ai\/sk\/cvicenia-zo-slovenskej-gramatiky\/","og_site_name":"Talkpal","article_publisher":"https:\/\/www.facebook.com\/profile.php?id=100090733639311","article_modified_time":"2025-12-17T15:05:13+00:00","og_image":[{"width":512,"height":512,"url":"https:\/\/talkpal.ai\/wp-content\/uploads\/2023\/05\/slovakia.png","type":"image\/png"}],"twitter_card":"summary_large_image","twitter_site":"@talkpalai","twitter_misc":{"Predpokladan\u00fd \u010das \u010d\u00edtania":"2 min\u00faty"},"schema":{"@context":"https:\/\/schema.org","@graph":[{"@type":"WebPage","@id":"https:\/\/talkpal.ai\/sk\/cvicenia-zo-slovenskej-gramatiky\/","url":"https:\/\/talkpal.ai\/sk\/cvicenia-zo-slovenskej-gramatiky\/","name":"Cvi\u010denia zo slovenskej gramatiky - Talkpal","isPartOf":{"@id":"https:\/\/talkpal.ai\/sk\/#website"},"primaryImageOfPage":{"@id":"https:\/\/talkpal.ai\/sk\/cvicenia-zo-slovenskej-gramatiky\/#primaryimage"},"image":{"@id":"https:\/\/talkpal.ai\/sk\/cvicenia-zo-slovenskej-gramatiky\/#primaryimage"},"thumbnailUrl":"https:\/\/talkpal.ai\/wp-content\/uploads\/2023\/05\/slovakia.png","datePublished":"2023-06-28T13:47:13+00:00","dateModified":"2025-12-17T15:05:13+00:00","description":"Zlep\u0161ite si znalosti slovenskej gramatiky pomocou interakt\u00edvnych cvi\u010den\u00ed ur\u010den\u00fdch pre v\u0161etky \u00farovne. Zlep\u0161ite svoje jazykov\u00e9 znalosti e\u0161te dnes!","breadcrumb":{"@id":"https:\/\/talkpal.ai\/sk\/cvicenia-zo-slovenskej-gramatiky\/#breadcrumb"},"inLanguage":"sk-SK","potentialAction":[{"@type":"ReadAction","target":["https:\/\/talkpal.ai\/sk\/cvicenia-zo-slovenskej-gramatiky\/"]}]},{"@type":"ImageObject","inLanguage":"sk-SK","@id":"https:\/\/talkpal.ai\/sk\/cvicenia-zo-slovenskej-gramatiky\/#primaryimage","url":"https:\/\/talkpal.ai\/wp-content\/uploads\/2023\/05\/slovakia.png","contentUrl":"https:\/\/talkpal.ai\/wp-content\/uploads\/2023\/05\/slovakia.png","width":512,"height":512},{"@type":"BreadcrumbList","@id":"https:\/\/talkpal.ai\/sk\/cvicenia-zo-slovenskej-gramatiky\/#breadcrumb","itemListElement":[{"@type":"ListItem","position":1,"name":"Homepage","item":"https:\/\/talkpal.ai\/sk\/"},{"@type":"ListItem","position":2,"name":"Cvi\u010denia zo slovenskej gramatiky"}]},{"@type":"WebSite","@id":"https:\/\/talkpal.ai\/sk\/#website","url":"https:\/\/talkpal.ai\/sk\/","name":"Talkpal","description":"AI Language Learning","publisher":{"@id":"https:\/\/talkpal.ai\/sk\/#organization"},"alternateName":"Talkpal AI","potentialAction":[{"@type":"SearchAction","target":{"@type":"EntryPoint","urlTemplate":"https:\/\/talkpal.ai\/sk\/?s={search_term_string}"},"query-input":{"@type":"PropertyValueSpecification","valueRequired":true,"valueName":"search_term_string"}}],"inLanguage":"sk-SK"},{"@type":"Organization","@id":"https:\/\/talkpal.ai\/sk\/#organization","name":"Talkpal, Inc.","alternateName":"Talkpal AI","url":"https:\/\/talkpal.ai\/sk\/","logo":{"@type":"ImageObject","inLanguage":"sk-SK","@id":"https:\/\/talkpal.ai\/sk\/#\/schema\/logo\/image\/","url":"https:\/\/talkpal.ai\/wp-content\/uploads\/2024\/03\/Talkpal-Logo-Icon.png","contentUrl":"https:\/\/talkpal.ai\/wp-content\/uploads\/2024\/03\/Talkpal-Logo-Icon.png","width":2880,"height":2880,"caption":"Talkpal, Inc."},"image":{"@id":"https:\/\/talkpal.ai\/sk\/#\/schema\/logo\/image\/"},"sameAs":["https:\/\/www.facebook.com\/profile.php?id=100090733639311","https:\/\/x.com\/talkpalai","https:\/\/www.linkedin.com\/company\/talkpal\/","https:\/\/www.youtube.com\/@TalkPal\/","https:\/\/www.tiktok.com\/@talkpal","https:\/\/www.instagram.com\/talkpal_ai\/","https:\/\/www.crunchbase.com\/organization\/talkpal-9cde","https:\/\/www.g2.com\/products\/talkpal-for-business\/","https:\/\/www.trustpilot.com\/review\/talkpal.ai","https:\/\/www.capterra.com\/p\/10006800\/TalkPal\/"],"description":"Talkpal is a language learning web and mobile education app, powered by the latest AI technologies, that provides engaging experiences to its customers in many different languages to help them improve their language skills. Users can chat about unlimited amount of topics with the app and use other modes to practice their language learning.","email":"support@talkpal.ai","legalName":"Talkpal, Inc.","foundingDate":"2023-04-03","duns":"118989042","numberOfEmployees":{"@type":"QuantitativeValue","minValue":"11","maxValue":"50"},"publishingPrinciples":"https:\/\/talkpal.ai\/publishing-principles\/","actionableFeedbackPolicy":"https:\/\/talkpal.ai\/actionable-feedback-policy\/","correctionsPolicy":"https:\/\/talkpal.ai\/corrections-policy\/","ethicsPolicy":"https:\/\/talkpal.ai\/ethics-policy\/","diversityPolicy":"https:\/\/talkpal.ai\/diversity-policy\/","diversityStaffingReport":"https:\/\/talkpal.ai\/diversity-policy\/"}]}},"_links":{"self":[{"href":"https:\/\/talkpal.ai\/sk\/wp-json\/wp\/v2\/pages\/75203","targetHints":{"allow":["GET"]}}],"collection":[{"href":"https:\/\/talkpal.ai\/sk\/wp-json\/wp\/v2\/pages"}],"about":[{"href":"https:\/\/talkpal.ai\/sk\/wp-json\/wp\/v2\/types\/page"}],"author":[{"embeddable":true,"href":"https:\/\/talkpal.ai\/sk\/wp-json\/wp\/v2\/users\/6"}],"replies":[{"embeddable":true,"href":"https:\/\/talkpal.ai\/sk\/wp-json\/wp\/v2\/comments?post=75203"}],"version-history":[{"count":0,"href":"https:\/\/talkpal.ai\/sk\/wp-json\/wp\/v2\/pages\/75203\/revisions"}],"wp:featuredmedia":[{"embeddable":true,"href":"https:\/\/talkpal.ai\/sk\/wp-json\/wp\/v2\/media\/71533"}],"wp:attachment":[{"href":"https:\/\/talkpal.ai\/sk\/wp-json\/wp\/v2\/media?parent=75203"}],"curies":[{"name":"wp","href":"https:\/\/api.w.org\/{rel}","templated":true}]}}