{"id":506447,"date":"2023-04-03T15:47:36","date_gmt":"2023-04-03T15:47:36","guid":{"rendered":"https:\/\/talkpal.ai\/tlac\/"},"modified":"2025-06-17T16:28:57","modified_gmt":"2025-06-17T16:28:57","slug":"tlac","status":"publish","type":"page","link":"https:\/\/talkpal.ai\/sk\/tlac\/","title":{"rendered":"Tla\u010d"},"content":{"rendered":"<h1>\u00dadaje, fakty, \u010d\u00edsla<\/h1>\n<p>Vitajte na tla\u010dovej str\u00e1nke <a href=\"https:\/\/talkpal.ai\/ko\/ai-%ec%96%b8%ec%96%b4-%ea%b5%90%ec%82%ac\/\">Talkpal<\/a>, kde poskytujeme novin\u00e1rom a pracovn\u00edkom m\u00e9di\u00ed pr\u00edstup k exkluz\u00edvnym inform\u00e1ci\u00e1m, \u00fadajom a aktualiz\u00e1ci\u00e1m o na\u0161ej inovat\u00edvnej platforme na <a href=\"https:\/\/talkpal.ai\/sk\/ucenie-jazykov-nebolo-s-umelou-inteligenciou-nikdy-take-jednoduche\/\">u\u010denie jazykov<\/a>. Te\u0161\u00edme sa, \u017ee sa s vami m\u00f4\u017eeme podeli\u0165 o n\u00e1\u0161 pr\u00edbeh, a zav\u00e4zujeme sa poskytova\u0165 presn\u00e9 a aktu\u00e1lne inform\u00e1cie, ktor\u00e9 v\u00e1m pom\u00f4\u017eu vytv\u00e1ra\u0165 p\u00fatav\u00fd obsah.<\/p>\n<p>\t\t\t\t<svg aria-hidden=\"true\" viewBox=\"0 0 384 512\" xmlns=\"http:\/\/www.w3.org\/2000\/svg\"><path d=\"M224 136V0H24C10.7 0 0 10.7 0 24v464c0 13.3 10.7 24 24 24h336c13.3 0 24-10.7 24-24V160H248c-13.2 0-24-10.8-24-24zm65.18 216.01H224v80c0 8.84-7.16 16-16 16h-32c-8.84 0-16-7.16-16-16v-80H94.82c-14.28 0-21.41-17.29-11.27-27.36l96.42-95.7c6.65-6.61 17.39-6.61 24.04 0l96.42 95.7c10.15 10.07 3.03 27.36-11.25 27.36zM377 105L279.1 7c-4.5-4.5-10.6-7-17-7H256v128h128v-6.1c0-6.3-2.5-12.4-7-16.9z\"><\/path><\/svg>\t\t\t\t<\/p>\n<h3>\n\t\t\t\t\t\t\tExkluz\u00edvne \u00fadaje a poznatky<br \/>\n\t\t\t\t\t<\/h3>\n<p>\n\t\t\t\t\t\tCh\u00e1peme d\u00f4le\u017eitos\u0165 presn\u00fdch a aktu\u00e1lnych \u00fadajov pri vytv\u00e1ran\u00ed presved\u010div\u00fdch pr\u00edbehov. Obr\u00e1\u0165te sa na n\u00e1\u0161 t\u00edm pre styk s m\u00e9diami na adrese info@talkpal.ai a vy\u017eiadajte si ak\u00e9ko\u013evek inform\u00e1cie alebo \u00fadaje, ktor\u00e9 by ste mohli potrebova\u0165.\t\t\t\t\t<\/p>\n<p>\t\t\t\t<svg aria-hidden=\"true\" viewBox=\"0 0 448 512\" xmlns=\"http:\/\/www.w3.org\/2000\/svg\"><path d=\"M352 320c-22.608 0-43.387 7.819-59.79 20.895l-102.486-64.054a96.551 96.551 0 0 0 0-41.683l102.486-64.054C308.613 184.181 329.392 192 352 192c53.019 0 96-42.981 96-96S405.019 0 352 0s-96 42.981-96 96c0 7.158.79 14.13 2.276 20.841L155.79 180.895C139.387 167.819 118.608 160 96 160c-53.019 0-96 42.981-96 96s42.981 96 96 96c22.608 0 43.387-7.819 59.79-20.895l102.486 64.054A96.301 96.301 0 0 0 256 416c0 53.019 42.981 96 96 96s96-42.981 96-96-42.981-96-96-96z\"><\/path><\/svg>\t\t\t\t<\/p>\n<h3>\n\t\t\t\t\t\t\tZosta\u0148te v spojen\u00ed s Talkpal<br \/>\n\t\t\t\t\t<\/h3>\n<p>\n\t\t\t\t\t\tOdpor\u00fa\u010dame novin\u00e1rom, aby s nami zostali v <a href=\"https:\/\/talkpal.ai\/contact\/\">kontakte<\/a> a z\u00edskavali najnov\u0161ie spr\u00e1vy, aktualiz\u00e1cie a ozn\u00e1menia. Sledujte n\u00e1s na na\u0161ich soci\u00e1lnych sie\u0165ach a z\u00edskajte exkluz\u00edvne inform\u00e1cie o svete <a href=\"https:\/\/talkpal.ai\/ko\/ai-%ec%96%b8%ec%96%b4-%ea%b5%90%ec%82%ac\/\">Talkpal<\/a>.\t\t\t\t\t<\/p>\n<p>\t\t\t\t\t<a role=\"button\"><br \/>\n\t\t\t\t\t\t\t\t\tsk\u00faste talkpal<br \/>\n\t\t\t\t\t<\/a><\/p>\n<h2>Tla\u010dov\u00e1 s\u00faprava<\/h2>\n<p>Pre va\u0161e pohodlie sme vytvorili komplexn\u00fa medi\u00e1lnu sadu, ktor\u00e1 obsahuje log\u00e1 vo vysokom rozl\u00ed\u0161en\u00ed, obr\u00e1zky a \u010fal\u0161ie zdroje, ktor\u00e9 v\u00e1m pom\u00f4\u017eu vytvori\u0165 vizu\u00e1lne p\u00fatav\u00fd obsah. M\u00f4\u017eete si stiahnu\u0165 na\u0161u medi\u00e1lnu s\u00fapravu<\/p>\n<h2>Tla\u010dov\u00e1 s\u00faprava<\/h2>\n<p>Pre va\u0161e pohodlie sme vytvorili komplexn\u00fa medi\u00e1lnu sadu, ktor\u00e1 obsahuje log\u00e1 vo vysokom rozl\u00ed\u0161en\u00ed, obr\u00e1zky a \u010fal\u0161ie zdroje, ktor\u00e9 v\u00e1m pom\u00f4\u017eu vytvori\u0165 vizu\u00e1lne p\u00fatav\u00fd obsah. M\u00f4\u017eete si stiahnu\u0165 na\u0161u medi\u00e1lnu s\u00fapravu<\/p>\n<p>\t\t\t\t\t<a href=\"https:\/\/talkpal.ai\/wp-content\/uploads\/2024\/03\/Talkpal-Press-Kit.zip\"><br \/>\n\t\t\t\t\t\t\t\t\tStiahnite si tla\u010dov\u00fa s\u00fapravu<br \/>\n\t\t\t\t\t<\/a><\/p>\n","protected":false},"excerpt":{"rendered":"<p>\u00dadaje, fakty, \u010d\u00edsla Vitajte na tla\u010dovej str\u00e1nke Talkpal, kde poskytujeme novin\u00e1rom a pracovn\u00edkom m\u00e9di\u00ed pr\u00edstup k exkluz\u00edvnym inform\u00e1ci\u00e1m, \u00fadajom a aktualiz\u00e1ci\u00e1m o na\u0161ej inovat\u00edvnej platforme na u\u010denie jazykov. Te\u0161\u00edme sa, \u017ee sa s vami m\u00f4\u017eeme podeli\u0165 o n\u00e1\u0161 pr\u00edbeh, a zav\u00e4zujeme sa poskytova\u0165 presn\u00e9 a aktu\u00e1lne inform\u00e1cie, ktor\u00e9 v\u00e1m pom\u00f4\u017eu vytv\u00e1ra\u0165 p\u00fatav\u00fd obsah. Exkluz\u00edvne \u00fadaje [&hellip;]<\/p>\n","protected":false},"author":1,"featured_media":197979,"parent":0,"menu_order":0,"comment_status":"closed","ping_status":"closed","template":"press-releases-page.php","meta":{"_acf_changed":false,"footnotes":""},"class_list":["post-506447","page","type-page","status-publish","has-post-thumbnail","hentry"],"acf":[],"yoast_head":"<!-- This site is optimized with the Yoast SEO Premium plugin v27.2 (Yoast SEO v27.2) - https:\/\/yoast.com\/product\/yoast-seo-premium-wordpress\/ -->\n<title>Tla\u010d - Talkpal<\/title>\n<meta name=\"description\" content=\"Presk\u00famajte najnov\u0161ie tla\u010dov\u00e9 inform\u00e1cie o Talkpal. Z\u00edskajte pr\u00edstup k exkluz\u00edvnym aktualiz\u00e1ci\u00e1m a \u00fadajom pre potreby rozpr\u00e1vania pr\u00edbehov.\" \/>\n<meta name=\"robots\" content=\"index, follow, max-snippet:-1, max-image-preview:large, max-video-preview:-1\" \/>\n<link rel=\"canonical\" href=\"https:\/\/talkpal.ai\/sk\/tlac\/\" \/>\n<meta property=\"og:locale\" content=\"sk_SK\" \/>\n<meta property=\"og:type\" content=\"article\" \/>\n<meta property=\"og:title\" content=\"Tla\u010d\" \/>\n<meta property=\"og:description\" content=\"\u00dadaje, fakty, \u010d\u00edsla Vitajte na tla\u010dovej str\u00e1nke Talkpal, kde poskytujeme novin\u00e1rom a pracovn\u00edkom m\u00e9di\u00ed pr\u00edstup k exkluz\u00edvnym inform\u00e1ci\u00e1m, \u00fadajom a\" \/>\n<meta property=\"og:url\" content=\"https:\/\/talkpal.ai\/sk\/tlac\/\" \/>\n<meta property=\"og:site_name\" content=\"Talkpal\" \/>\n<meta property=\"article:publisher\" content=\"https:\/\/www.facebook.com\/profile.php?id=100090733639311\" \/>\n<meta property=\"article:modified_time\" content=\"2025-06-17T16:28:57+00:00\" \/>\n<meta property=\"og:image\" content=\"https:\/\/talkpal.ai\/wp-content\/uploads\/2024\/03\/Talkpal-Logo-Icon.png\" \/>\n\t<meta property=\"og:image:width\" content=\"5000\" \/>\n\t<meta property=\"og:image:height\" content=\"5000\" \/>\n\t<meta property=\"og:image:type\" content=\"image\/png\" \/>\n<meta name=\"twitter:card\" content=\"summary_large_image\" \/>\n<meta name=\"twitter:site\" content=\"@talkpalai\" \/>\n<meta name=\"twitter:label1\" content=\"Predpokladan\u00fd \u010das \u010d\u00edtania\" \/>\n\t<meta name=\"twitter:data1\" content=\"1 min\u00fata\" \/>\n<script type=\"application\/ld+json\" class=\"yoast-schema-graph\">{\"@context\":\"https:\/\/schema.org\",\"@graph\":[{\"@type\":\"WebPage\",\"@id\":\"https:\/\/talkpal.ai\/sk\/tlac\/\",\"url\":\"https:\/\/talkpal.ai\/sk\/tlac\/\",\"name\":\"Tla\u010d - Talkpal\",\"isPartOf\":{\"@id\":\"https:\/\/talkpal.ai\/sk\/#website\"},\"primaryImageOfPage\":{\"@id\":\"https:\/\/talkpal.ai\/sk\/tlac\/#primaryimage\"},\"image\":{\"@id\":\"https:\/\/talkpal.ai\/sk\/tlac\/#primaryimage\"},\"thumbnailUrl\":\"https:\/\/talkpal.ai\/wp-content\/uploads\/2024\/03\/Talkpal-Logo-Icon.png\",\"datePublished\":\"2023-04-03T15:47:36+00:00\",\"dateModified\":\"2025-06-17T16:28:57+00:00\",\"description\":\"Presk\u00famajte najnov\u0161ie tla\u010dov\u00e9 inform\u00e1cie o Talkpal. Z\u00edskajte pr\u00edstup k exkluz\u00edvnym aktualiz\u00e1ci\u00e1m a \u00fadajom pre potreby rozpr\u00e1vania pr\u00edbehov.\",\"breadcrumb\":{\"@id\":\"https:\/\/talkpal.ai\/sk\/tlac\/#breadcrumb\"},\"inLanguage\":\"sk-SK\",\"potentialAction\":[{\"@type\":\"ReadAction\",\"target\":[\"https:\/\/talkpal.ai\/sk\/tlac\/\"]}]},{\"@type\":\"ImageObject\",\"inLanguage\":\"sk-SK\",\"@id\":\"https:\/\/talkpal.ai\/sk\/tlac\/#primaryimage\",\"url\":\"https:\/\/talkpal.ai\/wp-content\/uploads\/2024\/03\/Talkpal-Logo-Icon.png\",\"contentUrl\":\"https:\/\/talkpal.ai\/wp-content\/uploads\/2024\/03\/Talkpal-Logo-Icon.png\",\"width\":5000,\"height\":5000,\"caption\":\"talkpal logo\"},{\"@type\":\"BreadcrumbList\",\"@id\":\"https:\/\/talkpal.ai\/sk\/tlac\/#breadcrumb\",\"itemListElement\":[{\"@type\":\"ListItem\",\"position\":1,\"name\":\"Homepage\",\"item\":\"https:\/\/talkpal.ai\/sk\/\"},{\"@type\":\"ListItem\",\"position\":2,\"name\":\"Tla\u010d\"}]},{\"@type\":\"WebSite\",\"@id\":\"https:\/\/talkpal.ai\/sk\/#website\",\"url\":\"https:\/\/talkpal.ai\/sk\/\",\"name\":\"Talkpal\",\"description\":\"AI Language Learning\",\"publisher\":{\"@id\":\"https:\/\/talkpal.ai\/sk\/#organization\"},\"alternateName\":\"Talkpal AI\",\"potentialAction\":[{\"@type\":\"SearchAction\",\"target\":{\"@type\":\"EntryPoint\",\"urlTemplate\":\"https:\/\/talkpal.ai\/sk\/?s={search_term_string}\"},\"query-input\":{\"@type\":\"PropertyValueSpecification\",\"valueRequired\":true,\"valueName\":\"search_term_string\"}}],\"inLanguage\":\"sk-SK\"},{\"@type\":\"Organization\",\"@id\":\"https:\/\/talkpal.ai\/sk\/#organization\",\"name\":\"Talkpal, Inc.\",\"alternateName\":\"Talkpal AI\",\"url\":\"https:\/\/talkpal.ai\/sk\/\",\"logo\":{\"@type\":\"ImageObject\",\"inLanguage\":\"sk-SK\",\"@id\":\"https:\/\/talkpal.ai\/sk\/#\/schema\/logo\/image\/\",\"url\":\"https:\/\/talkpal.ai\/wp-content\/uploads\/2024\/03\/Talkpal-Logo-Icon.png\",\"contentUrl\":\"https:\/\/talkpal.ai\/wp-content\/uploads\/2024\/03\/Talkpal-Logo-Icon.png\",\"width\":2880,\"height\":2880,\"caption\":\"Talkpal, Inc.\"},\"image\":{\"@id\":\"https:\/\/talkpal.ai\/sk\/#\/schema\/logo\/image\/\"},\"sameAs\":[\"https:\/\/www.facebook.com\/profile.php?id=100090733639311\",\"https:\/\/x.com\/talkpalai\",\"https:\/\/www.linkedin.com\/company\/talkpal\/\",\"https:\/\/www.youtube.com\/@TalkPal\/\",\"https:\/\/www.tiktok.com\/@talkpal\",\"https:\/\/www.instagram.com\/talkpal_ai\/\",\"https:\/\/www.crunchbase.com\/organization\/talkpal-9cde\",\"https:\/\/www.g2.com\/products\/talkpal-for-business\/\",\"https:\/\/www.trustpilot.com\/review\/talkpal.ai\",\"https:\/\/www.capterra.com\/p\/10006800\/TalkPal\/\"],\"description\":\"Talkpal is a language learning web and mobile education app, powered by the latest AI technologies, that provides engaging experiences to its customers in many different languages to help them improve their language skills. Users can chat about unlimited amount of topics with the app and use other modes to practice their language learning.\",\"email\":\"support@talkpal.ai\",\"legalName\":\"Talkpal, Inc.\",\"foundingDate\":\"2023-04-03\",\"duns\":\"118989042\",\"numberOfEmployees\":{\"@type\":\"QuantitativeValue\",\"minValue\":\"11\",\"maxValue\":\"50\"},\"publishingPrinciples\":\"https:\/\/talkpal.ai\/publishing-principles\/\",\"actionableFeedbackPolicy\":\"https:\/\/talkpal.ai\/actionable-feedback-policy\/\",\"correctionsPolicy\":\"https:\/\/talkpal.ai\/corrections-policy\/\",\"ethicsPolicy\":\"https:\/\/talkpal.ai\/ethics-policy\/\",\"diversityPolicy\":\"https:\/\/talkpal.ai\/diversity-policy\/\",\"diversityStaffingReport\":\"https:\/\/talkpal.ai\/diversity-policy\/\"}]}<\/script>\n<!-- \/ Yoast SEO Premium plugin. -->","yoast_head_json":{"title":"Tla\u010d - Talkpal","description":"Presk\u00famajte najnov\u0161ie tla\u010dov\u00e9 inform\u00e1cie o Talkpal. Z\u00edskajte pr\u00edstup k exkluz\u00edvnym aktualiz\u00e1ci\u00e1m a \u00fadajom pre potreby rozpr\u00e1vania pr\u00edbehov.","robots":{"index":"index","follow":"follow","max-snippet":"max-snippet:-1","max-image-preview":"max-image-preview:large","max-video-preview":"max-video-preview:-1"},"canonical":"https:\/\/talkpal.ai\/sk\/tlac\/","og_locale":"sk_SK","og_type":"article","og_title":"Tla\u010d","og_description":"\u00dadaje, fakty, \u010d\u00edsla Vitajte na tla\u010dovej str\u00e1nke Talkpal, kde poskytujeme novin\u00e1rom a pracovn\u00edkom m\u00e9di\u00ed pr\u00edstup k exkluz\u00edvnym inform\u00e1ci\u00e1m, \u00fadajom a","og_url":"https:\/\/talkpal.ai\/sk\/tlac\/","og_site_name":"Talkpal","article_publisher":"https:\/\/www.facebook.com\/profile.php?id=100090733639311","article_modified_time":"2025-06-17T16:28:57+00:00","og_image":[{"width":5000,"height":5000,"url":"https:\/\/talkpal.ai\/wp-content\/uploads\/2024\/03\/Talkpal-Logo-Icon.png","type":"image\/png"}],"twitter_card":"summary_large_image","twitter_site":"@talkpalai","twitter_misc":{"Predpokladan\u00fd \u010das \u010d\u00edtania":"1 min\u00fata"},"schema":{"@context":"https:\/\/schema.org","@graph":[{"@type":"WebPage","@id":"https:\/\/talkpal.ai\/sk\/tlac\/","url":"https:\/\/talkpal.ai\/sk\/tlac\/","name":"Tla\u010d - Talkpal","isPartOf":{"@id":"https:\/\/talkpal.ai\/sk\/#website"},"primaryImageOfPage":{"@id":"https:\/\/talkpal.ai\/sk\/tlac\/#primaryimage"},"image":{"@id":"https:\/\/talkpal.ai\/sk\/tlac\/#primaryimage"},"thumbnailUrl":"https:\/\/talkpal.ai\/wp-content\/uploads\/2024\/03\/Talkpal-Logo-Icon.png","datePublished":"2023-04-03T15:47:36+00:00","dateModified":"2025-06-17T16:28:57+00:00","description":"Presk\u00famajte najnov\u0161ie tla\u010dov\u00e9 inform\u00e1cie o Talkpal. Z\u00edskajte pr\u00edstup k exkluz\u00edvnym aktualiz\u00e1ci\u00e1m a \u00fadajom pre potreby rozpr\u00e1vania pr\u00edbehov.","breadcrumb":{"@id":"https:\/\/talkpal.ai\/sk\/tlac\/#breadcrumb"},"inLanguage":"sk-SK","potentialAction":[{"@type":"ReadAction","target":["https:\/\/talkpal.ai\/sk\/tlac\/"]}]},{"@type":"ImageObject","inLanguage":"sk-SK","@id":"https:\/\/talkpal.ai\/sk\/tlac\/#primaryimage","url":"https:\/\/talkpal.ai\/wp-content\/uploads\/2024\/03\/Talkpal-Logo-Icon.png","contentUrl":"https:\/\/talkpal.ai\/wp-content\/uploads\/2024\/03\/Talkpal-Logo-Icon.png","width":5000,"height":5000,"caption":"talkpal logo"},{"@type":"BreadcrumbList","@id":"https:\/\/talkpal.ai\/sk\/tlac\/#breadcrumb","itemListElement":[{"@type":"ListItem","position":1,"name":"Homepage","item":"https:\/\/talkpal.ai\/sk\/"},{"@type":"ListItem","position":2,"name":"Tla\u010d"}]},{"@type":"WebSite","@id":"https:\/\/talkpal.ai\/sk\/#website","url":"https:\/\/talkpal.ai\/sk\/","name":"Talkpal","description":"AI Language Learning","publisher":{"@id":"https:\/\/talkpal.ai\/sk\/#organization"},"alternateName":"Talkpal AI","potentialAction":[{"@type":"SearchAction","target":{"@type":"EntryPoint","urlTemplate":"https:\/\/talkpal.ai\/sk\/?s={search_term_string}"},"query-input":{"@type":"PropertyValueSpecification","valueRequired":true,"valueName":"search_term_string"}}],"inLanguage":"sk-SK"},{"@type":"Organization","@id":"https:\/\/talkpal.ai\/sk\/#organization","name":"Talkpal, Inc.","alternateName":"Talkpal AI","url":"https:\/\/talkpal.ai\/sk\/","logo":{"@type":"ImageObject","inLanguage":"sk-SK","@id":"https:\/\/talkpal.ai\/sk\/#\/schema\/logo\/image\/","url":"https:\/\/talkpal.ai\/wp-content\/uploads\/2024\/03\/Talkpal-Logo-Icon.png","contentUrl":"https:\/\/talkpal.ai\/wp-content\/uploads\/2024\/03\/Talkpal-Logo-Icon.png","width":2880,"height":2880,"caption":"Talkpal, Inc."},"image":{"@id":"https:\/\/talkpal.ai\/sk\/#\/schema\/logo\/image\/"},"sameAs":["https:\/\/www.facebook.com\/profile.php?id=100090733639311","https:\/\/x.com\/talkpalai","https:\/\/www.linkedin.com\/company\/talkpal\/","https:\/\/www.youtube.com\/@TalkPal\/","https:\/\/www.tiktok.com\/@talkpal","https:\/\/www.instagram.com\/talkpal_ai\/","https:\/\/www.crunchbase.com\/organization\/talkpal-9cde","https:\/\/www.g2.com\/products\/talkpal-for-business\/","https:\/\/www.trustpilot.com\/review\/talkpal.ai","https:\/\/www.capterra.com\/p\/10006800\/TalkPal\/"],"description":"Talkpal is a language learning web and mobile education app, powered by the latest AI technologies, that provides engaging experiences to its customers in many different languages to help them improve their language skills. Users can chat about unlimited amount of topics with the app and use other modes to practice their language learning.","email":"support@talkpal.ai","legalName":"Talkpal, Inc.","foundingDate":"2023-04-03","duns":"118989042","numberOfEmployees":{"@type":"QuantitativeValue","minValue":"11","maxValue":"50"},"publishingPrinciples":"https:\/\/talkpal.ai\/publishing-principles\/","actionableFeedbackPolicy":"https:\/\/talkpal.ai\/actionable-feedback-policy\/","correctionsPolicy":"https:\/\/talkpal.ai\/corrections-policy\/","ethicsPolicy":"https:\/\/talkpal.ai\/ethics-policy\/","diversityPolicy":"https:\/\/talkpal.ai\/diversity-policy\/","diversityStaffingReport":"https:\/\/talkpal.ai\/diversity-policy\/"}]}},"_links":{"self":[{"href":"https:\/\/talkpal.ai\/sk\/wp-json\/wp\/v2\/pages\/506447","targetHints":{"allow":["GET"]}}],"collection":[{"href":"https:\/\/talkpal.ai\/sk\/wp-json\/wp\/v2\/pages"}],"about":[{"href":"https:\/\/talkpal.ai\/sk\/wp-json\/wp\/v2\/types\/page"}],"author":[{"embeddable":true,"href":"https:\/\/talkpal.ai\/sk\/wp-json\/wp\/v2\/users\/1"}],"replies":[{"embeddable":true,"href":"https:\/\/talkpal.ai\/sk\/wp-json\/wp\/v2\/comments?post=506447"}],"version-history":[{"count":0,"href":"https:\/\/talkpal.ai\/sk\/wp-json\/wp\/v2\/pages\/506447\/revisions"}],"wp:featuredmedia":[{"embeddable":true,"href":"https:\/\/talkpal.ai\/sk\/wp-json\/wp\/v2\/media\/197979"}],"wp:attachment":[{"href":"https:\/\/talkpal.ai\/sk\/wp-json\/wp\/v2\/media?parent=506447"}],"curies":[{"name":"wp","href":"https:\/\/api.w.org\/{rel}","templated":true}]}}