{"id":167010,"date":"2023-04-03T14:56:00","date_gmt":"2023-04-03T14:56:00","guid":{"rendered":"http:\/\/talkpal.ai\/o-stranke\/"},"modified":"2026-03-06T16:33:36","modified_gmt":"2026-03-06T16:33:36","slug":"o-stranke","status":"publish","type":"page","link":"https:\/\/talkpal.ai\/sk\/o-stranke\/","title":{"rendered":"O str\u00e1nke"},"content":{"rendered":"\n<p id=\"h-\"><a href=\"https:\/\/talkpal.ai\/ko\/ai-%ec%96%b8%ec%96%b4-%ea%b5%90%ec%82%ac\/\">Talkpal<\/a>, Inc. je spolo\u010dnos\u0165, ktor\u00e1 sa zaober\u00e1 u\u010den\u00edm jazykov pomocou umelej inteligencie a ktorej cie\u013eom je spr\u00edstupni\u0165 pou\u017e\u00edvanie ak\u00e9hoko\u013evek jazyka ka\u017ed\u00e9mu a v\u0161ade. Spolo\u010dnos\u0165 Talkpal vyv\u00edja jednu z najpokro\u010dilej\u0161\u00edch platforiem pre v\u00fdu\u010dbu jazykov s umelou inteligenciou na svete, ktor\u00e1 pom\u00e1ha mili\u00f3nom u\u010diacich sa s istotou precvi\u010dova\u0165 skuto\u010dn\u00e9 konverz\u00e1cie.<\/p>\n\n<p>Spolo\u010dnos\u0165 Talkpal bola zalo\u017een\u00e1 v roku 2023 na z\u00e1klade jednoduch\u00e9ho, ale siln\u00e9ho presved\u010denia: <a href=\"https:\/\/talkpal.ai\/sk\/ucenie\/\">u\u010denie sa<\/a> jazykov by nemalo by\u0165 v\u00fdsadou a malo by by\u0165 dostupn\u00e9 pre ka\u017ed\u00e9ho. Kombin\u00e1ciou \u0161pi\u010dkovej umelej inteligencie s jazykov\u00fdmi odborn\u00fdmi znalos\u0165ami a v\u00fdskumom Talkpal odstra\u0148uje tradi\u010dn\u00e9 prek\u00e1\u017eky, ako s\u00fa n\u00e1klady, \u010das a strach z rozpr\u00e1vania, a nahr\u00e1dza ich personalizovan\u00fdm cvi\u010den\u00edm bez n\u00e1tlaku, ktor\u00e9 je k dispoz\u00edcii na viacer\u00fdch platform\u00e1ch 24 hod\u00edn denne, 7 dn\u00ed v t\u00fd\u017edni.<\/p>\n\n<p>V s\u00fa\u010dasnosti Talkpal podporuje viac ako 80 jazykov, sl\u00fa\u017ei mili\u00f3nom \u0161tudentov vo viac ako 180 krajin\u00e1ch a je dostupn\u00fd na webe, v syst\u00e9moch <a href=\"https:\/\/talkpal.ai\/es\/descargar-la-aplicacion-talkpal-para-android-e-ios\/\">iOS<\/a> a <a href=\"https:\/\/talkpal.ai\/es\/descargar-la-aplicacion-talkpal-para-android-e-ios\/\">Android<\/a>.<\/p>\n\n<h2 class=\"wp-block-heading\" id=\"h-our-mission\">Na\u0161e poslanie<\/h2>\n\n<p>Na\u0161\u00edm poslan\u00edm je revolu\u010dn\u00fdm sp\u00f4sobom zmeni\u0165 u\u010denie sa jazykov poskytovan\u00edm p\u00fatav\u00e9ho, interakt\u00edvneho a personalizovan\u00e9ho jazykov\u00e9ho dou\u010dovania na b\u00e1ze umelej inteligencie.<br\/><br\/>Sna\u017e\u00edme sa prelomi\u0165 jazykov\u00e9 bari\u00e9ry, podporova\u0165 glob\u00e1lne spojenia a kultivova\u0165 komunitu v\u00e1\u0161niv\u00fdch \u0161tudentov, \u010do im umo\u017e\u0148uje komunikova\u0165 sebavedomo a plynule vo zvolenom jazyku.<\/p>\n\n<h2 class=\"wp-block-heading\" id=\"h-our-vision\">Na\u0161a v\u00edzia<\/h2>\n\n<p>Na\u0161ou v\u00edziou je sta\u0165 sa popredn\u00fdm svetov\u00fdm jazykov\u00fdm lektorom s umelou inteligenciou a zmeni\u0165 sp\u00f4sob, ak\u00fdm sa \u013eudia u\u010dia <a href=\"https:\/\/talkpal.ai\/what-language-is-spoken-on-the-international-space-station\/\">jazyky<\/a>, prostredn\u00edctvom pohlcuj\u00facich kontextov\u00fdch konverz\u00e1ci\u00ed a adapt\u00edvnej technol\u00f3gie u\u010denia.<br\/><br\/>Na\u0161\u00edm cie\u013eom je in\u0161pirova\u0165 a pestova\u0165 l\u00e1sku k jazykov\u00e9mu vzdel\u00e1vaniu, podporova\u0165 kult\u00farnu v\u00fdmenu a preklen\u00fa\u0165 komunika\u010dn\u00fa priepas\u0165 naprie\u010d hranicami, \u010do v kone\u010dnom d\u00f4sledku formuje prepojenej\u0161\u00ed a porozumenej\u0161\u00ed svet.<\/p>\n\n<h2 class=\"wp-block-heading\" id=\"h-our-story\">N\u00e1\u0161 pr\u00edbeh<\/h2>\n\n<p>Spolo\u010dnos\u0165 Talkpal zalo\u017eili <a href=\"https:\/\/talkpal.ai\/locations\/language-courses-in-david\/\">David<\/a> Gegechkori (na obr\u00e1zku v\u013eavo) a Dimitri Dekanozishvili (na obr\u00e1zku vpravo), ktor\u00fdch viedla spolo\u010dn\u00e1 frustr\u00e1cia z tradi\u010dn\u00fdch met\u00f3d v\u00fdu\u010dby jazykov, ktor\u00e9 \u010dasto nedok\u00e1\u017eu pripravi\u0165 \u0161tudentov na re\u00e1lny prejav.<\/p>\n\n<div class=\"wp-block-columns is-layout-flex wp-container-core-columns-is-layout-9d6595d7 wp-block-columns-is-layout-flex\">\n<div class=\"wp-block-column is-layout-flow wp-block-column-is-layout-flow\" style=\"flex-basis:50%\"><div class=\"wp-block-image\">\n<figure class=\"alignleft size-large\"><img decoding=\"async\" width=\"1024\" height=\"683\" src=\"https:\/\/talkpal.ai\/wp-content\/uploads\/2025\/12\/Talkpal-Entrepreneur-1024x683.jpg\" alt=\"\" class=\"wp-image-1557444\" style=\"aspect-ratio:1.4992888417882142\" srcset=\"https:\/\/talkpal.ai\/wp-content\/uploads\/2025\/12\/Talkpal-Entrepreneur-1024x683.jpg 1024w, https:\/\/talkpal.ai\/wp-content\/uploads\/2025\/12\/Talkpal-Entrepreneur-300x200.jpg 300w, https:\/\/talkpal.ai\/wp-content\/uploads\/2025\/12\/Talkpal-Entrepreneur-768x512.jpg 768w, https:\/\/talkpal.ai\/wp-content\/uploads\/2025\/12\/Talkpal-Entrepreneur.jpg 1344w\" sizes=\"(max-width: 1024px) 100vw, 1024px\" \/><\/figure>\n<\/div><\/div>\n\n\n\n<div class=\"wp-block-column is-layout-flow wp-block-column-is-layout-flow\" style=\"flex-basis:50%\">\n<p>Cie\u013e bol od za\u010diatku jasn\u00fd: vytvori\u0165 jazykov\u00e9ho spolo\u010dn\u00edka s umelou inteligenciou, ktor\u00fd sa nebude podoba\u0165 na u\u010debnicu, ale sk\u00f4r na podporn\u00e9ho partnera na konverz\u00e1ciu. N\u00e1zov &#8222;Talkpal&#8220; odr\u00e1\u017ea t\u00fato filozofiu &#8211; je to priate\u013esk\u00fd, v\u017edy dostupn\u00fd spolo\u010dn\u00edk, ktor\u00fd povzbudzuje \u0161tudentov, aby si precvi\u010dili re\u010d bez strachu z ods\u00fadenia.<\/p>\n\n\n\n<p>Talkpal za\u010dal ako webov\u00fd produkt, r\u00fdchlo sa roz\u0161\u00edril na mobiln\u00e9 platformy a vytvoril glob\u00e1lny t\u00edm in\u017einierov umelej inteligencie, lingvistov, pedag\u00f3gov, market\u00e9rov a produktov\u00fdch dizajn\u00e9rov. V\u010faka neust\u00e1lemu opakovaniu, v\u00fdskumu a sp\u00e4tnej v\u00e4zbe od pou\u017e\u00edvate\u013eov sa Talkpal vyvinul na komplexn\u00fa platformu na <a href=\"https:\/\/talkpal.ai\/sk\/ucenie-jazykov-nebolo-s-umelou-inteligenciou-nikdy-take-jednoduche\/\">u\u010denie jazykov<\/a> s umelou inteligenciou, ktorej d\u00f4veruj\u00fa mili\u00f3ny \u013eud\u00ed na celom svete.<\/p>\n<\/div>\n<\/div>\n\n<h2 class=\"wp-block-heading\" id=\"h-what-we-do\">\u010co rob\u00edme<\/h2>\n\n<p>Talkpal poskytuje textov\u00e9 a hlasov\u00e9 u\u010denie na b\u00e1ze umelej inteligencie, ktor\u00e9 je navrhnut\u00e9 tak, aby simulovalo skuto\u010dn\u00fa interakciu s \u013eu\u010fmi. Na\u0161a platforma sa dynamicky prisp\u00f4sobuje \u00farovni, cie\u013eom a \u0161t\u00fdlu u\u010denia ka\u017ed\u00e9ho \u0161tudenta.<\/p>\n\n<p>Medzi k\u013e\u00fa\u010dov\u00e9 funkcie patria:<\/p>\n\n<ul class=\"wp-block-list\">\n<li>Prirodzen\u00e9 rozhovory s umelou inteligenciou na precvi\u010dovanie re\u010di<\/li>\n\n\n\n<li><a href=\"https:\/\/talkpal.ai\/contact\/\">Sp\u00e4tn\u00e1 v\u00e4zba<\/a> v re\u00e1lnom \u010dase o v\u00fdslovnosti, gramatike a plynulosti<\/li>\n\n\n\n<li>Podpora pre za\u010diato\u010dn\u00edkov a\u017e pokro\u010dil\u00fdch<\/li>\n\n\n\n<li>V\u00fdu\u010dba viac ako 80 svetov\u00fdch jazykov vr\u00e1tane angli\u010dtiny, \u0161paniel\u010diny, nem\u010diny, franc\u00faz\u0161tiny, talian\u010diny, japon\u010diny, \u010d\u00edn\u0161tiny, k\u00f3rej\u010diny, arab\u010diny, holand\u010diny, portugal\u010diny, \u0161v\u00e9d\u010diny, hebrej\u010diny, gr\u00e9\u010dtiny, ture\u010dtiny, f\u00edn\u010diny a afrik\u00e1n\u010diny, alb\u00e1n\u010diny, arm\u00e9n\u010diny, asam\u010diny, azerbajd\u017ean\u010diny, baski\u010dtiny, bieloru\u0161tiny, beng\u00e1l\u010diny, bosnian\u010diny, bulhar\u010diny, barm\u010diny, kanton\u010diny, katal\u00e1n\u010diny, chorv\u00e1t\u010diny, \u010de\u0161tiny, d\u00e1n\u010diny, est\u00f3n\u010diny, galicij\u010diny, gruz\u00edn\u010diny, gud\u017ear\u00e1t\u010diny, hind\u010diny, ma\u010far\u010dina, island\u010dina, indon\u00e9z\u0161tina, \u00edr\u010dina, d\u017eav\u00e1n\u010dina, kannad\u010dina, kaza\u0161tina, khm\u00e9r\u010dina, laos\u0161tina, loty\u0161tina, litov\u010dina, maced\u00f3n\u010dina, malaj\u010dina, malajalam\u010dina, malt\u010dina, maor\u010dina, mar\u00e1th\u010dina, mongol\u010dina, nep\u00e1l\u010dina, n\u00f3r\u010dina, odia, pa\u0161t\u00fan\u010dina, perz\u0161tina, po\u013e\u0161tina, pand\u017e\u00e1b\u010dina, rumun\u010dina, ru\u0161tina, srb\u010dina, sinh\u00e1l\u010dina, sloven\u010dina, slovin\u010dina, som\u00e1l\u010dina, svahil\u010dina, tagalog, tamil\u010dina, telug\u010dina, thaj\u010dina, ukrajin\u010dina, urd\u010dina, uzbe\u010dtina, vietnam\u010dina, vel\u0161tina, zulu a \u010fal\u0161ie<\/li>\n\n\n\n<li>Model freemium s flexibiln\u00fdmi pl\u00e1nmi predplatn\u00e9ho<\/li>\n\n\n\n<li>\u0160pecializovan\u00e9 podnikov\u00e9 rie\u0161enia pre univerzity, jazykov\u00e9 \u0161koly, firmy a in\u00e9 organiz\u00e1cie<\/li>\n<\/ul>\n\n<p>N\u00e1\u0161 obsah a syst\u00e9my vyv\u00edjame v spolupr\u00e1ci s odborn\u00edkmi na jazyky a v\u00fdskumn\u00edkmi v oblasti umelej inteligencie, \u010d\u00edm zabezpe\u010dujeme pedagogick\u00fa a technick\u00fa dokonalos\u0165.<\/p>\n\n<h2 class=\"wp-block-heading\" id=\"h-research-backed-learning\">V\u00fdskumom podlo\u017een\u00e9 u\u010denie<\/h2>\n\n<p>\u00da\u010dinnos\u0165 Talkpal bola sk\u00faman\u00e1 vo viacer\u00fdch vedeck\u00fdch \u0161t\u00fadi\u00e1ch, najm\u00e4 v kontexte ESL a EFL. V\u00fdskum preuk\u00e1zal \u0161tatisticky v\u00fdznamn\u00e9 zlep\u0161enie plynulosti rozpr\u00e1vania, v\u00fdslovnosti, gramatiky a sebad\u00f4very \u0161tudentov pri pou\u017e\u00edvan\u00ed konverza\u010dn\u00fdch n\u00e1strojov zalo\u017een\u00fdch na umelej inteligencii, ako je Talkpal.<\/p>\n\n<p>Tento pr\u00edstup zalo\u017een\u00fd na v\u00fdskume je z\u00e1kladom n\u00e1\u0161ho z\u00e1v\u00e4zku vytv\u00e1ra\u0165 nielen inovat\u00edvne technol\u00f3gie, ale aj merate\u013ene efekt\u00edvne jazykov\u00e9 vzdel\u00e1vanie.<\/p>\n\n<h2 class=\"wp-block-heading\" id=\"h-trusted-by-learners-worldwide\">D\u00f4veryhodn\u00e9 pre \u017eiakov na celom svete<\/h2>\n\n<p>Slu\u017eby Talkpal d\u00f4veruj\u00fa mili\u00f3ny pou\u017e\u00edvate\u013eov na celom svete a neust\u00e1le z\u00edskava vysok\u00e9 hodnotenia v obchodoch s aplik\u00e1ciami a na platform\u00e1ch s recenziami. \u017diaci \u010dasto zd\u00f4raz\u0148uj\u00fa:<\/p>\n\n<ul class=\"wp-block-list\">\n<li>Prostredie bez tlaku na n\u00e1cvik re\u010di<\/li>\n\n\n\n<li>Okam\u017eit\u00e1 a pou\u017eite\u013en\u00e1 sp\u00e4tn\u00e1 v\u00e4zba<\/li>\n\n\n\n<li>Flexibilita u\u010denia sa kedyko\u013evek a kdeko\u013evek<\/li>\n\n\n\n<li>Mo\u017enos\u0165 cvi\u010di\u0165 bez potreby \u013eudsk\u00e9ho jazykov\u00e9ho partnera<\/li>\n<\/ul>\n\n<h2 class=\"wp-block-heading\" id=\"h-our-commitment\">N\u00e1\u0161 z\u00e1v\u00e4zok<\/h2>\n\n<p>V spolo\u010dnosti Talkpal sme sa zaviazali:<\/p>\n\n<ul class=\"wp-block-list\">\n<li><strong>Inov\u00e1cie &#8211;<\/strong> neust\u00e1ly pokrok v oblasti umelej inteligencie a vzdel\u00e1vac\u00edch technol\u00f3gi\u00ed<\/li>\n\n\n\n<li><strong>Kvalita &#8211;<\/strong> v\u00fdskumom podlo\u017een\u00e9 vzdel\u00e1vacie sk\u00fasenosti<\/li>\n\n\n\n<li><strong>Dostupnos\u0165 &#8211;<\/strong> cenovo dostupn\u00e9 a inkluz\u00edvne jazykov\u00e9 vzdel\u00e1vanie pre v\u0161etk\u00fdch<\/li>\n\n\n\n<li><strong>Glob\u00e1lny vplyv &#8211;<\/strong> posilnenie komunik\u00e1cie medzi kult\u00farami<\/li>\n<\/ul>\n\n<p>Ver\u00edme, \u017ee jazyk m\u00e1 silu meni\u0165 \u017eivoty &#8211; a v\u010faka umelej inteligencii sa t\u00e1to sila m\u00f4\u017ee dosta\u0165 ku ka\u017ed\u00e9mu.<\/p>\n\n<p><\/p>\n","protected":false},"excerpt":{"rendered":"<p>Talkpal, Inc. je spolo\u010dnos\u0165, ktor\u00e1 sa zaober\u00e1 u\u010den\u00edm jazykov pomocou umelej inteligencie a ktorej cie\u013eom je spr\u00edstupni\u0165 pou\u017e\u00edvanie ak\u00e9hoko\u013evek jazyka ka\u017ed\u00e9mu a v\u0161ade. Spolo\u010dnos\u0165 Talkpal vyv\u00edja jednu z najpokro\u010dilej\u0161\u00edch platforiem pre v\u00fdu\u010dbu jazykov s umelou inteligenciou na svete, ktor\u00e1 pom\u00e1ha mili\u00f3nom u\u010diacich sa s istotou precvi\u010dova\u0165 skuto\u010dn\u00e9 konverz\u00e1cie. Spolo\u010dnos\u0165 Talkpal bola zalo\u017een\u00e1 v roku 2023 [&hellip;]<\/p>\n","protected":false},"author":1,"featured_media":197979,"parent":0,"menu_order":0,"comment_status":"closed","ping_status":"closed","template":"","meta":{"_acf_changed":false,"footnotes":""},"class_list":["post-167010","page","type-page","status-publish","has-post-thumbnail","hentry"],"acf":[],"yoast_head":"<!-- This site is optimized with the Yoast SEO Premium plugin v27.2 (Yoast SEO v27.2) - https:\/\/yoast.com\/product\/yoast-seo-premium-wordpress\/ -->\n<title>O str\u00e1nke - Talkpal<\/title>\n<meta name=\"description\" content=\"Talkpal je dou\u010dovate\u013e jazykov poh\u00e1\u0148an\u00fd pomocou GPT, ktor\u00fd bol zalo\u017een\u00fd s presved\u010den\u00edm, \u017ee u\u010denie sa jazykov by malo by\u0165 dostupn\u00e9 pre ka\u017ed\u00e9ho.\" \/>\n<meta name=\"robots\" content=\"index, follow, max-snippet:-1, max-image-preview:large, max-video-preview:-1\" \/>\n<link rel=\"canonical\" href=\"https:\/\/talkpal.ai\/sk\/o-stranke\/\" \/>\n<meta property=\"og:locale\" content=\"sk_SK\" \/>\n<meta property=\"og:type\" content=\"article\" \/>\n<meta property=\"og:title\" content=\"O str\u00e1nke\" \/>\n<meta property=\"og:description\" content=\"Talkpal, Inc. je spolo\u010dnos\u0165, ktor\u00e1 sa zaober\u00e1 u\u010den\u00edm jazykov pomocou umelej inteligencie a ktorej cie\u013eom je spr\u00edstupni\u0165 pou\u017e\u00edvanie ak\u00e9hoko\u013evek jazyka\" \/>\n<meta property=\"og:url\" content=\"https:\/\/talkpal.ai\/sk\/o-stranke\/\" \/>\n<meta property=\"og:site_name\" content=\"Talkpal\" \/>\n<meta property=\"article:publisher\" content=\"https:\/\/www.facebook.com\/profile.php?id=100090733639311\" \/>\n<meta property=\"article:modified_time\" content=\"2026-03-06T16:33:36+00:00\" \/>\n<meta property=\"og:image\" content=\"https:\/\/talkpal.ai\/wp-content\/uploads\/2024\/03\/Talkpal-Logo-Icon.png\" \/>\n\t<meta property=\"og:image:width\" content=\"5000\" \/>\n\t<meta property=\"og:image:height\" content=\"5000\" \/>\n\t<meta property=\"og:image:type\" content=\"image\/png\" \/>\n<meta name=\"twitter:card\" content=\"summary_large_image\" \/>\n<meta name=\"twitter:site\" content=\"@talkpalai\" \/>\n<meta name=\"twitter:label1\" content=\"Predpokladan\u00fd \u010das \u010d\u00edtania\" \/>\n\t<meta name=\"twitter:data1\" content=\"6 min\u00fat\" \/>\n<script type=\"application\/ld+json\" class=\"yoast-schema-graph\">{\"@context\":\"https:\/\/schema.org\",\"@graph\":[{\"@type\":\"WebPage\",\"@id\":\"https:\/\/talkpal.ai\/sk\/o-stranke\/\",\"url\":\"https:\/\/talkpal.ai\/sk\/o-stranke\/\",\"name\":\"O str\u00e1nke - Talkpal\",\"isPartOf\":{\"@id\":\"https:\/\/talkpal.ai\/sk\/#website\"},\"primaryImageOfPage\":{\"@id\":\"https:\/\/talkpal.ai\/sk\/o-stranke\/#primaryimage\"},\"image\":{\"@id\":\"https:\/\/talkpal.ai\/sk\/o-stranke\/#primaryimage\"},\"thumbnailUrl\":\"https:\/\/talkpal.ai\/wp-content\/uploads\/2024\/03\/Talkpal-Logo-Icon.png\",\"datePublished\":\"2023-04-03T14:56:00+00:00\",\"dateModified\":\"2026-03-06T16:33:36+00:00\",\"description\":\"Talkpal je dou\u010dovate\u013e jazykov poh\u00e1\u0148an\u00fd pomocou GPT, ktor\u00fd bol zalo\u017een\u00fd s presved\u010den\u00edm, \u017ee u\u010denie sa jazykov by malo by\u0165 dostupn\u00e9 pre ka\u017ed\u00e9ho.\",\"breadcrumb\":{\"@id\":\"https:\/\/talkpal.ai\/sk\/o-stranke\/#breadcrumb\"},\"inLanguage\":\"sk-SK\",\"potentialAction\":[{\"@type\":\"ReadAction\",\"target\":[\"https:\/\/talkpal.ai\/sk\/o-stranke\/\"]}]},{\"@type\":\"ImageObject\",\"inLanguage\":\"sk-SK\",\"@id\":\"https:\/\/talkpal.ai\/sk\/o-stranke\/#primaryimage\",\"url\":\"https:\/\/talkpal.ai\/wp-content\/uploads\/2024\/03\/Talkpal-Logo-Icon.png\",\"contentUrl\":\"https:\/\/talkpal.ai\/wp-content\/uploads\/2024\/03\/Talkpal-Logo-Icon.png\",\"width\":5000,\"height\":5000,\"caption\":\"talkpal logo\"},{\"@type\":\"BreadcrumbList\",\"@id\":\"https:\/\/talkpal.ai\/sk\/o-stranke\/#breadcrumb\",\"itemListElement\":[{\"@type\":\"ListItem\",\"position\":1,\"name\":\"Homepage\",\"item\":\"https:\/\/talkpal.ai\/sk\/\"},{\"@type\":\"ListItem\",\"position\":2,\"name\":\"O str\u00e1nke\"}]},{\"@type\":\"WebSite\",\"@id\":\"https:\/\/talkpal.ai\/sk\/#website\",\"url\":\"https:\/\/talkpal.ai\/sk\/\",\"name\":\"Talkpal\",\"description\":\"AI Language Learning\",\"publisher\":{\"@id\":\"https:\/\/talkpal.ai\/sk\/#organization\"},\"alternateName\":\"Talkpal AI\",\"potentialAction\":[{\"@type\":\"SearchAction\",\"target\":{\"@type\":\"EntryPoint\",\"urlTemplate\":\"https:\/\/talkpal.ai\/sk\/?s={search_term_string}\"},\"query-input\":{\"@type\":\"PropertyValueSpecification\",\"valueRequired\":true,\"valueName\":\"search_term_string\"}}],\"inLanguage\":\"sk-SK\"},{\"@type\":\"Organization\",\"@id\":\"https:\/\/talkpal.ai\/sk\/#organization\",\"name\":\"Talkpal, Inc.\",\"alternateName\":\"Talkpal AI\",\"url\":\"https:\/\/talkpal.ai\/sk\/\",\"logo\":{\"@type\":\"ImageObject\",\"inLanguage\":\"sk-SK\",\"@id\":\"https:\/\/talkpal.ai\/sk\/#\/schema\/logo\/image\/\",\"url\":\"https:\/\/talkpal.ai\/wp-content\/uploads\/2024\/03\/Talkpal-Logo-Icon.png\",\"contentUrl\":\"https:\/\/talkpal.ai\/wp-content\/uploads\/2024\/03\/Talkpal-Logo-Icon.png\",\"width\":2880,\"height\":2880,\"caption\":\"Talkpal, Inc.\"},\"image\":{\"@id\":\"https:\/\/talkpal.ai\/sk\/#\/schema\/logo\/image\/\"},\"sameAs\":[\"https:\/\/www.facebook.com\/profile.php?id=100090733639311\",\"https:\/\/x.com\/talkpalai\",\"https:\/\/www.linkedin.com\/company\/talkpal\/\",\"https:\/\/www.youtube.com\/@TalkPal\/\",\"https:\/\/www.tiktok.com\/@talkpal\",\"https:\/\/www.instagram.com\/talkpal_ai\/\",\"https:\/\/www.crunchbase.com\/organization\/talkpal-9cde\",\"https:\/\/www.g2.com\/products\/talkpal-for-business\/\",\"https:\/\/www.trustpilot.com\/review\/talkpal.ai\",\"https:\/\/www.capterra.com\/p\/10006800\/TalkPal\/\"],\"description\":\"Talkpal is a language learning web and mobile education app, powered by the latest AI technologies, that provides engaging experiences to its customers in many different languages to help them improve their language skills. Users can chat about unlimited amount of topics with the app and use other modes to practice their language learning.\",\"email\":\"support@talkpal.ai\",\"legalName\":\"Talkpal, Inc.\",\"foundingDate\":\"2023-04-03\",\"duns\":\"118989042\",\"numberOfEmployees\":{\"@type\":\"QuantitativeValue\",\"minValue\":\"11\",\"maxValue\":\"50\"},\"publishingPrinciples\":\"https:\/\/talkpal.ai\/publishing-principles\/\",\"actionableFeedbackPolicy\":\"https:\/\/talkpal.ai\/actionable-feedback-policy\/\",\"correctionsPolicy\":\"https:\/\/talkpal.ai\/corrections-policy\/\",\"ethicsPolicy\":\"https:\/\/talkpal.ai\/ethics-policy\/\",\"diversityPolicy\":\"https:\/\/talkpal.ai\/diversity-policy\/\",\"diversityStaffingReport\":\"https:\/\/talkpal.ai\/diversity-policy\/\"}]}<\/script>\n<!-- \/ Yoast SEO Premium plugin. -->","yoast_head_json":{"title":"O str\u00e1nke - Talkpal","description":"Talkpal je dou\u010dovate\u013e jazykov poh\u00e1\u0148an\u00fd pomocou GPT, ktor\u00fd bol zalo\u017een\u00fd s presved\u010den\u00edm, \u017ee u\u010denie sa jazykov by malo by\u0165 dostupn\u00e9 pre ka\u017ed\u00e9ho.","robots":{"index":"index","follow":"follow","max-snippet":"max-snippet:-1","max-image-preview":"max-image-preview:large","max-video-preview":"max-video-preview:-1"},"canonical":"https:\/\/talkpal.ai\/sk\/o-stranke\/","og_locale":"sk_SK","og_type":"article","og_title":"O str\u00e1nke","og_description":"Talkpal, Inc. je spolo\u010dnos\u0165, ktor\u00e1 sa zaober\u00e1 u\u010den\u00edm jazykov pomocou umelej inteligencie a ktorej cie\u013eom je spr\u00edstupni\u0165 pou\u017e\u00edvanie ak\u00e9hoko\u013evek jazyka","og_url":"https:\/\/talkpal.ai\/sk\/o-stranke\/","og_site_name":"Talkpal","article_publisher":"https:\/\/www.facebook.com\/profile.php?id=100090733639311","article_modified_time":"2026-03-06T16:33:36+00:00","og_image":[{"width":5000,"height":5000,"url":"https:\/\/talkpal.ai\/wp-content\/uploads\/2024\/03\/Talkpal-Logo-Icon.png","type":"image\/png"}],"twitter_card":"summary_large_image","twitter_site":"@talkpalai","twitter_misc":{"Predpokladan\u00fd \u010das \u010d\u00edtania":"6 min\u00fat"},"schema":{"@context":"https:\/\/schema.org","@graph":[{"@type":"WebPage","@id":"https:\/\/talkpal.ai\/sk\/o-stranke\/","url":"https:\/\/talkpal.ai\/sk\/o-stranke\/","name":"O str\u00e1nke - Talkpal","isPartOf":{"@id":"https:\/\/talkpal.ai\/sk\/#website"},"primaryImageOfPage":{"@id":"https:\/\/talkpal.ai\/sk\/o-stranke\/#primaryimage"},"image":{"@id":"https:\/\/talkpal.ai\/sk\/o-stranke\/#primaryimage"},"thumbnailUrl":"https:\/\/talkpal.ai\/wp-content\/uploads\/2024\/03\/Talkpal-Logo-Icon.png","datePublished":"2023-04-03T14:56:00+00:00","dateModified":"2026-03-06T16:33:36+00:00","description":"Talkpal je dou\u010dovate\u013e jazykov poh\u00e1\u0148an\u00fd pomocou GPT, ktor\u00fd bol zalo\u017een\u00fd s presved\u010den\u00edm, \u017ee u\u010denie sa jazykov by malo by\u0165 dostupn\u00e9 pre ka\u017ed\u00e9ho.","breadcrumb":{"@id":"https:\/\/talkpal.ai\/sk\/o-stranke\/#breadcrumb"},"inLanguage":"sk-SK","potentialAction":[{"@type":"ReadAction","target":["https:\/\/talkpal.ai\/sk\/o-stranke\/"]}]},{"@type":"ImageObject","inLanguage":"sk-SK","@id":"https:\/\/talkpal.ai\/sk\/o-stranke\/#primaryimage","url":"https:\/\/talkpal.ai\/wp-content\/uploads\/2024\/03\/Talkpal-Logo-Icon.png","contentUrl":"https:\/\/talkpal.ai\/wp-content\/uploads\/2024\/03\/Talkpal-Logo-Icon.png","width":5000,"height":5000,"caption":"talkpal logo"},{"@type":"BreadcrumbList","@id":"https:\/\/talkpal.ai\/sk\/o-stranke\/#breadcrumb","itemListElement":[{"@type":"ListItem","position":1,"name":"Homepage","item":"https:\/\/talkpal.ai\/sk\/"},{"@type":"ListItem","position":2,"name":"O str\u00e1nke"}]},{"@type":"WebSite","@id":"https:\/\/talkpal.ai\/sk\/#website","url":"https:\/\/talkpal.ai\/sk\/","name":"Talkpal","description":"AI Language Learning","publisher":{"@id":"https:\/\/talkpal.ai\/sk\/#organization"},"alternateName":"Talkpal AI","potentialAction":[{"@type":"SearchAction","target":{"@type":"EntryPoint","urlTemplate":"https:\/\/talkpal.ai\/sk\/?s={search_term_string}"},"query-input":{"@type":"PropertyValueSpecification","valueRequired":true,"valueName":"search_term_string"}}],"inLanguage":"sk-SK"},{"@type":"Organization","@id":"https:\/\/talkpal.ai\/sk\/#organization","name":"Talkpal, Inc.","alternateName":"Talkpal AI","url":"https:\/\/talkpal.ai\/sk\/","logo":{"@type":"ImageObject","inLanguage":"sk-SK","@id":"https:\/\/talkpal.ai\/sk\/#\/schema\/logo\/image\/","url":"https:\/\/talkpal.ai\/wp-content\/uploads\/2024\/03\/Talkpal-Logo-Icon.png","contentUrl":"https:\/\/talkpal.ai\/wp-content\/uploads\/2024\/03\/Talkpal-Logo-Icon.png","width":2880,"height":2880,"caption":"Talkpal, Inc."},"image":{"@id":"https:\/\/talkpal.ai\/sk\/#\/schema\/logo\/image\/"},"sameAs":["https:\/\/www.facebook.com\/profile.php?id=100090733639311","https:\/\/x.com\/talkpalai","https:\/\/www.linkedin.com\/company\/talkpal\/","https:\/\/www.youtube.com\/@TalkPal\/","https:\/\/www.tiktok.com\/@talkpal","https:\/\/www.instagram.com\/talkpal_ai\/","https:\/\/www.crunchbase.com\/organization\/talkpal-9cde","https:\/\/www.g2.com\/products\/talkpal-for-business\/","https:\/\/www.trustpilot.com\/review\/talkpal.ai","https:\/\/www.capterra.com\/p\/10006800\/TalkPal\/"],"description":"Talkpal is a language learning web and mobile education app, powered by the latest AI technologies, that provides engaging experiences to its customers in many different languages to help them improve their language skills. Users can chat about unlimited amount of topics with the app and use other modes to practice their language learning.","email":"support@talkpal.ai","legalName":"Talkpal, Inc.","foundingDate":"2023-04-03","duns":"118989042","numberOfEmployees":{"@type":"QuantitativeValue","minValue":"11","maxValue":"50"},"publishingPrinciples":"https:\/\/talkpal.ai\/publishing-principles\/","actionableFeedbackPolicy":"https:\/\/talkpal.ai\/actionable-feedback-policy\/","correctionsPolicy":"https:\/\/talkpal.ai\/corrections-policy\/","ethicsPolicy":"https:\/\/talkpal.ai\/ethics-policy\/","diversityPolicy":"https:\/\/talkpal.ai\/diversity-policy\/","diversityStaffingReport":"https:\/\/talkpal.ai\/diversity-policy\/"}]}},"_links":{"self":[{"href":"https:\/\/talkpal.ai\/sk\/wp-json\/wp\/v2\/pages\/167010","targetHints":{"allow":["GET"]}}],"collection":[{"href":"https:\/\/talkpal.ai\/sk\/wp-json\/wp\/v2\/pages"}],"about":[{"href":"https:\/\/talkpal.ai\/sk\/wp-json\/wp\/v2\/types\/page"}],"author":[{"embeddable":true,"href":"https:\/\/talkpal.ai\/sk\/wp-json\/wp\/v2\/users\/1"}],"replies":[{"embeddable":true,"href":"https:\/\/talkpal.ai\/sk\/wp-json\/wp\/v2\/comments?post=167010"}],"version-history":[{"count":0,"href":"https:\/\/talkpal.ai\/sk\/wp-json\/wp\/v2\/pages\/167010\/revisions"}],"wp:featuredmedia":[{"embeddable":true,"href":"https:\/\/talkpal.ai\/sk\/wp-json\/wp\/v2\/media\/197979"}],"wp:attachment":[{"href":"https:\/\/talkpal.ai\/sk\/wp-json\/wp\/v2\/media?parent=167010"}],"curies":[{"name":"wp","href":"https:\/\/api.w.org\/{rel}","templated":true}]}}