{"id":166501,"date":"2023-06-16T10:58:35","date_gmt":"2023-06-16T10:58:35","guid":{"rendered":"http:\/\/talkpal.ai\/ruske-gramaticke-cvicenia\/"},"modified":"2025-12-17T16:23:41","modified_gmt":"2025-12-17T16:23:41","slug":"ruske-gramaticke-cvicenia","status":"publish","type":"page","link":"https:\/\/talkpal.ai\/sk\/ruske-gramaticke-cvicenia\/","title":{"rendered":"Rusk\u00e9 gramatick\u00e9 cvi\u010denia"},"content":{"rendered":"\r\n\r\n\r\n<section class=\"languageChallengeSection\">\r\n    <div class=\"languageInfoWrapper\">\r\n        \r\n        <h1>Rusk\u00e9 gramatick\u00e9 cvi\u010denia<\/h1>\r\n        <p>Ste pripraven\u00ed posilni\u0165 svoje znalosti ru\u0161tiny? Precvi\u010dovanie gramatick\u00fdch cvi\u010den\u00ed je jedn\u00fdm z najlep\u0161\u00edch sp\u00f4sobov, ako si osvoji\u0165 \u0161trukt\u00faru vety, slovesn\u00e9 spojenia a jedine\u010dn\u00e9 pravidl\u00e1 rusk\u00e9ho jazyka. Za\u010dnite sk\u00fama\u0165 rusk\u00fa gramatiku e\u0161te dnes a sledujte, ako s ka\u017ed\u00fdm cvi\u010den\u00edm rastie va\u0161e porozumenie a plynulos\u0165!<\/p>\r\n\r\n                            <a class=\"getStartedHidden\" href=\"https:\/\/app.talkpal.ai\/sk\/signup?lng=\">Za\u010dni<\/a>\r\n        \r\n    <\/div>\r\n\r\n    <figure>\r\n    <img decoding=\"async\" width=\"768\" height=\"768\" src=\"https:\/\/talkpal.ai\/wp-content\/uploads\/2023\/06\/russian-768x768.png\" class=\"languageImage no-lazy\" alt=\"Language learning for multicultural understanding\" fetchpriority=\"high\" sizes=\"(max-width: 768px) 150px, 768px\" srcset=\"https:\/\/talkpal.ai\/wp-content\/uploads\/2023\/06\/russian-768x768.png 768w, https:\/\/talkpal.ai\/wp-content\/uploads\/2023\/06\/russian-300x300.png 300w\" \/>\r\n    \r\n\r\n    <\/figure>\r\n\r\n            <a class=\"getStartedVisible\" href=\"https:\/\/app.talkpal.ai\/sk\/signup?lng=\">Za\u010dni<\/a>\r\n    \r\n<\/section>\r\n\r\n\r\n<!-- <section class=\"grammarSection\">\r\n    <div class=\"grammarLinks\">\r\n            <\/div>\r\n<\/section> -->\r\n\r\n\r\n\r\n\r\n<section class=\"promotionalBanner\">\r\n    <p class=\"promotionalText\">Najefekt\u00edvnej\u0161\u00ed sp\u00f4sob, ako sa nau\u010di\u0165 jazyk<\/p>\r\n    <a class=\"promotionalLink\" href=\"https:\/\/app.talkpal.ai\/sk\/signup?lng=\">Vysk\u00fa\u0161ajte Talkpal zadarmo<\/a>\r\n<\/section>\n<div class=\"wp-block-group pageContainerStyle\"><div class=\"wp-block-group__inner-container is-layout-constrained wp-block-group-is-layout-constrained\">\n<h2 class=\"wp-block-heading\" id=\"h-russian-grammar-topics\">T\u00e9my ruskej gramatiky<\/h2>\n\n\n\n<p><a href=\"https:\/\/talkpal.ai\/sk\/ucenie\/\">U\u010denie sa<\/a> ru\u0161tiny m\u00f4\u017ee by\u0165 neuverite\u013ene obohacuj\u00facim a intelektu\u00e1lne stimuluj\u00facim z\u00e1\u017eitkom. Rusk\u00fd jazyk je nielen bohat\u00fd na slovn\u00fa z\u00e1sobu a expres\u00edvnu silu, ale poskytuje aj okno do fascinuj\u00facej kult\u00fary, hist\u00f3rie a literat\u00fary Ruska a b\u00fdval\u00e9ho Sovietskeho zv\u00e4zu. Ke\u010f sa vyd\u00e1te na cestu u\u010denia sa ru\u0161tiny, je d\u00f4le\u017eit\u00e9 obozn\u00e1mi\u0165 sa s r\u00f4znymi gramatick\u00fdmi t\u00e9mami, ktor\u00e9 bud\u00fa tvori\u0165 z\u00e1klad va\u0161ich jazykov\u00fdch zru\u010dnost\u00ed. V tejto pr\u00edru\u010dke poskytneme preh\u013ead z\u00e1kladn\u00fdch t\u00e9m ruskej gramatiky vr\u00e1tane \u010dasov, slovies, podstatn\u00fdch mien, \u010dl\u00e1nkov, z\u00e1men, pr\u00eddavn\u00fdch mien, pr\u00edsloviek, predlo\u017eiek a vetnej \u0161trukt\u00fary. Zvl\u00e1dnut\u00edm t\u00fdchto z\u00e1kladov budete na dobrej ceste k dosiahnutiu plynulosti v ru\u0161tine.<\/p>\n\n\n\n<h3 class=\"wp-block-heading\" id=\"h-1-nouns\">1. Podstatn\u00e9 men\u00e1:<\/h3>\n\n\n\n<p>Za\u010dnite u\u010den\u00edm sa rusk\u00fdch podstatn\u00fdch mien, preto\u017ee s\u00fa z\u00e1kladn\u00fdmi stavebn\u00fdmi kame\u0148mi jazyka. Rusk\u00e9 podstatn\u00e9 men\u00e1 maj\u00fa tri rody (mu\u017esk\u00fd, \u017eensk\u00fd a kastrovan\u00fd) a \u0161es\u0165 p\u00e1dov (nominat\u00edv, genit\u00edv, dat\u00edv, akuzat\u00edv, in\u0161trument\u00e1lny a predlo\u017ekov\u00fd). Pochopenie rodov\u00e9ho a pr\u00edpadov\u00e9ho syst\u00e9mu je rozhoduj\u00face pre spr\u00e1vne pou\u017e\u00edvanie podstatn\u00fdch mien vo vet\u00e1ch.<\/p>\n\n\n\n<h3 class=\"wp-block-heading\" id=\"h-2-pronouns\">2. Z\u00e1men\u00e1:<\/h3>\n\n\n\n<p>Ke\u010f sa zozn\u00e1mite s podstatn\u00fdmi menami, prejdite na z\u00e1men\u00e1, ktor\u00e9 vo vet\u00e1ch nahr\u00e1dzaj\u00fa podstatn\u00e9 men\u00e1, aby ste sa vyhli opakovaniu. Z\u00e1men\u00e1 maj\u00fa tie\u017e rod a p\u00e1d a je d\u00f4le\u017eit\u00e9 nau\u010di\u0165 sa ich tvary a pou\u017e\u00edvanie.<\/p>\n\n\n\n<h3 class=\"wp-block-heading\" id=\"h-3-adjectives\">3. Pr\u00eddavn\u00e9 men\u00e1:<\/h3>\n\n\n\n<p>Pr\u00eddavn\u00e9 men\u00e1 opisuj\u00fa alebo upravuj\u00fa podstatn\u00e9 men\u00e1 a z\u00e1men\u00e1. S\u00fahlasia s podstatn\u00fdmi menami, ktor\u00e9 upravuj\u00fa v rode, \u010d\u00edsle a p\u00e1de. Nau\u010dte sa r\u00f4zne formy a konce pr\u00eddavn\u00fdch mien, aby ste ich spr\u00e1vne pou\u017e\u00edvali.<\/p>\n\n\n\n<h3 class=\"wp-block-heading\" id=\"h-4-verbs\">4. Sloves\u00e1:<\/h3>\n\n\n\n<p>Sloves\u00e1 s\u00fa chrbtovou kos\u0165ou ka\u017edej vety, preto\u017ee vyjadruj\u00fa \u010diny, stavy alebo udalosti. V ru\u0161tine maj\u00fa sloves\u00e1 dva aspekty (dokonav\u00e9 a nedokonal\u00e9) a konjuguj\u00fa pod\u013ea osoby, \u010d\u00edsla a \u010dasu. Zozn\u00e1mte sa s \u010dasovac\u00edmi vzormi a aspektmi na vytvorenie presn\u00fdch slovesn\u00fdch tvarov.<\/p>\n\n\n\n<h3 class=\"wp-block-heading\" id=\"h-5-tenses-indicative\">5. Indikat\u00edvne \u010dasy:<\/h3>\n\n\n\n<p><a href=\"https:\/\/talkpal.ai\/learn-russian\/\">Ru\u0161tina<\/a> m\u00e1 tri indikat\u00edvne \u010dasy: minul\u00fd, s\u00fa\u010dasn\u00fd a bud\u00faci. Nau\u010dte sa, ako vytv\u00e1ra\u0165 a pou\u017e\u00edva\u0165 tieto \u010dasy na vyjadrenie akci\u00ed a udalost\u00ed v r\u00f4znych \u010dasov\u00fdch r\u00e1mcoch.<\/p>\n\n\n\n<h3 class=\"wp-block-heading\" id=\"h-6-tenses-subjunctive\">6. \u010casy subjunkt\u00edvne:<\/h3>\n\n\n\n<p>Subjunkt\u00edvna n\u00e1lada vyjadruje hypotetick\u00e9 situ\u00e1cie, \u017eelania alebo nere\u00e1lne podmienky. Nau\u010dte sa, ako vytvori\u0165 subjunkt\u00edv v ru\u0161tine a kedy ho pou\u017ei\u0165 vo vet\u00e1ch.<\/p>\n\n\n\n<h3 class=\"wp-block-heading\" id=\"h-7-tense-comparison\">7. Nap\u00e4t\u00e9 porovnanie:<\/h3>\n\n\n\n<p>Pochopenie toho, ako porovn\u00e1va\u0165 a kontrastova\u0165 akcie v r\u00f4znych \u010dasoch, je nevyhnutn\u00e9 pre jasn\u00fa komunik\u00e1ciu. Precvi\u010dujte si spolo\u010dn\u00e9 pou\u017e\u00edvanie r\u00f4znych \u010dasov na vyjadrenie zlo\u017eit\u00fdch my\u0161lienok a my\u0161lienok.<\/p>\n\n\n\n<h3 class=\"wp-block-heading\" id=\"h-8-adverbs\">8. Pr\u00edslovky:<\/h3>\n\n\n\n<p>Pr\u00edslovky upravuj\u00fa sloves\u00e1, pr\u00eddavn\u00e9 men\u00e1 alebo in\u00e9 pr\u00edslovky a poskytuj\u00fa inform\u00e1cie o tom, ako, kedy, kde alebo v akom rozsahu doch\u00e1dza k \u010dinnosti. Nau\u010dte sa be\u017en\u00e9 rusk\u00e9 pr\u00edslovky a ich pou\u017eitie, aby ste vylep\u0161ili svoje vety.<\/p>\n\n\n\n<h3 class=\"wp-block-heading\" id=\"h-9-prepositions\">9. Predlo\u017eky:<\/h3>\n\n\n\n<p>Predlo\u017eky sp\u00e1jaj\u00fa podstatn\u00e9 men\u00e1, z\u00e1men\u00e1 alebo fr\u00e1zy s in\u00fdmi slovami vo vete a ozna\u010duj\u00fa vz\u0165ahy ako miesto, smer, \u010das alebo \u00fa\u010del. Zozn\u00e1mte sa s rusk\u00fdmi predlo\u017ekami a ich zodpovedaj\u00facimi pr\u00edpadmi, aby ste vytvorili gramaticky spr\u00e1vne vety.<\/p>\n\n\n\n<h3 class=\"wp-block-heading\" id=\"h-10-sentence-structure\">10. \u0160trukt\u00fara vety:<\/h3>\n\n\n\n<p>Nakoniec sa nau\u010dte z\u00e1klady ruskej vetnej \u0161trukt\u00fary, vr\u00e1tane slovosledu, neg\u00e1cie a tvorby ot\u00e1zok. Pochopenie toho, ako spr\u00e1vne kon\u0161truova\u0165 vety, zabezpe\u010d\u00ed, \u017ee va\u0161a hovoren\u00e1 a p\u00edsan\u00e1 <a href=\"https:\/\/talkpal.ai\/learn-russian\/\">ru\u0161tina<\/a> je jasn\u00e1 a zrozumite\u013en\u00e1.<\/p>\n\n\n\n<p>Dodr\u017eiavan\u00edm tejto postupnosti a venovan\u00edm \u010dasu ka\u017edej gramatickej t\u00e9me si vytvor\u00edte siln\u00fd z\u00e1klad v ru\u0161tine, ktor\u00fd v\u00e1m umo\u017en\u00ed efekt\u00edvne komunikova\u0165 a oceni\u0165 kr\u00e1su a h\u013abku jazyka.<\/p>\n<\/div><\/div>\n\r\n<section class=\"learnNavigationSection\">\r\n            \r\n        <a href=\"https:\/\/talkpal.ai\/sk\/naucte-sa-rustinu\/\">\r\n            <div class=\"learnNavigationWrapper\">\r\n                <div class=\"learnNavigationContent\">\r\n                    <img decoding=\"async\" src=\"https:\/\/talkpal.ai\/wp-content\/uploads\/2024\/08\/Russian.jpg\" alt=\"Russian Flag\">\r\n                    <div>\r\n                        <h4>O \u0161t\u00fadiu ru\u0161tiny<\/h4>\r\n                        <p>Zistite v\u0161etko o ruskej gramatike.<\/p>\r\n                    <\/div>\r\n                <\/div>\r\n            <\/div>\r\n        <\/a>\r\n\r\n        \r\n        <a href=\"https:\/\/talkpal.ai\/sk\/ruska-gramatika\/\">\r\n            <div class=\"learnNavigationWrapper\">\r\n                <div class=\"learnNavigationContent\">\r\n                    <img decoding=\"async\" src=\"https:\/\/talkpal.ai\/wp-content\/uploads\/2024\/08\/Russian.jpg\" alt=\"Russian Flag\">\r\n                    <div>\r\n                        <h4>Lekcie ruskej gramatiky<\/h4>\r\n                        <p>Precvi\u010dte si rusk\u00fa gramatiku.<\/p>\r\n                    <\/div>\r\n                <\/div>\r\n            <\/div>\r\n        <\/a>\r\n\r\n        \r\n        <a href=\"https:\/\/talkpal.ai\/vocabulary_language\/russian\/\">\r\n            <div class=\"learnNavigationWrapper\">\r\n                <div class=\"learnNavigationContent\">\r\n                    <img decoding=\"async\" src=\"https:\/\/talkpal.ai\/wp-content\/uploads\/2024\/08\/Russian.jpg\" alt=\"Russian Flag\">\r\n                    <div>\r\n                        <h4>Rusk\u00e1 slovn\u00e1 z\u00e1soba<\/h4>\r\n                        <p>Roz\u0161\u00edrte si slovn\u00fa z\u00e1sobu ru\u0161tiny.<\/p>\r\n                    <\/div>\r\n                <\/div>\r\n            <\/div>\r\n        <\/a>\r\n\r\n            <\/section>","protected":false},"excerpt":{"rendered":"<p>T\u00e9my ruskej gramatiky U\u010denie sa ru\u0161tiny m\u00f4\u017ee by\u0165 neuverite\u013ene obohacuj\u00facim a intelektu\u00e1lne stimuluj\u00facim z\u00e1\u017eitkom. Rusk\u00fd jazyk je nielen bohat\u00fd na slovn\u00fa z\u00e1sobu a expres\u00edvnu silu, ale poskytuje aj okno do fascinuj\u00facej kult\u00fary, hist\u00f3rie a literat\u00fary Ruska a b\u00fdval\u00e9ho Sovietskeho zv\u00e4zu. Ke\u010f sa vyd\u00e1te na cestu u\u010denia sa ru\u0161tiny, je d\u00f4le\u017eit\u00e9 obozn\u00e1mi\u0165 sa s r\u00f4znymi gramatick\u00fdmi [&hellip;]<\/p>\n","protected":false},"author":6,"featured_media":108001,"parent":0,"menu_order":0,"comment_status":"closed","ping_status":"closed","template":"LearningContentPage.php","meta":{"_acf_changed":false,"footnotes":""},"class_list":["post-166501","page","type-page","status-publish","has-post-thumbnail","hentry"],"acf":[],"yoast_head":"<!-- This site is optimized with the Yoast SEO Premium plugin v27.2 (Yoast SEO v27.2) - https:\/\/yoast.com\/product\/yoast-seo-premium-wordpress\/ -->\n<title>Rusk\u00e9 gramatick\u00e9 cvi\u010denia - Talkpal<\/title>\n<meta name=\"description\" content=\"Presk\u00famajte z\u00e1kladn\u00e9 cvi\u010denia ruskej gramatiky, aby ste si posilnili svoje jazykov\u00e9 zru\u010dnosti a dosiahli plynulos\u0165 v ru\u0161tine.\" \/>\n<meta name=\"robots\" content=\"index, follow, max-snippet:-1, max-image-preview:large, max-video-preview:-1\" \/>\n<link rel=\"canonical\" href=\"https:\/\/talkpal.ai\/sk\/ruske-gramaticke-cvicenia\/\" \/>\n<meta property=\"og:locale\" content=\"sk_SK\" \/>\n<meta property=\"og:type\" content=\"article\" \/>\n<meta property=\"og:title\" content=\"Rusk\u00e9 gramatick\u00e9 cvi\u010denia\" \/>\n<meta property=\"og:description\" content=\"T\u00e9my ruskej gramatiky U\u010denie sa ru\u0161tiny m\u00f4\u017ee by\u0165 neuverite\u013ene obohacuj\u00facim a intelektu\u00e1lne stimuluj\u00facim z\u00e1\u017eitkom. Rusk\u00fd jazyk je nielen bohat\u00fd na slovn\u00fa\" \/>\n<meta property=\"og:url\" content=\"https:\/\/talkpal.ai\/sk\/ruske-gramaticke-cvicenia\/\" \/>\n<meta property=\"og:site_name\" content=\"Talkpal\" \/>\n<meta property=\"article:publisher\" content=\"https:\/\/www.facebook.com\/profile.php?id=100090733639311\" \/>\n<meta property=\"article:modified_time\" content=\"2025-12-17T16:23:41+00:00\" \/>\n<meta property=\"og:image\" content=\"https:\/\/talkpal.ai\/wp-content\/uploads\/2023\/04\/rusia.png\" \/>\n\t<meta property=\"og:image:width\" content=\"512\" \/>\n\t<meta property=\"og:image:height\" content=\"512\" \/>\n\t<meta property=\"og:image:type\" content=\"image\/png\" \/>\n<meta name=\"twitter:card\" content=\"summary_large_image\" \/>\n<meta name=\"twitter:site\" content=\"@talkpalai\" \/>\n<meta name=\"twitter:label1\" content=\"Predpokladan\u00fd \u010das \u010d\u00edtania\" \/>\n\t<meta name=\"twitter:data1\" content=\"3 min\u00faty\" \/>\n<script type=\"application\/ld+json\" class=\"yoast-schema-graph\">{\"@context\":\"https:\/\/schema.org\",\"@graph\":[{\"@type\":\"WebPage\",\"@id\":\"https:\/\/talkpal.ai\/sk\/ruske-gramaticke-cvicenia\/\",\"url\":\"https:\/\/talkpal.ai\/sk\/ruske-gramaticke-cvicenia\/\",\"name\":\"Rusk\u00e9 gramatick\u00e9 cvi\u010denia - Talkpal\",\"isPartOf\":{\"@id\":\"https:\/\/talkpal.ai\/sk\/#website\"},\"primaryImageOfPage\":{\"@id\":\"https:\/\/talkpal.ai\/sk\/ruske-gramaticke-cvicenia\/#primaryimage\"},\"image\":{\"@id\":\"https:\/\/talkpal.ai\/sk\/ruske-gramaticke-cvicenia\/#primaryimage\"},\"thumbnailUrl\":\"https:\/\/talkpal.ai\/wp-content\/uploads\/2023\/04\/rusia.png\",\"datePublished\":\"2023-06-16T10:58:35+00:00\",\"dateModified\":\"2025-12-17T16:23:41+00:00\",\"description\":\"Presk\u00famajte z\u00e1kladn\u00e9 cvi\u010denia ruskej gramatiky, aby ste si posilnili svoje jazykov\u00e9 zru\u010dnosti a dosiahli plynulos\u0165 v ru\u0161tine.\",\"breadcrumb\":{\"@id\":\"https:\/\/talkpal.ai\/sk\/ruske-gramaticke-cvicenia\/#breadcrumb\"},\"inLanguage\":\"sk-SK\",\"potentialAction\":[{\"@type\":\"ReadAction\",\"target\":[\"https:\/\/talkpal.ai\/sk\/ruske-gramaticke-cvicenia\/\"]}]},{\"@type\":\"ImageObject\",\"inLanguage\":\"sk-SK\",\"@id\":\"https:\/\/talkpal.ai\/sk\/ruske-gramaticke-cvicenia\/#primaryimage\",\"url\":\"https:\/\/talkpal.ai\/wp-content\/uploads\/2023\/04\/rusia.png\",\"contentUrl\":\"https:\/\/talkpal.ai\/wp-content\/uploads\/2023\/04\/rusia.png\",\"width\":512,\"height\":512},{\"@type\":\"BreadcrumbList\",\"@id\":\"https:\/\/talkpal.ai\/sk\/ruske-gramaticke-cvicenia\/#breadcrumb\",\"itemListElement\":[{\"@type\":\"ListItem\",\"position\":1,\"name\":\"Homepage\",\"item\":\"https:\/\/talkpal.ai\/sk\/\"},{\"@type\":\"ListItem\",\"position\":2,\"name\":\"Rusk\u00e9 gramatick\u00e9 cvi\u010denia\"}]},{\"@type\":\"WebSite\",\"@id\":\"https:\/\/talkpal.ai\/sk\/#website\",\"url\":\"https:\/\/talkpal.ai\/sk\/\",\"name\":\"Talkpal\",\"description\":\"AI Language Learning\",\"publisher\":{\"@id\":\"https:\/\/talkpal.ai\/sk\/#organization\"},\"alternateName\":\"Talkpal AI\",\"potentialAction\":[{\"@type\":\"SearchAction\",\"target\":{\"@type\":\"EntryPoint\",\"urlTemplate\":\"https:\/\/talkpal.ai\/sk\/?s={search_term_string}\"},\"query-input\":{\"@type\":\"PropertyValueSpecification\",\"valueRequired\":true,\"valueName\":\"search_term_string\"}}],\"inLanguage\":\"sk-SK\"},{\"@type\":\"Organization\",\"@id\":\"https:\/\/talkpal.ai\/sk\/#organization\",\"name\":\"Talkpal, Inc.\",\"alternateName\":\"Talkpal AI\",\"url\":\"https:\/\/talkpal.ai\/sk\/\",\"logo\":{\"@type\":\"ImageObject\",\"inLanguage\":\"sk-SK\",\"@id\":\"https:\/\/talkpal.ai\/sk\/#\/schema\/logo\/image\/\",\"url\":\"https:\/\/talkpal.ai\/wp-content\/uploads\/2024\/03\/Talkpal-Logo-Icon.png\",\"contentUrl\":\"https:\/\/talkpal.ai\/wp-content\/uploads\/2024\/03\/Talkpal-Logo-Icon.png\",\"width\":2880,\"height\":2880,\"caption\":\"Talkpal, Inc.\"},\"image\":{\"@id\":\"https:\/\/talkpal.ai\/sk\/#\/schema\/logo\/image\/\"},\"sameAs\":[\"https:\/\/www.facebook.com\/profile.php?id=100090733639311\",\"https:\/\/x.com\/talkpalai\",\"https:\/\/www.linkedin.com\/company\/talkpal\/\",\"https:\/\/www.youtube.com\/@TalkPal\/\",\"https:\/\/www.tiktok.com\/@talkpal\",\"https:\/\/www.instagram.com\/talkpal_ai\/\",\"https:\/\/www.crunchbase.com\/organization\/talkpal-9cde\",\"https:\/\/www.g2.com\/products\/talkpal-for-business\/\",\"https:\/\/www.trustpilot.com\/review\/talkpal.ai\",\"https:\/\/www.capterra.com\/p\/10006800\/TalkPal\/\"],\"description\":\"Talkpal is a language learning web and mobile education app, powered by the latest AI technologies, that provides engaging experiences to its customers in many different languages to help them improve their language skills. Users can chat about unlimited amount of topics with the app and use other modes to practice their language learning.\",\"email\":\"support@talkpal.ai\",\"legalName\":\"Talkpal, Inc.\",\"foundingDate\":\"2023-04-03\",\"duns\":\"118989042\",\"numberOfEmployees\":{\"@type\":\"QuantitativeValue\",\"minValue\":\"11\",\"maxValue\":\"50\"},\"publishingPrinciples\":\"https:\/\/talkpal.ai\/publishing-principles\/\",\"actionableFeedbackPolicy\":\"https:\/\/talkpal.ai\/actionable-feedback-policy\/\",\"correctionsPolicy\":\"https:\/\/talkpal.ai\/corrections-policy\/\",\"ethicsPolicy\":\"https:\/\/talkpal.ai\/ethics-policy\/\",\"diversityPolicy\":\"https:\/\/talkpal.ai\/diversity-policy\/\",\"diversityStaffingReport\":\"https:\/\/talkpal.ai\/diversity-policy\/\"}]}<\/script>\n<!-- \/ Yoast SEO Premium plugin. -->","yoast_head_json":{"title":"Rusk\u00e9 gramatick\u00e9 cvi\u010denia - Talkpal","description":"Presk\u00famajte z\u00e1kladn\u00e9 cvi\u010denia ruskej gramatiky, aby ste si posilnili svoje jazykov\u00e9 zru\u010dnosti a dosiahli plynulos\u0165 v ru\u0161tine.","robots":{"index":"index","follow":"follow","max-snippet":"max-snippet:-1","max-image-preview":"max-image-preview:large","max-video-preview":"max-video-preview:-1"},"canonical":"https:\/\/talkpal.ai\/sk\/ruske-gramaticke-cvicenia\/","og_locale":"sk_SK","og_type":"article","og_title":"Rusk\u00e9 gramatick\u00e9 cvi\u010denia","og_description":"T\u00e9my ruskej gramatiky U\u010denie sa ru\u0161tiny m\u00f4\u017ee by\u0165 neuverite\u013ene obohacuj\u00facim a intelektu\u00e1lne stimuluj\u00facim z\u00e1\u017eitkom. Rusk\u00fd jazyk je nielen bohat\u00fd na slovn\u00fa","og_url":"https:\/\/talkpal.ai\/sk\/ruske-gramaticke-cvicenia\/","og_site_name":"Talkpal","article_publisher":"https:\/\/www.facebook.com\/profile.php?id=100090733639311","article_modified_time":"2025-12-17T16:23:41+00:00","og_image":[{"width":512,"height":512,"url":"https:\/\/talkpal.ai\/wp-content\/uploads\/2023\/04\/rusia.png","type":"image\/png"}],"twitter_card":"summary_large_image","twitter_site":"@talkpalai","twitter_misc":{"Predpokladan\u00fd \u010das \u010d\u00edtania":"3 min\u00faty"},"schema":{"@context":"https:\/\/schema.org","@graph":[{"@type":"WebPage","@id":"https:\/\/talkpal.ai\/sk\/ruske-gramaticke-cvicenia\/","url":"https:\/\/talkpal.ai\/sk\/ruske-gramaticke-cvicenia\/","name":"Rusk\u00e9 gramatick\u00e9 cvi\u010denia - Talkpal","isPartOf":{"@id":"https:\/\/talkpal.ai\/sk\/#website"},"primaryImageOfPage":{"@id":"https:\/\/talkpal.ai\/sk\/ruske-gramaticke-cvicenia\/#primaryimage"},"image":{"@id":"https:\/\/talkpal.ai\/sk\/ruske-gramaticke-cvicenia\/#primaryimage"},"thumbnailUrl":"https:\/\/talkpal.ai\/wp-content\/uploads\/2023\/04\/rusia.png","datePublished":"2023-06-16T10:58:35+00:00","dateModified":"2025-12-17T16:23:41+00:00","description":"Presk\u00famajte z\u00e1kladn\u00e9 cvi\u010denia ruskej gramatiky, aby ste si posilnili svoje jazykov\u00e9 zru\u010dnosti a dosiahli plynulos\u0165 v ru\u0161tine.","breadcrumb":{"@id":"https:\/\/talkpal.ai\/sk\/ruske-gramaticke-cvicenia\/#breadcrumb"},"inLanguage":"sk-SK","potentialAction":[{"@type":"ReadAction","target":["https:\/\/talkpal.ai\/sk\/ruske-gramaticke-cvicenia\/"]}]},{"@type":"ImageObject","inLanguage":"sk-SK","@id":"https:\/\/talkpal.ai\/sk\/ruske-gramaticke-cvicenia\/#primaryimage","url":"https:\/\/talkpal.ai\/wp-content\/uploads\/2023\/04\/rusia.png","contentUrl":"https:\/\/talkpal.ai\/wp-content\/uploads\/2023\/04\/rusia.png","width":512,"height":512},{"@type":"BreadcrumbList","@id":"https:\/\/talkpal.ai\/sk\/ruske-gramaticke-cvicenia\/#breadcrumb","itemListElement":[{"@type":"ListItem","position":1,"name":"Homepage","item":"https:\/\/talkpal.ai\/sk\/"},{"@type":"ListItem","position":2,"name":"Rusk\u00e9 gramatick\u00e9 cvi\u010denia"}]},{"@type":"WebSite","@id":"https:\/\/talkpal.ai\/sk\/#website","url":"https:\/\/talkpal.ai\/sk\/","name":"Talkpal","description":"AI Language Learning","publisher":{"@id":"https:\/\/talkpal.ai\/sk\/#organization"},"alternateName":"Talkpal AI","potentialAction":[{"@type":"SearchAction","target":{"@type":"EntryPoint","urlTemplate":"https:\/\/talkpal.ai\/sk\/?s={search_term_string}"},"query-input":{"@type":"PropertyValueSpecification","valueRequired":true,"valueName":"search_term_string"}}],"inLanguage":"sk-SK"},{"@type":"Organization","@id":"https:\/\/talkpal.ai\/sk\/#organization","name":"Talkpal, Inc.","alternateName":"Talkpal AI","url":"https:\/\/talkpal.ai\/sk\/","logo":{"@type":"ImageObject","inLanguage":"sk-SK","@id":"https:\/\/talkpal.ai\/sk\/#\/schema\/logo\/image\/","url":"https:\/\/talkpal.ai\/wp-content\/uploads\/2024\/03\/Talkpal-Logo-Icon.png","contentUrl":"https:\/\/talkpal.ai\/wp-content\/uploads\/2024\/03\/Talkpal-Logo-Icon.png","width":2880,"height":2880,"caption":"Talkpal, Inc."},"image":{"@id":"https:\/\/talkpal.ai\/sk\/#\/schema\/logo\/image\/"},"sameAs":["https:\/\/www.facebook.com\/profile.php?id=100090733639311","https:\/\/x.com\/talkpalai","https:\/\/www.linkedin.com\/company\/talkpal\/","https:\/\/www.youtube.com\/@TalkPal\/","https:\/\/www.tiktok.com\/@talkpal","https:\/\/www.instagram.com\/talkpal_ai\/","https:\/\/www.crunchbase.com\/organization\/talkpal-9cde","https:\/\/www.g2.com\/products\/talkpal-for-business\/","https:\/\/www.trustpilot.com\/review\/talkpal.ai","https:\/\/www.capterra.com\/p\/10006800\/TalkPal\/"],"description":"Talkpal is a language learning web and mobile education app, powered by the latest AI technologies, that provides engaging experiences to its customers in many different languages to help them improve their language skills. Users can chat about unlimited amount of topics with the app and use other modes to practice their language learning.","email":"support@talkpal.ai","legalName":"Talkpal, Inc.","foundingDate":"2023-04-03","duns":"118989042","numberOfEmployees":{"@type":"QuantitativeValue","minValue":"11","maxValue":"50"},"publishingPrinciples":"https:\/\/talkpal.ai\/publishing-principles\/","actionableFeedbackPolicy":"https:\/\/talkpal.ai\/actionable-feedback-policy\/","correctionsPolicy":"https:\/\/talkpal.ai\/corrections-policy\/","ethicsPolicy":"https:\/\/talkpal.ai\/ethics-policy\/","diversityPolicy":"https:\/\/talkpal.ai\/diversity-policy\/","diversityStaffingReport":"https:\/\/talkpal.ai\/diversity-policy\/"}]}},"_links":{"self":[{"href":"https:\/\/talkpal.ai\/sk\/wp-json\/wp\/v2\/pages\/166501","targetHints":{"allow":["GET"]}}],"collection":[{"href":"https:\/\/talkpal.ai\/sk\/wp-json\/wp\/v2\/pages"}],"about":[{"href":"https:\/\/talkpal.ai\/sk\/wp-json\/wp\/v2\/types\/page"}],"author":[{"embeddable":true,"href":"https:\/\/talkpal.ai\/sk\/wp-json\/wp\/v2\/users\/6"}],"replies":[{"embeddable":true,"href":"https:\/\/talkpal.ai\/sk\/wp-json\/wp\/v2\/comments?post=166501"}],"version-history":[{"count":0,"href":"https:\/\/talkpal.ai\/sk\/wp-json\/wp\/v2\/pages\/166501\/revisions"}],"wp:featuredmedia":[{"embeddable":true,"href":"https:\/\/talkpal.ai\/sk\/wp-json\/wp\/v2\/media\/108001"}],"wp:attachment":[{"href":"https:\/\/talkpal.ai\/sk\/wp-json\/wp\/v2\/media?parent=166501"}],"curies":[{"name":"wp","href":"https:\/\/api.w.org\/{rel}","templated":true}]}}