{"id":166192,"date":"2023-06-16T11:31:43","date_gmt":"2023-06-16T11:31:43","guid":{"rendered":"http:\/\/talkpal.ai\/armenske-gramaticke-cvicenia\/"},"modified":"2025-05-22T19:38:47","modified_gmt":"2025-05-22T19:38:47","slug":"armenske-gramaticke-cvicenia","status":"publish","type":"page","link":"https:\/\/talkpal.ai\/sk\/armenske-gramaticke-cvicenia\/","title":{"rendered":"Arm\u00e9nske gramatick\u00e9 cvi\u010denia"},"content":{"rendered":"\r\n\r\n\r\n<section class=\"languageChallengeSection\">\r\n    <div class=\"languageInfoWrapper\">\r\n        \r\n        <h1>Arm\u00e9nske gramatick\u00e9 cvi\u010denia<\/h1>\r\n        <p>Zozn\u00e1mte sa s arm\u00e9nskou gramatikou pomocou nieko\u013ek\u00fdch jednoduch\u00fdch a z\u00e1bavn\u00fdch cvi\u010den\u00ed! Tieto aktivity v\u00e1m pom\u00f4\u017eu zvykn\u00fa\u0165 si na z\u00e1klady a poskytn\u00fa v\u00e1m skvel\u00fd \u0161tart na ceste za poznan\u00edm.<\/p>\r\n\r\n                            <a class=\"getStartedHidden\" href=\"https:\/\/app.talkpal.ai\/sk\/signup?lng=\">Za\u010dni<\/a>\r\n        \r\n    <\/div>\r\n\r\n    <figure>\r\n    <img decoding=\"async\" width=\"768\" height=\"768\" src=\"https:\/\/talkpal.ai\/wp-content\/uploads\/2023\/06\/armenian-768x768.png\" class=\"languageImage no-lazy\" alt=\"Language learning for higher cognition\" fetchpriority=\"high\" sizes=\"(max-width: 768px) 150px, 768px\" srcset=\"https:\/\/talkpal.ai\/wp-content\/uploads\/2023\/06\/armenian-768x768.png 768w, https:\/\/talkpal.ai\/wp-content\/uploads\/2023\/06\/armenian-300x300.png 300w\" \/>\r\n    \r\n\r\n    <\/figure>\r\n\r\n            <a class=\"getStartedVisible\" href=\"https:\/\/app.talkpal.ai\/sk\/signup?lng=\">Za\u010dni<\/a>\r\n    \r\n<\/section>\r\n\r\n\r\n<!-- <section class=\"grammarSection\">\r\n    <div class=\"grammarLinks\">\r\n            <\/div>\r\n<\/section> -->\r\n\r\n\r\n\r\n\r\n<section class=\"promotionalBanner\">\r\n    <p class=\"promotionalText\">Najefekt\u00edvnej\u0161\u00ed sp\u00f4sob, ako sa nau\u010di\u0165 jazyk<\/p>\r\n    <a class=\"promotionalLink\" href=\"https:\/\/app.talkpal.ai\/sk\/signup?lng=\">Vysk\u00fa\u0161ajte Talkpal zadarmo<\/a>\r\n<\/section>\n<div class=\"wp-block-group pageContainerStyle\"><div class=\"wp-block-group__inner-container is-layout-constrained wp-block-group-is-layout-constrained\">\n<h2 class=\"wp-block-heading\" id=\"h-armenian-grammar-topics\">T\u00e9my arm\u00e9nskej gramatiky<\/h2>\n\n\n\n<p><a href=\"https:\/\/talkpal.ai\/learn-armenian\/\">Arm\u00e9n\u010dina<\/a> je indoeur\u00f3psky jazyk, ktor\u00fdm sa hovor\u00ed hlavne v Arm\u00e9nskej republike a arm\u00e9nskou diasp\u00f3rou po celom svete. S dlhou hist\u00f3riou a jedine\u010dn\u00fdm syst\u00e9mom p\u00edsania pon\u00faka <a href=\"https:\/\/talkpal.ai\/learn-armenian\/\">arm\u00e9n\u010dina<\/a> fascinuj\u00faci jazykov\u00fd z\u00e1\u017eitok pre \u0161tudentov jazykov. Ako pri ka\u017edom jazyku, pochopenie gramatiky je nevyhnutnou s\u00fa\u010das\u0165ou zvl\u00e1dnutia arm\u00e9n\u010diny. T\u00e1to pr\u00edru\u010dka poskytuje preh\u013ead k\u013e\u00fa\u010dov\u00fdch t\u00e9m arm\u00e9nskej gramatiky, ktor\u00e9 v\u00e1m pom\u00f4\u017eu z\u00edska\u0165 pevn\u00fd z\u00e1klad v jazyku. Dodr\u017eiavan\u00edm navrhovanej postupnosti t\u00e9m sa budete m\u00f4c\u0165 u\u010di\u0165 arm\u00e9nsky efekt\u00edvnej\u0161ie a efekt\u00edvnej\u0161ie.<\/p>\n\n\n\n<h3 class=\"wp-block-heading\" id=\"h-1-nouns\">1. Podstatn\u00e9 men\u00e1:<\/h3>\n\n\n\n<p>Za\u010dnite svoju arm\u00e9nsku gramatick\u00fa cestu podstatn\u00fdmi menami, chrbtovou kos\u0165ou ka\u017ed\u00e9ho jazyka. Z\u00edskajte inform\u00e1cie o arm\u00e9nskych triedach podstatn\u00fdch mien (be\u017en\u00fdch a spr\u00e1vnych), sklo\u0148ovan\u00ed a p\u00e1doch (nominat\u00edv, genit\u00edv, dat\u00edv, akuzat\u00edv, ablat\u00edv, in\u0161trument\u00e1lny a lokat\u00edv). Pochopenie toho, ako podstatn\u00e9 men\u00e1 funguj\u00fa v arm\u00e9n\u010dine, poskytne pevn\u00fd z\u00e1klad pre budovanie viet.<\/p>\n\n\n\n<h3 class=\"wp-block-heading\" id=\"h-2-articles\">2. \u010cl\u00e1nky:<\/h3>\n\n\n\n<p>Arm\u00e9n\u010dina m\u00e1 ur\u010dit\u00e9 a neur\u010dit\u00e9 \u010dl\u00e1nky, podobn\u00e9 angli\u010dtine. Nau\u010dte sa, ako ich spr\u00e1vne pou\u017e\u00edva\u0165 s podstatn\u00fdmi menami na ozna\u010denie \u0161pecifickosti a vytvorenie s\u00favisl\u00fdch viet.<\/p>\n\n\n\n<h3 class=\"wp-block-heading\" id=\"h-3-adjectives\">3. Pr\u00eddavn\u00e9 men\u00e1:<\/h3>\n\n\n\n<p>Pr\u00eddavn\u00e9 men\u00e1 s\u00fa nevyhnutn\u00e9 na opis podstatn\u00fdch mien. Pre\u0161tudujte si pravidl\u00e1 pou\u017e\u00edvania pr\u00eddavn\u00fdch mien v arm\u00e9n\u010dine vr\u00e1tane s\u00fahlasu s podstatn\u00fdmi menami v pohlav\u00ed, \u010d\u00edsle a p\u00e1de.<\/p>\n\n\n\n<h3 class=\"wp-block-heading\" id=\"h-4-pronouns-determiners\">4. Z\u00e1men\u00e1\/determin\u00e1tory:<\/h3>\n\n\n\n<p>Z\u00e1men\u00e1 nahr\u00e1dzaj\u00fa podstatn\u00e9 men\u00e1 vo vet\u00e1ch, zatia\u013e \u010do determin\u00e1tory ich \u0161pecifikuj\u00fa a kvantifikuj\u00fa. Z\u00edskajte inform\u00e1cie o r\u00f4znych typoch z\u00e1men (osobn\u00e9, privlast\u0148ovacie, demon\u0161trat\u00edvne, relat\u00edvne, opytovac\u00ed, reflex\u00edvne) a determinantoch v arm\u00e9n\u010dine a ich pou\u017e\u00edvan\u00ed.<\/p>\n\n\n\n<h3 class=\"wp-block-heading\" id=\"h-5-verbs\">5. Sloves\u00e1:<\/h3>\n\n\n\n<p>Sloves\u00e1 s\u00fa ak\u010dn\u00e9 slov\u00e1 jazyka. Zozn\u00e1mte sa s \u010dasovan\u00edm arm\u00e9nskych slovies, pravideln\u00fdmi a nepravideln\u00fdmi slovesami a r\u00f4znymi slovesn\u00fdmi tvarmi (infinit\u00edvny, imperat\u00edvny, subjunkt\u00edvny).<\/p>\n\n\n\n<h3 class=\"wp-block-heading\" id=\"h-6-tenses\">6. \u010casy:<\/h3>\n\n\n\n<p>Arm\u00e9n\u010dina m\u00e1 \u0161tyri slovesn\u00e9 \u010dasy: pr\u00edtomn\u00fd, minul\u00fd, bud\u00faci a aorista. Pre\u0161tudujte si tvorenie a pou\u017e\u00edvanie jednotliv\u00fdch \u010dasov, ako aj rozdiely medzi jednoduch\u00fdmi a pokra\u010dovac\u00edmi tvarmi.<\/p>\n\n\n\n<h3 class=\"wp-block-heading\" id=\"h-7-tense-comparison\">7. Nap\u00e4t\u00e9 porovnanie:<\/h3>\n\n\n\n<p>Pochopenie nuanci\u00ed medzi r\u00f4znymi \u010dasmi je nevyhnutn\u00e9 pre efekt\u00edvnu komunik\u00e1ciu. Nau\u010dte sa, ako porovna\u0165 a kontrastova\u0165 arm\u00e9nske \u010dasy, aby ste presne vyjadrili zam\u00fd\u0161\u013ean\u00fd v\u00fdznam.<\/p>\n\n\n\n<h3 class=\"wp-block-heading\" id=\"h-8-progressive\">8. Progres\u00edvne:<\/h3>\n\n\n\n<p>Progres\u00edvny aspekt v arm\u00e9n\u010dine nazna\u010duje prebiehaj\u00face akcie. Nau\u010dte sa, ako formova\u0165 a pou\u017e\u00edva\u0165 progres\u00edvny aspekt v r\u00f4znych \u010dasoch.<\/p>\n\n\n\n<h3 class=\"wp-block-heading\" id=\"h-9-perfect-progressive\">9. Perfektne progres\u00edvne:<\/h3>\n\n\n\n<p>Perfektn\u00fd progres\u00edvny kombinuje dokonal\u00e9 a progres\u00edvne aspekty, \u010do nazna\u010duje akciu, ktor\u00e1 za\u010dala v minulosti a pokra\u010duje v s\u00fa\u010dasnosti. Nau\u010dte sa jeho formovanie a pou\u017e\u00edvanie v arm\u00e9n\u010dine.<\/p>\n\n\n\n<h3 class=\"wp-block-heading\" id=\"h-10-adverbs\">10. Pr\u00edslovky:<\/h3>\n\n\n\n<p>Pr\u00edslovky upravuj\u00fa sloves\u00e1, pr\u00eddavn\u00e9 men\u00e1 a in\u00e9 pr\u00edslovky a poskytuj\u00fa \u010fal\u0161ie inform\u00e1cie o akci\u00e1ch alebo vlastnostiach. \u0160tudujte r\u00f4zne typy pr\u00edsloviek v arm\u00e9n\u010dine a ich umiestnenie vo vet\u00e1ch.<\/p>\n\n\n\n<h3 class=\"wp-block-heading\" id=\"h-11-prepositions\">11. Predlo\u017eky:<\/h3>\n\n\n\n<p>Predlo\u017eky v arm\u00e9n\u010dine s\u00fa nevyhnutn\u00e9 na ozna\u010denie vz\u0165ahov medzi slovami, ako je miesto, smer, \u010das a pr\u00ed\u010dina. Nau\u010dte sa najbe\u017enej\u0161ie arm\u00e9nske predlo\u017eky a ich pou\u017eitie.<\/p>\n\n\n\n<h3 class=\"wp-block-heading\" id=\"h-12-conditionals\">12. Podmienky:<\/h3>\n\n\n\n<p>Podmienen\u00e9 vyjadruj\u00fa hypotetick\u00e9 situ\u00e1cie a ich mo\u017en\u00e9 v\u00fdsledky. \u0160tudujte r\u00f4zne typy kondicion\u00e1lov v arm\u00e9n\u010dine (nula, prv\u00fd, druh\u00fd a tret\u00ed) a ich zodpovedaj\u00face slovesn\u00e9 tvary.<\/p>\n\n\n\n<h3 class=\"wp-block-heading\" id=\"h-13-sentences\">13. Vety:<\/h3>\n\n\n\n<p>Nakoniec spojte v\u0161etky gramatick\u00e9 prvky, aby ste vytvorili \u00fapln\u00e9 vety v arm\u00e9n\u010dine. Z\u00edskajte inform\u00e1cie o r\u00f4znych \u0161trukt\u00farach viet, slovoslede slov a pravidl\u00e1ch interpunkcie.<\/p>\n<\/div><\/div>\n\r\n<section class=\"learnNavigationSection\">\r\n            \r\n        <a href=\"https:\/\/talkpal.ai\/sk\/naucte-sa-armensky\/\">\r\n            <div class=\"learnNavigationWrapper\">\r\n                <div class=\"learnNavigationContent\">\r\n                    <img decoding=\"async\" src=\"https:\/\/talkpal.ai\/wp-content\/uploads\/2024\/08\/Armenian.jpg\" alt=\"Armenian Flag\">\r\n                    <div>\r\n                        <h4>O arm\u00e9nskom vzdel\u00e1van\u00ed<\/h4>\r\n                        <p>Zistite v\u0161etko o arm\u00e9nskej gramatike.<\/p>\r\n                    <\/div>\r\n                <\/div>\r\n            <\/div>\r\n        <\/a>\r\n\r\n        \r\n        <a href=\"https:\/\/talkpal.ai\/sk\/armenska-gramatika\/\">\r\n            <div class=\"learnNavigationWrapper\">\r\n                <div class=\"learnNavigationContent\">\r\n                    <img decoding=\"async\" src=\"https:\/\/talkpal.ai\/wp-content\/uploads\/2024\/08\/Armenian.jpg\" alt=\"Armenian Flag\">\r\n                    <div>\r\n                        <h4>Arm\u00e9nske gramatick\u00e9 lekcie<\/h4>\r\n                        <p>Precvi\u010dte si arm\u00e9nsku gramatiku.<\/p>\r\n                    <\/div>\r\n                <\/div>\r\n            <\/div>\r\n        <\/a>\r\n\r\n        \r\n        <a href=\"https:\/\/talkpal.ai\/vocabulary_language\/armenian\/\">\r\n            <div class=\"learnNavigationWrapper\">\r\n                <div class=\"learnNavigationContent\">\r\n                    <img decoding=\"async\" src=\"https:\/\/talkpal.ai\/wp-content\/uploads\/2024\/08\/Armenian.jpg\" alt=\"Armenian Flag\">\r\n                    <div>\r\n                        <h4>Arm\u00e9nska slovn\u00e1 z\u00e1soba<\/h4>\r\n                        <p>Roz\u0161\u00edrte si slovn\u00fa z\u00e1sobu arm\u00e9n\u010diny.<\/p>\r\n                    <\/div>\r\n                <\/div>\r\n            <\/div>\r\n        <\/a>\r\n\r\n            <\/section>","protected":false},"excerpt":{"rendered":"<p>T\u00e9my arm\u00e9nskej gramatiky Arm\u00e9n\u010dina je indoeur\u00f3psky jazyk, ktor\u00fdm sa hovor\u00ed hlavne v Arm\u00e9nskej republike a arm\u00e9nskou diasp\u00f3rou po celom svete. S dlhou hist\u00f3riou a jedine\u010dn\u00fdm syst\u00e9mom p\u00edsania pon\u00faka arm\u00e9n\u010dina fascinuj\u00faci jazykov\u00fd z\u00e1\u017eitok pre \u0161tudentov jazykov. Ako pri ka\u017edom jazyku, pochopenie gramatiky je nevyhnutnou s\u00fa\u010das\u0165ou zvl\u00e1dnutia arm\u00e9n\u010diny. T\u00e1to pr\u00edru\u010dka poskytuje preh\u013ead k\u013e\u00fa\u010dov\u00fdch t\u00e9m arm\u00e9nskej gramatiky, ktor\u00e9 [&hellip;]<\/p>\n","protected":false},"author":6,"featured_media":109264,"parent":0,"menu_order":0,"comment_status":"closed","ping_status":"closed","template":"LearningContentPage.php","meta":{"_acf_changed":false,"footnotes":""},"class_list":["post-166192","page","type-page","status-publish","has-post-thumbnail","hentry"],"acf":[],"yoast_head":"<!-- This site is optimized with the Yoast SEO Premium plugin v27.2 (Yoast SEO v27.2) - https:\/\/yoast.com\/product\/yoast-seo-premium-wordpress\/ -->\n<title>Arm\u00e9nske gramatick\u00e9 cvi\u010denia - Talkpal<\/title>\n<meta name=\"description\" content=\"Ovl\u00e1dnite arm\u00e9nsku gramatiku pomocou p\u00fatav\u00fdch cvi\u010den\u00ed z arm\u00e9nskej gramatiky na mieru Talkpal, v\u00e1\u0161 jazykov\u00fd t\u00fator poh\u00e1\u0148an\u00fd umelou inteligenciou.\" \/>\n<meta name=\"robots\" content=\"index, follow, max-snippet:-1, max-image-preview:large, max-video-preview:-1\" \/>\n<link rel=\"canonical\" href=\"https:\/\/talkpal.ai\/sk\/armenske-gramaticke-cvicenia\/\" \/>\n<meta property=\"og:locale\" content=\"sk_SK\" \/>\n<meta property=\"og:type\" content=\"article\" \/>\n<meta property=\"og:title\" content=\"Arm\u00e9nske gramatick\u00e9 cvi\u010denia\" \/>\n<meta property=\"og:description\" content=\"T\u00e9my arm\u00e9nskej gramatiky Arm\u00e9n\u010dina je indoeur\u00f3psky jazyk, ktor\u00fdm sa hovor\u00ed hlavne v Arm\u00e9nskej republike a arm\u00e9nskou diasp\u00f3rou po celom svete. S dlhou\" \/>\n<meta property=\"og:url\" content=\"https:\/\/talkpal.ai\/sk\/armenske-gramaticke-cvicenia\/\" \/>\n<meta property=\"og:site_name\" content=\"Talkpal\" \/>\n<meta property=\"article:publisher\" content=\"https:\/\/www.facebook.com\/profile.php?id=100090733639311\" \/>\n<meta property=\"article:modified_time\" content=\"2025-05-22T19:38:47+00:00\" \/>\n<meta property=\"og:image\" content=\"https:\/\/talkpal.ai\/wp-content\/uploads\/2023\/05\/armenia.png\" \/>\n\t<meta property=\"og:image:width\" content=\"512\" \/>\n\t<meta property=\"og:image:height\" content=\"512\" \/>\n\t<meta property=\"og:image:type\" content=\"image\/png\" \/>\n<meta name=\"twitter:card\" content=\"summary_large_image\" \/>\n<meta name=\"twitter:site\" content=\"@talkpalai\" \/>\n<meta name=\"twitter:label1\" content=\"Predpokladan\u00fd \u010das \u010d\u00edtania\" \/>\n\t<meta name=\"twitter:data1\" content=\"3 min\u00faty\" \/>\n<script type=\"application\/ld+json\" class=\"yoast-schema-graph\">{\"@context\":\"https:\/\/schema.org\",\"@graph\":[{\"@type\":\"WebPage\",\"@id\":\"https:\/\/talkpal.ai\/sk\/armenske-gramaticke-cvicenia\/\",\"url\":\"https:\/\/talkpal.ai\/sk\/armenske-gramaticke-cvicenia\/\",\"name\":\"Arm\u00e9nske gramatick\u00e9 cvi\u010denia - Talkpal\",\"isPartOf\":{\"@id\":\"https:\/\/talkpal.ai\/sk\/#website\"},\"primaryImageOfPage\":{\"@id\":\"https:\/\/talkpal.ai\/sk\/armenske-gramaticke-cvicenia\/#primaryimage\"},\"image\":{\"@id\":\"https:\/\/talkpal.ai\/sk\/armenske-gramaticke-cvicenia\/#primaryimage\"},\"thumbnailUrl\":\"https:\/\/talkpal.ai\/wp-content\/uploads\/2023\/05\/armenia.png\",\"datePublished\":\"2023-06-16T11:31:43+00:00\",\"dateModified\":\"2025-05-22T19:38:47+00:00\",\"description\":\"Ovl\u00e1dnite arm\u00e9nsku gramatiku pomocou p\u00fatav\u00fdch cvi\u010den\u00ed z arm\u00e9nskej gramatiky na mieru Talkpal, v\u00e1\u0161 jazykov\u00fd t\u00fator poh\u00e1\u0148an\u00fd umelou inteligenciou.\",\"breadcrumb\":{\"@id\":\"https:\/\/talkpal.ai\/sk\/armenske-gramaticke-cvicenia\/#breadcrumb\"},\"inLanguage\":\"sk-SK\",\"potentialAction\":[{\"@type\":\"ReadAction\",\"target\":[\"https:\/\/talkpal.ai\/sk\/armenske-gramaticke-cvicenia\/\"]}]},{\"@type\":\"ImageObject\",\"inLanguage\":\"sk-SK\",\"@id\":\"https:\/\/talkpal.ai\/sk\/armenske-gramaticke-cvicenia\/#primaryimage\",\"url\":\"https:\/\/talkpal.ai\/wp-content\/uploads\/2023\/05\/armenia.png\",\"contentUrl\":\"https:\/\/talkpal.ai\/wp-content\/uploads\/2023\/05\/armenia.png\",\"width\":512,\"height\":512},{\"@type\":\"BreadcrumbList\",\"@id\":\"https:\/\/talkpal.ai\/sk\/armenske-gramaticke-cvicenia\/#breadcrumb\",\"itemListElement\":[{\"@type\":\"ListItem\",\"position\":1,\"name\":\"Homepage\",\"item\":\"https:\/\/talkpal.ai\/sk\/\"},{\"@type\":\"ListItem\",\"position\":2,\"name\":\"Arm\u00e9nske gramatick\u00e9 cvi\u010denia\"}]},{\"@type\":\"WebSite\",\"@id\":\"https:\/\/talkpal.ai\/sk\/#website\",\"url\":\"https:\/\/talkpal.ai\/sk\/\",\"name\":\"Talkpal\",\"description\":\"AI Language Learning\",\"publisher\":{\"@id\":\"https:\/\/talkpal.ai\/sk\/#organization\"},\"alternateName\":\"Talkpal AI\",\"potentialAction\":[{\"@type\":\"SearchAction\",\"target\":{\"@type\":\"EntryPoint\",\"urlTemplate\":\"https:\/\/talkpal.ai\/sk\/?s={search_term_string}\"},\"query-input\":{\"@type\":\"PropertyValueSpecification\",\"valueRequired\":true,\"valueName\":\"search_term_string\"}}],\"inLanguage\":\"sk-SK\"},{\"@type\":\"Organization\",\"@id\":\"https:\/\/talkpal.ai\/sk\/#organization\",\"name\":\"Talkpal, Inc.\",\"alternateName\":\"Talkpal AI\",\"url\":\"https:\/\/talkpal.ai\/sk\/\",\"logo\":{\"@type\":\"ImageObject\",\"inLanguage\":\"sk-SK\",\"@id\":\"https:\/\/talkpal.ai\/sk\/#\/schema\/logo\/image\/\",\"url\":\"https:\/\/talkpal.ai\/wp-content\/uploads\/2024\/03\/Talkpal-Logo-Icon.png\",\"contentUrl\":\"https:\/\/talkpal.ai\/wp-content\/uploads\/2024\/03\/Talkpal-Logo-Icon.png\",\"width\":2880,\"height\":2880,\"caption\":\"Talkpal, Inc.\"},\"image\":{\"@id\":\"https:\/\/talkpal.ai\/sk\/#\/schema\/logo\/image\/\"},\"sameAs\":[\"https:\/\/www.facebook.com\/profile.php?id=100090733639311\",\"https:\/\/x.com\/talkpalai\",\"https:\/\/www.linkedin.com\/company\/talkpal\/\",\"https:\/\/www.youtube.com\/@TalkPal\/\",\"https:\/\/www.tiktok.com\/@talkpal\",\"https:\/\/www.instagram.com\/talkpal_ai\/\",\"https:\/\/www.crunchbase.com\/organization\/talkpal-9cde\",\"https:\/\/www.g2.com\/products\/talkpal-for-business\/\",\"https:\/\/www.trustpilot.com\/review\/talkpal.ai\",\"https:\/\/www.capterra.com\/p\/10006800\/TalkPal\/\"],\"description\":\"Talkpal is a language learning web and mobile education app, powered by the latest AI technologies, that provides engaging experiences to its customers in many different languages to help them improve their language skills. Users can chat about unlimited amount of topics with the app and use other modes to practice their language learning.\",\"email\":\"support@talkpal.ai\",\"legalName\":\"Talkpal, Inc.\",\"foundingDate\":\"2023-04-03\",\"duns\":\"118989042\",\"numberOfEmployees\":{\"@type\":\"QuantitativeValue\",\"minValue\":\"11\",\"maxValue\":\"50\"},\"publishingPrinciples\":\"https:\/\/talkpal.ai\/publishing-principles\/\",\"actionableFeedbackPolicy\":\"https:\/\/talkpal.ai\/actionable-feedback-policy\/\",\"correctionsPolicy\":\"https:\/\/talkpal.ai\/corrections-policy\/\",\"ethicsPolicy\":\"https:\/\/talkpal.ai\/ethics-policy\/\",\"diversityPolicy\":\"https:\/\/talkpal.ai\/diversity-policy\/\",\"diversityStaffingReport\":\"https:\/\/talkpal.ai\/diversity-policy\/\"}]}<\/script>\n<!-- \/ Yoast SEO Premium plugin. -->","yoast_head_json":{"title":"Arm\u00e9nske gramatick\u00e9 cvi\u010denia - Talkpal","description":"Ovl\u00e1dnite arm\u00e9nsku gramatiku pomocou p\u00fatav\u00fdch cvi\u010den\u00ed z arm\u00e9nskej gramatiky na mieru Talkpal, v\u00e1\u0161 jazykov\u00fd t\u00fator poh\u00e1\u0148an\u00fd umelou inteligenciou.","robots":{"index":"index","follow":"follow","max-snippet":"max-snippet:-1","max-image-preview":"max-image-preview:large","max-video-preview":"max-video-preview:-1"},"canonical":"https:\/\/talkpal.ai\/sk\/armenske-gramaticke-cvicenia\/","og_locale":"sk_SK","og_type":"article","og_title":"Arm\u00e9nske gramatick\u00e9 cvi\u010denia","og_description":"T\u00e9my arm\u00e9nskej gramatiky Arm\u00e9n\u010dina je indoeur\u00f3psky jazyk, ktor\u00fdm sa hovor\u00ed hlavne v Arm\u00e9nskej republike a arm\u00e9nskou diasp\u00f3rou po celom svete. S dlhou","og_url":"https:\/\/talkpal.ai\/sk\/armenske-gramaticke-cvicenia\/","og_site_name":"Talkpal","article_publisher":"https:\/\/www.facebook.com\/profile.php?id=100090733639311","article_modified_time":"2025-05-22T19:38:47+00:00","og_image":[{"width":512,"height":512,"url":"https:\/\/talkpal.ai\/wp-content\/uploads\/2023\/05\/armenia.png","type":"image\/png"}],"twitter_card":"summary_large_image","twitter_site":"@talkpalai","twitter_misc":{"Predpokladan\u00fd \u010das \u010d\u00edtania":"3 min\u00faty"},"schema":{"@context":"https:\/\/schema.org","@graph":[{"@type":"WebPage","@id":"https:\/\/talkpal.ai\/sk\/armenske-gramaticke-cvicenia\/","url":"https:\/\/talkpal.ai\/sk\/armenske-gramaticke-cvicenia\/","name":"Arm\u00e9nske gramatick\u00e9 cvi\u010denia - Talkpal","isPartOf":{"@id":"https:\/\/talkpal.ai\/sk\/#website"},"primaryImageOfPage":{"@id":"https:\/\/talkpal.ai\/sk\/armenske-gramaticke-cvicenia\/#primaryimage"},"image":{"@id":"https:\/\/talkpal.ai\/sk\/armenske-gramaticke-cvicenia\/#primaryimage"},"thumbnailUrl":"https:\/\/talkpal.ai\/wp-content\/uploads\/2023\/05\/armenia.png","datePublished":"2023-06-16T11:31:43+00:00","dateModified":"2025-05-22T19:38:47+00:00","description":"Ovl\u00e1dnite arm\u00e9nsku gramatiku pomocou p\u00fatav\u00fdch cvi\u010den\u00ed z arm\u00e9nskej gramatiky na mieru Talkpal, v\u00e1\u0161 jazykov\u00fd t\u00fator poh\u00e1\u0148an\u00fd umelou inteligenciou.","breadcrumb":{"@id":"https:\/\/talkpal.ai\/sk\/armenske-gramaticke-cvicenia\/#breadcrumb"},"inLanguage":"sk-SK","potentialAction":[{"@type":"ReadAction","target":["https:\/\/talkpal.ai\/sk\/armenske-gramaticke-cvicenia\/"]}]},{"@type":"ImageObject","inLanguage":"sk-SK","@id":"https:\/\/talkpal.ai\/sk\/armenske-gramaticke-cvicenia\/#primaryimage","url":"https:\/\/talkpal.ai\/wp-content\/uploads\/2023\/05\/armenia.png","contentUrl":"https:\/\/talkpal.ai\/wp-content\/uploads\/2023\/05\/armenia.png","width":512,"height":512},{"@type":"BreadcrumbList","@id":"https:\/\/talkpal.ai\/sk\/armenske-gramaticke-cvicenia\/#breadcrumb","itemListElement":[{"@type":"ListItem","position":1,"name":"Homepage","item":"https:\/\/talkpal.ai\/sk\/"},{"@type":"ListItem","position":2,"name":"Arm\u00e9nske gramatick\u00e9 cvi\u010denia"}]},{"@type":"WebSite","@id":"https:\/\/talkpal.ai\/sk\/#website","url":"https:\/\/talkpal.ai\/sk\/","name":"Talkpal","description":"AI Language Learning","publisher":{"@id":"https:\/\/talkpal.ai\/sk\/#organization"},"alternateName":"Talkpal AI","potentialAction":[{"@type":"SearchAction","target":{"@type":"EntryPoint","urlTemplate":"https:\/\/talkpal.ai\/sk\/?s={search_term_string}"},"query-input":{"@type":"PropertyValueSpecification","valueRequired":true,"valueName":"search_term_string"}}],"inLanguage":"sk-SK"},{"@type":"Organization","@id":"https:\/\/talkpal.ai\/sk\/#organization","name":"Talkpal, Inc.","alternateName":"Talkpal AI","url":"https:\/\/talkpal.ai\/sk\/","logo":{"@type":"ImageObject","inLanguage":"sk-SK","@id":"https:\/\/talkpal.ai\/sk\/#\/schema\/logo\/image\/","url":"https:\/\/talkpal.ai\/wp-content\/uploads\/2024\/03\/Talkpal-Logo-Icon.png","contentUrl":"https:\/\/talkpal.ai\/wp-content\/uploads\/2024\/03\/Talkpal-Logo-Icon.png","width":2880,"height":2880,"caption":"Talkpal, Inc."},"image":{"@id":"https:\/\/talkpal.ai\/sk\/#\/schema\/logo\/image\/"},"sameAs":["https:\/\/www.facebook.com\/profile.php?id=100090733639311","https:\/\/x.com\/talkpalai","https:\/\/www.linkedin.com\/company\/talkpal\/","https:\/\/www.youtube.com\/@TalkPal\/","https:\/\/www.tiktok.com\/@talkpal","https:\/\/www.instagram.com\/talkpal_ai\/","https:\/\/www.crunchbase.com\/organization\/talkpal-9cde","https:\/\/www.g2.com\/products\/talkpal-for-business\/","https:\/\/www.trustpilot.com\/review\/talkpal.ai","https:\/\/www.capterra.com\/p\/10006800\/TalkPal\/"],"description":"Talkpal is a language learning web and mobile education app, powered by the latest AI technologies, that provides engaging experiences to its customers in many different languages to help them improve their language skills. Users can chat about unlimited amount of topics with the app and use other modes to practice their language learning.","email":"support@talkpal.ai","legalName":"Talkpal, Inc.","foundingDate":"2023-04-03","duns":"118989042","numberOfEmployees":{"@type":"QuantitativeValue","minValue":"11","maxValue":"50"},"publishingPrinciples":"https:\/\/talkpal.ai\/publishing-principles\/","actionableFeedbackPolicy":"https:\/\/talkpal.ai\/actionable-feedback-policy\/","correctionsPolicy":"https:\/\/talkpal.ai\/corrections-policy\/","ethicsPolicy":"https:\/\/talkpal.ai\/ethics-policy\/","diversityPolicy":"https:\/\/talkpal.ai\/diversity-policy\/","diversityStaffingReport":"https:\/\/talkpal.ai\/diversity-policy\/"}]}},"_links":{"self":[{"href":"https:\/\/talkpal.ai\/sk\/wp-json\/wp\/v2\/pages\/166192","targetHints":{"allow":["GET"]}}],"collection":[{"href":"https:\/\/talkpal.ai\/sk\/wp-json\/wp\/v2\/pages"}],"about":[{"href":"https:\/\/talkpal.ai\/sk\/wp-json\/wp\/v2\/types\/page"}],"author":[{"embeddable":true,"href":"https:\/\/talkpal.ai\/sk\/wp-json\/wp\/v2\/users\/6"}],"replies":[{"embeddable":true,"href":"https:\/\/talkpal.ai\/sk\/wp-json\/wp\/v2\/comments?post=166192"}],"version-history":[{"count":0,"href":"https:\/\/talkpal.ai\/sk\/wp-json\/wp\/v2\/pages\/166192\/revisions"}],"wp:featuredmedia":[{"embeddable":true,"href":"https:\/\/talkpal.ai\/sk\/wp-json\/wp\/v2\/media\/109264"}],"wp:attachment":[{"href":"https:\/\/talkpal.ai\/sk\/wp-json\/wp\/v2\/media?parent=166192"}],"curies":[{"name":"wp","href":"https:\/\/api.w.org\/{rel}","templated":true}]}}