{"id":165918,"date":"2023-06-16T11:38:32","date_gmt":"2023-06-16T11:38:32","guid":{"rendered":"http:\/\/talkpal.ai\/azerbajdzanske-gramaticke-cvicenia\/"},"modified":"2025-05-22T21:34:55","modified_gmt":"2025-05-22T21:34:55","slug":"azerbajdzanske-gramaticke-cvicenia","status":"publish","type":"page","link":"https:\/\/talkpal.ai\/sk\/azerbajdzanske-gramaticke-cvicenia\/","title":{"rendered":"Azerbajd\u017eansk\u00e9 gramatick\u00e9 cvi\u010denia"},"content":{"rendered":"\r\n\r\n\r\n<section class=\"languageChallengeSection\">\r\n    <div class=\"languageInfoWrapper\">\r\n        \r\n        <h1>Azerbajd\u017eansk\u00e9 gramatick\u00e9 cvi\u010denia<\/h1>\r\n        <p>Chcete si zlep\u0161i\u0165 svoje znalosti azerbajd\u017ean\u010diny? Precvi\u010dovanie gramatick\u00fdch cvi\u010den\u00ed je ide\u00e1lny sp\u00f4sob, ako pochopi\u0165 \u0161trukt\u00faru vety, koncovky slovies a vzory, ktor\u00e9 robia jazyk jedine\u010dn\u00fdm. Za\u010dnite si precvi\u010dova\u0165 azerbajd\u017eansk\u00fa gramatiku e\u0161te dnes a sledujte, ako s ka\u017ed\u00fdm krokom rastie va\u0161e sebavedomie a plynulos\u0165!<\/p>\r\n\r\n                            <a class=\"getStartedHidden\" href=\"https:\/\/app.talkpal.ai\/sk\/signup?lng=\">Za\u010dni<\/a>\r\n        \r\n    <\/div>\r\n\r\n    <figure>\r\n    <img decoding=\"async\" width=\"768\" height=\"768\" src=\"https:\/\/talkpal.ai\/wp-content\/uploads\/2023\/06\/azerbaijani-768x768.png\" class=\"languageImage no-lazy\" alt=\"Language learning for enhanced cognitive skills\" fetchpriority=\"high\" sizes=\"(max-width: 768px) 150px, 768px\" srcset=\"https:\/\/talkpal.ai\/wp-content\/uploads\/2023\/06\/azerbaijani-768x768.png 768w, https:\/\/talkpal.ai\/wp-content\/uploads\/2023\/06\/azerbaijani-300x300.png 300w\" \/>\r\n    \r\n\r\n    <\/figure>\r\n\r\n            <a class=\"getStartedVisible\" href=\"https:\/\/app.talkpal.ai\/sk\/signup?lng=\">Za\u010dni<\/a>\r\n    \r\n<\/section>\r\n\r\n\r\n<!-- <section class=\"grammarSection\">\r\n    <div class=\"grammarLinks\">\r\n            <\/div>\r\n<\/section> -->\r\n\r\n\r\n\r\n\r\n<section class=\"promotionalBanner\">\r\n    <p class=\"promotionalText\">Najefekt\u00edvnej\u0161\u00ed sp\u00f4sob, ako sa nau\u010di\u0165 jazyk<\/p>\r\n    <a class=\"promotionalLink\" href=\"https:\/\/app.talkpal.ai\/sk\/signup?lng=\">Vysk\u00fa\u0161ajte Talkpal zadarmo<\/a>\r\n<\/section>\n<div class=\"wp-block-group pageContainerStyle\"><div class=\"wp-block-group__inner-container is-layout-constrained wp-block-group-is-layout-constrained\">\n<h2 class=\"wp-block-heading\" id=\"h-azerbaijani-grammar-topics\">T\u00e9my azerbajd\u017eanskej gramatiky<\/h2>\n\n\n\n<p><a href=\"https:\/\/talkpal.ai\/learn-azerbaijani\/\">Azerbajd\u017ean\u010dina<\/a>, tie\u017e zn\u00e1ma ako Azeri, je turkick\u00fd jazyk, ktor\u00fdm sa hovor\u00ed predov\u0161etk\u00fdm v Azerbajd\u017eane a okolit\u00fdch regi\u00f3noch. Je \u00faradn\u00fdm jazykom Azerbajd\u017eanskej republiky a m\u00e1 v\u00fdznamn\u00fdch hovorcov v Ir\u00e1ne, Turecku, Gruz\u00ednsku a Rusku. Ako \u0161tudent azerbajd\u017ean\u010diny je nevyhnutn\u00e9 porozumie\u0165 z\u00e1kladn\u00fdm aspektom jazyka, ako je jeho <a href=\"https:\/\/talkpal.ai\/sq\/gramatika\/\">gramatika<\/a>, syntax a slovn\u00e1 z\u00e1soba. T\u00e1to pr\u00edru\u010dka v\u00e1m poskytne preh\u013ead z\u00e1kladn\u00fdch t\u00e9m azerbajd\u017eanskej gramatiky, zoskupen\u00fdch do logickej postupnosti, ktor\u00e9 v\u00e1m pom\u00f4\u017eu <a href=\"https:\/\/talkpal.ai\/sk\/ako-sa-naucit-jazyk-rychlo-a-efektivne-tipy-ktore-funguju\/\">nau\u010di\u0165 sa jazyk<\/a> efekt\u00edvne a \u013eahko.<\/p>\n\n\n\n<h3 class=\"wp-block-heading\" id=\"h-1-nouns-and-articles\">1. Podstatn\u00e9 men\u00e1 a \u010dleny:<\/h3>\n\n\n\n<p>V azerbajd\u017ean\u010dine s\u00fa podstatn\u00e9 men\u00e1 stavebn\u00fdmi kame\u0148mi viet a pochopenie ich pou\u017e\u00edvania je rozhoduj\u00face. Podstatn\u00e9 men\u00e1 nemaj\u00fa pohlavie a neexistuje neur\u010dit\u00fd \u010dl\u00e1nok. Ur\u010dit\u00fd \u010dlen sa v\u0161ak prid\u00e1va ako pr\u00edpona k podstatn\u00e9mu menu.<\/p>\n\n\n\n<h3 class=\"wp-block-heading\" id=\"h-2-adjectives\">2. Pr\u00eddavn\u00e9 men\u00e1:<\/h3>\n\n\n\n<p>Pr\u00eddavn\u00e9 men\u00e1 v azerbajd\u017ean\u010dine sa pou\u017e\u00edvaj\u00fa na opis podstatn\u00fdch mien. V\u017edy stoja pred podstatn\u00fdm menom, ktor\u00e9 modifikuj\u00fa, a nemenia svoj tvar v z\u00e1vislosti od rodu alebo \u010d\u00edsla podstatn\u00e9ho mena.<\/p>\n\n\n\n<h3 class=\"wp-block-heading\" id=\"h-3-pronouns-determiners\">3. Z\u00e1men\u00e1\/determin\u00e1tory:<\/h3>\n\n\n\n<p>Z\u00e1men\u00e1 sa pou\u017e\u00edvaj\u00fa na nahradenie podstatn\u00fdch mien, zatia\u013e \u010do ur\u010dovacie z\u00e1men\u00e1 sa pou\u017e\u00edvaj\u00fa na ur\u010denie mno\u017estva alebo ur\u010ditosti podstatn\u00e9ho mena. Obe s\u00fa z\u00e1kladn\u00fdmi zlo\u017ekami azerbajd\u017eansk\u00fdch viet.<\/p>\n\n\n\n<h3 class=\"wp-block-heading\" id=\"h-4-verbs\">4. Sloves\u00e1:<\/h3>\n\n\n\n<p>Azerbajd\u017eansk\u00e9 sloves\u00e1 s\u00fa ak\u010dn\u00e9 slov\u00e1 jazyka. Menia svoju formu v z\u00e1vislosti od nap\u00e4tia, n\u00e1lady a hlasu. Pochopenie \u010dasovania slovies je rozhoduj\u00face pre zvl\u00e1dnutie azerbajd\u017eanskej gramatiky.<\/p>\n\n\n\n<h3 class=\"wp-block-heading\" id=\"h-5-tenses\">5. \u010casy:<\/h3>\n\n\n\n<p>Azerbajd\u017ean\u010dina m\u00e1 \u0161es\u0165 \u010dasov &#8211; pr\u00edtomn\u00fd, minul\u00fd, bud\u00faci, pr\u00edtomn\u00fd priebehov\u00fd, minul\u00fd priebehov\u00fd a bud\u00faci priebehov\u00fd. Ka\u017ed\u00fd \u010das m\u00e1 svoje pravidl\u00e1 \u010dasovania a pou\u017e\u00edva sa na vyjadrenie akci\u00ed alebo stavov v r\u00f4znych \u010dasoch.<\/p>\n\n\n\n<h3 class=\"wp-block-heading\" id=\"h-6-tense-comparison\">6. Nap\u00e4t\u00e9 porovnanie:<\/h3>\n\n\n\n<p>Porovnanie \u010dasov v azerbajd\u017ean\u010dine v\u00e1m pom\u00f4\u017ee pochopi\u0165 rozdiely vo vyjadrovan\u00ed \u010dasu a \u010dinov. Je to k\u013e\u00fa\u010dov\u00e1 zru\u010dnos\u0165 pre efekt\u00edvnu komunik\u00e1ciu.<\/p>\n\n\n\n<h3 class=\"wp-block-heading\" id=\"h-7-progressive\">7. Progres\u00edvne:<\/h3>\n\n\n\n<p>Progres\u00edvny aspekt v azerbajd\u017ean\u010dine sa pou\u017e\u00edva na opis prebiehaj\u00facich akci\u00ed. Tvor\u00ed sa pomocou pomocn\u00fdch slovies a je nevyhnutn\u00e9 pochopi\u0165 tok udalost\u00ed vo vete.<\/p>\n\n\n\n<h3 class=\"wp-block-heading\" id=\"h-8-perfect-progressive\">8. Perfektne progres\u00edvne:<\/h3>\n\n\n\n<p>Perfektn\u00e9 progres\u00edvne \u010dasy sa pou\u017e\u00edvaj\u00fa na opis akci\u00ed, ktor\u00e9 za\u010dali v minulosti a pokra\u010duj\u00fa a\u017e do s\u00fa\u010dasnosti alebo bud\u00facnosti. Kombinuj\u00fa dokonal\u00e9 a progres\u00edvne aspekty a s\u00fa nevyhnutn\u00e9 na vyjadrenie zlo\u017eit\u00fdch akci\u00ed.<\/p>\n\n\n\n<h3 class=\"wp-block-heading\" id=\"h-9-adverbs\">9. Pr\u00edslovky:<\/h3>\n\n\n\n<p>Pr\u00edslovky v azerbajd\u017ean\u010dine sa pou\u017e\u00edvaj\u00fa na \u00fapravu slovies, pr\u00eddavn\u00fdch mien alebo in\u00fdch pr\u00edsloviek. Poskytuj\u00fa dodato\u010dn\u00e9 inform\u00e1cie o akci\u00e1ch alebo stavoch a s\u00fa nevyhnutn\u00e9 na vytvorenie presnej\u0161\u00edch a popisnej\u0161\u00edch viet.<\/p>\n\n\n\n<h3 class=\"wp-block-heading\" id=\"h-10-conditionals\">10. Podmienky:<\/h3>\n\n\n\n<p>Podmienen\u00e9 sa pou\u017e\u00edvaj\u00fa na vyjadrenie hypotetick\u00fdch situ\u00e1ci\u00ed a ich mo\u017en\u00fdch d\u00f4sledkov. S\u00fa nevyhnutn\u00e9 na vyjadrenie neistoty a vytv\u00e1ranie predpoved\u00ed v Azerbajd\u017eane.<\/p>\n\n\n\n<h3 class=\"wp-block-heading\" id=\"h-11-prepositions\">11. Predlo\u017eky:<\/h3>\n\n\n\n<p>Predlo\u017eky sa pou\u017e\u00edvaj\u00fa na zobrazenie vz\u0165ahov medzi podstatn\u00fdmi menami alebo z\u00e1menami a in\u00fdmi slovami vo vete. S\u00fa nevyhnutn\u00e9 na vyjadrenie priestorov\u00fdch, \u010dasov\u00fdch a logick\u00fdch vz\u0165ahov v azerbajd\u017ean\u010dine.<\/p>\n\n\n\n<h3 class=\"wp-block-heading\" id=\"h-12-sentences\">12. Vety:<\/h3>\n\n\n\n<p>Azerbajd\u017eansk\u00e9 vety nasleduj\u00fa slovosled podmet-objekt-sloveso (SOV). Pochopenie \u0161trukt\u00fary viet je rozhoduj\u00face pre efekt\u00edvnu komunik\u00e1ciu a zvl\u00e1dnutie azerbajd\u017eansk\u00e9ho jazyka.<\/p>\n<\/div><\/div>\n\r\n<section class=\"learnNavigationSection\">\r\n            \r\n        <a href=\"https:\/\/talkpal.ai\/sk\/naucte-sa-azerbajdzansky\/\">\r\n            <div class=\"learnNavigationWrapper\">\r\n                <div class=\"learnNavigationContent\">\r\n                    <img decoding=\"async\" src=\"https:\/\/talkpal.ai\/wp-content\/uploads\/2024\/08\/Azerbaijani.jpg\" alt=\"Azerbaijani Flag\">\r\n                    <div>\r\n                        <h4>O azerbajd\u017eanskom vzdel\u00e1van\u00ed<\/h4>\r\n                        <p>Zistite v\u0161etko o azerbajd\u017eanskej gramatike.<\/p>\r\n                    <\/div>\r\n                <\/div>\r\n            <\/div>\r\n        <\/a>\r\n\r\n        \r\n        <a href=\"https:\/\/talkpal.ai\/sk\/azerbajdzanska-gramatika\/\">\r\n            <div class=\"learnNavigationWrapper\">\r\n                <div class=\"learnNavigationContent\">\r\n                    <img decoding=\"async\" src=\"https:\/\/talkpal.ai\/wp-content\/uploads\/2024\/08\/Azerbaijani.jpg\" alt=\"Azerbaijani Flag\">\r\n                    <div>\r\n                        <h4>Azerbajd\u017eansk\u00e9 gramatick\u00e9 lekcie<\/h4>\r\n                        <p>Precvi\u010dte si azerbajd\u017eansk\u00fa gramatiku.<\/p>\r\n                    <\/div>\r\n                <\/div>\r\n            <\/div>\r\n        <\/a>\r\n\r\n        \r\n        <a href=\"https:\/\/talkpal.ai\/vocabulary_language\/azerbaijani\/\">\r\n            <div class=\"learnNavigationWrapper\">\r\n                <div class=\"learnNavigationContent\">\r\n                    <img decoding=\"async\" src=\"https:\/\/talkpal.ai\/wp-content\/uploads\/2024\/08\/Azerbaijani.jpg\" alt=\"Azerbaijani Flag\">\r\n                    <div>\r\n                        <h4>Azerbajd\u017eansk\u00fd slovn\u00edk<\/h4>\r\n                        <p>Roz\u0161\u00edrte si slovn\u00fa z\u00e1sobu azerbajd\u017ean\u010diny.<\/p>\r\n                    <\/div>\r\n                <\/div>\r\n            <\/div>\r\n        <\/a>\r\n\r\n            <\/section>","protected":false},"excerpt":{"rendered":"<p>T\u00e9my azerbajd\u017eanskej gramatiky Azerbajd\u017ean\u010dina, tie\u017e zn\u00e1ma ako Azeri, je turkick\u00fd jazyk, ktor\u00fdm sa hovor\u00ed predov\u0161etk\u00fdm v Azerbajd\u017eane a okolit\u00fdch regi\u00f3noch. Je \u00faradn\u00fdm jazykom Azerbajd\u017eanskej republiky a m\u00e1 v\u00fdznamn\u00fdch hovorcov v Ir\u00e1ne, Turecku, Gruz\u00ednsku a Rusku. Ako \u0161tudent azerbajd\u017ean\u010diny je nevyhnutn\u00e9 porozumie\u0165 z\u00e1kladn\u00fdm aspektom jazyka, ako je jeho gramatika, syntax a slovn\u00e1 z\u00e1soba. T\u00e1to pr\u00edru\u010dka v\u00e1m [&hellip;]<\/p>\n","protected":false},"author":6,"featured_media":109361,"parent":0,"menu_order":0,"comment_status":"closed","ping_status":"closed","template":"LearningContentPage.php","meta":{"_acf_changed":false,"footnotes":""},"class_list":["post-165918","page","type-page","status-publish","has-post-thumbnail","hentry"],"acf":[],"yoast_head":"<!-- This site is optimized with the Yoast SEO Premium plugin v27.2 (Yoast SEO v27.2) - https:\/\/yoast.com\/product\/yoast-seo-premium-wordpress\/ -->\n<title>Azerbajd\u017eansk\u00e9 gramatick\u00e9 cvi\u010denia - Talkpal<\/title>\n<meta name=\"description\" content=\"Zlep\u0161ite svoje jazykov\u00e9 zru\u010dnosti s interakt\u00edvnymi cvi\u010deniami z azerbajd\u017eanskej gramatiky od Talkpal, v\u00e1\u0161ho jazykov\u00e9ho u\u010dite\u013ea poh\u00e1\u0148an\u00e9ho umelou inteligenciou.\" \/>\n<meta name=\"robots\" content=\"index, follow, max-snippet:-1, max-image-preview:large, max-video-preview:-1\" \/>\n<link rel=\"canonical\" href=\"https:\/\/talkpal.ai\/sk\/azerbajdzanske-gramaticke-cvicenia\/\" \/>\n<meta property=\"og:locale\" content=\"sk_SK\" \/>\n<meta property=\"og:type\" content=\"article\" \/>\n<meta property=\"og:title\" content=\"Azerbajd\u017eansk\u00e9 gramatick\u00e9 cvi\u010denia\" \/>\n<meta property=\"og:description\" content=\"T\u00e9my azerbajd\u017eanskej gramatiky Azerbajd\u017ean\u010dina, tie\u017e zn\u00e1ma ako Azeri, je turkick\u00fd jazyk, ktor\u00fdm sa hovor\u00ed predov\u0161etk\u00fdm v Azerbajd\u017eane a okolit\u00fdch\" \/>\n<meta property=\"og:url\" content=\"https:\/\/talkpal.ai\/sk\/azerbajdzanske-gramaticke-cvicenia\/\" \/>\n<meta property=\"og:site_name\" content=\"Talkpal\" \/>\n<meta property=\"article:publisher\" content=\"https:\/\/www.facebook.com\/profile.php?id=100090733639311\" \/>\n<meta property=\"article:modified_time\" content=\"2025-05-22T21:34:55+00:00\" \/>\n<meta property=\"og:image\" content=\"https:\/\/talkpal.ai\/wp-content\/uploads\/2023\/05\/azerbaijan.png\" \/>\n\t<meta property=\"og:image:width\" content=\"512\" \/>\n\t<meta property=\"og:image:height\" content=\"512\" \/>\n\t<meta property=\"og:image:type\" content=\"image\/png\" \/>\n<meta name=\"twitter:card\" content=\"summary_large_image\" \/>\n<meta name=\"twitter:site\" content=\"@talkpalai\" \/>\n<meta name=\"twitter:label1\" content=\"Predpokladan\u00fd \u010das \u010d\u00edtania\" \/>\n\t<meta name=\"twitter:data1\" content=\"3 min\u00faty\" \/>\n<script type=\"application\/ld+json\" class=\"yoast-schema-graph\">{\"@context\":\"https:\/\/schema.org\",\"@graph\":[{\"@type\":\"WebPage\",\"@id\":\"https:\/\/talkpal.ai\/sk\/azerbajdzanske-gramaticke-cvicenia\/\",\"url\":\"https:\/\/talkpal.ai\/sk\/azerbajdzanske-gramaticke-cvicenia\/\",\"name\":\"Azerbajd\u017eansk\u00e9 gramatick\u00e9 cvi\u010denia - Talkpal\",\"isPartOf\":{\"@id\":\"https:\/\/talkpal.ai\/sk\/#website\"},\"primaryImageOfPage\":{\"@id\":\"https:\/\/talkpal.ai\/sk\/azerbajdzanske-gramaticke-cvicenia\/#primaryimage\"},\"image\":{\"@id\":\"https:\/\/talkpal.ai\/sk\/azerbajdzanske-gramaticke-cvicenia\/#primaryimage\"},\"thumbnailUrl\":\"https:\/\/talkpal.ai\/wp-content\/uploads\/2023\/05\/azerbaijan.png\",\"datePublished\":\"2023-06-16T11:38:32+00:00\",\"dateModified\":\"2025-05-22T21:34:55+00:00\",\"description\":\"Zlep\u0161ite svoje jazykov\u00e9 zru\u010dnosti s interakt\u00edvnymi cvi\u010deniami z azerbajd\u017eanskej gramatiky od Talkpal, v\u00e1\u0161ho jazykov\u00e9ho u\u010dite\u013ea poh\u00e1\u0148an\u00e9ho umelou inteligenciou.\",\"breadcrumb\":{\"@id\":\"https:\/\/talkpal.ai\/sk\/azerbajdzanske-gramaticke-cvicenia\/#breadcrumb\"},\"inLanguage\":\"sk-SK\",\"potentialAction\":[{\"@type\":\"ReadAction\",\"target\":[\"https:\/\/talkpal.ai\/sk\/azerbajdzanske-gramaticke-cvicenia\/\"]}]},{\"@type\":\"ImageObject\",\"inLanguage\":\"sk-SK\",\"@id\":\"https:\/\/talkpal.ai\/sk\/azerbajdzanske-gramaticke-cvicenia\/#primaryimage\",\"url\":\"https:\/\/talkpal.ai\/wp-content\/uploads\/2023\/05\/azerbaijan.png\",\"contentUrl\":\"https:\/\/talkpal.ai\/wp-content\/uploads\/2023\/05\/azerbaijan.png\",\"width\":512,\"height\":512},{\"@type\":\"BreadcrumbList\",\"@id\":\"https:\/\/talkpal.ai\/sk\/azerbajdzanske-gramaticke-cvicenia\/#breadcrumb\",\"itemListElement\":[{\"@type\":\"ListItem\",\"position\":1,\"name\":\"Homepage\",\"item\":\"https:\/\/talkpal.ai\/sk\/\"},{\"@type\":\"ListItem\",\"position\":2,\"name\":\"Azerbajd\u017eansk\u00e9 gramatick\u00e9 cvi\u010denia\"}]},{\"@type\":\"WebSite\",\"@id\":\"https:\/\/talkpal.ai\/sk\/#website\",\"url\":\"https:\/\/talkpal.ai\/sk\/\",\"name\":\"Talkpal\",\"description\":\"AI Language Learning\",\"publisher\":{\"@id\":\"https:\/\/talkpal.ai\/sk\/#organization\"},\"alternateName\":\"Talkpal AI\",\"potentialAction\":[{\"@type\":\"SearchAction\",\"target\":{\"@type\":\"EntryPoint\",\"urlTemplate\":\"https:\/\/talkpal.ai\/sk\/?s={search_term_string}\"},\"query-input\":{\"@type\":\"PropertyValueSpecification\",\"valueRequired\":true,\"valueName\":\"search_term_string\"}}],\"inLanguage\":\"sk-SK\"},{\"@type\":\"Organization\",\"@id\":\"https:\/\/talkpal.ai\/sk\/#organization\",\"name\":\"Talkpal, Inc.\",\"alternateName\":\"Talkpal AI\",\"url\":\"https:\/\/talkpal.ai\/sk\/\",\"logo\":{\"@type\":\"ImageObject\",\"inLanguage\":\"sk-SK\",\"@id\":\"https:\/\/talkpal.ai\/sk\/#\/schema\/logo\/image\/\",\"url\":\"https:\/\/talkpal.ai\/wp-content\/uploads\/2024\/03\/Talkpal-Logo-Icon.png\",\"contentUrl\":\"https:\/\/talkpal.ai\/wp-content\/uploads\/2024\/03\/Talkpal-Logo-Icon.png\",\"width\":2880,\"height\":2880,\"caption\":\"Talkpal, Inc.\"},\"image\":{\"@id\":\"https:\/\/talkpal.ai\/sk\/#\/schema\/logo\/image\/\"},\"sameAs\":[\"https:\/\/www.facebook.com\/profile.php?id=100090733639311\",\"https:\/\/x.com\/talkpalai\",\"https:\/\/www.linkedin.com\/company\/talkpal\/\",\"https:\/\/www.youtube.com\/@TalkPal\/\",\"https:\/\/www.tiktok.com\/@talkpal\",\"https:\/\/www.instagram.com\/talkpal_ai\/\",\"https:\/\/www.crunchbase.com\/organization\/talkpal-9cde\",\"https:\/\/www.g2.com\/products\/talkpal-for-business\/\",\"https:\/\/www.trustpilot.com\/review\/talkpal.ai\",\"https:\/\/www.capterra.com\/p\/10006800\/TalkPal\/\"],\"description\":\"Talkpal is a language learning web and mobile education app, powered by the latest AI technologies, that provides engaging experiences to its customers in many different languages to help them improve their language skills. Users can chat about unlimited amount of topics with the app and use other modes to practice their language learning.\",\"email\":\"support@talkpal.ai\",\"legalName\":\"Talkpal, Inc.\",\"foundingDate\":\"2023-04-03\",\"duns\":\"118989042\",\"numberOfEmployees\":{\"@type\":\"QuantitativeValue\",\"minValue\":\"11\",\"maxValue\":\"50\"},\"publishingPrinciples\":\"https:\/\/talkpal.ai\/publishing-principles\/\",\"actionableFeedbackPolicy\":\"https:\/\/talkpal.ai\/actionable-feedback-policy\/\",\"correctionsPolicy\":\"https:\/\/talkpal.ai\/corrections-policy\/\",\"ethicsPolicy\":\"https:\/\/talkpal.ai\/ethics-policy\/\",\"diversityPolicy\":\"https:\/\/talkpal.ai\/diversity-policy\/\",\"diversityStaffingReport\":\"https:\/\/talkpal.ai\/diversity-policy\/\"}]}<\/script>\n<!-- \/ Yoast SEO Premium plugin. -->","yoast_head_json":{"title":"Azerbajd\u017eansk\u00e9 gramatick\u00e9 cvi\u010denia - Talkpal","description":"Zlep\u0161ite svoje jazykov\u00e9 zru\u010dnosti s interakt\u00edvnymi cvi\u010deniami z azerbajd\u017eanskej gramatiky od Talkpal, v\u00e1\u0161ho jazykov\u00e9ho u\u010dite\u013ea poh\u00e1\u0148an\u00e9ho umelou inteligenciou.","robots":{"index":"index","follow":"follow","max-snippet":"max-snippet:-1","max-image-preview":"max-image-preview:large","max-video-preview":"max-video-preview:-1"},"canonical":"https:\/\/talkpal.ai\/sk\/azerbajdzanske-gramaticke-cvicenia\/","og_locale":"sk_SK","og_type":"article","og_title":"Azerbajd\u017eansk\u00e9 gramatick\u00e9 cvi\u010denia","og_description":"T\u00e9my azerbajd\u017eanskej gramatiky Azerbajd\u017ean\u010dina, tie\u017e zn\u00e1ma ako Azeri, je turkick\u00fd jazyk, ktor\u00fdm sa hovor\u00ed predov\u0161etk\u00fdm v Azerbajd\u017eane a okolit\u00fdch","og_url":"https:\/\/talkpal.ai\/sk\/azerbajdzanske-gramaticke-cvicenia\/","og_site_name":"Talkpal","article_publisher":"https:\/\/www.facebook.com\/profile.php?id=100090733639311","article_modified_time":"2025-05-22T21:34:55+00:00","og_image":[{"width":512,"height":512,"url":"https:\/\/talkpal.ai\/wp-content\/uploads\/2023\/05\/azerbaijan.png","type":"image\/png"}],"twitter_card":"summary_large_image","twitter_site":"@talkpalai","twitter_misc":{"Predpokladan\u00fd \u010das \u010d\u00edtania":"3 min\u00faty"},"schema":{"@context":"https:\/\/schema.org","@graph":[{"@type":"WebPage","@id":"https:\/\/talkpal.ai\/sk\/azerbajdzanske-gramaticke-cvicenia\/","url":"https:\/\/talkpal.ai\/sk\/azerbajdzanske-gramaticke-cvicenia\/","name":"Azerbajd\u017eansk\u00e9 gramatick\u00e9 cvi\u010denia - Talkpal","isPartOf":{"@id":"https:\/\/talkpal.ai\/sk\/#website"},"primaryImageOfPage":{"@id":"https:\/\/talkpal.ai\/sk\/azerbajdzanske-gramaticke-cvicenia\/#primaryimage"},"image":{"@id":"https:\/\/talkpal.ai\/sk\/azerbajdzanske-gramaticke-cvicenia\/#primaryimage"},"thumbnailUrl":"https:\/\/talkpal.ai\/wp-content\/uploads\/2023\/05\/azerbaijan.png","datePublished":"2023-06-16T11:38:32+00:00","dateModified":"2025-05-22T21:34:55+00:00","description":"Zlep\u0161ite svoje jazykov\u00e9 zru\u010dnosti s interakt\u00edvnymi cvi\u010deniami z azerbajd\u017eanskej gramatiky od Talkpal, v\u00e1\u0161ho jazykov\u00e9ho u\u010dite\u013ea poh\u00e1\u0148an\u00e9ho umelou inteligenciou.","breadcrumb":{"@id":"https:\/\/talkpal.ai\/sk\/azerbajdzanske-gramaticke-cvicenia\/#breadcrumb"},"inLanguage":"sk-SK","potentialAction":[{"@type":"ReadAction","target":["https:\/\/talkpal.ai\/sk\/azerbajdzanske-gramaticke-cvicenia\/"]}]},{"@type":"ImageObject","inLanguage":"sk-SK","@id":"https:\/\/talkpal.ai\/sk\/azerbajdzanske-gramaticke-cvicenia\/#primaryimage","url":"https:\/\/talkpal.ai\/wp-content\/uploads\/2023\/05\/azerbaijan.png","contentUrl":"https:\/\/talkpal.ai\/wp-content\/uploads\/2023\/05\/azerbaijan.png","width":512,"height":512},{"@type":"BreadcrumbList","@id":"https:\/\/talkpal.ai\/sk\/azerbajdzanske-gramaticke-cvicenia\/#breadcrumb","itemListElement":[{"@type":"ListItem","position":1,"name":"Homepage","item":"https:\/\/talkpal.ai\/sk\/"},{"@type":"ListItem","position":2,"name":"Azerbajd\u017eansk\u00e9 gramatick\u00e9 cvi\u010denia"}]},{"@type":"WebSite","@id":"https:\/\/talkpal.ai\/sk\/#website","url":"https:\/\/talkpal.ai\/sk\/","name":"Talkpal","description":"AI Language Learning","publisher":{"@id":"https:\/\/talkpal.ai\/sk\/#organization"},"alternateName":"Talkpal AI","potentialAction":[{"@type":"SearchAction","target":{"@type":"EntryPoint","urlTemplate":"https:\/\/talkpal.ai\/sk\/?s={search_term_string}"},"query-input":{"@type":"PropertyValueSpecification","valueRequired":true,"valueName":"search_term_string"}}],"inLanguage":"sk-SK"},{"@type":"Organization","@id":"https:\/\/talkpal.ai\/sk\/#organization","name":"Talkpal, Inc.","alternateName":"Talkpal AI","url":"https:\/\/talkpal.ai\/sk\/","logo":{"@type":"ImageObject","inLanguage":"sk-SK","@id":"https:\/\/talkpal.ai\/sk\/#\/schema\/logo\/image\/","url":"https:\/\/talkpal.ai\/wp-content\/uploads\/2024\/03\/Talkpal-Logo-Icon.png","contentUrl":"https:\/\/talkpal.ai\/wp-content\/uploads\/2024\/03\/Talkpal-Logo-Icon.png","width":2880,"height":2880,"caption":"Talkpal, Inc."},"image":{"@id":"https:\/\/talkpal.ai\/sk\/#\/schema\/logo\/image\/"},"sameAs":["https:\/\/www.facebook.com\/profile.php?id=100090733639311","https:\/\/x.com\/talkpalai","https:\/\/www.linkedin.com\/company\/talkpal\/","https:\/\/www.youtube.com\/@TalkPal\/","https:\/\/www.tiktok.com\/@talkpal","https:\/\/www.instagram.com\/talkpal_ai\/","https:\/\/www.crunchbase.com\/organization\/talkpal-9cde","https:\/\/www.g2.com\/products\/talkpal-for-business\/","https:\/\/www.trustpilot.com\/review\/talkpal.ai","https:\/\/www.capterra.com\/p\/10006800\/TalkPal\/"],"description":"Talkpal is a language learning web and mobile education app, powered by the latest AI technologies, that provides engaging experiences to its customers in many different languages to help them improve their language skills. Users can chat about unlimited amount of topics with the app and use other modes to practice their language learning.","email":"support@talkpal.ai","legalName":"Talkpal, Inc.","foundingDate":"2023-04-03","duns":"118989042","numberOfEmployees":{"@type":"QuantitativeValue","minValue":"11","maxValue":"50"},"publishingPrinciples":"https:\/\/talkpal.ai\/publishing-principles\/","actionableFeedbackPolicy":"https:\/\/talkpal.ai\/actionable-feedback-policy\/","correctionsPolicy":"https:\/\/talkpal.ai\/corrections-policy\/","ethicsPolicy":"https:\/\/talkpal.ai\/ethics-policy\/","diversityPolicy":"https:\/\/talkpal.ai\/diversity-policy\/","diversityStaffingReport":"https:\/\/talkpal.ai\/diversity-policy\/"}]}},"_links":{"self":[{"href":"https:\/\/talkpal.ai\/sk\/wp-json\/wp\/v2\/pages\/165918","targetHints":{"allow":["GET"]}}],"collection":[{"href":"https:\/\/talkpal.ai\/sk\/wp-json\/wp\/v2\/pages"}],"about":[{"href":"https:\/\/talkpal.ai\/sk\/wp-json\/wp\/v2\/types\/page"}],"author":[{"embeddable":true,"href":"https:\/\/talkpal.ai\/sk\/wp-json\/wp\/v2\/users\/6"}],"replies":[{"embeddable":true,"href":"https:\/\/talkpal.ai\/sk\/wp-json\/wp\/v2\/comments?post=165918"}],"version-history":[{"count":0,"href":"https:\/\/talkpal.ai\/sk\/wp-json\/wp\/v2\/pages\/165918\/revisions"}],"wp:featuredmedia":[{"embeddable":true,"href":"https:\/\/talkpal.ai\/sk\/wp-json\/wp\/v2\/media\/109361"}],"wp:attachment":[{"href":"https:\/\/talkpal.ai\/sk\/wp-json\/wp\/v2\/media?parent=165918"}],"curies":[{"name":"wp","href":"https:\/\/api.w.org\/{rel}","templated":true}]}}