{"id":165599,"date":"2023-06-16T11:55:18","date_gmt":"2023-06-16T11:55:18","guid":{"rendered":"http:\/\/talkpal.ai\/bieloruske-gramaticke-cvicenia\/"},"modified":"2025-05-23T11:19:40","modified_gmt":"2025-05-23T11:19:40","slug":"bieloruske-gramaticke-cvicenia","status":"publish","type":"page","link":"https:\/\/talkpal.ai\/sk\/bieloruske-gramaticke-cvicenia\/","title":{"rendered":"Bielorusk\u00e9 gramatick\u00e9 cvi\u010denia"},"content":{"rendered":"\r\n\r\n\r\n<section class=\"languageChallengeSection\">\r\n    <div class=\"languageInfoWrapper\">\r\n        \r\n        <h1>Bielorusk\u00e9 gramatick\u00e9 cvi\u010denia<\/h1>\r\n        <p>Chcete si zlep\u0161i\u0165 svoje znalosti bieloru\u0161tiny? Precvi\u010dovanie gramatick\u00fdch cvi\u010den\u00ed je skvel\u00fd sp\u00f4sob, ako si osvoji\u0165 \u0161trukt\u00faru viet, slovesn\u00e9 tvary a charakteristick\u00e9 \u010drty bieloru\u0161tiny. Za\u010dnite objavova\u0165 bielorusk\u00fa gramatiku e\u0161te dnes a sledujte, ako s ka\u017ed\u00fdm cvi\u010den\u00edm rastie va\u0161e porozumenie a plynulos\u0165!<\/p>\r\n\r\n                            <a class=\"getStartedHidden\" href=\"https:\/\/app.talkpal.ai\/sk\/signup?lng=\">Za\u010dni<\/a>\r\n        \r\n    <\/div>\r\n\r\n    <figure>\r\n    <img decoding=\"async\" width=\"768\" height=\"768\" src=\"https:\/\/talkpal.ai\/wp-content\/uploads\/2023\/06\/belarusian-768x768.png\" class=\"languageImage no-lazy\" alt=\"Language learning for academic excellence\" fetchpriority=\"high\" sizes=\"(max-width: 768px) 150px, 768px\" srcset=\"https:\/\/talkpal.ai\/wp-content\/uploads\/2023\/06\/belarusian-768x768.png 768w, https:\/\/talkpal.ai\/wp-content\/uploads\/2023\/06\/belarusian-300x300.png 300w\" \/>\r\n    \r\n\r\n    <\/figure>\r\n\r\n            <a class=\"getStartedVisible\" href=\"https:\/\/app.talkpal.ai\/sk\/signup?lng=\">Za\u010dni<\/a>\r\n    \r\n<\/section>\r\n\r\n\r\n<!-- <section class=\"grammarSection\">\r\n    <div class=\"grammarLinks\">\r\n            <\/div>\r\n<\/section> -->\r\n\r\n\r\n\r\n\r\n<section class=\"promotionalBanner\">\r\n    <p class=\"promotionalText\">Najefekt\u00edvnej\u0161\u00ed sp\u00f4sob, ako sa nau\u010di\u0165 jazyk<\/p>\r\n    <a class=\"promotionalLink\" href=\"https:\/\/app.talkpal.ai\/sk\/signup?lng=\">Vysk\u00fa\u0161ajte Talkpal zadarmo<\/a>\r\n<\/section>\n<div class=\"wp-block-group pageContainerStyle\"><div class=\"wp-block-group__inner-container is-layout-constrained wp-block-group-is-layout-constrained\">\n<h2 class=\"wp-block-heading\" id=\"h-belarusian-grammar-topics\">T\u00e9my bieloruskej gramatiky<\/h2>\n\n\n\n<p>Bieloru\u0161tina je v\u00fdchodoslovansk\u00fd jazyk, ktor\u00fdm v Bielorusku hovor\u00ed pribli\u017ene 70% obyvate\u013estva. Ako slovansk\u00fd jazyk zdie\u013ea podobnosti s ru\u0161tinou a ukrajin\u010dinou, \u010do u\u013eah\u010duje hovorcom t\u00fdchto jazykov <a href=\"https:\/\/talkpal.ai\/sk\/ucit-sa-po-slovensky\/\">u\u010di\u0165 sa<\/a> bieloru\u0161tinu. M\u00e1 v\u0161ak svoje jedine\u010dn\u00e9 vlastnosti a <a href=\"https:\/\/talkpal.ai\/sk\/ucenie\/\">u\u010denie sa<\/a> gramatiky m\u00f4\u017ee by\u0165 pre jazykov\u00fdch nad\u0161encov obohacuj\u00facim z\u00e1\u017eitkom. V tomto \u010dl\u00e1nku presk\u00famame z\u00e1kladn\u00e9 t\u00e9my bieloruskej gramatiky v porad\u00ed, ktor\u00e9 v\u00e1m pom\u00f4\u017eu <a href=\"https:\/\/talkpal.ai\/sk\/ako-sa-naucit-jazyk-rychlo-a-efektivne-tipy-ktore-funguju\/\">nau\u010di\u0165 sa jazyk<\/a> efekt\u00edvnej\u0161ie.<\/p>\n\n\n\n<h3 class=\"wp-block-heading\" id=\"h-1-nouns\">1. Podstatn\u00e9 men\u00e1:<\/h3>\n\n\n\n<p>Za\u010dnite u\u010den\u00edm sa bielorusk\u00fdch podstatn\u00fdch mien, ktor\u00e9 m\u00f4\u017eu by\u0165 mu\u017esk\u00e9, \u017eensk\u00e9 alebo kastrovan\u00e9. Maj\u00fa \u0161es\u0165 p\u00e1dov: nominat\u00edv, akuzat\u00edv, genit\u00edv, dat\u00edv, in\u0161trument\u00e1l a predlo\u017eku, ktor\u00e9 ur\u010duj\u00fa funkciu podstatn\u00e9ho mena vo vete. Venujte pozornos\u0165 koncovk\u00e1m podstatn\u00fdch mien a vzorom sklo\u0148ovania, preto\u017ee v\u00e1m pom\u00f4\u017eu pochopi\u0165, ako sa podstatn\u00e9 men\u00e1 menia v r\u00f4znych pr\u00edpadoch.<\/p>\n\n\n\n<h3 class=\"wp-block-heading\" id=\"h-2-articles\">2. \u010cl\u00e1nky:<\/h3>\n\n\n\n<p>Na rozdiel od angli\u010dtiny, bieloru\u0161tina nem\u00e1 \u010dl\u00e1nky. Preto sa m\u00f4\u017eete s\u00fastredi\u0165 na u\u010denie sa \u010fal\u0161\u00edch aspektov jazyka bez ob\u00e1v z tejto t\u00e9my.<\/p>\n\n\n\n<h3 class=\"wp-block-heading\" id=\"h-3-pronouns-determiners\">3. Z\u00e1men\u00e1\/determin\u00e1tory:<\/h3>\n\n\n\n<p>Potom sa nau\u010dte z\u00e1men\u00e1 a determin\u00e1tory, ktor\u00e9 funguj\u00fa podobne ako ich anglick\u00e9 ekvivalenty. Nahr\u00e1dzaj\u00fa podstatn\u00e9 men\u00e1 a sprostredk\u00favaj\u00fa inform\u00e1cie o vlastn\u00edctve, mno\u017estve alebo identite. V bieloru\u0161tine existuj\u00fa osobn\u00e9, privlast\u0148ovacie, demon\u0161trat\u00edvne, opytovacie a relat\u00edvne z\u00e1men\u00e1 a mus\u00edte si zapam\u00e4ta\u0165 ich formy a pou\u017eitie.<\/p>\n\n\n\n<h3 class=\"wp-block-heading\" id=\"h-4-adjectives\">4. Pr\u00eddavn\u00e9 men\u00e1:<\/h3>\n\n\n\n<p>Pr\u00eddavn\u00e9 men\u00e1 v bieloru\u0161tine s\u00fahlasia s podstatn\u00fdm menom, ktor\u00e9 upravuj\u00fa v rode, \u010d\u00edsle a p\u00e1de. Nau\u010dte sa koncovky pr\u00eddavn\u00fdch mien a ako vytvori\u0165 porovn\u00e1vacie a superlat\u00edvne stupne na vyjadrenie r\u00f4znych \u00farovn\u00ed porovnania.<\/p>\n\n\n\n<h3 class=\"wp-block-heading\" id=\"h-5-verbs\">5. Sloves\u00e1:<\/h3>\n\n\n\n<p>Sloves\u00e1 s\u00fa v bieloru\u0161tine k\u013e\u00fa\u010dov\u00e9, preto\u017ee vyjadruj\u00fa akcie, \u0161t\u00e1ty a udalosti. Dozviete sa viac o \u010dasovan\u00ed slovies, ktor\u00e9 sa sklad\u00e1 z dvoch skup\u00edn: prv\u00e1 konjug\u00e1cia (v\u00e4\u010d\u0161inou mu\u017esk\u00e9 sloves\u00e1) a druh\u00e1 konjug\u00e1cia (v\u00e4\u010d\u0161inou \u017eensk\u00e9 sloves\u00e1). Tie\u017e \u0161tudujte imperat\u00edvne a subjunkt\u00edvne n\u00e1lady a ako ich formova\u0165.<\/p>\n\n\n\n<h3 class=\"wp-block-heading\" id=\"h-6-tenses\">6. \u010casy:<\/h3>\n\n\n\n<p>Bieloru\u0161tina m\u00e1 tri hlavn\u00e9 \u010dasy: minulos\u0165, pr\u00edtomnos\u0165 a bud\u00facnos\u0165. Nau\u010dte sa, ako vytv\u00e1ra\u0165 a pou\u017e\u00edva\u0165 tieto \u010dasy na rozpr\u00e1vanie o udalostiach a akci\u00e1ch v r\u00f4znych \u010dasoch.<\/p>\n\n\n\n<h3 class=\"wp-block-heading\" id=\"h-7-tense-comparison\">7. Nap\u00e4t\u00e9 porovnanie:<\/h3>\n\n\n\n<p>Porovn\u00e1vanie \u010dasov v bieloru\u0161tine je nevyhnutn\u00e9 pre pochopenie vz\u0165ahu medzi minul\u00fdmi, s\u00fa\u010dasn\u00fdmi a bud\u00facimi udalos\u0165ami. Pre\u0161tudujte si postupnos\u0165 \u010dasov a ako ich pou\u017e\u00edva\u0165 v zlo\u017eit\u00fdch vet\u00e1ch.<\/p>\n\n\n\n<h3 class=\"wp-block-heading\" id=\"h-8-progressive\">8. Progres\u00edvne:<\/h3>\n\n\n\n<p>Bieloru\u0161tina pou\u017e\u00edva progres\u00edvnu formu na vyjadrenie prebiehaj\u00facich akci\u00ed. Nau\u010dte sa, ako vytvori\u0165 tento aspekt pomocou vhodn\u00e9ho \u010dasovania slovies a pomocn\u00fdch slovies.<\/p>\n\n\n\n<h3 class=\"wp-block-heading\" id=\"h-9-perfect-progressive\">9. Perfektne progres\u00edvne:<\/h3>\n\n\n\n<p>Perfektn\u00fd progres\u00edvny aspekt v bieloru\u0161tine kombinuje koncepty dokon\u010denia a trvania. Nau\u010dte sa, ako vytvori\u0165 tento aspekt pomocou pomocn\u00fdch slovies a spr\u00e1vnych slovesn\u00fdch tvarov.<\/p>\n\n\n\n<h3 class=\"wp-block-heading\" id=\"h-10-adverbs\">10. Pr\u00edslovky:<\/h3>\n\n\n\n<p>Pr\u00edslovky upravuj\u00fa sloves\u00e1, pr\u00eddavn\u00e9 men\u00e1 a in\u00e9 pr\u00edslovky a prid\u00e1vaj\u00fa do vety \u010fal\u0161ie inform\u00e1cie. Nau\u010dte sa r\u00f4zne typy pr\u00edsloviek v bieloru\u0161tine, ich formovanie a ich umiestnenie vo vete.<\/p>\n\n\n\n<h3 class=\"wp-block-heading\" id=\"h-11-prepositions\">11. Predlo\u017eky:<\/h3>\n\n\n\n<p>Predlo\u017eky s\u00fa nevyhnutn\u00e9 na vyjadrenie vz\u0165ahov medzi slovami vo vete. Nau\u010dte sa najbe\u017enej\u0161ie bielorusk\u00e9 predlo\u017eky, ich p\u00e1dy a ako ich pou\u017e\u00edva\u0165 s podstatn\u00fdmi menami a z\u00e1menami.<\/p>\n\n\n\n<h3 class=\"wp-block-heading\" id=\"h-12-conditionals\">12. Podmienky:<\/h3>\n\n\n\n<p>Podmienen\u00e9 vyjadruj\u00fa hypotetick\u00e9 situ\u00e1cie a ich d\u00f4sledky. Pre\u0161tudujte si tri typy kondicion\u00e1lov v bieloru\u0161tine: skuto\u010dn\u00e9, neskuto\u010dn\u00e9 a zmie\u0161an\u00e9 a ich zodpovedaj\u00face slovesn\u00e9 tvary.<\/p>\n\n\n\n<h3 class=\"wp-block-heading\" id=\"h-13-sentences\">13. Vety:<\/h3>\n\n\n\n<p>Nakoniec sa dozviete o bielorusk\u00fdch vetn\u00fdch \u0161trukt\u00farach vr\u00e1tane jednoduch\u00fdch, zlo\u017een\u00fdch a zlo\u017eit\u00fdch viet. Precvi\u010dte si kombinovanie r\u00f4znych gramatick\u00fdch prvkov, aby ste vytvorili vety a zlep\u0161ili svoje celkov\u00e9 jazykov\u00e9 zru\u010dnosti.<\/p>\n<\/div><\/div>\n\r\n<section class=\"learnNavigationSection\">\r\n            \r\n        <a href=\"https:\/\/talkpal.ai\/sk\/naucte-sa-po-bielorusky\/\">\r\n            <div class=\"learnNavigationWrapper\">\r\n                <div class=\"learnNavigationContent\">\r\n                    <img decoding=\"async\" src=\"https:\/\/talkpal.ai\/wp-content\/uploads\/2024\/08\/Belarusian.jpg\" alt=\"Belarusian Flag\">\r\n                    <div>\r\n                        <h4>O bieloruskom vzdel\u00e1van\u00ed<\/h4>\r\n                        <p>Zistite v\u0161etko o bieloruskej gramatike.<\/p>\r\n                    <\/div>\r\n                <\/div>\r\n            <\/div>\r\n        <\/a>\r\n\r\n        \r\n        <a href=\"https:\/\/talkpal.ai\/sk\/bieloruska-gramatika\/\">\r\n            <div class=\"learnNavigationWrapper\">\r\n                <div class=\"learnNavigationContent\">\r\n                    <img decoding=\"async\" src=\"https:\/\/talkpal.ai\/wp-content\/uploads\/2024\/08\/Belarusian.jpg\" alt=\"Belarusian Flag\">\r\n                    <div>\r\n                        <h4>Lekcie bieloruskej gramatiky<\/h4>\r\n                        <p>Precvi\u010dte si bielorusk\u00fa gramatiku.<\/p>\r\n                    <\/div>\r\n                <\/div>\r\n            <\/div>\r\n        <\/a>\r\n\r\n        \r\n        <a href=\"https:\/\/talkpal.ai\/vocabulary_language\/belarusian\/\">\r\n            <div class=\"learnNavigationWrapper\">\r\n                <div class=\"learnNavigationContent\">\r\n                    <img decoding=\"async\" src=\"https:\/\/talkpal.ai\/wp-content\/uploads\/2024\/08\/Belarusian.jpg\" alt=\"Belarusian Flag\">\r\n                    <div>\r\n                        <h4>Bielorusk\u00fd slovn\u00edk<\/h4>\r\n                        <p>Roz\u0161\u00edrte si slovn\u00fa z\u00e1sobu bieloru\u0161tiny.<\/p>\r\n                    <\/div>\r\n                <\/div>\r\n            <\/div>\r\n        <\/a>\r\n\r\n            <\/section>","protected":false},"excerpt":{"rendered":"<p>T\u00e9my bieloruskej gramatiky Bieloru\u0161tina je v\u00fdchodoslovansk\u00fd jazyk, ktor\u00fdm v Bielorusku hovor\u00ed pribli\u017ene 70% obyvate\u013estva. Ako slovansk\u00fd jazyk zdie\u013ea podobnosti s ru\u0161tinou a ukrajin\u010dinou, \u010do u\u013eah\u010duje hovorcom t\u00fdchto jazykov u\u010di\u0165 sa bieloru\u0161tinu. M\u00e1 v\u0161ak svoje jedine\u010dn\u00e9 vlastnosti a u\u010denie sa gramatiky m\u00f4\u017ee by\u0165 pre jazykov\u00fdch nad\u0161encov obohacuj\u00facim z\u00e1\u017eitkom. V tomto \u010dl\u00e1nku presk\u00famame z\u00e1kladn\u00e9 t\u00e9my bieloruskej gramatiky [&hellip;]<\/p>\n","protected":false},"author":6,"featured_media":110570,"parent":0,"menu_order":0,"comment_status":"closed","ping_status":"closed","template":"LearningContentPage.php","meta":{"_acf_changed":false,"footnotes":""},"class_list":["post-165599","page","type-page","status-publish","has-post-thumbnail","hentry"],"acf":[],"yoast_head":"<!-- This site is optimized with the Yoast SEO Premium plugin v27.2 (Yoast SEO v27.2) - https:\/\/yoast.com\/product\/yoast-seo-premium-wordpress\/ -->\n<title>Bielorusk\u00e9 gramatick\u00e9 cvi\u010denia - Talkpal<\/title>\n<meta name=\"description\" content=\"Posilnite svoje znalosti bieloru\u0161tiny pomocou interakt\u00edvnych cvi\u010den\u00ed z bieloruskej gramatiky od Talkpal, v\u00e1\u0161ho jazykov\u00e9ho u\u010dite\u013ea poh\u00e1\u0148an\u00e9ho umelou inteligenciou.\" \/>\n<meta name=\"robots\" content=\"index, follow, max-snippet:-1, max-image-preview:large, max-video-preview:-1\" \/>\n<link rel=\"canonical\" href=\"https:\/\/talkpal.ai\/sk\/bieloruske-gramaticke-cvicenia\/\" \/>\n<meta property=\"og:locale\" content=\"sk_SK\" \/>\n<meta property=\"og:type\" content=\"article\" \/>\n<meta property=\"og:title\" content=\"Bielorusk\u00e9 gramatick\u00e9 cvi\u010denia\" \/>\n<meta property=\"og:description\" content=\"T\u00e9my bieloruskej gramatiky Bieloru\u0161tina je v\u00fdchodoslovansk\u00fd jazyk, ktor\u00fdm v Bielorusku hovor\u00ed pribli\u017ene 70% obyvate\u013estva. Ako slovansk\u00fd jazyk zdie\u013ea\" \/>\n<meta property=\"og:url\" content=\"https:\/\/talkpal.ai\/sk\/bieloruske-gramaticke-cvicenia\/\" \/>\n<meta property=\"og:site_name\" content=\"Talkpal\" \/>\n<meta property=\"article:publisher\" content=\"https:\/\/www.facebook.com\/profile.php?id=100090733639311\" \/>\n<meta property=\"article:modified_time\" content=\"2025-05-23T11:19:40+00:00\" \/>\n<meta property=\"og:image\" content=\"https:\/\/talkpal.ai\/wp-content\/uploads\/2023\/05\/belarus.png\" \/>\n\t<meta property=\"og:image:width\" content=\"512\" \/>\n\t<meta property=\"og:image:height\" content=\"512\" \/>\n\t<meta property=\"og:image:type\" content=\"image\/png\" \/>\n<meta name=\"twitter:card\" content=\"summary_large_image\" \/>\n<meta name=\"twitter:site\" content=\"@talkpalai\" \/>\n<meta name=\"twitter:label1\" content=\"Predpokladan\u00fd \u010das \u010d\u00edtania\" \/>\n\t<meta name=\"twitter:data1\" content=\"3 min\u00faty\" \/>\n<script type=\"application\/ld+json\" class=\"yoast-schema-graph\">{\"@context\":\"https:\/\/schema.org\",\"@graph\":[{\"@type\":\"WebPage\",\"@id\":\"https:\/\/talkpal.ai\/sk\/bieloruske-gramaticke-cvicenia\/\",\"url\":\"https:\/\/talkpal.ai\/sk\/bieloruske-gramaticke-cvicenia\/\",\"name\":\"Bielorusk\u00e9 gramatick\u00e9 cvi\u010denia - Talkpal\",\"isPartOf\":{\"@id\":\"https:\/\/talkpal.ai\/sk\/#website\"},\"primaryImageOfPage\":{\"@id\":\"https:\/\/talkpal.ai\/sk\/bieloruske-gramaticke-cvicenia\/#primaryimage\"},\"image\":{\"@id\":\"https:\/\/talkpal.ai\/sk\/bieloruske-gramaticke-cvicenia\/#primaryimage\"},\"thumbnailUrl\":\"https:\/\/talkpal.ai\/wp-content\/uploads\/2023\/05\/belarus.png\",\"datePublished\":\"2023-06-16T11:55:18+00:00\",\"dateModified\":\"2025-05-23T11:19:40+00:00\",\"description\":\"Posilnite svoje znalosti bieloru\u0161tiny pomocou interakt\u00edvnych cvi\u010den\u00ed z bieloruskej gramatiky od Talkpal, v\u00e1\u0161ho jazykov\u00e9ho u\u010dite\u013ea poh\u00e1\u0148an\u00e9ho umelou inteligenciou.\",\"breadcrumb\":{\"@id\":\"https:\/\/talkpal.ai\/sk\/bieloruske-gramaticke-cvicenia\/#breadcrumb\"},\"inLanguage\":\"sk-SK\",\"potentialAction\":[{\"@type\":\"ReadAction\",\"target\":[\"https:\/\/talkpal.ai\/sk\/bieloruske-gramaticke-cvicenia\/\"]}]},{\"@type\":\"ImageObject\",\"inLanguage\":\"sk-SK\",\"@id\":\"https:\/\/talkpal.ai\/sk\/bieloruske-gramaticke-cvicenia\/#primaryimage\",\"url\":\"https:\/\/talkpal.ai\/wp-content\/uploads\/2023\/05\/belarus.png\",\"contentUrl\":\"https:\/\/talkpal.ai\/wp-content\/uploads\/2023\/05\/belarus.png\",\"width\":512,\"height\":512},{\"@type\":\"BreadcrumbList\",\"@id\":\"https:\/\/talkpal.ai\/sk\/bieloruske-gramaticke-cvicenia\/#breadcrumb\",\"itemListElement\":[{\"@type\":\"ListItem\",\"position\":1,\"name\":\"Homepage\",\"item\":\"https:\/\/talkpal.ai\/sk\/\"},{\"@type\":\"ListItem\",\"position\":2,\"name\":\"Bielorusk\u00e9 gramatick\u00e9 cvi\u010denia\"}]},{\"@type\":\"WebSite\",\"@id\":\"https:\/\/talkpal.ai\/sk\/#website\",\"url\":\"https:\/\/talkpal.ai\/sk\/\",\"name\":\"Talkpal\",\"description\":\"AI Language Learning\",\"publisher\":{\"@id\":\"https:\/\/talkpal.ai\/sk\/#organization\"},\"alternateName\":\"Talkpal AI\",\"potentialAction\":[{\"@type\":\"SearchAction\",\"target\":{\"@type\":\"EntryPoint\",\"urlTemplate\":\"https:\/\/talkpal.ai\/sk\/?s={search_term_string}\"},\"query-input\":{\"@type\":\"PropertyValueSpecification\",\"valueRequired\":true,\"valueName\":\"search_term_string\"}}],\"inLanguage\":\"sk-SK\"},{\"@type\":\"Organization\",\"@id\":\"https:\/\/talkpal.ai\/sk\/#organization\",\"name\":\"Talkpal, Inc.\",\"alternateName\":\"Talkpal AI\",\"url\":\"https:\/\/talkpal.ai\/sk\/\",\"logo\":{\"@type\":\"ImageObject\",\"inLanguage\":\"sk-SK\",\"@id\":\"https:\/\/talkpal.ai\/sk\/#\/schema\/logo\/image\/\",\"url\":\"https:\/\/talkpal.ai\/wp-content\/uploads\/2024\/03\/Talkpal-Logo-Icon.png\",\"contentUrl\":\"https:\/\/talkpal.ai\/wp-content\/uploads\/2024\/03\/Talkpal-Logo-Icon.png\",\"width\":2880,\"height\":2880,\"caption\":\"Talkpal, Inc.\"},\"image\":{\"@id\":\"https:\/\/talkpal.ai\/sk\/#\/schema\/logo\/image\/\"},\"sameAs\":[\"https:\/\/www.facebook.com\/profile.php?id=100090733639311\",\"https:\/\/x.com\/talkpalai\",\"https:\/\/www.linkedin.com\/company\/talkpal\/\",\"https:\/\/www.youtube.com\/@TalkPal\/\",\"https:\/\/www.tiktok.com\/@talkpal\",\"https:\/\/www.instagram.com\/talkpal_ai\/\",\"https:\/\/www.crunchbase.com\/organization\/talkpal-9cde\",\"https:\/\/www.g2.com\/products\/talkpal-for-business\/\",\"https:\/\/www.trustpilot.com\/review\/talkpal.ai\",\"https:\/\/www.capterra.com\/p\/10006800\/TalkPal\/\"],\"description\":\"Talkpal is a language learning web and mobile education app, powered by the latest AI technologies, that provides engaging experiences to its customers in many different languages to help them improve their language skills. Users can chat about unlimited amount of topics with the app and use other modes to practice their language learning.\",\"email\":\"support@talkpal.ai\",\"legalName\":\"Talkpal, Inc.\",\"foundingDate\":\"2023-04-03\",\"duns\":\"118989042\",\"numberOfEmployees\":{\"@type\":\"QuantitativeValue\",\"minValue\":\"11\",\"maxValue\":\"50\"},\"publishingPrinciples\":\"https:\/\/talkpal.ai\/publishing-principles\/\",\"actionableFeedbackPolicy\":\"https:\/\/talkpal.ai\/actionable-feedback-policy\/\",\"correctionsPolicy\":\"https:\/\/talkpal.ai\/corrections-policy\/\",\"ethicsPolicy\":\"https:\/\/talkpal.ai\/ethics-policy\/\",\"diversityPolicy\":\"https:\/\/talkpal.ai\/diversity-policy\/\",\"diversityStaffingReport\":\"https:\/\/talkpal.ai\/diversity-policy\/\"}]}<\/script>\n<!-- \/ Yoast SEO Premium plugin. -->","yoast_head_json":{"title":"Bielorusk\u00e9 gramatick\u00e9 cvi\u010denia - Talkpal","description":"Posilnite svoje znalosti bieloru\u0161tiny pomocou interakt\u00edvnych cvi\u010den\u00ed z bieloruskej gramatiky od Talkpal, v\u00e1\u0161ho jazykov\u00e9ho u\u010dite\u013ea poh\u00e1\u0148an\u00e9ho umelou inteligenciou.","robots":{"index":"index","follow":"follow","max-snippet":"max-snippet:-1","max-image-preview":"max-image-preview:large","max-video-preview":"max-video-preview:-1"},"canonical":"https:\/\/talkpal.ai\/sk\/bieloruske-gramaticke-cvicenia\/","og_locale":"sk_SK","og_type":"article","og_title":"Bielorusk\u00e9 gramatick\u00e9 cvi\u010denia","og_description":"T\u00e9my bieloruskej gramatiky Bieloru\u0161tina je v\u00fdchodoslovansk\u00fd jazyk, ktor\u00fdm v Bielorusku hovor\u00ed pribli\u017ene 70% obyvate\u013estva. Ako slovansk\u00fd jazyk zdie\u013ea","og_url":"https:\/\/talkpal.ai\/sk\/bieloruske-gramaticke-cvicenia\/","og_site_name":"Talkpal","article_publisher":"https:\/\/www.facebook.com\/profile.php?id=100090733639311","article_modified_time":"2025-05-23T11:19:40+00:00","og_image":[{"width":512,"height":512,"url":"https:\/\/talkpal.ai\/wp-content\/uploads\/2023\/05\/belarus.png","type":"image\/png"}],"twitter_card":"summary_large_image","twitter_site":"@talkpalai","twitter_misc":{"Predpokladan\u00fd \u010das \u010d\u00edtania":"3 min\u00faty"},"schema":{"@context":"https:\/\/schema.org","@graph":[{"@type":"WebPage","@id":"https:\/\/talkpal.ai\/sk\/bieloruske-gramaticke-cvicenia\/","url":"https:\/\/talkpal.ai\/sk\/bieloruske-gramaticke-cvicenia\/","name":"Bielorusk\u00e9 gramatick\u00e9 cvi\u010denia - Talkpal","isPartOf":{"@id":"https:\/\/talkpal.ai\/sk\/#website"},"primaryImageOfPage":{"@id":"https:\/\/talkpal.ai\/sk\/bieloruske-gramaticke-cvicenia\/#primaryimage"},"image":{"@id":"https:\/\/talkpal.ai\/sk\/bieloruske-gramaticke-cvicenia\/#primaryimage"},"thumbnailUrl":"https:\/\/talkpal.ai\/wp-content\/uploads\/2023\/05\/belarus.png","datePublished":"2023-06-16T11:55:18+00:00","dateModified":"2025-05-23T11:19:40+00:00","description":"Posilnite svoje znalosti bieloru\u0161tiny pomocou interakt\u00edvnych cvi\u010den\u00ed z bieloruskej gramatiky od Talkpal, v\u00e1\u0161ho jazykov\u00e9ho u\u010dite\u013ea poh\u00e1\u0148an\u00e9ho umelou inteligenciou.","breadcrumb":{"@id":"https:\/\/talkpal.ai\/sk\/bieloruske-gramaticke-cvicenia\/#breadcrumb"},"inLanguage":"sk-SK","potentialAction":[{"@type":"ReadAction","target":["https:\/\/talkpal.ai\/sk\/bieloruske-gramaticke-cvicenia\/"]}]},{"@type":"ImageObject","inLanguage":"sk-SK","@id":"https:\/\/talkpal.ai\/sk\/bieloruske-gramaticke-cvicenia\/#primaryimage","url":"https:\/\/talkpal.ai\/wp-content\/uploads\/2023\/05\/belarus.png","contentUrl":"https:\/\/talkpal.ai\/wp-content\/uploads\/2023\/05\/belarus.png","width":512,"height":512},{"@type":"BreadcrumbList","@id":"https:\/\/talkpal.ai\/sk\/bieloruske-gramaticke-cvicenia\/#breadcrumb","itemListElement":[{"@type":"ListItem","position":1,"name":"Homepage","item":"https:\/\/talkpal.ai\/sk\/"},{"@type":"ListItem","position":2,"name":"Bielorusk\u00e9 gramatick\u00e9 cvi\u010denia"}]},{"@type":"WebSite","@id":"https:\/\/talkpal.ai\/sk\/#website","url":"https:\/\/talkpal.ai\/sk\/","name":"Talkpal","description":"AI Language Learning","publisher":{"@id":"https:\/\/talkpal.ai\/sk\/#organization"},"alternateName":"Talkpal AI","potentialAction":[{"@type":"SearchAction","target":{"@type":"EntryPoint","urlTemplate":"https:\/\/talkpal.ai\/sk\/?s={search_term_string}"},"query-input":{"@type":"PropertyValueSpecification","valueRequired":true,"valueName":"search_term_string"}}],"inLanguage":"sk-SK"},{"@type":"Organization","@id":"https:\/\/talkpal.ai\/sk\/#organization","name":"Talkpal, Inc.","alternateName":"Talkpal AI","url":"https:\/\/talkpal.ai\/sk\/","logo":{"@type":"ImageObject","inLanguage":"sk-SK","@id":"https:\/\/talkpal.ai\/sk\/#\/schema\/logo\/image\/","url":"https:\/\/talkpal.ai\/wp-content\/uploads\/2024\/03\/Talkpal-Logo-Icon.png","contentUrl":"https:\/\/talkpal.ai\/wp-content\/uploads\/2024\/03\/Talkpal-Logo-Icon.png","width":2880,"height":2880,"caption":"Talkpal, Inc."},"image":{"@id":"https:\/\/talkpal.ai\/sk\/#\/schema\/logo\/image\/"},"sameAs":["https:\/\/www.facebook.com\/profile.php?id=100090733639311","https:\/\/x.com\/talkpalai","https:\/\/www.linkedin.com\/company\/talkpal\/","https:\/\/www.youtube.com\/@TalkPal\/","https:\/\/www.tiktok.com\/@talkpal","https:\/\/www.instagram.com\/talkpal_ai\/","https:\/\/www.crunchbase.com\/organization\/talkpal-9cde","https:\/\/www.g2.com\/products\/talkpal-for-business\/","https:\/\/www.trustpilot.com\/review\/talkpal.ai","https:\/\/www.capterra.com\/p\/10006800\/TalkPal\/"],"description":"Talkpal is a language learning web and mobile education app, powered by the latest AI technologies, that provides engaging experiences to its customers in many different languages to help them improve their language skills. Users can chat about unlimited amount of topics with the app and use other modes to practice their language learning.","email":"support@talkpal.ai","legalName":"Talkpal, Inc.","foundingDate":"2023-04-03","duns":"118989042","numberOfEmployees":{"@type":"QuantitativeValue","minValue":"11","maxValue":"50"},"publishingPrinciples":"https:\/\/talkpal.ai\/publishing-principles\/","actionableFeedbackPolicy":"https:\/\/talkpal.ai\/actionable-feedback-policy\/","correctionsPolicy":"https:\/\/talkpal.ai\/corrections-policy\/","ethicsPolicy":"https:\/\/talkpal.ai\/ethics-policy\/","diversityPolicy":"https:\/\/talkpal.ai\/diversity-policy\/","diversityStaffingReport":"https:\/\/talkpal.ai\/diversity-policy\/"}]}},"_links":{"self":[{"href":"https:\/\/talkpal.ai\/sk\/wp-json\/wp\/v2\/pages\/165599","targetHints":{"allow":["GET"]}}],"collection":[{"href":"https:\/\/talkpal.ai\/sk\/wp-json\/wp\/v2\/pages"}],"about":[{"href":"https:\/\/talkpal.ai\/sk\/wp-json\/wp\/v2\/types\/page"}],"author":[{"embeddable":true,"href":"https:\/\/talkpal.ai\/sk\/wp-json\/wp\/v2\/users\/6"}],"replies":[{"embeddable":true,"href":"https:\/\/talkpal.ai\/sk\/wp-json\/wp\/v2\/comments?post=165599"}],"version-history":[{"count":0,"href":"https:\/\/talkpal.ai\/sk\/wp-json\/wp\/v2\/pages\/165599\/revisions"}],"wp:featuredmedia":[{"embeddable":true,"href":"https:\/\/talkpal.ai\/sk\/wp-json\/wp\/v2\/media\/110570"}],"wp:attachment":[{"href":"https:\/\/talkpal.ai\/sk\/wp-json\/wp\/v2\/media?parent=165599"}],"curies":[{"name":"wp","href":"https:\/\/api.w.org\/{rel}","templated":true}]}}