{"id":164607,"date":"2023-06-16T12:39:48","date_gmt":"2023-06-16T12:39:48","guid":{"rendered":"http:\/\/talkpal.ai\/bulharske-gramaticke-cvicenia\/"},"modified":"2025-05-23T11:59:09","modified_gmt":"2025-05-23T11:59:09","slug":"bulharske-gramaticke-cvicenia","status":"publish","type":"page","link":"https:\/\/talkpal.ai\/sk\/bulharske-gramaticke-cvicenia\/","title":{"rendered":"Bulharsk\u00e9 gramatick\u00e9 cvi\u010denia"},"content":{"rendered":"\r\n\r\n\r\n<section class=\"languageChallengeSection\">\r\n    <div class=\"languageInfoWrapper\">\r\n        \r\n        <h1>Bulharsk\u00e9 gramatick\u00e9 cvi\u010denia<\/h1>\r\n        <p>Chcete sa zlep\u0161i\u0165 v bulhar\u010dine? Precvi\u010dovanie gramatick\u00fdch cvi\u010den\u00ed je vynikaj\u00facim sp\u00f4sobom, ako si osvoji\u0165 \u0161trukt\u00faru vety, slovesn\u00e9 tvary a jedine\u010dn\u00e9 vzory bulharsk\u00e9ho jazyka. Za\u010dnite pracova\u0165 na bulharskej gramatike e\u0161te dnes a sledujte, ako s ka\u017ed\u00fdm cvi\u010den\u00edm rastie va\u0161a sebad\u00f4vera a plynulos\u0165!<\/p>\r\n\r\n                            <a class=\"getStartedHidden\" href=\"https:\/\/app.talkpal.ai\/sk\/signup?lng=\">Za\u010dni<\/a>\r\n        \r\n    <\/div>\r\n\r\n    <figure>\r\n    <img decoding=\"async\" width=\"768\" height=\"768\" src=\"https:\/\/talkpal.ai\/wp-content\/uploads\/2023\/06\/bulgarian-768x768.png\" class=\"languageImage no-lazy\" alt=\"Language learning for deeper cultural understanding\" fetchpriority=\"high\" sizes=\"(max-width: 768px) 150px, 768px\" srcset=\"https:\/\/talkpal.ai\/wp-content\/uploads\/2023\/06\/bulgarian-768x768.png 768w, https:\/\/talkpal.ai\/wp-content\/uploads\/2023\/06\/bulgarian-300x300.png 300w\" \/>\r\n    \r\n\r\n    <\/figure>\r\n\r\n            <a class=\"getStartedVisible\" href=\"https:\/\/app.talkpal.ai\/sk\/signup?lng=\">Za\u010dni<\/a>\r\n    \r\n<\/section>\r\n\r\n\r\n<!-- <section class=\"grammarSection\">\r\n    <div class=\"grammarLinks\">\r\n            <\/div>\r\n<\/section> -->\r\n\r\n\r\n\r\n\r\n<section class=\"promotionalBanner\">\r\n    <p class=\"promotionalText\">Najefekt\u00edvnej\u0161\u00ed sp\u00f4sob, ako sa nau\u010di\u0165 jazyk<\/p>\r\n    <a class=\"promotionalLink\" href=\"https:\/\/app.talkpal.ai\/sk\/signup?lng=\">Vysk\u00fa\u0161ajte Talkpal zadarmo<\/a>\r\n<\/section>\n<div class=\"wp-block-group pageContainerStyle\"><div class=\"wp-block-group__inner-container is-layout-constrained wp-block-group-is-layout-constrained\">\n<h2 class=\"wp-block-heading\" id=\"h-bulgarian-grammar-topics\">T\u00e9my bulharskej gramatiky<\/h2>\n\n\n\n<p><a href=\"https:\/\/talkpal.ai\/learn-bulgarian\/\">Bulhar\u010dina<\/a> je juhoslovansk\u00fd jazyk, ktor\u00fdm sa hovor\u00ed predov\u0161etk\u00fdm v Bulharsku a bulharsk\u00fdmi komunitami v susedn\u00fdch krajin\u00e1ch. Ako \u00faradn\u00fd jazyk Bulharska zohr\u00e1va d\u00f4le\u017eit\u00fa \u00falohu v kult\u00fare, hist\u00f3rii a ka\u017edodennom \u017eivote krajiny. U\u010denie bulhar\u010diny m\u00f4\u017ee by\u0165 obohacuj\u00facim z\u00e1\u017eitkom, preto\u017ee v\u00e1m umo\u017en\u00ed presk\u00fama\u0165 bohat\u00fa literat\u00faru, kr\u00e1snu krajinu a chutn\u00fa kuchy\u0148u krajiny. Na zvl\u00e1dnutie bulhar\u010diny je nevyhnutn\u00e9 pochopi\u0165 jej gramatiku, ktor\u00e1 m\u00e1 svoje jedine\u010dn\u00e9 vlastnosti a \u0161trukt\u00fary. V tejto pr\u00edru\u010dke presk\u00famame k\u013e\u00fa\u010dov\u00e9 t\u00e9my bulharskej gramatiky, ktor\u00e9 by ste sa mali postupne nau\u010di\u0165, aby ste dosiahli pevn\u00fd z\u00e1klad v jazyku.<\/p>\n\n\n\n<h3 class=\"wp-block-heading\" id=\"h-1-nouns\">1. Podstatn\u00e9 men\u00e1:<\/h3>\n\n\n\n<p>Bulharsk\u00e9 podstatn\u00e9 men\u00e1 maj\u00fa rod (mu\u017esk\u00fd, \u017eensk\u00fd a kastrovan\u00fd), \u010do je d\u00f4le\u017eit\u00e9 vedie\u0165, preto\u017ee ovplyv\u0148uje formu in\u00fdch slov vo vete, ako s\u00fa pr\u00eddavn\u00e9 men\u00e1 a \u010dl\u00e1nky. Maj\u00fa tie\u017e jednotn\u00e9 a mno\u017en\u00e9 \u010d\u00edslo, ale na rozdiel od angli\u010dtiny neexistuj\u00fa \u017eiadne pr\u00edpady.<\/p>\n\n\n\n<h3 class=\"wp-block-heading\" id=\"h-2-articles\">2. \u010cl\u00e1nky:<\/h3>\n\n\n\n<p>V bulhar\u010dine s\u00fa \u010dl\u00e1nky pripojen\u00e9 ku koncu podstatn\u00e9ho mena, ktor\u00e9 upravuj\u00fa. Existuj\u00fa ur\u010dit\u00e9 a neur\u010dit\u00e9 \u010dl\u00e1nky a menia sa pod\u013ea pohlavia a \u010d\u00edsla podstatn\u00e9ho mena.<\/p>\n\n\n\n<h3 class=\"wp-block-heading\" id=\"h-3-pronouns-determiners\">3. Z\u00e1men\u00e1\/determin\u00e1tory:<\/h3>\n\n\n\n<p>Bulhar\u010dina m\u00e1 osobn\u00e9, privlast\u0148ovacie, demon\u0161trat\u00edvne, opytovacie a relat\u00edvne z\u00e1men\u00e1. S\u00fahlasia rodom a \u010d\u00edslom s podstatn\u00fdm menom, ktor\u00e9 nahr\u00e1dzaj\u00fa alebo upravuj\u00fa. Determin\u00e1tory sa pou\u017e\u00edvaj\u00fa na \u0161pecifik\u00e1ciu alebo kvantifik\u00e1ciu podstatn\u00fdch mien.<\/p>\n\n\n\n<h3 class=\"wp-block-heading\" id=\"h-4-adjectives\">4. Pr\u00eddavn\u00e9 men\u00e1:<\/h3>\n\n\n\n<p>Pr\u00eddavn\u00e9 men\u00e1 v bulhar\u010dine s\u00fahlasia v rode, po\u010dte a ur\u010ditosti s podstatn\u00fdm menom, ktor\u00e9 upravuj\u00fa. Maj\u00fa tri stupne porovnania &#8211; pozit\u00edvny, komparat\u00edvny a superlat\u00edvny.<\/p>\n\n\n\n<h3 class=\"wp-block-heading\" id=\"h-5-adverbs\">5. Pr\u00edslovky:<\/h3>\n\n\n\n<p>Pr\u00edslovky upravuj\u00fa sloves\u00e1, pr\u00eddavn\u00e9 men\u00e1 alebo in\u00e9 pr\u00edslovky. Ich forma sa nemen\u00ed a s\u00fa nevyhnutn\u00e9 na vyjadrenie \u010dasu, miesta, sp\u00f4sobu a stup\u0148a.<\/p>\n\n\n\n<h3 class=\"wp-block-heading\" id=\"h-6-verbs\">6. Sloves\u00e1:<\/h3>\n\n\n\n<p>Bulharsk\u00e9 sloves\u00e1 maj\u00fa tri hlavn\u00e9 \u010dasovania a sklo\u0148uj\u00fa sa pre osobu, \u010d\u00edslo, \u010das, n\u00e1ladu a hlas. Nau\u010di\u0165 sa spr\u00e1vne \u010dasovanie a pochopi\u0165 r\u00f4zne slovesn\u00e9 aspekty je rozhoduj\u00face pre spr\u00e1vnu komunik\u00e1ciu.<\/p>\n\n\n\n<h3 class=\"wp-block-heading\" id=\"h-7-tenses\">7. Nap\u00e4tie:<\/h3>\n\n\n\n<p>Bulhar\u010dina m\u00e1 tri hlavn\u00e9 \u010dasy &#8211; minul\u00fd, pr\u00edtomn\u00fd a bud\u00faci. Nau\u010di\u0165 sa, ako vytv\u00e1ra\u0165 a pou\u017e\u00edva\u0165 tieto \u010dasy, je nevyhnutn\u00e9 pre pochopenie a vyjadrenie \u010dasu v bulhar\u010dine.<\/p>\n\n\n\n<h3 class=\"wp-block-heading\" id=\"h-8-tense-comparison\">8. Nap\u00e4t\u00e9 porovnanie:<\/h3>\n\n\n\n<p>Schopnos\u0165 porovn\u00e1va\u0165 r\u00f4zne \u010dasy je d\u00f4le\u017eit\u00e1 pre pochopenie zlo\u017eit\u00fdch viet a vyjadrenie r\u00f4znych \u010dasov\u00fdch vz\u0165ahov v bulhar\u010dine.<\/p>\n\n\n\n<h3 class=\"wp-block-heading\" id=\"h-9-progressive\">9. Progres\u00edvne:<\/h3>\n\n\n\n<p>Progres\u00edvny aspekt v bulhar\u010dine sa pou\u017e\u00edva na opis prebiehaj\u00facich \u010dinnost\u00ed. M\u00f4\u017ee by\u0165 tvoren\u00fd pomocn\u00fdmi slovesami a pr\u00edtomn\u00fdm pr\u00ed\u010dastim hlavn\u00e9ho slovesa.<\/p>\n\n\n\n<h3 class=\"wp-block-heading\" id=\"h-10-perfect-progressive\">10. Perfektne progres\u00edvne:<\/h3>\n\n\n\n<p>Perfektn\u00fd progres\u00edvny aspekt kombinuje dokonal\u00e9 a progres\u00edvne aspekty na vyjadrenie akci\u00ed, ktor\u00e9 za\u010dali v minulosti, pokra\u010duj\u00fa v s\u00fa\u010dasnosti a m\u00f4\u017eu pokra\u010dova\u0165 aj v bud\u00facnosti.<\/p>\n\n\n\n<h3 class=\"wp-block-heading\" id=\"h-11-conditionals\">11. Podmienky:<\/h3>\n\n\n\n<p>Bulhar\u010dina m\u00e1 tri typy kondicion\u00e1lov &#8211; re\u00e1lny, nere\u00e1lny a potenci\u00e1lny. Pou\u017e\u00edvaj\u00fa sa na vyjadrenie hypotetick\u00fdch alebo protichodn\u00fdch situ\u00e1ci\u00ed, ako aj na predpovedanie alebo poskytovanie r\u00e1d.<\/p>\n\n\n\n<h3 class=\"wp-block-heading\" id=\"h-12-prepositions\">12. Predlo\u017eky:<\/h3>\n\n\n\n<p>Predlo\u017eky s\u00fa nevyhnutn\u00e9 na vyjadrenie vz\u0165ahov medzi slovami vo vete. Pou\u017e\u00edvaj\u00fa sa na ozna\u010denie miesta, \u010dasu, smeru, pr\u00ed\u010diny a in\u00fdch vz\u0165ahov.<\/p>\n\n\n\n<h3 class=\"wp-block-heading\" id=\"h-13-sentences\">13. Vety:<\/h3>\n\n\n\n<p>Nau\u010di\u0165 sa tvori\u0165 jednoduch\u00e9 a zlo\u017eit\u00e9 vety v bulhar\u010dine je rozhoduj\u00face pre efekt\u00edvnu komunik\u00e1ciu. To zah\u0155\u0148a pochopenie spr\u00e1vneho slovosledu, podmetovo-slovesn\u00fa dohodu a pou\u017e\u00edvanie spojok a in\u00fdch vetn\u00fdch \u0161trukt\u00far.<\/p>\n<\/div><\/div>\n\r\n<section class=\"learnNavigationSection\">\r\n            \r\n        <a href=\"https:\/\/talkpal.ai\/sk\/naucte-sa-bulharsky\/\">\r\n            <div class=\"learnNavigationWrapper\">\r\n                <div class=\"learnNavigationContent\">\r\n                    <img decoding=\"async\" src=\"https:\/\/talkpal.ai\/wp-content\/uploads\/2024\/08\/Bulgarian.jpg\" alt=\"Bulgarian Flag\">\r\n                    <div>\r\n                        <h4>O \u0161t\u00fadiu bulhar\u010diny<\/h4>\r\n                        <p>Zistite v\u0161etko o bulharskej gramatike.<\/p>\r\n                    <\/div>\r\n                <\/div>\r\n            <\/div>\r\n        <\/a>\r\n\r\n        \r\n        <a href=\"https:\/\/talkpal.ai\/sk\/bulharska-gramatika\/\">\r\n            <div class=\"learnNavigationWrapper\">\r\n                <div class=\"learnNavigationContent\">\r\n                    <img decoding=\"async\" src=\"https:\/\/talkpal.ai\/wp-content\/uploads\/2024\/08\/Bulgarian.jpg\" alt=\"Bulgarian Flag\">\r\n                    <div>\r\n                        <h4>Lekcie bulharskej gramatiky<\/h4>\r\n                        <p>Precvi\u010dte si bulharsk\u00fa gramatiku.<\/p>\r\n                    <\/div>\r\n                <\/div>\r\n            <\/div>\r\n        <\/a>\r\n\r\n        \r\n        <a href=\"https:\/\/talkpal.ai\/vocabulary_language\/bulgarian\/\">\r\n            <div class=\"learnNavigationWrapper\">\r\n                <div class=\"learnNavigationContent\">\r\n                    <img decoding=\"async\" src=\"https:\/\/talkpal.ai\/wp-content\/uploads\/2024\/08\/Bulgarian.jpg\" alt=\"Bulgarian Flag\">\r\n                    <div>\r\n                        <h4>Bulharsk\u00e1 slovn\u00e1 z\u00e1soba<\/h4>\r\n                        <p>Roz\u0161\u00edrte si slovn\u00fa z\u00e1sobu bulhar\u010diny.<\/p>\r\n                    <\/div>\r\n                <\/div>\r\n            <\/div>\r\n        <\/a>\r\n\r\n            <\/section>","protected":false},"excerpt":{"rendered":"<p>T\u00e9my bulharskej gramatiky Bulhar\u010dina je juhoslovansk\u00fd jazyk, ktor\u00fdm sa hovor\u00ed predov\u0161etk\u00fdm v Bulharsku a bulharsk\u00fdmi komunitami v susedn\u00fdch krajin\u00e1ch. Ako \u00faradn\u00fd jazyk Bulharska zohr\u00e1va d\u00f4le\u017eit\u00fa \u00falohu v kult\u00fare, hist\u00f3rii a ka\u017edodennom \u017eivote krajiny. U\u010denie bulhar\u010diny m\u00f4\u017ee by\u0165 obohacuj\u00facim z\u00e1\u017eitkom, preto\u017ee v\u00e1m umo\u017en\u00ed presk\u00fama\u0165 bohat\u00fa literat\u00faru, kr\u00e1snu krajinu a chutn\u00fa kuchy\u0148u krajiny. Na zvl\u00e1dnutie bulhar\u010diny je [&hellip;]<\/p>\n","protected":false},"author":6,"featured_media":111153,"parent":0,"menu_order":0,"comment_status":"closed","ping_status":"closed","template":"LearningContentPage.php","meta":{"_acf_changed":false,"footnotes":""},"class_list":["post-164607","page","type-page","status-publish","has-post-thumbnail","hentry"],"acf":[],"yoast_head":"<!-- This site is optimized with the Yoast SEO Premium plugin v27.2 (Yoast SEO v27.2) - https:\/\/yoast.com\/product\/yoast-seo-premium-wordpress\/ -->\n<title>Bulharsk\u00e9 gramatick\u00e9 cvi\u010denia - Talkpal<\/title>\n<meta name=\"description\" content=\"Zdokona\u013ete svoje jazykov\u00e9 zru\u010dnosti pomocou cvi\u010den\u00ed z bulharskej gramatiky. Zvl\u00e1dnite gramatiku a z\u00edskajte pevn\u00e9 z\u00e1klady bulhar\u010diny.\" \/>\n<meta name=\"robots\" content=\"index, follow, max-snippet:-1, max-image-preview:large, max-video-preview:-1\" \/>\n<link rel=\"canonical\" href=\"https:\/\/talkpal.ai\/sk\/bulharske-gramaticke-cvicenia\/\" \/>\n<meta property=\"og:locale\" content=\"sk_SK\" \/>\n<meta property=\"og:type\" content=\"article\" \/>\n<meta property=\"og:title\" content=\"Bulharsk\u00e9 gramatick\u00e9 cvi\u010denia\" \/>\n<meta property=\"og:description\" content=\"T\u00e9my bulharskej gramatiky Bulhar\u010dina je juhoslovansk\u00fd jazyk, ktor\u00fdm sa hovor\u00ed predov\u0161etk\u00fdm v Bulharsku a bulharsk\u00fdmi komunitami v susedn\u00fdch krajin\u00e1ch. Ako\" \/>\n<meta property=\"og:url\" content=\"https:\/\/talkpal.ai\/sk\/bulharske-gramaticke-cvicenia\/\" \/>\n<meta property=\"og:site_name\" content=\"Talkpal\" \/>\n<meta property=\"article:publisher\" content=\"https:\/\/www.facebook.com\/profile.php?id=100090733639311\" \/>\n<meta property=\"article:modified_time\" content=\"2025-05-23T11:59:09+00:00\" \/>\n<meta property=\"og:image\" content=\"https:\/\/talkpal.ai\/wp-content\/uploads\/2023\/05\/bulgaria.png\" \/>\n\t<meta property=\"og:image:width\" content=\"512\" \/>\n\t<meta property=\"og:image:height\" content=\"512\" \/>\n\t<meta property=\"og:image:type\" content=\"image\/png\" \/>\n<meta name=\"twitter:card\" content=\"summary_large_image\" \/>\n<meta name=\"twitter:site\" content=\"@talkpalai\" \/>\n<meta name=\"twitter:label1\" content=\"Predpokladan\u00fd \u010das \u010d\u00edtania\" \/>\n\t<meta name=\"twitter:data1\" content=\"3 min\u00faty\" \/>\n<script type=\"application\/ld+json\" class=\"yoast-schema-graph\">{\"@context\":\"https:\/\/schema.org\",\"@graph\":[{\"@type\":\"WebPage\",\"@id\":\"https:\/\/talkpal.ai\/sk\/bulharske-gramaticke-cvicenia\/\",\"url\":\"https:\/\/talkpal.ai\/sk\/bulharske-gramaticke-cvicenia\/\",\"name\":\"Bulharsk\u00e9 gramatick\u00e9 cvi\u010denia - Talkpal\",\"isPartOf\":{\"@id\":\"https:\/\/talkpal.ai\/sk\/#website\"},\"primaryImageOfPage\":{\"@id\":\"https:\/\/talkpal.ai\/sk\/bulharske-gramaticke-cvicenia\/#primaryimage\"},\"image\":{\"@id\":\"https:\/\/talkpal.ai\/sk\/bulharske-gramaticke-cvicenia\/#primaryimage\"},\"thumbnailUrl\":\"https:\/\/talkpal.ai\/wp-content\/uploads\/2023\/05\/bulgaria.png\",\"datePublished\":\"2023-06-16T12:39:48+00:00\",\"dateModified\":\"2025-05-23T11:59:09+00:00\",\"description\":\"Zdokona\u013ete svoje jazykov\u00e9 zru\u010dnosti pomocou cvi\u010den\u00ed z bulharskej gramatiky. Zvl\u00e1dnite gramatiku a z\u00edskajte pevn\u00e9 z\u00e1klady bulhar\u010diny.\",\"breadcrumb\":{\"@id\":\"https:\/\/talkpal.ai\/sk\/bulharske-gramaticke-cvicenia\/#breadcrumb\"},\"inLanguage\":\"sk-SK\",\"potentialAction\":[{\"@type\":\"ReadAction\",\"target\":[\"https:\/\/talkpal.ai\/sk\/bulharske-gramaticke-cvicenia\/\"]}]},{\"@type\":\"ImageObject\",\"inLanguage\":\"sk-SK\",\"@id\":\"https:\/\/talkpal.ai\/sk\/bulharske-gramaticke-cvicenia\/#primaryimage\",\"url\":\"https:\/\/talkpal.ai\/wp-content\/uploads\/2023\/05\/bulgaria.png\",\"contentUrl\":\"https:\/\/talkpal.ai\/wp-content\/uploads\/2023\/05\/bulgaria.png\",\"width\":512,\"height\":512},{\"@type\":\"BreadcrumbList\",\"@id\":\"https:\/\/talkpal.ai\/sk\/bulharske-gramaticke-cvicenia\/#breadcrumb\",\"itemListElement\":[{\"@type\":\"ListItem\",\"position\":1,\"name\":\"Homepage\",\"item\":\"https:\/\/talkpal.ai\/sk\/\"},{\"@type\":\"ListItem\",\"position\":2,\"name\":\"Bulharsk\u00e9 gramatick\u00e9 cvi\u010denia\"}]},{\"@type\":\"WebSite\",\"@id\":\"https:\/\/talkpal.ai\/sk\/#website\",\"url\":\"https:\/\/talkpal.ai\/sk\/\",\"name\":\"Talkpal\",\"description\":\"AI Language Learning\",\"publisher\":{\"@id\":\"https:\/\/talkpal.ai\/sk\/#organization\"},\"alternateName\":\"Talkpal AI\",\"potentialAction\":[{\"@type\":\"SearchAction\",\"target\":{\"@type\":\"EntryPoint\",\"urlTemplate\":\"https:\/\/talkpal.ai\/sk\/?s={search_term_string}\"},\"query-input\":{\"@type\":\"PropertyValueSpecification\",\"valueRequired\":true,\"valueName\":\"search_term_string\"}}],\"inLanguage\":\"sk-SK\"},{\"@type\":\"Organization\",\"@id\":\"https:\/\/talkpal.ai\/sk\/#organization\",\"name\":\"Talkpal, Inc.\",\"alternateName\":\"Talkpal AI\",\"url\":\"https:\/\/talkpal.ai\/sk\/\",\"logo\":{\"@type\":\"ImageObject\",\"inLanguage\":\"sk-SK\",\"@id\":\"https:\/\/talkpal.ai\/sk\/#\/schema\/logo\/image\/\",\"url\":\"https:\/\/talkpal.ai\/wp-content\/uploads\/2024\/03\/Talkpal-Logo-Icon.png\",\"contentUrl\":\"https:\/\/talkpal.ai\/wp-content\/uploads\/2024\/03\/Talkpal-Logo-Icon.png\",\"width\":2880,\"height\":2880,\"caption\":\"Talkpal, Inc.\"},\"image\":{\"@id\":\"https:\/\/talkpal.ai\/sk\/#\/schema\/logo\/image\/\"},\"sameAs\":[\"https:\/\/www.facebook.com\/profile.php?id=100090733639311\",\"https:\/\/x.com\/talkpalai\",\"https:\/\/www.linkedin.com\/company\/talkpal\/\",\"https:\/\/www.youtube.com\/@TalkPal\/\",\"https:\/\/www.tiktok.com\/@talkpal\",\"https:\/\/www.instagram.com\/talkpal_ai\/\",\"https:\/\/www.crunchbase.com\/organization\/talkpal-9cde\",\"https:\/\/www.g2.com\/products\/talkpal-for-business\/\",\"https:\/\/www.trustpilot.com\/review\/talkpal.ai\",\"https:\/\/www.capterra.com\/p\/10006800\/TalkPal\/\"],\"description\":\"Talkpal is a language learning web and mobile education app, powered by the latest AI technologies, that provides engaging experiences to its customers in many different languages to help them improve their language skills. Users can chat about unlimited amount of topics with the app and use other modes to practice their language learning.\",\"email\":\"support@talkpal.ai\",\"legalName\":\"Talkpal, Inc.\",\"foundingDate\":\"2023-04-03\",\"duns\":\"118989042\",\"numberOfEmployees\":{\"@type\":\"QuantitativeValue\",\"minValue\":\"11\",\"maxValue\":\"50\"},\"publishingPrinciples\":\"https:\/\/talkpal.ai\/publishing-principles\/\",\"actionableFeedbackPolicy\":\"https:\/\/talkpal.ai\/actionable-feedback-policy\/\",\"correctionsPolicy\":\"https:\/\/talkpal.ai\/corrections-policy\/\",\"ethicsPolicy\":\"https:\/\/talkpal.ai\/ethics-policy\/\",\"diversityPolicy\":\"https:\/\/talkpal.ai\/diversity-policy\/\",\"diversityStaffingReport\":\"https:\/\/talkpal.ai\/diversity-policy\/\"}]}<\/script>\n<!-- \/ Yoast SEO Premium plugin. -->","yoast_head_json":{"title":"Bulharsk\u00e9 gramatick\u00e9 cvi\u010denia - Talkpal","description":"Zdokona\u013ete svoje jazykov\u00e9 zru\u010dnosti pomocou cvi\u010den\u00ed z bulharskej gramatiky. Zvl\u00e1dnite gramatiku a z\u00edskajte pevn\u00e9 z\u00e1klady bulhar\u010diny.","robots":{"index":"index","follow":"follow","max-snippet":"max-snippet:-1","max-image-preview":"max-image-preview:large","max-video-preview":"max-video-preview:-1"},"canonical":"https:\/\/talkpal.ai\/sk\/bulharske-gramaticke-cvicenia\/","og_locale":"sk_SK","og_type":"article","og_title":"Bulharsk\u00e9 gramatick\u00e9 cvi\u010denia","og_description":"T\u00e9my bulharskej gramatiky Bulhar\u010dina je juhoslovansk\u00fd jazyk, ktor\u00fdm sa hovor\u00ed predov\u0161etk\u00fdm v Bulharsku a bulharsk\u00fdmi komunitami v susedn\u00fdch krajin\u00e1ch. Ako","og_url":"https:\/\/talkpal.ai\/sk\/bulharske-gramaticke-cvicenia\/","og_site_name":"Talkpal","article_publisher":"https:\/\/www.facebook.com\/profile.php?id=100090733639311","article_modified_time":"2025-05-23T11:59:09+00:00","og_image":[{"width":512,"height":512,"url":"https:\/\/talkpal.ai\/wp-content\/uploads\/2023\/05\/bulgaria.png","type":"image\/png"}],"twitter_card":"summary_large_image","twitter_site":"@talkpalai","twitter_misc":{"Predpokladan\u00fd \u010das \u010d\u00edtania":"3 min\u00faty"},"schema":{"@context":"https:\/\/schema.org","@graph":[{"@type":"WebPage","@id":"https:\/\/talkpal.ai\/sk\/bulharske-gramaticke-cvicenia\/","url":"https:\/\/talkpal.ai\/sk\/bulharske-gramaticke-cvicenia\/","name":"Bulharsk\u00e9 gramatick\u00e9 cvi\u010denia - Talkpal","isPartOf":{"@id":"https:\/\/talkpal.ai\/sk\/#website"},"primaryImageOfPage":{"@id":"https:\/\/talkpal.ai\/sk\/bulharske-gramaticke-cvicenia\/#primaryimage"},"image":{"@id":"https:\/\/talkpal.ai\/sk\/bulharske-gramaticke-cvicenia\/#primaryimage"},"thumbnailUrl":"https:\/\/talkpal.ai\/wp-content\/uploads\/2023\/05\/bulgaria.png","datePublished":"2023-06-16T12:39:48+00:00","dateModified":"2025-05-23T11:59:09+00:00","description":"Zdokona\u013ete svoje jazykov\u00e9 zru\u010dnosti pomocou cvi\u010den\u00ed z bulharskej gramatiky. Zvl\u00e1dnite gramatiku a z\u00edskajte pevn\u00e9 z\u00e1klady bulhar\u010diny.","breadcrumb":{"@id":"https:\/\/talkpal.ai\/sk\/bulharske-gramaticke-cvicenia\/#breadcrumb"},"inLanguage":"sk-SK","potentialAction":[{"@type":"ReadAction","target":["https:\/\/talkpal.ai\/sk\/bulharske-gramaticke-cvicenia\/"]}]},{"@type":"ImageObject","inLanguage":"sk-SK","@id":"https:\/\/talkpal.ai\/sk\/bulharske-gramaticke-cvicenia\/#primaryimage","url":"https:\/\/talkpal.ai\/wp-content\/uploads\/2023\/05\/bulgaria.png","contentUrl":"https:\/\/talkpal.ai\/wp-content\/uploads\/2023\/05\/bulgaria.png","width":512,"height":512},{"@type":"BreadcrumbList","@id":"https:\/\/talkpal.ai\/sk\/bulharske-gramaticke-cvicenia\/#breadcrumb","itemListElement":[{"@type":"ListItem","position":1,"name":"Homepage","item":"https:\/\/talkpal.ai\/sk\/"},{"@type":"ListItem","position":2,"name":"Bulharsk\u00e9 gramatick\u00e9 cvi\u010denia"}]},{"@type":"WebSite","@id":"https:\/\/talkpal.ai\/sk\/#website","url":"https:\/\/talkpal.ai\/sk\/","name":"Talkpal","description":"AI Language Learning","publisher":{"@id":"https:\/\/talkpal.ai\/sk\/#organization"},"alternateName":"Talkpal AI","potentialAction":[{"@type":"SearchAction","target":{"@type":"EntryPoint","urlTemplate":"https:\/\/talkpal.ai\/sk\/?s={search_term_string}"},"query-input":{"@type":"PropertyValueSpecification","valueRequired":true,"valueName":"search_term_string"}}],"inLanguage":"sk-SK"},{"@type":"Organization","@id":"https:\/\/talkpal.ai\/sk\/#organization","name":"Talkpal, Inc.","alternateName":"Talkpal AI","url":"https:\/\/talkpal.ai\/sk\/","logo":{"@type":"ImageObject","inLanguage":"sk-SK","@id":"https:\/\/talkpal.ai\/sk\/#\/schema\/logo\/image\/","url":"https:\/\/talkpal.ai\/wp-content\/uploads\/2024\/03\/Talkpal-Logo-Icon.png","contentUrl":"https:\/\/talkpal.ai\/wp-content\/uploads\/2024\/03\/Talkpal-Logo-Icon.png","width":2880,"height":2880,"caption":"Talkpal, Inc."},"image":{"@id":"https:\/\/talkpal.ai\/sk\/#\/schema\/logo\/image\/"},"sameAs":["https:\/\/www.facebook.com\/profile.php?id=100090733639311","https:\/\/x.com\/talkpalai","https:\/\/www.linkedin.com\/company\/talkpal\/","https:\/\/www.youtube.com\/@TalkPal\/","https:\/\/www.tiktok.com\/@talkpal","https:\/\/www.instagram.com\/talkpal_ai\/","https:\/\/www.crunchbase.com\/organization\/talkpal-9cde","https:\/\/www.g2.com\/products\/talkpal-for-business\/","https:\/\/www.trustpilot.com\/review\/talkpal.ai","https:\/\/www.capterra.com\/p\/10006800\/TalkPal\/"],"description":"Talkpal is a language learning web and mobile education app, powered by the latest AI technologies, that provides engaging experiences to its customers in many different languages to help them improve their language skills. Users can chat about unlimited amount of topics with the app and use other modes to practice their language learning.","email":"support@talkpal.ai","legalName":"Talkpal, Inc.","foundingDate":"2023-04-03","duns":"118989042","numberOfEmployees":{"@type":"QuantitativeValue","minValue":"11","maxValue":"50"},"publishingPrinciples":"https:\/\/talkpal.ai\/publishing-principles\/","actionableFeedbackPolicy":"https:\/\/talkpal.ai\/actionable-feedback-policy\/","correctionsPolicy":"https:\/\/talkpal.ai\/corrections-policy\/","ethicsPolicy":"https:\/\/talkpal.ai\/ethics-policy\/","diversityPolicy":"https:\/\/talkpal.ai\/diversity-policy\/","diversityStaffingReport":"https:\/\/talkpal.ai\/diversity-policy\/"}]}},"_links":{"self":[{"href":"https:\/\/talkpal.ai\/sk\/wp-json\/wp\/v2\/pages\/164607","targetHints":{"allow":["GET"]}}],"collection":[{"href":"https:\/\/talkpal.ai\/sk\/wp-json\/wp\/v2\/pages"}],"about":[{"href":"https:\/\/talkpal.ai\/sk\/wp-json\/wp\/v2\/types\/page"}],"author":[{"embeddable":true,"href":"https:\/\/talkpal.ai\/sk\/wp-json\/wp\/v2\/users\/6"}],"replies":[{"embeddable":true,"href":"https:\/\/talkpal.ai\/sk\/wp-json\/wp\/v2\/comments?post=164607"}],"version-history":[{"count":0,"href":"https:\/\/talkpal.ai\/sk\/wp-json\/wp\/v2\/pages\/164607\/revisions"}],"wp:featuredmedia":[{"embeddable":true,"href":"https:\/\/talkpal.ai\/sk\/wp-json\/wp\/v2\/media\/111153"}],"wp:attachment":[{"href":"https:\/\/talkpal.ai\/sk\/wp-json\/wp\/v2\/media?parent=164607"}],"curies":[{"name":"wp","href":"https:\/\/api.w.org\/{rel}","templated":true}]}}