{"id":164319,"date":"2023-06-16T12:49:04","date_gmt":"2023-06-16T12:49:04","guid":{"rendered":"http:\/\/talkpal.ai\/katalanske-gramaticke-cvicenia\/"},"modified":"2025-05-23T13:31:31","modified_gmt":"2025-05-23T13:31:31","slug":"katalanske-gramaticke-cvicenia","status":"publish","type":"page","link":"https:\/\/talkpal.ai\/sk\/katalanske-gramaticke-cvicenia\/","title":{"rendered":"Katal\u00e1nske gramatick\u00e9 cvi\u010denia"},"content":{"rendered":"\r\n\r\n\r\n<section class=\"languageChallengeSection\">\r\n    <div class=\"languageInfoWrapper\">\r\n        \r\n        <h1>Katal\u00e1nske gramatick\u00e9 cvi\u010denia<\/h1>\r\n        <p>Chcete si by\u0165 istej\u0161\u00ed v katal\u00e1n\u010dine? Precvi\u010dovanie gramatick\u00fdch cvi\u010den\u00ed je skvel\u00fd sp\u00f4sob, ako si osvoji\u0165 \u0161trukt\u00faru viet, slovesn\u00e9 tvary a charakteristick\u00e9 vzorce katal\u00e1nskeho jazyka. Za\u010dnite pracova\u0165 na katal\u00e1nskej gramatike e\u0161te dnes a sledujte, ako s ka\u017ed\u00fdm cvi\u010den\u00edm rastie va\u0161e porozumenie a plynulos\u0165!<\/p>\r\n\r\n                            <a class=\"getStartedHidden\" href=\"https:\/\/app.talkpal.ai\/sk\/signup?lng=\">Za\u010dni<\/a>\r\n        \r\n    <\/div>\r\n\r\n    <figure>\r\n    <img decoding=\"async\" width=\"768\" height=\"768\" src=\"https:\/\/talkpal.ai\/wp-content\/uploads\/2023\/06\/catalan-768x768.png\" class=\"languageImage no-lazy\" alt=\"Language learning techniques for fast learning\" fetchpriority=\"high\" sizes=\"(max-width: 768px) 150px, 768px\" srcset=\"https:\/\/talkpal.ai\/wp-content\/uploads\/2023\/06\/catalan-768x768.png 768w, https:\/\/talkpal.ai\/wp-content\/uploads\/2023\/06\/catalan-300x300.png 300w\" \/>\r\n    \r\n\r\n    <\/figure>\r\n\r\n            <a class=\"getStartedVisible\" href=\"https:\/\/app.talkpal.ai\/sk\/signup?lng=\">Za\u010dni<\/a>\r\n    \r\n<\/section>\r\n\r\n\r\n<!-- <section class=\"grammarSection\">\r\n    <div class=\"grammarLinks\">\r\n            <\/div>\r\n<\/section> -->\r\n\r\n\r\n\r\n\r\n<section class=\"promotionalBanner\">\r\n    <p class=\"promotionalText\">Najefekt\u00edvnej\u0161\u00ed sp\u00f4sob, ako sa nau\u010di\u0165 jazyk<\/p>\r\n    <a class=\"promotionalLink\" href=\"https:\/\/app.talkpal.ai\/sk\/signup?lng=\">Vysk\u00fa\u0161ajte Talkpal zadarmo<\/a>\r\n<\/section>\n<div class=\"wp-block-group pageContainerStyle\"><div class=\"wp-block-group__inner-container is-layout-constrained wp-block-group-is-layout-constrained\">\n<h2 class=\"wp-block-heading\" id=\"h-catalan-grammar-topics\">T\u00e9my katal\u00e1nskej gramatiky<\/h2>\n\n\n\n<p><a href=\"https:\/\/talkpal.ai\/learn-catalan\/\">Katal\u00e1n\u010dina<\/a>, rom\u00e1nsky jazyk, ktor\u00fdm hovoria mili\u00f3ny \u013eud\u00ed v regi\u00f3ne Katal\u00e1nsko v \u0160panielsku a \u010dastiach Talianska a Franc\u00fazska, je kr\u00e1sny a \u017eiv\u00fd jazyk s bohatou hist\u00f3riou. <a href=\"https:\/\/talkpal.ai\/sk\/ucenie\/\">U\u010denie sa<\/a> katal\u00e1n\u010diny m\u00f4\u017ee by\u0165 pr\u00edjemnou a obohacuj\u00facou sk\u00fasenos\u0165ou, ktor\u00e1 otv\u00e1ra nov\u00e9 kult\u00farne a jazykov\u00e9 obzory. Ak sa chcete spr\u00e1vne nau\u010di\u0165 tento jazyk, je nevyhnutn\u00e9 zvl\u00e1dnu\u0165 jeho gramatiku. <a href=\"https:\/\/talkpal.ai\/catalan-grammar\/\">Katal\u00e1nska gramatika<\/a>, rovnako ako <a href=\"https:\/\/talkpal.ai\/sq\/gramatika\/\">gramatika<\/a> ak\u00e9hoko\u013evek in\u00e9ho jazyka, je syst\u00e9m pravidiel, ktor\u00fdmi sa riadi kon\u0161trukcia fr\u00e1z a viet. V tomto \u010dl\u00e1nku presk\u00famame k\u013e\u00fa\u010dov\u00e9 aspekty katal\u00e1nskej gramatiky v logickej postupnosti a poskytneme pevn\u00fd z\u00e1klad pre va\u0161u cestu jazykov\u00e9ho vzdel\u00e1vania.<\/p>\n\n\n\n<h3 class=\"wp-block-heading\" id=\"h-1-nouns-and-articles\">1. Podstatn\u00e9 men\u00e1 a \u010dleny:<\/h3>\n\n\n\n<p>Za\u010dnite u\u010den\u00edm sa katal\u00e1nskych podstatn\u00fdch mien, ktor\u00e9 maj\u00fa rody (mu\u017esk\u00e9 alebo \u017eensk\u00e9) a \u010d\u00edsla (jednotn\u00e9 alebo mno\u017en\u00e9 \u010d\u00edslo). Ur\u010dit\u00e9 a neur\u010dit\u00e9 \u010dl\u00e1nky v katal\u00e1n\u010dine sa tie\u017e menia pod\u013ea pohlavia a po\u010dtu, \u010do z nich rob\u00ed z\u00e1kladn\u00fd v\u00fdchodiskov\u00fd bod pre budovanie viet.<\/p>\n\n\n\n<h3 class=\"wp-block-heading\" id=\"h-2-adjectives\">2. Pr\u00eddavn\u00e9 men\u00e1:<\/h3>\n\n\n\n<p>Pr\u00eddavn\u00e9 men\u00e1 v katal\u00e1n\u010dine s\u00fahlasia s podstatn\u00fdmi menami, ktor\u00e9 upravuj\u00fa v rode a \u010d\u00edsle. Nau\u010dte sa, ako tvori\u0165 a umiest\u0148ova\u0165 pr\u00eddavn\u00e9 men\u00e1, aby ste presne op\u00edsali vlastnosti podstatn\u00fdch mien.<\/p>\n\n\n\n<h3 class=\"wp-block-heading\" id=\"h-3-pronouns-determiners\">3. Z\u00e1men\u00e1\/determin\u00e1tory:<\/h3>\n\n\n\n<p>Z\u00e1men\u00e1 nahr\u00e1dzaj\u00fa podstatn\u00e9 men\u00e1, aby sa zabr\u00e1nilo opakovaniu, zatia\u013e \u010do determin\u00e1tory ich \u0161pecifikuj\u00fa alebo kvantifikuj\u00fa. Osvojte si r\u00f4zne typy z\u00e1men (podmet, objekt, reflex\u00edvne) a determin\u00e1torov (demon\u0161trat\u00edvny, privlast\u0148ovac\u00ed, opytovac\u00ed jazyk), aby ste svojim vet\u00e1m spestrili rozmanitos\u0165.<\/p>\n\n\n\n<h3 class=\"wp-block-heading\" id=\"h-4-verbs-and-tenses\">4. Sloves\u00e1 a \u010dasy:<\/h3>\n\n\n\n<p>Katal\u00e1nske sloves\u00e1 s\u00fa \u010dasovan\u00e9 pod\u013ea ich \u010dasu, n\u00e1lady a osoby. Nau\u010dte sa pravideln\u00e9 a nepravideln\u00e9 slovesn\u00e9 tvary v pr\u00edtomnom, minulom a bud\u00facom \u010dase, ako aj imperat\u00edvnu n\u00e1ladu na vyd\u00e1vanie pr\u00edkazov.<\/p>\n\n\n\n<h3 class=\"wp-block-heading\" id=\"h-5-tense-comparison\">5. Nap\u00e4t\u00e9 porovnanie:<\/h3>\n\n\n\n<p>Pochopte, ako porovna\u0165 r\u00f4zne \u010dasy v katal\u00e1n\u010dine na vyjadrenie akci\u00ed alebo stavov vyskytuj\u00facich sa v r\u00f4znych \u010dasoch.<\/p>\n\n\n\n<h3 class=\"wp-block-heading\" id=\"h-6-progressive-and-perfect-progressive\">6. Progres\u00edvne a dokonal\u00e9 progres\u00edvne:<\/h3>\n\n\n\n<p>Progres\u00edvna forma ozna\u010duje prebiehaj\u00facu akciu, zatia\u013e \u010do dokonal\u00e1 progres\u00edvna kombinuje progres\u00edvne a dokonal\u00e9 aspekty. Nau\u010dte sa vytv\u00e1ra\u0165 a pou\u017e\u00edva\u0165 tieto kon\u0161trukcie na vyjadrenie prebiehaj\u00facich alebo dokon\u010den\u00fdch akci\u00ed s priebe\u017enou relevantnos\u0165ou.<\/p>\n\n\n\n<h3 class=\"wp-block-heading\" id=\"h-7-adverbs\">7. Pr\u00edslovky:<\/h3>\n\n\n\n<p>Pr\u00edslovky upravuj\u00fa sloves\u00e1, pr\u00eddavn\u00e9 men\u00e1 alebo in\u00e9 pr\u00edslovky tak, aby poskytovali \u010fal\u0161ie inform\u00e1cie o \u010dinnostiach alebo vlastnostiach. Nau\u010dte sa r\u00f4zne typy pr\u00edsloviek a ich umiestnenie vo vet\u00e1ch.<\/p>\n\n\n\n<h3 class=\"wp-block-heading\" id=\"h-8-prepositions\">8. Predlo\u017eky:<\/h3>\n\n\n\n<p>Predlo\u017eky sp\u00e1jaj\u00fa podstatn\u00e9 men\u00e1, z\u00e1men\u00e1 alebo in\u00e9 prvky vo vete na ozna\u010denie vz\u0165ahov, ako je miesto, \u010das alebo smer. Zozn\u00e1mte sa s najbe\u017enej\u0161\u00edmi katal\u00e1nskymi predlo\u017ekami a ich pou\u017eit\u00edm.<\/p>\n\n\n\n<h3 class=\"wp-block-heading\" id=\"h-9-conditionals\">9. Podmienky:<\/h3>\n\n\n\n<p>Podmienen\u00e9 vyjadruj\u00fa hypotetick\u00e9 situ\u00e1cie alebo podmienky a ich d\u00f4sledky. Nau\u010dte sa r\u00f4zne typy kondicion\u00e1lov (nula, prv\u00e1, druh\u00e1, tretia) a ako ich spr\u00e1vne vytv\u00e1ra\u0165 a pou\u017e\u00edva\u0165.<\/p>\n\n\n\n<h3 class=\"wp-block-heading\" id=\"h-10-sentences\">10. Vety:<\/h3>\n\n\n\n<p>Nakoniec si precvi\u010dte kombin\u00e1ciu v\u0161etk\u00fdch nau\u010den\u00fdch prvkov a vytvorte \u00fapln\u00e9, s\u00favisl\u00e9 vety v katal\u00e1n\u010dine. Experimentujte s r\u00f4znymi vetn\u00fdmi \u0161trukt\u00farami a precvi\u010dujte si vytv\u00e1ranie r\u00f4znych typov viet, ako s\u00fa deklarat\u00edvne, opytovacie a v\u00fdkri\u010dn\u00edkov\u00e9.<\/p>\n\n\n\n<p>Nau\u010den\u00edm sa t\u00fdchto t\u00e9m v navrhovanom porad\u00ed si vytvor\u00edte siln\u00e9 z\u00e1klady katal\u00e1nskej gramatiky, ktor\u00e9 v\u00e1m umo\u017enia efekt\u00edvne a sebavedomo komunikova\u0165 v tomto fascinuj\u00facom jazyku.<\/p>\n<\/div><\/div>\n\r\n<section class=\"learnNavigationSection\">\r\n            \r\n        <a href=\"https:\/\/talkpal.ai\/sk\/naucte-sa-katalancinu\/\">\r\n            <div class=\"learnNavigationWrapper\">\r\n                <div class=\"learnNavigationContent\">\r\n                    <img decoding=\"async\" src=\"https:\/\/talkpal.ai\/wp-content\/uploads\/2024\/08\/Catalan.jpg\" alt=\"Catalan Flag\">\r\n                    <div>\r\n                        <h4>O katal\u00e1nskom vzdel\u00e1van\u00ed<\/h4>\r\n                        <p>Zistite v\u0161etko o katal\u00e1nskej gramatike.<\/p>\r\n                    <\/div>\r\n                <\/div>\r\n            <\/div>\r\n        <\/a>\r\n\r\n        \r\n        <a href=\"https:\/\/talkpal.ai\/sk\/katalanska-gramatika\/\">\r\n            <div class=\"learnNavigationWrapper\">\r\n                <div class=\"learnNavigationContent\">\r\n                    <img decoding=\"async\" src=\"https:\/\/talkpal.ai\/wp-content\/uploads\/2024\/08\/Catalan.jpg\" alt=\"Catalan Flag\">\r\n                    <div>\r\n                        <h4>Lekcie katal\u00e1nskej gramatiky<\/h4>\r\n                        <p>Precvi\u010dte si katal\u00e1nsku gramatiku.<\/p>\r\n                    <\/div>\r\n                <\/div>\r\n            <\/div>\r\n        <\/a>\r\n\r\n        \r\n        <a href=\"https:\/\/talkpal.ai\/vocabulary_language\/catalan\/\">\r\n            <div class=\"learnNavigationWrapper\">\r\n                <div class=\"learnNavigationContent\">\r\n                    <img decoding=\"async\" src=\"https:\/\/talkpal.ai\/wp-content\/uploads\/2024\/08\/Catalan.jpg\" alt=\"Catalan Flag\">\r\n                    <div>\r\n                        <h4>Katal\u00e1nska slovn\u00e1 z\u00e1soba<\/h4>\r\n                        <p>Roz\u0161\u00edrte si slovn\u00fa z\u00e1sobu katal\u00e1n\u010diny.<\/p>\r\n                    <\/div>\r\n                <\/div>\r\n            <\/div>\r\n        <\/a>\r\n\r\n            <\/section>","protected":false},"excerpt":{"rendered":"<p>T\u00e9my katal\u00e1nskej gramatiky Katal\u00e1n\u010dina, rom\u00e1nsky jazyk, ktor\u00fdm hovoria mili\u00f3ny \u013eud\u00ed v regi\u00f3ne Katal\u00e1nsko v \u0160panielsku a \u010dastiach Talianska a Franc\u00fazska, je kr\u00e1sny a \u017eiv\u00fd jazyk s bohatou hist\u00f3riou. U\u010denie sa katal\u00e1n\u010diny m\u00f4\u017ee by\u0165 pr\u00edjemnou a obohacuj\u00facou sk\u00fasenos\u0165ou, ktor\u00e1 otv\u00e1ra nov\u00e9 kult\u00farne a jazykov\u00e9 obzory. Ak sa chcete spr\u00e1vne nau\u010di\u0165 tento jazyk, je nevyhnutn\u00e9 zvl\u00e1dnu\u0165 jeho [&hellip;]<\/p>\n","protected":false},"author":6,"featured_media":141991,"parent":0,"menu_order":0,"comment_status":"closed","ping_status":"closed","template":"LearningContentPage.php","meta":{"_acf_changed":false,"footnotes":""},"class_list":["post-164319","page","type-page","status-publish","has-post-thumbnail","hentry"],"acf":[],"yoast_head":"<!-- This site is optimized with the Yoast SEO Premium plugin v27.2 (Yoast SEO v27.2) - https:\/\/yoast.com\/product\/yoast-seo-premium-wordpress\/ -->\n<title>Katal\u00e1nske gramatick\u00e9 cvi\u010denia - Talkpal<\/title>\n<meta name=\"description\" content=\"Presk\u00famajte z\u00e1kladn\u00e9 cvi\u010denia z katal\u00e1nskej gramatiky, aby ste lep\u0161ie porozumeli tomuto kr\u00e1snemu jazyku a jeho \u0161trukt\u00fare.\" \/>\n<meta name=\"robots\" content=\"index, follow, max-snippet:-1, max-image-preview:large, max-video-preview:-1\" \/>\n<link rel=\"canonical\" href=\"https:\/\/talkpal.ai\/sk\/katalanske-gramaticke-cvicenia\/\" \/>\n<meta property=\"og:locale\" content=\"sk_SK\" \/>\n<meta property=\"og:type\" content=\"article\" \/>\n<meta property=\"og:title\" content=\"Katal\u00e1nske gramatick\u00e9 cvi\u010denia\" \/>\n<meta property=\"og:description\" content=\"T\u00e9my katal\u00e1nskej gramatiky Katal\u00e1n\u010dina, rom\u00e1nsky jazyk, ktor\u00fdm hovoria mili\u00f3ny \u013eud\u00ed v regi\u00f3ne Katal\u00e1nsko v \u0160panielsku a \u010dastiach Talianska a Franc\u00fazska,\" \/>\n<meta property=\"og:url\" content=\"https:\/\/talkpal.ai\/sk\/katalanske-gramaticke-cvicenia\/\" \/>\n<meta property=\"og:site_name\" content=\"Talkpal\" \/>\n<meta property=\"article:publisher\" content=\"https:\/\/www.facebook.com\/profile.php?id=100090733639311\" \/>\n<meta property=\"article:modified_time\" content=\"2025-05-23T13:31:31+00:00\" \/>\n<meta property=\"og:image\" content=\"https:\/\/talkpal.ai\/wp-content\/uploads\/2023\/08\/Catalan.png\" \/>\n\t<meta property=\"og:image:width\" content=\"479\" \/>\n\t<meta property=\"og:image:height\" content=\"479\" \/>\n\t<meta property=\"og:image:type\" content=\"image\/png\" \/>\n<meta name=\"twitter:card\" content=\"summary_large_image\" \/>\n<meta name=\"twitter:site\" content=\"@talkpalai\" \/>\n<meta name=\"twitter:label1\" content=\"Predpokladan\u00fd \u010das \u010d\u00edtania\" \/>\n\t<meta name=\"twitter:data1\" content=\"3 min\u00faty\" \/>\n<script type=\"application\/ld+json\" class=\"yoast-schema-graph\">{\"@context\":\"https:\/\/schema.org\",\"@graph\":[{\"@type\":\"WebPage\",\"@id\":\"https:\/\/talkpal.ai\/sk\/katalanske-gramaticke-cvicenia\/\",\"url\":\"https:\/\/talkpal.ai\/sk\/katalanske-gramaticke-cvicenia\/\",\"name\":\"Katal\u00e1nske gramatick\u00e9 cvi\u010denia - Talkpal\",\"isPartOf\":{\"@id\":\"https:\/\/talkpal.ai\/sk\/#website\"},\"primaryImageOfPage\":{\"@id\":\"https:\/\/talkpal.ai\/sk\/katalanske-gramaticke-cvicenia\/#primaryimage\"},\"image\":{\"@id\":\"https:\/\/talkpal.ai\/sk\/katalanske-gramaticke-cvicenia\/#primaryimage\"},\"thumbnailUrl\":\"https:\/\/talkpal.ai\/wp-content\/uploads\/2023\/08\/Catalan.png\",\"datePublished\":\"2023-06-16T12:49:04+00:00\",\"dateModified\":\"2025-05-23T13:31:31+00:00\",\"description\":\"Presk\u00famajte z\u00e1kladn\u00e9 cvi\u010denia z katal\u00e1nskej gramatiky, aby ste lep\u0161ie porozumeli tomuto kr\u00e1snemu jazyku a jeho \u0161trukt\u00fare.\",\"breadcrumb\":{\"@id\":\"https:\/\/talkpal.ai\/sk\/katalanske-gramaticke-cvicenia\/#breadcrumb\"},\"inLanguage\":\"sk-SK\",\"potentialAction\":[{\"@type\":\"ReadAction\",\"target\":[\"https:\/\/talkpal.ai\/sk\/katalanske-gramaticke-cvicenia\/\"]}]},{\"@type\":\"ImageObject\",\"inLanguage\":\"sk-SK\",\"@id\":\"https:\/\/talkpal.ai\/sk\/katalanske-gramaticke-cvicenia\/#primaryimage\",\"url\":\"https:\/\/talkpal.ai\/wp-content\/uploads\/2023\/08\/Catalan.png\",\"contentUrl\":\"https:\/\/talkpal.ai\/wp-content\/uploads\/2023\/08\/Catalan.png\",\"width\":479,\"height\":479},{\"@type\":\"BreadcrumbList\",\"@id\":\"https:\/\/talkpal.ai\/sk\/katalanske-gramaticke-cvicenia\/#breadcrumb\",\"itemListElement\":[{\"@type\":\"ListItem\",\"position\":1,\"name\":\"Homepage\",\"item\":\"https:\/\/talkpal.ai\/sk\/\"},{\"@type\":\"ListItem\",\"position\":2,\"name\":\"Katal\u00e1nske gramatick\u00e9 cvi\u010denia\"}]},{\"@type\":\"WebSite\",\"@id\":\"https:\/\/talkpal.ai\/sk\/#website\",\"url\":\"https:\/\/talkpal.ai\/sk\/\",\"name\":\"Talkpal\",\"description\":\"AI Language Learning\",\"publisher\":{\"@id\":\"https:\/\/talkpal.ai\/sk\/#organization\"},\"alternateName\":\"Talkpal AI\",\"potentialAction\":[{\"@type\":\"SearchAction\",\"target\":{\"@type\":\"EntryPoint\",\"urlTemplate\":\"https:\/\/talkpal.ai\/sk\/?s={search_term_string}\"},\"query-input\":{\"@type\":\"PropertyValueSpecification\",\"valueRequired\":true,\"valueName\":\"search_term_string\"}}],\"inLanguage\":\"sk-SK\"},{\"@type\":\"Organization\",\"@id\":\"https:\/\/talkpal.ai\/sk\/#organization\",\"name\":\"Talkpal, Inc.\",\"alternateName\":\"Talkpal AI\",\"url\":\"https:\/\/talkpal.ai\/sk\/\",\"logo\":{\"@type\":\"ImageObject\",\"inLanguage\":\"sk-SK\",\"@id\":\"https:\/\/talkpal.ai\/sk\/#\/schema\/logo\/image\/\",\"url\":\"https:\/\/talkpal.ai\/wp-content\/uploads\/2024\/03\/Talkpal-Logo-Icon.png\",\"contentUrl\":\"https:\/\/talkpal.ai\/wp-content\/uploads\/2024\/03\/Talkpal-Logo-Icon.png\",\"width\":2880,\"height\":2880,\"caption\":\"Talkpal, Inc.\"},\"image\":{\"@id\":\"https:\/\/talkpal.ai\/sk\/#\/schema\/logo\/image\/\"},\"sameAs\":[\"https:\/\/www.facebook.com\/profile.php?id=100090733639311\",\"https:\/\/x.com\/talkpalai\",\"https:\/\/www.linkedin.com\/company\/talkpal\/\",\"https:\/\/www.youtube.com\/@TalkPal\/\",\"https:\/\/www.tiktok.com\/@talkpal\",\"https:\/\/www.instagram.com\/talkpal_ai\/\",\"https:\/\/www.crunchbase.com\/organization\/talkpal-9cde\",\"https:\/\/www.g2.com\/products\/talkpal-for-business\/\",\"https:\/\/www.trustpilot.com\/review\/talkpal.ai\",\"https:\/\/www.capterra.com\/p\/10006800\/TalkPal\/\"],\"description\":\"Talkpal is a language learning web and mobile education app, powered by the latest AI technologies, that provides engaging experiences to its customers in many different languages to help them improve their language skills. Users can chat about unlimited amount of topics with the app and use other modes to practice their language learning.\",\"email\":\"support@talkpal.ai\",\"legalName\":\"Talkpal, Inc.\",\"foundingDate\":\"2023-04-03\",\"duns\":\"118989042\",\"numberOfEmployees\":{\"@type\":\"QuantitativeValue\",\"minValue\":\"11\",\"maxValue\":\"50\"},\"publishingPrinciples\":\"https:\/\/talkpal.ai\/publishing-principles\/\",\"actionableFeedbackPolicy\":\"https:\/\/talkpal.ai\/actionable-feedback-policy\/\",\"correctionsPolicy\":\"https:\/\/talkpal.ai\/corrections-policy\/\",\"ethicsPolicy\":\"https:\/\/talkpal.ai\/ethics-policy\/\",\"diversityPolicy\":\"https:\/\/talkpal.ai\/diversity-policy\/\",\"diversityStaffingReport\":\"https:\/\/talkpal.ai\/diversity-policy\/\"}]}<\/script>\n<!-- \/ Yoast SEO Premium plugin. -->","yoast_head_json":{"title":"Katal\u00e1nske gramatick\u00e9 cvi\u010denia - Talkpal","description":"Presk\u00famajte z\u00e1kladn\u00e9 cvi\u010denia z katal\u00e1nskej gramatiky, aby ste lep\u0161ie porozumeli tomuto kr\u00e1snemu jazyku a jeho \u0161trukt\u00fare.","robots":{"index":"index","follow":"follow","max-snippet":"max-snippet:-1","max-image-preview":"max-image-preview:large","max-video-preview":"max-video-preview:-1"},"canonical":"https:\/\/talkpal.ai\/sk\/katalanske-gramaticke-cvicenia\/","og_locale":"sk_SK","og_type":"article","og_title":"Katal\u00e1nske gramatick\u00e9 cvi\u010denia","og_description":"T\u00e9my katal\u00e1nskej gramatiky Katal\u00e1n\u010dina, rom\u00e1nsky jazyk, ktor\u00fdm hovoria mili\u00f3ny \u013eud\u00ed v regi\u00f3ne Katal\u00e1nsko v \u0160panielsku a \u010dastiach Talianska a Franc\u00fazska,","og_url":"https:\/\/talkpal.ai\/sk\/katalanske-gramaticke-cvicenia\/","og_site_name":"Talkpal","article_publisher":"https:\/\/www.facebook.com\/profile.php?id=100090733639311","article_modified_time":"2025-05-23T13:31:31+00:00","og_image":[{"width":479,"height":479,"url":"https:\/\/talkpal.ai\/wp-content\/uploads\/2023\/08\/Catalan.png","type":"image\/png"}],"twitter_card":"summary_large_image","twitter_site":"@talkpalai","twitter_misc":{"Predpokladan\u00fd \u010das \u010d\u00edtania":"3 min\u00faty"},"schema":{"@context":"https:\/\/schema.org","@graph":[{"@type":"WebPage","@id":"https:\/\/talkpal.ai\/sk\/katalanske-gramaticke-cvicenia\/","url":"https:\/\/talkpal.ai\/sk\/katalanske-gramaticke-cvicenia\/","name":"Katal\u00e1nske gramatick\u00e9 cvi\u010denia - Talkpal","isPartOf":{"@id":"https:\/\/talkpal.ai\/sk\/#website"},"primaryImageOfPage":{"@id":"https:\/\/talkpal.ai\/sk\/katalanske-gramaticke-cvicenia\/#primaryimage"},"image":{"@id":"https:\/\/talkpal.ai\/sk\/katalanske-gramaticke-cvicenia\/#primaryimage"},"thumbnailUrl":"https:\/\/talkpal.ai\/wp-content\/uploads\/2023\/08\/Catalan.png","datePublished":"2023-06-16T12:49:04+00:00","dateModified":"2025-05-23T13:31:31+00:00","description":"Presk\u00famajte z\u00e1kladn\u00e9 cvi\u010denia z katal\u00e1nskej gramatiky, aby ste lep\u0161ie porozumeli tomuto kr\u00e1snemu jazyku a jeho \u0161trukt\u00fare.","breadcrumb":{"@id":"https:\/\/talkpal.ai\/sk\/katalanske-gramaticke-cvicenia\/#breadcrumb"},"inLanguage":"sk-SK","potentialAction":[{"@type":"ReadAction","target":["https:\/\/talkpal.ai\/sk\/katalanske-gramaticke-cvicenia\/"]}]},{"@type":"ImageObject","inLanguage":"sk-SK","@id":"https:\/\/talkpal.ai\/sk\/katalanske-gramaticke-cvicenia\/#primaryimage","url":"https:\/\/talkpal.ai\/wp-content\/uploads\/2023\/08\/Catalan.png","contentUrl":"https:\/\/talkpal.ai\/wp-content\/uploads\/2023\/08\/Catalan.png","width":479,"height":479},{"@type":"BreadcrumbList","@id":"https:\/\/talkpal.ai\/sk\/katalanske-gramaticke-cvicenia\/#breadcrumb","itemListElement":[{"@type":"ListItem","position":1,"name":"Homepage","item":"https:\/\/talkpal.ai\/sk\/"},{"@type":"ListItem","position":2,"name":"Katal\u00e1nske gramatick\u00e9 cvi\u010denia"}]},{"@type":"WebSite","@id":"https:\/\/talkpal.ai\/sk\/#website","url":"https:\/\/talkpal.ai\/sk\/","name":"Talkpal","description":"AI Language Learning","publisher":{"@id":"https:\/\/talkpal.ai\/sk\/#organization"},"alternateName":"Talkpal AI","potentialAction":[{"@type":"SearchAction","target":{"@type":"EntryPoint","urlTemplate":"https:\/\/talkpal.ai\/sk\/?s={search_term_string}"},"query-input":{"@type":"PropertyValueSpecification","valueRequired":true,"valueName":"search_term_string"}}],"inLanguage":"sk-SK"},{"@type":"Organization","@id":"https:\/\/talkpal.ai\/sk\/#organization","name":"Talkpal, Inc.","alternateName":"Talkpal AI","url":"https:\/\/talkpal.ai\/sk\/","logo":{"@type":"ImageObject","inLanguage":"sk-SK","@id":"https:\/\/talkpal.ai\/sk\/#\/schema\/logo\/image\/","url":"https:\/\/talkpal.ai\/wp-content\/uploads\/2024\/03\/Talkpal-Logo-Icon.png","contentUrl":"https:\/\/talkpal.ai\/wp-content\/uploads\/2024\/03\/Talkpal-Logo-Icon.png","width":2880,"height":2880,"caption":"Talkpal, Inc."},"image":{"@id":"https:\/\/talkpal.ai\/sk\/#\/schema\/logo\/image\/"},"sameAs":["https:\/\/www.facebook.com\/profile.php?id=100090733639311","https:\/\/x.com\/talkpalai","https:\/\/www.linkedin.com\/company\/talkpal\/","https:\/\/www.youtube.com\/@TalkPal\/","https:\/\/www.tiktok.com\/@talkpal","https:\/\/www.instagram.com\/talkpal_ai\/","https:\/\/www.crunchbase.com\/organization\/talkpal-9cde","https:\/\/www.g2.com\/products\/talkpal-for-business\/","https:\/\/www.trustpilot.com\/review\/talkpal.ai","https:\/\/www.capterra.com\/p\/10006800\/TalkPal\/"],"description":"Talkpal is a language learning web and mobile education app, powered by the latest AI technologies, that provides engaging experiences to its customers in many different languages to help them improve their language skills. Users can chat about unlimited amount of topics with the app and use other modes to practice their language learning.","email":"support@talkpal.ai","legalName":"Talkpal, Inc.","foundingDate":"2023-04-03","duns":"118989042","numberOfEmployees":{"@type":"QuantitativeValue","minValue":"11","maxValue":"50"},"publishingPrinciples":"https:\/\/talkpal.ai\/publishing-principles\/","actionableFeedbackPolicy":"https:\/\/talkpal.ai\/actionable-feedback-policy\/","correctionsPolicy":"https:\/\/talkpal.ai\/corrections-policy\/","ethicsPolicy":"https:\/\/talkpal.ai\/ethics-policy\/","diversityPolicy":"https:\/\/talkpal.ai\/diversity-policy\/","diversityStaffingReport":"https:\/\/talkpal.ai\/diversity-policy\/"}]}},"_links":{"self":[{"href":"https:\/\/talkpal.ai\/sk\/wp-json\/wp\/v2\/pages\/164319","targetHints":{"allow":["GET"]}}],"collection":[{"href":"https:\/\/talkpal.ai\/sk\/wp-json\/wp\/v2\/pages"}],"about":[{"href":"https:\/\/talkpal.ai\/sk\/wp-json\/wp\/v2\/types\/page"}],"author":[{"embeddable":true,"href":"https:\/\/talkpal.ai\/sk\/wp-json\/wp\/v2\/users\/6"}],"replies":[{"embeddable":true,"href":"https:\/\/talkpal.ai\/sk\/wp-json\/wp\/v2\/comments?post=164319"}],"version-history":[{"count":0,"href":"https:\/\/talkpal.ai\/sk\/wp-json\/wp\/v2\/pages\/164319\/revisions"}],"wp:featuredmedia":[{"embeddable":true,"href":"https:\/\/talkpal.ai\/sk\/wp-json\/wp\/v2\/media\/141991"}],"wp:attachment":[{"href":"https:\/\/talkpal.ai\/sk\/wp-json\/wp\/v2\/media?parent=164319"}],"curies":[{"name":"wp","href":"https:\/\/api.w.org\/{rel}","templated":true}]}}