{"id":163974,"date":"2023-06-16T13:02:09","date_gmt":"2023-06-16T13:02:09","guid":{"rendered":"http:\/\/talkpal.ai\/chorvatske-gramaticke-cvicenia\/"},"modified":"2025-12-17T16:25:36","modified_gmt":"2025-12-17T16:25:36","slug":"chorvatske-gramaticke-cvicenia","status":"publish","type":"page","link":"https:\/\/talkpal.ai\/sk\/chorvatske-gramaticke-cvicenia\/","title":{"rendered":"Chorv\u00e1tske gramatick\u00e9 cvi\u010denia"},"content":{"rendered":"\r\n\r\n\r\n<section class=\"languageChallengeSection\">\r\n    <div class=\"languageInfoWrapper\">\r\n        \r\n        <h1>Chorv\u00e1tske gramatick\u00e9 cvi\u010denia<\/h1>\r\n        <p>Chcete si by\u0165 istej\u0161\u00ed v chorv\u00e1t\u010dine? Precvi\u010dovanie gramatick\u00fdch cvi\u010den\u00ed v\u00e1m pom\u00f4\u017ee zvl\u00e1dnu\u0165 \u0161trukt\u00faru vety, slovesn\u00e9 tvary a jedine\u010dn\u00e9 \u010drty chorv\u00e1tskeho jazyka. Za\u010dnite objavova\u0165 chorv\u00e1tsku gramatiku e\u0161te dnes a sledujte, ako sa va\u0161e zru\u010dnosti a plynulos\u0165 zlep\u0161uj\u00fa s ka\u017ed\u00fdm nov\u00fdm cvi\u010den\u00edm!\n\n<\/p>\r\n\r\n                            <a class=\"getStartedHidden\" href=\"https:\/\/app.talkpal.ai\/sk\/signup?lng=\">Za\u010dni<\/a>\r\n        \r\n    <\/div>\r\n\r\n    <figure>\r\n    <img decoding=\"async\" width=\"768\" height=\"768\" src=\"https:\/\/talkpal.ai\/wp-content\/uploads\/2023\/06\/croatian-768x768.png\" class=\"languageImage no-lazy\" alt=\"Language learning for successful interaction\" fetchpriority=\"high\" sizes=\"(max-width: 768px) 150px, 768px\" srcset=\"https:\/\/talkpal.ai\/wp-content\/uploads\/2023\/06\/croatian-768x768.png 768w, https:\/\/talkpal.ai\/wp-content\/uploads\/2023\/06\/croatian-300x300.png 300w\" \/>\r\n    \r\n\r\n    <\/figure>\r\n\r\n            <a class=\"getStartedVisible\" href=\"https:\/\/app.talkpal.ai\/sk\/signup?lng=\">Za\u010dni<\/a>\r\n    \r\n<\/section>\r\n\r\n\r\n<!-- <section class=\"grammarSection\">\r\n    <div class=\"grammarLinks\">\r\n            <\/div>\r\n<\/section> -->\r\n\r\n\r\n\r\n\r\n<section class=\"promotionalBanner\">\r\n    <p class=\"promotionalText\">Najefekt\u00edvnej\u0161\u00ed sp\u00f4sob, ako sa nau\u010di\u0165 jazyk<\/p>\r\n    <a class=\"promotionalLink\" href=\"https:\/\/app.talkpal.ai\/sk\/signup?lng=\">Vysk\u00fa\u0161ajte Talkpal zadarmo<\/a>\r\n<\/section>\n<div class=\"wp-block-group pageContainerStyle\"><div class=\"wp-block-group__inner-container is-layout-constrained wp-block-group-is-layout-constrained\">\n<h2 class=\"wp-block-heading\" id=\"h-croatian-grammar-topics\">T\u00e9my chorv\u00e1tskej gramatiky<\/h2>\n\n\n\n<p><a href=\"https:\/\/talkpal.ai\/learn-croatian\/\">Chorv\u00e1t\u010dina<\/a>, juhoslovansk\u00fd jazyk, je \u00faradn\u00fdm jazykom Chorv\u00e1tska a jedn\u00fdm z \u00faradn\u00fdch jazykov Bosny a Hercegoviny. Je to komplexn\u00fd a bohat\u00fd jazyk s dlhou hist\u00f3riou a jedine\u010dn\u00fdm gramatick\u00fdm syst\u00e9mom. Pre \u0161tudentov je nevyhnutn\u00e9 porozumie\u0165 z\u00e1kladn\u00fdm aspektom chorv\u00e1tskej gramatiky, aby sa stali zdatn\u00fdmi v jazyku. T\u00e1to pr\u00edru\u010dka v\u00e1m pom\u00f4\u017ee orientova\u0165 sa v k\u013e\u00fa\u010dov\u00fdch gramatick\u00fdch t\u00e9mach, ako s\u00fa \u010dasy, sloves\u00e1, podstatn\u00e9 men\u00e1 a \u010fal\u0161ie, v porad\u00ed, ktor\u00e9 u\u013eah\u010d\u00ed v\u00e1\u0161 proces u\u010denia a poskytne siln\u00fd z\u00e1klad pre zvl\u00e1dnutie tohto kr\u00e1sneho jazyka.<\/p>\n\n\n\n<h3 class=\"wp-block-heading\" id=\"h-1-nouns\">1. Podstatn\u00e9 men\u00e1:<\/h3>\n\n\n\n<p>Podstatn\u00e9 men\u00e1 s\u00fa prv\u00fdm stavebn\u00fdm kame\u0148om ka\u017ed\u00e9ho jazyka a chorv\u00e1tske podstatn\u00e9 men\u00e1 maj\u00fa tri rody &#8211; mu\u017esk\u00fd, \u017eensk\u00fd a stredn\u00fd, ktor\u00e9 ovplyv\u0148uj\u00fa sklo\u0148ovanie a zhodu s pr\u00eddavn\u00fdmi menami a z\u00e1menami. Zozn\u00e1mte sa s r\u00f4znymi pohlaviami a ich pr\u00edslu\u0161n\u00fdmi koncami.<\/p>\n\n\n\n<h3 class=\"wp-block-heading\" id=\"h-2-articles\">2. \u010cl\u00e1nky:<\/h3>\n\n\n\n<p>Chorv\u00e1t\u010dina nem\u00e1 \u010dleny ako &#8222;the&#8220; alebo &#8222;a&#8220; v angli\u010dtine, \u010do za\u010diato\u010dn\u00edkom u\u013eah\u010duje tvorbu jednoduch\u00fdch viet bez toho, aby si robili starosti s pou\u017e\u00edvan\u00edm \u010dlenov.<\/p>\n\n\n\n<h3 class=\"wp-block-heading\" id=\"h-3-pronouns-determiners\">3. Z\u00e1men\u00e1\/determin\u00e1tory:<\/h3>\n\n\n\n<p>Z\u00e1men\u00e1 sa pou\u017e\u00edvaj\u00fa na nahradenie podstatn\u00fdch mien vo vet\u00e1ch, zatia\u013e \u010do determin\u00e1tory ozna\u010duj\u00fa \u0161pecifickos\u0165 podstatn\u00e9ho mena. Nau\u010dte sa r\u00f4zne typy z\u00e1men (osobn\u00e9, privlast\u0148ovacie, demon\u0161trat\u00edvne at\u010f.) a ich sklo\u0148ovanie pod\u013ea pohlavia, \u010d\u00edsla a p\u00e1du.<\/p>\n\n\n\n<h3 class=\"wp-block-heading\" id=\"h-4-adjectives\">4. Pr\u00eddavn\u00e9 men\u00e1:<\/h3>\n\n\n\n<p>Pr\u00eddavn\u00e9 men\u00e1 opisuj\u00fa vlastnosti podstatn\u00fdch mien a s\u00fahlasia s rodom, \u010d\u00edslom a p\u00e1dom podstatn\u00e9ho mena, ktor\u00e9 upravuj\u00fa. Nau\u010dte sa z\u00e1kladn\u00e9 tvary a sklo\u0148ovacie vzory pr\u00eddavn\u00fdch mien.<\/p>\n\n\n\n<h3 class=\"wp-block-heading\" id=\"h-5-verbs\">5. Sloves\u00e1:<\/h3>\n\n\n\n<p>Sloves\u00e1 s\u00fa jadrom ka\u017edej vety, vyjadruj\u00facej \u010diny alebo stavy. Chorv\u00e1tske sloves\u00e1 s\u00fa \u010dasovan\u00e9 pod\u013ea \u010dasu, n\u00e1lady, hlasu a osoby. Za\u010dnite najbe\u017enej\u0161\u00edmi pravideln\u00fdmi slovesami a ich \u010dasovac\u00edmi vzormi v pr\u00edtomnom \u010dase.<\/p>\n\n\n\n<h3 class=\"wp-block-heading\" id=\"h-6-tenses\">6. \u010casy:<\/h3>\n\n\n\n<p>Chorv\u00e1t\u010dina m\u00e1 sedem \u010dasov &#8211; pr\u00edtomn\u00fd, bud\u00faci I, bud\u00faci II, minul\u00fd, plur\u00e1l, aorist a imperfektum. Za\u010dnite pr\u00edtomn\u00fdm \u010dasom a potom prejdite na minul\u00fd a bud\u00faci \u010das, pri\u010dom sa nau\u010dte konjuga\u010dn\u00e9 vzorce pre ka\u017ed\u00fd z nich.<\/p>\n\n\n\n<h3 class=\"wp-block-heading\" id=\"h-7-tense-comparison\">7. Nap\u00e4t\u00e9 porovnanie:<\/h3>\n\n\n\n<p>Pochopenie rozdielov a podobnost\u00ed medzi \u010dasmi je rozhoduj\u00face pre zvl\u00e1dnutie chorv\u00e1t\u010diny. Porovnajte \u010dasy a precvi\u010dte si ich pou\u017eitie v kontexte.<\/p>\n\n\n\n<h3 class=\"wp-block-heading\" id=\"h-8-progressive\">8. Progres\u00edvne:<\/h3>\n\n\n\n<p>Progres\u00edvny aspekt vyjadruje \u010dinnosti, ktor\u00e9 prebiehaj\u00fa alebo s\u00fa nepretr\u017eit\u00e9. Chorv\u00e1t\u010dina nem\u00e1 samostatn\u00fa progres\u00edvnu formu ako <a href=\"https:\/\/talkpal.ai\/learn-english-with-ai\/\">angli\u010dtina<\/a>, ale progres\u00edvny v\u00fdznam m\u00f4\u017eete vyjadri\u0165 pomocou \u0161pecifick\u00fdch slovesn\u00fdch tvarov, pr\u00edsloviek alebo kon\u0161trukci\u00ed.<\/p>\n\n\n\n<h3 class=\"wp-block-heading\" id=\"h-9-perfect-progressive\">9. Perfektne progres\u00edvne:<\/h3>\n\n\n\n<p>Tento aspekt kombinuje dokonal\u00e9 a progres\u00edvne v\u00fdznamy. V chorv\u00e1t\u010dine sa vyjadruje pou\u017eit\u00edm dokonal\u00e9ho \u010dasu so \u0161pecifick\u00fdm slovesn\u00fdm tvarom alebo kon\u0161trukciou, ktor\u00e1 ozna\u010duje nepretr\u017eit\u00fa \u010dinnos\u0165.<\/p>\n\n\n\n<h3 class=\"wp-block-heading\" id=\"h-10-adverbs\">10. Pr\u00edslovky:<\/h3>\n\n\n\n<p>Pr\u00edslovky upravuj\u00fa sloves\u00e1, pr\u00eddavn\u00e9 men\u00e1 alebo in\u00e9 pr\u00edslovky a zvy\u010dajne ozna\u010duj\u00fa sp\u00f4sob, miesto, \u010das alebo stupe\u0148. Nau\u010dte sa najbe\u017enej\u0161ie chorv\u00e1tske pr\u00edslovky a ich umiestnenie vo vet\u00e1ch.<\/p>\n\n\n\n<h3 class=\"wp-block-heading\" id=\"h-11-prepositions\">11. Predlo\u017eky:<\/h3>\n\n\n\n<p>Predlo\u017eky sa pou\u017e\u00edvaj\u00fa na ozna\u010denie vz\u0165ahov medzi slovami, ako je poloha, smer, \u010das alebo vlastn\u00edctvo. Nau\u010dte sa najbe\u017enej\u0161ie chorv\u00e1tske predlo\u017eky a pr\u00edpady, ktor\u00fdmi sa riadia.<\/p>\n\n\n\n<h3 class=\"wp-block-heading\" id=\"h-12-conditionals\">12. Podmienky:<\/h3>\n\n\n\n<p>Podmienen\u00e9 vyjadruj\u00fa hypotetick\u00e9 situ\u00e1cie alebo podmienky a ich d\u00f4sledky. Chorv\u00e1t\u010dina m\u00e1 tri typy kondicion\u00e1lov &#8211; re\u00e1lny, nere\u00e1lny a zmie\u0161an\u00fd. Nau\u010dte sa formova\u0165 a pou\u017e\u00edva\u0165 ka\u017ed\u00fd typ.<\/p>\n\n\n\n<h3 class=\"wp-block-heading\" id=\"h-13-sentences\">13. Vety:<\/h3>\n\n\n\n<p>Nakoniec si precvi\u010dte kombin\u00e1ciu v\u0161etk\u00fdch gramatick\u00fdch prvkov, ktor\u00e9 ste sa nau\u010dili, pri tvorbe jednoduch\u00fdch a zlo\u017eit\u00fdch viet v chorv\u00e1t\u010dine. To v\u00e1m pom\u00f4\u017ee rozv\u00edja\u0165 plynulos\u0165 jazyka a porozumenie chorv\u00e1tskej gramatiky ako celku.<\/p>\n<\/div><\/div>\n\r\n<section class=\"learnNavigationSection\">\r\n            \r\n        <a href=\"https:\/\/talkpal.ai\/sk\/naucte-sa-chorvatsky\/\">\r\n            <div class=\"learnNavigationWrapper\">\r\n                <div class=\"learnNavigationContent\">\r\n                    <img decoding=\"async\" src=\"https:\/\/talkpal.ai\/wp-content\/uploads\/2024\/08\/Croatian.jpg\" alt=\"Croatian Flag\">\r\n                    <div>\r\n                        <h4>O \u0161t\u00fadiu chorv\u00e1t\u010diny<\/h4>\r\n                        <p>Zistite v\u0161etko o chorv\u00e1tskej gramatike.<\/p>\r\n                    <\/div>\r\n                <\/div>\r\n            <\/div>\r\n        <\/a>\r\n\r\n        \r\n        <a href=\"https:\/\/talkpal.ai\/sk\/chorvatska-gramatika\/\">\r\n            <div class=\"learnNavigationWrapper\">\r\n                <div class=\"learnNavigationContent\">\r\n                    <img decoding=\"async\" src=\"https:\/\/talkpal.ai\/wp-content\/uploads\/2024\/08\/Croatian.jpg\" alt=\"Croatian Flag\">\r\n                    <div>\r\n                        <h4>Lekcie chorv\u00e1tskej gramatiky<\/h4>\r\n                        <p>Precvi\u010dte si chorv\u00e1tsku gramatiku.<\/p>\r\n                    <\/div>\r\n                <\/div>\r\n            <\/div>\r\n        <\/a>\r\n\r\n        \r\n        <a href=\"https:\/\/talkpal.ai\/vocabulary_language\/croatian\/\">\r\n            <div class=\"learnNavigationWrapper\">\r\n                <div class=\"learnNavigationContent\">\r\n                    <img decoding=\"async\" src=\"https:\/\/talkpal.ai\/wp-content\/uploads\/2024\/08\/Croatian.jpg\" alt=\"Croatian Flag\">\r\n                    <div>\r\n                        <h4>Slovn\u00e1 z\u00e1soba chorv\u00e1t\u010diny<\/h4>\r\n                        <p>Roz\u0161\u00edrte si slovn\u00fa z\u00e1sobu chorv\u00e1t\u010diny.<\/p>\r\n                    <\/div>\r\n                <\/div>\r\n            <\/div>\r\n        <\/a>\r\n\r\n            <\/section>","protected":false},"excerpt":{"rendered":"<p>T\u00e9my chorv\u00e1tskej gramatiky Chorv\u00e1t\u010dina, juhoslovansk\u00fd jazyk, je \u00faradn\u00fdm jazykom Chorv\u00e1tska a jedn\u00fdm z \u00faradn\u00fdch jazykov Bosny a Hercegoviny. Je to komplexn\u00fd a bohat\u00fd jazyk s dlhou hist\u00f3riou a jedine\u010dn\u00fdm gramatick\u00fdm syst\u00e9mom. Pre \u0161tudentov je nevyhnutn\u00e9 porozumie\u0165 z\u00e1kladn\u00fdm aspektom chorv\u00e1tskej gramatiky, aby sa stali zdatn\u00fdmi v jazyku. T\u00e1to pr\u00edru\u010dka v\u00e1m pom\u00f4\u017ee orientova\u0165 sa v k\u013e\u00fa\u010dov\u00fdch gramatick\u00fdch [&hellip;]<\/p>\n","protected":false},"author":6,"featured_media":110089,"parent":0,"menu_order":0,"comment_status":"closed","ping_status":"closed","template":"LearningContentPage.php","meta":{"_acf_changed":false,"footnotes":""},"class_list":["post-163974","page","type-page","status-publish","has-post-thumbnail","hentry"],"acf":[],"yoast_head":"<!-- This site is optimized with the Yoast SEO Premium plugin v27.2 (Yoast SEO v27.2) - https:\/\/yoast.com\/product\/yoast-seo-premium-wordpress\/ -->\n<title>Chorv\u00e1tske gramatick\u00e9 cvi\u010denia - Talkpal<\/title>\n<meta name=\"description\" content=\"Ovl\u00e1dnite chorv\u00e1t\u010dinu pomocou efekt\u00edvnych cvi\u010den\u00ed z chorv\u00e1tskej gramatiky, ktor\u00e9 pou\u017e\u00edvate\u013eom zjednodu\u0161uj\u00fa u\u010denie \u010dasov, slovies a podstatn\u00fdch mien.\" \/>\n<meta name=\"robots\" content=\"index, follow, max-snippet:-1, max-image-preview:large, max-video-preview:-1\" \/>\n<link rel=\"canonical\" href=\"https:\/\/talkpal.ai\/sk\/chorvatske-gramaticke-cvicenia\/\" \/>\n<meta property=\"og:locale\" content=\"sk_SK\" \/>\n<meta property=\"og:type\" content=\"article\" \/>\n<meta property=\"og:title\" content=\"Chorv\u00e1tske gramatick\u00e9 cvi\u010denia\" \/>\n<meta property=\"og:description\" content=\"T\u00e9my chorv\u00e1tskej gramatiky Chorv\u00e1t\u010dina, juhoslovansk\u00fd jazyk, je \u00faradn\u00fdm jazykom Chorv\u00e1tska a jedn\u00fdm z \u00faradn\u00fdch jazykov Bosny a Hercegoviny. Je to\" \/>\n<meta property=\"og:url\" content=\"https:\/\/talkpal.ai\/sk\/chorvatske-gramaticke-cvicenia\/\" \/>\n<meta property=\"og:site_name\" content=\"Talkpal\" \/>\n<meta property=\"article:publisher\" content=\"https:\/\/www.facebook.com\/profile.php?id=100090733639311\" \/>\n<meta property=\"article:modified_time\" content=\"2025-12-17T16:25:36+00:00\" \/>\n<meta property=\"og:image\" content=\"https:\/\/talkpal.ai\/wp-content\/uploads\/2023\/05\/croatia.png\" \/>\n\t<meta property=\"og:image:width\" content=\"512\" \/>\n\t<meta property=\"og:image:height\" content=\"512\" \/>\n\t<meta property=\"og:image:type\" content=\"image\/png\" \/>\n<meta name=\"twitter:card\" content=\"summary_large_image\" \/>\n<meta name=\"twitter:site\" content=\"@talkpalai\" \/>\n<meta name=\"twitter:label1\" content=\"Predpokladan\u00fd \u010das \u010d\u00edtania\" \/>\n\t<meta name=\"twitter:data1\" content=\"3 min\u00faty\" \/>\n<script type=\"application\/ld+json\" class=\"yoast-schema-graph\">{\"@context\":\"https:\/\/schema.org\",\"@graph\":[{\"@type\":\"WebPage\",\"@id\":\"https:\/\/talkpal.ai\/sk\/chorvatske-gramaticke-cvicenia\/\",\"url\":\"https:\/\/talkpal.ai\/sk\/chorvatske-gramaticke-cvicenia\/\",\"name\":\"Chorv\u00e1tske gramatick\u00e9 cvi\u010denia - Talkpal\",\"isPartOf\":{\"@id\":\"https:\/\/talkpal.ai\/sk\/#website\"},\"primaryImageOfPage\":{\"@id\":\"https:\/\/talkpal.ai\/sk\/chorvatske-gramaticke-cvicenia\/#primaryimage\"},\"image\":{\"@id\":\"https:\/\/talkpal.ai\/sk\/chorvatske-gramaticke-cvicenia\/#primaryimage\"},\"thumbnailUrl\":\"https:\/\/talkpal.ai\/wp-content\/uploads\/2023\/05\/croatia.png\",\"datePublished\":\"2023-06-16T13:02:09+00:00\",\"dateModified\":\"2025-12-17T16:25:36+00:00\",\"description\":\"Ovl\u00e1dnite chorv\u00e1t\u010dinu pomocou efekt\u00edvnych cvi\u010den\u00ed z chorv\u00e1tskej gramatiky, ktor\u00e9 pou\u017e\u00edvate\u013eom zjednodu\u0161uj\u00fa u\u010denie \u010dasov, slovies a podstatn\u00fdch mien.\",\"breadcrumb\":{\"@id\":\"https:\/\/talkpal.ai\/sk\/chorvatske-gramaticke-cvicenia\/#breadcrumb\"},\"inLanguage\":\"sk-SK\",\"potentialAction\":[{\"@type\":\"ReadAction\",\"target\":[\"https:\/\/talkpal.ai\/sk\/chorvatske-gramaticke-cvicenia\/\"]}]},{\"@type\":\"ImageObject\",\"inLanguage\":\"sk-SK\",\"@id\":\"https:\/\/talkpal.ai\/sk\/chorvatske-gramaticke-cvicenia\/#primaryimage\",\"url\":\"https:\/\/talkpal.ai\/wp-content\/uploads\/2023\/05\/croatia.png\",\"contentUrl\":\"https:\/\/talkpal.ai\/wp-content\/uploads\/2023\/05\/croatia.png\",\"width\":512,\"height\":512},{\"@type\":\"BreadcrumbList\",\"@id\":\"https:\/\/talkpal.ai\/sk\/chorvatske-gramaticke-cvicenia\/#breadcrumb\",\"itemListElement\":[{\"@type\":\"ListItem\",\"position\":1,\"name\":\"Homepage\",\"item\":\"https:\/\/talkpal.ai\/sk\/\"},{\"@type\":\"ListItem\",\"position\":2,\"name\":\"Chorv\u00e1tske gramatick\u00e9 cvi\u010denia\"}]},{\"@type\":\"WebSite\",\"@id\":\"https:\/\/talkpal.ai\/sk\/#website\",\"url\":\"https:\/\/talkpal.ai\/sk\/\",\"name\":\"Talkpal\",\"description\":\"AI Language Learning\",\"publisher\":{\"@id\":\"https:\/\/talkpal.ai\/sk\/#organization\"},\"alternateName\":\"Talkpal AI\",\"potentialAction\":[{\"@type\":\"SearchAction\",\"target\":{\"@type\":\"EntryPoint\",\"urlTemplate\":\"https:\/\/talkpal.ai\/sk\/?s={search_term_string}\"},\"query-input\":{\"@type\":\"PropertyValueSpecification\",\"valueRequired\":true,\"valueName\":\"search_term_string\"}}],\"inLanguage\":\"sk-SK\"},{\"@type\":\"Organization\",\"@id\":\"https:\/\/talkpal.ai\/sk\/#organization\",\"name\":\"Talkpal, Inc.\",\"alternateName\":\"Talkpal AI\",\"url\":\"https:\/\/talkpal.ai\/sk\/\",\"logo\":{\"@type\":\"ImageObject\",\"inLanguage\":\"sk-SK\",\"@id\":\"https:\/\/talkpal.ai\/sk\/#\/schema\/logo\/image\/\",\"url\":\"https:\/\/talkpal.ai\/wp-content\/uploads\/2024\/03\/Talkpal-Logo-Icon.png\",\"contentUrl\":\"https:\/\/talkpal.ai\/wp-content\/uploads\/2024\/03\/Talkpal-Logo-Icon.png\",\"width\":2880,\"height\":2880,\"caption\":\"Talkpal, Inc.\"},\"image\":{\"@id\":\"https:\/\/talkpal.ai\/sk\/#\/schema\/logo\/image\/\"},\"sameAs\":[\"https:\/\/www.facebook.com\/profile.php?id=100090733639311\",\"https:\/\/x.com\/talkpalai\",\"https:\/\/www.linkedin.com\/company\/talkpal\/\",\"https:\/\/www.youtube.com\/@TalkPal\/\",\"https:\/\/www.tiktok.com\/@talkpal\",\"https:\/\/www.instagram.com\/talkpal_ai\/\",\"https:\/\/www.crunchbase.com\/organization\/talkpal-9cde\",\"https:\/\/www.g2.com\/products\/talkpal-for-business\/\",\"https:\/\/www.trustpilot.com\/review\/talkpal.ai\",\"https:\/\/www.capterra.com\/p\/10006800\/TalkPal\/\"],\"description\":\"Talkpal is a language learning web and mobile education app, powered by the latest AI technologies, that provides engaging experiences to its customers in many different languages to help them improve their language skills. Users can chat about unlimited amount of topics with the app and use other modes to practice their language learning.\",\"email\":\"support@talkpal.ai\",\"legalName\":\"Talkpal, Inc.\",\"foundingDate\":\"2023-04-03\",\"duns\":\"118989042\",\"numberOfEmployees\":{\"@type\":\"QuantitativeValue\",\"minValue\":\"11\",\"maxValue\":\"50\"},\"publishingPrinciples\":\"https:\/\/talkpal.ai\/publishing-principles\/\",\"actionableFeedbackPolicy\":\"https:\/\/talkpal.ai\/actionable-feedback-policy\/\",\"correctionsPolicy\":\"https:\/\/talkpal.ai\/corrections-policy\/\",\"ethicsPolicy\":\"https:\/\/talkpal.ai\/ethics-policy\/\",\"diversityPolicy\":\"https:\/\/talkpal.ai\/diversity-policy\/\",\"diversityStaffingReport\":\"https:\/\/talkpal.ai\/diversity-policy\/\"}]}<\/script>\n<!-- \/ Yoast SEO Premium plugin. -->","yoast_head_json":{"title":"Chorv\u00e1tske gramatick\u00e9 cvi\u010denia - Talkpal","description":"Ovl\u00e1dnite chorv\u00e1t\u010dinu pomocou efekt\u00edvnych cvi\u010den\u00ed z chorv\u00e1tskej gramatiky, ktor\u00e9 pou\u017e\u00edvate\u013eom zjednodu\u0161uj\u00fa u\u010denie \u010dasov, slovies a podstatn\u00fdch mien.","robots":{"index":"index","follow":"follow","max-snippet":"max-snippet:-1","max-image-preview":"max-image-preview:large","max-video-preview":"max-video-preview:-1"},"canonical":"https:\/\/talkpal.ai\/sk\/chorvatske-gramaticke-cvicenia\/","og_locale":"sk_SK","og_type":"article","og_title":"Chorv\u00e1tske gramatick\u00e9 cvi\u010denia","og_description":"T\u00e9my chorv\u00e1tskej gramatiky Chorv\u00e1t\u010dina, juhoslovansk\u00fd jazyk, je \u00faradn\u00fdm jazykom Chorv\u00e1tska a jedn\u00fdm z \u00faradn\u00fdch jazykov Bosny a Hercegoviny. Je to","og_url":"https:\/\/talkpal.ai\/sk\/chorvatske-gramaticke-cvicenia\/","og_site_name":"Talkpal","article_publisher":"https:\/\/www.facebook.com\/profile.php?id=100090733639311","article_modified_time":"2025-12-17T16:25:36+00:00","og_image":[{"width":512,"height":512,"url":"https:\/\/talkpal.ai\/wp-content\/uploads\/2023\/05\/croatia.png","type":"image\/png"}],"twitter_card":"summary_large_image","twitter_site":"@talkpalai","twitter_misc":{"Predpokladan\u00fd \u010das \u010d\u00edtania":"3 min\u00faty"},"schema":{"@context":"https:\/\/schema.org","@graph":[{"@type":"WebPage","@id":"https:\/\/talkpal.ai\/sk\/chorvatske-gramaticke-cvicenia\/","url":"https:\/\/talkpal.ai\/sk\/chorvatske-gramaticke-cvicenia\/","name":"Chorv\u00e1tske gramatick\u00e9 cvi\u010denia - Talkpal","isPartOf":{"@id":"https:\/\/talkpal.ai\/sk\/#website"},"primaryImageOfPage":{"@id":"https:\/\/talkpal.ai\/sk\/chorvatske-gramaticke-cvicenia\/#primaryimage"},"image":{"@id":"https:\/\/talkpal.ai\/sk\/chorvatske-gramaticke-cvicenia\/#primaryimage"},"thumbnailUrl":"https:\/\/talkpal.ai\/wp-content\/uploads\/2023\/05\/croatia.png","datePublished":"2023-06-16T13:02:09+00:00","dateModified":"2025-12-17T16:25:36+00:00","description":"Ovl\u00e1dnite chorv\u00e1t\u010dinu pomocou efekt\u00edvnych cvi\u010den\u00ed z chorv\u00e1tskej gramatiky, ktor\u00e9 pou\u017e\u00edvate\u013eom zjednodu\u0161uj\u00fa u\u010denie \u010dasov, slovies a podstatn\u00fdch mien.","breadcrumb":{"@id":"https:\/\/talkpal.ai\/sk\/chorvatske-gramaticke-cvicenia\/#breadcrumb"},"inLanguage":"sk-SK","potentialAction":[{"@type":"ReadAction","target":["https:\/\/talkpal.ai\/sk\/chorvatske-gramaticke-cvicenia\/"]}]},{"@type":"ImageObject","inLanguage":"sk-SK","@id":"https:\/\/talkpal.ai\/sk\/chorvatske-gramaticke-cvicenia\/#primaryimage","url":"https:\/\/talkpal.ai\/wp-content\/uploads\/2023\/05\/croatia.png","contentUrl":"https:\/\/talkpal.ai\/wp-content\/uploads\/2023\/05\/croatia.png","width":512,"height":512},{"@type":"BreadcrumbList","@id":"https:\/\/talkpal.ai\/sk\/chorvatske-gramaticke-cvicenia\/#breadcrumb","itemListElement":[{"@type":"ListItem","position":1,"name":"Homepage","item":"https:\/\/talkpal.ai\/sk\/"},{"@type":"ListItem","position":2,"name":"Chorv\u00e1tske gramatick\u00e9 cvi\u010denia"}]},{"@type":"WebSite","@id":"https:\/\/talkpal.ai\/sk\/#website","url":"https:\/\/talkpal.ai\/sk\/","name":"Talkpal","description":"AI Language Learning","publisher":{"@id":"https:\/\/talkpal.ai\/sk\/#organization"},"alternateName":"Talkpal AI","potentialAction":[{"@type":"SearchAction","target":{"@type":"EntryPoint","urlTemplate":"https:\/\/talkpal.ai\/sk\/?s={search_term_string}"},"query-input":{"@type":"PropertyValueSpecification","valueRequired":true,"valueName":"search_term_string"}}],"inLanguage":"sk-SK"},{"@type":"Organization","@id":"https:\/\/talkpal.ai\/sk\/#organization","name":"Talkpal, Inc.","alternateName":"Talkpal AI","url":"https:\/\/talkpal.ai\/sk\/","logo":{"@type":"ImageObject","inLanguage":"sk-SK","@id":"https:\/\/talkpal.ai\/sk\/#\/schema\/logo\/image\/","url":"https:\/\/talkpal.ai\/wp-content\/uploads\/2024\/03\/Talkpal-Logo-Icon.png","contentUrl":"https:\/\/talkpal.ai\/wp-content\/uploads\/2024\/03\/Talkpal-Logo-Icon.png","width":2880,"height":2880,"caption":"Talkpal, Inc."},"image":{"@id":"https:\/\/talkpal.ai\/sk\/#\/schema\/logo\/image\/"},"sameAs":["https:\/\/www.facebook.com\/profile.php?id=100090733639311","https:\/\/x.com\/talkpalai","https:\/\/www.linkedin.com\/company\/talkpal\/","https:\/\/www.youtube.com\/@TalkPal\/","https:\/\/www.tiktok.com\/@talkpal","https:\/\/www.instagram.com\/talkpal_ai\/","https:\/\/www.crunchbase.com\/organization\/talkpal-9cde","https:\/\/www.g2.com\/products\/talkpal-for-business\/","https:\/\/www.trustpilot.com\/review\/talkpal.ai","https:\/\/www.capterra.com\/p\/10006800\/TalkPal\/"],"description":"Talkpal is a language learning web and mobile education app, powered by the latest AI technologies, that provides engaging experiences to its customers in many different languages to help them improve their language skills. Users can chat about unlimited amount of topics with the app and use other modes to practice their language learning.","email":"support@talkpal.ai","legalName":"Talkpal, Inc.","foundingDate":"2023-04-03","duns":"118989042","numberOfEmployees":{"@type":"QuantitativeValue","minValue":"11","maxValue":"50"},"publishingPrinciples":"https:\/\/talkpal.ai\/publishing-principles\/","actionableFeedbackPolicy":"https:\/\/talkpal.ai\/actionable-feedback-policy\/","correctionsPolicy":"https:\/\/talkpal.ai\/corrections-policy\/","ethicsPolicy":"https:\/\/talkpal.ai\/ethics-policy\/","diversityPolicy":"https:\/\/talkpal.ai\/diversity-policy\/","diversityStaffingReport":"https:\/\/talkpal.ai\/diversity-policy\/"}]}},"_links":{"self":[{"href":"https:\/\/talkpal.ai\/sk\/wp-json\/wp\/v2\/pages\/163974","targetHints":{"allow":["GET"]}}],"collection":[{"href":"https:\/\/talkpal.ai\/sk\/wp-json\/wp\/v2\/pages"}],"about":[{"href":"https:\/\/talkpal.ai\/sk\/wp-json\/wp\/v2\/types\/page"}],"author":[{"embeddable":true,"href":"https:\/\/talkpal.ai\/sk\/wp-json\/wp\/v2\/users\/6"}],"replies":[{"embeddable":true,"href":"https:\/\/talkpal.ai\/sk\/wp-json\/wp\/v2\/comments?post=163974"}],"version-history":[{"count":0,"href":"https:\/\/talkpal.ai\/sk\/wp-json\/wp\/v2\/pages\/163974\/revisions"}],"wp:featuredmedia":[{"embeddable":true,"href":"https:\/\/talkpal.ai\/sk\/wp-json\/wp\/v2\/media\/110089"}],"wp:attachment":[{"href":"https:\/\/talkpal.ai\/sk\/wp-json\/wp\/v2\/media?parent=163974"}],"curies":[{"name":"wp","href":"https:\/\/api.w.org\/{rel}","templated":true}]}}