{"id":163627,"date":"2023-06-16T13:10:39","date_gmt":"2023-06-16T13:10:39","guid":{"rendered":"http:\/\/talkpal.ai\/ceske-gramaticke-cvicenia\/"},"modified":"2025-12-17T16:27:49","modified_gmt":"2025-12-17T16:27:49","slug":"ceske-gramaticke-cvicenia","status":"publish","type":"page","link":"https:\/\/talkpal.ai\/sk\/ceske-gramaticke-cvicenia\/","title":{"rendered":"\u010cesk\u00e9 gramatick\u00e9 cvi\u010denia"},"content":{"rendered":"\r\n\r\n\r\n<section class=\"languageChallengeSection\">\r\n    <div class=\"languageInfoWrapper\">\r\n        \r\n        <h1>\u010cesk\u00e9 gramatick\u00e9 cvi\u010denia<\/h1>\r\n        <p>Ste pripraven\u00ed zdokonali\u0165 sa v \u010de\u0161tine? Precvi\u010dovanie gramatick\u00fdch cvi\u010den\u00ed je ide\u00e1lny sp\u00f4sob, ako si osvoji\u0165 stavbu vety, slovesn\u00e9 koncovky a charakteristick\u00e9 vzory \u010desk\u00e9ho jazyka. Za\u010dnite pracova\u0165 na \u010deskej gramatike e\u0161te dnes a sledujte, ako s ka\u017ed\u00fdm cvi\u010den\u00edm rastie va\u0161a sebad\u00f4vera a plynulos\u0165!\n\n<\/p>\r\n\r\n                            <a class=\"getStartedHidden\" href=\"https:\/\/app.talkpal.ai\/sk\/signup?lng=\">Za\u010dni<\/a>\r\n        \r\n    <\/div>\r\n\r\n    <figure>\r\n    <img decoding=\"async\" width=\"768\" height=\"768\" src=\"https:\/\/talkpal.ai\/wp-content\/uploads\/2023\/06\/Czech-768x768.png\" class=\"languageImage no-lazy\" alt=\"Language learning for intellectual development\" fetchpriority=\"high\" sizes=\"(max-width: 768px) 150px, 768px\" srcset=\"https:\/\/talkpal.ai\/wp-content\/uploads\/2023\/06\/Czech-768x768.png 768w, https:\/\/talkpal.ai\/wp-content\/uploads\/2023\/06\/Czech-300x300.png 300w\" \/>\r\n    \r\n\r\n    <\/figure>\r\n\r\n            <a class=\"getStartedVisible\" href=\"https:\/\/app.talkpal.ai\/sk\/signup?lng=\">Za\u010dni<\/a>\r\n    \r\n<\/section>\r\n\r\n\r\n<!-- <section class=\"grammarSection\">\r\n    <div class=\"grammarLinks\">\r\n            <\/div>\r\n<\/section> -->\r\n\r\n\r\n\r\n\r\n<section class=\"promotionalBanner\">\r\n    <p class=\"promotionalText\">Najefekt\u00edvnej\u0161\u00ed sp\u00f4sob, ako sa nau\u010di\u0165 jazyk<\/p>\r\n    <a class=\"promotionalLink\" href=\"https:\/\/app.talkpal.ai\/sk\/signup?lng=\">Vysk\u00fa\u0161ajte Talkpal zadarmo<\/a>\r\n<\/section>\n<div class=\"wp-block-group pageContainerStyle\"><div class=\"wp-block-group__inner-container is-layout-constrained wp-block-group-is-layout-constrained\">\n<h2 class=\"wp-block-heading\" id=\"h-czech-grammar-topics\">T\u00e9my \u010deskej gramatiky<\/h2>\n\n\n\n<p><a href=\"https:\/\/talkpal.ai\/sk\/ucenie\/\">U\u010denie sa<\/a> nov\u00e9ho jazyka m\u00f4\u017ee by\u0165 vzru\u0161uj\u00facim a obohacuj\u00facim z\u00e1\u017eitkom a <a href=\"https:\/\/talkpal.ai\/cs\/umime-cesky-naucte-se-jazyk-jednoduse-a-rychle\/\">\u010desk\u00fd jazyk<\/a> nie je v\u00fdnimkou. <a href=\"https:\/\/talkpal.ai\/learn-czech\/\">\u010ce\u0161tina<\/a> so svojou bohatou hist\u00f3riou a jedine\u010dn\u00fdm slovansk\u00fdm \u0161armom pon\u00faka \u0161tudentom br\u00e1nu do srdca strednej Eur\u00f3py. Aby ste \u010do najlep\u0161ie vyu\u017eili svoju cestu za \u010desk\u00fdm jazykom, je nevyhnutn\u00e9 pochopi\u0165 a ovl\u00e1da\u0165 jeho gramatiku, ktor\u00e1 je z\u00e1kladom ka\u017ed\u00e9ho jazyka. Od \u010dasov a slovies a\u017e po pr\u00eddavn\u00e9 men\u00e1 a predlo\u017eky, znalos\u0165 t\u00fdchto gramatick\u00fdch t\u00e9m v\u00e1m pom\u00f4\u017ee efekt\u00edvne a sebavedomo komunikova\u0165. V tejto pr\u00edru\u010dke v\u00e1s prevedieme z\u00e1kladn\u00fdmi t\u00e9mami \u010deskej gramatiky, zoskupen\u00fdmi do sekvencie, ktor\u00e1 v\u00e1m u\u013eah\u010d\u00ed u\u010denie a porozumenie jazyka.<\/p>\n\n\n\n<h3 class=\"wp-block-heading\" id=\"h-1-nouns\">1. Podstatn\u00e9 men\u00e1:<\/h3>\n\n\n\n<p>Za\u010dnite sa u\u010di\u0165 s \u010desk\u00fdmi podstatn\u00fdmi menami, preto\u017ee s\u00fa z\u00e1kladom jazyka. \u010cesk\u00e9 podstatn\u00e9 men\u00e1 maj\u00fa tri rody (mu\u017esk\u00fd, \u017eensk\u00fd a kastrovan\u00fd) a sedem p\u00e1dov (nominat\u00edv, genit\u00edv, dat\u00edv, akuzat\u00edv, vokat\u00edv, lokat\u00edv a in\u0161trument\u00e1l). Pochopenie rodov\u00e9ho a pr\u00edpadov\u00e9ho syst\u00e9mu je rozhoduj\u00face pre spr\u00e1vnu tvorbu viet.<\/p>\n\n\n\n<h3 class=\"wp-block-heading\" id=\"h-2-articles\">2. \u010cl\u00e1nky:<\/h3>\n\n\n\n<p><a href=\"https:\/\/talkpal.ai\/learn-czech\/\">\u010de\u0161tina<\/a> nem\u00e1 neur\u010dit\u00e9 \u010dleny (a, an) a ur\u010dit\u00fd \u010dlen (the) sa pou\u017e\u00edva len v niektor\u00fdch \u0161pecifick\u00fdch situ\u00e1ci\u00e1ch. Nau\u010dte sa, kedy a ako pou\u017e\u00edva\u0165 konkr\u00e9tny \u010dl\u00e1nok, aby ste lep\u0161ie porozumeli \u010deskej gramatike.<\/p>\n\n\n\n<h3 class=\"wp-block-heading\" id=\"h-3-pronouns-determiners\">3. Z\u00e1men\u00e1\/determin\u00e1tory:<\/h3>\n\n\n\n<p>Z\u00e1men\u00e1 nahr\u00e1dzaj\u00fa podstatn\u00e9 men\u00e1 vo vet\u00e1ch, zatia\u013e \u010do determin\u00e1tory ur\u010duj\u00fa alebo upravuj\u00fa podstatn\u00e9 men\u00e1. Zozn\u00e1mte sa s \u010desk\u00fdmi osobn\u00fdmi, privlast\u0148ovac\u00edmi, demon\u0161trat\u00edvnymi, reflex\u00edvnymi a opytovac\u00edmi z\u00e1menami, ako aj determin\u00e1tormi, aby ste vytvorili zlo\u017eitej\u0161ie vety.<\/p>\n\n\n\n<h3 class=\"wp-block-heading\" id=\"h-4-adjectives\">4. Pr\u00eddavn\u00e9 men\u00e1:<\/h3>\n\n\n\n<p>Pr\u00eddavn\u00e9 men\u00e1 opisuj\u00fa alebo upravuj\u00fa podstatn\u00e9 men\u00e1 v \u010de\u0161tine. Nau\u010dte sa, ako ich pou\u017e\u00edva\u0165 v spr\u00e1vnom pohlav\u00ed, \u010d\u00edsle a p\u00e1de, aby ste s\u00fahlasili s podstatn\u00fdm menom, ktor\u00e9 popisuj\u00fa.<\/p>\n\n\n\n<h3 class=\"wp-block-heading\" id=\"h-5-adverbs\">5. Pr\u00edslovky:<\/h3>\n\n\n\n<p>Pr\u00edslovky upravuj\u00fa sloves\u00e1, pr\u00eddavn\u00e9 men\u00e1 alebo in\u00e9 pr\u00edslovky. Poskytuj\u00fa \u010fal\u0161ie inform\u00e1cie o akcii, napr\u00edklad sp\u00f4sob, \u010das alebo miesto. Zvl\u00e1dnutie \u010desk\u00fdch pr\u00edsloviek v\u00e1m pom\u00f4\u017ee presnej\u0161ie sprostredkova\u0165 va\u0161e posolstvo.<\/p>\n\n\n\n<h3 class=\"wp-block-heading\" id=\"h-6-verbs\">6. Sloves\u00e1:<\/h3>\n\n\n\n<p>\u010cesk\u00e9 sloves\u00e1 s\u00fa nevyhnutn\u00e9 na vyjadrenie \u010dinov, udalost\u00ed alebo stavov. Nau\u010dte sa konjuga\u010dn\u00e9 vzorce, \u010dasy (minul\u00e9, s\u00fa\u010dasn\u00e9 a bud\u00face) a aspekty (dokonal\u00e9 a nedokonal\u00e9), aby ste mohli efekt\u00edvne komunikova\u0165.<\/p>\n\n\n\n<h3 class=\"wp-block-heading\" id=\"h-7-tense-comparison\">7. Nap\u00e4t\u00e9 porovnanie:<\/h3>\n\n\n\n<p>Pochopenie rozdielov a pou\u017e\u00edvanie \u010desk\u00e9ho \u010dasu (minul\u00e9ho, s\u00fa\u010dasn\u00e9ho a bud\u00faceho) v\u00e1m umo\u017en\u00ed presne vyjadri\u0165 svoje my\u0161lienky a vyhn\u00fa\u0165 sa zm\u00e4tku.<\/p>\n\n\n\n<h3 class=\"wp-block-heading\" id=\"h-8-progressive-and-perfect-progressive\">8. Progres\u00edvne a dokonal\u00e9 progres\u00edvne:<\/h3>\n\n\n\n<p>\u010ce\u0161tina nem\u00e1 priame ekvivalenty pre anglick\u00fd progres\u00edvny a dokonal\u00fd progres\u00edvny \u010das. Namiesto toho jazyk pou\u017e\u00edva r\u00f4zne slovesn\u00e9 aspekty (dokonav\u00e9 a nedokonal\u00e9) a kon\u0161trukcie na vyjadrenie podobn\u00fdch v\u00fdznamov. Nau\u010dte sa, ako vytv\u00e1ra\u0165 a pou\u017e\u00edva\u0165 tieto kon\u0161trukcie na vyjadrenie prebiehaj\u00facich alebo dokon\u010den\u00fdch akci\u00ed.<\/p>\n\n\n\n<h3 class=\"wp-block-heading\" id=\"h-9-conditionals\">9. Podmienky:<\/h3>\n\n\n\n<p>Podmienen\u00e9 sa pou\u017e\u00edvaj\u00fa na vyjadrenie hypotetick\u00fdch situ\u00e1ci\u00ed alebo podmienok. Osvojte si \u010desk\u00e9 podmienen\u00e9 formul\u00e1re, aby ste diskutovali o mo\u017enostiach a robili predpovede.<\/p>\n\n\n\n<h3 class=\"wp-block-heading\" id=\"h-10-prepositions\">10. Predlo\u017eky:<\/h3>\n\n\n\n<p>Predlo\u017eky sa pou\u017e\u00edvaj\u00fa na ozna\u010denie vz\u0165ahov medzi slovami, ako je poloha, smer, \u010das alebo pr\u00ed\u010dina. Spr\u00e1vne u\u010denie a pou\u017e\u00edvanie \u010desk\u00fdch predlo\u017eiek v\u00e1m pom\u00f4\u017ee zostavi\u0165 jasn\u00e9 a zmyslupln\u00e9 vety.<\/p>\n\n\n\n<h3 class=\"wp-block-heading\" id=\"h-11-sentences\">11. Vety:<\/h3>\n\n\n\n<p>Nakoniec si precvi\u010dte tvorbu \u010desk\u00fdch viet kombin\u00e1ciou gramatick\u00fdch prvkov, ktor\u00e9 ste sa nau\u010dili. Zamerajte sa na vytv\u00e1ranie jednoduch\u00fdch, zlo\u017een\u00fdch, zlo\u017eit\u00fdch a zlo\u017eit\u00fdch viet, aby ste zlep\u0161ili svoju plynulos\u0165 a komunika\u010dn\u00e9 schopnosti v \u010deskom jazyku.<\/p>\n<\/div><\/div>\n\r\n<section class=\"learnNavigationSection\">\r\n            \r\n        <a href=\"https:\/\/talkpal.ai\/sk\/ucte-sa-cesky\/\">\r\n            <div class=\"learnNavigationWrapper\">\r\n                <div class=\"learnNavigationContent\">\r\n                    <img decoding=\"async\" src=\"https:\/\/talkpal.ai\/wp-content\/uploads\/2024\/08\/Czech.jpg\" alt=\"Czech Flag\">\r\n                    <div>\r\n                        <h4>O \u010deskom vzdel\u00e1van\u00ed<\/h4>\r\n                        <p>Zistite v\u0161etko o \u010deskej gramatike.<\/p>\r\n                    <\/div>\r\n                <\/div>\r\n            <\/div>\r\n        <\/a>\r\n\r\n        \r\n        <a href=\"https:\/\/talkpal.ai\/sk\/ceska-gramatika\/\">\r\n            <div class=\"learnNavigationWrapper\">\r\n                <div class=\"learnNavigationContent\">\r\n                    <img decoding=\"async\" src=\"https:\/\/talkpal.ai\/wp-content\/uploads\/2024\/08\/Czech.jpg\" alt=\"Czech Flag\">\r\n                    <div>\r\n                        <h4>Lekcie \u010deskej gramatiky<\/h4>\r\n                        <p>Precvi\u010dte si \u010desk\u00fa gramatiku.<\/p>\r\n                    <\/div>\r\n                <\/div>\r\n            <\/div>\r\n        <\/a>\r\n\r\n        \r\n        <a href=\"https:\/\/talkpal.ai\/vocabulary_language\/czech\/\">\r\n            <div class=\"learnNavigationWrapper\">\r\n                <div class=\"learnNavigationContent\">\r\n                    <img decoding=\"async\" src=\"https:\/\/talkpal.ai\/wp-content\/uploads\/2024\/08\/Czech.jpg\" alt=\"Czech Flag\">\r\n                    <div>\r\n                        <h4>\u010cesk\u00e1 slovn\u00e1 z\u00e1soba<\/h4>\r\n                        <p>Roz\u0161\u00edrte si slovn\u00fa z\u00e1sobu \u010de\u0161tiny.<\/p>\r\n                    <\/div>\r\n                <\/div>\r\n            <\/div>\r\n        <\/a>\r\n\r\n            <\/section>","protected":false},"excerpt":{"rendered":"<p>T\u00e9my \u010deskej gramatiky U\u010denie sa nov\u00e9ho jazyka m\u00f4\u017ee by\u0165 vzru\u0161uj\u00facim a obohacuj\u00facim z\u00e1\u017eitkom a \u010desk\u00fd jazyk nie je v\u00fdnimkou. \u010ce\u0161tina so svojou bohatou hist\u00f3riou a jedine\u010dn\u00fdm slovansk\u00fdm \u0161armom pon\u00faka \u0161tudentom br\u00e1nu do srdca strednej Eur\u00f3py. Aby ste \u010do najlep\u0161ie vyu\u017eili svoju cestu za \u010desk\u00fdm jazykom, je nevyhnutn\u00e9 pochopi\u0165 a ovl\u00e1da\u0165 jeho gramatiku, ktor\u00e1 je z\u00e1kladom [&hellip;]<\/p>\n","protected":false},"author":6,"featured_media":111674,"parent":0,"menu_order":0,"comment_status":"closed","ping_status":"closed","template":"LearningContentPage.php","meta":{"_acf_changed":false,"footnotes":""},"class_list":["post-163627","page","type-page","status-publish","has-post-thumbnail","hentry"],"acf":[],"yoast_head":"<!-- This site is optimized with the Yoast SEO Premium plugin v27.2 (Yoast SEO v27.2) - https:\/\/yoast.com\/product\/yoast-seo-premium-wordpress\/ -->\n<title>\u010cesk\u00e9 gramatick\u00e9 cvi\u010denia - Talkpal<\/title>\n<meta name=\"description\" content=\"Odha\u013ete tajomstv\u00e1 \u010desk\u00e9ho jazyka pomocou z\u00e1kladn\u00fdch cvi\u010den\u00ed z \u010deskej gramatiky, ktor\u00e9 v\u00e1m pom\u00f4\u017eu sebavedomo komunikova\u0165.\" \/>\n<meta name=\"robots\" content=\"index, follow, max-snippet:-1, max-image-preview:large, max-video-preview:-1\" \/>\n<link rel=\"canonical\" href=\"https:\/\/talkpal.ai\/sk\/ceske-gramaticke-cvicenia\/\" \/>\n<meta property=\"og:locale\" content=\"sk_SK\" \/>\n<meta property=\"og:type\" content=\"article\" \/>\n<meta property=\"og:title\" content=\"\u010cesk\u00e9 gramatick\u00e9 cvi\u010denia\" \/>\n<meta property=\"og:description\" content=\"T\u00e9my \u010deskej gramatiky U\u010denie sa nov\u00e9ho jazyka m\u00f4\u017ee by\u0165 vzru\u0161uj\u00facim a obohacuj\u00facim z\u00e1\u017eitkom a \u010desk\u00fd jazyk nie je v\u00fdnimkou. \u010ce\u0161tina so svojou bohatou\" \/>\n<meta property=\"og:url\" content=\"https:\/\/talkpal.ai\/sk\/ceske-gramaticke-cvicenia\/\" \/>\n<meta property=\"og:site_name\" content=\"Talkpal\" \/>\n<meta property=\"article:publisher\" content=\"https:\/\/www.facebook.com\/profile.php?id=100090733639311\" \/>\n<meta property=\"article:modified_time\" content=\"2025-12-17T16:27:49+00:00\" \/>\n<meta property=\"og:image\" content=\"https:\/\/talkpal.ai\/wp-content\/uploads\/2023\/05\/czech-republic.png\" \/>\n\t<meta property=\"og:image:width\" content=\"512\" \/>\n\t<meta property=\"og:image:height\" content=\"512\" \/>\n\t<meta property=\"og:image:type\" content=\"image\/png\" \/>\n<meta name=\"twitter:card\" content=\"summary_large_image\" \/>\n<meta name=\"twitter:site\" content=\"@talkpalai\" \/>\n<meta name=\"twitter:label1\" content=\"Predpokladan\u00fd \u010das \u010d\u00edtania\" \/>\n\t<meta name=\"twitter:data1\" content=\"3 min\u00faty\" \/>\n<script type=\"application\/ld+json\" class=\"yoast-schema-graph\">{\"@context\":\"https:\/\/schema.org\",\"@graph\":[{\"@type\":\"WebPage\",\"@id\":\"https:\/\/talkpal.ai\/sk\/ceske-gramaticke-cvicenia\/\",\"url\":\"https:\/\/talkpal.ai\/sk\/ceske-gramaticke-cvicenia\/\",\"name\":\"\u010cesk\u00e9 gramatick\u00e9 cvi\u010denia - Talkpal\",\"isPartOf\":{\"@id\":\"https:\/\/talkpal.ai\/sk\/#website\"},\"primaryImageOfPage\":{\"@id\":\"https:\/\/talkpal.ai\/sk\/ceske-gramaticke-cvicenia\/#primaryimage\"},\"image\":{\"@id\":\"https:\/\/talkpal.ai\/sk\/ceske-gramaticke-cvicenia\/#primaryimage\"},\"thumbnailUrl\":\"https:\/\/talkpal.ai\/wp-content\/uploads\/2023\/05\/czech-republic.png\",\"datePublished\":\"2023-06-16T13:10:39+00:00\",\"dateModified\":\"2025-12-17T16:27:49+00:00\",\"description\":\"Odha\u013ete tajomstv\u00e1 \u010desk\u00e9ho jazyka pomocou z\u00e1kladn\u00fdch cvi\u010den\u00ed z \u010deskej gramatiky, ktor\u00e9 v\u00e1m pom\u00f4\u017eu sebavedomo komunikova\u0165.\",\"breadcrumb\":{\"@id\":\"https:\/\/talkpal.ai\/sk\/ceske-gramaticke-cvicenia\/#breadcrumb\"},\"inLanguage\":\"sk-SK\",\"potentialAction\":[{\"@type\":\"ReadAction\",\"target\":[\"https:\/\/talkpal.ai\/sk\/ceske-gramaticke-cvicenia\/\"]}]},{\"@type\":\"ImageObject\",\"inLanguage\":\"sk-SK\",\"@id\":\"https:\/\/talkpal.ai\/sk\/ceske-gramaticke-cvicenia\/#primaryimage\",\"url\":\"https:\/\/talkpal.ai\/wp-content\/uploads\/2023\/05\/czech-republic.png\",\"contentUrl\":\"https:\/\/talkpal.ai\/wp-content\/uploads\/2023\/05\/czech-republic.png\",\"width\":512,\"height\":512},{\"@type\":\"BreadcrumbList\",\"@id\":\"https:\/\/talkpal.ai\/sk\/ceske-gramaticke-cvicenia\/#breadcrumb\",\"itemListElement\":[{\"@type\":\"ListItem\",\"position\":1,\"name\":\"Homepage\",\"item\":\"https:\/\/talkpal.ai\/sk\/\"},{\"@type\":\"ListItem\",\"position\":2,\"name\":\"\u010cesk\u00e9 gramatick\u00e9 cvi\u010denia\"}]},{\"@type\":\"WebSite\",\"@id\":\"https:\/\/talkpal.ai\/sk\/#website\",\"url\":\"https:\/\/talkpal.ai\/sk\/\",\"name\":\"Talkpal\",\"description\":\"AI Language Learning\",\"publisher\":{\"@id\":\"https:\/\/talkpal.ai\/sk\/#organization\"},\"alternateName\":\"Talkpal AI\",\"potentialAction\":[{\"@type\":\"SearchAction\",\"target\":{\"@type\":\"EntryPoint\",\"urlTemplate\":\"https:\/\/talkpal.ai\/sk\/?s={search_term_string}\"},\"query-input\":{\"@type\":\"PropertyValueSpecification\",\"valueRequired\":true,\"valueName\":\"search_term_string\"}}],\"inLanguage\":\"sk-SK\"},{\"@type\":\"Organization\",\"@id\":\"https:\/\/talkpal.ai\/sk\/#organization\",\"name\":\"Talkpal, Inc.\",\"alternateName\":\"Talkpal AI\",\"url\":\"https:\/\/talkpal.ai\/sk\/\",\"logo\":{\"@type\":\"ImageObject\",\"inLanguage\":\"sk-SK\",\"@id\":\"https:\/\/talkpal.ai\/sk\/#\/schema\/logo\/image\/\",\"url\":\"https:\/\/talkpal.ai\/wp-content\/uploads\/2024\/03\/Talkpal-Logo-Icon.png\",\"contentUrl\":\"https:\/\/talkpal.ai\/wp-content\/uploads\/2024\/03\/Talkpal-Logo-Icon.png\",\"width\":2880,\"height\":2880,\"caption\":\"Talkpal, Inc.\"},\"image\":{\"@id\":\"https:\/\/talkpal.ai\/sk\/#\/schema\/logo\/image\/\"},\"sameAs\":[\"https:\/\/www.facebook.com\/profile.php?id=100090733639311\",\"https:\/\/x.com\/talkpalai\",\"https:\/\/www.linkedin.com\/company\/talkpal\/\",\"https:\/\/www.youtube.com\/@TalkPal\/\",\"https:\/\/www.tiktok.com\/@talkpal\",\"https:\/\/www.instagram.com\/talkpal_ai\/\",\"https:\/\/www.crunchbase.com\/organization\/talkpal-9cde\",\"https:\/\/www.g2.com\/products\/talkpal-for-business\/\",\"https:\/\/www.trustpilot.com\/review\/talkpal.ai\",\"https:\/\/www.capterra.com\/p\/10006800\/TalkPal\/\"],\"description\":\"Talkpal is a language learning web and mobile education app, powered by the latest AI technologies, that provides engaging experiences to its customers in many different languages to help them improve their language skills. Users can chat about unlimited amount of topics with the app and use other modes to practice their language learning.\",\"email\":\"support@talkpal.ai\",\"legalName\":\"Talkpal, Inc.\",\"foundingDate\":\"2023-04-03\",\"duns\":\"118989042\",\"numberOfEmployees\":{\"@type\":\"QuantitativeValue\",\"minValue\":\"11\",\"maxValue\":\"50\"},\"publishingPrinciples\":\"https:\/\/talkpal.ai\/publishing-principles\/\",\"actionableFeedbackPolicy\":\"https:\/\/talkpal.ai\/actionable-feedback-policy\/\",\"correctionsPolicy\":\"https:\/\/talkpal.ai\/corrections-policy\/\",\"ethicsPolicy\":\"https:\/\/talkpal.ai\/ethics-policy\/\",\"diversityPolicy\":\"https:\/\/talkpal.ai\/diversity-policy\/\",\"diversityStaffingReport\":\"https:\/\/talkpal.ai\/diversity-policy\/\"}]}<\/script>\n<!-- \/ Yoast SEO Premium plugin. -->","yoast_head_json":{"title":"\u010cesk\u00e9 gramatick\u00e9 cvi\u010denia - Talkpal","description":"Odha\u013ete tajomstv\u00e1 \u010desk\u00e9ho jazyka pomocou z\u00e1kladn\u00fdch cvi\u010den\u00ed z \u010deskej gramatiky, ktor\u00e9 v\u00e1m pom\u00f4\u017eu sebavedomo komunikova\u0165.","robots":{"index":"index","follow":"follow","max-snippet":"max-snippet:-1","max-image-preview":"max-image-preview:large","max-video-preview":"max-video-preview:-1"},"canonical":"https:\/\/talkpal.ai\/sk\/ceske-gramaticke-cvicenia\/","og_locale":"sk_SK","og_type":"article","og_title":"\u010cesk\u00e9 gramatick\u00e9 cvi\u010denia","og_description":"T\u00e9my \u010deskej gramatiky U\u010denie sa nov\u00e9ho jazyka m\u00f4\u017ee by\u0165 vzru\u0161uj\u00facim a obohacuj\u00facim z\u00e1\u017eitkom a \u010desk\u00fd jazyk nie je v\u00fdnimkou. \u010ce\u0161tina so svojou bohatou","og_url":"https:\/\/talkpal.ai\/sk\/ceske-gramaticke-cvicenia\/","og_site_name":"Talkpal","article_publisher":"https:\/\/www.facebook.com\/profile.php?id=100090733639311","article_modified_time":"2025-12-17T16:27:49+00:00","og_image":[{"width":512,"height":512,"url":"https:\/\/talkpal.ai\/wp-content\/uploads\/2023\/05\/czech-republic.png","type":"image\/png"}],"twitter_card":"summary_large_image","twitter_site":"@talkpalai","twitter_misc":{"Predpokladan\u00fd \u010das \u010d\u00edtania":"3 min\u00faty"},"schema":{"@context":"https:\/\/schema.org","@graph":[{"@type":"WebPage","@id":"https:\/\/talkpal.ai\/sk\/ceske-gramaticke-cvicenia\/","url":"https:\/\/talkpal.ai\/sk\/ceske-gramaticke-cvicenia\/","name":"\u010cesk\u00e9 gramatick\u00e9 cvi\u010denia - Talkpal","isPartOf":{"@id":"https:\/\/talkpal.ai\/sk\/#website"},"primaryImageOfPage":{"@id":"https:\/\/talkpal.ai\/sk\/ceske-gramaticke-cvicenia\/#primaryimage"},"image":{"@id":"https:\/\/talkpal.ai\/sk\/ceske-gramaticke-cvicenia\/#primaryimage"},"thumbnailUrl":"https:\/\/talkpal.ai\/wp-content\/uploads\/2023\/05\/czech-republic.png","datePublished":"2023-06-16T13:10:39+00:00","dateModified":"2025-12-17T16:27:49+00:00","description":"Odha\u013ete tajomstv\u00e1 \u010desk\u00e9ho jazyka pomocou z\u00e1kladn\u00fdch cvi\u010den\u00ed z \u010deskej gramatiky, ktor\u00e9 v\u00e1m pom\u00f4\u017eu sebavedomo komunikova\u0165.","breadcrumb":{"@id":"https:\/\/talkpal.ai\/sk\/ceske-gramaticke-cvicenia\/#breadcrumb"},"inLanguage":"sk-SK","potentialAction":[{"@type":"ReadAction","target":["https:\/\/talkpal.ai\/sk\/ceske-gramaticke-cvicenia\/"]}]},{"@type":"ImageObject","inLanguage":"sk-SK","@id":"https:\/\/talkpal.ai\/sk\/ceske-gramaticke-cvicenia\/#primaryimage","url":"https:\/\/talkpal.ai\/wp-content\/uploads\/2023\/05\/czech-republic.png","contentUrl":"https:\/\/talkpal.ai\/wp-content\/uploads\/2023\/05\/czech-republic.png","width":512,"height":512},{"@type":"BreadcrumbList","@id":"https:\/\/talkpal.ai\/sk\/ceske-gramaticke-cvicenia\/#breadcrumb","itemListElement":[{"@type":"ListItem","position":1,"name":"Homepage","item":"https:\/\/talkpal.ai\/sk\/"},{"@type":"ListItem","position":2,"name":"\u010cesk\u00e9 gramatick\u00e9 cvi\u010denia"}]},{"@type":"WebSite","@id":"https:\/\/talkpal.ai\/sk\/#website","url":"https:\/\/talkpal.ai\/sk\/","name":"Talkpal","description":"AI Language Learning","publisher":{"@id":"https:\/\/talkpal.ai\/sk\/#organization"},"alternateName":"Talkpal AI","potentialAction":[{"@type":"SearchAction","target":{"@type":"EntryPoint","urlTemplate":"https:\/\/talkpal.ai\/sk\/?s={search_term_string}"},"query-input":{"@type":"PropertyValueSpecification","valueRequired":true,"valueName":"search_term_string"}}],"inLanguage":"sk-SK"},{"@type":"Organization","@id":"https:\/\/talkpal.ai\/sk\/#organization","name":"Talkpal, Inc.","alternateName":"Talkpal AI","url":"https:\/\/talkpal.ai\/sk\/","logo":{"@type":"ImageObject","inLanguage":"sk-SK","@id":"https:\/\/talkpal.ai\/sk\/#\/schema\/logo\/image\/","url":"https:\/\/talkpal.ai\/wp-content\/uploads\/2024\/03\/Talkpal-Logo-Icon.png","contentUrl":"https:\/\/talkpal.ai\/wp-content\/uploads\/2024\/03\/Talkpal-Logo-Icon.png","width":2880,"height":2880,"caption":"Talkpal, Inc."},"image":{"@id":"https:\/\/talkpal.ai\/sk\/#\/schema\/logo\/image\/"},"sameAs":["https:\/\/www.facebook.com\/profile.php?id=100090733639311","https:\/\/x.com\/talkpalai","https:\/\/www.linkedin.com\/company\/talkpal\/","https:\/\/www.youtube.com\/@TalkPal\/","https:\/\/www.tiktok.com\/@talkpal","https:\/\/www.instagram.com\/talkpal_ai\/","https:\/\/www.crunchbase.com\/organization\/talkpal-9cde","https:\/\/www.g2.com\/products\/talkpal-for-business\/","https:\/\/www.trustpilot.com\/review\/talkpal.ai","https:\/\/www.capterra.com\/p\/10006800\/TalkPal\/"],"description":"Talkpal is a language learning web and mobile education app, powered by the latest AI technologies, that provides engaging experiences to its customers in many different languages to help them improve their language skills. Users can chat about unlimited amount of topics with the app and use other modes to practice their language learning.","email":"support@talkpal.ai","legalName":"Talkpal, Inc.","foundingDate":"2023-04-03","duns":"118989042","numberOfEmployees":{"@type":"QuantitativeValue","minValue":"11","maxValue":"50"},"publishingPrinciples":"https:\/\/talkpal.ai\/publishing-principles\/","actionableFeedbackPolicy":"https:\/\/talkpal.ai\/actionable-feedback-policy\/","correctionsPolicy":"https:\/\/talkpal.ai\/corrections-policy\/","ethicsPolicy":"https:\/\/talkpal.ai\/ethics-policy\/","diversityPolicy":"https:\/\/talkpal.ai\/diversity-policy\/","diversityStaffingReport":"https:\/\/talkpal.ai\/diversity-policy\/"}]}},"_links":{"self":[{"href":"https:\/\/talkpal.ai\/sk\/wp-json\/wp\/v2\/pages\/163627","targetHints":{"allow":["GET"]}}],"collection":[{"href":"https:\/\/talkpal.ai\/sk\/wp-json\/wp\/v2\/pages"}],"about":[{"href":"https:\/\/talkpal.ai\/sk\/wp-json\/wp\/v2\/types\/page"}],"author":[{"embeddable":true,"href":"https:\/\/talkpal.ai\/sk\/wp-json\/wp\/v2\/users\/6"}],"replies":[{"embeddable":true,"href":"https:\/\/talkpal.ai\/sk\/wp-json\/wp\/v2\/comments?post=163627"}],"version-history":[{"count":0,"href":"https:\/\/talkpal.ai\/sk\/wp-json\/wp\/v2\/pages\/163627\/revisions"}],"wp:featuredmedia":[{"embeddable":true,"href":"https:\/\/talkpal.ai\/sk\/wp-json\/wp\/v2\/media\/111674"}],"wp:attachment":[{"href":"https:\/\/talkpal.ai\/sk\/wp-json\/wp\/v2\/media?parent=163627"}],"curies":[{"name":"wp","href":"https:\/\/api.w.org\/{rel}","templated":true}]}}