{"id":163299,"date":"2023-06-16T13:19:10","date_gmt":"2023-06-16T13:19:10","guid":{"rendered":"http:\/\/talkpal.ai\/danske-gramaticke-cvicenia\/"},"modified":"2025-12-17T16:29:55","modified_gmt":"2025-12-17T16:29:55","slug":"danske-gramaticke-cvicenia","status":"publish","type":"page","link":"https:\/\/talkpal.ai\/sk\/danske-gramaticke-cvicenia\/","title":{"rendered":"D\u00e1nske gramatick\u00e9 cvi\u010denia"},"content":{"rendered":"\r\n\r\n\r\n<section class=\"languageChallengeSection\">\r\n    <div class=\"languageInfoWrapper\">\r\n        \r\n        <h1>D\u00e1nske gramatick\u00e9 cvi\u010denia<\/h1>\r\n        <p>Ste pripraven\u00ed zlep\u0161i\u0165 svoju d\u00e1n\u010dinu? Precvi\u010dovanie gramatick\u00fdch cvi\u010den\u00ed je skvel\u00fd sp\u00f4sob, ako si osvoji\u0165 \u0161trukt\u00faru vety, slovesn\u00e9 \u010dasovanie a zvl\u00e1\u0161tnosti d\u00e1nskeho jazyka. Za\u010dnite pracova\u0165 na d\u00e1nskej gramatike e\u0161te dnes a sledujte, ako va\u0161e zru\u010dnosti a sebad\u00f4vera rast\u00fa s ka\u017ed\u00fdm cvi\u010den\u00edm!\n\n<\/p>\r\n\r\n                            <a class=\"getStartedHidden\" href=\"https:\/\/app.talkpal.ai\/sk\/signup?lng=\">Za\u010dni<\/a>\r\n        \r\n    <\/div>\r\n\r\n    <figure>\r\n    <img decoding=\"async\" width=\"768\" height=\"768\" src=\"https:\/\/talkpal.ai\/wp-content\/uploads\/2023\/06\/danish-768x768.png\" class=\"languageImage no-lazy\" alt=\"Language learning for career enhancement\" fetchpriority=\"high\" sizes=\"(max-width: 768px) 150px, 768px\" srcset=\"https:\/\/talkpal.ai\/wp-content\/uploads\/2023\/06\/danish-768x768.png 768w, https:\/\/talkpal.ai\/wp-content\/uploads\/2023\/06\/danish-300x300.png 300w\" \/>\r\n    \r\n\r\n    <\/figure>\r\n\r\n            <a class=\"getStartedVisible\" href=\"https:\/\/app.talkpal.ai\/sk\/signup?lng=\">Za\u010dni<\/a>\r\n    \r\n<\/section>\r\n\r\n\r\n<!-- <section class=\"grammarSection\">\r\n    <div class=\"grammarLinks\">\r\n            <\/div>\r\n<\/section> -->\r\n\r\n\r\n\r\n\r\n<section class=\"promotionalBanner\">\r\n    <p class=\"promotionalText\">Najefekt\u00edvnej\u0161\u00ed sp\u00f4sob, ako sa nau\u010di\u0165 jazyk<\/p>\r\n    <a class=\"promotionalLink\" href=\"https:\/\/app.talkpal.ai\/sk\/signup?lng=\">Vysk\u00fa\u0161ajte Talkpal zadarmo<\/a>\r\n<\/section>\n<div class=\"wp-block-group pageContainerStyle\"><div class=\"wp-block-group__inner-container is-layout-constrained wp-block-group-is-layout-constrained\">\n<h2 class=\"wp-block-heading\" id=\"h-danish-grammar-topics\">T\u00e9my d\u00e1nskej gramatiky<\/h2>\n\n\n\n<p><a href=\"https:\/\/talkpal.ai\/sk\/ucenie\/\">U\u010denie sa<\/a> d\u00e1n\u010diny m\u00f4\u017ee by\u0165 obohacuj\u00facim a pr\u00edjemn\u00fdm z\u00e1\u017eitkom pre t\u00fdch, ktor\u00ed maj\u00fa z\u00e1ujem presk\u00fama\u0165 bohat\u00fa kult\u00faru a hist\u00f3riu D\u00e1nska. Ako severogerm\u00e1nsky jazyk zdie\u013ea <a href=\"https:\/\/talkpal.ai\/learn-danish\/\">d\u00e1n\u010dina<\/a> mnoho podobnost\u00ed s in\u00fdmi \u0161kandin\u00e1vskymi jazykmi, ako je \u0161v\u00e9d\u010dina a <a href=\"https:\/\/talkpal.ai\/learn-norwegian\/\">n\u00f3r\u010dina<\/a>. Zvl\u00e1dnut\u00edm d\u00e1nskeho jazyka otv\u00e1rate pr\u00edle\u017eitosti spoji\u0165 sa s roden\u00fdmi hovorcami, vychutna\u0165 si d\u00e1nsku literat\u00faru a preh\u013abi\u0165 svoje ch\u00e1panie d\u00e1nskej spolo\u010dnosti. Na dosiahnutie plynulosti v d\u00e1n\u010dine je nevyhnutn\u00e9 obozn\u00e1mi\u0165 sa s r\u00f4znymi gramatick\u00fdmi t\u00e9mami, ktor\u00e9 s\u00fa stavebn\u00fdmi kame\u0148mi jazyka. V tejto pr\u00edru\u010dke presk\u00famame postupnos\u0165, ktor\u00fa by ste mali dodr\u017eiava\u0165 pri v\u00fdu\u010dbe d\u00e1nskej gramatiky, pokr\u00fdvaj\u00fac t\u00e9my ako \u010dasy, sloves\u00e1, podstatn\u00e9 men\u00e1 a \u010fal\u0161ie.<\/p>\n\n\n\n<h3 class=\"wp-block-heading\" id=\"h-1-nouns-articles-and-pronouns-determiners\">1. podstatn\u00e9 men\u00e1, \u010dleny a z\u00e1men\u00e1\/determin\u00e1tory:<\/h3>\n\n\n\n<p>Za\u010dnite t\u00fdm, \u017ee sa nau\u010d\u00edte z\u00e1klady d\u00e1nskych podstatn\u00fdch mien vr\u00e1tane ich pohlavia a \u010d\u00edsla. Zozn\u00e1mte sa s ur\u010dit\u00fdmi a neur\u010dit\u00fdmi \u010dl\u00e1nkami, ako aj s r\u00f4znymi typmi z\u00e1men a determinantmi. To v\u00e1m pom\u00f4\u017ee vybudova\u0165 pevn\u00fd z\u00e1klad pre vytv\u00e1ranie jednoduch\u00fdch viet.<\/p>\n\n\n\n<h3 class=\"wp-block-heading\" id=\"h-2-adjectives-and-adverbs\">2. Pr\u00eddavn\u00e9 men\u00e1 a pr\u00edslovky:<\/h3>\n\n\n\n<p>Po pochopen\u00ed z\u00e1kladov podstatn\u00fdch mien a z\u00e1men prejdite na pr\u00eddavn\u00e9 men\u00e1 a pr\u00edslovky. Nau\u010dte sa, ako op\u00edsa\u0165 podstatn\u00e9 men\u00e1 so spr\u00e1vnou zhodou pr\u00eddavn\u00fdch mien a pou\u017e\u00edva\u0165 pr\u00edslovky na \u00fapravu slovies, pr\u00eddavn\u00fdch mien a in\u00fdch pr\u00edsloviek.<\/p>\n\n\n\n<h3 class=\"wp-block-heading\" id=\"h-3-verbs-and-tenses\">3. Sloves\u00e1 a \u010dasy:<\/h3>\n\n\n\n<p>Zvl\u00e1dnite \u010dasovanie pravideln\u00fdch a nepravideln\u00fdch slovies v pr\u00edtomnom, minulom a bud\u00facom \u010dase. Pochopenie nap\u00e4t\u00e9ho porovn\u00e1vania v\u00e1m pom\u00f4\u017ee vyjadri\u0165 akcie alebo udalosti, ktor\u00e9 sa vyskytuj\u00fa v r\u00f4znych \u010dasoch.<\/p>\n\n\n\n<h3 class=\"wp-block-heading\" id=\"h-4-progressive-and-perfect-progressive\">4. Progres\u00edvne a dokonal\u00e9 progres\u00edvne:<\/h3>\n\n\n\n<p>Tieto aspekty d\u00e1nskej gramatiky v\u00e1m umo\u017e\u0148uj\u00fa op\u00edsa\u0165 prebiehaj\u00face akcie alebo udalosti a akcie, ktor\u00e9 boli dokon\u010den\u00e9, ale st\u00e1le s\u00fa relevantn\u00e9. Nau\u010dte sa vhodn\u00e9 slovesn\u00e9 tvary a pomocn\u00e9 sloves\u00e1 pou\u017e\u00edvan\u00e9 v progres\u00edvnom a dokonalom progres\u00edvnom \u010dase.<\/p>\n\n\n\n<h3 class=\"wp-block-heading\" id=\"h-5-prepositions\">5. Predlo\u017eky:<\/h3>\n\n\n\n<p>\u0160tudujte pou\u017e\u00edvanie predlo\u017eiek na vyjadrenie vz\u0165ahov medzi slovami, ako je miesto, smer, \u010das a pr\u00ed\u010dina.<\/p>\n\n\n\n<h3 class=\"wp-block-heading\" id=\"h-6-sentences\">6. Vety:<\/h3>\n\n\n\n<p>Nau\u010dte sa vytv\u00e1ra\u0165 jednoduch\u00e9 a zlo\u017eit\u00e9 vety pomocou spr\u00e1vneho slovosledu, \u010do je nevyhnutn\u00e9 pre jasn\u00fa a efekt\u00edvnu komunik\u00e1ciu v d\u00e1n\u010dine.<\/p>\n\n\n\n<h3 class=\"wp-block-heading\" id=\"h-7-conditionals\">7. Podmienky:<\/h3>\n\n\n\n<p>Nakoniec sa zozn\u00e1mte s r\u00f4znymi typmi podmienen\u00fdch l\u00e1tok pou\u017e\u00edvan\u00fdch v d\u00e1n\u010dine na vyjadrenie hypotetick\u00fdch situ\u00e1ci\u00ed a ich d\u00f4sledkov.<\/p>\n\n\n\n<p>Dodr\u017eiavan\u00edm tejto postupnosti m\u00f4\u017eete systematicky budova\u0165 svoje znalosti d\u00e1nskej gramatiky a rozv\u00edja\u0165 zru\u010dnosti potrebn\u00e9 na efekt\u00edvnu komunik\u00e1ciu v jazyku. Nezabudnite pravidelne cvi\u010di\u0165 a ponori\u0165 sa do jazyka \u010do najviac, aby ste dosiahli \u010do najlep\u0161ie v\u00fdsledky.<\/p>\n<\/div><\/div>\n\r\n<section class=\"learnNavigationSection\">\r\n            \r\n        <a href=\"https:\/\/talkpal.ai\/sk\/naucte-sa-po-dansky\/\">\r\n            <div class=\"learnNavigationWrapper\">\r\n                <div class=\"learnNavigationContent\">\r\n                    <img decoding=\"async\" src=\"https:\/\/talkpal.ai\/wp-content\/uploads\/2024\/08\/Danish.jpg\" alt=\"Danish Flag\">\r\n                    <div>\r\n                        <h4>O d\u00e1nskom vzdel\u00e1van\u00ed<\/h4>\r\n                        <p>Zistite v\u0161etko o d\u00e1nskej gramatike.<\/p>\r\n                    <\/div>\r\n                <\/div>\r\n            <\/div>\r\n        <\/a>\r\n\r\n        \r\n        <a href=\"https:\/\/talkpal.ai\/sk\/danska-gramatika\/\">\r\n            <div class=\"learnNavigationWrapper\">\r\n                <div class=\"learnNavigationContent\">\r\n                    <img decoding=\"async\" src=\"https:\/\/talkpal.ai\/wp-content\/uploads\/2024\/08\/Danish.jpg\" alt=\"Danish Flag\">\r\n                    <div>\r\n                        <h4>Lekcie d\u00e1nskej gramatiky<\/h4>\r\n                        <p>Precvi\u010dte si d\u00e1nsku gramatiku.<\/p>\r\n                    <\/div>\r\n                <\/div>\r\n            <\/div>\r\n        <\/a>\r\n\r\n        \r\n        <a href=\"https:\/\/talkpal.ai\/vocabulary_language\/danish\/\">\r\n            <div class=\"learnNavigationWrapper\">\r\n                <div class=\"learnNavigationContent\">\r\n                    <img decoding=\"async\" src=\"https:\/\/talkpal.ai\/wp-content\/uploads\/2024\/08\/Danish.jpg\" alt=\"Danish Flag\">\r\n                    <div>\r\n                        <h4>D\u00e1nska slovn\u00e1 z\u00e1soba<\/h4>\r\n                        <p>Roz\u0161\u00edrte si slovn\u00fa z\u00e1sobu d\u00e1n\u010diny.<\/p>\r\n                    <\/div>\r\n                <\/div>\r\n            <\/div>\r\n        <\/a>\r\n\r\n            <\/section>","protected":false},"excerpt":{"rendered":"<p>T\u00e9my d\u00e1nskej gramatiky U\u010denie sa d\u00e1n\u010diny m\u00f4\u017ee by\u0165 obohacuj\u00facim a pr\u00edjemn\u00fdm z\u00e1\u017eitkom pre t\u00fdch, ktor\u00ed maj\u00fa z\u00e1ujem presk\u00fama\u0165 bohat\u00fa kult\u00faru a hist\u00f3riu D\u00e1nska. Ako severogerm\u00e1nsky jazyk zdie\u013ea d\u00e1n\u010dina mnoho podobnost\u00ed s in\u00fdmi \u0161kandin\u00e1vskymi jazykmi, ako je \u0161v\u00e9d\u010dina a n\u00f3r\u010dina. Zvl\u00e1dnut\u00edm d\u00e1nskeho jazyka otv\u00e1rate pr\u00edle\u017eitosti spoji\u0165 sa s roden\u00fdmi hovorcami, vychutna\u0165 si d\u00e1nsku literat\u00faru a preh\u013abi\u0165 [&hellip;]<\/p>\n","protected":false},"author":6,"featured_media":110891,"parent":0,"menu_order":0,"comment_status":"closed","ping_status":"closed","template":"LearningContentPage.php","meta":{"_acf_changed":false,"footnotes":""},"class_list":["post-163299","page","type-page","status-publish","has-post-thumbnail","hentry"],"acf":[],"yoast_head":"<!-- This site is optimized with the Yoast SEO Premium plugin v27.2 (Yoast SEO v27.2) - https:\/\/yoast.com\/product\/yoast-seo-premium-wordpress\/ -->\n<title>D\u00e1nske gramatick\u00e9 cvi\u010denia - Talkpal<\/title>\n<meta name=\"description\" content=\"Odha\u013ete tajomstv\u00e1 d\u00e1nskych gramatick\u00fdch cvi\u010den\u00ed, aby ste zlep\u0161ili svoje jazykov\u00e9 zru\u010dnosti a efekt\u00edvne sa spojili s d\u00e1nskou kult\u00farou.\" \/>\n<meta name=\"robots\" content=\"index, follow, max-snippet:-1, max-image-preview:large, max-video-preview:-1\" \/>\n<link rel=\"canonical\" href=\"https:\/\/talkpal.ai\/sk\/danske-gramaticke-cvicenia\/\" \/>\n<meta property=\"og:locale\" content=\"sk_SK\" \/>\n<meta property=\"og:type\" content=\"article\" \/>\n<meta property=\"og:title\" content=\"D\u00e1nske gramatick\u00e9 cvi\u010denia\" \/>\n<meta property=\"og:description\" content=\"T\u00e9my d\u00e1nskej gramatiky U\u010denie sa d\u00e1n\u010diny m\u00f4\u017ee by\u0165 obohacuj\u00facim a pr\u00edjemn\u00fdm z\u00e1\u017eitkom pre t\u00fdch, ktor\u00ed maj\u00fa z\u00e1ujem presk\u00fama\u0165 bohat\u00fa kult\u00faru a hist\u00f3riu\" \/>\n<meta property=\"og:url\" content=\"https:\/\/talkpal.ai\/sk\/danske-gramaticke-cvicenia\/\" \/>\n<meta property=\"og:site_name\" content=\"Talkpal\" \/>\n<meta property=\"article:publisher\" content=\"https:\/\/www.facebook.com\/profile.php?id=100090733639311\" \/>\n<meta property=\"article:modified_time\" content=\"2025-12-17T16:29:55+00:00\" \/>\n<meta property=\"og:image\" content=\"https:\/\/talkpal.ai\/wp-content\/uploads\/2023\/05\/denmark.png\" \/>\n\t<meta property=\"og:image:width\" content=\"512\" \/>\n\t<meta property=\"og:image:height\" content=\"512\" \/>\n\t<meta property=\"og:image:type\" content=\"image\/png\" \/>\n<meta name=\"twitter:card\" content=\"summary_large_image\" \/>\n<meta name=\"twitter:site\" content=\"@talkpalai\" \/>\n<meta name=\"twitter:label1\" content=\"Predpokladan\u00fd \u010das \u010d\u00edtania\" \/>\n\t<meta name=\"twitter:data1\" content=\"3 min\u00faty\" \/>\n<script type=\"application\/ld+json\" class=\"yoast-schema-graph\">{\"@context\":\"https:\/\/schema.org\",\"@graph\":[{\"@type\":\"WebPage\",\"@id\":\"https:\/\/talkpal.ai\/sk\/danske-gramaticke-cvicenia\/\",\"url\":\"https:\/\/talkpal.ai\/sk\/danske-gramaticke-cvicenia\/\",\"name\":\"D\u00e1nske gramatick\u00e9 cvi\u010denia - Talkpal\",\"isPartOf\":{\"@id\":\"https:\/\/talkpal.ai\/sk\/#website\"},\"primaryImageOfPage\":{\"@id\":\"https:\/\/talkpal.ai\/sk\/danske-gramaticke-cvicenia\/#primaryimage\"},\"image\":{\"@id\":\"https:\/\/talkpal.ai\/sk\/danske-gramaticke-cvicenia\/#primaryimage\"},\"thumbnailUrl\":\"https:\/\/talkpal.ai\/wp-content\/uploads\/2023\/05\/denmark.png\",\"datePublished\":\"2023-06-16T13:19:10+00:00\",\"dateModified\":\"2025-12-17T16:29:55+00:00\",\"description\":\"Odha\u013ete tajomstv\u00e1 d\u00e1nskych gramatick\u00fdch cvi\u010den\u00ed, aby ste zlep\u0161ili svoje jazykov\u00e9 zru\u010dnosti a efekt\u00edvne sa spojili s d\u00e1nskou kult\u00farou.\",\"breadcrumb\":{\"@id\":\"https:\/\/talkpal.ai\/sk\/danske-gramaticke-cvicenia\/#breadcrumb\"},\"inLanguage\":\"sk-SK\",\"potentialAction\":[{\"@type\":\"ReadAction\",\"target\":[\"https:\/\/talkpal.ai\/sk\/danske-gramaticke-cvicenia\/\"]}]},{\"@type\":\"ImageObject\",\"inLanguage\":\"sk-SK\",\"@id\":\"https:\/\/talkpal.ai\/sk\/danske-gramaticke-cvicenia\/#primaryimage\",\"url\":\"https:\/\/talkpal.ai\/wp-content\/uploads\/2023\/05\/denmark.png\",\"contentUrl\":\"https:\/\/talkpal.ai\/wp-content\/uploads\/2023\/05\/denmark.png\",\"width\":512,\"height\":512},{\"@type\":\"BreadcrumbList\",\"@id\":\"https:\/\/talkpal.ai\/sk\/danske-gramaticke-cvicenia\/#breadcrumb\",\"itemListElement\":[{\"@type\":\"ListItem\",\"position\":1,\"name\":\"Homepage\",\"item\":\"https:\/\/talkpal.ai\/sk\/\"},{\"@type\":\"ListItem\",\"position\":2,\"name\":\"D\u00e1nske gramatick\u00e9 cvi\u010denia\"}]},{\"@type\":\"WebSite\",\"@id\":\"https:\/\/talkpal.ai\/sk\/#website\",\"url\":\"https:\/\/talkpal.ai\/sk\/\",\"name\":\"Talkpal\",\"description\":\"AI Language Learning\",\"publisher\":{\"@id\":\"https:\/\/talkpal.ai\/sk\/#organization\"},\"alternateName\":\"Talkpal AI\",\"potentialAction\":[{\"@type\":\"SearchAction\",\"target\":{\"@type\":\"EntryPoint\",\"urlTemplate\":\"https:\/\/talkpal.ai\/sk\/?s={search_term_string}\"},\"query-input\":{\"@type\":\"PropertyValueSpecification\",\"valueRequired\":true,\"valueName\":\"search_term_string\"}}],\"inLanguage\":\"sk-SK\"},{\"@type\":\"Organization\",\"@id\":\"https:\/\/talkpal.ai\/sk\/#organization\",\"name\":\"Talkpal, Inc.\",\"alternateName\":\"Talkpal AI\",\"url\":\"https:\/\/talkpal.ai\/sk\/\",\"logo\":{\"@type\":\"ImageObject\",\"inLanguage\":\"sk-SK\",\"@id\":\"https:\/\/talkpal.ai\/sk\/#\/schema\/logo\/image\/\",\"url\":\"https:\/\/talkpal.ai\/wp-content\/uploads\/2024\/03\/Talkpal-Logo-Icon.png\",\"contentUrl\":\"https:\/\/talkpal.ai\/wp-content\/uploads\/2024\/03\/Talkpal-Logo-Icon.png\",\"width\":2880,\"height\":2880,\"caption\":\"Talkpal, Inc.\"},\"image\":{\"@id\":\"https:\/\/talkpal.ai\/sk\/#\/schema\/logo\/image\/\"},\"sameAs\":[\"https:\/\/www.facebook.com\/profile.php?id=100090733639311\",\"https:\/\/x.com\/talkpalai\",\"https:\/\/www.linkedin.com\/company\/talkpal\/\",\"https:\/\/www.youtube.com\/@TalkPal\/\",\"https:\/\/www.tiktok.com\/@talkpal\",\"https:\/\/www.instagram.com\/talkpal_ai\/\",\"https:\/\/www.crunchbase.com\/organization\/talkpal-9cde\",\"https:\/\/www.g2.com\/products\/talkpal-for-business\/\",\"https:\/\/www.trustpilot.com\/review\/talkpal.ai\",\"https:\/\/www.capterra.com\/p\/10006800\/TalkPal\/\"],\"description\":\"Talkpal is a language learning web and mobile education app, powered by the latest AI technologies, that provides engaging experiences to its customers in many different languages to help them improve their language skills. Users can chat about unlimited amount of topics with the app and use other modes to practice their language learning.\",\"email\":\"support@talkpal.ai\",\"legalName\":\"Talkpal, Inc.\",\"foundingDate\":\"2023-04-03\",\"duns\":\"118989042\",\"numberOfEmployees\":{\"@type\":\"QuantitativeValue\",\"minValue\":\"11\",\"maxValue\":\"50\"},\"publishingPrinciples\":\"https:\/\/talkpal.ai\/publishing-principles\/\",\"actionableFeedbackPolicy\":\"https:\/\/talkpal.ai\/actionable-feedback-policy\/\",\"correctionsPolicy\":\"https:\/\/talkpal.ai\/corrections-policy\/\",\"ethicsPolicy\":\"https:\/\/talkpal.ai\/ethics-policy\/\",\"diversityPolicy\":\"https:\/\/talkpal.ai\/diversity-policy\/\",\"diversityStaffingReport\":\"https:\/\/talkpal.ai\/diversity-policy\/\"}]}<\/script>\n<!-- \/ Yoast SEO Premium plugin. -->","yoast_head_json":{"title":"D\u00e1nske gramatick\u00e9 cvi\u010denia - Talkpal","description":"Odha\u013ete tajomstv\u00e1 d\u00e1nskych gramatick\u00fdch cvi\u010den\u00ed, aby ste zlep\u0161ili svoje jazykov\u00e9 zru\u010dnosti a efekt\u00edvne sa spojili s d\u00e1nskou kult\u00farou.","robots":{"index":"index","follow":"follow","max-snippet":"max-snippet:-1","max-image-preview":"max-image-preview:large","max-video-preview":"max-video-preview:-1"},"canonical":"https:\/\/talkpal.ai\/sk\/danske-gramaticke-cvicenia\/","og_locale":"sk_SK","og_type":"article","og_title":"D\u00e1nske gramatick\u00e9 cvi\u010denia","og_description":"T\u00e9my d\u00e1nskej gramatiky U\u010denie sa d\u00e1n\u010diny m\u00f4\u017ee by\u0165 obohacuj\u00facim a pr\u00edjemn\u00fdm z\u00e1\u017eitkom pre t\u00fdch, ktor\u00ed maj\u00fa z\u00e1ujem presk\u00fama\u0165 bohat\u00fa kult\u00faru a hist\u00f3riu","og_url":"https:\/\/talkpal.ai\/sk\/danske-gramaticke-cvicenia\/","og_site_name":"Talkpal","article_publisher":"https:\/\/www.facebook.com\/profile.php?id=100090733639311","article_modified_time":"2025-12-17T16:29:55+00:00","og_image":[{"width":512,"height":512,"url":"https:\/\/talkpal.ai\/wp-content\/uploads\/2023\/05\/denmark.png","type":"image\/png"}],"twitter_card":"summary_large_image","twitter_site":"@talkpalai","twitter_misc":{"Predpokladan\u00fd \u010das \u010d\u00edtania":"3 min\u00faty"},"schema":{"@context":"https:\/\/schema.org","@graph":[{"@type":"WebPage","@id":"https:\/\/talkpal.ai\/sk\/danske-gramaticke-cvicenia\/","url":"https:\/\/talkpal.ai\/sk\/danske-gramaticke-cvicenia\/","name":"D\u00e1nske gramatick\u00e9 cvi\u010denia - Talkpal","isPartOf":{"@id":"https:\/\/talkpal.ai\/sk\/#website"},"primaryImageOfPage":{"@id":"https:\/\/talkpal.ai\/sk\/danske-gramaticke-cvicenia\/#primaryimage"},"image":{"@id":"https:\/\/talkpal.ai\/sk\/danske-gramaticke-cvicenia\/#primaryimage"},"thumbnailUrl":"https:\/\/talkpal.ai\/wp-content\/uploads\/2023\/05\/denmark.png","datePublished":"2023-06-16T13:19:10+00:00","dateModified":"2025-12-17T16:29:55+00:00","description":"Odha\u013ete tajomstv\u00e1 d\u00e1nskych gramatick\u00fdch cvi\u010den\u00ed, aby ste zlep\u0161ili svoje jazykov\u00e9 zru\u010dnosti a efekt\u00edvne sa spojili s d\u00e1nskou kult\u00farou.","breadcrumb":{"@id":"https:\/\/talkpal.ai\/sk\/danske-gramaticke-cvicenia\/#breadcrumb"},"inLanguage":"sk-SK","potentialAction":[{"@type":"ReadAction","target":["https:\/\/talkpal.ai\/sk\/danske-gramaticke-cvicenia\/"]}]},{"@type":"ImageObject","inLanguage":"sk-SK","@id":"https:\/\/talkpal.ai\/sk\/danske-gramaticke-cvicenia\/#primaryimage","url":"https:\/\/talkpal.ai\/wp-content\/uploads\/2023\/05\/denmark.png","contentUrl":"https:\/\/talkpal.ai\/wp-content\/uploads\/2023\/05\/denmark.png","width":512,"height":512},{"@type":"BreadcrumbList","@id":"https:\/\/talkpal.ai\/sk\/danske-gramaticke-cvicenia\/#breadcrumb","itemListElement":[{"@type":"ListItem","position":1,"name":"Homepage","item":"https:\/\/talkpal.ai\/sk\/"},{"@type":"ListItem","position":2,"name":"D\u00e1nske gramatick\u00e9 cvi\u010denia"}]},{"@type":"WebSite","@id":"https:\/\/talkpal.ai\/sk\/#website","url":"https:\/\/talkpal.ai\/sk\/","name":"Talkpal","description":"AI Language Learning","publisher":{"@id":"https:\/\/talkpal.ai\/sk\/#organization"},"alternateName":"Talkpal AI","potentialAction":[{"@type":"SearchAction","target":{"@type":"EntryPoint","urlTemplate":"https:\/\/talkpal.ai\/sk\/?s={search_term_string}"},"query-input":{"@type":"PropertyValueSpecification","valueRequired":true,"valueName":"search_term_string"}}],"inLanguage":"sk-SK"},{"@type":"Organization","@id":"https:\/\/talkpal.ai\/sk\/#organization","name":"Talkpal, Inc.","alternateName":"Talkpal AI","url":"https:\/\/talkpal.ai\/sk\/","logo":{"@type":"ImageObject","inLanguage":"sk-SK","@id":"https:\/\/talkpal.ai\/sk\/#\/schema\/logo\/image\/","url":"https:\/\/talkpal.ai\/wp-content\/uploads\/2024\/03\/Talkpal-Logo-Icon.png","contentUrl":"https:\/\/talkpal.ai\/wp-content\/uploads\/2024\/03\/Talkpal-Logo-Icon.png","width":2880,"height":2880,"caption":"Talkpal, Inc."},"image":{"@id":"https:\/\/talkpal.ai\/sk\/#\/schema\/logo\/image\/"},"sameAs":["https:\/\/www.facebook.com\/profile.php?id=100090733639311","https:\/\/x.com\/talkpalai","https:\/\/www.linkedin.com\/company\/talkpal\/","https:\/\/www.youtube.com\/@TalkPal\/","https:\/\/www.tiktok.com\/@talkpal","https:\/\/www.instagram.com\/talkpal_ai\/","https:\/\/www.crunchbase.com\/organization\/talkpal-9cde","https:\/\/www.g2.com\/products\/talkpal-for-business\/","https:\/\/www.trustpilot.com\/review\/talkpal.ai","https:\/\/www.capterra.com\/p\/10006800\/TalkPal\/"],"description":"Talkpal is a language learning web and mobile education app, powered by the latest AI technologies, that provides engaging experiences to its customers in many different languages to help them improve their language skills. Users can chat about unlimited amount of topics with the app and use other modes to practice their language learning.","email":"support@talkpal.ai","legalName":"Talkpal, Inc.","foundingDate":"2023-04-03","duns":"118989042","numberOfEmployees":{"@type":"QuantitativeValue","minValue":"11","maxValue":"50"},"publishingPrinciples":"https:\/\/talkpal.ai\/publishing-principles\/","actionableFeedbackPolicy":"https:\/\/talkpal.ai\/actionable-feedback-policy\/","correctionsPolicy":"https:\/\/talkpal.ai\/corrections-policy\/","ethicsPolicy":"https:\/\/talkpal.ai\/ethics-policy\/","diversityPolicy":"https:\/\/talkpal.ai\/diversity-policy\/","diversityStaffingReport":"https:\/\/talkpal.ai\/diversity-policy\/"}]}},"_links":{"self":[{"href":"https:\/\/talkpal.ai\/sk\/wp-json\/wp\/v2\/pages\/163299","targetHints":{"allow":["GET"]}}],"collection":[{"href":"https:\/\/talkpal.ai\/sk\/wp-json\/wp\/v2\/pages"}],"about":[{"href":"https:\/\/talkpal.ai\/sk\/wp-json\/wp\/v2\/types\/page"}],"author":[{"embeddable":true,"href":"https:\/\/talkpal.ai\/sk\/wp-json\/wp\/v2\/users\/6"}],"replies":[{"embeddable":true,"href":"https:\/\/talkpal.ai\/sk\/wp-json\/wp\/v2\/comments?post=163299"}],"version-history":[{"count":0,"href":"https:\/\/talkpal.ai\/sk\/wp-json\/wp\/v2\/pages\/163299\/revisions"}],"wp:featuredmedia":[{"embeddable":true,"href":"https:\/\/talkpal.ai\/sk\/wp-json\/wp\/v2\/media\/110891"}],"wp:attachment":[{"href":"https:\/\/talkpal.ai\/sk\/wp-json\/wp\/v2\/media?parent=163299"}],"curies":[{"name":"wp","href":"https:\/\/api.w.org\/{rel}","templated":true}]}}