{"id":163007,"date":"2023-06-16T13:25:56","date_gmt":"2023-06-16T13:25:56","guid":{"rendered":"http:\/\/talkpal.ai\/estonske-gramaticke-cvicenia\/"},"modified":"2025-12-17T15:57:15","modified_gmt":"2025-12-17T15:57:15","slug":"estonske-gramaticke-cvicenia","status":"publish","type":"page","link":"https:\/\/talkpal.ai\/sk\/estonske-gramaticke-cvicenia\/","title":{"rendered":"Est\u00f3nske gramatick\u00e9 cvi\u010denia"},"content":{"rendered":"\r\n\r\n\r\n<section class=\"languageChallengeSection\">\r\n    <div class=\"languageInfoWrapper\">\r\n        \r\n        <h1>Est\u00f3nske gramatick\u00e9 cvi\u010denia<\/h1>\r\n        <p>Chcete sa nau\u010di\u0165 est\u00f3nsky? Cvi\u010denia zameran\u00e9 na gramatiku s\u00fa ide\u00e1lnym sp\u00f4sobom, ako pochopi\u0165 \u0161trukt\u00faru vety, slovesn\u00e9 tvary a k\u013e\u00fa\u010dov\u00e9 vzory, ktor\u00e9 s\u00fa pre est\u00f3n\u010dinu jedine\u010dn\u00e9. Za\u010dnite s precvi\u010dovan\u00edm est\u00f3nskej gramatiky e\u0161te dnes a sledujte, ako va\u0161e zru\u010dnosti a sebad\u00f4vera rast\u00fa s ka\u017ed\u00fdm \u010fal\u0161\u00edm stretnut\u00edm!<\/p>\r\n\r\n                            <a class=\"getStartedHidden\" href=\"https:\/\/app.talkpal.ai\/sk\/signup?lng=\">Za\u010dni<\/a>\r\n        \r\n    <\/div>\r\n\r\n    <figure>\r\n    <img decoding=\"async\" width=\"768\" height=\"768\" src=\"https:\/\/talkpal.ai\/wp-content\/uploads\/2023\/06\/Estonian-768x768.png\" class=\"languageImage no-lazy\" alt=\"Secret tricks of language learning\" fetchpriority=\"high\" sizes=\"(max-width: 768px) 150px, 768px\" srcset=\"https:\/\/talkpal.ai\/wp-content\/uploads\/2023\/06\/Estonian-768x768.png 768w, https:\/\/talkpal.ai\/wp-content\/uploads\/2023\/06\/Estonian-300x300.png 300w\" \/>\r\n    \r\n\r\n    <\/figure>\r\n\r\n            <a class=\"getStartedVisible\" href=\"https:\/\/app.talkpal.ai\/sk\/signup?lng=\">Za\u010dni<\/a>\r\n    \r\n<\/section>\r\n\r\n\r\n<!-- <section class=\"grammarSection\">\r\n    <div class=\"grammarLinks\">\r\n            <\/div>\r\n<\/section> -->\r\n\r\n\r\n\r\n\r\n<section class=\"promotionalBanner\">\r\n    <p class=\"promotionalText\">Najefekt\u00edvnej\u0161\u00ed sp\u00f4sob, ako sa nau\u010di\u0165 jazyk<\/p>\r\n    <a class=\"promotionalLink\" href=\"https:\/\/app.talkpal.ai\/sk\/signup?lng=\">Vysk\u00fa\u0161ajte Talkpal zadarmo<\/a>\r\n<\/section>\n<div class=\"wp-block-group pageContainerStyle\"><div class=\"wp-block-group__inner-container is-layout-constrained wp-block-group-is-layout-constrained\">\n<h2 class=\"wp-block-heading\" id=\"h-estonian-grammar-topics\">T\u00e9my est\u00f3nskej gramatiky<\/h2>\n\n\n\n<p><a href=\"https:\/\/talkpal.ai\/sk\/ucenie\/\">U\u010denie sa<\/a> nov\u00e9ho jazyka m\u00f4\u017ee by\u0165 vzru\u0161uj\u00facou a obohacuj\u00facou cestou, ktor\u00e1 otv\u00e1ra nov\u00e9 pr\u00edle\u017eitosti pre osobn\u00fd rast, kult\u00farne sk\u00famanie a profesion\u00e1lny postup. <a href=\"https:\/\/talkpal.ai\/learn-estonian\/\">Est\u00f3n\u010dina<\/a> ako uralsk\u00fd jazyk pon\u00faka jedine\u010dn\u00fd a fascinuj\u00faci jazykov\u00fd z\u00e1\u017eitok pre \u0161tudentov, ktor\u00ed m\u00f4\u017eu by\u0165 lep\u0161ie obozn\u00e1men\u00ed s indoeur\u00f3pskymi jazykmi. V\u010faka svojmu zlo\u017eit\u00e9mu gramatick\u00e9mu syst\u00e9mu a bohatej slovnej z\u00e1sobe predstavuje <a href=\"https:\/\/talkpal.ai\/learn-estonian\/\">est\u00f3n\u010dina<\/a> pre jazykov\u00fdch nad\u0161encov n\u00e1ro\u010dn\u00fa a p\u00fatav\u00fa pr\u00edle\u017eitos\u0165. Ak chcete \u010do najlep\u0161ie vyu\u017ei\u0165 v\u00fdu\u010dbu est\u00f3nskeho jazyka, je nevyhnutn\u00e9 ma\u0165 \u0161trukt\u00farovan\u00fd pr\u00edstup zameran\u00fd na gramatick\u00e9 t\u00e9my v porad\u00ed, ktor\u00e9 v\u00e1m pom\u00f4\u017ee vybudova\u0165 pevn\u00fd z\u00e1klad a postupne rozv\u00edja\u0165 svoje zru\u010dnosti.<\/p>\n\n\n\n<h3 class=\"wp-block-heading\" id=\"h-1-nouns-and-pronouns-determiners\">1. Podstatn\u00e9 men\u00e1 a z\u00e1men\u00e1\/determin\u00e1tory:<\/h3>\n\n\n\n<p>Za\u010dnite t\u00fdm, \u017ee sa nau\u010d\u00edte z\u00e1klady est\u00f3nskych podstatn\u00fdch mien vr\u00e1tane ich sklo\u0148ovania a p\u00e1dov. Zozn\u00e1mte sa so z\u00e1menami a determin\u00e1tormi, ktor\u00e9 maj\u00fa rovnak\u00e9 tvary ako podstatn\u00e9 men\u00e1, preto\u017ee s\u00fa nevyhnutn\u00e9 pre kon\u0161trukciu jednoduch\u00fdch viet.<\/p>\n\n\n\n<h3 class=\"wp-block-heading\" id=\"h-2-adjectives-and-adverbs\">2. Pr\u00eddavn\u00e9 men\u00e1 a pr\u00edslovky:<\/h3>\n\n\n\n<p>Prejdite na pr\u00eddavn\u00e9 men\u00e1, nau\u010dte sa, ako s\u00fahlasia s podstatn\u00fdmi menami, ktor\u00e9 upravuj\u00fa, a ako ich odmietnu\u0165. Pr\u00edslovky, ktor\u00e9 poskytuj\u00fa \u010fal\u0161ie inform\u00e1cie o sloves\u00e1ch, pr\u00eddavn\u00fdch men\u00e1ch a in\u00fdch pr\u00edslovk\u00e1ch, v\u00e1m pom\u00f4\u017eu vytvori\u0165 zlo\u017eitej\u0161ie a opisnej\u0161ie vety.<\/p>\n\n\n\n<h3 class=\"wp-block-heading\" id=\"h-3-verbs\">3. Sloves\u00e1:<\/h3>\n\n\n\n<p>Est\u00f3nske \u010dasovanie slovies m\u00f4\u017ee by\u0165 zlo\u017eit\u00e9, ale je nevyhnutn\u00e9 pre zvl\u00e1dnutie jazyka. \u0160tudujte r\u00f4zne typy slovies, ich \u010dasovacie vzory a r\u00f4zne \u010dasy na vyjadrenie akci\u00ed a udalost\u00ed v s\u00fa\u010dasnosti, minulosti a bud\u00facnosti.<\/p>\n\n\n\n<h3 class=\"wp-block-heading\" id=\"h-4-tenses-and-tense-comparison\">4. Porovnanie nap\u00e4tia a nap\u00e4tia:<\/h3>\n\n\n\n<p>Preh\u013abte svoje ch\u00e1panie \u010dasov porovnan\u00edm ich pou\u017eitia v r\u00f4znych kontextoch. To v\u00e1m pom\u00f4\u017ee zvoli\u0165 vhodn\u00fd \u010das, aby ste presne vyjadrili zam\u00fd\u0161\u013ean\u00fd v\u00fdznam.<\/p>\n\n\n\n<h3 class=\"wp-block-heading\" id=\"h-5-progressive-and-perfect-progressive\">5. Progres\u00edvne a dokonal\u00e9 progres\u00edvne:<\/h3>\n\n\n\n<p>Tieto aspekty est\u00f3nskych slovies vyjadruj\u00fa prebiehaj\u00face alebo nepretr\u017eit\u00e9 akcie. Nau\u010dte sa, ako ich vytv\u00e1ra\u0165 a pou\u017e\u00edva\u0165 na pridanie nuansy do va\u0161ej komunik\u00e1cie.<\/p>\n\n\n\n<h3 class=\"wp-block-heading\" id=\"h-6-articles\">6. \u010cl\u00e1nky:<\/h3>\n\n\n\n<p>Est\u00f3n\u010dina nem\u00e1 ur\u010dit\u00e9 alebo neur\u010dit\u00e9 \u010dl\u00e1nky ako <a href=\"https:\/\/talkpal.ai\/learn-english-with-ai\/\">angli\u010dtina<\/a>, ale je nevyhnutn\u00e9 pochopi\u0165, ako vyjadri\u0165 rovnak\u00fd v\u00fdznam pomocou in\u00fdch jazykov\u00fdch n\u00e1strojov.<\/p>\n\n\n\n<h3 class=\"wp-block-heading\" id=\"h-7-prepositions\">7. Predlo\u017eky:<\/h3>\n\n\n\n<p>Nau\u010dte sa est\u00f3nske predlo\u017eky na vyjadrenie vz\u0165ahov medzi slovami vo vete, ako je poloha, smer a \u010das.<\/p>\n\n\n\n<h3 class=\"wp-block-heading\" id=\"h-8-conditionals\">8. Podmienky:<\/h3>\n\n\n\n<p>Zvl\u00e1dnite podmienen\u00fa n\u00e1ladu na vyjadrenie hypotetick\u00fdch situ\u00e1ci\u00ed alebo akci\u00ed z\u00e1visl\u00fdch od konkr\u00e9tnych podmienok.<\/p>\n\n\n\n<h3 class=\"wp-block-heading\" id=\"h-9-sentences\">9. Vety:<\/h3>\n\n\n\n<p>Nakoniec si precvi\u010dte kon\u0161trukciu r\u00f4znych typov viet &#8211; jednoduch\u00fdch, zlo\u017een\u00fdch a zlo\u017eit\u00fdch &#8211; pomocou v\u0161etk\u00fdch gramatick\u00fdch t\u00e9m, ktor\u00e9 ste sa nau\u010dili. To v\u00e1m pom\u00f4\u017ee sta\u0165 sa plynulej\u0161\u00edm a sebavedomej\u0161\u00edm vo svojich est\u00f3nskych komunika\u010dn\u00fdch schopnostiach.<\/p>\n<\/div><\/div>\n\r\n<section class=\"learnNavigationSection\">\r\n            \r\n        <a href=\"https:\/\/talkpal.ai\/sk\/naucte-sa-estonsky\/\">\r\n            <div class=\"learnNavigationWrapper\">\r\n                <div class=\"learnNavigationContent\">\r\n                    <img decoding=\"async\" src=\"https:\/\/talkpal.ai\/wp-content\/uploads\/2024\/08\/Estonian.jpg\" alt=\"Estonian Flag\">\r\n                    <div>\r\n                        <h4>O \u0161t\u00fadiu est\u00f3n\u010diny<\/h4>\r\n                        <p>Zistite v\u0161etko o est\u00f3nskej gramatike.<\/p>\r\n                    <\/div>\r\n                <\/div>\r\n            <\/div>\r\n        <\/a>\r\n\r\n        \r\n        <a href=\"https:\/\/talkpal.ai\/sk\/estonska-gramatika\/\">\r\n            <div class=\"learnNavigationWrapper\">\r\n                <div class=\"learnNavigationContent\">\r\n                    <img decoding=\"async\" src=\"https:\/\/talkpal.ai\/wp-content\/uploads\/2024\/08\/Estonian.jpg\" alt=\"Estonian Flag\">\r\n                    <div>\r\n                        <h4>Lekcie est\u00f3nskej gramatiky<\/h4>\r\n                        <p>Precvi\u010dte si est\u00f3nsku gramatiku.<\/p>\r\n                    <\/div>\r\n                <\/div>\r\n            <\/div>\r\n        <\/a>\r\n\r\n        \r\n        <a href=\"https:\/\/talkpal.ai\/vocabulary_language\/estonian\/\">\r\n            <div class=\"learnNavigationWrapper\">\r\n                <div class=\"learnNavigationContent\">\r\n                    <img decoding=\"async\" src=\"https:\/\/talkpal.ai\/wp-content\/uploads\/2024\/08\/Estonian.jpg\" alt=\"Estonian Flag\">\r\n                    <div>\r\n                        <h4>Est\u00f3nska slovn\u00e1 z\u00e1soba<\/h4>\r\n                        <p>Roz\u0161\u00edrte si slovn\u00fa z\u00e1sobu est\u00f3n\u010diny.<\/p>\r\n                    <\/div>\r\n                <\/div>\r\n            <\/div>\r\n        <\/a>\r\n\r\n            <\/section>","protected":false},"excerpt":{"rendered":"<p>T\u00e9my est\u00f3nskej gramatiky U\u010denie sa nov\u00e9ho jazyka m\u00f4\u017ee by\u0165 vzru\u0161uj\u00facou a obohacuj\u00facou cestou, ktor\u00e1 otv\u00e1ra nov\u00e9 pr\u00edle\u017eitosti pre osobn\u00fd rast, kult\u00farne sk\u00famanie a profesion\u00e1lny postup. Est\u00f3n\u010dina ako uralsk\u00fd jazyk pon\u00faka jedine\u010dn\u00fd a fascinuj\u00faci jazykov\u00fd z\u00e1\u017eitok pre \u0161tudentov, ktor\u00ed m\u00f4\u017eu by\u0165 lep\u0161ie obozn\u00e1men\u00ed s indoeur\u00f3pskymi jazykmi. V\u010faka svojmu zlo\u017eit\u00e9mu gramatick\u00e9mu syst\u00e9mu a bohatej slovnej z\u00e1sobe predstavuje [&hellip;]<\/p>\n","protected":false},"author":6,"featured_media":112404,"parent":0,"menu_order":0,"comment_status":"closed","ping_status":"closed","template":"LearningContentPage.php","meta":{"_acf_changed":false,"footnotes":""},"class_list":["post-163007","page","type-page","status-publish","has-post-thumbnail","hentry"],"acf":[],"yoast_head":"<!-- This site is optimized with the Yoast SEO Premium plugin v27.2 (Yoast SEO v27.2) - https:\/\/yoast.com\/product\/yoast-seo-premium-wordpress\/ -->\n<title>Est\u00f3nske gramatick\u00e9 cvi\u010denia - Talkpal<\/title>\n<meta name=\"description\" content=\"Precvi\u010dte si est\u00f3nsku gramatiku pomocou interakt\u00edvnych cvi\u010den\u00ed navrhnut\u00fdch tak, aby ste r\u00fdchlo a efekt\u00edvne zlep\u0161ili svoje jazykov\u00e9 zru\u010dnosti.\" \/>\n<meta name=\"robots\" content=\"index, follow, max-snippet:-1, max-image-preview:large, max-video-preview:-1\" \/>\n<link rel=\"canonical\" href=\"https:\/\/talkpal.ai\/sk\/estonske-gramaticke-cvicenia\/\" \/>\n<meta property=\"og:locale\" content=\"sk_SK\" \/>\n<meta property=\"og:type\" content=\"article\" \/>\n<meta property=\"og:title\" content=\"Est\u00f3nske gramatick\u00e9 cvi\u010denia\" \/>\n<meta property=\"og:description\" content=\"T\u00e9my est\u00f3nskej gramatiky U\u010denie sa nov\u00e9ho jazyka m\u00f4\u017ee by\u0165 vzru\u0161uj\u00facou a obohacuj\u00facou cestou, ktor\u00e1 otv\u00e1ra nov\u00e9 pr\u00edle\u017eitosti pre osobn\u00fd rast, kult\u00farne\" \/>\n<meta property=\"og:url\" content=\"https:\/\/talkpal.ai\/sk\/estonske-gramaticke-cvicenia\/\" \/>\n<meta property=\"og:site_name\" content=\"Talkpal\" \/>\n<meta property=\"article:publisher\" content=\"https:\/\/www.facebook.com\/profile.php?id=100090733639311\" \/>\n<meta property=\"article:modified_time\" content=\"2025-12-17T15:57:15+00:00\" \/>\n<meta property=\"og:image\" content=\"https:\/\/talkpal.ai\/wp-content\/uploads\/2023\/05\/estonia.png\" \/>\n\t<meta property=\"og:image:width\" content=\"512\" \/>\n\t<meta property=\"og:image:height\" content=\"512\" \/>\n\t<meta property=\"og:image:type\" content=\"image\/png\" \/>\n<meta name=\"twitter:card\" content=\"summary_large_image\" \/>\n<meta name=\"twitter:site\" content=\"@talkpalai\" \/>\n<meta name=\"twitter:label1\" content=\"Predpokladan\u00fd \u010das \u010d\u00edtania\" \/>\n\t<meta name=\"twitter:data1\" content=\"3 min\u00faty\" \/>\n<script type=\"application\/ld+json\" class=\"yoast-schema-graph\">{\"@context\":\"https:\/\/schema.org\",\"@graph\":[{\"@type\":\"WebPage\",\"@id\":\"https:\/\/talkpal.ai\/sk\/estonske-gramaticke-cvicenia\/\",\"url\":\"https:\/\/talkpal.ai\/sk\/estonske-gramaticke-cvicenia\/\",\"name\":\"Est\u00f3nske gramatick\u00e9 cvi\u010denia - Talkpal\",\"isPartOf\":{\"@id\":\"https:\/\/talkpal.ai\/sk\/#website\"},\"primaryImageOfPage\":{\"@id\":\"https:\/\/talkpal.ai\/sk\/estonske-gramaticke-cvicenia\/#primaryimage\"},\"image\":{\"@id\":\"https:\/\/talkpal.ai\/sk\/estonske-gramaticke-cvicenia\/#primaryimage\"},\"thumbnailUrl\":\"https:\/\/talkpal.ai\/wp-content\/uploads\/2023\/05\/estonia.png\",\"datePublished\":\"2023-06-16T13:25:56+00:00\",\"dateModified\":\"2025-12-17T15:57:15+00:00\",\"description\":\"Precvi\u010dte si est\u00f3nsku gramatiku pomocou interakt\u00edvnych cvi\u010den\u00ed navrhnut\u00fdch tak, aby ste r\u00fdchlo a efekt\u00edvne zlep\u0161ili svoje jazykov\u00e9 zru\u010dnosti.\",\"breadcrumb\":{\"@id\":\"https:\/\/talkpal.ai\/sk\/estonske-gramaticke-cvicenia\/#breadcrumb\"},\"inLanguage\":\"sk-SK\",\"potentialAction\":[{\"@type\":\"ReadAction\",\"target\":[\"https:\/\/talkpal.ai\/sk\/estonske-gramaticke-cvicenia\/\"]}]},{\"@type\":\"ImageObject\",\"inLanguage\":\"sk-SK\",\"@id\":\"https:\/\/talkpal.ai\/sk\/estonske-gramaticke-cvicenia\/#primaryimage\",\"url\":\"https:\/\/talkpal.ai\/wp-content\/uploads\/2023\/05\/estonia.png\",\"contentUrl\":\"https:\/\/talkpal.ai\/wp-content\/uploads\/2023\/05\/estonia.png\",\"width\":512,\"height\":512},{\"@type\":\"BreadcrumbList\",\"@id\":\"https:\/\/talkpal.ai\/sk\/estonske-gramaticke-cvicenia\/#breadcrumb\",\"itemListElement\":[{\"@type\":\"ListItem\",\"position\":1,\"name\":\"Homepage\",\"item\":\"https:\/\/talkpal.ai\/sk\/\"},{\"@type\":\"ListItem\",\"position\":2,\"name\":\"Est\u00f3nske gramatick\u00e9 cvi\u010denia\"}]},{\"@type\":\"WebSite\",\"@id\":\"https:\/\/talkpal.ai\/sk\/#website\",\"url\":\"https:\/\/talkpal.ai\/sk\/\",\"name\":\"Talkpal\",\"description\":\"AI Language Learning\",\"publisher\":{\"@id\":\"https:\/\/talkpal.ai\/sk\/#organization\"},\"alternateName\":\"Talkpal AI\",\"potentialAction\":[{\"@type\":\"SearchAction\",\"target\":{\"@type\":\"EntryPoint\",\"urlTemplate\":\"https:\/\/talkpal.ai\/sk\/?s={search_term_string}\"},\"query-input\":{\"@type\":\"PropertyValueSpecification\",\"valueRequired\":true,\"valueName\":\"search_term_string\"}}],\"inLanguage\":\"sk-SK\"},{\"@type\":\"Organization\",\"@id\":\"https:\/\/talkpal.ai\/sk\/#organization\",\"name\":\"Talkpal, Inc.\",\"alternateName\":\"Talkpal AI\",\"url\":\"https:\/\/talkpal.ai\/sk\/\",\"logo\":{\"@type\":\"ImageObject\",\"inLanguage\":\"sk-SK\",\"@id\":\"https:\/\/talkpal.ai\/sk\/#\/schema\/logo\/image\/\",\"url\":\"https:\/\/talkpal.ai\/wp-content\/uploads\/2024\/03\/Talkpal-Logo-Icon.png\",\"contentUrl\":\"https:\/\/talkpal.ai\/wp-content\/uploads\/2024\/03\/Talkpal-Logo-Icon.png\",\"width\":2880,\"height\":2880,\"caption\":\"Talkpal, Inc.\"},\"image\":{\"@id\":\"https:\/\/talkpal.ai\/sk\/#\/schema\/logo\/image\/\"},\"sameAs\":[\"https:\/\/www.facebook.com\/profile.php?id=100090733639311\",\"https:\/\/x.com\/talkpalai\",\"https:\/\/www.linkedin.com\/company\/talkpal\/\",\"https:\/\/www.youtube.com\/@TalkPal\/\",\"https:\/\/www.tiktok.com\/@talkpal\",\"https:\/\/www.instagram.com\/talkpal_ai\/\",\"https:\/\/www.crunchbase.com\/organization\/talkpal-9cde\",\"https:\/\/www.g2.com\/products\/talkpal-for-business\/\",\"https:\/\/www.trustpilot.com\/review\/talkpal.ai\",\"https:\/\/www.capterra.com\/p\/10006800\/TalkPal\/\"],\"description\":\"Talkpal is a language learning web and mobile education app, powered by the latest AI technologies, that provides engaging experiences to its customers in many different languages to help them improve their language skills. Users can chat about unlimited amount of topics with the app and use other modes to practice their language learning.\",\"email\":\"support@talkpal.ai\",\"legalName\":\"Talkpal, Inc.\",\"foundingDate\":\"2023-04-03\",\"duns\":\"118989042\",\"numberOfEmployees\":{\"@type\":\"QuantitativeValue\",\"minValue\":\"11\",\"maxValue\":\"50\"},\"publishingPrinciples\":\"https:\/\/talkpal.ai\/publishing-principles\/\",\"actionableFeedbackPolicy\":\"https:\/\/talkpal.ai\/actionable-feedback-policy\/\",\"correctionsPolicy\":\"https:\/\/talkpal.ai\/corrections-policy\/\",\"ethicsPolicy\":\"https:\/\/talkpal.ai\/ethics-policy\/\",\"diversityPolicy\":\"https:\/\/talkpal.ai\/diversity-policy\/\",\"diversityStaffingReport\":\"https:\/\/talkpal.ai\/diversity-policy\/\"}]}<\/script>\n<!-- \/ Yoast SEO Premium plugin. -->","yoast_head_json":{"title":"Est\u00f3nske gramatick\u00e9 cvi\u010denia - Talkpal","description":"Precvi\u010dte si est\u00f3nsku gramatiku pomocou interakt\u00edvnych cvi\u010den\u00ed navrhnut\u00fdch tak, aby ste r\u00fdchlo a efekt\u00edvne zlep\u0161ili svoje jazykov\u00e9 zru\u010dnosti.","robots":{"index":"index","follow":"follow","max-snippet":"max-snippet:-1","max-image-preview":"max-image-preview:large","max-video-preview":"max-video-preview:-1"},"canonical":"https:\/\/talkpal.ai\/sk\/estonske-gramaticke-cvicenia\/","og_locale":"sk_SK","og_type":"article","og_title":"Est\u00f3nske gramatick\u00e9 cvi\u010denia","og_description":"T\u00e9my est\u00f3nskej gramatiky U\u010denie sa nov\u00e9ho jazyka m\u00f4\u017ee by\u0165 vzru\u0161uj\u00facou a obohacuj\u00facou cestou, ktor\u00e1 otv\u00e1ra nov\u00e9 pr\u00edle\u017eitosti pre osobn\u00fd rast, kult\u00farne","og_url":"https:\/\/talkpal.ai\/sk\/estonske-gramaticke-cvicenia\/","og_site_name":"Talkpal","article_publisher":"https:\/\/www.facebook.com\/profile.php?id=100090733639311","article_modified_time":"2025-12-17T15:57:15+00:00","og_image":[{"width":512,"height":512,"url":"https:\/\/talkpal.ai\/wp-content\/uploads\/2023\/05\/estonia.png","type":"image\/png"}],"twitter_card":"summary_large_image","twitter_site":"@talkpalai","twitter_misc":{"Predpokladan\u00fd \u010das \u010d\u00edtania":"3 min\u00faty"},"schema":{"@context":"https:\/\/schema.org","@graph":[{"@type":"WebPage","@id":"https:\/\/talkpal.ai\/sk\/estonske-gramaticke-cvicenia\/","url":"https:\/\/talkpal.ai\/sk\/estonske-gramaticke-cvicenia\/","name":"Est\u00f3nske gramatick\u00e9 cvi\u010denia - Talkpal","isPartOf":{"@id":"https:\/\/talkpal.ai\/sk\/#website"},"primaryImageOfPage":{"@id":"https:\/\/talkpal.ai\/sk\/estonske-gramaticke-cvicenia\/#primaryimage"},"image":{"@id":"https:\/\/talkpal.ai\/sk\/estonske-gramaticke-cvicenia\/#primaryimage"},"thumbnailUrl":"https:\/\/talkpal.ai\/wp-content\/uploads\/2023\/05\/estonia.png","datePublished":"2023-06-16T13:25:56+00:00","dateModified":"2025-12-17T15:57:15+00:00","description":"Precvi\u010dte si est\u00f3nsku gramatiku pomocou interakt\u00edvnych cvi\u010den\u00ed navrhnut\u00fdch tak, aby ste r\u00fdchlo a efekt\u00edvne zlep\u0161ili svoje jazykov\u00e9 zru\u010dnosti.","breadcrumb":{"@id":"https:\/\/talkpal.ai\/sk\/estonske-gramaticke-cvicenia\/#breadcrumb"},"inLanguage":"sk-SK","potentialAction":[{"@type":"ReadAction","target":["https:\/\/talkpal.ai\/sk\/estonske-gramaticke-cvicenia\/"]}]},{"@type":"ImageObject","inLanguage":"sk-SK","@id":"https:\/\/talkpal.ai\/sk\/estonske-gramaticke-cvicenia\/#primaryimage","url":"https:\/\/talkpal.ai\/wp-content\/uploads\/2023\/05\/estonia.png","contentUrl":"https:\/\/talkpal.ai\/wp-content\/uploads\/2023\/05\/estonia.png","width":512,"height":512},{"@type":"BreadcrumbList","@id":"https:\/\/talkpal.ai\/sk\/estonske-gramaticke-cvicenia\/#breadcrumb","itemListElement":[{"@type":"ListItem","position":1,"name":"Homepage","item":"https:\/\/talkpal.ai\/sk\/"},{"@type":"ListItem","position":2,"name":"Est\u00f3nske gramatick\u00e9 cvi\u010denia"}]},{"@type":"WebSite","@id":"https:\/\/talkpal.ai\/sk\/#website","url":"https:\/\/talkpal.ai\/sk\/","name":"Talkpal","description":"AI Language Learning","publisher":{"@id":"https:\/\/talkpal.ai\/sk\/#organization"},"alternateName":"Talkpal AI","potentialAction":[{"@type":"SearchAction","target":{"@type":"EntryPoint","urlTemplate":"https:\/\/talkpal.ai\/sk\/?s={search_term_string}"},"query-input":{"@type":"PropertyValueSpecification","valueRequired":true,"valueName":"search_term_string"}}],"inLanguage":"sk-SK"},{"@type":"Organization","@id":"https:\/\/talkpal.ai\/sk\/#organization","name":"Talkpal, Inc.","alternateName":"Talkpal AI","url":"https:\/\/talkpal.ai\/sk\/","logo":{"@type":"ImageObject","inLanguage":"sk-SK","@id":"https:\/\/talkpal.ai\/sk\/#\/schema\/logo\/image\/","url":"https:\/\/talkpal.ai\/wp-content\/uploads\/2024\/03\/Talkpal-Logo-Icon.png","contentUrl":"https:\/\/talkpal.ai\/wp-content\/uploads\/2024\/03\/Talkpal-Logo-Icon.png","width":2880,"height":2880,"caption":"Talkpal, Inc."},"image":{"@id":"https:\/\/talkpal.ai\/sk\/#\/schema\/logo\/image\/"},"sameAs":["https:\/\/www.facebook.com\/profile.php?id=100090733639311","https:\/\/x.com\/talkpalai","https:\/\/www.linkedin.com\/company\/talkpal\/","https:\/\/www.youtube.com\/@TalkPal\/","https:\/\/www.tiktok.com\/@talkpal","https:\/\/www.instagram.com\/talkpal_ai\/","https:\/\/www.crunchbase.com\/organization\/talkpal-9cde","https:\/\/www.g2.com\/products\/talkpal-for-business\/","https:\/\/www.trustpilot.com\/review\/talkpal.ai","https:\/\/www.capterra.com\/p\/10006800\/TalkPal\/"],"description":"Talkpal is a language learning web and mobile education app, powered by the latest AI technologies, that provides engaging experiences to its customers in many different languages to help them improve their language skills. Users can chat about unlimited amount of topics with the app and use other modes to practice their language learning.","email":"support@talkpal.ai","legalName":"Talkpal, Inc.","foundingDate":"2023-04-03","duns":"118989042","numberOfEmployees":{"@type":"QuantitativeValue","minValue":"11","maxValue":"50"},"publishingPrinciples":"https:\/\/talkpal.ai\/publishing-principles\/","actionableFeedbackPolicy":"https:\/\/talkpal.ai\/actionable-feedback-policy\/","correctionsPolicy":"https:\/\/talkpal.ai\/corrections-policy\/","ethicsPolicy":"https:\/\/talkpal.ai\/ethics-policy\/","diversityPolicy":"https:\/\/talkpal.ai\/diversity-policy\/","diversityStaffingReport":"https:\/\/talkpal.ai\/diversity-policy\/"}]}},"_links":{"self":[{"href":"https:\/\/talkpal.ai\/sk\/wp-json\/wp\/v2\/pages\/163007","targetHints":{"allow":["GET"]}}],"collection":[{"href":"https:\/\/talkpal.ai\/sk\/wp-json\/wp\/v2\/pages"}],"about":[{"href":"https:\/\/talkpal.ai\/sk\/wp-json\/wp\/v2\/types\/page"}],"author":[{"embeddable":true,"href":"https:\/\/talkpal.ai\/sk\/wp-json\/wp\/v2\/users\/6"}],"replies":[{"embeddable":true,"href":"https:\/\/talkpal.ai\/sk\/wp-json\/wp\/v2\/comments?post=163007"}],"version-history":[{"count":0,"href":"https:\/\/talkpal.ai\/sk\/wp-json\/wp\/v2\/pages\/163007\/revisions"}],"wp:featuredmedia":[{"embeddable":true,"href":"https:\/\/talkpal.ai\/sk\/wp-json\/wp\/v2\/media\/112404"}],"wp:attachment":[{"href":"https:\/\/talkpal.ai\/sk\/wp-json\/wp\/v2\/media?parent=163007"}],"curies":[{"name":"wp","href":"https:\/\/api.w.org\/{rel}","templated":true}]}}