{"id":162725,"date":"2023-06-21T14:01:18","date_gmt":"2023-06-21T14:01:18","guid":{"rendered":"http:\/\/talkpal.ai\/galicijske-gramaticke-cvicenia\/"},"modified":"2025-12-17T15:59:23","modified_gmt":"2025-12-17T15:59:23","slug":"galicijske-gramaticke-cvicenia","status":"publish","type":"page","link":"https:\/\/talkpal.ai\/sk\/galicijske-gramaticke-cvicenia\/","title":{"rendered":"Gal\u00edcijsk\u00e9 gramatick\u00e9 cvi\u010denia"},"content":{"rendered":"\r\n\r\n\r\n<section class=\"languageChallengeSection\">\r\n    <div class=\"languageInfoWrapper\">\r\n        \r\n        <h1>Gal\u00edcijsk\u00e9 gramatick\u00e9 cvi\u010denia<\/h1>\r\n        <p>Chcete si zlep\u0161i\u0165 svoje znalosti gal\u00edcijsk\u00e9ho jazyka? Precvi\u010dovanie gramatick\u00fdch cvi\u010den\u00ed je skvel\u00fd sp\u00f4sob, ako si osvoji\u0165 \u0161trukt\u00faru viet, slovesn\u00e9 tvary a charakteristick\u00e9 \u010drty gal\u00edcij\u010diny. Za\u010dnite pracova\u0165 na gal\u00edcijskej gramatike e\u0161te dnes a sledujte, ako va\u0161e porozumenie a sebad\u00f4vera rast\u00fa s ka\u017ed\u00fdm cvi\u010den\u00edm!<\/p>\r\n\r\n                            <a class=\"getStartedHidden\" href=\"https:\/\/app.talkpal.ai\/sk\/signup?lng=\">Za\u010dni<\/a>\r\n        \r\n    <\/div>\r\n\r\n    <figure>\r\n    <img decoding=\"async\" width=\"768\" height=\"768\" src=\"https:\/\/talkpal.ai\/wp-content\/uploads\/2023\/06\/galician-768x768.png\" class=\"languageImage no-lazy\" alt=\"Language immersion powerful learning method\" fetchpriority=\"high\" sizes=\"(max-width: 768px) 150px, 768px\" srcset=\"https:\/\/talkpal.ai\/wp-content\/uploads\/2023\/06\/galician-768x768.png 768w, https:\/\/talkpal.ai\/wp-content\/uploads\/2023\/06\/galician-300x300.png 300w\" \/>\r\n    \r\n\r\n    <\/figure>\r\n\r\n            <a class=\"getStartedVisible\" href=\"https:\/\/app.talkpal.ai\/sk\/signup?lng=\">Za\u010dni<\/a>\r\n    \r\n<\/section>\r\n\r\n\r\n<!-- <section class=\"grammarSection\">\r\n    <div class=\"grammarLinks\">\r\n            <\/div>\r\n<\/section> -->\r\n\r\n\r\n\r\n\r\n<section class=\"promotionalBanner\">\r\n    <p class=\"promotionalText\">Najefekt\u00edvnej\u0161\u00ed sp\u00f4sob, ako sa nau\u010di\u0165 jazyk<\/p>\r\n    <a class=\"promotionalLink\" href=\"https:\/\/app.talkpal.ai\/sk\/signup?lng=\">Vysk\u00fa\u0161ajte Talkpal zadarmo<\/a>\r\n<\/section>\n<div class=\"wp-block-group pageContainerStyle\"><div class=\"wp-block-group__inner-container is-layout-constrained wp-block-group-is-layout-constrained\">\n<h2 class=\"wp-block-heading\" id=\"h-galician-grammar-topics\">T\u00e9my gal\u00edcijskej gramatiky<\/h2>\n\n\n\n<p><a href=\"https:\/\/talkpal.ai\/galician-grammar\/\">Gal\u00edcijsk\u00e1 gramatika<\/a> je \u0161t\u00fadium jazykovej \u0161trukt\u00fary, pravidiel a zlo\u017eiek gal\u00edcijsk\u00e9ho jazyka, rom\u00e1nskeho jazyka, ktor\u00fdm sa hovor\u00ed v auton\u00f3mnom spolo\u010denstve Gal\u00edcia v severoz\u00e1padnom \u0160panielsku. Gal\u00edcijsk\u00e1 gramatika, ktor\u00e1 zdie\u013ea \u00fazky vz\u0165ah s portugal\u010dinou, pozost\u00e1va z r\u00f4znych prvkov, ktor\u00e9 pom\u00e1haj\u00fa pri formovan\u00ed a porozumen\u00ed jazyka, ako je \u010dasovanie slovies, podstatn\u00e9 meno a dohoda pr\u00eddavn\u00fdch mien a pou\u017e\u00edvanie \u010dl\u00e1nkov, z\u00e1men, pr\u00edsloviek a predlo\u017eiek. U\u010denie gal\u00edcijskej gramatiky \u0161trukt\u00farovan\u00fdm sp\u00f4sobom zabezpe\u010d\u00ed hladk\u00fd a efekt\u00edvny proces u\u010denia a z\u00e1rove\u0148 poskytne hlbok\u00e9 pochopenie tohto bohat\u00e9ho a \u017eiv\u00e9ho jazyka.<\/p>\n\n\n\n<h3 class=\"wp-block-heading\" id=\"h-1-nouns\">1. Podstatn\u00e9 men\u00e1:<\/h3>\n\n\n\n<p>Za\u010dnite pochopen\u00edm pojmu podstatn\u00e9 men\u00e1 v gal\u00edcij\u010dine, ktor\u00e9 s\u00fa rozdelen\u00e9 do dvoch rodov (mu\u017esk\u00e9ho a \u017eensk\u00e9ho) a m\u00f4\u017eu by\u0165 jednotn\u00e9 alebo mno\u017en\u00e9 \u010d\u00edslo. Nau\u010dte sa, ako ich spr\u00e1vne identifikova\u0165 a pou\u017e\u00edva\u0165 vo vet\u00e1ch.<\/p>\n\n\n\n<h3 class=\"wp-block-heading\" id=\"h-2-articles\">2. \u010cl\u00e1nky:<\/h3>\n\n\n\n<p>Pre\u0161tudujte si ur\u010dit\u00e9 a neur\u010dit\u00e9 \u010dl\u00e1nky v gal\u00edcij\u010dine, ktor\u00e9 sa zhoduj\u00fa v pohlav\u00ed a po\u010dte s podstatn\u00fdmi menami, ktor\u00e9 sprev\u00e1dzaj\u00fa. To pom\u00f4\u017ee efekt\u00edvnej\u0161ie vytv\u00e1ra\u0165 fr\u00e1zy a z\u00e1kladn\u00e9 vety.<\/p>\n\n\n\n<h3 class=\"wp-block-heading\" id=\"h-3-adjectives\">3. Pr\u00eddavn\u00e9 men\u00e1:<\/h3>\n\n\n\n<p>Z\u00edskajte inform\u00e1cie o pr\u00eddavn\u00fdch men\u00e1ch v gal\u00edcij\u010dine, ktor\u00e9 sa v rode a \u010d\u00edsle zhoduj\u00fa s podstatn\u00fdmi menami, ktor\u00e9 upravuj\u00fa. Pochopenie pravidiel umiestnenia a dohody v\u00e1m umo\u017en\u00ed presne op\u00edsa\u0165 objekty a \u013eud\u00ed.<\/p>\n\n\n\n<h3 class=\"wp-block-heading\" id=\"h-4-pronouns-determiners\">4. Z\u00e1men\u00e1\/determin\u00e1tory:<\/h3>\n\n\n\n<p>\u0160tudujte r\u00f4zne typy z\u00e1men a determin\u00e1torov v gal\u00edcij\u010dine, ktor\u00e9 m\u00f4\u017eu nahradi\u0165 alebo ozna\u010di\u0165 podstatn\u00e9 men\u00e1 vo vete. Patria sem okrem in\u00e9ho osobn\u00e9, demon\u0161trat\u00edvne, privlast\u0148ovacie a opytovacie z\u00e1men\u00e1.<\/p>\n\n\n\n<h3 class=\"wp-block-heading\" id=\"h-5-verbs\">5. Sloves\u00e1:<\/h3>\n\n\n\n<p>Zamerajte sa na \u010dasovanie slovies, ktor\u00e9 je k\u013e\u00fa\u010dov\u00fdm aspektom gal\u00edcijskej gramatiky. Nau\u010dte sa r\u00f4zne \u010dasy a n\u00e1lady a precvi\u010dte si \u010dasovanie pravideln\u00fdch a nepravideln\u00fdch slovies.<\/p>\n\n\n\n<h3 class=\"wp-block-heading\" id=\"h-6-tense-comparison\">6. Nap\u00e4t\u00e9 porovnanie:<\/h3>\n\n\n\n<p>Pochopte rozdiely medzi r\u00f4znymi \u010dasmi v gal\u00edcij\u010dine a nau\u010dte sa, ako ich spr\u00e1vne pou\u017e\u00edva\u0165 na vyjadrenie vhodn\u00e9ho \u010dasov\u00e9ho odkazu vo va\u0161om prejave alebo p\u00edsan\u00ed.<\/p>\n\n\n\n<h3 class=\"wp-block-heading\" id=\"h-7-progressive\">7. Progres\u00edvne:<\/h3>\n\n\n\n<p>Pre\u0161tudujte si progres\u00edvny aspekt v gal\u00edcij\u010dine, ktor\u00fd nazna\u010duje prebiehaj\u00facu akciu, a nau\u010dte sa, ako ho formova\u0165 a pou\u017e\u00edva\u0165 v r\u00f4znych \u010dasoch.<\/p>\n\n\n\n<h3 class=\"wp-block-heading\" id=\"h-8-perfect-progressive\">8. Perfektne progres\u00edvne:<\/h3>\n\n\n\n<p>Z\u00edskajte inform\u00e1cie o dokonalom progres\u00edvnom aspekte, ktor\u00fd kombinuje dokonal\u00e9 a progres\u00edvne aspekty na vyjadrenie akcie, ktor\u00e1 prebiehala a m\u00f4\u017ee pokra\u010dova\u0165 aj v bud\u00facnosti.<\/p>\n\n\n\n<h3 class=\"wp-block-heading\" id=\"h-9-adverbs\">9. Pr\u00edslovky:<\/h3>\n\n\n\n<p>Presk\u00famajte gal\u00edcijsk\u00e9 pr\u00edslovky, ktor\u00e9 poskytuj\u00fa \u010fal\u0161ie inform\u00e1cie o sloves\u00e1ch, pr\u00eddavn\u00fdch men\u00e1ch alebo in\u00fdch pr\u00edslovk\u00e1ch. Nau\u010dte sa r\u00f4zne typy a pravidl\u00e1 ich umiestnenia vo vet\u00e1ch.<\/p>\n\n\n\n<h3 class=\"wp-block-heading\" id=\"h-10-prepositions\">10. Predlo\u017eky:<\/h3>\n\n\n\n<p>\u0160tudujte r\u00f4zne predlo\u017eky v gal\u00edcij\u010dine, ktor\u00e9 ukazuj\u00fa vz\u0165ah medzi prvkami vo vete, ako je miesto, smer, \u010das alebo pr\u00ed\u010dina.<\/p>\n\n\n\n<h3 class=\"wp-block-heading\" id=\"h-11-conditionals\">11. Podmienky:<\/h3>\n\n\n\n<p>Z\u00edskajte inform\u00e1cie o podmienen\u00fdch vet\u00e1ch v gal\u00edcij\u010dine, ktor\u00e9 vyjadruj\u00fa hypotetick\u00e9 alebo neskuto\u010dn\u00e9 situ\u00e1cie a ich d\u00f4sledky. \u0160tudujte tvorbu a pou\u017e\u00edvanie r\u00f4znych typov kondicion\u00e1lov.<\/p>\n\n\n\n<h3 class=\"wp-block-heading\" id=\"h-12-sentences\">12. Vety:<\/h3>\n\n\n\n<p>Nakoniec, precvi\u010dte si kombin\u00e1ciu v\u0161etk\u00fdch predt\u00fdm nau\u010den\u00fdch gramatick\u00fdch zlo\u017eiek na vytvorenie jednoduch\u00fdch a zlo\u017eit\u00fdch viet v gal\u00edcij\u010dine. To pom\u00f4\u017ee posilni\u0165 va\u0161e porozumenie jazyka a vybudova\u0165 va\u0161u plynulos\u0165.<\/p>\n<\/div><\/div>\n\r\n<section class=\"learnNavigationSection\">\r\n            \r\n        <a href=\"https:\/\/talkpal.ai\/sk\/naucte-sa-galicijsky\/\">\r\n            <div class=\"learnNavigationWrapper\">\r\n                <div class=\"learnNavigationContent\">\r\n                    <img decoding=\"async\" src=\"https:\/\/talkpal.ai\/wp-content\/uploads\/2024\/08\/Galician.jpg\" alt=\"Galicia Flag\">\r\n                    <div>\r\n                        <h4>O gal\u00edcijskom vzdel\u00e1van\u00ed<\/h4>\r\n                        <p>Zistite v\u0161etko o gal\u00edcijskej gramatike.<\/p>\r\n                    <\/div>\r\n                <\/div>\r\n            <\/div>\r\n        <\/a>\r\n\r\n        \r\n        <a href=\"https:\/\/talkpal.ai\/sk\/galicijska-gramatika\/\">\r\n            <div class=\"learnNavigationWrapper\">\r\n                <div class=\"learnNavigationContent\">\r\n                    <img decoding=\"async\" src=\"https:\/\/talkpal.ai\/wp-content\/uploads\/2024\/08\/Galician.jpg\" alt=\"Galicia Flag\">\r\n                    <div>\r\n                        <h4>Lekcie gal\u00edcijskej gramatiky<\/h4>\r\n                        <p>Precvi\u010dte si gal\u00edcijsk\u00fa gramatiku.<\/p>\r\n                    <\/div>\r\n                <\/div>\r\n            <\/div>\r\n        <\/a>\r\n\r\n        \r\n        <a href=\"https:\/\/talkpal.ai\/vocabulary_language\/galician\/\">\r\n            <div class=\"learnNavigationWrapper\">\r\n                <div class=\"learnNavigationContent\">\r\n                    <img decoding=\"async\" src=\"https:\/\/talkpal.ai\/wp-content\/uploads\/2024\/08\/Galician.jpg\" alt=\"Galicia Flag\">\r\n                    <div>\r\n                        <h4>Slovn\u00e1 z\u00e1soba gal\u00edcij\u010diny<\/h4>\r\n                        <p>Roz\u0161\u00edrte si slovn\u00fa z\u00e1sobu gal\u00edcij\u010diny.<\/p>\r\n                    <\/div>\r\n                <\/div>\r\n            <\/div>\r\n        <\/a>\r\n\r\n            <\/section>","protected":false},"excerpt":{"rendered":"<p>T\u00e9my gal\u00edcijskej gramatiky Gal\u00edcijsk\u00e1 gramatika je \u0161t\u00fadium jazykovej \u0161trukt\u00fary, pravidiel a zlo\u017eiek gal\u00edcijsk\u00e9ho jazyka, rom\u00e1nskeho jazyka, ktor\u00fdm sa hovor\u00ed v auton\u00f3mnom spolo\u010denstve Gal\u00edcia v severoz\u00e1padnom \u0160panielsku. Gal\u00edcijsk\u00e1 gramatika, ktor\u00e1 zdie\u013ea \u00fazky vz\u0165ah s portugal\u010dinou, pozost\u00e1va z r\u00f4znych prvkov, ktor\u00e9 pom\u00e1haj\u00fa pri formovan\u00ed a porozumen\u00ed jazyka, ako je \u010dasovanie slovies, podstatn\u00e9 meno a dohoda pr\u00eddavn\u00fdch mien [&hellip;]<\/p>\n","protected":false},"author":6,"featured_media":111917,"parent":0,"menu_order":0,"comment_status":"closed","ping_status":"closed","template":"LearningContentPage.php","meta":{"_acf_changed":false,"footnotes":""},"class_list":["post-162725","page","type-page","status-publish","has-post-thumbnail","hentry"],"acf":[],"yoast_head":"<!-- This site is optimized with the Yoast SEO Premium plugin v27.2 (Yoast SEO v27.2) - https:\/\/yoast.com\/product\/yoast-seo-premium-wordpress\/ -->\n<title>Gal\u00edcijsk\u00e9 gramatick\u00e9 cvi\u010denia - Talkpal<\/title>\n<meta name=\"description\" content=\"Jednoduch\u00e9 precvi\u010dovanie gal\u00edcijskej gramatiky - r\u00fdchle zlep\u0161enie, zapojenie sa do preh\u013eadn\u00fdch interakt\u00edvnych cvi\u010den\u00ed a z\u00edskanie jazykovej istoty\" \/>\n<meta name=\"robots\" content=\"index, follow, max-snippet:-1, max-image-preview:large, max-video-preview:-1\" \/>\n<link rel=\"canonical\" href=\"https:\/\/talkpal.ai\/sk\/galicijske-gramaticke-cvicenia\/\" \/>\n<meta property=\"og:locale\" content=\"sk_SK\" \/>\n<meta property=\"og:type\" content=\"article\" \/>\n<meta property=\"og:title\" content=\"Gal\u00edcijsk\u00e9 gramatick\u00e9 cvi\u010denia\" \/>\n<meta property=\"og:description\" content=\"T\u00e9my gal\u00edcijskej gramatiky Gal\u00edcijsk\u00e1 gramatika je \u0161t\u00fadium jazykovej \u0161trukt\u00fary, pravidiel a zlo\u017eiek gal\u00edcijsk\u00e9ho jazyka, rom\u00e1nskeho jazyka, ktor\u00fdm sa\" \/>\n<meta property=\"og:url\" content=\"https:\/\/talkpal.ai\/sk\/galicijske-gramaticke-cvicenia\/\" \/>\n<meta property=\"og:site_name\" content=\"Talkpal\" \/>\n<meta property=\"article:publisher\" content=\"https:\/\/www.facebook.com\/profile.php?id=100090733639311\" \/>\n<meta property=\"article:modified_time\" content=\"2025-12-17T15:59:23+00:00\" \/>\n<meta property=\"og:image\" content=\"https:\/\/talkpal.ai\/wp-content\/uploads\/2023\/05\/Galician-spain.png\" \/>\n\t<meta property=\"og:image:width\" content=\"512\" \/>\n\t<meta property=\"og:image:height\" content=\"512\" \/>\n\t<meta property=\"og:image:type\" content=\"image\/png\" \/>\n<meta name=\"twitter:card\" content=\"summary_large_image\" \/>\n<meta name=\"twitter:site\" content=\"@talkpalai\" \/>\n<meta name=\"twitter:label1\" content=\"Predpokladan\u00fd \u010das \u010d\u00edtania\" \/>\n\t<meta name=\"twitter:data1\" content=\"3 min\u00faty\" \/>\n<script type=\"application\/ld+json\" class=\"yoast-schema-graph\">{\"@context\":\"https:\/\/schema.org\",\"@graph\":[{\"@type\":\"WebPage\",\"@id\":\"https:\/\/talkpal.ai\/sk\/galicijske-gramaticke-cvicenia\/\",\"url\":\"https:\/\/talkpal.ai\/sk\/galicijske-gramaticke-cvicenia\/\",\"name\":\"Gal\u00edcijsk\u00e9 gramatick\u00e9 cvi\u010denia - Talkpal\",\"isPartOf\":{\"@id\":\"https:\/\/talkpal.ai\/sk\/#website\"},\"primaryImageOfPage\":{\"@id\":\"https:\/\/talkpal.ai\/sk\/galicijske-gramaticke-cvicenia\/#primaryimage\"},\"image\":{\"@id\":\"https:\/\/talkpal.ai\/sk\/galicijske-gramaticke-cvicenia\/#primaryimage\"},\"thumbnailUrl\":\"https:\/\/talkpal.ai\/wp-content\/uploads\/2023\/05\/Galician-spain.png\",\"datePublished\":\"2023-06-21T14:01:18+00:00\",\"dateModified\":\"2025-12-17T15:59:23+00:00\",\"description\":\"Jednoduch\u00e9 precvi\u010dovanie gal\u00edcijskej gramatiky - r\u00fdchle zlep\u0161enie, zapojenie sa do preh\u013eadn\u00fdch interakt\u00edvnych cvi\u010den\u00ed a z\u00edskanie jazykovej istoty\",\"breadcrumb\":{\"@id\":\"https:\/\/talkpal.ai\/sk\/galicijske-gramaticke-cvicenia\/#breadcrumb\"},\"inLanguage\":\"sk-SK\",\"potentialAction\":[{\"@type\":\"ReadAction\",\"target\":[\"https:\/\/talkpal.ai\/sk\/galicijske-gramaticke-cvicenia\/\"]}]},{\"@type\":\"ImageObject\",\"inLanguage\":\"sk-SK\",\"@id\":\"https:\/\/talkpal.ai\/sk\/galicijske-gramaticke-cvicenia\/#primaryimage\",\"url\":\"https:\/\/talkpal.ai\/wp-content\/uploads\/2023\/05\/Galician-spain.png\",\"contentUrl\":\"https:\/\/talkpal.ai\/wp-content\/uploads\/2023\/05\/Galician-spain.png\",\"width\":512,\"height\":512},{\"@type\":\"BreadcrumbList\",\"@id\":\"https:\/\/talkpal.ai\/sk\/galicijske-gramaticke-cvicenia\/#breadcrumb\",\"itemListElement\":[{\"@type\":\"ListItem\",\"position\":1,\"name\":\"Homepage\",\"item\":\"https:\/\/talkpal.ai\/sk\/\"},{\"@type\":\"ListItem\",\"position\":2,\"name\":\"Gal\u00edcijsk\u00e9 gramatick\u00e9 cvi\u010denia\"}]},{\"@type\":\"WebSite\",\"@id\":\"https:\/\/talkpal.ai\/sk\/#website\",\"url\":\"https:\/\/talkpal.ai\/sk\/\",\"name\":\"Talkpal\",\"description\":\"AI Language Learning\",\"publisher\":{\"@id\":\"https:\/\/talkpal.ai\/sk\/#organization\"},\"alternateName\":\"Talkpal AI\",\"potentialAction\":[{\"@type\":\"SearchAction\",\"target\":{\"@type\":\"EntryPoint\",\"urlTemplate\":\"https:\/\/talkpal.ai\/sk\/?s={search_term_string}\"},\"query-input\":{\"@type\":\"PropertyValueSpecification\",\"valueRequired\":true,\"valueName\":\"search_term_string\"}}],\"inLanguage\":\"sk-SK\"},{\"@type\":\"Organization\",\"@id\":\"https:\/\/talkpal.ai\/sk\/#organization\",\"name\":\"Talkpal, Inc.\",\"alternateName\":\"Talkpal AI\",\"url\":\"https:\/\/talkpal.ai\/sk\/\",\"logo\":{\"@type\":\"ImageObject\",\"inLanguage\":\"sk-SK\",\"@id\":\"https:\/\/talkpal.ai\/sk\/#\/schema\/logo\/image\/\",\"url\":\"https:\/\/talkpal.ai\/wp-content\/uploads\/2024\/03\/Talkpal-Logo-Icon.png\",\"contentUrl\":\"https:\/\/talkpal.ai\/wp-content\/uploads\/2024\/03\/Talkpal-Logo-Icon.png\",\"width\":2880,\"height\":2880,\"caption\":\"Talkpal, Inc.\"},\"image\":{\"@id\":\"https:\/\/talkpal.ai\/sk\/#\/schema\/logo\/image\/\"},\"sameAs\":[\"https:\/\/www.facebook.com\/profile.php?id=100090733639311\",\"https:\/\/x.com\/talkpalai\",\"https:\/\/www.linkedin.com\/company\/talkpal\/\",\"https:\/\/www.youtube.com\/@TalkPal\/\",\"https:\/\/www.tiktok.com\/@talkpal\",\"https:\/\/www.instagram.com\/talkpal_ai\/\",\"https:\/\/www.crunchbase.com\/organization\/talkpal-9cde\",\"https:\/\/www.g2.com\/products\/talkpal-for-business\/\",\"https:\/\/www.trustpilot.com\/review\/talkpal.ai\",\"https:\/\/www.capterra.com\/p\/10006800\/TalkPal\/\"],\"description\":\"Talkpal is a language learning web and mobile education app, powered by the latest AI technologies, that provides engaging experiences to its customers in many different languages to help them improve their language skills. Users can chat about unlimited amount of topics with the app and use other modes to practice their language learning.\",\"email\":\"support@talkpal.ai\",\"legalName\":\"Talkpal, Inc.\",\"foundingDate\":\"2023-04-03\",\"duns\":\"118989042\",\"numberOfEmployees\":{\"@type\":\"QuantitativeValue\",\"minValue\":\"11\",\"maxValue\":\"50\"},\"publishingPrinciples\":\"https:\/\/talkpal.ai\/publishing-principles\/\",\"actionableFeedbackPolicy\":\"https:\/\/talkpal.ai\/actionable-feedback-policy\/\",\"correctionsPolicy\":\"https:\/\/talkpal.ai\/corrections-policy\/\",\"ethicsPolicy\":\"https:\/\/talkpal.ai\/ethics-policy\/\",\"diversityPolicy\":\"https:\/\/talkpal.ai\/diversity-policy\/\",\"diversityStaffingReport\":\"https:\/\/talkpal.ai\/diversity-policy\/\"}]}<\/script>\n<!-- \/ Yoast SEO Premium plugin. -->","yoast_head_json":{"title":"Gal\u00edcijsk\u00e9 gramatick\u00e9 cvi\u010denia - Talkpal","description":"Jednoduch\u00e9 precvi\u010dovanie gal\u00edcijskej gramatiky - r\u00fdchle zlep\u0161enie, zapojenie sa do preh\u013eadn\u00fdch interakt\u00edvnych cvi\u010den\u00ed a z\u00edskanie jazykovej istoty","robots":{"index":"index","follow":"follow","max-snippet":"max-snippet:-1","max-image-preview":"max-image-preview:large","max-video-preview":"max-video-preview:-1"},"canonical":"https:\/\/talkpal.ai\/sk\/galicijske-gramaticke-cvicenia\/","og_locale":"sk_SK","og_type":"article","og_title":"Gal\u00edcijsk\u00e9 gramatick\u00e9 cvi\u010denia","og_description":"T\u00e9my gal\u00edcijskej gramatiky Gal\u00edcijsk\u00e1 gramatika je \u0161t\u00fadium jazykovej \u0161trukt\u00fary, pravidiel a zlo\u017eiek gal\u00edcijsk\u00e9ho jazyka, rom\u00e1nskeho jazyka, ktor\u00fdm sa","og_url":"https:\/\/talkpal.ai\/sk\/galicijske-gramaticke-cvicenia\/","og_site_name":"Talkpal","article_publisher":"https:\/\/www.facebook.com\/profile.php?id=100090733639311","article_modified_time":"2025-12-17T15:59:23+00:00","og_image":[{"width":512,"height":512,"url":"https:\/\/talkpal.ai\/wp-content\/uploads\/2023\/05\/Galician-spain.png","type":"image\/png"}],"twitter_card":"summary_large_image","twitter_site":"@talkpalai","twitter_misc":{"Predpokladan\u00fd \u010das \u010d\u00edtania":"3 min\u00faty"},"schema":{"@context":"https:\/\/schema.org","@graph":[{"@type":"WebPage","@id":"https:\/\/talkpal.ai\/sk\/galicijske-gramaticke-cvicenia\/","url":"https:\/\/talkpal.ai\/sk\/galicijske-gramaticke-cvicenia\/","name":"Gal\u00edcijsk\u00e9 gramatick\u00e9 cvi\u010denia - Talkpal","isPartOf":{"@id":"https:\/\/talkpal.ai\/sk\/#website"},"primaryImageOfPage":{"@id":"https:\/\/talkpal.ai\/sk\/galicijske-gramaticke-cvicenia\/#primaryimage"},"image":{"@id":"https:\/\/talkpal.ai\/sk\/galicijske-gramaticke-cvicenia\/#primaryimage"},"thumbnailUrl":"https:\/\/talkpal.ai\/wp-content\/uploads\/2023\/05\/Galician-spain.png","datePublished":"2023-06-21T14:01:18+00:00","dateModified":"2025-12-17T15:59:23+00:00","description":"Jednoduch\u00e9 precvi\u010dovanie gal\u00edcijskej gramatiky - r\u00fdchle zlep\u0161enie, zapojenie sa do preh\u013eadn\u00fdch interakt\u00edvnych cvi\u010den\u00ed a z\u00edskanie jazykovej istoty","breadcrumb":{"@id":"https:\/\/talkpal.ai\/sk\/galicijske-gramaticke-cvicenia\/#breadcrumb"},"inLanguage":"sk-SK","potentialAction":[{"@type":"ReadAction","target":["https:\/\/talkpal.ai\/sk\/galicijske-gramaticke-cvicenia\/"]}]},{"@type":"ImageObject","inLanguage":"sk-SK","@id":"https:\/\/talkpal.ai\/sk\/galicijske-gramaticke-cvicenia\/#primaryimage","url":"https:\/\/talkpal.ai\/wp-content\/uploads\/2023\/05\/Galician-spain.png","contentUrl":"https:\/\/talkpal.ai\/wp-content\/uploads\/2023\/05\/Galician-spain.png","width":512,"height":512},{"@type":"BreadcrumbList","@id":"https:\/\/talkpal.ai\/sk\/galicijske-gramaticke-cvicenia\/#breadcrumb","itemListElement":[{"@type":"ListItem","position":1,"name":"Homepage","item":"https:\/\/talkpal.ai\/sk\/"},{"@type":"ListItem","position":2,"name":"Gal\u00edcijsk\u00e9 gramatick\u00e9 cvi\u010denia"}]},{"@type":"WebSite","@id":"https:\/\/talkpal.ai\/sk\/#website","url":"https:\/\/talkpal.ai\/sk\/","name":"Talkpal","description":"AI Language Learning","publisher":{"@id":"https:\/\/talkpal.ai\/sk\/#organization"},"alternateName":"Talkpal AI","potentialAction":[{"@type":"SearchAction","target":{"@type":"EntryPoint","urlTemplate":"https:\/\/talkpal.ai\/sk\/?s={search_term_string}"},"query-input":{"@type":"PropertyValueSpecification","valueRequired":true,"valueName":"search_term_string"}}],"inLanguage":"sk-SK"},{"@type":"Organization","@id":"https:\/\/talkpal.ai\/sk\/#organization","name":"Talkpal, Inc.","alternateName":"Talkpal AI","url":"https:\/\/talkpal.ai\/sk\/","logo":{"@type":"ImageObject","inLanguage":"sk-SK","@id":"https:\/\/talkpal.ai\/sk\/#\/schema\/logo\/image\/","url":"https:\/\/talkpal.ai\/wp-content\/uploads\/2024\/03\/Talkpal-Logo-Icon.png","contentUrl":"https:\/\/talkpal.ai\/wp-content\/uploads\/2024\/03\/Talkpal-Logo-Icon.png","width":2880,"height":2880,"caption":"Talkpal, Inc."},"image":{"@id":"https:\/\/talkpal.ai\/sk\/#\/schema\/logo\/image\/"},"sameAs":["https:\/\/www.facebook.com\/profile.php?id=100090733639311","https:\/\/x.com\/talkpalai","https:\/\/www.linkedin.com\/company\/talkpal\/","https:\/\/www.youtube.com\/@TalkPal\/","https:\/\/www.tiktok.com\/@talkpal","https:\/\/www.instagram.com\/talkpal_ai\/","https:\/\/www.crunchbase.com\/organization\/talkpal-9cde","https:\/\/www.g2.com\/products\/talkpal-for-business\/","https:\/\/www.trustpilot.com\/review\/talkpal.ai","https:\/\/www.capterra.com\/p\/10006800\/TalkPal\/"],"description":"Talkpal is a language learning web and mobile education app, powered by the latest AI technologies, that provides engaging experiences to its customers in many different languages to help them improve their language skills. Users can chat about unlimited amount of topics with the app and use other modes to practice their language learning.","email":"support@talkpal.ai","legalName":"Talkpal, Inc.","foundingDate":"2023-04-03","duns":"118989042","numberOfEmployees":{"@type":"QuantitativeValue","minValue":"11","maxValue":"50"},"publishingPrinciples":"https:\/\/talkpal.ai\/publishing-principles\/","actionableFeedbackPolicy":"https:\/\/talkpal.ai\/actionable-feedback-policy\/","correctionsPolicy":"https:\/\/talkpal.ai\/corrections-policy\/","ethicsPolicy":"https:\/\/talkpal.ai\/ethics-policy\/","diversityPolicy":"https:\/\/talkpal.ai\/diversity-policy\/","diversityStaffingReport":"https:\/\/talkpal.ai\/diversity-policy\/"}]}},"_links":{"self":[{"href":"https:\/\/talkpal.ai\/sk\/wp-json\/wp\/v2\/pages\/162725","targetHints":{"allow":["GET"]}}],"collection":[{"href":"https:\/\/talkpal.ai\/sk\/wp-json\/wp\/v2\/pages"}],"about":[{"href":"https:\/\/talkpal.ai\/sk\/wp-json\/wp\/v2\/types\/page"}],"author":[{"embeddable":true,"href":"https:\/\/talkpal.ai\/sk\/wp-json\/wp\/v2\/users\/6"}],"replies":[{"embeddable":true,"href":"https:\/\/talkpal.ai\/sk\/wp-json\/wp\/v2\/comments?post=162725"}],"version-history":[{"count":0,"href":"https:\/\/talkpal.ai\/sk\/wp-json\/wp\/v2\/pages\/162725\/revisions"}],"wp:featuredmedia":[{"embeddable":true,"href":"https:\/\/talkpal.ai\/sk\/wp-json\/wp\/v2\/media\/111917"}],"wp:attachment":[{"href":"https:\/\/talkpal.ai\/sk\/wp-json\/wp\/v2\/media?parent=162725"}],"curies":[{"name":"wp","href":"https:\/\/api.w.org\/{rel}","templated":true}]}}