{"id":162438,"date":"2023-06-21T14:18:43","date_gmt":"2023-06-21T14:18:43","guid":{"rendered":"http:\/\/talkpal.ai\/grecke-gramaticke-cvicenia\/"},"modified":"2025-12-17T16:03:52","modified_gmt":"2025-12-17T16:03:52","slug":"grecke-gramaticke-cvicenia","status":"publish","type":"page","link":"https:\/\/talkpal.ai\/sk\/grecke-gramaticke-cvicenia\/","title":{"rendered":"Gr\u00e9cke gramatick\u00e9 cvi\u010denia"},"content":{"rendered":"\r\n\r\n\r\n<section class=\"languageChallengeSection\">\r\n    <div class=\"languageInfoWrapper\">\r\n        \r\n        <h1>Gr\u00e9cke gramatick\u00e9 cvi\u010denia<\/h1>\r\n        <p>U\u010dme sa gr\u00e9\u010dtinu \u013eahko a z\u00e1bavne! Vysk\u00fa\u0161ajte tieto jednoduch\u00e9 cvi\u010denia na precvi\u010denie z\u00e1kladov gr\u00e9ckej gramatiky a na\u0161tartovanie va\u0161ej jazykovej cesty.<\/p>\r\n\r\n                            <a class=\"getStartedHidden\" href=\"https:\/\/app.talkpal.ai\/sk\/signup?lng=\">Za\u010dni<\/a>\r\n        \r\n    <\/div>\r\n\r\n    <figure>\r\n    <img decoding=\"async\" width=\"768\" height=\"768\" src=\"https:\/\/talkpal.ai\/wp-content\/uploads\/2023\/06\/greek-768x768.png\" class=\"languageImage no-lazy\" alt=\"Language learning to boost personal capability\" fetchpriority=\"high\" sizes=\"(max-width: 768px) 150px, 768px\" srcset=\"https:\/\/talkpal.ai\/wp-content\/uploads\/2023\/06\/greek-768x768.png 768w, https:\/\/talkpal.ai\/wp-content\/uploads\/2023\/06\/greek-300x300.png 300w\" \/>\r\n    \r\n\r\n    <\/figure>\r\n\r\n            <a class=\"getStartedVisible\" href=\"https:\/\/app.talkpal.ai\/sk\/signup?lng=\">Za\u010dni<\/a>\r\n    \r\n<\/section>\r\n\r\n\r\n<!-- <section class=\"grammarSection\">\r\n    <div class=\"grammarLinks\">\r\n            <\/div>\r\n<\/section> -->\r\n\r\n\r\n\r\n\r\n<section class=\"promotionalBanner\">\r\n    <p class=\"promotionalText\">Najefekt\u00edvnej\u0161\u00ed sp\u00f4sob, ako sa nau\u010di\u0165 jazyk<\/p>\r\n    <a class=\"promotionalLink\" href=\"https:\/\/app.talkpal.ai\/sk\/signup?lng=\">Vysk\u00fa\u0161ajte Talkpal zadarmo<\/a>\r\n<\/section>\n<div class=\"wp-block-group pageContainerStyle\"><div class=\"wp-block-group__inner-container is-layout-constrained wp-block-group-is-layout-constrained\">\n<h2 class=\"wp-block-heading\" id=\"h-greek-grammar-topics\">T\u00e9my gr\u00e9ckej gramatiky<\/h2>\n\n\n\n<p><a href=\"https:\/\/talkpal.ai\/sk\/ucenie\/\">U\u010denie sa<\/a> gr\u00e9\u010dtiny m\u00f4\u017ee by\u0165 neuverite\u013ene obohacuj\u00facou sk\u00fasenos\u0165ou, preto\u017ee poskytuje br\u00e1nu k bohatej a rozmanitej kult\u00fare, literat\u00fare a hist\u00f3rii. Gr\u00e9cky jazyk m\u00e1 jedine\u010dn\u00fa gramatick\u00fa \u0161trukt\u00faru, ktor\u00fa m\u00f4\u017ee by\u0165 fascinuj\u00face presk\u00fama\u0165. Obozn\u00e1menie sa s gr\u00e9ckou gramatikou je nevyhnutn\u00e9 pre zvl\u00e1dnutie jazyka, preto\u017ee v\u00e1m umo\u017en\u00ed efekt\u00edvne a presne komunikova\u0165. T\u00e1to pr\u00edru\u010dka v\u00e1m poskytne preh\u013ead niektor\u00fdch k\u013e\u00fa\u010dov\u00fdch t\u00e9m gr\u00e9ckej gramatiky zoskupen\u00fdch do sekvencie, ktor\u00e1 prispieva k u\u010deniu sa jazyka. Od \u010dasov a slovies a\u017e po predlo\u017eky a vety, t\u00e1to pr\u00edru\u010dka v\u00e1s nasmeruje na cestu k zdokonaleniu sa v gr\u00e9\u010dtine.<\/p>\n\n\n\n<h3 class=\"wp-block-heading\" id=\"h-1-nouns\">1. Podstatn\u00e9 men\u00e1:<\/h3>\n\n\n\n<p>Podstatn\u00e9 men\u00e1 s\u00fa stavebn\u00fdmi kame\u0148mi ka\u017ed\u00e9ho jazyka a <a href=\"https:\/\/talkpal.ai\/learn-greek\/\">gr\u00e9\u010dtina<\/a> nie je v\u00fdnimkou. Pou\u017e\u00edvaj\u00fa sa na reprezent\u00e1ciu \u013eud\u00ed, miest, vec\u00ed alebo my\u0161lienok. V gr\u00e9\u010dtine maj\u00fa podstatn\u00e9 men\u00e1 rod (mu\u017esk\u00fd, \u017eensk\u00fd alebo kastrovan\u00fd), \u010d\u00edslo (jednotn\u00e9 alebo mno\u017en\u00e9 \u010d\u00edslo) a p\u00e1d (nominat\u00edv, genit\u00edv, akuzat\u00edv alebo vokat\u00edv). Pochopenie t\u00fdchto vlastnost\u00ed a ich sklo\u0148ovania je rozhoduj\u00face pre tvorbu viet.<\/p>\n\n\n\n<h3 class=\"wp-block-heading\" id=\"h-2-articles\">2. \u010cl\u00e1nky:<\/h3>\n\n\n\n<p>\u010cl\u00e1nky v gr\u00e9\u010dtine s\u00fa nevyhnutn\u00e9 na ur\u010denie ur\u010ditosti podstatn\u00e9ho mena. S\u00fahlasia s podstatn\u00fdm menom v rode, \u010d\u00edsle a p\u00e1de. Existuj\u00fa ur\u010dit\u00e9 (zodpovedaj\u00face slovu &#8222;the&#8220;) a neur\u010dit\u00e9 (zodpovedaj\u00face slovu &#8222;a&#8220; alebo &#8222;an&#8220;) \u010dleny, ktor\u00e9 sa mus\u00edte nau\u010di\u0165 a spr\u00e1vne pou\u017e\u00edva\u0165.<\/p>\n\n\n\n<h3 class=\"wp-block-heading\" id=\"h-3-adjectives\">3. Pr\u00eddavn\u00e9 men\u00e1:<\/h3>\n\n\n\n<p>Pr\u00eddavn\u00e9 men\u00e1 opisuj\u00fa alebo upravuj\u00fa podstatn\u00e9 men\u00e1 a poskytuj\u00fa \u010fal\u0161ie inform\u00e1cie o ich vlastnostiach alebo vlastnostiach. V gr\u00e9\u010dtine pr\u00eddavn\u00e9 men\u00e1 s\u00fahlasia s podstatn\u00fdmi menami, ktor\u00e9 upravuj\u00fa v rode, \u010d\u00edsle a p\u00e1de, a maj\u00fa r\u00f4zne sklo\u0148ovanie v z\u00e1vislosti od t\u00fdchto vlastnost\u00ed.<\/p>\n\n\n\n<h3 class=\"wp-block-heading\" id=\"h-4-pronouns-determiners\">4. Z\u00e1men\u00e1\/determin\u00e1tory:<\/h3>\n\n\n\n<p>Z\u00e1men\u00e1 sa pou\u017e\u00edvaj\u00fa na nahradenie podstatn\u00fdch mien, zatia\u013e \u010do determin\u00e1tory ich \u0161pecifikuj\u00fa alebo kvantifikuj\u00fa. V gr\u00e9\u010dtine sa z\u00e1men\u00e1 aj determin\u00e1tory sklo\u0148uj\u00fa pre rod, \u010d\u00edslo a p\u00e1d, rovnako ako podstatn\u00e9 men\u00e1 a pr\u00eddavn\u00e9 men\u00e1. Niektor\u00e9 pr\u00edklady zah\u0155\u0148aj\u00fa <a href=\"https:\/\/talkpal.ai\/sk\/grammar\/pronomi-personali-v-talianskej-gramatike\/\">osobn\u00e9 z\u00e1men\u00e1<\/a> (ja, ty, on, ona at\u010f.), demon\u0161trat\u00edvne z\u00e1men\u00e1 (toto, tamto) a privlast\u0148ovacie z\u00e1men\u00e1 (moje, tvoje, jeho, ona at\u010f.).<\/p>\n\n\n\n<h3 class=\"wp-block-heading\" id=\"h-5-verbs\">5. Sloves\u00e1:<\/h3>\n\n\n\n<p>Sloves\u00e1 vyjadruj\u00fa akcie, v\u00fdskyty alebo stavy. Gr\u00e9cke sloves\u00e1 maj\u00fa r\u00f4zne tvary v z\u00e1vislosti od \u010dasu, n\u00e1lady, hlasu a osoby. Pochopenie r\u00f4znych konjug\u00e1ci\u00ed a sp\u00f4sobu, ak\u00fdm sa pou\u017e\u00edvaj\u00fa, je rozhoduj\u00face pre kon\u0161trukciu a pochopenie viet.<\/p>\n\n\n\n<h3 class=\"wp-block-heading\" id=\"h-6-tenses\">6. \u010casy:<\/h3>\n\n\n\n<p><a href=\"https:\/\/talkpal.ai\/learn-greek\/\">Gr\u00e9\u010dtina<\/a> m\u00e1 nieko\u013eko \u010dasov, napr\u00edklad pr\u00edtomnos\u0165, minulos\u0165 a bud\u00facnos\u0165. Ka\u017ed\u00fd \u010das sa pou\u017e\u00edva na ozna\u010denie \u010dasu akcie, udalosti alebo stavu. U\u010denie sa r\u00f4znych \u010dasov a ich konjug\u00e1ci\u00ed v\u00e1m pom\u00f4\u017ee presne sa vyjadri\u0165 a porozumie\u0165 ostatn\u00fdm.<\/p>\n\n\n\n<h3 class=\"wp-block-heading\" id=\"h-7-tense-comparison\">7. Nap\u00e4t\u00e9 porovnanie:<\/h3>\n\n\n\n<p>Porovn\u00e1vanie \u010dasov v gr\u00e9\u010dtine je d\u00f4le\u017eit\u00e9 pre pochopenie nuanci\u00ed jazyka. To zah\u0155\u0148a u\u010denie, ako vyjadri\u0165 akcie alebo stavy, ktor\u00e9 sa vyskytuj\u00fa s\u00fa\u010dasne, postupne alebo podmienene.<\/p>\n\n\n\n<h3 class=\"wp-block-heading\" id=\"h-8-progressive\">8. Progres\u00edvne:<\/h3>\n\n\n\n<p>Progres\u00edvny aspekt v gr\u00e9\u010dtine sa pou\u017e\u00edva na ozna\u010denie prebiehaj\u00facich alebo nepretr\u017eit\u00fdch akci\u00ed. Nau\u010di\u0165 sa, ako formova\u0165 a pou\u017e\u00edva\u0165 progres\u00edvny aspekt, v\u00e1m pom\u00f4\u017ee sprostredkova\u0165 akcie, ktor\u00e9 sa dej\u00fa v s\u00fa\u010dasnosti alebo sa dej\u00fa v minulosti.<\/p>\n\n\n\n<h3 class=\"wp-block-heading\" id=\"h-9-perfect-progressive\">9. Perfektne progres\u00edvne:<\/h3>\n\n\n\n<p>Perfektn\u00fd progres\u00edvny aspekt v gr\u00e9\u010dtine kombinuje koncepty dokon\u010denia a kontinuity. Pou\u017e\u00edva sa na vyjadrenie akci\u00ed alebo \u0161t\u00e1tov, ktor\u00e9 za\u010dali v minulosti a pokra\u010dovali a\u017e do ur\u010dit\u00e9ho \u010dasov\u00e9ho bodu.<\/p>\n\n\n\n<h3 class=\"wp-block-heading\" id=\"h-10-adverbs\">10. Pr\u00edslovky:<\/h3>\n\n\n\n<p>Pr\u00edslovky poskytuj\u00fa \u010fal\u0161ie inform\u00e1cie o sloves\u00e1ch, pr\u00eddavn\u00fdch men\u00e1ch alebo in\u00fdch pr\u00edslovk\u00e1ch. M\u00f4\u017eu vyjadrova\u0165 sp\u00f4sob, frekvenciu, stupe\u0148, \u010das alebo miesto. U\u010denie sa r\u00f4znych typov pr\u00edsloviek a ich spr\u00e1vne umiestnenie vo vete zlep\u0161\u00ed va\u0161u celkov\u00fa plynulos\u0165 gr\u00e9\u010dtiny.<\/p>\n\n\n\n<h3 class=\"wp-block-heading\" id=\"h-11-conditionals\">11. Podmienky:<\/h3>\n\n\n\n<p>Podmienen\u00e9 sa pou\u017e\u00edvaj\u00fa na vyjadrenie hypotetick\u00fdch situ\u00e1ci\u00ed a ich d\u00f4sledkov. Gr\u00e9\u010dtina m\u00e1 nieko\u013eko typov podmienen\u00fdch podmienok, vr\u00e1tane skuto\u010dn\u00fdch, nere\u00e1lnych a zmie\u0161an\u00fdch. Pochopenie a pou\u017e\u00edvanie podmienen\u00fdch podmienok je nevyhnutn\u00e9 na vyjadrenie zlo\u017eit\u00fdch my\u0161lienok a my\u0161lienok.<\/p>\n\n\n\n<h3 class=\"wp-block-heading\" id=\"h-12-prepositions\">12. Predlo\u017eky:<\/h3>\n\n\n\n<p>Predlo\u017eky s\u00fa mal\u00e9 slov\u00e1, ktor\u00e9 ozna\u010duj\u00fa vz\u0165ahy medzi podstatn\u00fdmi menami, z\u00e1menami alebo in\u00fdmi slovami vo vete. M\u00f4\u017eu vyjadrova\u0165 polohu, \u010das, smer, pr\u00ed\u010dinu a \u010fal\u0161ie. Osvojenie si r\u00f4znych predlo\u017eiek a ich spr\u00e1vne pou\u017e\u00edvanie v\u00e1m pom\u00f4\u017ee vytvori\u0165 presnej\u0161ie a s\u00favislej\u0161ie vety.<\/p>\n\n\n\n<h3 class=\"wp-block-heading\" id=\"h-13-sentences\">13. Vety:<\/h3>\n\n\n\n<p>Nakoniec, zvl\u00e1dnutie vetnej \u0161trukt\u00fary je nevyhnutn\u00e9 pre efekt\u00edvnu komunik\u00e1ciu v gr\u00e9\u010dtine. To zah\u0155\u0148a pochopenie spr\u00e1vneho slovosledu a pou\u017e\u00edvanie r\u00f4znych gramatick\u00fdch prvkov, ako je predmet, sloveso a objekt. T\u00fdm, \u017ee sa nau\u010d\u00edte, ako kon\u0161truova\u0165 r\u00f4zne typy viet, budete na dobrej ceste k tomu, aby ste sa stali zdatn\u00fdmi v gr\u00e9\u010dtine.<\/p>\n<\/div><\/div>\n\r\n<section class=\"learnNavigationSection\">\r\n            \r\n        <a href=\"https:\/\/talkpal.ai\/sk\/naucte-sa-grecky\/\">\r\n            <div class=\"learnNavigationWrapper\">\r\n                <div class=\"learnNavigationContent\">\r\n                    <img decoding=\"async\" src=\"https:\/\/talkpal.ai\/wp-content\/uploads\/2024\/08\/Greek.jpg\" alt=\"Greek Flag\">\r\n                    <div>\r\n                        <h4>O gr\u00e9ckom vzdel\u00e1van\u00ed<\/h4>\r\n                        <p>Zistite v\u0161etko o gr\u00e9ckej gramatike.<\/p>\r\n                    <\/div>\r\n                <\/div>\r\n            <\/div>\r\n        <\/a>\r\n\r\n        \r\n        <a href=\"https:\/\/talkpal.ai\/sk\/grecka-gramatika\/\">\r\n            <div class=\"learnNavigationWrapper\">\r\n                <div class=\"learnNavigationContent\">\r\n                    <img decoding=\"async\" src=\"https:\/\/talkpal.ai\/wp-content\/uploads\/2024\/08\/Greek.jpg\" alt=\"Greek Flag\">\r\n                    <div>\r\n                        <h4>Lekcie gr\u00e9ckej gramatiky<\/h4>\r\n                        <p>Precvi\u010dte si gr\u00e9cku gramatiku.<\/p>\r\n                    <\/div>\r\n                <\/div>\r\n            <\/div>\r\n        <\/a>\r\n\r\n        \r\n        <a href=\"https:\/\/talkpal.ai\/vocabulary_language\/greek\/\">\r\n            <div class=\"learnNavigationWrapper\">\r\n                <div class=\"learnNavigationContent\">\r\n                    <img decoding=\"async\" src=\"https:\/\/talkpal.ai\/wp-content\/uploads\/2024\/08\/Greek.jpg\" alt=\"Greek Flag\">\r\n                    <div>\r\n                        <h4>Gr\u00e9cka slovn\u00e1 z\u00e1soba<\/h4>\r\n                        <p>Roz\u0161\u00edrte si gr\u00e9cku slovn\u00fa z\u00e1sobu.<\/p>\r\n                    <\/div>\r\n                <\/div>\r\n            <\/div>\r\n        <\/a>\r\n\r\n            <\/section>","protected":false},"excerpt":{"rendered":"<p>T\u00e9my gr\u00e9ckej gramatiky U\u010denie sa gr\u00e9\u010dtiny m\u00f4\u017ee by\u0165 neuverite\u013ene obohacuj\u00facou sk\u00fasenos\u0165ou, preto\u017ee poskytuje br\u00e1nu k bohatej a rozmanitej kult\u00fare, literat\u00fare a hist\u00f3rii. Gr\u00e9cky jazyk m\u00e1 jedine\u010dn\u00fa gramatick\u00fa \u0161trukt\u00faru, ktor\u00fa m\u00f4\u017ee by\u0165 fascinuj\u00face presk\u00fama\u0165. Obozn\u00e1menie sa s gr\u00e9ckou gramatikou je nevyhnutn\u00e9 pre zvl\u00e1dnutie jazyka, preto\u017ee v\u00e1m umo\u017en\u00ed efekt\u00edvne a presne komunikova\u0165. T\u00e1to pr\u00edru\u010dka v\u00e1m poskytne preh\u013ead [&hellip;]<\/p>\n","protected":false},"author":6,"featured_media":112644,"parent":0,"menu_order":0,"comment_status":"closed","ping_status":"closed","template":"LearningContentPage.php","meta":{"_acf_changed":false,"footnotes":""},"class_list":["post-162438","page","type-page","status-publish","has-post-thumbnail","hentry"],"acf":[],"yoast_head":"<!-- This site is optimized with the Yoast SEO Premium plugin v27.2 (Yoast SEO v27.2) - https:\/\/yoast.com\/product\/yoast-seo-premium-wordpress\/ -->\n<title>Gr\u00e9cke gramatick\u00e9 cvi\u010denia - Talkpal<\/title>\n<meta name=\"description\" content=\"Zlep\u0161ite si svoje znalosti gr\u00e9ckej gramatiky - precvi\u010dujte interakt\u00edvne cvi\u010denia, r\u00fdchlo sa zlep\u0161ujte a budujte si sebad\u00f4veru pomocou Talkpal AI.\" \/>\n<meta name=\"robots\" content=\"index, follow, max-snippet:-1, max-image-preview:large, max-video-preview:-1\" \/>\n<link rel=\"canonical\" href=\"https:\/\/talkpal.ai\/sk\/grecke-gramaticke-cvicenia\/\" \/>\n<meta property=\"og:locale\" content=\"sk_SK\" \/>\n<meta property=\"og:type\" content=\"article\" \/>\n<meta property=\"og:title\" content=\"Gr\u00e9cke gramatick\u00e9 cvi\u010denia\" \/>\n<meta property=\"og:description\" content=\"T\u00e9my gr\u00e9ckej gramatiky U\u010denie sa gr\u00e9\u010dtiny m\u00f4\u017ee by\u0165 neuverite\u013ene obohacuj\u00facou sk\u00fasenos\u0165ou, preto\u017ee poskytuje br\u00e1nu k bohatej a rozmanitej kult\u00fare,\" \/>\n<meta property=\"og:url\" content=\"https:\/\/talkpal.ai\/sk\/grecke-gramaticke-cvicenia\/\" \/>\n<meta property=\"og:site_name\" content=\"Talkpal\" \/>\n<meta property=\"article:publisher\" content=\"https:\/\/www.facebook.com\/profile.php?id=100090733639311\" \/>\n<meta property=\"article:modified_time\" content=\"2025-12-17T16:03:52+00:00\" \/>\n<meta property=\"og:image\" content=\"https:\/\/talkpal.ai\/wp-content\/uploads\/2023\/05\/greece.png\" \/>\n\t<meta property=\"og:image:width\" content=\"512\" \/>\n\t<meta property=\"og:image:height\" content=\"512\" \/>\n\t<meta property=\"og:image:type\" content=\"image\/png\" \/>\n<meta name=\"twitter:card\" content=\"summary_large_image\" \/>\n<meta name=\"twitter:site\" content=\"@talkpalai\" \/>\n<meta name=\"twitter:label1\" content=\"Predpokladan\u00fd \u010das \u010d\u00edtania\" \/>\n\t<meta name=\"twitter:data1\" content=\"4 min\u00faty\" \/>\n<script type=\"application\/ld+json\" class=\"yoast-schema-graph\">{\"@context\":\"https:\/\/schema.org\",\"@graph\":[{\"@type\":\"WebPage\",\"@id\":\"https:\/\/talkpal.ai\/sk\/grecke-gramaticke-cvicenia\/\",\"url\":\"https:\/\/talkpal.ai\/sk\/grecke-gramaticke-cvicenia\/\",\"name\":\"Gr\u00e9cke gramatick\u00e9 cvi\u010denia - Talkpal\",\"isPartOf\":{\"@id\":\"https:\/\/talkpal.ai\/sk\/#website\"},\"primaryImageOfPage\":{\"@id\":\"https:\/\/talkpal.ai\/sk\/grecke-gramaticke-cvicenia\/#primaryimage\"},\"image\":{\"@id\":\"https:\/\/talkpal.ai\/sk\/grecke-gramaticke-cvicenia\/#primaryimage\"},\"thumbnailUrl\":\"https:\/\/talkpal.ai\/wp-content\/uploads\/2023\/05\/greece.png\",\"datePublished\":\"2023-06-21T14:18:43+00:00\",\"dateModified\":\"2025-12-17T16:03:52+00:00\",\"description\":\"Zlep\u0161ite si svoje znalosti gr\u00e9ckej gramatiky - precvi\u010dujte interakt\u00edvne cvi\u010denia, r\u00fdchlo sa zlep\u0161ujte a budujte si sebad\u00f4veru pomocou Talkpal AI.\",\"breadcrumb\":{\"@id\":\"https:\/\/talkpal.ai\/sk\/grecke-gramaticke-cvicenia\/#breadcrumb\"},\"inLanguage\":\"sk-SK\",\"potentialAction\":[{\"@type\":\"ReadAction\",\"target\":[\"https:\/\/talkpal.ai\/sk\/grecke-gramaticke-cvicenia\/\"]}]},{\"@type\":\"ImageObject\",\"inLanguage\":\"sk-SK\",\"@id\":\"https:\/\/talkpal.ai\/sk\/grecke-gramaticke-cvicenia\/#primaryimage\",\"url\":\"https:\/\/talkpal.ai\/wp-content\/uploads\/2023\/05\/greece.png\",\"contentUrl\":\"https:\/\/talkpal.ai\/wp-content\/uploads\/2023\/05\/greece.png\",\"width\":512,\"height\":512},{\"@type\":\"BreadcrumbList\",\"@id\":\"https:\/\/talkpal.ai\/sk\/grecke-gramaticke-cvicenia\/#breadcrumb\",\"itemListElement\":[{\"@type\":\"ListItem\",\"position\":1,\"name\":\"Homepage\",\"item\":\"https:\/\/talkpal.ai\/sk\/\"},{\"@type\":\"ListItem\",\"position\":2,\"name\":\"Gr\u00e9cke gramatick\u00e9 cvi\u010denia\"}]},{\"@type\":\"WebSite\",\"@id\":\"https:\/\/talkpal.ai\/sk\/#website\",\"url\":\"https:\/\/talkpal.ai\/sk\/\",\"name\":\"Talkpal\",\"description\":\"AI Language Learning\",\"publisher\":{\"@id\":\"https:\/\/talkpal.ai\/sk\/#organization\"},\"alternateName\":\"Talkpal AI\",\"potentialAction\":[{\"@type\":\"SearchAction\",\"target\":{\"@type\":\"EntryPoint\",\"urlTemplate\":\"https:\/\/talkpal.ai\/sk\/?s={search_term_string}\"},\"query-input\":{\"@type\":\"PropertyValueSpecification\",\"valueRequired\":true,\"valueName\":\"search_term_string\"}}],\"inLanguage\":\"sk-SK\"},{\"@type\":\"Organization\",\"@id\":\"https:\/\/talkpal.ai\/sk\/#organization\",\"name\":\"Talkpal, Inc.\",\"alternateName\":\"Talkpal AI\",\"url\":\"https:\/\/talkpal.ai\/sk\/\",\"logo\":{\"@type\":\"ImageObject\",\"inLanguage\":\"sk-SK\",\"@id\":\"https:\/\/talkpal.ai\/sk\/#\/schema\/logo\/image\/\",\"url\":\"https:\/\/talkpal.ai\/wp-content\/uploads\/2024\/03\/Talkpal-Logo-Icon.png\",\"contentUrl\":\"https:\/\/talkpal.ai\/wp-content\/uploads\/2024\/03\/Talkpal-Logo-Icon.png\",\"width\":2880,\"height\":2880,\"caption\":\"Talkpal, Inc.\"},\"image\":{\"@id\":\"https:\/\/talkpal.ai\/sk\/#\/schema\/logo\/image\/\"},\"sameAs\":[\"https:\/\/www.facebook.com\/profile.php?id=100090733639311\",\"https:\/\/x.com\/talkpalai\",\"https:\/\/www.linkedin.com\/company\/talkpal\/\",\"https:\/\/www.youtube.com\/@TalkPal\/\",\"https:\/\/www.tiktok.com\/@talkpal\",\"https:\/\/www.instagram.com\/talkpal_ai\/\",\"https:\/\/www.crunchbase.com\/organization\/talkpal-9cde\",\"https:\/\/www.g2.com\/products\/talkpal-for-business\/\",\"https:\/\/www.trustpilot.com\/review\/talkpal.ai\",\"https:\/\/www.capterra.com\/p\/10006800\/TalkPal\/\"],\"description\":\"Talkpal is a language learning web and mobile education app, powered by the latest AI technologies, that provides engaging experiences to its customers in many different languages to help them improve their language skills. Users can chat about unlimited amount of topics with the app and use other modes to practice their language learning.\",\"email\":\"support@talkpal.ai\",\"legalName\":\"Talkpal, Inc.\",\"foundingDate\":\"2023-04-03\",\"duns\":\"118989042\",\"numberOfEmployees\":{\"@type\":\"QuantitativeValue\",\"minValue\":\"11\",\"maxValue\":\"50\"},\"publishingPrinciples\":\"https:\/\/talkpal.ai\/publishing-principles\/\",\"actionableFeedbackPolicy\":\"https:\/\/talkpal.ai\/actionable-feedback-policy\/\",\"correctionsPolicy\":\"https:\/\/talkpal.ai\/corrections-policy\/\",\"ethicsPolicy\":\"https:\/\/talkpal.ai\/ethics-policy\/\",\"diversityPolicy\":\"https:\/\/talkpal.ai\/diversity-policy\/\",\"diversityStaffingReport\":\"https:\/\/talkpal.ai\/diversity-policy\/\"}]}<\/script>\n<!-- \/ Yoast SEO Premium plugin. -->","yoast_head_json":{"title":"Gr\u00e9cke gramatick\u00e9 cvi\u010denia - Talkpal","description":"Zlep\u0161ite si svoje znalosti gr\u00e9ckej gramatiky - precvi\u010dujte interakt\u00edvne cvi\u010denia, r\u00fdchlo sa zlep\u0161ujte a budujte si sebad\u00f4veru pomocou Talkpal AI.","robots":{"index":"index","follow":"follow","max-snippet":"max-snippet:-1","max-image-preview":"max-image-preview:large","max-video-preview":"max-video-preview:-1"},"canonical":"https:\/\/talkpal.ai\/sk\/grecke-gramaticke-cvicenia\/","og_locale":"sk_SK","og_type":"article","og_title":"Gr\u00e9cke gramatick\u00e9 cvi\u010denia","og_description":"T\u00e9my gr\u00e9ckej gramatiky U\u010denie sa gr\u00e9\u010dtiny m\u00f4\u017ee by\u0165 neuverite\u013ene obohacuj\u00facou sk\u00fasenos\u0165ou, preto\u017ee poskytuje br\u00e1nu k bohatej a rozmanitej kult\u00fare,","og_url":"https:\/\/talkpal.ai\/sk\/grecke-gramaticke-cvicenia\/","og_site_name":"Talkpal","article_publisher":"https:\/\/www.facebook.com\/profile.php?id=100090733639311","article_modified_time":"2025-12-17T16:03:52+00:00","og_image":[{"width":512,"height":512,"url":"https:\/\/talkpal.ai\/wp-content\/uploads\/2023\/05\/greece.png","type":"image\/png"}],"twitter_card":"summary_large_image","twitter_site":"@talkpalai","twitter_misc":{"Predpokladan\u00fd \u010das \u010d\u00edtania":"4 min\u00faty"},"schema":{"@context":"https:\/\/schema.org","@graph":[{"@type":"WebPage","@id":"https:\/\/talkpal.ai\/sk\/grecke-gramaticke-cvicenia\/","url":"https:\/\/talkpal.ai\/sk\/grecke-gramaticke-cvicenia\/","name":"Gr\u00e9cke gramatick\u00e9 cvi\u010denia - Talkpal","isPartOf":{"@id":"https:\/\/talkpal.ai\/sk\/#website"},"primaryImageOfPage":{"@id":"https:\/\/talkpal.ai\/sk\/grecke-gramaticke-cvicenia\/#primaryimage"},"image":{"@id":"https:\/\/talkpal.ai\/sk\/grecke-gramaticke-cvicenia\/#primaryimage"},"thumbnailUrl":"https:\/\/talkpal.ai\/wp-content\/uploads\/2023\/05\/greece.png","datePublished":"2023-06-21T14:18:43+00:00","dateModified":"2025-12-17T16:03:52+00:00","description":"Zlep\u0161ite si svoje znalosti gr\u00e9ckej gramatiky - precvi\u010dujte interakt\u00edvne cvi\u010denia, r\u00fdchlo sa zlep\u0161ujte a budujte si sebad\u00f4veru pomocou Talkpal AI.","breadcrumb":{"@id":"https:\/\/talkpal.ai\/sk\/grecke-gramaticke-cvicenia\/#breadcrumb"},"inLanguage":"sk-SK","potentialAction":[{"@type":"ReadAction","target":["https:\/\/talkpal.ai\/sk\/grecke-gramaticke-cvicenia\/"]}]},{"@type":"ImageObject","inLanguage":"sk-SK","@id":"https:\/\/talkpal.ai\/sk\/grecke-gramaticke-cvicenia\/#primaryimage","url":"https:\/\/talkpal.ai\/wp-content\/uploads\/2023\/05\/greece.png","contentUrl":"https:\/\/talkpal.ai\/wp-content\/uploads\/2023\/05\/greece.png","width":512,"height":512},{"@type":"BreadcrumbList","@id":"https:\/\/talkpal.ai\/sk\/grecke-gramaticke-cvicenia\/#breadcrumb","itemListElement":[{"@type":"ListItem","position":1,"name":"Homepage","item":"https:\/\/talkpal.ai\/sk\/"},{"@type":"ListItem","position":2,"name":"Gr\u00e9cke gramatick\u00e9 cvi\u010denia"}]},{"@type":"WebSite","@id":"https:\/\/talkpal.ai\/sk\/#website","url":"https:\/\/talkpal.ai\/sk\/","name":"Talkpal","description":"AI Language Learning","publisher":{"@id":"https:\/\/talkpal.ai\/sk\/#organization"},"alternateName":"Talkpal AI","potentialAction":[{"@type":"SearchAction","target":{"@type":"EntryPoint","urlTemplate":"https:\/\/talkpal.ai\/sk\/?s={search_term_string}"},"query-input":{"@type":"PropertyValueSpecification","valueRequired":true,"valueName":"search_term_string"}}],"inLanguage":"sk-SK"},{"@type":"Organization","@id":"https:\/\/talkpal.ai\/sk\/#organization","name":"Talkpal, Inc.","alternateName":"Talkpal AI","url":"https:\/\/talkpal.ai\/sk\/","logo":{"@type":"ImageObject","inLanguage":"sk-SK","@id":"https:\/\/talkpal.ai\/sk\/#\/schema\/logo\/image\/","url":"https:\/\/talkpal.ai\/wp-content\/uploads\/2024\/03\/Talkpal-Logo-Icon.png","contentUrl":"https:\/\/talkpal.ai\/wp-content\/uploads\/2024\/03\/Talkpal-Logo-Icon.png","width":2880,"height":2880,"caption":"Talkpal, Inc."},"image":{"@id":"https:\/\/talkpal.ai\/sk\/#\/schema\/logo\/image\/"},"sameAs":["https:\/\/www.facebook.com\/profile.php?id=100090733639311","https:\/\/x.com\/talkpalai","https:\/\/www.linkedin.com\/company\/talkpal\/","https:\/\/www.youtube.com\/@TalkPal\/","https:\/\/www.tiktok.com\/@talkpal","https:\/\/www.instagram.com\/talkpal_ai\/","https:\/\/www.crunchbase.com\/organization\/talkpal-9cde","https:\/\/www.g2.com\/products\/talkpal-for-business\/","https:\/\/www.trustpilot.com\/review\/talkpal.ai","https:\/\/www.capterra.com\/p\/10006800\/TalkPal\/"],"description":"Talkpal is a language learning web and mobile education app, powered by the latest AI technologies, that provides engaging experiences to its customers in many different languages to help them improve their language skills. Users can chat about unlimited amount of topics with the app and use other modes to practice their language learning.","email":"support@talkpal.ai","legalName":"Talkpal, Inc.","foundingDate":"2023-04-03","duns":"118989042","numberOfEmployees":{"@type":"QuantitativeValue","minValue":"11","maxValue":"50"},"publishingPrinciples":"https:\/\/talkpal.ai\/publishing-principles\/","actionableFeedbackPolicy":"https:\/\/talkpal.ai\/actionable-feedback-policy\/","correctionsPolicy":"https:\/\/talkpal.ai\/corrections-policy\/","ethicsPolicy":"https:\/\/talkpal.ai\/ethics-policy\/","diversityPolicy":"https:\/\/talkpal.ai\/diversity-policy\/","diversityStaffingReport":"https:\/\/talkpal.ai\/diversity-policy\/"}]}},"_links":{"self":[{"href":"https:\/\/talkpal.ai\/sk\/wp-json\/wp\/v2\/pages\/162438","targetHints":{"allow":["GET"]}}],"collection":[{"href":"https:\/\/talkpal.ai\/sk\/wp-json\/wp\/v2\/pages"}],"about":[{"href":"https:\/\/talkpal.ai\/sk\/wp-json\/wp\/v2\/types\/page"}],"author":[{"embeddable":true,"href":"https:\/\/talkpal.ai\/sk\/wp-json\/wp\/v2\/users\/6"}],"replies":[{"embeddable":true,"href":"https:\/\/talkpal.ai\/sk\/wp-json\/wp\/v2\/comments?post=162438"}],"version-history":[{"count":0,"href":"https:\/\/talkpal.ai\/sk\/wp-json\/wp\/v2\/pages\/162438\/revisions"}],"wp:featuredmedia":[{"embeddable":true,"href":"https:\/\/talkpal.ai\/sk\/wp-json\/wp\/v2\/media\/112644"}],"wp:attachment":[{"href":"https:\/\/talkpal.ai\/sk\/wp-json\/wp\/v2\/media?parent=162438"}],"curies":[{"name":"wp","href":"https:\/\/api.w.org\/{rel}","templated":true}]}}