{"id":162161,"date":"2023-06-21T14:25:56","date_gmt":"2023-06-21T14:25:56","guid":{"rendered":"http:\/\/talkpal.ai\/hebrejske-gramaticke-cvicenia\/"},"modified":"2025-12-17T15:48:22","modified_gmt":"2025-12-17T15:48:22","slug":"hebrejske-gramaticke-cvicenia","status":"publish","type":"page","link":"https:\/\/talkpal.ai\/sk\/hebrejske-gramaticke-cvicenia\/","title":{"rendered":"Hebrejsk\u00e9 gramatick\u00e9 cvi\u010denia"},"content":{"rendered":"\r\n\r\n\r\n<section class=\"languageChallengeSection\">\r\n    <div class=\"languageInfoWrapper\">\r\n        \r\n        <h1>Hebrejsk\u00e9 gramatick\u00e9 cvi\u010denia<\/h1>\r\n        <p>Ste pripraven\u00ed ponori\u0165 sa do hebrejskej gramatiky? Tieto jednoduch\u00e9 cvi\u010denia v\u00e1m pom\u00f4\u017eu osvoji\u0165 si z\u00e1klady a vybudova\u0165 si sebad\u00f4veru pri u\u010den\u00ed sa tohto kr\u00e1sneho jazyka.<\/p>\r\n\r\n                            <a class=\"getStartedHidden\" href=\"https:\/\/app.talkpal.ai\/sk\/signup?lng=\">Za\u010dni<\/a>\r\n        \r\n    <\/div>\r\n\r\n    <figure>\r\n    <img decoding=\"async\" width=\"768\" height=\"768\" src=\"https:\/\/talkpal.ai\/wp-content\/uploads\/2023\/06\/hebrew-768x768.png\" class=\"languageImage no-lazy\" alt=\"Language learning for proficient communication\" fetchpriority=\"high\" sizes=\"(max-width: 768px) 150px, 768px\" srcset=\"https:\/\/talkpal.ai\/wp-content\/uploads\/2023\/06\/hebrew-768x768.png 768w, https:\/\/talkpal.ai\/wp-content\/uploads\/2023\/06\/hebrew-300x300.png 300w\" \/>\r\n    \r\n\r\n    <\/figure>\r\n\r\n            <a class=\"getStartedVisible\" href=\"https:\/\/app.talkpal.ai\/sk\/signup?lng=\">Za\u010dni<\/a>\r\n    \r\n<\/section>\r\n\r\n\r\n<!-- <section class=\"grammarSection\">\r\n    <div class=\"grammarLinks\">\r\n            <\/div>\r\n<\/section> -->\r\n\r\n\r\n\r\n\r\n<section class=\"promotionalBanner\">\r\n    <p class=\"promotionalText\">Najefekt\u00edvnej\u0161\u00ed sp\u00f4sob, ako sa nau\u010di\u0165 jazyk<\/p>\r\n    <a class=\"promotionalLink\" href=\"https:\/\/app.talkpal.ai\/sk\/signup?lng=\">Vysk\u00fa\u0161ajte Talkpal zadarmo<\/a>\r\n<\/section>\n<div class=\"wp-block-group pageContainerStyle\"><div class=\"wp-block-group__inner-container is-layout-constrained wp-block-group-is-layout-constrained\">\n<h2 class=\"wp-block-heading\" id=\"h-hebrew-grammar-topics\">T\u00e9my hebrejskej gramatiky<\/h2>\n\n\n\n<p><a href=\"https:\/\/talkpal.ai\/learn-hebrew\/\">Hebrej\u010dina<\/a> je fascinuj\u00faci a starovek\u00fd jazyk, ktor\u00fd m\u00e1 ve\u013ek\u00fd historick\u00fd a kult\u00farny v\u00fdznam. Ako jeden z najstar\u0161\u00edch jazykov na svete sa \u010dasom vyv\u00edjal a prisp\u00f4soboval, \u010do z neho rob\u00ed n\u00e1ro\u010dn\u00fd a obohacuj\u00faci jazyk na u\u010denie. \u010ci u\u017e sa u\u010d\u00edte hebrej\u010dinu z n\u00e1bo\u017eensk\u00fdch d\u00f4vodov, aby ste sa spojili so svoj\u00edm dedi\u010dstvom alebo jednoducho pre osobn\u00fd rast, pochopenie gramatiky je nevyhnutn\u00e9 pre efekt\u00edvnu komunik\u00e1ciu. V tejto pr\u00edru\u010dke presk\u00famame k\u013e\u00fa\u010dov\u00e9 t\u00e9my hebrejskej gramatiky, ktor\u00e9 mus\u00edte zvl\u00e1dnu\u0165 v logickom slede, \u010do poskytne pevn\u00fd z\u00e1klad pre va\u0161u cestu jazykov\u00e9ho vzdel\u00e1vania.<\/p>\n\n\n\n<h3 class=\"wp-block-heading\" id=\"h-1-nouns\">1. Podstatn\u00e9 men\u00e1:<\/h3>\n\n\n\n<p>Ako stavebn\u00e9 kamene ka\u017ed\u00e9ho jazyka je pochopenie hebrejsk\u00fdch podstatn\u00fdch mien rozhoduj\u00face. Podstatn\u00e9 men\u00e1 v hebrej\u010dine maj\u00fa rod (mu\u017esk\u00fd alebo \u017eensk\u00fd) a \u010d\u00edslo (jednotn\u00e9, mno\u017en\u00e9 \u010d\u00edslo a niekedy du\u00e1lne). Osvojenie si vzorov pre dohodu o pohlav\u00ed a \u010d\u00edslach v\u00e1m pom\u00f4\u017ee vytvori\u0165 z\u00e1kladn\u00e9 vety a pochopi\u0165 jazykov\u00fa \u0161trukt\u00faru.<\/p>\n\n\n\n<h3 class=\"wp-block-heading\" id=\"h-2-articles\">2. \u010cl\u00e1nky:<\/h3>\n\n\n\n<p>Hebrej\u010dina m\u00e1 ur\u010dit\u00fd \u010dlen &#8222;\u05d4&#8220; (ha), ktor\u00fd sa prip\u00e1ja na za\u010diatok podstatn\u00e9ho mena, aby sa ozna\u010dilo, \u017ee je konkr\u00e9tne alebo zn\u00e1me. V hebrej\u010dine neexistuje \u017eiadny neur\u010dit\u00fd \u010dl\u00e1nok, tak\u017ee nau\u010di\u0165 sa, kedy a ako pou\u017e\u00edva\u0165 ur\u010dit\u00fd \u010dl\u00e1nok, je nevyhnutn\u00e9 pre spr\u00e1vnu komunik\u00e1ciu.<\/p>\n\n\n\n<h3 class=\"wp-block-heading\" id=\"h-3-adjectives\">3. Pr\u00eddavn\u00e9 men\u00e1:<\/h3>\n\n\n\n<p>Hebrejsk\u00e9 pr\u00eddavn\u00e9 men\u00e1, podobne ako podstatn\u00e9 men\u00e1, maj\u00fa dohodu o pohlav\u00ed a \u010d\u00edslach. Riadia sa podstatn\u00fdm menom, ktor\u00e9 upravuj\u00fa, a musia s\u00fahlasi\u0165 s rodom a \u010d\u00edslom. Pochopenie vzorov a pravidiel pre s\u00fahlas s pr\u00eddavn\u00fdmi menami v\u00e1m pom\u00f4\u017ee presne op\u00edsa\u0165 objekty a my\u0161lienky v hebrej\u010dine.<\/p>\n\n\n\n<h3 class=\"wp-block-heading\" id=\"h-4-pronouns-determiners\">4. Z\u00e1men\u00e1\/determin\u00e1tory:<\/h3>\n\n\n\n<p>Z\u00e1men\u00e1 nahr\u00e1dzaj\u00fa podstatn\u00e9 men\u00e1 vo vet\u00e1ch, zatia\u013e \u010do determin\u00e1tory ich \u0161pecifikuj\u00fa alebo kvantifikuj\u00fa. Obe zohr\u00e1vaj\u00fa k\u013e\u00fa\u010dov\u00fa \u00falohu v tom, aby va\u0161a hebrej\u010dina plynulej\u0161ia a prirodzenej\u0161ia. Zvl\u00e1dnutie r\u00f4znych z\u00e1men (podmet, objekt, privlast\u0148ovac\u00ed) a determinantov (demon\u0161trat\u00edvny, opytovac\u00ed, neur\u010dit\u00fd) v\u00e1m pom\u00f4\u017ee vytvori\u0165 zlo\u017eitej\u0161ie vety a efekt\u00edvnej\u0161ie vyjadri\u0165 svoje my\u0161lienky.<\/p>\n\n\n\n<h3 class=\"wp-block-heading\" id=\"h-5-verbs\">5. Sloves\u00e1:<\/h3>\n\n\n\n<p>Hebrejsk\u00e9 sloves\u00e1 s\u00fa z\u00e1kladom gramatiky tohto jazyka. S\u00fa zalo\u017een\u00e9 na kore\u0148ovom syst\u00e9me pozost\u00e1vaj\u00facom z troch alebo \u0161tyroch spoluhl\u00e1sok a s\u00fa konjugovan\u00e9 pod\u013ea \u010dasu, osoby, pohlavia a \u010d\u00edsla. Obozn\u00e1menie sa s r\u00f4znymi slovesn\u00fdmi tvarmi a \u010dasmi v\u00e1m umo\u017en\u00ed efekt\u00edvne vyjadrova\u0165 akcie a stavy.<\/p>\n\n\n\n<h3 class=\"wp-block-heading\" id=\"h-6-tenses\">6. \u010casy:<\/h3>\n\n\n\n<p>Hebrej\u010dina m\u00e1 tri hlavn\u00e9 \u010dasy: minul\u00fd, pr\u00edtomn\u00fd a bud\u00faci. Ka\u017ed\u00fd \u010das m\u00e1 \u0161pecifick\u00e9 pravidl\u00e1 \u010dasovania, ktor\u00e9 z\u00e1visia od kore\u0148a slovesa, rodu a \u010d\u00edsla predmetu. Pochopenie t\u00fdchto pravidiel v\u00e1m umo\u017en\u00ed presne sprostredkova\u0165 na\u010dasovanie akci\u00ed.<\/p>\n\n\n\n<h3 class=\"wp-block-heading\" id=\"h-7-tense-comparison\">7. Nap\u00e4t\u00e9 porovnanie:<\/h3>\n\n\n\n<p>Je d\u00f4le\u017eit\u00e9 vedie\u0165, kedy a ako pou\u017e\u00edva\u0165 ka\u017ed\u00fd hebrejsk\u00fd \u010das na efekt\u00edvnu komunik\u00e1ciu. Porovnanie a kontrast r\u00f4znych \u010dasov v\u00e1m pom\u00f4\u017ee pochopi\u0165 nuansy jazyka a umo\u017en\u00ed v\u00e1m vyjadri\u0165 sa presnej\u0161ie.<\/p>\n\n\n\n<h3 class=\"wp-block-heading\" id=\"h-8-progressive-and-perfect-progressive\">8. Progres\u00edvne a dokonal\u00e9 progres\u00edvne:<\/h3>\n\n\n\n<p>Tieto slovesn\u00e9 tvary sa pou\u017e\u00edvaj\u00fa na ozna\u010denie prebiehaj\u00facich alebo dokon\u010den\u00fdch akci\u00ed. Progres\u00edvna forma sa pou\u017e\u00edva pre akcie, ktor\u00e9 st\u00e1le prebiehaj\u00fa, zatia\u013e \u010do dokonal\u00e1 progres\u00edvna zd\u00f4raz\u0148uje dokon\u010denie akcie. Pochopenie t\u00fdchto foriem zlep\u0161\u00ed va\u0161u schopnos\u0165 vyjadrova\u0165 zlo\u017eit\u00e9 my\u0161lienky a \u010diny.<\/p>\n\n\n\n<h3 class=\"wp-block-heading\" id=\"h-9-adverbs\">9. Pr\u00edslovky:<\/h3>\n\n\n\n<p>Pr\u00edslovky upravuj\u00fa sloves\u00e1, pr\u00eddavn\u00e9 men\u00e1 alebo in\u00e9 pr\u00edslovky a poskytuj\u00fa \u010fal\u0161ie inform\u00e1cie o op\u00edsanej akcii alebo kvalite. Nau\u010di\u0165 sa r\u00f4zne typy hebrejsk\u00fdch pr\u00edsloviek a ako ich spr\u00e1vne pou\u017e\u00edva\u0165, dod\u00e1 va\u0161im jazykov\u00fdm zru\u010dnostiam rozmanitos\u0165 a h\u013abku.<\/p>\n\n\n\n<h3 class=\"wp-block-heading\" id=\"h-10-prepositions\">10. Predlo\u017eky:<\/h3>\n\n\n\n<p>Predlo\u017eky sp\u00e1jaj\u00fa podstatn\u00e9 men\u00e1, z\u00e1men\u00e1 alebo in\u00e9 slov\u00e1 na zobrazenie vz\u0165ahov v \u010dase, mieste alebo in\u00fdch kontextoch. Zvl\u00e1dnutie hebrejsk\u00fdch predlo\u017eiek v\u00e1m pom\u00f4\u017ee vytvori\u0165 zlo\u017eitej\u0161ie vety a jasnej\u0161ie vyjadri\u0165 vz\u0165ahy medzi my\u0161lienkami.<\/p>\n\n\n\n<h3 class=\"wp-block-heading\" id=\"h-11-conditionals\">11. Podmienky:<\/h3>\n\n\n\n<p>Hebrejsk\u00e9 podmienen\u00e9 podmienky sa pou\u017e\u00edvaj\u00fa na vyjadrenie hypotetick\u00fdch situ\u00e1ci\u00ed a ich d\u00f4sledkov. Osvojenie si r\u00f4znych podmienen\u00fdch \u0161trukt\u00far (pr\u00edkazy ak\/potom) v\u00e1m umo\u017en\u00ed efekt\u00edvne komunikova\u0165 v hypotetick\u00fdch alebo neist\u00fdch situ\u00e1ci\u00e1ch.<\/p>\n\n\n\n<h3 class=\"wp-block-heading\" id=\"h-12-sentences\">12. Vety:<\/h3>\n\n\n\n<p>Nakoniec, spojenie v\u0161etk\u00fdch gramatick\u00fdch zlo\u017eiek do \u00fapln\u00fdch, s\u00favisl\u00fdch viet je kone\u010dn\u00fdm cie\u013eom u\u010denia sa hebrej\u010diny. Precvi\u010dte si kombinovanie podstatn\u00fdch mien, slovies, pr\u00eddavn\u00fdch mien a \u010fal\u0161\u00edch prvkov, aby ste vytvorili vety, ktor\u00e9 presne vyjadruj\u00fa va\u0161e my\u0161lienky a n\u00e1pady v hebrejskom jazyku.<\/p>\n<\/div><\/div>\n\r\n<section class=\"learnNavigationSection\">\r\n            \r\n        <a href=\"https:\/\/talkpal.ai\/sk\/naucte-sa-hebrejsky\/\">\r\n            <div class=\"learnNavigationWrapper\">\r\n                <div class=\"learnNavigationContent\">\r\n                    <img decoding=\"async\" src=\"https:\/\/talkpal.ai\/wp-content\/uploads\/2024\/08\/Hebrew.jpg\" alt=\"Israel Flag\">\r\n                    <div>\r\n                        <h4>O u\u010den\u00ed hebrej\u010diny<\/h4>\r\n                        <p>Zistite v\u0161etko o hebrejskej gramatike.<\/p>\r\n                    <\/div>\r\n                <\/div>\r\n            <\/div>\r\n        <\/a>\r\n\r\n        \r\n        <a href=\"https:\/\/talkpal.ai\/sk\/hebrejska-gramatika\/\">\r\n            <div class=\"learnNavigationWrapper\">\r\n                <div class=\"learnNavigationContent\">\r\n                    <img decoding=\"async\" src=\"https:\/\/talkpal.ai\/wp-content\/uploads\/2024\/08\/Hebrew.jpg\" alt=\"Israel Flag\">\r\n                    <div>\r\n                        <h4>Lekcie hebrejskej gramatiky<\/h4>\r\n                        <p>Precvi\u010dte si hebrejsk\u00fa gramatiku.<\/p>\r\n                    <\/div>\r\n                <\/div>\r\n            <\/div>\r\n        <\/a>\r\n\r\n        \r\n        <a href=\"https:\/\/talkpal.ai\/vocabulary_language\/hebrew\/\">\r\n            <div class=\"learnNavigationWrapper\">\r\n                <div class=\"learnNavigationContent\">\r\n                    <img decoding=\"async\" src=\"https:\/\/talkpal.ai\/wp-content\/uploads\/2024\/08\/Hebrew.jpg\" alt=\"Israel Flag\">\r\n                    <div>\r\n                        <h4>Hebrejsk\u00e1 slovn\u00e1 z\u00e1soba<\/h4>\r\n                        <p>Roz\u0161\u00edrte si slovn\u00fa z\u00e1sobu hebrej\u010diny.<\/p>\r\n                    <\/div>\r\n                <\/div>\r\n            <\/div>\r\n        <\/a>\r\n\r\n            <\/section>","protected":false},"excerpt":{"rendered":"<p>T\u00e9my hebrejskej gramatiky Hebrej\u010dina je fascinuj\u00faci a starovek\u00fd jazyk, ktor\u00fd m\u00e1 ve\u013ek\u00fd historick\u00fd a kult\u00farny v\u00fdznam. Ako jeden z najstar\u0161\u00edch jazykov na svete sa \u010dasom vyv\u00edjal a prisp\u00f4soboval, \u010do z neho rob\u00ed n\u00e1ro\u010dn\u00fd a obohacuj\u00faci jazyk na u\u010denie. \u010ci u\u017e sa u\u010d\u00edte hebrej\u010dinu z n\u00e1bo\u017eensk\u00fdch d\u00f4vodov, aby ste sa spojili so svoj\u00edm dedi\u010dstvom alebo jednoducho [&hellip;]<\/p>\n","protected":false},"author":6,"featured_media":112890,"parent":0,"menu_order":0,"comment_status":"closed","ping_status":"closed","template":"LearningContentPage.php","meta":{"_acf_changed":false,"footnotes":""},"class_list":["post-162161","page","type-page","status-publish","has-post-thumbnail","hentry"],"acf":[],"yoast_head":"<!-- This site is optimized with the Yoast SEO Premium plugin v27.2 (Yoast SEO v27.2) - https:\/\/yoast.com\/product\/yoast-seo-premium-wordpress\/ -->\n<title>Hebrejsk\u00e9 gramatick\u00e9 cvi\u010denia - Talkpal<\/title>\n<meta name=\"description\" content=\"Zlep\u0161ite si hebrejsk\u00fa gramatiku - zapojte sa do jasn\u00fdch, praktick\u00fdch cvi\u010den\u00ed, aby ste si \u013eahko posilnili svoje jazykov\u00e9 zru\u010dnosti pomocou Talkpal AI.\" \/>\n<meta name=\"robots\" content=\"index, follow, max-snippet:-1, max-image-preview:large, max-video-preview:-1\" \/>\n<link rel=\"canonical\" href=\"https:\/\/talkpal.ai\/sk\/hebrejske-gramaticke-cvicenia\/\" \/>\n<meta property=\"og:locale\" content=\"sk_SK\" \/>\n<meta property=\"og:type\" content=\"article\" \/>\n<meta property=\"og:title\" content=\"Hebrejsk\u00e9 gramatick\u00e9 cvi\u010denia\" \/>\n<meta property=\"og:description\" content=\"T\u00e9my hebrejskej gramatiky Hebrej\u010dina je fascinuj\u00faci a starovek\u00fd jazyk, ktor\u00fd m\u00e1 ve\u013ek\u00fd historick\u00fd a kult\u00farny v\u00fdznam. Ako jeden z najstar\u0161\u00edch jazykov na\" \/>\n<meta property=\"og:url\" content=\"https:\/\/talkpal.ai\/sk\/hebrejske-gramaticke-cvicenia\/\" \/>\n<meta property=\"og:site_name\" content=\"Talkpal\" \/>\n<meta property=\"article:publisher\" content=\"https:\/\/www.facebook.com\/profile.php?id=100090733639311\" \/>\n<meta property=\"article:modified_time\" content=\"2025-12-17T15:48:22+00:00\" \/>\n<meta property=\"og:image\" content=\"https:\/\/talkpal.ai\/wp-content\/uploads\/2023\/05\/israel.png\" \/>\n\t<meta property=\"og:image:width\" content=\"512\" \/>\n\t<meta property=\"og:image:height\" content=\"512\" \/>\n\t<meta property=\"og:image:type\" content=\"image\/png\" \/>\n<meta name=\"twitter:card\" content=\"summary_large_image\" \/>\n<meta name=\"twitter:site\" content=\"@talkpalai\" \/>\n<meta name=\"twitter:label1\" content=\"Predpokladan\u00fd \u010das \u010d\u00edtania\" \/>\n\t<meta name=\"twitter:data1\" content=\"4 min\u00faty\" \/>\n<script type=\"application\/ld+json\" class=\"yoast-schema-graph\">{\"@context\":\"https:\/\/schema.org\",\"@graph\":[{\"@type\":\"WebPage\",\"@id\":\"https:\/\/talkpal.ai\/sk\/hebrejske-gramaticke-cvicenia\/\",\"url\":\"https:\/\/talkpal.ai\/sk\/hebrejske-gramaticke-cvicenia\/\",\"name\":\"Hebrejsk\u00e9 gramatick\u00e9 cvi\u010denia - Talkpal\",\"isPartOf\":{\"@id\":\"https:\/\/talkpal.ai\/sk\/#website\"},\"primaryImageOfPage\":{\"@id\":\"https:\/\/talkpal.ai\/sk\/hebrejske-gramaticke-cvicenia\/#primaryimage\"},\"image\":{\"@id\":\"https:\/\/talkpal.ai\/sk\/hebrejske-gramaticke-cvicenia\/#primaryimage\"},\"thumbnailUrl\":\"https:\/\/talkpal.ai\/wp-content\/uploads\/2023\/05\/israel.png\",\"datePublished\":\"2023-06-21T14:25:56+00:00\",\"dateModified\":\"2025-12-17T15:48:22+00:00\",\"description\":\"Zlep\u0161ite si hebrejsk\u00fa gramatiku - zapojte sa do jasn\u00fdch, praktick\u00fdch cvi\u010den\u00ed, aby ste si \u013eahko posilnili svoje jazykov\u00e9 zru\u010dnosti pomocou Talkpal AI.\",\"breadcrumb\":{\"@id\":\"https:\/\/talkpal.ai\/sk\/hebrejske-gramaticke-cvicenia\/#breadcrumb\"},\"inLanguage\":\"sk-SK\",\"potentialAction\":[{\"@type\":\"ReadAction\",\"target\":[\"https:\/\/talkpal.ai\/sk\/hebrejske-gramaticke-cvicenia\/\"]}]},{\"@type\":\"ImageObject\",\"inLanguage\":\"sk-SK\",\"@id\":\"https:\/\/talkpal.ai\/sk\/hebrejske-gramaticke-cvicenia\/#primaryimage\",\"url\":\"https:\/\/talkpal.ai\/wp-content\/uploads\/2023\/05\/israel.png\",\"contentUrl\":\"https:\/\/talkpal.ai\/wp-content\/uploads\/2023\/05\/israel.png\",\"width\":512,\"height\":512},{\"@type\":\"BreadcrumbList\",\"@id\":\"https:\/\/talkpal.ai\/sk\/hebrejske-gramaticke-cvicenia\/#breadcrumb\",\"itemListElement\":[{\"@type\":\"ListItem\",\"position\":1,\"name\":\"Homepage\",\"item\":\"https:\/\/talkpal.ai\/sk\/\"},{\"@type\":\"ListItem\",\"position\":2,\"name\":\"Hebrejsk\u00e9 gramatick\u00e9 cvi\u010denia\"}]},{\"@type\":\"WebSite\",\"@id\":\"https:\/\/talkpal.ai\/sk\/#website\",\"url\":\"https:\/\/talkpal.ai\/sk\/\",\"name\":\"Talkpal\",\"description\":\"AI Language Learning\",\"publisher\":{\"@id\":\"https:\/\/talkpal.ai\/sk\/#organization\"},\"alternateName\":\"Talkpal AI\",\"potentialAction\":[{\"@type\":\"SearchAction\",\"target\":{\"@type\":\"EntryPoint\",\"urlTemplate\":\"https:\/\/talkpal.ai\/sk\/?s={search_term_string}\"},\"query-input\":{\"@type\":\"PropertyValueSpecification\",\"valueRequired\":true,\"valueName\":\"search_term_string\"}}],\"inLanguage\":\"sk-SK\"},{\"@type\":\"Organization\",\"@id\":\"https:\/\/talkpal.ai\/sk\/#organization\",\"name\":\"Talkpal, Inc.\",\"alternateName\":\"Talkpal AI\",\"url\":\"https:\/\/talkpal.ai\/sk\/\",\"logo\":{\"@type\":\"ImageObject\",\"inLanguage\":\"sk-SK\",\"@id\":\"https:\/\/talkpal.ai\/sk\/#\/schema\/logo\/image\/\",\"url\":\"https:\/\/talkpal.ai\/wp-content\/uploads\/2024\/03\/Talkpal-Logo-Icon.png\",\"contentUrl\":\"https:\/\/talkpal.ai\/wp-content\/uploads\/2024\/03\/Talkpal-Logo-Icon.png\",\"width\":2880,\"height\":2880,\"caption\":\"Talkpal, Inc.\"},\"image\":{\"@id\":\"https:\/\/talkpal.ai\/sk\/#\/schema\/logo\/image\/\"},\"sameAs\":[\"https:\/\/www.facebook.com\/profile.php?id=100090733639311\",\"https:\/\/x.com\/talkpalai\",\"https:\/\/www.linkedin.com\/company\/talkpal\/\",\"https:\/\/www.youtube.com\/@TalkPal\/\",\"https:\/\/www.tiktok.com\/@talkpal\",\"https:\/\/www.instagram.com\/talkpal_ai\/\",\"https:\/\/www.crunchbase.com\/organization\/talkpal-9cde\",\"https:\/\/www.g2.com\/products\/talkpal-for-business\/\",\"https:\/\/www.trustpilot.com\/review\/talkpal.ai\",\"https:\/\/www.capterra.com\/p\/10006800\/TalkPal\/\"],\"description\":\"Talkpal is a language learning web and mobile education app, powered by the latest AI technologies, that provides engaging experiences to its customers in many different languages to help them improve their language skills. Users can chat about unlimited amount of topics with the app and use other modes to practice their language learning.\",\"email\":\"support@talkpal.ai\",\"legalName\":\"Talkpal, Inc.\",\"foundingDate\":\"2023-04-03\",\"duns\":\"118989042\",\"numberOfEmployees\":{\"@type\":\"QuantitativeValue\",\"minValue\":\"11\",\"maxValue\":\"50\"},\"publishingPrinciples\":\"https:\/\/talkpal.ai\/publishing-principles\/\",\"actionableFeedbackPolicy\":\"https:\/\/talkpal.ai\/actionable-feedback-policy\/\",\"correctionsPolicy\":\"https:\/\/talkpal.ai\/corrections-policy\/\",\"ethicsPolicy\":\"https:\/\/talkpal.ai\/ethics-policy\/\",\"diversityPolicy\":\"https:\/\/talkpal.ai\/diversity-policy\/\",\"diversityStaffingReport\":\"https:\/\/talkpal.ai\/diversity-policy\/\"}]}<\/script>\n<!-- \/ Yoast SEO Premium plugin. -->","yoast_head_json":{"title":"Hebrejsk\u00e9 gramatick\u00e9 cvi\u010denia - Talkpal","description":"Zlep\u0161ite si hebrejsk\u00fa gramatiku - zapojte sa do jasn\u00fdch, praktick\u00fdch cvi\u010den\u00ed, aby ste si \u013eahko posilnili svoje jazykov\u00e9 zru\u010dnosti pomocou Talkpal AI.","robots":{"index":"index","follow":"follow","max-snippet":"max-snippet:-1","max-image-preview":"max-image-preview:large","max-video-preview":"max-video-preview:-1"},"canonical":"https:\/\/talkpal.ai\/sk\/hebrejske-gramaticke-cvicenia\/","og_locale":"sk_SK","og_type":"article","og_title":"Hebrejsk\u00e9 gramatick\u00e9 cvi\u010denia","og_description":"T\u00e9my hebrejskej gramatiky Hebrej\u010dina je fascinuj\u00faci a starovek\u00fd jazyk, ktor\u00fd m\u00e1 ve\u013ek\u00fd historick\u00fd a kult\u00farny v\u00fdznam. Ako jeden z najstar\u0161\u00edch jazykov na","og_url":"https:\/\/talkpal.ai\/sk\/hebrejske-gramaticke-cvicenia\/","og_site_name":"Talkpal","article_publisher":"https:\/\/www.facebook.com\/profile.php?id=100090733639311","article_modified_time":"2025-12-17T15:48:22+00:00","og_image":[{"width":512,"height":512,"url":"https:\/\/talkpal.ai\/wp-content\/uploads\/2023\/05\/israel.png","type":"image\/png"}],"twitter_card":"summary_large_image","twitter_site":"@talkpalai","twitter_misc":{"Predpokladan\u00fd \u010das \u010d\u00edtania":"4 min\u00faty"},"schema":{"@context":"https:\/\/schema.org","@graph":[{"@type":"WebPage","@id":"https:\/\/talkpal.ai\/sk\/hebrejske-gramaticke-cvicenia\/","url":"https:\/\/talkpal.ai\/sk\/hebrejske-gramaticke-cvicenia\/","name":"Hebrejsk\u00e9 gramatick\u00e9 cvi\u010denia - Talkpal","isPartOf":{"@id":"https:\/\/talkpal.ai\/sk\/#website"},"primaryImageOfPage":{"@id":"https:\/\/talkpal.ai\/sk\/hebrejske-gramaticke-cvicenia\/#primaryimage"},"image":{"@id":"https:\/\/talkpal.ai\/sk\/hebrejske-gramaticke-cvicenia\/#primaryimage"},"thumbnailUrl":"https:\/\/talkpal.ai\/wp-content\/uploads\/2023\/05\/israel.png","datePublished":"2023-06-21T14:25:56+00:00","dateModified":"2025-12-17T15:48:22+00:00","description":"Zlep\u0161ite si hebrejsk\u00fa gramatiku - zapojte sa do jasn\u00fdch, praktick\u00fdch cvi\u010den\u00ed, aby ste si \u013eahko posilnili svoje jazykov\u00e9 zru\u010dnosti pomocou Talkpal AI.","breadcrumb":{"@id":"https:\/\/talkpal.ai\/sk\/hebrejske-gramaticke-cvicenia\/#breadcrumb"},"inLanguage":"sk-SK","potentialAction":[{"@type":"ReadAction","target":["https:\/\/talkpal.ai\/sk\/hebrejske-gramaticke-cvicenia\/"]}]},{"@type":"ImageObject","inLanguage":"sk-SK","@id":"https:\/\/talkpal.ai\/sk\/hebrejske-gramaticke-cvicenia\/#primaryimage","url":"https:\/\/talkpal.ai\/wp-content\/uploads\/2023\/05\/israel.png","contentUrl":"https:\/\/talkpal.ai\/wp-content\/uploads\/2023\/05\/israel.png","width":512,"height":512},{"@type":"BreadcrumbList","@id":"https:\/\/talkpal.ai\/sk\/hebrejske-gramaticke-cvicenia\/#breadcrumb","itemListElement":[{"@type":"ListItem","position":1,"name":"Homepage","item":"https:\/\/talkpal.ai\/sk\/"},{"@type":"ListItem","position":2,"name":"Hebrejsk\u00e9 gramatick\u00e9 cvi\u010denia"}]},{"@type":"WebSite","@id":"https:\/\/talkpal.ai\/sk\/#website","url":"https:\/\/talkpal.ai\/sk\/","name":"Talkpal","description":"AI Language Learning","publisher":{"@id":"https:\/\/talkpal.ai\/sk\/#organization"},"alternateName":"Talkpal AI","potentialAction":[{"@type":"SearchAction","target":{"@type":"EntryPoint","urlTemplate":"https:\/\/talkpal.ai\/sk\/?s={search_term_string}"},"query-input":{"@type":"PropertyValueSpecification","valueRequired":true,"valueName":"search_term_string"}}],"inLanguage":"sk-SK"},{"@type":"Organization","@id":"https:\/\/talkpal.ai\/sk\/#organization","name":"Talkpal, Inc.","alternateName":"Talkpal AI","url":"https:\/\/talkpal.ai\/sk\/","logo":{"@type":"ImageObject","inLanguage":"sk-SK","@id":"https:\/\/talkpal.ai\/sk\/#\/schema\/logo\/image\/","url":"https:\/\/talkpal.ai\/wp-content\/uploads\/2024\/03\/Talkpal-Logo-Icon.png","contentUrl":"https:\/\/talkpal.ai\/wp-content\/uploads\/2024\/03\/Talkpal-Logo-Icon.png","width":2880,"height":2880,"caption":"Talkpal, Inc."},"image":{"@id":"https:\/\/talkpal.ai\/sk\/#\/schema\/logo\/image\/"},"sameAs":["https:\/\/www.facebook.com\/profile.php?id=100090733639311","https:\/\/x.com\/talkpalai","https:\/\/www.linkedin.com\/company\/talkpal\/","https:\/\/www.youtube.com\/@TalkPal\/","https:\/\/www.tiktok.com\/@talkpal","https:\/\/www.instagram.com\/talkpal_ai\/","https:\/\/www.crunchbase.com\/organization\/talkpal-9cde","https:\/\/www.g2.com\/products\/talkpal-for-business\/","https:\/\/www.trustpilot.com\/review\/talkpal.ai","https:\/\/www.capterra.com\/p\/10006800\/TalkPal\/"],"description":"Talkpal is a language learning web and mobile education app, powered by the latest AI technologies, that provides engaging experiences to its customers in many different languages to help them improve their language skills. Users can chat about unlimited amount of topics with the app and use other modes to practice their language learning.","email":"support@talkpal.ai","legalName":"Talkpal, Inc.","foundingDate":"2023-04-03","duns":"118989042","numberOfEmployees":{"@type":"QuantitativeValue","minValue":"11","maxValue":"50"},"publishingPrinciples":"https:\/\/talkpal.ai\/publishing-principles\/","actionableFeedbackPolicy":"https:\/\/talkpal.ai\/actionable-feedback-policy\/","correctionsPolicy":"https:\/\/talkpal.ai\/corrections-policy\/","ethicsPolicy":"https:\/\/talkpal.ai\/ethics-policy\/","diversityPolicy":"https:\/\/talkpal.ai\/diversity-policy\/","diversityStaffingReport":"https:\/\/talkpal.ai\/diversity-policy\/"}]}},"_links":{"self":[{"href":"https:\/\/talkpal.ai\/sk\/wp-json\/wp\/v2\/pages\/162161","targetHints":{"allow":["GET"]}}],"collection":[{"href":"https:\/\/talkpal.ai\/sk\/wp-json\/wp\/v2\/pages"}],"about":[{"href":"https:\/\/talkpal.ai\/sk\/wp-json\/wp\/v2\/types\/page"}],"author":[{"embeddable":true,"href":"https:\/\/talkpal.ai\/sk\/wp-json\/wp\/v2\/users\/6"}],"replies":[{"embeddable":true,"href":"https:\/\/talkpal.ai\/sk\/wp-json\/wp\/v2\/comments?post=162161"}],"version-history":[{"count":0,"href":"https:\/\/talkpal.ai\/sk\/wp-json\/wp\/v2\/pages\/162161\/revisions"}],"wp:featuredmedia":[{"embeddable":true,"href":"https:\/\/talkpal.ai\/sk\/wp-json\/wp\/v2\/media\/112890"}],"wp:attachment":[{"href":"https:\/\/talkpal.ai\/sk\/wp-json\/wp\/v2\/media?parent=162161"}],"curies":[{"name":"wp","href":"https:\/\/api.w.org\/{rel}","templated":true}]}}