{"id":161875,"date":"2023-06-21T14:29:48","date_gmt":"2023-06-21T14:29:48","guid":{"rendered":"http:\/\/talkpal.ai\/madarske-gramaticke-cvicenia\/"},"modified":"2025-12-17T15:49:46","modified_gmt":"2025-12-17T15:49:46","slug":"madarske-gramaticke-cvicenia","status":"publish","type":"page","link":"https:\/\/talkpal.ai\/sk\/madarske-gramaticke-cvicenia\/","title":{"rendered":"Ma\u010farsk\u00e9 gramatick\u00e9 cvi\u010denia"},"content":{"rendered":"\r\n\r\n\r\n<section class=\"languageChallengeSection\">\r\n    <div class=\"languageInfoWrapper\">\r\n        \r\n        <h1>Ma\u010farsk\u00e9 gramatick\u00e9 cvi\u010denia<\/h1>\r\n        <p>Ste pripraven\u00ed posilni\u0165 svoje znalosti ma\u010far\u010diny? Precvi\u010dovanie gramatick\u00fdch cvi\u010den\u00ed je skvel\u00fd sp\u00f4sob, ako si osvoji\u0165 slovosled, koncovky slovies a jedine\u010dn\u00fa \u0161trukt\u00faru ma\u010far\u010diny. Ponorte sa do ma\u010farskej gramatiky e\u0161te dnes a s ka\u017ed\u00fdm cvi\u010den\u00edm uvid\u00edte, ako rastie va\u0161a sebad\u00f4vera a plynulos\u0165!<\/p>\r\n\r\n                            <a class=\"getStartedHidden\" href=\"https:\/\/app.talkpal.ai\/sk\/signup?lng=\">Za\u010dni<\/a>\r\n        \r\n    <\/div>\r\n\r\n    <figure>\r\n    <img decoding=\"async\" width=\"768\" height=\"768\" src=\"https:\/\/talkpal.ai\/wp-content\/uploads\/2023\/06\/hungarian-768x768.png\" class=\"languageImage no-lazy\" alt=\"Language learning strategies for advanced learners\" fetchpriority=\"high\" sizes=\"(max-width: 768px) 150px, 768px\" srcset=\"https:\/\/talkpal.ai\/wp-content\/uploads\/2023\/06\/hungarian-768x768.png 768w, https:\/\/talkpal.ai\/wp-content\/uploads\/2023\/06\/hungarian-300x300.png 300w\" \/>\r\n    \r\n\r\n    <\/figure>\r\n\r\n            <a class=\"getStartedVisible\" href=\"https:\/\/app.talkpal.ai\/sk\/signup?lng=\">Za\u010dni<\/a>\r\n    \r\n<\/section>\r\n\r\n\r\n<!-- <section class=\"grammarSection\">\r\n    <div class=\"grammarLinks\">\r\n            <\/div>\r\n<\/section> -->\r\n\r\n\r\n\r\n\r\n<section class=\"promotionalBanner\">\r\n    <p class=\"promotionalText\">Najefekt\u00edvnej\u0161\u00ed sp\u00f4sob, ako sa nau\u010di\u0165 jazyk<\/p>\r\n    <a class=\"promotionalLink\" href=\"https:\/\/app.talkpal.ai\/sk\/signup?lng=\">Vysk\u00fa\u0161ajte Talkpal zadarmo<\/a>\r\n<\/section>\n<div class=\"wp-block-group pageContainerStyle\"><div class=\"wp-block-group__inner-container is-layout-constrained wp-block-group-is-layout-constrained\">\n<h2 class=\"wp-block-heading\" id=\"h-hungarian-grammar-topics\">T\u00e9my ma\u010farskej gramatiky<\/h2>\n\n\n\n<p><a href=\"https:\/\/talkpal.ai\/sk\/ucenie\/\">U\u010denie sa<\/a> nov\u00e9ho jazyka m\u00f4\u017ee by\u0165 vzru\u0161uj\u00facim a obohacuj\u00facim z\u00e1\u017eitkom. M\u00f4\u017ee to v\u0161ak by\u0165 aj dos\u0165 ohromuj\u00face, najm\u00e4 pokia\u013e ide o pochopenie a zvl\u00e1dnutie gramatick\u00fdch t\u00e9m. Dobre \u0161trukt\u00farovan\u00fd pr\u00edstup k u\u010deniu gramatiky je rozhoduj\u00faci pre \u00faspe\u0161n\u00e9 osvojenie si nov\u00e9ho jazyka. V tejto pr\u00edru\u010dke sme zoskupili gramatick\u00e9 t\u00e9my do sekvencie, ktor\u00e1 v\u00e1m pom\u00f4\u017ee <a href=\"https:\/\/talkpal.ai\/sk\/ako-sa-naucit-jazyk-rychlo-a-efektivne-tipy-ktore-funguju\/\">nau\u010di\u0165 sa jazyk<\/a> efekt\u00edvnej\u0161ie. Pochopen\u00edm a zvl\u00e1dnut\u00edm t\u00fdchto t\u00e9m budete na dobrej ceste k tomu, aby ste sa stali zdatn\u00fdmi vo svojom cie\u013eovom jazyku.<\/p>\n\n\n\n<h3 class=\"wp-block-heading\" id=\"h-1-nouns-and-articles\">1. Podstatn\u00e9 men\u00e1 a \u010dl\u00e1nky<\/h3>\n\n\n\n<p>Za\u010dnite svoju cestu jazykov\u00e9ho vzdel\u00e1vania pochopen\u00edm z\u00e1kladov podstatn\u00fdch mien a \u010dl\u00e1nkov. Podstatn\u00e9 men\u00e1 s\u00fa slov\u00e1, ktor\u00e9 predstavuj\u00fa \u013eud\u00ed, miesta, veci alebo my\u0161lienky. \u010cl\u00e1nky sa pou\u017e\u00edvaj\u00fa na ozna\u010denie \u0161pecifickosti podstatn\u00e9ho mena. Ich u\u010denie v\u00e1m pom\u00f4\u017ee vytvori\u0165 jednoduch\u00e9 vety a pochopi\u0165 \u0161trukt\u00faru jazyka.<\/p>\n\n\n\n<h3 class=\"wp-block-heading\" id=\"h-2-pronouns-determiners\">2. Z\u00e1men\u00e1\/determin\u00e1tory<\/h3>\n\n\n\n<p>Z\u00e1men\u00e1 nahr\u00e1dzaj\u00fa podstatn\u00e9 men\u00e1 vo vete a pom\u00e1haj\u00fa vyhn\u00fa\u0165 sa opakovaniu, zatia\u013e \u010do ur\u010dovacie z\u00e1men\u00e1 poskytuj\u00fa inform\u00e1cie o mno\u017estve alebo ur\u010ditosti podstatn\u00e9ho mena. Zvl\u00e1dnutie t\u00fdchto t\u00e9m zlep\u0161\u00ed va\u0161u plynulos\u0165 a porozumenie.<\/p>\n\n\n\n<h3 class=\"wp-block-heading\" id=\"h-3-adjectives-and-adverbs\">3. Pr\u00eddavn\u00e9 men\u00e1 a pr\u00edslovky<\/h3>\n\n\n\n<p>Pr\u00eddavn\u00e9 men\u00e1 opisuj\u00fa podstatn\u00e9 men\u00e1, zatia\u013e \u010do pr\u00edslovky modifikuj\u00fa sloves\u00e1, pr\u00eddavn\u00e9 men\u00e1 alebo in\u00e9 pr\u00edslovky. T\u00fdm, \u017ee sa ich nau\u010d\u00edte, m\u00f4\u017eete do svojich viet prida\u0165 viac podrobnost\u00ed a jasnosti, v\u010faka \u010domu bud\u00fa va\u0161e jazykov\u00e9 zru\u010dnosti expres\u00edvnej\u0161ie a p\u00fatavej\u0161ie.<\/p>\n\n\n\n<h3 class=\"wp-block-heading\" id=\"h-4-verbs-tenses-and-tense-comparison\">4. Sloves\u00e1, \u010dasy a porovnanie nap\u00e4tia<\/h3>\n\n\n\n<p>Sloves\u00e1 vyjadruj\u00fa akcie alebo stavy bytia a \u010dasy ozna\u010duj\u00fa \u010das, kedy sa akcia odohr\u00e1va. Pochopenie nap\u00e4t\u00e9ho porovn\u00e1vania v\u00e1m umo\u017e\u0148uje presne diskutova\u0165 o minul\u00fdch, s\u00fa\u010dasn\u00fdch a bud\u00facich akci\u00e1ch.<\/p>\n\n\n\n<h3 class=\"wp-block-heading\" id=\"h-5-progressive-and-perfect-progressive\">5. Progres\u00edvne a dokonal\u00e9 progres\u00edvne<\/h3>\n\n\n\n<p>Progres\u00edvny \u010das sa zameriava na prebiehaj\u00face akcie, zatia\u013e \u010do dokonal\u00fd progres\u00edvny \u010das zd\u00f4raz\u0148uje trvanie akcie do ur\u010dit\u00e9ho \u010dasov\u00e9ho bodu. Tieto \u010dasy zvy\u0161uj\u00fa va\u0161u schopnos\u0165 vyjadrova\u0165 zlo\u017eit\u00e9 my\u0161lienky a my\u0161lienky v jazyku.<\/p>\n\n\n\n<h3 class=\"wp-block-heading\" id=\"h-6-conditionals\">6. Podmienky<\/h3>\n\n\n\n<p>Podmienky opisuj\u00fa hypotetick\u00e9 alebo mo\u017en\u00e9 situ\u00e1cie a ich d\u00f4sledky. Zvl\u00e1dnutie kondicion\u00e1lov v\u00e1m pom\u00f4\u017ee vyjadri\u0165 jemnej\u0161ie a podrobnej\u0161ie my\u0161lienky vo va\u0161om cie\u013eovom jazyku.<\/p>\n\n\n\n<h3 class=\"wp-block-heading\" id=\"h-7-prepositions\">7. Predlo\u017eky<\/h3>\n\n\n\n<p>Predlo\u017eky zobrazuj\u00fa vz\u0165ahy medzi slovami vo vete, napr\u00edklad miesto, smer alebo \u010das. Tieto mal\u00e9 slov\u00e1 zohr\u00e1vaj\u00fa v\u00fdznamn\u00fa \u00falohu pri formovan\u00ed v\u00fdznamu vety.<\/p>\n\n\n\n<h3 class=\"wp-block-heading\" id=\"h-8-sentences\">8. Vety<\/h3>\n\n\n\n<p>Nakoniec, pochopenie \u0161trukt\u00fary viet a schopnos\u0165 kon\u0161truova\u0165 r\u00f4zne typy viet je nevyhnutn\u00e9 pre jasn\u00fa a efekt\u00edvnu komunik\u00e1ciu v akomko\u013evek jazyku. Nau\u010dte sa, ako vytv\u00e1ra\u0165 jednoduch\u00e9, zlo\u017een\u00e9 a zlo\u017eit\u00e9 vety, a precvi\u010dte si pou\u017e\u00edvanie r\u00f4znych vetn\u00fdch \u0161trukt\u00far, aby ste presne vyjadrili svoje my\u0161lienky.<\/p>\n<\/div><\/div>\n\r\n<section class=\"learnNavigationSection\">\r\n            \r\n        <a href=\"https:\/\/talkpal.ai\/sk\/naucte-sa-po-madarsky\/\">\r\n            <div class=\"learnNavigationWrapper\">\r\n                <div class=\"learnNavigationContent\">\r\n                    <img decoding=\"async\" src=\"https:\/\/talkpal.ai\/wp-content\/uploads\/2024\/08\/Hungarian.jpg\" alt=\"Hungarian Flag\">\r\n                    <div>\r\n                        <h4>O ma\u010farskom vzdel\u00e1van\u00ed<\/h4>\r\n                        <p>Zistite v\u0161etko o ma\u010farskej gramatike.<\/p>\r\n                    <\/div>\r\n                <\/div>\r\n            <\/div>\r\n        <\/a>\r\n\r\n        \r\n        <a href=\"https:\/\/talkpal.ai\/sk\/madarska-gramatika\/\">\r\n            <div class=\"learnNavigationWrapper\">\r\n                <div class=\"learnNavigationContent\">\r\n                    <img decoding=\"async\" src=\"https:\/\/talkpal.ai\/wp-content\/uploads\/2024\/08\/Hungarian.jpg\" alt=\"Hungarian Flag\">\r\n                    <div>\r\n                        <h4>Lekcie ma\u010farskej gramatiky<\/h4>\r\n                        <p>Precvi\u010dte si ma\u010farsk\u00fa gramatiku.<\/p>\r\n                    <\/div>\r\n                <\/div>\r\n            <\/div>\r\n        <\/a>\r\n\r\n        \r\n        <a href=\"https:\/\/talkpal.ai\/vocabulary_language\/hungarian\/\">\r\n            <div class=\"learnNavigationWrapper\">\r\n                <div class=\"learnNavigationContent\">\r\n                    <img decoding=\"async\" src=\"https:\/\/talkpal.ai\/wp-content\/uploads\/2024\/08\/Hungarian.jpg\" alt=\"Hungarian Flag\">\r\n                    <div>\r\n                        <h4>Ma\u010farsk\u00e1 slovn\u00e1 z\u00e1soba<\/h4>\r\n                        <p>Roz\u0161\u00edrte si slovn\u00fa z\u00e1sobu ma\u010far\u010diny.<\/p>\r\n                    <\/div>\r\n                <\/div>\r\n            <\/div>\r\n        <\/a>\r\n\r\n            <\/section>","protected":false},"excerpt":{"rendered":"<p>T\u00e9my ma\u010farskej gramatiky U\u010denie sa nov\u00e9ho jazyka m\u00f4\u017ee by\u0165 vzru\u0161uj\u00facim a obohacuj\u00facim z\u00e1\u017eitkom. M\u00f4\u017ee to v\u0161ak by\u0165 aj dos\u0165 ohromuj\u00face, najm\u00e4 pokia\u013e ide o pochopenie a zvl\u00e1dnutie gramatick\u00fdch t\u00e9m. Dobre \u0161trukt\u00farovan\u00fd pr\u00edstup k u\u010deniu gramatiky je rozhoduj\u00faci pre \u00faspe\u0161n\u00e9 osvojenie si nov\u00e9ho jazyka. V tejto pr\u00edru\u010dke sme zoskupili gramatick\u00e9 t\u00e9my do sekvencie, ktor\u00e1 v\u00e1m pom\u00f4\u017ee [&hellip;]<\/p>\n","protected":false},"author":6,"featured_media":113133,"parent":0,"menu_order":0,"comment_status":"closed","ping_status":"closed","template":"LearningContentPage.php","meta":{"_acf_changed":false,"footnotes":""},"class_list":["post-161875","page","type-page","status-publish","has-post-thumbnail","hentry"],"acf":[],"yoast_head":"<!-- This site is optimized with the Yoast SEO Premium plugin v27.2 (Yoast SEO v27.2) - https:\/\/yoast.com\/product\/yoast-seo-premium-wordpress\/ -->\n<title>Ma\u010farsk\u00e9 gramatick\u00e9 cvi\u010denia - Talkpal<\/title>\n<meta name=\"description\" content=\"Zlep\u0161ite si \u013eahko svoje znalosti ma\u010farskej gramatiky - dokon\u010dite praktick\u00e9 cvi\u010denia, interakt\u00edvne cvi\u010denia a z\u00edskajte osobn\u00fa sp\u00e4tn\u00fa v\u00e4zbu\" \/>\n<meta name=\"robots\" content=\"index, follow, max-snippet:-1, max-image-preview:large, max-video-preview:-1\" \/>\n<link rel=\"canonical\" href=\"https:\/\/talkpal.ai\/sk\/madarske-gramaticke-cvicenia\/\" \/>\n<meta property=\"og:locale\" content=\"sk_SK\" \/>\n<meta property=\"og:type\" content=\"article\" \/>\n<meta property=\"og:title\" content=\"Ma\u010farsk\u00e9 gramatick\u00e9 cvi\u010denia\" \/>\n<meta property=\"og:description\" content=\"T\u00e9my ma\u010farskej gramatiky U\u010denie sa nov\u00e9ho jazyka m\u00f4\u017ee by\u0165 vzru\u0161uj\u00facim a obohacuj\u00facim z\u00e1\u017eitkom. M\u00f4\u017ee to v\u0161ak by\u0165 aj dos\u0165 ohromuj\u00face, najm\u00e4 pokia\u013e ide o\" \/>\n<meta property=\"og:url\" content=\"https:\/\/talkpal.ai\/sk\/madarske-gramaticke-cvicenia\/\" \/>\n<meta property=\"og:site_name\" content=\"Talkpal\" \/>\n<meta property=\"article:publisher\" content=\"https:\/\/www.facebook.com\/profile.php?id=100090733639311\" \/>\n<meta property=\"article:modified_time\" content=\"2025-12-17T15:49:46+00:00\" \/>\n<meta property=\"og:image\" content=\"https:\/\/talkpal.ai\/wp-content\/uploads\/2023\/05\/Hungarian.png\" \/>\n\t<meta property=\"og:image:width\" content=\"512\" \/>\n\t<meta property=\"og:image:height\" content=\"512\" \/>\n\t<meta property=\"og:image:type\" content=\"image\/png\" \/>\n<meta name=\"twitter:card\" content=\"summary_large_image\" \/>\n<meta name=\"twitter:site\" content=\"@talkpalai\" \/>\n<meta name=\"twitter:label1\" content=\"Predpokladan\u00fd \u010das \u010d\u00edtania\" \/>\n\t<meta name=\"twitter:data1\" content=\"3 min\u00faty\" \/>\n<script type=\"application\/ld+json\" class=\"yoast-schema-graph\">{\"@context\":\"https:\/\/schema.org\",\"@graph\":[{\"@type\":\"WebPage\",\"@id\":\"https:\/\/talkpal.ai\/sk\/madarske-gramaticke-cvicenia\/\",\"url\":\"https:\/\/talkpal.ai\/sk\/madarske-gramaticke-cvicenia\/\",\"name\":\"Ma\u010farsk\u00e9 gramatick\u00e9 cvi\u010denia - Talkpal\",\"isPartOf\":{\"@id\":\"https:\/\/talkpal.ai\/sk\/#website\"},\"primaryImageOfPage\":{\"@id\":\"https:\/\/talkpal.ai\/sk\/madarske-gramaticke-cvicenia\/#primaryimage\"},\"image\":{\"@id\":\"https:\/\/talkpal.ai\/sk\/madarske-gramaticke-cvicenia\/#primaryimage\"},\"thumbnailUrl\":\"https:\/\/talkpal.ai\/wp-content\/uploads\/2023\/05\/Hungarian.png\",\"datePublished\":\"2023-06-21T14:29:48+00:00\",\"dateModified\":\"2025-12-17T15:49:46+00:00\",\"description\":\"Zlep\u0161ite si \u013eahko svoje znalosti ma\u010farskej gramatiky - dokon\u010dite praktick\u00e9 cvi\u010denia, interakt\u00edvne cvi\u010denia a z\u00edskajte osobn\u00fa sp\u00e4tn\u00fa v\u00e4zbu\",\"breadcrumb\":{\"@id\":\"https:\/\/talkpal.ai\/sk\/madarske-gramaticke-cvicenia\/#breadcrumb\"},\"inLanguage\":\"sk-SK\",\"potentialAction\":[{\"@type\":\"ReadAction\",\"target\":[\"https:\/\/talkpal.ai\/sk\/madarske-gramaticke-cvicenia\/\"]}]},{\"@type\":\"ImageObject\",\"inLanguage\":\"sk-SK\",\"@id\":\"https:\/\/talkpal.ai\/sk\/madarske-gramaticke-cvicenia\/#primaryimage\",\"url\":\"https:\/\/talkpal.ai\/wp-content\/uploads\/2023\/05\/Hungarian.png\",\"contentUrl\":\"https:\/\/talkpal.ai\/wp-content\/uploads\/2023\/05\/Hungarian.png\",\"width\":512,\"height\":512},{\"@type\":\"BreadcrumbList\",\"@id\":\"https:\/\/talkpal.ai\/sk\/madarske-gramaticke-cvicenia\/#breadcrumb\",\"itemListElement\":[{\"@type\":\"ListItem\",\"position\":1,\"name\":\"Homepage\",\"item\":\"https:\/\/talkpal.ai\/sk\/\"},{\"@type\":\"ListItem\",\"position\":2,\"name\":\"Ma\u010farsk\u00e9 gramatick\u00e9 cvi\u010denia\"}]},{\"@type\":\"WebSite\",\"@id\":\"https:\/\/talkpal.ai\/sk\/#website\",\"url\":\"https:\/\/talkpal.ai\/sk\/\",\"name\":\"Talkpal\",\"description\":\"AI Language Learning\",\"publisher\":{\"@id\":\"https:\/\/talkpal.ai\/sk\/#organization\"},\"alternateName\":\"Talkpal AI\",\"potentialAction\":[{\"@type\":\"SearchAction\",\"target\":{\"@type\":\"EntryPoint\",\"urlTemplate\":\"https:\/\/talkpal.ai\/sk\/?s={search_term_string}\"},\"query-input\":{\"@type\":\"PropertyValueSpecification\",\"valueRequired\":true,\"valueName\":\"search_term_string\"}}],\"inLanguage\":\"sk-SK\"},{\"@type\":\"Organization\",\"@id\":\"https:\/\/talkpal.ai\/sk\/#organization\",\"name\":\"Talkpal, Inc.\",\"alternateName\":\"Talkpal AI\",\"url\":\"https:\/\/talkpal.ai\/sk\/\",\"logo\":{\"@type\":\"ImageObject\",\"inLanguage\":\"sk-SK\",\"@id\":\"https:\/\/talkpal.ai\/sk\/#\/schema\/logo\/image\/\",\"url\":\"https:\/\/talkpal.ai\/wp-content\/uploads\/2024\/03\/Talkpal-Logo-Icon.png\",\"contentUrl\":\"https:\/\/talkpal.ai\/wp-content\/uploads\/2024\/03\/Talkpal-Logo-Icon.png\",\"width\":2880,\"height\":2880,\"caption\":\"Talkpal, Inc.\"},\"image\":{\"@id\":\"https:\/\/talkpal.ai\/sk\/#\/schema\/logo\/image\/\"},\"sameAs\":[\"https:\/\/www.facebook.com\/profile.php?id=100090733639311\",\"https:\/\/x.com\/talkpalai\",\"https:\/\/www.linkedin.com\/company\/talkpal\/\",\"https:\/\/www.youtube.com\/@TalkPal\/\",\"https:\/\/www.tiktok.com\/@talkpal\",\"https:\/\/www.instagram.com\/talkpal_ai\/\",\"https:\/\/www.crunchbase.com\/organization\/talkpal-9cde\",\"https:\/\/www.g2.com\/products\/talkpal-for-business\/\",\"https:\/\/www.trustpilot.com\/review\/talkpal.ai\",\"https:\/\/www.capterra.com\/p\/10006800\/TalkPal\/\"],\"description\":\"Talkpal is a language learning web and mobile education app, powered by the latest AI technologies, that provides engaging experiences to its customers in many different languages to help them improve their language skills. Users can chat about unlimited amount of topics with the app and use other modes to practice their language learning.\",\"email\":\"support@talkpal.ai\",\"legalName\":\"Talkpal, Inc.\",\"foundingDate\":\"2023-04-03\",\"duns\":\"118989042\",\"numberOfEmployees\":{\"@type\":\"QuantitativeValue\",\"minValue\":\"11\",\"maxValue\":\"50\"},\"publishingPrinciples\":\"https:\/\/talkpal.ai\/publishing-principles\/\",\"actionableFeedbackPolicy\":\"https:\/\/talkpal.ai\/actionable-feedback-policy\/\",\"correctionsPolicy\":\"https:\/\/talkpal.ai\/corrections-policy\/\",\"ethicsPolicy\":\"https:\/\/talkpal.ai\/ethics-policy\/\",\"diversityPolicy\":\"https:\/\/talkpal.ai\/diversity-policy\/\",\"diversityStaffingReport\":\"https:\/\/talkpal.ai\/diversity-policy\/\"}]}<\/script>\n<!-- \/ Yoast SEO Premium plugin. -->","yoast_head_json":{"title":"Ma\u010farsk\u00e9 gramatick\u00e9 cvi\u010denia - Talkpal","description":"Zlep\u0161ite si \u013eahko svoje znalosti ma\u010farskej gramatiky - dokon\u010dite praktick\u00e9 cvi\u010denia, interakt\u00edvne cvi\u010denia a z\u00edskajte osobn\u00fa sp\u00e4tn\u00fa v\u00e4zbu","robots":{"index":"index","follow":"follow","max-snippet":"max-snippet:-1","max-image-preview":"max-image-preview:large","max-video-preview":"max-video-preview:-1"},"canonical":"https:\/\/talkpal.ai\/sk\/madarske-gramaticke-cvicenia\/","og_locale":"sk_SK","og_type":"article","og_title":"Ma\u010farsk\u00e9 gramatick\u00e9 cvi\u010denia","og_description":"T\u00e9my ma\u010farskej gramatiky U\u010denie sa nov\u00e9ho jazyka m\u00f4\u017ee by\u0165 vzru\u0161uj\u00facim a obohacuj\u00facim z\u00e1\u017eitkom. M\u00f4\u017ee to v\u0161ak by\u0165 aj dos\u0165 ohromuj\u00face, najm\u00e4 pokia\u013e ide o","og_url":"https:\/\/talkpal.ai\/sk\/madarske-gramaticke-cvicenia\/","og_site_name":"Talkpal","article_publisher":"https:\/\/www.facebook.com\/profile.php?id=100090733639311","article_modified_time":"2025-12-17T15:49:46+00:00","og_image":[{"width":512,"height":512,"url":"https:\/\/talkpal.ai\/wp-content\/uploads\/2023\/05\/Hungarian.png","type":"image\/png"}],"twitter_card":"summary_large_image","twitter_site":"@talkpalai","twitter_misc":{"Predpokladan\u00fd \u010das \u010d\u00edtania":"3 min\u00faty"},"schema":{"@context":"https:\/\/schema.org","@graph":[{"@type":"WebPage","@id":"https:\/\/talkpal.ai\/sk\/madarske-gramaticke-cvicenia\/","url":"https:\/\/talkpal.ai\/sk\/madarske-gramaticke-cvicenia\/","name":"Ma\u010farsk\u00e9 gramatick\u00e9 cvi\u010denia - Talkpal","isPartOf":{"@id":"https:\/\/talkpal.ai\/sk\/#website"},"primaryImageOfPage":{"@id":"https:\/\/talkpal.ai\/sk\/madarske-gramaticke-cvicenia\/#primaryimage"},"image":{"@id":"https:\/\/talkpal.ai\/sk\/madarske-gramaticke-cvicenia\/#primaryimage"},"thumbnailUrl":"https:\/\/talkpal.ai\/wp-content\/uploads\/2023\/05\/Hungarian.png","datePublished":"2023-06-21T14:29:48+00:00","dateModified":"2025-12-17T15:49:46+00:00","description":"Zlep\u0161ite si \u013eahko svoje znalosti ma\u010farskej gramatiky - dokon\u010dite praktick\u00e9 cvi\u010denia, interakt\u00edvne cvi\u010denia a z\u00edskajte osobn\u00fa sp\u00e4tn\u00fa v\u00e4zbu","breadcrumb":{"@id":"https:\/\/talkpal.ai\/sk\/madarske-gramaticke-cvicenia\/#breadcrumb"},"inLanguage":"sk-SK","potentialAction":[{"@type":"ReadAction","target":["https:\/\/talkpal.ai\/sk\/madarske-gramaticke-cvicenia\/"]}]},{"@type":"ImageObject","inLanguage":"sk-SK","@id":"https:\/\/talkpal.ai\/sk\/madarske-gramaticke-cvicenia\/#primaryimage","url":"https:\/\/talkpal.ai\/wp-content\/uploads\/2023\/05\/Hungarian.png","contentUrl":"https:\/\/talkpal.ai\/wp-content\/uploads\/2023\/05\/Hungarian.png","width":512,"height":512},{"@type":"BreadcrumbList","@id":"https:\/\/talkpal.ai\/sk\/madarske-gramaticke-cvicenia\/#breadcrumb","itemListElement":[{"@type":"ListItem","position":1,"name":"Homepage","item":"https:\/\/talkpal.ai\/sk\/"},{"@type":"ListItem","position":2,"name":"Ma\u010farsk\u00e9 gramatick\u00e9 cvi\u010denia"}]},{"@type":"WebSite","@id":"https:\/\/talkpal.ai\/sk\/#website","url":"https:\/\/talkpal.ai\/sk\/","name":"Talkpal","description":"AI Language Learning","publisher":{"@id":"https:\/\/talkpal.ai\/sk\/#organization"},"alternateName":"Talkpal AI","potentialAction":[{"@type":"SearchAction","target":{"@type":"EntryPoint","urlTemplate":"https:\/\/talkpal.ai\/sk\/?s={search_term_string}"},"query-input":{"@type":"PropertyValueSpecification","valueRequired":true,"valueName":"search_term_string"}}],"inLanguage":"sk-SK"},{"@type":"Organization","@id":"https:\/\/talkpal.ai\/sk\/#organization","name":"Talkpal, Inc.","alternateName":"Talkpal AI","url":"https:\/\/talkpal.ai\/sk\/","logo":{"@type":"ImageObject","inLanguage":"sk-SK","@id":"https:\/\/talkpal.ai\/sk\/#\/schema\/logo\/image\/","url":"https:\/\/talkpal.ai\/wp-content\/uploads\/2024\/03\/Talkpal-Logo-Icon.png","contentUrl":"https:\/\/talkpal.ai\/wp-content\/uploads\/2024\/03\/Talkpal-Logo-Icon.png","width":2880,"height":2880,"caption":"Talkpal, Inc."},"image":{"@id":"https:\/\/talkpal.ai\/sk\/#\/schema\/logo\/image\/"},"sameAs":["https:\/\/www.facebook.com\/profile.php?id=100090733639311","https:\/\/x.com\/talkpalai","https:\/\/www.linkedin.com\/company\/talkpal\/","https:\/\/www.youtube.com\/@TalkPal\/","https:\/\/www.tiktok.com\/@talkpal","https:\/\/www.instagram.com\/talkpal_ai\/","https:\/\/www.crunchbase.com\/organization\/talkpal-9cde","https:\/\/www.g2.com\/products\/talkpal-for-business\/","https:\/\/www.trustpilot.com\/review\/talkpal.ai","https:\/\/www.capterra.com\/p\/10006800\/TalkPal\/"],"description":"Talkpal is a language learning web and mobile education app, powered by the latest AI technologies, that provides engaging experiences to its customers in many different languages to help them improve their language skills. Users can chat about unlimited amount of topics with the app and use other modes to practice their language learning.","email":"support@talkpal.ai","legalName":"Talkpal, Inc.","foundingDate":"2023-04-03","duns":"118989042","numberOfEmployees":{"@type":"QuantitativeValue","minValue":"11","maxValue":"50"},"publishingPrinciples":"https:\/\/talkpal.ai\/publishing-principles\/","actionableFeedbackPolicy":"https:\/\/talkpal.ai\/actionable-feedback-policy\/","correctionsPolicy":"https:\/\/talkpal.ai\/corrections-policy\/","ethicsPolicy":"https:\/\/talkpal.ai\/ethics-policy\/","diversityPolicy":"https:\/\/talkpal.ai\/diversity-policy\/","diversityStaffingReport":"https:\/\/talkpal.ai\/diversity-policy\/"}]}},"_links":{"self":[{"href":"https:\/\/talkpal.ai\/sk\/wp-json\/wp\/v2\/pages\/161875","targetHints":{"allow":["GET"]}}],"collection":[{"href":"https:\/\/talkpal.ai\/sk\/wp-json\/wp\/v2\/pages"}],"about":[{"href":"https:\/\/talkpal.ai\/sk\/wp-json\/wp\/v2\/types\/page"}],"author":[{"embeddable":true,"href":"https:\/\/talkpal.ai\/sk\/wp-json\/wp\/v2\/users\/6"}],"replies":[{"embeddable":true,"href":"https:\/\/talkpal.ai\/sk\/wp-json\/wp\/v2\/comments?post=161875"}],"version-history":[{"count":0,"href":"https:\/\/talkpal.ai\/sk\/wp-json\/wp\/v2\/pages\/161875\/revisions"}],"wp:featuredmedia":[{"embeddable":true,"href":"https:\/\/talkpal.ai\/sk\/wp-json\/wp\/v2\/media\/113133"}],"wp:attachment":[{"href":"https:\/\/talkpal.ai\/sk\/wp-json\/wp\/v2\/media?parent=161875"}],"curies":[{"name":"wp","href":"https:\/\/api.w.org\/{rel}","templated":true}]}}