{"id":161592,"date":"2023-06-21T14:50:44","date_gmt":"2023-06-21T14:50:44","guid":{"rendered":"http:\/\/talkpal.ai\/islandske-gramaticke-cvicenia\/"},"modified":"2025-12-17T16:08:31","modified_gmt":"2025-12-17T16:08:31","slug":"islandske-gramaticke-cvicenia","status":"publish","type":"page","link":"https:\/\/talkpal.ai\/sk\/islandske-gramaticke-cvicenia\/","title":{"rendered":"Islandsk\u00e9 gramatick\u00e9 cvi\u010denia"},"content":{"rendered":"\r\n\r\n\r\n<section class=\"languageChallengeSection\">\r\n    <div class=\"languageInfoWrapper\">\r\n        \r\n        <h1>Islandsk\u00e9 gramatick\u00e9 cvi\u010denia<\/h1>\r\n        <p>Ste pripraven\u00ed posilni\u0165 svoje islandsk\u00e9 zru\u010dnosti? Precvi\u010dovanie gramatick\u00fdch cvi\u010den\u00ed je skvel\u00fd sp\u00f4sob, ako si osvoji\u0165 \u0161trukt\u00faru viet, slovesn\u00e9 tvary a jedine\u010dn\u00e9 vlastnosti islandsk\u00e9ho jazyka. Za\u010dnite objavova\u0165 islandsk\u00fa gramatiku e\u0161te dnes a sledujte, ako s ka\u017ed\u00fdm cvi\u010den\u00edm rastie va\u0161a sebad\u00f4vera a plynulos\u0165!\n\n<\/p>\r\n\r\n                            <a class=\"getStartedHidden\" href=\"https:\/\/app.talkpal.ai\/sk\/signup?lng=\">Za\u010dni<\/a>\r\n        \r\n    <\/div>\r\n\r\n    <figure>\r\n    <img decoding=\"async\" width=\"768\" height=\"768\" src=\"https:\/\/talkpal.ai\/wp-content\/uploads\/2023\/06\/Icelandic-768x768.png\" class=\"languageImage no-lazy\" alt=\"Language learning for better job opportunities\" fetchpriority=\"high\" sizes=\"(max-width: 768px) 150px, 768px\" srcset=\"https:\/\/talkpal.ai\/wp-content\/uploads\/2023\/06\/Icelandic-768x768.png 768w, https:\/\/talkpal.ai\/wp-content\/uploads\/2023\/06\/Icelandic-300x300.png 300w\" \/>\r\n    \r\n\r\n    <\/figure>\r\n\r\n            <a class=\"getStartedVisible\" href=\"https:\/\/app.talkpal.ai\/sk\/signup?lng=\">Za\u010dni<\/a>\r\n    \r\n<\/section>\r\n\r\n\r\n<!-- <section class=\"grammarSection\">\r\n    <div class=\"grammarLinks\">\r\n            <\/div>\r\n<\/section> -->\r\n\r\n\r\n\r\n\r\n<section class=\"promotionalBanner\">\r\n    <p class=\"promotionalText\">Najefekt\u00edvnej\u0161\u00ed sp\u00f4sob, ako sa nau\u010di\u0165 jazyk<\/p>\r\n    <a class=\"promotionalLink\" href=\"https:\/\/app.talkpal.ai\/sk\/signup?lng=\">Vysk\u00fa\u0161ajte Talkpal zadarmo<\/a>\r\n<\/section>\n<div class=\"wp-block-group pageContainerStyle\"><div class=\"wp-block-group__inner-container is-layout-constrained wp-block-group-is-layout-constrained\">\n<h2 class=\"wp-block-heading\" id=\"h-icelandic-grammar-topics\">T\u00e9my islandskej gramatiky<\/h2>\n\n\n\n<p><a href=\"https:\/\/talkpal.ai\/learn-icelandic\/\">Island\u010dina<\/a>, severogerm\u00e1nsky jazyk, ktor\u00fdm hovor\u00ed viac ako 300 000 \u013eud\u00ed, je \u00faradn\u00fdm jazykom Islandu. Island\u010dina, zn\u00e1ma svojou zlo\u017eitou gramatikou a bohatou slovnou z\u00e1sobou, m\u00e1 jedine\u010dn\u00e9 \u010daro, ktor\u00e9 pri\u0165ahuje \u0161tudentov jazykov z cel\u00e9ho sveta. Island\u010dina so svojimi kore\u0148mi v starej n\u00f3r\u010dine m\u00e1 siln\u00fa liter\u00e1rnu trad\u00edciu, ktor\u00e1 siaha a\u017e do veku Vikingov. V tomto \u010dl\u00e1nku presk\u00famame k\u013e\u00fa\u010dov\u00e9 t\u00e9my islandskej gramatiky, ktor\u00e9 v\u00e1m pom\u00f4\u017eu pochopi\u0165 a zvl\u00e1dnu\u0165 tento fascinuj\u00faci jazyk, od z\u00e1kladov, ako s\u00fa podstatn\u00e9 men\u00e1 a sloves\u00e1, a\u017e po zlo\u017eitej\u0161ie \u0161trukt\u00fary, ako s\u00fa podmienen\u00e9 a predlo\u017eky.<\/p>\n\n\n\n<h3 class=\"wp-block-heading\" id=\"h-1-nouns\">1. Podstatn\u00e9 men\u00e1<\/h3>\n\n\n\n<p>Za\u010dnite t\u00fdm, \u017ee sa nau\u010d\u00edte z\u00e1klady islandsk\u00fdch podstatn\u00fdch mien, ktor\u00e9 zah\u0155\u0148aj\u00fa \u013eud\u00ed, miesta a veci. Island\u010dina m\u00e1 tri gramatick\u00e9 rody (mu\u017esk\u00fd, \u017eensk\u00fd a kastrovan\u00fd) a \u0161tyri p\u00e1dy (nominat\u00edv, akuzat\u00edv, dat\u00edv a genit\u00edv). Pochopenie t\u00fdchto aspektov je nevyhnutn\u00e9 pre spr\u00e1vne sklo\u0148ovanie a s\u00fahlas s in\u00fdmi \u010das\u0165ami re\u010di.<\/p>\n\n\n\n<h3 class=\"wp-block-heading\" id=\"h-2-articles\">2. \u010cl\u00e1nky<\/h3>\n\n\n\n<p>Island\u010dina nem\u00e1 neur\u010dit\u00e9 \u010dleny, ale m\u00e1 ur\u010dit\u00e9 \u010dleny, ktor\u00e9 s\u00fa pripojen\u00e9 ku koncu podstatn\u00e9ho mena. Nau\u010dte sa, ako vytvori\u0165 ur\u010dit\u00fd \u010dl\u00e1nok pre ka\u017ed\u00fd rod a pr\u00edpad, preto\u017ee to pom\u00f4\u017ee pri spr\u00e1vnom pou\u017e\u00edvan\u00ed podstatn\u00e9ho mena.<\/p>\n\n\n\n<h3 class=\"wp-block-heading\" id=\"h-3-pronouns-determiners\">3. Z\u00e1men\u00e1\/determin\u00e1tory<\/h3>\n\n\n\n<p>Island\u010dina m\u00e1 osobn\u00e9, privlast\u0148ovacie, reflex\u00edvne a demon\u0161trat\u00edvne z\u00e1men\u00e1, ako aj kvantifik\u00e1tory a opytovacie determin\u00e1tory. Obozn\u00e1mte sa s t\u00fdmito z\u00e1menami a determin\u00e1tormi a ich pr\u00edslu\u0161n\u00fdmi sklo\u0148ovaniami, aby ste zabezpe\u010dili spr\u00e1vnu zhodu a pou\u017eitie vo vet\u00e1ch.<\/p>\n\n\n\n<h3 class=\"wp-block-heading\" id=\"h-4-adjectives\">4. Pr\u00eddavn\u00e9 men\u00e1<\/h3>\n\n\n\n<p>Pr\u00eddavn\u00e9 men\u00e1 v island\u010dine sa musia zhodova\u0165 v rode, \u010d\u00edsle a p\u00e1de s podstatn\u00fdm menom, ktor\u00e9 upravuj\u00fa. Nau\u010dte sa r\u00f4zne vzory sklo\u0148ovania pr\u00eddavn\u00fdch mien a ako sa menia na z\u00e1klade pohlavia a p\u00e1du podstatn\u00e9ho mena.<\/p>\n\n\n\n<h3 class=\"wp-block-heading\" id=\"h-5-verbs\">5. Sloves\u00e1<\/h3>\n\n\n\n<p>Islandsk\u00e9 sloves\u00e1 s\u00fa \u010dasovan\u00e9 pod\u013ea \u010dasu, n\u00e1lady a hlasu. Za\u010dnite t\u00fdm, \u017ee sa nau\u010d\u00edte pr\u00edtomn\u00fd, minul\u00fd a bud\u00faci \u010das, ako aj indikat\u00edvne, subjunkt\u00edvne a imperat\u00edvne n\u00e1lady. Obozn\u00e1mte sa tie\u017e s \u010dasovac\u00edmi vzormi pre pravideln\u00e9 a nepravideln\u00e9 sloves\u00e1.<\/p>\n\n\n\n<h3 class=\"wp-block-heading\" id=\"h-6-tense-comparison\">6. Nap\u00e4t\u00e9 porovnanie<\/h3>\n\n\n\n<p>Pochopte rozdiel medzi jednoduch\u00fdmi a spojit\u00fdmi formami ka\u017ed\u00e9ho \u010dasu. Island\u010dina nem\u00e1 progres\u00edvny aspekt ako <a href=\"https:\/\/talkpal.ai\/learn-english-with-ai\/\">angli\u010dtina<\/a>, tak\u017ee sa nau\u010dte, ako vyjadri\u0165 prebiehaj\u00face akcie pomocou in\u00fdch \u0161trukt\u00far.<\/p>\n\n\n\n<h3 class=\"wp-block-heading\" id=\"h-7-perfect-progressive\">7. Perfektn\u00e9 progres\u00edvne<\/h3>\n\n\n\n<p>Island\u010dina nem\u00e1 priamy ekvivalent anglick\u00e9ho dokonal\u00e9ho progres\u00edvneho \u010dasu. M\u00f4\u017eete sa v\u0161ak nau\u010di\u0165 vyjadrova\u0165 podobn\u00e9 my\u0161lienky pomocou perifrastick\u00fdch kon\u0161trukci\u00ed s pomocn\u00fdmi slovesami a pr\u00ed\u010dastiami.<\/p>\n\n\n\n<h3 class=\"wp-block-heading\" id=\"h-8-adverbs\">8. Pr\u00edslovky<\/h3>\n\n\n\n<p>Pr\u00edslovky upravuj\u00fa sloves\u00e1, pr\u00eddavn\u00e9 men\u00e1 a in\u00e9 pr\u00edslovky. Nau\u010dte sa r\u00f4zne typy pr\u00edsloviek v island\u010dine, ako aj ich umiestnenie vo vet\u00e1ch.<\/p>\n\n\n\n<h3 class=\"wp-block-heading\" id=\"h-9-prepositions\">9. Predlo\u017eky<\/h3>\n\n\n\n<p>Predlo\u017eky ukazuj\u00fa vz\u0165ah medzi podstatn\u00fdm menom alebo z\u00e1menom a in\u00fdm prvkom vo vete. Pre\u0161tudujte si najbe\u017enej\u0161ie islandsk\u00e9 predlo\u017eky a ich pr\u00edslu\u0161n\u00e9 p\u00e1dy, aby ste ich spr\u00e1vne pou\u017e\u00edvali.<\/p>\n\n\n\n<h3 class=\"wp-block-heading\" id=\"h-10-conditionals\">10. Podmienky<\/h3>\n\n\n\n<p>Island\u010dina m\u00e1 tri typy podmienen\u00fdch viet: skuto\u010dn\u00e9, neskuto\u010dn\u00e9 a minul\u00e9 neskuto\u010dn\u00e9. Pochopte \u0161trukt\u00faru a pou\u017eitie t\u00fdchto podmienok na vyjadrenie hypotetick\u00fdch situ\u00e1ci\u00ed a ich mo\u017en\u00fdch v\u00fdsledkov.<\/p>\n\n\n\n<h3 class=\"wp-block-heading\" id=\"h-11-sentences\">11. Vety<\/h3>\n\n\n\n<p>Nakoniec si precvi\u010dte kon\u0161trukciu r\u00f4znych typov islandsk\u00fdch viet, ako s\u00fa deklarat\u00edvne, opytovac\u00ed, imperat\u00edvne a v\u00fdkri\u010dn\u00edkov\u00e9. To v\u00e1m pom\u00f4\u017ee vytvori\u0165 si pevn\u00fd z\u00e1klad islandskej syntaxe a celkov\u00fa jazykov\u00fa sp\u00f4sobilos\u0165.<\/p>\n<\/div><\/div>\n\r\n<section class=\"learnNavigationSection\">\r\n            \r\n        <a href=\"https:\/\/talkpal.ai\/sk\/naucte-sa-islandsky\/\">\r\n            <div class=\"learnNavigationWrapper\">\r\n                <div class=\"learnNavigationContent\">\r\n                    <img decoding=\"async\" src=\"https:\/\/talkpal.ai\/wp-content\/uploads\/2024\/08\/Icelandic.jpg\" alt=\"Iceland Flag\">\r\n                    <div>\r\n                        <h4>O islandskom vzdel\u00e1van\u00ed<\/h4>\r\n                        <p>Zistite v\u0161etko o islandskej gramatike.<\/p>\r\n                    <\/div>\r\n                <\/div>\r\n            <\/div>\r\n        <\/a>\r\n\r\n        \r\n        <a href=\"https:\/\/talkpal.ai\/sk\/islandska-gramatika\/\">\r\n            <div class=\"learnNavigationWrapper\">\r\n                <div class=\"learnNavigationContent\">\r\n                    <img decoding=\"async\" src=\"https:\/\/talkpal.ai\/wp-content\/uploads\/2024\/08\/Icelandic.jpg\" alt=\"Iceland Flag\">\r\n                    <div>\r\n                        <h4>Lekcie islandskej gramatiky<\/h4>\r\n                        <p>Precvi\u010dte si islandsk\u00fa gramatiku.<\/p>\r\n                    <\/div>\r\n                <\/div>\r\n            <\/div>\r\n        <\/a>\r\n\r\n        \r\n        <a href=\"https:\/\/talkpal.ai\/vocabulary_language\/icelandic\/\">\r\n            <div class=\"learnNavigationWrapper\">\r\n                <div class=\"learnNavigationContent\">\r\n                    <img decoding=\"async\" src=\"https:\/\/talkpal.ai\/wp-content\/uploads\/2024\/08\/Icelandic.jpg\" alt=\"Iceland Flag\">\r\n                    <div>\r\n                        <h4>Islandsk\u00e1 slovn\u00e1 z\u00e1soba<\/h4>\r\n                        <p>Roz\u0161\u00edrte si slovn\u00fa z\u00e1sobu island\u010diny.<\/p>\r\n                    <\/div>\r\n                <\/div>\r\n            <\/div>\r\n        <\/a>\r\n\r\n            <\/section>","protected":false},"excerpt":{"rendered":"<p>T\u00e9my islandskej gramatiky Island\u010dina, severogerm\u00e1nsky jazyk, ktor\u00fdm hovor\u00ed viac ako 300 000 \u013eud\u00ed, je \u00faradn\u00fdm jazykom Islandu. Island\u010dina, zn\u00e1ma svojou zlo\u017eitou gramatikou a bohatou slovnou z\u00e1sobou, m\u00e1 jedine\u010dn\u00e9 \u010daro, ktor\u00e9 pri\u0165ahuje \u0161tudentov jazykov z cel\u00e9ho sveta. Island\u010dina so svojimi kore\u0148mi v starej n\u00f3r\u010dine m\u00e1 siln\u00fa liter\u00e1rnu trad\u00edciu, ktor\u00e1 siaha a\u017e do veku Vikingov. V tomto [&hellip;]<\/p>\n","protected":false},"author":6,"featured_media":113361,"parent":0,"menu_order":0,"comment_status":"closed","ping_status":"closed","template":"LearningContentPage.php","meta":{"_acf_changed":false,"footnotes":""},"class_list":["post-161592","page","type-page","status-publish","has-post-thumbnail","hentry"],"acf":[],"yoast_head":"<!-- This site is optimized with the Yoast SEO Premium plugin v27.2 (Yoast SEO v27.2) - https:\/\/yoast.com\/product\/yoast-seo-premium-wordpress\/ -->\n<title>Islandsk\u00e9 gramatick\u00e9 cvi\u010denia - Talkpal<\/title>\n<meta name=\"description\" content=\"Jednoduch\u00e9 precvi\u010dovanie islandskej gramatiky - posilnite svoje zru\u010dnosti prostredn\u00edctvom cvi\u010den\u00ed, interakt\u00edvneho precvi\u010dovania a okam\u017eitej sp\u00e4tnej v\u00e4zby s Talkpal AI.\" \/>\n<meta name=\"robots\" content=\"index, follow, max-snippet:-1, max-image-preview:large, max-video-preview:-1\" \/>\n<link rel=\"canonical\" href=\"https:\/\/talkpal.ai\/sk\/islandske-gramaticke-cvicenia\/\" \/>\n<meta property=\"og:locale\" content=\"sk_SK\" \/>\n<meta property=\"og:type\" content=\"article\" \/>\n<meta property=\"og:title\" content=\"Islandsk\u00e9 gramatick\u00e9 cvi\u010denia\" \/>\n<meta property=\"og:description\" content=\"T\u00e9my islandskej gramatiky Island\u010dina, severogerm\u00e1nsky jazyk, ktor\u00fdm hovor\u00ed viac ako 300 000 \u013eud\u00ed, je \u00faradn\u00fdm jazykom Islandu. Island\u010dina, zn\u00e1ma svojou\" \/>\n<meta property=\"og:url\" content=\"https:\/\/talkpal.ai\/sk\/islandske-gramaticke-cvicenia\/\" \/>\n<meta property=\"og:site_name\" content=\"Talkpal\" \/>\n<meta property=\"article:publisher\" content=\"https:\/\/www.facebook.com\/profile.php?id=100090733639311\" \/>\n<meta property=\"article:modified_time\" content=\"2025-12-17T16:08:31+00:00\" \/>\n<meta property=\"og:image\" content=\"https:\/\/talkpal.ai\/wp-content\/uploads\/2023\/05\/iceland.png\" \/>\n\t<meta property=\"og:image:width\" content=\"512\" \/>\n\t<meta property=\"og:image:height\" content=\"512\" \/>\n\t<meta property=\"og:image:type\" content=\"image\/png\" \/>\n<meta name=\"twitter:card\" content=\"summary_large_image\" \/>\n<meta name=\"twitter:site\" content=\"@talkpalai\" \/>\n<meta name=\"twitter:label1\" content=\"Predpokladan\u00fd \u010das \u010d\u00edtania\" \/>\n\t<meta name=\"twitter:data1\" content=\"3 min\u00faty\" \/>\n<script type=\"application\/ld+json\" class=\"yoast-schema-graph\">{\"@context\":\"https:\/\/schema.org\",\"@graph\":[{\"@type\":\"WebPage\",\"@id\":\"https:\/\/talkpal.ai\/sk\/islandske-gramaticke-cvicenia\/\",\"url\":\"https:\/\/talkpal.ai\/sk\/islandske-gramaticke-cvicenia\/\",\"name\":\"Islandsk\u00e9 gramatick\u00e9 cvi\u010denia - Talkpal\",\"isPartOf\":{\"@id\":\"https:\/\/talkpal.ai\/sk\/#website\"},\"primaryImageOfPage\":{\"@id\":\"https:\/\/talkpal.ai\/sk\/islandske-gramaticke-cvicenia\/#primaryimage\"},\"image\":{\"@id\":\"https:\/\/talkpal.ai\/sk\/islandske-gramaticke-cvicenia\/#primaryimage\"},\"thumbnailUrl\":\"https:\/\/talkpal.ai\/wp-content\/uploads\/2023\/05\/iceland.png\",\"datePublished\":\"2023-06-21T14:50:44+00:00\",\"dateModified\":\"2025-12-17T16:08:31+00:00\",\"description\":\"Jednoduch\u00e9 precvi\u010dovanie islandskej gramatiky - posilnite svoje zru\u010dnosti prostredn\u00edctvom cvi\u010den\u00ed, interakt\u00edvneho precvi\u010dovania a okam\u017eitej sp\u00e4tnej v\u00e4zby s Talkpal AI.\",\"breadcrumb\":{\"@id\":\"https:\/\/talkpal.ai\/sk\/islandske-gramaticke-cvicenia\/#breadcrumb\"},\"inLanguage\":\"sk-SK\",\"potentialAction\":[{\"@type\":\"ReadAction\",\"target\":[\"https:\/\/talkpal.ai\/sk\/islandske-gramaticke-cvicenia\/\"]}]},{\"@type\":\"ImageObject\",\"inLanguage\":\"sk-SK\",\"@id\":\"https:\/\/talkpal.ai\/sk\/islandske-gramaticke-cvicenia\/#primaryimage\",\"url\":\"https:\/\/talkpal.ai\/wp-content\/uploads\/2023\/05\/iceland.png\",\"contentUrl\":\"https:\/\/talkpal.ai\/wp-content\/uploads\/2023\/05\/iceland.png\",\"width\":512,\"height\":512},{\"@type\":\"BreadcrumbList\",\"@id\":\"https:\/\/talkpal.ai\/sk\/islandske-gramaticke-cvicenia\/#breadcrumb\",\"itemListElement\":[{\"@type\":\"ListItem\",\"position\":1,\"name\":\"Homepage\",\"item\":\"https:\/\/talkpal.ai\/sk\/\"},{\"@type\":\"ListItem\",\"position\":2,\"name\":\"Islandsk\u00e9 gramatick\u00e9 cvi\u010denia\"}]},{\"@type\":\"WebSite\",\"@id\":\"https:\/\/talkpal.ai\/sk\/#website\",\"url\":\"https:\/\/talkpal.ai\/sk\/\",\"name\":\"Talkpal\",\"description\":\"AI Language Learning\",\"publisher\":{\"@id\":\"https:\/\/talkpal.ai\/sk\/#organization\"},\"alternateName\":\"Talkpal AI\",\"potentialAction\":[{\"@type\":\"SearchAction\",\"target\":{\"@type\":\"EntryPoint\",\"urlTemplate\":\"https:\/\/talkpal.ai\/sk\/?s={search_term_string}\"},\"query-input\":{\"@type\":\"PropertyValueSpecification\",\"valueRequired\":true,\"valueName\":\"search_term_string\"}}],\"inLanguage\":\"sk-SK\"},{\"@type\":\"Organization\",\"@id\":\"https:\/\/talkpal.ai\/sk\/#organization\",\"name\":\"Talkpal, Inc.\",\"alternateName\":\"Talkpal AI\",\"url\":\"https:\/\/talkpal.ai\/sk\/\",\"logo\":{\"@type\":\"ImageObject\",\"inLanguage\":\"sk-SK\",\"@id\":\"https:\/\/talkpal.ai\/sk\/#\/schema\/logo\/image\/\",\"url\":\"https:\/\/talkpal.ai\/wp-content\/uploads\/2024\/03\/Talkpal-Logo-Icon.png\",\"contentUrl\":\"https:\/\/talkpal.ai\/wp-content\/uploads\/2024\/03\/Talkpal-Logo-Icon.png\",\"width\":2880,\"height\":2880,\"caption\":\"Talkpal, Inc.\"},\"image\":{\"@id\":\"https:\/\/talkpal.ai\/sk\/#\/schema\/logo\/image\/\"},\"sameAs\":[\"https:\/\/www.facebook.com\/profile.php?id=100090733639311\",\"https:\/\/x.com\/talkpalai\",\"https:\/\/www.linkedin.com\/company\/talkpal\/\",\"https:\/\/www.youtube.com\/@TalkPal\/\",\"https:\/\/www.tiktok.com\/@talkpal\",\"https:\/\/www.instagram.com\/talkpal_ai\/\",\"https:\/\/www.crunchbase.com\/organization\/talkpal-9cde\",\"https:\/\/www.g2.com\/products\/talkpal-for-business\/\",\"https:\/\/www.trustpilot.com\/review\/talkpal.ai\",\"https:\/\/www.capterra.com\/p\/10006800\/TalkPal\/\"],\"description\":\"Talkpal is a language learning web and mobile education app, powered by the latest AI technologies, that provides engaging experiences to its customers in many different languages to help them improve their language skills. Users can chat about unlimited amount of topics with the app and use other modes to practice their language learning.\",\"email\":\"support@talkpal.ai\",\"legalName\":\"Talkpal, Inc.\",\"foundingDate\":\"2023-04-03\",\"duns\":\"118989042\",\"numberOfEmployees\":{\"@type\":\"QuantitativeValue\",\"minValue\":\"11\",\"maxValue\":\"50\"},\"publishingPrinciples\":\"https:\/\/talkpal.ai\/publishing-principles\/\",\"actionableFeedbackPolicy\":\"https:\/\/talkpal.ai\/actionable-feedback-policy\/\",\"correctionsPolicy\":\"https:\/\/talkpal.ai\/corrections-policy\/\",\"ethicsPolicy\":\"https:\/\/talkpal.ai\/ethics-policy\/\",\"diversityPolicy\":\"https:\/\/talkpal.ai\/diversity-policy\/\",\"diversityStaffingReport\":\"https:\/\/talkpal.ai\/diversity-policy\/\"}]}<\/script>\n<!-- \/ Yoast SEO Premium plugin. -->","yoast_head_json":{"title":"Islandsk\u00e9 gramatick\u00e9 cvi\u010denia - Talkpal","description":"Jednoduch\u00e9 precvi\u010dovanie islandskej gramatiky - posilnite svoje zru\u010dnosti prostredn\u00edctvom cvi\u010den\u00ed, interakt\u00edvneho precvi\u010dovania a okam\u017eitej sp\u00e4tnej v\u00e4zby s Talkpal AI.","robots":{"index":"index","follow":"follow","max-snippet":"max-snippet:-1","max-image-preview":"max-image-preview:large","max-video-preview":"max-video-preview:-1"},"canonical":"https:\/\/talkpal.ai\/sk\/islandske-gramaticke-cvicenia\/","og_locale":"sk_SK","og_type":"article","og_title":"Islandsk\u00e9 gramatick\u00e9 cvi\u010denia","og_description":"T\u00e9my islandskej gramatiky Island\u010dina, severogerm\u00e1nsky jazyk, ktor\u00fdm hovor\u00ed viac ako 300 000 \u013eud\u00ed, je \u00faradn\u00fdm jazykom Islandu. Island\u010dina, zn\u00e1ma svojou","og_url":"https:\/\/talkpal.ai\/sk\/islandske-gramaticke-cvicenia\/","og_site_name":"Talkpal","article_publisher":"https:\/\/www.facebook.com\/profile.php?id=100090733639311","article_modified_time":"2025-12-17T16:08:31+00:00","og_image":[{"width":512,"height":512,"url":"https:\/\/talkpal.ai\/wp-content\/uploads\/2023\/05\/iceland.png","type":"image\/png"}],"twitter_card":"summary_large_image","twitter_site":"@talkpalai","twitter_misc":{"Predpokladan\u00fd \u010das \u010d\u00edtania":"3 min\u00faty"},"schema":{"@context":"https:\/\/schema.org","@graph":[{"@type":"WebPage","@id":"https:\/\/talkpal.ai\/sk\/islandske-gramaticke-cvicenia\/","url":"https:\/\/talkpal.ai\/sk\/islandske-gramaticke-cvicenia\/","name":"Islandsk\u00e9 gramatick\u00e9 cvi\u010denia - Talkpal","isPartOf":{"@id":"https:\/\/talkpal.ai\/sk\/#website"},"primaryImageOfPage":{"@id":"https:\/\/talkpal.ai\/sk\/islandske-gramaticke-cvicenia\/#primaryimage"},"image":{"@id":"https:\/\/talkpal.ai\/sk\/islandske-gramaticke-cvicenia\/#primaryimage"},"thumbnailUrl":"https:\/\/talkpal.ai\/wp-content\/uploads\/2023\/05\/iceland.png","datePublished":"2023-06-21T14:50:44+00:00","dateModified":"2025-12-17T16:08:31+00:00","description":"Jednoduch\u00e9 precvi\u010dovanie islandskej gramatiky - posilnite svoje zru\u010dnosti prostredn\u00edctvom cvi\u010den\u00ed, interakt\u00edvneho precvi\u010dovania a okam\u017eitej sp\u00e4tnej v\u00e4zby s Talkpal AI.","breadcrumb":{"@id":"https:\/\/talkpal.ai\/sk\/islandske-gramaticke-cvicenia\/#breadcrumb"},"inLanguage":"sk-SK","potentialAction":[{"@type":"ReadAction","target":["https:\/\/talkpal.ai\/sk\/islandske-gramaticke-cvicenia\/"]}]},{"@type":"ImageObject","inLanguage":"sk-SK","@id":"https:\/\/talkpal.ai\/sk\/islandske-gramaticke-cvicenia\/#primaryimage","url":"https:\/\/talkpal.ai\/wp-content\/uploads\/2023\/05\/iceland.png","contentUrl":"https:\/\/talkpal.ai\/wp-content\/uploads\/2023\/05\/iceland.png","width":512,"height":512},{"@type":"BreadcrumbList","@id":"https:\/\/talkpal.ai\/sk\/islandske-gramaticke-cvicenia\/#breadcrumb","itemListElement":[{"@type":"ListItem","position":1,"name":"Homepage","item":"https:\/\/talkpal.ai\/sk\/"},{"@type":"ListItem","position":2,"name":"Islandsk\u00e9 gramatick\u00e9 cvi\u010denia"}]},{"@type":"WebSite","@id":"https:\/\/talkpal.ai\/sk\/#website","url":"https:\/\/talkpal.ai\/sk\/","name":"Talkpal","description":"AI Language Learning","publisher":{"@id":"https:\/\/talkpal.ai\/sk\/#organization"},"alternateName":"Talkpal AI","potentialAction":[{"@type":"SearchAction","target":{"@type":"EntryPoint","urlTemplate":"https:\/\/talkpal.ai\/sk\/?s={search_term_string}"},"query-input":{"@type":"PropertyValueSpecification","valueRequired":true,"valueName":"search_term_string"}}],"inLanguage":"sk-SK"},{"@type":"Organization","@id":"https:\/\/talkpal.ai\/sk\/#organization","name":"Talkpal, Inc.","alternateName":"Talkpal AI","url":"https:\/\/talkpal.ai\/sk\/","logo":{"@type":"ImageObject","inLanguage":"sk-SK","@id":"https:\/\/talkpal.ai\/sk\/#\/schema\/logo\/image\/","url":"https:\/\/talkpal.ai\/wp-content\/uploads\/2024\/03\/Talkpal-Logo-Icon.png","contentUrl":"https:\/\/talkpal.ai\/wp-content\/uploads\/2024\/03\/Talkpal-Logo-Icon.png","width":2880,"height":2880,"caption":"Talkpal, Inc."},"image":{"@id":"https:\/\/talkpal.ai\/sk\/#\/schema\/logo\/image\/"},"sameAs":["https:\/\/www.facebook.com\/profile.php?id=100090733639311","https:\/\/x.com\/talkpalai","https:\/\/www.linkedin.com\/company\/talkpal\/","https:\/\/www.youtube.com\/@TalkPal\/","https:\/\/www.tiktok.com\/@talkpal","https:\/\/www.instagram.com\/talkpal_ai\/","https:\/\/www.crunchbase.com\/organization\/talkpal-9cde","https:\/\/www.g2.com\/products\/talkpal-for-business\/","https:\/\/www.trustpilot.com\/review\/talkpal.ai","https:\/\/www.capterra.com\/p\/10006800\/TalkPal\/"],"description":"Talkpal is a language learning web and mobile education app, powered by the latest AI technologies, that provides engaging experiences to its customers in many different languages to help them improve their language skills. Users can chat about unlimited amount of topics with the app and use other modes to practice their language learning.","email":"support@talkpal.ai","legalName":"Talkpal, Inc.","foundingDate":"2023-04-03","duns":"118989042","numberOfEmployees":{"@type":"QuantitativeValue","minValue":"11","maxValue":"50"},"publishingPrinciples":"https:\/\/talkpal.ai\/publishing-principles\/","actionableFeedbackPolicy":"https:\/\/talkpal.ai\/actionable-feedback-policy\/","correctionsPolicy":"https:\/\/talkpal.ai\/corrections-policy\/","ethicsPolicy":"https:\/\/talkpal.ai\/ethics-policy\/","diversityPolicy":"https:\/\/talkpal.ai\/diversity-policy\/","diversityStaffingReport":"https:\/\/talkpal.ai\/diversity-policy\/"}]}},"_links":{"self":[{"href":"https:\/\/talkpal.ai\/sk\/wp-json\/wp\/v2\/pages\/161592","targetHints":{"allow":["GET"]}}],"collection":[{"href":"https:\/\/talkpal.ai\/sk\/wp-json\/wp\/v2\/pages"}],"about":[{"href":"https:\/\/talkpal.ai\/sk\/wp-json\/wp\/v2\/types\/page"}],"author":[{"embeddable":true,"href":"https:\/\/talkpal.ai\/sk\/wp-json\/wp\/v2\/users\/6"}],"replies":[{"embeddable":true,"href":"https:\/\/talkpal.ai\/sk\/wp-json\/wp\/v2\/comments?post=161592"}],"version-history":[{"count":0,"href":"https:\/\/talkpal.ai\/sk\/wp-json\/wp\/v2\/pages\/161592\/revisions"}],"wp:featuredmedia":[{"embeddable":true,"href":"https:\/\/talkpal.ai\/sk\/wp-json\/wp\/v2\/media\/113361"}],"wp:attachment":[{"href":"https:\/\/talkpal.ai\/sk\/wp-json\/wp\/v2\/media?parent=161592"}],"curies":[{"name":"wp","href":"https:\/\/api.w.org\/{rel}","templated":true}]}}