{"id":161272,"date":"2023-06-22T07:25:42","date_gmt":"2023-06-22T07:25:42","guid":{"rendered":"http:\/\/talkpal.ai\/indonezske-gramaticke-cvicenia\/"},"modified":"2025-12-17T14:53:03","modified_gmt":"2025-12-17T14:53:03","slug":"indonezske-gramaticke-cvicenia","status":"publish","type":"page","link":"https:\/\/talkpal.ai\/sk\/indonezske-gramaticke-cvicenia\/","title":{"rendered":"Indon\u00e9zske gramatick\u00e9 cvi\u010denia"},"content":{"rendered":"\r\n\r\n\r\n<section class=\"languageChallengeSection\">\r\n    <div class=\"languageInfoWrapper\">\r\n        \r\n        <h1>Indon\u00e9zske gramatick\u00e9 cvi\u010denia<\/h1>\r\n        <p>Chcete si zv\u00fd\u0161i\u0165 sebavedomie v indon\u00e9zskom jazyku? Gramatick\u00e9 cvi\u010denia s\u00fa skvel\u00fdm sp\u00f4sobom, ako si osvoji\u0165 \u0161trukt\u00faru vety, slovesn\u00e9 tvary a k\u013e\u00fa\u010dov\u00e9 vzory, ktor\u00e9 v\u00e1m pom\u00f4\u017eu komunikova\u0165 prirodzenej\u0161ie. Za\u010dnite s precvi\u010dovan\u00edm indon\u00e9zskej gramatiky e\u0161te dnes a sledujte, ako va\u0161e zru\u010dnosti a porozumenie rast\u00fa s ka\u017edou rel\u00e1ciou!<\/p>\r\n\r\n                            <a class=\"getStartedHidden\" href=\"https:\/\/app.talkpal.ai\/sk\/signup?lng=\">Za\u010dni<\/a>\r\n        \r\n    <\/div>\r\n\r\n    <figure>\r\n    <img decoding=\"async\" width=\"768\" height=\"768\" src=\"https:\/\/talkpal.ai\/wp-content\/uploads\/2023\/06\/indonesia-768x768.png\" class=\"languageImage no-lazy\" alt=\"Language learning for personal achievement\" fetchpriority=\"high\" sizes=\"(max-width: 768px) 150px, 768px\" srcset=\"https:\/\/talkpal.ai\/wp-content\/uploads\/2023\/06\/indonesia-768x768.png 768w, https:\/\/talkpal.ai\/wp-content\/uploads\/2023\/06\/indonesia-300x300.png 300w\" \/>\r\n    \r\n\r\n    <\/figure>\r\n\r\n            <a class=\"getStartedVisible\" href=\"https:\/\/app.talkpal.ai\/sk\/signup?lng=\">Za\u010dni<\/a>\r\n    \r\n<\/section>\r\n\r\n\r\n<!-- <section class=\"grammarSection\">\r\n    <div class=\"grammarLinks\">\r\n            <\/div>\r\n<\/section> -->\r\n\r\n\r\n\r\n\r\n<section class=\"promotionalBanner\">\r\n    <p class=\"promotionalText\">Najefekt\u00edvnej\u0161\u00ed sp\u00f4sob, ako sa nau\u010di\u0165 jazyk<\/p>\r\n    <a class=\"promotionalLink\" href=\"https:\/\/app.talkpal.ai\/sk\/signup?lng=\">Vysk\u00fa\u0161ajte Talkpal zadarmo<\/a>\r\n<\/section>\n<div class=\"wp-block-group pageContainerStyle\"><div class=\"wp-block-group__inner-container is-layout-constrained wp-block-group-is-layout-constrained\">\n<h2 class=\"wp-block-heading\" id=\"h-indonesian-grammar-topics\">T\u00e9my indon\u00e9zskej gramatiky<\/h2>\n\n\n\n<p><a href=\"https:\/\/talkpal.ai\/learn-indonesian\/\">Indon\u00e9z\u0161tina<\/a> alebo <a href=\"https:\/\/talkpal.ai\/id\/belajar-bahasa-indonesia\/\">Bahasa Indonesia<\/a> je ofici\u00e1lnym jazykom Indon\u00e9zie a sl\u00fa\u017ei ako zjednocuj\u00faci jazyk v krajine s viac ako 700 hovoren\u00fdmi jazykmi. Ako \u0161tandardizovan\u00fd <a href=\"https:\/\/talkpal.ai\/ko\/ai-%ec%96%b8%ec%96%b4-%ea%b5%90%ec%82%ac\/\">register<\/a> malaj\u010diny je to austron\u00e9zsky jazyk s \u013eahko nau\u010dite\u013en\u00fdm gramatick\u00fdm syst\u00e9mom. Pri u\u010den\u00ed sa indon\u00e9zskeho jazyka je nevyhnutn\u00e9 porozumie\u0165 jeho gramatick\u00fdm pravidl\u00e1m a \u0161trukt\u00fare pre efekt\u00edvnu komunik\u00e1ciu. V tejto pr\u00edru\u010dke sa zameriame na postupnos\u0165 u\u010denia sa r\u00f4znych t\u00e9m indon\u00e9zskej gramatiky, ako s\u00fa \u010dasy, sloves\u00e1, podstatn\u00e9 men\u00e1, \u010dl\u00e1nky, z\u00e1men\u00e1, pr\u00eddavn\u00e9 men\u00e1, pr\u00edslovky, podmienen\u00e9 polo\u017eky, predlo\u017eky a \u0161trukt\u00fara viet.<\/p>\n\n\n\n<h3 class=\"wp-block-heading\" id=\"h-1-nouns\">1. Podstatn\u00e9 men\u00e1<\/h3>\n\n\n\n<p>Za\u010dnite u\u010den\u00edm sa indon\u00e9zskych podstatn\u00fdch mien, preto\u017ee s\u00fa najjednoduch\u0161\u00edmi stavebn\u00fdmi kame\u0148mi jazyka. Indon\u00e9zske podstatn\u00e9 men\u00e1 nie s\u00fa rodov\u00e9 ani pluralizovan\u00e9, tak\u017ee s\u00fa \u013eahko pochopite\u013en\u00e9. Obozn\u00e1mte sa so v\u0161eobecn\u00fdmi podstatn\u00fdmi menami a ich pou\u017e\u00edvan\u00edm v kontexte.<\/p>\n\n\n\n<h3 class=\"wp-block-heading\" id=\"h-2-pronouns-determiners\">2. Z\u00e1men\u00e1\/determin\u00e1tory<\/h3>\n\n\n\n<p>Po pochopen\u00ed podstatn\u00fdch mien sa nau\u010dte z\u00e1men\u00e1 a determin\u00e1tory. Indon\u00e9z\u0161tina m\u00e1 r\u00f4zne <a href=\"https:\/\/talkpal.ai\/sk\/grammar\/pronomi-personali-v-talianskej-gramatike\/\">osobn\u00e9 z\u00e1men\u00e1<\/a> a privlast\u0148ovacie determin\u00e1tory, ktor\u00e9 zodpovedaj\u00fa anglick\u00fdm ekvivalentom. Precvi\u010dte si ich pou\u017e\u00edvanie v r\u00f4znych kontextoch, aby ste si vybudovali z\u00e1klad v kon\u0161trukcii viet.<\/p>\n\n\n\n<h3 class=\"wp-block-heading\" id=\"h-3-adjectives\">3. Pr\u00eddavn\u00e9 men\u00e1<\/h3>\n\n\n\n<p>Pr\u00eddavn\u00e9 men\u00e1 s\u00fa nevyhnutn\u00e9 na opis a rozl\u00ed\u0161enie podstatn\u00fdch mien v indon\u00e9z\u0161tine. Nau\u010dte sa pou\u017e\u00edva\u0165 pr\u00eddavn\u00e9 men\u00e1 v jednoduch\u00fdch vet\u00e1ch a pochopi\u0165 ich umiestnenie vo vz\u0165ahu k podstatn\u00fdm men\u00e1m.<\/p>\n\n\n\n<h3 class=\"wp-block-heading\" id=\"h-4-verbs\">4. Sloves\u00e1<\/h3>\n\n\n\n<p>Indon\u00e9zske sloves\u00e1 nie s\u00fa \u010dasovan\u00e9, \u010do ich rob\u00ed relat\u00edvne \u013eah\u0161ie sa u\u010dia v porovnan\u00ed s in\u00fdmi jazykmi. Pre\u0161tudujte si z\u00e1kladn\u00e9 slovesn\u00e9 tvary a ich pou\u017eitie vo vet\u00e1ch.<\/p>\n\n\n\n<h3 class=\"wp-block-heading\" id=\"h-5-tenses\">5. Nap\u00e4tie<\/h3>\n\n\n\n<p>Indon\u00e9z\u0161tina nem\u00e1 priamy ekvivalent anglick\u00e9ho \u010dasu. Namiesto toho sa \u010das vyjadruje prostredn\u00edctvom kontextu alebo pomocou konkr\u00e9tnych slov. Nau\u010dte sa, ako sprostredkova\u0165 minul\u00e9, s\u00fa\u010dasn\u00e9 a bud\u00face udalosti v indon\u00e9z\u0161tine pomocou r\u00f4znych pr\u00edsloviek a fr\u00e1z.<\/p>\n\n\n\n<h3 class=\"wp-block-heading\" id=\"h-6-tense-comparison-progressive-perfect-progressive\">6. Nap\u00e4t\u00e9 porovnanie, progres\u00edvne, dokonal\u00e9 progres\u00edvne<\/h3>\n\n\n\n<p>Ke\u010f\u017ee indon\u00e9z\u0161tina nem\u00e1 nap\u00e4t\u00fd syst\u00e9m, pochopenie konceptu nap\u00e4t\u00e9ho porovn\u00e1vania, progres\u00edvneho a dokonal\u00e9ho progres\u00edvneho je rozhoduj\u00face. Nau\u010dte sa, ako vyjadri\u0165 tieto aspekty pomocou r\u00f4znych slov a fr\u00e1z.<\/p>\n\n\n\n<h3 class=\"wp-block-heading\" id=\"h-7-adverbs\">7. Pr\u00edslovky<\/h3>\n\n\n\n<p>Zahr\u0148te pr\u00edslovky do svojej indon\u00e9zskej slovnej z\u00e1soby, aby ste do svojich viet pridali viac podrobnost\u00ed a h\u013abky. Nau\u010dte sa pravidl\u00e1 umiest\u0148ovania a pou\u017e\u00edvania pr\u00edsloviek.<\/p>\n\n\n\n<h3 class=\"wp-block-heading\" id=\"h-8-prepositions\">8. Predlo\u017eky<\/h3>\n\n\n\n<p>Predlo\u017eky sa pou\u017e\u00edvaj\u00fa na ozna\u010denie vz\u0165ahov medzi slovami vo vete. Nau\u010dte sa be\u017en\u00e9 indon\u00e9zske predlo\u017eky a ich pou\u017eitie v r\u00f4znych kontextoch.<\/p>\n\n\n\n<h3 class=\"wp-block-heading\" id=\"h-9-conditionals\">9. Podmienky<\/h3>\n\n\n\n<p>\u0160tudujte podmiene\u010dn\u00e9 vety v indon\u00e9z\u0161tine, ktor\u00e9 vyjadruj\u00fa hypotetick\u00e9 situ\u00e1cie a ich d\u00f4sledky. Nau\u010dte sa tvori\u0165 a pou\u017e\u00edva\u0165 vety &#8222;ak&#8220; a in\u00e9 podmienkov\u00e9 kon\u0161trukcie.<\/p>\n\n\n\n<h3 class=\"wp-block-heading\" id=\"h-10-sentences\">10. Vety<\/h3>\n\n\n\n<p>Nakoniec si precvi\u010dte kon\u0161trukciu viet pomocou gramatick\u00fdch pravidiel a t\u00e9m uveden\u00fdch vy\u0161\u0161ie. Zozn\u00e1mte sa s r\u00f4znymi typmi indon\u00e9zskych viet, ako s\u00fa deklarat\u00edvne, opytovacie, imperat\u00edvne a v\u00fdkri\u010dn\u00edky, aby ste zlep\u0161ili svoje celkov\u00e9 komunika\u010dn\u00e9 schopnosti v jazyku.<\/p>\n<\/div><\/div>\n\r\n<section class=\"learnNavigationSection\">\r\n            \r\n        <a href=\"https:\/\/talkpal.ai\/sk\/naucte-sa-indonezsky-jazyk\/\">\r\n            <div class=\"learnNavigationWrapper\">\r\n                <div class=\"learnNavigationContent\">\r\n                    <img decoding=\"async\" src=\"https:\/\/talkpal.ai\/wp-content\/uploads\/2024\/08\/Indonesian.jpg\" alt=\"Indonesian Flag\">\r\n                    <div>\r\n                        <h4>O indon\u00e9zskom vzdel\u00e1van\u00ed<\/h4>\r\n                        <p>Zistite v\u0161etko o indon\u00e9zskej gramatike.<\/p>\r\n                    <\/div>\r\n                <\/div>\r\n            <\/div>\r\n        <\/a>\r\n\r\n        \r\n        <a href=\"https:\/\/talkpal.ai\/sk\/indonezska-gramatika\/\">\r\n            <div class=\"learnNavigationWrapper\">\r\n                <div class=\"learnNavigationContent\">\r\n                    <img decoding=\"async\" src=\"https:\/\/talkpal.ai\/wp-content\/uploads\/2024\/08\/Indonesian.jpg\" alt=\"Indonesian Flag\">\r\n                    <div>\r\n                        <h4>Lekcie indon\u00e9zskej gramatiky<\/h4>\r\n                        <p>Precvi\u010dte si indon\u00e9zsku gramatiku.<\/p>\r\n                    <\/div>\r\n                <\/div>\r\n            <\/div>\r\n        <\/a>\r\n\r\n        \r\n        <a href=\"https:\/\/talkpal.ai\/vocabulary_language\/indonesian\/\">\r\n            <div class=\"learnNavigationWrapper\">\r\n                <div class=\"learnNavigationContent\">\r\n                    <img decoding=\"async\" src=\"https:\/\/talkpal.ai\/wp-content\/uploads\/2024\/08\/Indonesian.jpg\" alt=\"Indonesian Flag\">\r\n                    <div>\r\n                        <h4>Indon\u00e9zska slovn\u00e1 z\u00e1soba<\/h4>\r\n                        <p>Roz\u0161\u00edrte si slovn\u00fa z\u00e1sobu indon\u00e9zskeho jazyka.<\/p>\r\n                    <\/div>\r\n                <\/div>\r\n            <\/div>\r\n        <\/a>\r\n\r\n            <\/section>","protected":false},"excerpt":{"rendered":"<p>T\u00e9my indon\u00e9zskej gramatiky Indon\u00e9z\u0161tina alebo Bahasa Indonesia je ofici\u00e1lnym jazykom Indon\u00e9zie a sl\u00fa\u017ei ako zjednocuj\u00faci jazyk v krajine s viac ako 700 hovoren\u00fdmi jazykmi. Ako \u0161tandardizovan\u00fd register malaj\u010diny je to austron\u00e9zsky jazyk s \u013eahko nau\u010dite\u013en\u00fdm gramatick\u00fdm syst\u00e9mom. Pri u\u010den\u00ed sa indon\u00e9zskeho jazyka je nevyhnutn\u00e9 porozumie\u0165 jeho gramatick\u00fdm pravidl\u00e1m a \u0161trukt\u00fare pre efekt\u00edvnu komunik\u00e1ciu. V tejto [&hellip;]<\/p>\n","protected":false},"author":6,"featured_media":113880,"parent":0,"menu_order":0,"comment_status":"closed","ping_status":"closed","template":"LearningContentPage.php","meta":{"_acf_changed":false,"footnotes":""},"class_list":["post-161272","page","type-page","status-publish","has-post-thumbnail","hentry"],"acf":[],"yoast_head":"<!-- This site is optimized with the Yoast SEO Premium plugin v27.2 (Yoast SEO v27.2) - https:\/\/yoast.com\/product\/yoast-seo-premium-wordpress\/ -->\n<title>Indon\u00e9zske gramatick\u00e9 cvi\u010denia - Talkpal<\/title>\n<meta name=\"description\" content=\"Zlep\u0161ite si indon\u00e9zsku gramatiku - precvi\u010dujte si ju pomocou jednoduch\u00fdch cvi\u010den\u00ed, interakt\u00edvnych pr\u00edkladov a jasnej sp\u00e4tnej v\u00e4zby Talkpal AI.\" \/>\n<meta name=\"robots\" content=\"index, follow, max-snippet:-1, max-image-preview:large, max-video-preview:-1\" \/>\n<link rel=\"canonical\" href=\"https:\/\/talkpal.ai\/sk\/indonezske-gramaticke-cvicenia\/\" \/>\n<meta property=\"og:locale\" content=\"sk_SK\" \/>\n<meta property=\"og:type\" content=\"article\" \/>\n<meta property=\"og:title\" content=\"Indon\u00e9zske gramatick\u00e9 cvi\u010denia\" \/>\n<meta property=\"og:description\" content=\"T\u00e9my indon\u00e9zskej gramatiky Indon\u00e9z\u0161tina alebo Bahasa Indonesia je ofici\u00e1lnym jazykom Indon\u00e9zie a sl\u00fa\u017ei ako zjednocuj\u00faci jazyk v krajine s viac ako 700\" \/>\n<meta property=\"og:url\" content=\"https:\/\/talkpal.ai\/sk\/indonezske-gramaticke-cvicenia\/\" \/>\n<meta property=\"og:site_name\" content=\"Talkpal\" \/>\n<meta property=\"article:publisher\" content=\"https:\/\/www.facebook.com\/profile.php?id=100090733639311\" \/>\n<meta property=\"article:modified_time\" content=\"2025-12-17T14:53:03+00:00\" \/>\n<meta property=\"og:image\" content=\"https:\/\/talkpal.ai\/wp-content\/uploads\/2023\/05\/indonesia.png\" \/>\n\t<meta property=\"og:image:width\" content=\"512\" \/>\n\t<meta property=\"og:image:height\" content=\"512\" \/>\n\t<meta property=\"og:image:type\" content=\"image\/png\" \/>\n<meta name=\"twitter:card\" content=\"summary_large_image\" \/>\n<meta name=\"twitter:site\" content=\"@talkpalai\" \/>\n<meta name=\"twitter:label1\" content=\"Predpokladan\u00fd \u010das \u010d\u00edtania\" \/>\n\t<meta name=\"twitter:data1\" content=\"3 min\u00faty\" \/>\n<script type=\"application\/ld+json\" class=\"yoast-schema-graph\">{\"@context\":\"https:\/\/schema.org\",\"@graph\":[{\"@type\":\"WebPage\",\"@id\":\"https:\/\/talkpal.ai\/sk\/indonezske-gramaticke-cvicenia\/\",\"url\":\"https:\/\/talkpal.ai\/sk\/indonezske-gramaticke-cvicenia\/\",\"name\":\"Indon\u00e9zske gramatick\u00e9 cvi\u010denia - Talkpal\",\"isPartOf\":{\"@id\":\"https:\/\/talkpal.ai\/sk\/#website\"},\"primaryImageOfPage\":{\"@id\":\"https:\/\/talkpal.ai\/sk\/indonezske-gramaticke-cvicenia\/#primaryimage\"},\"image\":{\"@id\":\"https:\/\/talkpal.ai\/sk\/indonezske-gramaticke-cvicenia\/#primaryimage\"},\"thumbnailUrl\":\"https:\/\/talkpal.ai\/wp-content\/uploads\/2023\/05\/indonesia.png\",\"datePublished\":\"2023-06-22T07:25:42+00:00\",\"dateModified\":\"2025-12-17T14:53:03+00:00\",\"description\":\"Zlep\u0161ite si indon\u00e9zsku gramatiku - precvi\u010dujte si ju pomocou jednoduch\u00fdch cvi\u010den\u00ed, interakt\u00edvnych pr\u00edkladov a jasnej sp\u00e4tnej v\u00e4zby Talkpal AI.\",\"breadcrumb\":{\"@id\":\"https:\/\/talkpal.ai\/sk\/indonezske-gramaticke-cvicenia\/#breadcrumb\"},\"inLanguage\":\"sk-SK\",\"potentialAction\":[{\"@type\":\"ReadAction\",\"target\":[\"https:\/\/talkpal.ai\/sk\/indonezske-gramaticke-cvicenia\/\"]}]},{\"@type\":\"ImageObject\",\"inLanguage\":\"sk-SK\",\"@id\":\"https:\/\/talkpal.ai\/sk\/indonezske-gramaticke-cvicenia\/#primaryimage\",\"url\":\"https:\/\/talkpal.ai\/wp-content\/uploads\/2023\/05\/indonesia.png\",\"contentUrl\":\"https:\/\/talkpal.ai\/wp-content\/uploads\/2023\/05\/indonesia.png\",\"width\":512,\"height\":512},{\"@type\":\"BreadcrumbList\",\"@id\":\"https:\/\/talkpal.ai\/sk\/indonezske-gramaticke-cvicenia\/#breadcrumb\",\"itemListElement\":[{\"@type\":\"ListItem\",\"position\":1,\"name\":\"Homepage\",\"item\":\"https:\/\/talkpal.ai\/sk\/\"},{\"@type\":\"ListItem\",\"position\":2,\"name\":\"Indon\u00e9zske gramatick\u00e9 cvi\u010denia\"}]},{\"@type\":\"WebSite\",\"@id\":\"https:\/\/talkpal.ai\/sk\/#website\",\"url\":\"https:\/\/talkpal.ai\/sk\/\",\"name\":\"Talkpal\",\"description\":\"AI Language Learning\",\"publisher\":{\"@id\":\"https:\/\/talkpal.ai\/sk\/#organization\"},\"alternateName\":\"Talkpal AI\",\"potentialAction\":[{\"@type\":\"SearchAction\",\"target\":{\"@type\":\"EntryPoint\",\"urlTemplate\":\"https:\/\/talkpal.ai\/sk\/?s={search_term_string}\"},\"query-input\":{\"@type\":\"PropertyValueSpecification\",\"valueRequired\":true,\"valueName\":\"search_term_string\"}}],\"inLanguage\":\"sk-SK\"},{\"@type\":\"Organization\",\"@id\":\"https:\/\/talkpal.ai\/sk\/#organization\",\"name\":\"Talkpal, Inc.\",\"alternateName\":\"Talkpal AI\",\"url\":\"https:\/\/talkpal.ai\/sk\/\",\"logo\":{\"@type\":\"ImageObject\",\"inLanguage\":\"sk-SK\",\"@id\":\"https:\/\/talkpal.ai\/sk\/#\/schema\/logo\/image\/\",\"url\":\"https:\/\/talkpal.ai\/wp-content\/uploads\/2024\/03\/Talkpal-Logo-Icon.png\",\"contentUrl\":\"https:\/\/talkpal.ai\/wp-content\/uploads\/2024\/03\/Talkpal-Logo-Icon.png\",\"width\":2880,\"height\":2880,\"caption\":\"Talkpal, Inc.\"},\"image\":{\"@id\":\"https:\/\/talkpal.ai\/sk\/#\/schema\/logo\/image\/\"},\"sameAs\":[\"https:\/\/www.facebook.com\/profile.php?id=100090733639311\",\"https:\/\/x.com\/talkpalai\",\"https:\/\/www.linkedin.com\/company\/talkpal\/\",\"https:\/\/www.youtube.com\/@TalkPal\/\",\"https:\/\/www.tiktok.com\/@talkpal\",\"https:\/\/www.instagram.com\/talkpal_ai\/\",\"https:\/\/www.crunchbase.com\/organization\/talkpal-9cde\",\"https:\/\/www.g2.com\/products\/talkpal-for-business\/\",\"https:\/\/www.trustpilot.com\/review\/talkpal.ai\",\"https:\/\/www.capterra.com\/p\/10006800\/TalkPal\/\"],\"description\":\"Talkpal is a language learning web and mobile education app, powered by the latest AI technologies, that provides engaging experiences to its customers in many different languages to help them improve their language skills. Users can chat about unlimited amount of topics with the app and use other modes to practice their language learning.\",\"email\":\"support@talkpal.ai\",\"legalName\":\"Talkpal, Inc.\",\"foundingDate\":\"2023-04-03\",\"duns\":\"118989042\",\"numberOfEmployees\":{\"@type\":\"QuantitativeValue\",\"minValue\":\"11\",\"maxValue\":\"50\"},\"publishingPrinciples\":\"https:\/\/talkpal.ai\/publishing-principles\/\",\"actionableFeedbackPolicy\":\"https:\/\/talkpal.ai\/actionable-feedback-policy\/\",\"correctionsPolicy\":\"https:\/\/talkpal.ai\/corrections-policy\/\",\"ethicsPolicy\":\"https:\/\/talkpal.ai\/ethics-policy\/\",\"diversityPolicy\":\"https:\/\/talkpal.ai\/diversity-policy\/\",\"diversityStaffingReport\":\"https:\/\/talkpal.ai\/diversity-policy\/\"}]}<\/script>\n<!-- \/ Yoast SEO Premium plugin. -->","yoast_head_json":{"title":"Indon\u00e9zske gramatick\u00e9 cvi\u010denia - Talkpal","description":"Zlep\u0161ite si indon\u00e9zsku gramatiku - precvi\u010dujte si ju pomocou jednoduch\u00fdch cvi\u010den\u00ed, interakt\u00edvnych pr\u00edkladov a jasnej sp\u00e4tnej v\u00e4zby Talkpal AI.","robots":{"index":"index","follow":"follow","max-snippet":"max-snippet:-1","max-image-preview":"max-image-preview:large","max-video-preview":"max-video-preview:-1"},"canonical":"https:\/\/talkpal.ai\/sk\/indonezske-gramaticke-cvicenia\/","og_locale":"sk_SK","og_type":"article","og_title":"Indon\u00e9zske gramatick\u00e9 cvi\u010denia","og_description":"T\u00e9my indon\u00e9zskej gramatiky Indon\u00e9z\u0161tina alebo Bahasa Indonesia je ofici\u00e1lnym jazykom Indon\u00e9zie a sl\u00fa\u017ei ako zjednocuj\u00faci jazyk v krajine s viac ako 700","og_url":"https:\/\/talkpal.ai\/sk\/indonezske-gramaticke-cvicenia\/","og_site_name":"Talkpal","article_publisher":"https:\/\/www.facebook.com\/profile.php?id=100090733639311","article_modified_time":"2025-12-17T14:53:03+00:00","og_image":[{"width":512,"height":512,"url":"https:\/\/talkpal.ai\/wp-content\/uploads\/2023\/05\/indonesia.png","type":"image\/png"}],"twitter_card":"summary_large_image","twitter_site":"@talkpalai","twitter_misc":{"Predpokladan\u00fd \u010das \u010d\u00edtania":"3 min\u00faty"},"schema":{"@context":"https:\/\/schema.org","@graph":[{"@type":"WebPage","@id":"https:\/\/talkpal.ai\/sk\/indonezske-gramaticke-cvicenia\/","url":"https:\/\/talkpal.ai\/sk\/indonezske-gramaticke-cvicenia\/","name":"Indon\u00e9zske gramatick\u00e9 cvi\u010denia - Talkpal","isPartOf":{"@id":"https:\/\/talkpal.ai\/sk\/#website"},"primaryImageOfPage":{"@id":"https:\/\/talkpal.ai\/sk\/indonezske-gramaticke-cvicenia\/#primaryimage"},"image":{"@id":"https:\/\/talkpal.ai\/sk\/indonezske-gramaticke-cvicenia\/#primaryimage"},"thumbnailUrl":"https:\/\/talkpal.ai\/wp-content\/uploads\/2023\/05\/indonesia.png","datePublished":"2023-06-22T07:25:42+00:00","dateModified":"2025-12-17T14:53:03+00:00","description":"Zlep\u0161ite si indon\u00e9zsku gramatiku - precvi\u010dujte si ju pomocou jednoduch\u00fdch cvi\u010den\u00ed, interakt\u00edvnych pr\u00edkladov a jasnej sp\u00e4tnej v\u00e4zby Talkpal AI.","breadcrumb":{"@id":"https:\/\/talkpal.ai\/sk\/indonezske-gramaticke-cvicenia\/#breadcrumb"},"inLanguage":"sk-SK","potentialAction":[{"@type":"ReadAction","target":["https:\/\/talkpal.ai\/sk\/indonezske-gramaticke-cvicenia\/"]}]},{"@type":"ImageObject","inLanguage":"sk-SK","@id":"https:\/\/talkpal.ai\/sk\/indonezske-gramaticke-cvicenia\/#primaryimage","url":"https:\/\/talkpal.ai\/wp-content\/uploads\/2023\/05\/indonesia.png","contentUrl":"https:\/\/talkpal.ai\/wp-content\/uploads\/2023\/05\/indonesia.png","width":512,"height":512},{"@type":"BreadcrumbList","@id":"https:\/\/talkpal.ai\/sk\/indonezske-gramaticke-cvicenia\/#breadcrumb","itemListElement":[{"@type":"ListItem","position":1,"name":"Homepage","item":"https:\/\/talkpal.ai\/sk\/"},{"@type":"ListItem","position":2,"name":"Indon\u00e9zske gramatick\u00e9 cvi\u010denia"}]},{"@type":"WebSite","@id":"https:\/\/talkpal.ai\/sk\/#website","url":"https:\/\/talkpal.ai\/sk\/","name":"Talkpal","description":"AI Language Learning","publisher":{"@id":"https:\/\/talkpal.ai\/sk\/#organization"},"alternateName":"Talkpal AI","potentialAction":[{"@type":"SearchAction","target":{"@type":"EntryPoint","urlTemplate":"https:\/\/talkpal.ai\/sk\/?s={search_term_string}"},"query-input":{"@type":"PropertyValueSpecification","valueRequired":true,"valueName":"search_term_string"}}],"inLanguage":"sk-SK"},{"@type":"Organization","@id":"https:\/\/talkpal.ai\/sk\/#organization","name":"Talkpal, Inc.","alternateName":"Talkpal AI","url":"https:\/\/talkpal.ai\/sk\/","logo":{"@type":"ImageObject","inLanguage":"sk-SK","@id":"https:\/\/talkpal.ai\/sk\/#\/schema\/logo\/image\/","url":"https:\/\/talkpal.ai\/wp-content\/uploads\/2024\/03\/Talkpal-Logo-Icon.png","contentUrl":"https:\/\/talkpal.ai\/wp-content\/uploads\/2024\/03\/Talkpal-Logo-Icon.png","width":2880,"height":2880,"caption":"Talkpal, Inc."},"image":{"@id":"https:\/\/talkpal.ai\/sk\/#\/schema\/logo\/image\/"},"sameAs":["https:\/\/www.facebook.com\/profile.php?id=100090733639311","https:\/\/x.com\/talkpalai","https:\/\/www.linkedin.com\/company\/talkpal\/","https:\/\/www.youtube.com\/@TalkPal\/","https:\/\/www.tiktok.com\/@talkpal","https:\/\/www.instagram.com\/talkpal_ai\/","https:\/\/www.crunchbase.com\/organization\/talkpal-9cde","https:\/\/www.g2.com\/products\/talkpal-for-business\/","https:\/\/www.trustpilot.com\/review\/talkpal.ai","https:\/\/www.capterra.com\/p\/10006800\/TalkPal\/"],"description":"Talkpal is a language learning web and mobile education app, powered by the latest AI technologies, that provides engaging experiences to its customers in many different languages to help them improve their language skills. Users can chat about unlimited amount of topics with the app and use other modes to practice their language learning.","email":"support@talkpal.ai","legalName":"Talkpal, Inc.","foundingDate":"2023-04-03","duns":"118989042","numberOfEmployees":{"@type":"QuantitativeValue","minValue":"11","maxValue":"50"},"publishingPrinciples":"https:\/\/talkpal.ai\/publishing-principles\/","actionableFeedbackPolicy":"https:\/\/talkpal.ai\/actionable-feedback-policy\/","correctionsPolicy":"https:\/\/talkpal.ai\/corrections-policy\/","ethicsPolicy":"https:\/\/talkpal.ai\/ethics-policy\/","diversityPolicy":"https:\/\/talkpal.ai\/diversity-policy\/","diversityStaffingReport":"https:\/\/talkpal.ai\/diversity-policy\/"}]}},"_links":{"self":[{"href":"https:\/\/talkpal.ai\/sk\/wp-json\/wp\/v2\/pages\/161272","targetHints":{"allow":["GET"]}}],"collection":[{"href":"https:\/\/talkpal.ai\/sk\/wp-json\/wp\/v2\/pages"}],"about":[{"href":"https:\/\/talkpal.ai\/sk\/wp-json\/wp\/v2\/types\/page"}],"author":[{"embeddable":true,"href":"https:\/\/talkpal.ai\/sk\/wp-json\/wp\/v2\/users\/6"}],"replies":[{"embeddable":true,"href":"https:\/\/talkpal.ai\/sk\/wp-json\/wp\/v2\/comments?post=161272"}],"version-history":[{"count":0,"href":"https:\/\/talkpal.ai\/sk\/wp-json\/wp\/v2\/pages\/161272\/revisions"}],"wp:featuredmedia":[{"embeddable":true,"href":"https:\/\/talkpal.ai\/sk\/wp-json\/wp\/v2\/media\/113880"}],"wp:attachment":[{"href":"https:\/\/talkpal.ai\/sk\/wp-json\/wp\/v2\/media?parent=161272"}],"curies":[{"name":"wp","href":"https:\/\/api.w.org\/{rel}","templated":true}]}}