{"id":160983,"date":"2023-06-22T07:53:19","date_gmt":"2023-06-22T07:53:19","guid":{"rendered":"http:\/\/talkpal.ai\/kannadske-gramaticke-cvicenia\/"},"modified":"2025-12-17T15:09:43","modified_gmt":"2025-12-17T15:09:43","slug":"kannadske-gramaticke-cvicenia","status":"publish","type":"page","link":"https:\/\/talkpal.ai\/sk\/kannadske-gramaticke-cvicenia\/","title":{"rendered":"Kannadsk\u00e9 gramatick\u00e9 cvi\u010denia"},"content":{"rendered":"\r\n\r\n\r\n<section class=\"languageChallengeSection\">\r\n    <div class=\"languageInfoWrapper\">\r\n        \r\n        <h1>Kannadsk\u00e9 gramatick\u00e9 cvi\u010denia<\/h1>\r\n        <p>Chcete sa zdokonali\u0165 v kannade? Precvi\u010dovanie gramatick\u00fdch cvi\u010den\u00ed je skvel\u00fd sp\u00f4sob, ako sa nau\u010di\u0165 \u0161trukt\u00faru vety, slovesn\u00e9 tvary a jedine\u010dn\u00e9 vlastnosti kannadsk\u00e9ho jazyka. Za\u010dnite pracova\u0165 na kannadskej gramatike e\u0161te dnes a s ka\u017ed\u00fdm nov\u00fdm cvi\u010den\u00edm uvid\u00edte, ako rastie va\u0161a sebad\u00f4vera a plynulos\u0165!<\/p>\r\n\r\n                            <a class=\"getStartedHidden\" href=\"https:\/\/app.talkpal.ai\/sk\/signup?lng=\">Za\u010dni<\/a>\r\n        \r\n    <\/div>\r\n\r\n    <figure>\r\n    <img decoding=\"async\" width=\"768\" height=\"768\" src=\"https:\/\/talkpal.ai\/wp-content\/uploads\/2023\/06\/Kannada-768x768.png\" class=\"languageImage no-lazy\" alt=\"Language learning for increased mental flexibility\" fetchpriority=\"high\" sizes=\"(max-width: 768px) 150px, 768px\" srcset=\"https:\/\/talkpal.ai\/wp-content\/uploads\/2023\/06\/Kannada-768x768.png 768w, https:\/\/talkpal.ai\/wp-content\/uploads\/2023\/06\/Kannada-300x300.png 300w\" \/>\r\n    \r\n\r\n    <\/figure>\r\n\r\n            <a class=\"getStartedVisible\" href=\"https:\/\/app.talkpal.ai\/sk\/signup?lng=\">Za\u010dni<\/a>\r\n    \r\n<\/section>\r\n\r\n\r\n<!-- <section class=\"grammarSection\">\r\n    <div class=\"grammarLinks\">\r\n            <\/div>\r\n<\/section> -->\r\n\r\n\r\n\r\n\r\n<section class=\"promotionalBanner\">\r\n    <p class=\"promotionalText\">Najefekt\u00edvnej\u0161\u00ed sp\u00f4sob, ako sa nau\u010di\u0165 jazyk<\/p>\r\n    <a class=\"promotionalLink\" href=\"https:\/\/app.talkpal.ai\/sk\/signup?lng=\">Vysk\u00fa\u0161ajte Talkpal zadarmo<\/a>\r\n<\/section>\n<div class=\"wp-block-group pageContainerStyle\"><div class=\"wp-block-group__inner-container is-layout-constrained wp-block-group-is-layout-constrained\">\n<h2 class=\"wp-block-heading\" id=\"h-kannada-grammar-topics\">T\u00e9my o gramatike v Kannade<\/h2>\n\n\n\n<p><a href=\"https:\/\/talkpal.ai\/learn-kannada\/\">Kannad\u010dina<\/a> je dr\u00e1vidsk\u00fd jazyk, ktor\u00fdm hovor\u00ed preva\u017ene v indickom \u0161t\u00e1te Karn\u00e1taka pribli\u017ene 44 mili\u00f3nov \u013eud\u00ed. Je to jeden z 22 pl\u00e1novan\u00fdch jazykov Indie a \u00faradn\u00fd jazyk \u0161t\u00e1tu Karnataka. <a href=\"https:\/\/talkpal.ai\/sk\/ucenie\/\">U\u010denie sa<\/a> Kannady nie je nevyhnutn\u00e9 len pre pochopenie bohatej kult\u00fary a hist\u00f3rie Karnataky, ale pom\u00e1ha aj pri efekt\u00edvnej komunik\u00e1cii s miestnym obyvate\u013estvom. Cie\u013eom tohto \u010dl\u00e1nku je poskytn\u00fa\u0165 \u0161trukt\u00farovan\u00fd pr\u00edstup k u\u010deniu r\u00f4znych t\u00e9m kannadskej gramatiky, ktor\u00fd v\u00e1m pom\u00f4\u017ee vybudova\u0165 siln\u00fd z\u00e1klad v jazyku.<\/p>\n\n\n\n<h3 class=\"wp-block-heading\" id=\"h-1-nouns\">1. Podstatn\u00e9 men\u00e1<\/h3>\n\n\n\n<p>Ako stavebn\u00e9 kamene ka\u017ed\u00e9ho jazyka s\u00fa podstatn\u00e9 men\u00e1 v kannad\u010dine nevyhnutn\u00e9 nau\u010di\u0165 sa ako prv\u00e9. Kannadsk\u00e9 podstatn\u00e9 men\u00e1 maj\u00fa r\u00f4zne formy zalo\u017een\u00e9 na pohlav\u00ed, \u010d\u00edsle a p\u00e1de, ktor\u00e9 ovplyv\u0148uj\u00fa formu podstatn\u00e9ho mena. Za\u010dnite pochopen\u00edm z\u00e1kladn\u00fdch pojmov tvarov podstatn\u00fdch mien a ich pou\u017e\u00edvania v jazyku.<\/p>\n\n\n\n<h3 class=\"wp-block-heading\" id=\"h-2-pronouns-determiners\">2. Z\u00e1men\u00e1\/determin\u00e1tory<\/h3>\n\n\n\n<p>Z\u00e1men\u00e1 s\u00fa slov\u00e1, ktor\u00e9 nahr\u00e1dzaj\u00fa podstatn\u00e9 men\u00e1 vo vet\u00e1ch, zatia\u013e \u010do determin\u00e1tory menia podstatn\u00e9 men\u00e1. Z\u00edskajte inform\u00e1cie o r\u00f4znych typoch z\u00e1men a determin\u00e1torov v Kannade, ich pou\u017e\u00edvan\u00ed a o tom, ako sa menia v z\u00e1vislosti od pohlavia, \u010d\u00edsla a p\u00e1du.<\/p>\n\n\n\n<h3 class=\"wp-block-heading\" id=\"h-3-articles\">3. \u010cl\u00e1nky<\/h3>\n\n\n\n<p>Kannad\u010dina nem\u00e1 \u010dleny ako <a href=\"https:\/\/talkpal.ai\/learn-english-with-ai\/\">angli\u010dtina<\/a>, ale m\u00e1 podobn\u00e9 slov\u00e1, ktor\u00e9 pom\u00e1haj\u00fa ur\u010di\u0165 ur\u010ditos\u0165 podstatn\u00e9ho mena. Zozn\u00e1mte sa s t\u00fdmito slovami a ich pou\u017eit\u00edm v Kannade.<\/p>\n\n\n\n<h3 class=\"wp-block-heading\" id=\"h-4-adjectives\">4. Pr\u00eddavn\u00e9 men\u00e1<\/h3>\n\n\n\n<p>Pr\u00eddavn\u00e9 men\u00e1 opisuj\u00fa podstatn\u00e9 men\u00e1 a poskytuj\u00fa o nich viac inform\u00e1ci\u00ed. Nau\u010dte sa, ako vytv\u00e1ra\u0165 a pou\u017e\u00edva\u0165 pr\u00eddavn\u00e9 men\u00e1 v Kannade, ako aj ich pravidl\u00e1 dohody s podstatn\u00fdmi menami.<\/p>\n\n\n\n<h3 class=\"wp-block-heading\" id=\"h-5-verbs\">5. Sloves\u00e1<\/h3>\n\n\n\n<p>Sloves\u00e1 s\u00fa ak\u010dn\u00e9 slov\u00e1, ktor\u00e9 nazna\u010duj\u00fa, \u010do subjekt rob\u00ed. Z\u00edskajte inform\u00e1cie o r\u00f4znych typoch slovies v Kannade, ich form\u00e1ch a pravidl\u00e1ch \u010dasovania zalo\u017een\u00fdch na \u010dase, aspekte a n\u00e1lade.<\/p>\n\n\n\n<h3 class=\"wp-block-heading\" id=\"h-6-tenses\">6. Nap\u00e4tie<\/h3>\n\n\n\n<p>Nap\u00e4tie v Kannade pom\u00e1ha vyjadri\u0165, kedy sa akcia uskuto\u010dnila. Zozn\u00e1mte sa s tromi hlavn\u00fdmi \u010dasmi &#8211; minul\u00fdm, pr\u00edtomn\u00fdm a bud\u00facim &#8211; a ich r\u00f4znymi formami.<\/p>\n\n\n\n<h3 class=\"wp-block-heading\" id=\"h-7-tense-comparison\">7. Nap\u00e4t\u00e9 porovnanie<\/h3>\n\n\n\n<p>Pochopte, ako porovna\u0165 akcie v r\u00f4znych \u010dasoch v Kannade. To v\u00e1m pom\u00f4\u017ee vytvori\u0165 zlo\u017eitej\u0161ie vety a presnej\u0161ie vyjadri\u0165 svoje my\u0161lienky.<\/p>\n\n\n\n<h3 class=\"wp-block-heading\" id=\"h-8-progressive-and-perfect-progressive\">8. Progres\u00edvne a dokonal\u00e9 progres\u00edvne<\/h3>\n\n\n\n<p>Tieto aspekty kannadsk\u00fdch slovies nazna\u010duj\u00fa prebiehaj\u00face akcie alebo akcie, ktor\u00e9 prebiehali, ale teraz s\u00fa dokon\u010den\u00e9. Nau\u010dte sa, ako tvori\u0165 a pou\u017e\u00edva\u0165 progres\u00edvne a dokonal\u00e9 progres\u00edvne sloves\u00e1 v Kannade.<\/p>\n\n\n\n<h3 class=\"wp-block-heading\" id=\"h-9-adverbs\">9. Pr\u00edslovky<\/h3>\n\n\n\n<p>Pr\u00edslovky poskytuj\u00fa \u010fal\u0161ie inform\u00e1cie o sloves\u00e1ch, pr\u00eddavn\u00fdch men\u00e1ch alebo in\u00fdch pr\u00edslovk\u00e1ch. Nau\u010dte sa r\u00f4zne typy pr\u00edsloviek v Kannade a ich umiestnenie vo vet\u00e1ch.<\/p>\n\n\n\n<h3 class=\"wp-block-heading\" id=\"h-10-conditionals\">10. Podmienky<\/h3>\n\n\n\n<p>Podmienen\u00e9 s\u00fa vety, ktor\u00e9 vyjadruj\u00fa stav a jeho mo\u017en\u00fd v\u00fdsledok. Nau\u010dte sa, ako tvori\u0165 a pou\u017e\u00edva\u0165 podmienen\u00e9 vety v kannad\u010dine pomocou vhodn\u00fdch slovesn\u00fdch tvarov a spojok.<\/p>\n\n\n\n<h3 class=\"wp-block-heading\" id=\"h-11-prepositions\">11. Predlo\u017eky<\/h3>\n\n\n\n<p>Predlo\u017eky s\u00fa slov\u00e1, ktor\u00e9 ukazuj\u00fa vz\u0165ahy medzi podstatn\u00fdmi menami alebo z\u00e1menami a in\u00fdmi slovami vo vete. Nau\u010dte sa be\u017en\u00e9 predlo\u017eky Kannada a ich pou\u017eitie.<\/p>\n\n\n\n<h3 class=\"wp-block-heading\" id=\"h-12-sentences\">12. Vety<\/h3>\n\n\n\n<p>Nakoniec si precvi\u010dte kombin\u00e1ciu v\u0161etk\u00fdch gramatick\u00fdch t\u00e9m, ktor\u00e9 ste sa nau\u010dili, aby ste vytvorili \u00fapln\u00e9 vety v kannade. To v\u00e1m pom\u00f4\u017ee zlep\u0161i\u0165 va\u0161e celkov\u00e9 jazykov\u00e9 znalosti a komunika\u010dn\u00e9 schopnosti.<\/p>\n<\/div><\/div>\n\r\n<section class=\"learnNavigationSection\">\r\n            \r\n        <a href=\"https:\/\/talkpal.ai\/sk\/naucte-sa-kannada\/\">\r\n            <div class=\"learnNavigationWrapper\">\r\n                <div class=\"learnNavigationContent\">\r\n                    <img decoding=\"async\" src=\"https:\/\/talkpal.ai\/wp-content\/uploads\/2024\/08\/Kannada.jpg\" alt=\"Indian Simplified Flag\">\r\n                    <div>\r\n                        <h4>O \u0161t\u00fadiu kannad\u010diny<\/h4>\r\n                        <p>Zistite v\u0161etko o kannadskej gramatike.<\/p>\r\n                    <\/div>\r\n                <\/div>\r\n            <\/div>\r\n        <\/a>\r\n\r\n        \r\n        <a href=\"https:\/\/talkpal.ai\/sk\/kannadska-gramatika\/\">\r\n            <div class=\"learnNavigationWrapper\">\r\n                <div class=\"learnNavigationContent\">\r\n                    <img decoding=\"async\" src=\"https:\/\/talkpal.ai\/wp-content\/uploads\/2024\/08\/Kannada.jpg\" alt=\"Indian Simplified Flag\">\r\n                    <div>\r\n                        <h4>Lekcie gramatiky kannad\u010diny<\/h4>\r\n                        <p>Precvi\u010dte si kannadsk\u00fa gramatiku.<\/p>\r\n                    <\/div>\r\n                <\/div>\r\n            <\/div>\r\n        <\/a>\r\n\r\n        \r\n        <a href=\"https:\/\/talkpal.ai\/vocabulary_language\/kannada\/\">\r\n            <div class=\"learnNavigationWrapper\">\r\n                <div class=\"learnNavigationContent\">\r\n                    <img decoding=\"async\" src=\"https:\/\/talkpal.ai\/wp-content\/uploads\/2024\/08\/Kannada.jpg\" alt=\"Indian Simplified Flag\">\r\n                    <div>\r\n                        <h4>Slovn\u00e1 z\u00e1soba kannad\u010diny<\/h4>\r\n                        <p>Roz\u0161\u00edrte si slovn\u00fa z\u00e1sobu kannad\u010diny.<\/p>\r\n                    <\/div>\r\n                <\/div>\r\n            <\/div>\r\n        <\/a>\r\n\r\n            <\/section>","protected":false},"excerpt":{"rendered":"<p>T\u00e9my o gramatike v Kannade Kannad\u010dina je dr\u00e1vidsk\u00fd jazyk, ktor\u00fdm hovor\u00ed preva\u017ene v indickom \u0161t\u00e1te Karn\u00e1taka pribli\u017ene 44 mili\u00f3nov \u013eud\u00ed. Je to jeden z 22 pl\u00e1novan\u00fdch jazykov Indie a \u00faradn\u00fd jazyk \u0161t\u00e1tu Karnataka. U\u010denie sa Kannady nie je nevyhnutn\u00e9 len pre pochopenie bohatej kult\u00fary a hist\u00f3rie Karnataky, ale pom\u00e1ha aj pri efekt\u00edvnej komunik\u00e1cii s miestnym [&hellip;]<\/p>\n","protected":false},"author":6,"featured_media":113628,"parent":0,"menu_order":0,"comment_status":"closed","ping_status":"closed","template":"LearningContentPage.php","meta":{"_acf_changed":false,"footnotes":""},"class_list":["post-160983","page","type-page","status-publish","has-post-thumbnail","hentry"],"acf":[],"yoast_head":"<!-- This site is optimized with the Yoast SEO Premium plugin v27.2 (Yoast SEO v27.2) - https:\/\/yoast.com\/product\/yoast-seo-premium-wordpress\/ -->\n<title>Kannadsk\u00e9 gramatick\u00e9 cvi\u010denia - Talkpal<\/title>\n<meta name=\"description\" content=\"Posilnite si gramatiku kannad\u010diny - zapojte sa do interakt\u00edvnych cvi\u010den\u00ed, osvojte si vzory viet a zlep\u0161ite plynulos\u0165 pomocou Talkpal&#039;s AI tutor.\" \/>\n<meta name=\"robots\" content=\"index, follow, max-snippet:-1, max-image-preview:large, max-video-preview:-1\" \/>\n<link rel=\"canonical\" href=\"https:\/\/talkpal.ai\/sk\/kannadske-gramaticke-cvicenia\/\" \/>\n<meta property=\"og:locale\" content=\"sk_SK\" \/>\n<meta property=\"og:type\" content=\"article\" \/>\n<meta property=\"og:title\" content=\"Kannadsk\u00e9 gramatick\u00e9 cvi\u010denia\" \/>\n<meta property=\"og:description\" content=\"T\u00e9my o gramatike v Kannade Kannad\u010dina je dr\u00e1vidsk\u00fd jazyk, ktor\u00fdm hovor\u00ed preva\u017ene v indickom \u0161t\u00e1te Karn\u00e1taka pribli\u017ene 44 mili\u00f3nov \u013eud\u00ed. Je to jeden z 22\" \/>\n<meta property=\"og:url\" content=\"https:\/\/talkpal.ai\/sk\/kannadske-gramaticke-cvicenia\/\" \/>\n<meta property=\"og:site_name\" content=\"Talkpal\" \/>\n<meta property=\"article:publisher\" content=\"https:\/\/www.facebook.com\/profile.php?id=100090733639311\" \/>\n<meta property=\"article:modified_time\" content=\"2025-12-17T15:09:43+00:00\" \/>\n<meta property=\"og:image\" content=\"https:\/\/talkpal.ai\/wp-content\/uploads\/2023\/05\/Kannada-india.png\" \/>\n\t<meta property=\"og:image:width\" content=\"512\" \/>\n\t<meta property=\"og:image:height\" content=\"512\" \/>\n\t<meta property=\"og:image:type\" content=\"image\/png\" \/>\n<meta name=\"twitter:card\" content=\"summary_large_image\" \/>\n<meta name=\"twitter:site\" content=\"@talkpalai\" \/>\n<meta name=\"twitter:label1\" content=\"Predpokladan\u00fd \u010das \u010d\u00edtania\" \/>\n\t<meta name=\"twitter:data1\" content=\"3 min\u00faty\" \/>\n<script type=\"application\/ld+json\" class=\"yoast-schema-graph\">{\"@context\":\"https:\/\/schema.org\",\"@graph\":[{\"@type\":\"WebPage\",\"@id\":\"https:\/\/talkpal.ai\/sk\/kannadske-gramaticke-cvicenia\/\",\"url\":\"https:\/\/talkpal.ai\/sk\/kannadske-gramaticke-cvicenia\/\",\"name\":\"Kannadsk\u00e9 gramatick\u00e9 cvi\u010denia - Talkpal\",\"isPartOf\":{\"@id\":\"https:\/\/talkpal.ai\/sk\/#website\"},\"primaryImageOfPage\":{\"@id\":\"https:\/\/talkpal.ai\/sk\/kannadske-gramaticke-cvicenia\/#primaryimage\"},\"image\":{\"@id\":\"https:\/\/talkpal.ai\/sk\/kannadske-gramaticke-cvicenia\/#primaryimage\"},\"thumbnailUrl\":\"https:\/\/talkpal.ai\/wp-content\/uploads\/2023\/05\/Kannada-india.png\",\"datePublished\":\"2023-06-22T07:53:19+00:00\",\"dateModified\":\"2025-12-17T15:09:43+00:00\",\"description\":\"Posilnite si gramatiku kannad\u010diny - zapojte sa do interakt\u00edvnych cvi\u010den\u00ed, osvojte si vzory viet a zlep\u0161ite plynulos\u0165 pomocou Talkpal's AI tutor.\",\"breadcrumb\":{\"@id\":\"https:\/\/talkpal.ai\/sk\/kannadske-gramaticke-cvicenia\/#breadcrumb\"},\"inLanguage\":\"sk-SK\",\"potentialAction\":[{\"@type\":\"ReadAction\",\"target\":[\"https:\/\/talkpal.ai\/sk\/kannadske-gramaticke-cvicenia\/\"]}]},{\"@type\":\"ImageObject\",\"inLanguage\":\"sk-SK\",\"@id\":\"https:\/\/talkpal.ai\/sk\/kannadske-gramaticke-cvicenia\/#primaryimage\",\"url\":\"https:\/\/talkpal.ai\/wp-content\/uploads\/2023\/05\/Kannada-india.png\",\"contentUrl\":\"https:\/\/talkpal.ai\/wp-content\/uploads\/2023\/05\/Kannada-india.png\",\"width\":512,\"height\":512},{\"@type\":\"BreadcrumbList\",\"@id\":\"https:\/\/talkpal.ai\/sk\/kannadske-gramaticke-cvicenia\/#breadcrumb\",\"itemListElement\":[{\"@type\":\"ListItem\",\"position\":1,\"name\":\"Homepage\",\"item\":\"https:\/\/talkpal.ai\/sk\/\"},{\"@type\":\"ListItem\",\"position\":2,\"name\":\"Kannadsk\u00e9 gramatick\u00e9 cvi\u010denia\"}]},{\"@type\":\"WebSite\",\"@id\":\"https:\/\/talkpal.ai\/sk\/#website\",\"url\":\"https:\/\/talkpal.ai\/sk\/\",\"name\":\"Talkpal\",\"description\":\"AI Language Learning\",\"publisher\":{\"@id\":\"https:\/\/talkpal.ai\/sk\/#organization\"},\"alternateName\":\"Talkpal AI\",\"potentialAction\":[{\"@type\":\"SearchAction\",\"target\":{\"@type\":\"EntryPoint\",\"urlTemplate\":\"https:\/\/talkpal.ai\/sk\/?s={search_term_string}\"},\"query-input\":{\"@type\":\"PropertyValueSpecification\",\"valueRequired\":true,\"valueName\":\"search_term_string\"}}],\"inLanguage\":\"sk-SK\"},{\"@type\":\"Organization\",\"@id\":\"https:\/\/talkpal.ai\/sk\/#organization\",\"name\":\"Talkpal, Inc.\",\"alternateName\":\"Talkpal AI\",\"url\":\"https:\/\/talkpal.ai\/sk\/\",\"logo\":{\"@type\":\"ImageObject\",\"inLanguage\":\"sk-SK\",\"@id\":\"https:\/\/talkpal.ai\/sk\/#\/schema\/logo\/image\/\",\"url\":\"https:\/\/talkpal.ai\/wp-content\/uploads\/2024\/03\/Talkpal-Logo-Icon.png\",\"contentUrl\":\"https:\/\/talkpal.ai\/wp-content\/uploads\/2024\/03\/Talkpal-Logo-Icon.png\",\"width\":2880,\"height\":2880,\"caption\":\"Talkpal, Inc.\"},\"image\":{\"@id\":\"https:\/\/talkpal.ai\/sk\/#\/schema\/logo\/image\/\"},\"sameAs\":[\"https:\/\/www.facebook.com\/profile.php?id=100090733639311\",\"https:\/\/x.com\/talkpalai\",\"https:\/\/www.linkedin.com\/company\/talkpal\/\",\"https:\/\/www.youtube.com\/@TalkPal\/\",\"https:\/\/www.tiktok.com\/@talkpal\",\"https:\/\/www.instagram.com\/talkpal_ai\/\",\"https:\/\/www.crunchbase.com\/organization\/talkpal-9cde\",\"https:\/\/www.g2.com\/products\/talkpal-for-business\/\",\"https:\/\/www.trustpilot.com\/review\/talkpal.ai\",\"https:\/\/www.capterra.com\/p\/10006800\/TalkPal\/\"],\"description\":\"Talkpal is a language learning web and mobile education app, powered by the latest AI technologies, that provides engaging experiences to its customers in many different languages to help them improve their language skills. Users can chat about unlimited amount of topics with the app and use other modes to practice their language learning.\",\"email\":\"support@talkpal.ai\",\"legalName\":\"Talkpal, Inc.\",\"foundingDate\":\"2023-04-03\",\"duns\":\"118989042\",\"numberOfEmployees\":{\"@type\":\"QuantitativeValue\",\"minValue\":\"11\",\"maxValue\":\"50\"},\"publishingPrinciples\":\"https:\/\/talkpal.ai\/publishing-principles\/\",\"actionableFeedbackPolicy\":\"https:\/\/talkpal.ai\/actionable-feedback-policy\/\",\"correctionsPolicy\":\"https:\/\/talkpal.ai\/corrections-policy\/\",\"ethicsPolicy\":\"https:\/\/talkpal.ai\/ethics-policy\/\",\"diversityPolicy\":\"https:\/\/talkpal.ai\/diversity-policy\/\",\"diversityStaffingReport\":\"https:\/\/talkpal.ai\/diversity-policy\/\"}]}<\/script>\n<!-- \/ Yoast SEO Premium plugin. -->","yoast_head_json":{"title":"Kannadsk\u00e9 gramatick\u00e9 cvi\u010denia - Talkpal","description":"Posilnite si gramatiku kannad\u010diny - zapojte sa do interakt\u00edvnych cvi\u010den\u00ed, osvojte si vzory viet a zlep\u0161ite plynulos\u0165 pomocou Talkpal's AI tutor.","robots":{"index":"index","follow":"follow","max-snippet":"max-snippet:-1","max-image-preview":"max-image-preview:large","max-video-preview":"max-video-preview:-1"},"canonical":"https:\/\/talkpal.ai\/sk\/kannadske-gramaticke-cvicenia\/","og_locale":"sk_SK","og_type":"article","og_title":"Kannadsk\u00e9 gramatick\u00e9 cvi\u010denia","og_description":"T\u00e9my o gramatike v Kannade Kannad\u010dina je dr\u00e1vidsk\u00fd jazyk, ktor\u00fdm hovor\u00ed preva\u017ene v indickom \u0161t\u00e1te Karn\u00e1taka pribli\u017ene 44 mili\u00f3nov \u013eud\u00ed. Je to jeden z 22","og_url":"https:\/\/talkpal.ai\/sk\/kannadske-gramaticke-cvicenia\/","og_site_name":"Talkpal","article_publisher":"https:\/\/www.facebook.com\/profile.php?id=100090733639311","article_modified_time":"2025-12-17T15:09:43+00:00","og_image":[{"width":512,"height":512,"url":"https:\/\/talkpal.ai\/wp-content\/uploads\/2023\/05\/Kannada-india.png","type":"image\/png"}],"twitter_card":"summary_large_image","twitter_site":"@talkpalai","twitter_misc":{"Predpokladan\u00fd \u010das \u010d\u00edtania":"3 min\u00faty"},"schema":{"@context":"https:\/\/schema.org","@graph":[{"@type":"WebPage","@id":"https:\/\/talkpal.ai\/sk\/kannadske-gramaticke-cvicenia\/","url":"https:\/\/talkpal.ai\/sk\/kannadske-gramaticke-cvicenia\/","name":"Kannadsk\u00e9 gramatick\u00e9 cvi\u010denia - Talkpal","isPartOf":{"@id":"https:\/\/talkpal.ai\/sk\/#website"},"primaryImageOfPage":{"@id":"https:\/\/talkpal.ai\/sk\/kannadske-gramaticke-cvicenia\/#primaryimage"},"image":{"@id":"https:\/\/talkpal.ai\/sk\/kannadske-gramaticke-cvicenia\/#primaryimage"},"thumbnailUrl":"https:\/\/talkpal.ai\/wp-content\/uploads\/2023\/05\/Kannada-india.png","datePublished":"2023-06-22T07:53:19+00:00","dateModified":"2025-12-17T15:09:43+00:00","description":"Posilnite si gramatiku kannad\u010diny - zapojte sa do interakt\u00edvnych cvi\u010den\u00ed, osvojte si vzory viet a zlep\u0161ite plynulos\u0165 pomocou Talkpal's AI tutor.","breadcrumb":{"@id":"https:\/\/talkpal.ai\/sk\/kannadske-gramaticke-cvicenia\/#breadcrumb"},"inLanguage":"sk-SK","potentialAction":[{"@type":"ReadAction","target":["https:\/\/talkpal.ai\/sk\/kannadske-gramaticke-cvicenia\/"]}]},{"@type":"ImageObject","inLanguage":"sk-SK","@id":"https:\/\/talkpal.ai\/sk\/kannadske-gramaticke-cvicenia\/#primaryimage","url":"https:\/\/talkpal.ai\/wp-content\/uploads\/2023\/05\/Kannada-india.png","contentUrl":"https:\/\/talkpal.ai\/wp-content\/uploads\/2023\/05\/Kannada-india.png","width":512,"height":512},{"@type":"BreadcrumbList","@id":"https:\/\/talkpal.ai\/sk\/kannadske-gramaticke-cvicenia\/#breadcrumb","itemListElement":[{"@type":"ListItem","position":1,"name":"Homepage","item":"https:\/\/talkpal.ai\/sk\/"},{"@type":"ListItem","position":2,"name":"Kannadsk\u00e9 gramatick\u00e9 cvi\u010denia"}]},{"@type":"WebSite","@id":"https:\/\/talkpal.ai\/sk\/#website","url":"https:\/\/talkpal.ai\/sk\/","name":"Talkpal","description":"AI Language Learning","publisher":{"@id":"https:\/\/talkpal.ai\/sk\/#organization"},"alternateName":"Talkpal AI","potentialAction":[{"@type":"SearchAction","target":{"@type":"EntryPoint","urlTemplate":"https:\/\/talkpal.ai\/sk\/?s={search_term_string}"},"query-input":{"@type":"PropertyValueSpecification","valueRequired":true,"valueName":"search_term_string"}}],"inLanguage":"sk-SK"},{"@type":"Organization","@id":"https:\/\/talkpal.ai\/sk\/#organization","name":"Talkpal, Inc.","alternateName":"Talkpal AI","url":"https:\/\/talkpal.ai\/sk\/","logo":{"@type":"ImageObject","inLanguage":"sk-SK","@id":"https:\/\/talkpal.ai\/sk\/#\/schema\/logo\/image\/","url":"https:\/\/talkpal.ai\/wp-content\/uploads\/2024\/03\/Talkpal-Logo-Icon.png","contentUrl":"https:\/\/talkpal.ai\/wp-content\/uploads\/2024\/03\/Talkpal-Logo-Icon.png","width":2880,"height":2880,"caption":"Talkpal, Inc."},"image":{"@id":"https:\/\/talkpal.ai\/sk\/#\/schema\/logo\/image\/"},"sameAs":["https:\/\/www.facebook.com\/profile.php?id=100090733639311","https:\/\/x.com\/talkpalai","https:\/\/www.linkedin.com\/company\/talkpal\/","https:\/\/www.youtube.com\/@TalkPal\/","https:\/\/www.tiktok.com\/@talkpal","https:\/\/www.instagram.com\/talkpal_ai\/","https:\/\/www.crunchbase.com\/organization\/talkpal-9cde","https:\/\/www.g2.com\/products\/talkpal-for-business\/","https:\/\/www.trustpilot.com\/review\/talkpal.ai","https:\/\/www.capterra.com\/p\/10006800\/TalkPal\/"],"description":"Talkpal is a language learning web and mobile education app, powered by the latest AI technologies, that provides engaging experiences to its customers in many different languages to help them improve their language skills. Users can chat about unlimited amount of topics with the app and use other modes to practice their language learning.","email":"support@talkpal.ai","legalName":"Talkpal, Inc.","foundingDate":"2023-04-03","duns":"118989042","numberOfEmployees":{"@type":"QuantitativeValue","minValue":"11","maxValue":"50"},"publishingPrinciples":"https:\/\/talkpal.ai\/publishing-principles\/","actionableFeedbackPolicy":"https:\/\/talkpal.ai\/actionable-feedback-policy\/","correctionsPolicy":"https:\/\/talkpal.ai\/corrections-policy\/","ethicsPolicy":"https:\/\/talkpal.ai\/ethics-policy\/","diversityPolicy":"https:\/\/talkpal.ai\/diversity-policy\/","diversityStaffingReport":"https:\/\/talkpal.ai\/diversity-policy\/"}]}},"_links":{"self":[{"href":"https:\/\/talkpal.ai\/sk\/wp-json\/wp\/v2\/pages\/160983","targetHints":{"allow":["GET"]}}],"collection":[{"href":"https:\/\/talkpal.ai\/sk\/wp-json\/wp\/v2\/pages"}],"about":[{"href":"https:\/\/talkpal.ai\/sk\/wp-json\/wp\/v2\/types\/page"}],"author":[{"embeddable":true,"href":"https:\/\/talkpal.ai\/sk\/wp-json\/wp\/v2\/users\/6"}],"replies":[{"embeddable":true,"href":"https:\/\/talkpal.ai\/sk\/wp-json\/wp\/v2\/comments?post=160983"}],"version-history":[{"count":0,"href":"https:\/\/talkpal.ai\/sk\/wp-json\/wp\/v2\/pages\/160983\/revisions"}],"wp:featuredmedia":[{"embeddable":true,"href":"https:\/\/talkpal.ai\/sk\/wp-json\/wp\/v2\/media\/113628"}],"wp:attachment":[{"href":"https:\/\/talkpal.ai\/sk\/wp-json\/wp\/v2\/media?parent=160983"}],"curies":[{"name":"wp","href":"https:\/\/api.w.org\/{rel}","templated":true}]}}