{"id":160691,"date":"2023-06-22T08:01:09","date_gmt":"2023-06-22T08:01:09","guid":{"rendered":"http:\/\/talkpal.ai\/kazasske-gramaticke-cvicenia\/"},"modified":"2025-12-17T14:57:16","modified_gmt":"2025-12-17T14:57:16","slug":"kazasske-gramaticke-cvicenia","status":"publish","type":"page","link":"https:\/\/talkpal.ai\/sk\/kazasske-gramaticke-cvicenia\/","title":{"rendered":"Kaza\u0161sk\u00e9 gramatick\u00e9 cvi\u010denia"},"content":{"rendered":"\r\n\r\n\r\n<section class=\"languageChallengeSection\">\r\n    <div class=\"languageInfoWrapper\">\r\n        \r\n        <h1>Kaza\u0161sk\u00e9 gramatick\u00e9 cvi\u010denia<\/h1>\r\n        <p>Ste pripraven\u00ed vybudova\u0165 si sebavedomie v kaza\u0161tine? Zameranie sa na gramatick\u00e9 cvi\u010denia je skvel\u00fd sp\u00f4sob, ako si osvoji\u0165 \u0161trukt\u00faru vety, slovesn\u00e9 tvary a z\u00e1kladn\u00e9 jazykov\u00e9 vzory. Za\u010dnite cvi\u010di\u0165 kaza\u0161sk\u00fa gramatiku dnes a uvid\u00edte skuto\u010dn\u00fd pokrok, ke\u010f krok za krokom posiln\u00edte svoje porozumenie!<\/p>\r\n\r\n                            <a class=\"getStartedHidden\" href=\"https:\/\/app.talkpal.ai\/sk\/signup?lng=\">Za\u010dni<\/a>\r\n        \r\n    <\/div>\r\n\r\n    <figure>\r\n    <img decoding=\"async\" width=\"768\" height=\"768\" src=\"https:\/\/talkpal.ai\/wp-content\/uploads\/2023\/06\/Khazak-768x768.png\" class=\"languageImage no-lazy\" alt=\"Language learning for increased negotiation skills\" fetchpriority=\"high\" sizes=\"(max-width: 768px) 150px, 768px\" srcset=\"https:\/\/talkpal.ai\/wp-content\/uploads\/2023\/06\/Khazak-768x768.png 768w, https:\/\/talkpal.ai\/wp-content\/uploads\/2023\/06\/Khazak-300x300.png 300w\" \/>\r\n    \r\n\r\n    <\/figure>\r\n\r\n            <a class=\"getStartedVisible\" href=\"https:\/\/app.talkpal.ai\/sk\/signup?lng=\">Za\u010dni<\/a>\r\n    \r\n<\/section>\r\n\r\n\r\n<!-- <section class=\"grammarSection\">\r\n    <div class=\"grammarLinks\">\r\n            <\/div>\r\n<\/section> -->\r\n\r\n\r\n\r\n\r\n<section class=\"promotionalBanner\">\r\n    <p class=\"promotionalText\">Najefekt\u00edvnej\u0161\u00ed sp\u00f4sob, ako sa nau\u010di\u0165 jazyk<\/p>\r\n    <a class=\"promotionalLink\" href=\"https:\/\/app.talkpal.ai\/sk\/signup?lng=\">Vysk\u00fa\u0161ajte Talkpal zadarmo<\/a>\r\n<\/section>\n<div class=\"wp-block-group pageContainerStyle\"><div class=\"wp-block-group__inner-container is-layout-constrained wp-block-group-is-layout-constrained\">\n<h2 class=\"wp-block-heading\" id=\"h-kazakh-grammar-topics\">T\u00e9my kaza\u0161skej gramatiky<\/h2>\n\n\n\n<p><a href=\"https:\/\/talkpal.ai\/sk\/ucenie\/\">U\u010denie sa<\/a> nov\u00e9ho jazyka m\u00f4\u017ee by\u0165 n\u00e1ro\u010dnou, ale obohacuj\u00facou sk\u00fasenos\u0165ou, ktor\u00e1 otv\u00e1ra pr\u00edle\u017eitosti pre osobn\u00fd a profesion\u00e1lny rast. Jedn\u00fdm z jazykov, ktor\u00fd z\u00edskava popularitu medzi \u0161tudentmi jazykov, je <a href=\"https:\/\/talkpal.ai\/learn-kazakh\/\">kaza\u0161tina<\/a>, turkick\u00fd jazyk, ktor\u00fdm hovoria mili\u00f3ny \u013eud\u00ed v Kazachstane a okolit\u00fdch regi\u00f3noch. <a href=\"https:\/\/talkpal.ai\/kazakh-grammar\/\">Kaza\u0161sk\u00e1 gramatika<\/a> je jedine\u010dn\u00e1, s bohatou \u0161trukt\u00farou a r\u00f4znymi prvkami, ktor\u00e9 si vy\u017eaduj\u00fa systematick\u00fd pr\u00edstup k u\u010deniu. V tejto pr\u00edru\u010dke budeme diskutova\u0165 o nieko\u013ek\u00fdch z\u00e1kladn\u00fdch t\u00e9mach kaza\u0161skej gramatiky vr\u00e1tane \u010dasov, podstatn\u00fdch mien, slovies, \u010dl\u00e1nkov, z\u00e1men, pr\u00eddavn\u00fdch mien, pr\u00edsloviek, podmienok, predlo\u017eiek a vetn\u00fdch \u0161trukt\u00far. Pochopen\u00edm postupnosti u\u010denia sa t\u00fdchto t\u00e9m m\u00f4\u017eete efekt\u00edvne napredova\u0165 na svojej ceste k zvl\u00e1dnutiu kaza\u0161sk\u00e9ho jazyka.<\/p>\n\n\n\n<h3 class=\"wp-block-heading\" id=\"h-1-nouns\">1. Podstatn\u00e9 men\u00e1:<\/h3>\n\n\n\n<p>Z\u00e1klad ka\u017ed\u00e9ho jazyka za\u010d\u00edna u\u010den\u00edm sa jeho podstatn\u00fdch mien. V kaza\u0161tine podstatn\u00e9 men\u00e1 nemaj\u00fa pohlavie, ale maj\u00fa p\u00e1dy. Pochopenie r\u00f4znych pr\u00edpadov a ich funkci\u00ed je rozhoduj\u00face pre budovanie slovnej z\u00e1soby a vytv\u00e1ranie z\u00e1kladn\u00fdch viet.<\/p>\n\n\n\n<h3 class=\"wp-block-heading\" id=\"h-2-articles\">2. \u010cl\u00e1nky:<\/h3>\n\n\n\n<p>\u010cl\u00e1nky nie s\u00fa pr\u00edtomn\u00e9 v kaza\u0161skom jazyku, \u010do u\u013eah\u010duje \u0161tudentom s\u00fastredi\u0165 sa na in\u00e9 gramatick\u00e9 aspekty.<\/p>\n\n\n\n<h3 class=\"wp-block-heading\" id=\"h-3-pronouns-determiners\">3. Z\u00e1men\u00e1\/determin\u00e1tory:<\/h3>\n\n\n\n<p>S\u00fa nevyhnutn\u00e9 pri nahr\u00e1dzan\u00ed podstatn\u00fdch mien a ur\u010dovan\u00ed ich mno\u017estva alebo identity. U\u010denie sa z\u00e1men a determin\u00e1torov v\u00e1m pom\u00f4\u017ee vytvori\u0165 zlo\u017eitej\u0161ie vety a zlep\u0161i\u0165 va\u0161u celkov\u00fa plynulos\u0165.<\/p>\n\n\n\n<h3 class=\"wp-block-heading\" id=\"h-4-verbs\">4. Sloves\u00e1:<\/h3>\n\n\n\n<p>Sloves\u00e1 s\u00fa chrbtovou kos\u0165ou ka\u017ed\u00e9ho jazyka a u\u010denie sa ich \u010dasovac\u00edch vzorov je rozhoduj\u00face. V kaza\u0161tine s\u00fa sloves\u00e1 \u010dasovan\u00e9 na z\u00e1klade \u010dasu, n\u00e1lady a hlasu. Obozn\u00e1menie sa s t\u00fdmito konjug\u00e1ciami v\u00e1m umo\u017en\u00ed presne vyjadri\u0165 akcie a udalosti.<\/p>\n\n\n\n<h3 class=\"wp-block-heading\" id=\"h-5-tenses\">5. \u010casy:<\/h3>\n\n\n\n<p><a href=\"https:\/\/talkpal.ai\/learn-kazakh\/\">Kaza\u0161tina<\/a> m\u00e1 nieko\u013eko \u010dasov, vr\u00e1tane minulosti, pr\u00edtomnosti a bud\u00facnosti. Nau\u010di\u0165 sa, ako spr\u00e1vne vytv\u00e1ra\u0165 a pou\u017e\u00edva\u0165 tieto \u010dasy, je nevyhnutn\u00e9 na vyjadrenie \u010dasu akci\u00ed a udalost\u00ed.<\/p>\n\n\n\n<h3 class=\"wp-block-heading\" id=\"h-6-tense-comparison\">6. Nap\u00e4t\u00e9 porovnanie:<\/h3>\n\n\n\n<p>Pochopenie rozdielu medzi \u010dasmi a ich vz\u00e1jomnou interakciou preh\u013abi va\u0161e porozumenie kaza\u0161skej gramatiky.<\/p>\n\n\n\n<h3 class=\"wp-block-heading\" id=\"h-7-progressive\">7. Progres\u00edvne:<\/h3>\n\n\n\n<p>Tento aspekt nazna\u010duje prebiehaj\u00face opatrenia. U\u010denie sa progres\u00edvnej formy v kaza\u0161\u010dine v\u00e1m pom\u00f4\u017ee vyjadri\u0165 akcie, ktor\u00e9 sa v s\u00fa\u010dasnosti dej\u00fa alebo sa dej\u00fa v ur\u010ditom \u010dase.<\/p>\n\n\n\n<h3 class=\"wp-block-heading\" id=\"h-8-perfect-progressive\">8. Perfektne progres\u00edvne:<\/h3>\n\n\n\n<p>Perfektn\u00fd progres\u00edvny kombinuje dokonal\u00e9 a progres\u00edvne aspekty, aby nazna\u010dil akciu, ktor\u00e1 za\u010dala v minulosti a st\u00e1le prebieha. Zvl\u00e1dnutie tohto aspektu zv\u00fd\u0161i va\u0161u schopnos\u0165 vyjadrova\u0165 zlo\u017eit\u00e9 my\u0161lienky v kaza\u0161tine.<\/p>\n\n\n\n<h3 class=\"wp-block-heading\" id=\"h-9-adjectives\">9. Pr\u00eddavn\u00e9 men\u00e1:<\/h3>\n\n\n\n<p>Pr\u00eddavn\u00e9 men\u00e1 opisuj\u00fa vlastnosti a vlastnosti podstatn\u00fdch mien. Nau\u010di\u0165 sa spr\u00e1vne pou\u017e\u00edva\u0165 pr\u00eddavn\u00e9 men\u00e1 v kaza\u0161\u010dine obohat\u00ed va\u0161u slovn\u00fa z\u00e1sobu a umo\u017en\u00ed v\u00e1m poskytn\u00fa\u0165 podrobnej\u0161ie popisy.<\/p>\n\n\n\n<h3 class=\"wp-block-heading\" id=\"h-10-adverbs\">10. Pr\u00edslovky:<\/h3>\n\n\n\n<p>Pr\u00edslovky upravuj\u00fa sloves\u00e1, pr\u00eddavn\u00e9 men\u00e1 a in\u00e9 pr\u00edslovky. Z\u00edskanie znalost\u00ed kaza\u0161sk\u00fdch pr\u00edsloviek a ich pou\u017e\u00edvania zlep\u0161\u00ed va\u0161u schopnos\u0165 presnej\u0161ie vyjadrova\u0165 akcie a udalosti.<\/p>\n\n\n\n<h3 class=\"wp-block-heading\" id=\"h-11-conditionals\">11. Podmienky:<\/h3>\n\n\n\n<p>Podmienen\u00e9 sa pou\u017e\u00edvaj\u00fa na vyjadrenie hypotetick\u00fdch situ\u00e1ci\u00ed a ich mo\u017en\u00fdch d\u00f4sledkov. Zvl\u00e1dnutie pou\u017e\u00edvania kondicional\u00edt v kaza\u0161\u010dine v\u00e1m pom\u00f4\u017ee sprostredkova\u0165 zlo\u017eit\u00e9 my\u0161lienky a hypotetick\u00e9 scen\u00e1re.<\/p>\n\n\n\n<h3 class=\"wp-block-heading\" id=\"h-12-prepositions\">12. Predlo\u017eky:<\/h3>\n\n\n\n<p>Predlo\u017eky ozna\u010duj\u00fa vz\u0165ah medzi podstatn\u00fdmi menami vo vete. U\u010denie kaza\u0161sk\u00fdch predlo\u017eiek a ich funkci\u00ed v\u00e1m umo\u017en\u00ed vytv\u00e1ra\u0165 zlo\u017eitej\u0161ie vety.<\/p>\n\n\n\n<h3 class=\"wp-block-heading\" id=\"h-13-sentences\">13. Vety:<\/h3>\n\n\n\n<p>Nakoniec, pochopenie vetn\u00fdch \u0161trukt\u00far a pravidiel kombinovania r\u00f4znych gramatick\u00fdch prvkov je nevyhnutn\u00e9 pre zvl\u00e1dnutie kaza\u0161sk\u00e9ho jazyka. Tieto znalosti v\u00e1m umo\u017enia efekt\u00edvne a presne komunikova\u0165 v r\u00f4znych situ\u00e1ci\u00e1ch.<\/p>\n<\/div><\/div>\n\r\n<section class=\"learnNavigationSection\">\r\n            \r\n        <a href=\"https:\/\/talkpal.ai\/sk\/naucte-sa-kazassky\/\">\r\n            <div class=\"learnNavigationWrapper\">\r\n                <div class=\"learnNavigationContent\">\r\n                    <img decoding=\"async\" src=\"https:\/\/talkpal.ai\/wp-content\/uploads\/2024\/08\/Kazakh.jpg\" alt=\"Kazakh Flag\">\r\n                    <div>\r\n                        <h4>O kaza\u0161skom vzdel\u00e1van\u00ed<\/h4>\r\n                        <p>Zistite v\u0161etko o kaza\u0161skej gramatike.<\/p>\r\n                    <\/div>\r\n                <\/div>\r\n            <\/div>\r\n        <\/a>\r\n\r\n        \r\n        <a href=\"https:\/\/talkpal.ai\/sk\/kazasska-gramatika\/\">\r\n            <div class=\"learnNavigationWrapper\">\r\n                <div class=\"learnNavigationContent\">\r\n                    <img decoding=\"async\" src=\"https:\/\/talkpal.ai\/wp-content\/uploads\/2024\/08\/Kazakh.jpg\" alt=\"Kazakh Flag\">\r\n                    <div>\r\n                        <h4>Lekcie kaza\u0161skej gramatiky<\/h4>\r\n                        <p>Precvi\u010dte si kaza\u0161sk\u00fa gramatiku.<\/p>\r\n                    <\/div>\r\n                <\/div>\r\n            <\/div>\r\n        <\/a>\r\n\r\n        \r\n        <a href=\"https:\/\/talkpal.ai\/vocabulary_language\/kazakh\/\">\r\n            <div class=\"learnNavigationWrapper\">\r\n                <div class=\"learnNavigationContent\">\r\n                    <img decoding=\"async\" src=\"https:\/\/talkpal.ai\/wp-content\/uploads\/2024\/08\/Kazakh.jpg\" alt=\"Kazakh Flag\">\r\n                    <div>\r\n                        <h4>Kaza\u0161sk\u00e1 slovn\u00e1 z\u00e1soba<\/h4>\r\n                        <p>Roz\u0161\u00edrte si kaza\u0161sk\u00fa slovn\u00fa z\u00e1sobu.<\/p>\r\n                    <\/div>\r\n                <\/div>\r\n            <\/div>\r\n        <\/a>\r\n\r\n            <\/section>","protected":false},"excerpt":{"rendered":"<p>T\u00e9my kaza\u0161skej gramatiky U\u010denie sa nov\u00e9ho jazyka m\u00f4\u017ee by\u0165 n\u00e1ro\u010dnou, ale obohacuj\u00facou sk\u00fasenos\u0165ou, ktor\u00e1 otv\u00e1ra pr\u00edle\u017eitosti pre osobn\u00fd a profesion\u00e1lny rast. Jedn\u00fdm z jazykov, ktor\u00fd z\u00edskava popularitu medzi \u0161tudentmi jazykov, je kaza\u0161tina, turkick\u00fd jazyk, ktor\u00fdm hovoria mili\u00f3ny \u013eud\u00ed v Kazachstane a okolit\u00fdch regi\u00f3noch. Kaza\u0161sk\u00e1 gramatika je jedine\u010dn\u00e1, s bohatou \u0161trukt\u00farou a r\u00f4znymi prvkami, ktor\u00e9 si [&hellip;]<\/p>\n","protected":false},"author":6,"featured_media":114247,"parent":0,"menu_order":0,"comment_status":"closed","ping_status":"closed","template":"LearningContentPage.php","meta":{"_acf_changed":false,"footnotes":""},"class_list":["post-160691","page","type-page","status-publish","has-post-thumbnail","hentry"],"acf":[],"yoast_head":"<!-- This site is optimized with the Yoast SEO Premium plugin v27.2 (Yoast SEO v27.2) - https:\/\/yoast.com\/product\/yoast-seo-premium-wordpress\/ -->\n<title>Kaza\u0161sk\u00e9 gramatick\u00e9 cvi\u010denia - Talkpal<\/title>\n<meta name=\"description\" content=\"Zlep\u0161ite svoje zru\u010dnosti v kaza\u0161skej gramatike - zlep\u0161ite presnos\u0165, precvi\u010dte interakt\u00edvne cvi\u010denia a zdokona\u013ete pou\u017e\u00edvanie!\" \/>\n<meta name=\"robots\" content=\"index, follow, max-snippet:-1, max-image-preview:large, max-video-preview:-1\" \/>\n<link rel=\"canonical\" href=\"https:\/\/talkpal.ai\/sk\/kazasske-gramaticke-cvicenia\/\" \/>\n<meta property=\"og:locale\" content=\"sk_SK\" \/>\n<meta property=\"og:type\" content=\"article\" \/>\n<meta property=\"og:title\" content=\"Kaza\u0161sk\u00e9 gramatick\u00e9 cvi\u010denia\" \/>\n<meta property=\"og:description\" content=\"T\u00e9my kaza\u0161skej gramatiky U\u010denie sa nov\u00e9ho jazyka m\u00f4\u017ee by\u0165 n\u00e1ro\u010dnou, ale obohacuj\u00facou sk\u00fasenos\u0165ou, ktor\u00e1 otv\u00e1ra pr\u00edle\u017eitosti pre osobn\u00fd a profesion\u00e1lny\" \/>\n<meta property=\"og:url\" content=\"https:\/\/talkpal.ai\/sk\/kazasske-gramaticke-cvicenia\/\" \/>\n<meta property=\"og:site_name\" content=\"Talkpal\" \/>\n<meta property=\"article:publisher\" content=\"https:\/\/www.facebook.com\/profile.php?id=100090733639311\" \/>\n<meta property=\"article:modified_time\" content=\"2025-12-17T14:57:16+00:00\" \/>\n<meta property=\"og:image\" content=\"https:\/\/talkpal.ai\/wp-content\/uploads\/2023\/05\/kazakhstan.png\" \/>\n\t<meta property=\"og:image:width\" content=\"512\" \/>\n\t<meta property=\"og:image:height\" content=\"512\" \/>\n\t<meta property=\"og:image:type\" content=\"image\/png\" \/>\n<meta name=\"twitter:card\" content=\"summary_large_image\" \/>\n<meta name=\"twitter:site\" content=\"@talkpalai\" \/>\n<meta name=\"twitter:label1\" content=\"Predpokladan\u00fd \u010das \u010d\u00edtania\" \/>\n\t<meta name=\"twitter:data1\" content=\"3 min\u00faty\" \/>\n<script type=\"application\/ld+json\" class=\"yoast-schema-graph\">{\"@context\":\"https:\/\/schema.org\",\"@graph\":[{\"@type\":\"WebPage\",\"@id\":\"https:\/\/talkpal.ai\/sk\/kazasske-gramaticke-cvicenia\/\",\"url\":\"https:\/\/talkpal.ai\/sk\/kazasske-gramaticke-cvicenia\/\",\"name\":\"Kaza\u0161sk\u00e9 gramatick\u00e9 cvi\u010denia - Talkpal\",\"isPartOf\":{\"@id\":\"https:\/\/talkpal.ai\/sk\/#website\"},\"primaryImageOfPage\":{\"@id\":\"https:\/\/talkpal.ai\/sk\/kazasske-gramaticke-cvicenia\/#primaryimage\"},\"image\":{\"@id\":\"https:\/\/talkpal.ai\/sk\/kazasske-gramaticke-cvicenia\/#primaryimage\"},\"thumbnailUrl\":\"https:\/\/talkpal.ai\/wp-content\/uploads\/2023\/05\/kazakhstan.png\",\"datePublished\":\"2023-06-22T08:01:09+00:00\",\"dateModified\":\"2025-12-17T14:57:16+00:00\",\"description\":\"Zlep\u0161ite svoje zru\u010dnosti v kaza\u0161skej gramatike - zlep\u0161ite presnos\u0165, precvi\u010dte interakt\u00edvne cvi\u010denia a zdokona\u013ete pou\u017e\u00edvanie!\",\"breadcrumb\":{\"@id\":\"https:\/\/talkpal.ai\/sk\/kazasske-gramaticke-cvicenia\/#breadcrumb\"},\"inLanguage\":\"sk-SK\",\"potentialAction\":[{\"@type\":\"ReadAction\",\"target\":[\"https:\/\/talkpal.ai\/sk\/kazasske-gramaticke-cvicenia\/\"]}]},{\"@type\":\"ImageObject\",\"inLanguage\":\"sk-SK\",\"@id\":\"https:\/\/talkpal.ai\/sk\/kazasske-gramaticke-cvicenia\/#primaryimage\",\"url\":\"https:\/\/talkpal.ai\/wp-content\/uploads\/2023\/05\/kazakhstan.png\",\"contentUrl\":\"https:\/\/talkpal.ai\/wp-content\/uploads\/2023\/05\/kazakhstan.png\",\"width\":512,\"height\":512},{\"@type\":\"BreadcrumbList\",\"@id\":\"https:\/\/talkpal.ai\/sk\/kazasske-gramaticke-cvicenia\/#breadcrumb\",\"itemListElement\":[{\"@type\":\"ListItem\",\"position\":1,\"name\":\"Homepage\",\"item\":\"https:\/\/talkpal.ai\/sk\/\"},{\"@type\":\"ListItem\",\"position\":2,\"name\":\"Kaza\u0161sk\u00e9 gramatick\u00e9 cvi\u010denia\"}]},{\"@type\":\"WebSite\",\"@id\":\"https:\/\/talkpal.ai\/sk\/#website\",\"url\":\"https:\/\/talkpal.ai\/sk\/\",\"name\":\"Talkpal\",\"description\":\"AI Language Learning\",\"publisher\":{\"@id\":\"https:\/\/talkpal.ai\/sk\/#organization\"},\"alternateName\":\"Talkpal AI\",\"potentialAction\":[{\"@type\":\"SearchAction\",\"target\":{\"@type\":\"EntryPoint\",\"urlTemplate\":\"https:\/\/talkpal.ai\/sk\/?s={search_term_string}\"},\"query-input\":{\"@type\":\"PropertyValueSpecification\",\"valueRequired\":true,\"valueName\":\"search_term_string\"}}],\"inLanguage\":\"sk-SK\"},{\"@type\":\"Organization\",\"@id\":\"https:\/\/talkpal.ai\/sk\/#organization\",\"name\":\"Talkpal, Inc.\",\"alternateName\":\"Talkpal AI\",\"url\":\"https:\/\/talkpal.ai\/sk\/\",\"logo\":{\"@type\":\"ImageObject\",\"inLanguage\":\"sk-SK\",\"@id\":\"https:\/\/talkpal.ai\/sk\/#\/schema\/logo\/image\/\",\"url\":\"https:\/\/talkpal.ai\/wp-content\/uploads\/2024\/03\/Talkpal-Logo-Icon.png\",\"contentUrl\":\"https:\/\/talkpal.ai\/wp-content\/uploads\/2024\/03\/Talkpal-Logo-Icon.png\",\"width\":2880,\"height\":2880,\"caption\":\"Talkpal, Inc.\"},\"image\":{\"@id\":\"https:\/\/talkpal.ai\/sk\/#\/schema\/logo\/image\/\"},\"sameAs\":[\"https:\/\/www.facebook.com\/profile.php?id=100090733639311\",\"https:\/\/x.com\/talkpalai\",\"https:\/\/www.linkedin.com\/company\/talkpal\/\",\"https:\/\/www.youtube.com\/@TalkPal\/\",\"https:\/\/www.tiktok.com\/@talkpal\",\"https:\/\/www.instagram.com\/talkpal_ai\/\",\"https:\/\/www.crunchbase.com\/organization\/talkpal-9cde\",\"https:\/\/www.g2.com\/products\/talkpal-for-business\/\",\"https:\/\/www.trustpilot.com\/review\/talkpal.ai\",\"https:\/\/www.capterra.com\/p\/10006800\/TalkPal\/\"],\"description\":\"Talkpal is a language learning web and mobile education app, powered by the latest AI technologies, that provides engaging experiences to its customers in many different languages to help them improve their language skills. Users can chat about unlimited amount of topics with the app and use other modes to practice their language learning.\",\"email\":\"support@talkpal.ai\",\"legalName\":\"Talkpal, Inc.\",\"foundingDate\":\"2023-04-03\",\"duns\":\"118989042\",\"numberOfEmployees\":{\"@type\":\"QuantitativeValue\",\"minValue\":\"11\",\"maxValue\":\"50\"},\"publishingPrinciples\":\"https:\/\/talkpal.ai\/publishing-principles\/\",\"actionableFeedbackPolicy\":\"https:\/\/talkpal.ai\/actionable-feedback-policy\/\",\"correctionsPolicy\":\"https:\/\/talkpal.ai\/corrections-policy\/\",\"ethicsPolicy\":\"https:\/\/talkpal.ai\/ethics-policy\/\",\"diversityPolicy\":\"https:\/\/talkpal.ai\/diversity-policy\/\",\"diversityStaffingReport\":\"https:\/\/talkpal.ai\/diversity-policy\/\"}]}<\/script>\n<!-- \/ Yoast SEO Premium plugin. -->","yoast_head_json":{"title":"Kaza\u0161sk\u00e9 gramatick\u00e9 cvi\u010denia - Talkpal","description":"Zlep\u0161ite svoje zru\u010dnosti v kaza\u0161skej gramatike - zlep\u0161ite presnos\u0165, precvi\u010dte interakt\u00edvne cvi\u010denia a zdokona\u013ete pou\u017e\u00edvanie!","robots":{"index":"index","follow":"follow","max-snippet":"max-snippet:-1","max-image-preview":"max-image-preview:large","max-video-preview":"max-video-preview:-1"},"canonical":"https:\/\/talkpal.ai\/sk\/kazasske-gramaticke-cvicenia\/","og_locale":"sk_SK","og_type":"article","og_title":"Kaza\u0161sk\u00e9 gramatick\u00e9 cvi\u010denia","og_description":"T\u00e9my kaza\u0161skej gramatiky U\u010denie sa nov\u00e9ho jazyka m\u00f4\u017ee by\u0165 n\u00e1ro\u010dnou, ale obohacuj\u00facou sk\u00fasenos\u0165ou, ktor\u00e1 otv\u00e1ra pr\u00edle\u017eitosti pre osobn\u00fd a profesion\u00e1lny","og_url":"https:\/\/talkpal.ai\/sk\/kazasske-gramaticke-cvicenia\/","og_site_name":"Talkpal","article_publisher":"https:\/\/www.facebook.com\/profile.php?id=100090733639311","article_modified_time":"2025-12-17T14:57:16+00:00","og_image":[{"width":512,"height":512,"url":"https:\/\/talkpal.ai\/wp-content\/uploads\/2023\/05\/kazakhstan.png","type":"image\/png"}],"twitter_card":"summary_large_image","twitter_site":"@talkpalai","twitter_misc":{"Predpokladan\u00fd \u010das \u010d\u00edtania":"3 min\u00faty"},"schema":{"@context":"https:\/\/schema.org","@graph":[{"@type":"WebPage","@id":"https:\/\/talkpal.ai\/sk\/kazasske-gramaticke-cvicenia\/","url":"https:\/\/talkpal.ai\/sk\/kazasske-gramaticke-cvicenia\/","name":"Kaza\u0161sk\u00e9 gramatick\u00e9 cvi\u010denia - Talkpal","isPartOf":{"@id":"https:\/\/talkpal.ai\/sk\/#website"},"primaryImageOfPage":{"@id":"https:\/\/talkpal.ai\/sk\/kazasske-gramaticke-cvicenia\/#primaryimage"},"image":{"@id":"https:\/\/talkpal.ai\/sk\/kazasske-gramaticke-cvicenia\/#primaryimage"},"thumbnailUrl":"https:\/\/talkpal.ai\/wp-content\/uploads\/2023\/05\/kazakhstan.png","datePublished":"2023-06-22T08:01:09+00:00","dateModified":"2025-12-17T14:57:16+00:00","description":"Zlep\u0161ite svoje zru\u010dnosti v kaza\u0161skej gramatike - zlep\u0161ite presnos\u0165, precvi\u010dte interakt\u00edvne cvi\u010denia a zdokona\u013ete pou\u017e\u00edvanie!","breadcrumb":{"@id":"https:\/\/talkpal.ai\/sk\/kazasske-gramaticke-cvicenia\/#breadcrumb"},"inLanguage":"sk-SK","potentialAction":[{"@type":"ReadAction","target":["https:\/\/talkpal.ai\/sk\/kazasske-gramaticke-cvicenia\/"]}]},{"@type":"ImageObject","inLanguage":"sk-SK","@id":"https:\/\/talkpal.ai\/sk\/kazasske-gramaticke-cvicenia\/#primaryimage","url":"https:\/\/talkpal.ai\/wp-content\/uploads\/2023\/05\/kazakhstan.png","contentUrl":"https:\/\/talkpal.ai\/wp-content\/uploads\/2023\/05\/kazakhstan.png","width":512,"height":512},{"@type":"BreadcrumbList","@id":"https:\/\/talkpal.ai\/sk\/kazasske-gramaticke-cvicenia\/#breadcrumb","itemListElement":[{"@type":"ListItem","position":1,"name":"Homepage","item":"https:\/\/talkpal.ai\/sk\/"},{"@type":"ListItem","position":2,"name":"Kaza\u0161sk\u00e9 gramatick\u00e9 cvi\u010denia"}]},{"@type":"WebSite","@id":"https:\/\/talkpal.ai\/sk\/#website","url":"https:\/\/talkpal.ai\/sk\/","name":"Talkpal","description":"AI Language Learning","publisher":{"@id":"https:\/\/talkpal.ai\/sk\/#organization"},"alternateName":"Talkpal AI","potentialAction":[{"@type":"SearchAction","target":{"@type":"EntryPoint","urlTemplate":"https:\/\/talkpal.ai\/sk\/?s={search_term_string}"},"query-input":{"@type":"PropertyValueSpecification","valueRequired":true,"valueName":"search_term_string"}}],"inLanguage":"sk-SK"},{"@type":"Organization","@id":"https:\/\/talkpal.ai\/sk\/#organization","name":"Talkpal, Inc.","alternateName":"Talkpal AI","url":"https:\/\/talkpal.ai\/sk\/","logo":{"@type":"ImageObject","inLanguage":"sk-SK","@id":"https:\/\/talkpal.ai\/sk\/#\/schema\/logo\/image\/","url":"https:\/\/talkpal.ai\/wp-content\/uploads\/2024\/03\/Talkpal-Logo-Icon.png","contentUrl":"https:\/\/talkpal.ai\/wp-content\/uploads\/2024\/03\/Talkpal-Logo-Icon.png","width":2880,"height":2880,"caption":"Talkpal, Inc."},"image":{"@id":"https:\/\/talkpal.ai\/sk\/#\/schema\/logo\/image\/"},"sameAs":["https:\/\/www.facebook.com\/profile.php?id=100090733639311","https:\/\/x.com\/talkpalai","https:\/\/www.linkedin.com\/company\/talkpal\/","https:\/\/www.youtube.com\/@TalkPal\/","https:\/\/www.tiktok.com\/@talkpal","https:\/\/www.instagram.com\/talkpal_ai\/","https:\/\/www.crunchbase.com\/organization\/talkpal-9cde","https:\/\/www.g2.com\/products\/talkpal-for-business\/","https:\/\/www.trustpilot.com\/review\/talkpal.ai","https:\/\/www.capterra.com\/p\/10006800\/TalkPal\/"],"description":"Talkpal is a language learning web and mobile education app, powered by the latest AI technologies, that provides engaging experiences to its customers in many different languages to help them improve their language skills. Users can chat about unlimited amount of topics with the app and use other modes to practice their language learning.","email":"support@talkpal.ai","legalName":"Talkpal, Inc.","foundingDate":"2023-04-03","duns":"118989042","numberOfEmployees":{"@type":"QuantitativeValue","minValue":"11","maxValue":"50"},"publishingPrinciples":"https:\/\/talkpal.ai\/publishing-principles\/","actionableFeedbackPolicy":"https:\/\/talkpal.ai\/actionable-feedback-policy\/","correctionsPolicy":"https:\/\/talkpal.ai\/corrections-policy\/","ethicsPolicy":"https:\/\/talkpal.ai\/ethics-policy\/","diversityPolicy":"https:\/\/talkpal.ai\/diversity-policy\/","diversityStaffingReport":"https:\/\/talkpal.ai\/diversity-policy\/"}]}},"_links":{"self":[{"href":"https:\/\/talkpal.ai\/sk\/wp-json\/wp\/v2\/pages\/160691","targetHints":{"allow":["GET"]}}],"collection":[{"href":"https:\/\/talkpal.ai\/sk\/wp-json\/wp\/v2\/pages"}],"about":[{"href":"https:\/\/talkpal.ai\/sk\/wp-json\/wp\/v2\/types\/page"}],"author":[{"embeddable":true,"href":"https:\/\/talkpal.ai\/sk\/wp-json\/wp\/v2\/users\/6"}],"replies":[{"embeddable":true,"href":"https:\/\/talkpal.ai\/sk\/wp-json\/wp\/v2\/comments?post=160691"}],"version-history":[{"count":0,"href":"https:\/\/talkpal.ai\/sk\/wp-json\/wp\/v2\/pages\/160691\/revisions"}],"wp:featuredmedia":[{"embeddable":true,"href":"https:\/\/talkpal.ai\/sk\/wp-json\/wp\/v2\/media\/114247"}],"wp:attachment":[{"href":"https:\/\/talkpal.ai\/sk\/wp-json\/wp\/v2\/media?parent=160691"}],"curies":[{"name":"wp","href":"https:\/\/api.w.org\/{rel}","templated":true}]}}