{"id":160081,"date":"2023-06-22T08:12:52","date_gmt":"2023-06-22T08:12:52","guid":{"rendered":"http:\/\/talkpal.ai\/litovske-gramaticke-cvicenia\/"},"modified":"2025-12-17T15:52:37","modified_gmt":"2025-12-17T15:52:37","slug":"litovske-gramaticke-cvicenia","status":"publish","type":"page","link":"https:\/\/talkpal.ai\/sk\/litovske-gramaticke-cvicenia\/","title":{"rendered":"Litovsk\u00e9 gramatick\u00e9 cvi\u010denia"},"content":{"rendered":"\r\n\r\n\r\n<section class=\"languageChallengeSection\">\r\n    <div class=\"languageInfoWrapper\">\r\n        \r\n        <h1>Litovsk\u00e9 gramatick\u00e9 cvi\u010denia<\/h1>\r\n        <p>Ste pripraven\u00ed posun\u00fa\u0165 svoju znalos\u0165 litov\u010diny na vy\u0161\u0161iu \u00farove\u0148? Precvi\u010dovanie gramatick\u00fdch cvi\u010den\u00ed je vynikaj\u00faci sp\u00f4sob, ako si osvoji\u0165 \u0161trukt\u00faru viet, slovesn\u00e9 tvary a jedine\u010dn\u00e9 vzory litovsk\u00e9ho jazyka. Za\u010dnite objavova\u0165 litovsk\u00fa gramatiku e\u0161te dnes a sledujte, ako va\u0161e zru\u010dnosti a sebad\u00f4vera rast\u00fa s ka\u017ed\u00fdm cvi\u010den\u00edm!<\/p>\r\n\r\n                            <a class=\"getStartedHidden\" href=\"https:\/\/app.talkpal.ai\/sk\/signup?lng=\">Za\u010dni<\/a>\r\n        \r\n    <\/div>\r\n\r\n    <figure>\r\n    <img decoding=\"async\" width=\"768\" height=\"768\" src=\"https:\/\/talkpal.ai\/wp-content\/uploads\/2023\/06\/lithuenian-768x768.png\" class=\"languageImage no-lazy\" alt=\"Language learning for boosting creativity\" fetchpriority=\"high\" sizes=\"(max-width: 768px) 150px, 768px\" srcset=\"https:\/\/talkpal.ai\/wp-content\/uploads\/2023\/06\/lithuenian-768x768.png 768w, https:\/\/talkpal.ai\/wp-content\/uploads\/2023\/06\/lithuenian-300x300.png 300w\" \/>\r\n    \r\n\r\n    <\/figure>\r\n\r\n            <a class=\"getStartedVisible\" href=\"https:\/\/app.talkpal.ai\/sk\/signup?lng=\">Za\u010dni<\/a>\r\n    \r\n<\/section>\r\n\r\n\r\n<!-- <section class=\"grammarSection\">\r\n    <div class=\"grammarLinks\">\r\n            <\/div>\r\n<\/section> -->\r\n\r\n\r\n\r\n\r\n<section class=\"promotionalBanner\">\r\n    <p class=\"promotionalText\">Najefekt\u00edvnej\u0161\u00ed sp\u00f4sob, ako sa nau\u010di\u0165 jazyk<\/p>\r\n    <a class=\"promotionalLink\" href=\"https:\/\/app.talkpal.ai\/sk\/signup?lng=\">Vysk\u00fa\u0161ajte Talkpal zadarmo<\/a>\r\n<\/section>\n<div class=\"wp-block-group pageContainerStyle\"><div class=\"wp-block-group__inner-container is-layout-constrained wp-block-group-is-layout-constrained\">\n<h2 class=\"wp-block-heading\" id=\"h-lithuanian-grammar-topics\">T\u00e9my litovskej gramatiky<\/h2>\n\n\n\n<p><a href=\"https:\/\/talkpal.ai\/sk\/ucenie\/\">U\u010denie sa<\/a> litovsk\u00e9ho jazyka nie je len jedine\u010dnou a obohacuj\u00facou sk\u00fasenos\u0165ou, ale otv\u00e1ra aj \u00faplne nov\u00fd svet kult\u00farneho objavovania. Litov\u010dina ako baltsk\u00fd jazyk si zachovala mnoho znakov starovek\u00fdch indoeur\u00f3pskych jazykov, \u010do z nej rob\u00ed d\u00f4le\u017eit\u00fd jazyk pre historick\u00e9 a lingvistick\u00e9 \u0161t\u00fadie. <a href=\"https:\/\/talkpal.ai\/sq\/gramatika\/\">Gramatika<\/a> litov\u010diny sa m\u00f4\u017ee zda\u0165 zlo\u017eit\u00e1, ale jej rozdelenie na men\u0161ie t\u00e9my a ich u\u010denie v logickom slede urob\u00ed va\u0161u cestu plynulej\u0161ou a pr\u00edjemnej\u0161ou. V tejto pr\u00edru\u010dke predstav\u00edme t\u00e9my litovskej gramatiky v porad\u00ed, v akom by ste sa ich mali nau\u010di\u0165, a poskytneme stru\u010dn\u00fd preh\u013ead ka\u017edej t\u00e9my.<\/p>\n\n\n\n<h3 class=\"wp-block-heading\" id=\"h-1-nouns\">1. Podstatn\u00e9 men\u00e1:<\/h3>\n\n\n\n<p>Podstatn\u00e9 men\u00e1 tvoria chrbticu v\u00e4\u010d\u0161iny viet, tak\u017ee za\u010dnite u\u010den\u00edm sa syst\u00e9mu sklo\u0148ovania podstatn\u00fdch mien v litov\u010dine. Existuje p\u00e4\u0165 sklo\u0148ovan\u00ed podstatn\u00fdch mien, z ktor\u00fdch ka\u017ed\u00e9 m\u00e1 svoj vlastn\u00fd s\u00fabor koncoviek pre tvary jednotn\u00e9ho a mno\u017en\u00e9ho \u010d\u00edsla. Venujte pozornos\u0165 pohlaviu podstatn\u00fdch mien, preto\u017ee to ovplyvn\u00ed koncovky pou\u017e\u00edvan\u00e9 pri sklo\u0148ovan\u00ed.<\/p>\n\n\n\n<h3 class=\"wp-block-heading\" id=\"h-2-articles\">2. \u010cl\u00e1nky:<\/h3>\n\n\n\n<p>Na rozdiel od angli\u010dtiny nem\u00e1 litov\u010dina ur\u010dit\u00e9 ani neur\u010dit\u00e9 \u010dleny, tak\u017ee budete ma\u0165 o jednu gramatick\u00fa zlo\u017eku menej!<\/p>\n\n\n\n<h3 class=\"wp-block-heading\" id=\"h-3-adjectives\">3. Pr\u00eddavn\u00e9 men\u00e1:<\/h3>\n\n\n\n<p>Pr\u00eddavn\u00e9 men\u00e1 s\u00fahlasia s podstatn\u00fdmi menami v rode, p\u00e1de a \u010d\u00edsle. Nau\u010dte sa r\u00f4zne koncovky pr\u00eddavn\u00fdch mien a to, ako sa menia v z\u00e1vislosti od podstatn\u00e9ho mena, ktor\u00e9 upravuj\u00fa.<\/p>\n\n\n\n<h3 class=\"wp-block-heading\" id=\"h-4-pronouns-determiners\">4. Z\u00e1men\u00e1\/determin\u00e1tory:<\/h3>\n\n\n\n<p>Rovnako ako v in\u00fdch jazykoch, z\u00e1men\u00e1 a determin\u00e1tory pom\u00e1haj\u00fa zabezpe\u010di\u0165 jasnos\u0165 a \u0161pecifickos\u0165 vo vet\u00e1ch. Nau\u010dte sa r\u00f4zne typy z\u00e1men a determin\u00e1torov a ich r\u00f4zne tvary a pou\u017eitie v litov\u010dine.<\/p>\n\n\n\n<h3 class=\"wp-block-heading\" id=\"h-5-verbs\">5. Sloves\u00e1:<\/h3>\n\n\n\n<p>Sloves\u00e1 s\u00fa nevyhnutn\u00e9 na vyjadrenie akci\u00ed a stavov bytia. Za\u010dnite pr\u00edtomn\u00fdm \u010dasom a potom prejdite na minul\u00fd a bud\u00faci \u010das. Venujte pozornos\u0165 konjuga\u010dn\u00fdm vzorom, ako aj nepravideln\u00fdm sloves\u00e1m.<\/p>\n\n\n\n<h3 class=\"wp-block-heading\" id=\"h-6-tense-comparison\">6. Nap\u00e4t\u00e9 porovnanie:<\/h3>\n\n\n\n<p>Po zvl\u00e1dnut\u00ed z\u00e1kladn\u00fdch \u010dasov sa nau\u010dte, ako ich porovna\u0165 a pochopi\u0165 nuansy ich pou\u017eitia. To zah\u0155\u0148a pochopenie rozdielov medzi jednoduch\u00fdm a zlo\u017een\u00fdm \u010dasom, ako aj dokonal\u00fd progres\u00edvny \u010das.<\/p>\n\n\n\n<h3 class=\"wp-block-heading\" id=\"h-7-progressive-and-perfect-progressive\">7. Progres\u00edvne a dokonal\u00e9 progres\u00edvne:<\/h3>\n\n\n\n<p>Litov\u010dina nem\u00e1 \u0161pecifick\u00e9 progres\u00edvne formy ako <a href=\"https:\/\/talkpal.ai\/learn-english-with-ai\/\">angli\u010dtina<\/a>, ale m\u00f4\u017eete vyjadri\u0165 prebiehaj\u00face a dokon\u010den\u00e9 akcie pomocou \u0161pecifick\u00fdch kon\u0161trukci\u00ed. Nau\u010dte sa tieto kon\u0161trukcie a ako ich efekt\u00edvne pou\u017e\u00edva\u0165.<\/p>\n\n\n\n<h3 class=\"wp-block-heading\" id=\"h-8-adverbs\">8. Pr\u00edslovky:<\/h3>\n\n\n\n<p>Pr\u00eddavn\u00e9 men\u00e1 modifikuj\u00fa podstatn\u00e9 men\u00e1, zatia\u013e \u010do pr\u00edslovky upravuj\u00fa sloves\u00e1, pr\u00eddavn\u00e9 men\u00e1 alebo in\u00e9 pr\u00edslovky. Nau\u010dte sa r\u00f4zne typy pr\u00edsloviek a ich umiestnenie vo vet\u00e1ch.<\/p>\n\n\n\n<h3 class=\"wp-block-heading\" id=\"h-9-prepositions\">9. Predlo\u017eky:<\/h3>\n\n\n\n<p>Predlo\u017eky ukazuj\u00fa vz\u0165ah medzi slovami vo vete. Nau\u010dte sa r\u00f4zne predlo\u017eky a ich pou\u017eitie v r\u00f4znych kontextoch.<\/p>\n\n\n\n<h3 class=\"wp-block-heading\" id=\"h-10-conditionals\">10. Podmienky:<\/h3>\n\n\n\n<p>Podmienen\u00e9 vyjadruj\u00fa hypotetick\u00e9 alebo nere\u00e1lne situ\u00e1cie. Nau\u010dte sa r\u00f4zne typy kondicion\u00e1lov a ich pr\u00edslu\u0161n\u00e9 kon\u0161trukcie v litov\u010dine.<\/p>\n\n\n\n<h3 class=\"wp-block-heading\" id=\"h-11-sentences\">11. Vety:<\/h3>\n\n\n\n<p>Nakoniec v\u0161etko spojte u\u010den\u00edm sa o \u0161trukt\u00fare viet v litov\u010dine. Pochopte z\u00e1kladn\u00fd slovosled a ako ho mo\u017eno prisp\u00f4sobi\u0165 d\u00f4razu alebo jasnosti. Precvi\u010dte si tvorbu viet s pou\u017eit\u00edm v\u0161etk\u00fdch gramatick\u00fdch prvkov, ktor\u00e9 ste sa doteraz nau\u010dili.<\/p>\n\n\n\n<p>Ak budete postupova\u0165 pod\u013ea tohto poradia t\u00e9m, z\u00edskate d\u00f4kladn\u00e9 znalosti litovskej gramatiky a budete na dobrej ceste k plynul\u00e9mu ovl\u00e1daniu jazyka.<\/p>\n<\/div><\/div>\n\r\n<section class=\"learnNavigationSection\">\r\n            \r\n        <a href=\"https:\/\/talkpal.ai\/sk\/naucte-sa-litovsky\/\">\r\n            <div class=\"learnNavigationWrapper\">\r\n                <div class=\"learnNavigationContent\">\r\n                    <img decoding=\"async\" src=\"https:\/\/talkpal.ai\/wp-content\/uploads\/2024\/08\/Lithuanian.jpg\" alt=\"Lithuanian Flag\">\r\n                    <div>\r\n                        <h4>O vzdel\u00e1van\u00ed v litov\u010dine<\/h4>\r\n                        <p>Zistite v\u0161etko o litovskej gramatike.<\/p>\r\n                    <\/div>\r\n                <\/div>\r\n            <\/div>\r\n        <\/a>\r\n\r\n        \r\n        <a href=\"https:\/\/talkpal.ai\/sk\/litovska-gramatika\/\">\r\n            <div class=\"learnNavigationWrapper\">\r\n                <div class=\"learnNavigationContent\">\r\n                    <img decoding=\"async\" src=\"https:\/\/talkpal.ai\/wp-content\/uploads\/2024\/08\/Lithuanian.jpg\" alt=\"Lithuanian Flag\">\r\n                    <div>\r\n                        <h4>Lekcie litovskej gramatiky<\/h4>\r\n                        <p>Precvi\u010dte si litovsk\u00fa gramatiku.<\/p>\r\n                    <\/div>\r\n                <\/div>\r\n            <\/div>\r\n        <\/a>\r\n\r\n        \r\n        <a href=\"https:\/\/talkpal.ai\/vocabulary_language\/lithuanian\/\">\r\n            <div class=\"learnNavigationWrapper\">\r\n                <div class=\"learnNavigationContent\">\r\n                    <img decoding=\"async\" src=\"https:\/\/talkpal.ai\/wp-content\/uploads\/2024\/08\/Lithuanian.jpg\" alt=\"Lithuanian Flag\">\r\n                    <div>\r\n                        <h4>Slovn\u00e1 z\u00e1soba litov\u010diny<\/h4>\r\n                        <p>Roz\u0161\u00edrte si slovn\u00fa z\u00e1sobu litov\u010diny.<\/p>\r\n                    <\/div>\r\n                <\/div>\r\n            <\/div>\r\n        <\/a>\r\n\r\n            <\/section>","protected":false},"excerpt":{"rendered":"<p>T\u00e9my litovskej gramatiky U\u010denie sa litovsk\u00e9ho jazyka nie je len jedine\u010dnou a obohacuj\u00facou sk\u00fasenos\u0165ou, ale otv\u00e1ra aj \u00faplne nov\u00fd svet kult\u00farneho objavovania. Litov\u010dina ako baltsk\u00fd jazyk si zachovala mnoho znakov starovek\u00fdch indoeur\u00f3pskych jazykov, \u010do z nej rob\u00ed d\u00f4le\u017eit\u00fd jazyk pre historick\u00e9 a lingvistick\u00e9 \u0161t\u00fadie. Gramatika litov\u010diny sa m\u00f4\u017ee zda\u0165 zlo\u017eit\u00e1, ale jej rozdelenie na men\u0161ie [&hellip;]<\/p>\n","protected":false},"author":6,"featured_media":114749,"parent":0,"menu_order":0,"comment_status":"closed","ping_status":"closed","template":"LearningContentPage.php","meta":{"_acf_changed":false,"footnotes":""},"class_list":["post-160081","page","type-page","status-publish","has-post-thumbnail","hentry"],"acf":[],"yoast_head":"<!-- This site is optimized with the Yoast SEO Premium plugin v27.2 (Yoast SEO v27.2) - https:\/\/yoast.com\/product\/yoast-seo-premium-wordpress\/ -->\n<title>Litovsk\u00e9 gramatick\u00e9 cvi\u010denia - Talkpal<\/title>\n<meta name=\"description\" content=\"Zvl\u00e1dnite zlo\u017eitosti jazyka pomocou p\u00fatav\u00fdch cvi\u010den\u00ed z litovskej gramatiky, ktor\u00e9 zv\u00fd\u0161ia va\u0161e znalosti.\" \/>\n<meta name=\"robots\" content=\"index, follow, max-snippet:-1, max-image-preview:large, max-video-preview:-1\" \/>\n<link rel=\"canonical\" href=\"https:\/\/talkpal.ai\/sk\/litovske-gramaticke-cvicenia\/\" \/>\n<meta property=\"og:locale\" content=\"sk_SK\" \/>\n<meta property=\"og:type\" content=\"article\" \/>\n<meta property=\"og:title\" content=\"Litovsk\u00e9 gramatick\u00e9 cvi\u010denia\" \/>\n<meta property=\"og:description\" content=\"T\u00e9my litovskej gramatiky U\u010denie sa litovsk\u00e9ho jazyka nie je len jedine\u010dnou a obohacuj\u00facou sk\u00fasenos\u0165ou, ale otv\u00e1ra aj \u00faplne nov\u00fd svet kult\u00farneho\" \/>\n<meta property=\"og:url\" content=\"https:\/\/talkpal.ai\/sk\/litovske-gramaticke-cvicenia\/\" \/>\n<meta property=\"og:site_name\" content=\"Talkpal\" \/>\n<meta property=\"article:publisher\" content=\"https:\/\/www.facebook.com\/profile.php?id=100090733639311\" \/>\n<meta property=\"article:modified_time\" content=\"2025-12-17T15:52:37+00:00\" \/>\n<meta property=\"og:image\" content=\"https:\/\/talkpal.ai\/wp-content\/uploads\/2023\/05\/Lithuanian.png\" \/>\n\t<meta property=\"og:image:width\" content=\"512\" \/>\n\t<meta property=\"og:image:height\" content=\"512\" \/>\n\t<meta property=\"og:image:type\" content=\"image\/png\" \/>\n<meta name=\"twitter:card\" content=\"summary_large_image\" \/>\n<meta name=\"twitter:site\" content=\"@talkpalai\" \/>\n<meta name=\"twitter:label1\" content=\"Predpokladan\u00fd \u010das \u010d\u00edtania\" \/>\n\t<meta name=\"twitter:data1\" content=\"3 min\u00faty\" \/>\n<script type=\"application\/ld+json\" class=\"yoast-schema-graph\">{\"@context\":\"https:\/\/schema.org\",\"@graph\":[{\"@type\":\"WebPage\",\"@id\":\"https:\/\/talkpal.ai\/sk\/litovske-gramaticke-cvicenia\/\",\"url\":\"https:\/\/talkpal.ai\/sk\/litovske-gramaticke-cvicenia\/\",\"name\":\"Litovsk\u00e9 gramatick\u00e9 cvi\u010denia - Talkpal\",\"isPartOf\":{\"@id\":\"https:\/\/talkpal.ai\/sk\/#website\"},\"primaryImageOfPage\":{\"@id\":\"https:\/\/talkpal.ai\/sk\/litovske-gramaticke-cvicenia\/#primaryimage\"},\"image\":{\"@id\":\"https:\/\/talkpal.ai\/sk\/litovske-gramaticke-cvicenia\/#primaryimage\"},\"thumbnailUrl\":\"https:\/\/talkpal.ai\/wp-content\/uploads\/2023\/05\/Lithuanian.png\",\"datePublished\":\"2023-06-22T08:12:52+00:00\",\"dateModified\":\"2025-12-17T15:52:37+00:00\",\"description\":\"Zvl\u00e1dnite zlo\u017eitosti jazyka pomocou p\u00fatav\u00fdch cvi\u010den\u00ed z litovskej gramatiky, ktor\u00e9 zv\u00fd\u0161ia va\u0161e znalosti.\",\"breadcrumb\":{\"@id\":\"https:\/\/talkpal.ai\/sk\/litovske-gramaticke-cvicenia\/#breadcrumb\"},\"inLanguage\":\"sk-SK\",\"potentialAction\":[{\"@type\":\"ReadAction\",\"target\":[\"https:\/\/talkpal.ai\/sk\/litovske-gramaticke-cvicenia\/\"]}]},{\"@type\":\"ImageObject\",\"inLanguage\":\"sk-SK\",\"@id\":\"https:\/\/talkpal.ai\/sk\/litovske-gramaticke-cvicenia\/#primaryimage\",\"url\":\"https:\/\/talkpal.ai\/wp-content\/uploads\/2023\/05\/Lithuanian.png\",\"contentUrl\":\"https:\/\/talkpal.ai\/wp-content\/uploads\/2023\/05\/Lithuanian.png\",\"width\":512,\"height\":512},{\"@type\":\"BreadcrumbList\",\"@id\":\"https:\/\/talkpal.ai\/sk\/litovske-gramaticke-cvicenia\/#breadcrumb\",\"itemListElement\":[{\"@type\":\"ListItem\",\"position\":1,\"name\":\"Homepage\",\"item\":\"https:\/\/talkpal.ai\/sk\/\"},{\"@type\":\"ListItem\",\"position\":2,\"name\":\"Litovsk\u00e9 gramatick\u00e9 cvi\u010denia\"}]},{\"@type\":\"WebSite\",\"@id\":\"https:\/\/talkpal.ai\/sk\/#website\",\"url\":\"https:\/\/talkpal.ai\/sk\/\",\"name\":\"Talkpal\",\"description\":\"AI Language Learning\",\"publisher\":{\"@id\":\"https:\/\/talkpal.ai\/sk\/#organization\"},\"alternateName\":\"Talkpal AI\",\"potentialAction\":[{\"@type\":\"SearchAction\",\"target\":{\"@type\":\"EntryPoint\",\"urlTemplate\":\"https:\/\/talkpal.ai\/sk\/?s={search_term_string}\"},\"query-input\":{\"@type\":\"PropertyValueSpecification\",\"valueRequired\":true,\"valueName\":\"search_term_string\"}}],\"inLanguage\":\"sk-SK\"},{\"@type\":\"Organization\",\"@id\":\"https:\/\/talkpal.ai\/sk\/#organization\",\"name\":\"Talkpal, Inc.\",\"alternateName\":\"Talkpal AI\",\"url\":\"https:\/\/talkpal.ai\/sk\/\",\"logo\":{\"@type\":\"ImageObject\",\"inLanguage\":\"sk-SK\",\"@id\":\"https:\/\/talkpal.ai\/sk\/#\/schema\/logo\/image\/\",\"url\":\"https:\/\/talkpal.ai\/wp-content\/uploads\/2024\/03\/Talkpal-Logo-Icon.png\",\"contentUrl\":\"https:\/\/talkpal.ai\/wp-content\/uploads\/2024\/03\/Talkpal-Logo-Icon.png\",\"width\":2880,\"height\":2880,\"caption\":\"Talkpal, Inc.\"},\"image\":{\"@id\":\"https:\/\/talkpal.ai\/sk\/#\/schema\/logo\/image\/\"},\"sameAs\":[\"https:\/\/www.facebook.com\/profile.php?id=100090733639311\",\"https:\/\/x.com\/talkpalai\",\"https:\/\/www.linkedin.com\/company\/talkpal\/\",\"https:\/\/www.youtube.com\/@TalkPal\/\",\"https:\/\/www.tiktok.com\/@talkpal\",\"https:\/\/www.instagram.com\/talkpal_ai\/\",\"https:\/\/www.crunchbase.com\/organization\/talkpal-9cde\",\"https:\/\/www.g2.com\/products\/talkpal-for-business\/\",\"https:\/\/www.trustpilot.com\/review\/talkpal.ai\",\"https:\/\/www.capterra.com\/p\/10006800\/TalkPal\/\"],\"description\":\"Talkpal is a language learning web and mobile education app, powered by the latest AI technologies, that provides engaging experiences to its customers in many different languages to help them improve their language skills. Users can chat about unlimited amount of topics with the app and use other modes to practice their language learning.\",\"email\":\"support@talkpal.ai\",\"legalName\":\"Talkpal, Inc.\",\"foundingDate\":\"2023-04-03\",\"duns\":\"118989042\",\"numberOfEmployees\":{\"@type\":\"QuantitativeValue\",\"minValue\":\"11\",\"maxValue\":\"50\"},\"publishingPrinciples\":\"https:\/\/talkpal.ai\/publishing-principles\/\",\"actionableFeedbackPolicy\":\"https:\/\/talkpal.ai\/actionable-feedback-policy\/\",\"correctionsPolicy\":\"https:\/\/talkpal.ai\/corrections-policy\/\",\"ethicsPolicy\":\"https:\/\/talkpal.ai\/ethics-policy\/\",\"diversityPolicy\":\"https:\/\/talkpal.ai\/diversity-policy\/\",\"diversityStaffingReport\":\"https:\/\/talkpal.ai\/diversity-policy\/\"}]}<\/script>\n<!-- \/ Yoast SEO Premium plugin. -->","yoast_head_json":{"title":"Litovsk\u00e9 gramatick\u00e9 cvi\u010denia - Talkpal","description":"Zvl\u00e1dnite zlo\u017eitosti jazyka pomocou p\u00fatav\u00fdch cvi\u010den\u00ed z litovskej gramatiky, ktor\u00e9 zv\u00fd\u0161ia va\u0161e znalosti.","robots":{"index":"index","follow":"follow","max-snippet":"max-snippet:-1","max-image-preview":"max-image-preview:large","max-video-preview":"max-video-preview:-1"},"canonical":"https:\/\/talkpal.ai\/sk\/litovske-gramaticke-cvicenia\/","og_locale":"sk_SK","og_type":"article","og_title":"Litovsk\u00e9 gramatick\u00e9 cvi\u010denia","og_description":"T\u00e9my litovskej gramatiky U\u010denie sa litovsk\u00e9ho jazyka nie je len jedine\u010dnou a obohacuj\u00facou sk\u00fasenos\u0165ou, ale otv\u00e1ra aj \u00faplne nov\u00fd svet kult\u00farneho","og_url":"https:\/\/talkpal.ai\/sk\/litovske-gramaticke-cvicenia\/","og_site_name":"Talkpal","article_publisher":"https:\/\/www.facebook.com\/profile.php?id=100090733639311","article_modified_time":"2025-12-17T15:52:37+00:00","og_image":[{"width":512,"height":512,"url":"https:\/\/talkpal.ai\/wp-content\/uploads\/2023\/05\/Lithuanian.png","type":"image\/png"}],"twitter_card":"summary_large_image","twitter_site":"@talkpalai","twitter_misc":{"Predpokladan\u00fd \u010das \u010d\u00edtania":"3 min\u00faty"},"schema":{"@context":"https:\/\/schema.org","@graph":[{"@type":"WebPage","@id":"https:\/\/talkpal.ai\/sk\/litovske-gramaticke-cvicenia\/","url":"https:\/\/talkpal.ai\/sk\/litovske-gramaticke-cvicenia\/","name":"Litovsk\u00e9 gramatick\u00e9 cvi\u010denia - Talkpal","isPartOf":{"@id":"https:\/\/talkpal.ai\/sk\/#website"},"primaryImageOfPage":{"@id":"https:\/\/talkpal.ai\/sk\/litovske-gramaticke-cvicenia\/#primaryimage"},"image":{"@id":"https:\/\/talkpal.ai\/sk\/litovske-gramaticke-cvicenia\/#primaryimage"},"thumbnailUrl":"https:\/\/talkpal.ai\/wp-content\/uploads\/2023\/05\/Lithuanian.png","datePublished":"2023-06-22T08:12:52+00:00","dateModified":"2025-12-17T15:52:37+00:00","description":"Zvl\u00e1dnite zlo\u017eitosti jazyka pomocou p\u00fatav\u00fdch cvi\u010den\u00ed z litovskej gramatiky, ktor\u00e9 zv\u00fd\u0161ia va\u0161e znalosti.","breadcrumb":{"@id":"https:\/\/talkpal.ai\/sk\/litovske-gramaticke-cvicenia\/#breadcrumb"},"inLanguage":"sk-SK","potentialAction":[{"@type":"ReadAction","target":["https:\/\/talkpal.ai\/sk\/litovske-gramaticke-cvicenia\/"]}]},{"@type":"ImageObject","inLanguage":"sk-SK","@id":"https:\/\/talkpal.ai\/sk\/litovske-gramaticke-cvicenia\/#primaryimage","url":"https:\/\/talkpal.ai\/wp-content\/uploads\/2023\/05\/Lithuanian.png","contentUrl":"https:\/\/talkpal.ai\/wp-content\/uploads\/2023\/05\/Lithuanian.png","width":512,"height":512},{"@type":"BreadcrumbList","@id":"https:\/\/talkpal.ai\/sk\/litovske-gramaticke-cvicenia\/#breadcrumb","itemListElement":[{"@type":"ListItem","position":1,"name":"Homepage","item":"https:\/\/talkpal.ai\/sk\/"},{"@type":"ListItem","position":2,"name":"Litovsk\u00e9 gramatick\u00e9 cvi\u010denia"}]},{"@type":"WebSite","@id":"https:\/\/talkpal.ai\/sk\/#website","url":"https:\/\/talkpal.ai\/sk\/","name":"Talkpal","description":"AI Language Learning","publisher":{"@id":"https:\/\/talkpal.ai\/sk\/#organization"},"alternateName":"Talkpal AI","potentialAction":[{"@type":"SearchAction","target":{"@type":"EntryPoint","urlTemplate":"https:\/\/talkpal.ai\/sk\/?s={search_term_string}"},"query-input":{"@type":"PropertyValueSpecification","valueRequired":true,"valueName":"search_term_string"}}],"inLanguage":"sk-SK"},{"@type":"Organization","@id":"https:\/\/talkpal.ai\/sk\/#organization","name":"Talkpal, Inc.","alternateName":"Talkpal AI","url":"https:\/\/talkpal.ai\/sk\/","logo":{"@type":"ImageObject","inLanguage":"sk-SK","@id":"https:\/\/talkpal.ai\/sk\/#\/schema\/logo\/image\/","url":"https:\/\/talkpal.ai\/wp-content\/uploads\/2024\/03\/Talkpal-Logo-Icon.png","contentUrl":"https:\/\/talkpal.ai\/wp-content\/uploads\/2024\/03\/Talkpal-Logo-Icon.png","width":2880,"height":2880,"caption":"Talkpal, Inc."},"image":{"@id":"https:\/\/talkpal.ai\/sk\/#\/schema\/logo\/image\/"},"sameAs":["https:\/\/www.facebook.com\/profile.php?id=100090733639311","https:\/\/x.com\/talkpalai","https:\/\/www.linkedin.com\/company\/talkpal\/","https:\/\/www.youtube.com\/@TalkPal\/","https:\/\/www.tiktok.com\/@talkpal","https:\/\/www.instagram.com\/talkpal_ai\/","https:\/\/www.crunchbase.com\/organization\/talkpal-9cde","https:\/\/www.g2.com\/products\/talkpal-for-business\/","https:\/\/www.trustpilot.com\/review\/talkpal.ai","https:\/\/www.capterra.com\/p\/10006800\/TalkPal\/"],"description":"Talkpal is a language learning web and mobile education app, powered by the latest AI technologies, that provides engaging experiences to its customers in many different languages to help them improve their language skills. Users can chat about unlimited amount of topics with the app and use other modes to practice their language learning.","email":"support@talkpal.ai","legalName":"Talkpal, Inc.","foundingDate":"2023-04-03","duns":"118989042","numberOfEmployees":{"@type":"QuantitativeValue","minValue":"11","maxValue":"50"},"publishingPrinciples":"https:\/\/talkpal.ai\/publishing-principles\/","actionableFeedbackPolicy":"https:\/\/talkpal.ai\/actionable-feedback-policy\/","correctionsPolicy":"https:\/\/talkpal.ai\/corrections-policy\/","ethicsPolicy":"https:\/\/talkpal.ai\/ethics-policy\/","diversityPolicy":"https:\/\/talkpal.ai\/diversity-policy\/","diversityStaffingReport":"https:\/\/talkpal.ai\/diversity-policy\/"}]}},"_links":{"self":[{"href":"https:\/\/talkpal.ai\/sk\/wp-json\/wp\/v2\/pages\/160081","targetHints":{"allow":["GET"]}}],"collection":[{"href":"https:\/\/talkpal.ai\/sk\/wp-json\/wp\/v2\/pages"}],"about":[{"href":"https:\/\/talkpal.ai\/sk\/wp-json\/wp\/v2\/types\/page"}],"author":[{"embeddable":true,"href":"https:\/\/talkpal.ai\/sk\/wp-json\/wp\/v2\/users\/6"}],"replies":[{"embeddable":true,"href":"https:\/\/talkpal.ai\/sk\/wp-json\/wp\/v2\/comments?post=160081"}],"version-history":[{"count":0,"href":"https:\/\/talkpal.ai\/sk\/wp-json\/wp\/v2\/pages\/160081\/revisions"}],"wp:featuredmedia":[{"embeddable":true,"href":"https:\/\/talkpal.ai\/sk\/wp-json\/wp\/v2\/media\/114749"}],"wp:attachment":[{"href":"https:\/\/talkpal.ai\/sk\/wp-json\/wp\/v2\/media?parent=160081"}],"curies":[{"name":"wp","href":"https:\/\/api.w.org\/{rel}","templated":true}]}}