{"id":159797,"date":"2023-06-22T08:24:14","date_gmt":"2023-06-22T08:24:14","guid":{"rendered":"http:\/\/talkpal.ai\/macedonske-gramaticke-cvicenia\/"},"modified":"2025-12-17T15:55:19","modified_gmt":"2025-12-17T15:55:19","slug":"macedonske-gramaticke-cvicenia","status":"publish","type":"page","link":"https:\/\/talkpal.ai\/sk\/macedonske-gramaticke-cvicenia\/","title":{"rendered":"Maced\u00f3nske gramatick\u00e9 cvi\u010denia"},"content":{"rendered":"\r\n\r\n\r\n<section class=\"languageChallengeSection\">\r\n    <div class=\"languageInfoWrapper\">\r\n        \r\n        <h1>Maced\u00f3nske gramatick\u00e9 cvi\u010denia<\/h1>\r\n        <p>Chcete si vybudova\u0165 sebad\u00f4veru v maced\u00f3n\u010dine? Precvi\u010dovanie gramatick\u00fdch cvi\u010den\u00ed je skvel\u00fd sp\u00f4sob, ako pochopi\u0165 \u0161trukt\u00faru vety, slovesn\u00e9 tvary a jedine\u010dn\u00e9 vlastnosti maced\u00f3nskeho jazyka. Za\u010dnite sk\u00fama\u0165 maced\u00f3nsku gramatiku e\u0161te dnes a s ka\u017ed\u00fdm cvi\u010den\u00edm uvid\u00edte, ako va\u0161e zru\u010dnosti a plynulos\u0165 jazyka rast\u00fa!<\/p>\r\n\r\n                            <a class=\"getStartedHidden\" href=\"https:\/\/app.talkpal.ai\/sk\/signup?lng=\">Za\u010dni<\/a>\r\n        \r\n    <\/div>\r\n\r\n    <figure>\r\n    <img decoding=\"async\" width=\"768\" height=\"768\" src=\"https:\/\/talkpal.ai\/wp-content\/uploads\/2023\/06\/macedonian-768x768.png\" class=\"languageImage no-lazy\" alt=\"Language learning through conversational practice\" fetchpriority=\"high\" sizes=\"(max-width: 768px) 150px, 768px\" srcset=\"https:\/\/talkpal.ai\/wp-content\/uploads\/2023\/06\/macedonian-768x768.png 768w, https:\/\/talkpal.ai\/wp-content\/uploads\/2023\/06\/macedonian-300x300.png 300w\" \/>\r\n    \r\n\r\n    <\/figure>\r\n\r\n            <a class=\"getStartedVisible\" href=\"https:\/\/app.talkpal.ai\/sk\/signup?lng=\">Za\u010dni<\/a>\r\n    \r\n<\/section>\r\n\r\n\r\n<!-- <section class=\"grammarSection\">\r\n    <div class=\"grammarLinks\">\r\n            <\/div>\r\n<\/section> -->\r\n\r\n\r\n\r\n\r\n<section class=\"promotionalBanner\">\r\n    <p class=\"promotionalText\">Najefekt\u00edvnej\u0161\u00ed sp\u00f4sob, ako sa nau\u010di\u0165 jazyk<\/p>\r\n    <a class=\"promotionalLink\" href=\"https:\/\/app.talkpal.ai\/sk\/signup?lng=\">Vysk\u00fa\u0161ajte Talkpal zadarmo<\/a>\r\n<\/section>\n<div class=\"wp-block-group pageContainerStyle\"><div class=\"wp-block-group__inner-container is-layout-constrained wp-block-group-is-layout-constrained\">\n<h2 class=\"wp-block-heading\" id=\"h-macedonian-grammar-topics\">T\u00e9my maced\u00f3nskej gramatiky<\/h2>\n\n\n\n<header id=\"main-header\" data-height-onload=\"80\" data-height-loaded=\"true\" data-fixed-height-onload=\"80\">\n<p><a href=\"https:\/\/talkpal.ai\/learn-macedonian\/\">Maced\u00f3n\u010dina<\/a>, juhoslovansk\u00fd jazyk, je \u00faradn\u00fdm jazykom Severn\u00e9ho Maced\u00f3nska. Hovor\u00ed n\u00edm viac ako dva mili\u00f3ny \u013eud\u00ed na celom svete a pon\u00faka jedine\u010dn\u00fd jazykov\u00fd z\u00e1\u017eitok v\u010faka svojim \u0161pecifick\u00fdm gramatick\u00fdm pravidl\u00e1m a bohatej slovnej z\u00e1sobe. T\u00e1to pr\u00edru\u010dka v\u00e1m poskytne preh\u013ead z\u00e1kladn\u00fdch t\u00e9m maced\u00f3nskej gramatiky usporiadan\u00fdch v porad\u00ed, ktor\u00e9 u\u013eah\u010d\u00ed v\u00e1\u0161 proces u\u010denia. Od \u010dasov a\u017e po vetn\u00e9 \u0161trukt\u00fary, pokryjeme v\u0161etky potrebn\u00e9 inform\u00e1cie, ktor\u00e9 v\u00e1m pom\u00f4\u017eu <a href=\"https:\/\/talkpal.ai\/ko\/ai-%ec%96%b8%ec%96%b4-%ea%b5%90%ec%82%ac\/\">za\u010da\u0165<\/a> na va\u0161ej ceste k zvl\u00e1dnutiu maced\u00f3nskeho jazyka.<\/p>\n<h3>1. Podstatn\u00e9 men\u00e1:<\/h3>\n<p>Podobne ako in\u00e9 slovansk\u00e9 <a href=\"https:\/\/talkpal.ai\/what-language-is-spoken-on-the-international-space-station\/\">jazyky<\/a>, maced\u00f3nske podstatn\u00e9 men\u00e1 maj\u00fa tri rody (mu\u017esk\u00fd, \u017eensk\u00fd a kastrovan\u00fd) a sklo\u0148uj\u00fa sa pre p\u00e1d a \u010d\u00edslo. Nau\u010di\u0165 sa rod a spr\u00e1vne sklo\u0148ovanie je rozhoduj\u00face pre tvorbu gramaticky spr\u00e1vnych viet.<\/p>\n<h3>2. \u010cl\u00e1nky:<\/h3>\n<p>maced\u00f3nsky jazyk m\u00e1 iba jeden jednozna\u010dn\u00fd \u010dl\u00e1nok, ktor\u00fd sa l\u00ed\u0161i pod\u013ea pohlavia a pr\u00edpadu. V maced\u00f3n\u010dine neexistuj\u00fa neur\u010dit\u00e9 \u010dleny, ale \u010d\u00edslovka &#8222;jeden&#8220; sa m\u00f4\u017ee pou\u017e\u00edva\u0165 podobne.<\/p>\n<h3>3. Pr\u00eddavn\u00e9 men\u00e1:<\/h3>\n<p>Pr\u00eddavn\u00e9 men\u00e1 v maced\u00f3n\u010dine s\u00fahlasia s podstatn\u00fdmi menami, ktor\u00e9 upravuj\u00fa v rode, \u010d\u00edsle a p\u00e1de. Maj\u00fa dlh\u00e9 aj kr\u00e1tke formy, ktor\u00e9 sa pou\u017e\u00edvaj\u00fa v r\u00f4znych kontextoch.<\/p>\n<h3>4. Z\u00e1men\u00e1\/determin\u00e1tory:<\/h3>\n<p>Maced\u00f3n\u010dina m\u00e1 r\u00f4zne z\u00e1men\u00e1 a determin\u00e1tory, ktor\u00e9 s\u00fa nevyhnutn\u00e9 pri tvorbe viet. Nahr\u00e1dzaj\u00fa alebo upravuj\u00fa podstatn\u00e9 men\u00e1 a s\u00fahlasia s nimi v rode, po\u010dte a p\u00e1doch.<\/p>\n<h3>5. Sloves\u00e1:<\/h3>\n<p>Sloves\u00e1 s\u00fa \u00fastredn\u00fdm bodom maced\u00f3nskej gramatiky. Konjuguj\u00fa sa pre osobu a \u010d\u00edslo a maj\u00fa r\u00f4zne \u010dasy, aspekty a n\u00e1lady.<\/p>\n<h3>6. \u010casy:<\/h3>\n<p>Maced\u00f3n\u010dina m\u00e1 tri z\u00e1kladn\u00e9 \u010dasy \u2013 minul\u00fd, pr\u00edtomn\u00fd a bud\u00faci. S\u00fa tvoren\u00e9 pomocou r\u00f4znych \u010dasovania slovies a pomocn\u00fdch slovies. Je nevyhnutn\u00e9 pochopi\u0165 formovanie a pou\u017e\u00edvanie ka\u017ed\u00e9ho \u010dasu na presn\u00e9 vyjadrenie akci\u00ed a udalost\u00ed.<\/p>\n<h3>7. Nap\u00e4t\u00e9 porovnanie:<\/h3>\n<p>Porovn\u00e1vanie akci\u00ed a udalost\u00ed v r\u00f4znych \u010dasoch je nevyhnutn\u00e9 na vyjadrenie v\u00fdznamu. V maced\u00f3n\u010dine sa toto porovnanie dosahuje pou\u017eit\u00edm \u0161pecifick\u00fdch slovesn\u00fdch tvarov a pomocn\u00fdch slovies.<\/p>\n<h3>8. Progres\u00edvne:<\/h3>\n<p>Progres\u00edvny aspekt v maced\u00f3n\u010dine sa pou\u017e\u00edva na ozna\u010denie prebiehaj\u00facich akci\u00ed. Tvor\u00ed sa pomocou pr\u00edtomn\u00e9ho \u010dasu slovesa &#8222;by\u0165&#8220; a pr\u00edtomn\u00e9ho \u010dinn\u00e9ho pr\u00ed\u010dastia hlavn\u00e9ho slovesa.<\/p>\n<h3>9. Perfektne progres\u00edvne:<\/h3>\n<p>Tento aspekt kombinuje progres\u00edvne a dokonal\u00e9 aspekty na opis \u010dinnost\u00ed, ktor\u00e9 prebiehali v minulosti a maj\u00fa spojenie so s\u00fa\u010dasnos\u0165ou. Tvor\u00ed sa pomocou pr\u00edtomn\u00e9ho \u010dasu slovesa &#8222;by\u0165&#8220; a minul\u00e9ho \u010dinn\u00e9ho pr\u00ed\u010dastia hlavn\u00e9ho slovesa.<\/p>\n<h3>10. Pr\u00edslovky:<\/h3>\n<p>Pr\u00edslovky v maced\u00f3n\u010dine sa pou\u017e\u00edvaj\u00fa na \u00fapravu slovies, pr\u00eddavn\u00fdch mien alebo in\u00fdch pr\u00edsloviek. Zvy\u010dajne nemenia svoju podobu a daj\u00fa sa \u013eahko rozpozna\u0165 pod\u013ea typick\u00e9ho zakon\u010denia.<\/p>\n<h3>11. Podmienky:<\/h3>\n<p>Maced\u00f3n\u010dina m\u00e1 tri typy podmienok &#8211; re\u00e1lne, nere\u00e1lne a potenci\u00e1lne. Pou\u017e\u00edvaj\u00fa sa na vyjadrenie hypotetick\u00fdch situ\u00e1ci\u00ed a ich d\u00f4sledkov.<\/p>\n<h3>12. Predlo\u017eky:<\/h3>\n<p>Predlo\u017eky v maced\u00f3n\u010dine s\u00fa nevyhnutn\u00e9 pri tvorbe fr\u00e1z a viet. Ozna\u010duj\u00fa r\u00f4zne vz\u0165ahy medzi slovami, ako je miesto, smer, \u010das alebo pr\u00ed\u010dina.<\/p>\n<h3>13. Vety:<\/h3>\n<p>Pochopenie \u0161trukt\u00fary maced\u00f3nskych viet je rozhoduj\u00face pre efekt\u00edvnu komunik\u00e1ciu. Maced\u00f3nske vety sa zvy\u010dajne riadia slovosledom podmet-sloveso-objekt (SVO), ale vari\u00e1cie sa m\u00f4\u017eu vyskytn\u00fa\u0165 v z\u00e1vislosti od d\u00f4razu a kontextu.<\/p>\n<\/header>\n\n\n\n<footer> <\/footer>\n<\/div><\/div>\n\r\n<section class=\"learnNavigationSection\">\r\n            \r\n        <a href=\"https:\/\/talkpal.ai\/sk\/naucte-sa-macedonsky\/\">\r\n            <div class=\"learnNavigationWrapper\">\r\n                <div class=\"learnNavigationContent\">\r\n                    <img decoding=\"async\" src=\"https:\/\/talkpal.ai\/wp-content\/uploads\/2024\/08\/Macedonian.jpg\" alt=\"Macedonian Flag\">\r\n                    <div>\r\n                        <h4>O maced\u00f3nskom vzdel\u00e1van\u00ed<\/h4>\r\n                        <p>Zistite v\u0161etko o maced\u00f3nskej gramatike.<\/p>\r\n                    <\/div>\r\n                <\/div>\r\n            <\/div>\r\n        <\/a>\r\n\r\n        \r\n        <a href=\"https:\/\/talkpal.ai\/sk\/macedonska-gramatika\/\">\r\n            <div class=\"learnNavigationWrapper\">\r\n                <div class=\"learnNavigationContent\">\r\n                    <img decoding=\"async\" src=\"https:\/\/talkpal.ai\/wp-content\/uploads\/2024\/08\/Macedonian.jpg\" alt=\"Macedonian Flag\">\r\n                    <div>\r\n                        <h4>Maced\u00f3nske gramatick\u00e9 lekcie<\/h4>\r\n                        <p>Precvi\u010dte si maced\u00f3nsku gramatiku.<\/p>\r\n                    <\/div>\r\n                <\/div>\r\n            <\/div>\r\n        <\/a>\r\n\r\n        \r\n        <a href=\"https:\/\/talkpal.ai\/vocabulary_language\/macedonian\/\">\r\n            <div class=\"learnNavigationWrapper\">\r\n                <div class=\"learnNavigationContent\">\r\n                    <img decoding=\"async\" src=\"https:\/\/talkpal.ai\/wp-content\/uploads\/2024\/08\/Macedonian.jpg\" alt=\"Macedonian Flag\">\r\n                    <div>\r\n                        <h4>Maced\u00f3nska slovn\u00e1 z\u00e1soba<\/h4>\r\n                        <p>Roz\u0161\u00edrte si slovn\u00fa z\u00e1sobu maced\u00f3n\u010diny.<\/p>\r\n                    <\/div>\r\n                <\/div>\r\n            <\/div>\r\n        <\/a>\r\n\r\n            <\/section>","protected":false},"excerpt":{"rendered":"<p>T\u00e9my maced\u00f3nskej gramatiky Maced\u00f3n\u010dina, juhoslovansk\u00fd jazyk, je \u00faradn\u00fdm jazykom Severn\u00e9ho Maced\u00f3nska. Hovor\u00ed n\u00edm viac ako dva mili\u00f3ny \u013eud\u00ed na celom svete a pon\u00faka jedine\u010dn\u00fd jazykov\u00fd z\u00e1\u017eitok v\u010faka svojim \u0161pecifick\u00fdm gramatick\u00fdm pravidl\u00e1m a bohatej slovnej z\u00e1sobe. T\u00e1to pr\u00edru\u010dka v\u00e1m poskytne preh\u013ead z\u00e1kladn\u00fdch t\u00e9m maced\u00f3nskej gramatiky usporiadan\u00fdch v porad\u00ed, ktor\u00e9 u\u013eah\u010d\u00ed v\u00e1\u0161 proces u\u010denia. Od \u010dasov a\u017e [&hellip;]<\/p>\n","protected":false},"author":6,"featured_media":115309,"parent":0,"menu_order":0,"comment_status":"closed","ping_status":"closed","template":"LearningContentPage.php","meta":{"_acf_changed":false,"footnotes":""},"class_list":["post-159797","page","type-page","status-publish","has-post-thumbnail","hentry"],"acf":[],"yoast_head":"<!-- This site is optimized with the Yoast SEO Premium plugin v27.2 (Yoast SEO v27.2) - https:\/\/yoast.com\/product\/yoast-seo-premium-wordpress\/ -->\n<title>Maced\u00f3nske gramatick\u00e9 cvi\u010denia - Talkpal<\/title>\n<meta name=\"description\" content=\"Ovl\u00e1dnite maced\u00f3nsku gramatiku pomocou interakt\u00edvnych cvi\u010den\u00ed z maced\u00f3nskej gramatiky z Talkpal, v\u00e1\u0161ho jazykov\u00e9ho u\u010dite\u013ea poh\u00e1\u0148an\u00e9ho umelou inteligenciou.\" \/>\n<meta name=\"robots\" content=\"index, follow, max-snippet:-1, max-image-preview:large, max-video-preview:-1\" \/>\n<link rel=\"canonical\" href=\"https:\/\/talkpal.ai\/sk\/macedonske-gramaticke-cvicenia\/\" \/>\n<meta property=\"og:locale\" content=\"sk_SK\" \/>\n<meta property=\"og:type\" content=\"article\" \/>\n<meta property=\"og:title\" content=\"Maced\u00f3nske gramatick\u00e9 cvi\u010denia\" \/>\n<meta property=\"og:description\" content=\"T\u00e9my maced\u00f3nskej gramatiky Maced\u00f3n\u010dina, juhoslovansk\u00fd jazyk, je \u00faradn\u00fdm jazykom Severn\u00e9ho Maced\u00f3nska. Hovor\u00ed n\u00edm viac ako dva mili\u00f3ny \u013eud\u00ed na celom svete\" \/>\n<meta property=\"og:url\" content=\"https:\/\/talkpal.ai\/sk\/macedonske-gramaticke-cvicenia\/\" \/>\n<meta property=\"og:site_name\" content=\"Talkpal\" \/>\n<meta property=\"article:publisher\" content=\"https:\/\/www.facebook.com\/profile.php?id=100090733639311\" \/>\n<meta property=\"article:modified_time\" content=\"2025-12-17T15:55:19+00:00\" \/>\n<meta property=\"og:image\" content=\"https:\/\/talkpal.ai\/wp-content\/uploads\/2023\/05\/republic-of-macedonia.png\" \/>\n\t<meta property=\"og:image:width\" content=\"512\" \/>\n\t<meta property=\"og:image:height\" content=\"512\" \/>\n\t<meta property=\"og:image:type\" content=\"image\/png\" \/>\n<meta name=\"twitter:card\" content=\"summary_large_image\" \/>\n<meta name=\"twitter:site\" content=\"@talkpalai\" \/>\n<meta name=\"twitter:label1\" content=\"Predpokladan\u00fd \u010das \u010d\u00edtania\" \/>\n\t<meta name=\"twitter:data1\" content=\"3 min\u00faty\" \/>\n<script type=\"application\/ld+json\" class=\"yoast-schema-graph\">{\"@context\":\"https:\/\/schema.org\",\"@graph\":[{\"@type\":\"WebPage\",\"@id\":\"https:\/\/talkpal.ai\/sk\/macedonske-gramaticke-cvicenia\/\",\"url\":\"https:\/\/talkpal.ai\/sk\/macedonske-gramaticke-cvicenia\/\",\"name\":\"Maced\u00f3nske gramatick\u00e9 cvi\u010denia - Talkpal\",\"isPartOf\":{\"@id\":\"https:\/\/talkpal.ai\/sk\/#website\"},\"primaryImageOfPage\":{\"@id\":\"https:\/\/talkpal.ai\/sk\/macedonske-gramaticke-cvicenia\/#primaryimage\"},\"image\":{\"@id\":\"https:\/\/talkpal.ai\/sk\/macedonske-gramaticke-cvicenia\/#primaryimage\"},\"thumbnailUrl\":\"https:\/\/talkpal.ai\/wp-content\/uploads\/2023\/05\/republic-of-macedonia.png\",\"datePublished\":\"2023-06-22T08:24:14+00:00\",\"dateModified\":\"2025-12-17T15:55:19+00:00\",\"description\":\"Ovl\u00e1dnite maced\u00f3nsku gramatiku pomocou interakt\u00edvnych cvi\u010den\u00ed z maced\u00f3nskej gramatiky z Talkpal, v\u00e1\u0161ho jazykov\u00e9ho u\u010dite\u013ea poh\u00e1\u0148an\u00e9ho umelou inteligenciou.\",\"breadcrumb\":{\"@id\":\"https:\/\/talkpal.ai\/sk\/macedonske-gramaticke-cvicenia\/#breadcrumb\"},\"inLanguage\":\"sk-SK\",\"potentialAction\":[{\"@type\":\"ReadAction\",\"target\":[\"https:\/\/talkpal.ai\/sk\/macedonske-gramaticke-cvicenia\/\"]}]},{\"@type\":\"ImageObject\",\"inLanguage\":\"sk-SK\",\"@id\":\"https:\/\/talkpal.ai\/sk\/macedonske-gramaticke-cvicenia\/#primaryimage\",\"url\":\"https:\/\/talkpal.ai\/wp-content\/uploads\/2023\/05\/republic-of-macedonia.png\",\"contentUrl\":\"https:\/\/talkpal.ai\/wp-content\/uploads\/2023\/05\/republic-of-macedonia.png\",\"width\":512,\"height\":512},{\"@type\":\"BreadcrumbList\",\"@id\":\"https:\/\/talkpal.ai\/sk\/macedonske-gramaticke-cvicenia\/#breadcrumb\",\"itemListElement\":[{\"@type\":\"ListItem\",\"position\":1,\"name\":\"Homepage\",\"item\":\"https:\/\/talkpal.ai\/sk\/\"},{\"@type\":\"ListItem\",\"position\":2,\"name\":\"Maced\u00f3nske gramatick\u00e9 cvi\u010denia\"}]},{\"@type\":\"WebSite\",\"@id\":\"https:\/\/talkpal.ai\/sk\/#website\",\"url\":\"https:\/\/talkpal.ai\/sk\/\",\"name\":\"Talkpal\",\"description\":\"AI Language Learning\",\"publisher\":{\"@id\":\"https:\/\/talkpal.ai\/sk\/#organization\"},\"alternateName\":\"Talkpal AI\",\"potentialAction\":[{\"@type\":\"SearchAction\",\"target\":{\"@type\":\"EntryPoint\",\"urlTemplate\":\"https:\/\/talkpal.ai\/sk\/?s={search_term_string}\"},\"query-input\":{\"@type\":\"PropertyValueSpecification\",\"valueRequired\":true,\"valueName\":\"search_term_string\"}}],\"inLanguage\":\"sk-SK\"},{\"@type\":\"Organization\",\"@id\":\"https:\/\/talkpal.ai\/sk\/#organization\",\"name\":\"Talkpal, Inc.\",\"alternateName\":\"Talkpal AI\",\"url\":\"https:\/\/talkpal.ai\/sk\/\",\"logo\":{\"@type\":\"ImageObject\",\"inLanguage\":\"sk-SK\",\"@id\":\"https:\/\/talkpal.ai\/sk\/#\/schema\/logo\/image\/\",\"url\":\"https:\/\/talkpal.ai\/wp-content\/uploads\/2024\/03\/Talkpal-Logo-Icon.png\",\"contentUrl\":\"https:\/\/talkpal.ai\/wp-content\/uploads\/2024\/03\/Talkpal-Logo-Icon.png\",\"width\":2880,\"height\":2880,\"caption\":\"Talkpal, Inc.\"},\"image\":{\"@id\":\"https:\/\/talkpal.ai\/sk\/#\/schema\/logo\/image\/\"},\"sameAs\":[\"https:\/\/www.facebook.com\/profile.php?id=100090733639311\",\"https:\/\/x.com\/talkpalai\",\"https:\/\/www.linkedin.com\/company\/talkpal\/\",\"https:\/\/www.youtube.com\/@TalkPal\/\",\"https:\/\/www.tiktok.com\/@talkpal\",\"https:\/\/www.instagram.com\/talkpal_ai\/\",\"https:\/\/www.crunchbase.com\/organization\/talkpal-9cde\",\"https:\/\/www.g2.com\/products\/talkpal-for-business\/\",\"https:\/\/www.trustpilot.com\/review\/talkpal.ai\",\"https:\/\/www.capterra.com\/p\/10006800\/TalkPal\/\"],\"description\":\"Talkpal is a language learning web and mobile education app, powered by the latest AI technologies, that provides engaging experiences to its customers in many different languages to help them improve their language skills. Users can chat about unlimited amount of topics with the app and use other modes to practice their language learning.\",\"email\":\"support@talkpal.ai\",\"legalName\":\"Talkpal, Inc.\",\"foundingDate\":\"2023-04-03\",\"duns\":\"118989042\",\"numberOfEmployees\":{\"@type\":\"QuantitativeValue\",\"minValue\":\"11\",\"maxValue\":\"50\"},\"publishingPrinciples\":\"https:\/\/talkpal.ai\/publishing-principles\/\",\"actionableFeedbackPolicy\":\"https:\/\/talkpal.ai\/actionable-feedback-policy\/\",\"correctionsPolicy\":\"https:\/\/talkpal.ai\/corrections-policy\/\",\"ethicsPolicy\":\"https:\/\/talkpal.ai\/ethics-policy\/\",\"diversityPolicy\":\"https:\/\/talkpal.ai\/diversity-policy\/\",\"diversityStaffingReport\":\"https:\/\/talkpal.ai\/diversity-policy\/\"}]}<\/script>\n<!-- \/ Yoast SEO Premium plugin. -->","yoast_head_json":{"title":"Maced\u00f3nske gramatick\u00e9 cvi\u010denia - Talkpal","description":"Ovl\u00e1dnite maced\u00f3nsku gramatiku pomocou interakt\u00edvnych cvi\u010den\u00ed z maced\u00f3nskej gramatiky z Talkpal, v\u00e1\u0161ho jazykov\u00e9ho u\u010dite\u013ea poh\u00e1\u0148an\u00e9ho umelou inteligenciou.","robots":{"index":"index","follow":"follow","max-snippet":"max-snippet:-1","max-image-preview":"max-image-preview:large","max-video-preview":"max-video-preview:-1"},"canonical":"https:\/\/talkpal.ai\/sk\/macedonske-gramaticke-cvicenia\/","og_locale":"sk_SK","og_type":"article","og_title":"Maced\u00f3nske gramatick\u00e9 cvi\u010denia","og_description":"T\u00e9my maced\u00f3nskej gramatiky Maced\u00f3n\u010dina, juhoslovansk\u00fd jazyk, je \u00faradn\u00fdm jazykom Severn\u00e9ho Maced\u00f3nska. Hovor\u00ed n\u00edm viac ako dva mili\u00f3ny \u013eud\u00ed na celom svete","og_url":"https:\/\/talkpal.ai\/sk\/macedonske-gramaticke-cvicenia\/","og_site_name":"Talkpal","article_publisher":"https:\/\/www.facebook.com\/profile.php?id=100090733639311","article_modified_time":"2025-12-17T15:55:19+00:00","og_image":[{"width":512,"height":512,"url":"https:\/\/talkpal.ai\/wp-content\/uploads\/2023\/05\/republic-of-macedonia.png","type":"image\/png"}],"twitter_card":"summary_large_image","twitter_site":"@talkpalai","twitter_misc":{"Predpokladan\u00fd \u010das \u010d\u00edtania":"3 min\u00faty"},"schema":{"@context":"https:\/\/schema.org","@graph":[{"@type":"WebPage","@id":"https:\/\/talkpal.ai\/sk\/macedonske-gramaticke-cvicenia\/","url":"https:\/\/talkpal.ai\/sk\/macedonske-gramaticke-cvicenia\/","name":"Maced\u00f3nske gramatick\u00e9 cvi\u010denia - Talkpal","isPartOf":{"@id":"https:\/\/talkpal.ai\/sk\/#website"},"primaryImageOfPage":{"@id":"https:\/\/talkpal.ai\/sk\/macedonske-gramaticke-cvicenia\/#primaryimage"},"image":{"@id":"https:\/\/talkpal.ai\/sk\/macedonske-gramaticke-cvicenia\/#primaryimage"},"thumbnailUrl":"https:\/\/talkpal.ai\/wp-content\/uploads\/2023\/05\/republic-of-macedonia.png","datePublished":"2023-06-22T08:24:14+00:00","dateModified":"2025-12-17T15:55:19+00:00","description":"Ovl\u00e1dnite maced\u00f3nsku gramatiku pomocou interakt\u00edvnych cvi\u010den\u00ed z maced\u00f3nskej gramatiky z Talkpal, v\u00e1\u0161ho jazykov\u00e9ho u\u010dite\u013ea poh\u00e1\u0148an\u00e9ho umelou inteligenciou.","breadcrumb":{"@id":"https:\/\/talkpal.ai\/sk\/macedonske-gramaticke-cvicenia\/#breadcrumb"},"inLanguage":"sk-SK","potentialAction":[{"@type":"ReadAction","target":["https:\/\/talkpal.ai\/sk\/macedonske-gramaticke-cvicenia\/"]}]},{"@type":"ImageObject","inLanguage":"sk-SK","@id":"https:\/\/talkpal.ai\/sk\/macedonske-gramaticke-cvicenia\/#primaryimage","url":"https:\/\/talkpal.ai\/wp-content\/uploads\/2023\/05\/republic-of-macedonia.png","contentUrl":"https:\/\/talkpal.ai\/wp-content\/uploads\/2023\/05\/republic-of-macedonia.png","width":512,"height":512},{"@type":"BreadcrumbList","@id":"https:\/\/talkpal.ai\/sk\/macedonske-gramaticke-cvicenia\/#breadcrumb","itemListElement":[{"@type":"ListItem","position":1,"name":"Homepage","item":"https:\/\/talkpal.ai\/sk\/"},{"@type":"ListItem","position":2,"name":"Maced\u00f3nske gramatick\u00e9 cvi\u010denia"}]},{"@type":"WebSite","@id":"https:\/\/talkpal.ai\/sk\/#website","url":"https:\/\/talkpal.ai\/sk\/","name":"Talkpal","description":"AI Language Learning","publisher":{"@id":"https:\/\/talkpal.ai\/sk\/#organization"},"alternateName":"Talkpal AI","potentialAction":[{"@type":"SearchAction","target":{"@type":"EntryPoint","urlTemplate":"https:\/\/talkpal.ai\/sk\/?s={search_term_string}"},"query-input":{"@type":"PropertyValueSpecification","valueRequired":true,"valueName":"search_term_string"}}],"inLanguage":"sk-SK"},{"@type":"Organization","@id":"https:\/\/talkpal.ai\/sk\/#organization","name":"Talkpal, Inc.","alternateName":"Talkpal AI","url":"https:\/\/talkpal.ai\/sk\/","logo":{"@type":"ImageObject","inLanguage":"sk-SK","@id":"https:\/\/talkpal.ai\/sk\/#\/schema\/logo\/image\/","url":"https:\/\/talkpal.ai\/wp-content\/uploads\/2024\/03\/Talkpal-Logo-Icon.png","contentUrl":"https:\/\/talkpal.ai\/wp-content\/uploads\/2024\/03\/Talkpal-Logo-Icon.png","width":2880,"height":2880,"caption":"Talkpal, Inc."},"image":{"@id":"https:\/\/talkpal.ai\/sk\/#\/schema\/logo\/image\/"},"sameAs":["https:\/\/www.facebook.com\/profile.php?id=100090733639311","https:\/\/x.com\/talkpalai","https:\/\/www.linkedin.com\/company\/talkpal\/","https:\/\/www.youtube.com\/@TalkPal\/","https:\/\/www.tiktok.com\/@talkpal","https:\/\/www.instagram.com\/talkpal_ai\/","https:\/\/www.crunchbase.com\/organization\/talkpal-9cde","https:\/\/www.g2.com\/products\/talkpal-for-business\/","https:\/\/www.trustpilot.com\/review\/talkpal.ai","https:\/\/www.capterra.com\/p\/10006800\/TalkPal\/"],"description":"Talkpal is a language learning web and mobile education app, powered by the latest AI technologies, that provides engaging experiences to its customers in many different languages to help them improve their language skills. Users can chat about unlimited amount of topics with the app and use other modes to practice their language learning.","email":"support@talkpal.ai","legalName":"Talkpal, Inc.","foundingDate":"2023-04-03","duns":"118989042","numberOfEmployees":{"@type":"QuantitativeValue","minValue":"11","maxValue":"50"},"publishingPrinciples":"https:\/\/talkpal.ai\/publishing-principles\/","actionableFeedbackPolicy":"https:\/\/talkpal.ai\/actionable-feedback-policy\/","correctionsPolicy":"https:\/\/talkpal.ai\/corrections-policy\/","ethicsPolicy":"https:\/\/talkpal.ai\/ethics-policy\/","diversityPolicy":"https:\/\/talkpal.ai\/diversity-policy\/","diversityStaffingReport":"https:\/\/talkpal.ai\/diversity-policy\/"}]}},"_links":{"self":[{"href":"https:\/\/talkpal.ai\/sk\/wp-json\/wp\/v2\/pages\/159797","targetHints":{"allow":["GET"]}}],"collection":[{"href":"https:\/\/talkpal.ai\/sk\/wp-json\/wp\/v2\/pages"}],"about":[{"href":"https:\/\/talkpal.ai\/sk\/wp-json\/wp\/v2\/types\/page"}],"author":[{"embeddable":true,"href":"https:\/\/talkpal.ai\/sk\/wp-json\/wp\/v2\/users\/6"}],"replies":[{"embeddable":true,"href":"https:\/\/talkpal.ai\/sk\/wp-json\/wp\/v2\/comments?post=159797"}],"version-history":[{"count":0,"href":"https:\/\/talkpal.ai\/sk\/wp-json\/wp\/v2\/pages\/159797\/revisions"}],"wp:featuredmedia":[{"embeddable":true,"href":"https:\/\/talkpal.ai\/sk\/wp-json\/wp\/v2\/media\/115309"}],"wp:attachment":[{"href":"https:\/\/talkpal.ai\/sk\/wp-json\/wp\/v2\/media?parent=159797"}],"curies":[{"name":"wp","href":"https:\/\/api.w.org\/{rel}","templated":true}]}}