{"id":159512,"date":"2023-06-22T08:29:59","date_gmt":"2023-06-22T08:29:59","guid":{"rendered":"http:\/\/talkpal.ai\/malajske-gramaticke-cvicenia\/"},"modified":"2025-12-17T15:07:28","modified_gmt":"2025-12-17T15:07:28","slug":"malajske-gramaticke-cvicenia","status":"publish","type":"page","link":"https:\/\/talkpal.ai\/sk\/malajske-gramaticke-cvicenia\/","title":{"rendered":"Malajsk\u00e9 gramatick\u00e9 cvi\u010denia"},"content":{"rendered":"\r\n\r\n\r\n<section class=\"languageChallengeSection\">\r\n    <div class=\"languageInfoWrapper\">\r\n        \r\n        <h1>Malajsk\u00e9 gramatick\u00e9 cvi\u010denia<\/h1>\r\n        <p>Ste pripraven\u00ed lep\u0161ie pracova\u0165 s malaj\u010dinou? Precvi\u010dovanie gramatick\u00fdch cvi\u010den\u00ed je skvel\u00fd sp\u00f4sob, ako si osvoji\u0165 \u0161trukt\u00faru vety, slovesn\u00e9 tvary a jedine\u010dn\u00e9 vlastnosti jazyka. Za\u010dnite sk\u00fama\u0165 malajsk\u00fa gramatiku e\u0161te dnes a uvid\u00edte, ako va\u0161e zru\u010dnosti a sebad\u00f4vera rast\u00fa s ka\u017ed\u00fdm cvi\u010den\u00edm!<\/p>\r\n\r\n                            <a class=\"getStartedHidden\" href=\"https:\/\/app.talkpal.ai\/sk\/signup?lng=\">Za\u010dni<\/a>\r\n        \r\n    <\/div>\r\n\r\n    <figure>\r\n    <img decoding=\"async\" width=\"768\" height=\"768\" src=\"https:\/\/talkpal.ai\/wp-content\/uploads\/2023\/06\/malay-768x768.png\" class=\"languageImage no-lazy\" alt=\"Language learning for personal accomplishments\" fetchpriority=\"high\" sizes=\"(max-width: 768px) 150px, 768px\" srcset=\"https:\/\/talkpal.ai\/wp-content\/uploads\/2023\/06\/malay-768x768.png 768w, https:\/\/talkpal.ai\/wp-content\/uploads\/2023\/06\/malay-300x300.png 300w\" \/>\r\n    \r\n\r\n    <\/figure>\r\n\r\n            <a class=\"getStartedVisible\" href=\"https:\/\/app.talkpal.ai\/sk\/signup?lng=\">Za\u010dni<\/a>\r\n    \r\n<\/section>\r\n\r\n\r\n<!-- <section class=\"grammarSection\">\r\n    <div class=\"grammarLinks\">\r\n            <\/div>\r\n<\/section> -->\r\n\r\n\r\n\r\n\r\n<section class=\"promotionalBanner\">\r\n    <p class=\"promotionalText\">Najefekt\u00edvnej\u0161\u00ed sp\u00f4sob, ako sa nau\u010di\u0165 jazyk<\/p>\r\n    <a class=\"promotionalLink\" href=\"https:\/\/app.talkpal.ai\/sk\/signup?lng=\">Vysk\u00fa\u0161ajte Talkpal zadarmo<\/a>\r\n<\/section>\n<div class=\"wp-block-group pageContainerStyle\"><div class=\"wp-block-group__inner-container is-layout-constrained wp-block-group-is-layout-constrained\">\n<h2 class=\"wp-block-heading\" id=\"h-malay-grammar-topics\">T\u00e9my malajskej gramatiky<\/h2>\n\n\n\n<p><a href=\"https:\/\/talkpal.ai\/sk\/ucenie\/\">U\u010denie sa<\/a> malajsk\u00e9ho jazyka m\u00f4\u017ee by\u0165 obohacuj\u00facou sk\u00fasenos\u0165ou, ktor\u00e1 otv\u00e1ra pr\u00edle\u017eitosti na pochopenie bohat\u00e9ho kult\u00farneho dedi\u010dstva Malajzie, Indon\u00e9zie a susedn\u00fdch kraj\u00edn. Jazyk patr\u00ed do austron\u00e9zskej rodiny a hovoria n\u00edm mili\u00f3ny \u013eud\u00ed v celej juhov\u00fdchodnej \u00c1zii. Jeho <a href=\"https:\/\/talkpal.ai\/sq\/gramatika\/\">gramatika<\/a> je v porovnan\u00ed s mnoh\u00fdmi eur\u00f3pskymi jazykmi relat\u00edvne jednoduch\u00e1, \u010do z neho rob\u00ed atrakt\u00edvnu vo\u013ebu pre \u0161tudentov jazykov. Predt\u00fdm, ako sa za\u010dnete venova\u0165 r\u00f4znym aspektom malajskej gramatiky, je nevyhnutn\u00e9 obozn\u00e1mi\u0165 sa so z\u00e1kladn\u00fdmi stavebn\u00fdmi kame\u0148mi, ktor\u00e9 tvoria tento jazyk. V tejto pr\u00edru\u010dke presk\u00famame tieto t\u00e9my v porad\u00ed, ktor\u00e9 v\u00e1m pom\u00f4\u017eu efekt\u00edvne sa nau\u010di\u0165 jazyk.<\/p>\n\n\n\n<h3 class=\"wp-block-heading\" id=\"h-1-nouns\">1. Podstatn\u00e9 men\u00e1:<\/h3>\n\n\n\n<p>Za\u010dnite u\u010den\u00edm sa malajsk\u00fdch podstatn\u00fdch mien, slov, ktor\u00e9 predstavuj\u00fa \u013eud\u00ed, miesta, veci a my\u0161lienky. V malaj\u010dine podstatn\u00e9 men\u00e1 nemaj\u00fa rodov\u00e9 alebo mno\u017en\u00e9 \u010d\u00edslo ako v mnoh\u00fdch in\u00fdch jazykoch, \u010do u\u013eah\u010duje ich u\u010denie. Zamerajte sa na budovanie slovnej z\u00e1soby zapam\u00e4tan\u00edm si be\u017en\u00fdch podstatn\u00fdch mien a ich v\u00fdznamov.<\/p>\n\n\n\n<h3 class=\"wp-block-heading\" id=\"h-2-pronouns-determiners\">2. Z\u00e1men\u00e1\/determin\u00e1tory:<\/h3>\n\n\n\n<p>\u010ealej sa nau\u010dte malajsk\u00e9 z\u00e1men\u00e1 a determin\u00e1tory, ktor\u00e9 sa pou\u017e\u00edvaj\u00fa na ozna\u010denie podstatn\u00fdch mien. Z\u00e1men\u00e1 nahr\u00e1dzaj\u00fa podstatn\u00e9 men\u00e1 vo vet\u00e1ch, zatia\u013e \u010do determin\u00e1tory poskytuj\u00fa inform\u00e1cie o podstatnom mene, ako je mno\u017estvo alebo vlastn\u00edctvo. Zozn\u00e1mte sa s osobn\u00fdmi z\u00e1menami (napr. saya pre &#8222;ja&#8220; a kamu pre &#8222;ty&#8220;) a privlast\u0148ovac\u00edmi z\u00e1menami (napr. ini pre &#8222;toto&#8220; a <a href=\"https:\/\/talkpal.ai\/locations\/language-courses-in-itu\/\">itu<\/a> pre &#8222;tamto&#8220;).<\/p>\n\n\n\n<h3 class=\"wp-block-heading\" id=\"h-3-articles\">3. \u010cl\u00e1nky:<\/h3>\n\n\n\n<p>Na rozdiel od angli\u010dtiny nem\u00e1 <a href=\"https:\/\/talkpal.ai\/learn-malay\/\">malaj\u010dina<\/a> ur\u010dit\u00e9 ani neur\u010dit\u00e9 \u010dleny (napr. &#8222;the&#8220; alebo &#8222;a\/an&#8220;). St\u00e1le je v\u0161ak d\u00f4le\u017eit\u00e9 pochopi\u0165, ako jazyk ozna\u010duje konkr\u00e9tnos\u0165 a v\u0161eobecnos\u0165 vo vet\u00e1ch.<\/p>\n\n\n\n<h3 class=\"wp-block-heading\" id=\"h-4-verbs\">4. Sloves\u00e1:<\/h3>\n\n\n\n<p>Sloves\u00e1 s\u00fa v malaj\u010dine rozhoduj\u00face, preto\u017ee vyjadruj\u00fa \u010diny, stavy alebo udalosti. Nau\u010dte sa z\u00e1kladn\u00e9 slovesn\u00e9 tvary a ako ich konjugova\u0165 pod\u013ea \u010dasu, osoby a \u010d\u00edsla.<\/p>\n\n\n\n<h3 class=\"wp-block-heading\" id=\"h-5-tenses\">5. \u010casy:<\/h3>\n\n\n\n<p><a href=\"https:\/\/talkpal.ai\/learn-malay\/\">Malaj\u010dina<\/a> m\u00e1 menej \u010dasu ako <a href=\"https:\/\/talkpal.ai\/learn-english-with-ai\/\">angli\u010dtina<\/a>, s prim\u00e1rnym d\u00f4razom na minul\u00e9, s\u00fa\u010dasn\u00e9 a bud\u00face akcie. Nau\u010dte sa, ako vyjadri\u0165 \u010das v malaj\u010dine pochopen\u00edm rozdielov medzi jednoduch\u00fdm, progres\u00edvnym a dokonal\u00fdm \u010dasom.<\/p>\n\n\n\n<h3 class=\"wp-block-heading\" id=\"h-6-adjectives\">6. Pr\u00eddavn\u00e9 men\u00e1:<\/h3>\n\n\n\n<p>Pr\u00eddavn\u00e9 men\u00e1 opisuj\u00fa alebo upravuj\u00fa podstatn\u00e9 men\u00e1 a poskytuj\u00fa \u010fal\u0161ie inform\u00e1cie o ich vlastnostiach alebo vlastnostiach. Nau\u010dte sa be\u017en\u00e9 malajsk\u00e9 pr\u00eddavn\u00e9 men\u00e1 a ako sa menia vo vet\u00e1ch pod\u013ea podstatn\u00e9ho mena, ktor\u00e9 upravuj\u00fa.<\/p>\n\n\n\n<h3 class=\"wp-block-heading\" id=\"h-7-adverbs\">7. Pr\u00edslovky:<\/h3>\n\n\n\n<p>Pr\u00edslovky upravuj\u00fa sloves\u00e1, pr\u00eddavn\u00e9 men\u00e1 alebo in\u00e9 pr\u00edslovky a poskytuj\u00fa inform\u00e1cie o \u010dase, sp\u00f4sobe, mieste alebo stupni. \u0160tudujte be\u017en\u00e9 malajsk\u00e9 pr\u00edslovky a ich umiestnenie vo vet\u00e1ch.<\/p>\n\n\n\n<h3 class=\"wp-block-heading\" id=\"h-8-prepositions\">8. Predlo\u017eky:<\/h3>\n\n\n\n<p>Predlo\u017eky sa pou\u017e\u00edvaj\u00fa na sp\u00e1janie podstatn\u00fdch mien, z\u00e1men alebo fr\u00e1z s in\u00fdmi slovami vo vete, pri\u010dom zobrazuj\u00fa vz\u0165ahy, ako je miesto, smer alebo \u010das. Nau\u010dte sa be\u017en\u00e9 malajsk\u00e9 predlo\u017eky a ako funguj\u00fa vo vet\u00e1ch.<\/p>\n\n\n\n<h3 class=\"wp-block-heading\" id=\"h-9-conditionals\">9. Podmienky:<\/h3>\n\n\n\n<p>Podmiene\u010dn\u00e9 vety vyjadruj\u00fa hypotetick\u00e9 situ\u00e1cie alebo podmienky a ich mo\u017en\u00e9 v\u00fdsledky. Nau\u010dte sa, ako tvori\u0165 podmienen\u00e9 vety v malaj\u010dine pomocou vhodn\u00fdch slovesn\u00fdch tvarov a spojok.<\/p>\n\n\n\n<h3 class=\"wp-block-heading\" id=\"h-10-sentences\">10. Vety:<\/h3>\n\n\n\n<p>Nakoniec si precvi\u010dte kon\u0161trukciu malajsk\u00fdch viet kombin\u00e1ciou podstatn\u00fdch mien, z\u00e1men, slovies, pr\u00eddavn\u00fdch mien, pr\u00edsloviek a predlo\u017eiek. Pochopte z\u00e1kladn\u00fa vetn\u00fa \u0161trukt\u00faru, ako je podmet-sloveso-objekt, a precvi\u010dte si vytv\u00e1ranie zlo\u017eit\u00fdch viet pomocou spojok a relat\u00edvnych viet.<\/p>\n\n\n\n<p>Dodr\u017eiavan\u00edm tejto postupnosti a venovan\u00edm \u010dasu precvi\u010dovaniu ka\u017edej t\u00e9my si vybudujete siln\u00fd z\u00e1klad v malajskej gramatike a budete na dobrej ceste sta\u0165 sa zdatn\u00fdm hovorcom jazyka.<\/p>\n<\/div><\/div>\n\r\n<section class=\"learnNavigationSection\">\r\n            \r\n        <a href=\"https:\/\/talkpal.ai\/sk\/naucte-sa-malajcinu\/\">\r\n            <div class=\"learnNavigationWrapper\">\r\n                <div class=\"learnNavigationContent\">\r\n                    <img decoding=\"async\" src=\"https:\/\/talkpal.ai\/wp-content\/uploads\/2024\/08\/Malay.jpg\" alt=\"Malaysian Flag\">\r\n                    <div>\r\n                        <h4>O malajskom vzdel\u00e1van\u00ed<\/h4>\r\n                        <p>Zistite v\u0161etko o malajskej gramatike.<\/p>\r\n                    <\/div>\r\n                <\/div>\r\n            <\/div>\r\n        <\/a>\r\n\r\n        \r\n        <a href=\"https:\/\/talkpal.ai\/sk\/malajska-gramatika\/\">\r\n            <div class=\"learnNavigationWrapper\">\r\n                <div class=\"learnNavigationContent\">\r\n                    <img decoding=\"async\" src=\"https:\/\/talkpal.ai\/wp-content\/uploads\/2024\/08\/Malay.jpg\" alt=\"Malaysian Flag\">\r\n                    <div>\r\n                        <h4>Lekcie malajskej gramatiky<\/h4>\r\n                        <p>Precvi\u010dte si malajsk\u00fa gramatiku.<\/p>\r\n                    <\/div>\r\n                <\/div>\r\n            <\/div>\r\n        <\/a>\r\n\r\n        \r\n        <a href=\"https:\/\/talkpal.ai\/vocabulary_language\/malay\/\">\r\n            <div class=\"learnNavigationWrapper\">\r\n                <div class=\"learnNavigationContent\">\r\n                    <img decoding=\"async\" src=\"https:\/\/talkpal.ai\/wp-content\/uploads\/2024\/08\/Malay.jpg\" alt=\"Malaysian Flag\">\r\n                    <div>\r\n                        <h4>Malajsk\u00e1 slovn\u00e1 z\u00e1soba<\/h4>\r\n                        <p>Roz\u0161\u00edrte si slovn\u00fa z\u00e1sobu malaj\u010diny.<\/p>\r\n                    <\/div>\r\n                <\/div>\r\n            <\/div>\r\n        <\/a>\r\n\r\n            <\/section>","protected":false},"excerpt":{"rendered":"<p>T\u00e9my malajskej gramatiky U\u010denie sa malajsk\u00e9ho jazyka m\u00f4\u017ee by\u0165 obohacuj\u00facou sk\u00fasenos\u0165ou, ktor\u00e1 otv\u00e1ra pr\u00edle\u017eitosti na pochopenie bohat\u00e9ho kult\u00farneho dedi\u010dstva Malajzie, Indon\u00e9zie a susedn\u00fdch kraj\u00edn. Jazyk patr\u00ed do austron\u00e9zskej rodiny a hovoria n\u00edm mili\u00f3ny \u013eud\u00ed v celej juhov\u00fdchodnej \u00c1zii. Jeho gramatika je v porovnan\u00ed s mnoh\u00fdmi eur\u00f3pskymi jazykmi relat\u00edvne jednoduch\u00e1, \u010do z neho rob\u00ed atrakt\u00edvnu vo\u013ebu [&hellip;]<\/p>\n","protected":false},"author":6,"featured_media":115811,"parent":0,"menu_order":0,"comment_status":"closed","ping_status":"closed","template":"LearningContentPage.php","meta":{"_acf_changed":false,"footnotes":""},"class_list":["post-159512","page","type-page","status-publish","has-post-thumbnail","hentry"],"acf":[],"yoast_head":"<!-- This site is optimized with the Yoast SEO Premium plugin v27.2 (Yoast SEO v27.2) - https:\/\/yoast.com\/product\/yoast-seo-premium-wordpress\/ -->\n<title>Malajsk\u00e9 gramatick\u00e9 cvi\u010denia - Talkpal<\/title>\n<meta name=\"description\" content=\"Zlep\u0161ite svoje jazykov\u00e9 zru\u010dnosti pomocou cvi\u010den\u00ed z malajskej gramatiky. Nau\u010dte sa z\u00e1klady pre lep\u0161ie pochopenie malajsk\u00e9ho jazyka.\" \/>\n<meta name=\"robots\" content=\"index, follow, max-snippet:-1, max-image-preview:large, max-video-preview:-1\" \/>\n<link rel=\"canonical\" href=\"https:\/\/talkpal.ai\/sk\/malajske-gramaticke-cvicenia\/\" \/>\n<meta property=\"og:locale\" content=\"sk_SK\" \/>\n<meta property=\"og:type\" content=\"article\" \/>\n<meta property=\"og:title\" content=\"Malajsk\u00e9 gramatick\u00e9 cvi\u010denia\" \/>\n<meta property=\"og:description\" content=\"T\u00e9my malajskej gramatiky U\u010denie sa malajsk\u00e9ho jazyka m\u00f4\u017ee by\u0165 obohacuj\u00facou sk\u00fasenos\u0165ou, ktor\u00e1 otv\u00e1ra pr\u00edle\u017eitosti na pochopenie bohat\u00e9ho kult\u00farneho\" \/>\n<meta property=\"og:url\" content=\"https:\/\/talkpal.ai\/sk\/malajske-gramaticke-cvicenia\/\" \/>\n<meta property=\"og:site_name\" content=\"Talkpal\" \/>\n<meta property=\"article:publisher\" content=\"https:\/\/www.facebook.com\/profile.php?id=100090733639311\" \/>\n<meta property=\"article:modified_time\" content=\"2025-12-17T15:07:28+00:00\" \/>\n<meta property=\"og:image\" content=\"https:\/\/talkpal.ai\/wp-content\/uploads\/2023\/05\/malaysia.png\" \/>\n\t<meta property=\"og:image:width\" content=\"512\" \/>\n\t<meta property=\"og:image:height\" content=\"512\" \/>\n\t<meta property=\"og:image:type\" content=\"image\/png\" \/>\n<meta name=\"twitter:card\" content=\"summary_large_image\" \/>\n<meta name=\"twitter:site\" content=\"@talkpalai\" \/>\n<meta name=\"twitter:label1\" content=\"Predpokladan\u00fd \u010das \u010d\u00edtania\" \/>\n\t<meta name=\"twitter:data1\" content=\"3 min\u00faty\" \/>\n<script type=\"application\/ld+json\" class=\"yoast-schema-graph\">{\"@context\":\"https:\/\/schema.org\",\"@graph\":[{\"@type\":\"WebPage\",\"@id\":\"https:\/\/talkpal.ai\/sk\/malajske-gramaticke-cvicenia\/\",\"url\":\"https:\/\/talkpal.ai\/sk\/malajske-gramaticke-cvicenia\/\",\"name\":\"Malajsk\u00e9 gramatick\u00e9 cvi\u010denia - Talkpal\",\"isPartOf\":{\"@id\":\"https:\/\/talkpal.ai\/sk\/#website\"},\"primaryImageOfPage\":{\"@id\":\"https:\/\/talkpal.ai\/sk\/malajske-gramaticke-cvicenia\/#primaryimage\"},\"image\":{\"@id\":\"https:\/\/talkpal.ai\/sk\/malajske-gramaticke-cvicenia\/#primaryimage\"},\"thumbnailUrl\":\"https:\/\/talkpal.ai\/wp-content\/uploads\/2023\/05\/malaysia.png\",\"datePublished\":\"2023-06-22T08:29:59+00:00\",\"dateModified\":\"2025-12-17T15:07:28+00:00\",\"description\":\"Zlep\u0161ite svoje jazykov\u00e9 zru\u010dnosti pomocou cvi\u010den\u00ed z malajskej gramatiky. Nau\u010dte sa z\u00e1klady pre lep\u0161ie pochopenie malajsk\u00e9ho jazyka.\",\"breadcrumb\":{\"@id\":\"https:\/\/talkpal.ai\/sk\/malajske-gramaticke-cvicenia\/#breadcrumb\"},\"inLanguage\":\"sk-SK\",\"potentialAction\":[{\"@type\":\"ReadAction\",\"target\":[\"https:\/\/talkpal.ai\/sk\/malajske-gramaticke-cvicenia\/\"]}]},{\"@type\":\"ImageObject\",\"inLanguage\":\"sk-SK\",\"@id\":\"https:\/\/talkpal.ai\/sk\/malajske-gramaticke-cvicenia\/#primaryimage\",\"url\":\"https:\/\/talkpal.ai\/wp-content\/uploads\/2023\/05\/malaysia.png\",\"contentUrl\":\"https:\/\/talkpal.ai\/wp-content\/uploads\/2023\/05\/malaysia.png\",\"width\":512,\"height\":512},{\"@type\":\"BreadcrumbList\",\"@id\":\"https:\/\/talkpal.ai\/sk\/malajske-gramaticke-cvicenia\/#breadcrumb\",\"itemListElement\":[{\"@type\":\"ListItem\",\"position\":1,\"name\":\"Homepage\",\"item\":\"https:\/\/talkpal.ai\/sk\/\"},{\"@type\":\"ListItem\",\"position\":2,\"name\":\"Malajsk\u00e9 gramatick\u00e9 cvi\u010denia\"}]},{\"@type\":\"WebSite\",\"@id\":\"https:\/\/talkpal.ai\/sk\/#website\",\"url\":\"https:\/\/talkpal.ai\/sk\/\",\"name\":\"Talkpal\",\"description\":\"AI Language Learning\",\"publisher\":{\"@id\":\"https:\/\/talkpal.ai\/sk\/#organization\"},\"alternateName\":\"Talkpal AI\",\"potentialAction\":[{\"@type\":\"SearchAction\",\"target\":{\"@type\":\"EntryPoint\",\"urlTemplate\":\"https:\/\/talkpal.ai\/sk\/?s={search_term_string}\"},\"query-input\":{\"@type\":\"PropertyValueSpecification\",\"valueRequired\":true,\"valueName\":\"search_term_string\"}}],\"inLanguage\":\"sk-SK\"},{\"@type\":\"Organization\",\"@id\":\"https:\/\/talkpal.ai\/sk\/#organization\",\"name\":\"Talkpal, Inc.\",\"alternateName\":\"Talkpal AI\",\"url\":\"https:\/\/talkpal.ai\/sk\/\",\"logo\":{\"@type\":\"ImageObject\",\"inLanguage\":\"sk-SK\",\"@id\":\"https:\/\/talkpal.ai\/sk\/#\/schema\/logo\/image\/\",\"url\":\"https:\/\/talkpal.ai\/wp-content\/uploads\/2024\/03\/Talkpal-Logo-Icon.png\",\"contentUrl\":\"https:\/\/talkpal.ai\/wp-content\/uploads\/2024\/03\/Talkpal-Logo-Icon.png\",\"width\":2880,\"height\":2880,\"caption\":\"Talkpal, Inc.\"},\"image\":{\"@id\":\"https:\/\/talkpal.ai\/sk\/#\/schema\/logo\/image\/\"},\"sameAs\":[\"https:\/\/www.facebook.com\/profile.php?id=100090733639311\",\"https:\/\/x.com\/talkpalai\",\"https:\/\/www.linkedin.com\/company\/talkpal\/\",\"https:\/\/www.youtube.com\/@TalkPal\/\",\"https:\/\/www.tiktok.com\/@talkpal\",\"https:\/\/www.instagram.com\/talkpal_ai\/\",\"https:\/\/www.crunchbase.com\/organization\/talkpal-9cde\",\"https:\/\/www.g2.com\/products\/talkpal-for-business\/\",\"https:\/\/www.trustpilot.com\/review\/talkpal.ai\",\"https:\/\/www.capterra.com\/p\/10006800\/TalkPal\/\"],\"description\":\"Talkpal is a language learning web and mobile education app, powered by the latest AI technologies, that provides engaging experiences to its customers in many different languages to help them improve their language skills. Users can chat about unlimited amount of topics with the app and use other modes to practice their language learning.\",\"email\":\"support@talkpal.ai\",\"legalName\":\"Talkpal, Inc.\",\"foundingDate\":\"2023-04-03\",\"duns\":\"118989042\",\"numberOfEmployees\":{\"@type\":\"QuantitativeValue\",\"minValue\":\"11\",\"maxValue\":\"50\"},\"publishingPrinciples\":\"https:\/\/talkpal.ai\/publishing-principles\/\",\"actionableFeedbackPolicy\":\"https:\/\/talkpal.ai\/actionable-feedback-policy\/\",\"correctionsPolicy\":\"https:\/\/talkpal.ai\/corrections-policy\/\",\"ethicsPolicy\":\"https:\/\/talkpal.ai\/ethics-policy\/\",\"diversityPolicy\":\"https:\/\/talkpal.ai\/diversity-policy\/\",\"diversityStaffingReport\":\"https:\/\/talkpal.ai\/diversity-policy\/\"}]}<\/script>\n<!-- \/ Yoast SEO Premium plugin. -->","yoast_head_json":{"title":"Malajsk\u00e9 gramatick\u00e9 cvi\u010denia - Talkpal","description":"Zlep\u0161ite svoje jazykov\u00e9 zru\u010dnosti pomocou cvi\u010den\u00ed z malajskej gramatiky. Nau\u010dte sa z\u00e1klady pre lep\u0161ie pochopenie malajsk\u00e9ho jazyka.","robots":{"index":"index","follow":"follow","max-snippet":"max-snippet:-1","max-image-preview":"max-image-preview:large","max-video-preview":"max-video-preview:-1"},"canonical":"https:\/\/talkpal.ai\/sk\/malajske-gramaticke-cvicenia\/","og_locale":"sk_SK","og_type":"article","og_title":"Malajsk\u00e9 gramatick\u00e9 cvi\u010denia","og_description":"T\u00e9my malajskej gramatiky U\u010denie sa malajsk\u00e9ho jazyka m\u00f4\u017ee by\u0165 obohacuj\u00facou sk\u00fasenos\u0165ou, ktor\u00e1 otv\u00e1ra pr\u00edle\u017eitosti na pochopenie bohat\u00e9ho kult\u00farneho","og_url":"https:\/\/talkpal.ai\/sk\/malajske-gramaticke-cvicenia\/","og_site_name":"Talkpal","article_publisher":"https:\/\/www.facebook.com\/profile.php?id=100090733639311","article_modified_time":"2025-12-17T15:07:28+00:00","og_image":[{"width":512,"height":512,"url":"https:\/\/talkpal.ai\/wp-content\/uploads\/2023\/05\/malaysia.png","type":"image\/png"}],"twitter_card":"summary_large_image","twitter_site":"@talkpalai","twitter_misc":{"Predpokladan\u00fd \u010das \u010d\u00edtania":"3 min\u00faty"},"schema":{"@context":"https:\/\/schema.org","@graph":[{"@type":"WebPage","@id":"https:\/\/talkpal.ai\/sk\/malajske-gramaticke-cvicenia\/","url":"https:\/\/talkpal.ai\/sk\/malajske-gramaticke-cvicenia\/","name":"Malajsk\u00e9 gramatick\u00e9 cvi\u010denia - Talkpal","isPartOf":{"@id":"https:\/\/talkpal.ai\/sk\/#website"},"primaryImageOfPage":{"@id":"https:\/\/talkpal.ai\/sk\/malajske-gramaticke-cvicenia\/#primaryimage"},"image":{"@id":"https:\/\/talkpal.ai\/sk\/malajske-gramaticke-cvicenia\/#primaryimage"},"thumbnailUrl":"https:\/\/talkpal.ai\/wp-content\/uploads\/2023\/05\/malaysia.png","datePublished":"2023-06-22T08:29:59+00:00","dateModified":"2025-12-17T15:07:28+00:00","description":"Zlep\u0161ite svoje jazykov\u00e9 zru\u010dnosti pomocou cvi\u010den\u00ed z malajskej gramatiky. Nau\u010dte sa z\u00e1klady pre lep\u0161ie pochopenie malajsk\u00e9ho jazyka.","breadcrumb":{"@id":"https:\/\/talkpal.ai\/sk\/malajske-gramaticke-cvicenia\/#breadcrumb"},"inLanguage":"sk-SK","potentialAction":[{"@type":"ReadAction","target":["https:\/\/talkpal.ai\/sk\/malajske-gramaticke-cvicenia\/"]}]},{"@type":"ImageObject","inLanguage":"sk-SK","@id":"https:\/\/talkpal.ai\/sk\/malajske-gramaticke-cvicenia\/#primaryimage","url":"https:\/\/talkpal.ai\/wp-content\/uploads\/2023\/05\/malaysia.png","contentUrl":"https:\/\/talkpal.ai\/wp-content\/uploads\/2023\/05\/malaysia.png","width":512,"height":512},{"@type":"BreadcrumbList","@id":"https:\/\/talkpal.ai\/sk\/malajske-gramaticke-cvicenia\/#breadcrumb","itemListElement":[{"@type":"ListItem","position":1,"name":"Homepage","item":"https:\/\/talkpal.ai\/sk\/"},{"@type":"ListItem","position":2,"name":"Malajsk\u00e9 gramatick\u00e9 cvi\u010denia"}]},{"@type":"WebSite","@id":"https:\/\/talkpal.ai\/sk\/#website","url":"https:\/\/talkpal.ai\/sk\/","name":"Talkpal","description":"AI Language Learning","publisher":{"@id":"https:\/\/talkpal.ai\/sk\/#organization"},"alternateName":"Talkpal AI","potentialAction":[{"@type":"SearchAction","target":{"@type":"EntryPoint","urlTemplate":"https:\/\/talkpal.ai\/sk\/?s={search_term_string}"},"query-input":{"@type":"PropertyValueSpecification","valueRequired":true,"valueName":"search_term_string"}}],"inLanguage":"sk-SK"},{"@type":"Organization","@id":"https:\/\/talkpal.ai\/sk\/#organization","name":"Talkpal, Inc.","alternateName":"Talkpal AI","url":"https:\/\/talkpal.ai\/sk\/","logo":{"@type":"ImageObject","inLanguage":"sk-SK","@id":"https:\/\/talkpal.ai\/sk\/#\/schema\/logo\/image\/","url":"https:\/\/talkpal.ai\/wp-content\/uploads\/2024\/03\/Talkpal-Logo-Icon.png","contentUrl":"https:\/\/talkpal.ai\/wp-content\/uploads\/2024\/03\/Talkpal-Logo-Icon.png","width":2880,"height":2880,"caption":"Talkpal, Inc."},"image":{"@id":"https:\/\/talkpal.ai\/sk\/#\/schema\/logo\/image\/"},"sameAs":["https:\/\/www.facebook.com\/profile.php?id=100090733639311","https:\/\/x.com\/talkpalai","https:\/\/www.linkedin.com\/company\/talkpal\/","https:\/\/www.youtube.com\/@TalkPal\/","https:\/\/www.tiktok.com\/@talkpal","https:\/\/www.instagram.com\/talkpal_ai\/","https:\/\/www.crunchbase.com\/organization\/talkpal-9cde","https:\/\/www.g2.com\/products\/talkpal-for-business\/","https:\/\/www.trustpilot.com\/review\/talkpal.ai","https:\/\/www.capterra.com\/p\/10006800\/TalkPal\/"],"description":"Talkpal is a language learning web and mobile education app, powered by the latest AI technologies, that provides engaging experiences to its customers in many different languages to help them improve their language skills. Users can chat about unlimited amount of topics with the app and use other modes to practice their language learning.","email":"support@talkpal.ai","legalName":"Talkpal, Inc.","foundingDate":"2023-04-03","duns":"118989042","numberOfEmployees":{"@type":"QuantitativeValue","minValue":"11","maxValue":"50"},"publishingPrinciples":"https:\/\/talkpal.ai\/publishing-principles\/","actionableFeedbackPolicy":"https:\/\/talkpal.ai\/actionable-feedback-policy\/","correctionsPolicy":"https:\/\/talkpal.ai\/corrections-policy\/","ethicsPolicy":"https:\/\/talkpal.ai\/ethics-policy\/","diversityPolicy":"https:\/\/talkpal.ai\/diversity-policy\/","diversityStaffingReport":"https:\/\/talkpal.ai\/diversity-policy\/"}]}},"_links":{"self":[{"href":"https:\/\/talkpal.ai\/sk\/wp-json\/wp\/v2\/pages\/159512","targetHints":{"allow":["GET"]}}],"collection":[{"href":"https:\/\/talkpal.ai\/sk\/wp-json\/wp\/v2\/pages"}],"about":[{"href":"https:\/\/talkpal.ai\/sk\/wp-json\/wp\/v2\/types\/page"}],"author":[{"embeddable":true,"href":"https:\/\/talkpal.ai\/sk\/wp-json\/wp\/v2\/users\/6"}],"replies":[{"embeddable":true,"href":"https:\/\/talkpal.ai\/sk\/wp-json\/wp\/v2\/comments?post=159512"}],"version-history":[{"count":0,"href":"https:\/\/talkpal.ai\/sk\/wp-json\/wp\/v2\/pages\/159512\/revisions"}],"wp:featuredmedia":[{"embeddable":true,"href":"https:\/\/talkpal.ai\/sk\/wp-json\/wp\/v2\/media\/115811"}],"wp:attachment":[{"href":"https:\/\/talkpal.ai\/sk\/wp-json\/wp\/v2\/media?parent=159512"}],"curies":[{"name":"wp","href":"https:\/\/api.w.org\/{rel}","templated":true}]}}