{"id":159239,"date":"2023-06-22T08:37:16","date_gmt":"2023-06-22T08:37:16","guid":{"rendered":"http:\/\/talkpal.ai\/marathske-gramaticke-cvicenia\/"},"modified":"2025-12-17T15:24:30","modified_gmt":"2025-12-17T15:24:30","slug":"marathske-gramaticke-cvicenia","status":"publish","type":"page","link":"https:\/\/talkpal.ai\/sk\/marathske-gramaticke-cvicenia\/","title":{"rendered":"Mar\u00e1thske gramatick\u00e9 cvi\u010denia"},"content":{"rendered":"\r\n\r\n\r\n<section class=\"languageChallengeSection\">\r\n    <div class=\"languageInfoWrapper\">\r\n        \r\n        <h1>Mar\u00e1thske gramatick\u00e9 cvi\u010denia<\/h1>\r\n        <p>Ste pripraven\u00ed posilni\u0165 svoje znalosti mar\u00e1th\u010diny? Precvi\u010dovanie gramatick\u00fdch cvi\u010den\u00ed je vynikaj\u00facim sp\u00f4sobom, ako si osvoji\u0165 \u0161trukt\u00faru vety, slovesn\u00e9 tvary a k\u013e\u00fa\u010dov\u00e9 gramatick\u00e9 vzorce jazyka. Za\u010dnite objavova\u0165 mar\u00e1thsk\u00fa gramatiku e\u0161te dnes a sledujte, ako s ka\u017ed\u00fdm cvi\u010den\u00edm rastie va\u0161a sebad\u00f4vera a plynulos\u0165!<\/p>\r\n\r\n                            <a class=\"getStartedHidden\" href=\"https:\/\/app.talkpal.ai\/sk\/signup?lng=\">Za\u010dni<\/a>\r\n        \r\n    <\/div>\r\n\r\n    <figure>\r\n    <img decoding=\"async\" width=\"768\" height=\"768\" src=\"https:\/\/talkpal.ai\/wp-content\/uploads\/2023\/06\/marathi-768x768.png\" class=\"languageImage no-lazy\" alt=\"Fun ways to make language learning interesting\" fetchpriority=\"high\" sizes=\"(max-width: 768px) 150px, 768px\" srcset=\"https:\/\/talkpal.ai\/wp-content\/uploads\/2023\/06\/marathi-768x768.png 768w, https:\/\/talkpal.ai\/wp-content\/uploads\/2023\/06\/marathi-300x300.png 300w\" \/>\r\n    \r\n\r\n    <\/figure>\r\n\r\n            <a class=\"getStartedVisible\" href=\"https:\/\/app.talkpal.ai\/sk\/signup?lng=\">Za\u010dni<\/a>\r\n    \r\n<\/section>\r\n\r\n\r\n<!-- <section class=\"grammarSection\">\r\n    <div class=\"grammarLinks\">\r\n            <\/div>\r\n<\/section> -->\r\n\r\n\r\n\r\n\r\n<section class=\"promotionalBanner\">\r\n    <p class=\"promotionalText\">Najefekt\u00edvnej\u0161\u00ed sp\u00f4sob, ako sa nau\u010di\u0165 jazyk<\/p>\r\n    <a class=\"promotionalLink\" href=\"https:\/\/app.talkpal.ai\/sk\/signup?lng=\">Vysk\u00fa\u0161ajte Talkpal zadarmo<\/a>\r\n<\/section>\n<div class=\"wp-block-group pageContainerStyle\"><div class=\"wp-block-group__inner-container is-layout-constrained wp-block-group-is-layout-constrained\">\n<h2 class=\"wp-block-heading\" id=\"h-marathi-grammar-topics\">Mar\u00e1th\u010dina Gramatick\u00e9 t\u00e9my<\/h2>\n\n\n\n<p><a href=\"https:\/\/talkpal.ai\/learn-marathi\/\">Mar\u00e1th\u010dina<\/a>, indo\u00e1rijsk\u00fd jazyk, sa hovor\u00ed preva\u017ene v indickom \u0161t\u00e1te Mah\u00e1ra\u0161tra a je \u00faradn\u00fdm jazykom regi\u00f3nu. <a href=\"https:\/\/talkpal.ai\/sk\/ucenie\/\">U\u010denie sa<\/a> mar\u00e1th\u010diny m\u00f4\u017ee by\u0165 obohacuj\u00facou sk\u00fasenos\u0165ou, preto\u017ee otv\u00e1ra dvere k bohatej kult\u00fare, hist\u00f3rii a literat\u00fare. Ak sa chcete efekt\u00edvne nau\u010di\u0165 mar\u00e1th\u010dinu, je d\u00f4le\u017eit\u00e9 ma\u0165 \u0161trukt\u00farovan\u00fd pr\u00edstup, ktor\u00fd sa zameriava na r\u00f4zne aspekty jazyka, ako je <a href=\"https:\/\/talkpal.ai\/sq\/gramatika\/\">gramatika<\/a>, slovn\u00e1 z\u00e1soba a v\u00fdslovnos\u0165. Tento \u010dl\u00e1nok v\u00e1s prevedie postupnos\u0165ou u\u010denia sa gramatick\u00fdch t\u00e9m mar\u00e1th\u010diny, po\u010dn\u00fac \u010dasmi, slovesami, podstatn\u00fdmi menami a pokra\u010duj\u00fac pokro\u010dilej\u0161\u00edmi pojmami, ako s\u00fa podmienen\u00e9 a predlo\u017eky.<\/p>\n\n\n\n<h3 class=\"wp-block-heading\" id=\"h-1-tenses\">1. \u010casy:<\/h3>\n\n\n\n<p>\u010casy s\u00fa chrbtovou kos\u0165ou ka\u017ed\u00e9ho jazyka, preto\u017ee pom\u00e1haj\u00fa vyjadrova\u0165 akcie alebo stavy vo vz\u0165ahu k \u010dasu. V mar\u00e1th\u010dine existuj\u00fa tri z\u00e1kladn\u00e9 \u010dasy \u2013 minul\u00fd, pr\u00edtomn\u00fd a bud\u00faci. Ka\u017ed\u00fd \u010das m\u00e1 r\u00f4zne formy pod\u013ea typu akcie (jednoduch\u00fd, kontinu\u00e1lny, dokonal\u00fd alebo dokonal\u00fd kontinu\u00e1lny). Za\u010dnite t\u00fdm, \u017ee sa nau\u010d\u00edte jednoduch\u00e9 \u010dasy a potom prejdite na zlo\u017eitej\u0161ie.<\/p>\n\n\n\n<h3 class=\"wp-block-heading\" id=\"h-2-tense-comparison\">2. Nap\u00e4t\u00e9 porovnanie:<\/h3>\n\n\n\n<p>Po pochopen\u00ed z\u00e1kladn\u00fdch \u010dasov je d\u00f4le\u017eit\u00e9 nau\u010di\u0165 sa ich porovn\u00e1va\u0165. Nap\u00e4t\u00e9 porovn\u00e1vanie v\u00e1m umo\u017e\u0148uje hovori\u0165 o viacer\u00fdch akci\u00e1ch alebo udalostiach, ktor\u00e9 sa vyskytuj\u00fa s\u00fa\u010dasne alebo v r\u00f4znych \u010dasov\u00fdch r\u00e1mcoch. To pom\u00e1ha pri vytv\u00e1ran\u00ed zlo\u017eit\u00fdch viet a vyjadrovan\u00ed \u0161ir\u0161ej \u0161k\u00e1ly my\u0161lienok.<\/p>\n\n\n\n<h3 class=\"wp-block-heading\" id=\"h-3-verbs\">3. Sloves\u00e1:<\/h3>\n\n\n\n<p>Sloves\u00e1 s\u00fa ak\u010dn\u00e9 slov\u00e1, ktor\u00e9 predstavuj\u00fa akciu alebo stav vo vete. V mar\u00e1th\u010dine sa sloves\u00e1 sklo\u0148uj\u00fa tak, aby nazna\u010dovali \u010das, aspekt, n\u00e1ladu a hlas. Nau\u010dte sa z\u00e1kladn\u00e9 pravidl\u00e1 \u010dasovania slovies a r\u00f4zne slovesn\u00e9 tvary, aby ste zlep\u0161ili svoje zru\u010dnosti pri stavan\u00ed viet.<\/p>\n\n\n\n<h3 class=\"wp-block-heading\" id=\"h-4-nouns\">4. Podstatn\u00e9 men\u00e1:<\/h3>\n\n\n\n<p>Podstatn\u00e9 men\u00e1 s\u00fa slov\u00e1, ktor\u00e9 predstavuj\u00fa \u013eud\u00ed, miesta, veci alebo my\u0161lienky. Mar\u00e1thske podstatn\u00e9 men\u00e1 maj\u00fa rod (mu\u017esk\u00fd, \u017eensk\u00fd alebo kastrovan\u00fd) a sklo\u0148uj\u00fa sa pre \u010d\u00edslo (jednotn\u00e9 alebo mno\u017en\u00e9 \u010d\u00edslo) a p\u00e1d (priame, \u0161ikm\u00e9 alebo privlast\u0148ovacie). Obozn\u00e1mte sa s r\u00f4znymi tvarmi podstatn\u00fdch mien a ich pou\u017e\u00edvan\u00edm vo vet\u00e1ch.<\/p>\n\n\n\n<h3 class=\"wp-block-heading\" id=\"h-5-articles\">5. \u010cl\u00e1nky:<\/h3>\n\n\n\n<p>Mar\u00e1th\u010dina nem\u00e1 \u010dleny ako &#8222;a&#8220;, &#8222;an&#8220; alebo &#8222;the&#8220;. Existuj\u00fa v\u0161ak demon\u0161trat\u00edvne z\u00e1men\u00e1 a determin\u00e1tory, ktor\u00e9 sl\u00fa\u017eia podobn\u00e9mu \u00fa\u010delu. Nau\u010dte sa pou\u017e\u00edva\u0165 tieto z\u00e1men\u00e1 a determin\u00e1tory na ur\u010denie alebo identifik\u00e1ciu podstatn\u00fdch mien vo vete.<\/p>\n\n\n\n<h3 class=\"wp-block-heading\" id=\"h-6-pronouns-determiners\">6. Z\u00e1men\u00e1\/determin\u00e1tory:<\/h3>\n\n\n\n<p>Z\u00e1men\u00e1 nahr\u00e1dzaj\u00fa podstatn\u00e9 men\u00e1, aby sa zabr\u00e1nilo opakovaniu, zatia\u013e \u010do determin\u00e1tory \u0161pecifikuj\u00fa alebo obmedzuj\u00fa v\u00fdznam podstatn\u00fdch mien. V mar\u00e1th\u010dine sa z\u00e1men\u00e1 a determin\u00e1tory zhoduj\u00fa v rode a \u010d\u00edsle s podstatn\u00fdm menom, ktor\u00e9 nahr\u00e1dzaj\u00fa alebo upravuj\u00fa. Nau\u010dte sa r\u00f4zne formy a ich vhodn\u00e9 pou\u017eitie, aby ste zlep\u0161ili svoju vetn\u00fa kon\u0161trukciu.<\/p>\n\n\n\n<h3 class=\"wp-block-heading\" id=\"h-7-adjectives\">7. Pr\u00eddavn\u00e9 men\u00e1:<\/h3>\n\n\n\n<p>Pr\u00eddavn\u00e9 men\u00e1 opisuj\u00fa alebo upravuj\u00fa podstatn\u00e9 men\u00e1, pri\u010dom poskytuj\u00fa \u010fal\u0161ie inform\u00e1cie o ich vlastnostiach alebo atrib\u00fatoch. V mar\u00e1th\u010dine sa pr\u00eddavn\u00e9 men\u00e1 zhoduj\u00fa v rode a \u010d\u00edsle s podstatn\u00fdm menom, ktor\u00e9 upravuj\u00fa. Nau\u010dte sa r\u00f4zne tvary pr\u00eddavn\u00fdch mien a ich spr\u00e1vne pou\u017e\u00edvanie vo vet\u00e1ch.<\/p>\n\n\n\n<h3 class=\"wp-block-heading\" id=\"h-8-adverbs\">8. Pr\u00edslovky:<\/h3>\n\n\n\n<p>Pr\u00edslovky poskytuj\u00fa \u010fal\u0161ie inform\u00e1cie o sloves\u00e1ch, pr\u00eddavn\u00fdch men\u00e1ch alebo in\u00fdch pr\u00edslovk\u00e1ch, ktor\u00e9 opisuj\u00fa, ako, kedy, kde alebo do akej miery sa nie\u010do deje. Nau\u010dte sa r\u00f4zne typy pr\u00edsloviek a ich umiestnenie vo vet\u00e1ch, aby ste zlep\u0161ili svoje jazykov\u00e9 znalosti.<\/p>\n\n\n\n<h3 class=\"wp-block-heading\" id=\"h-9-conditionals\">9. Podmienky:<\/h3>\n\n\n\n<p>Podmienen\u00e9 vyjadruj\u00fa hypotetick\u00e9 situ\u00e1cie alebo podmienky a ich mo\u017en\u00e9 d\u00f4sledky. V Marathi existuj\u00fa tri typy podmienen\u00fdch podmienok &#8211; skuto\u010dn\u00e9, neskuto\u010dn\u00e9 a zmie\u0161an\u00e9. Nau\u010dte sa \u0161trukt\u00faru a pou\u017eitie ka\u017ed\u00e9ho typu na vyjadrenie zlo\u017eit\u00fdch my\u0161lienok a situ\u00e1ci\u00ed.<\/p>\n\n\n\n<h3 class=\"wp-block-heading\" id=\"h-10-prepositions\">10. Predlo\u017eky:<\/h3>\n\n\n\n<p>Predlo\u017eky s\u00fa slov\u00e1, ktor\u00e9 ukazuj\u00fa vz\u0165ah medzi podstatn\u00fdmi menami (alebo z\u00e1menami) a in\u00fdmi slovami vo vete. Ozna\u010duj\u00fa miesto, smer, \u010das alebo in\u00e9 vz\u0165ahy. Nau\u010dte sa be\u017en\u00e9 predlo\u017eky v mar\u00e1th\u010dine a ich pou\u017eitie vo vet\u00e1ch.<\/p>\n\n\n\n<h3 class=\"wp-block-heading\" id=\"h-11-sentences\">11. Vety:<\/h3>\n\n\n\n<p>Nakoniec si precvi\u010dte vytv\u00e1ranie jednoduch\u00fdch a zlo\u017eit\u00fdch viet pomocou gramatick\u00fdch pravidiel a slovnej z\u00e1soby, ktor\u00fa ste sa nau\u010dili. Zamerajte sa na \u0161trukt\u00faru vety.<\/p>\n<\/div><\/div>\n\r\n<section class=\"learnNavigationSection\">\r\n            \r\n        <a href=\"https:\/\/talkpal.ai\/sk\/naucte-sa-marathcinu\/\">\r\n            <div class=\"learnNavigationWrapper\">\r\n                <div class=\"learnNavigationContent\">\r\n                    <img decoding=\"async\" src=\"https:\/\/talkpal.ai\/wp-content\/uploads\/2023\/05\/Marathi-india.png\" alt=\"TalkPal Marathi Flag\">\r\n                    <div>\r\n                        <h4>O \u0161t\u00fadiu mar\u00e1th\u010diny<\/h4>\r\n                        <p>Zistite v\u0161etko o mar\u00e1thskej gramatike.<\/p>\r\n                    <\/div>\r\n                <\/div>\r\n            <\/div>\r\n        <\/a>\r\n\r\n        \r\n        <a href=\"https:\/\/talkpal.ai\/sk\/marathska-gramatika\/\">\r\n            <div class=\"learnNavigationWrapper\">\r\n                <div class=\"learnNavigationContent\">\r\n                    <img decoding=\"async\" src=\"https:\/\/talkpal.ai\/wp-content\/uploads\/2023\/05\/Marathi-india.png\" alt=\"TalkPal Marathi Flag\">\r\n                    <div>\r\n                        <h4>Lekcie mar\u00e1thskej gramatiky<\/h4>\r\n                        <p>Precvi\u010dte si mar\u00e1thsku gramatiku.<\/p>\r\n                    <\/div>\r\n                <\/div>\r\n            <\/div>\r\n        <\/a>\r\n\r\n        \r\n        <a href=\"https:\/\/talkpal.ai\/vocabulary_language\/marathi\/\">\r\n            <div class=\"learnNavigationWrapper\">\r\n                <div class=\"learnNavigationContent\">\r\n                    <img decoding=\"async\" src=\"https:\/\/talkpal.ai\/wp-content\/uploads\/2023\/05\/Marathi-india.png\" alt=\"TalkPal Marathi Flag\">\r\n                    <div>\r\n                        <h4>Mar\u00e1th\u010dina slovn\u00e1 z\u00e1soba<\/h4>\r\n                        <p>Roz\u0161\u00edrte si slovn\u00fa z\u00e1sobu mar\u00e1th\u010diny.<\/p>\r\n                    <\/div>\r\n                <\/div>\r\n            <\/div>\r\n        <\/a>\r\n\r\n            <\/section>","protected":false},"excerpt":{"rendered":"<p>Mar\u00e1th\u010dina Gramatick\u00e9 t\u00e9my Mar\u00e1th\u010dina, indo\u00e1rijsk\u00fd jazyk, sa hovor\u00ed preva\u017ene v indickom \u0161t\u00e1te Mah\u00e1ra\u0161tra a je \u00faradn\u00fdm jazykom regi\u00f3nu. U\u010denie sa mar\u00e1th\u010diny m\u00f4\u017ee by\u0165 obohacuj\u00facou sk\u00fasenos\u0165ou, preto\u017ee otv\u00e1ra dvere k bohatej kult\u00fare, hist\u00f3rii a literat\u00fare. Ak sa chcete efekt\u00edvne nau\u010di\u0165 mar\u00e1th\u010dinu, je d\u00f4le\u017eit\u00e9 ma\u0165 \u0161trukt\u00farovan\u00fd pr\u00edstup, ktor\u00fd sa zameriava na r\u00f4zne aspekty jazyka, ako je gramatika, [&hellip;]<\/p>\n","protected":false},"author":6,"featured_media":116374,"parent":0,"menu_order":0,"comment_status":"closed","ping_status":"closed","template":"LearningContentPage.php","meta":{"_acf_changed":false,"footnotes":""},"class_list":["post-159239","page","type-page","status-publish","has-post-thumbnail","hentry"],"acf":[],"yoast_head":"<!-- This site is optimized with the Yoast SEO Premium plugin v27.2 (Yoast SEO v27.2) - https:\/\/yoast.com\/product\/yoast-seo-premium-wordpress\/ -->\n<title>Mar\u00e1thske gramatick\u00e9 cvi\u010denia - Talkpal<\/title>\n<meta name=\"description\" content=\"Zlep\u0161ite svoje znalosti mar\u00e1th\u010diny pomocou p\u00fatav\u00fdch cvi\u010den\u00ed mar\u00e1thskej gramatiky ur\u010den\u00fdch pre \u0161tudentov v\u0161etk\u00fdch \u00farovn\u00ed.\" \/>\n<meta name=\"robots\" content=\"index, follow, max-snippet:-1, max-image-preview:large, max-video-preview:-1\" \/>\n<link rel=\"canonical\" href=\"https:\/\/talkpal.ai\/sk\/marathske-gramaticke-cvicenia\/\" \/>\n<meta property=\"og:locale\" content=\"sk_SK\" \/>\n<meta property=\"og:type\" content=\"article\" \/>\n<meta property=\"og:title\" content=\"Mar\u00e1thske gramatick\u00e9 cvi\u010denia\" \/>\n<meta property=\"og:description\" content=\"Mar\u00e1th\u010dina Gramatick\u00e9 t\u00e9my Mar\u00e1th\u010dina, indo\u00e1rijsk\u00fd jazyk, sa hovor\u00ed preva\u017ene v indickom \u0161t\u00e1te Mah\u00e1ra\u0161tra a je \u00faradn\u00fdm jazykom regi\u00f3nu. U\u010denie sa\" \/>\n<meta property=\"og:url\" content=\"https:\/\/talkpal.ai\/sk\/marathske-gramaticke-cvicenia\/\" \/>\n<meta property=\"og:site_name\" content=\"Talkpal\" \/>\n<meta property=\"article:publisher\" content=\"https:\/\/www.facebook.com\/profile.php?id=100090733639311\" \/>\n<meta property=\"article:modified_time\" content=\"2025-12-17T15:24:30+00:00\" \/>\n<meta property=\"og:image\" content=\"https:\/\/talkpal.ai\/wp-content\/uploads\/2023\/05\/Marathi-india.png\" \/>\n\t<meta property=\"og:image:width\" content=\"512\" \/>\n\t<meta property=\"og:image:height\" content=\"512\" \/>\n\t<meta property=\"og:image:type\" content=\"image\/png\" \/>\n<meta name=\"twitter:card\" content=\"summary_large_image\" \/>\n<meta name=\"twitter:site\" content=\"@talkpalai\" \/>\n<meta name=\"twitter:label1\" content=\"Predpokladan\u00fd \u010das \u010d\u00edtania\" \/>\n\t<meta name=\"twitter:data1\" content=\"4 min\u00faty\" \/>\n<script type=\"application\/ld+json\" class=\"yoast-schema-graph\">{\"@context\":\"https:\/\/schema.org\",\"@graph\":[{\"@type\":\"WebPage\",\"@id\":\"https:\/\/talkpal.ai\/sk\/marathske-gramaticke-cvicenia\/\",\"url\":\"https:\/\/talkpal.ai\/sk\/marathske-gramaticke-cvicenia\/\",\"name\":\"Mar\u00e1thske gramatick\u00e9 cvi\u010denia - Talkpal\",\"isPartOf\":{\"@id\":\"https:\/\/talkpal.ai\/sk\/#website\"},\"primaryImageOfPage\":{\"@id\":\"https:\/\/talkpal.ai\/sk\/marathske-gramaticke-cvicenia\/#primaryimage\"},\"image\":{\"@id\":\"https:\/\/talkpal.ai\/sk\/marathske-gramaticke-cvicenia\/#primaryimage\"},\"thumbnailUrl\":\"https:\/\/talkpal.ai\/wp-content\/uploads\/2023\/05\/Marathi-india.png\",\"datePublished\":\"2023-06-22T08:37:16+00:00\",\"dateModified\":\"2025-12-17T15:24:30+00:00\",\"description\":\"Zlep\u0161ite svoje znalosti mar\u00e1th\u010diny pomocou p\u00fatav\u00fdch cvi\u010den\u00ed mar\u00e1thskej gramatiky ur\u010den\u00fdch pre \u0161tudentov v\u0161etk\u00fdch \u00farovn\u00ed.\",\"breadcrumb\":{\"@id\":\"https:\/\/talkpal.ai\/sk\/marathske-gramaticke-cvicenia\/#breadcrumb\"},\"inLanguage\":\"sk-SK\",\"potentialAction\":[{\"@type\":\"ReadAction\",\"target\":[\"https:\/\/talkpal.ai\/sk\/marathske-gramaticke-cvicenia\/\"]}]},{\"@type\":\"ImageObject\",\"inLanguage\":\"sk-SK\",\"@id\":\"https:\/\/talkpal.ai\/sk\/marathske-gramaticke-cvicenia\/#primaryimage\",\"url\":\"https:\/\/talkpal.ai\/wp-content\/uploads\/2023\/05\/Marathi-india.png\",\"contentUrl\":\"https:\/\/talkpal.ai\/wp-content\/uploads\/2023\/05\/Marathi-india.png\",\"width\":512,\"height\":512},{\"@type\":\"BreadcrumbList\",\"@id\":\"https:\/\/talkpal.ai\/sk\/marathske-gramaticke-cvicenia\/#breadcrumb\",\"itemListElement\":[{\"@type\":\"ListItem\",\"position\":1,\"name\":\"Homepage\",\"item\":\"https:\/\/talkpal.ai\/sk\/\"},{\"@type\":\"ListItem\",\"position\":2,\"name\":\"Mar\u00e1thske gramatick\u00e9 cvi\u010denia\"}]},{\"@type\":\"WebSite\",\"@id\":\"https:\/\/talkpal.ai\/sk\/#website\",\"url\":\"https:\/\/talkpal.ai\/sk\/\",\"name\":\"Talkpal\",\"description\":\"AI Language Learning\",\"publisher\":{\"@id\":\"https:\/\/talkpal.ai\/sk\/#organization\"},\"alternateName\":\"Talkpal AI\",\"potentialAction\":[{\"@type\":\"SearchAction\",\"target\":{\"@type\":\"EntryPoint\",\"urlTemplate\":\"https:\/\/talkpal.ai\/sk\/?s={search_term_string}\"},\"query-input\":{\"@type\":\"PropertyValueSpecification\",\"valueRequired\":true,\"valueName\":\"search_term_string\"}}],\"inLanguage\":\"sk-SK\"},{\"@type\":\"Organization\",\"@id\":\"https:\/\/talkpal.ai\/sk\/#organization\",\"name\":\"Talkpal, Inc.\",\"alternateName\":\"Talkpal AI\",\"url\":\"https:\/\/talkpal.ai\/sk\/\",\"logo\":{\"@type\":\"ImageObject\",\"inLanguage\":\"sk-SK\",\"@id\":\"https:\/\/talkpal.ai\/sk\/#\/schema\/logo\/image\/\",\"url\":\"https:\/\/talkpal.ai\/wp-content\/uploads\/2024\/03\/Talkpal-Logo-Icon.png\",\"contentUrl\":\"https:\/\/talkpal.ai\/wp-content\/uploads\/2024\/03\/Talkpal-Logo-Icon.png\",\"width\":2880,\"height\":2880,\"caption\":\"Talkpal, Inc.\"},\"image\":{\"@id\":\"https:\/\/talkpal.ai\/sk\/#\/schema\/logo\/image\/\"},\"sameAs\":[\"https:\/\/www.facebook.com\/profile.php?id=100090733639311\",\"https:\/\/x.com\/talkpalai\",\"https:\/\/www.linkedin.com\/company\/talkpal\/\",\"https:\/\/www.youtube.com\/@TalkPal\/\",\"https:\/\/www.tiktok.com\/@talkpal\",\"https:\/\/www.instagram.com\/talkpal_ai\/\",\"https:\/\/www.crunchbase.com\/organization\/talkpal-9cde\",\"https:\/\/www.g2.com\/products\/talkpal-for-business\/\",\"https:\/\/www.trustpilot.com\/review\/talkpal.ai\",\"https:\/\/www.capterra.com\/p\/10006800\/TalkPal\/\"],\"description\":\"Talkpal is a language learning web and mobile education app, powered by the latest AI technologies, that provides engaging experiences to its customers in many different languages to help them improve their language skills. Users can chat about unlimited amount of topics with the app and use other modes to practice their language learning.\",\"email\":\"support@talkpal.ai\",\"legalName\":\"Talkpal, Inc.\",\"foundingDate\":\"2023-04-03\",\"duns\":\"118989042\",\"numberOfEmployees\":{\"@type\":\"QuantitativeValue\",\"minValue\":\"11\",\"maxValue\":\"50\"},\"publishingPrinciples\":\"https:\/\/talkpal.ai\/publishing-principles\/\",\"actionableFeedbackPolicy\":\"https:\/\/talkpal.ai\/actionable-feedback-policy\/\",\"correctionsPolicy\":\"https:\/\/talkpal.ai\/corrections-policy\/\",\"ethicsPolicy\":\"https:\/\/talkpal.ai\/ethics-policy\/\",\"diversityPolicy\":\"https:\/\/talkpal.ai\/diversity-policy\/\",\"diversityStaffingReport\":\"https:\/\/talkpal.ai\/diversity-policy\/\"}]}<\/script>\n<!-- \/ Yoast SEO Premium plugin. -->","yoast_head_json":{"title":"Mar\u00e1thske gramatick\u00e9 cvi\u010denia - Talkpal","description":"Zlep\u0161ite svoje znalosti mar\u00e1th\u010diny pomocou p\u00fatav\u00fdch cvi\u010den\u00ed mar\u00e1thskej gramatiky ur\u010den\u00fdch pre \u0161tudentov v\u0161etk\u00fdch \u00farovn\u00ed.","robots":{"index":"index","follow":"follow","max-snippet":"max-snippet:-1","max-image-preview":"max-image-preview:large","max-video-preview":"max-video-preview:-1"},"canonical":"https:\/\/talkpal.ai\/sk\/marathske-gramaticke-cvicenia\/","og_locale":"sk_SK","og_type":"article","og_title":"Mar\u00e1thske gramatick\u00e9 cvi\u010denia","og_description":"Mar\u00e1th\u010dina Gramatick\u00e9 t\u00e9my Mar\u00e1th\u010dina, indo\u00e1rijsk\u00fd jazyk, sa hovor\u00ed preva\u017ene v indickom \u0161t\u00e1te Mah\u00e1ra\u0161tra a je \u00faradn\u00fdm jazykom regi\u00f3nu. U\u010denie sa","og_url":"https:\/\/talkpal.ai\/sk\/marathske-gramaticke-cvicenia\/","og_site_name":"Talkpal","article_publisher":"https:\/\/www.facebook.com\/profile.php?id=100090733639311","article_modified_time":"2025-12-17T15:24:30+00:00","og_image":[{"width":512,"height":512,"url":"https:\/\/talkpal.ai\/wp-content\/uploads\/2023\/05\/Marathi-india.png","type":"image\/png"}],"twitter_card":"summary_large_image","twitter_site":"@talkpalai","twitter_misc":{"Predpokladan\u00fd \u010das \u010d\u00edtania":"4 min\u00faty"},"schema":{"@context":"https:\/\/schema.org","@graph":[{"@type":"WebPage","@id":"https:\/\/talkpal.ai\/sk\/marathske-gramaticke-cvicenia\/","url":"https:\/\/talkpal.ai\/sk\/marathske-gramaticke-cvicenia\/","name":"Mar\u00e1thske gramatick\u00e9 cvi\u010denia - Talkpal","isPartOf":{"@id":"https:\/\/talkpal.ai\/sk\/#website"},"primaryImageOfPage":{"@id":"https:\/\/talkpal.ai\/sk\/marathske-gramaticke-cvicenia\/#primaryimage"},"image":{"@id":"https:\/\/talkpal.ai\/sk\/marathske-gramaticke-cvicenia\/#primaryimage"},"thumbnailUrl":"https:\/\/talkpal.ai\/wp-content\/uploads\/2023\/05\/Marathi-india.png","datePublished":"2023-06-22T08:37:16+00:00","dateModified":"2025-12-17T15:24:30+00:00","description":"Zlep\u0161ite svoje znalosti mar\u00e1th\u010diny pomocou p\u00fatav\u00fdch cvi\u010den\u00ed mar\u00e1thskej gramatiky ur\u010den\u00fdch pre \u0161tudentov v\u0161etk\u00fdch \u00farovn\u00ed.","breadcrumb":{"@id":"https:\/\/talkpal.ai\/sk\/marathske-gramaticke-cvicenia\/#breadcrumb"},"inLanguage":"sk-SK","potentialAction":[{"@type":"ReadAction","target":["https:\/\/talkpal.ai\/sk\/marathske-gramaticke-cvicenia\/"]}]},{"@type":"ImageObject","inLanguage":"sk-SK","@id":"https:\/\/talkpal.ai\/sk\/marathske-gramaticke-cvicenia\/#primaryimage","url":"https:\/\/talkpal.ai\/wp-content\/uploads\/2023\/05\/Marathi-india.png","contentUrl":"https:\/\/talkpal.ai\/wp-content\/uploads\/2023\/05\/Marathi-india.png","width":512,"height":512},{"@type":"BreadcrumbList","@id":"https:\/\/talkpal.ai\/sk\/marathske-gramaticke-cvicenia\/#breadcrumb","itemListElement":[{"@type":"ListItem","position":1,"name":"Homepage","item":"https:\/\/talkpal.ai\/sk\/"},{"@type":"ListItem","position":2,"name":"Mar\u00e1thske gramatick\u00e9 cvi\u010denia"}]},{"@type":"WebSite","@id":"https:\/\/talkpal.ai\/sk\/#website","url":"https:\/\/talkpal.ai\/sk\/","name":"Talkpal","description":"AI Language Learning","publisher":{"@id":"https:\/\/talkpal.ai\/sk\/#organization"},"alternateName":"Talkpal AI","potentialAction":[{"@type":"SearchAction","target":{"@type":"EntryPoint","urlTemplate":"https:\/\/talkpal.ai\/sk\/?s={search_term_string}"},"query-input":{"@type":"PropertyValueSpecification","valueRequired":true,"valueName":"search_term_string"}}],"inLanguage":"sk-SK"},{"@type":"Organization","@id":"https:\/\/talkpal.ai\/sk\/#organization","name":"Talkpal, Inc.","alternateName":"Talkpal AI","url":"https:\/\/talkpal.ai\/sk\/","logo":{"@type":"ImageObject","inLanguage":"sk-SK","@id":"https:\/\/talkpal.ai\/sk\/#\/schema\/logo\/image\/","url":"https:\/\/talkpal.ai\/wp-content\/uploads\/2024\/03\/Talkpal-Logo-Icon.png","contentUrl":"https:\/\/talkpal.ai\/wp-content\/uploads\/2024\/03\/Talkpal-Logo-Icon.png","width":2880,"height":2880,"caption":"Talkpal, Inc."},"image":{"@id":"https:\/\/talkpal.ai\/sk\/#\/schema\/logo\/image\/"},"sameAs":["https:\/\/www.facebook.com\/profile.php?id=100090733639311","https:\/\/x.com\/talkpalai","https:\/\/www.linkedin.com\/company\/talkpal\/","https:\/\/www.youtube.com\/@TalkPal\/","https:\/\/www.tiktok.com\/@talkpal","https:\/\/www.instagram.com\/talkpal_ai\/","https:\/\/www.crunchbase.com\/organization\/talkpal-9cde","https:\/\/www.g2.com\/products\/talkpal-for-business\/","https:\/\/www.trustpilot.com\/review\/talkpal.ai","https:\/\/www.capterra.com\/p\/10006800\/TalkPal\/"],"description":"Talkpal is a language learning web and mobile education app, powered by the latest AI technologies, that provides engaging experiences to its customers in many different languages to help them improve their language skills. Users can chat about unlimited amount of topics with the app and use other modes to practice their language learning.","email":"support@talkpal.ai","legalName":"Talkpal, Inc.","foundingDate":"2023-04-03","duns":"118989042","numberOfEmployees":{"@type":"QuantitativeValue","minValue":"11","maxValue":"50"},"publishingPrinciples":"https:\/\/talkpal.ai\/publishing-principles\/","actionableFeedbackPolicy":"https:\/\/talkpal.ai\/actionable-feedback-policy\/","correctionsPolicy":"https:\/\/talkpal.ai\/corrections-policy\/","ethicsPolicy":"https:\/\/talkpal.ai\/ethics-policy\/","diversityPolicy":"https:\/\/talkpal.ai\/diversity-policy\/","diversityStaffingReport":"https:\/\/talkpal.ai\/diversity-policy\/"}]}},"_links":{"self":[{"href":"https:\/\/talkpal.ai\/sk\/wp-json\/wp\/v2\/pages\/159239","targetHints":{"allow":["GET"]}}],"collection":[{"href":"https:\/\/talkpal.ai\/sk\/wp-json\/wp\/v2\/pages"}],"about":[{"href":"https:\/\/talkpal.ai\/sk\/wp-json\/wp\/v2\/types\/page"}],"author":[{"embeddable":true,"href":"https:\/\/talkpal.ai\/sk\/wp-json\/wp\/v2\/users\/6"}],"replies":[{"embeddable":true,"href":"https:\/\/talkpal.ai\/sk\/wp-json\/wp\/v2\/comments?post=159239"}],"version-history":[{"count":0,"href":"https:\/\/talkpal.ai\/sk\/wp-json\/wp\/v2\/pages\/159239\/revisions"}],"wp:featuredmedia":[{"embeddable":true,"href":"https:\/\/talkpal.ai\/sk\/wp-json\/wp\/v2\/media\/116374"}],"wp:attachment":[{"href":"https:\/\/talkpal.ai\/sk\/wp-json\/wp\/v2\/media?parent=159239"}],"curies":[{"name":"wp","href":"https:\/\/api.w.org\/{rel}","templated":true}]}}