{"id":158957,"date":"2023-06-22T08:43:13","date_gmt":"2023-06-22T08:43:13","guid":{"rendered":"http:\/\/talkpal.ai\/maorske-gramaticke-cvicenia\/"},"modified":"2025-12-17T14:34:25","modified_gmt":"2025-12-17T14:34:25","slug":"maorske-gramaticke-cvicenia","status":"publish","type":"page","link":"https:\/\/talkpal.ai\/sk\/maorske-gramaticke-cvicenia\/","title":{"rendered":"Maorsk\u00e9 gramatick\u00e9 cvi\u010denia"},"content":{"rendered":"\r\n\r\n\r\n<section class=\"languageChallengeSection\">\r\n    <div class=\"languageInfoWrapper\">\r\n        \r\n        <h1>Maorsk\u00e9 gramatick\u00e9 cvi\u010denia<\/h1>\r\n        <p>Chcete posilni\u0165 svoje zru\u010dnosti te reo <a href=\"https:\/\/talkpal.ai\/learn-maori\/\">maori<\/a>? Precvi\u010dovanie gramatick\u00fdch cvi\u010den\u00ed je skvel\u00fd sp\u00f4sob, ako pochopi\u0165 \u0161trukt\u00faru vety, slovesn\u00e9 tvary a k\u013e\u00fa\u010dov\u00e9 vzorce jazyka. Za\u010dnite sk\u00fama\u0165 maorsk\u00fa gramatiku e\u0161te dnes a sledujte, ako s ka\u017ed\u00fdm nov\u00fdm cvi\u010den\u00edm rastie va\u0161a sebad\u00f4vera a schopnosti!<\/p>\r\n\r\n                            <a class=\"getStartedHidden\" href=\"https:\/\/app.talkpal.ai\/sk\/signup?lng=\">Za\u010dni<\/a>\r\n        \r\n    <\/div>\r\n\r\n    <figure>\r\n    <img decoding=\"async\" width=\"768\" height=\"768\" src=\"https:\/\/talkpal.ai\/wp-content\/uploads\/2023\/06\/maori-768x768.png\" class=\"languageImage no-lazy\" alt=\"Language learning for social and professional settings\" fetchpriority=\"high\" sizes=\"(max-width: 768px) 150px, 768px\" srcset=\"https:\/\/talkpal.ai\/wp-content\/uploads\/2023\/06\/maori-768x768.png 768w, https:\/\/talkpal.ai\/wp-content\/uploads\/2023\/06\/maori-300x300.png 300w\" \/>\r\n    \r\n\r\n    <\/figure>\r\n\r\n            <a class=\"getStartedVisible\" href=\"https:\/\/app.talkpal.ai\/sk\/signup?lng=\">Za\u010dni<\/a>\r\n    \r\n<\/section>\r\n\r\n\r\n<!-- <section class=\"grammarSection\">\r\n    <div class=\"grammarLinks\">\r\n            <\/div>\r\n<\/section> -->\r\n\r\n\r\n\r\n\r\n<section class=\"promotionalBanner\">\r\n    <p class=\"promotionalText\">Najefekt\u00edvnej\u0161\u00ed sp\u00f4sob, ako sa nau\u010di\u0165 jazyk<\/p>\r\n    <a class=\"promotionalLink\" href=\"https:\/\/app.talkpal.ai\/sk\/signup?lng=\">Vysk\u00fa\u0161ajte Talkpal zadarmo<\/a>\r\n<\/section>\n<div class=\"wp-block-group pageContainerStyle\"><div class=\"wp-block-group__inner-container is-layout-constrained wp-block-group-is-layout-constrained\">\n<h2 class=\"wp-block-heading\" id=\"h-maori-grammar-topics\">T\u00e9my maorskej gramatiky<\/h2>\n\n\n\n<p>Maorsk\u00fd jazyk, zn\u00e1my ako te reo Maori, je v\u00fdchodn\u00fd polyn\u00e9zsky jazyk p\u00f4vodom z Nov\u00e9ho Z\u00e9landu. Ako \u00faradn\u00fd jazyk krajiny nesie bohat\u00e9 kult\u00farne dedi\u010dstvo a jedine\u010dn\u00e9 jazykov\u00e9 \u010drty. U\u010denie maorskej gramatiky je nevyhnutn\u00e9 pre pochopenie a efekt\u00edvnu komunik\u00e1ciu v jazyku. T\u00e1to pr\u00edru\u010dka poskytuje preh\u013ead k\u013e\u00fa\u010dov\u00fdch t\u00e9m maorskej gramatiky, usporiadan\u00fdch v porad\u00ed navrhnutom tak, aby u\u013eah\u010dil v\u00e1\u0161 proces u\u010denia. Od \u010dasov a slovies a\u017e po pr\u00eddavn\u00e9 men\u00e1 a predlo\u017eky, t\u00e1to pr\u00edru\u010dka v\u00e1m pom\u00f4\u017ee pochopi\u0165 z\u00e1kladn\u00e9 prvky maorskej gramatiky a vyda\u0165 sa na cestu u\u010denia sa jazykov.<\/p>\n\n\n\n<h3 class=\"wp-block-heading\" id=\"h-1-tenses\">1. \u010casy:<\/h3>\n\n\n\n<p>V maor\u010dine existuj\u00fa dva prim\u00e1rne \u010dasy &#8211; minul\u00fd a neminul\u00fd. Minul\u00fd \u010das ozna\u010duje akcie alebo udalosti, ktor\u00e9 sa u\u017e stali, zatia\u013e \u010do minul\u00fd \u010das zah\u0155\u0148a s\u00fa\u010dasn\u00e9 aj bud\u00face akcie. Pochopenie t\u00fdchto \u010dasov je rozhoduj\u00face pre vytv\u00e1ranie viet a presn\u00e9 vyjadrenie v\u00fdznamu.<\/p>\n\n\n\n<h3 class=\"wp-block-heading\" id=\"h-2-tense-comparison\">2. Nap\u00e4t\u00e9 porovnanie:<\/h3>\n\n\n\n<p>Pri porovn\u00e1van\u00ed \u010dasov v maorskom jazyku je d\u00f4le\u017eit\u00e9 pochopi\u0165, ako tvori\u0165 vety pomocou r\u00f4znych \u010dasov a ako ich vhodne porovn\u00e1va\u0165. Tieto znalosti v\u00e1m pom\u00f4\u017eu vyjadri\u0165 akcie a udalosti v r\u00f4znych \u010dasov\u00fdch kontextoch.<\/p>\n\n\n\n<h3 class=\"wp-block-heading\" id=\"h-3-progressive\">3. Progres\u00edvne:<\/h3>\n\n\n\n<p>Progres\u00edvny aspekt v maor\u010dine nazna\u010duje prebiehaj\u00face alebo nepretr\u017eit\u00e9 akcie. Nau\u010di\u0165 sa, ako pou\u017e\u00edva\u0165 progres\u00edvny aspekt, v\u00e1m umo\u017en\u00ed op\u00edsa\u0165 akcie, ktor\u00e9 sa pr\u00e1ve dej\u00fa, a prida\u0165 h\u013abku va\u0161ej komunik\u00e1cii.<\/p>\n\n\n\n<h3 class=\"wp-block-heading\" id=\"h-4-perfect-progressive\">4. Perfektne progres\u00edvne:<\/h3>\n\n\n\n<p>Perfektn\u00fd progres\u00edvny aspekt kombinuje prvky dokonal\u00fdch aj progres\u00edvnych aspektov, \u010do nazna\u010duje akcie, ktor\u00e9 prebiehali, ale teraz s\u00fa dokon\u010den\u00e9. Zvl\u00e1dnutie tohto aspektu v\u00e1m pom\u00f4\u017ee sprostredkova\u0165 zlo\u017eitej\u0161ie my\u0161lienky a situ\u00e1cie.<\/p>\n\n\n\n<h3 class=\"wp-block-heading\" id=\"h-5-verbs\">5. Sloves\u00e1:<\/h3>\n\n\n\n<p>Sloves\u00e1 s\u00fa rozhoduj\u00face pre kon\u0161trukciu viet a vyjadrenie \u010dinov alebo stavov bytia v Maori. Obozn\u00e1menie sa so slovesn\u00fdm \u010dasovan\u00edm, be\u017en\u00fdmi slovesami a ich pou\u017e\u00edvan\u00edm je nevyhnutn\u00e9 pre efekt\u00edvnu komunik\u00e1ciu.<\/p>\n\n\n\n<h3 class=\"wp-block-heading\" id=\"h-6-nouns\">6. Podstatn\u00e9 men\u00e1:<\/h3>\n\n\n\n<p>Podstatn\u00e9 men\u00e1 s\u00fa z\u00e1kladom ka\u017ed\u00e9ho jazyka, predstavuj\u00fa \u013eud\u00ed, miesta, veci alebo my\u0161lienky. <a href=\"https:\/\/talkpal.ai\/sk\/ucenie\/\">U\u010denie sa<\/a> maorsk\u00fdch podstatn\u00fdch mien v\u00e1m pom\u00f4\u017ee vybudova\u0165 si slovn\u00fa z\u00e1sobu a zlep\u0161i\u0165 celkov\u00e9 porozumenie jazyka.<\/p>\n\n\n\n<h3 class=\"wp-block-heading\" id=\"h-7-articles\">7. \u010cl\u00e1nky:<\/h3>\n\n\n\n<p>Maori pou\u017e\u00edva \u010dl\u00e1nky na ur\u010denie ur\u010ditosti alebo neur\u010ditosti podstatn\u00e9ho mena. Pochopenie pou\u017e\u00edvania \u010dl\u00e1nkov v\u00e1m pom\u00f4\u017ee zostavi\u0165 vety s jasnos\u0165ou a presnos\u0165ou.<\/p>\n\n\n\n<h3 class=\"wp-block-heading\" id=\"h-8-pronouns-determiners\">8. Z\u00e1men\u00e1\/determin\u00e1tory:<\/h3>\n\n\n\n<p>Z\u00e1men\u00e1 a determin\u00e1tory hraj\u00fa d\u00f4le\u017eit\u00fa \u00falohu v maorskej gramatike a pom\u00e1haj\u00fa identifikova\u0165 alebo \u0161pecifikova\u0165 podstatn\u00e9 meno. Zozn\u00e1mte sa s r\u00f4znymi z\u00e1menami a determin\u00e1tormi, aby ste zlep\u0161ili svoje jazykov\u00e9 zru\u010dnosti.<\/p>\n\n\n\n<h3 class=\"wp-block-heading\" id=\"h-9-adjectives\">9. Pr\u00eddavn\u00e9 men\u00e1:<\/h3>\n\n\n\n<p>Pr\u00eddavn\u00e9 men\u00e1 poskytuj\u00fa opisy, vlastnosti alebo atrib\u00faty podstatn\u00fdch mien. U\u010denie sa maorsk\u00fdch pr\u00eddavn\u00fdch mien v\u00e1m umo\u017en\u00ed vyjadri\u0165 podrobnej\u0161ie a jemnej\u0161ie my\u0161lienky.<\/p>\n\n\n\n<h3 class=\"wp-block-heading\" id=\"h-10-adverbs\">10. Pr\u00edslovky:<\/h3>\n\n\n\n<p>Pr\u00edslovky upravuj\u00fa sloves\u00e1, pr\u00eddavn\u00e9 men\u00e1 alebo in\u00e9 pr\u00edslovky a poskytuj\u00fa \u010fal\u0161ie inform\u00e1cie o \u010dinnostiach alebo vlastnostiach. Zvl\u00e1dnutie maorsk\u00fdch pr\u00edsloviek v\u00e1m pom\u00f4\u017ee efekt\u00edvnej\u0161ie vyjadri\u0165 v\u00fdznam a spestri\u0165 va\u0161e vety.<\/p>\n\n\n\n<h3 class=\"wp-block-heading\" id=\"h-11-conditionals\">11. Podmienky:<\/h3>\n\n\n\n<p>Podmienen\u00e9 sa pou\u017e\u00edvaj\u00fa na vyjadrenie hypotetick\u00fdch situ\u00e1ci\u00ed alebo d\u00f4sledkov v Maori. Pochopenie podmienen\u00fdch foriem v\u00e1m pom\u00f4\u017ee komunikova\u0165 zlo\u017eit\u00e9 my\u0161lienky a mo\u017enosti.<\/p>\n\n\n\n<h3 class=\"wp-block-heading\" id=\"h-12-prepositions\">12. Predlo\u017eky:<\/h3>\n\n\n\n<p>Predlo\u017eky s\u00fa nevyhnutn\u00e9 na ozna\u010denie vz\u0165ahov medzi slovami, ako je miesto, smer alebo \u010das. U\u010denie maorsk\u00fdch predlo\u017eiek v\u00e1m pom\u00f4\u017ee vytvori\u0165 zlo\u017eitej\u0161ie a zmysluplnej\u0161ie vety.<\/p>\n\n\n\n<h3 class=\"wp-block-heading\" id=\"h-13-sentences\">13. Vety:<\/h3>\n\n\n\n<p>Nakoniec, pochopenie \u0161trukt\u00fary viet a slovosledu je rozhoduj\u00face pre efekt\u00edvnu komunik\u00e1ciu v maor\u010dine. Zozn\u00e1mte sa s r\u00f4znymi vetn\u00fdmi vzormi a precvi\u010dte si vytv\u00e1ranie viet pomocou gramatick\u00fdch t\u00e9m uveden\u00fdch v tejto pr\u00edru\u010dke.<\/p>\n<\/div><\/div>\n\r\n<section class=\"learnNavigationSection\">\r\n            \r\n        <a href=\"https:\/\/talkpal.ai\/sk\/naucte-sa-maorsky\/\">\r\n            <div class=\"learnNavigationWrapper\">\r\n                <div class=\"learnNavigationContent\">\r\n                    <img decoding=\"async\" src=\"https:\/\/talkpal.ai\/wp-content\/uploads\/2024\/08\/Maori.jpg\" alt=\"New Zealand Flag\">\r\n                    <div>\r\n                        <h4>Lekcie maorskej gramatiky<\/h4>\r\n                        <p>Zistite v\u0161etko o maorskej gramatike.<\/p>\r\n                    <\/div>\r\n                <\/div>\r\n            <\/div>\r\n        <\/a>\r\n\r\n        \r\n        <a href=\"https:\/\/talkpal.ai\/sk\/maorska-gramatika\/\">\r\n            <div class=\"learnNavigationWrapper\">\r\n                <div class=\"learnNavigationContent\">\r\n                    <img decoding=\"async\" src=\"https:\/\/talkpal.ai\/wp-content\/uploads\/2024\/08\/Maori.jpg\" alt=\"New Zealand Flag\">\r\n                    <div>\r\n                        <h4>Lekcie maorskej gramatiky<\/h4>\r\n                        <p>Precvi\u010dte si maorsk\u00fa gramatiku.<\/p>\r\n                    <\/div>\r\n                <\/div>\r\n            <\/div>\r\n        <\/a>\r\n\r\n        \r\n        <a href=\"https:\/\/talkpal.ai\/vocabulary_language\/maori\/\">\r\n            <div class=\"learnNavigationWrapper\">\r\n                <div class=\"learnNavigationContent\">\r\n                    <img decoding=\"async\" src=\"https:\/\/talkpal.ai\/wp-content\/uploads\/2024\/08\/Maori.jpg\" alt=\"New Zealand Flag\">\r\n                    <div>\r\n                        <h4>Maorsk\u00e1 slovn\u00e1 z\u00e1soba<\/h4>\r\n                        <p>Roz\u0161\u00edrte si maorsk\u00fa slovn\u00fa z\u00e1sobu.<\/p>\r\n                    <\/div>\r\n                <\/div>\r\n            <\/div>\r\n        <\/a>\r\n\r\n            <\/section>","protected":false},"excerpt":{"rendered":"<p>T\u00e9my maorskej gramatiky Maorsk\u00fd jazyk, zn\u00e1my ako te reo Maori, je v\u00fdchodn\u00fd polyn\u00e9zsky jazyk p\u00f4vodom z Nov\u00e9ho Z\u00e9landu. Ako \u00faradn\u00fd jazyk krajiny nesie bohat\u00e9 kult\u00farne dedi\u010dstvo a jedine\u010dn\u00e9 jazykov\u00e9 \u010drty. U\u010denie maorskej gramatiky je nevyhnutn\u00e9 pre pochopenie a efekt\u00edvnu komunik\u00e1ciu v jazyku. T\u00e1to pr\u00edru\u010dka poskytuje preh\u013ead k\u013e\u00fa\u010dov\u00fdch t\u00e9m maorskej gramatiky, usporiadan\u00fdch v porad\u00ed navrhnutom tak, [&hellip;]<\/p>\n","protected":false},"author":6,"featured_media":116665,"parent":0,"menu_order":0,"comment_status":"closed","ping_status":"closed","template":"LearningContentPage.php","meta":{"_acf_changed":false,"footnotes":""},"class_list":["post-158957","page","type-page","status-publish","has-post-thumbnail","hentry"],"acf":[],"yoast_head":"<!-- This site is optimized with the Yoast SEO Premium plugin v27.2 (Yoast SEO v27.2) - https:\/\/yoast.com\/product\/yoast-seo-premium-wordpress\/ -->\n<title>Maorsk\u00e9 gramatick\u00e9 cvi\u010denia - Talkpal<\/title>\n<meta name=\"description\" content=\"Zlep\u0161ite svoje jazykov\u00e9 zru\u010dnosti pomocou maorsk\u00fdch gramatick\u00fdch cvi\u010den\u00ed, ktor\u00e9 s\u00fa navrhnut\u00e9 tak, aby zlep\u0161ili va\u0161e porozumenie a plynulos\u0165 maor\u010diny.\" \/>\n<meta name=\"robots\" content=\"index, follow, max-snippet:-1, max-image-preview:large, max-video-preview:-1\" \/>\n<link rel=\"canonical\" href=\"https:\/\/talkpal.ai\/sk\/maorske-gramaticke-cvicenia\/\" \/>\n<meta property=\"og:locale\" content=\"sk_SK\" \/>\n<meta property=\"og:type\" content=\"article\" \/>\n<meta property=\"og:title\" content=\"Maorsk\u00e9 gramatick\u00e9 cvi\u010denia\" \/>\n<meta property=\"og:description\" content=\"T\u00e9my maorskej gramatiky Maorsk\u00fd jazyk, zn\u00e1my ako te reo Maori, je v\u00fdchodn\u00fd polyn\u00e9zsky jazyk p\u00f4vodom z Nov\u00e9ho Z\u00e9landu. Ako \u00faradn\u00fd jazyk krajiny nesie\" \/>\n<meta property=\"og:url\" content=\"https:\/\/talkpal.ai\/sk\/maorske-gramaticke-cvicenia\/\" \/>\n<meta property=\"og:site_name\" content=\"Talkpal\" \/>\n<meta property=\"article:publisher\" content=\"https:\/\/www.facebook.com\/profile.php?id=100090733639311\" \/>\n<meta property=\"article:modified_time\" content=\"2025-12-17T14:34:25+00:00\" \/>\n<meta property=\"og:image\" content=\"https:\/\/talkpal.ai\/wp-content\/uploads\/2023\/05\/Maori-new-zealand.png\" \/>\n\t<meta property=\"og:image:width\" content=\"512\" \/>\n\t<meta property=\"og:image:height\" content=\"512\" \/>\n\t<meta property=\"og:image:type\" content=\"image\/png\" \/>\n<meta name=\"twitter:card\" content=\"summary_large_image\" \/>\n<meta name=\"twitter:site\" content=\"@talkpalai\" \/>\n<meta name=\"twitter:label1\" content=\"Predpokladan\u00fd \u010das \u010d\u00edtania\" \/>\n\t<meta name=\"twitter:data1\" content=\"3 min\u00faty\" \/>\n<script type=\"application\/ld+json\" class=\"yoast-schema-graph\">{\"@context\":\"https:\/\/schema.org\",\"@graph\":[{\"@type\":\"WebPage\",\"@id\":\"https:\/\/talkpal.ai\/sk\/maorske-gramaticke-cvicenia\/\",\"url\":\"https:\/\/talkpal.ai\/sk\/maorske-gramaticke-cvicenia\/\",\"name\":\"Maorsk\u00e9 gramatick\u00e9 cvi\u010denia - Talkpal\",\"isPartOf\":{\"@id\":\"https:\/\/talkpal.ai\/sk\/#website\"},\"primaryImageOfPage\":{\"@id\":\"https:\/\/talkpal.ai\/sk\/maorske-gramaticke-cvicenia\/#primaryimage\"},\"image\":{\"@id\":\"https:\/\/talkpal.ai\/sk\/maorske-gramaticke-cvicenia\/#primaryimage\"},\"thumbnailUrl\":\"https:\/\/talkpal.ai\/wp-content\/uploads\/2023\/05\/Maori-new-zealand.png\",\"datePublished\":\"2023-06-22T08:43:13+00:00\",\"dateModified\":\"2025-12-17T14:34:25+00:00\",\"description\":\"Zlep\u0161ite svoje jazykov\u00e9 zru\u010dnosti pomocou maorsk\u00fdch gramatick\u00fdch cvi\u010den\u00ed, ktor\u00e9 s\u00fa navrhnut\u00e9 tak, aby zlep\u0161ili va\u0161e porozumenie a plynulos\u0165 maor\u010diny.\",\"breadcrumb\":{\"@id\":\"https:\/\/talkpal.ai\/sk\/maorske-gramaticke-cvicenia\/#breadcrumb\"},\"inLanguage\":\"sk-SK\",\"potentialAction\":[{\"@type\":\"ReadAction\",\"target\":[\"https:\/\/talkpal.ai\/sk\/maorske-gramaticke-cvicenia\/\"]}]},{\"@type\":\"ImageObject\",\"inLanguage\":\"sk-SK\",\"@id\":\"https:\/\/talkpal.ai\/sk\/maorske-gramaticke-cvicenia\/#primaryimage\",\"url\":\"https:\/\/talkpal.ai\/wp-content\/uploads\/2023\/05\/Maori-new-zealand.png\",\"contentUrl\":\"https:\/\/talkpal.ai\/wp-content\/uploads\/2023\/05\/Maori-new-zealand.png\",\"width\":512,\"height\":512},{\"@type\":\"BreadcrumbList\",\"@id\":\"https:\/\/talkpal.ai\/sk\/maorske-gramaticke-cvicenia\/#breadcrumb\",\"itemListElement\":[{\"@type\":\"ListItem\",\"position\":1,\"name\":\"Homepage\",\"item\":\"https:\/\/talkpal.ai\/sk\/\"},{\"@type\":\"ListItem\",\"position\":2,\"name\":\"Maorsk\u00e9 gramatick\u00e9 cvi\u010denia\"}]},{\"@type\":\"WebSite\",\"@id\":\"https:\/\/talkpal.ai\/sk\/#website\",\"url\":\"https:\/\/talkpal.ai\/sk\/\",\"name\":\"Talkpal\",\"description\":\"AI Language Learning\",\"publisher\":{\"@id\":\"https:\/\/talkpal.ai\/sk\/#organization\"},\"alternateName\":\"Talkpal AI\",\"potentialAction\":[{\"@type\":\"SearchAction\",\"target\":{\"@type\":\"EntryPoint\",\"urlTemplate\":\"https:\/\/talkpal.ai\/sk\/?s={search_term_string}\"},\"query-input\":{\"@type\":\"PropertyValueSpecification\",\"valueRequired\":true,\"valueName\":\"search_term_string\"}}],\"inLanguage\":\"sk-SK\"},{\"@type\":\"Organization\",\"@id\":\"https:\/\/talkpal.ai\/sk\/#organization\",\"name\":\"Talkpal, Inc.\",\"alternateName\":\"Talkpal AI\",\"url\":\"https:\/\/talkpal.ai\/sk\/\",\"logo\":{\"@type\":\"ImageObject\",\"inLanguage\":\"sk-SK\",\"@id\":\"https:\/\/talkpal.ai\/sk\/#\/schema\/logo\/image\/\",\"url\":\"https:\/\/talkpal.ai\/wp-content\/uploads\/2024\/03\/Talkpal-Logo-Icon.png\",\"contentUrl\":\"https:\/\/talkpal.ai\/wp-content\/uploads\/2024\/03\/Talkpal-Logo-Icon.png\",\"width\":2880,\"height\":2880,\"caption\":\"Talkpal, Inc.\"},\"image\":{\"@id\":\"https:\/\/talkpal.ai\/sk\/#\/schema\/logo\/image\/\"},\"sameAs\":[\"https:\/\/www.facebook.com\/profile.php?id=100090733639311\",\"https:\/\/x.com\/talkpalai\",\"https:\/\/www.linkedin.com\/company\/talkpal\/\",\"https:\/\/www.youtube.com\/@TalkPal\/\",\"https:\/\/www.tiktok.com\/@talkpal\",\"https:\/\/www.instagram.com\/talkpal_ai\/\",\"https:\/\/www.crunchbase.com\/organization\/talkpal-9cde\",\"https:\/\/www.g2.com\/products\/talkpal-for-business\/\",\"https:\/\/www.trustpilot.com\/review\/talkpal.ai\",\"https:\/\/www.capterra.com\/p\/10006800\/TalkPal\/\"],\"description\":\"Talkpal is a language learning web and mobile education app, powered by the latest AI technologies, that provides engaging experiences to its customers in many different languages to help them improve their language skills. Users can chat about unlimited amount of topics with the app and use other modes to practice their language learning.\",\"email\":\"support@talkpal.ai\",\"legalName\":\"Talkpal, Inc.\",\"foundingDate\":\"2023-04-03\",\"duns\":\"118989042\",\"numberOfEmployees\":{\"@type\":\"QuantitativeValue\",\"minValue\":\"11\",\"maxValue\":\"50\"},\"publishingPrinciples\":\"https:\/\/talkpal.ai\/publishing-principles\/\",\"actionableFeedbackPolicy\":\"https:\/\/talkpal.ai\/actionable-feedback-policy\/\",\"correctionsPolicy\":\"https:\/\/talkpal.ai\/corrections-policy\/\",\"ethicsPolicy\":\"https:\/\/talkpal.ai\/ethics-policy\/\",\"diversityPolicy\":\"https:\/\/talkpal.ai\/diversity-policy\/\",\"diversityStaffingReport\":\"https:\/\/talkpal.ai\/diversity-policy\/\"}]}<\/script>\n<!-- \/ Yoast SEO Premium plugin. -->","yoast_head_json":{"title":"Maorsk\u00e9 gramatick\u00e9 cvi\u010denia - Talkpal","description":"Zlep\u0161ite svoje jazykov\u00e9 zru\u010dnosti pomocou maorsk\u00fdch gramatick\u00fdch cvi\u010den\u00ed, ktor\u00e9 s\u00fa navrhnut\u00e9 tak, aby zlep\u0161ili va\u0161e porozumenie a plynulos\u0165 maor\u010diny.","robots":{"index":"index","follow":"follow","max-snippet":"max-snippet:-1","max-image-preview":"max-image-preview:large","max-video-preview":"max-video-preview:-1"},"canonical":"https:\/\/talkpal.ai\/sk\/maorske-gramaticke-cvicenia\/","og_locale":"sk_SK","og_type":"article","og_title":"Maorsk\u00e9 gramatick\u00e9 cvi\u010denia","og_description":"T\u00e9my maorskej gramatiky Maorsk\u00fd jazyk, zn\u00e1my ako te reo Maori, je v\u00fdchodn\u00fd polyn\u00e9zsky jazyk p\u00f4vodom z Nov\u00e9ho Z\u00e9landu. Ako \u00faradn\u00fd jazyk krajiny nesie","og_url":"https:\/\/talkpal.ai\/sk\/maorske-gramaticke-cvicenia\/","og_site_name":"Talkpal","article_publisher":"https:\/\/www.facebook.com\/profile.php?id=100090733639311","article_modified_time":"2025-12-17T14:34:25+00:00","og_image":[{"width":512,"height":512,"url":"https:\/\/talkpal.ai\/wp-content\/uploads\/2023\/05\/Maori-new-zealand.png","type":"image\/png"}],"twitter_card":"summary_large_image","twitter_site":"@talkpalai","twitter_misc":{"Predpokladan\u00fd \u010das \u010d\u00edtania":"3 min\u00faty"},"schema":{"@context":"https:\/\/schema.org","@graph":[{"@type":"WebPage","@id":"https:\/\/talkpal.ai\/sk\/maorske-gramaticke-cvicenia\/","url":"https:\/\/talkpal.ai\/sk\/maorske-gramaticke-cvicenia\/","name":"Maorsk\u00e9 gramatick\u00e9 cvi\u010denia - Talkpal","isPartOf":{"@id":"https:\/\/talkpal.ai\/sk\/#website"},"primaryImageOfPage":{"@id":"https:\/\/talkpal.ai\/sk\/maorske-gramaticke-cvicenia\/#primaryimage"},"image":{"@id":"https:\/\/talkpal.ai\/sk\/maorske-gramaticke-cvicenia\/#primaryimage"},"thumbnailUrl":"https:\/\/talkpal.ai\/wp-content\/uploads\/2023\/05\/Maori-new-zealand.png","datePublished":"2023-06-22T08:43:13+00:00","dateModified":"2025-12-17T14:34:25+00:00","description":"Zlep\u0161ite svoje jazykov\u00e9 zru\u010dnosti pomocou maorsk\u00fdch gramatick\u00fdch cvi\u010den\u00ed, ktor\u00e9 s\u00fa navrhnut\u00e9 tak, aby zlep\u0161ili va\u0161e porozumenie a plynulos\u0165 maor\u010diny.","breadcrumb":{"@id":"https:\/\/talkpal.ai\/sk\/maorske-gramaticke-cvicenia\/#breadcrumb"},"inLanguage":"sk-SK","potentialAction":[{"@type":"ReadAction","target":["https:\/\/talkpal.ai\/sk\/maorske-gramaticke-cvicenia\/"]}]},{"@type":"ImageObject","inLanguage":"sk-SK","@id":"https:\/\/talkpal.ai\/sk\/maorske-gramaticke-cvicenia\/#primaryimage","url":"https:\/\/talkpal.ai\/wp-content\/uploads\/2023\/05\/Maori-new-zealand.png","contentUrl":"https:\/\/talkpal.ai\/wp-content\/uploads\/2023\/05\/Maori-new-zealand.png","width":512,"height":512},{"@type":"BreadcrumbList","@id":"https:\/\/talkpal.ai\/sk\/maorske-gramaticke-cvicenia\/#breadcrumb","itemListElement":[{"@type":"ListItem","position":1,"name":"Homepage","item":"https:\/\/talkpal.ai\/sk\/"},{"@type":"ListItem","position":2,"name":"Maorsk\u00e9 gramatick\u00e9 cvi\u010denia"}]},{"@type":"WebSite","@id":"https:\/\/talkpal.ai\/sk\/#website","url":"https:\/\/talkpal.ai\/sk\/","name":"Talkpal","description":"AI Language Learning","publisher":{"@id":"https:\/\/talkpal.ai\/sk\/#organization"},"alternateName":"Talkpal AI","potentialAction":[{"@type":"SearchAction","target":{"@type":"EntryPoint","urlTemplate":"https:\/\/talkpal.ai\/sk\/?s={search_term_string}"},"query-input":{"@type":"PropertyValueSpecification","valueRequired":true,"valueName":"search_term_string"}}],"inLanguage":"sk-SK"},{"@type":"Organization","@id":"https:\/\/talkpal.ai\/sk\/#organization","name":"Talkpal, Inc.","alternateName":"Talkpal AI","url":"https:\/\/talkpal.ai\/sk\/","logo":{"@type":"ImageObject","inLanguage":"sk-SK","@id":"https:\/\/talkpal.ai\/sk\/#\/schema\/logo\/image\/","url":"https:\/\/talkpal.ai\/wp-content\/uploads\/2024\/03\/Talkpal-Logo-Icon.png","contentUrl":"https:\/\/talkpal.ai\/wp-content\/uploads\/2024\/03\/Talkpal-Logo-Icon.png","width":2880,"height":2880,"caption":"Talkpal, Inc."},"image":{"@id":"https:\/\/talkpal.ai\/sk\/#\/schema\/logo\/image\/"},"sameAs":["https:\/\/www.facebook.com\/profile.php?id=100090733639311","https:\/\/x.com\/talkpalai","https:\/\/www.linkedin.com\/company\/talkpal\/","https:\/\/www.youtube.com\/@TalkPal\/","https:\/\/www.tiktok.com\/@talkpal","https:\/\/www.instagram.com\/talkpal_ai\/","https:\/\/www.crunchbase.com\/organization\/talkpal-9cde","https:\/\/www.g2.com\/products\/talkpal-for-business\/","https:\/\/www.trustpilot.com\/review\/talkpal.ai","https:\/\/www.capterra.com\/p\/10006800\/TalkPal\/"],"description":"Talkpal is a language learning web and mobile education app, powered by the latest AI technologies, that provides engaging experiences to its customers in many different languages to help them improve their language skills. Users can chat about unlimited amount of topics with the app and use other modes to practice their language learning.","email":"support@talkpal.ai","legalName":"Talkpal, Inc.","foundingDate":"2023-04-03","duns":"118989042","numberOfEmployees":{"@type":"QuantitativeValue","minValue":"11","maxValue":"50"},"publishingPrinciples":"https:\/\/talkpal.ai\/publishing-principles\/","actionableFeedbackPolicy":"https:\/\/talkpal.ai\/actionable-feedback-policy\/","correctionsPolicy":"https:\/\/talkpal.ai\/corrections-policy\/","ethicsPolicy":"https:\/\/talkpal.ai\/ethics-policy\/","diversityPolicy":"https:\/\/talkpal.ai\/diversity-policy\/","diversityStaffingReport":"https:\/\/talkpal.ai\/diversity-policy\/"}]}},"_links":{"self":[{"href":"https:\/\/talkpal.ai\/sk\/wp-json\/wp\/v2\/pages\/158957","targetHints":{"allow":["GET"]}}],"collection":[{"href":"https:\/\/talkpal.ai\/sk\/wp-json\/wp\/v2\/pages"}],"about":[{"href":"https:\/\/talkpal.ai\/sk\/wp-json\/wp\/v2\/types\/page"}],"author":[{"embeddable":true,"href":"https:\/\/talkpal.ai\/sk\/wp-json\/wp\/v2\/users\/6"}],"replies":[{"embeddable":true,"href":"https:\/\/talkpal.ai\/sk\/wp-json\/wp\/v2\/comments?post=158957"}],"version-history":[{"count":0,"href":"https:\/\/talkpal.ai\/sk\/wp-json\/wp\/v2\/pages\/158957\/revisions"}],"wp:featuredmedia":[{"embeddable":true,"href":"https:\/\/talkpal.ai\/sk\/wp-json\/wp\/v2\/media\/116665"}],"wp:attachment":[{"href":"https:\/\/talkpal.ai\/sk\/wp-json\/wp\/v2\/media?parent=158957"}],"curies":[{"name":"wp","href":"https:\/\/api.w.org\/{rel}","templated":true}]}}