{"id":158639,"date":"2023-06-22T08:52:21","date_gmt":"2023-06-22T08:52:21","guid":{"rendered":"http:\/\/talkpal.ai\/nepalske-gramaticke-cvicenia\/"},"modified":"2025-12-17T14:40:51","modified_gmt":"2025-12-17T14:40:51","slug":"nepalske-gramaticke-cvicenia","status":"publish","type":"page","link":"https:\/\/talkpal.ai\/sk\/nepalske-gramaticke-cvicenia\/","title":{"rendered":"Nep\u00e1lske gramatick\u00e9 cvi\u010denia"},"content":{"rendered":"\r\n\r\n\r\n<section class=\"languageChallengeSection\">\r\n    <div class=\"languageInfoWrapper\">\r\n        \r\n        <h1>Nep\u00e1lske gramatick\u00e9 cvi\u010denia<\/h1>\r\n        <p>Chcete si by\u0165 istej\u0161\u00ed v nep\u00e1l\u010dine? Precvi\u010dovanie gramatick\u00fdch cvi\u010den\u00ed je skvel\u00fd sp\u00f4sob, ako pochopi\u0165 \u0161trukt\u00faru vety, slovesn\u00e9 tvary a jedine\u010dn\u00e9 vzorce jazyka. Za\u010dnite pracova\u0165 na nep\u00e1lskej gramatike e\u0161te dnes a sledujte, ako va\u0161e zru\u010dnosti a plynulos\u0165 rast\u00fa s ka\u017ed\u00fdm cvi\u010den\u00edm!<\/p>\r\n\r\n                            <a class=\"getStartedHidden\" href=\"https:\/\/app.talkpal.ai\/sk\/signup?lng=\">Za\u010dni<\/a>\r\n        \r\n    <\/div>\r\n\r\n    <figure>\r\n    <img decoding=\"async\" width=\"768\" height=\"768\" src=\"https:\/\/talkpal.ai\/wp-content\/uploads\/2023\/06\/nepali-768x768.png\" class=\"languageImage no-lazy\" alt=\"Practical language learning for real-life application\" fetchpriority=\"high\" sizes=\"(max-width: 768px) 150px, 768px\" srcset=\"https:\/\/talkpal.ai\/wp-content\/uploads\/2023\/06\/nepali-768x768.png 768w, https:\/\/talkpal.ai\/wp-content\/uploads\/2023\/06\/nepali-300x300.png 300w\" \/>\r\n    \r\n\r\n    <\/figure>\r\n\r\n            <a class=\"getStartedVisible\" href=\"https:\/\/app.talkpal.ai\/sk\/signup?lng=\">Za\u010dni<\/a>\r\n    \r\n<\/section>\r\n\r\n\r\n<!-- <section class=\"grammarSection\">\r\n    <div class=\"grammarLinks\">\r\n            <\/div>\r\n<\/section> -->\r\n\r\n\r\n\r\n\r\n<section class=\"promotionalBanner\">\r\n    <p class=\"promotionalText\">Najefekt\u00edvnej\u0161\u00ed sp\u00f4sob, ako sa nau\u010di\u0165 jazyk<\/p>\r\n    <a class=\"promotionalLink\" href=\"https:\/\/app.talkpal.ai\/sk\/signup?lng=\">Vysk\u00fa\u0161ajte Talkpal zadarmo<\/a>\r\n<\/section>\n<div class=\"wp-block-group pageContainerStyle\"><div class=\"wp-block-group__inner-container is-layout-constrained wp-block-group-is-layout-constrained\">\n<h2 class=\"wp-block-heading\" id=\"h-nepali-grammar-topics\">Nep\u00e1l\u010dina Gramatick\u00e9 t\u00e9my<\/h2>\n\n\n\n<p><a href=\"https:\/\/talkpal.ai\/sk\/ucenie\/\">U\u010denie sa<\/a> nep\u00e1lskeho jazyka m\u00f4\u017ee by\u0165 fascinuj\u00facou a obohacuj\u00facou sk\u00fasenos\u0165ou pre ka\u017ed\u00e9ho, kto m\u00e1 z\u00e1ujem ponori\u0165 sa do bohatej kult\u00fary a hist\u00f3rie Nep\u00e1lu. Rovnako ako v ka\u017edom jazyku, zvl\u00e1dnutie nep\u00e1lskej gramatiky je rozhoduj\u00face pre efekt\u00edvnu komunik\u00e1ciu. Tento \u010dl\u00e1nok v\u00e1s prevedie t\u00e9mami nep\u00e1lskej gramatiky zoskupen\u00fdmi do sekvencie, ktor\u00e1 v\u00e1m u\u013eah\u010d\u00ed cestu jazykov\u00e9ho vzdel\u00e1vania. Od \u010dasov a\u017e po vetn\u00e9 \u0161trukt\u00fary, t\u00e1to pr\u00edru\u010dka v\u00e1m poskytne preh\u013ead d\u00f4le\u017eit\u00fdch gramatick\u00fdch konceptov, ktor\u00e9 polo\u017eia siln\u00fd z\u00e1klad pre va\u0161e jazykov\u00e9 zru\u010dnosti v Nep\u00e1le.<\/p>\n\n\n\n<h3 class=\"wp-block-heading\" id=\"h-1-tenses\">1. \u010casy:<\/h3>\n\n\n\n<p>Pochopenie \u010dasov je nevyhnutn\u00e9 pri u\u010den\u00ed sa ak\u00e9hoko\u013evek jazyka, preto\u017ee pom\u00e1haj\u00fa sprostredkova\u0165 \u010das akcie alebo udalosti. V Nep\u00e1le existuj\u00fa tri hlavn\u00e9 \u010dasy: minulos\u0165, pr\u00edtomnos\u0165 a bud\u00facnos\u0165. Ka\u017ed\u00fd \u010das m\u00e1 svoj vlastn\u00fd s\u00fabor pravidiel \u010dasovania slovies, s ktor\u00fdmi by ste sa mali obozn\u00e1mi\u0165, aby ste presne op\u00edsali akcie v r\u00f4znych \u010dasov\u00fdch r\u00e1mcoch.<\/p>\n\n\n\n<h3 class=\"wp-block-heading\" id=\"h-2-tense-comparison\">2. Nap\u00e4t\u00e9 porovnanie:<\/h3>\n\n\n\n<p>Porovn\u00e1vanie \u010dasov v nep\u00e1l\u010dine je k\u013e\u00fa\u010dov\u00fdm aspektom zvl\u00e1dnutia jazyka. To zah\u0155\u0148a pochopenie toho, ako r\u00f4zne \u010dasy navz\u00e1jom s\u00favisia a ako ich pou\u017e\u00edva\u0165 v spojen\u00ed pre jasn\u00fa komunik\u00e1ciu. To v\u00e1m pom\u00f4\u017ee vyhn\u00fa\u0165 sa zm\u00e4tku pri diskusii o udalostiach, ktor\u00e9 sa vyskytli v minulosti, pr\u00edtomnosti alebo bud\u00facnosti.<\/p>\n\n\n\n<h3 class=\"wp-block-heading\" id=\"h-3-progressive\">3. Progres\u00edvne:<\/h3>\n\n\n\n<p>Progres\u00edvny aspekt v nep\u00e1lskej gramatike nazna\u010duje prebiehaj\u00face akcie. U\u010denie sa progres\u00edvnej formy slovies je d\u00f4le\u017eit\u00e9 pre vyjadrenie akci\u00ed, ktor\u00e9 sa pr\u00e1ve dej\u00fa alebo sa dej\u00fa v ur\u010ditom \u010dase. To v\u00e1m pom\u00f4\u017ee vytvori\u0165 dynamickej\u0161ie a p\u00fatavej\u0161ie konverz\u00e1cie v nep\u00e1l\u010dine.<\/p>\n\n\n\n<h3 class=\"wp-block-heading\" id=\"h-4-perfect-progressive\">4. Perfektne progres\u00edvne:<\/h3>\n\n\n\n<p>Tento \u010das kombinuje pojmy dokonal\u00fd a progres\u00edvny \u010das. Perfektn\u00fd progres\u00edvny \u010das sa pou\u017e\u00edva na opis akcie, ktor\u00e1 za\u010dala v minulosti a pokra\u010dovala a\u017e do in\u00e9ho bodu v minulosti. Zvl\u00e1dnutie tohto \u010dasu v\u00e1m umo\u017en\u00ed poskytn\u00fa\u0165 podrobn\u00e9 inform\u00e1cie o minul\u00fdch akci\u00e1ch a ich trvan\u00ed.<\/p>\n\n\n\n<h3 class=\"wp-block-heading\" id=\"h-5-verbs\">5. Sloves\u00e1:<\/h3>\n\n\n\n<p>Sloves\u00e1 s\u00fa chrbtovou kos\u0165ou ka\u017ed\u00e9ho jazyka a <a href=\"https:\/\/talkpal.ai\/learn-nepali\/\">nep\u00e1l\u010dina<\/a> nie je v\u00fdnimkou. Ak chcete hovori\u0165 a porozumie\u0165 nep\u00e1l\u010dine efekt\u00edvne, je nevyhnutn\u00e9 nau\u010di\u0165 sa r\u00f4zne formy slovies, ich \u010dasovanie a ako funguj\u00fa vo vet\u00e1ch.<\/p>\n\n\n\n<h3 class=\"wp-block-heading\" id=\"h-6-nouns\">6. Podstatn\u00e9 men\u00e1:<\/h3>\n\n\n\n<p>Siln\u00e9 pochopenie nep\u00e1lskych podstatn\u00fdch mien je nevyhnutn\u00e9 na vybudovanie sol\u00eddnej slovnej z\u00e1soby. U\u010denie sa o be\u017en\u00fdch a vlastn\u00fdch podstatn\u00fdch men\u00e1ch, ako aj o spo\u010d\u00edtate\u013en\u00fdch a nespo\u010detn\u00fdch podstatn\u00fdch men\u00e1ch, v\u00e1m pom\u00f4\u017ee spr\u00e1vne identifikova\u0165 a pou\u017e\u00edva\u0165 tieto z\u00e1kladn\u00e9 \u010dasti re\u010di vo va\u0161ich rozhovoroch.<\/p>\n\n\n\n<h3 class=\"wp-block-heading\" id=\"h-7-articles\">7. \u010cl\u00e1nky:<\/h3>\n\n\n\n<p>V Nep\u00e1le nie s\u00fa \u010dl\u00e1nky tak\u00e9 v\u00fdznamn\u00e9 ako v angli\u010dtine, ale st\u00e1le je nevyhnutn\u00e9 nau\u010di\u0165 sa ich pou\u017e\u00edvanie. Zvl\u00e1dnutie pou\u017e\u00edvania \u010dl\u00e1nkov v\u00e1m pom\u00f4\u017ee presne identifikova\u0165 a op\u00edsa\u0165 objekty, \u013eud\u00ed a koncepty vo va\u0161ich konverz\u00e1ci\u00e1ch.<\/p>\n\n\n\n<h3 class=\"wp-block-heading\" id=\"h-8-pronouns-determiners\">8. Z\u00e1men\u00e1\/determin\u00e1tory:<\/h3>\n\n\n\n<p>Obozn\u00e1menie sa s nep\u00e1lskymi z\u00e1menami a determin\u00e1tormi je rozhoduj\u00face pre jasn\u00fa a stru\u010dn\u00fa komunik\u00e1ciu. Tieto \u010dasti re\u010di pom\u00e1haj\u00fa nahradi\u0165 alebo \u0161pecifikova\u0165 podstatn\u00e9 men\u00e1 vo vet\u00e1ch, v\u010faka \u010domu s\u00fa va\u0161e konverz\u00e1cie efekt\u00edvnej\u0161ie a prirodzenej\u0161ie.<\/p>\n\n\n\n<h3 class=\"wp-block-heading\" id=\"h-9-adjectives\">9. Pr\u00eddavn\u00e9 men\u00e1:<\/h3>\n\n\n\n<p>Pr\u00eddavn\u00e9 men\u00e1 s\u00fa nevyhnutn\u00e9 na pridanie h\u013abky a podrobnost\u00ed do va\u0161ich nep\u00e1lskych konverz\u00e1ci\u00ed. Nau\u010di\u0165 sa spr\u00e1vne pou\u017e\u00edva\u0165 pr\u00eddavn\u00e9 men\u00e1 v\u00e1m umo\u017en\u00ed presne op\u00edsa\u0165 \u013eud\u00ed, miesta a veci, v\u010faka \u010domu bude va\u0161a re\u010d p\u00fatavej\u0161ia a informat\u00edvnej\u0161ia.<\/p>\n\n\n\n<h3 class=\"wp-block-heading\" id=\"h-10-adverbs\">10. Pr\u00edslovky<\/h3>\n\n\n\n<p>: V nep\u00e1l\u010dine zohr\u00e1vaj\u00fa pr\u00edslovky k\u013e\u00fa\u010dov\u00fa \u00falohu pri \u00faprave slovies, pr\u00eddavn\u00fdch mien alebo in\u00fdch pr\u00edsloviek. Pochopenie pou\u017e\u00edvania pr\u00edsloviek v\u00e1m umo\u017en\u00ed poskytn\u00fa\u0165 \u010fal\u0161ie inform\u00e1cie o \u010dinnostiach, stavoch alebo kvalit\u00e1ch vo va\u0161ich konverz\u00e1ci\u00e1ch.<\/p>\n\n\n\n<h3 class=\"wp-block-heading\" id=\"h-11-conditionals\">11. Podmienky:<\/h3>\n\n\n\n<p>Zvl\u00e1dnutie nep\u00e1lskych podmienok v\u00e1m umo\u017en\u00ed vyjadri\u0165 hypotetick\u00e9 situ\u00e1cie a ich d\u00f4sledky. Je to d\u00f4le\u017eit\u00e9 pre vytv\u00e1ranie komplexn\u00fdch, jemn\u00fdch diskusi\u00ed v jazyku.<\/p>\n\n\n\n<h3 class=\"wp-block-heading\" id=\"h-12-prepositions\">12. Predlo\u017eky:<\/h3>\n\n\n\n<p>Predlo\u017eky s\u00fa nevyhnutn\u00e9 na ozna\u010denie vz\u0165ahov medzi slovami vo vete. Nau\u010di\u0165 sa spr\u00e1vne pou\u017e\u00edva\u0165 predlo\u017eky v\u00e1m pom\u00f4\u017ee vytvori\u0165 jasn\u00e9 a s\u00favisl\u00e9 vety v nep\u00e1l\u010dine.<\/p>\n\n\n\n<h3 class=\"wp-block-heading\" id=\"h-13-sentences\">13. Vety:<\/h3>\n\n\n\n<p>Nakoniec, pochopenie \u0161trukt\u00fary a typov nep\u00e1lskych viet je nevyhnutn\u00e9 pre efekt\u00edvnu komunik\u00e1ciu. Zozn\u00e1mte sa s jednoduch\u00fdmi, zlo\u017een\u00fdmi a zlo\u017eit\u00fdmi vetami a nau\u010dte sa, ako ich spr\u00e1vne zostavi\u0165, aby ste vyjadrili svoje my\u0161lienky a n\u00e1pady v jazyku.<\/p>\n<\/div><\/div>\n\r\n<section class=\"learnNavigationSection\">\r\n            \r\n        <a href=\"https:\/\/talkpal.ai\/sk\/naucte-sa-nepalsky\/\">\r\n            <div class=\"learnNavigationWrapper\">\r\n                <div class=\"learnNavigationContent\">\r\n                    <img decoding=\"async\" src=\"https:\/\/talkpal.ai\/wp-content\/uploads\/2024\/08\/Nepali.jpg\" alt=\"Nepali Flag\">\r\n                    <div>\r\n                        <h4>O \u0161t\u00fadiu nep\u00e1l\u010diny<\/h4>\r\n                        <p>Zistite v\u0161etko o nep\u00e1lskej gramatike.<\/p>\r\n                    <\/div>\r\n                <\/div>\r\n            <\/div>\r\n        <\/a>\r\n\r\n        \r\n        <a href=\"https:\/\/talkpal.ai\/sk\/nepalska-gramatika\/\">\r\n            <div class=\"learnNavigationWrapper\">\r\n                <div class=\"learnNavigationContent\">\r\n                    <img decoding=\"async\" src=\"https:\/\/talkpal.ai\/wp-content\/uploads\/2024\/08\/Nepali.jpg\" alt=\"Nepali Flag\">\r\n                    <div>\r\n                        <h4>Lekcie nep\u00e1lskej gramatiky<\/h4>\r\n                        <p>Cvi\u010denie nep\u00e1lskej gramatiky.<\/p>\r\n                    <\/div>\r\n                <\/div>\r\n            <\/div>\r\n        <\/a>\r\n\r\n        \r\n        <a href=\"https:\/\/talkpal.ai\/vocabulary_language\/nepali\/\">\r\n            <div class=\"learnNavigationWrapper\">\r\n                <div class=\"learnNavigationContent\">\r\n                    <img decoding=\"async\" src=\"https:\/\/talkpal.ai\/wp-content\/uploads\/2024\/08\/Nepali.jpg\" alt=\"Nepali Flag\">\r\n                    <div>\r\n                        <h4>Nep\u00e1lska slovn\u00e1 z\u00e1soba<\/h4>\r\n                        <p>Roz\u0161\u00edrte si svoju nep\u00e1lsku slovn\u00fa z\u00e1sobu.<\/p>\r\n                    <\/div>\r\n                <\/div>\r\n            <\/div>\r\n        <\/a>\r\n\r\n            <\/section>","protected":false},"excerpt":{"rendered":"<p>Nep\u00e1l\u010dina Gramatick\u00e9 t\u00e9my U\u010denie sa nep\u00e1lskeho jazyka m\u00f4\u017ee by\u0165 fascinuj\u00facou a obohacuj\u00facou sk\u00fasenos\u0165ou pre ka\u017ed\u00e9ho, kto m\u00e1 z\u00e1ujem ponori\u0165 sa do bohatej kult\u00fary a hist\u00f3rie Nep\u00e1lu. Rovnako ako v ka\u017edom jazyku, zvl\u00e1dnutie nep\u00e1lskej gramatiky je rozhoduj\u00face pre efekt\u00edvnu komunik\u00e1ciu. Tento \u010dl\u00e1nok v\u00e1s prevedie t\u00e9mami nep\u00e1lskej gramatiky zoskupen\u00fdmi do sekvencie, ktor\u00e1 v\u00e1m u\u013eah\u010d\u00ed cestu jazykov\u00e9ho vzdel\u00e1vania. [&hellip;]<\/p>\n","protected":false},"author":6,"featured_media":116079,"parent":0,"menu_order":0,"comment_status":"closed","ping_status":"closed","template":"LearningContentPage.php","meta":{"_acf_changed":false,"footnotes":""},"class_list":["post-158639","page","type-page","status-publish","has-post-thumbnail","hentry"],"acf":[],"yoast_head":"<!-- This site is optimized with the Yoast SEO Premium plugin v27.2 (Yoast SEO v27.2) - https:\/\/yoast.com\/product\/yoast-seo-premium-wordpress\/ -->\n<title>Nep\u00e1lske gramatick\u00e9 cvi\u010denia - Talkpal<\/title>\n<meta name=\"description\" content=\"Cvi\u010denia z nep\u00e1lskej gramatiky pre efekt\u00edvnu komunik\u00e1ciu. Presk\u00famajte \u010dasy a vetn\u00e9 kon\u0161trukcie pre plynulos\u0165 jazyka.\" \/>\n<meta name=\"robots\" content=\"index, follow, max-snippet:-1, max-image-preview:large, max-video-preview:-1\" \/>\n<link rel=\"canonical\" href=\"https:\/\/talkpal.ai\/sk\/nepalske-gramaticke-cvicenia\/\" \/>\n<meta property=\"og:locale\" content=\"sk_SK\" \/>\n<meta property=\"og:type\" content=\"article\" \/>\n<meta property=\"og:title\" content=\"Nep\u00e1lske gramatick\u00e9 cvi\u010denia\" \/>\n<meta property=\"og:description\" content=\"Nep\u00e1l\u010dina Gramatick\u00e9 t\u00e9my U\u010denie sa nep\u00e1lskeho jazyka m\u00f4\u017ee by\u0165 fascinuj\u00facou a obohacuj\u00facou sk\u00fasenos\u0165ou pre ka\u017ed\u00e9ho, kto m\u00e1 z\u00e1ujem ponori\u0165 sa do bohatej\" \/>\n<meta property=\"og:url\" content=\"https:\/\/talkpal.ai\/sk\/nepalske-gramaticke-cvicenia\/\" \/>\n<meta property=\"og:site_name\" content=\"Talkpal\" \/>\n<meta property=\"article:publisher\" content=\"https:\/\/www.facebook.com\/profile.php?id=100090733639311\" \/>\n<meta property=\"article:modified_time\" content=\"2025-12-17T14:40:51+00:00\" \/>\n<meta property=\"og:image\" content=\"https:\/\/talkpal.ai\/wp-content\/uploads\/2023\/05\/nepal.png\" \/>\n\t<meta property=\"og:image:width\" content=\"512\" \/>\n\t<meta property=\"og:image:height\" content=\"512\" \/>\n\t<meta property=\"og:image:type\" content=\"image\/png\" \/>\n<meta name=\"twitter:card\" content=\"summary_large_image\" \/>\n<meta name=\"twitter:site\" content=\"@talkpalai\" \/>\n<meta name=\"twitter:label1\" content=\"Predpokladan\u00fd \u010das \u010d\u00edtania\" \/>\n\t<meta name=\"twitter:data1\" content=\"4 min\u00faty\" \/>\n<script type=\"application\/ld+json\" class=\"yoast-schema-graph\">{\"@context\":\"https:\/\/schema.org\",\"@graph\":[{\"@type\":\"WebPage\",\"@id\":\"https:\/\/talkpal.ai\/sk\/nepalske-gramaticke-cvicenia\/\",\"url\":\"https:\/\/talkpal.ai\/sk\/nepalske-gramaticke-cvicenia\/\",\"name\":\"Nep\u00e1lske gramatick\u00e9 cvi\u010denia - Talkpal\",\"isPartOf\":{\"@id\":\"https:\/\/talkpal.ai\/sk\/#website\"},\"primaryImageOfPage\":{\"@id\":\"https:\/\/talkpal.ai\/sk\/nepalske-gramaticke-cvicenia\/#primaryimage\"},\"image\":{\"@id\":\"https:\/\/talkpal.ai\/sk\/nepalske-gramaticke-cvicenia\/#primaryimage\"},\"thumbnailUrl\":\"https:\/\/talkpal.ai\/wp-content\/uploads\/2023\/05\/nepal.png\",\"datePublished\":\"2023-06-22T08:52:21+00:00\",\"dateModified\":\"2025-12-17T14:40:51+00:00\",\"description\":\"Cvi\u010denia z nep\u00e1lskej gramatiky pre efekt\u00edvnu komunik\u00e1ciu. Presk\u00famajte \u010dasy a vetn\u00e9 kon\u0161trukcie pre plynulos\u0165 jazyka.\",\"breadcrumb\":{\"@id\":\"https:\/\/talkpal.ai\/sk\/nepalske-gramaticke-cvicenia\/#breadcrumb\"},\"inLanguage\":\"sk-SK\",\"potentialAction\":[{\"@type\":\"ReadAction\",\"target\":[\"https:\/\/talkpal.ai\/sk\/nepalske-gramaticke-cvicenia\/\"]}]},{\"@type\":\"ImageObject\",\"inLanguage\":\"sk-SK\",\"@id\":\"https:\/\/talkpal.ai\/sk\/nepalske-gramaticke-cvicenia\/#primaryimage\",\"url\":\"https:\/\/talkpal.ai\/wp-content\/uploads\/2023\/05\/nepal.png\",\"contentUrl\":\"https:\/\/talkpal.ai\/wp-content\/uploads\/2023\/05\/nepal.png\",\"width\":512,\"height\":512},{\"@type\":\"BreadcrumbList\",\"@id\":\"https:\/\/talkpal.ai\/sk\/nepalske-gramaticke-cvicenia\/#breadcrumb\",\"itemListElement\":[{\"@type\":\"ListItem\",\"position\":1,\"name\":\"Homepage\",\"item\":\"https:\/\/talkpal.ai\/sk\/\"},{\"@type\":\"ListItem\",\"position\":2,\"name\":\"Nep\u00e1lske gramatick\u00e9 cvi\u010denia\"}]},{\"@type\":\"WebSite\",\"@id\":\"https:\/\/talkpal.ai\/sk\/#website\",\"url\":\"https:\/\/talkpal.ai\/sk\/\",\"name\":\"Talkpal\",\"description\":\"AI Language Learning\",\"publisher\":{\"@id\":\"https:\/\/talkpal.ai\/sk\/#organization\"},\"alternateName\":\"Talkpal AI\",\"potentialAction\":[{\"@type\":\"SearchAction\",\"target\":{\"@type\":\"EntryPoint\",\"urlTemplate\":\"https:\/\/talkpal.ai\/sk\/?s={search_term_string}\"},\"query-input\":{\"@type\":\"PropertyValueSpecification\",\"valueRequired\":true,\"valueName\":\"search_term_string\"}}],\"inLanguage\":\"sk-SK\"},{\"@type\":\"Organization\",\"@id\":\"https:\/\/talkpal.ai\/sk\/#organization\",\"name\":\"Talkpal, Inc.\",\"alternateName\":\"Talkpal AI\",\"url\":\"https:\/\/talkpal.ai\/sk\/\",\"logo\":{\"@type\":\"ImageObject\",\"inLanguage\":\"sk-SK\",\"@id\":\"https:\/\/talkpal.ai\/sk\/#\/schema\/logo\/image\/\",\"url\":\"https:\/\/talkpal.ai\/wp-content\/uploads\/2024\/03\/Talkpal-Logo-Icon.png\",\"contentUrl\":\"https:\/\/talkpal.ai\/wp-content\/uploads\/2024\/03\/Talkpal-Logo-Icon.png\",\"width\":2880,\"height\":2880,\"caption\":\"Talkpal, Inc.\"},\"image\":{\"@id\":\"https:\/\/talkpal.ai\/sk\/#\/schema\/logo\/image\/\"},\"sameAs\":[\"https:\/\/www.facebook.com\/profile.php?id=100090733639311\",\"https:\/\/x.com\/talkpalai\",\"https:\/\/www.linkedin.com\/company\/talkpal\/\",\"https:\/\/www.youtube.com\/@TalkPal\/\",\"https:\/\/www.tiktok.com\/@talkpal\",\"https:\/\/www.instagram.com\/talkpal_ai\/\",\"https:\/\/www.crunchbase.com\/organization\/talkpal-9cde\",\"https:\/\/www.g2.com\/products\/talkpal-for-business\/\",\"https:\/\/www.trustpilot.com\/review\/talkpal.ai\",\"https:\/\/www.capterra.com\/p\/10006800\/TalkPal\/\"],\"description\":\"Talkpal is a language learning web and mobile education app, powered by the latest AI technologies, that provides engaging experiences to its customers in many different languages to help them improve their language skills. Users can chat about unlimited amount of topics with the app and use other modes to practice their language learning.\",\"email\":\"support@talkpal.ai\",\"legalName\":\"Talkpal, Inc.\",\"foundingDate\":\"2023-04-03\",\"duns\":\"118989042\",\"numberOfEmployees\":{\"@type\":\"QuantitativeValue\",\"minValue\":\"11\",\"maxValue\":\"50\"},\"publishingPrinciples\":\"https:\/\/talkpal.ai\/publishing-principles\/\",\"actionableFeedbackPolicy\":\"https:\/\/talkpal.ai\/actionable-feedback-policy\/\",\"correctionsPolicy\":\"https:\/\/talkpal.ai\/corrections-policy\/\",\"ethicsPolicy\":\"https:\/\/talkpal.ai\/ethics-policy\/\",\"diversityPolicy\":\"https:\/\/talkpal.ai\/diversity-policy\/\",\"diversityStaffingReport\":\"https:\/\/talkpal.ai\/diversity-policy\/\"}]}<\/script>\n<!-- \/ Yoast SEO Premium plugin. -->","yoast_head_json":{"title":"Nep\u00e1lske gramatick\u00e9 cvi\u010denia - Talkpal","description":"Cvi\u010denia z nep\u00e1lskej gramatiky pre efekt\u00edvnu komunik\u00e1ciu. Presk\u00famajte \u010dasy a vetn\u00e9 kon\u0161trukcie pre plynulos\u0165 jazyka.","robots":{"index":"index","follow":"follow","max-snippet":"max-snippet:-1","max-image-preview":"max-image-preview:large","max-video-preview":"max-video-preview:-1"},"canonical":"https:\/\/talkpal.ai\/sk\/nepalske-gramaticke-cvicenia\/","og_locale":"sk_SK","og_type":"article","og_title":"Nep\u00e1lske gramatick\u00e9 cvi\u010denia","og_description":"Nep\u00e1l\u010dina Gramatick\u00e9 t\u00e9my U\u010denie sa nep\u00e1lskeho jazyka m\u00f4\u017ee by\u0165 fascinuj\u00facou a obohacuj\u00facou sk\u00fasenos\u0165ou pre ka\u017ed\u00e9ho, kto m\u00e1 z\u00e1ujem ponori\u0165 sa do bohatej","og_url":"https:\/\/talkpal.ai\/sk\/nepalske-gramaticke-cvicenia\/","og_site_name":"Talkpal","article_publisher":"https:\/\/www.facebook.com\/profile.php?id=100090733639311","article_modified_time":"2025-12-17T14:40:51+00:00","og_image":[{"width":512,"height":512,"url":"https:\/\/talkpal.ai\/wp-content\/uploads\/2023\/05\/nepal.png","type":"image\/png"}],"twitter_card":"summary_large_image","twitter_site":"@talkpalai","twitter_misc":{"Predpokladan\u00fd \u010das \u010d\u00edtania":"4 min\u00faty"},"schema":{"@context":"https:\/\/schema.org","@graph":[{"@type":"WebPage","@id":"https:\/\/talkpal.ai\/sk\/nepalske-gramaticke-cvicenia\/","url":"https:\/\/talkpal.ai\/sk\/nepalske-gramaticke-cvicenia\/","name":"Nep\u00e1lske gramatick\u00e9 cvi\u010denia - Talkpal","isPartOf":{"@id":"https:\/\/talkpal.ai\/sk\/#website"},"primaryImageOfPage":{"@id":"https:\/\/talkpal.ai\/sk\/nepalske-gramaticke-cvicenia\/#primaryimage"},"image":{"@id":"https:\/\/talkpal.ai\/sk\/nepalske-gramaticke-cvicenia\/#primaryimage"},"thumbnailUrl":"https:\/\/talkpal.ai\/wp-content\/uploads\/2023\/05\/nepal.png","datePublished":"2023-06-22T08:52:21+00:00","dateModified":"2025-12-17T14:40:51+00:00","description":"Cvi\u010denia z nep\u00e1lskej gramatiky pre efekt\u00edvnu komunik\u00e1ciu. Presk\u00famajte \u010dasy a vetn\u00e9 kon\u0161trukcie pre plynulos\u0165 jazyka.","breadcrumb":{"@id":"https:\/\/talkpal.ai\/sk\/nepalske-gramaticke-cvicenia\/#breadcrumb"},"inLanguage":"sk-SK","potentialAction":[{"@type":"ReadAction","target":["https:\/\/talkpal.ai\/sk\/nepalske-gramaticke-cvicenia\/"]}]},{"@type":"ImageObject","inLanguage":"sk-SK","@id":"https:\/\/talkpal.ai\/sk\/nepalske-gramaticke-cvicenia\/#primaryimage","url":"https:\/\/talkpal.ai\/wp-content\/uploads\/2023\/05\/nepal.png","contentUrl":"https:\/\/talkpal.ai\/wp-content\/uploads\/2023\/05\/nepal.png","width":512,"height":512},{"@type":"BreadcrumbList","@id":"https:\/\/talkpal.ai\/sk\/nepalske-gramaticke-cvicenia\/#breadcrumb","itemListElement":[{"@type":"ListItem","position":1,"name":"Homepage","item":"https:\/\/talkpal.ai\/sk\/"},{"@type":"ListItem","position":2,"name":"Nep\u00e1lske gramatick\u00e9 cvi\u010denia"}]},{"@type":"WebSite","@id":"https:\/\/talkpal.ai\/sk\/#website","url":"https:\/\/talkpal.ai\/sk\/","name":"Talkpal","description":"AI Language Learning","publisher":{"@id":"https:\/\/talkpal.ai\/sk\/#organization"},"alternateName":"Talkpal AI","potentialAction":[{"@type":"SearchAction","target":{"@type":"EntryPoint","urlTemplate":"https:\/\/talkpal.ai\/sk\/?s={search_term_string}"},"query-input":{"@type":"PropertyValueSpecification","valueRequired":true,"valueName":"search_term_string"}}],"inLanguage":"sk-SK"},{"@type":"Organization","@id":"https:\/\/talkpal.ai\/sk\/#organization","name":"Talkpal, Inc.","alternateName":"Talkpal AI","url":"https:\/\/talkpal.ai\/sk\/","logo":{"@type":"ImageObject","inLanguage":"sk-SK","@id":"https:\/\/talkpal.ai\/sk\/#\/schema\/logo\/image\/","url":"https:\/\/talkpal.ai\/wp-content\/uploads\/2024\/03\/Talkpal-Logo-Icon.png","contentUrl":"https:\/\/talkpal.ai\/wp-content\/uploads\/2024\/03\/Talkpal-Logo-Icon.png","width":2880,"height":2880,"caption":"Talkpal, Inc."},"image":{"@id":"https:\/\/talkpal.ai\/sk\/#\/schema\/logo\/image\/"},"sameAs":["https:\/\/www.facebook.com\/profile.php?id=100090733639311","https:\/\/x.com\/talkpalai","https:\/\/www.linkedin.com\/company\/talkpal\/","https:\/\/www.youtube.com\/@TalkPal\/","https:\/\/www.tiktok.com\/@talkpal","https:\/\/www.instagram.com\/talkpal_ai\/","https:\/\/www.crunchbase.com\/organization\/talkpal-9cde","https:\/\/www.g2.com\/products\/talkpal-for-business\/","https:\/\/www.trustpilot.com\/review\/talkpal.ai","https:\/\/www.capterra.com\/p\/10006800\/TalkPal\/"],"description":"Talkpal is a language learning web and mobile education app, powered by the latest AI technologies, that provides engaging experiences to its customers in many different languages to help them improve their language skills. Users can chat about unlimited amount of topics with the app and use other modes to practice their language learning.","email":"support@talkpal.ai","legalName":"Talkpal, Inc.","foundingDate":"2023-04-03","duns":"118989042","numberOfEmployees":{"@type":"QuantitativeValue","minValue":"11","maxValue":"50"},"publishingPrinciples":"https:\/\/talkpal.ai\/publishing-principles\/","actionableFeedbackPolicy":"https:\/\/talkpal.ai\/actionable-feedback-policy\/","correctionsPolicy":"https:\/\/talkpal.ai\/corrections-policy\/","ethicsPolicy":"https:\/\/talkpal.ai\/ethics-policy\/","diversityPolicy":"https:\/\/talkpal.ai\/diversity-policy\/","diversityStaffingReport":"https:\/\/talkpal.ai\/diversity-policy\/"}]}},"_links":{"self":[{"href":"https:\/\/talkpal.ai\/sk\/wp-json\/wp\/v2\/pages\/158639","targetHints":{"allow":["GET"]}}],"collection":[{"href":"https:\/\/talkpal.ai\/sk\/wp-json\/wp\/v2\/pages"}],"about":[{"href":"https:\/\/talkpal.ai\/sk\/wp-json\/wp\/v2\/types\/page"}],"author":[{"embeddable":true,"href":"https:\/\/talkpal.ai\/sk\/wp-json\/wp\/v2\/users\/6"}],"replies":[{"embeddable":true,"href":"https:\/\/talkpal.ai\/sk\/wp-json\/wp\/v2\/comments?post=158639"}],"version-history":[{"count":0,"href":"https:\/\/talkpal.ai\/sk\/wp-json\/wp\/v2\/pages\/158639\/revisions"}],"wp:featuredmedia":[{"embeddable":true,"href":"https:\/\/talkpal.ai\/sk\/wp-json\/wp\/v2\/media\/116079"}],"wp:attachment":[{"href":"https:\/\/talkpal.ai\/sk\/wp-json\/wp\/v2\/media?parent=158639"}],"curies":[{"name":"wp","href":"https:\/\/api.w.org\/{rel}","templated":true}]}}