{"id":158346,"date":"2023-06-27T08:41:59","date_gmt":"2023-06-27T08:41:59","guid":{"rendered":"http:\/\/talkpal.ai\/norske-gramaticke-cvicenia\/"},"modified":"2025-12-17T14:37:51","modified_gmt":"2025-12-17T14:37:51","slug":"norske-gramaticke-cvicenia","status":"publish","type":"page","link":"https:\/\/talkpal.ai\/sk\/norske-gramaticke-cvicenia\/","title":{"rendered":"N\u00f3rske gramatick\u00e9 cvi\u010denia"},"content":{"rendered":"\r\n\r\n\r\n<section class=\"languageChallengeSection\">\r\n    <div class=\"languageInfoWrapper\">\r\n        \r\n        <h1>N\u00f3rske gramatick\u00e9 cvi\u010denia<\/h1>\r\n        <p>Chcete si by\u0165 istej\u0161\u00ed v n\u00f3r\u010dine? Precvi\u010dovanie gramatick\u00fdch cvi\u010den\u00ed je skvel\u00fd sp\u00f4sob, ako si osvoji\u0165 \u0161trukt\u00faru viet, slovesn\u00e9 tvary a jedine\u010dn\u00e9 vzory n\u00f3rskeho jazyka. Za\u010dnite pracova\u0165 na n\u00f3rskej gramatike e\u0161te dnes a sledujte, ako va\u0161e zru\u010dnosti a plynulos\u0165 rast\u00fa s ka\u017ed\u00fdm cvi\u010den\u00edm!\n\n<\/p>\r\n\r\n                            <a class=\"getStartedHidden\" href=\"https:\/\/app.talkpal.ai\/sk\/signup?lng=\">Za\u010dni<\/a>\r\n        \r\n    <\/div>\r\n\r\n    <figure>\r\n    <img decoding=\"async\" width=\"768\" height=\"768\" src=\"https:\/\/talkpal.ai\/wp-content\/uploads\/2023\/06\/norwegian-768x768.png\" class=\"languageImage no-lazy\" alt=\"Language learning for extensive vocabulary\" fetchpriority=\"high\" sizes=\"(max-width: 768px) 150px, 768px\" srcset=\"https:\/\/talkpal.ai\/wp-content\/uploads\/2023\/06\/norwegian-768x768.png 768w, https:\/\/talkpal.ai\/wp-content\/uploads\/2023\/06\/norwegian-300x300.png 300w\" \/>\r\n    \r\n\r\n    <\/figure>\r\n\r\n            <a class=\"getStartedVisible\" href=\"https:\/\/app.talkpal.ai\/sk\/signup?lng=\">Za\u010dni<\/a>\r\n    \r\n<\/section>\r\n\r\n\r\n<!-- <section class=\"grammarSection\">\r\n    <div class=\"grammarLinks\">\r\n            <\/div>\r\n<\/section> -->\r\n\r\n\r\n\r\n\r\n<section class=\"promotionalBanner\">\r\n    <p class=\"promotionalText\">Najefekt\u00edvnej\u0161\u00ed sp\u00f4sob, ako sa nau\u010di\u0165 jazyk<\/p>\r\n    <a class=\"promotionalLink\" href=\"https:\/\/app.talkpal.ai\/sk\/signup?lng=\">Vysk\u00fa\u0161ajte Talkpal zadarmo<\/a>\r\n<\/section>\n<div class=\"wp-block-group pageContainerStyle\"><div class=\"wp-block-group__inner-container is-layout-constrained wp-block-group-is-layout-constrained\">\n<h2 class=\"wp-block-heading\" id=\"h-norwegian-grammar-topics\">T\u00e9my n\u00f3rskej gramatiky<\/h2>\n\n\n\n<p><a href=\"https:\/\/talkpal.ai\/sk\/ucenie\/\">U\u010denie sa<\/a> n\u00f3r\u010diny m\u00f4\u017ee by\u0165 vzru\u0161uj\u00facim a obohacuj\u00facim z\u00e1\u017eitkom, preto\u017ee otv\u00e1ra dvere bohatej kult\u00farnej hist\u00f3rii, ohromuj\u00facej krajine a jedine\u010dn\u00e9mu sp\u00f4sobu \u017eivota v N\u00f3rsku. Ako severogerm\u00e1nsky jazyk <a href=\"https:\/\/talkpal.ai\/learn-norwegian\/\">n\u00f3r\u010dina<\/a> zdie\u013ea ve\u013ea podobnost\u00ed so susedn\u00fdmi jazykmi, \u0161v\u00e9d\u010dinou a d\u00e1n\u010dinou. M\u00f4\u017ee sa v\u0161ak pochv\u00e1li\u0165 vlastnou odli\u0161nou gramatikou, v\u00fdslovnos\u0165ou a slovnou z\u00e1sobou. Na zvl\u00e1dnutie tohto kr\u00e1sneho jazyka je nevyhnutn\u00e9 porozumie\u0165 n\u00f3rskej gramatike a jej r\u00f4znym zlo\u017ek\u00e1m. V tejto pr\u00edru\u010dke sa budeme venova\u0165 k\u013e\u00fa\u010dov\u00fdm aspektom n\u00f3rskej gramatiky vr\u00e1tane \u010dasov, slovies, podstatn\u00fdch mien, \u010dl\u00e1nkov, z\u00e1men, pr\u00eddavn\u00fdch mien, pr\u00edsloviek, podmienkov\u00fdch v\u00fdrazov, predlo\u017eiek a viet, aby sme v\u00e1m pomohli vybudova\u0165 si pevn\u00e9 z\u00e1klady pre va\u0161e <a href=\"https:\/\/talkpal.ai\/sk\/jazykove-vzdelavanie-pre-zamestnancov\/\">jazykov\u00e9 vzdel\u00e1vanie<\/a>.<\/p>\n\n\n\n<h3 class=\"wp-block-heading\" id=\"h-1-tenses\">1. \u010casy:<\/h3>\n\n\n\n<p>Ako v\u00fdchodiskov\u00fd bod sa zamerajte na pochopenie n\u00f3rskych \u010dasov. <a href=\"https:\/\/talkpal.ai\/learn-norwegian\/\">N\u00f3r\u010dina<\/a> m\u00e1 tri hlavn\u00e9 \u010dasy: pr\u00edtomn\u00fd, minul\u00fd a bud\u00faci, ktor\u00e9 s\u00fa rozhoduj\u00face pre vyjadrenie akci\u00ed a udalost\u00ed v r\u00f4znych \u010dasov\u00fdch okamihoch. Obozn\u00e1mte sa so sp\u00f4sobom, ak\u00fdm s\u00fa sloves\u00e1 \u010dasovan\u00e9 a ako sa menia v r\u00f4znych \u010dasoch.<\/p>\n\n\n\n<h3 class=\"wp-block-heading\" id=\"h-2-tense-comparison\">2. Nap\u00e4t\u00e9 porovnanie:<\/h3>\n\n\n\n<p>Ke\u010f pochop\u00edte z\u00e1kladn\u00e9 \u010dasy, presk\u00famajte, ako sa navz\u00e1jom porovn\u00e1vaj\u00fa a kontrastuj\u00fa. To v\u00e1m pom\u00f4\u017ee pochopi\u0165 v\u00fdznamov\u00e9 nuansy a zlep\u0161i\u0165 va\u0161e porozumenie a komunika\u010dn\u00e9 schopnosti.<\/p>\n\n\n\n<h3 class=\"wp-block-heading\" id=\"h-3-verbs\">3. Sloves\u00e1:<\/h3>\n\n\n\n<p>N\u00f3rske sloves\u00e1 s\u00fa \u017eivotne d\u00f4le\u017eit\u00e9 pre kon\u0161trukciu viet a vyjadrenie v\u00fdznamu. Z\u00edskajte inform\u00e1cie o r\u00f4znych typoch slovies a o tom, ako interaguj\u00fa s predmetmi a objektmi vo vete. Okrem toho pochopte pojem mod\u00e1lnych slovies a ako vyjadruj\u00fa potrebu, mo\u017enos\u0165 a povinnos\u0165.<\/p>\n\n\n\n<h3 class=\"wp-block-heading\" id=\"h-4-nouns\">4. Podstatn\u00e9 men\u00e1:<\/h3>\n\n\n\n<p>N\u00f3rske podstatn\u00e9 men\u00e1 s\u00fa rozdelen\u00e9 do troch rodov: mu\u017esk\u00fd, \u017eensk\u00fd a kastrovan\u00fd. To ovplyv\u0148uje sp\u00f4sob, ak\u00fdm sa s nimi pou\u017e\u00edvaj\u00fa \u010dl\u00e1nky, pr\u00eddavn\u00e9 men\u00e1 a z\u00e1men\u00e1. Nau\u010dte sa pravidl\u00e1 tvorby mno\u017en\u00e9ho \u010d\u00edsla a ur\u010dit\u00e9 a neur\u010dit\u00e9 tvary podstatn\u00fdch mien.<\/p>\n\n\n\n<h3 class=\"wp-block-heading\" id=\"h-5-articles\">5. \u010cl\u00e1nky:<\/h3>\n\n\n\n<p>\u010cl\u00e1nky s\u00fa kr\u00e1tke slov\u00e1, ktor\u00e9 sprev\u00e1dzaj\u00fa podstatn\u00e9 men\u00e1 a ozna\u010duj\u00fa ich pohlavie a po\u010det. N\u00f3r\u010dina m\u00e1 ur\u010dit\u00e9 a neur\u010dit\u00e9 \u010dl\u00e1nky, ktor\u00e9 s\u00fa rozhoduj\u00face pre spr\u00e1vne tvorenie viet.<\/p>\n\n\n\n<h3 class=\"wp-block-heading\" id=\"h-6-pronouns-determiners\">6. Z\u00e1men\u00e1\/determin\u00e1tory:<\/h3>\n\n\n\n<p>Tieto slov\u00e1 nahr\u00e1dzaj\u00fa alebo upravuj\u00fa podstatn\u00e9 men\u00e1 a musia s\u00fahlasi\u0165 v rode a \u010d\u00edsle s podstatn\u00fdm menom, na ktor\u00e9 odkazuj\u00fa. \u0160tudujte r\u00f4zne typy z\u00e1men a determin\u00e1torov vr\u00e1tane osobn\u00fdch, privlast\u0148ovac\u00edch, demon\u0161tra\u010dn\u00fdch a relat\u00edvnych z\u00e1men.<\/p>\n\n\n\n<h3 class=\"wp-block-heading\" id=\"h-7-adjectives\">7. Pr\u00eddavn\u00e9 men\u00e1:<\/h3>\n\n\n\n<p>Pr\u00eddavn\u00e9 men\u00e1 opisuj\u00fa alebo upravuj\u00fa podstatn\u00e9 men\u00e1 a z\u00e1men\u00e1. Nau\u010dte sa, ako spr\u00e1vne pou\u017e\u00edva\u0165 pr\u00eddavn\u00e9 men\u00e1, pochopen\u00edm ich pravidiel dohody s rodom a po\u010dtom podstatn\u00fdch mien, ktor\u00e9 upravuj\u00fa.<\/p>\n\n\n\n<h3 class=\"wp-block-heading\" id=\"h-8-adverbs\">8. Pr\u00edslovky:<\/h3>\n\n\n\n<p>Pr\u00edslovky upravuj\u00fa sloves\u00e1, pr\u00eddavn\u00e9 men\u00e1 alebo in\u00e9 pr\u00edslovky a poskytuj\u00fa \u010fal\u0161ie inform\u00e1cie o \u010dinnostiach alebo vlastnostiach. Nau\u010dte sa r\u00f4zne typy pr\u00edsloviek a ako ich efekt\u00edvne pou\u017e\u00edva\u0165 vo svojich vet\u00e1ch.<\/p>\n\n\n\n<h3 class=\"wp-block-heading\" id=\"h-9-conditionals\">9. Podmienky:<\/h3>\n\n\n\n<p>Podmienen\u00e9 sa pou\u017e\u00edvaj\u00fa na vyjadrenie hypotetick\u00fdch situ\u00e1ci\u00ed a ich d\u00f4sledkov. \u0160tudujte r\u00f4zne typy kondicion\u00e1lov a ako ich formova\u0165 pomocou spr\u00e1vnych slovesn\u00fdch tvarov a spojok.<\/p>\n\n\n\n<h3 class=\"wp-block-heading\" id=\"h-10-prepositions\">10. Predlo\u017eky:<\/h3>\n\n\n\n<p>Predlo\u017eky s\u00fa kr\u00e1tke slov\u00e1, ktor\u00e9 ozna\u010duj\u00fa vz\u0165ahy medzi podstatn\u00fdmi menami, z\u00e1menami a in\u00fdmi slovami vo vete. Zvl\u00e1dnutie pou\u017e\u00edvania predlo\u017eiek je rozhoduj\u00face pre pochopenie a tvorbu presn\u00fdch viet v n\u00f3r\u010dine.<\/p>\n\n\n\n<h3 class=\"wp-block-heading\" id=\"h-11-sentences\">11. Vety:<\/h3>\n\n\n\n<p>Nakoniec si precvi\u010dte kon\u0161trukciu viet v n\u00f3r\u010dine kombin\u00e1ciou va\u0161ich znalost\u00ed slovies, podstatn\u00fdch mien, \u010dl\u00e1nkov, z\u00e1men, pr\u00eddavn\u00fdch mien, pr\u00edsloviek, podmienen\u00fdch a predlo\u017eiek. Experimentujte s r\u00f4znymi vetn\u00fdmi \u0161trukt\u00farami a precvi\u010dujte si vytv\u00e1ranie ot\u00e1zok, vyhl\u00e1sen\u00ed a pr\u00edkazov, aby ste sa stali zdatn\u00fdmi v jazyku.<\/p>\n<\/div><\/div>\n\r\n<section class=\"learnNavigationSection\">\r\n            \r\n        <a href=\"https:\/\/talkpal.ai\/sk\/naucte-sa-norsky\/\">\r\n            <div class=\"learnNavigationWrapper\">\r\n                <div class=\"learnNavigationContent\">\r\n                    <img decoding=\"async\" src=\"https:\/\/talkpal.ai\/wp-content\/uploads\/2024\/08\/Norwegian.jpg\" alt=\"Norwegian Flag\">\r\n                    <div>\r\n                        <h4>O n\u00f3rskom vzdel\u00e1van\u00ed<\/h4>\r\n                        <p>Zistite v\u0161etko o n\u00f3rskej gramatike.<\/p>\r\n                    <\/div>\r\n                <\/div>\r\n            <\/div>\r\n        <\/a>\r\n\r\n        \r\n        <a href=\"https:\/\/talkpal.ai\/sk\/norska-gramatika\/\">\r\n            <div class=\"learnNavigationWrapper\">\r\n                <div class=\"learnNavigationContent\">\r\n                    <img decoding=\"async\" src=\"https:\/\/talkpal.ai\/wp-content\/uploads\/2024\/08\/Norwegian.jpg\" alt=\"Norwegian Flag\">\r\n                    <div>\r\n                        <h4>N\u00f3rske gramatick\u00e9 lekcie<\/h4>\r\n                        <p>Precvi\u010dte si n\u00f3rsku gramatiku.<\/p>\r\n                    <\/div>\r\n                <\/div>\r\n            <\/div>\r\n        <\/a>\r\n\r\n        \r\n        <a href=\"https:\/\/talkpal.ai\/vocabulary_language\/norwegian\/\">\r\n            <div class=\"learnNavigationWrapper\">\r\n                <div class=\"learnNavigationContent\">\r\n                    <img decoding=\"async\" src=\"https:\/\/talkpal.ai\/wp-content\/uploads\/2024\/08\/Norwegian.jpg\" alt=\"Norwegian Flag\">\r\n                    <div>\r\n                        <h4>N\u00f3rska slovn\u00e1 z\u00e1soba<\/h4>\r\n                        <p>Roz\u0161\u00edrte si n\u00f3rsku slovn\u00fa z\u00e1sobu.<\/p>\r\n                    <\/div>\r\n                <\/div>\r\n            <\/div>\r\n        <\/a>\r\n\r\n            <\/section>","protected":false},"excerpt":{"rendered":"<p>T\u00e9my n\u00f3rskej gramatiky U\u010denie sa n\u00f3r\u010diny m\u00f4\u017ee by\u0165 vzru\u0161uj\u00facim a obohacuj\u00facim z\u00e1\u017eitkom, preto\u017ee otv\u00e1ra dvere bohatej kult\u00farnej hist\u00f3rii, ohromuj\u00facej krajine a jedine\u010dn\u00e9mu sp\u00f4sobu \u017eivota v N\u00f3rsku. Ako severogerm\u00e1nsky jazyk n\u00f3r\u010dina zdie\u013ea ve\u013ea podobnost\u00ed so susedn\u00fdmi jazykmi, \u0161v\u00e9d\u010dinou a d\u00e1n\u010dinou. M\u00f4\u017ee sa v\u0161ak pochv\u00e1li\u0165 vlastnou odli\u0161nou gramatikou, v\u00fdslovnos\u0165ou a slovnou z\u00e1sobou. Na zvl\u00e1dnutie tohto kr\u00e1sneho jazyka [&hellip;]<\/p>\n","protected":false},"author":6,"featured_media":116846,"parent":0,"menu_order":0,"comment_status":"closed","ping_status":"closed","template":"LearningContentPage.php","meta":{"_acf_changed":false,"footnotes":""},"class_list":["post-158346","page","type-page","status-publish","has-post-thumbnail","hentry"],"acf":[],"yoast_head":"<!-- This site is optimized with the Yoast SEO Premium plugin v27.2 (Yoast SEO v27.2) - https:\/\/yoast.com\/product\/yoast-seo-premium-wordpress\/ -->\n<title>N\u00f3rske gramatick\u00e9 cvi\u010denia - Talkpal<\/title>\n<meta name=\"description\" content=\"Zlep\u0161ite svoje zru\u010dnosti pomocou p\u00fatav\u00fdch cvi\u010den\u00ed z n\u00f3rskej gramatiky. Ide\u00e1lne pre \u017eiakov na ka\u017edej \u00farovni, aby mohli efekt\u00edvne cvi\u010di\u0165.\" \/>\n<meta name=\"robots\" content=\"index, follow, max-snippet:-1, max-image-preview:large, max-video-preview:-1\" \/>\n<link rel=\"canonical\" href=\"https:\/\/talkpal.ai\/sk\/norske-gramaticke-cvicenia\/\" \/>\n<meta property=\"og:locale\" content=\"sk_SK\" \/>\n<meta property=\"og:type\" content=\"article\" \/>\n<meta property=\"og:title\" content=\"N\u00f3rske gramatick\u00e9 cvi\u010denia\" \/>\n<meta property=\"og:description\" content=\"T\u00e9my n\u00f3rskej gramatiky U\u010denie sa n\u00f3r\u010diny m\u00f4\u017ee by\u0165 vzru\u0161uj\u00facim a obohacuj\u00facim z\u00e1\u017eitkom, preto\u017ee otv\u00e1ra dvere bohatej kult\u00farnej hist\u00f3rii, ohromuj\u00facej\" \/>\n<meta property=\"og:url\" content=\"https:\/\/talkpal.ai\/sk\/norske-gramaticke-cvicenia\/\" \/>\n<meta property=\"og:site_name\" content=\"Talkpal\" \/>\n<meta property=\"article:publisher\" content=\"https:\/\/www.facebook.com\/profile.php?id=100090733639311\" \/>\n<meta property=\"article:modified_time\" content=\"2025-12-17T14:37:51+00:00\" \/>\n<meta property=\"og:image\" content=\"https:\/\/talkpal.ai\/wp-content\/uploads\/2023\/05\/norway.png\" \/>\n\t<meta property=\"og:image:width\" content=\"512\" \/>\n\t<meta property=\"og:image:height\" content=\"512\" \/>\n\t<meta property=\"og:image:type\" content=\"image\/png\" \/>\n<meta name=\"twitter:card\" content=\"summary_large_image\" \/>\n<meta name=\"twitter:site\" content=\"@talkpalai\" \/>\n<meta name=\"twitter:label1\" content=\"Predpokladan\u00fd \u010das \u010d\u00edtania\" \/>\n\t<meta name=\"twitter:data1\" content=\"3 min\u00faty\" \/>\n<script type=\"application\/ld+json\" class=\"yoast-schema-graph\">{\"@context\":\"https:\/\/schema.org\",\"@graph\":[{\"@type\":\"WebPage\",\"@id\":\"https:\/\/talkpal.ai\/sk\/norske-gramaticke-cvicenia\/\",\"url\":\"https:\/\/talkpal.ai\/sk\/norske-gramaticke-cvicenia\/\",\"name\":\"N\u00f3rske gramatick\u00e9 cvi\u010denia - Talkpal\",\"isPartOf\":{\"@id\":\"https:\/\/talkpal.ai\/sk\/#website\"},\"primaryImageOfPage\":{\"@id\":\"https:\/\/talkpal.ai\/sk\/norske-gramaticke-cvicenia\/#primaryimage\"},\"image\":{\"@id\":\"https:\/\/talkpal.ai\/sk\/norske-gramaticke-cvicenia\/#primaryimage\"},\"thumbnailUrl\":\"https:\/\/talkpal.ai\/wp-content\/uploads\/2023\/05\/norway.png\",\"datePublished\":\"2023-06-27T08:41:59+00:00\",\"dateModified\":\"2025-12-17T14:37:51+00:00\",\"description\":\"Zlep\u0161ite svoje zru\u010dnosti pomocou p\u00fatav\u00fdch cvi\u010den\u00ed z n\u00f3rskej gramatiky. Ide\u00e1lne pre \u017eiakov na ka\u017edej \u00farovni, aby mohli efekt\u00edvne cvi\u010di\u0165.\",\"breadcrumb\":{\"@id\":\"https:\/\/talkpal.ai\/sk\/norske-gramaticke-cvicenia\/#breadcrumb\"},\"inLanguage\":\"sk-SK\",\"potentialAction\":[{\"@type\":\"ReadAction\",\"target\":[\"https:\/\/talkpal.ai\/sk\/norske-gramaticke-cvicenia\/\"]}]},{\"@type\":\"ImageObject\",\"inLanguage\":\"sk-SK\",\"@id\":\"https:\/\/talkpal.ai\/sk\/norske-gramaticke-cvicenia\/#primaryimage\",\"url\":\"https:\/\/talkpal.ai\/wp-content\/uploads\/2023\/05\/norway.png\",\"contentUrl\":\"https:\/\/talkpal.ai\/wp-content\/uploads\/2023\/05\/norway.png\",\"width\":512,\"height\":512},{\"@type\":\"BreadcrumbList\",\"@id\":\"https:\/\/talkpal.ai\/sk\/norske-gramaticke-cvicenia\/#breadcrumb\",\"itemListElement\":[{\"@type\":\"ListItem\",\"position\":1,\"name\":\"Homepage\",\"item\":\"https:\/\/talkpal.ai\/sk\/\"},{\"@type\":\"ListItem\",\"position\":2,\"name\":\"N\u00f3rske gramatick\u00e9 cvi\u010denia\"}]},{\"@type\":\"WebSite\",\"@id\":\"https:\/\/talkpal.ai\/sk\/#website\",\"url\":\"https:\/\/talkpal.ai\/sk\/\",\"name\":\"Talkpal\",\"description\":\"AI Language Learning\",\"publisher\":{\"@id\":\"https:\/\/talkpal.ai\/sk\/#organization\"},\"alternateName\":\"Talkpal AI\",\"potentialAction\":[{\"@type\":\"SearchAction\",\"target\":{\"@type\":\"EntryPoint\",\"urlTemplate\":\"https:\/\/talkpal.ai\/sk\/?s={search_term_string}\"},\"query-input\":{\"@type\":\"PropertyValueSpecification\",\"valueRequired\":true,\"valueName\":\"search_term_string\"}}],\"inLanguage\":\"sk-SK\"},{\"@type\":\"Organization\",\"@id\":\"https:\/\/talkpal.ai\/sk\/#organization\",\"name\":\"Talkpal, Inc.\",\"alternateName\":\"Talkpal AI\",\"url\":\"https:\/\/talkpal.ai\/sk\/\",\"logo\":{\"@type\":\"ImageObject\",\"inLanguage\":\"sk-SK\",\"@id\":\"https:\/\/talkpal.ai\/sk\/#\/schema\/logo\/image\/\",\"url\":\"https:\/\/talkpal.ai\/wp-content\/uploads\/2024\/03\/Talkpal-Logo-Icon.png\",\"contentUrl\":\"https:\/\/talkpal.ai\/wp-content\/uploads\/2024\/03\/Talkpal-Logo-Icon.png\",\"width\":2880,\"height\":2880,\"caption\":\"Talkpal, Inc.\"},\"image\":{\"@id\":\"https:\/\/talkpal.ai\/sk\/#\/schema\/logo\/image\/\"},\"sameAs\":[\"https:\/\/www.facebook.com\/profile.php?id=100090733639311\",\"https:\/\/x.com\/talkpalai\",\"https:\/\/www.linkedin.com\/company\/talkpal\/\",\"https:\/\/www.youtube.com\/@TalkPal\/\",\"https:\/\/www.tiktok.com\/@talkpal\",\"https:\/\/www.instagram.com\/talkpal_ai\/\",\"https:\/\/www.crunchbase.com\/organization\/talkpal-9cde\",\"https:\/\/www.g2.com\/products\/talkpal-for-business\/\",\"https:\/\/www.trustpilot.com\/review\/talkpal.ai\",\"https:\/\/www.capterra.com\/p\/10006800\/TalkPal\/\"],\"description\":\"Talkpal is a language learning web and mobile education app, powered by the latest AI technologies, that provides engaging experiences to its customers in many different languages to help them improve their language skills. Users can chat about unlimited amount of topics with the app and use other modes to practice their language learning.\",\"email\":\"support@talkpal.ai\",\"legalName\":\"Talkpal, Inc.\",\"foundingDate\":\"2023-04-03\",\"duns\":\"118989042\",\"numberOfEmployees\":{\"@type\":\"QuantitativeValue\",\"minValue\":\"11\",\"maxValue\":\"50\"},\"publishingPrinciples\":\"https:\/\/talkpal.ai\/publishing-principles\/\",\"actionableFeedbackPolicy\":\"https:\/\/talkpal.ai\/actionable-feedback-policy\/\",\"correctionsPolicy\":\"https:\/\/talkpal.ai\/corrections-policy\/\",\"ethicsPolicy\":\"https:\/\/talkpal.ai\/ethics-policy\/\",\"diversityPolicy\":\"https:\/\/talkpal.ai\/diversity-policy\/\",\"diversityStaffingReport\":\"https:\/\/talkpal.ai\/diversity-policy\/\"}]}<\/script>\n<!-- \/ Yoast SEO Premium plugin. -->","yoast_head_json":{"title":"N\u00f3rske gramatick\u00e9 cvi\u010denia - Talkpal","description":"Zlep\u0161ite svoje zru\u010dnosti pomocou p\u00fatav\u00fdch cvi\u010den\u00ed z n\u00f3rskej gramatiky. Ide\u00e1lne pre \u017eiakov na ka\u017edej \u00farovni, aby mohli efekt\u00edvne cvi\u010di\u0165.","robots":{"index":"index","follow":"follow","max-snippet":"max-snippet:-1","max-image-preview":"max-image-preview:large","max-video-preview":"max-video-preview:-1"},"canonical":"https:\/\/talkpal.ai\/sk\/norske-gramaticke-cvicenia\/","og_locale":"sk_SK","og_type":"article","og_title":"N\u00f3rske gramatick\u00e9 cvi\u010denia","og_description":"T\u00e9my n\u00f3rskej gramatiky U\u010denie sa n\u00f3r\u010diny m\u00f4\u017ee by\u0165 vzru\u0161uj\u00facim a obohacuj\u00facim z\u00e1\u017eitkom, preto\u017ee otv\u00e1ra dvere bohatej kult\u00farnej hist\u00f3rii, ohromuj\u00facej","og_url":"https:\/\/talkpal.ai\/sk\/norske-gramaticke-cvicenia\/","og_site_name":"Talkpal","article_publisher":"https:\/\/www.facebook.com\/profile.php?id=100090733639311","article_modified_time":"2025-12-17T14:37:51+00:00","og_image":[{"width":512,"height":512,"url":"https:\/\/talkpal.ai\/wp-content\/uploads\/2023\/05\/norway.png","type":"image\/png"}],"twitter_card":"summary_large_image","twitter_site":"@talkpalai","twitter_misc":{"Predpokladan\u00fd \u010das \u010d\u00edtania":"3 min\u00faty"},"schema":{"@context":"https:\/\/schema.org","@graph":[{"@type":"WebPage","@id":"https:\/\/talkpal.ai\/sk\/norske-gramaticke-cvicenia\/","url":"https:\/\/talkpal.ai\/sk\/norske-gramaticke-cvicenia\/","name":"N\u00f3rske gramatick\u00e9 cvi\u010denia - Talkpal","isPartOf":{"@id":"https:\/\/talkpal.ai\/sk\/#website"},"primaryImageOfPage":{"@id":"https:\/\/talkpal.ai\/sk\/norske-gramaticke-cvicenia\/#primaryimage"},"image":{"@id":"https:\/\/talkpal.ai\/sk\/norske-gramaticke-cvicenia\/#primaryimage"},"thumbnailUrl":"https:\/\/talkpal.ai\/wp-content\/uploads\/2023\/05\/norway.png","datePublished":"2023-06-27T08:41:59+00:00","dateModified":"2025-12-17T14:37:51+00:00","description":"Zlep\u0161ite svoje zru\u010dnosti pomocou p\u00fatav\u00fdch cvi\u010den\u00ed z n\u00f3rskej gramatiky. Ide\u00e1lne pre \u017eiakov na ka\u017edej \u00farovni, aby mohli efekt\u00edvne cvi\u010di\u0165.","breadcrumb":{"@id":"https:\/\/talkpal.ai\/sk\/norske-gramaticke-cvicenia\/#breadcrumb"},"inLanguage":"sk-SK","potentialAction":[{"@type":"ReadAction","target":["https:\/\/talkpal.ai\/sk\/norske-gramaticke-cvicenia\/"]}]},{"@type":"ImageObject","inLanguage":"sk-SK","@id":"https:\/\/talkpal.ai\/sk\/norske-gramaticke-cvicenia\/#primaryimage","url":"https:\/\/talkpal.ai\/wp-content\/uploads\/2023\/05\/norway.png","contentUrl":"https:\/\/talkpal.ai\/wp-content\/uploads\/2023\/05\/norway.png","width":512,"height":512},{"@type":"BreadcrumbList","@id":"https:\/\/talkpal.ai\/sk\/norske-gramaticke-cvicenia\/#breadcrumb","itemListElement":[{"@type":"ListItem","position":1,"name":"Homepage","item":"https:\/\/talkpal.ai\/sk\/"},{"@type":"ListItem","position":2,"name":"N\u00f3rske gramatick\u00e9 cvi\u010denia"}]},{"@type":"WebSite","@id":"https:\/\/talkpal.ai\/sk\/#website","url":"https:\/\/talkpal.ai\/sk\/","name":"Talkpal","description":"AI Language Learning","publisher":{"@id":"https:\/\/talkpal.ai\/sk\/#organization"},"alternateName":"Talkpal AI","potentialAction":[{"@type":"SearchAction","target":{"@type":"EntryPoint","urlTemplate":"https:\/\/talkpal.ai\/sk\/?s={search_term_string}"},"query-input":{"@type":"PropertyValueSpecification","valueRequired":true,"valueName":"search_term_string"}}],"inLanguage":"sk-SK"},{"@type":"Organization","@id":"https:\/\/talkpal.ai\/sk\/#organization","name":"Talkpal, Inc.","alternateName":"Talkpal AI","url":"https:\/\/talkpal.ai\/sk\/","logo":{"@type":"ImageObject","inLanguage":"sk-SK","@id":"https:\/\/talkpal.ai\/sk\/#\/schema\/logo\/image\/","url":"https:\/\/talkpal.ai\/wp-content\/uploads\/2024\/03\/Talkpal-Logo-Icon.png","contentUrl":"https:\/\/talkpal.ai\/wp-content\/uploads\/2024\/03\/Talkpal-Logo-Icon.png","width":2880,"height":2880,"caption":"Talkpal, Inc."},"image":{"@id":"https:\/\/talkpal.ai\/sk\/#\/schema\/logo\/image\/"},"sameAs":["https:\/\/www.facebook.com\/profile.php?id=100090733639311","https:\/\/x.com\/talkpalai","https:\/\/www.linkedin.com\/company\/talkpal\/","https:\/\/www.youtube.com\/@TalkPal\/","https:\/\/www.tiktok.com\/@talkpal","https:\/\/www.instagram.com\/talkpal_ai\/","https:\/\/www.crunchbase.com\/organization\/talkpal-9cde","https:\/\/www.g2.com\/products\/talkpal-for-business\/","https:\/\/www.trustpilot.com\/review\/talkpal.ai","https:\/\/www.capterra.com\/p\/10006800\/TalkPal\/"],"description":"Talkpal is a language learning web and mobile education app, powered by the latest AI technologies, that provides engaging experiences to its customers in many different languages to help them improve their language skills. Users can chat about unlimited amount of topics with the app and use other modes to practice their language learning.","email":"support@talkpal.ai","legalName":"Talkpal, Inc.","foundingDate":"2023-04-03","duns":"118989042","numberOfEmployees":{"@type":"QuantitativeValue","minValue":"11","maxValue":"50"},"publishingPrinciples":"https:\/\/talkpal.ai\/publishing-principles\/","actionableFeedbackPolicy":"https:\/\/talkpal.ai\/actionable-feedback-policy\/","correctionsPolicy":"https:\/\/talkpal.ai\/corrections-policy\/","ethicsPolicy":"https:\/\/talkpal.ai\/ethics-policy\/","diversityPolicy":"https:\/\/talkpal.ai\/diversity-policy\/","diversityStaffingReport":"https:\/\/talkpal.ai\/diversity-policy\/"}]}},"_links":{"self":[{"href":"https:\/\/talkpal.ai\/sk\/wp-json\/wp\/v2\/pages\/158346","targetHints":{"allow":["GET"]}}],"collection":[{"href":"https:\/\/talkpal.ai\/sk\/wp-json\/wp\/v2\/pages"}],"about":[{"href":"https:\/\/talkpal.ai\/sk\/wp-json\/wp\/v2\/types\/page"}],"author":[{"embeddable":true,"href":"https:\/\/talkpal.ai\/sk\/wp-json\/wp\/v2\/users\/6"}],"replies":[{"embeddable":true,"href":"https:\/\/talkpal.ai\/sk\/wp-json\/wp\/v2\/comments?post=158346"}],"version-history":[{"count":0,"href":"https:\/\/talkpal.ai\/sk\/wp-json\/wp\/v2\/pages\/158346\/revisions"}],"wp:featuredmedia":[{"embeddable":true,"href":"https:\/\/talkpal.ai\/sk\/wp-json\/wp\/v2\/media\/116846"}],"wp:attachment":[{"href":"https:\/\/talkpal.ai\/sk\/wp-json\/wp\/v2\/media?parent=158346"}],"curies":[{"name":"wp","href":"https:\/\/api.w.org\/{rel}","templated":true}]}}