{"id":158062,"date":"2023-06-27T08:51:37","date_gmt":"2023-06-27T08:51:37","guid":{"rendered":"http:\/\/talkpal.ai\/perzske-gramaticke-cvicenia\/"},"modified":"2025-12-17T15:13:56","modified_gmt":"2025-12-17T15:13:56","slug":"perzske-gramaticke-cvicenia","status":"publish","type":"page","link":"https:\/\/talkpal.ai\/sk\/perzske-gramaticke-cvicenia\/","title":{"rendered":"Perzsk\u00e9 gramatick\u00e9 cvi\u010denia"},"content":{"rendered":"\r\n\r\n\r\n<section class=\"languageChallengeSection\">\r\n    <div class=\"languageInfoWrapper\">\r\n        \r\n        <h1>Perzsk\u00e9 gramatick\u00e9 cvi\u010denia<\/h1>\r\n        <p>Ste pripraven\u00ed zlep\u0161i\u0165 svoje perzsk\u00e9 zru\u010dnosti? Precvi\u010dovanie gramatick\u00fdch cvi\u010den\u00ed je vynikaj\u00facim sp\u00f4sobom, ako si osvoji\u0165 \u0161trukt\u00faru vety, slovesn\u00e9 tvary a k\u013e\u00fa\u010dov\u00e9 vzory perzsk\u00e9ho jazyka. Za\u010dnite pracova\u0165 na perzskej gramatike e\u0161te dnes a sledujte, ako va\u0161e znalosti a sebad\u00f4vera rast\u00fa s ka\u017ed\u00fdm nov\u00fdm cvi\u010den\u00edm!<\/p>\r\n\r\n                            <a class=\"getStartedHidden\" href=\"https:\/\/app.talkpal.ai\/sk\/signup?lng=\">Za\u010dni<\/a>\r\n        \r\n    <\/div>\r\n\r\n    <figure>\r\n    <img decoding=\"async\" width=\"768\" height=\"768\" src=\"https:\/\/talkpal.ai\/wp-content\/uploads\/2023\/06\/persian-768x768.png\" class=\"languageImage no-lazy\" alt=\"Language learning to comprehend global news\" fetchpriority=\"high\" sizes=\"(max-width: 768px) 150px, 768px\" srcset=\"https:\/\/talkpal.ai\/wp-content\/uploads\/2023\/06\/persian-768x768.png 768w, https:\/\/talkpal.ai\/wp-content\/uploads\/2023\/06\/persian-300x300.png 300w\" \/>\r\n    \r\n\r\n    <\/figure>\r\n\r\n            <a class=\"getStartedVisible\" href=\"https:\/\/app.talkpal.ai\/sk\/signup?lng=\">Za\u010dni<\/a>\r\n    \r\n<\/section>\r\n\r\n\r\n<!-- <section class=\"grammarSection\">\r\n    <div class=\"grammarLinks\">\r\n            <\/div>\r\n<\/section> -->\r\n\r\n\r\n\r\n\r\n<section class=\"promotionalBanner\">\r\n    <p class=\"promotionalText\">Najefekt\u00edvnej\u0161\u00ed sp\u00f4sob, ako sa nau\u010di\u0165 jazyk<\/p>\r\n    <a class=\"promotionalLink\" href=\"https:\/\/app.talkpal.ai\/sk\/signup?lng=\">Vysk\u00fa\u0161ajte Talkpal zadarmo<\/a>\r\n<\/section>\n<div class=\"wp-block-group pageContainerStyle\"><div class=\"wp-block-group__inner-container is-layout-constrained wp-block-group-is-layout-constrained\">\n<h2 class=\"wp-block-heading\" id=\"h-persian-grammar-topics\">T\u00e9my perzskej gramatiky<\/h2>\n\n\n\n<p><a href=\"https:\/\/talkpal.ai\/sk\/ucenie\/\">U\u010denie sa<\/a> perz\u0161tiny, tie\u017e zn\u00e1me ako perz\u0161tina, m\u00f4\u017ee by\u0165 vzru\u0161uj\u00facou a obohacuj\u00facou cestou, ktor\u00e1 otv\u00e1ra nov\u00e9 pr\u00edle\u017eitosti na pochopenie bohatej kult\u00fary a hist\u00f3rie Ir\u00e1nu a \u010fal\u0161\u00edch perzsky hovoriacich regi\u00f3nov. Pre \u0161tudenta je zvl\u00e1dnutie r\u00f4znych aspektov perzskej gramatiky nevyhnutn\u00e9 pre vybudovanie siln\u00e9ho z\u00e1kladu jazyka. V tejto pr\u00edru\u010dke presk\u00famame r\u00f4zne aspekty perzskej gramatiky vr\u00e1tane \u010dasov, slovies, podstatn\u00fdch mien, \u010dl\u00e1nkov a \u010fal\u0161\u00edch z\u00e1kladn\u00fdch prvkov, ktor\u00e9 v\u00e1m pom\u00f4\u017eu \u0161trukt\u00farova\u0165 proces u\u010denia systematick\u00fdm a efekt\u00edvnym sp\u00f4sobom.<\/p>\n\n\n\n<h3 class=\"wp-block-heading\" id=\"h-1-nouns\">1. Podstatn\u00e9 men\u00e1:<\/h3>\n\n\n\n<p>Za\u010dnite t\u00fdm, \u017ee sa nau\u010d\u00edte z\u00e1klady perzsk\u00fdch podstatn\u00fdch mien vr\u00e1tane ich rodu (v\u0161etky perzsk\u00e9 podstatn\u00e9 men\u00e1 s\u00fa rodovo neutr\u00e1lne), jednotn\u00e9ho a mno\u017en\u00e9ho \u010d\u00edsla a pou\u017e\u00edvania &#8222;ezafe&#8220; na vyjadrenie vlastn\u00edctva a vz\u0165ahov medzi podstatn\u00fdmi menami.<\/p>\n\n\n\n<h3 class=\"wp-block-heading\" id=\"h-2-pronouns-determiners\">2. Z\u00e1men\u00e1\/determin\u00e1tory:<\/h3>\n\n\n\n<p>Ke\u010f sa obozn\u00e1mite s podstatn\u00fdmi menami, prejdite na u\u010denie z\u00e1men a determin\u00e1torov. To v\u00e1m pom\u00f4\u017ee pochopi\u0165, ako odkazova\u0165 na \u013eud\u00ed a objekty v perz\u0161tine a pou\u017e\u00edva\u0165 demon\u0161tr\u00e1cie, majetn\u00edky a kvantifik\u00e1tory.<\/p>\n\n\n\n<h3 class=\"wp-block-heading\" id=\"h-3-adjectives\">3. Pr\u00eddavn\u00e9 men\u00e1:<\/h3>\n\n\n\n<p>Nau\u010dte sa, ako op\u00edsa\u0165 podstatn\u00e9 men\u00e1 pomocou pr\u00eddavn\u00fdch mien vr\u00e1tane ich umiestnenia vo vete a ako s\u00fahlasia s podstatn\u00fdmi menami, ktor\u00e9 upravuj\u00fa.<\/p>\n\n\n\n<h3 class=\"wp-block-heading\" id=\"h-4-verbs\">4. Sloves\u00e1:<\/h3>\n\n\n\n<p>Sloves\u00e1 s\u00fa chrbtovou kos\u0165ou ka\u017ed\u00e9ho jazyka a perz\u0161tina nie je v\u00fdnimkou. Za\u010dnite s pochopen\u00edm perzskej \u0161trukt\u00fary slovies a jednoduch\u00e9ho pr\u00edtomn\u00e9ho \u010dasu, ne\u017e prejdete k in\u00fdm \u010dasom a n\u00e1lad\u00e1m.<\/p>\n\n\n\n<h3 class=\"wp-block-heading\" id=\"h-5-tense-comparison\">5. Nap\u00e4t\u00e9 porovnanie:<\/h3>\n\n\n\n<p>Po nau\u010den\u00ed sa z\u00e1kladov slovies a jednoduch\u00e9ho pr\u00edtomn\u00e9ho \u010dasu porovnajte a kontrastujte r\u00f4zne \u010dasy, aby ste pochopili, ako sa pou\u017e\u00edvaj\u00fa v perz\u0161tine. To zah\u0155\u0148a minul\u00fd, bud\u00faci a podmienen\u00fd \u010das.<\/p>\n\n\n\n<h3 class=\"wp-block-heading\" id=\"h-6-progressive-and-perfect-progressive\">6. Progres\u00edvne a dokonal\u00e9 progres\u00edvne:<\/h3>\n\n\n\n<p>Nau\u010dte sa progres\u00edvne a dokonal\u00e9 progres\u00edvne aspekty perzsk\u00fdch slovies, aby ste vyjadrili prebiehaj\u00face alebo dokon\u010den\u00e9 \u010dinnosti.<\/p>\n\n\n\n<h3 class=\"wp-block-heading\" id=\"h-7-adverbs\">7. Pr\u00edslovky:<\/h3>\n\n\n\n<p>Pr\u00edslovky s\u00fa nevyhnutn\u00e9 na pridanie nuansy a kontextu do va\u0161ich perzsk\u00fdch viet. Nau\u010dte sa ich umiestnenie a ako upravuj\u00fa sloves\u00e1, pr\u00eddavn\u00e9 men\u00e1 a in\u00e9 pr\u00edslovky.<\/p>\n\n\n\n<h3 class=\"wp-block-heading\" id=\"h-8-conditionals\">8. Podmienky:<\/h3>\n\n\n\n<p>Pochopte, ako vyjadri\u0165 hypotetick\u00e9 situ\u00e1cie a d\u00f4sledky u\u010den\u00edm sa perzsk\u00fdch podmienen\u00fdch viet.<\/p>\n\n\n\n<h3 class=\"wp-block-heading\" id=\"h-9-prepositions\">9. Predlo\u017eky:<\/h3>\n\n\n\n<p>Predlo\u017eky s\u00fa potrebn\u00e9 na zobrazenie vz\u0165ahov medzi slovami a fr\u00e1zami vo vete. Nau\u010dte sa najbe\u017enej\u0161ie perzsk\u00e9 predlo\u017eky a ako ich spr\u00e1vne pou\u017e\u00edva\u0165.<\/p>\n\n\n\n<h3 class=\"wp-block-heading\" id=\"h-10-sentences\">10. Vety:<\/h3>\n\n\n\n<p>Nakoniec, precvi\u010dte si sp\u00e1janie v\u0161etk\u00fdch prvkov perzskej gramatiky tvoren\u00edm \u00fapln\u00fdch viet. Zamerajte sa na r\u00f4zne vetn\u00e9 \u0161trukt\u00fary vr\u00e1tane jednoduch\u00fdch, zlo\u017een\u00fdch a zlo\u017eit\u00fdch viet, ako aj ot\u00e1zok a imperat\u00edvnych vyhl\u00e1sen\u00ed.<\/p>\n\n\n\n<p>Dodr\u017eiavan\u00edm tejto postupnosti u\u010denia sa t\u00e9m perzskej gramatiky si vybudujete siln\u00fd z\u00e1klad v jazyku, ktor\u00fd v\u00e1m umo\u017en\u00ed efekt\u00edvne komunikova\u0165 a oceni\u0165 kr\u00e1su perzskej literat\u00fary a kult\u00fary.<\/p>\n<\/div><\/div>\n\r\n<section class=\"learnNavigationSection\">\r\n            \r\n        <a href=\"https:\/\/talkpal.ai\/sk\/naucte-sa-perzsky\/\">\r\n            <div class=\"learnNavigationWrapper\">\r\n                <div class=\"learnNavigationContent\">\r\n                    <img decoding=\"async\" src=\"https:\/\/talkpal.ai\/wp-content\/uploads\/2024\/08\/Persian.jpg\" alt=\"Persian Flag\">\r\n                    <div>\r\n                        <h4>O perzskom vzdel\u00e1van\u00ed<\/h4>\r\n                        <p>Zistite v\u0161etko o perzskej gramatike.<\/p>\r\n                    <\/div>\r\n                <\/div>\r\n            <\/div>\r\n        <\/a>\r\n\r\n        \r\n        <a href=\"https:\/\/talkpal.ai\/sk\/perzska-gramatika\/\">\r\n            <div class=\"learnNavigationWrapper\">\r\n                <div class=\"learnNavigationContent\">\r\n                    <img decoding=\"async\" src=\"https:\/\/talkpal.ai\/wp-content\/uploads\/2024\/08\/Persian.jpg\" alt=\"Persian Flag\">\r\n                    <div>\r\n                        <h4>Lekcie perzskej gramatiky<\/h4>\r\n                        <p>Precvi\u010dte si perzsk\u00fa gramatiku.<\/p>\r\n                    <\/div>\r\n                <\/div>\r\n            <\/div>\r\n        <\/a>\r\n\r\n        \r\n        <a href=\"https:\/\/talkpal.ai\/vocabulary_language\/persian\/\">\r\n            <div class=\"learnNavigationWrapper\">\r\n                <div class=\"learnNavigationContent\">\r\n                    <img decoding=\"async\" src=\"https:\/\/talkpal.ai\/wp-content\/uploads\/2024\/08\/Persian.jpg\" alt=\"Persian Flag\">\r\n                    <div>\r\n                        <h4>Perzsk\u00e1 slovn\u00e1 z\u00e1soba<\/h4>\r\n                        <p>Roz\u0161\u00edrte si slovn\u00fa z\u00e1sobu perz\u0161tiny.<\/p>\r\n                    <\/div>\r\n                <\/div>\r\n            <\/div>\r\n        <\/a>\r\n\r\n            <\/section>","protected":false},"excerpt":{"rendered":"<p>T\u00e9my perzskej gramatiky U\u010denie sa perz\u0161tiny, tie\u017e zn\u00e1me ako perz\u0161tina, m\u00f4\u017ee by\u0165 vzru\u0161uj\u00facou a obohacuj\u00facou cestou, ktor\u00e1 otv\u00e1ra nov\u00e9 pr\u00edle\u017eitosti na pochopenie bohatej kult\u00fary a hist\u00f3rie Ir\u00e1nu a \u010fal\u0161\u00edch perzsky hovoriacich regi\u00f3nov. Pre \u0161tudenta je zvl\u00e1dnutie r\u00f4znych aspektov perzskej gramatiky nevyhnutn\u00e9 pre vybudovanie siln\u00e9ho z\u00e1kladu jazyka. V tejto pr\u00edru\u010dke presk\u00famame r\u00f4zne aspekty perzskej gramatiky vr\u00e1tane [&hellip;]<\/p>\n","protected":false},"author":6,"featured_media":117114,"parent":0,"menu_order":0,"comment_status":"closed","ping_status":"closed","template":"LearningContentPage.php","meta":{"_acf_changed":false,"footnotes":""},"class_list":["post-158062","page","type-page","status-publish","has-post-thumbnail","hentry"],"acf":[],"yoast_head":"<!-- This site is optimized with the Yoast SEO Premium plugin v27.2 (Yoast SEO v27.2) - https:\/\/yoast.com\/product\/yoast-seo-premium-wordpress\/ -->\n<title>Perzsk\u00e9 gramatick\u00e9 cvi\u010denia - Talkpal<\/title>\n<meta name=\"description\" content=\"Zvl\u00e1dnite perzsk\u00e9 gramatick\u00e9 cvi\u010denia, aby ste si posilnili svoje jazykov\u00e9 zru\u010dnosti a spoznali kult\u00faru perzsky hovoriacich oblast\u00ed.\" \/>\n<meta name=\"robots\" content=\"index, follow, max-snippet:-1, max-image-preview:large, max-video-preview:-1\" \/>\n<link rel=\"canonical\" href=\"https:\/\/talkpal.ai\/sk\/perzske-gramaticke-cvicenia\/\" \/>\n<meta property=\"og:locale\" content=\"sk_SK\" \/>\n<meta property=\"og:type\" content=\"article\" \/>\n<meta property=\"og:title\" content=\"Perzsk\u00e9 gramatick\u00e9 cvi\u010denia\" \/>\n<meta property=\"og:description\" content=\"T\u00e9my perzskej gramatiky U\u010denie sa perz\u0161tiny, tie\u017e zn\u00e1me ako perz\u0161tina, m\u00f4\u017ee by\u0165 vzru\u0161uj\u00facou a obohacuj\u00facou cestou, ktor\u00e1 otv\u00e1ra nov\u00e9 pr\u00edle\u017eitosti na\" \/>\n<meta property=\"og:url\" content=\"https:\/\/talkpal.ai\/sk\/perzske-gramaticke-cvicenia\/\" \/>\n<meta property=\"og:site_name\" content=\"Talkpal\" \/>\n<meta property=\"article:publisher\" content=\"https:\/\/www.facebook.com\/profile.php?id=100090733639311\" \/>\n<meta property=\"article:modified_time\" content=\"2025-12-17T15:13:56+00:00\" \/>\n<meta property=\"og:image\" content=\"https:\/\/talkpal.ai\/wp-content\/uploads\/2023\/05\/Persian-iran.png\" \/>\n\t<meta property=\"og:image:width\" content=\"512\" \/>\n\t<meta property=\"og:image:height\" content=\"512\" \/>\n\t<meta property=\"og:image:type\" content=\"image\/png\" \/>\n<meta name=\"twitter:card\" content=\"summary_large_image\" \/>\n<meta name=\"twitter:site\" content=\"@talkpalai\" \/>\n<meta name=\"twitter:label1\" content=\"Predpokladan\u00fd \u010das \u010d\u00edtania\" \/>\n\t<meta name=\"twitter:data1\" content=\"3 min\u00faty\" \/>\n<script type=\"application\/ld+json\" class=\"yoast-schema-graph\">{\"@context\":\"https:\/\/schema.org\",\"@graph\":[{\"@type\":\"WebPage\",\"@id\":\"https:\/\/talkpal.ai\/sk\/perzske-gramaticke-cvicenia\/\",\"url\":\"https:\/\/talkpal.ai\/sk\/perzske-gramaticke-cvicenia\/\",\"name\":\"Perzsk\u00e9 gramatick\u00e9 cvi\u010denia - Talkpal\",\"isPartOf\":{\"@id\":\"https:\/\/talkpal.ai\/sk\/#website\"},\"primaryImageOfPage\":{\"@id\":\"https:\/\/talkpal.ai\/sk\/perzske-gramaticke-cvicenia\/#primaryimage\"},\"image\":{\"@id\":\"https:\/\/talkpal.ai\/sk\/perzske-gramaticke-cvicenia\/#primaryimage\"},\"thumbnailUrl\":\"https:\/\/talkpal.ai\/wp-content\/uploads\/2023\/05\/Persian-iran.png\",\"datePublished\":\"2023-06-27T08:51:37+00:00\",\"dateModified\":\"2025-12-17T15:13:56+00:00\",\"description\":\"Zvl\u00e1dnite perzsk\u00e9 gramatick\u00e9 cvi\u010denia, aby ste si posilnili svoje jazykov\u00e9 zru\u010dnosti a spoznali kult\u00faru perzsky hovoriacich oblast\u00ed.\",\"breadcrumb\":{\"@id\":\"https:\/\/talkpal.ai\/sk\/perzske-gramaticke-cvicenia\/#breadcrumb\"},\"inLanguage\":\"sk-SK\",\"potentialAction\":[{\"@type\":\"ReadAction\",\"target\":[\"https:\/\/talkpal.ai\/sk\/perzske-gramaticke-cvicenia\/\"]}]},{\"@type\":\"ImageObject\",\"inLanguage\":\"sk-SK\",\"@id\":\"https:\/\/talkpal.ai\/sk\/perzske-gramaticke-cvicenia\/#primaryimage\",\"url\":\"https:\/\/talkpal.ai\/wp-content\/uploads\/2023\/05\/Persian-iran.png\",\"contentUrl\":\"https:\/\/talkpal.ai\/wp-content\/uploads\/2023\/05\/Persian-iran.png\",\"width\":512,\"height\":512},{\"@type\":\"BreadcrumbList\",\"@id\":\"https:\/\/talkpal.ai\/sk\/perzske-gramaticke-cvicenia\/#breadcrumb\",\"itemListElement\":[{\"@type\":\"ListItem\",\"position\":1,\"name\":\"Homepage\",\"item\":\"https:\/\/talkpal.ai\/sk\/\"},{\"@type\":\"ListItem\",\"position\":2,\"name\":\"Perzsk\u00e9 gramatick\u00e9 cvi\u010denia\"}]},{\"@type\":\"WebSite\",\"@id\":\"https:\/\/talkpal.ai\/sk\/#website\",\"url\":\"https:\/\/talkpal.ai\/sk\/\",\"name\":\"Talkpal\",\"description\":\"AI Language Learning\",\"publisher\":{\"@id\":\"https:\/\/talkpal.ai\/sk\/#organization\"},\"alternateName\":\"Talkpal AI\",\"potentialAction\":[{\"@type\":\"SearchAction\",\"target\":{\"@type\":\"EntryPoint\",\"urlTemplate\":\"https:\/\/talkpal.ai\/sk\/?s={search_term_string}\"},\"query-input\":{\"@type\":\"PropertyValueSpecification\",\"valueRequired\":true,\"valueName\":\"search_term_string\"}}],\"inLanguage\":\"sk-SK\"},{\"@type\":\"Organization\",\"@id\":\"https:\/\/talkpal.ai\/sk\/#organization\",\"name\":\"Talkpal, Inc.\",\"alternateName\":\"Talkpal AI\",\"url\":\"https:\/\/talkpal.ai\/sk\/\",\"logo\":{\"@type\":\"ImageObject\",\"inLanguage\":\"sk-SK\",\"@id\":\"https:\/\/talkpal.ai\/sk\/#\/schema\/logo\/image\/\",\"url\":\"https:\/\/talkpal.ai\/wp-content\/uploads\/2024\/03\/Talkpal-Logo-Icon.png\",\"contentUrl\":\"https:\/\/talkpal.ai\/wp-content\/uploads\/2024\/03\/Talkpal-Logo-Icon.png\",\"width\":2880,\"height\":2880,\"caption\":\"Talkpal, Inc.\"},\"image\":{\"@id\":\"https:\/\/talkpal.ai\/sk\/#\/schema\/logo\/image\/\"},\"sameAs\":[\"https:\/\/www.facebook.com\/profile.php?id=100090733639311\",\"https:\/\/x.com\/talkpalai\",\"https:\/\/www.linkedin.com\/company\/talkpal\/\",\"https:\/\/www.youtube.com\/@TalkPal\/\",\"https:\/\/www.tiktok.com\/@talkpal\",\"https:\/\/www.instagram.com\/talkpal_ai\/\",\"https:\/\/www.crunchbase.com\/organization\/talkpal-9cde\",\"https:\/\/www.g2.com\/products\/talkpal-for-business\/\",\"https:\/\/www.trustpilot.com\/review\/talkpal.ai\",\"https:\/\/www.capterra.com\/p\/10006800\/TalkPal\/\"],\"description\":\"Talkpal is a language learning web and mobile education app, powered by the latest AI technologies, that provides engaging experiences to its customers in many different languages to help them improve their language skills. Users can chat about unlimited amount of topics with the app and use other modes to practice their language learning.\",\"email\":\"support@talkpal.ai\",\"legalName\":\"Talkpal, Inc.\",\"foundingDate\":\"2023-04-03\",\"duns\":\"118989042\",\"numberOfEmployees\":{\"@type\":\"QuantitativeValue\",\"minValue\":\"11\",\"maxValue\":\"50\"},\"publishingPrinciples\":\"https:\/\/talkpal.ai\/publishing-principles\/\",\"actionableFeedbackPolicy\":\"https:\/\/talkpal.ai\/actionable-feedback-policy\/\",\"correctionsPolicy\":\"https:\/\/talkpal.ai\/corrections-policy\/\",\"ethicsPolicy\":\"https:\/\/talkpal.ai\/ethics-policy\/\",\"diversityPolicy\":\"https:\/\/talkpal.ai\/diversity-policy\/\",\"diversityStaffingReport\":\"https:\/\/talkpal.ai\/diversity-policy\/\"}]}<\/script>\n<!-- \/ Yoast SEO Premium plugin. -->","yoast_head_json":{"title":"Perzsk\u00e9 gramatick\u00e9 cvi\u010denia - Talkpal","description":"Zvl\u00e1dnite perzsk\u00e9 gramatick\u00e9 cvi\u010denia, aby ste si posilnili svoje jazykov\u00e9 zru\u010dnosti a spoznali kult\u00faru perzsky hovoriacich oblast\u00ed.","robots":{"index":"index","follow":"follow","max-snippet":"max-snippet:-1","max-image-preview":"max-image-preview:large","max-video-preview":"max-video-preview:-1"},"canonical":"https:\/\/talkpal.ai\/sk\/perzske-gramaticke-cvicenia\/","og_locale":"sk_SK","og_type":"article","og_title":"Perzsk\u00e9 gramatick\u00e9 cvi\u010denia","og_description":"T\u00e9my perzskej gramatiky U\u010denie sa perz\u0161tiny, tie\u017e zn\u00e1me ako perz\u0161tina, m\u00f4\u017ee by\u0165 vzru\u0161uj\u00facou a obohacuj\u00facou cestou, ktor\u00e1 otv\u00e1ra nov\u00e9 pr\u00edle\u017eitosti na","og_url":"https:\/\/talkpal.ai\/sk\/perzske-gramaticke-cvicenia\/","og_site_name":"Talkpal","article_publisher":"https:\/\/www.facebook.com\/profile.php?id=100090733639311","article_modified_time":"2025-12-17T15:13:56+00:00","og_image":[{"width":512,"height":512,"url":"https:\/\/talkpal.ai\/wp-content\/uploads\/2023\/05\/Persian-iran.png","type":"image\/png"}],"twitter_card":"summary_large_image","twitter_site":"@talkpalai","twitter_misc":{"Predpokladan\u00fd \u010das \u010d\u00edtania":"3 min\u00faty"},"schema":{"@context":"https:\/\/schema.org","@graph":[{"@type":"WebPage","@id":"https:\/\/talkpal.ai\/sk\/perzske-gramaticke-cvicenia\/","url":"https:\/\/talkpal.ai\/sk\/perzske-gramaticke-cvicenia\/","name":"Perzsk\u00e9 gramatick\u00e9 cvi\u010denia - Talkpal","isPartOf":{"@id":"https:\/\/talkpal.ai\/sk\/#website"},"primaryImageOfPage":{"@id":"https:\/\/talkpal.ai\/sk\/perzske-gramaticke-cvicenia\/#primaryimage"},"image":{"@id":"https:\/\/talkpal.ai\/sk\/perzske-gramaticke-cvicenia\/#primaryimage"},"thumbnailUrl":"https:\/\/talkpal.ai\/wp-content\/uploads\/2023\/05\/Persian-iran.png","datePublished":"2023-06-27T08:51:37+00:00","dateModified":"2025-12-17T15:13:56+00:00","description":"Zvl\u00e1dnite perzsk\u00e9 gramatick\u00e9 cvi\u010denia, aby ste si posilnili svoje jazykov\u00e9 zru\u010dnosti a spoznali kult\u00faru perzsky hovoriacich oblast\u00ed.","breadcrumb":{"@id":"https:\/\/talkpal.ai\/sk\/perzske-gramaticke-cvicenia\/#breadcrumb"},"inLanguage":"sk-SK","potentialAction":[{"@type":"ReadAction","target":["https:\/\/talkpal.ai\/sk\/perzske-gramaticke-cvicenia\/"]}]},{"@type":"ImageObject","inLanguage":"sk-SK","@id":"https:\/\/talkpal.ai\/sk\/perzske-gramaticke-cvicenia\/#primaryimage","url":"https:\/\/talkpal.ai\/wp-content\/uploads\/2023\/05\/Persian-iran.png","contentUrl":"https:\/\/talkpal.ai\/wp-content\/uploads\/2023\/05\/Persian-iran.png","width":512,"height":512},{"@type":"BreadcrumbList","@id":"https:\/\/talkpal.ai\/sk\/perzske-gramaticke-cvicenia\/#breadcrumb","itemListElement":[{"@type":"ListItem","position":1,"name":"Homepage","item":"https:\/\/talkpal.ai\/sk\/"},{"@type":"ListItem","position":2,"name":"Perzsk\u00e9 gramatick\u00e9 cvi\u010denia"}]},{"@type":"WebSite","@id":"https:\/\/talkpal.ai\/sk\/#website","url":"https:\/\/talkpal.ai\/sk\/","name":"Talkpal","description":"AI Language Learning","publisher":{"@id":"https:\/\/talkpal.ai\/sk\/#organization"},"alternateName":"Talkpal AI","potentialAction":[{"@type":"SearchAction","target":{"@type":"EntryPoint","urlTemplate":"https:\/\/talkpal.ai\/sk\/?s={search_term_string}"},"query-input":{"@type":"PropertyValueSpecification","valueRequired":true,"valueName":"search_term_string"}}],"inLanguage":"sk-SK"},{"@type":"Organization","@id":"https:\/\/talkpal.ai\/sk\/#organization","name":"Talkpal, Inc.","alternateName":"Talkpal AI","url":"https:\/\/talkpal.ai\/sk\/","logo":{"@type":"ImageObject","inLanguage":"sk-SK","@id":"https:\/\/talkpal.ai\/sk\/#\/schema\/logo\/image\/","url":"https:\/\/talkpal.ai\/wp-content\/uploads\/2024\/03\/Talkpal-Logo-Icon.png","contentUrl":"https:\/\/talkpal.ai\/wp-content\/uploads\/2024\/03\/Talkpal-Logo-Icon.png","width":2880,"height":2880,"caption":"Talkpal, Inc."},"image":{"@id":"https:\/\/talkpal.ai\/sk\/#\/schema\/logo\/image\/"},"sameAs":["https:\/\/www.facebook.com\/profile.php?id=100090733639311","https:\/\/x.com\/talkpalai","https:\/\/www.linkedin.com\/company\/talkpal\/","https:\/\/www.youtube.com\/@TalkPal\/","https:\/\/www.tiktok.com\/@talkpal","https:\/\/www.instagram.com\/talkpal_ai\/","https:\/\/www.crunchbase.com\/organization\/talkpal-9cde","https:\/\/www.g2.com\/products\/talkpal-for-business\/","https:\/\/www.trustpilot.com\/review\/talkpal.ai","https:\/\/www.capterra.com\/p\/10006800\/TalkPal\/"],"description":"Talkpal is a language learning web and mobile education app, powered by the latest AI technologies, that provides engaging experiences to its customers in many different languages to help them improve their language skills. Users can chat about unlimited amount of topics with the app and use other modes to practice their language learning.","email":"support@talkpal.ai","legalName":"Talkpal, Inc.","foundingDate":"2023-04-03","duns":"118989042","numberOfEmployees":{"@type":"QuantitativeValue","minValue":"11","maxValue":"50"},"publishingPrinciples":"https:\/\/talkpal.ai\/publishing-principles\/","actionableFeedbackPolicy":"https:\/\/talkpal.ai\/actionable-feedback-policy\/","correctionsPolicy":"https:\/\/talkpal.ai\/corrections-policy\/","ethicsPolicy":"https:\/\/talkpal.ai\/ethics-policy\/","diversityPolicy":"https:\/\/talkpal.ai\/diversity-policy\/","diversityStaffingReport":"https:\/\/talkpal.ai\/diversity-policy\/"}]}},"_links":{"self":[{"href":"https:\/\/talkpal.ai\/sk\/wp-json\/wp\/v2\/pages\/158062","targetHints":{"allow":["GET"]}}],"collection":[{"href":"https:\/\/talkpal.ai\/sk\/wp-json\/wp\/v2\/pages"}],"about":[{"href":"https:\/\/talkpal.ai\/sk\/wp-json\/wp\/v2\/types\/page"}],"author":[{"embeddable":true,"href":"https:\/\/talkpal.ai\/sk\/wp-json\/wp\/v2\/users\/6"}],"replies":[{"embeddable":true,"href":"https:\/\/talkpal.ai\/sk\/wp-json\/wp\/v2\/comments?post=158062"}],"version-history":[{"count":0,"href":"https:\/\/talkpal.ai\/sk\/wp-json\/wp\/v2\/pages\/158062\/revisions"}],"wp:featuredmedia":[{"embeddable":true,"href":"https:\/\/talkpal.ai\/sk\/wp-json\/wp\/v2\/media\/117114"}],"wp:attachment":[{"href":"https:\/\/talkpal.ai\/sk\/wp-json\/wp\/v2\/media?parent=158062"}],"curies":[{"name":"wp","href":"https:\/\/api.w.org\/{rel}","templated":true}]}}