{"id":157774,"date":"2023-06-27T09:07:34","date_gmt":"2023-06-27T09:07:34","guid":{"rendered":"http:\/\/talkpal.ai\/polske-gramaticke-cvicenia\/"},"modified":"2025-12-17T09:57:01","modified_gmt":"2025-12-17T09:57:01","slug":"polske-gramaticke-cvicenia","status":"publish","type":"page","link":"https:\/\/talkpal.ai\/sk\/polske-gramaticke-cvicenia\/","title":{"rendered":"Po\u013esk\u00e9 gramatick\u00e9 cvi\u010denia"},"content":{"rendered":"\r\n\r\n\r\n<section class=\"languageChallengeSection\">\r\n    <div class=\"languageInfoWrapper\">\r\n        \r\n        <h1>Po\u013esk\u00e9 gramatick\u00e9 cvi\u010denia<\/h1>\r\n        <p>Ste pripraven\u00ed zdokonali\u0165 sa v po\u013eskom jazyku? Precvi\u010dovanie gramatick\u00fdch cvi\u010den\u00ed je skvel\u00fd sp\u00f4sob, ako si osvoji\u0165 \u0161trukt\u00faru viet, slovesn\u00e9 spojenia a jedine\u010dn\u00e9 vzory po\u013e\u0161tiny. Za\u010dnite pracova\u0165 na po\u013eskej gramatike e\u0161te dnes a uvid\u00edte, ako sa va\u0161e sebavedomie a plynulos\u0165 zlep\u0161\u00ed s ka\u017ed\u00fdm cvi\u010den\u00edm!\n\n<\/p>\r\n\r\n                            <a class=\"getStartedHidden\" href=\"https:\/\/app.talkpal.ai\/sk\/signup?lng=\">Za\u010dni<\/a>\r\n        \r\n    <\/div>\r\n\r\n    <figure>\r\n    <img decoding=\"async\" width=\"768\" height=\"768\" src=\"https:\/\/talkpal.ai\/wp-content\/uploads\/2023\/06\/polish-768x768.png\" class=\"languageImage no-lazy\" alt=\"Practical tips on language learning techniques\" fetchpriority=\"high\" sizes=\"(max-width: 768px) 150px, 768px\" srcset=\"https:\/\/talkpal.ai\/wp-content\/uploads\/2023\/06\/polish-768x768.png 768w, https:\/\/talkpal.ai\/wp-content\/uploads\/2023\/06\/polish-300x300.png 300w\" \/>\r\n    \r\n\r\n    <\/figure>\r\n\r\n            <a class=\"getStartedVisible\" href=\"https:\/\/app.talkpal.ai\/sk\/signup?lng=\">Za\u010dni<\/a>\r\n    \r\n<\/section>\r\n\r\n\r\n<!-- <section class=\"grammarSection\">\r\n    <div class=\"grammarLinks\">\r\n            <\/div>\r\n<\/section> -->\r\n\r\n\r\n\r\n\r\n<section class=\"promotionalBanner\">\r\n    <p class=\"promotionalText\">Najefekt\u00edvnej\u0161\u00ed sp\u00f4sob, ako sa nau\u010di\u0165 jazyk<\/p>\r\n    <a class=\"promotionalLink\" href=\"https:\/\/app.talkpal.ai\/sk\/signup?lng=\">Vysk\u00fa\u0161ajte Talkpal zadarmo<\/a>\r\n<\/section>\n<div class=\"wp-block-group pageContainerStyle\"><div class=\"wp-block-group__inner-container is-layout-constrained wp-block-group-is-layout-constrained\">\n<h2 class=\"wp-block-heading\" id=\"h-polish-grammar-topics\">T\u00e9my po\u013eskej gramatiky<\/h2>\n\n\n\n<p><a href=\"https:\/\/talkpal.ai\/learn-polish\/\">Po\u013e\u0161tina<\/a>, z\u00e1padoslovansk\u00fd jazyk, je rodn\u00fdm jazykom Po\u013eska a hovoria n\u00edm mili\u00f3ny \u013eud\u00ed na celom svete. V\u010faka zlo\u017eit\u00e9mu gramatick\u00e9mu syst\u00e9mu a jedine\u010dnej v\u00fdslovnosti m\u00f4\u017ee by\u0165 v\u00fdu\u010dba po\u013e\u0161tiny dos\u0165 n\u00e1ro\u010dn\u00e1, ale aj obohacuj\u00faca. Na dosiahnutie dobr\u00e9ho porozumenia a ovl\u00e1dania jazyka je nevyhnutn\u00e9 nau\u010di\u0165 sa jeho gramatick\u00e9 pravidl\u00e1 v \u0161trukt\u00farovanom a logickom porad\u00ed. V tejto pr\u00edru\u010dke presk\u00famame hlavn\u00e9 gramatick\u00e9 t\u00e9my v po\u013e\u0161tine, ako s\u00fa \u010dasy, sloves\u00e1, podstatn\u00e9 men\u00e1, \u010dl\u00e1nky, z\u00e1men\u00e1, pr\u00eddavn\u00e9 men\u00e1, pr\u00edslovky, podmienen\u00e9 polo\u017eky, predlo\u017eky a vetn\u00e9 \u0161trukt\u00fary. Dodr\u017eiavan\u00edm tejto postupnosti budete m\u00f4c\u0165 postupne budova\u0165 svoje znalosti po\u013esk\u00e9ho jazyka a efekt\u00edvne komunikova\u0165.<\/p>\n\n\n\n<h3 class=\"wp-block-heading\" id=\"h-1-nouns\">1. Podstatn\u00e9 men\u00e1:<\/h3>\n\n\n\n<p>V po\u013e\u0161tine s\u00fa podstatn\u00e9 men\u00e1 rozdelen\u00e9 do troch rodov: mu\u017esk\u00fd, \u017eensk\u00fd a kastrovan\u00fd. Maj\u00fa tie\u017e sedem p\u00e1dov: nominat\u00edv, genit\u00edv, dat\u00edv, akuzat\u00edv, in\u0161trument\u00e1l, lokat\u00edv a vokat\u00edv. Osvojenie si rodov\u00e9ho a pr\u00edpadov\u00e9ho syst\u00e9mu je rozhoduj\u00face pre pochopenie vetn\u00fdch \u0161trukt\u00far a pou\u017e\u00edvanie spr\u00e1vnych foriem in\u00fdch gramatick\u00fdch prvkov, ako s\u00fa pr\u00eddavn\u00e9 men\u00e1 a z\u00e1men\u00e1.<\/p>\n\n\n\n<h3 class=\"wp-block-heading\" id=\"h-2-pronouns-determiners\">2. Z\u00e1men\u00e1\/determin\u00e1tory:<\/h3>\n\n\n\n<p>Po\u013esk\u00e9 z\u00e1men\u00e1 a determin\u00e1tory s\u00fahlasia s podstatn\u00fdmi menami v rode, \u010d\u00edsle a p\u00e1de. Zah\u0155\u0148aj\u00fa osobn\u00e9, privlast\u0148ovacie, demon\u0161trat\u00edvne, opytovacie a relat\u00edvne z\u00e1men\u00e1. Zvl\u00e1dnutie pou\u017e\u00edvania z\u00e1men a determin\u00e1torov pom\u00e1ha pri budovan\u00ed zlo\u017eitej\u0161\u00edch viet a vyjadrovan\u00ed r\u00f4znych vz\u0165ahov medzi slovami.<\/p>\n\n\n\n<h3 class=\"wp-block-heading\" id=\"h-3-adjectives\">3. Pr\u00eddavn\u00e9 men\u00e1:<\/h3>\n\n\n\n<p>Pr\u00eddavn\u00e9 men\u00e1 v po\u013e\u0161tine s\u00fahlasia s podstatn\u00fdmi menami v rode, \u010d\u00edsle a p\u00e1de. Na z\u00e1klade t\u00fdchto faktorov maj\u00fa r\u00f4zne formy, tak\u017ee osvojenie si vzorov sklo\u0148ovania pr\u00eddavn\u00fdch mien je nevyhnutn\u00e9 pre spr\u00e1vne pou\u017e\u00edvanie a pochopenie opisn\u00fdch fr\u00e1z.<\/p>\n\n\n\n<h3 class=\"wp-block-heading\" id=\"h-4-verbs\">4. Sloves\u00e1:<\/h3>\n\n\n\n<p>Po\u013esk\u00fd slovesn\u00fd syst\u00e9m pozost\u00e1va z troch \u010dasov: minul\u00fd, pr\u00edtomn\u00fd a bud\u00faci. Sloves\u00e1 maj\u00fa tie\u017e r\u00f4zne tvary zalo\u017een\u00e9 na aspekte (dokonavom alebo nedokonavom) a \u010dasovac\u00edch vzoroch. Nau\u010di\u0165 sa z\u00e1klady \u010dasovania slovies a aspektu je z\u00e1kladom pre vyjadrenie akci\u00ed, udalost\u00ed a stavov v r\u00f4znych \u010dasov\u00fdch r\u00e1mcoch.<\/p>\n\n\n\n<h3 class=\"wp-block-heading\" id=\"h-5-tense-comparison\">5. Nap\u00e4t\u00e9 porovnanie:<\/h3>\n\n\n\n<p>Pochopenie rozdielov a podobnost\u00ed medzi tromi \u010dasmi v po\u013e\u0161tine v\u00e1m umo\u017e\u0148uje presne vyjadri\u0165 \u010dasov\u00e9 vz\u0165ahy. To zah\u0155\u0148a vytv\u00e1ranie a pou\u017e\u00edvanie jednoduch\u00fdch, progres\u00edvnych a dokonal\u00fdch progres\u00edvnych foriem.<\/p>\n\n\n\n<h3 class=\"wp-block-heading\" id=\"h-6-adverbs\">6. Pr\u00edslovky:<\/h3>\n\n\n\n<p>Pr\u00edslovky v po\u013e\u0161tine poskytuj\u00fa \u010fal\u0161ie inform\u00e1cie o sloves\u00e1ch, pr\u00eddavn\u00fdch men\u00e1ch alebo in\u00fdch pr\u00edslovk\u00e1ch. Zvy\u010dajne nemenia svoju podobu, tak\u017ee je pomerne \u013eahk\u00e9 sa ich nau\u010di\u0165. Vedie\u0165, ako spr\u00e1vne pou\u017e\u00edva\u0165 pr\u00edslovky, zvy\u0161uje expresivitu v\u00e1\u0161ho jazyka.<\/p>\n\n\n\n<h3 class=\"wp-block-heading\" id=\"h-7-prepositions\">7. Predlo\u017eky:<\/h3>\n\n\n\n<p>Po\u013esk\u00e9 predlo\u017eky upravuj\u00fa konkr\u00e9tne pr\u00edpady a ukazuj\u00fa vz\u0165ahy medzi slovami vo vete. Nau\u010di\u0165 sa spr\u00e1vne pou\u017e\u00edva\u0165 predlo\u017eky a ich zodpovedaj\u00face p\u00e1dy je nevyhnutn\u00e9 pre budovanie zlo\u017eitej\u0161\u00edch viet a vyjadrenie r\u00f4znych vz\u0165ahov medzi slovami.<\/p>\n\n\n\n<h3 class=\"wp-block-heading\" id=\"h-8-conditionals\">8. Podmienky:<\/h3>\n\n\n\n<p>Podmiene\u010dn\u00e9 tresty v po\u013e\u0161tine vyjadruj\u00fa hypotetick\u00e9 situ\u00e1cie a ich d\u00f4sledky. Zvy\u010dajne pozost\u00e1vaj\u00fa z dvoch dolo\u017eiek: podmienky (klauzula if) a v\u00fdsledku (hlavn\u00e1 klauzula). <a href=\"https:\/\/talkpal.ai\/sk\/ucenie\/\">U\u010denie sa<\/a> tvorby a pou\u017e\u00edvania kondicional\u00edt v\u00e1m umo\u017e\u0148uje presne vyjadri\u0165 hypotetick\u00e9 situ\u00e1cie a ich d\u00f4sledky.<\/p>\n\n\n\n<h3 class=\"wp-block-heading\" id=\"h-9-sentences\">9. Vety:<\/h3>\n\n\n\n<p>Pre efekt\u00edvnu komunik\u00e1ciu v po\u013e\u0161tine je nevyhnutn\u00e9 porozumie\u0165 z\u00e1kladn\u00fdm vet\u00e1m vr\u00e1tane oznamovac\u00edch, opytovac\u00edch, rozkazovac\u00edch a zvol\u00e1vac\u00edch viet. Zvl\u00e1dnutie vetn\u00fdch \u0161trukt\u00far pom\u00e1ha pri vyjadrovan\u00ed my\u0161lienok, kladen\u00ed ot\u00e1zok, vyd\u00e1van\u00ed pr\u00edkazov a sprostredkovan\u00ed em\u00f3ci\u00ed v po\u013e\u0161tine.<\/p>\n<\/div><\/div>\n\r\n<section class=\"learnNavigationSection\">\r\n            \r\n        <a href=\"https:\/\/talkpal.ai\/sk\/ucte-sa-po-pol\/\">\r\n            <div class=\"learnNavigationWrapper\">\r\n                <div class=\"learnNavigationContent\">\r\n                    <img decoding=\"async\" src=\"https:\/\/talkpal.ai\/wp-content\/uploads\/2024\/08\/Polish.jpg\" alt=\"Polish Flag\">\r\n                    <div>\r\n                        <h4>O po\u013eskom vzdel\u00e1van\u00ed<\/h4>\r\n                        <p>Zistite v\u0161etko o po\u013eskej gramatike.<\/p>\r\n                    <\/div>\r\n                <\/div>\r\n            <\/div>\r\n        <\/a>\r\n\r\n        \r\n        <a href=\"https:\/\/talkpal.ai\/sk\/polska-gramatika\/\">\r\n            <div class=\"learnNavigationWrapper\">\r\n                <div class=\"learnNavigationContent\">\r\n                    <img decoding=\"async\" src=\"https:\/\/talkpal.ai\/wp-content\/uploads\/2024\/08\/Polish.jpg\" alt=\"Polish Flag\">\r\n                    <div>\r\n                        <h4>Po\u013esk\u00e9 gramatick\u00e9 lekcie<\/h4>\r\n                        <p>Precvi\u010dte si po\u013esk\u00fa gramatiku.<\/p>\r\n                    <\/div>\r\n                <\/div>\r\n            <\/div>\r\n        <\/a>\r\n\r\n        \r\n        <a href=\"https:\/\/talkpal.ai\/vocabulary_language\/polish\/\">\r\n            <div class=\"learnNavigationWrapper\">\r\n                <div class=\"learnNavigationContent\">\r\n                    <img decoding=\"async\" src=\"https:\/\/talkpal.ai\/wp-content\/uploads\/2024\/08\/Polish.jpg\" alt=\"Polish Flag\">\r\n                    <div>\r\n                        <h4>Po\u013esk\u00e1 slovn\u00e1 z\u00e1soba<\/h4>\r\n                        <p>Roz\u0161\u00edrte si po\u013esk\u00fa slovn\u00fa z\u00e1sobu.<\/p>\r\n                    <\/div>\r\n                <\/div>\r\n            <\/div>\r\n        <\/a>\r\n\r\n            <\/section>","protected":false},"excerpt":{"rendered":"<p>T\u00e9my po\u013eskej gramatiky Po\u013e\u0161tina, z\u00e1padoslovansk\u00fd jazyk, je rodn\u00fdm jazykom Po\u013eska a hovoria n\u00edm mili\u00f3ny \u013eud\u00ed na celom svete. V\u010faka zlo\u017eit\u00e9mu gramatick\u00e9mu syst\u00e9mu a jedine\u010dnej v\u00fdslovnosti m\u00f4\u017ee by\u0165 v\u00fdu\u010dba po\u013e\u0161tiny dos\u0165 n\u00e1ro\u010dn\u00e1, ale aj obohacuj\u00faca. Na dosiahnutie dobr\u00e9ho porozumenia a ovl\u00e1dania jazyka je nevyhnutn\u00e9 nau\u010di\u0165 sa jeho gramatick\u00e9 pravidl\u00e1 v \u0161trukt\u00farovanom a logickom porad\u00ed. V tejto [&hellip;]<\/p>\n","protected":false},"author":6,"featured_media":117401,"parent":0,"menu_order":0,"comment_status":"closed","ping_status":"closed","template":"LearningContentPage.php","meta":{"_acf_changed":false,"footnotes":""},"class_list":["post-157774","page","type-page","status-publish","has-post-thumbnail","hentry"],"acf":[],"yoast_head":"<!-- This site is optimized with the Yoast SEO Premium plugin v27.2 (Yoast SEO v27.2) - https:\/\/yoast.com\/product\/yoast-seo-premium-wordpress\/ -->\n<title>Po\u013esk\u00e9 gramatick\u00e9 cvi\u010denia - Talkpal<\/title>\n<meta name=\"description\" content=\"Zvl\u00e1dnite po\u013esk\u00fa gramatiku pomocou interakt\u00edvnych cvi\u010den\u00ed ur\u010den\u00fdch pre v\u0161etky \u00farovne. Precvi\u010dte si a zlep\u0161ite svoje jazykov\u00e9 znalosti!\" \/>\n<meta name=\"robots\" content=\"index, follow, max-snippet:-1, max-image-preview:large, max-video-preview:-1\" \/>\n<link rel=\"canonical\" href=\"https:\/\/talkpal.ai\/sk\/polske-gramaticke-cvicenia\/\" \/>\n<meta property=\"og:locale\" content=\"sk_SK\" \/>\n<meta property=\"og:type\" content=\"article\" \/>\n<meta property=\"og:title\" content=\"Po\u013esk\u00e9 gramatick\u00e9 cvi\u010denia\" \/>\n<meta property=\"og:description\" content=\"T\u00e9my po\u013eskej gramatiky Po\u013e\u0161tina, z\u00e1padoslovansk\u00fd jazyk, je rodn\u00fdm jazykom Po\u013eska a hovoria n\u00edm mili\u00f3ny \u013eud\u00ed na celom svete. V\u010faka zlo\u017eit\u00e9mu gramatick\u00e9mu\" \/>\n<meta property=\"og:url\" content=\"https:\/\/talkpal.ai\/sk\/polske-gramaticke-cvicenia\/\" \/>\n<meta property=\"og:site_name\" content=\"Talkpal\" \/>\n<meta property=\"article:publisher\" content=\"https:\/\/www.facebook.com\/profile.php?id=100090733639311\" \/>\n<meta property=\"article:modified_time\" content=\"2025-12-17T09:57:01+00:00\" \/>\n<meta property=\"og:image\" content=\"https:\/\/talkpal.ai\/wp-content\/uploads\/2023\/05\/poland.png\" \/>\n\t<meta property=\"og:image:width\" content=\"512\" \/>\n\t<meta property=\"og:image:height\" content=\"512\" \/>\n\t<meta property=\"og:image:type\" content=\"image\/png\" \/>\n<meta name=\"twitter:card\" content=\"summary_large_image\" \/>\n<meta name=\"twitter:site\" content=\"@talkpalai\" \/>\n<meta name=\"twitter:label1\" content=\"Predpokladan\u00fd \u010das \u010d\u00edtania\" \/>\n\t<meta name=\"twitter:data1\" content=\"3 min\u00faty\" \/>\n<script type=\"application\/ld+json\" class=\"yoast-schema-graph\">{\"@context\":\"https:\/\/schema.org\",\"@graph\":[{\"@type\":\"WebPage\",\"@id\":\"https:\/\/talkpal.ai\/sk\/polske-gramaticke-cvicenia\/\",\"url\":\"https:\/\/talkpal.ai\/sk\/polske-gramaticke-cvicenia\/\",\"name\":\"Po\u013esk\u00e9 gramatick\u00e9 cvi\u010denia - Talkpal\",\"isPartOf\":{\"@id\":\"https:\/\/talkpal.ai\/sk\/#website\"},\"primaryImageOfPage\":{\"@id\":\"https:\/\/talkpal.ai\/sk\/polske-gramaticke-cvicenia\/#primaryimage\"},\"image\":{\"@id\":\"https:\/\/talkpal.ai\/sk\/polske-gramaticke-cvicenia\/#primaryimage\"},\"thumbnailUrl\":\"https:\/\/talkpal.ai\/wp-content\/uploads\/2023\/05\/poland.png\",\"datePublished\":\"2023-06-27T09:07:34+00:00\",\"dateModified\":\"2025-12-17T09:57:01+00:00\",\"description\":\"Zvl\u00e1dnite po\u013esk\u00fa gramatiku pomocou interakt\u00edvnych cvi\u010den\u00ed ur\u010den\u00fdch pre v\u0161etky \u00farovne. Precvi\u010dte si a zlep\u0161ite svoje jazykov\u00e9 znalosti!\",\"breadcrumb\":{\"@id\":\"https:\/\/talkpal.ai\/sk\/polske-gramaticke-cvicenia\/#breadcrumb\"},\"inLanguage\":\"sk-SK\",\"potentialAction\":[{\"@type\":\"ReadAction\",\"target\":[\"https:\/\/talkpal.ai\/sk\/polske-gramaticke-cvicenia\/\"]}]},{\"@type\":\"ImageObject\",\"inLanguage\":\"sk-SK\",\"@id\":\"https:\/\/talkpal.ai\/sk\/polske-gramaticke-cvicenia\/#primaryimage\",\"url\":\"https:\/\/talkpal.ai\/wp-content\/uploads\/2023\/05\/poland.png\",\"contentUrl\":\"https:\/\/talkpal.ai\/wp-content\/uploads\/2023\/05\/poland.png\",\"width\":512,\"height\":512},{\"@type\":\"BreadcrumbList\",\"@id\":\"https:\/\/talkpal.ai\/sk\/polske-gramaticke-cvicenia\/#breadcrumb\",\"itemListElement\":[{\"@type\":\"ListItem\",\"position\":1,\"name\":\"Homepage\",\"item\":\"https:\/\/talkpal.ai\/sk\/\"},{\"@type\":\"ListItem\",\"position\":2,\"name\":\"Po\u013esk\u00e9 gramatick\u00e9 cvi\u010denia\"}]},{\"@type\":\"WebSite\",\"@id\":\"https:\/\/talkpal.ai\/sk\/#website\",\"url\":\"https:\/\/talkpal.ai\/sk\/\",\"name\":\"Talkpal\",\"description\":\"AI Language Learning\",\"publisher\":{\"@id\":\"https:\/\/talkpal.ai\/sk\/#organization\"},\"alternateName\":\"Talkpal AI\",\"potentialAction\":[{\"@type\":\"SearchAction\",\"target\":{\"@type\":\"EntryPoint\",\"urlTemplate\":\"https:\/\/talkpal.ai\/sk\/?s={search_term_string}\"},\"query-input\":{\"@type\":\"PropertyValueSpecification\",\"valueRequired\":true,\"valueName\":\"search_term_string\"}}],\"inLanguage\":\"sk-SK\"},{\"@type\":\"Organization\",\"@id\":\"https:\/\/talkpal.ai\/sk\/#organization\",\"name\":\"Talkpal, Inc.\",\"alternateName\":\"Talkpal AI\",\"url\":\"https:\/\/talkpal.ai\/sk\/\",\"logo\":{\"@type\":\"ImageObject\",\"inLanguage\":\"sk-SK\",\"@id\":\"https:\/\/talkpal.ai\/sk\/#\/schema\/logo\/image\/\",\"url\":\"https:\/\/talkpal.ai\/wp-content\/uploads\/2024\/03\/Talkpal-Logo-Icon.png\",\"contentUrl\":\"https:\/\/talkpal.ai\/wp-content\/uploads\/2024\/03\/Talkpal-Logo-Icon.png\",\"width\":2880,\"height\":2880,\"caption\":\"Talkpal, Inc.\"},\"image\":{\"@id\":\"https:\/\/talkpal.ai\/sk\/#\/schema\/logo\/image\/\"},\"sameAs\":[\"https:\/\/www.facebook.com\/profile.php?id=100090733639311\",\"https:\/\/x.com\/talkpalai\",\"https:\/\/www.linkedin.com\/company\/talkpal\/\",\"https:\/\/www.youtube.com\/@TalkPal\/\",\"https:\/\/www.tiktok.com\/@talkpal\",\"https:\/\/www.instagram.com\/talkpal_ai\/\",\"https:\/\/www.crunchbase.com\/organization\/talkpal-9cde\",\"https:\/\/www.g2.com\/products\/talkpal-for-business\/\",\"https:\/\/www.trustpilot.com\/review\/talkpal.ai\",\"https:\/\/www.capterra.com\/p\/10006800\/TalkPal\/\"],\"description\":\"Talkpal is a language learning web and mobile education app, powered by the latest AI technologies, that provides engaging experiences to its customers in many different languages to help them improve their language skills. Users can chat about unlimited amount of topics with the app and use other modes to practice their language learning.\",\"email\":\"support@talkpal.ai\",\"legalName\":\"Talkpal, Inc.\",\"foundingDate\":\"2023-04-03\",\"duns\":\"118989042\",\"numberOfEmployees\":{\"@type\":\"QuantitativeValue\",\"minValue\":\"11\",\"maxValue\":\"50\"},\"publishingPrinciples\":\"https:\/\/talkpal.ai\/publishing-principles\/\",\"actionableFeedbackPolicy\":\"https:\/\/talkpal.ai\/actionable-feedback-policy\/\",\"correctionsPolicy\":\"https:\/\/talkpal.ai\/corrections-policy\/\",\"ethicsPolicy\":\"https:\/\/talkpal.ai\/ethics-policy\/\",\"diversityPolicy\":\"https:\/\/talkpal.ai\/diversity-policy\/\",\"diversityStaffingReport\":\"https:\/\/talkpal.ai\/diversity-policy\/\"}]}<\/script>\n<!-- \/ Yoast SEO Premium plugin. -->","yoast_head_json":{"title":"Po\u013esk\u00e9 gramatick\u00e9 cvi\u010denia - Talkpal","description":"Zvl\u00e1dnite po\u013esk\u00fa gramatiku pomocou interakt\u00edvnych cvi\u010den\u00ed ur\u010den\u00fdch pre v\u0161etky \u00farovne. Precvi\u010dte si a zlep\u0161ite svoje jazykov\u00e9 znalosti!","robots":{"index":"index","follow":"follow","max-snippet":"max-snippet:-1","max-image-preview":"max-image-preview:large","max-video-preview":"max-video-preview:-1"},"canonical":"https:\/\/talkpal.ai\/sk\/polske-gramaticke-cvicenia\/","og_locale":"sk_SK","og_type":"article","og_title":"Po\u013esk\u00e9 gramatick\u00e9 cvi\u010denia","og_description":"T\u00e9my po\u013eskej gramatiky Po\u013e\u0161tina, z\u00e1padoslovansk\u00fd jazyk, je rodn\u00fdm jazykom Po\u013eska a hovoria n\u00edm mili\u00f3ny \u013eud\u00ed na celom svete. V\u010faka zlo\u017eit\u00e9mu gramatick\u00e9mu","og_url":"https:\/\/talkpal.ai\/sk\/polske-gramaticke-cvicenia\/","og_site_name":"Talkpal","article_publisher":"https:\/\/www.facebook.com\/profile.php?id=100090733639311","article_modified_time":"2025-12-17T09:57:01+00:00","og_image":[{"width":512,"height":512,"url":"https:\/\/talkpal.ai\/wp-content\/uploads\/2023\/05\/poland.png","type":"image\/png"}],"twitter_card":"summary_large_image","twitter_site":"@talkpalai","twitter_misc":{"Predpokladan\u00fd \u010das \u010d\u00edtania":"3 min\u00faty"},"schema":{"@context":"https:\/\/schema.org","@graph":[{"@type":"WebPage","@id":"https:\/\/talkpal.ai\/sk\/polske-gramaticke-cvicenia\/","url":"https:\/\/talkpal.ai\/sk\/polske-gramaticke-cvicenia\/","name":"Po\u013esk\u00e9 gramatick\u00e9 cvi\u010denia - Talkpal","isPartOf":{"@id":"https:\/\/talkpal.ai\/sk\/#website"},"primaryImageOfPage":{"@id":"https:\/\/talkpal.ai\/sk\/polske-gramaticke-cvicenia\/#primaryimage"},"image":{"@id":"https:\/\/talkpal.ai\/sk\/polske-gramaticke-cvicenia\/#primaryimage"},"thumbnailUrl":"https:\/\/talkpal.ai\/wp-content\/uploads\/2023\/05\/poland.png","datePublished":"2023-06-27T09:07:34+00:00","dateModified":"2025-12-17T09:57:01+00:00","description":"Zvl\u00e1dnite po\u013esk\u00fa gramatiku pomocou interakt\u00edvnych cvi\u010den\u00ed ur\u010den\u00fdch pre v\u0161etky \u00farovne. Precvi\u010dte si a zlep\u0161ite svoje jazykov\u00e9 znalosti!","breadcrumb":{"@id":"https:\/\/talkpal.ai\/sk\/polske-gramaticke-cvicenia\/#breadcrumb"},"inLanguage":"sk-SK","potentialAction":[{"@type":"ReadAction","target":["https:\/\/talkpal.ai\/sk\/polske-gramaticke-cvicenia\/"]}]},{"@type":"ImageObject","inLanguage":"sk-SK","@id":"https:\/\/talkpal.ai\/sk\/polske-gramaticke-cvicenia\/#primaryimage","url":"https:\/\/talkpal.ai\/wp-content\/uploads\/2023\/05\/poland.png","contentUrl":"https:\/\/talkpal.ai\/wp-content\/uploads\/2023\/05\/poland.png","width":512,"height":512},{"@type":"BreadcrumbList","@id":"https:\/\/talkpal.ai\/sk\/polske-gramaticke-cvicenia\/#breadcrumb","itemListElement":[{"@type":"ListItem","position":1,"name":"Homepage","item":"https:\/\/talkpal.ai\/sk\/"},{"@type":"ListItem","position":2,"name":"Po\u013esk\u00e9 gramatick\u00e9 cvi\u010denia"}]},{"@type":"WebSite","@id":"https:\/\/talkpal.ai\/sk\/#website","url":"https:\/\/talkpal.ai\/sk\/","name":"Talkpal","description":"AI Language Learning","publisher":{"@id":"https:\/\/talkpal.ai\/sk\/#organization"},"alternateName":"Talkpal AI","potentialAction":[{"@type":"SearchAction","target":{"@type":"EntryPoint","urlTemplate":"https:\/\/talkpal.ai\/sk\/?s={search_term_string}"},"query-input":{"@type":"PropertyValueSpecification","valueRequired":true,"valueName":"search_term_string"}}],"inLanguage":"sk-SK"},{"@type":"Organization","@id":"https:\/\/talkpal.ai\/sk\/#organization","name":"Talkpal, Inc.","alternateName":"Talkpal AI","url":"https:\/\/talkpal.ai\/sk\/","logo":{"@type":"ImageObject","inLanguage":"sk-SK","@id":"https:\/\/talkpal.ai\/sk\/#\/schema\/logo\/image\/","url":"https:\/\/talkpal.ai\/wp-content\/uploads\/2024\/03\/Talkpal-Logo-Icon.png","contentUrl":"https:\/\/talkpal.ai\/wp-content\/uploads\/2024\/03\/Talkpal-Logo-Icon.png","width":2880,"height":2880,"caption":"Talkpal, Inc."},"image":{"@id":"https:\/\/talkpal.ai\/sk\/#\/schema\/logo\/image\/"},"sameAs":["https:\/\/www.facebook.com\/profile.php?id=100090733639311","https:\/\/x.com\/talkpalai","https:\/\/www.linkedin.com\/company\/talkpal\/","https:\/\/www.youtube.com\/@TalkPal\/","https:\/\/www.tiktok.com\/@talkpal","https:\/\/www.instagram.com\/talkpal_ai\/","https:\/\/www.crunchbase.com\/organization\/talkpal-9cde","https:\/\/www.g2.com\/products\/talkpal-for-business\/","https:\/\/www.trustpilot.com\/review\/talkpal.ai","https:\/\/www.capterra.com\/p\/10006800\/TalkPal\/"],"description":"Talkpal is a language learning web and mobile education app, powered by the latest AI technologies, that provides engaging experiences to its customers in many different languages to help them improve their language skills. Users can chat about unlimited amount of topics with the app and use other modes to practice their language learning.","email":"support@talkpal.ai","legalName":"Talkpal, Inc.","foundingDate":"2023-04-03","duns":"118989042","numberOfEmployees":{"@type":"QuantitativeValue","minValue":"11","maxValue":"50"},"publishingPrinciples":"https:\/\/talkpal.ai\/publishing-principles\/","actionableFeedbackPolicy":"https:\/\/talkpal.ai\/actionable-feedback-policy\/","correctionsPolicy":"https:\/\/talkpal.ai\/corrections-policy\/","ethicsPolicy":"https:\/\/talkpal.ai\/ethics-policy\/","diversityPolicy":"https:\/\/talkpal.ai\/diversity-policy\/","diversityStaffingReport":"https:\/\/talkpal.ai\/diversity-policy\/"}]}},"_links":{"self":[{"href":"https:\/\/talkpal.ai\/sk\/wp-json\/wp\/v2\/pages\/157774","targetHints":{"allow":["GET"]}}],"collection":[{"href":"https:\/\/talkpal.ai\/sk\/wp-json\/wp\/v2\/pages"}],"about":[{"href":"https:\/\/talkpal.ai\/sk\/wp-json\/wp\/v2\/types\/page"}],"author":[{"embeddable":true,"href":"https:\/\/talkpal.ai\/sk\/wp-json\/wp\/v2\/users\/6"}],"replies":[{"embeddable":true,"href":"https:\/\/talkpal.ai\/sk\/wp-json\/wp\/v2\/comments?post=157774"}],"version-history":[{"count":0,"href":"https:\/\/talkpal.ai\/sk\/wp-json\/wp\/v2\/pages\/157774\/revisions"}],"wp:featuredmedia":[{"embeddable":true,"href":"https:\/\/talkpal.ai\/sk\/wp-json\/wp\/v2\/media\/117401"}],"wp:attachment":[{"href":"https:\/\/talkpal.ai\/sk\/wp-json\/wp\/v2\/media?parent=157774"}],"curies":[{"name":"wp","href":"https:\/\/api.w.org\/{rel}","templated":true}]}}