{"id":157484,"date":"2023-06-28T09:53:38","date_gmt":"2023-06-28T09:53:38","guid":{"rendered":"http:\/\/talkpal.ai\/rumunske-gramaticke-cvicenia\/"},"modified":"2025-12-17T09:55:40","modified_gmt":"2025-12-17T09:55:40","slug":"rumunske-gramaticke-cvicenia","status":"publish","type":"page","link":"https:\/\/talkpal.ai\/sk\/rumunske-gramaticke-cvicenia\/","title":{"rendered":"Rumunsk\u00e9 gramatick\u00e9 cvi\u010denia"},"content":{"rendered":"\r\n\r\n\r\n<section class=\"languageChallengeSection\">\r\n    <div class=\"languageInfoWrapper\">\r\n        \r\n        <h1>Rumunsk\u00e9 gramatick\u00e9 cvi\u010denia<\/h1>\r\n        <p>Chcete sa zdokonali\u0165 v rumun\u010dine? Precvi\u010dovanie gramatick\u00fdch cvi\u010den\u00ed je spo\u013eahliv\u00fdm sp\u00f4sobom, ako si osvoji\u0165 \u0161trukt\u00faru viet, slovesn\u00e9 \u010dasovanie a jedine\u010dn\u00e9 vlastnosti rumunsk\u00e9ho jazyka. Za\u010dnite pracova\u0165 na rumunskej gramatike e\u0161te dnes a sledujte, ako s ka\u017ed\u00fdm cvi\u010den\u00edm rastie va\u0161a sebad\u00f4vera a plynulos\u0165!\n\n<\/p>\r\n\r\n                            <a class=\"getStartedHidden\" href=\"https:\/\/app.talkpal.ai\/sk\/signup?lng=\">Za\u010dni<\/a>\r\n        \r\n    <\/div>\r\n\r\n    <figure>\r\n    <img decoding=\"async\" width=\"768\" height=\"768\" src=\"https:\/\/talkpal.ai\/wp-content\/uploads\/2023\/06\/romanian-768x768.png\" class=\"languageImage no-lazy\" alt=\"Language learning for intellectual challenge\" fetchpriority=\"high\" sizes=\"(max-width: 768px) 150px, 768px\" srcset=\"https:\/\/talkpal.ai\/wp-content\/uploads\/2023\/06\/romanian-768x768.png 768w, https:\/\/talkpal.ai\/wp-content\/uploads\/2023\/06\/romanian-300x300.png 300w\" \/>\r\n    \r\n\r\n    <\/figure>\r\n\r\n            <a class=\"getStartedVisible\" href=\"https:\/\/app.talkpal.ai\/sk\/signup?lng=\">Za\u010dni<\/a>\r\n    \r\n<\/section>\r\n\r\n\r\n<!-- <section class=\"grammarSection\">\r\n    <div class=\"grammarLinks\">\r\n            <\/div>\r\n<\/section> -->\r\n\r\n\r\n\r\n\r\n<section class=\"promotionalBanner\">\r\n    <p class=\"promotionalText\">Najefekt\u00edvnej\u0161\u00ed sp\u00f4sob, ako sa nau\u010di\u0165 jazyk<\/p>\r\n    <a class=\"promotionalLink\" href=\"https:\/\/app.talkpal.ai\/sk\/signup?lng=\">Vysk\u00fa\u0161ajte Talkpal zadarmo<\/a>\r\n<\/section>\n<div class=\"wp-block-group pageContainerStyle\"><div class=\"wp-block-group__inner-container is-layout-constrained wp-block-group-is-layout-constrained\">\n<h2 class=\"wp-block-heading\" id=\"h-romanian-grammar-topics\">T\u00e9my rumunskej gramatiky<\/h2>\n\n\n\n<p><a href=\"https:\/\/talkpal.ai\/sk\/ucenie\/\">U\u010denie sa<\/a> rumun\u010diny je obohacuj\u00face \u00fasilie, ktor\u00e9 pon\u00faka poh\u013ead na bohat\u00fa kult\u00faru a hist\u00f3riu. Zatia\u013e \u010do <a href=\"https:\/\/talkpal.ai\/romanian-grammar\/\">rumunsk\u00e1 gramatika<\/a> je zlo\u017eit\u00e1, systematick\u00fd pr\u00edstup ju m\u00f4\u017ee zvl\u00e1dnu\u0165. K\u013e\u00fa\u010dom je pochopi\u0165 jeho \u0161trukt\u00faru a pravidl\u00e1, po\u010dn\u00fac z\u00e1kladn\u00fdmi prvkami a postupne prech\u00e1dza\u0165 k pokro\u010dil\u00fdm t\u00e9mam. T\u00e1to pr\u00edru\u010dka poskytuje optim\u00e1lnu postupnos\u0165 v\u00fdu\u010dby rumunskej gramatiky so zameran\u00edm na \u010dasy, sloves\u00e1, podstatn\u00e9 men\u00e1, \u010dl\u00e1nky, z\u00e1men\u00e1\/determin\u00e1tory, pr\u00eddavn\u00e9 men\u00e1, pr\u00edslovky, podmie\u0148ovacie prvky, predlo\u017eky a kon\u0161trukciu viet.<\/p>\n\n\n\n<h3 class=\"wp-block-heading\" id=\"h-1-nouns\">1. Podstatn\u00e9 men\u00e1:<\/h3>\n\n\n\n<p>Za\u010dnite u\u010den\u00edm sa rumunsk\u00fdch podstatn\u00fdch mien, ktor\u00e9 maj\u00fa rody a p\u00e1dy. Obozn\u00e1menie sa s formami podstatn\u00fdch mien pom\u00e1ha pochopi\u0165 z\u00e1klady jazyka.<\/p>\n\n\n\n<h3 class=\"wp-block-heading\" id=\"h-2-articles\">2. \u010cl\u00e1nky:<\/h3>\n\n\n\n<p>\u010ealej sa dozviete o \u010dl\u00e1nkoch, ktor\u00e9 sa pou\u017e\u00edvaj\u00fa s podstatn\u00fdmi menami. <a href=\"https:\/\/talkpal.ai\/learn-romanian\/\">Rumun\u010dina<\/a> m\u00e1 ur\u010dit\u00e9 a neur\u010dit\u00e9 \u010dl\u00e1nky, ktor\u00e9 s\u00fahlasia s rodom, \u010d\u00edslom a p\u00e1dom podstatn\u00e9ho mena.<\/p>\n\n\n\n<h3 class=\"wp-block-heading\" id=\"h-3-adjectives\">3. Pr\u00eddavn\u00e9 men\u00e1:<\/h3>\n\n\n\n<p>Pr\u00eddavn\u00e9 men\u00e1 v rumun\u010dine s\u00fahlasia v rode, \u010d\u00edsle a p\u00e1de s podstatn\u00fdm menom, ktor\u00e9 upravuj\u00fa. U\u010denie sa tejto t\u00e9my pom\u00f4\u017ee zlep\u0161i\u0165 slovn\u00fa z\u00e1sobu a kon\u0161trukciu viet.<\/p>\n\n\n\n<h3 class=\"wp-block-heading\" id=\"h-4-pronouns-determiners\">4. Z\u00e1men\u00e1\/determin\u00e1tory:<\/h3>\n\n\n\n<p>Tieto nahr\u00e1dzaj\u00fa alebo sprev\u00e1dzaj\u00fa podstatn\u00e9 men\u00e1. Ich u\u010denie v\u00e1m pom\u00f4\u017ee vyhn\u00fa\u0165 sa opakovaniu a va\u0161e vety bud\u00fa rozmanitej\u0161ie.<\/p>\n\n\n\n<h3 class=\"wp-block-heading\" id=\"h-5-verbs\">5. Sloves\u00e1:<\/h3>\n\n\n\n<p>Sloves\u00e1 s\u00fa jadrom viet. Ozna\u010duj\u00fa \u010diny alebo stavy bytia. Rumunsk\u00e9 sloves\u00e1 s\u00fa \u010dasovan\u00e9 pod\u013ea n\u00e1lady, \u010dasu, osoby a \u010d\u00edsla.<\/p>\n\n\n\n<h3 class=\"wp-block-heading\" id=\"h-6-tenses\">6. \u010casy:<\/h3>\n\n\n\n<p>Rumun\u010dina m\u00e1 nieko\u013eko \u010dasov na vyjadrenie minul\u00fdch, s\u00fa\u010dasn\u00fdch a bud\u00facich akci\u00ed. Nau\u010di\u0165 sa ich v porad\u00ed &#8211; s\u00fa\u010dasnos\u0165, minulos\u0165 a bud\u00facnos\u0165 &#8211; v\u00e1m pom\u00f4\u017ee pochopi\u0165 a vyjadri\u0165 r\u00f4zne \u010dasov\u00e9 r\u00e1mce.<\/p>\n\n\n\n<h3 class=\"wp-block-heading\" id=\"h-7-tense-comparison\">7. Nap\u00e4t\u00e9 porovnanie:<\/h3>\n\n\n\n<p>Pochopenie toho, ako sa r\u00f4zne \u010dasy porovn\u00e1vaj\u00fa a kontrastuj\u00fa, je k\u013e\u00fa\u010dom k ich spr\u00e1vnemu pou\u017eitiu. Tento krok v\u00e1m pom\u00f4\u017ee zlep\u0161i\u0165 pou\u017e\u00edvanie slovies.<\/p>\n\n\n\n<h3 class=\"wp-block-heading\" id=\"h-8-progressive-and-perfect-progressive\">8. Progres\u00edvne a dokonal\u00e9 progres\u00edvne:<\/h3>\n\n\n\n<p>Ide o pokro\u010dilej\u0161ie slovesn\u00e9 tvary, ktor\u00e9 v\u00e1m umo\u017e\u0148uj\u00fa vyjadri\u0165 prebiehaj\u00face alebo dokon\u010den\u00e9 akcie.<\/p>\n\n\n\n<h3 class=\"wp-block-heading\" id=\"h-9-adverbs\">9. Pr\u00edslovky:<\/h3>\n\n\n\n<p>Pr\u00edslovky upravuj\u00fa sloves\u00e1, pr\u00eddavn\u00e9 men\u00e1 alebo in\u00e9 pr\u00edslovky. Prid\u00e1vaj\u00fa detaily do va\u0161ich viet a umo\u017e\u0148uj\u00fa v\u00e1m vyjadri\u0165 sp\u00f4sob, miesto, \u010das, frekvenciu, stupe\u0148 a \u010fal\u0161ie.<\/p>\n\n\n\n<h3 class=\"wp-block-heading\" id=\"h-10-conditionals\">10. Podmienky:<\/h3>\n\n\n\n<p>Podmienen\u00e9 vyjadruj\u00fa hypotetick\u00e9 situ\u00e1cie a ich mo\u017en\u00e9 v\u00fdsledky. S\u00fa nevyhnutn\u00e9 na vyjadrenie zlo\u017eit\u00fdch my\u0161lienok.<\/p>\n\n\n\n<h3 class=\"wp-block-heading\" id=\"h-11-prepositions\">11. Predlo\u017eky:<\/h3>\n\n\n\n<p>Predlo\u017eky prep\u00e1jaj\u00fa slov\u00e1 a fr\u00e1zy a poskytuj\u00fa kontext. Ozna\u010duj\u00fa miesto, smer, \u010das a \u010fal\u0161ie vz\u0165ahy.<\/p>\n\n\n\n<h3 class=\"wp-block-heading\" id=\"h-12-sentences\">12. Vety:<\/h3>\n\n\n\n<p>Nakoniec, pochopenie toho, ako sa v\u0161etky tieto prvky sp\u00e1jaj\u00fa do viet, upevn\u00ed va\u0161e pochopenie rumunskej gramatiky. T\u00e1to posledn\u00e1 f\u00e1za zah\u0155\u0148a u\u010denie sa o \u0161trukt\u00fare viet, typoch viet a interpunkcii.<\/p>\n<\/div><\/div>\n\r\n<section class=\"learnNavigationSection\">\r\n            \r\n        <a href=\"https:\/\/talkpal.ai\/sk\/naucte-sa-rumunsky\/\">\r\n            <div class=\"learnNavigationWrapper\">\r\n                <div class=\"learnNavigationContent\">\r\n                    <img decoding=\"async\" src=\"https:\/\/talkpal.ai\/wp-content\/uploads\/2024\/08\/Romanian.jpg\" alt=\"Romanian Flag\">\r\n                    <div>\r\n                        <h4>O \u0161t\u00fadiu rumun\u010diny<\/h4>\r\n                        <p>Zistite v\u0161etko o rumunskej gramatike.<\/p>\r\n                    <\/div>\r\n                <\/div>\r\n            <\/div>\r\n        <\/a>\r\n\r\n        \r\n        <a href=\"https:\/\/talkpal.ai\/sk\/rumunska-gramatika\/\">\r\n            <div class=\"learnNavigationWrapper\">\r\n                <div class=\"learnNavigationContent\">\r\n                    <img decoding=\"async\" src=\"https:\/\/talkpal.ai\/wp-content\/uploads\/2024\/08\/Romanian.jpg\" alt=\"Romanian Flag\">\r\n                    <div>\r\n                        <h4>Hodiny rumunskej gramatiky<\/h4>\r\n                        <p>Precvi\u010dte si rumunsk\u00fa gramatiku.<\/p>\r\n                    <\/div>\r\n                <\/div>\r\n            <\/div>\r\n        <\/a>\r\n\r\n        \r\n        <a href=\"https:\/\/talkpal.ai\/vocabulary_language\/romanian\/\">\r\n            <div class=\"learnNavigationWrapper\">\r\n                <div class=\"learnNavigationContent\">\r\n                    <img decoding=\"async\" src=\"https:\/\/talkpal.ai\/wp-content\/uploads\/2024\/08\/Romanian.jpg\" alt=\"Romanian Flag\">\r\n                    <div>\r\n                        <h4>Rumunsk\u00e1 slovn\u00e1 z\u00e1soba<\/h4>\r\n                        <p>Roz\u0161\u00edrte si slovn\u00fa z\u00e1sobu rumun\u010diny.<\/p>\r\n                    <\/div>\r\n                <\/div>\r\n            <\/div>\r\n        <\/a>\r\n\r\n            <\/section>","protected":false},"excerpt":{"rendered":"<p>T\u00e9my rumunskej gramatiky U\u010denie sa rumun\u010diny je obohacuj\u00face \u00fasilie, ktor\u00e9 pon\u00faka poh\u013ead na bohat\u00fa kult\u00faru a hist\u00f3riu. Zatia\u013e \u010do rumunsk\u00e1 gramatika je zlo\u017eit\u00e1, systematick\u00fd pr\u00edstup ju m\u00f4\u017ee zvl\u00e1dnu\u0165. K\u013e\u00fa\u010dom je pochopi\u0165 jeho \u0161trukt\u00faru a pravidl\u00e1, po\u010dn\u00fac z\u00e1kladn\u00fdmi prvkami a postupne prech\u00e1dza\u0165 k pokro\u010dil\u00fdm t\u00e9mam. T\u00e1to pr\u00edru\u010dka poskytuje optim\u00e1lnu postupnos\u0165 v\u00fdu\u010dby rumunskej gramatiky so zameran\u00edm na [&hellip;]<\/p>\n","protected":false},"author":6,"featured_media":117873,"parent":0,"menu_order":0,"comment_status":"closed","ping_status":"closed","template":"LearningContentPage.php","meta":{"_acf_changed":false,"footnotes":""},"class_list":["post-157484","page","type-page","status-publish","has-post-thumbnail","hentry"],"acf":[],"yoast_head":"<!-- This site is optimized with the Yoast SEO Premium plugin v27.2 (Yoast SEO v27.2) - https:\/\/yoast.com\/product\/yoast-seo-premium-wordpress\/ -->\n<title>Rumunsk\u00e9 gramatick\u00e9 cvi\u010denia - Talkpal<\/title>\n<meta name=\"description\" content=\"Ovl\u00e1dnite rumunsk\u00fa gramatiku pomocou cielen\u00fdch cvi\u010den\u00ed. V\u010faka na\u0161im cvi\u010deniam na rumunsk\u00fa gramatiku je u\u010denie systematick\u00e9 a efekt\u00edvne.\" \/>\n<meta name=\"robots\" content=\"index, follow, max-snippet:-1, max-image-preview:large, max-video-preview:-1\" \/>\n<link rel=\"canonical\" href=\"https:\/\/talkpal.ai\/sk\/rumunske-gramaticke-cvicenia\/\" \/>\n<meta property=\"og:locale\" content=\"sk_SK\" \/>\n<meta property=\"og:type\" content=\"article\" \/>\n<meta property=\"og:title\" content=\"Rumunsk\u00e9 gramatick\u00e9 cvi\u010denia\" \/>\n<meta property=\"og:description\" content=\"T\u00e9my rumunskej gramatiky U\u010denie sa rumun\u010diny je obohacuj\u00face \u00fasilie, ktor\u00e9 pon\u00faka poh\u013ead na bohat\u00fa kult\u00faru a hist\u00f3riu. Zatia\u013e \u010do rumunsk\u00e1 gramatika je\" \/>\n<meta property=\"og:url\" content=\"https:\/\/talkpal.ai\/sk\/rumunske-gramaticke-cvicenia\/\" \/>\n<meta property=\"og:site_name\" content=\"Talkpal\" \/>\n<meta property=\"article:publisher\" content=\"https:\/\/www.facebook.com\/profile.php?id=100090733639311\" \/>\n<meta property=\"article:modified_time\" content=\"2025-12-17T09:55:40+00:00\" \/>\n<meta property=\"og:image\" content=\"https:\/\/talkpal.ai\/wp-content\/uploads\/2023\/05\/romania.png\" \/>\n\t<meta property=\"og:image:width\" content=\"512\" \/>\n\t<meta property=\"og:image:height\" content=\"512\" \/>\n\t<meta property=\"og:image:type\" content=\"image\/png\" \/>\n<meta name=\"twitter:card\" content=\"summary_large_image\" \/>\n<meta name=\"twitter:site\" content=\"@talkpalai\" \/>\n<meta name=\"twitter:label1\" content=\"Predpokladan\u00fd \u010das \u010d\u00edtania\" \/>\n\t<meta name=\"twitter:data1\" content=\"2 min\u00faty\" \/>\n<script type=\"application\/ld+json\" class=\"yoast-schema-graph\">{\"@context\":\"https:\/\/schema.org\",\"@graph\":[{\"@type\":\"WebPage\",\"@id\":\"https:\/\/talkpal.ai\/sk\/rumunske-gramaticke-cvicenia\/\",\"url\":\"https:\/\/talkpal.ai\/sk\/rumunske-gramaticke-cvicenia\/\",\"name\":\"Rumunsk\u00e9 gramatick\u00e9 cvi\u010denia - Talkpal\",\"isPartOf\":{\"@id\":\"https:\/\/talkpal.ai\/sk\/#website\"},\"primaryImageOfPage\":{\"@id\":\"https:\/\/talkpal.ai\/sk\/rumunske-gramaticke-cvicenia\/#primaryimage\"},\"image\":{\"@id\":\"https:\/\/talkpal.ai\/sk\/rumunske-gramaticke-cvicenia\/#primaryimage\"},\"thumbnailUrl\":\"https:\/\/talkpal.ai\/wp-content\/uploads\/2023\/05\/romania.png\",\"datePublished\":\"2023-06-28T09:53:38+00:00\",\"dateModified\":\"2025-12-17T09:55:40+00:00\",\"description\":\"Ovl\u00e1dnite rumunsk\u00fa gramatiku pomocou cielen\u00fdch cvi\u010den\u00ed. V\u010faka na\u0161im cvi\u010deniam na rumunsk\u00fa gramatiku je u\u010denie systematick\u00e9 a efekt\u00edvne.\",\"breadcrumb\":{\"@id\":\"https:\/\/talkpal.ai\/sk\/rumunske-gramaticke-cvicenia\/#breadcrumb\"},\"inLanguage\":\"sk-SK\",\"potentialAction\":[{\"@type\":\"ReadAction\",\"target\":[\"https:\/\/talkpal.ai\/sk\/rumunske-gramaticke-cvicenia\/\"]}]},{\"@type\":\"ImageObject\",\"inLanguage\":\"sk-SK\",\"@id\":\"https:\/\/talkpal.ai\/sk\/rumunske-gramaticke-cvicenia\/#primaryimage\",\"url\":\"https:\/\/talkpal.ai\/wp-content\/uploads\/2023\/05\/romania.png\",\"contentUrl\":\"https:\/\/talkpal.ai\/wp-content\/uploads\/2023\/05\/romania.png\",\"width\":512,\"height\":512},{\"@type\":\"BreadcrumbList\",\"@id\":\"https:\/\/talkpal.ai\/sk\/rumunske-gramaticke-cvicenia\/#breadcrumb\",\"itemListElement\":[{\"@type\":\"ListItem\",\"position\":1,\"name\":\"Homepage\",\"item\":\"https:\/\/talkpal.ai\/sk\/\"},{\"@type\":\"ListItem\",\"position\":2,\"name\":\"Rumunsk\u00e9 gramatick\u00e9 cvi\u010denia\"}]},{\"@type\":\"WebSite\",\"@id\":\"https:\/\/talkpal.ai\/sk\/#website\",\"url\":\"https:\/\/talkpal.ai\/sk\/\",\"name\":\"Talkpal\",\"description\":\"AI Language Learning\",\"publisher\":{\"@id\":\"https:\/\/talkpal.ai\/sk\/#organization\"},\"alternateName\":\"Talkpal AI\",\"potentialAction\":[{\"@type\":\"SearchAction\",\"target\":{\"@type\":\"EntryPoint\",\"urlTemplate\":\"https:\/\/talkpal.ai\/sk\/?s={search_term_string}\"},\"query-input\":{\"@type\":\"PropertyValueSpecification\",\"valueRequired\":true,\"valueName\":\"search_term_string\"}}],\"inLanguage\":\"sk-SK\"},{\"@type\":\"Organization\",\"@id\":\"https:\/\/talkpal.ai\/sk\/#organization\",\"name\":\"Talkpal, Inc.\",\"alternateName\":\"Talkpal AI\",\"url\":\"https:\/\/talkpal.ai\/sk\/\",\"logo\":{\"@type\":\"ImageObject\",\"inLanguage\":\"sk-SK\",\"@id\":\"https:\/\/talkpal.ai\/sk\/#\/schema\/logo\/image\/\",\"url\":\"https:\/\/talkpal.ai\/wp-content\/uploads\/2024\/03\/Talkpal-Logo-Icon.png\",\"contentUrl\":\"https:\/\/talkpal.ai\/wp-content\/uploads\/2024\/03\/Talkpal-Logo-Icon.png\",\"width\":2880,\"height\":2880,\"caption\":\"Talkpal, Inc.\"},\"image\":{\"@id\":\"https:\/\/talkpal.ai\/sk\/#\/schema\/logo\/image\/\"},\"sameAs\":[\"https:\/\/www.facebook.com\/profile.php?id=100090733639311\",\"https:\/\/x.com\/talkpalai\",\"https:\/\/www.linkedin.com\/company\/talkpal\/\",\"https:\/\/www.youtube.com\/@TalkPal\/\",\"https:\/\/www.tiktok.com\/@talkpal\",\"https:\/\/www.instagram.com\/talkpal_ai\/\",\"https:\/\/www.crunchbase.com\/organization\/talkpal-9cde\",\"https:\/\/www.g2.com\/products\/talkpal-for-business\/\",\"https:\/\/www.trustpilot.com\/review\/talkpal.ai\",\"https:\/\/www.capterra.com\/p\/10006800\/TalkPal\/\"],\"description\":\"Talkpal is a language learning web and mobile education app, powered by the latest AI technologies, that provides engaging experiences to its customers in many different languages to help them improve their language skills. Users can chat about unlimited amount of topics with the app and use other modes to practice their language learning.\",\"email\":\"support@talkpal.ai\",\"legalName\":\"Talkpal, Inc.\",\"foundingDate\":\"2023-04-03\",\"duns\":\"118989042\",\"numberOfEmployees\":{\"@type\":\"QuantitativeValue\",\"minValue\":\"11\",\"maxValue\":\"50\"},\"publishingPrinciples\":\"https:\/\/talkpal.ai\/publishing-principles\/\",\"actionableFeedbackPolicy\":\"https:\/\/talkpal.ai\/actionable-feedback-policy\/\",\"correctionsPolicy\":\"https:\/\/talkpal.ai\/corrections-policy\/\",\"ethicsPolicy\":\"https:\/\/talkpal.ai\/ethics-policy\/\",\"diversityPolicy\":\"https:\/\/talkpal.ai\/diversity-policy\/\",\"diversityStaffingReport\":\"https:\/\/talkpal.ai\/diversity-policy\/\"}]}<\/script>\n<!-- \/ Yoast SEO Premium plugin. -->","yoast_head_json":{"title":"Rumunsk\u00e9 gramatick\u00e9 cvi\u010denia - Talkpal","description":"Ovl\u00e1dnite rumunsk\u00fa gramatiku pomocou cielen\u00fdch cvi\u010den\u00ed. V\u010faka na\u0161im cvi\u010deniam na rumunsk\u00fa gramatiku je u\u010denie systematick\u00e9 a efekt\u00edvne.","robots":{"index":"index","follow":"follow","max-snippet":"max-snippet:-1","max-image-preview":"max-image-preview:large","max-video-preview":"max-video-preview:-1"},"canonical":"https:\/\/talkpal.ai\/sk\/rumunske-gramaticke-cvicenia\/","og_locale":"sk_SK","og_type":"article","og_title":"Rumunsk\u00e9 gramatick\u00e9 cvi\u010denia","og_description":"T\u00e9my rumunskej gramatiky U\u010denie sa rumun\u010diny je obohacuj\u00face \u00fasilie, ktor\u00e9 pon\u00faka poh\u013ead na bohat\u00fa kult\u00faru a hist\u00f3riu. Zatia\u013e \u010do rumunsk\u00e1 gramatika je","og_url":"https:\/\/talkpal.ai\/sk\/rumunske-gramaticke-cvicenia\/","og_site_name":"Talkpal","article_publisher":"https:\/\/www.facebook.com\/profile.php?id=100090733639311","article_modified_time":"2025-12-17T09:55:40+00:00","og_image":[{"width":512,"height":512,"url":"https:\/\/talkpal.ai\/wp-content\/uploads\/2023\/05\/romania.png","type":"image\/png"}],"twitter_card":"summary_large_image","twitter_site":"@talkpalai","twitter_misc":{"Predpokladan\u00fd \u010das \u010d\u00edtania":"2 min\u00faty"},"schema":{"@context":"https:\/\/schema.org","@graph":[{"@type":"WebPage","@id":"https:\/\/talkpal.ai\/sk\/rumunske-gramaticke-cvicenia\/","url":"https:\/\/talkpal.ai\/sk\/rumunske-gramaticke-cvicenia\/","name":"Rumunsk\u00e9 gramatick\u00e9 cvi\u010denia - Talkpal","isPartOf":{"@id":"https:\/\/talkpal.ai\/sk\/#website"},"primaryImageOfPage":{"@id":"https:\/\/talkpal.ai\/sk\/rumunske-gramaticke-cvicenia\/#primaryimage"},"image":{"@id":"https:\/\/talkpal.ai\/sk\/rumunske-gramaticke-cvicenia\/#primaryimage"},"thumbnailUrl":"https:\/\/talkpal.ai\/wp-content\/uploads\/2023\/05\/romania.png","datePublished":"2023-06-28T09:53:38+00:00","dateModified":"2025-12-17T09:55:40+00:00","description":"Ovl\u00e1dnite rumunsk\u00fa gramatiku pomocou cielen\u00fdch cvi\u010den\u00ed. V\u010faka na\u0161im cvi\u010deniam na rumunsk\u00fa gramatiku je u\u010denie systematick\u00e9 a efekt\u00edvne.","breadcrumb":{"@id":"https:\/\/talkpal.ai\/sk\/rumunske-gramaticke-cvicenia\/#breadcrumb"},"inLanguage":"sk-SK","potentialAction":[{"@type":"ReadAction","target":["https:\/\/talkpal.ai\/sk\/rumunske-gramaticke-cvicenia\/"]}]},{"@type":"ImageObject","inLanguage":"sk-SK","@id":"https:\/\/talkpal.ai\/sk\/rumunske-gramaticke-cvicenia\/#primaryimage","url":"https:\/\/talkpal.ai\/wp-content\/uploads\/2023\/05\/romania.png","contentUrl":"https:\/\/talkpal.ai\/wp-content\/uploads\/2023\/05\/romania.png","width":512,"height":512},{"@type":"BreadcrumbList","@id":"https:\/\/talkpal.ai\/sk\/rumunske-gramaticke-cvicenia\/#breadcrumb","itemListElement":[{"@type":"ListItem","position":1,"name":"Homepage","item":"https:\/\/talkpal.ai\/sk\/"},{"@type":"ListItem","position":2,"name":"Rumunsk\u00e9 gramatick\u00e9 cvi\u010denia"}]},{"@type":"WebSite","@id":"https:\/\/talkpal.ai\/sk\/#website","url":"https:\/\/talkpal.ai\/sk\/","name":"Talkpal","description":"AI Language Learning","publisher":{"@id":"https:\/\/talkpal.ai\/sk\/#organization"},"alternateName":"Talkpal AI","potentialAction":[{"@type":"SearchAction","target":{"@type":"EntryPoint","urlTemplate":"https:\/\/talkpal.ai\/sk\/?s={search_term_string}"},"query-input":{"@type":"PropertyValueSpecification","valueRequired":true,"valueName":"search_term_string"}}],"inLanguage":"sk-SK"},{"@type":"Organization","@id":"https:\/\/talkpal.ai\/sk\/#organization","name":"Talkpal, Inc.","alternateName":"Talkpal AI","url":"https:\/\/talkpal.ai\/sk\/","logo":{"@type":"ImageObject","inLanguage":"sk-SK","@id":"https:\/\/talkpal.ai\/sk\/#\/schema\/logo\/image\/","url":"https:\/\/talkpal.ai\/wp-content\/uploads\/2024\/03\/Talkpal-Logo-Icon.png","contentUrl":"https:\/\/talkpal.ai\/wp-content\/uploads\/2024\/03\/Talkpal-Logo-Icon.png","width":2880,"height":2880,"caption":"Talkpal, Inc."},"image":{"@id":"https:\/\/talkpal.ai\/sk\/#\/schema\/logo\/image\/"},"sameAs":["https:\/\/www.facebook.com\/profile.php?id=100090733639311","https:\/\/x.com\/talkpalai","https:\/\/www.linkedin.com\/company\/talkpal\/","https:\/\/www.youtube.com\/@TalkPal\/","https:\/\/www.tiktok.com\/@talkpal","https:\/\/www.instagram.com\/talkpal_ai\/","https:\/\/www.crunchbase.com\/organization\/talkpal-9cde","https:\/\/www.g2.com\/products\/talkpal-for-business\/","https:\/\/www.trustpilot.com\/review\/talkpal.ai","https:\/\/www.capterra.com\/p\/10006800\/TalkPal\/"],"description":"Talkpal is a language learning web and mobile education app, powered by the latest AI technologies, that provides engaging experiences to its customers in many different languages to help them improve their language skills. Users can chat about unlimited amount of topics with the app and use other modes to practice their language learning.","email":"support@talkpal.ai","legalName":"Talkpal, Inc.","foundingDate":"2023-04-03","duns":"118989042","numberOfEmployees":{"@type":"QuantitativeValue","minValue":"11","maxValue":"50"},"publishingPrinciples":"https:\/\/talkpal.ai\/publishing-principles\/","actionableFeedbackPolicy":"https:\/\/talkpal.ai\/actionable-feedback-policy\/","correctionsPolicy":"https:\/\/talkpal.ai\/corrections-policy\/","ethicsPolicy":"https:\/\/talkpal.ai\/ethics-policy\/","diversityPolicy":"https:\/\/talkpal.ai\/diversity-policy\/","diversityStaffingReport":"https:\/\/talkpal.ai\/diversity-policy\/"}]}},"_links":{"self":[{"href":"https:\/\/talkpal.ai\/sk\/wp-json\/wp\/v2\/pages\/157484","targetHints":{"allow":["GET"]}}],"collection":[{"href":"https:\/\/talkpal.ai\/sk\/wp-json\/wp\/v2\/pages"}],"about":[{"href":"https:\/\/talkpal.ai\/sk\/wp-json\/wp\/v2\/types\/page"}],"author":[{"embeddable":true,"href":"https:\/\/talkpal.ai\/sk\/wp-json\/wp\/v2\/users\/6"}],"replies":[{"embeddable":true,"href":"https:\/\/talkpal.ai\/sk\/wp-json\/wp\/v2\/comments?post=157484"}],"version-history":[{"count":0,"href":"https:\/\/talkpal.ai\/sk\/wp-json\/wp\/v2\/pages\/157484\/revisions"}],"wp:featuredmedia":[{"embeddable":true,"href":"https:\/\/talkpal.ai\/sk\/wp-json\/wp\/v2\/media\/117873"}],"wp:attachment":[{"href":"https:\/\/talkpal.ai\/sk\/wp-json\/wp\/v2\/media?parent=157484"}],"curies":[{"name":"wp","href":"https:\/\/api.w.org\/{rel}","templated":true}]}}