{"id":157177,"date":"2023-06-28T11:41:23","date_gmt":"2023-06-28T11:41:23","guid":{"rendered":"http:\/\/talkpal.ai\/srbske-gramaticke-cvicenia\/"},"modified":"2025-12-17T09:52:34","modified_gmt":"2025-12-17T09:52:34","slug":"srbske-gramaticke-cvicenia","status":"publish","type":"page","link":"https:\/\/talkpal.ai\/sk\/srbske-gramaticke-cvicenia\/","title":{"rendered":"Srbsk\u00e9 gramatick\u00e9 cvi\u010denia"},"content":{"rendered":"\r\n\r\n\r\n<section class=\"languageChallengeSection\">\r\n    <div class=\"languageInfoWrapper\">\r\n        \r\n        <h1>Srbsk\u00e9 gramatick\u00e9 cvi\u010denia<\/h1>\r\n        <p>Chcete z\u00edska\u0165 v\u00e4\u010d\u0161iu istotu v srb\u010dine? Precvi\u010dovanie gramatick\u00fdch cvi\u010den\u00ed je skvel\u00fd sp\u00f4sob, ako si osvoji\u0165 \u0161trukt\u00faru vety, slovesn\u00e9 tvary a jedine\u010dn\u00e9 pravidl\u00e1 srbsk\u00e9ho jazyka. Za\u010dnite pracova\u0165 na srbskej gramatike e\u0161te dnes a sledujte, ako va\u0161e zru\u010dnosti a plynulos\u0165 rast\u00fa s ka\u017ed\u00fdm cvi\u010den\u00edm!\n\n<\/p>\r\n\r\n                            <a class=\"getStartedHidden\" href=\"https:\/\/app.talkpal.ai\/sk\/signup?lng=\">Za\u010dni<\/a>\r\n        \r\n    <\/div>\r\n\r\n    <figure>\r\n    <img decoding=\"async\" width=\"768\" height=\"768\" src=\"https:\/\/talkpal.ai\/wp-content\/uploads\/2023\/06\/serbian-768x768.png\" class=\"languageImage no-lazy\" alt=\"Fast-track to fluency with language learning\" fetchpriority=\"high\" sizes=\"(max-width: 768px) 150px, 768px\" srcset=\"https:\/\/talkpal.ai\/wp-content\/uploads\/2023\/06\/serbian-768x768.png 768w, https:\/\/talkpal.ai\/wp-content\/uploads\/2023\/06\/serbian-300x300.png 300w\" \/>\r\n    \r\n\r\n    <\/figure>\r\n\r\n            <a class=\"getStartedVisible\" href=\"https:\/\/app.talkpal.ai\/sk\/signup?lng=\">Za\u010dni<\/a>\r\n    \r\n<\/section>\r\n\r\n\r\n<!-- <section class=\"grammarSection\">\r\n    <div class=\"grammarLinks\">\r\n            <\/div>\r\n<\/section> -->\r\n\r\n\r\n\r\n\r\n<section class=\"promotionalBanner\">\r\n    <p class=\"promotionalText\">Najefekt\u00edvnej\u0161\u00ed sp\u00f4sob, ako sa nau\u010di\u0165 jazyk<\/p>\r\n    <a class=\"promotionalLink\" href=\"https:\/\/app.talkpal.ai\/sk\/signup?lng=\">Vysk\u00fa\u0161ajte Talkpal zadarmo<\/a>\r\n<\/section>\n<div class=\"wp-block-group pageContainerStyle\"><div class=\"wp-block-group__inner-container is-layout-constrained wp-block-group-is-layout-constrained\">\n<h2 class=\"wp-block-heading\" id=\"h-serbian-grammar-topics\">T\u00e9my srbskej gramatiky<\/h2>\n\n\n\n<p><a href=\"https:\/\/talkpal.ai\/sk\/ucenie\/\">U\u010denie sa<\/a> srb\u010diny m\u00f4\u017ee by\u0165 obohacuj\u00facou sk\u00fasenos\u0165ou, preto\u017ee otv\u00e1ra nov\u00fa kult\u00farnu perspekt\u00edvu, poskytuje pr\u00edstup k bohatej liter\u00e1rnej trad\u00edcii a m\u00f4\u017ee by\u0165 prospe\u0161n\u00e9 pre t\u00fdch, ktor\u00ed cestuj\u00fa alebo podnikaj\u00fa na Balk\u00e1ne. Av\u0161ak, ako ka\u017ed\u00fd jazyk, aj <a href=\"https:\/\/talkpal.ai\/learn-serbian\/\">srb\u010dina<\/a> m\u00e1 svoje zlo\u017eitosti, najm\u00e4 v gramatike. Na vybudovanie siln\u00e9ho z\u00e1kladu je nevyhnutn\u00e9 dodr\u017eiava\u0165 postupnos\u0165, ktor\u00e1 u\u013eah\u010duje prechod z jednej t\u00e9my na druh\u00fa.<\/p>\n\n\n\n<h3 class=\"wp-block-heading\" id=\"h-1-nouns\">1. Podstatn\u00e9 men\u00e1:<\/h3>\n\n\n\n<p>Za\u010dnite s pochopen\u00edm srbsk\u00fdch podstatn\u00fdch mien, preto\u017ee s\u00fa stavebn\u00fdmi kame\u0148mi jazyka. Menia sa pod\u013ea pohlavia, \u010d\u00edsla a pr\u00edpadu. <a href=\"https:\/\/talkpal.ai\/learn-serbian\/\">Srb\u010dina<\/a> m\u00e1 sedem p\u00e1dov, ktor\u00e9 ur\u010duj\u00fa \u00falohu podstatn\u00e9ho mena vo vete.<\/p>\n\n\n\n<h3 class=\"wp-block-heading\" id=\"h-2-articles\">2. \u010cl\u00e1nky:<\/h3>\n\n\n\n<p>Srb\u010dina nem\u00e1 ur\u010dit\u00e9 a neur\u010dit\u00e9 \u010dleny ako <a href=\"https:\/\/talkpal.ai\/learn-english-with-ai\/\">angli\u010dtina<\/a>. V\u010dasn\u00e9 obozn\u00e1menie sa s t\u00fdmto konceptom m\u00f4\u017ee nesk\u00f4r u\u0161etri\u0165 zm\u00e4tok.<\/p>\n\n\n\n<h3 class=\"wp-block-heading\" id=\"h-3-adjectives\">3. Pr\u00eddavn\u00e9 men\u00e1:<\/h3>\n\n\n\n<p>Pr\u00eddavn\u00e9 men\u00e1 v srb\u010dine s\u00fahlasia s podstatn\u00fdmi menami, ktor\u00e9 upravuj\u00fa v rode, \u010d\u00edsle a p\u00e1de. Je ve\u013emi d\u00f4le\u017eit\u00e9 nau\u010di\u0165 sa ich spolu s podstatn\u00fdmi menami tvori\u0165 opisn\u00e9 vety.<\/p>\n\n\n\n<h3 class=\"wp-block-heading\" id=\"h-4-pronouns-determiners\">4. Z\u00e1men\u00e1\/determin\u00e1tory:<\/h3>\n\n\n\n<p>Z\u00edskajte inform\u00e1cie o osobn\u00fdch, majetn\u00edckych, demon\u0161trat\u00edvnych a relat\u00edvnych z\u00e1men\u00e1ch. Menia sa tie\u017e pod\u013ea pohlavia, \u010d\u00edsla a p\u00e1du, podobne ako podstatn\u00e9 men\u00e1 a pr\u00eddavn\u00e9 men\u00e1.<\/p>\n\n\n\n<h3 class=\"wp-block-heading\" id=\"h-5-verbs\">5. Sloves\u00e1:<\/h3>\n\n\n\n<p>Pochopenie slovies je z\u00e1sadn\u00e9, preto\u017ee nazna\u010duj\u00fa \u010diny. Srbsk\u00e9 sloves\u00e1 sa konjuguj\u00fa pod\u013ea \u010dasu, n\u00e1lady, aspektu a osoby.<\/p>\n\n\n\n<h3 class=\"wp-block-heading\" id=\"h-6-tenses\">6. \u010casy:<\/h3>\n\n\n\n<p>Srb\u010dina m\u00e1 r\u00f4zne \u010dasy: pr\u00edtomnos\u0165, minulos\u0165 a bud\u00facnos\u0165. Pochopenie t\u00fdchto \u010dasov pom\u00e1ha vyjadri\u0165 akcie, ktor\u00e9 sa vyskytuj\u00fa v r\u00f4znych \u010dasoch.<\/p>\n\n\n\n<h3 class=\"wp-block-heading\" id=\"h-7-tense-comparison\">7. Nap\u00e4t\u00e9 porovnanie:<\/h3>\n\n\n\n<p>Porovn\u00e1vanie \u010dasov pom\u00e1ha pochopi\u0165 jemn\u00e9 rozdiely vo vyjadrovan\u00ed \u010dasu v srb\u010dine. Je to nevyhnutn\u00e9 na zvl\u00e1dnutie slovies.<\/p>\n\n\n\n<h3 class=\"wp-block-heading\" id=\"h-8-progressive-and-perfect-progressive\">8. Progres\u00edvne a dokonal\u00e9 progres\u00edvne:<\/h3>\n\n\n\n<p>Srb\u010dina nem\u00e1 priamy ekvivalent anglick\u00e9ho progres\u00edvneho \u010dasu, ale m\u00e1 aspekty (perfekt\u00edvum a imperfekt\u00edvum), ktor\u00e9 m\u00f4\u017eu vyjadrova\u0165 podobn\u00e9 v\u00fdznamy.<\/p>\n\n\n\n<h3 class=\"wp-block-heading\" id=\"h-9-adverbs\">9. Pr\u00edslovky:<\/h3>\n\n\n\n<p>Pr\u00edslovky prid\u00e1vaj\u00fa viac inform\u00e1ci\u00ed k sloves\u00e1m, pr\u00eddavn\u00fdm men\u00e1m a in\u00fdm pr\u00edslovk\u00e1m. S\u00fa nevyhnutn\u00e9 na opis toho, ako, kedy alebo kde sa akcia uskuto\u010d\u0148uje.<\/p>\n\n\n\n<h3 class=\"wp-block-heading\" id=\"h-10-prepositions\">10. Predlo\u017eky:<\/h3>\n\n\n\n<p>Predlo\u017eky v srb\u010dine sa pou\u017e\u00edvaj\u00fa na vyjadrenie polohy, \u010dasu, smeru, d\u00f4vodu at\u010f. V konkr\u00e9tnom pr\u00edpade vy\u017eaduj\u00fa podstatn\u00e9 meno.<\/p>\n\n\n\n<h3 class=\"wp-block-heading\" id=\"h-11-conditionals\">11. Podmienky:<\/h3>\n\n\n\n<p>V srb\u010dine existuj\u00fa tri typy podmienen\u00fdch podmienok, ktor\u00e9 sa pou\u017e\u00edvaj\u00fa na vyjadrenie mo\u017en\u00fdch, hypotetick\u00fdch alebo nere\u00e1lnych situ\u00e1ci\u00ed.<\/p>\n\n\n\n<p>12. Vety:<\/p>\n\n\n\n<p>Nakoniec, pochopenie toho, ako tvori\u0165 vety v srb\u010dine kombin\u00e1ciou v\u0161etk\u00fdch vy\u0161\u0161ie uveden\u00fdch prvkov, je rozhoduj\u00face pre za\u010datie efekt\u00edvnej komunik\u00e1cie v jazyku.<\/p>\n<\/div><\/div>\n\r\n<section class=\"learnNavigationSection\">\r\n            \r\n        <a href=\"https:\/\/talkpal.ai\/sk\/naucte-sa-srbsky\/\">\r\n            <div class=\"learnNavigationWrapper\">\r\n                <div class=\"learnNavigationContent\">\r\n                    <img decoding=\"async\" src=\"https:\/\/talkpal.ai\/wp-content\/uploads\/2024\/08\/Serbian.jpg\" alt=\"Serbian Flag\">\r\n                    <div>\r\n                        <h4>O vzdel\u00e1van\u00ed v Srbsku<\/h4>\r\n                        <p>Zistite v\u0161etko o gramatike Srbsko.<\/p>\r\n                    <\/div>\r\n                <\/div>\r\n            <\/div>\r\n        <\/a>\r\n\r\n        \r\n        <a href=\"https:\/\/talkpal.ai\/sk\/srbska-gramatika\/\">\r\n            <div class=\"learnNavigationWrapper\">\r\n                <div class=\"learnNavigationContent\">\r\n                    <img decoding=\"async\" src=\"https:\/\/talkpal.ai\/wp-content\/uploads\/2024\/08\/Serbian.jpg\" alt=\"Serbian Flag\">\r\n                    <div>\r\n                        <h4>Lekcie srbskej gramatiky<\/h4>\r\n                        <p>Precvi\u010dte si srbsk\u00fa gramatiku.<\/p>\r\n                    <\/div>\r\n                <\/div>\r\n            <\/div>\r\n        <\/a>\r\n\r\n        \r\n        <a href=\"https:\/\/talkpal.ai\/vocabulary_language\/serbian\/\">\r\n            <div class=\"learnNavigationWrapper\">\r\n                <div class=\"learnNavigationContent\">\r\n                    <img decoding=\"async\" src=\"https:\/\/talkpal.ai\/wp-content\/uploads\/2024\/08\/Serbian.jpg\" alt=\"Serbian Flag\">\r\n                    <div>\r\n                        <h4>Srbsk\u00e1 slovn\u00e1 z\u00e1soba<\/h4>\r\n                        <p>Roz\u0161\u00edrte si slovn\u00fa z\u00e1sobu srb\u010diny.<\/p>\r\n                    <\/div>\r\n                <\/div>\r\n            <\/div>\r\n        <\/a>\r\n\r\n            <\/section>","protected":false},"excerpt":{"rendered":"<p>T\u00e9my srbskej gramatiky U\u010denie sa srb\u010diny m\u00f4\u017ee by\u0165 obohacuj\u00facou sk\u00fasenos\u0165ou, preto\u017ee otv\u00e1ra nov\u00fa kult\u00farnu perspekt\u00edvu, poskytuje pr\u00edstup k bohatej liter\u00e1rnej trad\u00edcii a m\u00f4\u017ee by\u0165 prospe\u0161n\u00e9 pre t\u00fdch, ktor\u00ed cestuj\u00fa alebo podnikaj\u00fa na Balk\u00e1ne. Av\u0161ak, ako ka\u017ed\u00fd jazyk, aj srb\u010dina m\u00e1 svoje zlo\u017eitosti, najm\u00e4 v gramatike. Na vybudovanie siln\u00e9ho z\u00e1kladu je nevyhnutn\u00e9 dodr\u017eiava\u0165 postupnos\u0165, ktor\u00e1 u\u013eah\u010duje [&hellip;]<\/p>\n","protected":false},"author":6,"featured_media":118260,"parent":0,"menu_order":0,"comment_status":"closed","ping_status":"closed","template":"LearningContentPage.php","meta":{"_acf_changed":false,"footnotes":""},"class_list":["post-157177","page","type-page","status-publish","has-post-thumbnail","hentry"],"acf":[],"yoast_head":"<!-- This site is optimized with the Yoast SEO Premium plugin v27.2 (Yoast SEO v27.2) - https:\/\/yoast.com\/product\/yoast-seo-premium-wordpress\/ -->\n<title>Srbsk\u00e9 gramatick\u00e9 cvi\u010denia - Talkpal<\/title>\n<meta name=\"description\" content=\"Precvi\u010dte si srbsk\u00fa gramatiku pomocou p\u00fatav\u00fdch cvi\u010den\u00ed zameran\u00fdch na zlep\u0161enie va\u0161ej znalosti. Presk\u00famajte interakt\u00edvne lekcie!\" \/>\n<meta name=\"robots\" content=\"index, follow, max-snippet:-1, max-image-preview:large, max-video-preview:-1\" \/>\n<link rel=\"canonical\" href=\"https:\/\/talkpal.ai\/sk\/srbske-gramaticke-cvicenia\/\" \/>\n<meta property=\"og:locale\" content=\"sk_SK\" \/>\n<meta property=\"og:type\" content=\"article\" \/>\n<meta property=\"og:title\" content=\"Srbsk\u00e9 gramatick\u00e9 cvi\u010denia\" \/>\n<meta property=\"og:description\" content=\"T\u00e9my srbskej gramatiky U\u010denie sa srb\u010diny m\u00f4\u017ee by\u0165 obohacuj\u00facou sk\u00fasenos\u0165ou, preto\u017ee otv\u00e1ra nov\u00fa kult\u00farnu perspekt\u00edvu, poskytuje pr\u00edstup k bohatej\" \/>\n<meta property=\"og:url\" content=\"https:\/\/talkpal.ai\/sk\/srbske-gramaticke-cvicenia\/\" \/>\n<meta property=\"og:site_name\" content=\"Talkpal\" \/>\n<meta property=\"article:publisher\" content=\"https:\/\/www.facebook.com\/profile.php?id=100090733639311\" \/>\n<meta property=\"article:modified_time\" content=\"2025-12-17T09:52:34+00:00\" \/>\n<meta property=\"og:image\" content=\"https:\/\/talkpal.ai\/wp-content\/uploads\/2023\/05\/serbia.png\" \/>\n\t<meta property=\"og:image:width\" content=\"512\" \/>\n\t<meta property=\"og:image:height\" content=\"512\" \/>\n\t<meta property=\"og:image:type\" content=\"image\/png\" \/>\n<meta name=\"twitter:card\" content=\"summary_large_image\" \/>\n<meta name=\"twitter:site\" content=\"@talkpalai\" \/>\n<meta name=\"twitter:label1\" content=\"Predpokladan\u00fd \u010das \u010d\u00edtania\" \/>\n\t<meta name=\"twitter:data1\" content=\"2 min\u00faty\" \/>\n<script type=\"application\/ld+json\" class=\"yoast-schema-graph\">{\"@context\":\"https:\/\/schema.org\",\"@graph\":[{\"@type\":\"WebPage\",\"@id\":\"https:\/\/talkpal.ai\/sk\/srbske-gramaticke-cvicenia\/\",\"url\":\"https:\/\/talkpal.ai\/sk\/srbske-gramaticke-cvicenia\/\",\"name\":\"Srbsk\u00e9 gramatick\u00e9 cvi\u010denia - Talkpal\",\"isPartOf\":{\"@id\":\"https:\/\/talkpal.ai\/sk\/#website\"},\"primaryImageOfPage\":{\"@id\":\"https:\/\/talkpal.ai\/sk\/srbske-gramaticke-cvicenia\/#primaryimage\"},\"image\":{\"@id\":\"https:\/\/talkpal.ai\/sk\/srbske-gramaticke-cvicenia\/#primaryimage\"},\"thumbnailUrl\":\"https:\/\/talkpal.ai\/wp-content\/uploads\/2023\/05\/serbia.png\",\"datePublished\":\"2023-06-28T11:41:23+00:00\",\"dateModified\":\"2025-12-17T09:52:34+00:00\",\"description\":\"Precvi\u010dte si srbsk\u00fa gramatiku pomocou p\u00fatav\u00fdch cvi\u010den\u00ed zameran\u00fdch na zlep\u0161enie va\u0161ej znalosti. Presk\u00famajte interakt\u00edvne lekcie!\",\"breadcrumb\":{\"@id\":\"https:\/\/talkpal.ai\/sk\/srbske-gramaticke-cvicenia\/#breadcrumb\"},\"inLanguage\":\"sk-SK\",\"potentialAction\":[{\"@type\":\"ReadAction\",\"target\":[\"https:\/\/talkpal.ai\/sk\/srbske-gramaticke-cvicenia\/\"]}]},{\"@type\":\"ImageObject\",\"inLanguage\":\"sk-SK\",\"@id\":\"https:\/\/talkpal.ai\/sk\/srbske-gramaticke-cvicenia\/#primaryimage\",\"url\":\"https:\/\/talkpal.ai\/wp-content\/uploads\/2023\/05\/serbia.png\",\"contentUrl\":\"https:\/\/talkpal.ai\/wp-content\/uploads\/2023\/05\/serbia.png\",\"width\":512,\"height\":512},{\"@type\":\"BreadcrumbList\",\"@id\":\"https:\/\/talkpal.ai\/sk\/srbske-gramaticke-cvicenia\/#breadcrumb\",\"itemListElement\":[{\"@type\":\"ListItem\",\"position\":1,\"name\":\"Homepage\",\"item\":\"https:\/\/talkpal.ai\/sk\/\"},{\"@type\":\"ListItem\",\"position\":2,\"name\":\"Srbsk\u00e9 gramatick\u00e9 cvi\u010denia\"}]},{\"@type\":\"WebSite\",\"@id\":\"https:\/\/talkpal.ai\/sk\/#website\",\"url\":\"https:\/\/talkpal.ai\/sk\/\",\"name\":\"Talkpal\",\"description\":\"AI Language Learning\",\"publisher\":{\"@id\":\"https:\/\/talkpal.ai\/sk\/#organization\"},\"alternateName\":\"Talkpal AI\",\"potentialAction\":[{\"@type\":\"SearchAction\",\"target\":{\"@type\":\"EntryPoint\",\"urlTemplate\":\"https:\/\/talkpal.ai\/sk\/?s={search_term_string}\"},\"query-input\":{\"@type\":\"PropertyValueSpecification\",\"valueRequired\":true,\"valueName\":\"search_term_string\"}}],\"inLanguage\":\"sk-SK\"},{\"@type\":\"Organization\",\"@id\":\"https:\/\/talkpal.ai\/sk\/#organization\",\"name\":\"Talkpal, Inc.\",\"alternateName\":\"Talkpal AI\",\"url\":\"https:\/\/talkpal.ai\/sk\/\",\"logo\":{\"@type\":\"ImageObject\",\"inLanguage\":\"sk-SK\",\"@id\":\"https:\/\/talkpal.ai\/sk\/#\/schema\/logo\/image\/\",\"url\":\"https:\/\/talkpal.ai\/wp-content\/uploads\/2024\/03\/Talkpal-Logo-Icon.png\",\"contentUrl\":\"https:\/\/talkpal.ai\/wp-content\/uploads\/2024\/03\/Talkpal-Logo-Icon.png\",\"width\":2880,\"height\":2880,\"caption\":\"Talkpal, Inc.\"},\"image\":{\"@id\":\"https:\/\/talkpal.ai\/sk\/#\/schema\/logo\/image\/\"},\"sameAs\":[\"https:\/\/www.facebook.com\/profile.php?id=100090733639311\",\"https:\/\/x.com\/talkpalai\",\"https:\/\/www.linkedin.com\/company\/talkpal\/\",\"https:\/\/www.youtube.com\/@TalkPal\/\",\"https:\/\/www.tiktok.com\/@talkpal\",\"https:\/\/www.instagram.com\/talkpal_ai\/\",\"https:\/\/www.crunchbase.com\/organization\/talkpal-9cde\",\"https:\/\/www.g2.com\/products\/talkpal-for-business\/\",\"https:\/\/www.trustpilot.com\/review\/talkpal.ai\",\"https:\/\/www.capterra.com\/p\/10006800\/TalkPal\/\"],\"description\":\"Talkpal is a language learning web and mobile education app, powered by the latest AI technologies, that provides engaging experiences to its customers in many different languages to help them improve their language skills. Users can chat about unlimited amount of topics with the app and use other modes to practice their language learning.\",\"email\":\"support@talkpal.ai\",\"legalName\":\"Talkpal, Inc.\",\"foundingDate\":\"2023-04-03\",\"duns\":\"118989042\",\"numberOfEmployees\":{\"@type\":\"QuantitativeValue\",\"minValue\":\"11\",\"maxValue\":\"50\"},\"publishingPrinciples\":\"https:\/\/talkpal.ai\/publishing-principles\/\",\"actionableFeedbackPolicy\":\"https:\/\/talkpal.ai\/actionable-feedback-policy\/\",\"correctionsPolicy\":\"https:\/\/talkpal.ai\/corrections-policy\/\",\"ethicsPolicy\":\"https:\/\/talkpal.ai\/ethics-policy\/\",\"diversityPolicy\":\"https:\/\/talkpal.ai\/diversity-policy\/\",\"diversityStaffingReport\":\"https:\/\/talkpal.ai\/diversity-policy\/\"}]}<\/script>\n<!-- \/ Yoast SEO Premium plugin. -->","yoast_head_json":{"title":"Srbsk\u00e9 gramatick\u00e9 cvi\u010denia - Talkpal","description":"Precvi\u010dte si srbsk\u00fa gramatiku pomocou p\u00fatav\u00fdch cvi\u010den\u00ed zameran\u00fdch na zlep\u0161enie va\u0161ej znalosti. Presk\u00famajte interakt\u00edvne lekcie!","robots":{"index":"index","follow":"follow","max-snippet":"max-snippet:-1","max-image-preview":"max-image-preview:large","max-video-preview":"max-video-preview:-1"},"canonical":"https:\/\/talkpal.ai\/sk\/srbske-gramaticke-cvicenia\/","og_locale":"sk_SK","og_type":"article","og_title":"Srbsk\u00e9 gramatick\u00e9 cvi\u010denia","og_description":"T\u00e9my srbskej gramatiky U\u010denie sa srb\u010diny m\u00f4\u017ee by\u0165 obohacuj\u00facou sk\u00fasenos\u0165ou, preto\u017ee otv\u00e1ra nov\u00fa kult\u00farnu perspekt\u00edvu, poskytuje pr\u00edstup k bohatej","og_url":"https:\/\/talkpal.ai\/sk\/srbske-gramaticke-cvicenia\/","og_site_name":"Talkpal","article_publisher":"https:\/\/www.facebook.com\/profile.php?id=100090733639311","article_modified_time":"2025-12-17T09:52:34+00:00","og_image":[{"width":512,"height":512,"url":"https:\/\/talkpal.ai\/wp-content\/uploads\/2023\/05\/serbia.png","type":"image\/png"}],"twitter_card":"summary_large_image","twitter_site":"@talkpalai","twitter_misc":{"Predpokladan\u00fd \u010das \u010d\u00edtania":"2 min\u00faty"},"schema":{"@context":"https:\/\/schema.org","@graph":[{"@type":"WebPage","@id":"https:\/\/talkpal.ai\/sk\/srbske-gramaticke-cvicenia\/","url":"https:\/\/talkpal.ai\/sk\/srbske-gramaticke-cvicenia\/","name":"Srbsk\u00e9 gramatick\u00e9 cvi\u010denia - Talkpal","isPartOf":{"@id":"https:\/\/talkpal.ai\/sk\/#website"},"primaryImageOfPage":{"@id":"https:\/\/talkpal.ai\/sk\/srbske-gramaticke-cvicenia\/#primaryimage"},"image":{"@id":"https:\/\/talkpal.ai\/sk\/srbske-gramaticke-cvicenia\/#primaryimage"},"thumbnailUrl":"https:\/\/talkpal.ai\/wp-content\/uploads\/2023\/05\/serbia.png","datePublished":"2023-06-28T11:41:23+00:00","dateModified":"2025-12-17T09:52:34+00:00","description":"Precvi\u010dte si srbsk\u00fa gramatiku pomocou p\u00fatav\u00fdch cvi\u010den\u00ed zameran\u00fdch na zlep\u0161enie va\u0161ej znalosti. Presk\u00famajte interakt\u00edvne lekcie!","breadcrumb":{"@id":"https:\/\/talkpal.ai\/sk\/srbske-gramaticke-cvicenia\/#breadcrumb"},"inLanguage":"sk-SK","potentialAction":[{"@type":"ReadAction","target":["https:\/\/talkpal.ai\/sk\/srbske-gramaticke-cvicenia\/"]}]},{"@type":"ImageObject","inLanguage":"sk-SK","@id":"https:\/\/talkpal.ai\/sk\/srbske-gramaticke-cvicenia\/#primaryimage","url":"https:\/\/talkpal.ai\/wp-content\/uploads\/2023\/05\/serbia.png","contentUrl":"https:\/\/talkpal.ai\/wp-content\/uploads\/2023\/05\/serbia.png","width":512,"height":512},{"@type":"BreadcrumbList","@id":"https:\/\/talkpal.ai\/sk\/srbske-gramaticke-cvicenia\/#breadcrumb","itemListElement":[{"@type":"ListItem","position":1,"name":"Homepage","item":"https:\/\/talkpal.ai\/sk\/"},{"@type":"ListItem","position":2,"name":"Srbsk\u00e9 gramatick\u00e9 cvi\u010denia"}]},{"@type":"WebSite","@id":"https:\/\/talkpal.ai\/sk\/#website","url":"https:\/\/talkpal.ai\/sk\/","name":"Talkpal","description":"AI Language Learning","publisher":{"@id":"https:\/\/talkpal.ai\/sk\/#organization"},"alternateName":"Talkpal AI","potentialAction":[{"@type":"SearchAction","target":{"@type":"EntryPoint","urlTemplate":"https:\/\/talkpal.ai\/sk\/?s={search_term_string}"},"query-input":{"@type":"PropertyValueSpecification","valueRequired":true,"valueName":"search_term_string"}}],"inLanguage":"sk-SK"},{"@type":"Organization","@id":"https:\/\/talkpal.ai\/sk\/#organization","name":"Talkpal, Inc.","alternateName":"Talkpal AI","url":"https:\/\/talkpal.ai\/sk\/","logo":{"@type":"ImageObject","inLanguage":"sk-SK","@id":"https:\/\/talkpal.ai\/sk\/#\/schema\/logo\/image\/","url":"https:\/\/talkpal.ai\/wp-content\/uploads\/2024\/03\/Talkpal-Logo-Icon.png","contentUrl":"https:\/\/talkpal.ai\/wp-content\/uploads\/2024\/03\/Talkpal-Logo-Icon.png","width":2880,"height":2880,"caption":"Talkpal, Inc."},"image":{"@id":"https:\/\/talkpal.ai\/sk\/#\/schema\/logo\/image\/"},"sameAs":["https:\/\/www.facebook.com\/profile.php?id=100090733639311","https:\/\/x.com\/talkpalai","https:\/\/www.linkedin.com\/company\/talkpal\/","https:\/\/www.youtube.com\/@TalkPal\/","https:\/\/www.tiktok.com\/@talkpal","https:\/\/www.instagram.com\/talkpal_ai\/","https:\/\/www.crunchbase.com\/organization\/talkpal-9cde","https:\/\/www.g2.com\/products\/talkpal-for-business\/","https:\/\/www.trustpilot.com\/review\/talkpal.ai","https:\/\/www.capterra.com\/p\/10006800\/TalkPal\/"],"description":"Talkpal is a language learning web and mobile education app, powered by the latest AI technologies, that provides engaging experiences to its customers in many different languages to help them improve their language skills. Users can chat about unlimited amount of topics with the app and use other modes to practice their language learning.","email":"support@talkpal.ai","legalName":"Talkpal, Inc.","foundingDate":"2023-04-03","duns":"118989042","numberOfEmployees":{"@type":"QuantitativeValue","minValue":"11","maxValue":"50"},"publishingPrinciples":"https:\/\/talkpal.ai\/publishing-principles\/","actionableFeedbackPolicy":"https:\/\/talkpal.ai\/actionable-feedback-policy\/","correctionsPolicy":"https:\/\/talkpal.ai\/corrections-policy\/","ethicsPolicy":"https:\/\/talkpal.ai\/ethics-policy\/","diversityPolicy":"https:\/\/talkpal.ai\/diversity-policy\/","diversityStaffingReport":"https:\/\/talkpal.ai\/diversity-policy\/"}]}},"_links":{"self":[{"href":"https:\/\/talkpal.ai\/sk\/wp-json\/wp\/v2\/pages\/157177","targetHints":{"allow":["GET"]}}],"collection":[{"href":"https:\/\/talkpal.ai\/sk\/wp-json\/wp\/v2\/pages"}],"about":[{"href":"https:\/\/talkpal.ai\/sk\/wp-json\/wp\/v2\/types\/page"}],"author":[{"embeddable":true,"href":"https:\/\/talkpal.ai\/sk\/wp-json\/wp\/v2\/users\/6"}],"replies":[{"embeddable":true,"href":"https:\/\/talkpal.ai\/sk\/wp-json\/wp\/v2\/comments?post=157177"}],"version-history":[{"count":0,"href":"https:\/\/talkpal.ai\/sk\/wp-json\/wp\/v2\/pages\/157177\/revisions"}],"wp:featuredmedia":[{"embeddable":true,"href":"https:\/\/talkpal.ai\/sk\/wp-json\/wp\/v2\/media\/118260"}],"wp:attachment":[{"href":"https:\/\/talkpal.ai\/sk\/wp-json\/wp\/v2\/media?parent=157177"}],"curies":[{"name":"wp","href":"https:\/\/api.w.org\/{rel}","templated":true}]}}