{"id":156547,"date":"2023-06-28T14:00:55","date_gmt":"2023-06-28T14:00:55","guid":{"rendered":"http:\/\/talkpal.ai\/swahilske-gramaticke-cvicenia\/"},"modified":"2025-12-17T09:59:22","modified_gmt":"2025-12-17T09:59:22","slug":"swahilske-gramaticke-cvicenia","status":"publish","type":"page","link":"https:\/\/talkpal.ai\/sk\/swahilske-gramaticke-cvicenia\/","title":{"rendered":"Swahilsk\u00e9 gramatick\u00e9 cvi\u010denia"},"content":{"rendered":"\r\n\r\n\r\n<section class=\"languageChallengeSection\">\r\n    <div class=\"languageInfoWrapper\">\r\n        \r\n        <h1>Swahilsk\u00e9 gramatick\u00e9 cvi\u010denia<\/h1>\r\n        <p>Ste pripraven\u00ed posilni\u0165 svoje znalosti svahil\u010diny? Cvi\u010denia zameran\u00e9 na gramatiku s\u00fa ide\u00e1lnym sp\u00f4sobom, ako pochopi\u0165 \u0161trukt\u00faru vety, slovesn\u00e9 vzory a z\u00e1kladn\u00e9 tvary slov. Ponorte sa do svahilskej gramatiky, aby ste si vybudovali sebad\u00f4veru, roz\u0161\u00edrili slovn\u00fa z\u00e1sobu a aby ka\u017ed\u00e1 konverz\u00e1cia prebiehala prirodzenej\u0161ie. Za\u010dnite cvi\u010di\u0165 e\u0161te dnes a uvid\u00edte, ako r\u00fdchlo sa va\u0161a svahil\u010dina zlep\u0161\u00ed!<\/p>\r\n\r\n                            <a class=\"getStartedHidden\" href=\"https:\/\/app.talkpal.ai\/sk\/signup?lng=\">Za\u010dni<\/a>\r\n        \r\n    <\/div>\r\n\r\n    <figure>\r\n    <img decoding=\"async\" width=\"768\" height=\"768\" src=\"https:\/\/talkpal.ai\/wp-content\/uploads\/2023\/06\/Swahili-768x768.png\" class=\"languageImage no-lazy\" alt=\"Secrets to master language learning\" fetchpriority=\"high\" sizes=\"(max-width: 768px) 150px, 768px\" srcset=\"https:\/\/talkpal.ai\/wp-content\/uploads\/2023\/06\/Swahili-768x768.png 768w, https:\/\/talkpal.ai\/wp-content\/uploads\/2023\/06\/Swahili-300x300.png 300w\" \/>\r\n    \r\n\r\n    <\/figure>\r\n\r\n            <a class=\"getStartedVisible\" href=\"https:\/\/app.talkpal.ai\/sk\/signup?lng=\">Za\u010dni<\/a>\r\n    \r\n<\/section>\r\n\r\n\r\n<!-- <section class=\"grammarSection\">\r\n    <div class=\"grammarLinks\">\r\n            <\/div>\r\n<\/section> -->\r\n\r\n\r\n\r\n\r\n<section class=\"promotionalBanner\">\r\n    <p class=\"promotionalText\">Najefekt\u00edvnej\u0161\u00ed sp\u00f4sob, ako sa nau\u010di\u0165 jazyk<\/p>\r\n    <a class=\"promotionalLink\" href=\"https:\/\/app.talkpal.ai\/sk\/signup?lng=\">Vysk\u00fa\u0161ajte Talkpal zadarmo<\/a>\r\n<\/section>\n<div class=\"wp-block-group pageContainerStyle\"><div class=\"wp-block-group__inner-container is-layout-constrained wp-block-group-is-layout-constrained\">\n<h2 class=\"wp-block-heading\" id=\"h-swahili-grammar-topics\">T\u00e9my swahilskej gramatiky<\/h2>\n\n\n\n<p><a href=\"https:\/\/talkpal.ai\/sk\/ucenie\/\">U\u010denie sa<\/a> swahil\u010diny je vzru\u0161uj\u00faca cesta do jedn\u00e9ho z najroz\u0161\u00edrenej\u0161\u00edch jazykov v Afrike. Je to bantusk\u00fd jazyk, ktor\u00fdm sa hovor\u00ed predov\u0161etk\u00fdm vo v\u00fdchodnej Afrike, s odhadovan\u00fdm po\u010dtom 50-100 mili\u00f3nov re\u010dn\u00edkov na celom svete. <a href=\"https:\/\/talkpal.ai\/swahili-grammar\/\">Gramatika swahil\u010diny<\/a> je charakteristick\u00e1 a pon\u00faka fascinuj\u00faci poh\u013ead na jazykov\u00fa \u0161trukt\u00faru. Ak sa chcete efekt\u00edvne nau\u010di\u0165 swahil\u010dinu, je nevyhnutn\u00e9 sledova\u0165 \u0161trukt\u00farovan\u00fd pr\u00edstup zameran\u00fd na k\u013e\u00fa\u010dov\u00e9 gramatick\u00e9 t\u00e9my, ako s\u00fa \u010dasy, sloves\u00e1, podstatn\u00e9 men\u00e1, \u010dl\u00e1nky, z\u00e1men\u00e1\/determin\u00e1tory, pr\u00eddavn\u00e9 men\u00e1, pr\u00edslovky, podmie\u0148ovacie prvky, predlo\u017eky a vetn\u00e1 kon\u0161trukcia. Ka\u017ed\u00e1 z t\u00fdchto zlo\u017eiek je neoddelite\u013enou s\u00fa\u010das\u0165ou porozumenia a zvl\u00e1dnutia jazyka.<\/p>\n\n\n\n<h3 class=\"wp-block-heading\" id=\"h-1-nouns\">1. Podstatn\u00e9 men\u00e1:<\/h3>\n\n\n\n<p>Za\u010dnite u\u010den\u00edm sa swahilsk\u00fdch podstatn\u00fdch mien. V swahil\u010dine s\u00fa podstatn\u00e9 men\u00e1 klasifikovan\u00e9 pod\u013ea tried podstatn\u00fdch mien, \u010do ovplyv\u0148uje formu pr\u00eddavn\u00fdch mien, z\u00e1men a slovies, ktor\u00e9 s nimi s\u00favisia. Pochopenie t\u00fdchto tried podstatn\u00fdch mien je z\u00e1kladom pre <a href=\"https:\/\/talkpal.ai\/sk\/ucenie\/\">u\u010denie sa<\/a> \u010fal\u0161\u00edch aspektov swahilskej gramatiky.<\/p>\n\n\n\n<h3 class=\"wp-block-heading\" id=\"h-2-articles\">2. \u010cl\u00e1nky:<\/h3>\n\n\n\n<p>Ke\u010f pochop\u00edte podstatn\u00e9 men\u00e1, prejdite na \u010dl\u00e1nky. Vo svahil\u010dine neexistuj\u00fa ur\u010dit\u00e9 ani neur\u010dit\u00e9 \u010dleny ako &#8222;a&#8220;, &#8222;an&#8220; alebo &#8222;the&#8220;. Podobn\u00fa \u00falohu v\u0161ak zohr\u00e1va aj syst\u00e9m podstatn\u00fdch mien, preto je d\u00f4le\u017eit\u00e9 ho ovl\u00e1da\u0165.<\/p>\n\n\n\n<h3 class=\"wp-block-heading\" id=\"h-3-pronouns-determiners\">3. Z\u00e1men\u00e1\/determin\u00e1tory:<\/h3>\n\n\n\n<p>Z\u00e1men\u00e1 a determin\u00e1tory v swahil\u010dine sa menia na z\u00e1klade triedy podstatn\u00fdch mien podstatn\u00e9ho mena, na ktor\u00e9 odkazuj\u00fa. U\u010denie sa t\u00fdchto zmien pom\u00f4\u017ee zostavi\u0165 \u00fapln\u00e9 vety.<\/p>\n\n\n\n<h3 class=\"wp-block-heading\" id=\"h-4-adjectives\">4. Pr\u00eddavn\u00e9 men\u00e1:<\/h3>\n\n\n\n<p>Swahilsk\u00e9 pr\u00eddavn\u00e9 men\u00e1 s\u00fahlasia s podstatn\u00fdm menom, ktor\u00e9 opisuj\u00fa. To znamen\u00e1, \u017ee pr\u00eddavn\u00e9 meno men\u00ed svoj tvar tak, aby zodpovedal triede podstatn\u00e9ho mena. Ak to pochop\u00edte, zlep\u0161\u00ed to va\u0161u vetn\u00fa kon\u0161trukciu.<\/p>\n\n\n\n<h3 class=\"wp-block-heading\" id=\"h-5-verbs\">5. Sloves\u00e1:<\/h3>\n\n\n\n<p>Swahilsk\u00e9 sloves\u00e1 s\u00fa nevyhnutn\u00e9 na vyjadrenie \u010dinov a stavov. Nes\u00fa tie\u017e inform\u00e1cie o nap\u00e4t\u00ed, aspekte a n\u00e1lade. Znalos\u0165 pravidiel \u010dasovania slovies je rozhoduj\u00faca pre efekt\u00edvnu komunik\u00e1ciu.<\/p>\n\n\n\n<h3 class=\"wp-block-heading\" id=\"h-6-tenses\">6. \u010casy:<\/h3>\n\n\n\n<p>Pochopenie \u010dasu je k\u013e\u00fa\u010dom k komunik\u00e1cii udalost\u00ed, ktor\u00e9 sa vyskytuj\u00fa v r\u00f4znych \u010dasoch. Swahil\u010dina m\u00e1 r\u00f4zne \u010dasy pre minul\u00e9, s\u00fa\u010dasn\u00e9 a bud\u00face udalosti.<\/p>\n\n\n\n<h3 class=\"wp-block-heading\" id=\"h-7-tense-comparison\">7. Nap\u00e4t\u00e9 porovnanie:<\/h3>\n\n\n\n<p>Po pochopen\u00ed z\u00e1kladn\u00fdch \u010dasov sa mus\u00edte nau\u010di\u0165, ako ich porovn\u00e1va\u0165. To v\u00e1m pom\u00f4\u017ee vyjadri\u0165 zlo\u017eit\u00e9 my\u0161lienky a situ\u00e1cie.<\/p>\n\n\n\n<h3 class=\"wp-block-heading\" id=\"h-8-progressive-and-perfect-progressive\">8. Progres\u00edvne a dokonal\u00e9 progres\u00edvne:<\/h3>\n\n\n\n<p>Tieto aspekty \u010dasov vyjadruj\u00fa prebiehaj\u00face akcie alebo akcie, ktor\u00e9 boli dokon\u010den\u00e9. Ich pochopenie obohat\u00ed va\u0161e v\u00fdrazov\u00e9 schopnosti v swahil\u010dine.<\/p>\n\n\n\n<h3 class=\"wp-block-heading\" id=\"h-9-adverbs\">9. Pr\u00edslovky:<\/h3>\n\n\n\n<p>Pr\u00edslovky upravuj\u00fa sloves\u00e1, pr\u00eddavn\u00e9 men\u00e1 a in\u00e9 pr\u00edslovky. Poskytuj\u00fa \u010fal\u0161ie inform\u00e1cie o akci\u00e1ch, kvalit\u00e1ch alebo in\u00fdch okolnostiach.<\/p>\n\n\n\n<h3 class=\"wp-block-heading\" id=\"h-10-conditionals\">10. Podmienky:<\/h3>\n\n\n\n<p>Podmienen\u00e9 vyjadruj\u00fa hypotetick\u00e9 situ\u00e1cie alebo z\u00e1vislosti medzi udalos\u0165ami. S\u00fa u\u017eito\u010dn\u00e9 pre pokro\u010dil\u00fa komunik\u00e1ciu v swahil\u010dine.<\/p>\n\n\n\n<h3 class=\"wp-block-heading\" id=\"h-11-prepositions\">11. Predlo\u017eky:<\/h3>\n\n\n\n<p>Predlo\u017eky v\u00e1m umo\u017enia vyjadri\u0165 vz\u0165ahy medzi r\u00f4znymi \u010das\u0165ami vety, ako je miesto, smer, \u010das, pr\u00ed\u010dina at\u010f.<\/p>\n\n\n\n<h3 class=\"wp-block-heading\" id=\"h-12-sentences\">12. Vety:<\/h3>\n\n\n\n<p>Nakoniec, pochopenie toho, ako kon\u0161truova\u0165 vety pomocou v\u0161etk\u00fdch nau\u010den\u00fdch \u010dast\u00ed re\u010di, je vyvrcholen\u00edm va\u0161ej cesty u\u010denia sa swahil\u010diny. Zah\u0155\u0148a usporiadanie slov a fr\u00e1z na vytvorenie \u00fapln\u00fdch my\u0161lienok.<\/p>\n<\/div><\/div>\n\r\n<section class=\"learnNavigationSection\">\r\n            \r\n        <a href=\"https:\/\/talkpal.ai\/sk\/naucte-sa-swahilcinu\/\">\r\n            <div class=\"learnNavigationWrapper\">\r\n                <div class=\"learnNavigationContent\">\r\n                    <img decoding=\"async\" src=\"https:\/\/talkpal.ai\/wp-content\/uploads\/2024\/08\/Swahili.jpg\" alt=\"Kenya and Tanzania Flags\">\r\n                    <div>\r\n                        <h4>O \u0161t\u00fadiu svahil\u010diny<\/h4>\r\n                        <p>Zistite v\u0161etko o swahilskej gramatike.<\/p>\r\n                    <\/div>\r\n                <\/div>\r\n            <\/div>\r\n        <\/a>\r\n\r\n        \r\n        <a href=\"https:\/\/talkpal.ai\/sk\/swahilska-gramatika\/\">\r\n            <div class=\"learnNavigationWrapper\">\r\n                <div class=\"learnNavigationContent\">\r\n                    <img decoding=\"async\" src=\"https:\/\/talkpal.ai\/wp-content\/uploads\/2024\/08\/Swahili.jpg\" alt=\"Kenya and Tanzania Flags\">\r\n                    <div>\r\n                        <h4>Lekcie swahilskej gramatiky<\/h4>\r\n                        <p>Precvi\u010dte si swahilsk\u00fa gramatiku.<\/p>\r\n                    <\/div>\r\n                <\/div>\r\n            <\/div>\r\n        <\/a>\r\n\r\n        \r\n        <a href=\"https:\/\/talkpal.ai\/vocabulary_language\/swahili\/\">\r\n            <div class=\"learnNavigationWrapper\">\r\n                <div class=\"learnNavigationContent\">\r\n                    <img decoding=\"async\" src=\"https:\/\/talkpal.ai\/wp-content\/uploads\/2024\/08\/Swahili.jpg\" alt=\"Kenya and Tanzania Flags\">\r\n                    <div>\r\n                        <h4>Svahilsk\u00e1 slovn\u00e1 z\u00e1soba<\/h4>\r\n                        <p>Roz\u0161\u00edrte si slovn\u00fa z\u00e1sobu svahil\u010diny.<\/p>\r\n                    <\/div>\r\n                <\/div>\r\n            <\/div>\r\n        <\/a>\r\n\r\n            <\/section>","protected":false},"excerpt":{"rendered":"<p>T\u00e9my swahilskej gramatiky U\u010denie sa swahil\u010diny je vzru\u0161uj\u00faca cesta do jedn\u00e9ho z najroz\u0161\u00edrenej\u0161\u00edch jazykov v Afrike. Je to bantusk\u00fd jazyk, ktor\u00fdm sa hovor\u00ed predov\u0161etk\u00fdm vo v\u00fdchodnej Afrike, s odhadovan\u00fdm po\u010dtom 50-100 mili\u00f3nov re\u010dn\u00edkov na celom svete. Gramatika swahil\u010diny je charakteristick\u00e1 a pon\u00faka fascinuj\u00faci poh\u013ead na jazykov\u00fa \u0161trukt\u00faru. Ak sa chcete efekt\u00edvne nau\u010di\u0165 swahil\u010dinu, je nevyhnutn\u00e9 [&hellip;]<\/p>\n","protected":false},"author":6,"featured_media":153725,"parent":0,"menu_order":0,"comment_status":"closed","ping_status":"closed","template":"LearningContentPage.php","meta":{"_acf_changed":false,"footnotes":""},"class_list":["post-156547","page","type-page","status-publish","has-post-thumbnail","hentry"],"acf":[],"yoast_head":"<!-- This site is optimized with the Yoast SEO Premium plugin v27.2 (Yoast SEO v27.2) - https:\/\/yoast.com\/product\/yoast-seo-premium-wordpress\/ -->\n<title>Swahilsk\u00e9 gramatick\u00e9 cvi\u010denia - Talkpal<\/title>\n<meta name=\"description\" content=\"Presk\u00famajte p\u00fatav\u00e9 svahilsk\u00e9 gramatick\u00e9 cvi\u010denia, ktor\u00e9 zlep\u0161ia va\u0161e jazykov\u00e9 zru\u010dnosti a zlep\u0161ia va\u0161e porozumenie svahil\u010diny.\" \/>\n<meta name=\"robots\" content=\"index, follow, max-snippet:-1, max-image-preview:large, max-video-preview:-1\" \/>\n<link rel=\"canonical\" href=\"https:\/\/talkpal.ai\/sk\/swahilske-gramaticke-cvicenia\/\" \/>\n<meta property=\"og:locale\" content=\"sk_SK\" \/>\n<meta property=\"og:type\" content=\"article\" \/>\n<meta property=\"og:title\" content=\"Swahilsk\u00e9 gramatick\u00e9 cvi\u010denia\" \/>\n<meta property=\"og:description\" content=\"T\u00e9my swahilskej gramatiky U\u010denie sa swahil\u010diny je vzru\u0161uj\u00faca cesta do jedn\u00e9ho z najroz\u0161\u00edrenej\u0161\u00edch jazykov v Afrike. Je to bantusk\u00fd jazyk, ktor\u00fdm sa hovor\u00ed\" \/>\n<meta property=\"og:url\" content=\"https:\/\/talkpal.ai\/sk\/swahilske-gramaticke-cvicenia\/\" \/>\n<meta property=\"og:site_name\" content=\"Talkpal\" \/>\n<meta property=\"article:publisher\" content=\"https:\/\/www.facebook.com\/profile.php?id=100090733639311\" \/>\n<meta property=\"article:modified_time\" content=\"2025-12-17T09:59:22+00:00\" \/>\n<meta property=\"og:image\" content=\"https:\/\/talkpal.ai\/wp-content\/uploads\/2023\/05\/Swahili-tanzania.png\" \/>\n\t<meta property=\"og:image:width\" content=\"512\" \/>\n\t<meta property=\"og:image:height\" content=\"512\" \/>\n\t<meta property=\"og:image:type\" content=\"image\/png\" \/>\n<meta name=\"twitter:card\" content=\"summary_large_image\" \/>\n<meta name=\"twitter:site\" content=\"@talkpalai\" \/>\n<meta name=\"twitter:label1\" content=\"Predpokladan\u00fd \u010das \u010d\u00edtania\" \/>\n\t<meta name=\"twitter:data1\" content=\"3 min\u00faty\" \/>\n<script type=\"application\/ld+json\" class=\"yoast-schema-graph\">{\"@context\":\"https:\/\/schema.org\",\"@graph\":[{\"@type\":\"WebPage\",\"@id\":\"https:\/\/talkpal.ai\/sk\/swahilske-gramaticke-cvicenia\/\",\"url\":\"https:\/\/talkpal.ai\/sk\/swahilske-gramaticke-cvicenia\/\",\"name\":\"Swahilsk\u00e9 gramatick\u00e9 cvi\u010denia - Talkpal\",\"isPartOf\":{\"@id\":\"https:\/\/talkpal.ai\/sk\/#website\"},\"primaryImageOfPage\":{\"@id\":\"https:\/\/talkpal.ai\/sk\/swahilske-gramaticke-cvicenia\/#primaryimage\"},\"image\":{\"@id\":\"https:\/\/talkpal.ai\/sk\/swahilske-gramaticke-cvicenia\/#primaryimage\"},\"thumbnailUrl\":\"https:\/\/talkpal.ai\/wp-content\/uploads\/2023\/05\/Swahili-tanzania.png\",\"datePublished\":\"2023-06-28T14:00:55+00:00\",\"dateModified\":\"2025-12-17T09:59:22+00:00\",\"description\":\"Presk\u00famajte p\u00fatav\u00e9 svahilsk\u00e9 gramatick\u00e9 cvi\u010denia, ktor\u00e9 zlep\u0161ia va\u0161e jazykov\u00e9 zru\u010dnosti a zlep\u0161ia va\u0161e porozumenie svahil\u010diny.\",\"breadcrumb\":{\"@id\":\"https:\/\/talkpal.ai\/sk\/swahilske-gramaticke-cvicenia\/#breadcrumb\"},\"inLanguage\":\"sk-SK\",\"potentialAction\":[{\"@type\":\"ReadAction\",\"target\":[\"https:\/\/talkpal.ai\/sk\/swahilske-gramaticke-cvicenia\/\"]}]},{\"@type\":\"ImageObject\",\"inLanguage\":\"sk-SK\",\"@id\":\"https:\/\/talkpal.ai\/sk\/swahilske-gramaticke-cvicenia\/#primaryimage\",\"url\":\"https:\/\/talkpal.ai\/wp-content\/uploads\/2023\/05\/Swahili-tanzania.png\",\"contentUrl\":\"https:\/\/talkpal.ai\/wp-content\/uploads\/2023\/05\/Swahili-tanzania.png\",\"width\":512,\"height\":512},{\"@type\":\"BreadcrumbList\",\"@id\":\"https:\/\/talkpal.ai\/sk\/swahilske-gramaticke-cvicenia\/#breadcrumb\",\"itemListElement\":[{\"@type\":\"ListItem\",\"position\":1,\"name\":\"Homepage\",\"item\":\"https:\/\/talkpal.ai\/sk\/\"},{\"@type\":\"ListItem\",\"position\":2,\"name\":\"Swahilsk\u00e9 gramatick\u00e9 cvi\u010denia\"}]},{\"@type\":\"WebSite\",\"@id\":\"https:\/\/talkpal.ai\/sk\/#website\",\"url\":\"https:\/\/talkpal.ai\/sk\/\",\"name\":\"Talkpal\",\"description\":\"AI Language Learning\",\"publisher\":{\"@id\":\"https:\/\/talkpal.ai\/sk\/#organization\"},\"alternateName\":\"Talkpal AI\",\"potentialAction\":[{\"@type\":\"SearchAction\",\"target\":{\"@type\":\"EntryPoint\",\"urlTemplate\":\"https:\/\/talkpal.ai\/sk\/?s={search_term_string}\"},\"query-input\":{\"@type\":\"PropertyValueSpecification\",\"valueRequired\":true,\"valueName\":\"search_term_string\"}}],\"inLanguage\":\"sk-SK\"},{\"@type\":\"Organization\",\"@id\":\"https:\/\/talkpal.ai\/sk\/#organization\",\"name\":\"Talkpal, Inc.\",\"alternateName\":\"Talkpal AI\",\"url\":\"https:\/\/talkpal.ai\/sk\/\",\"logo\":{\"@type\":\"ImageObject\",\"inLanguage\":\"sk-SK\",\"@id\":\"https:\/\/talkpal.ai\/sk\/#\/schema\/logo\/image\/\",\"url\":\"https:\/\/talkpal.ai\/wp-content\/uploads\/2024\/03\/Talkpal-Logo-Icon.png\",\"contentUrl\":\"https:\/\/talkpal.ai\/wp-content\/uploads\/2024\/03\/Talkpal-Logo-Icon.png\",\"width\":2880,\"height\":2880,\"caption\":\"Talkpal, Inc.\"},\"image\":{\"@id\":\"https:\/\/talkpal.ai\/sk\/#\/schema\/logo\/image\/\"},\"sameAs\":[\"https:\/\/www.facebook.com\/profile.php?id=100090733639311\",\"https:\/\/x.com\/talkpalai\",\"https:\/\/www.linkedin.com\/company\/talkpal\/\",\"https:\/\/www.youtube.com\/@TalkPal\/\",\"https:\/\/www.tiktok.com\/@talkpal\",\"https:\/\/www.instagram.com\/talkpal_ai\/\",\"https:\/\/www.crunchbase.com\/organization\/talkpal-9cde\",\"https:\/\/www.g2.com\/products\/talkpal-for-business\/\",\"https:\/\/www.trustpilot.com\/review\/talkpal.ai\",\"https:\/\/www.capterra.com\/p\/10006800\/TalkPal\/\"],\"description\":\"Talkpal is a language learning web and mobile education app, powered by the latest AI technologies, that provides engaging experiences to its customers in many different languages to help them improve their language skills. Users can chat about unlimited amount of topics with the app and use other modes to practice their language learning.\",\"email\":\"support@talkpal.ai\",\"legalName\":\"Talkpal, Inc.\",\"foundingDate\":\"2023-04-03\",\"duns\":\"118989042\",\"numberOfEmployees\":{\"@type\":\"QuantitativeValue\",\"minValue\":\"11\",\"maxValue\":\"50\"},\"publishingPrinciples\":\"https:\/\/talkpal.ai\/publishing-principles\/\",\"actionableFeedbackPolicy\":\"https:\/\/talkpal.ai\/actionable-feedback-policy\/\",\"correctionsPolicy\":\"https:\/\/talkpal.ai\/corrections-policy\/\",\"ethicsPolicy\":\"https:\/\/talkpal.ai\/ethics-policy\/\",\"diversityPolicy\":\"https:\/\/talkpal.ai\/diversity-policy\/\",\"diversityStaffingReport\":\"https:\/\/talkpal.ai\/diversity-policy\/\"}]}<\/script>\n<!-- \/ Yoast SEO Premium plugin. -->","yoast_head_json":{"title":"Swahilsk\u00e9 gramatick\u00e9 cvi\u010denia - Talkpal","description":"Presk\u00famajte p\u00fatav\u00e9 svahilsk\u00e9 gramatick\u00e9 cvi\u010denia, ktor\u00e9 zlep\u0161ia va\u0161e jazykov\u00e9 zru\u010dnosti a zlep\u0161ia va\u0161e porozumenie svahil\u010diny.","robots":{"index":"index","follow":"follow","max-snippet":"max-snippet:-1","max-image-preview":"max-image-preview:large","max-video-preview":"max-video-preview:-1"},"canonical":"https:\/\/talkpal.ai\/sk\/swahilske-gramaticke-cvicenia\/","og_locale":"sk_SK","og_type":"article","og_title":"Swahilsk\u00e9 gramatick\u00e9 cvi\u010denia","og_description":"T\u00e9my swahilskej gramatiky U\u010denie sa swahil\u010diny je vzru\u0161uj\u00faca cesta do jedn\u00e9ho z najroz\u0161\u00edrenej\u0161\u00edch jazykov v Afrike. Je to bantusk\u00fd jazyk, ktor\u00fdm sa hovor\u00ed","og_url":"https:\/\/talkpal.ai\/sk\/swahilske-gramaticke-cvicenia\/","og_site_name":"Talkpal","article_publisher":"https:\/\/www.facebook.com\/profile.php?id=100090733639311","article_modified_time":"2025-12-17T09:59:22+00:00","og_image":[{"width":512,"height":512,"url":"https:\/\/talkpal.ai\/wp-content\/uploads\/2023\/05\/Swahili-tanzania.png","type":"image\/png"}],"twitter_card":"summary_large_image","twitter_site":"@talkpalai","twitter_misc":{"Predpokladan\u00fd \u010das \u010d\u00edtania":"3 min\u00faty"},"schema":{"@context":"https:\/\/schema.org","@graph":[{"@type":"WebPage","@id":"https:\/\/talkpal.ai\/sk\/swahilske-gramaticke-cvicenia\/","url":"https:\/\/talkpal.ai\/sk\/swahilske-gramaticke-cvicenia\/","name":"Swahilsk\u00e9 gramatick\u00e9 cvi\u010denia - Talkpal","isPartOf":{"@id":"https:\/\/talkpal.ai\/sk\/#website"},"primaryImageOfPage":{"@id":"https:\/\/talkpal.ai\/sk\/swahilske-gramaticke-cvicenia\/#primaryimage"},"image":{"@id":"https:\/\/talkpal.ai\/sk\/swahilske-gramaticke-cvicenia\/#primaryimage"},"thumbnailUrl":"https:\/\/talkpal.ai\/wp-content\/uploads\/2023\/05\/Swahili-tanzania.png","datePublished":"2023-06-28T14:00:55+00:00","dateModified":"2025-12-17T09:59:22+00:00","description":"Presk\u00famajte p\u00fatav\u00e9 svahilsk\u00e9 gramatick\u00e9 cvi\u010denia, ktor\u00e9 zlep\u0161ia va\u0161e jazykov\u00e9 zru\u010dnosti a zlep\u0161ia va\u0161e porozumenie svahil\u010diny.","breadcrumb":{"@id":"https:\/\/talkpal.ai\/sk\/swahilske-gramaticke-cvicenia\/#breadcrumb"},"inLanguage":"sk-SK","potentialAction":[{"@type":"ReadAction","target":["https:\/\/talkpal.ai\/sk\/swahilske-gramaticke-cvicenia\/"]}]},{"@type":"ImageObject","inLanguage":"sk-SK","@id":"https:\/\/talkpal.ai\/sk\/swahilske-gramaticke-cvicenia\/#primaryimage","url":"https:\/\/talkpal.ai\/wp-content\/uploads\/2023\/05\/Swahili-tanzania.png","contentUrl":"https:\/\/talkpal.ai\/wp-content\/uploads\/2023\/05\/Swahili-tanzania.png","width":512,"height":512},{"@type":"BreadcrumbList","@id":"https:\/\/talkpal.ai\/sk\/swahilske-gramaticke-cvicenia\/#breadcrumb","itemListElement":[{"@type":"ListItem","position":1,"name":"Homepage","item":"https:\/\/talkpal.ai\/sk\/"},{"@type":"ListItem","position":2,"name":"Swahilsk\u00e9 gramatick\u00e9 cvi\u010denia"}]},{"@type":"WebSite","@id":"https:\/\/talkpal.ai\/sk\/#website","url":"https:\/\/talkpal.ai\/sk\/","name":"Talkpal","description":"AI Language Learning","publisher":{"@id":"https:\/\/talkpal.ai\/sk\/#organization"},"alternateName":"Talkpal AI","potentialAction":[{"@type":"SearchAction","target":{"@type":"EntryPoint","urlTemplate":"https:\/\/talkpal.ai\/sk\/?s={search_term_string}"},"query-input":{"@type":"PropertyValueSpecification","valueRequired":true,"valueName":"search_term_string"}}],"inLanguage":"sk-SK"},{"@type":"Organization","@id":"https:\/\/talkpal.ai\/sk\/#organization","name":"Talkpal, Inc.","alternateName":"Talkpal AI","url":"https:\/\/talkpal.ai\/sk\/","logo":{"@type":"ImageObject","inLanguage":"sk-SK","@id":"https:\/\/talkpal.ai\/sk\/#\/schema\/logo\/image\/","url":"https:\/\/talkpal.ai\/wp-content\/uploads\/2024\/03\/Talkpal-Logo-Icon.png","contentUrl":"https:\/\/talkpal.ai\/wp-content\/uploads\/2024\/03\/Talkpal-Logo-Icon.png","width":2880,"height":2880,"caption":"Talkpal, Inc."},"image":{"@id":"https:\/\/talkpal.ai\/sk\/#\/schema\/logo\/image\/"},"sameAs":["https:\/\/www.facebook.com\/profile.php?id=100090733639311","https:\/\/x.com\/talkpalai","https:\/\/www.linkedin.com\/company\/talkpal\/","https:\/\/www.youtube.com\/@TalkPal\/","https:\/\/www.tiktok.com\/@talkpal","https:\/\/www.instagram.com\/talkpal_ai\/","https:\/\/www.crunchbase.com\/organization\/talkpal-9cde","https:\/\/www.g2.com\/products\/talkpal-for-business\/","https:\/\/www.trustpilot.com\/review\/talkpal.ai","https:\/\/www.capterra.com\/p\/10006800\/TalkPal\/"],"description":"Talkpal is a language learning web and mobile education app, powered by the latest AI technologies, that provides engaging experiences to its customers in many different languages to help them improve their language skills. Users can chat about unlimited amount of topics with the app and use other modes to practice their language learning.","email":"support@talkpal.ai","legalName":"Talkpal, Inc.","foundingDate":"2023-04-03","duns":"118989042","numberOfEmployees":{"@type":"QuantitativeValue","minValue":"11","maxValue":"50"},"publishingPrinciples":"https:\/\/talkpal.ai\/publishing-principles\/","actionableFeedbackPolicy":"https:\/\/talkpal.ai\/actionable-feedback-policy\/","correctionsPolicy":"https:\/\/talkpal.ai\/corrections-policy\/","ethicsPolicy":"https:\/\/talkpal.ai\/ethics-policy\/","diversityPolicy":"https:\/\/talkpal.ai\/diversity-policy\/","diversityStaffingReport":"https:\/\/talkpal.ai\/diversity-policy\/"}]}},"_links":{"self":[{"href":"https:\/\/talkpal.ai\/sk\/wp-json\/wp\/v2\/pages\/156547","targetHints":{"allow":["GET"]}}],"collection":[{"href":"https:\/\/talkpal.ai\/sk\/wp-json\/wp\/v2\/pages"}],"about":[{"href":"https:\/\/talkpal.ai\/sk\/wp-json\/wp\/v2\/types\/page"}],"author":[{"embeddable":true,"href":"https:\/\/talkpal.ai\/sk\/wp-json\/wp\/v2\/users\/6"}],"replies":[{"embeddable":true,"href":"https:\/\/talkpal.ai\/sk\/wp-json\/wp\/v2\/comments?post=156547"}],"version-history":[{"count":0,"href":"https:\/\/talkpal.ai\/sk\/wp-json\/wp\/v2\/pages\/156547\/revisions"}],"wp:featuredmedia":[{"embeddable":true,"href":"https:\/\/talkpal.ai\/sk\/wp-json\/wp\/v2\/media\/153725"}],"wp:attachment":[{"href":"https:\/\/talkpal.ai\/sk\/wp-json\/wp\/v2\/media?parent=156547"}],"curies":[{"name":"wp","href":"https:\/\/api.w.org\/{rel}","templated":true}]}}