{"id":156001,"date":"2023-07-05T10:17:13","date_gmt":"2023-07-05T10:17:13","guid":{"rendered":"http:\/\/talkpal.ai\/tamilske-gramaticke-cvicenia\/"},"modified":"2025-12-17T15:01:22","modified_gmt":"2025-12-17T15:01:22","slug":"tamilske-gramaticke-cvicenia","status":"publish","type":"page","link":"https:\/\/talkpal.ai\/sk\/tamilske-gramaticke-cvicenia\/","title":{"rendered":"Tamilsk\u00e9 gramatick\u00e9 cvi\u010denia"},"content":{"rendered":"\r\n\r\n\r\n<section class=\"languageChallengeSection\">\r\n    <div class=\"languageInfoWrapper\">\r\n        \r\n        <h1>Tamilsk\u00e9 gramatick\u00e9 cvi\u010denia<\/h1>\r\n        <p>Ak chcete ovl\u00e1da\u0165 tamil\u010dinu, k\u013e\u00fa\u010dov\u00fdm krokom na va\u0161ej ceste je precvi\u010dovanie gramatiky prostredn\u00edctvom cielen\u00fdch cvi\u010den\u00ed. Za\u010dnite e\u0161te dnes, vysk\u00fa\u0161ajte si nov\u00e9 gramatick\u00e9 vzorce a sledujte, ako va\u0161e znalosti tamil\u010diny rast\u00fa s ka\u017ed\u00fdm cvi\u010den\u00edm!<\/p>\r\n\r\n                            <a class=\"getStartedHidden\" href=\"https:\/\/app.talkpal.ai\/sk\/signup?lng=\">Za\u010dni<\/a>\r\n        \r\n    <\/div>\r\n\r\n    <figure>\r\n    <img decoding=\"async\" width=\"768\" height=\"768\" src=\"https:\/\/talkpal.ai\/wp-content\/uploads\/2023\/06\/tamil-768x768.png\" class=\"languageImage no-lazy\" alt=\"Language learning for enhanced creativity\" fetchpriority=\"high\" sizes=\"(max-width: 768px) 150px, 768px\" srcset=\"https:\/\/talkpal.ai\/wp-content\/uploads\/2023\/06\/tamil-768x768.png 768w, https:\/\/talkpal.ai\/wp-content\/uploads\/2023\/06\/tamil-300x300.png 300w\" \/>\r\n    \r\n\r\n    <\/figure>\r\n\r\n            <a class=\"getStartedVisible\" href=\"https:\/\/app.talkpal.ai\/sk\/signup?lng=\">Za\u010dni<\/a>\r\n    \r\n<\/section>\r\n\r\n\r\n<!-- <section class=\"grammarSection\">\r\n    <div class=\"grammarLinks\">\r\n            <\/div>\r\n<\/section> -->\r\n\r\n\r\n\r\n\r\n<section class=\"promotionalBanner\">\r\n    <p class=\"promotionalText\">Najefekt\u00edvnej\u0161\u00ed sp\u00f4sob, ako sa nau\u010di\u0165 jazyk<\/p>\r\n    <a class=\"promotionalLink\" href=\"https:\/\/app.talkpal.ai\/sk\/signup?lng=\">Vysk\u00fa\u0161ajte Talkpal zadarmo<\/a>\r\n<\/section>\n<div class=\"wp-block-group pageContainerStyle\"><div class=\"wp-block-group__inner-container is-layout-constrained wp-block-group-is-layout-constrained\">\n<h2 class=\"wp-block-heading\" id=\"h-tamil-grammar-topics\">T\u00e9my tamilskej gramatiky<\/h2>\n\n\n\n<p><a href=\"https:\/\/talkpal.ai\/learn-tamil\/\">Tamil\u010dina<\/a> je \u017eiv\u00fd a bohat\u00fd jazyk, ktor\u00fdm sa hovor\u00ed predov\u0161etk\u00fdm v ju\u017enej Indii a na Sr\u00ed Lanke. Je zn\u00e1my svoj\u00edm jedine\u010dn\u00fdm p\u00edsmom a zlo\u017eit\u00fdm gramatick\u00fdm syst\u00e9mom. <a href=\"https:\/\/talkpal.ai\/sk\/ucenie\/\">U\u010denie sa<\/a> tamil\u010diny m\u00f4\u017ee by\u0165 fascinuj\u00facou sk\u00fasenos\u0165ou, ale vy\u017eaduje si \u0161trukt\u00farovan\u00fd pr\u00edstup k pochopeniu gramatiky. To zah\u0155\u0148a pochopenie \u010dasov, slovies, podstatn\u00fdch mien, \u010dl\u00e1nkov, z\u00e1men \/ determin\u00e1torov, pr\u00eddavn\u00fdch mien, pr\u00edsloviek, podmienok, predlo\u017eiek a vetn\u00fdch \u0161trukt\u00far.<\/p>\n\n\n\n<h3 class=\"wp-block-heading\" id=\"h-1-nouns\">1. Podstatn\u00e9 men\u00e1:<\/h3>\n\n\n\n<p>Za\u010dnite svoje tamilsk\u00e9 u\u010denie podstatn\u00fdmi menami, preto\u017ee s\u00fa stavebn\u00fdmi kame\u0148mi ka\u017ed\u00e9ho jazyka. V tamil\u010dine s\u00fa podstatn\u00e9 men\u00e1 rozdelen\u00e9 do dvoch kateg\u00f3ri\u00ed: uyirmei (\u017eij\u00faci) a mei (ne\u017eiv\u00fd). Maj\u00fa tie\u017e r\u00f4zne sklo\u0148ovanie na z\u00e1klade \u010d\u00edsla a pr\u00edpadu.<\/p>\n\n\n\n<h3 class=\"wp-block-heading\" id=\"h-2-pronouns-determiners\">2. Z\u00e1men\u00e1\/determin\u00e1tory:<\/h3>\n\n\n\n<p>Po zvl\u00e1dnut\u00ed podstatn\u00fdch mien prejdite na z\u00e1men\u00e1 a determin\u00e1tory. Pou\u017e\u00edvaj\u00fa sa na ozna\u010denie niekoho alebo nie\u010doho, \u010do u\u017e bolo spomenut\u00e9 alebo \u013eahko identifikovate\u013en\u00e9. V tamil\u010dine s\u00fa z\u00e1men\u00e1 rodovo neutr\u00e1lne a sklo\u0148uj\u00fa \u010d\u00edslo a p\u00e1d.<\/p>\n\n\n\n<h3 class=\"wp-block-heading\" id=\"h-3-verbs\">3. Sloves\u00e1:<\/h3>\n\n\n\n<p>Sloves\u00e1 v tamil\u010dine s\u00fa rozdelen\u00e9 do dvoch kateg\u00f3ri\u00ed: tranzit\u00edvne a neprechodn\u00e9 sloves\u00e1. Pochopenie toho, ako funguj\u00fa, je rozhoduj\u00face, preto\u017ee ozna\u010duj\u00fa akciu vo vete.<\/p>\n\n\n\n<h3 class=\"wp-block-heading\" id=\"h-4-tenses\">4. \u010casy:<\/h3>\n\n\n\n<p>Tamil\u010dina m\u00e1 tri z\u00e1kladn\u00e9 \u010dasy: minul\u00fd, pr\u00edtomn\u00fd a bud\u00faci. Ka\u017ed\u00fd \u010das m\u00e1 r\u00f4zne tvary pre jednotn\u00e9 a mno\u017en\u00e9 \u010d\u00edslo, ako aj pre r\u00f4zne osoby. Pochopenie t\u00fdchto zmien je d\u00f4le\u017eit\u00e9 pre spr\u00e1vnu tvorbu viet.<\/p>\n\n\n\n<h3 class=\"wp-block-heading\" id=\"h-5-tense-comparison\">5. Nap\u00e4t\u00e9 porovnanie:<\/h3>\n\n\n\n<p>Ke\u010f pochop\u00edte z\u00e1kladn\u00e9 \u010dasy, m\u00f4\u017eete prejs\u0165 k nap\u00e4t\u00e9mu porovnaniu. To si vy\u017eaduje porovnanie r\u00f4znych akci\u00ed v r\u00f4znych \u010dasoch, \u010do je rozhoduj\u00face pre pokro\u010dil\u00e9 pou\u017e\u00edvanie jazyka.<\/p>\n\n\n\n<h3 class=\"wp-block-heading\" id=\"h-6-adjectives\">6. Pr\u00eddavn\u00e9 men\u00e1:<\/h3>\n\n\n\n<p>Pr\u00eddavn\u00e9 men\u00e1 v tamil\u010dine, podobne ako v angli\u010dtine, opisuj\u00fa alebo upravuj\u00fa podstatn\u00e9 men\u00e1. S\u00fahlasia s podstatn\u00fdm menom, ktor\u00e9 upravuj\u00fa v p\u00e1de, \u010d\u00edsle a pohlav\u00ed.<\/p>\n\n\n\n<h3 class=\"wp-block-heading\" id=\"h-7-articles\">7. \u010cl\u00e1nky:<\/h3>\n\n\n\n<p>Tamil\u010dina nem\u00e1 ur\u010dit\u00e9 ani neur\u010dit\u00e9 \u010dleny ako &#8222;a&#8220;, &#8222;an&#8220; alebo &#8222;the&#8220;. Pochopenie toho, ako ich nahradi\u0165, je v\u0161ak d\u00f4le\u017eit\u00e9 pre tvorbu viet.<\/p>\n\n\n\n<h3 class=\"wp-block-heading\" id=\"h-8-adverbs\">8. Pr\u00edslovky:<\/h3>\n\n\n\n<p>Pr\u00edslovky upravuj\u00fa sloves\u00e1, pr\u00eddavn\u00e9 men\u00e1 alebo in\u00e9 pr\u00edslovky. M\u00f4\u017eu vyjadrova\u0165 sp\u00f4sob, miesto, \u010das, frekvenciu, stupe\u0148 a \u010fal\u0161ie.<\/p>\n\n\n\n<h3 class=\"wp-block-heading\" id=\"h-9-prepositions\">9. Predlo\u017eky:<\/h3>\n\n\n\n<p>Predlo\u017eky sa pou\u017e\u00edvaj\u00fa na prepojenie podstatn\u00fdch mien, z\u00e1men alebo fr\u00e1z s in\u00fdmi slovami vo vete. Vyjadruj\u00fa vz\u0165ahy miesta, smeru, \u010dasu, sp\u00f4sobu, pr\u00ed\u010diny a stup\u0148a.<\/p>\n\n\n\n<h3 class=\"wp-block-heading\" id=\"h-10-conditionals\">10. Podmienky:<\/h3>\n\n\n\n<p>Podmienen\u00e9 s\u00fa vety vyjadruj\u00face hypotetick\u00e9 situ\u00e1cie a ich d\u00f4sledky. V tamil\u010dine s\u00fa kondicion\u00e1ly tvoren\u00e9 \u0161pecifick\u00fdmi slovesn\u00fdmi tvarmi a spojkami.<\/p>\n\n\n\n<h3 class=\"wp-block-heading\" id=\"h-11-progressive-and-perfect-progressive\">11. Progres\u00edvne a dokonal\u00e9 progres\u00edvne:<\/h3>\n\n\n\n<p>Toto s\u00fa aspekty \u010dasov, ktor\u00e9 ozna\u010duj\u00fa prebiehaj\u00face akcie alebo akcie, ktor\u00e9 prebiehali, ale teraz s\u00fa dokon\u010den\u00e9. S\u00fa nevyhnutn\u00e9 na vyjadrenie trvania a kontinuity \u010dinnost\u00ed.<\/p>\n\n\n\n<h3 class=\"wp-block-heading\" id=\"h-12-sentences\">12. Vety:<\/h3>\n\n\n\n<p>Nakoniec, pochopenie \u0161trukt\u00fary viet v tamil\u010dine je d\u00f4le\u017eit\u00e9. Tamil\u010dina nasleduje slovosled podmet-objekt-sloveso (SOV). Porozumenie zlo\u017een\u00fdm a zlo\u017eit\u00fdm vet\u00e1m tie\u017e zlep\u0161\u00ed va\u0161u celkov\u00fa znalos\u0165 jazyka.<\/p>\n<\/div><\/div>\n\r\n<section class=\"learnNavigationSection\">\r\n            \r\n        <a href=\"https:\/\/talkpal.ai\/sk\/naucte-sa-tamilcinu\/\">\r\n            <div class=\"learnNavigationWrapper\">\r\n                <div class=\"learnNavigationContent\">\r\n                    <img decoding=\"async\" src=\"https:\/\/talkpal.ai\/wp-content\/uploads\/2024\/08\/Tamil.jpg\" alt=\"Indian Simplified Flag\">\r\n                    <div>\r\n                        <h4>O \u0161t\u00fadiu tamil\u010diny<\/h4>\r\n                        <p>Zistite v\u0161etko o tamilskej gramatike.<\/p>\r\n                    <\/div>\r\n                <\/div>\r\n            <\/div>\r\n        <\/a>\r\n\r\n        \r\n        <a href=\"https:\/\/talkpal.ai\/sk\/tamilska-gramatika\/\">\r\n            <div class=\"learnNavigationWrapper\">\r\n                <div class=\"learnNavigationContent\">\r\n                    <img decoding=\"async\" src=\"https:\/\/talkpal.ai\/wp-content\/uploads\/2024\/08\/Tamil.jpg\" alt=\"Indian Simplified Flag\">\r\n                    <div>\r\n                        <h4>Lekcie tamilskej gramatiky<\/h4>\r\n                        <p>Precvi\u010dte si tamilsk\u00fa gramatiku.<\/p>\r\n                    <\/div>\r\n                <\/div>\r\n            <\/div>\r\n        <\/a>\r\n\r\n        \r\n        <a href=\"https:\/\/talkpal.ai\/vocabulary_language\/tamil\/\">\r\n            <div class=\"learnNavigationWrapper\">\r\n                <div class=\"learnNavigationContent\">\r\n                    <img decoding=\"async\" src=\"https:\/\/talkpal.ai\/wp-content\/uploads\/2024\/08\/Tamil.jpg\" alt=\"Indian Simplified Flag\">\r\n                    <div>\r\n                        <h4>Tamilsk\u00e1 slovn\u00e1 z\u00e1soba<\/h4>\r\n                        <p>Roz\u0161\u00edrte si tamilsk\u00fa slovn\u00fa z\u00e1sobu.<\/p>\r\n                    <\/div>\r\n                <\/div>\r\n            <\/div>\r\n        <\/a>\r\n\r\n            <\/section>","protected":false},"excerpt":{"rendered":"<p>T\u00e9my tamilskej gramatiky Tamil\u010dina je \u017eiv\u00fd a bohat\u00fd jazyk, ktor\u00fdm sa hovor\u00ed predov\u0161etk\u00fdm v ju\u017enej Indii a na Sr\u00ed Lanke. Je zn\u00e1my svoj\u00edm jedine\u010dn\u00fdm p\u00edsmom a zlo\u017eit\u00fdm gramatick\u00fdm syst\u00e9mom. U\u010denie sa tamil\u010diny m\u00f4\u017ee by\u0165 fascinuj\u00facou sk\u00fasenos\u0165ou, ale vy\u017eaduje si \u0161trukt\u00farovan\u00fd pr\u00edstup k pochopeniu gramatiky. To zah\u0155\u0148a pochopenie \u010dasov, slovies, podstatn\u00fdch mien, \u010dl\u00e1nkov, z\u00e1men \/ determin\u00e1torov, [&hellip;]<\/p>\n","protected":false},"author":6,"featured_media":120273,"parent":0,"menu_order":0,"comment_status":"closed","ping_status":"closed","template":"LearningContentPage.php","meta":{"_acf_changed":false,"footnotes":""},"class_list":["post-156001","page","type-page","status-publish","has-post-thumbnail","hentry"],"acf":[],"yoast_head":"<!-- This site is optimized with the Yoast SEO Premium plugin v27.2 (Yoast SEO v27.2) - https:\/\/yoast.com\/product\/yoast-seo-premium-wordpress\/ -->\n<title>Tamilsk\u00e9 gramatick\u00e9 cvi\u010denia - Talkpal<\/title>\n<meta name=\"description\" content=\"Presk\u00famajte efekt\u00edvne gramatick\u00e9 cvi\u010denia v tamil\u010dine, aby ste zlep\u0161ili svoje jazykov\u00e9 zru\u010dnosti a zv\u00fd\u0161ili porozumenie.\" \/>\n<meta name=\"robots\" content=\"index, follow, max-snippet:-1, max-image-preview:large, max-video-preview:-1\" \/>\n<link rel=\"canonical\" href=\"https:\/\/talkpal.ai\/sk\/tamilske-gramaticke-cvicenia\/\" \/>\n<meta property=\"og:locale\" content=\"sk_SK\" \/>\n<meta property=\"og:type\" content=\"article\" \/>\n<meta property=\"og:title\" content=\"Tamilsk\u00e9 gramatick\u00e9 cvi\u010denia\" \/>\n<meta property=\"og:description\" content=\"T\u00e9my tamilskej gramatiky Tamil\u010dina je \u017eiv\u00fd a bohat\u00fd jazyk, ktor\u00fdm sa hovor\u00ed predov\u0161etk\u00fdm v ju\u017enej Indii a na Sr\u00ed Lanke. Je zn\u00e1my svoj\u00edm jedine\u010dn\u00fdm p\u00edsmom\" \/>\n<meta property=\"og:url\" content=\"https:\/\/talkpal.ai\/sk\/tamilske-gramaticke-cvicenia\/\" \/>\n<meta property=\"og:site_name\" content=\"Talkpal\" \/>\n<meta property=\"article:publisher\" content=\"https:\/\/www.facebook.com\/profile.php?id=100090733639311\" \/>\n<meta property=\"article:modified_time\" content=\"2025-12-17T15:01:22+00:00\" \/>\n<meta property=\"og:image\" content=\"https:\/\/talkpal.ai\/wp-content\/uploads\/2023\/05\/Tamil-india.png\" \/>\n\t<meta property=\"og:image:width\" content=\"512\" \/>\n\t<meta property=\"og:image:height\" content=\"512\" \/>\n\t<meta property=\"og:image:type\" content=\"image\/png\" \/>\n<meta name=\"twitter:card\" content=\"summary_large_image\" \/>\n<meta name=\"twitter:site\" content=\"@talkpalai\" \/>\n<meta name=\"twitter:label1\" content=\"Predpokladan\u00fd \u010das \u010d\u00edtania\" \/>\n\t<meta name=\"twitter:data1\" content=\"3 min\u00faty\" \/>\n<script type=\"application\/ld+json\" class=\"yoast-schema-graph\">{\"@context\":\"https:\/\/schema.org\",\"@graph\":[{\"@type\":\"WebPage\",\"@id\":\"https:\/\/talkpal.ai\/sk\/tamilske-gramaticke-cvicenia\/\",\"url\":\"https:\/\/talkpal.ai\/sk\/tamilske-gramaticke-cvicenia\/\",\"name\":\"Tamilsk\u00e9 gramatick\u00e9 cvi\u010denia - Talkpal\",\"isPartOf\":{\"@id\":\"https:\/\/talkpal.ai\/sk\/#website\"},\"primaryImageOfPage\":{\"@id\":\"https:\/\/talkpal.ai\/sk\/tamilske-gramaticke-cvicenia\/#primaryimage\"},\"image\":{\"@id\":\"https:\/\/talkpal.ai\/sk\/tamilske-gramaticke-cvicenia\/#primaryimage\"},\"thumbnailUrl\":\"https:\/\/talkpal.ai\/wp-content\/uploads\/2023\/05\/Tamil-india.png\",\"datePublished\":\"2023-07-05T10:17:13+00:00\",\"dateModified\":\"2025-12-17T15:01:22+00:00\",\"description\":\"Presk\u00famajte efekt\u00edvne gramatick\u00e9 cvi\u010denia v tamil\u010dine, aby ste zlep\u0161ili svoje jazykov\u00e9 zru\u010dnosti a zv\u00fd\u0161ili porozumenie.\",\"breadcrumb\":{\"@id\":\"https:\/\/talkpal.ai\/sk\/tamilske-gramaticke-cvicenia\/#breadcrumb\"},\"inLanguage\":\"sk-SK\",\"potentialAction\":[{\"@type\":\"ReadAction\",\"target\":[\"https:\/\/talkpal.ai\/sk\/tamilske-gramaticke-cvicenia\/\"]}]},{\"@type\":\"ImageObject\",\"inLanguage\":\"sk-SK\",\"@id\":\"https:\/\/talkpal.ai\/sk\/tamilske-gramaticke-cvicenia\/#primaryimage\",\"url\":\"https:\/\/talkpal.ai\/wp-content\/uploads\/2023\/05\/Tamil-india.png\",\"contentUrl\":\"https:\/\/talkpal.ai\/wp-content\/uploads\/2023\/05\/Tamil-india.png\",\"width\":512,\"height\":512},{\"@type\":\"BreadcrumbList\",\"@id\":\"https:\/\/talkpal.ai\/sk\/tamilske-gramaticke-cvicenia\/#breadcrumb\",\"itemListElement\":[{\"@type\":\"ListItem\",\"position\":1,\"name\":\"Homepage\",\"item\":\"https:\/\/talkpal.ai\/sk\/\"},{\"@type\":\"ListItem\",\"position\":2,\"name\":\"Tamilsk\u00e9 gramatick\u00e9 cvi\u010denia\"}]},{\"@type\":\"WebSite\",\"@id\":\"https:\/\/talkpal.ai\/sk\/#website\",\"url\":\"https:\/\/talkpal.ai\/sk\/\",\"name\":\"Talkpal\",\"description\":\"AI Language Learning\",\"publisher\":{\"@id\":\"https:\/\/talkpal.ai\/sk\/#organization\"},\"alternateName\":\"Talkpal AI\",\"potentialAction\":[{\"@type\":\"SearchAction\",\"target\":{\"@type\":\"EntryPoint\",\"urlTemplate\":\"https:\/\/talkpal.ai\/sk\/?s={search_term_string}\"},\"query-input\":{\"@type\":\"PropertyValueSpecification\",\"valueRequired\":true,\"valueName\":\"search_term_string\"}}],\"inLanguage\":\"sk-SK\"},{\"@type\":\"Organization\",\"@id\":\"https:\/\/talkpal.ai\/sk\/#organization\",\"name\":\"Talkpal, Inc.\",\"alternateName\":\"Talkpal AI\",\"url\":\"https:\/\/talkpal.ai\/sk\/\",\"logo\":{\"@type\":\"ImageObject\",\"inLanguage\":\"sk-SK\",\"@id\":\"https:\/\/talkpal.ai\/sk\/#\/schema\/logo\/image\/\",\"url\":\"https:\/\/talkpal.ai\/wp-content\/uploads\/2024\/03\/Talkpal-Logo-Icon.png\",\"contentUrl\":\"https:\/\/talkpal.ai\/wp-content\/uploads\/2024\/03\/Talkpal-Logo-Icon.png\",\"width\":2880,\"height\":2880,\"caption\":\"Talkpal, Inc.\"},\"image\":{\"@id\":\"https:\/\/talkpal.ai\/sk\/#\/schema\/logo\/image\/\"},\"sameAs\":[\"https:\/\/www.facebook.com\/profile.php?id=100090733639311\",\"https:\/\/x.com\/talkpalai\",\"https:\/\/www.linkedin.com\/company\/talkpal\/\",\"https:\/\/www.youtube.com\/@TalkPal\/\",\"https:\/\/www.tiktok.com\/@talkpal\",\"https:\/\/www.instagram.com\/talkpal_ai\/\",\"https:\/\/www.crunchbase.com\/organization\/talkpal-9cde\",\"https:\/\/www.g2.com\/products\/talkpal-for-business\/\",\"https:\/\/www.trustpilot.com\/review\/talkpal.ai\",\"https:\/\/www.capterra.com\/p\/10006800\/TalkPal\/\"],\"description\":\"Talkpal is a language learning web and mobile education app, powered by the latest AI technologies, that provides engaging experiences to its customers in many different languages to help them improve their language skills. Users can chat about unlimited amount of topics with the app and use other modes to practice their language learning.\",\"email\":\"support@talkpal.ai\",\"legalName\":\"Talkpal, Inc.\",\"foundingDate\":\"2023-04-03\",\"duns\":\"118989042\",\"numberOfEmployees\":{\"@type\":\"QuantitativeValue\",\"minValue\":\"11\",\"maxValue\":\"50\"},\"publishingPrinciples\":\"https:\/\/talkpal.ai\/publishing-principles\/\",\"actionableFeedbackPolicy\":\"https:\/\/talkpal.ai\/actionable-feedback-policy\/\",\"correctionsPolicy\":\"https:\/\/talkpal.ai\/corrections-policy\/\",\"ethicsPolicy\":\"https:\/\/talkpal.ai\/ethics-policy\/\",\"diversityPolicy\":\"https:\/\/talkpal.ai\/diversity-policy\/\",\"diversityStaffingReport\":\"https:\/\/talkpal.ai\/diversity-policy\/\"}]}<\/script>\n<!-- \/ Yoast SEO Premium plugin. -->","yoast_head_json":{"title":"Tamilsk\u00e9 gramatick\u00e9 cvi\u010denia - Talkpal","description":"Presk\u00famajte efekt\u00edvne gramatick\u00e9 cvi\u010denia v tamil\u010dine, aby ste zlep\u0161ili svoje jazykov\u00e9 zru\u010dnosti a zv\u00fd\u0161ili porozumenie.","robots":{"index":"index","follow":"follow","max-snippet":"max-snippet:-1","max-image-preview":"max-image-preview:large","max-video-preview":"max-video-preview:-1"},"canonical":"https:\/\/talkpal.ai\/sk\/tamilske-gramaticke-cvicenia\/","og_locale":"sk_SK","og_type":"article","og_title":"Tamilsk\u00e9 gramatick\u00e9 cvi\u010denia","og_description":"T\u00e9my tamilskej gramatiky Tamil\u010dina je \u017eiv\u00fd a bohat\u00fd jazyk, ktor\u00fdm sa hovor\u00ed predov\u0161etk\u00fdm v ju\u017enej Indii a na Sr\u00ed Lanke. Je zn\u00e1my svoj\u00edm jedine\u010dn\u00fdm p\u00edsmom","og_url":"https:\/\/talkpal.ai\/sk\/tamilske-gramaticke-cvicenia\/","og_site_name":"Talkpal","article_publisher":"https:\/\/www.facebook.com\/profile.php?id=100090733639311","article_modified_time":"2025-12-17T15:01:22+00:00","og_image":[{"width":512,"height":512,"url":"https:\/\/talkpal.ai\/wp-content\/uploads\/2023\/05\/Tamil-india.png","type":"image\/png"}],"twitter_card":"summary_large_image","twitter_site":"@talkpalai","twitter_misc":{"Predpokladan\u00fd \u010das \u010d\u00edtania":"3 min\u00faty"},"schema":{"@context":"https:\/\/schema.org","@graph":[{"@type":"WebPage","@id":"https:\/\/talkpal.ai\/sk\/tamilske-gramaticke-cvicenia\/","url":"https:\/\/talkpal.ai\/sk\/tamilske-gramaticke-cvicenia\/","name":"Tamilsk\u00e9 gramatick\u00e9 cvi\u010denia - Talkpal","isPartOf":{"@id":"https:\/\/talkpal.ai\/sk\/#website"},"primaryImageOfPage":{"@id":"https:\/\/talkpal.ai\/sk\/tamilske-gramaticke-cvicenia\/#primaryimage"},"image":{"@id":"https:\/\/talkpal.ai\/sk\/tamilske-gramaticke-cvicenia\/#primaryimage"},"thumbnailUrl":"https:\/\/talkpal.ai\/wp-content\/uploads\/2023\/05\/Tamil-india.png","datePublished":"2023-07-05T10:17:13+00:00","dateModified":"2025-12-17T15:01:22+00:00","description":"Presk\u00famajte efekt\u00edvne gramatick\u00e9 cvi\u010denia v tamil\u010dine, aby ste zlep\u0161ili svoje jazykov\u00e9 zru\u010dnosti a zv\u00fd\u0161ili porozumenie.","breadcrumb":{"@id":"https:\/\/talkpal.ai\/sk\/tamilske-gramaticke-cvicenia\/#breadcrumb"},"inLanguage":"sk-SK","potentialAction":[{"@type":"ReadAction","target":["https:\/\/talkpal.ai\/sk\/tamilske-gramaticke-cvicenia\/"]}]},{"@type":"ImageObject","inLanguage":"sk-SK","@id":"https:\/\/talkpal.ai\/sk\/tamilske-gramaticke-cvicenia\/#primaryimage","url":"https:\/\/talkpal.ai\/wp-content\/uploads\/2023\/05\/Tamil-india.png","contentUrl":"https:\/\/talkpal.ai\/wp-content\/uploads\/2023\/05\/Tamil-india.png","width":512,"height":512},{"@type":"BreadcrumbList","@id":"https:\/\/talkpal.ai\/sk\/tamilske-gramaticke-cvicenia\/#breadcrumb","itemListElement":[{"@type":"ListItem","position":1,"name":"Homepage","item":"https:\/\/talkpal.ai\/sk\/"},{"@type":"ListItem","position":2,"name":"Tamilsk\u00e9 gramatick\u00e9 cvi\u010denia"}]},{"@type":"WebSite","@id":"https:\/\/talkpal.ai\/sk\/#website","url":"https:\/\/talkpal.ai\/sk\/","name":"Talkpal","description":"AI Language Learning","publisher":{"@id":"https:\/\/talkpal.ai\/sk\/#organization"},"alternateName":"Talkpal AI","potentialAction":[{"@type":"SearchAction","target":{"@type":"EntryPoint","urlTemplate":"https:\/\/talkpal.ai\/sk\/?s={search_term_string}"},"query-input":{"@type":"PropertyValueSpecification","valueRequired":true,"valueName":"search_term_string"}}],"inLanguage":"sk-SK"},{"@type":"Organization","@id":"https:\/\/talkpal.ai\/sk\/#organization","name":"Talkpal, Inc.","alternateName":"Talkpal AI","url":"https:\/\/talkpal.ai\/sk\/","logo":{"@type":"ImageObject","inLanguage":"sk-SK","@id":"https:\/\/talkpal.ai\/sk\/#\/schema\/logo\/image\/","url":"https:\/\/talkpal.ai\/wp-content\/uploads\/2024\/03\/Talkpal-Logo-Icon.png","contentUrl":"https:\/\/talkpal.ai\/wp-content\/uploads\/2024\/03\/Talkpal-Logo-Icon.png","width":2880,"height":2880,"caption":"Talkpal, Inc."},"image":{"@id":"https:\/\/talkpal.ai\/sk\/#\/schema\/logo\/image\/"},"sameAs":["https:\/\/www.facebook.com\/profile.php?id=100090733639311","https:\/\/x.com\/talkpalai","https:\/\/www.linkedin.com\/company\/talkpal\/","https:\/\/www.youtube.com\/@TalkPal\/","https:\/\/www.tiktok.com\/@talkpal","https:\/\/www.instagram.com\/talkpal_ai\/","https:\/\/www.crunchbase.com\/organization\/talkpal-9cde","https:\/\/www.g2.com\/products\/talkpal-for-business\/","https:\/\/www.trustpilot.com\/review\/talkpal.ai","https:\/\/www.capterra.com\/p\/10006800\/TalkPal\/"],"description":"Talkpal is a language learning web and mobile education app, powered by the latest AI technologies, that provides engaging experiences to its customers in many different languages to help them improve their language skills. Users can chat about unlimited amount of topics with the app and use other modes to practice their language learning.","email":"support@talkpal.ai","legalName":"Talkpal, Inc.","foundingDate":"2023-04-03","duns":"118989042","numberOfEmployees":{"@type":"QuantitativeValue","minValue":"11","maxValue":"50"},"publishingPrinciples":"https:\/\/talkpal.ai\/publishing-principles\/","actionableFeedbackPolicy":"https:\/\/talkpal.ai\/actionable-feedback-policy\/","correctionsPolicy":"https:\/\/talkpal.ai\/corrections-policy\/","ethicsPolicy":"https:\/\/talkpal.ai\/ethics-policy\/","diversityPolicy":"https:\/\/talkpal.ai\/diversity-policy\/","diversityStaffingReport":"https:\/\/talkpal.ai\/diversity-policy\/"}]}},"_links":{"self":[{"href":"https:\/\/talkpal.ai\/sk\/wp-json\/wp\/v2\/pages\/156001","targetHints":{"allow":["GET"]}}],"collection":[{"href":"https:\/\/talkpal.ai\/sk\/wp-json\/wp\/v2\/pages"}],"about":[{"href":"https:\/\/talkpal.ai\/sk\/wp-json\/wp\/v2\/types\/page"}],"author":[{"embeddable":true,"href":"https:\/\/talkpal.ai\/sk\/wp-json\/wp\/v2\/users\/6"}],"replies":[{"embeddable":true,"href":"https:\/\/talkpal.ai\/sk\/wp-json\/wp\/v2\/comments?post=156001"}],"version-history":[{"count":0,"href":"https:\/\/talkpal.ai\/sk\/wp-json\/wp\/v2\/pages\/156001\/revisions"}],"wp:featuredmedia":[{"embeddable":true,"href":"https:\/\/talkpal.ai\/sk\/wp-json\/wp\/v2\/media\/120273"}],"wp:attachment":[{"href":"https:\/\/talkpal.ai\/sk\/wp-json\/wp\/v2\/media?parent=156001"}],"curies":[{"name":"wp","href":"https:\/\/api.w.org\/{rel}","templated":true}]}}