{"id":155711,"date":"2023-07-05T10:24:06","date_gmt":"2023-07-05T10:24:06","guid":{"rendered":"http:\/\/talkpal.ai\/thajske-gramaticke-cvicenia\/"},"modified":"2025-12-17T15:03:41","modified_gmt":"2025-12-17T15:03:41","slug":"thajske-gramaticke-cvicenia","status":"publish","type":"page","link":"https:\/\/talkpal.ai\/sk\/thajske-gramaticke-cvicenia\/","title":{"rendered":"Thajsk\u00e9 gramatick\u00e9 cvi\u010denia"},"content":{"rendered":"\r\n\r\n\r\n<section class=\"languageChallengeSection\">\r\n    <div class=\"languageInfoWrapper\">\r\n        \r\n        <h1>Thajsk\u00e9 gramatick\u00e9 cvi\u010denia<\/h1>\r\n        <p>Ste pripraven\u00ed na to, aby bolo u\u010denie thaj\u010diny z\u00e1bavn\u00e9 a praktick\u00e9? Na\u0161e interakt\u00edvne cvi\u010denia s\u00fa navrhnut\u00e9 tak, aby v\u00e1m pomohli zvl\u00e1dnu\u0165 z\u00e1klady thajskej gramatiky, vybudova\u0165 si sebad\u00f4veru a <a href=\"https:\/\/talkpal.ai\/ko\/ai-%ec%96%b8%ec%96%b4-%ea%b5%90%ec%82%ac\/\">za\u010da\u0165<\/a> tvori\u0165 skuto\u010dn\u00e9 vety. Zapojte sa, tr\u00e9nujte, ko\u013eko chcete, a sledujte, ako va\u0161e <a href=\"https:\/\/talkpal.ai\/learn-thai\/\">thajsk\u00e9<\/a> zru\u010dnosti rast\u00fa &#8211; po\u010fme sa u\u010di\u0165!<\/p>\r\n\r\n                            <a class=\"getStartedHidden\" href=\"https:\/\/app.talkpal.ai\/sk\/signup?lng=\">Za\u010dni<\/a>\r\n        \r\n    <\/div>\r\n\r\n    <figure>\r\n    <img decoding=\"async\" width=\"768\" height=\"768\" src=\"https:\/\/talkpal.ai\/wp-content\/uploads\/2023\/06\/thai-768x768.png\" class=\"languageImage no-lazy\" alt=\"Language learning for improved thought process\" fetchpriority=\"high\" sizes=\"(max-width: 768px) 150px, 768px\" srcset=\"https:\/\/talkpal.ai\/wp-content\/uploads\/2023\/06\/thai-768x768.png 768w, https:\/\/talkpal.ai\/wp-content\/uploads\/2023\/06\/thai-300x300.png 300w\" \/>\r\n    \r\n\r\n    <\/figure>\r\n\r\n            <a class=\"getStartedVisible\" href=\"https:\/\/app.talkpal.ai\/sk\/signup?lng=\">Za\u010dni<\/a>\r\n    \r\n<\/section>\r\n\r\n\r\n<!-- <section class=\"grammarSection\">\r\n    <div class=\"grammarLinks\">\r\n            <\/div>\r\n<\/section> -->\r\n\r\n\r\n\r\n\r\n<section class=\"promotionalBanner\">\r\n    <p class=\"promotionalText\">Najefekt\u00edvnej\u0161\u00ed sp\u00f4sob, ako sa nau\u010di\u0165 jazyk<\/p>\r\n    <a class=\"promotionalLink\" href=\"https:\/\/app.talkpal.ai\/sk\/signup?lng=\">Vysk\u00fa\u0161ajte Talkpal zadarmo<\/a>\r\n<\/section>\n<div class=\"wp-block-group pageContainerStyle\"><div class=\"wp-block-group__inner-container is-layout-constrained wp-block-group-is-layout-constrained\">\n<h2 class=\"wp-block-heading\" id=\"h-thai-grammar-topics\">T\u00e9my thajskej gramatiky<\/h2>\n\n\n\n<p><a href=\"https:\/\/talkpal.ai\/sk\/ucenie\/\">U\u010denie sa<\/a> thajsk\u00e9ho jazyka m\u00f4\u017ee by\u0165 fascinuj\u00facou cestou. Je v\u0161ak nevyhnutn\u00e9 porozumie\u0165 thajskej gramatike, aby ste plne pochopili jazyk a plynule hovorili. Nasleduj\u00faci zoznam poskytuje postupnos\u0165 t\u00e9m thajskej gramatiky, ktor\u00e9 je potrebn\u00e9 zv\u00e1\u017ei\u0165 pri v\u00fdu\u010dbe jazyka. Tento zoznam za\u010d\u00edna z\u00e1kladn\u00fdmi t\u00e9mami a postupuje k zlo\u017eitej\u0161\u00edm t\u00e9mam.<\/p>\n\n\n\n<h3 class=\"wp-block-heading\" id=\"h-1-nouns\">1. Podstatn\u00e9 men\u00e1:<\/h3>\n\n\n\n<p>Za\u010dnite u\u010den\u00edm sa thajsk\u00fdch podstatn\u00fdch mien, preto\u017ee s\u00fa stavebn\u00fdmi kame\u0148mi jazyka. Zozn\u00e1mte sa so v\u0161eobecn\u00fdmi podstatn\u00fdmi menami a ich modifik\u00e1tormi, preto\u017ee <a href=\"https:\/\/talkpal.ai\/learn-thai\/\">thajsk\u00e9<\/a> podstatn\u00e9 men\u00e1 nemenia tvary na ozna\u010denie \u010d\u00edsla alebo pohlavia.<\/p>\n\n\n\n<h3 class=\"wp-block-heading\" id=\"h-2-pronouns-determiners\">2. Z\u00e1men\u00e1\/determin\u00e1tory:<\/h3>\n\n\n\n<p>Po zvl\u00e1dnut\u00ed podstatn\u00fdch mien presu\u0148te svoju pozornos\u0165 na z\u00e1men\u00e1 a determin\u00e1tory. Thajsk\u00e9 z\u00e1men\u00e1 sa v konverz\u00e1cii \u010dasto vynech\u00e1vaj\u00fa, ale ich pochopenie je pre form\u00e1lnu thaj\u010dinu rozhoduj\u00face.<\/p>\n\n\n\n<h3 class=\"wp-block-heading\" id=\"h-3-verbs\">3. Sloves\u00e1:<\/h3>\n\n\n\n<p>Sloves\u00e1 v thaj\u010dine s\u00fa nesklo\u0148ovan\u00e9, \u010do znamen\u00e1, \u017ee sa nemenia, aby ozna\u010dovali \u010das, po\u010det alebo osobu. V\u010faka tomu s\u00fa relat\u00edvne \u013eahko zvl\u00e1dnute\u013en\u00e9 po pochopen\u00ed podstatn\u00fdch mien a z\u00e1men.<\/p>\n\n\n\n<h3 class=\"wp-block-heading\" id=\"h-4-adjectives\">4. Pr\u00eddavn\u00e9 men\u00e1:<\/h3>\n\n\n\n<p>Thajsk\u00e9 pr\u00eddavn\u00e9 men\u00e1 prich\u00e1dzaj\u00fa za podstatn\u00fdmi menami, ktor\u00e9 modifikuj\u00fa, na rozdiel od angli\u010dtiny. U\u010denie pr\u00eddavn\u00fdch mien v\u00e1m pom\u00f4\u017ee presnej\u0161ie op\u00edsa\u0165 objekty, \u013eud\u00ed a situ\u00e1cie.<\/p>\n\n\n\n<h3 class=\"wp-block-heading\" id=\"h-5-prepositions\">5. Predlo\u017eky:<\/h3>\n\n\n\n<p>Predlo\u017eky v thaj\u010dine \u010dasto prich\u00e1dzaj\u00fa pred podstatn\u00e9 meno alebo z\u00e1meno na ozna\u010denie smeru, miesta, \u010dasu alebo met\u00f3dy.<\/p>\n\n\n\n<h3 class=\"wp-block-heading\" id=\"h-6-adverbs\">6. Pr\u00edslovky:<\/h3>\n\n\n\n<p>Nau\u010dte sa thajsk\u00e9 pr\u00edslovky na \u00fapravu slovies, pr\u00eddavn\u00fdch mien alebo in\u00fdch pr\u00edsloviek. M\u00f4\u017eu poskytn\u00fa\u0165 viac podrobnost\u00ed o akci\u00e1ch alebo situ\u00e1ci\u00e1ch.<\/p>\n\n\n\n<h3 class=\"wp-block-heading\" id=\"h-7-sentences\">7. Vety:<\/h3>\n\n\n\n<p>Po zvl\u00e1dnut\u00ed z\u00e1kladov m\u00f4\u017eete za\u010da\u0165 tvori\u0165 vety v thaj\u010dine. Pochopenie \u0161trukt\u00fary viet je rozhoduj\u00face pre spr\u00e1vne vyjadrenie va\u0161ich my\u0161lienok.<\/p>\n\n\n\n<h3 class=\"wp-block-heading\" id=\"h-8-conditionals\">8. Podmienky:<\/h3>\n\n\n\n<p>Thajsk\u00e9 podmienky vyjadruj\u00fa hypotetick\u00e9 situ\u00e1cie a ich d\u00f4sledky. S\u00fa pokro\u010dilej\u0161ie, ale potrebn\u00e9 pre zlo\u017eit\u00e9 rozhovory.<\/p>\n\n\n\n<h3 class=\"wp-block-heading\" id=\"h-9-tenses\">9. \u010casy:<\/h3>\n\n\n\n<p>Thajsk\u00fd jazyk nepou\u017e\u00edva \u010dasy rovnak\u00fdm sp\u00f4sobom ako <a href=\"https:\/\/talkpal.ai\/learn-english-with-ai\/\">angli\u010dtina<\/a>. Existuj\u00fa v\u0161ak fr\u00e1zy a slov\u00e1, ktor\u00e9 m\u00f4\u017eu nazna\u010dova\u0165 minulos\u0165, pr\u00edtomnos\u0165 alebo bud\u00facnos\u0165.<\/p>\n\n\n\n<h3 class=\"wp-block-heading\" id=\"h-10-tense-comparison\">10. Nap\u00e4t\u00e9 porovnanie:<\/h3>\n\n\n\n<p>Toto je pokro\u010dil\u00e1 t\u00e9ma, kde porovn\u00e1vate r\u00f4zne \u010dasy. Pom\u00f4\u017ee v\u00e1m pochopi\u0165 jemn\u00e9 rozdiely v \u010dasov\u00fdch prejavoch.<\/p>\n\n\n\n<h3 class=\"wp-block-heading\" id=\"h-11-progressive\">11. Progres\u00edvne:<\/h3>\n\n\n\n<p>T\u00e1to t\u00e9ma zah\u0155\u0148a vyjadrenie prebiehaj\u00facich opatren\u00ed. Je pokro\u010dilej\u0161\u00ed, ale pom\u00f4\u017ee v\u00e1m hovori\u0165 plynulej\u0161ie thajsky.<\/p>\n\n\n\n<h3 class=\"wp-block-heading\" id=\"h-12-perfect-progressive\">12. Perfektne progres\u00edvne:<\/h3>\n\n\n\n<p>Perfektn\u00fd progres\u00edvny \u010das je zlo\u017eit\u00fdm aspektom thajskej gramatiky. Pou\u017e\u00edva sa na opis akci\u00ed, ktor\u00e9 prebiehali do ur\u010dit\u00e9ho bodu.<\/p>\n\n\n\n<h3 class=\"wp-block-heading\" id=\"h-13-articles\">13. \u010cl\u00e1nky:<\/h3>\n\n\n\n<p>Thajsk\u00fd jazyk nem\u00e1 ur\u010dit\u00e9 alebo neur\u010dit\u00e9 \u010dl\u00e1nky ako angli\u010dtina. Existuj\u00fa v\u0161ak aj in\u00e9 sp\u00f4soby, ako \u0161pecifikova\u0165 alebo zov\u0161eobecni\u0165 podstatn\u00e9 men\u00e1, ktor\u00e9 sa m\u00f4\u017eete nau\u010di\u0165 v pokro\u010dilej\u0161om \u0161t\u00e1diu.<\/p>\n<\/div><\/div>\n\r\n<section class=\"learnNavigationSection\">\r\n            \r\n        <a href=\"https:\/\/talkpal.ai\/sk\/naucte-sa-thajsky\/\">\r\n            <div class=\"learnNavigationWrapper\">\r\n                <div class=\"learnNavigationContent\">\r\n                    <img decoding=\"async\" src=\"https:\/\/talkpal.ai\/wp-content\/uploads\/2024\/08\/Thai.jpg\" alt=\"Thai Flag\">\r\n                    <div>\r\n                        <h4>O thajskom vzdel\u00e1van\u00ed<\/h4>\r\n                        <p>Zistite v\u0161etko o thajskej gramatike.<\/p>\r\n                    <\/div>\r\n                <\/div>\r\n            <\/div>\r\n        <\/a>\r\n\r\n        \r\n        <a href=\"https:\/\/talkpal.ai\/sk\/thajska-gramatika\/\">\r\n            <div class=\"learnNavigationWrapper\">\r\n                <div class=\"learnNavigationContent\">\r\n                    <img decoding=\"async\" src=\"https:\/\/talkpal.ai\/wp-content\/uploads\/2024\/08\/Thai.jpg\" alt=\"Thai Flag\">\r\n                    <div>\r\n                        <h4>Lekcie thajskej gramatiky<\/h4>\r\n                        <p>Precvi\u010dte si thajsk\u00fa gramatiku.<\/p>\r\n                    <\/div>\r\n                <\/div>\r\n            <\/div>\r\n        <\/a>\r\n\r\n        \r\n        <a href=\"https:\/\/talkpal.ai\/vocabulary_language\/thai\/\">\r\n            <div class=\"learnNavigationWrapper\">\r\n                <div class=\"learnNavigationContent\">\r\n                    <img decoding=\"async\" src=\"https:\/\/talkpal.ai\/wp-content\/uploads\/2024\/08\/Thai.jpg\" alt=\"Thai Flag\">\r\n                    <div>\r\n                        <h4>Thajsk\u00e1 slovn\u00e1 z\u00e1soba<\/h4>\r\n                        <p>Roz\u0161\u00edrte si thajsk\u00fa slovn\u00fa z\u00e1sobu.<\/p>\r\n                    <\/div>\r\n                <\/div>\r\n            <\/div>\r\n        <\/a>\r\n\r\n            <\/section>","protected":false},"excerpt":{"rendered":"<p>T\u00e9my thajskej gramatiky U\u010denie sa thajsk\u00e9ho jazyka m\u00f4\u017ee by\u0165 fascinuj\u00facou cestou. Je v\u0161ak nevyhnutn\u00e9 porozumie\u0165 thajskej gramatike, aby ste plne pochopili jazyk a plynule hovorili. Nasleduj\u00faci zoznam poskytuje postupnos\u0165 t\u00e9m thajskej gramatiky, ktor\u00e9 je potrebn\u00e9 zv\u00e1\u017ei\u0165 pri v\u00fdu\u010dbe jazyka. Tento zoznam za\u010d\u00edna z\u00e1kladn\u00fdmi t\u00e9mami a postupuje k zlo\u017eitej\u0161\u00edm t\u00e9mam. 1. Podstatn\u00e9 men\u00e1: Za\u010dnite u\u010den\u00edm sa [&hellip;]<\/p>\n","protected":false},"author":6,"featured_media":120749,"parent":0,"menu_order":0,"comment_status":"closed","ping_status":"closed","template":"LearningContentPage.php","meta":{"_acf_changed":false,"footnotes":""},"class_list":["post-155711","page","type-page","status-publish","has-post-thumbnail","hentry"],"acf":[],"yoast_head":"<!-- This site is optimized with the Yoast SEO Premium plugin v27.2 (Yoast SEO v27.2) - https:\/\/yoast.com\/product\/yoast-seo-premium-wordpress\/ -->\n<title>Thajsk\u00e9 gramatick\u00e9 cvi\u010denia - Talkpal<\/title>\n<meta name=\"description\" content=\"Zlep\u0161ite si svoje znalosti thajsk\u00e9ho jazyka pomocou na\u0161ich cvi\u010den\u00ed na thajsk\u00fa gramatiku a za\u010dnite ovl\u00e1da\u0165 stavebn\u00e9 kamene jazyka.\" \/>\n<meta name=\"robots\" content=\"index, follow, max-snippet:-1, max-image-preview:large, max-video-preview:-1\" \/>\n<link rel=\"canonical\" href=\"https:\/\/talkpal.ai\/sk\/thajske-gramaticke-cvicenia\/\" \/>\n<meta property=\"og:locale\" content=\"sk_SK\" \/>\n<meta property=\"og:type\" content=\"article\" \/>\n<meta property=\"og:title\" content=\"Thajsk\u00e9 gramatick\u00e9 cvi\u010denia\" \/>\n<meta property=\"og:description\" content=\"T\u00e9my thajskej gramatiky U\u010denie sa thajsk\u00e9ho jazyka m\u00f4\u017ee by\u0165 fascinuj\u00facou cestou. Je v\u0161ak nevyhnutn\u00e9 porozumie\u0165 thajskej gramatike, aby ste plne pochopili\" \/>\n<meta property=\"og:url\" content=\"https:\/\/talkpal.ai\/sk\/thajske-gramaticke-cvicenia\/\" \/>\n<meta property=\"og:site_name\" content=\"Talkpal\" \/>\n<meta property=\"article:publisher\" content=\"https:\/\/www.facebook.com\/profile.php?id=100090733639311\" \/>\n<meta property=\"article:modified_time\" content=\"2025-12-17T15:03:41+00:00\" \/>\n<meta property=\"og:image\" content=\"https:\/\/talkpal.ai\/wp-content\/uploads\/2023\/05\/thailand.png\" \/>\n\t<meta property=\"og:image:width\" content=\"512\" \/>\n\t<meta property=\"og:image:height\" content=\"512\" \/>\n\t<meta property=\"og:image:type\" content=\"image\/png\" \/>\n<meta name=\"twitter:card\" content=\"summary_large_image\" \/>\n<meta name=\"twitter:site\" content=\"@talkpalai\" \/>\n<meta name=\"twitter:label1\" content=\"Predpokladan\u00fd \u010das \u010d\u00edtania\" \/>\n\t<meta name=\"twitter:data1\" content=\"2 min\u00faty\" \/>\n<script type=\"application\/ld+json\" class=\"yoast-schema-graph\">{\"@context\":\"https:\/\/schema.org\",\"@graph\":[{\"@type\":\"WebPage\",\"@id\":\"https:\/\/talkpal.ai\/sk\/thajske-gramaticke-cvicenia\/\",\"url\":\"https:\/\/talkpal.ai\/sk\/thajske-gramaticke-cvicenia\/\",\"name\":\"Thajsk\u00e9 gramatick\u00e9 cvi\u010denia - Talkpal\",\"isPartOf\":{\"@id\":\"https:\/\/talkpal.ai\/sk\/#website\"},\"primaryImageOfPage\":{\"@id\":\"https:\/\/talkpal.ai\/sk\/thajske-gramaticke-cvicenia\/#primaryimage\"},\"image\":{\"@id\":\"https:\/\/talkpal.ai\/sk\/thajske-gramaticke-cvicenia\/#primaryimage\"},\"thumbnailUrl\":\"https:\/\/talkpal.ai\/wp-content\/uploads\/2023\/05\/thailand.png\",\"datePublished\":\"2023-07-05T10:24:06+00:00\",\"dateModified\":\"2025-12-17T15:03:41+00:00\",\"description\":\"Zlep\u0161ite si svoje znalosti thajsk\u00e9ho jazyka pomocou na\u0161ich cvi\u010den\u00ed na thajsk\u00fa gramatiku a za\u010dnite ovl\u00e1da\u0165 stavebn\u00e9 kamene jazyka.\",\"breadcrumb\":{\"@id\":\"https:\/\/talkpal.ai\/sk\/thajske-gramaticke-cvicenia\/#breadcrumb\"},\"inLanguage\":\"sk-SK\",\"potentialAction\":[{\"@type\":\"ReadAction\",\"target\":[\"https:\/\/talkpal.ai\/sk\/thajske-gramaticke-cvicenia\/\"]}]},{\"@type\":\"ImageObject\",\"inLanguage\":\"sk-SK\",\"@id\":\"https:\/\/talkpal.ai\/sk\/thajske-gramaticke-cvicenia\/#primaryimage\",\"url\":\"https:\/\/talkpal.ai\/wp-content\/uploads\/2023\/05\/thailand.png\",\"contentUrl\":\"https:\/\/talkpal.ai\/wp-content\/uploads\/2023\/05\/thailand.png\",\"width\":512,\"height\":512},{\"@type\":\"BreadcrumbList\",\"@id\":\"https:\/\/talkpal.ai\/sk\/thajske-gramaticke-cvicenia\/#breadcrumb\",\"itemListElement\":[{\"@type\":\"ListItem\",\"position\":1,\"name\":\"Homepage\",\"item\":\"https:\/\/talkpal.ai\/sk\/\"},{\"@type\":\"ListItem\",\"position\":2,\"name\":\"Thajsk\u00e9 gramatick\u00e9 cvi\u010denia\"}]},{\"@type\":\"WebSite\",\"@id\":\"https:\/\/talkpal.ai\/sk\/#website\",\"url\":\"https:\/\/talkpal.ai\/sk\/\",\"name\":\"Talkpal\",\"description\":\"AI Language Learning\",\"publisher\":{\"@id\":\"https:\/\/talkpal.ai\/sk\/#organization\"},\"alternateName\":\"Talkpal AI\",\"potentialAction\":[{\"@type\":\"SearchAction\",\"target\":{\"@type\":\"EntryPoint\",\"urlTemplate\":\"https:\/\/talkpal.ai\/sk\/?s={search_term_string}\"},\"query-input\":{\"@type\":\"PropertyValueSpecification\",\"valueRequired\":true,\"valueName\":\"search_term_string\"}}],\"inLanguage\":\"sk-SK\"},{\"@type\":\"Organization\",\"@id\":\"https:\/\/talkpal.ai\/sk\/#organization\",\"name\":\"Talkpal, Inc.\",\"alternateName\":\"Talkpal AI\",\"url\":\"https:\/\/talkpal.ai\/sk\/\",\"logo\":{\"@type\":\"ImageObject\",\"inLanguage\":\"sk-SK\",\"@id\":\"https:\/\/talkpal.ai\/sk\/#\/schema\/logo\/image\/\",\"url\":\"https:\/\/talkpal.ai\/wp-content\/uploads\/2024\/03\/Talkpal-Logo-Icon.png\",\"contentUrl\":\"https:\/\/talkpal.ai\/wp-content\/uploads\/2024\/03\/Talkpal-Logo-Icon.png\",\"width\":2880,\"height\":2880,\"caption\":\"Talkpal, Inc.\"},\"image\":{\"@id\":\"https:\/\/talkpal.ai\/sk\/#\/schema\/logo\/image\/\"},\"sameAs\":[\"https:\/\/www.facebook.com\/profile.php?id=100090733639311\",\"https:\/\/x.com\/talkpalai\",\"https:\/\/www.linkedin.com\/company\/talkpal\/\",\"https:\/\/www.youtube.com\/@TalkPal\/\",\"https:\/\/www.tiktok.com\/@talkpal\",\"https:\/\/www.instagram.com\/talkpal_ai\/\",\"https:\/\/www.crunchbase.com\/organization\/talkpal-9cde\",\"https:\/\/www.g2.com\/products\/talkpal-for-business\/\",\"https:\/\/www.trustpilot.com\/review\/talkpal.ai\",\"https:\/\/www.capterra.com\/p\/10006800\/TalkPal\/\"],\"description\":\"Talkpal is a language learning web and mobile education app, powered by the latest AI technologies, that provides engaging experiences to its customers in many different languages to help them improve their language skills. Users can chat about unlimited amount of topics with the app and use other modes to practice their language learning.\",\"email\":\"support@talkpal.ai\",\"legalName\":\"Talkpal, Inc.\",\"foundingDate\":\"2023-04-03\",\"duns\":\"118989042\",\"numberOfEmployees\":{\"@type\":\"QuantitativeValue\",\"minValue\":\"11\",\"maxValue\":\"50\"},\"publishingPrinciples\":\"https:\/\/talkpal.ai\/publishing-principles\/\",\"actionableFeedbackPolicy\":\"https:\/\/talkpal.ai\/actionable-feedback-policy\/\",\"correctionsPolicy\":\"https:\/\/talkpal.ai\/corrections-policy\/\",\"ethicsPolicy\":\"https:\/\/talkpal.ai\/ethics-policy\/\",\"diversityPolicy\":\"https:\/\/talkpal.ai\/diversity-policy\/\",\"diversityStaffingReport\":\"https:\/\/talkpal.ai\/diversity-policy\/\"}]}<\/script>\n<!-- \/ Yoast SEO Premium plugin. -->","yoast_head_json":{"title":"Thajsk\u00e9 gramatick\u00e9 cvi\u010denia - Talkpal","description":"Zlep\u0161ite si svoje znalosti thajsk\u00e9ho jazyka pomocou na\u0161ich cvi\u010den\u00ed na thajsk\u00fa gramatiku a za\u010dnite ovl\u00e1da\u0165 stavebn\u00e9 kamene jazyka.","robots":{"index":"index","follow":"follow","max-snippet":"max-snippet:-1","max-image-preview":"max-image-preview:large","max-video-preview":"max-video-preview:-1"},"canonical":"https:\/\/talkpal.ai\/sk\/thajske-gramaticke-cvicenia\/","og_locale":"sk_SK","og_type":"article","og_title":"Thajsk\u00e9 gramatick\u00e9 cvi\u010denia","og_description":"T\u00e9my thajskej gramatiky U\u010denie sa thajsk\u00e9ho jazyka m\u00f4\u017ee by\u0165 fascinuj\u00facou cestou. Je v\u0161ak nevyhnutn\u00e9 porozumie\u0165 thajskej gramatike, aby ste plne pochopili","og_url":"https:\/\/talkpal.ai\/sk\/thajske-gramaticke-cvicenia\/","og_site_name":"Talkpal","article_publisher":"https:\/\/www.facebook.com\/profile.php?id=100090733639311","article_modified_time":"2025-12-17T15:03:41+00:00","og_image":[{"width":512,"height":512,"url":"https:\/\/talkpal.ai\/wp-content\/uploads\/2023\/05\/thailand.png","type":"image\/png"}],"twitter_card":"summary_large_image","twitter_site":"@talkpalai","twitter_misc":{"Predpokladan\u00fd \u010das \u010d\u00edtania":"2 min\u00faty"},"schema":{"@context":"https:\/\/schema.org","@graph":[{"@type":"WebPage","@id":"https:\/\/talkpal.ai\/sk\/thajske-gramaticke-cvicenia\/","url":"https:\/\/talkpal.ai\/sk\/thajske-gramaticke-cvicenia\/","name":"Thajsk\u00e9 gramatick\u00e9 cvi\u010denia - Talkpal","isPartOf":{"@id":"https:\/\/talkpal.ai\/sk\/#website"},"primaryImageOfPage":{"@id":"https:\/\/talkpal.ai\/sk\/thajske-gramaticke-cvicenia\/#primaryimage"},"image":{"@id":"https:\/\/talkpal.ai\/sk\/thajske-gramaticke-cvicenia\/#primaryimage"},"thumbnailUrl":"https:\/\/talkpal.ai\/wp-content\/uploads\/2023\/05\/thailand.png","datePublished":"2023-07-05T10:24:06+00:00","dateModified":"2025-12-17T15:03:41+00:00","description":"Zlep\u0161ite si svoje znalosti thajsk\u00e9ho jazyka pomocou na\u0161ich cvi\u010den\u00ed na thajsk\u00fa gramatiku a za\u010dnite ovl\u00e1da\u0165 stavebn\u00e9 kamene jazyka.","breadcrumb":{"@id":"https:\/\/talkpal.ai\/sk\/thajske-gramaticke-cvicenia\/#breadcrumb"},"inLanguage":"sk-SK","potentialAction":[{"@type":"ReadAction","target":["https:\/\/talkpal.ai\/sk\/thajske-gramaticke-cvicenia\/"]}]},{"@type":"ImageObject","inLanguage":"sk-SK","@id":"https:\/\/talkpal.ai\/sk\/thajske-gramaticke-cvicenia\/#primaryimage","url":"https:\/\/talkpal.ai\/wp-content\/uploads\/2023\/05\/thailand.png","contentUrl":"https:\/\/talkpal.ai\/wp-content\/uploads\/2023\/05\/thailand.png","width":512,"height":512},{"@type":"BreadcrumbList","@id":"https:\/\/talkpal.ai\/sk\/thajske-gramaticke-cvicenia\/#breadcrumb","itemListElement":[{"@type":"ListItem","position":1,"name":"Homepage","item":"https:\/\/talkpal.ai\/sk\/"},{"@type":"ListItem","position":2,"name":"Thajsk\u00e9 gramatick\u00e9 cvi\u010denia"}]},{"@type":"WebSite","@id":"https:\/\/talkpal.ai\/sk\/#website","url":"https:\/\/talkpal.ai\/sk\/","name":"Talkpal","description":"AI Language Learning","publisher":{"@id":"https:\/\/talkpal.ai\/sk\/#organization"},"alternateName":"Talkpal AI","potentialAction":[{"@type":"SearchAction","target":{"@type":"EntryPoint","urlTemplate":"https:\/\/talkpal.ai\/sk\/?s={search_term_string}"},"query-input":{"@type":"PropertyValueSpecification","valueRequired":true,"valueName":"search_term_string"}}],"inLanguage":"sk-SK"},{"@type":"Organization","@id":"https:\/\/talkpal.ai\/sk\/#organization","name":"Talkpal, Inc.","alternateName":"Talkpal AI","url":"https:\/\/talkpal.ai\/sk\/","logo":{"@type":"ImageObject","inLanguage":"sk-SK","@id":"https:\/\/talkpal.ai\/sk\/#\/schema\/logo\/image\/","url":"https:\/\/talkpal.ai\/wp-content\/uploads\/2024\/03\/Talkpal-Logo-Icon.png","contentUrl":"https:\/\/talkpal.ai\/wp-content\/uploads\/2024\/03\/Talkpal-Logo-Icon.png","width":2880,"height":2880,"caption":"Talkpal, Inc."},"image":{"@id":"https:\/\/talkpal.ai\/sk\/#\/schema\/logo\/image\/"},"sameAs":["https:\/\/www.facebook.com\/profile.php?id=100090733639311","https:\/\/x.com\/talkpalai","https:\/\/www.linkedin.com\/company\/talkpal\/","https:\/\/www.youtube.com\/@TalkPal\/","https:\/\/www.tiktok.com\/@talkpal","https:\/\/www.instagram.com\/talkpal_ai\/","https:\/\/www.crunchbase.com\/organization\/talkpal-9cde","https:\/\/www.g2.com\/products\/talkpal-for-business\/","https:\/\/www.trustpilot.com\/review\/talkpal.ai","https:\/\/www.capterra.com\/p\/10006800\/TalkPal\/"],"description":"Talkpal is a language learning web and mobile education app, powered by the latest AI technologies, that provides engaging experiences to its customers in many different languages to help them improve their language skills. Users can chat about unlimited amount of topics with the app and use other modes to practice their language learning.","email":"support@talkpal.ai","legalName":"Talkpal, Inc.","foundingDate":"2023-04-03","duns":"118989042","numberOfEmployees":{"@type":"QuantitativeValue","minValue":"11","maxValue":"50"},"publishingPrinciples":"https:\/\/talkpal.ai\/publishing-principles\/","actionableFeedbackPolicy":"https:\/\/talkpal.ai\/actionable-feedback-policy\/","correctionsPolicy":"https:\/\/talkpal.ai\/corrections-policy\/","ethicsPolicy":"https:\/\/talkpal.ai\/ethics-policy\/","diversityPolicy":"https:\/\/talkpal.ai\/diversity-policy\/","diversityStaffingReport":"https:\/\/talkpal.ai\/diversity-policy\/"}]}},"_links":{"self":[{"href":"https:\/\/talkpal.ai\/sk\/wp-json\/wp\/v2\/pages\/155711","targetHints":{"allow":["GET"]}}],"collection":[{"href":"https:\/\/talkpal.ai\/sk\/wp-json\/wp\/v2\/pages"}],"about":[{"href":"https:\/\/talkpal.ai\/sk\/wp-json\/wp\/v2\/types\/page"}],"author":[{"embeddable":true,"href":"https:\/\/talkpal.ai\/sk\/wp-json\/wp\/v2\/users\/6"}],"replies":[{"embeddable":true,"href":"https:\/\/talkpal.ai\/sk\/wp-json\/wp\/v2\/comments?post=155711"}],"version-history":[{"count":0,"href":"https:\/\/talkpal.ai\/sk\/wp-json\/wp\/v2\/pages\/155711\/revisions"}],"wp:featuredmedia":[{"embeddable":true,"href":"https:\/\/talkpal.ai\/sk\/wp-json\/wp\/v2\/media\/120749"}],"wp:attachment":[{"href":"https:\/\/talkpal.ai\/sk\/wp-json\/wp\/v2\/media?parent=155711"}],"curies":[{"name":"wp","href":"https:\/\/api.w.org\/{rel}","templated":true}]}}