{"id":155420,"date":"2023-07-05T10:34:01","date_gmt":"2023-07-05T10:34:01","guid":{"rendered":"http:\/\/talkpal.ai\/turecke-gramaticke-cvicenia\/"},"modified":"2025-12-17T10:00:46","modified_gmt":"2025-12-17T10:00:46","slug":"turecke-gramaticke-cvicenia","status":"publish","type":"page","link":"https:\/\/talkpal.ai\/sk\/turecke-gramaticke-cvicenia\/","title":{"rendered":"Tureck\u00e9 gramatick\u00e9 cvi\u010denia"},"content":{"rendered":"\r\n\r\n\r\n<section class=\"languageChallengeSection\">\r\n    <div class=\"languageInfoWrapper\">\r\n        \r\n        <h1>Tureck\u00e9 gramatick\u00e9 cvi\u010denia<\/h1>\r\n        <p>Chcete sa c\u00edti\u0165 istej\u0161ie v ture\u010dtine? Precvi\u010dovanie gramatick\u00fdch cvi\u010den\u00ed je skvel\u00fd sp\u00f4sob, ako si osvoji\u0165 \u0161trukt\u00faru viet, slovesn\u00e9 spojenia a ka\u017edodenn\u00e9 vzory v jazyku. Za\u010dnite sk\u00fama\u0165 cvi\u010denia z tureckej gramatiky e\u0161te dnes a sledujte, ako sa va\u0161e porozumenie a re\u010dov\u00e9 zru\u010dnosti neust\u00e1le zlep\u0161uj\u00fa!<\/p>\r\n\r\n                            <a class=\"getStartedHidden\" href=\"https:\/\/app.talkpal.ai\/sk\/signup?lng=\">Za\u010dni<\/a>\r\n        \r\n    <\/div>\r\n\r\n    <figure>\r\n    <img decoding=\"async\" width=\"768\" height=\"768\" src=\"https:\/\/talkpal.ai\/wp-content\/uploads\/2023\/06\/turkish-768x768.png\" class=\"languageImage no-lazy\" alt=\"Language learning for increased focus\" fetchpriority=\"high\" sizes=\"(max-width: 768px) 150px, 768px\" srcset=\"https:\/\/talkpal.ai\/wp-content\/uploads\/2023\/06\/turkish-768x768.png 768w, https:\/\/talkpal.ai\/wp-content\/uploads\/2023\/06\/turkish-300x300.png 300w\" \/>\r\n    \r\n\r\n    <\/figure>\r\n\r\n            <a class=\"getStartedVisible\" href=\"https:\/\/app.talkpal.ai\/sk\/signup?lng=\">Za\u010dni<\/a>\r\n    \r\n<\/section>\r\n\r\n\r\n<!-- <section class=\"grammarSection\">\r\n    <div class=\"grammarLinks\">\r\n            <\/div>\r\n<\/section> -->\r\n\r\n\r\n\r\n\r\n<section class=\"promotionalBanner\">\r\n    <p class=\"promotionalText\">Najefekt\u00edvnej\u0161\u00ed sp\u00f4sob, ako sa nau\u010di\u0165 jazyk<\/p>\r\n    <a class=\"promotionalLink\" href=\"https:\/\/app.talkpal.ai\/sk\/signup?lng=\">Vysk\u00fa\u0161ajte Talkpal zadarmo<\/a>\r\n<\/section>\n<div class=\"wp-block-group pageContainerStyle\"><div class=\"wp-block-group__inner-container is-layout-constrained wp-block-group-is-layout-constrained\">\n<h2 class=\"wp-block-heading\" id=\"h-turkish-grammar-topics\">T\u00e9my tureckej gramatiky<\/h2>\n\n\n\n<p><a href=\"https:\/\/talkpal.ai\/sk\/ucenie\/\">U\u010denie sa<\/a> tureck\u00e9ho jazyka m\u00f4\u017ee by\u0165 obohacuj\u00face, ale n\u00e1ro\u010dn\u00e9 \u00fasilie kv\u00f4li jeho jedine\u010dnej \u0161trukt\u00fare a gramatike. Jedn\u00fdm z hlavn\u00fdch aspektov tureck\u00e9ho jazyka, ktor\u00fd musia <a href=\"https:\/\/talkpal.ai\/talkpal-discount-for-students\/\">\u0161tudenti<\/a> pochopi\u0165, je jeho <a href=\"https:\/\/talkpal.ai\/sq\/gramatika\/\">gramatika<\/a>, ktor\u00e1 zah\u0155\u0148a t\u00e9my ako \u010dasy, sloves\u00e1, podstatn\u00e9 men\u00e1, \u010dl\u00e1nky, pr\u00eddavn\u00e9 men\u00e1, pr\u00edslovky, podmienen\u00e9 podmienky, predlo\u017eky a kon\u0161trukciu viet. Pochopenie t\u00fdchto komponentov je nevyhnutn\u00e9 pre zvl\u00e1dnutie jazyka, preto\u017ee s\u00fa stavebn\u00fdmi kame\u0148mi komunik\u00e1cie v ture\u010dtine.<\/p>\n\n\n\n<h3 class=\"wp-block-heading\" id=\"h-1-nouns\">1. Podstatn\u00e9 men\u00e1:<\/h3>\n\n\n\n<p>Za\u010dnite s u\u010den\u00edm sa tureck\u00fdch podstatn\u00fdch mien, preto\u017ee s\u00fa najz\u00e1kladnej\u0161ou jednotkou jazyka. Pochopenie toho, ako ich pou\u017e\u00edva\u0165 vo vet\u00e1ch, v\u00e1m poskytne dobr\u00fd z\u00e1klad.<\/p>\n\n\n\n<h3 class=\"wp-block-heading\" id=\"h-2-articles\">2. \u010cl\u00e1nky:<\/h3>\n\n\n\n<p>V ture\u010dtine neexistuj\u00fa \u017eiadne ur\u010dit\u00e9 alebo neur\u010dit\u00e9 \u010dl\u00e1nky. To u\u013eah\u010duje za\u010diato\u010dn\u00edkom. Nau\u010di\u0165 sa, ako vyjadri\u0165 ur\u010ditos\u0165 a neur\u010ditos\u0165, je v\u0161ak rozhoduj\u00face.<\/p>\n\n\n\n<h3 class=\"wp-block-heading\" id=\"h-3-pronouns-determiners\">3. Z\u00e1men\u00e1\/determin\u00e1tory:<\/h3>\n\n\n\n<p>Ide o slov\u00e1, ktor\u00e9 nahr\u00e1dzaj\u00fa alebo upravuj\u00fa podstatn\u00e9 men\u00e1. M\u00f4\u017eu uv\u00e1dza\u0165 po\u010det, vlastn\u00edctvo, pohlavie a vzdialenos\u0165. Je ve\u013emi d\u00f4le\u017eit\u00e9 nau\u010di\u0165 sa ich v\u010das, preto\u017ee sa \u010dasto pou\u017e\u00edvaj\u00fa.<\/p>\n\n\n\n<h3 class=\"wp-block-heading\" id=\"h-4-adjectives\">4. Pr\u00eddavn\u00e9 men\u00e1:<\/h3>\n\n\n\n<p>Pr\u00eddavn\u00e9 men\u00e1 opisuj\u00fa alebo upravuj\u00fa podstatn\u00e9 men\u00e1. Tureck\u00e9 pr\u00eddavn\u00e9 men\u00e1 sa nemenia pod\u013ea rodu alebo \u010d\u00edsla, \u010do zjednodu\u0161uje u\u010denie.<\/p>\n\n\n\n<h3 class=\"wp-block-heading\" id=\"h-5-adverbs\">5. Pr\u00edslovky:<\/h3>\n\n\n\n<p>Pr\u00edslovky opisuj\u00fa sloves\u00e1, pr\u00eddavn\u00e9 men\u00e1 alebo in\u00e9 pr\u00edslovky. S\u00fa k\u013e\u00fa\u010dom k vyjadreniu sp\u00f4sobu, miesta, \u010dasu, frekvencie, stup\u0148a a \u010fal\u0161\u00edch, \u010d\u00edm obohacuj\u00fa v\u00e1\u0161 jazyk.<\/p>\n\n\n\n<h3 class=\"wp-block-heading\" id=\"h-6-verbs\">6. Sloves\u00e1:<\/h3>\n\n\n\n<p>Tureck\u00e9 sloves\u00e1 sa sklo\u0148uj\u00fa pre nap\u00e4tie, n\u00e1ladu, aspekt a hlas. U\u010denie slovies je rozhoduj\u00face pri tvorbe viet.<\/p>\n\n\n\n<h3 class=\"wp-block-heading\" id=\"h-7-tenses\">7. Nap\u00e4tie:<\/h3>\n\n\n\n<p>V ture\u010dtine je dev\u00e4\u0165 \u010dasov (minulos\u0165, pr\u00edtomnos\u0165, bud\u00facnos\u0165 a ich vari\u00e1cie). Ich pochopenie je k\u013e\u00fa\u010dom k presn\u00e9mu vyjadreniu \u010dasu.<\/p>\n\n\n\n<h3 class=\"wp-block-heading\" id=\"h-8-tense-comparison\">8. Nap\u00e4t\u00e9 porovnanie:<\/h3>\n\n\n\n<p>To v\u00e1m pom\u00f4\u017ee pochopi\u0165 nuansy medzi r\u00f4znymi \u010dasmi.<\/p>\n\n\n\n<h3 class=\"wp-block-heading\" id=\"h-9-progressive\">9. Progres\u00edvne:<\/h3>\n\n\n\n<p>Progres\u00edvny \u010das ozna\u010duje prebiehaj\u00face akcie. Je to podkateg\u00f3ria \u010dasov, ktor\u00e1 je d\u00f4le\u017eit\u00e1 na presn\u00e9 vyjadrovanie.<\/p>\n\n\n\n<h3 class=\"wp-block-heading\" id=\"h-10-perfect-progressive\">10. Perfektne progres\u00edvne:<\/h3>\n\n\n\n<p>Tento \u010das ozna\u010duje akcie, ktor\u00e9 prebiehali v minulosti a pokra\u010duj\u00fa a\u017e do s\u00fa\u010dasnosti alebo pr\u00e1ve skon\u010dili. Je zlo\u017eitej\u0161\u00ed a mal by ste sa ho nau\u010di\u0165 a\u017e po zvl\u00e1dnut\u00ed progres\u00edvneho \u010dasu.<\/p>\n\n\n\n<h3 class=\"wp-block-heading\" id=\"h-11-conditionals\">11. Podmienky:<\/h3>\n\n\n\n<p>Podmiene\u010dn\u00e9 vety vyjadruj\u00fa hypotetick\u00e9 situ\u00e1cie a z\u00e1visia od ur\u010dit\u00fdch podmienok. Dod\u00e1vaj\u00fa v\u00e1\u0161mu jazyku zlo\u017eitos\u0165.<\/p>\n\n\n\n<h3 class=\"wp-block-heading\" id=\"h-12-prepositions\">12. Predlo\u017eky:<\/h3>\n\n\n\n<p>Predlo\u017eky ukazuj\u00fa vz\u0165ah podstatn\u00e9ho mena alebo z\u00e1mena k in\u00e9mu slovu vo vete. S\u00fa k\u013e\u00fa\u010dom k sp\u00e1janiu slov a my\u0161lienok.<\/p>\n\n\n\n<h3 class=\"wp-block-heading\" id=\"h-13-sentences\">13. Vety:<\/h3>\n\n\n\n<p>Nakoniec, nau\u010di\u0165 sa kon\u0161truova\u0165 cel\u00e9 vety je vyvrcholen\u00edm zvl\u00e1dnutia v\u0161etk\u00fdch predch\u00e1dzaj\u00facich gramatick\u00fdch t\u00e9m.<\/p>\n<\/div><\/div>\n\r\n<section class=\"learnNavigationSection\">\r\n            \r\n        <a href=\"https:\/\/talkpal.ai\/sk\/naucte-sa-turecky\/\">\r\n            <div class=\"learnNavigationWrapper\">\r\n                <div class=\"learnNavigationContent\">\r\n                    <img decoding=\"async\" src=\"https:\/\/talkpal.ai\/wp-content\/uploads\/2024\/08\/Turkish.jpg\" alt=\"Turkish Flag\">\r\n                    <div>\r\n                        <h4>O \u0161t\u00fadiu ture\u010dtiny<\/h4>\r\n                        <p>Zistite v\u0161etko o tureckej gramatike.<\/p>\r\n                    <\/div>\r\n                <\/div>\r\n            <\/div>\r\n        <\/a>\r\n\r\n        \r\n        <a href=\"https:\/\/talkpal.ai\/sk\/turecka-gramatika\/\">\r\n            <div class=\"learnNavigationWrapper\">\r\n                <div class=\"learnNavigationContent\">\r\n                    <img decoding=\"async\" src=\"https:\/\/talkpal.ai\/wp-content\/uploads\/2024\/08\/Turkish.jpg\" alt=\"Turkish Flag\">\r\n                    <div>\r\n                        <h4>Lekcie tureckej gramatiky<\/h4>\r\n                        <p>Precvi\u010dte si tureck\u00fa gramatiku.<\/p>\r\n                    <\/div>\r\n                <\/div>\r\n            <\/div>\r\n        <\/a>\r\n\r\n        \r\n        <a href=\"https:\/\/talkpal.ai\/vocabulary_language\/turkish\/\">\r\n            <div class=\"learnNavigationWrapper\">\r\n                <div class=\"learnNavigationContent\">\r\n                    <img decoding=\"async\" src=\"https:\/\/talkpal.ai\/wp-content\/uploads\/2024\/08\/Turkish.jpg\" alt=\"Turkish Flag\">\r\n                    <div>\r\n                        <h4>Tureck\u00e1 slovn\u00e1 z\u00e1soba<\/h4>\r\n                        <p>Roz\u0161\u00edrte si slovn\u00fa z\u00e1sobu ture\u010dtiny.<\/p>\r\n                    <\/div>\r\n                <\/div>\r\n            <\/div>\r\n        <\/a>\r\n\r\n            <\/section>","protected":false},"excerpt":{"rendered":"<p>T\u00e9my tureckej gramatiky U\u010denie sa tureck\u00e9ho jazyka m\u00f4\u017ee by\u0165 obohacuj\u00face, ale n\u00e1ro\u010dn\u00e9 \u00fasilie kv\u00f4li jeho jedine\u010dnej \u0161trukt\u00fare a gramatike. Jedn\u00fdm z hlavn\u00fdch aspektov tureck\u00e9ho jazyka, ktor\u00fd musia \u0161tudenti pochopi\u0165, je jeho gramatika, ktor\u00e1 zah\u0155\u0148a t\u00e9my ako \u010dasy, sloves\u00e1, podstatn\u00e9 men\u00e1, \u010dl\u00e1nky, pr\u00eddavn\u00e9 men\u00e1, pr\u00edslovky, podmienen\u00e9 podmienky, predlo\u017eky a kon\u0161trukciu viet. Pochopenie t\u00fdchto komponentov je nevyhnutn\u00e9 [&hellip;]<\/p>\n","protected":false},"author":6,"featured_media":120950,"parent":0,"menu_order":0,"comment_status":"closed","ping_status":"closed","template":"LearningContentPage.php","meta":{"_acf_changed":false,"footnotes":""},"class_list":["post-155420","page","type-page","status-publish","has-post-thumbnail","hentry"],"acf":[],"yoast_head":"<!-- This site is optimized with the Yoast SEO Premium plugin v27.2 (Yoast SEO v27.2) - https:\/\/yoast.com\/product\/yoast-seo-premium-wordpress\/ -->\n<title>Tureck\u00e9 gramatick\u00e9 cvi\u010denia - Talkpal<\/title>\n<meta name=\"description\" content=\"Ovl\u00e1dnite tureck\u00fa gramatiku pomocou na\u0161ich komplexn\u00fdch cvi\u010den\u00ed z tureckej gramatiky. Zlep\u0161ite svoje jazykov\u00e9 zru\u010dnosti e\u0161te dnes.\" \/>\n<meta name=\"robots\" content=\"index, follow, max-snippet:-1, max-image-preview:large, max-video-preview:-1\" \/>\n<link rel=\"canonical\" href=\"https:\/\/talkpal.ai\/sk\/turecke-gramaticke-cvicenia\/\" \/>\n<meta property=\"og:locale\" content=\"sk_SK\" \/>\n<meta property=\"og:type\" content=\"article\" \/>\n<meta property=\"og:title\" content=\"Tureck\u00e9 gramatick\u00e9 cvi\u010denia\" \/>\n<meta property=\"og:description\" content=\"T\u00e9my tureckej gramatiky U\u010denie sa tureck\u00e9ho jazyka m\u00f4\u017ee by\u0165 obohacuj\u00face, ale n\u00e1ro\u010dn\u00e9 \u00fasilie kv\u00f4li jeho jedine\u010dnej \u0161trukt\u00fare a gramatike. Jedn\u00fdm z hlavn\u00fdch\" \/>\n<meta property=\"og:url\" content=\"https:\/\/talkpal.ai\/sk\/turecke-gramaticke-cvicenia\/\" \/>\n<meta property=\"og:site_name\" content=\"Talkpal\" \/>\n<meta property=\"article:publisher\" content=\"https:\/\/www.facebook.com\/profile.php?id=100090733639311\" \/>\n<meta property=\"article:modified_time\" content=\"2025-12-17T10:00:46+00:00\" \/>\n<meta property=\"og:image\" content=\"https:\/\/talkpal.ai\/wp-content\/uploads\/2023\/05\/turkish.png\" \/>\n\t<meta property=\"og:image:width\" content=\"512\" \/>\n\t<meta property=\"og:image:height\" content=\"512\" \/>\n\t<meta property=\"og:image:type\" content=\"image\/png\" \/>\n<meta name=\"twitter:card\" content=\"summary_large_image\" \/>\n<meta name=\"twitter:site\" content=\"@talkpalai\" \/>\n<meta name=\"twitter:label1\" content=\"Predpokladan\u00fd \u010das \u010d\u00edtania\" \/>\n\t<meta name=\"twitter:data1\" content=\"2 min\u00faty\" \/>\n<script type=\"application\/ld+json\" class=\"yoast-schema-graph\">{\"@context\":\"https:\/\/schema.org\",\"@graph\":[{\"@type\":\"WebPage\",\"@id\":\"https:\/\/talkpal.ai\/sk\/turecke-gramaticke-cvicenia\/\",\"url\":\"https:\/\/talkpal.ai\/sk\/turecke-gramaticke-cvicenia\/\",\"name\":\"Tureck\u00e9 gramatick\u00e9 cvi\u010denia - Talkpal\",\"isPartOf\":{\"@id\":\"https:\/\/talkpal.ai\/sk\/#website\"},\"primaryImageOfPage\":{\"@id\":\"https:\/\/talkpal.ai\/sk\/turecke-gramaticke-cvicenia\/#primaryimage\"},\"image\":{\"@id\":\"https:\/\/talkpal.ai\/sk\/turecke-gramaticke-cvicenia\/#primaryimage\"},\"thumbnailUrl\":\"https:\/\/talkpal.ai\/wp-content\/uploads\/2023\/05\/turkish.png\",\"datePublished\":\"2023-07-05T10:34:01+00:00\",\"dateModified\":\"2025-12-17T10:00:46+00:00\",\"description\":\"Ovl\u00e1dnite tureck\u00fa gramatiku pomocou na\u0161ich komplexn\u00fdch cvi\u010den\u00ed z tureckej gramatiky. Zlep\u0161ite svoje jazykov\u00e9 zru\u010dnosti e\u0161te dnes.\",\"breadcrumb\":{\"@id\":\"https:\/\/talkpal.ai\/sk\/turecke-gramaticke-cvicenia\/#breadcrumb\"},\"inLanguage\":\"sk-SK\",\"potentialAction\":[{\"@type\":\"ReadAction\",\"target\":[\"https:\/\/talkpal.ai\/sk\/turecke-gramaticke-cvicenia\/\"]}]},{\"@type\":\"ImageObject\",\"inLanguage\":\"sk-SK\",\"@id\":\"https:\/\/talkpal.ai\/sk\/turecke-gramaticke-cvicenia\/#primaryimage\",\"url\":\"https:\/\/talkpal.ai\/wp-content\/uploads\/2023\/05\/turkish.png\",\"contentUrl\":\"https:\/\/talkpal.ai\/wp-content\/uploads\/2023\/05\/turkish.png\",\"width\":512,\"height\":512},{\"@type\":\"BreadcrumbList\",\"@id\":\"https:\/\/talkpal.ai\/sk\/turecke-gramaticke-cvicenia\/#breadcrumb\",\"itemListElement\":[{\"@type\":\"ListItem\",\"position\":1,\"name\":\"Homepage\",\"item\":\"https:\/\/talkpal.ai\/sk\/\"},{\"@type\":\"ListItem\",\"position\":2,\"name\":\"Tureck\u00e9 gramatick\u00e9 cvi\u010denia\"}]},{\"@type\":\"WebSite\",\"@id\":\"https:\/\/talkpal.ai\/sk\/#website\",\"url\":\"https:\/\/talkpal.ai\/sk\/\",\"name\":\"Talkpal\",\"description\":\"AI Language Learning\",\"publisher\":{\"@id\":\"https:\/\/talkpal.ai\/sk\/#organization\"},\"alternateName\":\"Talkpal AI\",\"potentialAction\":[{\"@type\":\"SearchAction\",\"target\":{\"@type\":\"EntryPoint\",\"urlTemplate\":\"https:\/\/talkpal.ai\/sk\/?s={search_term_string}\"},\"query-input\":{\"@type\":\"PropertyValueSpecification\",\"valueRequired\":true,\"valueName\":\"search_term_string\"}}],\"inLanguage\":\"sk-SK\"},{\"@type\":\"Organization\",\"@id\":\"https:\/\/talkpal.ai\/sk\/#organization\",\"name\":\"Talkpal, Inc.\",\"alternateName\":\"Talkpal AI\",\"url\":\"https:\/\/talkpal.ai\/sk\/\",\"logo\":{\"@type\":\"ImageObject\",\"inLanguage\":\"sk-SK\",\"@id\":\"https:\/\/talkpal.ai\/sk\/#\/schema\/logo\/image\/\",\"url\":\"https:\/\/talkpal.ai\/wp-content\/uploads\/2024\/03\/Talkpal-Logo-Icon.png\",\"contentUrl\":\"https:\/\/talkpal.ai\/wp-content\/uploads\/2024\/03\/Talkpal-Logo-Icon.png\",\"width\":2880,\"height\":2880,\"caption\":\"Talkpal, Inc.\"},\"image\":{\"@id\":\"https:\/\/talkpal.ai\/sk\/#\/schema\/logo\/image\/\"},\"sameAs\":[\"https:\/\/www.facebook.com\/profile.php?id=100090733639311\",\"https:\/\/x.com\/talkpalai\",\"https:\/\/www.linkedin.com\/company\/talkpal\/\",\"https:\/\/www.youtube.com\/@TalkPal\/\",\"https:\/\/www.tiktok.com\/@talkpal\",\"https:\/\/www.instagram.com\/talkpal_ai\/\",\"https:\/\/www.crunchbase.com\/organization\/talkpal-9cde\",\"https:\/\/www.g2.com\/products\/talkpal-for-business\/\",\"https:\/\/www.trustpilot.com\/review\/talkpal.ai\",\"https:\/\/www.capterra.com\/p\/10006800\/TalkPal\/\"],\"description\":\"Talkpal is a language learning web and mobile education app, powered by the latest AI technologies, that provides engaging experiences to its customers in many different languages to help them improve their language skills. Users can chat about unlimited amount of topics with the app and use other modes to practice their language learning.\",\"email\":\"support@talkpal.ai\",\"legalName\":\"Talkpal, Inc.\",\"foundingDate\":\"2023-04-03\",\"duns\":\"118989042\",\"numberOfEmployees\":{\"@type\":\"QuantitativeValue\",\"minValue\":\"11\",\"maxValue\":\"50\"},\"publishingPrinciples\":\"https:\/\/talkpal.ai\/publishing-principles\/\",\"actionableFeedbackPolicy\":\"https:\/\/talkpal.ai\/actionable-feedback-policy\/\",\"correctionsPolicy\":\"https:\/\/talkpal.ai\/corrections-policy\/\",\"ethicsPolicy\":\"https:\/\/talkpal.ai\/ethics-policy\/\",\"diversityPolicy\":\"https:\/\/talkpal.ai\/diversity-policy\/\",\"diversityStaffingReport\":\"https:\/\/talkpal.ai\/diversity-policy\/\"}]}<\/script>\n<!-- \/ Yoast SEO Premium plugin. -->","yoast_head_json":{"title":"Tureck\u00e9 gramatick\u00e9 cvi\u010denia - Talkpal","description":"Ovl\u00e1dnite tureck\u00fa gramatiku pomocou na\u0161ich komplexn\u00fdch cvi\u010den\u00ed z tureckej gramatiky. Zlep\u0161ite svoje jazykov\u00e9 zru\u010dnosti e\u0161te dnes.","robots":{"index":"index","follow":"follow","max-snippet":"max-snippet:-1","max-image-preview":"max-image-preview:large","max-video-preview":"max-video-preview:-1"},"canonical":"https:\/\/talkpal.ai\/sk\/turecke-gramaticke-cvicenia\/","og_locale":"sk_SK","og_type":"article","og_title":"Tureck\u00e9 gramatick\u00e9 cvi\u010denia","og_description":"T\u00e9my tureckej gramatiky U\u010denie sa tureck\u00e9ho jazyka m\u00f4\u017ee by\u0165 obohacuj\u00face, ale n\u00e1ro\u010dn\u00e9 \u00fasilie kv\u00f4li jeho jedine\u010dnej \u0161trukt\u00fare a gramatike. Jedn\u00fdm z hlavn\u00fdch","og_url":"https:\/\/talkpal.ai\/sk\/turecke-gramaticke-cvicenia\/","og_site_name":"Talkpal","article_publisher":"https:\/\/www.facebook.com\/profile.php?id=100090733639311","article_modified_time":"2025-12-17T10:00:46+00:00","og_image":[{"width":512,"height":512,"url":"https:\/\/talkpal.ai\/wp-content\/uploads\/2023\/05\/turkish.png","type":"image\/png"}],"twitter_card":"summary_large_image","twitter_site":"@talkpalai","twitter_misc":{"Predpokladan\u00fd \u010das \u010d\u00edtania":"2 min\u00faty"},"schema":{"@context":"https:\/\/schema.org","@graph":[{"@type":"WebPage","@id":"https:\/\/talkpal.ai\/sk\/turecke-gramaticke-cvicenia\/","url":"https:\/\/talkpal.ai\/sk\/turecke-gramaticke-cvicenia\/","name":"Tureck\u00e9 gramatick\u00e9 cvi\u010denia - Talkpal","isPartOf":{"@id":"https:\/\/talkpal.ai\/sk\/#website"},"primaryImageOfPage":{"@id":"https:\/\/talkpal.ai\/sk\/turecke-gramaticke-cvicenia\/#primaryimage"},"image":{"@id":"https:\/\/talkpal.ai\/sk\/turecke-gramaticke-cvicenia\/#primaryimage"},"thumbnailUrl":"https:\/\/talkpal.ai\/wp-content\/uploads\/2023\/05\/turkish.png","datePublished":"2023-07-05T10:34:01+00:00","dateModified":"2025-12-17T10:00:46+00:00","description":"Ovl\u00e1dnite tureck\u00fa gramatiku pomocou na\u0161ich komplexn\u00fdch cvi\u010den\u00ed z tureckej gramatiky. Zlep\u0161ite svoje jazykov\u00e9 zru\u010dnosti e\u0161te dnes.","breadcrumb":{"@id":"https:\/\/talkpal.ai\/sk\/turecke-gramaticke-cvicenia\/#breadcrumb"},"inLanguage":"sk-SK","potentialAction":[{"@type":"ReadAction","target":["https:\/\/talkpal.ai\/sk\/turecke-gramaticke-cvicenia\/"]}]},{"@type":"ImageObject","inLanguage":"sk-SK","@id":"https:\/\/talkpal.ai\/sk\/turecke-gramaticke-cvicenia\/#primaryimage","url":"https:\/\/talkpal.ai\/wp-content\/uploads\/2023\/05\/turkish.png","contentUrl":"https:\/\/talkpal.ai\/wp-content\/uploads\/2023\/05\/turkish.png","width":512,"height":512},{"@type":"BreadcrumbList","@id":"https:\/\/talkpal.ai\/sk\/turecke-gramaticke-cvicenia\/#breadcrumb","itemListElement":[{"@type":"ListItem","position":1,"name":"Homepage","item":"https:\/\/talkpal.ai\/sk\/"},{"@type":"ListItem","position":2,"name":"Tureck\u00e9 gramatick\u00e9 cvi\u010denia"}]},{"@type":"WebSite","@id":"https:\/\/talkpal.ai\/sk\/#website","url":"https:\/\/talkpal.ai\/sk\/","name":"Talkpal","description":"AI Language Learning","publisher":{"@id":"https:\/\/talkpal.ai\/sk\/#organization"},"alternateName":"Talkpal AI","potentialAction":[{"@type":"SearchAction","target":{"@type":"EntryPoint","urlTemplate":"https:\/\/talkpal.ai\/sk\/?s={search_term_string}"},"query-input":{"@type":"PropertyValueSpecification","valueRequired":true,"valueName":"search_term_string"}}],"inLanguage":"sk-SK"},{"@type":"Organization","@id":"https:\/\/talkpal.ai\/sk\/#organization","name":"Talkpal, Inc.","alternateName":"Talkpal AI","url":"https:\/\/talkpal.ai\/sk\/","logo":{"@type":"ImageObject","inLanguage":"sk-SK","@id":"https:\/\/talkpal.ai\/sk\/#\/schema\/logo\/image\/","url":"https:\/\/talkpal.ai\/wp-content\/uploads\/2024\/03\/Talkpal-Logo-Icon.png","contentUrl":"https:\/\/talkpal.ai\/wp-content\/uploads\/2024\/03\/Talkpal-Logo-Icon.png","width":2880,"height":2880,"caption":"Talkpal, Inc."},"image":{"@id":"https:\/\/talkpal.ai\/sk\/#\/schema\/logo\/image\/"},"sameAs":["https:\/\/www.facebook.com\/profile.php?id=100090733639311","https:\/\/x.com\/talkpalai","https:\/\/www.linkedin.com\/company\/talkpal\/","https:\/\/www.youtube.com\/@TalkPal\/","https:\/\/www.tiktok.com\/@talkpal","https:\/\/www.instagram.com\/talkpal_ai\/","https:\/\/www.crunchbase.com\/organization\/talkpal-9cde","https:\/\/www.g2.com\/products\/talkpal-for-business\/","https:\/\/www.trustpilot.com\/review\/talkpal.ai","https:\/\/www.capterra.com\/p\/10006800\/TalkPal\/"],"description":"Talkpal is a language learning web and mobile education app, powered by the latest AI technologies, that provides engaging experiences to its customers in many different languages to help them improve their language skills. Users can chat about unlimited amount of topics with the app and use other modes to practice their language learning.","email":"support@talkpal.ai","legalName":"Talkpal, Inc.","foundingDate":"2023-04-03","duns":"118989042","numberOfEmployees":{"@type":"QuantitativeValue","minValue":"11","maxValue":"50"},"publishingPrinciples":"https:\/\/talkpal.ai\/publishing-principles\/","actionableFeedbackPolicy":"https:\/\/talkpal.ai\/actionable-feedback-policy\/","correctionsPolicy":"https:\/\/talkpal.ai\/corrections-policy\/","ethicsPolicy":"https:\/\/talkpal.ai\/ethics-policy\/","diversityPolicy":"https:\/\/talkpal.ai\/diversity-policy\/","diversityStaffingReport":"https:\/\/talkpal.ai\/diversity-policy\/"}]}},"_links":{"self":[{"href":"https:\/\/talkpal.ai\/sk\/wp-json\/wp\/v2\/pages\/155420","targetHints":{"allow":["GET"]}}],"collection":[{"href":"https:\/\/talkpal.ai\/sk\/wp-json\/wp\/v2\/pages"}],"about":[{"href":"https:\/\/talkpal.ai\/sk\/wp-json\/wp\/v2\/types\/page"}],"author":[{"embeddable":true,"href":"https:\/\/talkpal.ai\/sk\/wp-json\/wp\/v2\/users\/6"}],"replies":[{"embeddable":true,"href":"https:\/\/talkpal.ai\/sk\/wp-json\/wp\/v2\/comments?post=155420"}],"version-history":[{"count":0,"href":"https:\/\/talkpal.ai\/sk\/wp-json\/wp\/v2\/pages\/155420\/revisions"}],"wp:featuredmedia":[{"embeddable":true,"href":"https:\/\/talkpal.ai\/sk\/wp-json\/wp\/v2\/media\/120950"}],"wp:attachment":[{"href":"https:\/\/talkpal.ai\/sk\/wp-json\/wp\/v2\/media?parent=155420"}],"curies":[{"name":"wp","href":"https:\/\/api.w.org\/{rel}","templated":true}]}}