{"id":155127,"date":"2023-07-05T10:41:01","date_gmt":"2023-07-05T10:41:01","guid":{"rendered":"http:\/\/talkpal.ai\/urdske-gramaticke-cvicenia\/"},"modified":"2025-12-17T14:58:19","modified_gmt":"2025-12-17T14:58:19","slug":"urdske-gramaticke-cvicenia","status":"publish","type":"page","link":"https:\/\/talkpal.ai\/sk\/urdske-gramaticke-cvicenia\/","title":{"rendered":"Urdsk\u00e9 gramatick\u00e9 cvi\u010denia"},"content":{"rendered":"\r\n\r\n\r\n<section class=\"languageChallengeSection\">\r\n    <div class=\"languageInfoWrapper\">\r\n        \r\n        <h1>Urdsk\u00e9 gramatick\u00e9 cvi\u010denia<\/h1>\r\n        <p>Chcete sa c\u00edti\u0165 istej\u0161ie pri pou\u017e\u00edvan\u00ed urd\u010diny? Precvi\u010dovanie gramatick\u00fdch cvi\u010den\u00ed je skvel\u00fd sp\u00f4sob, ako si osvoji\u0165 \u0161trukt\u00faru viet, slovesn\u00e9 tvary a jedine\u010dn\u00e9 vlastnosti urd\u010diny. Za\u010dnite pracova\u0165 na svojej urdskej gramatike e\u0161te dnes a sledujte, ako sa va\u0161e porozumenie a plynulos\u0165 zlep\u0161uj\u00fa s ka\u017ed\u00fdm cvi\u010den\u00edm!<\/p>\r\n\r\n                            <a class=\"getStartedHidden\" href=\"https:\/\/app.talkpal.ai\/sk\/signup?lng=\">Za\u010dni<\/a>\r\n        \r\n    <\/div>\r\n\r\n    <figure>\r\n    <img decoding=\"async\" width=\"768\" height=\"768\" src=\"https:\/\/talkpal.ai\/wp-content\/uploads\/2023\/06\/urdu-768x768.png\" class=\"languageImage no-lazy\" alt=\"Language learning for global understanding\" fetchpriority=\"high\" sizes=\"(max-width: 768px) 150px, 768px\" srcset=\"https:\/\/talkpal.ai\/wp-content\/uploads\/2023\/06\/urdu-768x768.png 768w, https:\/\/talkpal.ai\/wp-content\/uploads\/2023\/06\/urdu-300x300.png 300w\" \/>\r\n    \r\n\r\n    <\/figure>\r\n\r\n            <a class=\"getStartedVisible\" href=\"https:\/\/app.talkpal.ai\/sk\/signup?lng=\">Za\u010dni<\/a>\r\n    \r\n<\/section>\r\n\r\n\r\n<!-- <section class=\"grammarSection\">\r\n    <div class=\"grammarLinks\">\r\n            <\/div>\r\n<\/section> -->\r\n\r\n\r\n\r\n\r\n<section class=\"promotionalBanner\">\r\n    <p class=\"promotionalText\">Najefekt\u00edvnej\u0161\u00ed sp\u00f4sob, ako sa nau\u010di\u0165 jazyk<\/p>\r\n    <a class=\"promotionalLink\" href=\"https:\/\/app.talkpal.ai\/sk\/signup?lng=\">Vysk\u00fa\u0161ajte Talkpal zadarmo<\/a>\r\n<\/section>\n<div class=\"wp-block-group pageContainerStyle\"><div class=\"wp-block-group__inner-container is-layout-constrained wp-block-group-is-layout-constrained\">\n<h2 class=\"wp-block-heading\" id=\"h-urdu-grammar-topics\">T\u00e9my o urdskej gramatike<\/h2>\n\n\n\n<p><a href=\"https:\/\/talkpal.ai\/sk\/ucenie\/\">U\u010denie sa<\/a> urd\u010diny, jazyka obohaten\u00e9ho o r\u00f4zne v\u00fdrazy, hlbok\u00e9 v\u00fdznamy a zlo\u017eit\u00fa gramatick\u00fa \u0161trukt\u00faru, by mohlo by\u0165 fascinuj\u00facou cestou. Zvl\u00e1dnutie gramatiky si v\u0161ak vy\u017eaduje systematick\u00fd pr\u00edstup. Ni\u017e\u0161ie je navrhovan\u00e1 sekvencia a stru\u010dn\u00fd popis urdsk\u00fdch gramatick\u00fdch t\u00e9m, ktor\u00e9 v\u00e1m pom\u00f4\u017eu pri \u013eahkom a efekt\u00edvnom u\u010den\u00ed sa jazyka.<\/p>\n\n\n\n<h3 class=\"wp-block-heading\" id=\"h-1-nouns\">1. Podstatn\u00e9 men\u00e1:<\/h3>\n\n\n\n<p>Za\u010dnite s identifik\u00e1ciou podstatn\u00fdch mien alebo &#8222;ism&#8220; v urd\u010dine a pochopte, ako tvoria z\u00e1klad viet. Nau\u010dte sa identifikova\u0165 be\u017en\u00e9, spr\u00e1vne, spo\u010d\u00edtate\u013en\u00e9 a nespo\u010d\u00edtate\u013en\u00e9 podstatn\u00e9 men\u00e1.<\/p>\n\n\n\n<h3 class=\"wp-block-heading\" id=\"h-2-pronouns-determiners\">2. Z\u00e1men\u00e1\/determin\u00e1tory:<\/h3>\n\n\n\n<p>Presu\u0148te sa k z\u00e1men\u00e1m alebo &#8222;zaameer&#8220; a ur\u010dovac\u00edm men\u00e1m alebo &#8222;muarref&#8220;. Nahr\u00e1dzaj\u00fa podstatn\u00e9 men\u00e1 vo vete a ozna\u010duj\u00fa vlastn\u00edctvo, mno\u017estvo alebo identitu.<\/p>\n\n\n\n<h3 class=\"wp-block-heading\" id=\"h-3-articles\">3. \u010cl\u00e1nky:<\/h3>\n\n\n\n<p>V urd\u010dine nie je koncept \u010dl\u00e1nkov tak\u00fd v\u00fdrazn\u00fd ako v angli\u010dtine. Napriek tomu je d\u00f4le\u017eit\u00e9 pochopi\u0165 ich jemn\u00fa existenciu vo forme ur\u010dit\u00fdch postpoz\u00edci\u00ed.<\/p>\n\n\n\n<h3 class=\"wp-block-heading\" id=\"h-4-adjectives\">4. Pr\u00eddavn\u00e9 men\u00e1:<\/h3>\n\n\n\n<p>Pr\u00eddavn\u00e9 men\u00e1 opisuj\u00fa alebo modifikuj\u00fa podstatn\u00e9 men\u00e1. Nau\u010dte sa ich umiestnenie vo vet\u00e1ch a ich s\u00fahlas s podstatn\u00fdmi menami, ktor\u00e9 upravuj\u00fa.<\/p>\n\n\n\n<h3 class=\"wp-block-heading\" id=\"h-5-verbs\">5. Sloves\u00e1:<\/h3>\n\n\n\n<p>Sloves\u00e1 alebo &#8222;fail&#8220; s\u00fa z\u00e1kladom \u0161trukt\u00fary vety. Nau\u010dte sa r\u00f4zne typy slovies a ich \u010dasovacie pravidl\u00e1.<\/p>\n\n\n\n<h3 class=\"wp-block-heading\" id=\"h-6-adverbs\">6. Pr\u00edslovky:<\/h3>\n\n\n\n<p>Pr\u00edslovky alebo &#8222;h\u0101l&#8220; modifikuj\u00fa sloves\u00e1, pr\u00eddavn\u00e9 men\u00e1 alebo in\u00e9 pr\u00edslovky. Pochopte ich umiestnenie a r\u00f4zne typy.<\/p>\n\n\n\n<h3 class=\"wp-block-heading\" id=\"h-7-prepositions\">7. Predlo\u017eky:<\/h3>\n\n\n\n<p>Predlo\u017eky alebo &#8222;harf-e-jarr&#8220; sp\u00e1jaj\u00fa podstatn\u00e9 men\u00e1 alebo z\u00e1men\u00e1 s in\u00fdmi slovami vo vete. Vyjadruj\u00fa r\u00f4zne vz\u0165ahy, ako je smer, miesto, \u010das, pr\u00ed\u010dina, sp\u00f4sob a mno\u017estvo.<\/p>\n\n\n\n<h3 class=\"wp-block-heading\" id=\"h-8-tenses\">8. Nap\u00e4tie:<\/h3>\n\n\n\n<p>\u010casy alebo &#8222;zam\u0101n&#8220; ozna\u010duj\u00fa, kedy sa <a href=\"https:\/\/talkpal.ai\/locations\/language-courses-in-dej\/\">dej<\/a> uskuto\u010d\u0148uje. V urd\u010dine s\u00fa tri z\u00e1kladn\u00e9 \u010dasy: minulos\u0165, pr\u00edtomnos\u0165 a bud\u00facnos\u0165, z ktor\u00fdch ka\u017ed\u00fd m\u00e1 svoje vlastn\u00e9 podtypy.<\/p>\n\n\n\n<h3 class=\"wp-block-heading\" id=\"h-9-tense-comparison\">9. Nap\u00e4t\u00e9 porovnanie:<\/h3>\n\n\n\n<p>Nau\u010dte sa porovn\u00e1va\u0165 \u010dasy, aby ste pochopili jemn\u00e9 rozdiely vo v\u00fdzname medzi podobn\u00fdmi vetn\u00fdmi \u0161trukt\u00farami v r\u00f4znych \u010dasoch.<\/p>\n\n\n\n<h3 class=\"wp-block-heading\" id=\"h-10-progressive\">10. Progres\u00edvne:<\/h3>\n\n\n\n<p>Progres\u00edvny \u010das ozna\u010duje prebiehaj\u00face akcie. Tento koncept je vyjadren\u00fd v urd\u010dine pomocou pomocn\u00fdch slovies.<\/p>\n\n\n\n<h3 class=\"wp-block-heading\" id=\"h-11-perfect-progressive\">11. Perfektne progres\u00edvne:<\/h3>\n\n\n\n<p>Perfektn\u00fd progres\u00edvny \u010das vyjadruje akciu, ktor\u00e1 za\u010dala v minulosti, pokra\u010dovala nejak\u00fd \u010das a m\u00f4\u017ee sa st\u00e1le dia\u0165. V urd\u010dine je to vyjadren\u00e9 kombin\u00e1ciou pomocn\u00fdch slovies.<\/p>\n\n\n\n<h3 class=\"wp-block-heading\" id=\"h-12-conditionals\">12. Podmienky:<\/h3>\n\n\n\n<p>Kondicion\u00e1l alebo &#8222;shartia&#8220; vyjadruje hypotetick\u00e9 situ\u00e1cie a ich mo\u017en\u00e9 v\u00fdsledky. Tieto zlo\u017eit\u00e9 vety vy\u017eaduj\u00fa dobr\u00e9 pochopenie slovies a \u010dasov.<\/p>\n\n\n\n<h3 class=\"wp-block-heading\" id=\"h-13-sentences\">13. Vety:<\/h3>\n\n\n\n<p>Nakoniec pou\u017eite v\u0161etky tieto pojmy na vytvorenie viet alebo &#8222;jumley&#8220;. Pochopte r\u00f4zne typy viet a ich \u0161trukt\u00faru v urd\u010dine.<\/p>\n<\/div><\/div>\n\r\n<section class=\"learnNavigationSection\">\r\n            \r\n        <a href=\"https:\/\/talkpal.ai\/sk\/naucte-sa-urdcinu\/\">\r\n            <div class=\"learnNavigationWrapper\">\r\n                <div class=\"learnNavigationContent\">\r\n                    <img decoding=\"async\" src=\"https:\/\/talkpal.ai\/wp-content\/uploads\/2024\/08\/Urdu.jpg\" alt=\"Pakistani Flag\">\r\n                    <div>\r\n                        <h4>O u\u010den\u00ed urd\u010diny<\/h4>\r\n                        <p>Zistite v\u0161etko o urdskej gramatike.<\/p>\r\n                    <\/div>\r\n                <\/div>\r\n            <\/div>\r\n        <\/a>\r\n\r\n        \r\n        <a href=\"https:\/\/talkpal.ai\/sk\/urdska-gramatika\/\">\r\n            <div class=\"learnNavigationWrapper\">\r\n                <div class=\"learnNavigationContent\">\r\n                    <img decoding=\"async\" src=\"https:\/\/talkpal.ai\/wp-content\/uploads\/2024\/08\/Urdu.jpg\" alt=\"Pakistani Flag\">\r\n                    <div>\r\n                        <h4>Lekcie gramatiky v urd\u010dine<\/h4>\r\n                        <p>Precvi\u010dte si urdsk\u00fa gramatiku.<\/p>\r\n                    <\/div>\r\n                <\/div>\r\n            <\/div>\r\n        <\/a>\r\n\r\n        \r\n        <a href=\"https:\/\/talkpal.ai\/vocabulary_language\/urdu\/\">\r\n            <div class=\"learnNavigationWrapper\">\r\n                <div class=\"learnNavigationContent\">\r\n                    <img decoding=\"async\" src=\"https:\/\/talkpal.ai\/wp-content\/uploads\/2024\/08\/Urdu.jpg\" alt=\"Pakistani Flag\">\r\n                    <div>\r\n                        <h4>Slovn\u00e1 z\u00e1soba urd\u010diny<\/h4>\r\n                        <p>Roz\u0161\u00edrte si slovn\u00fa z\u00e1sobu urd\u010diny.<\/p>\r\n                    <\/div>\r\n                <\/div>\r\n            <\/div>\r\n        <\/a>\r\n\r\n            <\/section>","protected":false},"excerpt":{"rendered":"<p>T\u00e9my o urdskej gramatike U\u010denie sa urd\u010diny, jazyka obohaten\u00e9ho o r\u00f4zne v\u00fdrazy, hlbok\u00e9 v\u00fdznamy a zlo\u017eit\u00fa gramatick\u00fa \u0161trukt\u00faru, by mohlo by\u0165 fascinuj\u00facou cestou. Zvl\u00e1dnutie gramatiky si v\u0161ak vy\u017eaduje systematick\u00fd pr\u00edstup. Ni\u017e\u0161ie je navrhovan\u00e1 sekvencia a stru\u010dn\u00fd popis urdsk\u00fdch gramatick\u00fdch t\u00e9m, ktor\u00e9 v\u00e1m pom\u00f4\u017eu pri \u013eahkom a efekt\u00edvnom u\u010den\u00ed sa jazyka. 1. Podstatn\u00e9 men\u00e1: Za\u010dnite s [&hellip;]<\/p>\n","protected":false},"author":6,"featured_media":121198,"parent":0,"menu_order":0,"comment_status":"closed","ping_status":"closed","template":"LearningContentPage.php","meta":{"_acf_changed":false,"footnotes":""},"class_list":["post-155127","page","type-page","status-publish","has-post-thumbnail","hentry"],"acf":[],"yoast_head":"<!-- This site is optimized with the Yoast SEO Premium plugin v27.2 (Yoast SEO v27.2) - https:\/\/yoast.com\/product\/yoast-seo-premium-wordpress\/ -->\n<title>Urdsk\u00e9 gramatick\u00e9 cvi\u010denia - Talkpal<\/title>\n<meta name=\"description\" content=\"Zdokona\u013ete sa v urd\u010dine pomocou na\u0161ich komplexn\u00fdch cvi\u010den\u00ed na zlep\u0161enie porozumenia podstatn\u00fdch mien, z\u00e1men a \u010fal\u0161\u00edch.\" \/>\n<meta name=\"robots\" content=\"index, follow, max-snippet:-1, max-image-preview:large, max-video-preview:-1\" \/>\n<link rel=\"canonical\" href=\"https:\/\/talkpal.ai\/sk\/urdske-gramaticke-cvicenia\/\" \/>\n<meta property=\"og:locale\" content=\"sk_SK\" \/>\n<meta property=\"og:type\" content=\"article\" \/>\n<meta property=\"og:title\" content=\"Urdsk\u00e9 gramatick\u00e9 cvi\u010denia\" \/>\n<meta property=\"og:description\" content=\"T\u00e9my o urdskej gramatike U\u010denie sa urd\u010diny, jazyka obohaten\u00e9ho o r\u00f4zne v\u00fdrazy, hlbok\u00e9 v\u00fdznamy a zlo\u017eit\u00fa gramatick\u00fa \u0161trukt\u00faru, by mohlo by\u0165 fascinuj\u00facou\" \/>\n<meta property=\"og:url\" content=\"https:\/\/talkpal.ai\/sk\/urdske-gramaticke-cvicenia\/\" \/>\n<meta property=\"og:site_name\" content=\"Talkpal\" \/>\n<meta property=\"article:publisher\" content=\"https:\/\/www.facebook.com\/profile.php?id=100090733639311\" \/>\n<meta property=\"article:modified_time\" content=\"2025-12-17T14:58:19+00:00\" \/>\n<meta property=\"og:image\" content=\"https:\/\/talkpal.ai\/wp-content\/uploads\/2023\/05\/Urdu-pakistan.png\" \/>\n\t<meta property=\"og:image:width\" content=\"512\" \/>\n\t<meta property=\"og:image:height\" content=\"512\" \/>\n\t<meta property=\"og:image:type\" content=\"image\/png\" \/>\n<meta name=\"twitter:card\" content=\"summary_large_image\" \/>\n<meta name=\"twitter:site\" content=\"@talkpalai\" \/>\n<meta name=\"twitter:label1\" content=\"Predpokladan\u00fd \u010das \u010d\u00edtania\" \/>\n\t<meta name=\"twitter:data1\" content=\"2 min\u00faty\" \/>\n<script type=\"application\/ld+json\" class=\"yoast-schema-graph\">{\"@context\":\"https:\/\/schema.org\",\"@graph\":[{\"@type\":\"WebPage\",\"@id\":\"https:\/\/talkpal.ai\/sk\/urdske-gramaticke-cvicenia\/\",\"url\":\"https:\/\/talkpal.ai\/sk\/urdske-gramaticke-cvicenia\/\",\"name\":\"Urdsk\u00e9 gramatick\u00e9 cvi\u010denia - Talkpal\",\"isPartOf\":{\"@id\":\"https:\/\/talkpal.ai\/sk\/#website\"},\"primaryImageOfPage\":{\"@id\":\"https:\/\/talkpal.ai\/sk\/urdske-gramaticke-cvicenia\/#primaryimage\"},\"image\":{\"@id\":\"https:\/\/talkpal.ai\/sk\/urdske-gramaticke-cvicenia\/#primaryimage\"},\"thumbnailUrl\":\"https:\/\/talkpal.ai\/wp-content\/uploads\/2023\/05\/Urdu-pakistan.png\",\"datePublished\":\"2023-07-05T10:41:01+00:00\",\"dateModified\":\"2025-12-17T14:58:19+00:00\",\"description\":\"Zdokona\u013ete sa v urd\u010dine pomocou na\u0161ich komplexn\u00fdch cvi\u010den\u00ed na zlep\u0161enie porozumenia podstatn\u00fdch mien, z\u00e1men a \u010fal\u0161\u00edch.\",\"breadcrumb\":{\"@id\":\"https:\/\/talkpal.ai\/sk\/urdske-gramaticke-cvicenia\/#breadcrumb\"},\"inLanguage\":\"sk-SK\",\"potentialAction\":[{\"@type\":\"ReadAction\",\"target\":[\"https:\/\/talkpal.ai\/sk\/urdske-gramaticke-cvicenia\/\"]}]},{\"@type\":\"ImageObject\",\"inLanguage\":\"sk-SK\",\"@id\":\"https:\/\/talkpal.ai\/sk\/urdske-gramaticke-cvicenia\/#primaryimage\",\"url\":\"https:\/\/talkpal.ai\/wp-content\/uploads\/2023\/05\/Urdu-pakistan.png\",\"contentUrl\":\"https:\/\/talkpal.ai\/wp-content\/uploads\/2023\/05\/Urdu-pakistan.png\",\"width\":512,\"height\":512},{\"@type\":\"BreadcrumbList\",\"@id\":\"https:\/\/talkpal.ai\/sk\/urdske-gramaticke-cvicenia\/#breadcrumb\",\"itemListElement\":[{\"@type\":\"ListItem\",\"position\":1,\"name\":\"Homepage\",\"item\":\"https:\/\/talkpal.ai\/sk\/\"},{\"@type\":\"ListItem\",\"position\":2,\"name\":\"Urdsk\u00e9 gramatick\u00e9 cvi\u010denia\"}]},{\"@type\":\"WebSite\",\"@id\":\"https:\/\/talkpal.ai\/sk\/#website\",\"url\":\"https:\/\/talkpal.ai\/sk\/\",\"name\":\"Talkpal\",\"description\":\"AI Language Learning\",\"publisher\":{\"@id\":\"https:\/\/talkpal.ai\/sk\/#organization\"},\"alternateName\":\"Talkpal AI\",\"potentialAction\":[{\"@type\":\"SearchAction\",\"target\":{\"@type\":\"EntryPoint\",\"urlTemplate\":\"https:\/\/talkpal.ai\/sk\/?s={search_term_string}\"},\"query-input\":{\"@type\":\"PropertyValueSpecification\",\"valueRequired\":true,\"valueName\":\"search_term_string\"}}],\"inLanguage\":\"sk-SK\"},{\"@type\":\"Organization\",\"@id\":\"https:\/\/talkpal.ai\/sk\/#organization\",\"name\":\"Talkpal, Inc.\",\"alternateName\":\"Talkpal AI\",\"url\":\"https:\/\/talkpal.ai\/sk\/\",\"logo\":{\"@type\":\"ImageObject\",\"inLanguage\":\"sk-SK\",\"@id\":\"https:\/\/talkpal.ai\/sk\/#\/schema\/logo\/image\/\",\"url\":\"https:\/\/talkpal.ai\/wp-content\/uploads\/2024\/03\/Talkpal-Logo-Icon.png\",\"contentUrl\":\"https:\/\/talkpal.ai\/wp-content\/uploads\/2024\/03\/Talkpal-Logo-Icon.png\",\"width\":2880,\"height\":2880,\"caption\":\"Talkpal, Inc.\"},\"image\":{\"@id\":\"https:\/\/talkpal.ai\/sk\/#\/schema\/logo\/image\/\"},\"sameAs\":[\"https:\/\/www.facebook.com\/profile.php?id=100090733639311\",\"https:\/\/x.com\/talkpalai\",\"https:\/\/www.linkedin.com\/company\/talkpal\/\",\"https:\/\/www.youtube.com\/@TalkPal\/\",\"https:\/\/www.tiktok.com\/@talkpal\",\"https:\/\/www.instagram.com\/talkpal_ai\/\",\"https:\/\/www.crunchbase.com\/organization\/talkpal-9cde\",\"https:\/\/www.g2.com\/products\/talkpal-for-business\/\",\"https:\/\/www.trustpilot.com\/review\/talkpal.ai\",\"https:\/\/www.capterra.com\/p\/10006800\/TalkPal\/\"],\"description\":\"Talkpal is a language learning web and mobile education app, powered by the latest AI technologies, that provides engaging experiences to its customers in many different languages to help them improve their language skills. Users can chat about unlimited amount of topics with the app and use other modes to practice their language learning.\",\"email\":\"support@talkpal.ai\",\"legalName\":\"Talkpal, Inc.\",\"foundingDate\":\"2023-04-03\",\"duns\":\"118989042\",\"numberOfEmployees\":{\"@type\":\"QuantitativeValue\",\"minValue\":\"11\",\"maxValue\":\"50\"},\"publishingPrinciples\":\"https:\/\/talkpal.ai\/publishing-principles\/\",\"actionableFeedbackPolicy\":\"https:\/\/talkpal.ai\/actionable-feedback-policy\/\",\"correctionsPolicy\":\"https:\/\/talkpal.ai\/corrections-policy\/\",\"ethicsPolicy\":\"https:\/\/talkpal.ai\/ethics-policy\/\",\"diversityPolicy\":\"https:\/\/talkpal.ai\/diversity-policy\/\",\"diversityStaffingReport\":\"https:\/\/talkpal.ai\/diversity-policy\/\"}]}<\/script>\n<!-- \/ Yoast SEO Premium plugin. -->","yoast_head_json":{"title":"Urdsk\u00e9 gramatick\u00e9 cvi\u010denia - Talkpal","description":"Zdokona\u013ete sa v urd\u010dine pomocou na\u0161ich komplexn\u00fdch cvi\u010den\u00ed na zlep\u0161enie porozumenia podstatn\u00fdch mien, z\u00e1men a \u010fal\u0161\u00edch.","robots":{"index":"index","follow":"follow","max-snippet":"max-snippet:-1","max-image-preview":"max-image-preview:large","max-video-preview":"max-video-preview:-1"},"canonical":"https:\/\/talkpal.ai\/sk\/urdske-gramaticke-cvicenia\/","og_locale":"sk_SK","og_type":"article","og_title":"Urdsk\u00e9 gramatick\u00e9 cvi\u010denia","og_description":"T\u00e9my o urdskej gramatike U\u010denie sa urd\u010diny, jazyka obohaten\u00e9ho o r\u00f4zne v\u00fdrazy, hlbok\u00e9 v\u00fdznamy a zlo\u017eit\u00fa gramatick\u00fa \u0161trukt\u00faru, by mohlo by\u0165 fascinuj\u00facou","og_url":"https:\/\/talkpal.ai\/sk\/urdske-gramaticke-cvicenia\/","og_site_name":"Talkpal","article_publisher":"https:\/\/www.facebook.com\/profile.php?id=100090733639311","article_modified_time":"2025-12-17T14:58:19+00:00","og_image":[{"width":512,"height":512,"url":"https:\/\/talkpal.ai\/wp-content\/uploads\/2023\/05\/Urdu-pakistan.png","type":"image\/png"}],"twitter_card":"summary_large_image","twitter_site":"@talkpalai","twitter_misc":{"Predpokladan\u00fd \u010das \u010d\u00edtania":"2 min\u00faty"},"schema":{"@context":"https:\/\/schema.org","@graph":[{"@type":"WebPage","@id":"https:\/\/talkpal.ai\/sk\/urdske-gramaticke-cvicenia\/","url":"https:\/\/talkpal.ai\/sk\/urdske-gramaticke-cvicenia\/","name":"Urdsk\u00e9 gramatick\u00e9 cvi\u010denia - Talkpal","isPartOf":{"@id":"https:\/\/talkpal.ai\/sk\/#website"},"primaryImageOfPage":{"@id":"https:\/\/talkpal.ai\/sk\/urdske-gramaticke-cvicenia\/#primaryimage"},"image":{"@id":"https:\/\/talkpal.ai\/sk\/urdske-gramaticke-cvicenia\/#primaryimage"},"thumbnailUrl":"https:\/\/talkpal.ai\/wp-content\/uploads\/2023\/05\/Urdu-pakistan.png","datePublished":"2023-07-05T10:41:01+00:00","dateModified":"2025-12-17T14:58:19+00:00","description":"Zdokona\u013ete sa v urd\u010dine pomocou na\u0161ich komplexn\u00fdch cvi\u010den\u00ed na zlep\u0161enie porozumenia podstatn\u00fdch mien, z\u00e1men a \u010fal\u0161\u00edch.","breadcrumb":{"@id":"https:\/\/talkpal.ai\/sk\/urdske-gramaticke-cvicenia\/#breadcrumb"},"inLanguage":"sk-SK","potentialAction":[{"@type":"ReadAction","target":["https:\/\/talkpal.ai\/sk\/urdske-gramaticke-cvicenia\/"]}]},{"@type":"ImageObject","inLanguage":"sk-SK","@id":"https:\/\/talkpal.ai\/sk\/urdske-gramaticke-cvicenia\/#primaryimage","url":"https:\/\/talkpal.ai\/wp-content\/uploads\/2023\/05\/Urdu-pakistan.png","contentUrl":"https:\/\/talkpal.ai\/wp-content\/uploads\/2023\/05\/Urdu-pakistan.png","width":512,"height":512},{"@type":"BreadcrumbList","@id":"https:\/\/talkpal.ai\/sk\/urdske-gramaticke-cvicenia\/#breadcrumb","itemListElement":[{"@type":"ListItem","position":1,"name":"Homepage","item":"https:\/\/talkpal.ai\/sk\/"},{"@type":"ListItem","position":2,"name":"Urdsk\u00e9 gramatick\u00e9 cvi\u010denia"}]},{"@type":"WebSite","@id":"https:\/\/talkpal.ai\/sk\/#website","url":"https:\/\/talkpal.ai\/sk\/","name":"Talkpal","description":"AI Language Learning","publisher":{"@id":"https:\/\/talkpal.ai\/sk\/#organization"},"alternateName":"Talkpal AI","potentialAction":[{"@type":"SearchAction","target":{"@type":"EntryPoint","urlTemplate":"https:\/\/talkpal.ai\/sk\/?s={search_term_string}"},"query-input":{"@type":"PropertyValueSpecification","valueRequired":true,"valueName":"search_term_string"}}],"inLanguage":"sk-SK"},{"@type":"Organization","@id":"https:\/\/talkpal.ai\/sk\/#organization","name":"Talkpal, Inc.","alternateName":"Talkpal AI","url":"https:\/\/talkpal.ai\/sk\/","logo":{"@type":"ImageObject","inLanguage":"sk-SK","@id":"https:\/\/talkpal.ai\/sk\/#\/schema\/logo\/image\/","url":"https:\/\/talkpal.ai\/wp-content\/uploads\/2024\/03\/Talkpal-Logo-Icon.png","contentUrl":"https:\/\/talkpal.ai\/wp-content\/uploads\/2024\/03\/Talkpal-Logo-Icon.png","width":2880,"height":2880,"caption":"Talkpal, Inc."},"image":{"@id":"https:\/\/talkpal.ai\/sk\/#\/schema\/logo\/image\/"},"sameAs":["https:\/\/www.facebook.com\/profile.php?id=100090733639311","https:\/\/x.com\/talkpalai","https:\/\/www.linkedin.com\/company\/talkpal\/","https:\/\/www.youtube.com\/@TalkPal\/","https:\/\/www.tiktok.com\/@talkpal","https:\/\/www.instagram.com\/talkpal_ai\/","https:\/\/www.crunchbase.com\/organization\/talkpal-9cde","https:\/\/www.g2.com\/products\/talkpal-for-business\/","https:\/\/www.trustpilot.com\/review\/talkpal.ai","https:\/\/www.capterra.com\/p\/10006800\/TalkPal\/"],"description":"Talkpal is a language learning web and mobile education app, powered by the latest AI technologies, that provides engaging experiences to its customers in many different languages to help them improve their language skills. Users can chat about unlimited amount of topics with the app and use other modes to practice their language learning.","email":"support@talkpal.ai","legalName":"Talkpal, Inc.","foundingDate":"2023-04-03","duns":"118989042","numberOfEmployees":{"@type":"QuantitativeValue","minValue":"11","maxValue":"50"},"publishingPrinciples":"https:\/\/talkpal.ai\/publishing-principles\/","actionableFeedbackPolicy":"https:\/\/talkpal.ai\/actionable-feedback-policy\/","correctionsPolicy":"https:\/\/talkpal.ai\/corrections-policy\/","ethicsPolicy":"https:\/\/talkpal.ai\/ethics-policy\/","diversityPolicy":"https:\/\/talkpal.ai\/diversity-policy\/","diversityStaffingReport":"https:\/\/talkpal.ai\/diversity-policy\/"}]}},"_links":{"self":[{"href":"https:\/\/talkpal.ai\/sk\/wp-json\/wp\/v2\/pages\/155127","targetHints":{"allow":["GET"]}}],"collection":[{"href":"https:\/\/talkpal.ai\/sk\/wp-json\/wp\/v2\/pages"}],"about":[{"href":"https:\/\/talkpal.ai\/sk\/wp-json\/wp\/v2\/types\/page"}],"author":[{"embeddable":true,"href":"https:\/\/talkpal.ai\/sk\/wp-json\/wp\/v2\/users\/6"}],"replies":[{"embeddable":true,"href":"https:\/\/talkpal.ai\/sk\/wp-json\/wp\/v2\/comments?post=155127"}],"version-history":[{"count":0,"href":"https:\/\/talkpal.ai\/sk\/wp-json\/wp\/v2\/pages\/155127\/revisions"}],"wp:featuredmedia":[{"embeddable":true,"href":"https:\/\/talkpal.ai\/sk\/wp-json\/wp\/v2\/media\/121198"}],"wp:attachment":[{"href":"https:\/\/talkpal.ai\/sk\/wp-json\/wp\/v2\/media?parent=155127"}],"curies":[{"name":"wp","href":"https:\/\/api.w.org\/{rel}","templated":true}]}}