{"id":154825,"date":"2023-07-05T11:05:37","date_gmt":"2023-07-05T11:05:37","guid":{"rendered":"http:\/\/talkpal.ai\/vietnamske-gramaticke-cvicenia\/"},"modified":"2025-12-17T14:42:56","modified_gmt":"2025-12-17T14:42:56","slug":"vietnamske-gramaticke-cvicenia","status":"publish","type":"page","link":"https:\/\/talkpal.ai\/sk\/vietnamske-gramaticke-cvicenia\/","title":{"rendered":"Vietnamsk\u00e9 gramatick\u00e9 cvi\u010denia"},"content":{"rendered":"\r\n\r\n\r\n<section class=\"languageChallengeSection\">\r\n    <div class=\"languageInfoWrapper\">\r\n        \r\n        <h1>Vietnamsk\u00e9 gramatick\u00e9 cvi\u010denia<\/h1>\r\n        <p>Po\u010fme sa zabavi\u0165 so slovenskou gramatikou! Tieto jednoduch\u00e9 cvi\u010denia v\u00e1m pom\u00f4\u017eu zvykn\u00fa\u0165 si na to, ako jazyk funguje, a zv\u00fd\u0161ia va\u0161e sebavedomie pri u\u010den\u00ed. Ste pripraven\u00ed? Za\u010dnime!<\/p>\r\n\r\n                            <a class=\"getStartedHidden\" href=\"https:\/\/app.talkpal.ai\/sk\/signup?lng=\">Za\u010dni<\/a>\r\n        \r\n    <\/div>\r\n\r\n    <figure>\r\n    <img decoding=\"async\" width=\"768\" height=\"768\" src=\"https:\/\/talkpal.ai\/wp-content\/uploads\/2023\/06\/vietnamese-768x768.png\" class=\"languageImage no-lazy\" alt=\"Language learning for extensive cultural knowledge\" fetchpriority=\"high\" sizes=\"(max-width: 768px) 150px, 768px\" srcset=\"https:\/\/talkpal.ai\/wp-content\/uploads\/2023\/06\/vietnamese-768x768.png 768w, https:\/\/talkpal.ai\/wp-content\/uploads\/2023\/06\/vietnamese-300x300.png 300w\" \/>\r\n    \r\n\r\n    <\/figure>\r\n\r\n            <a class=\"getStartedVisible\" href=\"https:\/\/app.talkpal.ai\/sk\/signup?lng=\">Za\u010dni<\/a>\r\n    \r\n<\/section>\r\n\r\n\r\n<!-- <section class=\"grammarSection\">\r\n    <div class=\"grammarLinks\">\r\n            <\/div>\r\n<\/section> -->\r\n\r\n\r\n\r\n\r\n<section class=\"promotionalBanner\">\r\n    <p class=\"promotionalText\">Najefekt\u00edvnej\u0161\u00ed sp\u00f4sob, ako sa nau\u010di\u0165 jazyk<\/p>\r\n    <a class=\"promotionalLink\" href=\"https:\/\/app.talkpal.ai\/sk\/signup?lng=\">Vysk\u00fa\u0161ajte Talkpal zadarmo<\/a>\r\n<\/section>\n<div class=\"wp-block-group pageContainerStyle\"><div class=\"wp-block-group__inner-container is-layout-constrained wp-block-group-is-layout-constrained\">\n<h2 class=\"wp-block-heading\" id=\"h-vietnamese-grammar-topics\">Vietnamsk\u00e9 gramatick\u00e9 t\u00e9my<\/h2>\n\n\n\n<p><a href=\"https:\/\/talkpal.ai\/sk\/ucenie\/\">U\u010denie sa<\/a> nov\u00e9ho jazyka m\u00f4\u017ee by\u0165 vzru\u0161uj\u00face a n\u00e1ro\u010dn\u00e9. Pochopenie vietnamskej gramatiky je k\u013e\u00fa\u010dom k odomknutiu tohto fascinuj\u00faceho jazyka. Tu budeme diskutova\u0165 a zoskupova\u0165 d\u00f4le\u017eit\u00e9 t\u00e9my v porad\u00ed, v akom by sa mali v ide\u00e1lnom pr\u00edpade nau\u010di\u0165, \u010do umo\u017en\u00ed postupn\u00e9 zvy\u0161ovanie zlo\u017eitosti. T\u00e1to pr\u00edru\u010dka bude pokr\u00fdva\u0165 v\u0161etko od z\u00e1kladn\u00fdch prvkov, ako s\u00fa podstatn\u00e9 men\u00e1 a sloves\u00e1, a\u017e po zlo\u017eitej\u0161ie \u0161trukt\u00fary, ako s\u00fa \u010dasy a podmie\u0148ovacie znaky.<\/p>\n\n\n\n<h3 class=\"wp-block-heading\" id=\"h-1-nouns\">1. Podstatn\u00e9 men\u00e1:<\/h3>\n\n\n\n<p>Za\u010dnite so z\u00e1kladmi u\u010den\u00edm sa vietnamsk\u00fdch podstatn\u00fdch mien. Toto s\u00fa men\u00e1 \u013eud\u00ed, miest, vec\u00ed alebo my\u0161lienok. Vietnamsk\u00e9 podstatn\u00e9 men\u00e1 nemaj\u00fa rody, \u010do ich rob\u00ed jednoduch\u0161\u00edmi ako v niektor\u00fdch in\u00fdch jazykoch.<\/p>\n\n\n\n<h3 class=\"wp-block-heading\" id=\"h-2-pronouns-determiners\">2. Z\u00e1men\u00e1\/determin\u00e1tory:<\/h3>\n\n\n\n<p>Ke\u010f v\u00e1m vyhovuj\u00fa podstatn\u00e9 men\u00e1, prejdite na z\u00e1men\u00e1 a determin\u00e1tory. Tieto slov\u00e1 nahr\u00e1dzaj\u00fa alebo upravuj\u00fa podstatn\u00e9 men\u00e1, pom\u00e1haj\u00fa skr\u00e1ti\u0165 vety a vyhn\u00fa\u0165 sa opakovaniu.<\/p>\n\n\n\n<h3 class=\"wp-block-heading\" id=\"h-3-verbs\">3. Sloves\u00e1:<\/h3>\n\n\n\n<p>Sloves\u00e1 sa pou\u017e\u00edvaj\u00fa na opis akci\u00ed alebo stavov bytia. Vo vietnam\u010dine sloves\u00e1 nemenia svoju formu pod\u013ea predmetu alebo \u010dasu, \u010do ich rob\u00ed menej komplikovan\u00fdmi ako v niektor\u00fdch in\u00fdch jazykoch.<\/p>\n\n\n\n<h3 class=\"wp-block-heading\" id=\"h-4-adjectives\">4. Pr\u00eddavn\u00e9 men\u00e1:<\/h3>\n\n\n\n<p>U\u010denie pr\u00eddavn\u00fdch mien v\u00e1m umo\u017en\u00ed podrobnej\u0161ie op\u00edsa\u0165 podstatn\u00e9 men\u00e1. Vo vietnam\u010dine pr\u00eddavn\u00e9 men\u00e1 nasleduj\u00fa za podstatn\u00fdm menom, ktor\u00e9 upravuj\u00fa, \u010do sa l\u00ed\u0161i od angli\u010dtiny.<\/p>\n\n\n\n<h3 class=\"wp-block-heading\" id=\"h-5-articles\">5. \u010cl\u00e1nky:<\/h3>\n\n\n\n<p><a href=\"https:\/\/talkpal.ai\/learn-vietnamese\/\">Vietnam\u010dina<\/a> nem\u00e1 \u010dl\u00e1nky rovnako ako <a href=\"https:\/\/talkpal.ai\/learn-english-with-ai\/\">angli\u010dtina<\/a>. St\u00e1le je v\u0161ak d\u00f4le\u017eit\u00e9 pochopi\u0165, ako ozna\u010di\u0165 ur\u010ditos\u0165 alebo neur\u010ditos\u0165 podstatn\u00e9ho mena.<\/p>\n\n\n\n<h3 class=\"wp-block-heading\" id=\"h-6-adverbs\">6. Pr\u00edslovky:<\/h3>\n\n\n\n<p>Pr\u00edslovky sa pou\u017e\u00edvaj\u00fa na \u00fapravu slovies, pr\u00eddavn\u00fdch mien alebo in\u00fdch pr\u00edsloviek. M\u00f4\u017eu poskytn\u00fa\u0165 inform\u00e1cie o sp\u00f4sobe, mieste, \u010dase, frekvencii, stupni a \u010fal\u0161\u00edch.<\/p>\n\n\n\n<h3 class=\"wp-block-heading\" id=\"h-7-prepositions\">7. Predlo\u017eky:<\/h3>\n\n\n\n<p>Ide o slov\u00e1, ktor\u00e9 ukazuj\u00fa vz\u0165ah podstatn\u00e9ho mena alebo z\u00e1mena k in\u00e9mu slovu vo vete. M\u00f4\u017eu ozna\u010dova\u0165 polohu, smer, \u010das, pr\u00ed\u010dinu a in\u00e9 vz\u0165ahy.<\/p>\n\n\n\n<h3 class=\"wp-block-heading\" id=\"h-8-tenses\">8. Nap\u00e4tie:<\/h3>\n\n\n\n<p>Vietnam\u010dina nem\u00e1 nap\u00e4tie v tradi\u010dnom zmysle. Namiesto toho pou\u017e\u00edva slov\u00e1 a kontext na ozna\u010denie \u010dasu, kedy sa akcia uskuto\u010d\u0148uje.<\/p>\n\n\n\n<h3 class=\"wp-block-heading\" id=\"h-9-tense-comparison\">9. Nap\u00e4t\u00e9 porovnanie:<\/h3>\n\n\n\n<p>Pochopenie toho, ako porovn\u00e1va\u0165 \u010dasy vo vietnam\u010dine, je rozhoduj\u00face. To zah\u0155\u0148a <a href=\"https:\/\/talkpal.ai\/sk\/ucenie\/\">u\u010denie sa<\/a> \u0161pecifick\u00fdch slov a \u0161trukt\u00far pou\u017e\u00edvan\u00fdch na ozna\u010denie zmien v \u010dase.<\/p>\n\n\n\n<h3 class=\"wp-block-heading\" id=\"h-10-progressive\">10. Progres\u00edvne:<\/h3>\n\n\n\n<p>Progres\u00edvny aspekt vo vietnam\u010dine sa pou\u017e\u00edva na ozna\u010denie prebiehaj\u00facich akci\u00ed. M\u00f4\u017ee sa vz\u0165ahova\u0165 na minulos\u0165, pr\u00edtomnos\u0165 alebo bud\u00facnos\u0165.<\/p>\n\n\n\n<h3 class=\"wp-block-heading\" id=\"h-11-perfect-progressive\">11. Perfektne progres\u00edvne:<\/h3>\n\n\n\n<p>Tento \u010das sa pou\u017e\u00edva na vyjadrenie akci\u00ed, ktor\u00e9 prebiehali v minulosti a maj\u00fa ur\u010dit\u00fd vz\u0165ah k s\u00fa\u010dasnosti.<\/p>\n\n\n\n<h3 class=\"wp-block-heading\" id=\"h-12-conditionals\">12. Podmienky:<\/h3>\n\n\n\n<p>Podmienen\u00e9 s\u00fa vety vyjadruj\u00face hypotetick\u00e9 situ\u00e1cie a d\u00f4sledky, ktor\u00e9 po nich nasleduj\u00fa.<\/p>\n\n\n\n<h3 class=\"wp-block-heading\" id=\"h-13-sentences\">13. Vety:<\/h3>\n\n\n\n<p>Ke\u010f pochop\u00edte v\u0161etky tieto prvky, m\u00f4\u017eete <a href=\"https:\/\/talkpal.ai\/ko\/ai-%ec%96%b8%ec%96%b4-%ea%b5%90%ec%82%ac\/\">za\u010da\u0165<\/a> tvori\u0165 cel\u00e9 vety vo vietnam\u010dine. To zah\u0155\u0148a pochopenie z\u00e1kladnej vetnej \u0161trukt\u00fary, ktor\u00e1 je typicky podmet-sloveso-objekt.<\/p>\n<\/div><\/div>\n\r\n<section class=\"learnNavigationSection\">\r\n            \r\n        <a href=\"https:\/\/talkpal.ai\/sk\/naucte-sa-vietnamsky\/\">\r\n            <div class=\"learnNavigationWrapper\">\r\n                <div class=\"learnNavigationContent\">\r\n                    <img decoding=\"async\" src=\"https:\/\/talkpal.ai\/wp-content\/uploads\/2024\/08\/Vietnamese.jpg\" alt=\"Vietnamise Flag\">\r\n                    <div>\r\n                        <h4>O \u0161t\u00fadiu vietnam\u010diny<\/h4>\r\n                        <p>Zistite v\u0161etko o vietnamskej gramatike.<\/p>\r\n                    <\/div>\r\n                <\/div>\r\n            <\/div>\r\n        <\/a>\r\n\r\n        \r\n        <a href=\"https:\/\/talkpal.ai\/sk\/vietnamska-gramatika\/\">\r\n            <div class=\"learnNavigationWrapper\">\r\n                <div class=\"learnNavigationContent\">\r\n                    <img decoding=\"async\" src=\"https:\/\/talkpal.ai\/wp-content\/uploads\/2024\/08\/Vietnamese.jpg\" alt=\"Vietnamise Flag\">\r\n                    <div>\r\n                        <h4>Lekcie vietnamskej gramatiky<\/h4>\r\n                        <p>Precvi\u010dte si vietnamsk\u00fa gramatiku.<\/p>\r\n                    <\/div>\r\n                <\/div>\r\n            <\/div>\r\n        <\/a>\r\n\r\n        \r\n        <a href=\"https:\/\/talkpal.ai\/vocabulary_language\/vietnamese\/\">\r\n            <div class=\"learnNavigationWrapper\">\r\n                <div class=\"learnNavigationContent\">\r\n                    <img decoding=\"async\" src=\"https:\/\/talkpal.ai\/wp-content\/uploads\/2024\/08\/Vietnamese.jpg\" alt=\"Vietnamise Flag\">\r\n                    <div>\r\n                        <h4>Vietnamsk\u00e1 slovn\u00e1 z\u00e1soba<\/h4>\r\n                        <p>Roz\u0161\u00edrte si slovn\u00fa z\u00e1sobu vietnam\u010diny.<\/p>\r\n                    <\/div>\r\n                <\/div>\r\n            <\/div>\r\n        <\/a>\r\n\r\n            <\/section>","protected":false},"excerpt":{"rendered":"<p>Vietnamsk\u00e9 gramatick\u00e9 t\u00e9my U\u010denie sa nov\u00e9ho jazyka m\u00f4\u017ee by\u0165 vzru\u0161uj\u00face a n\u00e1ro\u010dn\u00e9. Pochopenie vietnamskej gramatiky je k\u013e\u00fa\u010dom k odomknutiu tohto fascinuj\u00faceho jazyka. Tu budeme diskutova\u0165 a zoskupova\u0165 d\u00f4le\u017eit\u00e9 t\u00e9my v porad\u00ed, v akom by sa mali v ide\u00e1lnom pr\u00edpade nau\u010di\u0165, \u010do umo\u017en\u00ed postupn\u00e9 zvy\u0161ovanie zlo\u017eitosti. T\u00e1to pr\u00edru\u010dka bude pokr\u00fdva\u0165 v\u0161etko od z\u00e1kladn\u00fdch prvkov, ako s\u00fa [&hellip;]<\/p>\n","protected":false},"author":6,"featured_media":120465,"parent":0,"menu_order":0,"comment_status":"closed","ping_status":"closed","template":"LearningContentPage.php","meta":{"_acf_changed":false,"footnotes":""},"class_list":["post-154825","page","type-page","status-publish","has-post-thumbnail","hentry"],"acf":[],"yoast_head":"<!-- This site is optimized with the Yoast SEO Premium plugin v27.2 (Yoast SEO v27.2) - https:\/\/yoast.com\/product\/yoast-seo-premium-wordpress\/ -->\n<title>Vietnamsk\u00e9 gramatick\u00e9 cvi\u010denia - Talkpal<\/title>\n<meta name=\"description\" content=\"Odha\u013ete tajomstv\u00e1 vietnamsk\u00e9ho jazyka pomocou na\u0161ich cvi\u010den\u00ed vietnamskej gramatiky ur\u010den\u00fdch na postupn\u00e9 u\u010denie.\" \/>\n<meta name=\"robots\" content=\"index, follow, max-snippet:-1, max-image-preview:large, max-video-preview:-1\" \/>\n<link rel=\"canonical\" href=\"https:\/\/talkpal.ai\/sk\/vietnamske-gramaticke-cvicenia\/\" \/>\n<meta property=\"og:locale\" content=\"sk_SK\" \/>\n<meta property=\"og:type\" content=\"article\" \/>\n<meta property=\"og:title\" content=\"Vietnamsk\u00e9 gramatick\u00e9 cvi\u010denia\" \/>\n<meta property=\"og:description\" content=\"Vietnamsk\u00e9 gramatick\u00e9 t\u00e9my U\u010denie sa nov\u00e9ho jazyka m\u00f4\u017ee by\u0165 vzru\u0161uj\u00face a n\u00e1ro\u010dn\u00e9. Pochopenie vietnamskej gramatiky je k\u013e\u00fa\u010dom k odomknutiu tohto\" \/>\n<meta property=\"og:url\" content=\"https:\/\/talkpal.ai\/sk\/vietnamske-gramaticke-cvicenia\/\" \/>\n<meta property=\"og:site_name\" content=\"Talkpal\" \/>\n<meta property=\"article:publisher\" content=\"https:\/\/www.facebook.com\/profile.php?id=100090733639311\" \/>\n<meta property=\"article:modified_time\" content=\"2025-12-17T14:42:56+00:00\" \/>\n<meta property=\"og:image\" content=\"https:\/\/talkpal.ai\/wp-content\/uploads\/2023\/05\/vietnam.png\" \/>\n\t<meta property=\"og:image:width\" content=\"512\" \/>\n\t<meta property=\"og:image:height\" content=\"512\" \/>\n\t<meta property=\"og:image:type\" content=\"image\/png\" \/>\n<meta name=\"twitter:card\" content=\"summary_large_image\" \/>\n<meta name=\"twitter:site\" content=\"@talkpalai\" \/>\n<meta name=\"twitter:label1\" content=\"Predpokladan\u00fd \u010das \u010d\u00edtania\" \/>\n\t<meta name=\"twitter:data1\" content=\"3 min\u00faty\" \/>\n<script type=\"application\/ld+json\" class=\"yoast-schema-graph\">{\"@context\":\"https:\/\/schema.org\",\"@graph\":[{\"@type\":\"WebPage\",\"@id\":\"https:\/\/talkpal.ai\/sk\/vietnamske-gramaticke-cvicenia\/\",\"url\":\"https:\/\/talkpal.ai\/sk\/vietnamske-gramaticke-cvicenia\/\",\"name\":\"Vietnamsk\u00e9 gramatick\u00e9 cvi\u010denia - Talkpal\",\"isPartOf\":{\"@id\":\"https:\/\/talkpal.ai\/sk\/#website\"},\"primaryImageOfPage\":{\"@id\":\"https:\/\/talkpal.ai\/sk\/vietnamske-gramaticke-cvicenia\/#primaryimage\"},\"image\":{\"@id\":\"https:\/\/talkpal.ai\/sk\/vietnamske-gramaticke-cvicenia\/#primaryimage\"},\"thumbnailUrl\":\"https:\/\/talkpal.ai\/wp-content\/uploads\/2023\/05\/vietnam.png\",\"datePublished\":\"2023-07-05T11:05:37+00:00\",\"dateModified\":\"2025-12-17T14:42:56+00:00\",\"description\":\"Odha\u013ete tajomstv\u00e1 vietnamsk\u00e9ho jazyka pomocou na\u0161ich cvi\u010den\u00ed vietnamskej gramatiky ur\u010den\u00fdch na postupn\u00e9 u\u010denie.\",\"breadcrumb\":{\"@id\":\"https:\/\/talkpal.ai\/sk\/vietnamske-gramaticke-cvicenia\/#breadcrumb\"},\"inLanguage\":\"sk-SK\",\"potentialAction\":[{\"@type\":\"ReadAction\",\"target\":[\"https:\/\/talkpal.ai\/sk\/vietnamske-gramaticke-cvicenia\/\"]}]},{\"@type\":\"ImageObject\",\"inLanguage\":\"sk-SK\",\"@id\":\"https:\/\/talkpal.ai\/sk\/vietnamske-gramaticke-cvicenia\/#primaryimage\",\"url\":\"https:\/\/talkpal.ai\/wp-content\/uploads\/2023\/05\/vietnam.png\",\"contentUrl\":\"https:\/\/talkpal.ai\/wp-content\/uploads\/2023\/05\/vietnam.png\",\"width\":512,\"height\":512},{\"@type\":\"BreadcrumbList\",\"@id\":\"https:\/\/talkpal.ai\/sk\/vietnamske-gramaticke-cvicenia\/#breadcrumb\",\"itemListElement\":[{\"@type\":\"ListItem\",\"position\":1,\"name\":\"Homepage\",\"item\":\"https:\/\/talkpal.ai\/sk\/\"},{\"@type\":\"ListItem\",\"position\":2,\"name\":\"Vietnamsk\u00e9 gramatick\u00e9 cvi\u010denia\"}]},{\"@type\":\"WebSite\",\"@id\":\"https:\/\/talkpal.ai\/sk\/#website\",\"url\":\"https:\/\/talkpal.ai\/sk\/\",\"name\":\"Talkpal\",\"description\":\"AI Language Learning\",\"publisher\":{\"@id\":\"https:\/\/talkpal.ai\/sk\/#organization\"},\"alternateName\":\"Talkpal AI\",\"potentialAction\":[{\"@type\":\"SearchAction\",\"target\":{\"@type\":\"EntryPoint\",\"urlTemplate\":\"https:\/\/talkpal.ai\/sk\/?s={search_term_string}\"},\"query-input\":{\"@type\":\"PropertyValueSpecification\",\"valueRequired\":true,\"valueName\":\"search_term_string\"}}],\"inLanguage\":\"sk-SK\"},{\"@type\":\"Organization\",\"@id\":\"https:\/\/talkpal.ai\/sk\/#organization\",\"name\":\"Talkpal, Inc.\",\"alternateName\":\"Talkpal AI\",\"url\":\"https:\/\/talkpal.ai\/sk\/\",\"logo\":{\"@type\":\"ImageObject\",\"inLanguage\":\"sk-SK\",\"@id\":\"https:\/\/talkpal.ai\/sk\/#\/schema\/logo\/image\/\",\"url\":\"https:\/\/talkpal.ai\/wp-content\/uploads\/2024\/03\/Talkpal-Logo-Icon.png\",\"contentUrl\":\"https:\/\/talkpal.ai\/wp-content\/uploads\/2024\/03\/Talkpal-Logo-Icon.png\",\"width\":2880,\"height\":2880,\"caption\":\"Talkpal, Inc.\"},\"image\":{\"@id\":\"https:\/\/talkpal.ai\/sk\/#\/schema\/logo\/image\/\"},\"sameAs\":[\"https:\/\/www.facebook.com\/profile.php?id=100090733639311\",\"https:\/\/x.com\/talkpalai\",\"https:\/\/www.linkedin.com\/company\/talkpal\/\",\"https:\/\/www.youtube.com\/@TalkPal\/\",\"https:\/\/www.tiktok.com\/@talkpal\",\"https:\/\/www.instagram.com\/talkpal_ai\/\",\"https:\/\/www.crunchbase.com\/organization\/talkpal-9cde\",\"https:\/\/www.g2.com\/products\/talkpal-for-business\/\",\"https:\/\/www.trustpilot.com\/review\/talkpal.ai\",\"https:\/\/www.capterra.com\/p\/10006800\/TalkPal\/\"],\"description\":\"Talkpal is a language learning web and mobile education app, powered by the latest AI technologies, that provides engaging experiences to its customers in many different languages to help them improve their language skills. Users can chat about unlimited amount of topics with the app and use other modes to practice their language learning.\",\"email\":\"support@talkpal.ai\",\"legalName\":\"Talkpal, Inc.\",\"foundingDate\":\"2023-04-03\",\"duns\":\"118989042\",\"numberOfEmployees\":{\"@type\":\"QuantitativeValue\",\"minValue\":\"11\",\"maxValue\":\"50\"},\"publishingPrinciples\":\"https:\/\/talkpal.ai\/publishing-principles\/\",\"actionableFeedbackPolicy\":\"https:\/\/talkpal.ai\/actionable-feedback-policy\/\",\"correctionsPolicy\":\"https:\/\/talkpal.ai\/corrections-policy\/\",\"ethicsPolicy\":\"https:\/\/talkpal.ai\/ethics-policy\/\",\"diversityPolicy\":\"https:\/\/talkpal.ai\/diversity-policy\/\",\"diversityStaffingReport\":\"https:\/\/talkpal.ai\/diversity-policy\/\"}]}<\/script>\n<!-- \/ Yoast SEO Premium plugin. -->","yoast_head_json":{"title":"Vietnamsk\u00e9 gramatick\u00e9 cvi\u010denia - Talkpal","description":"Odha\u013ete tajomstv\u00e1 vietnamsk\u00e9ho jazyka pomocou na\u0161ich cvi\u010den\u00ed vietnamskej gramatiky ur\u010den\u00fdch na postupn\u00e9 u\u010denie.","robots":{"index":"index","follow":"follow","max-snippet":"max-snippet:-1","max-image-preview":"max-image-preview:large","max-video-preview":"max-video-preview:-1"},"canonical":"https:\/\/talkpal.ai\/sk\/vietnamske-gramaticke-cvicenia\/","og_locale":"sk_SK","og_type":"article","og_title":"Vietnamsk\u00e9 gramatick\u00e9 cvi\u010denia","og_description":"Vietnamsk\u00e9 gramatick\u00e9 t\u00e9my U\u010denie sa nov\u00e9ho jazyka m\u00f4\u017ee by\u0165 vzru\u0161uj\u00face a n\u00e1ro\u010dn\u00e9. Pochopenie vietnamskej gramatiky je k\u013e\u00fa\u010dom k odomknutiu tohto","og_url":"https:\/\/talkpal.ai\/sk\/vietnamske-gramaticke-cvicenia\/","og_site_name":"Talkpal","article_publisher":"https:\/\/www.facebook.com\/profile.php?id=100090733639311","article_modified_time":"2025-12-17T14:42:56+00:00","og_image":[{"width":512,"height":512,"url":"https:\/\/talkpal.ai\/wp-content\/uploads\/2023\/05\/vietnam.png","type":"image\/png"}],"twitter_card":"summary_large_image","twitter_site":"@talkpalai","twitter_misc":{"Predpokladan\u00fd \u010das \u010d\u00edtania":"3 min\u00faty"},"schema":{"@context":"https:\/\/schema.org","@graph":[{"@type":"WebPage","@id":"https:\/\/talkpal.ai\/sk\/vietnamske-gramaticke-cvicenia\/","url":"https:\/\/talkpal.ai\/sk\/vietnamske-gramaticke-cvicenia\/","name":"Vietnamsk\u00e9 gramatick\u00e9 cvi\u010denia - Talkpal","isPartOf":{"@id":"https:\/\/talkpal.ai\/sk\/#website"},"primaryImageOfPage":{"@id":"https:\/\/talkpal.ai\/sk\/vietnamske-gramaticke-cvicenia\/#primaryimage"},"image":{"@id":"https:\/\/talkpal.ai\/sk\/vietnamske-gramaticke-cvicenia\/#primaryimage"},"thumbnailUrl":"https:\/\/talkpal.ai\/wp-content\/uploads\/2023\/05\/vietnam.png","datePublished":"2023-07-05T11:05:37+00:00","dateModified":"2025-12-17T14:42:56+00:00","description":"Odha\u013ete tajomstv\u00e1 vietnamsk\u00e9ho jazyka pomocou na\u0161ich cvi\u010den\u00ed vietnamskej gramatiky ur\u010den\u00fdch na postupn\u00e9 u\u010denie.","breadcrumb":{"@id":"https:\/\/talkpal.ai\/sk\/vietnamske-gramaticke-cvicenia\/#breadcrumb"},"inLanguage":"sk-SK","potentialAction":[{"@type":"ReadAction","target":["https:\/\/talkpal.ai\/sk\/vietnamske-gramaticke-cvicenia\/"]}]},{"@type":"ImageObject","inLanguage":"sk-SK","@id":"https:\/\/talkpal.ai\/sk\/vietnamske-gramaticke-cvicenia\/#primaryimage","url":"https:\/\/talkpal.ai\/wp-content\/uploads\/2023\/05\/vietnam.png","contentUrl":"https:\/\/talkpal.ai\/wp-content\/uploads\/2023\/05\/vietnam.png","width":512,"height":512},{"@type":"BreadcrumbList","@id":"https:\/\/talkpal.ai\/sk\/vietnamske-gramaticke-cvicenia\/#breadcrumb","itemListElement":[{"@type":"ListItem","position":1,"name":"Homepage","item":"https:\/\/talkpal.ai\/sk\/"},{"@type":"ListItem","position":2,"name":"Vietnamsk\u00e9 gramatick\u00e9 cvi\u010denia"}]},{"@type":"WebSite","@id":"https:\/\/talkpal.ai\/sk\/#website","url":"https:\/\/talkpal.ai\/sk\/","name":"Talkpal","description":"AI Language Learning","publisher":{"@id":"https:\/\/talkpal.ai\/sk\/#organization"},"alternateName":"Talkpal AI","potentialAction":[{"@type":"SearchAction","target":{"@type":"EntryPoint","urlTemplate":"https:\/\/talkpal.ai\/sk\/?s={search_term_string}"},"query-input":{"@type":"PropertyValueSpecification","valueRequired":true,"valueName":"search_term_string"}}],"inLanguage":"sk-SK"},{"@type":"Organization","@id":"https:\/\/talkpal.ai\/sk\/#organization","name":"Talkpal, Inc.","alternateName":"Talkpal AI","url":"https:\/\/talkpal.ai\/sk\/","logo":{"@type":"ImageObject","inLanguage":"sk-SK","@id":"https:\/\/talkpal.ai\/sk\/#\/schema\/logo\/image\/","url":"https:\/\/talkpal.ai\/wp-content\/uploads\/2024\/03\/Talkpal-Logo-Icon.png","contentUrl":"https:\/\/talkpal.ai\/wp-content\/uploads\/2024\/03\/Talkpal-Logo-Icon.png","width":2880,"height":2880,"caption":"Talkpal, Inc."},"image":{"@id":"https:\/\/talkpal.ai\/sk\/#\/schema\/logo\/image\/"},"sameAs":["https:\/\/www.facebook.com\/profile.php?id=100090733639311","https:\/\/x.com\/talkpalai","https:\/\/www.linkedin.com\/company\/talkpal\/","https:\/\/www.youtube.com\/@TalkPal\/","https:\/\/www.tiktok.com\/@talkpal","https:\/\/www.instagram.com\/talkpal_ai\/","https:\/\/www.crunchbase.com\/organization\/talkpal-9cde","https:\/\/www.g2.com\/products\/talkpal-for-business\/","https:\/\/www.trustpilot.com\/review\/talkpal.ai","https:\/\/www.capterra.com\/p\/10006800\/TalkPal\/"],"description":"Talkpal is a language learning web and mobile education app, powered by the latest AI technologies, that provides engaging experiences to its customers in many different languages to help them improve their language skills. Users can chat about unlimited amount of topics with the app and use other modes to practice their language learning.","email":"support@talkpal.ai","legalName":"Talkpal, Inc.","foundingDate":"2023-04-03","duns":"118989042","numberOfEmployees":{"@type":"QuantitativeValue","minValue":"11","maxValue":"50"},"publishingPrinciples":"https:\/\/talkpal.ai\/publishing-principles\/","actionableFeedbackPolicy":"https:\/\/talkpal.ai\/actionable-feedback-policy\/","correctionsPolicy":"https:\/\/talkpal.ai\/corrections-policy\/","ethicsPolicy":"https:\/\/talkpal.ai\/ethics-policy\/","diversityPolicy":"https:\/\/talkpal.ai\/diversity-policy\/","diversityStaffingReport":"https:\/\/talkpal.ai\/diversity-policy\/"}]}},"_links":{"self":[{"href":"https:\/\/talkpal.ai\/sk\/wp-json\/wp\/v2\/pages\/154825","targetHints":{"allow":["GET"]}}],"collection":[{"href":"https:\/\/talkpal.ai\/sk\/wp-json\/wp\/v2\/pages"}],"about":[{"href":"https:\/\/talkpal.ai\/sk\/wp-json\/wp\/v2\/types\/page"}],"author":[{"embeddable":true,"href":"https:\/\/talkpal.ai\/sk\/wp-json\/wp\/v2\/users\/6"}],"replies":[{"embeddable":true,"href":"https:\/\/talkpal.ai\/sk\/wp-json\/wp\/v2\/comments?post=154825"}],"version-history":[{"count":0,"href":"https:\/\/talkpal.ai\/sk\/wp-json\/wp\/v2\/pages\/154825\/revisions"}],"wp:featuredmedia":[{"embeddable":true,"href":"https:\/\/talkpal.ai\/sk\/wp-json\/wp\/v2\/media\/120465"}],"wp:attachment":[{"href":"https:\/\/talkpal.ai\/sk\/wp-json\/wp\/v2\/media?parent=154825"}],"curies":[{"name":"wp","href":"https:\/\/api.w.org\/{rel}","templated":true}]}}