{"id":154241,"date":"2023-06-16T11:18:42","date_gmt":"2023-06-16T11:18:42","guid":{"rendered":"http:\/\/talkpal.ai\/afrikanske-gramaticke-cvicenia\/"},"modified":"2025-05-23T14:06:15","modified_gmt":"2025-05-23T14:06:15","slug":"afrikanske-gramaticke-cvicenia","status":"publish","type":"page","link":"https:\/\/talkpal.ai\/sk\/afrikanske-gramaticke-cvicenia\/","title":{"rendered":"Afrik\u00e1nske gramatick\u00e9 cvi\u010denia"},"content":{"rendered":"\r\n\r\n\r\n<section class=\"languageChallengeSection\">\r\n    <div class=\"languageInfoWrapper\">\r\n        \r\n        <h1>Afrik\u00e1nske gramatick\u00e9 cvi\u010denia<\/h1>\r\n        <p>Ste pripraven\u00ed rozv\u00edja\u0165 svoje znalosti afrik\u00e1n\u010diny? Precvi\u010dovanie gramatick\u00fdch cvi\u010den\u00ed je skvel\u00fd sp\u00f4sob, ako si osvoji\u0165 \u0161trukt\u00faru viet, slovesn\u00e9 tvary a jedine\u010dn\u00e9 vlastnosti afrik\u00e1nskeho jazyka. Za\u010dnite pracova\u0165 na afrik\u00e1nskej gramatike e\u0161te dnes a sledujte, ako s ka\u017ed\u00fdm cvi\u010den\u00edm rastie va\u0161a sebad\u00f4vera a plynulos\u0165!\n\n<\/p>\r\n\r\n                            <a class=\"getStartedHidden\" href=\"https:\/\/app.talkpal.ai\/sk\/signup?lng=\">Za\u010dni<\/a>\r\n        \r\n    <\/div>\r\n\r\n    <figure>\r\n    <img decoding=\"async\" width=\"768\" height=\"768\" src=\"https:\/\/talkpal.ai\/wp-content\/uploads\/2023\/06\/afrikaans-768x768.png\" class=\"languageImage no-lazy\" alt=\"Language learning for improved focus\" fetchpriority=\"high\" sizes=\"(max-width: 768px) 150px, 768px\" srcset=\"https:\/\/talkpal.ai\/wp-content\/uploads\/2023\/06\/afrikaans-768x768.png 768w, https:\/\/talkpal.ai\/wp-content\/uploads\/2023\/06\/afrikaans-300x300.png 300w\" \/>\r\n    \r\n\r\n    <\/figure>\r\n\r\n            <a class=\"getStartedVisible\" href=\"https:\/\/app.talkpal.ai\/sk\/signup?lng=\">Za\u010dni<\/a>\r\n    \r\n<\/section>\r\n\r\n\r\n<!-- <section class=\"grammarSection\">\r\n    <div class=\"grammarLinks\">\r\n            <\/div>\r\n<\/section> -->\r\n\r\n\r\n\r\n\r\n<section class=\"promotionalBanner\">\r\n    <p class=\"promotionalText\">Najefekt\u00edvnej\u0161\u00ed sp\u00f4sob, ako sa nau\u010di\u0165 jazyk<\/p>\r\n    <a class=\"promotionalLink\" href=\"https:\/\/app.talkpal.ai\/sk\/signup?lng=\">Vysk\u00fa\u0161ajte Talkpal zadarmo<\/a>\r\n<\/section>\n<div class=\"wp-block-group pageContainerStyle\"><div class=\"wp-block-group__inner-container is-layout-constrained wp-block-group-is-layout-constrained\">\n<h2 class=\"wp-block-heading\" id=\"h-afrikaans-grammar-topics\">Afrik\u00e1nske gramatick\u00e9 t\u00e9my<\/h2>\n\n\n\n<p><a href=\"https:\/\/talkpal.ai\/learn-afrikaans\/\">Afrik\u00e1n\u010dina<\/a>, z\u00e1padogerm\u00e1nsky jazyk, je jedn\u00fdm z jeden\u00e1stich \u00faradn\u00fdch jazykov Ju\u017enej Afriky a hovor\u00ed \u0148ou pribli\u017ene 6 mili\u00f3nov \u013eud\u00ed. U\u010denie afrik\u00e1n\u010diny m\u00f4\u017ee by\u0165 obohacuj\u00facou a obohacuj\u00facou sk\u00fasenos\u0165ou, preto\u017ee sa hovor\u00ed nielen v Ju\u017enej Afrike, ale aj v Nam\u00edbii av men\u0161ej miere v Zimbabwe a Botswane. Jazyk je relat\u00edvne \u013eahko nau\u010dite\u013en\u00fd, najm\u00e4 pre anglicky hovoriacich, preto\u017ee m\u00e1 zjednodu\u0161en\u00fa gramatiku a zdie\u013ea ve\u013ea slov s angli\u010dtinou a holand\u010dinou. V tejto pr\u00edru\u010dke v\u00e1s prevedieme z\u00e1kladn\u00fdmi t\u00e9mami afrik\u00e1nskej gramatiky, ktor\u00e9 mus\u00edte ovl\u00e1da\u0165, aby ste mohli plynule hovori\u0165 a porozumie\u0165 jazyku.<\/p>\n\n\n\n<h3 class=\"wp-block-heading\" id=\"h-1-nouns-and-articles\">1. Podstatn\u00e9 men\u00e1 a \u010dleny:<\/h3>\n\n\n\n<p>V afrik\u00e1n\u010dine podstatn\u00e9 men\u00e1 nemaj\u00fa rod, \u010do u\u013eah\u010duje u\u010denie v porovnan\u00ed s in\u00fdmi germ\u00e1nskymi jazykmi. Aj \u010dleny s\u00fa jednoduch\u00e9, pri\u010dom &#8222;die&#8220; je ur\u010dit\u00fd \u010dlen a &#8222;n&#8220; alebo &#8222;een&#8220; je neur\u010dit\u00fd \u010dlen.<\/p>\n\n\n\n<h3 class=\"wp-block-heading\" id=\"h-2-pronouns-determiners\">2. Z\u00e1men\u00e1\/determin\u00e1tory:<\/h3>\n\n\n\n<p>Z\u00e1men\u00e1 s\u00fa slov\u00e1, ktor\u00e9 nahr\u00e1dzaj\u00fa podstatn\u00e9 men\u00e1 a pom\u00e1haj\u00fa vyhn\u00fa\u0165 sa opakovaniu vo vete. Afrik\u00e1n\u010dina m\u00e1 osobn\u00e9, privlast\u0148ovacie, demon\u0161trat\u00edvne a opytovacie z\u00e1men\u00e1, ktor\u00e9 s\u00fa nevyhnutn\u00e9 pri tvorbe viet.<\/p>\n\n\n\n<h3 class=\"wp-block-heading\" id=\"h-3-adjectives\">3. Pr\u00eddavn\u00e9 men\u00e1:<\/h3>\n\n\n\n<p>Pr\u00eddavn\u00e9 men\u00e1 opisuj\u00fa alebo upravuj\u00fa podstatn\u00e9 men\u00e1. V afrik\u00e1n\u010dine zvy\u010dajne prich\u00e1dzaj\u00fa pred podstatn\u00e9 meno a s\u00fahlasia s n\u00edm v po\u010dte. Neexistuje \u017eiadna rodov\u00e1 dohoda, \u010do u\u013eah\u010duje u\u010denie.<\/p>\n\n\n\n<h3 class=\"wp-block-heading\" id=\"h-4-verbs\">4. Sloves\u00e1:<\/h3>\n\n\n\n<p>Sloves\u00e1 s\u00fa ak\u010dn\u00e9 slov\u00e1 a s\u00fa nevyhnutn\u00e9 pri tvorbe viet. V afrik\u00e1n\u010dine sa sloves\u00e1 nesklo\u0148uj\u00fa pod\u013ea predmetu, \u010do u\u013eah\u010duje u\u010denie v porovnan\u00ed s in\u00fdmi jazykmi. Pravideln\u00e9 sloves\u00e1 sa riadia jednoduch\u00fdm vzorom, zatia\u013e \u010do nepravideln\u00e9 sloves\u00e1 je potrebn\u00e9 zapam\u00e4ta\u0165 si.<\/p>\n\n\n\n<h3 class=\"wp-block-heading\" id=\"h-5-tenses-and-tense-comparison\">5. Porovnanie nap\u00e4tia a nap\u00e4tia:<\/h3>\n\n\n\n<p>Afrik\u00e1n\u010dina m\u00e1 tri hlavn\u00e9 \u010dasy: minulos\u0165, pr\u00edtomnos\u0165 a bud\u00facnos\u0165. Nau\u010di\u0165 sa, ako vytv\u00e1ra\u0165 a porovn\u00e1va\u0165 tieto \u010dasy, je rozhoduj\u00face pre pochopenie a hovorenie jazykom.<\/p>\n\n\n\n<h3 class=\"wp-block-heading\" id=\"h-6-progressive-and-perfect-progressive\">6. Progres\u00edvne a dokonal\u00e9 progres\u00edvne:<\/h3>\n\n\n\n<p>Progres\u00edvny \u010das sa pou\u017e\u00edva na opis prebiehaj\u00facich akci\u00ed, zatia\u013e \u010do dokonal\u00fd progres\u00edvny ozna\u010duje akcie, ktor\u00e9 boli dokon\u010den\u00e9. <a href=\"https:\/\/talkpal.ai\/sk\/ucenie\/\">U\u010denie sa<\/a> t\u00fdchto \u010dasov pom\u00e1ha jasne vyjadri\u0165 \u010diny.<\/p>\n\n\n\n<h3 class=\"wp-block-heading\" id=\"h-7-adverbs\">7. Pr\u00edslovky:<\/h3>\n\n\n\n<p>Pr\u00edslovky upravuj\u00fa sloves\u00e1, pr\u00eddavn\u00e9 men\u00e1 alebo in\u00e9 pr\u00edslovky a poskytuj\u00fa viac inform\u00e1ci\u00ed o akcii, kvalite alebo sp\u00f4sobe. S\u00fa d\u00f4le\u017eit\u00e9 pre pridanie podrobnost\u00ed do va\u0161ich viet.<\/p>\n\n\n\n<h3 class=\"wp-block-heading\" id=\"h-8-prepositions\">8. Predlo\u017eky:<\/h3>\n\n\n\n<p>Predlo\u017eky s\u00fa slov\u00e1, ktor\u00e9 ukazuj\u00fa vz\u0165ah medzi podstatn\u00fdmi menami alebo z\u00e1menami a in\u00fdmi slovami vo vete. S\u00fa rozhoduj\u00face pre vyjadrenie polohy, smeru, \u010dasu a in\u00fdch vz\u0165ahov.<\/p>\n\n\n\n<h3 class=\"wp-block-heading\" id=\"h-9-conditionals\">9. Podmienky:<\/h3>\n\n\n\n<p>Podmiene\u010dn\u00e9 tresty vyjadruj\u00fa \u010dinnos\u0165 alebo stav, ktor\u00fd z\u00e1vis\u00ed od splnenia podmienky. Podmienen\u00e9 u\u010denie v\u00e1m pom\u00f4\u017ee vyjadri\u0165 hypotetick\u00e9 situ\u00e1cie a d\u00f4sledky.<\/p>\n\n\n\n<h3 class=\"wp-block-heading\" id=\"h-10-sentences\">10. Vety:<\/h3>\n\n\n\n<p>Pochopenie \u0161trukt\u00fary afrik\u00e1nskych viet je rozhoduj\u00face pre vytvorenie vlastn\u00fdch viet a pochopenie toho, \u010do hovoria ostatn\u00ed. Vedie\u0165, ako pou\u017e\u00edva\u0165 v\u0161etky vy\u0161\u0161ie uveden\u00e9 gramatick\u00e9 komponenty, v\u00e1m pom\u00f4\u017ee vytvori\u0165 jasn\u00e9 a s\u00favisl\u00e9 vety.<\/p>\n<\/div><\/div>\n\r\n<section class=\"learnNavigationSection\">\r\n            \r\n        <a href=\"https:\/\/talkpal.ai\/sk\/naucte-sa-afrikancinu\/\">\r\n            <div class=\"learnNavigationWrapper\">\r\n                <div class=\"learnNavigationContent\">\r\n                    <img decoding=\"async\" src=\"https:\/\/talkpal.ai\/wp-content\/uploads\/2024\/08\/Afrikaans.jpg\" alt=\"South Africa Flag\">\r\n                    <div>\r\n                        <h4>O u\u010den\u00ed afrik\u00e1n\u010diny<\/h4>\r\n                        <p>Zistite v\u0161etko o afrik\u00e1nskej gramatike.<\/p>\r\n                    <\/div>\r\n                <\/div>\r\n            <\/div>\r\n        <\/a>\r\n\r\n        \r\n        <a href=\"https:\/\/talkpal.ai\/sk\/afrikanska-gramatika\/\">\r\n            <div class=\"learnNavigationWrapper\">\r\n                <div class=\"learnNavigationContent\">\r\n                    <img decoding=\"async\" src=\"https:\/\/talkpal.ai\/wp-content\/uploads\/2024\/08\/Afrikaans.jpg\" alt=\"South Africa Flag\">\r\n                    <div>\r\n                        <h4>Afrik\u00e1nske gramatick\u00e9 lekcie<\/h4>\r\n                        <p>Precvi\u010dte si afrik\u00e1nsku gramatiku.<\/p>\r\n                    <\/div>\r\n                <\/div>\r\n            <\/div>\r\n        <\/a>\r\n\r\n        \r\n        <a href=\"https:\/\/talkpal.ai\/vocabulary_language\/afrikaans\/\">\r\n            <div class=\"learnNavigationWrapper\">\r\n                <div class=\"learnNavigationContent\">\r\n                    <img decoding=\"async\" src=\"https:\/\/talkpal.ai\/wp-content\/uploads\/2024\/08\/Afrikaans.jpg\" alt=\"South Africa Flag\">\r\n                    <div>\r\n                        <h4>Slovn\u00e1 z\u00e1soba afrik\u00e1n\u010diny<\/h4>\r\n                        <p>Roz\u0161\u00edrte si slovn\u00fa z\u00e1sobu afrik\u00e1n\u010diny.<\/p>\r\n                    <\/div>\r\n                <\/div>\r\n            <\/div>\r\n        <\/a>\r\n\r\n            <\/section>","protected":false},"excerpt":{"rendered":"<p>Afrik\u00e1nske gramatick\u00e9 t\u00e9my Afrik\u00e1n\u010dina, z\u00e1padogerm\u00e1nsky jazyk, je jedn\u00fdm z jeden\u00e1stich \u00faradn\u00fdch jazykov Ju\u017enej Afriky a hovor\u00ed \u0148ou pribli\u017ene 6 mili\u00f3nov \u013eud\u00ed. U\u010denie afrik\u00e1n\u010diny m\u00f4\u017ee by\u0165 obohacuj\u00facou a obohacuj\u00facou sk\u00fasenos\u0165ou, preto\u017ee sa hovor\u00ed nielen v Ju\u017enej Afrike, ale aj v Nam\u00edbii av men\u0161ej miere v Zimbabwe a Botswane. Jazyk je relat\u00edvne \u013eahko nau\u010dite\u013en\u00fd, najm\u00e4 pre anglicky [&hellip;]<\/p>\n","protected":false},"author":6,"featured_media":108869,"parent":0,"menu_order":0,"comment_status":"closed","ping_status":"closed","template":"LearningContentPage.php","meta":{"_acf_changed":false,"footnotes":""},"class_list":["post-154241","page","type-page","status-publish","has-post-thumbnail","hentry"],"acf":[],"yoast_head":"<!-- This site is optimized with the Yoast SEO Premium plugin v27.2 (Yoast SEO v27.2) - https:\/\/yoast.com\/product\/yoast-seo-premium-wordpress\/ -->\n<title>Afrik\u00e1nske gramatick\u00e9 cvi\u010denia - Talkpal<\/title>\n<meta name=\"description\" content=\"Ovl\u00e1dnite afrik\u00e1n\u010dinu pomocou p\u00fatav\u00fdch cvi\u010den\u00ed z afrik\u00e1nskej gramatiky, ktor\u00e9 s\u00fa ur\u010den\u00e9 na zlep\u0161enie va\u0161ich jazykov\u00fdch zru\u010dnost\u00ed a plynulosti.\" \/>\n<meta name=\"robots\" content=\"index, follow, max-snippet:-1, max-image-preview:large, max-video-preview:-1\" \/>\n<link rel=\"canonical\" href=\"https:\/\/talkpal.ai\/sk\/afrikanske-gramaticke-cvicenia\/\" \/>\n<meta property=\"og:locale\" content=\"sk_SK\" \/>\n<meta property=\"og:type\" content=\"article\" \/>\n<meta property=\"og:title\" content=\"Afrik\u00e1nske gramatick\u00e9 cvi\u010denia\" \/>\n<meta property=\"og:description\" content=\"Afrik\u00e1nske gramatick\u00e9 t\u00e9my Afrik\u00e1n\u010dina, z\u00e1padogerm\u00e1nsky jazyk, je jedn\u00fdm z jeden\u00e1stich \u00faradn\u00fdch jazykov Ju\u017enej Afriky a hovor\u00ed \u0148ou pribli\u017ene 6 mili\u00f3nov\" \/>\n<meta property=\"og:url\" content=\"https:\/\/talkpal.ai\/sk\/afrikanske-gramaticke-cvicenia\/\" \/>\n<meta property=\"og:site_name\" content=\"Talkpal\" \/>\n<meta property=\"article:publisher\" content=\"https:\/\/www.facebook.com\/profile.php?id=100090733639311\" \/>\n<meta property=\"article:modified_time\" content=\"2025-05-23T14:06:15+00:00\" \/>\n<meta property=\"og:image\" content=\"https:\/\/talkpal.ai\/wp-content\/uploads\/2023\/05\/south-africa.png\" \/>\n\t<meta property=\"og:image:width\" content=\"512\" \/>\n\t<meta property=\"og:image:height\" content=\"512\" \/>\n\t<meta property=\"og:image:type\" content=\"image\/png\" \/>\n<meta name=\"twitter:card\" content=\"summary_large_image\" \/>\n<meta name=\"twitter:site\" content=\"@talkpalai\" \/>\n<meta name=\"twitter:label1\" content=\"Predpokladan\u00fd \u010das \u010d\u00edtania\" \/>\n\t<meta name=\"twitter:data1\" content=\"3 min\u00faty\" \/>\n<script type=\"application\/ld+json\" class=\"yoast-schema-graph\">{\"@context\":\"https:\/\/schema.org\",\"@graph\":[{\"@type\":\"WebPage\",\"@id\":\"https:\/\/talkpal.ai\/sk\/afrikanske-gramaticke-cvicenia\/\",\"url\":\"https:\/\/talkpal.ai\/sk\/afrikanske-gramaticke-cvicenia\/\",\"name\":\"Afrik\u00e1nske gramatick\u00e9 cvi\u010denia - Talkpal\",\"isPartOf\":{\"@id\":\"https:\/\/talkpal.ai\/sk\/#website\"},\"primaryImageOfPage\":{\"@id\":\"https:\/\/talkpal.ai\/sk\/afrikanske-gramaticke-cvicenia\/#primaryimage\"},\"image\":{\"@id\":\"https:\/\/talkpal.ai\/sk\/afrikanske-gramaticke-cvicenia\/#primaryimage\"},\"thumbnailUrl\":\"https:\/\/talkpal.ai\/wp-content\/uploads\/2023\/05\/south-africa.png\",\"datePublished\":\"2023-06-16T11:18:42+00:00\",\"dateModified\":\"2025-05-23T14:06:15+00:00\",\"description\":\"Ovl\u00e1dnite afrik\u00e1n\u010dinu pomocou p\u00fatav\u00fdch cvi\u010den\u00ed z afrik\u00e1nskej gramatiky, ktor\u00e9 s\u00fa ur\u010den\u00e9 na zlep\u0161enie va\u0161ich jazykov\u00fdch zru\u010dnost\u00ed a plynulosti.\",\"breadcrumb\":{\"@id\":\"https:\/\/talkpal.ai\/sk\/afrikanske-gramaticke-cvicenia\/#breadcrumb\"},\"inLanguage\":\"sk-SK\",\"potentialAction\":[{\"@type\":\"ReadAction\",\"target\":[\"https:\/\/talkpal.ai\/sk\/afrikanske-gramaticke-cvicenia\/\"]}]},{\"@type\":\"ImageObject\",\"inLanguage\":\"sk-SK\",\"@id\":\"https:\/\/talkpal.ai\/sk\/afrikanske-gramaticke-cvicenia\/#primaryimage\",\"url\":\"https:\/\/talkpal.ai\/wp-content\/uploads\/2023\/05\/south-africa.png\",\"contentUrl\":\"https:\/\/talkpal.ai\/wp-content\/uploads\/2023\/05\/south-africa.png\",\"width\":512,\"height\":512},{\"@type\":\"BreadcrumbList\",\"@id\":\"https:\/\/talkpal.ai\/sk\/afrikanske-gramaticke-cvicenia\/#breadcrumb\",\"itemListElement\":[{\"@type\":\"ListItem\",\"position\":1,\"name\":\"Homepage\",\"item\":\"https:\/\/talkpal.ai\/sk\/\"},{\"@type\":\"ListItem\",\"position\":2,\"name\":\"Afrik\u00e1nske gramatick\u00e9 cvi\u010denia\"}]},{\"@type\":\"WebSite\",\"@id\":\"https:\/\/talkpal.ai\/sk\/#website\",\"url\":\"https:\/\/talkpal.ai\/sk\/\",\"name\":\"Talkpal\",\"description\":\"AI Language Learning\",\"publisher\":{\"@id\":\"https:\/\/talkpal.ai\/sk\/#organization\"},\"alternateName\":\"Talkpal AI\",\"potentialAction\":[{\"@type\":\"SearchAction\",\"target\":{\"@type\":\"EntryPoint\",\"urlTemplate\":\"https:\/\/talkpal.ai\/sk\/?s={search_term_string}\"},\"query-input\":{\"@type\":\"PropertyValueSpecification\",\"valueRequired\":true,\"valueName\":\"search_term_string\"}}],\"inLanguage\":\"sk-SK\"},{\"@type\":\"Organization\",\"@id\":\"https:\/\/talkpal.ai\/sk\/#organization\",\"name\":\"Talkpal, Inc.\",\"alternateName\":\"Talkpal AI\",\"url\":\"https:\/\/talkpal.ai\/sk\/\",\"logo\":{\"@type\":\"ImageObject\",\"inLanguage\":\"sk-SK\",\"@id\":\"https:\/\/talkpal.ai\/sk\/#\/schema\/logo\/image\/\",\"url\":\"https:\/\/talkpal.ai\/wp-content\/uploads\/2024\/03\/Talkpal-Logo-Icon.png\",\"contentUrl\":\"https:\/\/talkpal.ai\/wp-content\/uploads\/2024\/03\/Talkpal-Logo-Icon.png\",\"width\":2880,\"height\":2880,\"caption\":\"Talkpal, Inc.\"},\"image\":{\"@id\":\"https:\/\/talkpal.ai\/sk\/#\/schema\/logo\/image\/\"},\"sameAs\":[\"https:\/\/www.facebook.com\/profile.php?id=100090733639311\",\"https:\/\/x.com\/talkpalai\",\"https:\/\/www.linkedin.com\/company\/talkpal\/\",\"https:\/\/www.youtube.com\/@TalkPal\/\",\"https:\/\/www.tiktok.com\/@talkpal\",\"https:\/\/www.instagram.com\/talkpal_ai\/\",\"https:\/\/www.crunchbase.com\/organization\/talkpal-9cde\",\"https:\/\/www.g2.com\/products\/talkpal-for-business\/\",\"https:\/\/www.trustpilot.com\/review\/talkpal.ai\",\"https:\/\/www.capterra.com\/p\/10006800\/TalkPal\/\"],\"description\":\"Talkpal is a language learning web and mobile education app, powered by the latest AI technologies, that provides engaging experiences to its customers in many different languages to help them improve their language skills. Users can chat about unlimited amount of topics with the app and use other modes to practice their language learning.\",\"email\":\"support@talkpal.ai\",\"legalName\":\"Talkpal, Inc.\",\"foundingDate\":\"2023-04-03\",\"duns\":\"118989042\",\"numberOfEmployees\":{\"@type\":\"QuantitativeValue\",\"minValue\":\"11\",\"maxValue\":\"50\"},\"publishingPrinciples\":\"https:\/\/talkpal.ai\/publishing-principles\/\",\"actionableFeedbackPolicy\":\"https:\/\/talkpal.ai\/actionable-feedback-policy\/\",\"correctionsPolicy\":\"https:\/\/talkpal.ai\/corrections-policy\/\",\"ethicsPolicy\":\"https:\/\/talkpal.ai\/ethics-policy\/\",\"diversityPolicy\":\"https:\/\/talkpal.ai\/diversity-policy\/\",\"diversityStaffingReport\":\"https:\/\/talkpal.ai\/diversity-policy\/\"}]}<\/script>\n<!-- \/ Yoast SEO Premium plugin. -->","yoast_head_json":{"title":"Afrik\u00e1nske gramatick\u00e9 cvi\u010denia - Talkpal","description":"Ovl\u00e1dnite afrik\u00e1n\u010dinu pomocou p\u00fatav\u00fdch cvi\u010den\u00ed z afrik\u00e1nskej gramatiky, ktor\u00e9 s\u00fa ur\u010den\u00e9 na zlep\u0161enie va\u0161ich jazykov\u00fdch zru\u010dnost\u00ed a plynulosti.","robots":{"index":"index","follow":"follow","max-snippet":"max-snippet:-1","max-image-preview":"max-image-preview:large","max-video-preview":"max-video-preview:-1"},"canonical":"https:\/\/talkpal.ai\/sk\/afrikanske-gramaticke-cvicenia\/","og_locale":"sk_SK","og_type":"article","og_title":"Afrik\u00e1nske gramatick\u00e9 cvi\u010denia","og_description":"Afrik\u00e1nske gramatick\u00e9 t\u00e9my Afrik\u00e1n\u010dina, z\u00e1padogerm\u00e1nsky jazyk, je jedn\u00fdm z jeden\u00e1stich \u00faradn\u00fdch jazykov Ju\u017enej Afriky a hovor\u00ed \u0148ou pribli\u017ene 6 mili\u00f3nov","og_url":"https:\/\/talkpal.ai\/sk\/afrikanske-gramaticke-cvicenia\/","og_site_name":"Talkpal","article_publisher":"https:\/\/www.facebook.com\/profile.php?id=100090733639311","article_modified_time":"2025-05-23T14:06:15+00:00","og_image":[{"width":512,"height":512,"url":"https:\/\/talkpal.ai\/wp-content\/uploads\/2023\/05\/south-africa.png","type":"image\/png"}],"twitter_card":"summary_large_image","twitter_site":"@talkpalai","twitter_misc":{"Predpokladan\u00fd \u010das \u010d\u00edtania":"3 min\u00faty"},"schema":{"@context":"https:\/\/schema.org","@graph":[{"@type":"WebPage","@id":"https:\/\/talkpal.ai\/sk\/afrikanske-gramaticke-cvicenia\/","url":"https:\/\/talkpal.ai\/sk\/afrikanske-gramaticke-cvicenia\/","name":"Afrik\u00e1nske gramatick\u00e9 cvi\u010denia - Talkpal","isPartOf":{"@id":"https:\/\/talkpal.ai\/sk\/#website"},"primaryImageOfPage":{"@id":"https:\/\/talkpal.ai\/sk\/afrikanske-gramaticke-cvicenia\/#primaryimage"},"image":{"@id":"https:\/\/talkpal.ai\/sk\/afrikanske-gramaticke-cvicenia\/#primaryimage"},"thumbnailUrl":"https:\/\/talkpal.ai\/wp-content\/uploads\/2023\/05\/south-africa.png","datePublished":"2023-06-16T11:18:42+00:00","dateModified":"2025-05-23T14:06:15+00:00","description":"Ovl\u00e1dnite afrik\u00e1n\u010dinu pomocou p\u00fatav\u00fdch cvi\u010den\u00ed z afrik\u00e1nskej gramatiky, ktor\u00e9 s\u00fa ur\u010den\u00e9 na zlep\u0161enie va\u0161ich jazykov\u00fdch zru\u010dnost\u00ed a plynulosti.","breadcrumb":{"@id":"https:\/\/talkpal.ai\/sk\/afrikanske-gramaticke-cvicenia\/#breadcrumb"},"inLanguage":"sk-SK","potentialAction":[{"@type":"ReadAction","target":["https:\/\/talkpal.ai\/sk\/afrikanske-gramaticke-cvicenia\/"]}]},{"@type":"ImageObject","inLanguage":"sk-SK","@id":"https:\/\/talkpal.ai\/sk\/afrikanske-gramaticke-cvicenia\/#primaryimage","url":"https:\/\/talkpal.ai\/wp-content\/uploads\/2023\/05\/south-africa.png","contentUrl":"https:\/\/talkpal.ai\/wp-content\/uploads\/2023\/05\/south-africa.png","width":512,"height":512},{"@type":"BreadcrumbList","@id":"https:\/\/talkpal.ai\/sk\/afrikanske-gramaticke-cvicenia\/#breadcrumb","itemListElement":[{"@type":"ListItem","position":1,"name":"Homepage","item":"https:\/\/talkpal.ai\/sk\/"},{"@type":"ListItem","position":2,"name":"Afrik\u00e1nske gramatick\u00e9 cvi\u010denia"}]},{"@type":"WebSite","@id":"https:\/\/talkpal.ai\/sk\/#website","url":"https:\/\/talkpal.ai\/sk\/","name":"Talkpal","description":"AI Language Learning","publisher":{"@id":"https:\/\/talkpal.ai\/sk\/#organization"},"alternateName":"Talkpal AI","potentialAction":[{"@type":"SearchAction","target":{"@type":"EntryPoint","urlTemplate":"https:\/\/talkpal.ai\/sk\/?s={search_term_string}"},"query-input":{"@type":"PropertyValueSpecification","valueRequired":true,"valueName":"search_term_string"}}],"inLanguage":"sk-SK"},{"@type":"Organization","@id":"https:\/\/talkpal.ai\/sk\/#organization","name":"Talkpal, Inc.","alternateName":"Talkpal AI","url":"https:\/\/talkpal.ai\/sk\/","logo":{"@type":"ImageObject","inLanguage":"sk-SK","@id":"https:\/\/talkpal.ai\/sk\/#\/schema\/logo\/image\/","url":"https:\/\/talkpal.ai\/wp-content\/uploads\/2024\/03\/Talkpal-Logo-Icon.png","contentUrl":"https:\/\/talkpal.ai\/wp-content\/uploads\/2024\/03\/Talkpal-Logo-Icon.png","width":2880,"height":2880,"caption":"Talkpal, Inc."},"image":{"@id":"https:\/\/talkpal.ai\/sk\/#\/schema\/logo\/image\/"},"sameAs":["https:\/\/www.facebook.com\/profile.php?id=100090733639311","https:\/\/x.com\/talkpalai","https:\/\/www.linkedin.com\/company\/talkpal\/","https:\/\/www.youtube.com\/@TalkPal\/","https:\/\/www.tiktok.com\/@talkpal","https:\/\/www.instagram.com\/talkpal_ai\/","https:\/\/www.crunchbase.com\/organization\/talkpal-9cde","https:\/\/www.g2.com\/products\/talkpal-for-business\/","https:\/\/www.trustpilot.com\/review\/talkpal.ai","https:\/\/www.capterra.com\/p\/10006800\/TalkPal\/"],"description":"Talkpal is a language learning web and mobile education app, powered by the latest AI technologies, that provides engaging experiences to its customers in many different languages to help them improve their language skills. Users can chat about unlimited amount of topics with the app and use other modes to practice their language learning.","email":"support@talkpal.ai","legalName":"Talkpal, Inc.","foundingDate":"2023-04-03","duns":"118989042","numberOfEmployees":{"@type":"QuantitativeValue","minValue":"11","maxValue":"50"},"publishingPrinciples":"https:\/\/talkpal.ai\/publishing-principles\/","actionableFeedbackPolicy":"https:\/\/talkpal.ai\/actionable-feedback-policy\/","correctionsPolicy":"https:\/\/talkpal.ai\/corrections-policy\/","ethicsPolicy":"https:\/\/talkpal.ai\/ethics-policy\/","diversityPolicy":"https:\/\/talkpal.ai\/diversity-policy\/","diversityStaffingReport":"https:\/\/talkpal.ai\/diversity-policy\/"}]}},"_links":{"self":[{"href":"https:\/\/talkpal.ai\/sk\/wp-json\/wp\/v2\/pages\/154241","targetHints":{"allow":["GET"]}}],"collection":[{"href":"https:\/\/talkpal.ai\/sk\/wp-json\/wp\/v2\/pages"}],"about":[{"href":"https:\/\/talkpal.ai\/sk\/wp-json\/wp\/v2\/types\/page"}],"author":[{"embeddable":true,"href":"https:\/\/talkpal.ai\/sk\/wp-json\/wp\/v2\/users\/6"}],"replies":[{"embeddable":true,"href":"https:\/\/talkpal.ai\/sk\/wp-json\/wp\/v2\/comments?post=154241"}],"version-history":[{"count":0,"href":"https:\/\/talkpal.ai\/sk\/wp-json\/wp\/v2\/pages\/154241\/revisions"}],"wp:featuredmedia":[{"embeddable":true,"href":"https:\/\/talkpal.ai\/sk\/wp-json\/wp\/v2\/media\/108869"}],"wp:attachment":[{"href":"https:\/\/talkpal.ai\/sk\/wp-json\/wp\/v2\/media?parent=154241"}],"curies":[{"name":"wp","href":"https:\/\/api.w.org\/{rel}","templated":true}]}}