{"id":153721,"date":"2023-05-14T14:25:05","date_gmt":"2023-05-14T14:25:05","guid":{"rendered":"http:\/\/talkpal.ai\/swahilska-gramatika\/"},"modified":"2025-12-13T15:50:48","modified_gmt":"2025-12-13T15:50:48","slug":"swahilska-gramatika","status":"publish","type":"page","link":"https:\/\/talkpal.ai\/sk\/swahilska-gramatika\/","title":{"rendered":"Swahilsk\u00e1 gramatika"},"content":{"rendered":"\r\n\r\n\r\n<section class=\"languageChallengeSection\">\r\n    <div class=\"languageInfoWrapper\">\r\n        \r\n        <h1>Swahilsk\u00e1 gramatika<\/h1>\r\n        <p>Odha\u013ete tajomstv\u00e1 svahilskej gramatiky a zlep\u0161ite svoje jazykov\u00e9 zru\u010dnosti pomocou p\u00fatav\u00fdch lekci\u00ed a pr\u00edkladov z re\u00e1lneho \u017eivota. Ponorte sa do z\u00e1kladov \u0161trukt\u00fary vety, slovesn\u00fdch vzorov a z\u00e1kladn\u00fdch gramatick\u00fdch pravidiel. Precvi\u010dte si z\u00edskan\u00e9 poznatky pomocou interakt\u00edvnych cvi\u010den\u00ed, ktor\u00e9 v\u00e1m pom\u00f4\u017eu upevni\u0165 si vedomosti. Za\u010dnite ovl\u00e1da\u0165 svahilsk\u00fa gramatiku e\u0161te dnes a komunikujte s v\u00e4\u010d\u0161ou istotou!<\/p>\r\n\r\n                            <a class=\"getStartedHidden\" href=\"https:\/\/app.talkpal.ai\/sk\/signup?lng=\">Za\u010dni<\/a>\r\n        \r\n    <\/div>\r\n\r\n    <figure>\r\n    <img decoding=\"async\" width=\"768\" height=\"768\" src=\"https:\/\/talkpal.ai\/wp-content\/uploads\/2023\/06\/Swahili-768x768.png\" class=\"languageImage no-lazy\" alt=\"Secrets to master language learning\" fetchpriority=\"high\" sizes=\"(max-width: 768px) 150px, 768px\" srcset=\"https:\/\/talkpal.ai\/wp-content\/uploads\/2023\/06\/Swahili-768x768.png 768w, https:\/\/talkpal.ai\/wp-content\/uploads\/2023\/06\/Swahili-300x300.png 300w\" \/>\r\n    \r\n\r\n    <\/figure>\r\n\r\n            <a class=\"getStartedVisible\" href=\"https:\/\/app.talkpal.ai\/sk\/signup?lng=\">Za\u010dni<\/a>\r\n    \r\n<\/section>\r\n<section class=\"promotionalBanner\">\r\n    <p class=\"promotionalText\">Najefekt\u00edvnej\u0161\u00ed sp\u00f4sob, ako sa nau\u010di\u0165 jazyk<\/p>\r\n    <a class=\"promotionalLink\" href=\"https:\/\/app.talkpal.ai\/sk\/signup?lng=\">Vysk\u00fa\u0161ajte Talkpal zadarmo<\/a>\r\n<\/section>\n<div class=\"wp-block-group pageContainerStyle\"><div class=\"wp-block-group__inner-container is-layout-constrained wp-block-group-is-layout-constrained\">\n<h2 class=\"wp-block-heading\" id=\"h-swahili-grammar-demystifying-the-linguistic-adventure\">Swahilsk\u00e1 gramatika: Demystifik\u00e1cia jazykov\u00e9ho dobrodru\u017estva<\/h2>\n\n\n\n<p><a href=\"https:\/\/talkpal.ai\/swahili-grammar\/\">Svahilsk\u00e1 gramatika<\/a> &#8211; l\u00e1kav\u00e1 a z\u00e1rove\u0148 z\u00e1hadn\u00e1, plynul\u00e1 a z\u00e1rove\u0148 fascinuj\u00faca, \u017eiv\u00e1 a z\u00e1rove\u0148 fascinuj\u00faca. Ke\u010f sa vyd\u00e1te na svoju jazykov\u00fa cestu do swahilsk\u00e9ho jazyka, m\u00f4\u017eete sa stretn\u00fa\u0165 so zmesou fascin\u00e1cie a neistoty. Netr\u00e1pte sa, kolegovia jazykov\u00ed fanatici! Sme tu, aby sme v\u00e1m pomohli zorientova\u0165 sa v t\u00fdchto vzru\u0161uj\u00facich jazykov\u00fdch vod\u00e1ch!<\/p>\n\n\n\n<p>V tomto \u010dl\u00e1nku poskytneme komplexn\u00fd preh\u013ead swahilskej gramatiky, presk\u00famame k\u013e\u00fa\u010dov\u00e9 komponenty, pon\u00fakneme vysvetlenia a pr\u00edklady a zjednodu\u0161\u00edme zlo\u017eitosti. Po\u010fme teda odhali\u0165 \u010daro svahil\u010diny a poodhali\u0165 tajomstv\u00e1 jej gramatiky!<\/p>\n\n\n\n<h3 class=\"wp-block-heading\" id=\"h-1-noun-classes-from-people-to-abstract-ideas\">1. Triedy podstatn\u00fdch mien: od \u013eud\u00ed k abstraktn\u00fdm my\u0161lienkam<\/h3>\n\n\n\n<p><a href=\"https:\/\/talkpal.ai\/swahili-grammar\/\">Swahilsk\u00e1 gramatika<\/a> sa to\u010d\u00ed okolo charakteristick\u00e9ho, ale nevyhnutn\u00e9ho syst\u00e9mu klasifik\u00e1cie podstatn\u00fdch mien. Podstatn\u00e9 men\u00e1 s\u00fa usporiadan\u00e9 do r\u00f4znych tried na z\u00e1klade ich v\u00fdznamu alebo charakterist\u00edk a ka\u017ed\u00e1 trieda m\u00e1 \u0161pecifick\u00fa predponu. Aj ke\u010f sa to m\u00f4\u017ee zda\u0165 zastra\u0161uj\u00face, je to rozhoduj\u00face pri vytv\u00e1ran\u00ed zhody medzi podstatn\u00fdmi menami, pr\u00eddavn\u00fdmi menami a slovesami.<\/p>\n\n\n\n<p>Ak chcete tento proces zjednodu\u0161i\u0165, za\u010dnite zameran\u00edm sa na najbe\u017enej\u0161ie triedy podstatn\u00fdch mien:<\/p>\n\n\n\n<p><strong>&#8211; Trieda 1: \u013dudia (napr. mtu &#8211; person)<\/strong><\/p>\n\n\n\n<p><strong>&#8211; Trieda 2: mno\u017en\u00e9 \u010d\u00edslo podstatn\u00fdch mien triedy 1 (napr. watu &#8211; \u013eudia)<\/strong><\/p>\n\n\n\n<p><strong>&#8211; Trieda 3: Stromy, rastliny a abstraktn\u00e9 podstatn\u00e9 men\u00e1 (napr. mti &#8211; strom)<\/strong><\/p>\n\n\n\n<p><strong>&#8211; Trieda 4: Ne\u017eiv\u00e9 predmety a abstraktn\u00e9 podstatn\u00e9 men\u00e1 (napr. kiti &#8211; stoli\u010dka)<\/strong><\/p>\n\n\n\n<p>Pam\u00e4tajte, \u017ee prax rob\u00ed majstra a pochopenie tried podstatn\u00fdch mien bude \u010dasom jednoduch\u0161ie!<\/p>\n\n\n\n<h3 class=\"wp-block-heading\" id=\"h-2-adjectives-from-basic-to-intricate-agreement\">2. Pr\u00eddavn\u00e9 men\u00e1: od z\u00e1kladnej k zlo\u017eitej dohode<\/h3>\n\n\n\n<p>Pr\u00eddavn\u00e9 men\u00e1 v swahil\u010dine s\u00fahlasia s triedou podstatn\u00e9ho mena a \u010d\u00edslom, ktor\u00e9 upravuj\u00fa. V d\u00f4sledku toho maj\u00fa pr\u00eddavn\u00e9 men\u00e1 viac predp\u00f4n, ktor\u00e9 zodpovedaj\u00fa r\u00f4znym triedam podstatn\u00fdch mien. Dobrou spr\u00e1vou je, \u017ee mnoh\u00e9 pr\u00eddavn\u00e9 men\u00e1 zdie\u013eaj\u00fa rovnak\u00e9 kore\u0148ov\u00e9 slovo, v\u010faka \u010domu je ich u\u010denie lep\u0161ie zvl\u00e1dnute\u013en\u00e9.<\/p>\n\n\n\n<p>Napr\u00edklad kore\u0148 &#8222;-refu&#8220; znamen\u00e1 &#8222;dlh\u00fd&#8220;. V z\u00e1vislosti od triedy podstatn\u00e9ho mena sa m\u00f4\u017ee vyskytova\u0165 ako &#8222;mrefu&#8220; (trieda 1), &#8222;wazuri&#8220; (trieda 2), &#8222;jurefu&#8220; (trieda 3) at\u010f. S praxou bude uchopenie dohody pr\u00eddavn\u00fdch mien a podstatn\u00fdch mien hra\u010dkou!<\/p>\n\n\n\n<h3 class=\"wp-block-heading\" id=\"h-3-verbs-tense-subject-and-object\">3. Sloves\u00e1: \u010das, podmet a predmet<\/h3>\n\n\n\n<p>Swahilsk\u00e9 sloves\u00e1 s\u00fa ako efekt\u00edvne no\u017ee \u0161vaj\u010diarskej arm\u00e1dy, kompaktne vyjadruj\u00face nap\u00e4tie, predmet a predmet, v\u0161etko v jednom \u00fah\u013eadnom balen\u00ed. \u010casy s\u00fa tvoren\u00e9 pripojen\u00edm zna\u010diek \u010dasu ku kore\u0148u slovesa, zatia\u013e \u010do zna\u010dky predmetov a objektov vyjadruj\u00fa, kto je zapojen\u00fd do akcie.<\/p>\n\n\n\n<p>Napr\u00edklad kore\u0148 &#8222;-soma&#8220; znamen\u00e1 &#8222;\u010d\u00edta\u0165&#8220;. Prid\u00e1van\u00edm r\u00f4znych predp\u00f4n a pr\u00edpon m\u00f4\u017eete vytvori\u0165 mno\u017estvo variantov: &#8222;anasoma&#8220; (\u010d\u00edta), &#8222;alisoma&#8220; (\u010d\u00edta) alebo &#8222;atasoma&#8220; (bude \u010d\u00edta\u0165).<\/p>\n\n\n\n<h3 class=\"wp-block-heading\" id=\"h-4-word-order-subject-verb-object-for-clarity\">4. Slovosled slov: podmet-sloveso-objekt pre preh\u013eadnos\u0165<\/h3>\n\n\n\n<p>Swahil\u010dina sleduje jednoduch\u00fd, ale jasn\u00fd slovosled subjekt-sloveso-objekt (SVO), podobn\u00fd angli\u010dtine, v\u010faka \u010domu je vetn\u00e1 kon\u0161trukcia menej sk\u013eu\u010duj\u00faca. Napr\u00edklad &#8222;Mwanafunzi anasoma kitabu&#8220; sa priamo preklad\u00e1 ako &#8222;\u0160tudent (subjekt) \u010d\u00edta (sloveso) knihu (objekt)&#8220;.<\/p>\n\n\n\n<h3 class=\"wp-block-heading\" id=\"h-5-embrace-the-challenges-practice-is-key\">5. Prijmite v\u00fdzvy: Prax je k\u013e\u00fa\u010dov\u00e1<\/h3>\n\n\n\n<p>Ponorenie sa do swahilskej gramatiky sa m\u00f4\u017ee na prv\u00fd poh\u013ead zda\u0165 trochu ohromuj\u00face. Majte v\u0161ak na pam\u00e4ti, \u017ee trpezlivos\u0165, prax a vytrvalos\u0165 s\u00fa tajomstvom \u00faspechu. Zapojte sa do jazyka prostredn\u00edctvom \u010d\u00edtania, p\u00edsania, po\u010d\u00favania a hovorenia, aby ste zlep\u0161ili svoje porozumenie a d\u00f4veru.<\/p>\n\n\n\n<p>Tak\u017ee ste pripraven\u00ed presk\u00fama\u0165 z\u00e1zraky swahilskej gramatiky? Prijmite jeho zlo\u017eitosti, vychutnajte si nuansy a pam\u00e4tajte, \u017ee s odhodlan\u00edm a nad\u0161en\u00edm m\u00f4\u017eete odomkn\u00fa\u0165 skuto\u010dn\u00fa kr\u00e1su swahilsk\u00e9ho jazyka. Bahati njema! (Ve\u013ea \u0161\u0165astia!)<\/p>\n<\/div><\/div>\n\r\n<section class=\"learnNavigationSection\">\r\n            \r\n        <a href=\"https:\/\/talkpal.ai\/sk\/naucte-sa-swahilcinu\/\">\r\n            <div class=\"learnNavigationWrapper\">\r\n                <div class=\"learnNavigationContent\">\r\n                    <img decoding=\"async\" src=\"https:\/\/talkpal.ai\/wp-content\/uploads\/2024\/08\/Swahili.jpg\" alt=\"Kenya and Tanzania Flags\">\r\n                    <div>\r\n                        <h4>O \u0161t\u00fadiu svahil\u010diny<\/h4>\r\n                        <p>Zistite v\u0161etko o swahilskej gramatike.<\/p>\r\n                    <\/div>\r\n                <\/div>\r\n            <\/div>\r\n        <\/a>\r\n\r\n        \r\n        <a href=\"https:\/\/talkpal.ai\/sk\/swahilske-gramaticke-cvicenia\/\">\r\n            <div class=\"learnNavigationWrapper\">\r\n                <div class=\"learnNavigationContent\">\r\n                    <img decoding=\"async\" src=\"https:\/\/talkpal.ai\/wp-content\/uploads\/2024\/08\/Swahili.jpg\" alt=\"Kenya and Tanzania Flags\">\r\n                    <div>\r\n                        <h4>Cvi\u010denie zo svahilskej gramatiky<\/h4>\r\n                        <p>Precvi\u010dte si swahilsk\u00fa gramatiku.<\/p>\r\n                    <\/div>\r\n                <\/div>\r\n            <\/div>\r\n        <\/a>\r\n\r\n        \r\n        <a href=\"https:\/\/talkpal.ai\/vocabulary_language\/swahili\/\">\r\n            <div class=\"learnNavigationWrapper\">\r\n                <div class=\"learnNavigationContent\">\r\n                    <img decoding=\"async\" src=\"https:\/\/talkpal.ai\/wp-content\/uploads\/2024\/08\/Swahili.jpg\" alt=\"Kenya and Tanzania Flags\">\r\n                    <div>\r\n                        <h4>Svahilsk\u00e1 slovn\u00e1 z\u00e1soba<\/h4>\r\n                        <p>Roz\u0161\u00edrte si slovn\u00fa z\u00e1sobu svahil\u010diny.<\/p>\r\n                    <\/div>\r\n                <\/div>\r\n            <\/div>\r\n        <\/a>\r\n\r\n            <\/section>","protected":false},"excerpt":{"rendered":"<p>Swahilsk\u00e1 gramatika: Demystifik\u00e1cia jazykov\u00e9ho dobrodru\u017estva Svahilsk\u00e1 gramatika &#8211; l\u00e1kav\u00e1 a z\u00e1rove\u0148 z\u00e1hadn\u00e1, plynul\u00e1 a z\u00e1rove\u0148 fascinuj\u00faca, \u017eiv\u00e1 a z\u00e1rove\u0148 fascinuj\u00faca. Ke\u010f sa vyd\u00e1te na svoju jazykov\u00fa cestu do swahilsk\u00e9ho jazyka, m\u00f4\u017eete sa stretn\u00fa\u0165 so zmesou fascin\u00e1cie a neistoty. Netr\u00e1pte sa, kolegovia jazykov\u00ed fanatici! Sme tu, aby sme v\u00e1m pomohli zorientova\u0165 sa v t\u00fdchto vzru\u0161uj\u00facich jazykov\u00fdch [&hellip;]<\/p>\n","protected":false},"author":1,"featured_media":153725,"parent":0,"menu_order":0,"comment_status":"closed","ping_status":"closed","template":"LearningContentPage.php","meta":{"_acf_changed":false,"footnotes":""},"class_list":["post-153721","page","type-page","status-publish","has-post-thumbnail","hentry"],"acf":[],"yoast_head":"<!-- This site is optimized with the Yoast SEO Premium plugin v27.2 (Yoast SEO v27.2) - https:\/\/yoast.com\/product\/yoast-seo-premium-wordpress\/ -->\n<title>Swahilsk\u00e1 gramatika - Talkpal<\/title>\n<meta name=\"description\" content=\"Odha\u013ete tajomstv\u00e1 svahilskej gramatiky pomocou n\u00e1\u0161ho komplexn\u00e9ho sprievodcu! Objavte jeho jedine\u010dn\u00e9 podstatn\u00e9 men\u00e1 a k\u013e\u00fa\u010dov\u00e9 komponenty.\" \/>\n<meta name=\"robots\" content=\"index, follow, max-snippet:-1, max-image-preview:large, max-video-preview:-1\" \/>\n<link rel=\"canonical\" href=\"https:\/\/talkpal.ai\/sk\/swahilska-gramatika\/\" \/>\n<meta property=\"og:locale\" content=\"sk_SK\" \/>\n<meta property=\"og:type\" content=\"article\" \/>\n<meta property=\"og:title\" content=\"Swahilsk\u00e1 gramatika\" \/>\n<meta property=\"og:description\" content=\"Swahilsk\u00e1 gramatika: Demystifik\u00e1cia jazykov\u00e9ho dobrodru\u017estva Svahilsk\u00e1 gramatika - l\u00e1kav\u00e1 a z\u00e1rove\u0148 z\u00e1hadn\u00e1, plynul\u00e1 a z\u00e1rove\u0148 fascinuj\u00faca, \u017eiv\u00e1 a z\u00e1rove\u0148\" \/>\n<meta property=\"og:url\" content=\"https:\/\/talkpal.ai\/sk\/swahilska-gramatika\/\" \/>\n<meta property=\"og:site_name\" content=\"Talkpal\" \/>\n<meta property=\"article:publisher\" content=\"https:\/\/www.facebook.com\/profile.php?id=100090733639311\" \/>\n<meta property=\"article:modified_time\" content=\"2025-12-13T15:50:48+00:00\" \/>\n<meta property=\"og:image\" content=\"https:\/\/talkpal.ai\/wp-content\/uploads\/2023\/05\/Swahili-tanzania.png\" \/>\n\t<meta property=\"og:image:width\" content=\"512\" \/>\n\t<meta property=\"og:image:height\" content=\"512\" \/>\n\t<meta property=\"og:image:type\" content=\"image\/png\" \/>\n<meta name=\"twitter:card\" content=\"summary_large_image\" \/>\n<meta name=\"twitter:site\" content=\"@talkpalai\" \/>\n<meta name=\"twitter:label1\" content=\"Predpokladan\u00fd \u010das \u010d\u00edtania\" \/>\n\t<meta name=\"twitter:data1\" content=\"3 min\u00faty\" \/>\n<script type=\"application\/ld+json\" class=\"yoast-schema-graph\">{\"@context\":\"https:\/\/schema.org\",\"@graph\":[{\"@type\":\"WebPage\",\"@id\":\"https:\/\/talkpal.ai\/sk\/swahilska-gramatika\/\",\"url\":\"https:\/\/talkpal.ai\/sk\/swahilska-gramatika\/\",\"name\":\"Swahilsk\u00e1 gramatika - Talkpal\",\"isPartOf\":{\"@id\":\"https:\/\/talkpal.ai\/sk\/#website\"},\"primaryImageOfPage\":{\"@id\":\"https:\/\/talkpal.ai\/sk\/swahilska-gramatika\/#primaryimage\"},\"image\":{\"@id\":\"https:\/\/talkpal.ai\/sk\/swahilska-gramatika\/#primaryimage\"},\"thumbnailUrl\":\"https:\/\/talkpal.ai\/wp-content\/uploads\/2023\/05\/Swahili-tanzania.png\",\"datePublished\":\"2023-05-14T14:25:05+00:00\",\"dateModified\":\"2025-12-13T15:50:48+00:00\",\"description\":\"Odha\u013ete tajomstv\u00e1 svahilskej gramatiky pomocou n\u00e1\u0161ho komplexn\u00e9ho sprievodcu! Objavte jeho jedine\u010dn\u00e9 podstatn\u00e9 men\u00e1 a k\u013e\u00fa\u010dov\u00e9 komponenty.\",\"breadcrumb\":{\"@id\":\"https:\/\/talkpal.ai\/sk\/swahilska-gramatika\/#breadcrumb\"},\"inLanguage\":\"sk-SK\",\"potentialAction\":[{\"@type\":\"ReadAction\",\"target\":[\"https:\/\/talkpal.ai\/sk\/swahilska-gramatika\/\"]}]},{\"@type\":\"ImageObject\",\"inLanguage\":\"sk-SK\",\"@id\":\"https:\/\/talkpal.ai\/sk\/swahilska-gramatika\/#primaryimage\",\"url\":\"https:\/\/talkpal.ai\/wp-content\/uploads\/2023\/05\/Swahili-tanzania.png\",\"contentUrl\":\"https:\/\/talkpal.ai\/wp-content\/uploads\/2023\/05\/Swahili-tanzania.png\",\"width\":512,\"height\":512},{\"@type\":\"BreadcrumbList\",\"@id\":\"https:\/\/talkpal.ai\/sk\/swahilska-gramatika\/#breadcrumb\",\"itemListElement\":[{\"@type\":\"ListItem\",\"position\":1,\"name\":\"Homepage\",\"item\":\"https:\/\/talkpal.ai\/sk\/\"},{\"@type\":\"ListItem\",\"position\":2,\"name\":\"Swahilsk\u00e1 gramatika\"}]},{\"@type\":\"WebSite\",\"@id\":\"https:\/\/talkpal.ai\/sk\/#website\",\"url\":\"https:\/\/talkpal.ai\/sk\/\",\"name\":\"Talkpal\",\"description\":\"AI Language Learning\",\"publisher\":{\"@id\":\"https:\/\/talkpal.ai\/sk\/#organization\"},\"alternateName\":\"Talkpal AI\",\"potentialAction\":[{\"@type\":\"SearchAction\",\"target\":{\"@type\":\"EntryPoint\",\"urlTemplate\":\"https:\/\/talkpal.ai\/sk\/?s={search_term_string}\"},\"query-input\":{\"@type\":\"PropertyValueSpecification\",\"valueRequired\":true,\"valueName\":\"search_term_string\"}}],\"inLanguage\":\"sk-SK\"},{\"@type\":\"Organization\",\"@id\":\"https:\/\/talkpal.ai\/sk\/#organization\",\"name\":\"Talkpal, Inc.\",\"alternateName\":\"Talkpal AI\",\"url\":\"https:\/\/talkpal.ai\/sk\/\",\"logo\":{\"@type\":\"ImageObject\",\"inLanguage\":\"sk-SK\",\"@id\":\"https:\/\/talkpal.ai\/sk\/#\/schema\/logo\/image\/\",\"url\":\"https:\/\/talkpal.ai\/wp-content\/uploads\/2024\/03\/Talkpal-Logo-Icon.png\",\"contentUrl\":\"https:\/\/talkpal.ai\/wp-content\/uploads\/2024\/03\/Talkpal-Logo-Icon.png\",\"width\":2880,\"height\":2880,\"caption\":\"Talkpal, Inc.\"},\"image\":{\"@id\":\"https:\/\/talkpal.ai\/sk\/#\/schema\/logo\/image\/\"},\"sameAs\":[\"https:\/\/www.facebook.com\/profile.php?id=100090733639311\",\"https:\/\/x.com\/talkpalai\",\"https:\/\/www.linkedin.com\/company\/talkpal\/\",\"https:\/\/www.youtube.com\/@TalkPal\/\",\"https:\/\/www.tiktok.com\/@talkpal\",\"https:\/\/www.instagram.com\/talkpal_ai\/\",\"https:\/\/www.crunchbase.com\/organization\/talkpal-9cde\",\"https:\/\/www.g2.com\/products\/talkpal-for-business\/\",\"https:\/\/www.trustpilot.com\/review\/talkpal.ai\",\"https:\/\/www.capterra.com\/p\/10006800\/TalkPal\/\"],\"description\":\"Talkpal is a language learning web and mobile education app, powered by the latest AI technologies, that provides engaging experiences to its customers in many different languages to help them improve their language skills. Users can chat about unlimited amount of topics with the app and use other modes to practice their language learning.\",\"email\":\"support@talkpal.ai\",\"legalName\":\"Talkpal, Inc.\",\"foundingDate\":\"2023-04-03\",\"duns\":\"118989042\",\"numberOfEmployees\":{\"@type\":\"QuantitativeValue\",\"minValue\":\"11\",\"maxValue\":\"50\"},\"publishingPrinciples\":\"https:\/\/talkpal.ai\/publishing-principles\/\",\"actionableFeedbackPolicy\":\"https:\/\/talkpal.ai\/actionable-feedback-policy\/\",\"correctionsPolicy\":\"https:\/\/talkpal.ai\/corrections-policy\/\",\"ethicsPolicy\":\"https:\/\/talkpal.ai\/ethics-policy\/\",\"diversityPolicy\":\"https:\/\/talkpal.ai\/diversity-policy\/\",\"diversityStaffingReport\":\"https:\/\/talkpal.ai\/diversity-policy\/\"}]}<\/script>\n<!-- \/ Yoast SEO Premium plugin. -->","yoast_head_json":{"title":"Swahilsk\u00e1 gramatika - Talkpal","description":"Odha\u013ete tajomstv\u00e1 svahilskej gramatiky pomocou n\u00e1\u0161ho komplexn\u00e9ho sprievodcu! Objavte jeho jedine\u010dn\u00e9 podstatn\u00e9 men\u00e1 a k\u013e\u00fa\u010dov\u00e9 komponenty.","robots":{"index":"index","follow":"follow","max-snippet":"max-snippet:-1","max-image-preview":"max-image-preview:large","max-video-preview":"max-video-preview:-1"},"canonical":"https:\/\/talkpal.ai\/sk\/swahilska-gramatika\/","og_locale":"sk_SK","og_type":"article","og_title":"Swahilsk\u00e1 gramatika","og_description":"Swahilsk\u00e1 gramatika: Demystifik\u00e1cia jazykov\u00e9ho dobrodru\u017estva Svahilsk\u00e1 gramatika - l\u00e1kav\u00e1 a z\u00e1rove\u0148 z\u00e1hadn\u00e1, plynul\u00e1 a z\u00e1rove\u0148 fascinuj\u00faca, \u017eiv\u00e1 a z\u00e1rove\u0148","og_url":"https:\/\/talkpal.ai\/sk\/swahilska-gramatika\/","og_site_name":"Talkpal","article_publisher":"https:\/\/www.facebook.com\/profile.php?id=100090733639311","article_modified_time":"2025-12-13T15:50:48+00:00","og_image":[{"width":512,"height":512,"url":"https:\/\/talkpal.ai\/wp-content\/uploads\/2023\/05\/Swahili-tanzania.png","type":"image\/png"}],"twitter_card":"summary_large_image","twitter_site":"@talkpalai","twitter_misc":{"Predpokladan\u00fd \u010das \u010d\u00edtania":"3 min\u00faty"},"schema":{"@context":"https:\/\/schema.org","@graph":[{"@type":"WebPage","@id":"https:\/\/talkpal.ai\/sk\/swahilska-gramatika\/","url":"https:\/\/talkpal.ai\/sk\/swahilska-gramatika\/","name":"Swahilsk\u00e1 gramatika - Talkpal","isPartOf":{"@id":"https:\/\/talkpal.ai\/sk\/#website"},"primaryImageOfPage":{"@id":"https:\/\/talkpal.ai\/sk\/swahilska-gramatika\/#primaryimage"},"image":{"@id":"https:\/\/talkpal.ai\/sk\/swahilska-gramatika\/#primaryimage"},"thumbnailUrl":"https:\/\/talkpal.ai\/wp-content\/uploads\/2023\/05\/Swahili-tanzania.png","datePublished":"2023-05-14T14:25:05+00:00","dateModified":"2025-12-13T15:50:48+00:00","description":"Odha\u013ete tajomstv\u00e1 svahilskej gramatiky pomocou n\u00e1\u0161ho komplexn\u00e9ho sprievodcu! Objavte jeho jedine\u010dn\u00e9 podstatn\u00e9 men\u00e1 a k\u013e\u00fa\u010dov\u00e9 komponenty.","breadcrumb":{"@id":"https:\/\/talkpal.ai\/sk\/swahilska-gramatika\/#breadcrumb"},"inLanguage":"sk-SK","potentialAction":[{"@type":"ReadAction","target":["https:\/\/talkpal.ai\/sk\/swahilska-gramatika\/"]}]},{"@type":"ImageObject","inLanguage":"sk-SK","@id":"https:\/\/talkpal.ai\/sk\/swahilska-gramatika\/#primaryimage","url":"https:\/\/talkpal.ai\/wp-content\/uploads\/2023\/05\/Swahili-tanzania.png","contentUrl":"https:\/\/talkpal.ai\/wp-content\/uploads\/2023\/05\/Swahili-tanzania.png","width":512,"height":512},{"@type":"BreadcrumbList","@id":"https:\/\/talkpal.ai\/sk\/swahilska-gramatika\/#breadcrumb","itemListElement":[{"@type":"ListItem","position":1,"name":"Homepage","item":"https:\/\/talkpal.ai\/sk\/"},{"@type":"ListItem","position":2,"name":"Swahilsk\u00e1 gramatika"}]},{"@type":"WebSite","@id":"https:\/\/talkpal.ai\/sk\/#website","url":"https:\/\/talkpal.ai\/sk\/","name":"Talkpal","description":"AI Language Learning","publisher":{"@id":"https:\/\/talkpal.ai\/sk\/#organization"},"alternateName":"Talkpal AI","potentialAction":[{"@type":"SearchAction","target":{"@type":"EntryPoint","urlTemplate":"https:\/\/talkpal.ai\/sk\/?s={search_term_string}"},"query-input":{"@type":"PropertyValueSpecification","valueRequired":true,"valueName":"search_term_string"}}],"inLanguage":"sk-SK"},{"@type":"Organization","@id":"https:\/\/talkpal.ai\/sk\/#organization","name":"Talkpal, Inc.","alternateName":"Talkpal AI","url":"https:\/\/talkpal.ai\/sk\/","logo":{"@type":"ImageObject","inLanguage":"sk-SK","@id":"https:\/\/talkpal.ai\/sk\/#\/schema\/logo\/image\/","url":"https:\/\/talkpal.ai\/wp-content\/uploads\/2024\/03\/Talkpal-Logo-Icon.png","contentUrl":"https:\/\/talkpal.ai\/wp-content\/uploads\/2024\/03\/Talkpal-Logo-Icon.png","width":2880,"height":2880,"caption":"Talkpal, Inc."},"image":{"@id":"https:\/\/talkpal.ai\/sk\/#\/schema\/logo\/image\/"},"sameAs":["https:\/\/www.facebook.com\/profile.php?id=100090733639311","https:\/\/x.com\/talkpalai","https:\/\/www.linkedin.com\/company\/talkpal\/","https:\/\/www.youtube.com\/@TalkPal\/","https:\/\/www.tiktok.com\/@talkpal","https:\/\/www.instagram.com\/talkpal_ai\/","https:\/\/www.crunchbase.com\/organization\/talkpal-9cde","https:\/\/www.g2.com\/products\/talkpal-for-business\/","https:\/\/www.trustpilot.com\/review\/talkpal.ai","https:\/\/www.capterra.com\/p\/10006800\/TalkPal\/"],"description":"Talkpal is a language learning web and mobile education app, powered by the latest AI technologies, that provides engaging experiences to its customers in many different languages to help them improve their language skills. Users can chat about unlimited amount of topics with the app and use other modes to practice their language learning.","email":"support@talkpal.ai","legalName":"Talkpal, Inc.","foundingDate":"2023-04-03","duns":"118989042","numberOfEmployees":{"@type":"QuantitativeValue","minValue":"11","maxValue":"50"},"publishingPrinciples":"https:\/\/talkpal.ai\/publishing-principles\/","actionableFeedbackPolicy":"https:\/\/talkpal.ai\/actionable-feedback-policy\/","correctionsPolicy":"https:\/\/talkpal.ai\/corrections-policy\/","ethicsPolicy":"https:\/\/talkpal.ai\/ethics-policy\/","diversityPolicy":"https:\/\/talkpal.ai\/diversity-policy\/","diversityStaffingReport":"https:\/\/talkpal.ai\/diversity-policy\/"}]}},"_links":{"self":[{"href":"https:\/\/talkpal.ai\/sk\/wp-json\/wp\/v2\/pages\/153721","targetHints":{"allow":["GET"]}}],"collection":[{"href":"https:\/\/talkpal.ai\/sk\/wp-json\/wp\/v2\/pages"}],"about":[{"href":"https:\/\/talkpal.ai\/sk\/wp-json\/wp\/v2\/types\/page"}],"author":[{"embeddable":true,"href":"https:\/\/talkpal.ai\/sk\/wp-json\/wp\/v2\/users\/1"}],"replies":[{"embeddable":true,"href":"https:\/\/talkpal.ai\/sk\/wp-json\/wp\/v2\/comments?post=153721"}],"version-history":[{"count":0,"href":"https:\/\/talkpal.ai\/sk\/wp-json\/wp\/v2\/pages\/153721\/revisions"}],"wp:featuredmedia":[{"embeddable":true,"href":"https:\/\/talkpal.ai\/sk\/wp-json\/wp\/v2\/media\/153725"}],"wp:attachment":[{"href":"https:\/\/talkpal.ai\/sk\/wp-json\/wp\/v2\/media?parent=153721"}],"curies":[{"name":"wp","href":"https:\/\/api.w.org\/{rel}","templated":true}]}}