{"id":153668,"date":"2023-05-14T14:24:42","date_gmt":"2023-05-14T14:24:42","guid":{"rendered":"http:\/\/talkpal.ai\/thajska-gramatika\/"},"modified":"2025-12-13T15:46:58","modified_gmt":"2025-12-13T15:46:58","slug":"thajska-gramatika","status":"publish","type":"page","link":"https:\/\/talkpal.ai\/sk\/thajska-gramatika\/","title":{"rendered":"Thajsk\u00e1 gramatika"},"content":{"rendered":"\r\n\r\n\r\n<section class=\"languageChallengeSection\">\r\n    <div class=\"languageInfoWrapper\">\r\n        \r\n        <h1>Thajsk\u00e1 gramatika<\/h1>\r\n        <p>Nau\u010dte sa thajsk\u00fa gramatiku a spoznajte kr\u00e1su jazyka, ktor\u00fd je logick\u00fd a expres\u00edvny. Za\u010dnite svoju cestu a otvorte si dvere k fascinuj\u00facemu sp\u00f4sobu myslenia a rozpr\u00e1vania!<\/p>\r\n\r\n                            <a class=\"getStartedHidden\" href=\"https:\/\/app.talkpal.ai\/sk\/signup?lng=\">Za\u010dni<\/a>\r\n        \r\n    <\/div>\r\n\r\n    <figure>\r\n    <img decoding=\"async\" width=\"768\" height=\"768\" src=\"https:\/\/talkpal.ai\/wp-content\/uploads\/2023\/06\/thai-768x768.png\" class=\"languageImage no-lazy\" alt=\"Language learning for improved thought process\" fetchpriority=\"high\" sizes=\"(max-width: 768px) 150px, 768px\" srcset=\"https:\/\/talkpal.ai\/wp-content\/uploads\/2023\/06\/thai-768x768.png 768w, https:\/\/talkpal.ai\/wp-content\/uploads\/2023\/06\/thai-300x300.png 300w\" \/>\r\n    \r\n\r\n    <\/figure>\r\n\r\n            <a class=\"getStartedVisible\" href=\"https:\/\/app.talkpal.ai\/sk\/signup?lng=\">Za\u010dni<\/a>\r\n    \r\n<\/section>\r\n<section class=\"promotionalBanner\">\r\n    <p class=\"promotionalText\">Najefekt\u00edvnej\u0161\u00ed sp\u00f4sob, ako sa nau\u010di\u0165 jazyk<\/p>\r\n    <a class=\"promotionalLink\" href=\"https:\/\/app.talkpal.ai\/sk\/signup?lng=\">Vysk\u00fa\u0161ajte Talkpal zadarmo<\/a>\r\n<\/section>\n<div class=\"wp-block-group pageContainerStyle\"><div class=\"wp-block-group__inner-container is-layout-constrained wp-block-group-is-layout-constrained\">\n<h2 class=\"wp-block-heading\" id=\"h-thai-grammar-exploring-a-unique-linguistic-world\">Thajsk\u00e1 gramatika: Objavovanie jedine\u010dn\u00e9ho jazykov\u00e9ho sveta<\/h2>\n\n\n\n<p><a href=\"https:\/\/talkpal.ai\/thai-grammar\/\">Thajsk\u00e1 gramatika<\/a> &#8211; zdanlivo z\u00e1hadn\u00e1, exotick\u00e1 a podmaniv\u00e1. Ke\u010f sa vyd\u00e1te na cestu za u\u010den\u00edm sa thajsk\u00e9ho jazyka, m\u00f4\u017eete sa ocitn\u00fa\u0165 ne\u010dakane o\u010daren\u00ed jeho gramatikou. Nebojte sa, moji kolegovia jazykov\u00ed b\u00e1datelia! Sme tu, aby sme v\u00e1m pon\u00fakli vedenie a podporu pri tomto fascinuj\u00facom dobrodru\u017estve!<\/p>\n\n\n\n<p>V tomto \u010dl\u00e1nku sa ponor\u00edme do z\u00e1kladn\u00fdch aspektov thajskej gramatiky, rozober\u00e1me k\u013e\u00fa\u010dov\u00e9 pojmy, vysvet\u013eujeme pravidl\u00e1 a dokonca zjednodu\u0161ujeme zlo\u017eitos\u0165. Pripojte sa k n\u00e1m, ke\u010f zdvihneme z\u00e1voj thajskej gramatiky a zap\u00e1lime va\u0161u v\u00e1\u0161e\u0148 pre tento \u00fa\u017easne jedine\u010dn\u00fd jazyk!<\/p>\n\n\n\n<h3 class=\"wp-block-heading\" id=\"h-1-nouns-no-plurals-no-genders-no-worries\">1. Podstatn\u00e9 men\u00e1: \u017eiadne mno\u017en\u00e9 \u010d\u00edslo, \u017eiadne rody, \u017eiadne obavy!<\/h3>\n\n\n\n<p>Kr\u00e1sa thajskej gramatiky spo\u010d\u00edva v jej jednoduchosti t\u00fdkaj\u00facej sa podstatn\u00fdch mien. <a href=\"https:\/\/talkpal.ai\/learn-thai\/\">Thajsk\u00e9<\/a> podstatn\u00e9 men\u00e1 nemaj\u00fa rodov\u00e9 alebo mno\u017en\u00e9 \u010d\u00edslo, v\u010faka \u010domu s\u00fa \u013eahko pou\u017eite\u013en\u00e9 a zrozumite\u013en\u00e9. Ak chcete ozna\u010di\u0165 mno\u017en\u00e9 \u010d\u00edslo, jednoducho pridajte slovo mno\u017en\u00e9ho \u010d\u00edsla, napr\u00edklad &#8222;mnoho&#8220; (\u0e21\u0e32\u0e01, m\u00e2ak) alebo &#8222;niektor\u00e9&#8220; (\u0e1a\u0e49\u0e32\u0e07, b\u00e2ang), alebo zopakujte podstatn\u00e9 meno, aby ste zd\u00f4raznili v\u00fdznam mno\u017en\u00e9ho \u010d\u00edsla.<\/p>\n\n\n\n<h3 class=\"wp-block-heading\" id=\"h-2-pronouns-choose-wisely-based-on-politeness\">2. Z\u00e1men\u00e1: vyberajte m\u00fadro na z\u00e1klade zdvorilosti<\/h3>\n\n\n\n<p>V\u00fdber vhodn\u00e9ho z\u00e1mena je v thajskej gramatike nevyhnutn\u00fd na preuk\u00e1zanie \u00facty a pokory. Thajsk\u00e9 z\u00e1men\u00e1 sa l\u00ed\u0161ia v z\u00e1vislosti od pohlavia, veku a vz\u0165ahu hovoriaceho a po\u010d\u00favaj\u00faceho. Napr\u00edklad &#8222;\u0e09\u0e31\u0e19&#8220; (ch\u0103n) je be\u017en\u00e9 neform\u00e1lne z\u00e1meno prvej osoby, zatia\u013e \u010do &#8222;\u0e1c\u0e21&#8220; (p\u014fm) \u010dasto pou\u017e\u00edvaj\u00fa mu\u017ei vo form\u00e1lnej\u0161\u00edch situ\u00e1ci\u00e1ch.<\/p>\n\n\n\n<p>Ak chcete by\u0165 zdvoril\u00ed, pou\u017e\u00edvajte &#8222;\u0e04\u0e38\u0e13&#8220; (kun) pre &#8222;vy&#8220; a &#8222;\u0e40\u0e02\u0e32&#8220; (k\u0103o) pre &#8222;on\/ona&#8220;.<\/p>\n\n\n\n<h3 class=\"wp-block-heading\" id=\"h-3-verbs-no-conjugation-or-tenses-only-particles\">3. Sloves\u00e1: \u017eiadne \u010dasovanie alebo \u010dasy, iba \u010dastice<\/h3>\n\n\n\n<p>V thajskej gramatike zost\u00e1vaj\u00fa sloves\u00e1 nezmenen\u00e9 bez oh\u013eadu na \u010das, n\u00e1ladu alebo predmet. Namiesto toho sa thaj\u010dina spolieha na jednoduch\u00e9 slov\u00e1 zn\u00e1me ako \u010dastice, ktor\u00e9 nazna\u010duj\u00fa \u010das alebo postoj vety. Tieto \u010dastice s\u00fa umiestnen\u00e9 na konci vety.<\/p>\n\n\n\n<p>Napr\u00edklad \u010dastica &#8222;\u0e41\u0e25\u0e49\u0e27&#8220; (l\u00e1ew) ozna\u010duje minul\u00fd \u010das alebo ukon\u010den\u00fd <a href=\"https:\/\/talkpal.ai\/locations\/language-courses-in-dej\/\">dej<\/a> a &#8222;\u0e01\u0e33\u0e25\u0e31\u0e07&#8220; (gam-lang) sa pou\u017e\u00edva pre prebiehaj\u00face deje. Preto &#8222;\u0e40\u0e02\u0e32\u0e01\u0e34\u0e19&#8220; (k\u0103o gin) znamen\u00e1 &#8222;je&#8220;, zatia\u013e \u010do &#8222;\u0e40\u0e02\u0e32\u0e01\u0e34\u0e19\u0e41\u0e25\u0e49\u0e27&#8220; (k\u0103o gin l\u00e1ew) znamen\u00e1 &#8222;jedol&#8220;.<\/p>\n\n\n\n<h3 class=\"wp-block-heading\" id=\"h-4-sentence-structure-clear-and-straightforward\">4. \u0160trukt\u00fara vety: jasn\u00e1 a priama<\/h3>\n\n\n\n<p>Thajsk\u00e1 <a href=\"https:\/\/talkpal.ai\/sq\/gramatika\/\">gramatika<\/a> m\u00e1 vetn\u00fa \u0161trukt\u00faru Subject-Verb-Object (SVO), podobn\u00fa angli\u010dtine, ktor\u00e1 zjednodu\u0161uje porozumenie pre anglicky hovoriacich \u013eud\u00ed. Hlavn\u00fdm pravidlom je, \u017ee pr\u00eddavn\u00e9 men\u00e1, pr\u00edslovky a in\u00e9 opisn\u00e9 slov\u00e1 nasleduj\u00fa za podstatn\u00fdm menom alebo slovesom, ktor\u00e9 opisuj\u00fa.<\/p>\n\n\n\n<p>Napr\u00edklad &#8222;\u0e1c\u0e21\u0e0a\u0e2d\u0e1a\u0e2b\u0e19\u0e31\u0e07\u0e2a\u0e37\u0e2d\u0e19\u0e35\u0e49&#8220; (p\u014fm ch\u00e2wp n\u0103ng s\u011bu n\u00e9e) sa preklad\u00e1 ako &#8222;<a href=\"https:\/\/talkpal.ai\/culture\/how-to-say-i-like-in-slovak-using-mam-rad\/\">m\u00e1m r\u00e1d<\/a> (subjekt) t\u00fato knihu (objekt)&#8220;.<\/p>\n\n\n\n<h3 class=\"wp-block-heading\" id=\"h-5-immerse-yourself-in-thai-practice-makes-perfect\">5. Ponorte sa do thaj\u010diny: cvi\u010denie rob\u00ed majstra<\/h3>\n\n\n\n<p>Pochopenie a zvl\u00e1dnutie thajskej gramatiky sa m\u00f4\u017ee spo\u010diatku zda\u0165 n\u00e1ro\u010dn\u00e9, ale k\u013e\u00fa\u010dom je vytrvalos\u0165 a d\u00f4sledn\u00e1 prax. Zapojte v\u0161etky svoje zmysly ponoren\u00edm sa do jazyka, \u010d\u00edtan\u00edm, p\u00edsan\u00edm, po\u010d\u00favan\u00edm a konverz\u00e1ciou s roden\u00fdmi hovorcami. \u010c\u00edm viac budete vystaven\u00ed thajskej gramatike, t\u00fdm viac sa tieto exotick\u00e9 koncepty bud\u00fa c\u00edti\u0165 zn\u00e1me a pohodln\u00e9.<\/p>\n\n\n\n<p>Tak\u017ee ste pripraven\u00ed ponori\u0165 sa do fascinuj\u00faceho sveta thajskej gramatiky? Prijmite v\u00fdzvu a jedine\u010dn\u00e9 vlastnosti thajskej gramatiky a \u010dasom, odhodlan\u00edm a zmyslom pre dobrodru\u017estvo m\u00f4\u017eete odomkn\u00fa\u0165 podmaniv\u00fa kr\u00e1su thajsk\u00e9ho jazyka.<\/p>\n<\/div><\/div>\n\r\n<section class=\"learnNavigationSection\">\r\n            \r\n        <a href=\"https:\/\/talkpal.ai\/sk\/naucte-sa-thajsky\/\">\r\n            <div class=\"learnNavigationWrapper\">\r\n                <div class=\"learnNavigationContent\">\r\n                    <img decoding=\"async\" src=\"https:\/\/talkpal.ai\/wp-content\/uploads\/2024\/08\/Thai.jpg\" alt=\"Thai Flag\">\r\n                    <div>\r\n                        <h4>O thajskom vzdel\u00e1van\u00ed<\/h4>\r\n                        <p>Zistite v\u0161etko o thajskej gramatike.<\/p>\r\n                    <\/div>\r\n                <\/div>\r\n            <\/div>\r\n        <\/a>\r\n\r\n        \r\n        <a href=\"https:\/\/talkpal.ai\/sk\/thajske-gramaticke-cvicenia\/\">\r\n            <div class=\"learnNavigationWrapper\">\r\n                <div class=\"learnNavigationContent\">\r\n                    <img decoding=\"async\" src=\"https:\/\/talkpal.ai\/wp-content\/uploads\/2024\/08\/Thai.jpg\" alt=\"Thai Flag\">\r\n                    <div>\r\n                        <h4>Cvi\u010denie z thajskej gramatiky<\/h4>\r\n                        <p>Precvi\u010dte si thajsk\u00fa gramatiku.<\/p>\r\n                    <\/div>\r\n                <\/div>\r\n            <\/div>\r\n        <\/a>\r\n\r\n        \r\n        <a href=\"https:\/\/talkpal.ai\/vocabulary_language\/thai\/\">\r\n            <div class=\"learnNavigationWrapper\">\r\n                <div class=\"learnNavigationContent\">\r\n                    <img decoding=\"async\" src=\"https:\/\/talkpal.ai\/wp-content\/uploads\/2024\/08\/Thai.jpg\" alt=\"Thai Flag\">\r\n                    <div>\r\n                        <h4>Thajsk\u00e1 slovn\u00e1 z\u00e1soba<\/h4>\r\n                        <p>Roz\u0161\u00edrte si thajsk\u00fa slovn\u00fa z\u00e1sobu.<\/p>\r\n                    <\/div>\r\n                <\/div>\r\n            <\/div>\r\n        <\/a>\r\n\r\n            <\/section>","protected":false},"excerpt":{"rendered":"<p>Thajsk\u00e1 gramatika: Objavovanie jedine\u010dn\u00e9ho jazykov\u00e9ho sveta Thajsk\u00e1 gramatika &#8211; zdanlivo z\u00e1hadn\u00e1, exotick\u00e1 a podmaniv\u00e1. Ke\u010f sa vyd\u00e1te na cestu za u\u010den\u00edm sa thajsk\u00e9ho jazyka, m\u00f4\u017eete sa ocitn\u00fa\u0165 ne\u010dakane o\u010daren\u00ed jeho gramatikou. Nebojte sa, moji kolegovia jazykov\u00ed b\u00e1datelia! Sme tu, aby sme v\u00e1m pon\u00fakli vedenie a podporu pri tomto fascinuj\u00facom dobrodru\u017estve! V tomto \u010dl\u00e1nku sa ponor\u00edme [&hellip;]<\/p>\n","protected":false},"author":1,"featured_media":120749,"parent":0,"menu_order":0,"comment_status":"closed","ping_status":"closed","template":"LearningContentPage.php","meta":{"_acf_changed":false,"footnotes":""},"class_list":["post-153668","page","type-page","status-publish","has-post-thumbnail","hentry"],"acf":[],"yoast_head":"<!-- This site is optimized with the Yoast SEO Premium plugin v27.2 (Yoast SEO v27.2) - https:\/\/yoast.com\/product\/yoast-seo-premium-wordpress\/ -->\n<title>Thajsk\u00e1 gramatika - Talkpal<\/title>\n<meta name=\"description\" content=\"Presk\u00famajte fascinuj\u00faci svet thajskej gramatiky. Objavte jeho jednoduchos\u0165 a jedine\u010dn\u00e9 funkcie, v\u010faka ktor\u00fdm je u\u010denie pr\u00edjemn\u00e9.\" \/>\n<meta name=\"robots\" content=\"index, follow, max-snippet:-1, max-image-preview:large, max-video-preview:-1\" \/>\n<link rel=\"canonical\" href=\"https:\/\/talkpal.ai\/sk\/thajska-gramatika\/\" \/>\n<meta property=\"og:locale\" content=\"sk_SK\" \/>\n<meta property=\"og:type\" content=\"article\" \/>\n<meta property=\"og:title\" content=\"Thajsk\u00e1 gramatika\" \/>\n<meta property=\"og:description\" content=\"Thajsk\u00e1 gramatika: Objavovanie jedine\u010dn\u00e9ho jazykov\u00e9ho sveta Thajsk\u00e1 gramatika - zdanlivo z\u00e1hadn\u00e1, exotick\u00e1 a podmaniv\u00e1. Ke\u010f sa vyd\u00e1te na cestu za u\u010den\u00edm\" \/>\n<meta property=\"og:url\" content=\"https:\/\/talkpal.ai\/sk\/thajska-gramatika\/\" \/>\n<meta property=\"og:site_name\" content=\"Talkpal\" \/>\n<meta property=\"article:publisher\" content=\"https:\/\/www.facebook.com\/profile.php?id=100090733639311\" \/>\n<meta property=\"article:modified_time\" content=\"2025-12-13T15:46:58+00:00\" \/>\n<meta property=\"og:image\" content=\"https:\/\/talkpal.ai\/wp-content\/uploads\/2023\/05\/thailand.png\" \/>\n\t<meta property=\"og:image:width\" content=\"512\" \/>\n\t<meta property=\"og:image:height\" content=\"512\" \/>\n\t<meta property=\"og:image:type\" content=\"image\/png\" \/>\n<meta name=\"twitter:card\" content=\"summary_large_image\" \/>\n<meta name=\"twitter:site\" content=\"@talkpalai\" \/>\n<meta name=\"twitter:label1\" content=\"Predpokladan\u00fd \u010das \u010d\u00edtania\" \/>\n\t<meta name=\"twitter:data1\" content=\"3 min\u00faty\" \/>\n<script type=\"application\/ld+json\" class=\"yoast-schema-graph\">{\"@context\":\"https:\/\/schema.org\",\"@graph\":[{\"@type\":\"WebPage\",\"@id\":\"https:\/\/talkpal.ai\/sk\/thajska-gramatika\/\",\"url\":\"https:\/\/talkpal.ai\/sk\/thajska-gramatika\/\",\"name\":\"Thajsk\u00e1 gramatika - Talkpal\",\"isPartOf\":{\"@id\":\"https:\/\/talkpal.ai\/sk\/#website\"},\"primaryImageOfPage\":{\"@id\":\"https:\/\/talkpal.ai\/sk\/thajska-gramatika\/#primaryimage\"},\"image\":{\"@id\":\"https:\/\/talkpal.ai\/sk\/thajska-gramatika\/#primaryimage\"},\"thumbnailUrl\":\"https:\/\/talkpal.ai\/wp-content\/uploads\/2023\/05\/thailand.png\",\"datePublished\":\"2023-05-14T14:24:42+00:00\",\"dateModified\":\"2025-12-13T15:46:58+00:00\",\"description\":\"Presk\u00famajte fascinuj\u00faci svet thajskej gramatiky. Objavte jeho jednoduchos\u0165 a jedine\u010dn\u00e9 funkcie, v\u010faka ktor\u00fdm je u\u010denie pr\u00edjemn\u00e9.\",\"breadcrumb\":{\"@id\":\"https:\/\/talkpal.ai\/sk\/thajska-gramatika\/#breadcrumb\"},\"inLanguage\":\"sk-SK\",\"potentialAction\":[{\"@type\":\"ReadAction\",\"target\":[\"https:\/\/talkpal.ai\/sk\/thajska-gramatika\/\"]}]},{\"@type\":\"ImageObject\",\"inLanguage\":\"sk-SK\",\"@id\":\"https:\/\/talkpal.ai\/sk\/thajska-gramatika\/#primaryimage\",\"url\":\"https:\/\/talkpal.ai\/wp-content\/uploads\/2023\/05\/thailand.png\",\"contentUrl\":\"https:\/\/talkpal.ai\/wp-content\/uploads\/2023\/05\/thailand.png\",\"width\":512,\"height\":512},{\"@type\":\"BreadcrumbList\",\"@id\":\"https:\/\/talkpal.ai\/sk\/thajska-gramatika\/#breadcrumb\",\"itemListElement\":[{\"@type\":\"ListItem\",\"position\":1,\"name\":\"Homepage\",\"item\":\"https:\/\/talkpal.ai\/sk\/\"},{\"@type\":\"ListItem\",\"position\":2,\"name\":\"Thajsk\u00e1 gramatika\"}]},{\"@type\":\"WebSite\",\"@id\":\"https:\/\/talkpal.ai\/sk\/#website\",\"url\":\"https:\/\/talkpal.ai\/sk\/\",\"name\":\"Talkpal\",\"description\":\"AI Language Learning\",\"publisher\":{\"@id\":\"https:\/\/talkpal.ai\/sk\/#organization\"},\"alternateName\":\"Talkpal AI\",\"potentialAction\":[{\"@type\":\"SearchAction\",\"target\":{\"@type\":\"EntryPoint\",\"urlTemplate\":\"https:\/\/talkpal.ai\/sk\/?s={search_term_string}\"},\"query-input\":{\"@type\":\"PropertyValueSpecification\",\"valueRequired\":true,\"valueName\":\"search_term_string\"}}],\"inLanguage\":\"sk-SK\"},{\"@type\":\"Organization\",\"@id\":\"https:\/\/talkpal.ai\/sk\/#organization\",\"name\":\"Talkpal, Inc.\",\"alternateName\":\"Talkpal AI\",\"url\":\"https:\/\/talkpal.ai\/sk\/\",\"logo\":{\"@type\":\"ImageObject\",\"inLanguage\":\"sk-SK\",\"@id\":\"https:\/\/talkpal.ai\/sk\/#\/schema\/logo\/image\/\",\"url\":\"https:\/\/talkpal.ai\/wp-content\/uploads\/2024\/03\/Talkpal-Logo-Icon.png\",\"contentUrl\":\"https:\/\/talkpal.ai\/wp-content\/uploads\/2024\/03\/Talkpal-Logo-Icon.png\",\"width\":2880,\"height\":2880,\"caption\":\"Talkpal, Inc.\"},\"image\":{\"@id\":\"https:\/\/talkpal.ai\/sk\/#\/schema\/logo\/image\/\"},\"sameAs\":[\"https:\/\/www.facebook.com\/profile.php?id=100090733639311\",\"https:\/\/x.com\/talkpalai\",\"https:\/\/www.linkedin.com\/company\/talkpal\/\",\"https:\/\/www.youtube.com\/@TalkPal\/\",\"https:\/\/www.tiktok.com\/@talkpal\",\"https:\/\/www.instagram.com\/talkpal_ai\/\",\"https:\/\/www.crunchbase.com\/organization\/talkpal-9cde\",\"https:\/\/www.g2.com\/products\/talkpal-for-business\/\",\"https:\/\/www.trustpilot.com\/review\/talkpal.ai\",\"https:\/\/www.capterra.com\/p\/10006800\/TalkPal\/\"],\"description\":\"Talkpal is a language learning web and mobile education app, powered by the latest AI technologies, that provides engaging experiences to its customers in many different languages to help them improve their language skills. Users can chat about unlimited amount of topics with the app and use other modes to practice their language learning.\",\"email\":\"support@talkpal.ai\",\"legalName\":\"Talkpal, Inc.\",\"foundingDate\":\"2023-04-03\",\"duns\":\"118989042\",\"numberOfEmployees\":{\"@type\":\"QuantitativeValue\",\"minValue\":\"11\",\"maxValue\":\"50\"},\"publishingPrinciples\":\"https:\/\/talkpal.ai\/publishing-principles\/\",\"actionableFeedbackPolicy\":\"https:\/\/talkpal.ai\/actionable-feedback-policy\/\",\"correctionsPolicy\":\"https:\/\/talkpal.ai\/corrections-policy\/\",\"ethicsPolicy\":\"https:\/\/talkpal.ai\/ethics-policy\/\",\"diversityPolicy\":\"https:\/\/talkpal.ai\/diversity-policy\/\",\"diversityStaffingReport\":\"https:\/\/talkpal.ai\/diversity-policy\/\"}]}<\/script>\n<!-- \/ Yoast SEO Premium plugin. -->","yoast_head_json":{"title":"Thajsk\u00e1 gramatika - Talkpal","description":"Presk\u00famajte fascinuj\u00faci svet thajskej gramatiky. Objavte jeho jednoduchos\u0165 a jedine\u010dn\u00e9 funkcie, v\u010faka ktor\u00fdm je u\u010denie pr\u00edjemn\u00e9.","robots":{"index":"index","follow":"follow","max-snippet":"max-snippet:-1","max-image-preview":"max-image-preview:large","max-video-preview":"max-video-preview:-1"},"canonical":"https:\/\/talkpal.ai\/sk\/thajska-gramatika\/","og_locale":"sk_SK","og_type":"article","og_title":"Thajsk\u00e1 gramatika","og_description":"Thajsk\u00e1 gramatika: Objavovanie jedine\u010dn\u00e9ho jazykov\u00e9ho sveta Thajsk\u00e1 gramatika - zdanlivo z\u00e1hadn\u00e1, exotick\u00e1 a podmaniv\u00e1. Ke\u010f sa vyd\u00e1te na cestu za u\u010den\u00edm","og_url":"https:\/\/talkpal.ai\/sk\/thajska-gramatika\/","og_site_name":"Talkpal","article_publisher":"https:\/\/www.facebook.com\/profile.php?id=100090733639311","article_modified_time":"2025-12-13T15:46:58+00:00","og_image":[{"width":512,"height":512,"url":"https:\/\/talkpal.ai\/wp-content\/uploads\/2023\/05\/thailand.png","type":"image\/png"}],"twitter_card":"summary_large_image","twitter_site":"@talkpalai","twitter_misc":{"Predpokladan\u00fd \u010das \u010d\u00edtania":"3 min\u00faty"},"schema":{"@context":"https:\/\/schema.org","@graph":[{"@type":"WebPage","@id":"https:\/\/talkpal.ai\/sk\/thajska-gramatika\/","url":"https:\/\/talkpal.ai\/sk\/thajska-gramatika\/","name":"Thajsk\u00e1 gramatika - Talkpal","isPartOf":{"@id":"https:\/\/talkpal.ai\/sk\/#website"},"primaryImageOfPage":{"@id":"https:\/\/talkpal.ai\/sk\/thajska-gramatika\/#primaryimage"},"image":{"@id":"https:\/\/talkpal.ai\/sk\/thajska-gramatika\/#primaryimage"},"thumbnailUrl":"https:\/\/talkpal.ai\/wp-content\/uploads\/2023\/05\/thailand.png","datePublished":"2023-05-14T14:24:42+00:00","dateModified":"2025-12-13T15:46:58+00:00","description":"Presk\u00famajte fascinuj\u00faci svet thajskej gramatiky. Objavte jeho jednoduchos\u0165 a jedine\u010dn\u00e9 funkcie, v\u010faka ktor\u00fdm je u\u010denie pr\u00edjemn\u00e9.","breadcrumb":{"@id":"https:\/\/talkpal.ai\/sk\/thajska-gramatika\/#breadcrumb"},"inLanguage":"sk-SK","potentialAction":[{"@type":"ReadAction","target":["https:\/\/talkpal.ai\/sk\/thajska-gramatika\/"]}]},{"@type":"ImageObject","inLanguage":"sk-SK","@id":"https:\/\/talkpal.ai\/sk\/thajska-gramatika\/#primaryimage","url":"https:\/\/talkpal.ai\/wp-content\/uploads\/2023\/05\/thailand.png","contentUrl":"https:\/\/talkpal.ai\/wp-content\/uploads\/2023\/05\/thailand.png","width":512,"height":512},{"@type":"BreadcrumbList","@id":"https:\/\/talkpal.ai\/sk\/thajska-gramatika\/#breadcrumb","itemListElement":[{"@type":"ListItem","position":1,"name":"Homepage","item":"https:\/\/talkpal.ai\/sk\/"},{"@type":"ListItem","position":2,"name":"Thajsk\u00e1 gramatika"}]},{"@type":"WebSite","@id":"https:\/\/talkpal.ai\/sk\/#website","url":"https:\/\/talkpal.ai\/sk\/","name":"Talkpal","description":"AI Language Learning","publisher":{"@id":"https:\/\/talkpal.ai\/sk\/#organization"},"alternateName":"Talkpal AI","potentialAction":[{"@type":"SearchAction","target":{"@type":"EntryPoint","urlTemplate":"https:\/\/talkpal.ai\/sk\/?s={search_term_string}"},"query-input":{"@type":"PropertyValueSpecification","valueRequired":true,"valueName":"search_term_string"}}],"inLanguage":"sk-SK"},{"@type":"Organization","@id":"https:\/\/talkpal.ai\/sk\/#organization","name":"Talkpal, Inc.","alternateName":"Talkpal AI","url":"https:\/\/talkpal.ai\/sk\/","logo":{"@type":"ImageObject","inLanguage":"sk-SK","@id":"https:\/\/talkpal.ai\/sk\/#\/schema\/logo\/image\/","url":"https:\/\/talkpal.ai\/wp-content\/uploads\/2024\/03\/Talkpal-Logo-Icon.png","contentUrl":"https:\/\/talkpal.ai\/wp-content\/uploads\/2024\/03\/Talkpal-Logo-Icon.png","width":2880,"height":2880,"caption":"Talkpal, Inc."},"image":{"@id":"https:\/\/talkpal.ai\/sk\/#\/schema\/logo\/image\/"},"sameAs":["https:\/\/www.facebook.com\/profile.php?id=100090733639311","https:\/\/x.com\/talkpalai","https:\/\/www.linkedin.com\/company\/talkpal\/","https:\/\/www.youtube.com\/@TalkPal\/","https:\/\/www.tiktok.com\/@talkpal","https:\/\/www.instagram.com\/talkpal_ai\/","https:\/\/www.crunchbase.com\/organization\/talkpal-9cde","https:\/\/www.g2.com\/products\/talkpal-for-business\/","https:\/\/www.trustpilot.com\/review\/talkpal.ai","https:\/\/www.capterra.com\/p\/10006800\/TalkPal\/"],"description":"Talkpal is a language learning web and mobile education app, powered by the latest AI technologies, that provides engaging experiences to its customers in many different languages to help them improve their language skills. Users can chat about unlimited amount of topics with the app and use other modes to practice their language learning.","email":"support@talkpal.ai","legalName":"Talkpal, Inc.","foundingDate":"2023-04-03","duns":"118989042","numberOfEmployees":{"@type":"QuantitativeValue","minValue":"11","maxValue":"50"},"publishingPrinciples":"https:\/\/talkpal.ai\/publishing-principles\/","actionableFeedbackPolicy":"https:\/\/talkpal.ai\/actionable-feedback-policy\/","correctionsPolicy":"https:\/\/talkpal.ai\/corrections-policy\/","ethicsPolicy":"https:\/\/talkpal.ai\/ethics-policy\/","diversityPolicy":"https:\/\/talkpal.ai\/diversity-policy\/","diversityStaffingReport":"https:\/\/talkpal.ai\/diversity-policy\/"}]}},"_links":{"self":[{"href":"https:\/\/talkpal.ai\/sk\/wp-json\/wp\/v2\/pages\/153668","targetHints":{"allow":["GET"]}}],"collection":[{"href":"https:\/\/talkpal.ai\/sk\/wp-json\/wp\/v2\/pages"}],"about":[{"href":"https:\/\/talkpal.ai\/sk\/wp-json\/wp\/v2\/types\/page"}],"author":[{"embeddable":true,"href":"https:\/\/talkpal.ai\/sk\/wp-json\/wp\/v2\/users\/1"}],"replies":[{"embeddable":true,"href":"https:\/\/talkpal.ai\/sk\/wp-json\/wp\/v2\/comments?post=153668"}],"version-history":[{"count":0,"href":"https:\/\/talkpal.ai\/sk\/wp-json\/wp\/v2\/pages\/153668\/revisions"}],"wp:featuredmedia":[{"embeddable":true,"href":"https:\/\/talkpal.ai\/sk\/wp-json\/wp\/v2\/media\/120749"}],"wp:attachment":[{"href":"https:\/\/talkpal.ai\/sk\/wp-json\/wp\/v2\/media?parent=153668"}],"curies":[{"name":"wp","href":"https:\/\/api.w.org\/{rel}","templated":true}]}}