{"id":153101,"date":"2023-05-14T14:23:49","date_gmt":"2023-05-14T14:23:49","guid":{"rendered":"http:\/\/talkpal.ai\/turecka-gramatika\/"},"modified":"2025-12-13T15:45:45","modified_gmt":"2025-12-13T15:45:45","slug":"turecka-gramatika","status":"publish","type":"page","link":"https:\/\/talkpal.ai\/sk\/turecka-gramatika\/","title":{"rendered":"Tureck\u00e1 gramatika"},"content":{"rendered":"\r\n\r\n\r\n<section class=\"languageChallengeSection\">\r\n    <div class=\"languageInfoWrapper\">\r\n        \r\n        <h1>Tureck\u00e1 gramatika<\/h1>\r\n        <p>Ste zvedav\u00ed na v\u00fdu\u010dbu ture\u010dtiny? Presk\u00famajte tureck\u00fa gramatiku a zistite, ako ju jej logick\u00e1 \u0161trukt\u00fara, harm\u00f3nia samohl\u00e1sok a jednoduch\u00e9 slovesn\u00e9 vzory robia fascinuj\u00facou a pr\u00edstupnou. Za\u010dnite svoju cestu e\u0161te dnes &#8211; zvl\u00e1dnutie tureckej gramatiky je k\u013e\u00fa\u010dom k plynulej komunik\u00e1cii a odomknutiu \u017eiv\u00e9ho sveta kult\u00fary a kontaktov!<\/p>\r\n\r\n                            <a class=\"getStartedHidden\" href=\"https:\/\/app.talkpal.ai\/sk\/signup?lng=\">Za\u010dni<\/a>\r\n        \r\n    <\/div>\r\n\r\n    <figure>\r\n    <img decoding=\"async\" width=\"768\" height=\"768\" src=\"https:\/\/talkpal.ai\/wp-content\/uploads\/2023\/06\/turkish-768x768.png\" class=\"languageImage no-lazy\" alt=\"Language learning for increased focus\" fetchpriority=\"high\" sizes=\"(max-width: 768px) 150px, 768px\" srcset=\"https:\/\/talkpal.ai\/wp-content\/uploads\/2023\/06\/turkish-768x768.png 768w, https:\/\/talkpal.ai\/wp-content\/uploads\/2023\/06\/turkish-300x300.png 300w\" \/>\r\n    \r\n\r\n    <\/figure>\r\n\r\n            <a class=\"getStartedVisible\" href=\"https:\/\/app.talkpal.ai\/sk\/signup?lng=\">Za\u010dni<\/a>\r\n    \r\n<\/section>\r\n<section class=\"promotionalBanner\">\r\n    <p class=\"promotionalText\">Najefekt\u00edvnej\u0161\u00ed sp\u00f4sob, ako sa nau\u010di\u0165 jazyk<\/p>\r\n    <a class=\"promotionalLink\" href=\"https:\/\/app.talkpal.ai\/sk\/signup?lng=\">Vysk\u00fa\u0161ajte Talkpal zadarmo<\/a>\r\n<\/section>\n<div class=\"wp-block-group pageContainerStyle\"><div class=\"wp-block-group__inner-container is-layout-constrained wp-block-group-is-layout-constrained\">\n<h2 class=\"wp-block-heading\" id=\"h-the-ultimate-guide-to-turkish-grammar-navigating-the-intricacies-of-a-unique-language\">Kone\u010dn\u00fd sprievodca tureckou gramatikou: navig\u00e1cia v zlo\u017eitosti jedine\u010dn\u00e9ho jazyka<\/h2>\n\n\n\n<p><a href=\"https:\/\/talkpal.ai\/turkish-grammar\/\">Tureck\u00e1 gramatika<\/a>, rovnako ako samotn\u00fd jazyk, predstavuje bohat\u00fa a fascinuj\u00facu tapis\u00e9riu jazykov\u00fdch prvkov. Ako \u010dlen turkickej jazykovej rodiny <a href=\"https:\/\/talkpal.ai\/learn-turkish\/\">ture\u010dtina<\/a> zaujme \u0161tudentov svojimi rozmanit\u00fdmi vlastnos\u0165ami a vyz\u00fdva aj t\u00fdch najzdatnej\u0161\u00edch re\u010dn\u00edkov. V tejto pr\u00edru\u010dke sa zozn\u00e1mite s k\u013e\u00fa\u010dov\u00fdmi z\u00e1sadami tureckej gramatiky, objasn\u00edme jej zlo\u017eitos\u0165 a podpor\u00edme v\u00e1s na ceste k plynul\u00e9mu ovl\u00e1daniu tohto podmaniv\u00e9ho jazyka. Za\u010dnime!<\/p>\n\n\n\n<h3 class=\"wp-block-heading\" id=\"h-the-nuts-and-bolts-turkish-sentence-structure\">Matice a skrutky: tureck\u00e1 vetn\u00e1 \u0161trukt\u00fara<\/h3>\n\n\n\n<p>Vo svojej podstate je <a href=\"https:\/\/talkpal.ai\/turkish-grammar\/\">tureck\u00e1 gramatika<\/a> pomerne jednoduch\u00e1. Jazyk sa vo v\u0161eobecnosti riadi vetnou \u0161trukt\u00farou podmet-objekt-sloveso (SOV), na rozdiel od angli\u010dtiny a mnoh\u00fdch in\u00fdch jazykov. Napr\u00edklad veta &#8222;Jem jablko&#8220; sa preklad\u00e1 ako &#8222;Ben elma yiyorum&#8220; (Ben=I, elma=jablko, yiyorum=jes\u0165). Jednoduch\u00e9, v\u0161ak? Ke\u010f v\u0161ak prenikneme hlb\u0161ie, naraz\u00edte na niektor\u00e9 zauj\u00edmav\u00e9 a charakteristick\u00e9 \u010drty tureckej gramatiky.<\/p>\n\n\n\n<h3 class=\"wp-block-heading\" id=\"h-meet-the-family-turkish-nouns-and-their-suffixes\">Zozn\u00e1mte sa s rodinou: tureck\u00e9 podstatn\u00e9 men\u00e1 a ich pr\u00edpony<\/h3>\n\n\n\n<p>Jednou z najzvl\u00e1\u0161tnej\u0161\u00edch charakterist\u00edk tureckej gramatiky je pou\u017eitie pr\u00edpon na vyjadrenie r\u00f4znych gramatick\u00fdch vz\u0165ahov. V ture\u010dtine nie s\u00fa \u017eiadne predlo\u017eky; Namiesto nich s\u00fa k podstatn\u00fdm men\u00e1m pripojen\u00e9 pr\u00edpony, ktor\u00e9 ozna\u010duj\u00fa vlastn\u00edctvo, priame predmety a umiestnenie.<\/p>\n\n\n\n<p>Vezmime si napr\u00edklad slovo &#8222;elma&#8220; (elma), ktor\u00e9 znamen\u00e1 &#8222;jablko&#8220;:<\/p>\n\n\n\n<p><strong>&#8211; Vlastn\u00edctvo: Benim elmam (Moje jablko)<\/strong><\/p>\n\n\n\n<p><strong>&#8211; Priamy predmet: (zjedol som jablko)<\/strong><\/p>\n\n\n\n<p><strong>&#8211; Umiestnenie: Elmada (Pri jablku)<\/strong><\/p>\n\n\n\n<p>Je d\u00f4le\u017eit\u00e9 obozn\u00e1mi\u0165 sa s t\u00fdmito pr\u00edponami, preto\u017ee m\u00f4\u017eu v\u00fdrazne zmeni\u0165 v\u00fdznam va\u0161ich viet.<\/p>\n\n\n\n<h3 class=\"wp-block-heading\" id=\"h-playing-with-numbers-turkish-plurals-and-genders\">Hra s \u010d\u00edslami: tureck\u00e9 mno\u017en\u00e9 \u010d\u00edslo a rody<\/h3>\n\n\n\n<p>Pri tvoren\u00ed mno\u017en\u00e9ho \u010d\u00edsla v ture\u010dtine je nevyhnutn\u00e9 prida\u0165 len jednu pr\u00edponu: -ler alebo -lar, v z\u00e1vislosti od najbli\u017e\u0161ej samohl\u00e1sky v slove. Na rozdiel od mnoh\u00fdch in\u00fdch jazykov ture\u010dtina nem\u00e1 gramatick\u00fd rod. To znamen\u00e1, \u017ee sa nemus\u00edte u\u010di\u0165 r\u00f4zne koncovky alebo tvary podstatn\u00fdch mien mu\u017esk\u00e9ho, \u017eensk\u00e9ho alebo stredn\u00e9ho rodu.<\/p>\n\n\n\n<p>Napr\u00edklad z &#8222;k\u00f6pek&#8220; (k\u00f6pek, podstatn\u00e9 meno vo v\u00fdzname &#8222;pes&#8220;) sa stane &#8222;k\u00f6pekler&#8220; (k\u00f6pekler, psy) a z &#8222;kedi&#8220; (kedi, podstatn\u00e9 meno vo v\u00fdzname &#8222;ma\u010dka&#8220;) sa stane &#8222;kediler&#8220; (kediler, ma\u010dky).<\/p>\n\n\n\n<h3 class=\"wp-block-heading\" id=\"h-the-art-of-conjugation-turkish-verbs\">Umenie \u010dasovania: tureck\u00e9 sloves\u00e1<\/h3>\n\n\n\n<p>Tureck\u00e9 sloves\u00e1 sa m\u00f4\u017eu na prv\u00fd poh\u013ead zda\u0165 sk\u013eu\u010duj\u00face kv\u00f4li ich po\u010detn\u00fdm \u010dasom, n\u00e1lad\u00e1m a \u010dasovaniu. K\u013e\u00fa\u010dom k ich pochopeniu je v\u0161ak rozpozna\u0165 spolo\u010dn\u00e9 vzorce a pravidelne ich praktizova\u0165.<\/p>\n\n\n\n<p>V ture\u010dtine sloves\u00e1 pou\u017e\u00edvaj\u00fa r\u00f4zne pr\u00edpony na ozna\u010denie nap\u00e4tia, n\u00e1lady a osoby. Slovesn\u00fd kme\u0148 zost\u00e1va nezmenen\u00fd. Ako pr\u00edklad si zoberme sloveso &#8222;yemek&#8220; (yemek, &#8222;jes\u0165&#8220;):<\/p>\n\n\n\n<p><strong>Pr\u00edtomn\u00fd kontinu\u00e1lny \u010das: Yiyorum (jem)<\/strong><\/p>\n\n\n\n<p><strong>Minul\u00fd \u010das: Yedim (jedol som)<\/strong><\/p>\n\n\n\n<p><strong>Bud\u00faci \u010das: Yiyece\u011fim (budem jes\u0165)<\/strong><\/p>\n\n\n\n<p>Ako vid\u00edte, konce sa menia pod\u013ea \u010dasu a osoby. S praxou a trpezlivos\u0165ou za\u010dnete rozpozn\u00e1va\u0165 vzory a zdol\u00e1te t\u00fato v\u00fdzvu.<\/p>\n\n\n\n<h3 class=\"wp-block-heading\" id=\"h-the-finishing-touches-turkish-adjectives-adverbs-and-more\">Posledn\u00e9 \u00fapravy: tureck\u00e9 pr\u00eddavn\u00e9 men\u00e1, pr\u00edslovky a \u010fal\u0161ie<\/h3>\n\n\n\n<p>Pokia\u013e ide o tureck\u00e9 pr\u00eddavn\u00e9 men\u00e1 a pr\u00edslovky, zohr\u00e1vaj\u00fa rozhoduj\u00facu \u00falohu pri prid\u00e1van\u00ed h\u013abky a zlo\u017eitosti v\u00e1\u0161mu prejavu. Pr\u00eddavn\u00e9 men\u00e1 v ture\u010dtine sa nemusia zhodova\u0165 s podstatn\u00fdmi menami, ktor\u00e9 modifikuj\u00fa, \u010do u\u013eah\u010duje pr\u00e1cu s nimi v porovnan\u00ed s mnoh\u00fdmi in\u00fdmi jazykmi.<\/p>\n\n\n\n<p>Napr\u00edklad &#8222;g\u00fczel&#8220; (g\u00fczel) znamen\u00e1 &#8222;kr\u00e1sny&#8220; a m\u00f4\u017eete ho vidie\u0165 ako &#8222;g\u00fczel \u00e7i\u00e7ek&#8220; (g\u00fczel \u00e7i\u00e7ek, &#8222;kr\u00e1sny kvet&#8220;) alebo &#8222;g\u00fczel k\u00f6pek&#8220; (g\u00fczel k\u00f6pek, &#8222;kr\u00e1sny pes&#8220;), bez zmeny mno\u017en\u00e9ho \u010d\u00edsla alebo rodu.<\/p>\n\n\n\n<p>Pr\u00edslovky sa zvy\u010dajne riadia podobn\u00fdmi vzormi, \u010dasto odvoden\u00fdmi z pr\u00eddavn\u00fdch mien. V ture\u010dtine m\u00f4\u017ee by\u0165 ve\u013ea pr\u00edsloviek vytvoren\u00fdch pridan\u00edm pr\u00edpony -ce alebo -ca k pr\u00eddavn\u00fdm men\u00e1m v z\u00e1vislosti od najbli\u017e\u0161ej samohl\u00e1sky.<\/p>\n\n\n\n<p>Z\u00e1verom mo\u017eno poveda\u0165, \u017ee zlo\u017eitos\u0165 a zvl\u00e1\u0161tnosti tureckej gramatiky, hoci s\u00fa n\u00e1ro\u010dn\u00e9, dod\u00e1vaj\u00fa jazyku jeho podmaniv\u00fa kr\u00e1su a charakter. V\u010faka kombin\u00e1cii vytrvalosti, zvedavosti a praktick\u00e9ho vyu\u017eitia sa \u010doskoro budete v tureckej gramatike orientova\u0165 s \u013eahkos\u0165ou a istotou. \u0160\u0165astn\u00e9 u\u010denie!<\/p>\n<\/div><\/div>\n\r\n<section class=\"learnNavigationSection\">\r\n            \r\n        <a href=\"https:\/\/talkpal.ai\/sk\/naucte-sa-turecky\/\">\r\n            <div class=\"learnNavigationWrapper\">\r\n                <div class=\"learnNavigationContent\">\r\n                    <img decoding=\"async\" src=\"https:\/\/talkpal.ai\/wp-content\/uploads\/2024\/08\/Turkish.jpg\" alt=\"Turkish Flag\">\r\n                    <div>\r\n                        <h4>O \u0161t\u00fadiu ture\u010dtiny<\/h4>\r\n                        <p>Zistite v\u0161etko o tureckej gramatike.<\/p>\r\n                    <\/div>\r\n                <\/div>\r\n            <\/div>\r\n        <\/a>\r\n\r\n        \r\n        <a href=\"https:\/\/talkpal.ai\/sk\/turecke-gramaticke-cvicenia\/\">\r\n            <div class=\"learnNavigationWrapper\">\r\n                <div class=\"learnNavigationContent\">\r\n                    <img decoding=\"async\" src=\"https:\/\/talkpal.ai\/wp-content\/uploads\/2024\/08\/Turkish.jpg\" alt=\"Turkish Flag\">\r\n                    <div>\r\n                        <h4>Cvi\u010denie z tureckej gramatiky<\/h4>\r\n                        <p>Precvi\u010dte si tureck\u00fa gramatiku.<\/p>\r\n                    <\/div>\r\n                <\/div>\r\n            <\/div>\r\n        <\/a>\r\n\r\n        \r\n        <a href=\"https:\/\/talkpal.ai\/vocabulary_language\/turkish\/\">\r\n            <div class=\"learnNavigationWrapper\">\r\n                <div class=\"learnNavigationContent\">\r\n                    <img decoding=\"async\" src=\"https:\/\/talkpal.ai\/wp-content\/uploads\/2024\/08\/Turkish.jpg\" alt=\"Turkish Flag\">\r\n                    <div>\r\n                        <h4>Tureck\u00e1 slovn\u00e1 z\u00e1soba<\/h4>\r\n                        <p>Roz\u0161\u00edrte si slovn\u00fa z\u00e1sobu ture\u010dtiny.<\/p>\r\n                    <\/div>\r\n                <\/div>\r\n            <\/div>\r\n        <\/a>\r\n\r\n            <\/section>","protected":false},"excerpt":{"rendered":"<p>Kone\u010dn\u00fd sprievodca tureckou gramatikou: navig\u00e1cia v zlo\u017eitosti jedine\u010dn\u00e9ho jazyka Tureck\u00e1 gramatika, rovnako ako samotn\u00fd jazyk, predstavuje bohat\u00fa a fascinuj\u00facu tapis\u00e9riu jazykov\u00fdch prvkov. Ako \u010dlen turkickej jazykovej rodiny ture\u010dtina zaujme \u0161tudentov svojimi rozmanit\u00fdmi vlastnos\u0165ami a vyz\u00fdva aj t\u00fdch najzdatnej\u0161\u00edch re\u010dn\u00edkov. V tejto pr\u00edru\u010dke sa zozn\u00e1mite s k\u013e\u00fa\u010dov\u00fdmi z\u00e1sadami tureckej gramatiky, objasn\u00edme jej zlo\u017eitos\u0165 a podpor\u00edme v\u00e1s [&hellip;]<\/p>\n","protected":false},"author":1,"featured_media":120950,"parent":0,"menu_order":0,"comment_status":"closed","ping_status":"closed","template":"LearningContentPage.php","meta":{"_acf_changed":false,"footnotes":""},"class_list":["post-153101","page","type-page","status-publish","has-post-thumbnail","hentry"],"acf":[],"yoast_head":"<!-- This site is optimized with the Yoast SEO Premium plugin v27.2 (Yoast SEO v27.2) - https:\/\/yoast.com\/product\/yoast-seo-premium-wordpress\/ -->\n<title>Tureck\u00e1 gramatika - Talkpal<\/title>\n<meta name=\"description\" content=\"Odha\u013ete tajomstv\u00e1 tureckej gramatiky pomocou n\u00e1\u0161ho komplexn\u00e9ho sprievodcu k\u013e\u00fa\u010dov\u00fdmi z\u00e1sadami a \u0161trukt\u00farou viet.\" \/>\n<meta name=\"robots\" content=\"index, follow, max-snippet:-1, max-image-preview:large, max-video-preview:-1\" \/>\n<link rel=\"canonical\" href=\"https:\/\/talkpal.ai\/sk\/turecka-gramatika\/\" \/>\n<meta property=\"og:locale\" content=\"sk_SK\" \/>\n<meta property=\"og:type\" content=\"article\" \/>\n<meta property=\"og:title\" content=\"Tureck\u00e1 gramatika\" \/>\n<meta property=\"og:description\" content=\"Kone\u010dn\u00fd sprievodca tureckou gramatikou: navig\u00e1cia v zlo\u017eitosti jedine\u010dn\u00e9ho jazyka Tureck\u00e1 gramatika, rovnako ako samotn\u00fd jazyk, predstavuje bohat\u00fa a\" \/>\n<meta property=\"og:url\" content=\"https:\/\/talkpal.ai\/sk\/turecka-gramatika\/\" \/>\n<meta property=\"og:site_name\" content=\"Talkpal\" \/>\n<meta property=\"article:publisher\" content=\"https:\/\/www.facebook.com\/profile.php?id=100090733639311\" \/>\n<meta property=\"article:modified_time\" content=\"2025-12-13T15:45:45+00:00\" \/>\n<meta property=\"og:image\" content=\"https:\/\/talkpal.ai\/wp-content\/uploads\/2023\/05\/turkish.png\" \/>\n\t<meta property=\"og:image:width\" content=\"512\" \/>\n\t<meta property=\"og:image:height\" content=\"512\" \/>\n\t<meta property=\"og:image:type\" content=\"image\/png\" \/>\n<meta name=\"twitter:card\" content=\"summary_large_image\" \/>\n<meta name=\"twitter:site\" content=\"@talkpalai\" \/>\n<meta name=\"twitter:label1\" content=\"Predpokladan\u00fd \u010das \u010d\u00edtania\" \/>\n\t<meta name=\"twitter:data1\" content=\"4 min\u00faty\" \/>\n<script type=\"application\/ld+json\" class=\"yoast-schema-graph\">{\"@context\":\"https:\/\/schema.org\",\"@graph\":[{\"@type\":\"WebPage\",\"@id\":\"https:\/\/talkpal.ai\/sk\/turecka-gramatika\/\",\"url\":\"https:\/\/talkpal.ai\/sk\/turecka-gramatika\/\",\"name\":\"Tureck\u00e1 gramatika - Talkpal\",\"isPartOf\":{\"@id\":\"https:\/\/talkpal.ai\/sk\/#website\"},\"primaryImageOfPage\":{\"@id\":\"https:\/\/talkpal.ai\/sk\/turecka-gramatika\/#primaryimage\"},\"image\":{\"@id\":\"https:\/\/talkpal.ai\/sk\/turecka-gramatika\/#primaryimage\"},\"thumbnailUrl\":\"https:\/\/talkpal.ai\/wp-content\/uploads\/2023\/05\/turkish.png\",\"datePublished\":\"2023-05-14T14:23:49+00:00\",\"dateModified\":\"2025-12-13T15:45:45+00:00\",\"description\":\"Odha\u013ete tajomstv\u00e1 tureckej gramatiky pomocou n\u00e1\u0161ho komplexn\u00e9ho sprievodcu k\u013e\u00fa\u010dov\u00fdmi z\u00e1sadami a \u0161trukt\u00farou viet.\",\"breadcrumb\":{\"@id\":\"https:\/\/talkpal.ai\/sk\/turecka-gramatika\/#breadcrumb\"},\"inLanguage\":\"sk-SK\",\"potentialAction\":[{\"@type\":\"ReadAction\",\"target\":[\"https:\/\/talkpal.ai\/sk\/turecka-gramatika\/\"]}]},{\"@type\":\"ImageObject\",\"inLanguage\":\"sk-SK\",\"@id\":\"https:\/\/talkpal.ai\/sk\/turecka-gramatika\/#primaryimage\",\"url\":\"https:\/\/talkpal.ai\/wp-content\/uploads\/2023\/05\/turkish.png\",\"contentUrl\":\"https:\/\/talkpal.ai\/wp-content\/uploads\/2023\/05\/turkish.png\",\"width\":512,\"height\":512},{\"@type\":\"BreadcrumbList\",\"@id\":\"https:\/\/talkpal.ai\/sk\/turecka-gramatika\/#breadcrumb\",\"itemListElement\":[{\"@type\":\"ListItem\",\"position\":1,\"name\":\"Homepage\",\"item\":\"https:\/\/talkpal.ai\/sk\/\"},{\"@type\":\"ListItem\",\"position\":2,\"name\":\"Tureck\u00e1 gramatika\"}]},{\"@type\":\"WebSite\",\"@id\":\"https:\/\/talkpal.ai\/sk\/#website\",\"url\":\"https:\/\/talkpal.ai\/sk\/\",\"name\":\"Talkpal\",\"description\":\"AI Language Learning\",\"publisher\":{\"@id\":\"https:\/\/talkpal.ai\/sk\/#organization\"},\"alternateName\":\"Talkpal AI\",\"potentialAction\":[{\"@type\":\"SearchAction\",\"target\":{\"@type\":\"EntryPoint\",\"urlTemplate\":\"https:\/\/talkpal.ai\/sk\/?s={search_term_string}\"},\"query-input\":{\"@type\":\"PropertyValueSpecification\",\"valueRequired\":true,\"valueName\":\"search_term_string\"}}],\"inLanguage\":\"sk-SK\"},{\"@type\":\"Organization\",\"@id\":\"https:\/\/talkpal.ai\/sk\/#organization\",\"name\":\"Talkpal, Inc.\",\"alternateName\":\"Talkpal AI\",\"url\":\"https:\/\/talkpal.ai\/sk\/\",\"logo\":{\"@type\":\"ImageObject\",\"inLanguage\":\"sk-SK\",\"@id\":\"https:\/\/talkpal.ai\/sk\/#\/schema\/logo\/image\/\",\"url\":\"https:\/\/talkpal.ai\/wp-content\/uploads\/2024\/03\/Talkpal-Logo-Icon.png\",\"contentUrl\":\"https:\/\/talkpal.ai\/wp-content\/uploads\/2024\/03\/Talkpal-Logo-Icon.png\",\"width\":2880,\"height\":2880,\"caption\":\"Talkpal, Inc.\"},\"image\":{\"@id\":\"https:\/\/talkpal.ai\/sk\/#\/schema\/logo\/image\/\"},\"sameAs\":[\"https:\/\/www.facebook.com\/profile.php?id=100090733639311\",\"https:\/\/x.com\/talkpalai\",\"https:\/\/www.linkedin.com\/company\/talkpal\/\",\"https:\/\/www.youtube.com\/@TalkPal\/\",\"https:\/\/www.tiktok.com\/@talkpal\",\"https:\/\/www.instagram.com\/talkpal_ai\/\",\"https:\/\/www.crunchbase.com\/organization\/talkpal-9cde\",\"https:\/\/www.g2.com\/products\/talkpal-for-business\/\",\"https:\/\/www.trustpilot.com\/review\/talkpal.ai\",\"https:\/\/www.capterra.com\/p\/10006800\/TalkPal\/\"],\"description\":\"Talkpal is a language learning web and mobile education app, powered by the latest AI technologies, that provides engaging experiences to its customers in many different languages to help them improve their language skills. Users can chat about unlimited amount of topics with the app and use other modes to practice their language learning.\",\"email\":\"support@talkpal.ai\",\"legalName\":\"Talkpal, Inc.\",\"foundingDate\":\"2023-04-03\",\"duns\":\"118989042\",\"numberOfEmployees\":{\"@type\":\"QuantitativeValue\",\"minValue\":\"11\",\"maxValue\":\"50\"},\"publishingPrinciples\":\"https:\/\/talkpal.ai\/publishing-principles\/\",\"actionableFeedbackPolicy\":\"https:\/\/talkpal.ai\/actionable-feedback-policy\/\",\"correctionsPolicy\":\"https:\/\/talkpal.ai\/corrections-policy\/\",\"ethicsPolicy\":\"https:\/\/talkpal.ai\/ethics-policy\/\",\"diversityPolicy\":\"https:\/\/talkpal.ai\/diversity-policy\/\",\"diversityStaffingReport\":\"https:\/\/talkpal.ai\/diversity-policy\/\"}]}<\/script>\n<!-- \/ Yoast SEO Premium plugin. -->","yoast_head_json":{"title":"Tureck\u00e1 gramatika - Talkpal","description":"Odha\u013ete tajomstv\u00e1 tureckej gramatiky pomocou n\u00e1\u0161ho komplexn\u00e9ho sprievodcu k\u013e\u00fa\u010dov\u00fdmi z\u00e1sadami a \u0161trukt\u00farou viet.","robots":{"index":"index","follow":"follow","max-snippet":"max-snippet:-1","max-image-preview":"max-image-preview:large","max-video-preview":"max-video-preview:-1"},"canonical":"https:\/\/talkpal.ai\/sk\/turecka-gramatika\/","og_locale":"sk_SK","og_type":"article","og_title":"Tureck\u00e1 gramatika","og_description":"Kone\u010dn\u00fd sprievodca tureckou gramatikou: navig\u00e1cia v zlo\u017eitosti jedine\u010dn\u00e9ho jazyka Tureck\u00e1 gramatika, rovnako ako samotn\u00fd jazyk, predstavuje bohat\u00fa a","og_url":"https:\/\/talkpal.ai\/sk\/turecka-gramatika\/","og_site_name":"Talkpal","article_publisher":"https:\/\/www.facebook.com\/profile.php?id=100090733639311","article_modified_time":"2025-12-13T15:45:45+00:00","og_image":[{"width":512,"height":512,"url":"https:\/\/talkpal.ai\/wp-content\/uploads\/2023\/05\/turkish.png","type":"image\/png"}],"twitter_card":"summary_large_image","twitter_site":"@talkpalai","twitter_misc":{"Predpokladan\u00fd \u010das \u010d\u00edtania":"4 min\u00faty"},"schema":{"@context":"https:\/\/schema.org","@graph":[{"@type":"WebPage","@id":"https:\/\/talkpal.ai\/sk\/turecka-gramatika\/","url":"https:\/\/talkpal.ai\/sk\/turecka-gramatika\/","name":"Tureck\u00e1 gramatika - Talkpal","isPartOf":{"@id":"https:\/\/talkpal.ai\/sk\/#website"},"primaryImageOfPage":{"@id":"https:\/\/talkpal.ai\/sk\/turecka-gramatika\/#primaryimage"},"image":{"@id":"https:\/\/talkpal.ai\/sk\/turecka-gramatika\/#primaryimage"},"thumbnailUrl":"https:\/\/talkpal.ai\/wp-content\/uploads\/2023\/05\/turkish.png","datePublished":"2023-05-14T14:23:49+00:00","dateModified":"2025-12-13T15:45:45+00:00","description":"Odha\u013ete tajomstv\u00e1 tureckej gramatiky pomocou n\u00e1\u0161ho komplexn\u00e9ho sprievodcu k\u013e\u00fa\u010dov\u00fdmi z\u00e1sadami a \u0161trukt\u00farou viet.","breadcrumb":{"@id":"https:\/\/talkpal.ai\/sk\/turecka-gramatika\/#breadcrumb"},"inLanguage":"sk-SK","potentialAction":[{"@type":"ReadAction","target":["https:\/\/talkpal.ai\/sk\/turecka-gramatika\/"]}]},{"@type":"ImageObject","inLanguage":"sk-SK","@id":"https:\/\/talkpal.ai\/sk\/turecka-gramatika\/#primaryimage","url":"https:\/\/talkpal.ai\/wp-content\/uploads\/2023\/05\/turkish.png","contentUrl":"https:\/\/talkpal.ai\/wp-content\/uploads\/2023\/05\/turkish.png","width":512,"height":512},{"@type":"BreadcrumbList","@id":"https:\/\/talkpal.ai\/sk\/turecka-gramatika\/#breadcrumb","itemListElement":[{"@type":"ListItem","position":1,"name":"Homepage","item":"https:\/\/talkpal.ai\/sk\/"},{"@type":"ListItem","position":2,"name":"Tureck\u00e1 gramatika"}]},{"@type":"WebSite","@id":"https:\/\/talkpal.ai\/sk\/#website","url":"https:\/\/talkpal.ai\/sk\/","name":"Talkpal","description":"AI Language Learning","publisher":{"@id":"https:\/\/talkpal.ai\/sk\/#organization"},"alternateName":"Talkpal AI","potentialAction":[{"@type":"SearchAction","target":{"@type":"EntryPoint","urlTemplate":"https:\/\/talkpal.ai\/sk\/?s={search_term_string}"},"query-input":{"@type":"PropertyValueSpecification","valueRequired":true,"valueName":"search_term_string"}}],"inLanguage":"sk-SK"},{"@type":"Organization","@id":"https:\/\/talkpal.ai\/sk\/#organization","name":"Talkpal, Inc.","alternateName":"Talkpal AI","url":"https:\/\/talkpal.ai\/sk\/","logo":{"@type":"ImageObject","inLanguage":"sk-SK","@id":"https:\/\/talkpal.ai\/sk\/#\/schema\/logo\/image\/","url":"https:\/\/talkpal.ai\/wp-content\/uploads\/2024\/03\/Talkpal-Logo-Icon.png","contentUrl":"https:\/\/talkpal.ai\/wp-content\/uploads\/2024\/03\/Talkpal-Logo-Icon.png","width":2880,"height":2880,"caption":"Talkpal, Inc."},"image":{"@id":"https:\/\/talkpal.ai\/sk\/#\/schema\/logo\/image\/"},"sameAs":["https:\/\/www.facebook.com\/profile.php?id=100090733639311","https:\/\/x.com\/talkpalai","https:\/\/www.linkedin.com\/company\/talkpal\/","https:\/\/www.youtube.com\/@TalkPal\/","https:\/\/www.tiktok.com\/@talkpal","https:\/\/www.instagram.com\/talkpal_ai\/","https:\/\/www.crunchbase.com\/organization\/talkpal-9cde","https:\/\/www.g2.com\/products\/talkpal-for-business\/","https:\/\/www.trustpilot.com\/review\/talkpal.ai","https:\/\/www.capterra.com\/p\/10006800\/TalkPal\/"],"description":"Talkpal is a language learning web and mobile education app, powered by the latest AI technologies, that provides engaging experiences to its customers in many different languages to help them improve their language skills. Users can chat about unlimited amount of topics with the app and use other modes to practice their language learning.","email":"support@talkpal.ai","legalName":"Talkpal, Inc.","foundingDate":"2023-04-03","duns":"118989042","numberOfEmployees":{"@type":"QuantitativeValue","minValue":"11","maxValue":"50"},"publishingPrinciples":"https:\/\/talkpal.ai\/publishing-principles\/","actionableFeedbackPolicy":"https:\/\/talkpal.ai\/actionable-feedback-policy\/","correctionsPolicy":"https:\/\/talkpal.ai\/corrections-policy\/","ethicsPolicy":"https:\/\/talkpal.ai\/ethics-policy\/","diversityPolicy":"https:\/\/talkpal.ai\/diversity-policy\/","diversityStaffingReport":"https:\/\/talkpal.ai\/diversity-policy\/"}]}},"_links":{"self":[{"href":"https:\/\/talkpal.ai\/sk\/wp-json\/wp\/v2\/pages\/153101","targetHints":{"allow":["GET"]}}],"collection":[{"href":"https:\/\/talkpal.ai\/sk\/wp-json\/wp\/v2\/pages"}],"about":[{"href":"https:\/\/talkpal.ai\/sk\/wp-json\/wp\/v2\/types\/page"}],"author":[{"embeddable":true,"href":"https:\/\/talkpal.ai\/sk\/wp-json\/wp\/v2\/users\/1"}],"replies":[{"embeddable":true,"href":"https:\/\/talkpal.ai\/sk\/wp-json\/wp\/v2\/comments?post=153101"}],"version-history":[{"count":0,"href":"https:\/\/talkpal.ai\/sk\/wp-json\/wp\/v2\/pages\/153101\/revisions"}],"wp:featuredmedia":[{"embeddable":true,"href":"https:\/\/talkpal.ai\/sk\/wp-json\/wp\/v2\/media\/120950"}],"wp:attachment":[{"href":"https:\/\/talkpal.ai\/sk\/wp-json\/wp\/v2\/media?parent=153101"}],"curies":[{"name":"wp","href":"https:\/\/api.w.org\/{rel}","templated":true}]}}