{"id":152790,"date":"2023-05-14T14:23:21","date_gmt":"2023-05-14T14:23:21","guid":{"rendered":"http:\/\/talkpal.ai\/tagalog-gramatika\/"},"modified":"2025-12-17T15:38:39","modified_gmt":"2025-12-17T15:38:39","slug":"tagalog-gramatika","status":"publish","type":"page","link":"https:\/\/talkpal.ai\/sk\/tagalog-gramatika\/","title":{"rendered":"Tagalog gramatika"},"content":{"rendered":"\r\n\r\n\r\n<section class=\"languageChallengeSection\">\r\n    <div class=\"languageInfoWrapper\">\r\n        \r\n        <h1>Tagalog gramatika<\/h1>\r\n        <p>Te\u0161\u00edte sa, \u017ee sa nau\u010d\u00edte tagal\u010dinu? Presk\u00famajte tagalsk\u00fa gramatiku, kde jedine\u010dn\u00e9 syst\u00e9my zamerania slovies, flexibiln\u00e9 poradie viet a u\u017eito\u010dn\u00e9 \u010dastice vytv\u00e1raj\u00fa jazyk, ktor\u00fd je rovnako expres\u00edvny ako zauj\u00edmav\u00fd. Za\u010dnite svoju cestu teraz &#8211; zvl\u00e1dnutie tagalskej gramatiky v\u00e1m umo\u017en\u00ed sebavedomo komunikova\u0165 a ponori\u0165 sa do pulzuj\u00facej kult\u00fary Filip\u00edn!<\/p>\r\n\r\n                            <a class=\"getStartedHidden\" href=\"https:\/\/app.talkpal.ai\/sk\/signup?lng=\">Za\u010dni<\/a>\r\n        \r\n    <\/div>\r\n\r\n    <figure>\r\n    <img decoding=\"async\" width=\"768\" height=\"768\" src=\"https:\/\/talkpal.ai\/wp-content\/uploads\/2023\/06\/tagalog-768x768.png\" class=\"languageImage no-lazy\" alt=\"Overcoming challenges in language learning\" fetchpriority=\"high\" sizes=\"(max-width: 768px) 150px, 768px\" srcset=\"https:\/\/talkpal.ai\/wp-content\/uploads\/2023\/06\/tagalog-768x768.png 768w, https:\/\/talkpal.ai\/wp-content\/uploads\/2023\/06\/tagalog-300x300.png 300w\" \/>\r\n    \r\n\r\n    <\/figure>\r\n\r\n            <a class=\"getStartedVisible\" href=\"https:\/\/app.talkpal.ai\/sk\/signup?lng=\">Za\u010dni<\/a>\r\n    \r\n<\/section>\r\n<section class=\"promotionalBanner\">\r\n    <p class=\"promotionalText\">Najefekt\u00edvnej\u0161\u00ed sp\u00f4sob, ako sa nau\u010di\u0165 jazyk<\/p>\r\n    <a class=\"promotionalLink\" href=\"https:\/\/app.talkpal.ai\/sk\/signup?lng=\">Vysk\u00fa\u0161ajte Talkpal zadarmo<\/a>\r\n<\/section>\n<div class=\"wp-block-group pageContainerStyle\"><div class=\"wp-block-group__inner-container is-layout-constrained wp-block-group-is-layout-constrained\">\n<h1 class=\"wp-block-heading\" id=\"h-tagalog-grammar-get-to-know-the-heart-of-filipino-language\">Tagalog Gramatika: Spoznajte srdce filip\u00ednskeho jazyka<\/h1>\n\n\n\n<p>Tagal\u010dinou, z\u00e1kladom n\u00e1rodn\u00e9ho jazyka Filip\u00edn, filip\u00edn\u010diny, hovoria mili\u00f3ny \u013eud\u00ed na celom svete. Ak sa chcete nau\u010di\u0165 tagal\u010dinu, mus\u00edte najprv pochopi\u0165 jeho zlo\u017eit\u00fa a fascinuj\u00facu gramatiku. V tomto \u010dl\u00e1nku sa ponor\u00edme do z\u00e1kladn\u00fdch aspektov tagalskej gramatiky a pom\u00f4\u017eeme v\u00e1m oceni\u0165 tento kr\u00e1sny jazyk konverza\u010dn\u00fdm a priate\u013esk\u00fdm sp\u00f4sobom.<\/p>\n\n\n\n<h3 class=\"wp-block-heading\" id=\"h-1-nouns-genderless-countable-and-uncountable\">1. podstatn\u00e9 men\u00e1 \u2013 bezpohlavn\u00e9, spo\u010d\u00edtate\u013en\u00e9 a nespo\u010d\u00edtate\u013en\u00e9<\/h3>\n\n\n\n<p>V tagal\u010dine nie s\u00fa podstatn\u00e9 men\u00e1 (pangngalan) kategorizovan\u00e9 pod\u013ea pohlavia, \u010do u\u013eah\u010duje spr\u00e1vu ako niektor\u00e9 in\u00e9 <a href=\"https:\/\/talkpal.ai\/what-language-is-spoken-on-the-international-space-station\/\">jazyky<\/a>. Be\u017en\u00e9 podstatn\u00e9 men\u00e1 sa vz\u0165ahuj\u00fa na \u013eud\u00ed, zvierat\u00e1, miesta, veci alebo my\u0161lienky, pri\u010dom vlastn\u00e9 podstatn\u00e9 men\u00e1 ozna\u010duj\u00fa konkr\u00e9tne men\u00e1. Stretnete sa s po\u010d\u00edtate\u013en\u00fdmi (tahanan, \u010do znamen\u00e1 &#8222;dom&#8220;) aj nepo\u010d\u00edtate\u013en\u00fdmi podstatn\u00fdmi menami (tubig, \u010do znamen\u00e1 &#8222;voda&#8220;). Podstatn\u00e9 men\u00e1 sa daj\u00fa premeni\u0165 na mno\u017en\u00e9 \u010d\u00edslo pridan\u00edm \u0161pecifick\u00fdch zna\u010diek, ako napr\u00edklad &#8222;mga&#8220;.<\/p>\n\n\n\n<h3 class=\"wp-block-heading\" id=\"h-2-adjectives-describing-with-flair\">2. Pr\u00eddavn\u00e9 men\u00e1 \u2013 opis s vkusom<\/h3>\n\n\n\n<p>Pr\u00eddavn\u00e9 men\u00e1 (pang-uri) poskytuj\u00fa viac inform\u00e1ci\u00ed o podstatn\u00fdch men\u00e1ch, s nieko\u013ek\u00fdmi sp\u00f4sobmi pou\u017eitia pr\u00eddavn\u00fdch mien v tagal\u010dine. Porovn\u00e1vanie podstatn\u00fdch mien sa uskuto\u010d\u0148uje pomocou pr\u00eddavn\u00fdch mien, pri\u010dom sa pou\u017e\u00edvaj\u00fa zna\u010dky &#8222;mas&#8220; a &#8222;pinaka&#8220; na vytvorenie komparat\u00edvneho a superlat\u00edvneho stup\u0148a. Napr\u00edklad &#8222;maganda&#8220; znamen\u00e1 &#8222;kr\u00e1sna&#8220;, &#8222;mas maganda&#8220; znamen\u00e1 &#8222;kraj\u0161ia&#8220; a &#8222;pinakamaganda&#8220; znamen\u00e1 &#8222;najkraj\u0161ia&#8220;.<\/p>\n\n\n\n<h3 class=\"wp-block-heading\" id=\"h-3-pronouns-keeping-it-personal\">3. Z\u00e1men\u00e1 \u2013 zachovanie osobnej str\u00e1nky<\/h3>\n\n\n\n<p><a href=\"https:\/\/talkpal.ai\/tagalog-grammar\/\">Tagalogsk\u00e1 gramatika<\/a> pozost\u00e1va z osobn\u00fdch, privlast\u0148ovac\u00edch, demon\u0161trat\u00edvnych, opytovac\u00edch a relat\u00edvnych z\u00e1men. <a href=\"https:\/\/talkpal.ai\/sk\/grammar\/pronomi-personali-v-talianskej-gramatike\/\">Osobn\u00e9 z\u00e1men\u00e1<\/a> sa vyskytuj\u00fa v troch pr\u00edpadoch: nominat\u00edv (ozna\u010denie predmetu), genit\u00edv (ozna\u010denie vlastn\u00edctva) a akuzat\u00edv (ozna\u010denie predmetu). Ukazovacie z\u00e1men\u00e1, ako napr\u00edklad &#8222;ito&#8220; (toto) a &#8222;iyan&#8220; (to), sa pou\u017e\u00edvaj\u00fa na pouk\u00e1zanie na konkr\u00e9tne veci, zatia\u013e \u010do zis\u0165ovacie z\u00e1men\u00e1 sa pou\u017e\u00edvaj\u00fa na kladenie ot\u00e1zok.<\/p>\n\n\n\n<h3 class=\"wp-block-heading\" id=\"h-4-verbs-conjugation-and-focus\">4. Sloves\u00e1 \u2013 \u010dasovanie a zameranie<\/h3>\n\n\n\n<p>Tagalsk\u00e9 sloves\u00e1 (pandiwa) hraj\u00fa d\u00f4le\u017eit\u00fa \u00falohu pri stavbe viet a ich \u010dasovanie je odli\u0161n\u00e9. Namiesto \u010dasov\u00fdch zmien zah\u0155\u0148aj\u00fa \u010dasovanie slovies v tagal\u010dine zmeny aspektov. Existuj\u00fa tri aspekty sloves: dokon\u010den\u00e9 (dokonav\u00e9), nedokon\u010den\u00e9 (nedokonav\u00e9) a kontemplovan\u00e9 (bud\u00face).  <\/p>\n\n\n\n<p>Okrem toho m\u00e1 <a href=\"https:\/\/talkpal.ai\/learn-tagalog\/\">Tagalog<\/a> jedine\u010dn\u00fd syst\u00e9m zamerania s\u00favisiaci so slovesami. V tomto syst\u00e9me sa slovesn\u00fd tvar men\u00ed v z\u00e1vislosti od toho, na ktor\u00fa \u010das\u0165 vety je zameran\u00e1, napr\u00edklad predmet, predmet alebo smer akcie. K\u013e\u00fa\u010dov\u00e9 zna\u010dky ako &#8222;um-&#8222;, &#8222;mag-&#8220; a &#8222;-in&#8220; pom\u00e1haj\u00fa vyjadri\u0165 r\u00f4zne nuansy vo vet\u00e1ch.<\/p>\n\n\n\n<h3 class=\"wp-block-heading\" id=\"h-5-embracing-the-journey\">5. Prijatie cesty<\/h3>\n\n\n\n<p>U\u010denie tagalskej gramatiky si vy\u017eaduje \u010das, \u00fasilie a \u0161tipku trpezlivosti. Jeho jedine\u010dnos\u0165, akon\u00e1hle je zvl\u00e1dnut\u00e1, v\u0161ak poskytuje jedine\u010dn\u00fd poh\u013ead na filip\u00ednsku kult\u00faru a dedi\u010dstvo. Majte otvoren\u00fa myse\u013e, d\u00f4sledne cvi\u010dte a nebojte sa robi\u0165 chyby pri rozpr\u00e1van\u00ed.<\/p>\n\n\n\n<p>Ke\u010f sa ponor\u00edte hlb\u0161ie do nu\u00e1ns tagalskej gramatiky, n\u00e1jdite si \u010das na vychutnanie jej \u017eivosti a bohatosti. Vychutnajte si pochopenie zlo\u017eitosti, ktor\u00e1 rob\u00ed tento jazyk skuto\u010dne v\u00fdnimo\u010dn\u00fdm. Maligayang pag-aaral &#8211; \u0161\u0165astn\u00e9 u\u010denie!<\/p>\n<\/div><\/div>\n\r\n<section class=\"learnNavigationSection\">\r\n            \r\n        <a href=\"https:\/\/talkpal.ai\/sk\/naucte-sa-tagalcinu\/\">\r\n            <div class=\"learnNavigationWrapper\">\r\n                <div class=\"learnNavigationContent\">\r\n                    <img decoding=\"async\" src=\"https:\/\/talkpal.ai\/wp-content\/uploads\/2024\/08\/Tagalog.jpg\" alt=\"Philippines Flag\">\r\n                    <div>\r\n                        <h4>O \u0161t\u00fadiu tagal\u010diny<\/h4>\r\n                        <p>Zistite v\u0161etko o gramatike tagal\u010diny.<\/p>\r\n                    <\/div>\r\n                <\/div>\r\n            <\/div>\r\n        <\/a>\r\n\r\n        \r\n        <a href=\"https:\/\/talkpal.ai\/sk\/tagalog-gramaticke-cvicenia\/\">\r\n            <div class=\"learnNavigationWrapper\">\r\n                <div class=\"learnNavigationContent\">\r\n                    <img decoding=\"async\" src=\"https:\/\/talkpal.ai\/wp-content\/uploads\/2024\/08\/Tagalog.jpg\" alt=\"Philippines Flag\">\r\n                    <div>\r\n                        <h4>Cvi\u010denie z gramatiky tagalogu<\/h4>\r\n                        <p>Precvi\u010dte si tagalsk\u00fa gramatiku.<\/p>\r\n                    <\/div>\r\n                <\/div>\r\n            <\/div>\r\n        <\/a>\r\n\r\n        \r\n        <a href=\"https:\/\/talkpal.ai\/vocabulary_language\/tagalog\/\">\r\n            <div class=\"learnNavigationWrapper\">\r\n                <div class=\"learnNavigationContent\">\r\n                    <img decoding=\"async\" src=\"https:\/\/talkpal.ai\/wp-content\/uploads\/2024\/08\/Tagalog.jpg\" alt=\"Philippines Flag\">\r\n                    <div>\r\n                        <h4>Tagal\u010dina Slovn\u00e1 z\u00e1soba<\/h4>\r\n                        <p>Roz\u0161\u00edrte si slovn\u00fa z\u00e1sobu tagal\u010diny.<\/p>\r\n                    <\/div>\r\n                <\/div>\r\n            <\/div>\r\n        <\/a>\r\n\r\n            <\/section>","protected":false},"excerpt":{"rendered":"<p>Tagalog Gramatika: Spoznajte srdce filip\u00ednskeho jazyka Tagal\u010dinou, z\u00e1kladom n\u00e1rodn\u00e9ho jazyka Filip\u00edn, filip\u00edn\u010diny, hovoria mili\u00f3ny \u013eud\u00ed na celom svete. Ak sa chcete nau\u010di\u0165 tagal\u010dinu, mus\u00edte najprv pochopi\u0165 jeho zlo\u017eit\u00fa a fascinuj\u00facu gramatiku. V tomto \u010dl\u00e1nku sa ponor\u00edme do z\u00e1kladn\u00fdch aspektov tagalskej gramatiky a pom\u00f4\u017eeme v\u00e1m oceni\u0165 tento kr\u00e1sny jazyk konverza\u010dn\u00fdm a priate\u013esk\u00fdm sp\u00f4sobom. 1. podstatn\u00e9 men\u00e1 [&hellip;]<\/p>\n","protected":false},"author":1,"featured_media":119995,"parent":0,"menu_order":0,"comment_status":"closed","ping_status":"closed","template":"LearningContentPage.php","meta":{"_acf_changed":false,"footnotes":""},"class_list":["post-152790","page","type-page","status-publish","has-post-thumbnail","hentry"],"acf":[],"yoast_head":"<!-- This site is optimized with the Yoast SEO Premium plugin v27.2 (Yoast SEO v27.2) - https:\/\/yoast.com\/product\/yoast-seo-premium-wordpress\/ -->\n<title>Tagalog gramatika - Talkpal<\/title>\n<meta name=\"description\" content=\"Presk\u00famajte z\u00e1klady tagalskej gramatiky a nau\u010dte sa, ako oceni\u0165 tento kr\u00e1sny jazyk jednoduch\u00fdm a priate\u013esk\u00fdm sp\u00f4sobom.\" \/>\n<meta name=\"robots\" content=\"index, follow, max-snippet:-1, max-image-preview:large, max-video-preview:-1\" \/>\n<link rel=\"canonical\" href=\"https:\/\/talkpal.ai\/sk\/tagalog-gramatika\/\" \/>\n<meta property=\"og:locale\" content=\"sk_SK\" \/>\n<meta property=\"og:type\" content=\"article\" \/>\n<meta property=\"og:title\" content=\"Tagalog gramatika\" \/>\n<meta property=\"og:description\" content=\"Tagalog Gramatika: Spoznajte srdce filip\u00ednskeho jazyka Tagal\u010dinou, z\u00e1kladom n\u00e1rodn\u00e9ho jazyka Filip\u00edn, filip\u00edn\u010diny, hovoria mili\u00f3ny \u013eud\u00ed na celom svete. Ak\" \/>\n<meta property=\"og:url\" content=\"https:\/\/talkpal.ai\/sk\/tagalog-gramatika\/\" \/>\n<meta property=\"og:site_name\" content=\"Talkpal\" \/>\n<meta property=\"article:publisher\" content=\"https:\/\/www.facebook.com\/profile.php?id=100090733639311\" \/>\n<meta property=\"article:modified_time\" content=\"2025-12-17T15:38:39+00:00\" \/>\n<meta property=\"og:image\" content=\"https:\/\/talkpal.ai\/wp-content\/uploads\/2023\/05\/Tagalog-philippines.png\" \/>\n\t<meta property=\"og:image:width\" content=\"512\" \/>\n\t<meta property=\"og:image:height\" content=\"512\" \/>\n\t<meta property=\"og:image:type\" content=\"image\/png\" \/>\n<meta name=\"twitter:card\" content=\"summary_large_image\" \/>\n<meta name=\"twitter:site\" content=\"@talkpalai\" \/>\n<meta name=\"twitter:label1\" content=\"Predpokladan\u00fd \u010das \u010d\u00edtania\" \/>\n\t<meta name=\"twitter:data1\" content=\"3 min\u00faty\" \/>\n<script type=\"application\/ld+json\" class=\"yoast-schema-graph\">{\"@context\":\"https:\/\/schema.org\",\"@graph\":[{\"@type\":\"WebPage\",\"@id\":\"https:\/\/talkpal.ai\/sk\/tagalog-gramatika\/\",\"url\":\"https:\/\/talkpal.ai\/sk\/tagalog-gramatika\/\",\"name\":\"Tagalog gramatika - Talkpal\",\"isPartOf\":{\"@id\":\"https:\/\/talkpal.ai\/sk\/#website\"},\"primaryImageOfPage\":{\"@id\":\"https:\/\/talkpal.ai\/sk\/tagalog-gramatika\/#primaryimage\"},\"image\":{\"@id\":\"https:\/\/talkpal.ai\/sk\/tagalog-gramatika\/#primaryimage\"},\"thumbnailUrl\":\"https:\/\/talkpal.ai\/wp-content\/uploads\/2023\/05\/Tagalog-philippines.png\",\"datePublished\":\"2023-05-14T14:23:21+00:00\",\"dateModified\":\"2025-12-17T15:38:39+00:00\",\"description\":\"Presk\u00famajte z\u00e1klady tagalskej gramatiky a nau\u010dte sa, ako oceni\u0165 tento kr\u00e1sny jazyk jednoduch\u00fdm a priate\u013esk\u00fdm sp\u00f4sobom.\",\"breadcrumb\":{\"@id\":\"https:\/\/talkpal.ai\/sk\/tagalog-gramatika\/#breadcrumb\"},\"inLanguage\":\"sk-SK\",\"potentialAction\":[{\"@type\":\"ReadAction\",\"target\":[\"https:\/\/talkpal.ai\/sk\/tagalog-gramatika\/\"]}]},{\"@type\":\"ImageObject\",\"inLanguage\":\"sk-SK\",\"@id\":\"https:\/\/talkpal.ai\/sk\/tagalog-gramatika\/#primaryimage\",\"url\":\"https:\/\/talkpal.ai\/wp-content\/uploads\/2023\/05\/Tagalog-philippines.png\",\"contentUrl\":\"https:\/\/talkpal.ai\/wp-content\/uploads\/2023\/05\/Tagalog-philippines.png\",\"width\":512,\"height\":512},{\"@type\":\"BreadcrumbList\",\"@id\":\"https:\/\/talkpal.ai\/sk\/tagalog-gramatika\/#breadcrumb\",\"itemListElement\":[{\"@type\":\"ListItem\",\"position\":1,\"name\":\"Homepage\",\"item\":\"https:\/\/talkpal.ai\/sk\/\"},{\"@type\":\"ListItem\",\"position\":2,\"name\":\"Tagalog gramatika\"}]},{\"@type\":\"WebSite\",\"@id\":\"https:\/\/talkpal.ai\/sk\/#website\",\"url\":\"https:\/\/talkpal.ai\/sk\/\",\"name\":\"Talkpal\",\"description\":\"AI Language Learning\",\"publisher\":{\"@id\":\"https:\/\/talkpal.ai\/sk\/#organization\"},\"alternateName\":\"Talkpal AI\",\"potentialAction\":[{\"@type\":\"SearchAction\",\"target\":{\"@type\":\"EntryPoint\",\"urlTemplate\":\"https:\/\/talkpal.ai\/sk\/?s={search_term_string}\"},\"query-input\":{\"@type\":\"PropertyValueSpecification\",\"valueRequired\":true,\"valueName\":\"search_term_string\"}}],\"inLanguage\":\"sk-SK\"},{\"@type\":\"Organization\",\"@id\":\"https:\/\/talkpal.ai\/sk\/#organization\",\"name\":\"Talkpal, Inc.\",\"alternateName\":\"Talkpal AI\",\"url\":\"https:\/\/talkpal.ai\/sk\/\",\"logo\":{\"@type\":\"ImageObject\",\"inLanguage\":\"sk-SK\",\"@id\":\"https:\/\/talkpal.ai\/sk\/#\/schema\/logo\/image\/\",\"url\":\"https:\/\/talkpal.ai\/wp-content\/uploads\/2024\/03\/Talkpal-Logo-Icon.png\",\"contentUrl\":\"https:\/\/talkpal.ai\/wp-content\/uploads\/2024\/03\/Talkpal-Logo-Icon.png\",\"width\":2880,\"height\":2880,\"caption\":\"Talkpal, Inc.\"},\"image\":{\"@id\":\"https:\/\/talkpal.ai\/sk\/#\/schema\/logo\/image\/\"},\"sameAs\":[\"https:\/\/www.facebook.com\/profile.php?id=100090733639311\",\"https:\/\/x.com\/talkpalai\",\"https:\/\/www.linkedin.com\/company\/talkpal\/\",\"https:\/\/www.youtube.com\/@TalkPal\/\",\"https:\/\/www.tiktok.com\/@talkpal\",\"https:\/\/www.instagram.com\/talkpal_ai\/\",\"https:\/\/www.crunchbase.com\/organization\/talkpal-9cde\",\"https:\/\/www.g2.com\/products\/talkpal-for-business\/\",\"https:\/\/www.trustpilot.com\/review\/talkpal.ai\",\"https:\/\/www.capterra.com\/p\/10006800\/TalkPal\/\"],\"description\":\"Talkpal is a language learning web and mobile education app, powered by the latest AI technologies, that provides engaging experiences to its customers in many different languages to help them improve their language skills. Users can chat about unlimited amount of topics with the app and use other modes to practice their language learning.\",\"email\":\"support@talkpal.ai\",\"legalName\":\"Talkpal, Inc.\",\"foundingDate\":\"2023-04-03\",\"duns\":\"118989042\",\"numberOfEmployees\":{\"@type\":\"QuantitativeValue\",\"minValue\":\"11\",\"maxValue\":\"50\"},\"publishingPrinciples\":\"https:\/\/talkpal.ai\/publishing-principles\/\",\"actionableFeedbackPolicy\":\"https:\/\/talkpal.ai\/actionable-feedback-policy\/\",\"correctionsPolicy\":\"https:\/\/talkpal.ai\/corrections-policy\/\",\"ethicsPolicy\":\"https:\/\/talkpal.ai\/ethics-policy\/\",\"diversityPolicy\":\"https:\/\/talkpal.ai\/diversity-policy\/\",\"diversityStaffingReport\":\"https:\/\/talkpal.ai\/diversity-policy\/\"}]}<\/script>\n<!-- \/ Yoast SEO Premium plugin. -->","yoast_head_json":{"title":"Tagalog gramatika - Talkpal","description":"Presk\u00famajte z\u00e1klady tagalskej gramatiky a nau\u010dte sa, ako oceni\u0165 tento kr\u00e1sny jazyk jednoduch\u00fdm a priate\u013esk\u00fdm sp\u00f4sobom.","robots":{"index":"index","follow":"follow","max-snippet":"max-snippet:-1","max-image-preview":"max-image-preview:large","max-video-preview":"max-video-preview:-1"},"canonical":"https:\/\/talkpal.ai\/sk\/tagalog-gramatika\/","og_locale":"sk_SK","og_type":"article","og_title":"Tagalog gramatika","og_description":"Tagalog Gramatika: Spoznajte srdce filip\u00ednskeho jazyka Tagal\u010dinou, z\u00e1kladom n\u00e1rodn\u00e9ho jazyka Filip\u00edn, filip\u00edn\u010diny, hovoria mili\u00f3ny \u013eud\u00ed na celom svete. Ak","og_url":"https:\/\/talkpal.ai\/sk\/tagalog-gramatika\/","og_site_name":"Talkpal","article_publisher":"https:\/\/www.facebook.com\/profile.php?id=100090733639311","article_modified_time":"2025-12-17T15:38:39+00:00","og_image":[{"width":512,"height":512,"url":"https:\/\/talkpal.ai\/wp-content\/uploads\/2023\/05\/Tagalog-philippines.png","type":"image\/png"}],"twitter_card":"summary_large_image","twitter_site":"@talkpalai","twitter_misc":{"Predpokladan\u00fd \u010das \u010d\u00edtania":"3 min\u00faty"},"schema":{"@context":"https:\/\/schema.org","@graph":[{"@type":"WebPage","@id":"https:\/\/talkpal.ai\/sk\/tagalog-gramatika\/","url":"https:\/\/talkpal.ai\/sk\/tagalog-gramatika\/","name":"Tagalog gramatika - Talkpal","isPartOf":{"@id":"https:\/\/talkpal.ai\/sk\/#website"},"primaryImageOfPage":{"@id":"https:\/\/talkpal.ai\/sk\/tagalog-gramatika\/#primaryimage"},"image":{"@id":"https:\/\/talkpal.ai\/sk\/tagalog-gramatika\/#primaryimage"},"thumbnailUrl":"https:\/\/talkpal.ai\/wp-content\/uploads\/2023\/05\/Tagalog-philippines.png","datePublished":"2023-05-14T14:23:21+00:00","dateModified":"2025-12-17T15:38:39+00:00","description":"Presk\u00famajte z\u00e1klady tagalskej gramatiky a nau\u010dte sa, ako oceni\u0165 tento kr\u00e1sny jazyk jednoduch\u00fdm a priate\u013esk\u00fdm sp\u00f4sobom.","breadcrumb":{"@id":"https:\/\/talkpal.ai\/sk\/tagalog-gramatika\/#breadcrumb"},"inLanguage":"sk-SK","potentialAction":[{"@type":"ReadAction","target":["https:\/\/talkpal.ai\/sk\/tagalog-gramatika\/"]}]},{"@type":"ImageObject","inLanguage":"sk-SK","@id":"https:\/\/talkpal.ai\/sk\/tagalog-gramatika\/#primaryimage","url":"https:\/\/talkpal.ai\/wp-content\/uploads\/2023\/05\/Tagalog-philippines.png","contentUrl":"https:\/\/talkpal.ai\/wp-content\/uploads\/2023\/05\/Tagalog-philippines.png","width":512,"height":512},{"@type":"BreadcrumbList","@id":"https:\/\/talkpal.ai\/sk\/tagalog-gramatika\/#breadcrumb","itemListElement":[{"@type":"ListItem","position":1,"name":"Homepage","item":"https:\/\/talkpal.ai\/sk\/"},{"@type":"ListItem","position":2,"name":"Tagalog gramatika"}]},{"@type":"WebSite","@id":"https:\/\/talkpal.ai\/sk\/#website","url":"https:\/\/talkpal.ai\/sk\/","name":"Talkpal","description":"AI Language Learning","publisher":{"@id":"https:\/\/talkpal.ai\/sk\/#organization"},"alternateName":"Talkpal AI","potentialAction":[{"@type":"SearchAction","target":{"@type":"EntryPoint","urlTemplate":"https:\/\/talkpal.ai\/sk\/?s={search_term_string}"},"query-input":{"@type":"PropertyValueSpecification","valueRequired":true,"valueName":"search_term_string"}}],"inLanguage":"sk-SK"},{"@type":"Organization","@id":"https:\/\/talkpal.ai\/sk\/#organization","name":"Talkpal, Inc.","alternateName":"Talkpal AI","url":"https:\/\/talkpal.ai\/sk\/","logo":{"@type":"ImageObject","inLanguage":"sk-SK","@id":"https:\/\/talkpal.ai\/sk\/#\/schema\/logo\/image\/","url":"https:\/\/talkpal.ai\/wp-content\/uploads\/2024\/03\/Talkpal-Logo-Icon.png","contentUrl":"https:\/\/talkpal.ai\/wp-content\/uploads\/2024\/03\/Talkpal-Logo-Icon.png","width":2880,"height":2880,"caption":"Talkpal, Inc."},"image":{"@id":"https:\/\/talkpal.ai\/sk\/#\/schema\/logo\/image\/"},"sameAs":["https:\/\/www.facebook.com\/profile.php?id=100090733639311","https:\/\/x.com\/talkpalai","https:\/\/www.linkedin.com\/company\/talkpal\/","https:\/\/www.youtube.com\/@TalkPal\/","https:\/\/www.tiktok.com\/@talkpal","https:\/\/www.instagram.com\/talkpal_ai\/","https:\/\/www.crunchbase.com\/organization\/talkpal-9cde","https:\/\/www.g2.com\/products\/talkpal-for-business\/","https:\/\/www.trustpilot.com\/review\/talkpal.ai","https:\/\/www.capterra.com\/p\/10006800\/TalkPal\/"],"description":"Talkpal is a language learning web and mobile education app, powered by the latest AI technologies, that provides engaging experiences to its customers in many different languages to help them improve their language skills. Users can chat about unlimited amount of topics with the app and use other modes to practice their language learning.","email":"support@talkpal.ai","legalName":"Talkpal, Inc.","foundingDate":"2023-04-03","duns":"118989042","numberOfEmployees":{"@type":"QuantitativeValue","minValue":"11","maxValue":"50"},"publishingPrinciples":"https:\/\/talkpal.ai\/publishing-principles\/","actionableFeedbackPolicy":"https:\/\/talkpal.ai\/actionable-feedback-policy\/","correctionsPolicy":"https:\/\/talkpal.ai\/corrections-policy\/","ethicsPolicy":"https:\/\/talkpal.ai\/ethics-policy\/","diversityPolicy":"https:\/\/talkpal.ai\/diversity-policy\/","diversityStaffingReport":"https:\/\/talkpal.ai\/diversity-policy\/"}]}},"_links":{"self":[{"href":"https:\/\/talkpal.ai\/sk\/wp-json\/wp\/v2\/pages\/152790","targetHints":{"allow":["GET"]}}],"collection":[{"href":"https:\/\/talkpal.ai\/sk\/wp-json\/wp\/v2\/pages"}],"about":[{"href":"https:\/\/talkpal.ai\/sk\/wp-json\/wp\/v2\/types\/page"}],"author":[{"embeddable":true,"href":"https:\/\/talkpal.ai\/sk\/wp-json\/wp\/v2\/users\/1"}],"replies":[{"embeddable":true,"href":"https:\/\/talkpal.ai\/sk\/wp-json\/wp\/v2\/comments?post=152790"}],"version-history":[{"count":0,"href":"https:\/\/talkpal.ai\/sk\/wp-json\/wp\/v2\/pages\/152790\/revisions"}],"wp:featuredmedia":[{"embeddable":true,"href":"https:\/\/talkpal.ai\/sk\/wp-json\/wp\/v2\/media\/119995"}],"wp:attachment":[{"href":"https:\/\/talkpal.ai\/sk\/wp-json\/wp\/v2\/media?parent=152790"}],"curies":[{"name":"wp","href":"https:\/\/api.w.org\/{rel}","templated":true}]}}