{"id":152492,"date":"2023-05-14T14:23:00","date_gmt":"2023-05-14T14:23:00","guid":{"rendered":"http:\/\/talkpal.ai\/vietnamska-gramatika\/"},"modified":"2025-12-12T11:04:36","modified_gmt":"2025-12-12T11:04:36","slug":"vietnamska-gramatika","status":"publish","type":"page","link":"https:\/\/talkpal.ai\/sk\/vietnamska-gramatika\/","title":{"rendered":"Vietnamsk\u00e1 gramatika"},"content":{"rendered":"\r\n\r\n\r\n<section class=\"languageChallengeSection\">\r\n    <div class=\"languageInfoWrapper\">\r\n        \r\n        <h1>Vietnamsk\u00e1 gramatika<\/h1>\r\n        <p><a href=\"https:\/\/talkpal.ai\/vietnamese-grammar\/\">Vietnamsk\u00e1 gramatika<\/a> je zn\u00e1ma svojou jednoduchos\u0165ou a logickou \u0161trukt\u00farou, v\u010faka \u010domu je pr\u00edstupn\u00e1 aj pre nov\u00fdch \u0161tudentov. V\u010faka latinizovanej abecede, \u017eiadnym slovesn\u00fdm spojeniam a minim\u00e1lnemu pou\u017e\u00edvaniu mno\u017en\u00e9ho \u010d\u00edsla sa \u0161tudenti m\u00f4\u017eu r\u00fdchlo s\u00fastredi\u0165 na budovanie slovnej z\u00e1soby a konverza\u010dn\u00fdch zru\u010dnost\u00ed. V\u00fdskum vietnam\u010diny nie je len o u\u010den\u00ed sa jazyka, ale otv\u00e1ra aj okno do bohatej kult\u00fary a hist\u00f3rie krajiny.<\/p>\r\n\r\n                            <a class=\"getStartedHidden\" href=\"https:\/\/app.talkpal.ai\/sk\/signup?lng=\">Za\u010dni<\/a>\r\n        \r\n    <\/div>\r\n\r\n    <figure>\r\n    <img decoding=\"async\" width=\"768\" height=\"768\" src=\"https:\/\/talkpal.ai\/wp-content\/uploads\/2023\/06\/vietnamese-768x768.png\" class=\"languageImage no-lazy\" alt=\"Language learning for extensive cultural knowledge\" fetchpriority=\"high\" sizes=\"(max-width: 768px) 150px, 768px\" srcset=\"https:\/\/talkpal.ai\/wp-content\/uploads\/2023\/06\/vietnamese-768x768.png 768w, https:\/\/talkpal.ai\/wp-content\/uploads\/2023\/06\/vietnamese-300x300.png 300w\" \/>\r\n    \r\n\r\n    <\/figure>\r\n\r\n            <a class=\"getStartedVisible\" href=\"https:\/\/app.talkpal.ai\/sk\/signup?lng=\">Za\u010dni<\/a>\r\n    \r\n<\/section>\r\n<section class=\"promotionalBanner\">\r\n    <p class=\"promotionalText\">Najefekt\u00edvnej\u0161\u00ed sp\u00f4sob, ako sa nau\u010di\u0165 jazyk<\/p>\r\n    <a class=\"promotionalLink\" href=\"https:\/\/app.talkpal.ai\/sk\/signup?lng=\">Vysk\u00fa\u0161ajte Talkpal zadarmo<\/a>\r\n<\/section>\n<div class=\"wp-block-group pageContainerStyle\"><div class=\"wp-block-group__inner-container is-layout-constrained wp-block-group-is-layout-constrained\">\n<h2 class=\"wp-block-heading\" id=\"h-the-intricacies-of-vietnamese-grammar-an-engaging-exploration\">Zlo\u017eitos\u0165 vietnamskej gramatiky: p\u00fatav\u00fd prieskum<\/h2>\n\n\n\n<p>Vietnamsk\u00fd jazyk so svojimi hlbok\u00fdmi historick\u00fdmi kore\u0148mi a jedine\u010dn\u00fdm kult\u00farnym pozad\u00edm pon\u00faka l\u00e1kav\u00e9 dobrodru\u017estvo pre lingvistov aj \u0161tudentov jazykov. Zatia\u013e \u010do vietnamsk\u00e1 gramatika sa m\u00f4\u017ee spo\u010diatku javi\u0165 ako v\u00fdzva, jej jednoduch\u00e1 logika a konzistencia dl\u00e1\u017edia cestu pre vzru\u0161uj\u00faci vzdel\u00e1vac\u00ed z\u00e1\u017eitok. Pripravte sa teda na zauj\u00edmav\u00fa jazykov\u00fa plavbu, ke\u010f sa ponor\u00edme do zvl\u00e1\u0161tnost\u00ed vietnamskej gramatiky.<\/p>\n\n\n\n<h3 class=\"wp-block-heading\" id=\"h-1-the-alphabet-a-gift-from-the-past\">1. Abeceda: dar z minulosti<\/h3>\n\n\n\n<p>Vietnamsk\u00e1 abeceda, ktor\u00e1 obsahuje 29 p\u00edsmen, poch\u00e1dza hlavne z latinsk\u00e9ho p\u00edsma s portugalsk\u00fdm a franc\u00fazskym za\u010diatkom. V\u010faka p\u00edsmu Qu\u1ed1c Ng\u1eef prechod na romanizovan\u00e9 p\u00edsmo urobil abecedu zn\u00e1mou a \u013eahko pr\u00edstupnou pre hovorcov in\u00fdch jazykov zalo\u017een\u00fdch na latinke. To umo\u017e\u0148uje plynul\u00fd vstupn\u00fd bod pre za\u010diato\u010dn\u00edkov, aby sa zamerali na jedine\u010dn\u00e9 zvuky a v\u00fdslovnos\u0165 jazyka.<\/p>\n\n\n\n<h3 class=\"wp-block-heading\" id=\"h-2-tones-vietnamese-s-musical-notation\">2. T\u00f3ny: Hudobn\u00e1 not\u00e1cia vietnam\u010diny<\/h3>\n\n\n\n<p><a href=\"https:\/\/talkpal.ai\/learn-vietnamese\/\">Vietnam\u010dina<\/a> je t\u00f3nov\u00fd jazyk so \u0161iestimi charakteristick\u00fdmi t\u00f3nmi, ktor\u00e9 menia v\u00fdznam slova pomocou r\u00f4znych diakritick\u00fdch znamienok. Z\u00edskanie majstrovstva t\u00fdchto t\u00f3nov m\u00f4\u017ee by\u0165 n\u00e1ro\u010dn\u00e9, ale dod\u00e1va to muzik\u00e1lnos\u0165 a nuansu jazyku, ktor\u00fd ho rob\u00ed e\u0161te podmanivej\u0161\u00edm. Trpezlivos\u0165 a prax ho urobia dokonal\u00fdm, \u010do v\u00e1m umo\u017en\u00ed plne oceni\u0165 melodick\u00fa kr\u00e1su vietnam\u010diny.<\/p>\n\n\n\n<h3 class=\"wp-block-heading\" id=\"h-3-word-order-unraveling-the-vietnamese-sentence-structure\">3. Slovosled: Rozl\u00fa\u0161tenie vietnamskej vetnej \u0161trukt\u00fary<\/h3>\n\n\n\n<p>Na\u0161\u0165astie vietnamsk\u00fd slovosled je pomerne jednoduch\u00fd, pod\u013ea zn\u00e1meho form\u00e1tu subjekt-sloveso-objekt (SVO). T\u00e1to pr\u00edstupn\u00e1 \u0161trukt\u00fara u\u013eah\u010duje anglicky hovoriacim tvori\u0165 vety vo vietnam\u010dine bez toho, aby do\u0161lo k ve\u013ek\u00e9mu posunu v lingvistike. Vezmite si pr\u00edklad &#8222;T\u00f4i y\u00eau Vi\u1ec7t Nam!&#8220; (Milujem <a href=\"https:\/\/talkpal.ai\/learn-vietnamese\/\">Vietnam<\/a>!), kde maj\u00fa oba <a href=\"https:\/\/talkpal.ai\/what-language-is-spoken-on-the-international-space-station\/\">jazyky<\/a> paraleln\u00e9 kon\u0161trukcie.<\/p>\n\n\n\n<h3 class=\"wp-block-heading\" id=\"h-4-no-more-plural-nouns-or-verb-conjugations\">4. U\u017e \u017eiadne podstatn\u00e9 men\u00e1 v mno\u017enom \u010d\u00edsle alebo \u010dasovanie slovies<\/h3>\n\n\n\n<p>Vo vietnam\u010dine podstatn\u00e9 men\u00e1 nemenia svoju formu, aby ozna\u010dovali pluralitu, a sloves\u00e1 zost\u00e1vaj\u00fa konzistentn\u00e9 bez oh\u013eadu na \u010das alebo predmet. Aj ke\u010f sa to na prv\u00fd poh\u013ead m\u00f4\u017ee zda\u0165 m\u00e4t\u00face, v\u00fdrazne to zjednodu\u0161uje u\u010denie gramatick\u00fdch pravidiel. Namiesto toho kontext a pou\u017eitie \u010fal\u0161\u00edch slov objas\u0148uj\u00fa v\u00fdznam vety. Tak\u017ee si vyd\u00fdchnite, ke\u010f sa l\u00fa\u010dite s probl\u00e9mami s konjug\u00e1ciou.<\/p>\n\n\n\n<h3 class=\"wp-block-heading\" id=\"h-5-immerse-yourself-in-the-vietnamese-mindset\">5. Ponorte sa do vietnamsk\u00e9ho myslenia<\/h3>\n\n\n\n<p>U\u010denie vietnam\u010diny nie je len o zvl\u00e1dnut\u00ed gramatiky, ale aj o pochopen\u00ed kult\u00farnych, historick\u00fdch a spolo\u010densk\u00fdch s\u00favislost\u00ed, ktor\u00e9 tento jazyk formovali. Stretnite sa s roden\u00fdmi hovorcami, presk\u00famajte vietnamsk\u00fa literat\u00faru a umenie a pok\u00faste sa spozna\u0165 hodnoty a zvyky tohto n\u00e1roda. Tento holistick\u00fd pr\u00edstup nielen zlep\u0161\u00ed va\u0161e jazykov\u00e9 znalosti, ale tie\u017e preh\u013abi va\u0161e ch\u00e1panie mnohostrannej kr\u00e1sy Vietnamu.<\/p>\n\n\n\n<h3 class=\"wp-block-heading\" id=\"h-in-conclusion-relish-the-charm-of-vietnamese-grammar\">Na z\u00e1ver: Vychutnajte si k\u00fazlo vietnamskej gramatiky<\/h3>\n\n\n\n<p>Hoci sa vietnamsk\u00e1 gramatika m\u00f4\u017ee na prv\u00fd poh\u013ead zda\u0165 m\u00e4t\u00faca, jej fascinuj\u00faca \u0161trukt\u00fara a prirodzen\u00e1 jednoduchos\u0165 poz\u00fdvaj\u00fa \u0161tudentov, aby sa vydali na obohacuj\u00facu jazykov\u00fa cestu. Ke\u010f sa ponor\u00edte do sveta vietnam\u010diny, budete obdivova\u0165 eleganciu a kr\u00e1su jej gramatiky a bohat\u00fa kult\u00farnu tapis\u00e9riu, ktor\u00e1 tento jazyk formovala po st\u00e1ro\u010dia. Pokra\u010dujte a presk\u00famajte z\u00e1zraky vietnamskej gramatiky pri navig\u00e1cii jazykovou krajinou tohto o\u010daruj\u00faceho jazyka.<\/p>\n<\/div><\/div>\n\r\n<section class=\"learnNavigationSection\">\r\n            \r\n        <a href=\"https:\/\/talkpal.ai\/sk\/naucte-sa-vietnamsky\/\">\r\n            <div class=\"learnNavigationWrapper\">\r\n                <div class=\"learnNavigationContent\">\r\n                    <img decoding=\"async\" src=\"https:\/\/talkpal.ai\/wp-content\/uploads\/2024\/08\/Vietnamese.jpg\" alt=\"Vietnamise Flag\">\r\n                    <div>\r\n                        <h4>O \u0161t\u00fadiu vietnam\u010diny<\/h4>\r\n                        <p>Zistite v\u0161etko o vietnamskej gramatike.<\/p>\r\n                    <\/div>\r\n                <\/div>\r\n            <\/div>\r\n        <\/a>\r\n\r\n        \r\n        <a href=\"https:\/\/talkpal.ai\/sk\/vietnamske-gramaticke-cvicenia\/\">\r\n            <div class=\"learnNavigationWrapper\">\r\n                <div class=\"learnNavigationContent\">\r\n                    <img decoding=\"async\" src=\"https:\/\/talkpal.ai\/wp-content\/uploads\/2024\/08\/Vietnamese.jpg\" alt=\"Vietnamise Flag\">\r\n                    <div>\r\n                        <h4>Cvi\u010denie vietnamskej gramatiky<\/h4>\r\n                        <p>Precvi\u010dte si vietnamsk\u00fa gramatiku.<\/p>\r\n                    <\/div>\r\n                <\/div>\r\n            <\/div>\r\n        <\/a>\r\n\r\n        \r\n        <a href=\"https:\/\/talkpal.ai\/vocabulary_language\/vietnamese\/\">\r\n            <div class=\"learnNavigationWrapper\">\r\n                <div class=\"learnNavigationContent\">\r\n                    <img decoding=\"async\" src=\"https:\/\/talkpal.ai\/wp-content\/uploads\/2024\/08\/Vietnamese.jpg\" alt=\"Vietnamise Flag\">\r\n                    <div>\r\n                        <h4>Vietnamsk\u00e1 slovn\u00e1 z\u00e1soba<\/h4>\r\n                        <p>Roz\u0161\u00edrte si slovn\u00fa z\u00e1sobu vietnam\u010diny.<\/p>\r\n                    <\/div>\r\n                <\/div>\r\n            <\/div>\r\n        <\/a>\r\n\r\n            <\/section>","protected":false},"excerpt":{"rendered":"<p>Zlo\u017eitos\u0165 vietnamskej gramatiky: p\u00fatav\u00fd prieskum Vietnamsk\u00fd jazyk so svojimi hlbok\u00fdmi historick\u00fdmi kore\u0148mi a jedine\u010dn\u00fdm kult\u00farnym pozad\u00edm pon\u00faka l\u00e1kav\u00e9 dobrodru\u017estvo pre lingvistov aj \u0161tudentov jazykov. Zatia\u013e \u010do vietnamsk\u00e1 gramatika sa m\u00f4\u017ee spo\u010diatku javi\u0165 ako v\u00fdzva, jej jednoduch\u00e1 logika a konzistencia dl\u00e1\u017edia cestu pre vzru\u0161uj\u00faci vzdel\u00e1vac\u00ed z\u00e1\u017eitok. Pripravte sa teda na zauj\u00edmav\u00fa jazykov\u00fa plavbu, ke\u010f sa ponor\u00edme [&hellip;]<\/p>\n","protected":false},"author":1,"featured_media":120465,"parent":0,"menu_order":0,"comment_status":"closed","ping_status":"closed","template":"LearningContentPage.php","meta":{"_acf_changed":false,"footnotes":""},"class_list":["post-152492","page","type-page","status-publish","has-post-thumbnail","hentry"],"acf":[],"yoast_head":"<!-- This site is optimized with the Yoast SEO Premium plugin v27.2 (Yoast SEO v27.2) - https:\/\/yoast.com\/product\/yoast-seo-premium-wordpress\/ -->\n<title>Vietnamsk\u00e1 gramatika - Talkpal<\/title>\n<meta name=\"description\" content=\"Presk\u00famajte fascinuj\u00face aspekty vietnamskej gramatiky a objavte rados\u0165 z u\u010denia sa tohto jedine\u010dn\u00e9ho jazyka.\" \/>\n<meta name=\"robots\" content=\"index, follow, max-snippet:-1, max-image-preview:large, max-video-preview:-1\" \/>\n<link rel=\"canonical\" href=\"https:\/\/talkpal.ai\/sk\/vietnamska-gramatika\/\" \/>\n<meta property=\"og:locale\" content=\"sk_SK\" \/>\n<meta property=\"og:type\" content=\"article\" \/>\n<meta property=\"og:title\" content=\"Vietnamsk\u00e1 gramatika\" \/>\n<meta property=\"og:description\" content=\"Zlo\u017eitos\u0165 vietnamskej gramatiky: p\u00fatav\u00fd prieskum Vietnamsk\u00fd jazyk so svojimi hlbok\u00fdmi historick\u00fdmi kore\u0148mi a jedine\u010dn\u00fdm kult\u00farnym pozad\u00edm pon\u00faka l\u00e1kav\u00e9\" \/>\n<meta property=\"og:url\" content=\"https:\/\/talkpal.ai\/sk\/vietnamska-gramatika\/\" \/>\n<meta property=\"og:site_name\" content=\"Talkpal\" \/>\n<meta property=\"article:publisher\" content=\"https:\/\/www.facebook.com\/profile.php?id=100090733639311\" \/>\n<meta property=\"article:modified_time\" content=\"2025-12-12T11:04:36+00:00\" \/>\n<meta property=\"og:image\" content=\"https:\/\/talkpal.ai\/wp-content\/uploads\/2023\/05\/vietnam.png\" \/>\n\t<meta property=\"og:image:width\" content=\"512\" \/>\n\t<meta property=\"og:image:height\" content=\"512\" \/>\n\t<meta property=\"og:image:type\" content=\"image\/png\" \/>\n<meta name=\"twitter:card\" content=\"summary_large_image\" \/>\n<meta name=\"twitter:site\" content=\"@talkpalai\" \/>\n<meta name=\"twitter:label1\" content=\"Predpokladan\u00fd \u010das \u010d\u00edtania\" \/>\n\t<meta name=\"twitter:data1\" content=\"3 min\u00faty\" \/>\n<script type=\"application\/ld+json\" class=\"yoast-schema-graph\">{\"@context\":\"https:\/\/schema.org\",\"@graph\":[{\"@type\":\"WebPage\",\"@id\":\"https:\/\/talkpal.ai\/sk\/vietnamska-gramatika\/\",\"url\":\"https:\/\/talkpal.ai\/sk\/vietnamska-gramatika\/\",\"name\":\"Vietnamsk\u00e1 gramatika - Talkpal\",\"isPartOf\":{\"@id\":\"https:\/\/talkpal.ai\/sk\/#website\"},\"primaryImageOfPage\":{\"@id\":\"https:\/\/talkpal.ai\/sk\/vietnamska-gramatika\/#primaryimage\"},\"image\":{\"@id\":\"https:\/\/talkpal.ai\/sk\/vietnamska-gramatika\/#primaryimage\"},\"thumbnailUrl\":\"https:\/\/talkpal.ai\/wp-content\/uploads\/2023\/05\/vietnam.png\",\"datePublished\":\"2023-05-14T14:23:00+00:00\",\"dateModified\":\"2025-12-12T11:04:36+00:00\",\"description\":\"Presk\u00famajte fascinuj\u00face aspekty vietnamskej gramatiky a objavte rados\u0165 z u\u010denia sa tohto jedine\u010dn\u00e9ho jazyka.\",\"breadcrumb\":{\"@id\":\"https:\/\/talkpal.ai\/sk\/vietnamska-gramatika\/#breadcrumb\"},\"inLanguage\":\"sk-SK\",\"potentialAction\":[{\"@type\":\"ReadAction\",\"target\":[\"https:\/\/talkpal.ai\/sk\/vietnamska-gramatika\/\"]}]},{\"@type\":\"ImageObject\",\"inLanguage\":\"sk-SK\",\"@id\":\"https:\/\/talkpal.ai\/sk\/vietnamska-gramatika\/#primaryimage\",\"url\":\"https:\/\/talkpal.ai\/wp-content\/uploads\/2023\/05\/vietnam.png\",\"contentUrl\":\"https:\/\/talkpal.ai\/wp-content\/uploads\/2023\/05\/vietnam.png\",\"width\":512,\"height\":512},{\"@type\":\"BreadcrumbList\",\"@id\":\"https:\/\/talkpal.ai\/sk\/vietnamska-gramatika\/#breadcrumb\",\"itemListElement\":[{\"@type\":\"ListItem\",\"position\":1,\"name\":\"Homepage\",\"item\":\"https:\/\/talkpal.ai\/sk\/\"},{\"@type\":\"ListItem\",\"position\":2,\"name\":\"Vietnamsk\u00e1 gramatika\"}]},{\"@type\":\"WebSite\",\"@id\":\"https:\/\/talkpal.ai\/sk\/#website\",\"url\":\"https:\/\/talkpal.ai\/sk\/\",\"name\":\"Talkpal\",\"description\":\"AI Language Learning\",\"publisher\":{\"@id\":\"https:\/\/talkpal.ai\/sk\/#organization\"},\"alternateName\":\"Talkpal AI\",\"potentialAction\":[{\"@type\":\"SearchAction\",\"target\":{\"@type\":\"EntryPoint\",\"urlTemplate\":\"https:\/\/talkpal.ai\/sk\/?s={search_term_string}\"},\"query-input\":{\"@type\":\"PropertyValueSpecification\",\"valueRequired\":true,\"valueName\":\"search_term_string\"}}],\"inLanguage\":\"sk-SK\"},{\"@type\":\"Organization\",\"@id\":\"https:\/\/talkpal.ai\/sk\/#organization\",\"name\":\"Talkpal, Inc.\",\"alternateName\":\"Talkpal AI\",\"url\":\"https:\/\/talkpal.ai\/sk\/\",\"logo\":{\"@type\":\"ImageObject\",\"inLanguage\":\"sk-SK\",\"@id\":\"https:\/\/talkpal.ai\/sk\/#\/schema\/logo\/image\/\",\"url\":\"https:\/\/talkpal.ai\/wp-content\/uploads\/2024\/03\/Talkpal-Logo-Icon.png\",\"contentUrl\":\"https:\/\/talkpal.ai\/wp-content\/uploads\/2024\/03\/Talkpal-Logo-Icon.png\",\"width\":2880,\"height\":2880,\"caption\":\"Talkpal, Inc.\"},\"image\":{\"@id\":\"https:\/\/talkpal.ai\/sk\/#\/schema\/logo\/image\/\"},\"sameAs\":[\"https:\/\/www.facebook.com\/profile.php?id=100090733639311\",\"https:\/\/x.com\/talkpalai\",\"https:\/\/www.linkedin.com\/company\/talkpal\/\",\"https:\/\/www.youtube.com\/@TalkPal\/\",\"https:\/\/www.tiktok.com\/@talkpal\",\"https:\/\/www.instagram.com\/talkpal_ai\/\",\"https:\/\/www.crunchbase.com\/organization\/talkpal-9cde\",\"https:\/\/www.g2.com\/products\/talkpal-for-business\/\",\"https:\/\/www.trustpilot.com\/review\/talkpal.ai\",\"https:\/\/www.capterra.com\/p\/10006800\/TalkPal\/\"],\"description\":\"Talkpal is a language learning web and mobile education app, powered by the latest AI technologies, that provides engaging experiences to its customers in many different languages to help them improve their language skills. Users can chat about unlimited amount of topics with the app and use other modes to practice their language learning.\",\"email\":\"support@talkpal.ai\",\"legalName\":\"Talkpal, Inc.\",\"foundingDate\":\"2023-04-03\",\"duns\":\"118989042\",\"numberOfEmployees\":{\"@type\":\"QuantitativeValue\",\"minValue\":\"11\",\"maxValue\":\"50\"},\"publishingPrinciples\":\"https:\/\/talkpal.ai\/publishing-principles\/\",\"actionableFeedbackPolicy\":\"https:\/\/talkpal.ai\/actionable-feedback-policy\/\",\"correctionsPolicy\":\"https:\/\/talkpal.ai\/corrections-policy\/\",\"ethicsPolicy\":\"https:\/\/talkpal.ai\/ethics-policy\/\",\"diversityPolicy\":\"https:\/\/talkpal.ai\/diversity-policy\/\",\"diversityStaffingReport\":\"https:\/\/talkpal.ai\/diversity-policy\/\"}]}<\/script>\n<!-- \/ Yoast SEO Premium plugin. -->","yoast_head_json":{"title":"Vietnamsk\u00e1 gramatika - Talkpal","description":"Presk\u00famajte fascinuj\u00face aspekty vietnamskej gramatiky a objavte rados\u0165 z u\u010denia sa tohto jedine\u010dn\u00e9ho jazyka.","robots":{"index":"index","follow":"follow","max-snippet":"max-snippet:-1","max-image-preview":"max-image-preview:large","max-video-preview":"max-video-preview:-1"},"canonical":"https:\/\/talkpal.ai\/sk\/vietnamska-gramatika\/","og_locale":"sk_SK","og_type":"article","og_title":"Vietnamsk\u00e1 gramatika","og_description":"Zlo\u017eitos\u0165 vietnamskej gramatiky: p\u00fatav\u00fd prieskum Vietnamsk\u00fd jazyk so svojimi hlbok\u00fdmi historick\u00fdmi kore\u0148mi a jedine\u010dn\u00fdm kult\u00farnym pozad\u00edm pon\u00faka l\u00e1kav\u00e9","og_url":"https:\/\/talkpal.ai\/sk\/vietnamska-gramatika\/","og_site_name":"Talkpal","article_publisher":"https:\/\/www.facebook.com\/profile.php?id=100090733639311","article_modified_time":"2025-12-12T11:04:36+00:00","og_image":[{"width":512,"height":512,"url":"https:\/\/talkpal.ai\/wp-content\/uploads\/2023\/05\/vietnam.png","type":"image\/png"}],"twitter_card":"summary_large_image","twitter_site":"@talkpalai","twitter_misc":{"Predpokladan\u00fd \u010das \u010d\u00edtania":"3 min\u00faty"},"schema":{"@context":"https:\/\/schema.org","@graph":[{"@type":"WebPage","@id":"https:\/\/talkpal.ai\/sk\/vietnamska-gramatika\/","url":"https:\/\/talkpal.ai\/sk\/vietnamska-gramatika\/","name":"Vietnamsk\u00e1 gramatika - Talkpal","isPartOf":{"@id":"https:\/\/talkpal.ai\/sk\/#website"},"primaryImageOfPage":{"@id":"https:\/\/talkpal.ai\/sk\/vietnamska-gramatika\/#primaryimage"},"image":{"@id":"https:\/\/talkpal.ai\/sk\/vietnamska-gramatika\/#primaryimage"},"thumbnailUrl":"https:\/\/talkpal.ai\/wp-content\/uploads\/2023\/05\/vietnam.png","datePublished":"2023-05-14T14:23:00+00:00","dateModified":"2025-12-12T11:04:36+00:00","description":"Presk\u00famajte fascinuj\u00face aspekty vietnamskej gramatiky a objavte rados\u0165 z u\u010denia sa tohto jedine\u010dn\u00e9ho jazyka.","breadcrumb":{"@id":"https:\/\/talkpal.ai\/sk\/vietnamska-gramatika\/#breadcrumb"},"inLanguage":"sk-SK","potentialAction":[{"@type":"ReadAction","target":["https:\/\/talkpal.ai\/sk\/vietnamska-gramatika\/"]}]},{"@type":"ImageObject","inLanguage":"sk-SK","@id":"https:\/\/talkpal.ai\/sk\/vietnamska-gramatika\/#primaryimage","url":"https:\/\/talkpal.ai\/wp-content\/uploads\/2023\/05\/vietnam.png","contentUrl":"https:\/\/talkpal.ai\/wp-content\/uploads\/2023\/05\/vietnam.png","width":512,"height":512},{"@type":"BreadcrumbList","@id":"https:\/\/talkpal.ai\/sk\/vietnamska-gramatika\/#breadcrumb","itemListElement":[{"@type":"ListItem","position":1,"name":"Homepage","item":"https:\/\/talkpal.ai\/sk\/"},{"@type":"ListItem","position":2,"name":"Vietnamsk\u00e1 gramatika"}]},{"@type":"WebSite","@id":"https:\/\/talkpal.ai\/sk\/#website","url":"https:\/\/talkpal.ai\/sk\/","name":"Talkpal","description":"AI Language Learning","publisher":{"@id":"https:\/\/talkpal.ai\/sk\/#organization"},"alternateName":"Talkpal AI","potentialAction":[{"@type":"SearchAction","target":{"@type":"EntryPoint","urlTemplate":"https:\/\/talkpal.ai\/sk\/?s={search_term_string}"},"query-input":{"@type":"PropertyValueSpecification","valueRequired":true,"valueName":"search_term_string"}}],"inLanguage":"sk-SK"},{"@type":"Organization","@id":"https:\/\/talkpal.ai\/sk\/#organization","name":"Talkpal, Inc.","alternateName":"Talkpal AI","url":"https:\/\/talkpal.ai\/sk\/","logo":{"@type":"ImageObject","inLanguage":"sk-SK","@id":"https:\/\/talkpal.ai\/sk\/#\/schema\/logo\/image\/","url":"https:\/\/talkpal.ai\/wp-content\/uploads\/2024\/03\/Talkpal-Logo-Icon.png","contentUrl":"https:\/\/talkpal.ai\/wp-content\/uploads\/2024\/03\/Talkpal-Logo-Icon.png","width":2880,"height":2880,"caption":"Talkpal, Inc."},"image":{"@id":"https:\/\/talkpal.ai\/sk\/#\/schema\/logo\/image\/"},"sameAs":["https:\/\/www.facebook.com\/profile.php?id=100090733639311","https:\/\/x.com\/talkpalai","https:\/\/www.linkedin.com\/company\/talkpal\/","https:\/\/www.youtube.com\/@TalkPal\/","https:\/\/www.tiktok.com\/@talkpal","https:\/\/www.instagram.com\/talkpal_ai\/","https:\/\/www.crunchbase.com\/organization\/talkpal-9cde","https:\/\/www.g2.com\/products\/talkpal-for-business\/","https:\/\/www.trustpilot.com\/review\/talkpal.ai","https:\/\/www.capterra.com\/p\/10006800\/TalkPal\/"],"description":"Talkpal is a language learning web and mobile education app, powered by the latest AI technologies, that provides engaging experiences to its customers in many different languages to help them improve their language skills. Users can chat about unlimited amount of topics with the app and use other modes to practice their language learning.","email":"support@talkpal.ai","legalName":"Talkpal, Inc.","foundingDate":"2023-04-03","duns":"118989042","numberOfEmployees":{"@type":"QuantitativeValue","minValue":"11","maxValue":"50"},"publishingPrinciples":"https:\/\/talkpal.ai\/publishing-principles\/","actionableFeedbackPolicy":"https:\/\/talkpal.ai\/actionable-feedback-policy\/","correctionsPolicy":"https:\/\/talkpal.ai\/corrections-policy\/","ethicsPolicy":"https:\/\/talkpal.ai\/ethics-policy\/","diversityPolicy":"https:\/\/talkpal.ai\/diversity-policy\/","diversityStaffingReport":"https:\/\/talkpal.ai\/diversity-policy\/"}]}},"_links":{"self":[{"href":"https:\/\/talkpal.ai\/sk\/wp-json\/wp\/v2\/pages\/152492","targetHints":{"allow":["GET"]}}],"collection":[{"href":"https:\/\/talkpal.ai\/sk\/wp-json\/wp\/v2\/pages"}],"about":[{"href":"https:\/\/talkpal.ai\/sk\/wp-json\/wp\/v2\/types\/page"}],"author":[{"embeddable":true,"href":"https:\/\/talkpal.ai\/sk\/wp-json\/wp\/v2\/users\/1"}],"replies":[{"embeddable":true,"href":"https:\/\/talkpal.ai\/sk\/wp-json\/wp\/v2\/comments?post=152492"}],"version-history":[{"count":0,"href":"https:\/\/talkpal.ai\/sk\/wp-json\/wp\/v2\/pages\/152492\/revisions"}],"wp:featuredmedia":[{"embeddable":true,"href":"https:\/\/talkpal.ai\/sk\/wp-json\/wp\/v2\/media\/120465"}],"wp:attachment":[{"href":"https:\/\/talkpal.ai\/sk\/wp-json\/wp\/v2\/media?parent=152492"}],"curies":[{"name":"wp","href":"https:\/\/api.w.org\/{rel}","templated":true}]}}