{"id":152185,"date":"2023-05-14T14:22:39","date_gmt":"2023-05-14T14:22:39","guid":{"rendered":"http:\/\/talkpal.ai\/urdska-gramatika\/"},"modified":"2025-12-11T16:20:04","modified_gmt":"2025-12-11T16:20:04","slug":"urdska-gramatika","status":"publish","type":"page","link":"https:\/\/talkpal.ai\/sk\/urdska-gramatika\/","title":{"rendered":"Urdsk\u00e1 gramatika"},"content":{"rendered":"\r\n\r\n\r\n<section class=\"languageChallengeSection\">\r\n    <div class=\"languageInfoWrapper\">\r\n        \r\n        <h1>Urdsk\u00e1 gramatika<\/h1>\r\n        <p>M\u00e1te z\u00e1ujem o \u0161t\u00fadium urd\u010diny? Ponorte sa do gramatiky urd\u010diny, kde elegantn\u00e9 p\u00edsmo, rodov\u00e9 podstatn\u00e9 men\u00e1 a expres\u00edvne slovesn\u00e9 tvary vytv\u00e1raj\u00fa poetick\u00fd a praktick\u00fd jazyk. Za\u010dnite svoju cestu za urd\u010dinou e\u0161te dnes &#8211; zvl\u00e1dnutie jej gramatiky v\u00e1m otvor\u00ed nov\u00e9 cesty v komunik\u00e1cii a hlboko v\u00e1s prepoj\u00ed s bohat\u00fdmi liter\u00e1rnymi a kult\u00farnymi trad\u00edciami ju\u017enej \u00c1zie!<\/p>\r\n\r\n                            <a class=\"getStartedHidden\" href=\"https:\/\/app.talkpal.ai\/sk\/signup?lng=\">Za\u010dni<\/a>\r\n        \r\n    <\/div>\r\n\r\n    <figure>\r\n    <img decoding=\"async\" width=\"768\" height=\"768\" src=\"https:\/\/talkpal.ai\/wp-content\/uploads\/2023\/06\/urdu-768x768.png\" class=\"languageImage no-lazy\" alt=\"Language learning for global understanding\" fetchpriority=\"high\" sizes=\"(max-width: 768px) 150px, 768px\" srcset=\"https:\/\/talkpal.ai\/wp-content\/uploads\/2023\/06\/urdu-768x768.png 768w, https:\/\/talkpal.ai\/wp-content\/uploads\/2023\/06\/urdu-300x300.png 300w\" \/>\r\n    \r\n\r\n    <\/figure>\r\n\r\n            <a class=\"getStartedVisible\" href=\"https:\/\/app.talkpal.ai\/sk\/signup?lng=\">Za\u010dni<\/a>\r\n    \r\n<\/section>\r\n<section class=\"promotionalBanner\">\r\n    <p class=\"promotionalText\">Najefekt\u00edvnej\u0161\u00ed sp\u00f4sob, ako sa nau\u010di\u0165 jazyk<\/p>\r\n    <a class=\"promotionalLink\" href=\"https:\/\/app.talkpal.ai\/sk\/signup?lng=\">Vysk\u00fa\u0161ajte Talkpal zadarmo<\/a>\r\n<\/section>\n<div class=\"wp-block-group pageContainerStyle\"><div class=\"wp-block-group__inner-container is-layout-constrained wp-block-group-is-layout-constrained\">\n<h2 class=\"wp-block-heading\" id=\"h-urdu-grammar-exploring-the-beauty-and-intricacies-of-the-indo-aryan-language\">Urdsk\u00e1 gramatika: sk\u00famanie kr\u00e1sy a zlo\u017eitosti indo\u00e1rijsk\u00e9ho jazyka<\/h2>\n\n\n\n<p><a href=\"https:\/\/talkpal.ai\/talkpal-discount-for-language-enthusiasts\/\">Jazykov\u00ed nad\u0161enci<\/a> a zvedav\u00ed <a href=\"https:\/\/talkpal.ai\/talkpal-discount-for-students\/\">\u0161tudenti<\/a>, ste pripraven\u00ed ponori\u0165 sa do fascinuj\u00faceho sveta urdskej gramatiky? <a href=\"https:\/\/talkpal.ai\/learn-urdu\/\">Urdu<\/a>, indo\u00e1rijsk\u00fd jazyk, je n\u00e1rodn\u00fdm jazykom Pakistanu a jedn\u00fdm z \u00faradn\u00fdch jazykov Indie. S pribli\u017ene 70 mili\u00f3nmi hovoriacich po celom svete je <a href=\"https:\/\/talkpal.ai\/learn-urdu\/\">urd\u010dina<\/a> nielen bohat\u00fdm a expres\u00edvnym jazykom, ale aj mostom k \u017eivej kult\u00fare a hist\u00f3rii. V tomto \u010dl\u00e1nku sa budeme venova\u0165 jedine\u010dn\u00fdm aspektom gramatiky urd\u010diny a zist\u00edme, \u010d\u00edm sa odli\u0161uje od in\u00fdch jazykov.<\/p>\n\n\n\n<h3 class=\"wp-block-heading\" id=\"h-script-and-pronunciation-the-elegant-nastaliq\">Scen\u00e1r a v\u00fdslovnos\u0165: The Elegant Nastaliq<\/h3>\n\n\n\n<p>Urdsk\u00e9 p\u00edsmo je zalo\u017een\u00e9 na perzsko-arabskom \u0161t\u00fdle Nastaliq, ktor\u00fd je nap\u00edsan\u00fd a \u010d\u00edtan\u00fd sprava do\u013eava. P\u00edsmo Nastaliq, ktor\u00e9 obsahuje 38 p\u00edsmen s dodato\u010dn\u00fdmi diakritick\u00fdmi znamienkami pre samohl\u00e1sky a v\u00fdslovnos\u0165, je elegantn\u00e9 a plynul\u00e9. Nau\u010denie sa p\u00edsma a zvl\u00e1dnutie v\u00fdslovnosti urdsk\u00fdch zvukov bude va\u0161\u00edm prv\u00fdm krokom k pochopeniu gramatiky tohto jazyka.<\/p>\n\n\n\n<h3 class=\"wp-block-heading\" id=\"h-nouns-and-pronouns-exploring-gender-number-and-case\">Podstatn\u00e9 men\u00e1 a z\u00e1men\u00e1: sk\u00famanie rodu, \u010d\u00edsla a p\u00e1du<\/h3>\n\n\n\n<p>Urdsk\u00e9 podstatn\u00e9 men\u00e1 sa klasifikuj\u00fa pod\u013ea pohlavia (mu\u017esk\u00e9ho alebo \u017eensk\u00e9ho), \u010d\u00edsla (jednotn\u00e9ho alebo mno\u017en\u00e9ho \u010d\u00edsla) a p\u00e1du (priameho alebo \u0161ikm\u00e9ho). Jazyk nem\u00e1 \u010dleny (ako &#8222;a&#8220; alebo &#8222;the&#8220;), namiesto toho sa spolieha na kontext, aby vyjadril ur\u010ditos\u0165. Urdsk\u00e9 z\u00e1men\u00e1 tie\u017e sleduj\u00fa rodov\u00e9, \u010d\u00edseln\u00e9 a p\u00e1dov\u00e9 rozdiely a maj\u00fa r\u00f4zne formy zdvorilosti a zn\u00e1mosti.<\/p>\n\n\n\n<h3 class=\"wp-block-heading\" id=\"h-postpositions-and-cases-urdu-s-unique-approach-to-indicating-relationships\">Poz\u00edcie a pr\u00edpady: Jedine\u010dn\u00fd pr\u00edstup urd\u010diny k ozna\u010dovaniu vz\u0165ahov<\/h3>\n\n\n\n<p>Namiesto predlo\u017eiek pou\u017e\u00edva urd\u010dina postpoz\u00edcie \u2013 slov\u00e1, ktor\u00e9 nasleduj\u00fa za podstatn\u00fdmi menami, ktor\u00fdmi sa riadia. T\u00e1to charakteristick\u00e1 vlastnos\u0165 je vidite\u013en\u00e1 v celom jazyku a v\u00fdznamne ovplyv\u0148uje ozna\u010denie p\u00e1dov. Dva p\u00e1dy v urd\u010dine, priamy a sklonn\u00fd, sa pou\u017e\u00edvaj\u00fa v kombin\u00e1cii s postpoz\u00edciami na ozna\u010denie vz\u0165ahov medzi slovami.<\/p>\n\n\n\n<h3 class=\"wp-block-heading\" id=\"h-harnessing-the-power-of-verbs-tense-aspect-and-moods\">Vyu\u017eitie sily slovies: nap\u00e4tie, aspekt a n\u00e1lady<\/h3>\n\n\n\n<p>Urdsk\u00e9 sloves\u00e1 s\u00fa fascinuj\u00face svojou rozmanitou \u0161k\u00e1lou \u010dasov (minulos\u0165, pr\u00edtomnos\u0165 a bud\u00facnos\u0165), aspektov (dokonav\u00e9, nedokonal\u00e9 a zvykov\u00e9) a n\u00e1lad (indikat\u00edvne, imperat\u00edvne a subjunkt\u00edvne). Jazyk tie\u017e vo ve\u013ekej miere vyu\u017e\u00edva pomocn\u00e9 sloves\u00e1 na vytvorenie zlo\u017een\u00fdch \u010dasov, vyjadrenie nuanci\u00ed v \u010dase a dokon\u010denie akci\u00ed.<\/p>\n\n\n\n<p>Sloves\u00e1 tie\u017e s\u00fahlasia so svojimi predmetmi z h\u013eadiska pohlavia a po\u010dtu, \u010do \u010falej dod\u00e1va urdskej gramatike vrstvy zlo\u017eitosti a bohatstva.<\/p>\n\n\n\n<h3 class=\"wp-block-heading\" id=\"h-adjectives-adverbs-and-more-adding-color-to-your-language\">Pr\u00eddavn\u00e9 men\u00e1, pr\u00edslovky a \u010fal\u0161ie: pridanie farby do jazyka<\/h3>\n\n\n\n<p>Urdsk\u00e9 pr\u00eddavn\u00e9 men\u00e1 zvy\u010dajne nasleduj\u00fa za podstatn\u00fdmi menami, ktor\u00e9 upravuj\u00fa, a s\u00fahlasia s nimi z h\u013eadiska pohlavia a \u010d\u00edsla. Pr\u00eddavn\u00e9 men\u00e1 m\u00f4\u017eu by\u0165 zosilnen\u00e9 pomocou komparat\u00edvov a superlat\u00edvov, \u010do dod\u00e1va opisom h\u013abku. Urdsk\u00e9 pr\u00edslovky, odvoden\u00e9 z pr\u00eddavn\u00fdch mien alebo existuj\u00face nez\u00e1visle, tie\u017e zohr\u00e1vaj\u00fa d\u00f4le\u017eit\u00fa \u00falohu v jazyku a poskytuj\u00fa inform\u00e1cie o \u010dase, sp\u00f4sobe, mieste a stupni.<\/p>\n\n\n\n<p><a href=\"https:\/\/talkpal.ai\/urdu-grammar\/\">Urdsk\u00e1 gramatika<\/a> sa m\u00f4\u017ee pochv\u00e1li\u0165 mno\u017estvom spojok, interjekci\u00ed, \u010dast\u00edc a \u010fal\u0161\u00edch, ktor\u00e9 v\u00e1m pom\u00f4\u017eu vytvori\u0165 bohat\u00e9, zmyslupln\u00e9 a expres\u00edvne vety.<\/p>\n\n\n\n<h3 class=\"wp-block-heading\" id=\"h-embracing-the-world-of-urdu-grammar\">Prijatie sveta urdskej gramatiky<\/h3>\n\n\n\n<p><a href=\"https:\/\/talkpal.ai\/sq\/gramatika\/\">Gramatika<\/a> urd\u010diny sa m\u00f4\u017ee spo\u010diatku zda\u0165 zlo\u017eit\u00e1, ale ke\u010f sa ponor\u00edte do jej zlo\u017eitost\u00ed, zist\u00edte, \u017ee tento jazyk opl\u00fdva kr\u00e1sou a v\u00fdrazom. <a href=\"https:\/\/talkpal.ai\/sk\/ucenie\/\">U\u010denie sa<\/a> urd\u010diny nielen zlep\u0161\u00ed va\u0161e porozumenie indo\u00e1rijskej jazykovej rodiny, ale tie\u017e v\u00e1m pom\u00f4\u017ee spoji\u0165 sa s o\u010daruj\u00facou kult\u00farou, literat\u00farou a hist\u00f3riou.<\/p>\n\n\n\n<p>Pre\u010do sa teda nevyda\u0165 na vzru\u0161uj\u00facu cestu u\u010denia sa urdskej gramatiky? S odhodlan\u00edm a zvedavos\u0165ou sa mo\u017eno \u010doskoro ocitnete v konverz\u00e1cii s roden\u00fdmi hovorcami a vymie\u0148ate si n\u00e1pady a pr\u00edbehy v tomto silnom jazyku. \u0160\u0165astn\u00e9 u\u010denie!<\/p>\n<\/div><\/div>\n\r\n<section class=\"learnNavigationSection\">\r\n            \r\n        <a href=\"https:\/\/talkpal.ai\/sk\/naucte-sa-urdcinu\/\">\r\n            <div class=\"learnNavigationWrapper\">\r\n                <div class=\"learnNavigationContent\">\r\n                    <img decoding=\"async\" src=\"https:\/\/talkpal.ai\/wp-content\/uploads\/2024\/08\/Urdu.jpg\" alt=\"Pakistani Flag\">\r\n                    <div>\r\n                        <h4>O u\u010den\u00ed urd\u010diny<\/h4>\r\n                        <p>Zistite v\u0161etko o urdskej gramatike.<\/p>\r\n                    <\/div>\r\n                <\/div>\r\n            <\/div>\r\n        <\/a>\r\n\r\n        \r\n        <a href=\"https:\/\/talkpal.ai\/sk\/urdske-gramaticke-cvicenia\/\">\r\n            <div class=\"learnNavigationWrapper\">\r\n                <div class=\"learnNavigationContent\">\r\n                    <img decoding=\"async\" src=\"https:\/\/talkpal.ai\/wp-content\/uploads\/2024\/08\/Urdu.jpg\" alt=\"Pakistani Flag\">\r\n                    <div>\r\n                        <h4>Cvi\u010denie z gramatiky urd\u010diny<\/h4>\r\n                        <p>Precvi\u010dte si urdsk\u00fa gramatiku.<\/p>\r\n                    <\/div>\r\n                <\/div>\r\n            <\/div>\r\n        <\/a>\r\n\r\n        \r\n        <a href=\"https:\/\/talkpal.ai\/vocabulary_language\/urdu\/\">\r\n            <div class=\"learnNavigationWrapper\">\r\n                <div class=\"learnNavigationContent\">\r\n                    <img decoding=\"async\" src=\"https:\/\/talkpal.ai\/wp-content\/uploads\/2024\/08\/Urdu.jpg\" alt=\"Pakistani Flag\">\r\n                    <div>\r\n                        <h4>Slovn\u00e1 z\u00e1soba urd\u010diny<\/h4>\r\n                        <p>Roz\u0161\u00edrte si slovn\u00fa z\u00e1sobu urd\u010diny.<\/p>\r\n                    <\/div>\r\n                <\/div>\r\n            <\/div>\r\n        <\/a>\r\n\r\n            <\/section>","protected":false},"excerpt":{"rendered":"<p>Urdsk\u00e1 gramatika: sk\u00famanie kr\u00e1sy a zlo\u017eitosti indo\u00e1rijsk\u00e9ho jazyka Jazykov\u00ed nad\u0161enci a zvedav\u00ed \u0161tudenti, ste pripraven\u00ed ponori\u0165 sa do fascinuj\u00faceho sveta urdskej gramatiky? Urdu, indo\u00e1rijsk\u00fd jazyk, je n\u00e1rodn\u00fdm jazykom Pakistanu a jedn\u00fdm z \u00faradn\u00fdch jazykov Indie. S pribli\u017ene 70 mili\u00f3nmi hovoriacich po celom svete je urd\u010dina nielen bohat\u00fdm a expres\u00edvnym jazykom, ale aj mostom k \u017eivej [&hellip;]<\/p>\n","protected":false},"author":1,"featured_media":121198,"parent":0,"menu_order":0,"comment_status":"closed","ping_status":"closed","template":"LearningContentPage.php","meta":{"_acf_changed":false,"footnotes":""},"class_list":["post-152185","page","type-page","status-publish","has-post-thumbnail","hentry"],"acf":[],"yoast_head":"<!-- This site is optimized with the Yoast SEO Premium plugin v27.2 (Yoast SEO v27.2) - https:\/\/yoast.com\/product\/yoast-seo-premium-wordpress\/ -->\n<title>Urdsk\u00e1 gramatika - Talkpal<\/title>\n<meta name=\"description\" content=\"Odha\u013ete kr\u00e1su gramatiky urd\u010diny. Presk\u00famajte jeho jedine\u010dn\u00e9 aspekty, p\u00edsmo a jeho prepojenie s kult\u00farou a hist\u00f3riou.\" \/>\n<meta name=\"robots\" content=\"index, follow, max-snippet:-1, max-image-preview:large, max-video-preview:-1\" \/>\n<link rel=\"canonical\" href=\"https:\/\/talkpal.ai\/sk\/urdska-gramatika\/\" \/>\n<meta property=\"og:locale\" content=\"sk_SK\" \/>\n<meta property=\"og:type\" content=\"article\" \/>\n<meta property=\"og:title\" content=\"Urdsk\u00e1 gramatika\" \/>\n<meta property=\"og:description\" content=\"Urdsk\u00e1 gramatika: sk\u00famanie kr\u00e1sy a zlo\u017eitosti indo\u00e1rijsk\u00e9ho jazyka Jazykov\u00ed nad\u0161enci a zvedav\u00ed \u0161tudenti, ste pripraven\u00ed ponori\u0165 sa do fascinuj\u00faceho sveta\" \/>\n<meta property=\"og:url\" content=\"https:\/\/talkpal.ai\/sk\/urdska-gramatika\/\" \/>\n<meta property=\"og:site_name\" content=\"Talkpal\" \/>\n<meta property=\"article:publisher\" content=\"https:\/\/www.facebook.com\/profile.php?id=100090733639311\" \/>\n<meta property=\"article:modified_time\" content=\"2025-12-11T16:20:04+00:00\" \/>\n<meta property=\"og:image\" content=\"https:\/\/talkpal.ai\/wp-content\/uploads\/2023\/05\/Urdu-pakistan.png\" \/>\n\t<meta property=\"og:image:width\" content=\"512\" \/>\n\t<meta property=\"og:image:height\" content=\"512\" \/>\n\t<meta property=\"og:image:type\" content=\"image\/png\" \/>\n<meta name=\"twitter:card\" content=\"summary_large_image\" \/>\n<meta name=\"twitter:site\" content=\"@talkpalai\" \/>\n<meta name=\"twitter:label1\" content=\"Predpokladan\u00fd \u010das \u010d\u00edtania\" \/>\n\t<meta name=\"twitter:data1\" content=\"3 min\u00faty\" \/>\n<script type=\"application\/ld+json\" class=\"yoast-schema-graph\">{\"@context\":\"https:\/\/schema.org\",\"@graph\":[{\"@type\":\"WebPage\",\"@id\":\"https:\/\/talkpal.ai\/sk\/urdska-gramatika\/\",\"url\":\"https:\/\/talkpal.ai\/sk\/urdska-gramatika\/\",\"name\":\"Urdsk\u00e1 gramatika - Talkpal\",\"isPartOf\":{\"@id\":\"https:\/\/talkpal.ai\/sk\/#website\"},\"primaryImageOfPage\":{\"@id\":\"https:\/\/talkpal.ai\/sk\/urdska-gramatika\/#primaryimage\"},\"image\":{\"@id\":\"https:\/\/talkpal.ai\/sk\/urdska-gramatika\/#primaryimage\"},\"thumbnailUrl\":\"https:\/\/talkpal.ai\/wp-content\/uploads\/2023\/05\/Urdu-pakistan.png\",\"datePublished\":\"2023-05-14T14:22:39+00:00\",\"dateModified\":\"2025-12-11T16:20:04+00:00\",\"description\":\"Odha\u013ete kr\u00e1su gramatiky urd\u010diny. Presk\u00famajte jeho jedine\u010dn\u00e9 aspekty, p\u00edsmo a jeho prepojenie s kult\u00farou a hist\u00f3riou.\",\"breadcrumb\":{\"@id\":\"https:\/\/talkpal.ai\/sk\/urdska-gramatika\/#breadcrumb\"},\"inLanguage\":\"sk-SK\",\"potentialAction\":[{\"@type\":\"ReadAction\",\"target\":[\"https:\/\/talkpal.ai\/sk\/urdska-gramatika\/\"]}]},{\"@type\":\"ImageObject\",\"inLanguage\":\"sk-SK\",\"@id\":\"https:\/\/talkpal.ai\/sk\/urdska-gramatika\/#primaryimage\",\"url\":\"https:\/\/talkpal.ai\/wp-content\/uploads\/2023\/05\/Urdu-pakistan.png\",\"contentUrl\":\"https:\/\/talkpal.ai\/wp-content\/uploads\/2023\/05\/Urdu-pakistan.png\",\"width\":512,\"height\":512},{\"@type\":\"BreadcrumbList\",\"@id\":\"https:\/\/talkpal.ai\/sk\/urdska-gramatika\/#breadcrumb\",\"itemListElement\":[{\"@type\":\"ListItem\",\"position\":1,\"name\":\"Homepage\",\"item\":\"https:\/\/talkpal.ai\/sk\/\"},{\"@type\":\"ListItem\",\"position\":2,\"name\":\"Urdsk\u00e1 gramatika\"}]},{\"@type\":\"WebSite\",\"@id\":\"https:\/\/talkpal.ai\/sk\/#website\",\"url\":\"https:\/\/talkpal.ai\/sk\/\",\"name\":\"Talkpal\",\"description\":\"AI Language Learning\",\"publisher\":{\"@id\":\"https:\/\/talkpal.ai\/sk\/#organization\"},\"alternateName\":\"Talkpal AI\",\"potentialAction\":[{\"@type\":\"SearchAction\",\"target\":{\"@type\":\"EntryPoint\",\"urlTemplate\":\"https:\/\/talkpal.ai\/sk\/?s={search_term_string}\"},\"query-input\":{\"@type\":\"PropertyValueSpecification\",\"valueRequired\":true,\"valueName\":\"search_term_string\"}}],\"inLanguage\":\"sk-SK\"},{\"@type\":\"Organization\",\"@id\":\"https:\/\/talkpal.ai\/sk\/#organization\",\"name\":\"Talkpal, Inc.\",\"alternateName\":\"Talkpal AI\",\"url\":\"https:\/\/talkpal.ai\/sk\/\",\"logo\":{\"@type\":\"ImageObject\",\"inLanguage\":\"sk-SK\",\"@id\":\"https:\/\/talkpal.ai\/sk\/#\/schema\/logo\/image\/\",\"url\":\"https:\/\/talkpal.ai\/wp-content\/uploads\/2024\/03\/Talkpal-Logo-Icon.png\",\"contentUrl\":\"https:\/\/talkpal.ai\/wp-content\/uploads\/2024\/03\/Talkpal-Logo-Icon.png\",\"width\":2880,\"height\":2880,\"caption\":\"Talkpal, Inc.\"},\"image\":{\"@id\":\"https:\/\/talkpal.ai\/sk\/#\/schema\/logo\/image\/\"},\"sameAs\":[\"https:\/\/www.facebook.com\/profile.php?id=100090733639311\",\"https:\/\/x.com\/talkpalai\",\"https:\/\/www.linkedin.com\/company\/talkpal\/\",\"https:\/\/www.youtube.com\/@TalkPal\/\",\"https:\/\/www.tiktok.com\/@talkpal\",\"https:\/\/www.instagram.com\/talkpal_ai\/\",\"https:\/\/www.crunchbase.com\/organization\/talkpal-9cde\",\"https:\/\/www.g2.com\/products\/talkpal-for-business\/\",\"https:\/\/www.trustpilot.com\/review\/talkpal.ai\",\"https:\/\/www.capterra.com\/p\/10006800\/TalkPal\/\"],\"description\":\"Talkpal is a language learning web and mobile education app, powered by the latest AI technologies, that provides engaging experiences to its customers in many different languages to help them improve their language skills. Users can chat about unlimited amount of topics with the app and use other modes to practice their language learning.\",\"email\":\"support@talkpal.ai\",\"legalName\":\"Talkpal, Inc.\",\"foundingDate\":\"2023-04-03\",\"duns\":\"118989042\",\"numberOfEmployees\":{\"@type\":\"QuantitativeValue\",\"minValue\":\"11\",\"maxValue\":\"50\"},\"publishingPrinciples\":\"https:\/\/talkpal.ai\/publishing-principles\/\",\"actionableFeedbackPolicy\":\"https:\/\/talkpal.ai\/actionable-feedback-policy\/\",\"correctionsPolicy\":\"https:\/\/talkpal.ai\/corrections-policy\/\",\"ethicsPolicy\":\"https:\/\/talkpal.ai\/ethics-policy\/\",\"diversityPolicy\":\"https:\/\/talkpal.ai\/diversity-policy\/\",\"diversityStaffingReport\":\"https:\/\/talkpal.ai\/diversity-policy\/\"}]}<\/script>\n<!-- \/ Yoast SEO Premium plugin. -->","yoast_head_json":{"title":"Urdsk\u00e1 gramatika - Talkpal","description":"Odha\u013ete kr\u00e1su gramatiky urd\u010diny. Presk\u00famajte jeho jedine\u010dn\u00e9 aspekty, p\u00edsmo a jeho prepojenie s kult\u00farou a hist\u00f3riou.","robots":{"index":"index","follow":"follow","max-snippet":"max-snippet:-1","max-image-preview":"max-image-preview:large","max-video-preview":"max-video-preview:-1"},"canonical":"https:\/\/talkpal.ai\/sk\/urdska-gramatika\/","og_locale":"sk_SK","og_type":"article","og_title":"Urdsk\u00e1 gramatika","og_description":"Urdsk\u00e1 gramatika: sk\u00famanie kr\u00e1sy a zlo\u017eitosti indo\u00e1rijsk\u00e9ho jazyka Jazykov\u00ed nad\u0161enci a zvedav\u00ed \u0161tudenti, ste pripraven\u00ed ponori\u0165 sa do fascinuj\u00faceho sveta","og_url":"https:\/\/talkpal.ai\/sk\/urdska-gramatika\/","og_site_name":"Talkpal","article_publisher":"https:\/\/www.facebook.com\/profile.php?id=100090733639311","article_modified_time":"2025-12-11T16:20:04+00:00","og_image":[{"width":512,"height":512,"url":"https:\/\/talkpal.ai\/wp-content\/uploads\/2023\/05\/Urdu-pakistan.png","type":"image\/png"}],"twitter_card":"summary_large_image","twitter_site":"@talkpalai","twitter_misc":{"Predpokladan\u00fd \u010das \u010d\u00edtania":"3 min\u00faty"},"schema":{"@context":"https:\/\/schema.org","@graph":[{"@type":"WebPage","@id":"https:\/\/talkpal.ai\/sk\/urdska-gramatika\/","url":"https:\/\/talkpal.ai\/sk\/urdska-gramatika\/","name":"Urdsk\u00e1 gramatika - Talkpal","isPartOf":{"@id":"https:\/\/talkpal.ai\/sk\/#website"},"primaryImageOfPage":{"@id":"https:\/\/talkpal.ai\/sk\/urdska-gramatika\/#primaryimage"},"image":{"@id":"https:\/\/talkpal.ai\/sk\/urdska-gramatika\/#primaryimage"},"thumbnailUrl":"https:\/\/talkpal.ai\/wp-content\/uploads\/2023\/05\/Urdu-pakistan.png","datePublished":"2023-05-14T14:22:39+00:00","dateModified":"2025-12-11T16:20:04+00:00","description":"Odha\u013ete kr\u00e1su gramatiky urd\u010diny. Presk\u00famajte jeho jedine\u010dn\u00e9 aspekty, p\u00edsmo a jeho prepojenie s kult\u00farou a hist\u00f3riou.","breadcrumb":{"@id":"https:\/\/talkpal.ai\/sk\/urdska-gramatika\/#breadcrumb"},"inLanguage":"sk-SK","potentialAction":[{"@type":"ReadAction","target":["https:\/\/talkpal.ai\/sk\/urdska-gramatika\/"]}]},{"@type":"ImageObject","inLanguage":"sk-SK","@id":"https:\/\/talkpal.ai\/sk\/urdska-gramatika\/#primaryimage","url":"https:\/\/talkpal.ai\/wp-content\/uploads\/2023\/05\/Urdu-pakistan.png","contentUrl":"https:\/\/talkpal.ai\/wp-content\/uploads\/2023\/05\/Urdu-pakistan.png","width":512,"height":512},{"@type":"BreadcrumbList","@id":"https:\/\/talkpal.ai\/sk\/urdska-gramatika\/#breadcrumb","itemListElement":[{"@type":"ListItem","position":1,"name":"Homepage","item":"https:\/\/talkpal.ai\/sk\/"},{"@type":"ListItem","position":2,"name":"Urdsk\u00e1 gramatika"}]},{"@type":"WebSite","@id":"https:\/\/talkpal.ai\/sk\/#website","url":"https:\/\/talkpal.ai\/sk\/","name":"Talkpal","description":"AI Language Learning","publisher":{"@id":"https:\/\/talkpal.ai\/sk\/#organization"},"alternateName":"Talkpal AI","potentialAction":[{"@type":"SearchAction","target":{"@type":"EntryPoint","urlTemplate":"https:\/\/talkpal.ai\/sk\/?s={search_term_string}"},"query-input":{"@type":"PropertyValueSpecification","valueRequired":true,"valueName":"search_term_string"}}],"inLanguage":"sk-SK"},{"@type":"Organization","@id":"https:\/\/talkpal.ai\/sk\/#organization","name":"Talkpal, Inc.","alternateName":"Talkpal AI","url":"https:\/\/talkpal.ai\/sk\/","logo":{"@type":"ImageObject","inLanguage":"sk-SK","@id":"https:\/\/talkpal.ai\/sk\/#\/schema\/logo\/image\/","url":"https:\/\/talkpal.ai\/wp-content\/uploads\/2024\/03\/Talkpal-Logo-Icon.png","contentUrl":"https:\/\/talkpal.ai\/wp-content\/uploads\/2024\/03\/Talkpal-Logo-Icon.png","width":2880,"height":2880,"caption":"Talkpal, Inc."},"image":{"@id":"https:\/\/talkpal.ai\/sk\/#\/schema\/logo\/image\/"},"sameAs":["https:\/\/www.facebook.com\/profile.php?id=100090733639311","https:\/\/x.com\/talkpalai","https:\/\/www.linkedin.com\/company\/talkpal\/","https:\/\/www.youtube.com\/@TalkPal\/","https:\/\/www.tiktok.com\/@talkpal","https:\/\/www.instagram.com\/talkpal_ai\/","https:\/\/www.crunchbase.com\/organization\/talkpal-9cde","https:\/\/www.g2.com\/products\/talkpal-for-business\/","https:\/\/www.trustpilot.com\/review\/talkpal.ai","https:\/\/www.capterra.com\/p\/10006800\/TalkPal\/"],"description":"Talkpal is a language learning web and mobile education app, powered by the latest AI technologies, that provides engaging experiences to its customers in many different languages to help them improve their language skills. Users can chat about unlimited amount of topics with the app and use other modes to practice their language learning.","email":"support@talkpal.ai","legalName":"Talkpal, Inc.","foundingDate":"2023-04-03","duns":"118989042","numberOfEmployees":{"@type":"QuantitativeValue","minValue":"11","maxValue":"50"},"publishingPrinciples":"https:\/\/talkpal.ai\/publishing-principles\/","actionableFeedbackPolicy":"https:\/\/talkpal.ai\/actionable-feedback-policy\/","correctionsPolicy":"https:\/\/talkpal.ai\/corrections-policy\/","ethicsPolicy":"https:\/\/talkpal.ai\/ethics-policy\/","diversityPolicy":"https:\/\/talkpal.ai\/diversity-policy\/","diversityStaffingReport":"https:\/\/talkpal.ai\/diversity-policy\/"}]}},"_links":{"self":[{"href":"https:\/\/talkpal.ai\/sk\/wp-json\/wp\/v2\/pages\/152185","targetHints":{"allow":["GET"]}}],"collection":[{"href":"https:\/\/talkpal.ai\/sk\/wp-json\/wp\/v2\/pages"}],"about":[{"href":"https:\/\/talkpal.ai\/sk\/wp-json\/wp\/v2\/types\/page"}],"author":[{"embeddable":true,"href":"https:\/\/talkpal.ai\/sk\/wp-json\/wp\/v2\/users\/1"}],"replies":[{"embeddable":true,"href":"https:\/\/talkpal.ai\/sk\/wp-json\/wp\/v2\/comments?post=152185"}],"version-history":[{"count":0,"href":"https:\/\/talkpal.ai\/sk\/wp-json\/wp\/v2\/pages\/152185\/revisions"}],"wp:featuredmedia":[{"embeddable":true,"href":"https:\/\/talkpal.ai\/sk\/wp-json\/wp\/v2\/media\/121198"}],"wp:attachment":[{"href":"https:\/\/talkpal.ai\/sk\/wp-json\/wp\/v2\/media?parent=152185"}],"curies":[{"name":"wp","href":"https:\/\/api.w.org\/{rel}","templated":true}]}}