{"id":152079,"date":"2023-05-14T14:22:16","date_gmt":"2023-05-14T14:22:16","guid":{"rendered":"http:\/\/talkpal.ai\/tamilska-gramatika\/"},"modified":"2025-12-12T10:54:12","modified_gmt":"2025-12-12T10:54:12","slug":"tamilska-gramatika","status":"publish","type":"page","link":"https:\/\/talkpal.ai\/sk\/tamilska-gramatika\/","title":{"rendered":"Tamilsk\u00e1 gramatika"},"content":{"rendered":"\r\n\r\n\r\n<section class=\"languageChallengeSection\">\r\n    <div class=\"languageInfoWrapper\">\r\n        \r\n        <h1>Tamilsk\u00e1 gramatika<\/h1>\r\n        <p>Posu\u0148te svoje znalosti tamil\u010diny na vy\u0161\u0161iu \u00farove\u0148 t\u00fdm, \u017ee si osvoj\u00edte z\u00e1klady gramatiky a pokro\u010dil\u00e9 pojmy. Zozn\u00e1mte sa s jasn\u00fdmi vysvetleniami, praktick\u00fdmi pr\u00edkladmi a interakt\u00edvnymi cvi\u010deniami, ktor\u00e9 v\u00e1m pom\u00f4\u017eu vybudova\u0165 si istotu. Za\u010dnite sa u\u010di\u0165 o \u0161trukt\u00fare vety, \u010dasovan\u00ed slovies a z\u00e1kladn\u00fdch pravidl\u00e1ch e\u0161te dnes. Za\u010dnite svoju cestu k presn\u00e9mu a \u013eahk\u00e9mu p\u00edsaniu a hovoreniu po tamilsky!<\/p>\r\n\r\n                            <a class=\"getStartedHidden\" href=\"https:\/\/app.talkpal.ai\/sk\/signup?lng=\">Za\u010dni<\/a>\r\n        \r\n    <\/div>\r\n\r\n    <figure>\r\n    <img decoding=\"async\" width=\"768\" height=\"768\" src=\"https:\/\/talkpal.ai\/wp-content\/uploads\/2023\/06\/tamil-768x768.png\" class=\"languageImage no-lazy\" alt=\"Language learning for enhanced creativity\" fetchpriority=\"high\" sizes=\"(max-width: 768px) 150px, 768px\" srcset=\"https:\/\/talkpal.ai\/wp-content\/uploads\/2023\/06\/tamil-768x768.png 768w, https:\/\/talkpal.ai\/wp-content\/uploads\/2023\/06\/tamil-300x300.png 300w\" \/>\r\n    \r\n\r\n    <\/figure>\r\n\r\n            <a class=\"getStartedVisible\" href=\"https:\/\/app.talkpal.ai\/sk\/signup?lng=\">Za\u010dni<\/a>\r\n    \r\n<\/section>\r\n<section class=\"promotionalBanner\">\r\n    <p class=\"promotionalText\">Najefekt\u00edvnej\u0161\u00ed sp\u00f4sob, ako sa nau\u010di\u0165 jazyk<\/p>\r\n    <a class=\"promotionalLink\" href=\"https:\/\/app.talkpal.ai\/sk\/signup?lng=\">Vysk\u00fa\u0161ajte Talkpal zadarmo<\/a>\r\n<\/section>\n<div class=\"wp-block-group pageContainerStyle\"><div class=\"wp-block-group__inner-container is-layout-constrained wp-block-group-is-layout-constrained\">\n<h2 class=\"wp-block-heading\" id=\"h-tamil-grammar-understanding-the-richness-of-the-tamil-language\">Tamilsk\u00e1 gramatika: Pochopenie bohatstva tamilsk\u00e9ho jazyka<\/h2>\n\n\n\n<p>Ke\u010f sa za\u010dnete u\u010di\u0165 tamil\u010dinu &#8211; jeden z najstar\u0161\u00edch \u017eiv\u00fdch jazykov na svete &#8211; je nevyhnutn\u00e9 odhali\u0165 zlo\u017eitos\u0165 a bohatos\u0165 jej gramatiky. <a href=\"https:\/\/talkpal.ai\/learn-tamil\/\">Tamil\u010dina<\/a>, ktor\u00e1 sa m\u00f4\u017ee pochv\u00e1li\u0165 p\u00edsomnou trad\u00edciou siahaj\u00facou viac ako 2000 rokov dozadu, zost\u00e1va prim\u00e1rnym jazykom 70 mili\u00f3nov hovoriacich na celom svete. Aby sme v\u00e1m pomohli <a href=\"https:\/\/talkpal.ai\/ko\/ai-%ec%96%b8%ec%96%b4-%ea%b5%90%ec%82%ac\/\">za\u010da\u0165<\/a>, tento \u010dl\u00e1nok na\u010drt\u00e1va niektor\u00e9 k\u013e\u00fa\u010dov\u00e9 aspekty tamilskej gramatiky s konverza\u010dn\u00fdm a neform\u00e1lnym pr\u00edstupom.<\/p>\n\n\n\n<h3 class=\"wp-block-heading\" id=\"h-1-nouns-classifications-and-cases\">1. podstatn\u00e9 men\u00e1 \u2013 klasifik\u00e1cie a p\u00e1dy<\/h3>\n\n\n\n<p>V\u00fdznamn\u00fdm aspektom tamilskej gramatiky s\u00fa jej podstatn\u00e9 men\u00e1, ktor\u00e9 s\u00fa klasifikovan\u00e9 na z\u00e1klade pohlavia (mu\u017esk\u00fd, \u017eensk\u00fd a kastrovan\u00fd), \u010d\u00edsla (jednotn\u00e9ho \u010d\u00edsla a mno\u017en\u00e9ho \u010d\u00edsla) a p\u00e1du (nominat\u00edv, akuzat\u00edv, dat\u00edv, genit\u00edv, lokat\u00edv, in\u0161trument\u00e1lny, komitat\u00edvny, abes\u00edvny a vokat\u00edvny). Hoci sa to m\u00f4\u017ee zda\u0165 ohromuj\u00face, je to nevyhnutn\u00e9 pre pochopenie vz\u0165ahov medzi slovami vo vet\u00e1ch a dek\u00f3dovanie logiky tamil\u010diny.<\/p>\n\n\n\n<p>Napr\u00edklad slovo &#8222;kniha&#8220; v tamil\u010dine je &#8222;\u0baa\u0bc1\u0ba4\u0bcd\u0ba4\u0b95\u0bae\u0bcd&#8220; (puththakam). Ak chcete poveda\u0165 &#8222;\u010d\u00edtal som knihu&#8220;, pou\u017eite akuzat\u00edv, ktor\u00fd nazna\u010duje, \u017ee kniha je predmetom deja: &#8222;\u0ba8\u0bbe\u0ba9\u0bcd \u0baa\u0bc1\u0ba4\u0bcd\u0ba4\u0b95\u0ba4\u0bcd\u0ba4\u0bc8 \u0bb5\u0bbe\u0b9a\u0bbf\u0b95\u0bcd\u0b95\u0bbf\u0ba9\u0bcd\u0bb1\u0bc7\u0ba9\u0bcd&#8220; (Naan puththakaththai vaasikkiren).<\/p>\n\n\n\n<h3 class=\"wp-block-heading\" id=\"h-2-adjectives-and-pronouns-consistent-harmony\">2. Pr\u00eddavn\u00e9 men\u00e1 a z\u00e1men\u00e1 \u2013 konzistentn\u00e1 harm\u00f3nia<\/h3>\n\n\n\n<p>V tamil\u010dine sa pr\u00eddavn\u00e9 men\u00e1 (\u0baa\u0ba3\u0bcd\u0baa\u0bc1\u0b9f\u0bc8\u0bae\u0bc8) a z\u00e1men\u00e1 (\u0ba4\u0ba9\u0bbf\u0baa\u0bcd\u0baa\u0bca\u0bb0\u0bc1\u0bb3\u0bcd) riadia k\u013e\u00fa\u010dov\u00fdm pravidlom: musia s\u00fahlasi\u0165 v rode a po\u010dte s podstatn\u00fdmi menami, ktor\u00e9 upravuj\u00fa. T\u00e1to konzistentnos\u0165 podporuje jazykov\u00fa harm\u00f3niu a zvy\u0161uje jasnos\u0165 vyjadrovania.<\/p>\n\n\n\n<h3 class=\"wp-block-heading\" id=\"h-3-verbs-conjugation-and-tenses\">3. Sloves\u00e1 \u2013 \u010dasovanie a \u010dasy<\/h3>\n\n\n\n<p>Tamilsk\u00e9 sloves\u00e1 zohr\u00e1vaj\u00fa k\u013e\u00fa\u010dov\u00fa \u00falohu pri formovan\u00ed viet. Sloves\u00e1 prech\u00e1dzaj\u00fa \u010dasovan\u00edm na z\u00e1klade osoby, \u010d\u00edsla, \u010dasu, hlasu a n\u00e1lady. Tamil\u010dina m\u00e1 tri hlavn\u00e9 \u010dasy (minul\u00fd, pr\u00edtomn\u00fd a bud\u00faci) a tri n\u00e1lady (indikat\u00edvne, imperat\u00edvne a subjunkt\u00edvne). Konjug\u00e1cia sa m\u00f4\u017ee na prv\u00fd poh\u013ead zda\u0165 sk\u013eu\u010duj\u00faca, ale jej zvl\u00e1dnutie v\u00e1m pom\u00f4\u017ee vyjadri\u0165 mno\u017estvo em\u00f3ci\u00ed, akci\u00ed a nuanci\u00ed.<\/p>\n\n\n\n<h3 class=\"wp-block-heading\" id=\"h-4-sentence-structure-word-order-and-agreement\">4. \u0160trukt\u00fara vety &#8211; slovosled a dohoda<\/h3>\n\n\n\n<p>Tamil\u010dina sa riadi slovosledom subjekt-objekt-sloveso (SOV), \u010d\u00edm sa l\u00ed\u0161i od angli\u010dtiny, ktor\u00e1 sleduje \u0161trukt\u00faru subjekt-sloveso-objekt (SVO). Okrem toho <a href=\"https:\/\/talkpal.ai\/tamil-grammar\/\">tamilsk\u00e1 gramatika<\/a> zd\u00f4raz\u0148uje dohodu o slov\u00e1ch, \u010d\u00edm zabezpe\u010duje konzistentnos\u0165 medzi podstatn\u00fdmi menami, pr\u00eddavn\u00fdmi menami a z\u00e1menami.<\/p>\n\n\n\n<p>Napr\u00edklad v tamil\u010dine sa veta &#8222;Ona jedla jablko&#8220; p\u00ed\u0161e ako &#8222;\u0b85\u0bb5\u0bb3\u0bcd \u0b92\u0bb0\u0bc1 \u0b86\u0baa\u0bcd\u0baa\u0bbf\u0bb3\u0bcd \u0b9a\u0bbe\u0baa\u0bcd\u0baa\u0bbf\u0b9f\u0bc1\u0b95\u0bbf\u0bb1\u0bbe\u0bb3\u0bcd&#8220; (Ava\u1e37 oru \u0101ppi\u1e37 s\u0101ppi\u1e6dugi\u1e5f\u0101\u1e37), kde podstatn\u00e9 meno a sloveso s\u00fahlasia v rode a \u010d\u00edsle.<\/p>\n\n\n\n<h3 class=\"wp-block-heading\" id=\"h-5-embrace-the-journey\">5. Prijmite cestu<\/h3>\n\n\n\n<p>U\u010denie tamilskej gramatiky m\u00f4\u017ee by\u0165 n\u00e1ro\u010dn\u00e9, ale pon\u00faka br\u00e1nu k \u017eivej liter\u00e1rnej trad\u00edcii a bohat\u00e9mu kult\u00farnemu dedi\u010dstvu. Nezabudnite, \u017ee je ve\u013emi d\u00f4le\u017eit\u00e9 postupova\u0165 krok za krokom a oceni\u0165 zlo\u017eitosti, ktor\u00e9 robia tamilsk\u00fd jazyk tak\u00fdm v\u00fdnimo\u010dn\u00fdm.<\/p>\n\n\n\n<p>Pri sk\u00faman\u00ed zlo\u017eitosti tamilskej gramatiky nezabudnite pravidelne cvi\u010di\u0165, komunikova\u0165 s roden\u00fdmi hovoriacimi a bu\u010fte k sebe trpezliv\u00ed. S odhodlan\u00edm odhal\u00edte kr\u00e1su a bohatstvo tohto starobyl\u00e9ho jazyka. \u0b87\u0ba9\u0bbf\u0baf \u0b95\u0bb1\u0bcd\u0bb1\u0bb2\u0bcd &#8211; Iniy ka\u1e5f\u1e5fal (\u0161\u0165astn\u00e9 u\u010denie)!<\/p>\n<\/div><\/div>\n\r\n<section class=\"learnNavigationSection\">\r\n            \r\n        <a href=\"https:\/\/talkpal.ai\/sk\/naucte-sa-tamilcinu\/\">\r\n            <div class=\"learnNavigationWrapper\">\r\n                <div class=\"learnNavigationContent\">\r\n                    <img decoding=\"async\" src=\"https:\/\/talkpal.ai\/wp-content\/uploads\/2024\/08\/Tamil.jpg\" alt=\"Indian Simplified Flag\">\r\n                    <div>\r\n                        <h4>O \u0161t\u00fadiu tamil\u010diny<\/h4>\r\n                        <p>Zistite v\u0161etko o tamilskej gramatike.<\/p>\r\n                    <\/div>\r\n                <\/div>\r\n            <\/div>\r\n        <\/a>\r\n\r\n        \r\n        <a href=\"https:\/\/talkpal.ai\/sk\/tamilske-gramaticke-cvicenia\/\">\r\n            <div class=\"learnNavigationWrapper\">\r\n                <div class=\"learnNavigationContent\">\r\n                    <img decoding=\"async\" src=\"https:\/\/talkpal.ai\/wp-content\/uploads\/2024\/08\/Tamil.jpg\" alt=\"Indian Simplified Flag\">\r\n                    <div>\r\n                        <h4>Cvi\u010denie z gramatiky tamil\u010diny<\/h4>\r\n                        <p>Precvi\u010dte si tamilsk\u00fa gramatiku.<\/p>\r\n                    <\/div>\r\n                <\/div>\r\n            <\/div>\r\n        <\/a>\r\n\r\n        \r\n        <a href=\"https:\/\/talkpal.ai\/vocabulary_language\/tamil\/\">\r\n            <div class=\"learnNavigationWrapper\">\r\n                <div class=\"learnNavigationContent\">\r\n                    <img decoding=\"async\" src=\"https:\/\/talkpal.ai\/wp-content\/uploads\/2024\/08\/Tamil.jpg\" alt=\"Indian Simplified Flag\">\r\n                    <div>\r\n                        <h4>Tamilsk\u00e1 slovn\u00e1 z\u00e1soba<\/h4>\r\n                        <p>Roz\u0161\u00edrte si tamilsk\u00fa slovn\u00fa z\u00e1sobu.<\/p>\r\n                    <\/div>\r\n                <\/div>\r\n            <\/div>\r\n        <\/a>\r\n\r\n            <\/section>","protected":false},"excerpt":{"rendered":"<p>Tamilsk\u00e1 gramatika: Pochopenie bohatstva tamilsk\u00e9ho jazyka Ke\u010f sa za\u010dnete u\u010di\u0165 tamil\u010dinu &#8211; jeden z najstar\u0161\u00edch \u017eiv\u00fdch jazykov na svete &#8211; je nevyhnutn\u00e9 odhali\u0165 zlo\u017eitos\u0165 a bohatos\u0165 jej gramatiky. Tamil\u010dina, ktor\u00e1 sa m\u00f4\u017ee pochv\u00e1li\u0165 p\u00edsomnou trad\u00edciou siahaj\u00facou viac ako 2000 rokov dozadu, zost\u00e1va prim\u00e1rnym jazykom 70 mili\u00f3nov hovoriacich na celom svete. Aby sme v\u00e1m pomohli za\u010da\u0165, [&hellip;]<\/p>\n","protected":false},"author":1,"featured_media":120273,"parent":0,"menu_order":0,"comment_status":"closed","ping_status":"closed","template":"LearningContentPage.php","meta":{"_acf_changed":false,"footnotes":""},"class_list":["post-152079","page","type-page","status-publish","has-post-thumbnail","hentry"],"acf":[],"yoast_head":"<!-- This site is optimized with the Yoast SEO Premium plugin v27.2 (Yoast SEO v27.2) - https:\/\/yoast.com\/product\/yoast-seo-premium-wordpress\/ -->\n<title>Tamilsk\u00e1 gramatika - Talkpal<\/title>\n<meta name=\"description\" content=\"Presk\u00famajte z\u00e1klady gramatiky tamil\u010diny a zlep\u0161ite svoje znalosti tohto bohat\u00e9ho jazyka.\" \/>\n<meta name=\"robots\" content=\"index, follow, max-snippet:-1, max-image-preview:large, max-video-preview:-1\" \/>\n<link rel=\"canonical\" href=\"https:\/\/talkpal.ai\/sk\/tamilska-gramatika\/\" \/>\n<meta property=\"og:locale\" content=\"sk_SK\" \/>\n<meta property=\"og:type\" content=\"article\" \/>\n<meta property=\"og:title\" content=\"Tamilsk\u00e1 gramatika\" \/>\n<meta property=\"og:description\" content=\"Tamilsk\u00e1 gramatika: Pochopenie bohatstva tamilsk\u00e9ho jazyka Ke\u010f sa za\u010dnete u\u010di\u0165 tamil\u010dinu - jeden z najstar\u0161\u00edch \u017eiv\u00fdch jazykov na svete - je nevyhnutn\u00e9\" \/>\n<meta property=\"og:url\" content=\"https:\/\/talkpal.ai\/sk\/tamilska-gramatika\/\" \/>\n<meta property=\"og:site_name\" content=\"Talkpal\" \/>\n<meta property=\"article:publisher\" content=\"https:\/\/www.facebook.com\/profile.php?id=100090733639311\" \/>\n<meta property=\"article:modified_time\" content=\"2025-12-12T10:54:12+00:00\" \/>\n<meta property=\"og:image\" content=\"https:\/\/talkpal.ai\/wp-content\/uploads\/2023\/05\/Tamil-india.png\" \/>\n\t<meta property=\"og:image:width\" content=\"512\" \/>\n\t<meta property=\"og:image:height\" content=\"512\" \/>\n\t<meta property=\"og:image:type\" content=\"image\/png\" \/>\n<meta name=\"twitter:card\" content=\"summary_large_image\" \/>\n<meta name=\"twitter:site\" content=\"@talkpalai\" \/>\n<meta name=\"twitter:label1\" content=\"Predpokladan\u00fd \u010das \u010d\u00edtania\" \/>\n\t<meta name=\"twitter:data1\" content=\"3 min\u00faty\" \/>\n<script type=\"application\/ld+json\" class=\"yoast-schema-graph\">{\"@context\":\"https:\/\/schema.org\",\"@graph\":[{\"@type\":\"WebPage\",\"@id\":\"https:\/\/talkpal.ai\/sk\/tamilska-gramatika\/\",\"url\":\"https:\/\/talkpal.ai\/sk\/tamilska-gramatika\/\",\"name\":\"Tamilsk\u00e1 gramatika - Talkpal\",\"isPartOf\":{\"@id\":\"https:\/\/talkpal.ai\/sk\/#website\"},\"primaryImageOfPage\":{\"@id\":\"https:\/\/talkpal.ai\/sk\/tamilska-gramatika\/#primaryimage\"},\"image\":{\"@id\":\"https:\/\/talkpal.ai\/sk\/tamilska-gramatika\/#primaryimage\"},\"thumbnailUrl\":\"https:\/\/talkpal.ai\/wp-content\/uploads\/2023\/05\/Tamil-india.png\",\"datePublished\":\"2023-05-14T14:22:16+00:00\",\"dateModified\":\"2025-12-12T10:54:12+00:00\",\"description\":\"Presk\u00famajte z\u00e1klady gramatiky tamil\u010diny a zlep\u0161ite svoje znalosti tohto bohat\u00e9ho jazyka.\",\"breadcrumb\":{\"@id\":\"https:\/\/talkpal.ai\/sk\/tamilska-gramatika\/#breadcrumb\"},\"inLanguage\":\"sk-SK\",\"potentialAction\":[{\"@type\":\"ReadAction\",\"target\":[\"https:\/\/talkpal.ai\/sk\/tamilska-gramatika\/\"]}]},{\"@type\":\"ImageObject\",\"inLanguage\":\"sk-SK\",\"@id\":\"https:\/\/talkpal.ai\/sk\/tamilska-gramatika\/#primaryimage\",\"url\":\"https:\/\/talkpal.ai\/wp-content\/uploads\/2023\/05\/Tamil-india.png\",\"contentUrl\":\"https:\/\/talkpal.ai\/wp-content\/uploads\/2023\/05\/Tamil-india.png\",\"width\":512,\"height\":512},{\"@type\":\"BreadcrumbList\",\"@id\":\"https:\/\/talkpal.ai\/sk\/tamilska-gramatika\/#breadcrumb\",\"itemListElement\":[{\"@type\":\"ListItem\",\"position\":1,\"name\":\"Homepage\",\"item\":\"https:\/\/talkpal.ai\/sk\/\"},{\"@type\":\"ListItem\",\"position\":2,\"name\":\"Tamilsk\u00e1 gramatika\"}]},{\"@type\":\"WebSite\",\"@id\":\"https:\/\/talkpal.ai\/sk\/#website\",\"url\":\"https:\/\/talkpal.ai\/sk\/\",\"name\":\"Talkpal\",\"description\":\"AI Language Learning\",\"publisher\":{\"@id\":\"https:\/\/talkpal.ai\/sk\/#organization\"},\"alternateName\":\"Talkpal AI\",\"potentialAction\":[{\"@type\":\"SearchAction\",\"target\":{\"@type\":\"EntryPoint\",\"urlTemplate\":\"https:\/\/talkpal.ai\/sk\/?s={search_term_string}\"},\"query-input\":{\"@type\":\"PropertyValueSpecification\",\"valueRequired\":true,\"valueName\":\"search_term_string\"}}],\"inLanguage\":\"sk-SK\"},{\"@type\":\"Organization\",\"@id\":\"https:\/\/talkpal.ai\/sk\/#organization\",\"name\":\"Talkpal, Inc.\",\"alternateName\":\"Talkpal AI\",\"url\":\"https:\/\/talkpal.ai\/sk\/\",\"logo\":{\"@type\":\"ImageObject\",\"inLanguage\":\"sk-SK\",\"@id\":\"https:\/\/talkpal.ai\/sk\/#\/schema\/logo\/image\/\",\"url\":\"https:\/\/talkpal.ai\/wp-content\/uploads\/2024\/03\/Talkpal-Logo-Icon.png\",\"contentUrl\":\"https:\/\/talkpal.ai\/wp-content\/uploads\/2024\/03\/Talkpal-Logo-Icon.png\",\"width\":2880,\"height\":2880,\"caption\":\"Talkpal, Inc.\"},\"image\":{\"@id\":\"https:\/\/talkpal.ai\/sk\/#\/schema\/logo\/image\/\"},\"sameAs\":[\"https:\/\/www.facebook.com\/profile.php?id=100090733639311\",\"https:\/\/x.com\/talkpalai\",\"https:\/\/www.linkedin.com\/company\/talkpal\/\",\"https:\/\/www.youtube.com\/@TalkPal\/\",\"https:\/\/www.tiktok.com\/@talkpal\",\"https:\/\/www.instagram.com\/talkpal_ai\/\",\"https:\/\/www.crunchbase.com\/organization\/talkpal-9cde\",\"https:\/\/www.g2.com\/products\/talkpal-for-business\/\",\"https:\/\/www.trustpilot.com\/review\/talkpal.ai\",\"https:\/\/www.capterra.com\/p\/10006800\/TalkPal\/\"],\"description\":\"Talkpal is a language learning web and mobile education app, powered by the latest AI technologies, that provides engaging experiences to its customers in many different languages to help them improve their language skills. Users can chat about unlimited amount of topics with the app and use other modes to practice their language learning.\",\"email\":\"support@talkpal.ai\",\"legalName\":\"Talkpal, Inc.\",\"foundingDate\":\"2023-04-03\",\"duns\":\"118989042\",\"numberOfEmployees\":{\"@type\":\"QuantitativeValue\",\"minValue\":\"11\",\"maxValue\":\"50\"},\"publishingPrinciples\":\"https:\/\/talkpal.ai\/publishing-principles\/\",\"actionableFeedbackPolicy\":\"https:\/\/talkpal.ai\/actionable-feedback-policy\/\",\"correctionsPolicy\":\"https:\/\/talkpal.ai\/corrections-policy\/\",\"ethicsPolicy\":\"https:\/\/talkpal.ai\/ethics-policy\/\",\"diversityPolicy\":\"https:\/\/talkpal.ai\/diversity-policy\/\",\"diversityStaffingReport\":\"https:\/\/talkpal.ai\/diversity-policy\/\"}]}<\/script>\n<!-- \/ Yoast SEO Premium plugin. -->","yoast_head_json":{"title":"Tamilsk\u00e1 gramatika - Talkpal","description":"Presk\u00famajte z\u00e1klady gramatiky tamil\u010diny a zlep\u0161ite svoje znalosti tohto bohat\u00e9ho jazyka.","robots":{"index":"index","follow":"follow","max-snippet":"max-snippet:-1","max-image-preview":"max-image-preview:large","max-video-preview":"max-video-preview:-1"},"canonical":"https:\/\/talkpal.ai\/sk\/tamilska-gramatika\/","og_locale":"sk_SK","og_type":"article","og_title":"Tamilsk\u00e1 gramatika","og_description":"Tamilsk\u00e1 gramatika: Pochopenie bohatstva tamilsk\u00e9ho jazyka Ke\u010f sa za\u010dnete u\u010di\u0165 tamil\u010dinu - jeden z najstar\u0161\u00edch \u017eiv\u00fdch jazykov na svete - je nevyhnutn\u00e9","og_url":"https:\/\/talkpal.ai\/sk\/tamilska-gramatika\/","og_site_name":"Talkpal","article_publisher":"https:\/\/www.facebook.com\/profile.php?id=100090733639311","article_modified_time":"2025-12-12T10:54:12+00:00","og_image":[{"width":512,"height":512,"url":"https:\/\/talkpal.ai\/wp-content\/uploads\/2023\/05\/Tamil-india.png","type":"image\/png"}],"twitter_card":"summary_large_image","twitter_site":"@talkpalai","twitter_misc":{"Predpokladan\u00fd \u010das \u010d\u00edtania":"3 min\u00faty"},"schema":{"@context":"https:\/\/schema.org","@graph":[{"@type":"WebPage","@id":"https:\/\/talkpal.ai\/sk\/tamilska-gramatika\/","url":"https:\/\/talkpal.ai\/sk\/tamilska-gramatika\/","name":"Tamilsk\u00e1 gramatika - Talkpal","isPartOf":{"@id":"https:\/\/talkpal.ai\/sk\/#website"},"primaryImageOfPage":{"@id":"https:\/\/talkpal.ai\/sk\/tamilska-gramatika\/#primaryimage"},"image":{"@id":"https:\/\/talkpal.ai\/sk\/tamilska-gramatika\/#primaryimage"},"thumbnailUrl":"https:\/\/talkpal.ai\/wp-content\/uploads\/2023\/05\/Tamil-india.png","datePublished":"2023-05-14T14:22:16+00:00","dateModified":"2025-12-12T10:54:12+00:00","description":"Presk\u00famajte z\u00e1klady gramatiky tamil\u010diny a zlep\u0161ite svoje znalosti tohto bohat\u00e9ho jazyka.","breadcrumb":{"@id":"https:\/\/talkpal.ai\/sk\/tamilska-gramatika\/#breadcrumb"},"inLanguage":"sk-SK","potentialAction":[{"@type":"ReadAction","target":["https:\/\/talkpal.ai\/sk\/tamilska-gramatika\/"]}]},{"@type":"ImageObject","inLanguage":"sk-SK","@id":"https:\/\/talkpal.ai\/sk\/tamilska-gramatika\/#primaryimage","url":"https:\/\/talkpal.ai\/wp-content\/uploads\/2023\/05\/Tamil-india.png","contentUrl":"https:\/\/talkpal.ai\/wp-content\/uploads\/2023\/05\/Tamil-india.png","width":512,"height":512},{"@type":"BreadcrumbList","@id":"https:\/\/talkpal.ai\/sk\/tamilska-gramatika\/#breadcrumb","itemListElement":[{"@type":"ListItem","position":1,"name":"Homepage","item":"https:\/\/talkpal.ai\/sk\/"},{"@type":"ListItem","position":2,"name":"Tamilsk\u00e1 gramatika"}]},{"@type":"WebSite","@id":"https:\/\/talkpal.ai\/sk\/#website","url":"https:\/\/talkpal.ai\/sk\/","name":"Talkpal","description":"AI Language Learning","publisher":{"@id":"https:\/\/talkpal.ai\/sk\/#organization"},"alternateName":"Talkpal AI","potentialAction":[{"@type":"SearchAction","target":{"@type":"EntryPoint","urlTemplate":"https:\/\/talkpal.ai\/sk\/?s={search_term_string}"},"query-input":{"@type":"PropertyValueSpecification","valueRequired":true,"valueName":"search_term_string"}}],"inLanguage":"sk-SK"},{"@type":"Organization","@id":"https:\/\/talkpal.ai\/sk\/#organization","name":"Talkpal, Inc.","alternateName":"Talkpal AI","url":"https:\/\/talkpal.ai\/sk\/","logo":{"@type":"ImageObject","inLanguage":"sk-SK","@id":"https:\/\/talkpal.ai\/sk\/#\/schema\/logo\/image\/","url":"https:\/\/talkpal.ai\/wp-content\/uploads\/2024\/03\/Talkpal-Logo-Icon.png","contentUrl":"https:\/\/talkpal.ai\/wp-content\/uploads\/2024\/03\/Talkpal-Logo-Icon.png","width":2880,"height":2880,"caption":"Talkpal, Inc."},"image":{"@id":"https:\/\/talkpal.ai\/sk\/#\/schema\/logo\/image\/"},"sameAs":["https:\/\/www.facebook.com\/profile.php?id=100090733639311","https:\/\/x.com\/talkpalai","https:\/\/www.linkedin.com\/company\/talkpal\/","https:\/\/www.youtube.com\/@TalkPal\/","https:\/\/www.tiktok.com\/@talkpal","https:\/\/www.instagram.com\/talkpal_ai\/","https:\/\/www.crunchbase.com\/organization\/talkpal-9cde","https:\/\/www.g2.com\/products\/talkpal-for-business\/","https:\/\/www.trustpilot.com\/review\/talkpal.ai","https:\/\/www.capterra.com\/p\/10006800\/TalkPal\/"],"description":"Talkpal is a language learning web and mobile education app, powered by the latest AI technologies, that provides engaging experiences to its customers in many different languages to help them improve their language skills. Users can chat about unlimited amount of topics with the app and use other modes to practice their language learning.","email":"support@talkpal.ai","legalName":"Talkpal, Inc.","foundingDate":"2023-04-03","duns":"118989042","numberOfEmployees":{"@type":"QuantitativeValue","minValue":"11","maxValue":"50"},"publishingPrinciples":"https:\/\/talkpal.ai\/publishing-principles\/","actionableFeedbackPolicy":"https:\/\/talkpal.ai\/actionable-feedback-policy\/","correctionsPolicy":"https:\/\/talkpal.ai\/corrections-policy\/","ethicsPolicy":"https:\/\/talkpal.ai\/ethics-policy\/","diversityPolicy":"https:\/\/talkpal.ai\/diversity-policy\/","diversityStaffingReport":"https:\/\/talkpal.ai\/diversity-policy\/"}]}},"_links":{"self":[{"href":"https:\/\/talkpal.ai\/sk\/wp-json\/wp\/v2\/pages\/152079","targetHints":{"allow":["GET"]}}],"collection":[{"href":"https:\/\/talkpal.ai\/sk\/wp-json\/wp\/v2\/pages"}],"about":[{"href":"https:\/\/talkpal.ai\/sk\/wp-json\/wp\/v2\/types\/page"}],"author":[{"embeddable":true,"href":"https:\/\/talkpal.ai\/sk\/wp-json\/wp\/v2\/users\/1"}],"replies":[{"embeddable":true,"href":"https:\/\/talkpal.ai\/sk\/wp-json\/wp\/v2\/comments?post=152079"}],"version-history":[{"count":0,"href":"https:\/\/talkpal.ai\/sk\/wp-json\/wp\/v2\/pages\/152079\/revisions"}],"wp:featuredmedia":[{"embeddable":true,"href":"https:\/\/talkpal.ai\/sk\/wp-json\/wp\/v2\/media\/120273"}],"wp:attachment":[{"href":"https:\/\/talkpal.ai\/sk\/wp-json\/wp\/v2\/media?parent=152079"}],"curies":[{"name":"wp","href":"https:\/\/api.w.org\/{rel}","templated":true}]}}