{"id":151356,"date":"2023-05-14T14:20:51","date_gmt":"2023-05-14T14:20:51","guid":{"rendered":"http:\/\/talkpal.ai\/waleska-gramatika\/"},"modified":"2025-12-12T10:58:31","modified_gmt":"2025-12-12T10:58:31","slug":"waleska-gramatika","status":"publish","type":"page","link":"https:\/\/talkpal.ai\/sk\/waleska-gramatika\/","title":{"rendered":"Walesk\u00e1 gramatika"},"content":{"rendered":"\r\n\r\n\r\n<section class=\"languageChallengeSection\">\r\n    <div class=\"languageInfoWrapper\">\r\n        \r\n        <h1>Walesk\u00e1 gramatika<\/h1>\r\n        <p><a href=\"https:\/\/talkpal.ai\/welsh-grammar\/\">Walesk\u00e1 gramatika<\/a> sa m\u00f4\u017ee na prv\u00fd poh\u013ead zda\u0165 n\u00e1ro\u010dn\u00e1, ale v\u010faka jej jedine\u010dn\u00fdm vlastnostiam je u\u010denie sa tohto jazyka obohacuj\u00facou sk\u00fasenos\u0165ou. Sk\u00faman\u00edm abecedy, mut\u00e1ci\u00ed a gramatick\u00fdch pravidiel z\u00edskate preh\u013ead o bohatej jazykovej trad\u00edcii. Vydajte sa na cestu a objavte kr\u00e1sy Walesu!<\/p>\r\n\r\n                            <a class=\"getStartedHidden\" href=\"https:\/\/app.talkpal.ai\/sk\/signup?lng=\">Za\u010dni<\/a>\r\n        \r\n    <\/div>\r\n\r\n    <figure>\r\n    <img decoding=\"async\" width=\"768\" height=\"768\" src=\"https:\/\/talkpal.ai\/wp-content\/uploads\/2023\/06\/welsh-768x768.png\" class=\"languageImage no-lazy\" alt=\"Language learning for better cognitive abilities\" fetchpriority=\"high\" sizes=\"(max-width: 768px) 150px, 768px\" srcset=\"https:\/\/talkpal.ai\/wp-content\/uploads\/2023\/06\/welsh-768x768.png 768w, https:\/\/talkpal.ai\/wp-content\/uploads\/2023\/06\/welsh-300x300.png 300w\" \/>\r\n    \r\n\r\n    <\/figure>\r\n\r\n            <a class=\"getStartedVisible\" href=\"https:\/\/app.talkpal.ai\/sk\/signup?lng=\">Za\u010dni<\/a>\r\n    \r\n<\/section>\r\n<section class=\"promotionalBanner\">\r\n    <p class=\"promotionalText\">Najefekt\u00edvnej\u0161\u00ed sp\u00f4sob, ako sa nau\u010di\u0165 jazyk<\/p>\r\n    <a class=\"promotionalLink\" href=\"https:\/\/app.talkpal.ai\/sk\/signup?lng=\">Vysk\u00fa\u0161ajte Talkpal zadarmo<\/a>\r\n<\/section>\n<div class=\"wp-block-group pageContainerStyle\"><div class=\"wp-block-group__inner-container is-layout-constrained wp-block-group-is-layout-constrained\">\n<h2 class=\"wp-block-heading\" id=\"h-navigating-the-intricacies-of-welsh-grammar\">Navig\u00e1cia v zlo\u017eitosti waleskej gramatiky<\/h2>\n\n\n\n<p><a href=\"https:\/\/talkpal.ai\/sk\/naucte-sa-walestinu\/\">Walesk\u00fd jazyk<\/a>, keltsk\u00fd jazyk s bohatou hist\u00f3riou a kult\u00farnym v\u00fdznamom, pon\u00faka vzru\u0161uj\u00face jazykov\u00e9 sk\u00fasenosti pre t\u00fdch, ktor\u00ed chc\u00fa presk\u00fama\u0165 jeho jedine\u010dn\u00fd gramatick\u00fd syst\u00e9m. Ke\u010f sa vyd\u00e1te do oblasti walesk\u00e9ho jazyka, obohat\u00edte nielen svoj jazykov\u00fd reperto\u00e1r, ale absolvujete aj fascinuj\u00facu kult\u00farnu cestu. Hoci sa walesk\u00e1 gramatika m\u00f4\u017ee na prv\u00fd poh\u013ead zda\u0165 zlo\u017eit\u00e1, jej rozdelenie na z\u00e1kladn\u00e9 zlo\u017eky rob\u00ed <a href=\"https:\/\/talkpal.ai\/sk\/talkpal-pre-vzdelavanie\/\">\u0161t\u00fadium<\/a> jazyka pr\u00edstupnej\u0161\u00edm. V tomto \u010dl\u00e1nku presk\u00famame podmaniv\u00fd svet waleskej gramatiky a poskytneme v\u00e1m tipy, ako zvl\u00e1dnu\u0165 jej zlo\u017eitos\u0165.<\/p>\n\n\n\n<h3 class=\"wp-block-heading\" id=\"h-1-welsh-alphabet-and-phonetics\">1. Walesk\u00e1 abeceda a fonetika<\/h3>\n\n\n\n<p>Walesk\u00e1 abeceda obsahuje 29 p\u00edsmen, z ktor\u00fdch niektor\u00e9 s\u00fa jedine\u010dn\u00e9 pre tento jazyk, napr\u00edklad &#8222;ll&#8220;, &#8222;dd&#8220; a &#8222;ff&#8220;. Ak sa chcete <a href=\"https:\/\/talkpal.ai\/sk\/naucte-sa-walestinu\/\">nau\u010di\u0165 walesk\u00fa<\/a> gramatiku, je ve\u013emi d\u00f4le\u017eit\u00e9 obozn\u00e1mi\u0165 sa s t\u00fdmto osobitn\u00fdm syst\u00e9mom p\u00edsania t\u00fdm, \u017ee si precvi\u010d\u00edte \u010d\u00edtanie a p\u00edsanie vo waleskom jazyku.<\/p>\n\n\n\n<h3 class=\"wp-block-heading\" id=\"h-2-mutations-a-peculiar-welsh-feature\">2. Mut\u00e1cie: zvl\u00e1\u0161tna walesk\u00e1 vlastnos\u0165<\/h3>\n\n\n\n<p>Jedn\u00fdm z najv\u00fdraznej\u0161\u00edch aspektov waleskej gramatiky je prevalencia mut\u00e1ci\u00ed, ktor\u00e9 zah\u0155\u0148aj\u00fa zmeny po\u010diato\u010dnej spoluhl\u00e1sky slova. Vo wale\u0161tine existuj\u00fa tri prim\u00e1rne typy mut\u00e1ci\u00ed: m\u00e4kk\u00e1 mut\u00e1cia, naz\u00e1lna mut\u00e1cia a aspir\u00e1tov\u00e1 mut\u00e1cia. Pochopenie toho, kedy a ako sa tieto mut\u00e1cie vyskytuj\u00fa, je nevyhnutn\u00e9 pre presn\u00fa komunik\u00e1ciu vo wale\u0161tine.<\/p>\n\n\n\n<h3 class=\"wp-block-heading\" id=\"h-3-nouns-and-pronouns-gender-and-cases\">3. Podstatn\u00e9 men\u00e1 a z\u00e1men\u00e1: rod a pr\u00edpady<\/h3>\n\n\n\n<p>Walesk\u00e9 podstatn\u00e9 men\u00e1 maj\u00fa gramatick\u00fd rod (mu\u017esk\u00fd alebo \u017eensk\u00fd) a m\u00f4\u017eu sa riadi\u0165 r\u00f4znymi pravidlami tvorby mno\u017en\u00e9ho \u010d\u00edsla na z\u00e1klade ich rodu. Z\u00e1men\u00e1 vo wale\u0161tine zah\u0155\u0148aj\u00fa osobn\u00e9, privlast\u0148ovacie, reflex\u00edvne, demon\u0161trat\u00edvne a opytovacie z\u00e1men\u00e1. Obozn\u00e1menie sa s t\u00fdmito z\u00e1menami a ich tvarmi v\u00fdrazne zlep\u0161\u00ed va\u0161e pochopenie waleskej gramatiky.<\/p>\n\n\n\n<h3 class=\"wp-block-heading\" id=\"h-4-verbs-structure-and-conjugation\">4. Sloves\u00e1: \u0161trukt\u00fara a \u010dasovanie<\/h3>\n\n\n\n<p>Walesk\u00e9 sloves\u00e1 maj\u00fa jedine\u010dn\u00fa \u0161trukt\u00faru a \u010dasovac\u00ed vzor v z\u00e1vislosti od nap\u00e4tia, n\u00e1lady a osoby. Z\u00e1kladn\u00e9 \u010dasy vo wale\u0161tine s\u00fa pr\u00edtomn\u00e9, minul\u00e9 a bud\u00face, s \u010fal\u0161\u00edmi prvkami, ako s\u00fa podmienen\u00e9 a naliehav\u00e9 n\u00e1lady. Osvojenie si pravidiel \u010dasovania slovies zlep\u0161\u00ed va\u0161u schopnos\u0165 efekt\u00edvne komunikova\u0165 vo wale\u0161tine.<\/p>\n\n\n\n<h3 class=\"wp-block-heading\" id=\"h-5-adjectives-agreement-and-placement\">5. Pr\u00eddavn\u00e9 men\u00e1: Zmluva a umiestnenie<\/h3>\n\n\n\n<p>Vo waleskej gramatike pr\u00eddavn\u00e9 men\u00e1 zvy\u010dajne nasleduj\u00fa za podstatn\u00fdm menom, ktor\u00e9 upravuj\u00fa, a mali by s\u00fahlasi\u0165 v po\u010dte s podstatn\u00fdm menom. Niektor\u00e9 pr\u00eddavn\u00e9 men\u00e1 vo wale\u0161tine vykazuj\u00fa nepravideln\u00e9 porovn\u00e1vacie a superlat\u00edvne formy, ktor\u00e9 s\u00fa nevyhnutn\u00e9 na to, aby sa nau\u010dili komunikova\u0165 prirodzenej\u0161ie.<\/p>\n\n\n\n<p><strong>Pr\u00edklady:<\/strong><\/p>\n\n\n\n<p><strong>&#8211; cariad mawr (ve\u013ek\u00e1 l\u00e1ska)<\/strong><\/p>\n\n\n\n<p><strong>&#8211; rastlina bach (mal\u00e9 deti)<\/strong><\/p>\n\n\n\n<h3 class=\"wp-block-heading\" id=\"h-6-engaging-with-the-language\">6. Zapojenie sa do jazyka<\/h3>\n\n\n\n<p>Najefekt\u00edvnej\u0161\u00edm sp\u00f4sobom, ako plne pochopi\u0165 a internalizova\u0165 walesk\u00fa gramatiku, je d\u00f4sledne sa zaobera\u0165 jazykom. \u010c\u00edtan\u00edm waleskej literat\u00fary, sledovan\u00edm walesk\u00fdch filmov alebo telev\u00edznych seri\u00e1lov a akt\u00edvnou komunik\u00e1ciou s roden\u00fdmi hovorcami posiln\u00edte svoje ch\u00e1panie gramatiky a z\u00e1rove\u0148 roz\u0161\u00edrite svoju slovn\u00fa z\u00e1sobu.<\/p>\n\n\n\n<h3 class=\"wp-block-heading\" id=\"h-conclusion\">Z\u00e1ver<\/h3>\n\n\n\n<p>Hoci sa walesk\u00e1 gramatika m\u00f4\u017ee zda\u0165 zlo\u017eit\u00e1, m\u00f4\u017eete sa sta\u0165 zdatn\u00fdmi v tomto kr\u00e1snom jazyku s odhodlan\u00edm, praxou a nad\u0161en\u00edm. Zameran\u00edm sa na z\u00e1kladn\u00e9 pravidl\u00e1 a pou\u017e\u00edvanie jazyka v r\u00f4znych kontextoch si r\u00fdchlo zlep\u0161\u00edte svoje <a href=\"https:\/\/talkpal.ai\/sk\/gramatika\/\">znalosti waleskej gramatiky<\/a>. Pob lwc (ve\u013ea \u0161\u0165astia) s va\u0161ou waleskou jazykovou cestou a u\u017eite si rozl\u00fa\u0161tenie tajomn\u00e9ho, ale podmaniv\u00e9ho sveta waleskej gramatiky!<\/p>\n<\/div><\/div>\n\r\n<section class=\"learnNavigationSection\">\r\n            \r\n        <a href=\"https:\/\/talkpal.ai\/sk\/naucte-sa-walestinu\/\">\r\n            <div class=\"learnNavigationWrapper\">\r\n                <div class=\"learnNavigationContent\">\r\n                    <img decoding=\"async\" src=\"https:\/\/talkpal.ai\/wp-content\/uploads\/2024\/08\/Welsh.jpg\" alt=\"Welsh Flag\">\r\n                    <div>\r\n                        <h4>O waleskom vzdel\u00e1van\u00ed<\/h4>\r\n                        <p>Zistite v\u0161etko o waleskej gramatike.<\/p>\r\n                    <\/div>\r\n                <\/div>\r\n            <\/div>\r\n        <\/a>\r\n\r\n        \r\n        <a href=\"https:\/\/talkpal.ai\/sk\/waleske-gramaticke-cvicenia\/\">\r\n            <div class=\"learnNavigationWrapper\">\r\n                <div class=\"learnNavigationContent\">\r\n                    <img decoding=\"async\" src=\"https:\/\/talkpal.ai\/wp-content\/uploads\/2024\/08\/Welsh.jpg\" alt=\"Welsh Flag\">\r\n                    <div>\r\n                        <h4>Cvi\u010denie z waleskej gramatiky<\/h4>\r\n                        <p>Precvi\u010dte si walesk\u00fa gramatiku.<\/p>\r\n                    <\/div>\r\n                <\/div>\r\n            <\/div>\r\n        <\/a>\r\n\r\n        \r\n        <a href=\"https:\/\/talkpal.ai\/vocabulary_language\/welsh\/\">\r\n            <div class=\"learnNavigationWrapper\">\r\n                <div class=\"learnNavigationContent\">\r\n                    <img decoding=\"async\" src=\"https:\/\/talkpal.ai\/wp-content\/uploads\/2024\/08\/Welsh.jpg\" alt=\"Welsh Flag\">\r\n                    <div>\r\n                        <h4>Walesk\u00e1 slovn\u00e1 z\u00e1soba<\/h4>\r\n                        <p>Roz\u0161\u00edrte si slovn\u00fa z\u00e1sobu walesk\u00e9ho jazyka.<\/p>\r\n                    <\/div>\r\n                <\/div>\r\n            <\/div>\r\n        <\/a>\r\n\r\n            <\/section>","protected":false},"excerpt":{"rendered":"<p>Navig\u00e1cia v zlo\u017eitosti waleskej gramatiky Walesk\u00fd jazyk, keltsk\u00fd jazyk s bohatou hist\u00f3riou a kult\u00farnym v\u00fdznamom, pon\u00faka vzru\u0161uj\u00face jazykov\u00e9 sk\u00fasenosti pre t\u00fdch, ktor\u00ed chc\u00fa presk\u00fama\u0165 jeho jedine\u010dn\u00fd gramatick\u00fd syst\u00e9m. Ke\u010f sa vyd\u00e1te do oblasti walesk\u00e9ho jazyka, obohat\u00edte nielen svoj jazykov\u00fd reperto\u00e1r, ale absolvujete aj fascinuj\u00facu kult\u00farnu cestu. Hoci sa walesk\u00e1 gramatika m\u00f4\u017ee na prv\u00fd poh\u013ead zda\u0165 [&hellip;]<\/p>\n","protected":false},"author":1,"featured_media":121506,"parent":0,"menu_order":0,"comment_status":"closed","ping_status":"closed","template":"LearningContentPage.php","meta":{"_acf_changed":false,"footnotes":""},"class_list":["post-151356","page","type-page","status-publish","has-post-thumbnail","hentry"],"acf":[],"yoast_head":"<!-- This site is optimized with the Yoast SEO Premium plugin v27.2 (Yoast SEO v27.2) - https:\/\/yoast.com\/product\/yoast-seo-premium-wordpress\/ -->\n<title>Walesk\u00e1 gramatika - Talkpal<\/title>\n<meta name=\"description\" content=\"Presk\u00famajte zlo\u017eitosti waleskej gramatiky a odha\u013ete tajomstv\u00e1 tohto jedine\u010dn\u00e9ho keltsk\u00e9ho jazyka. Za\u010dnite svoju cestu e\u0161te dnes.\" \/>\n<meta name=\"robots\" content=\"index, follow, max-snippet:-1, max-image-preview:large, max-video-preview:-1\" \/>\n<link rel=\"canonical\" href=\"https:\/\/talkpal.ai\/sk\/waleska-gramatika\/\" \/>\n<meta property=\"og:locale\" content=\"sk_SK\" \/>\n<meta property=\"og:type\" content=\"article\" \/>\n<meta property=\"og:title\" content=\"Walesk\u00e1 gramatika\" \/>\n<meta property=\"og:description\" content=\"Navig\u00e1cia v zlo\u017eitosti waleskej gramatiky Walesk\u00fd jazyk, keltsk\u00fd jazyk s bohatou hist\u00f3riou a kult\u00farnym v\u00fdznamom, pon\u00faka vzru\u0161uj\u00face jazykov\u00e9 sk\u00fasenosti pre\" \/>\n<meta property=\"og:url\" content=\"https:\/\/talkpal.ai\/sk\/waleska-gramatika\/\" \/>\n<meta property=\"og:site_name\" content=\"Talkpal\" \/>\n<meta property=\"article:publisher\" content=\"https:\/\/www.facebook.com\/profile.php?id=100090733639311\" \/>\n<meta property=\"article:modified_time\" content=\"2025-12-12T10:58:31+00:00\" \/>\n<meta property=\"og:image\" content=\"https:\/\/talkpal.ai\/wp-content\/uploads\/2023\/05\/Wales.png\" \/>\n\t<meta property=\"og:image:width\" content=\"512\" \/>\n\t<meta property=\"og:image:height\" content=\"512\" \/>\n\t<meta property=\"og:image:type\" content=\"image\/png\" \/>\n<meta name=\"twitter:card\" content=\"summary_large_image\" \/>\n<meta name=\"twitter:site\" content=\"@talkpalai\" \/>\n<meta name=\"twitter:label1\" content=\"Predpokladan\u00fd \u010das \u010d\u00edtania\" \/>\n\t<meta name=\"twitter:data1\" content=\"3 min\u00faty\" \/>\n<script type=\"application\/ld+json\" class=\"yoast-schema-graph\">{\"@context\":\"https:\/\/schema.org\",\"@graph\":[{\"@type\":\"WebPage\",\"@id\":\"https:\/\/talkpal.ai\/sk\/waleska-gramatika\/\",\"url\":\"https:\/\/talkpal.ai\/sk\/waleska-gramatika\/\",\"name\":\"Walesk\u00e1 gramatika - Talkpal\",\"isPartOf\":{\"@id\":\"https:\/\/talkpal.ai\/sk\/#website\"},\"primaryImageOfPage\":{\"@id\":\"https:\/\/talkpal.ai\/sk\/waleska-gramatika\/#primaryimage\"},\"image\":{\"@id\":\"https:\/\/talkpal.ai\/sk\/waleska-gramatika\/#primaryimage\"},\"thumbnailUrl\":\"https:\/\/talkpal.ai\/wp-content\/uploads\/2023\/05\/Wales.png\",\"datePublished\":\"2023-05-14T14:20:51+00:00\",\"dateModified\":\"2025-12-12T10:58:31+00:00\",\"description\":\"Presk\u00famajte zlo\u017eitosti waleskej gramatiky a odha\u013ete tajomstv\u00e1 tohto jedine\u010dn\u00e9ho keltsk\u00e9ho jazyka. Za\u010dnite svoju cestu e\u0161te dnes.\",\"breadcrumb\":{\"@id\":\"https:\/\/talkpal.ai\/sk\/waleska-gramatika\/#breadcrumb\"},\"inLanguage\":\"sk-SK\",\"potentialAction\":[{\"@type\":\"ReadAction\",\"target\":[\"https:\/\/talkpal.ai\/sk\/waleska-gramatika\/\"]}]},{\"@type\":\"ImageObject\",\"inLanguage\":\"sk-SK\",\"@id\":\"https:\/\/talkpal.ai\/sk\/waleska-gramatika\/#primaryimage\",\"url\":\"https:\/\/talkpal.ai\/wp-content\/uploads\/2023\/05\/Wales.png\",\"contentUrl\":\"https:\/\/talkpal.ai\/wp-content\/uploads\/2023\/05\/Wales.png\",\"width\":512,\"height\":512},{\"@type\":\"BreadcrumbList\",\"@id\":\"https:\/\/talkpal.ai\/sk\/waleska-gramatika\/#breadcrumb\",\"itemListElement\":[{\"@type\":\"ListItem\",\"position\":1,\"name\":\"Homepage\",\"item\":\"https:\/\/talkpal.ai\/sk\/\"},{\"@type\":\"ListItem\",\"position\":2,\"name\":\"Walesk\u00e1 gramatika\"}]},{\"@type\":\"WebSite\",\"@id\":\"https:\/\/talkpal.ai\/sk\/#website\",\"url\":\"https:\/\/talkpal.ai\/sk\/\",\"name\":\"Talkpal\",\"description\":\"AI Language Learning\",\"publisher\":{\"@id\":\"https:\/\/talkpal.ai\/sk\/#organization\"},\"alternateName\":\"Talkpal AI\",\"potentialAction\":[{\"@type\":\"SearchAction\",\"target\":{\"@type\":\"EntryPoint\",\"urlTemplate\":\"https:\/\/talkpal.ai\/sk\/?s={search_term_string}\"},\"query-input\":{\"@type\":\"PropertyValueSpecification\",\"valueRequired\":true,\"valueName\":\"search_term_string\"}}],\"inLanguage\":\"sk-SK\"},{\"@type\":\"Organization\",\"@id\":\"https:\/\/talkpal.ai\/sk\/#organization\",\"name\":\"Talkpal, Inc.\",\"alternateName\":\"Talkpal AI\",\"url\":\"https:\/\/talkpal.ai\/sk\/\",\"logo\":{\"@type\":\"ImageObject\",\"inLanguage\":\"sk-SK\",\"@id\":\"https:\/\/talkpal.ai\/sk\/#\/schema\/logo\/image\/\",\"url\":\"https:\/\/talkpal.ai\/wp-content\/uploads\/2024\/03\/Talkpal-Logo-Icon.png\",\"contentUrl\":\"https:\/\/talkpal.ai\/wp-content\/uploads\/2024\/03\/Talkpal-Logo-Icon.png\",\"width\":2880,\"height\":2880,\"caption\":\"Talkpal, Inc.\"},\"image\":{\"@id\":\"https:\/\/talkpal.ai\/sk\/#\/schema\/logo\/image\/\"},\"sameAs\":[\"https:\/\/www.facebook.com\/profile.php?id=100090733639311\",\"https:\/\/x.com\/talkpalai\",\"https:\/\/www.linkedin.com\/company\/talkpal\/\",\"https:\/\/www.youtube.com\/@TalkPal\/\",\"https:\/\/www.tiktok.com\/@talkpal\",\"https:\/\/www.instagram.com\/talkpal_ai\/\",\"https:\/\/www.crunchbase.com\/organization\/talkpal-9cde\",\"https:\/\/www.g2.com\/products\/talkpal-for-business\/\",\"https:\/\/www.trustpilot.com\/review\/talkpal.ai\",\"https:\/\/www.capterra.com\/p\/10006800\/TalkPal\/\"],\"description\":\"Talkpal is a language learning web and mobile education app, powered by the latest AI technologies, that provides engaging experiences to its customers in many different languages to help them improve their language skills. Users can chat about unlimited amount of topics with the app and use other modes to practice their language learning.\",\"email\":\"support@talkpal.ai\",\"legalName\":\"Talkpal, Inc.\",\"foundingDate\":\"2023-04-03\",\"duns\":\"118989042\",\"numberOfEmployees\":{\"@type\":\"QuantitativeValue\",\"minValue\":\"11\",\"maxValue\":\"50\"},\"publishingPrinciples\":\"https:\/\/talkpal.ai\/publishing-principles\/\",\"actionableFeedbackPolicy\":\"https:\/\/talkpal.ai\/actionable-feedback-policy\/\",\"correctionsPolicy\":\"https:\/\/talkpal.ai\/corrections-policy\/\",\"ethicsPolicy\":\"https:\/\/talkpal.ai\/ethics-policy\/\",\"diversityPolicy\":\"https:\/\/talkpal.ai\/diversity-policy\/\",\"diversityStaffingReport\":\"https:\/\/talkpal.ai\/diversity-policy\/\"}]}<\/script>\n<!-- \/ Yoast SEO Premium plugin. -->","yoast_head_json":{"title":"Walesk\u00e1 gramatika - Talkpal","description":"Presk\u00famajte zlo\u017eitosti waleskej gramatiky a odha\u013ete tajomstv\u00e1 tohto jedine\u010dn\u00e9ho keltsk\u00e9ho jazyka. Za\u010dnite svoju cestu e\u0161te dnes.","robots":{"index":"index","follow":"follow","max-snippet":"max-snippet:-1","max-image-preview":"max-image-preview:large","max-video-preview":"max-video-preview:-1"},"canonical":"https:\/\/talkpal.ai\/sk\/waleska-gramatika\/","og_locale":"sk_SK","og_type":"article","og_title":"Walesk\u00e1 gramatika","og_description":"Navig\u00e1cia v zlo\u017eitosti waleskej gramatiky Walesk\u00fd jazyk, keltsk\u00fd jazyk s bohatou hist\u00f3riou a kult\u00farnym v\u00fdznamom, pon\u00faka vzru\u0161uj\u00face jazykov\u00e9 sk\u00fasenosti pre","og_url":"https:\/\/talkpal.ai\/sk\/waleska-gramatika\/","og_site_name":"Talkpal","article_publisher":"https:\/\/www.facebook.com\/profile.php?id=100090733639311","article_modified_time":"2025-12-12T10:58:31+00:00","og_image":[{"width":512,"height":512,"url":"https:\/\/talkpal.ai\/wp-content\/uploads\/2023\/05\/Wales.png","type":"image\/png"}],"twitter_card":"summary_large_image","twitter_site":"@talkpalai","twitter_misc":{"Predpokladan\u00fd \u010das \u010d\u00edtania":"3 min\u00faty"},"schema":{"@context":"https:\/\/schema.org","@graph":[{"@type":"WebPage","@id":"https:\/\/talkpal.ai\/sk\/waleska-gramatika\/","url":"https:\/\/talkpal.ai\/sk\/waleska-gramatika\/","name":"Walesk\u00e1 gramatika - Talkpal","isPartOf":{"@id":"https:\/\/talkpal.ai\/sk\/#website"},"primaryImageOfPage":{"@id":"https:\/\/talkpal.ai\/sk\/waleska-gramatika\/#primaryimage"},"image":{"@id":"https:\/\/talkpal.ai\/sk\/waleska-gramatika\/#primaryimage"},"thumbnailUrl":"https:\/\/talkpal.ai\/wp-content\/uploads\/2023\/05\/Wales.png","datePublished":"2023-05-14T14:20:51+00:00","dateModified":"2025-12-12T10:58:31+00:00","description":"Presk\u00famajte zlo\u017eitosti waleskej gramatiky a odha\u013ete tajomstv\u00e1 tohto jedine\u010dn\u00e9ho keltsk\u00e9ho jazyka. Za\u010dnite svoju cestu e\u0161te dnes.","breadcrumb":{"@id":"https:\/\/talkpal.ai\/sk\/waleska-gramatika\/#breadcrumb"},"inLanguage":"sk-SK","potentialAction":[{"@type":"ReadAction","target":["https:\/\/talkpal.ai\/sk\/waleska-gramatika\/"]}]},{"@type":"ImageObject","inLanguage":"sk-SK","@id":"https:\/\/talkpal.ai\/sk\/waleska-gramatika\/#primaryimage","url":"https:\/\/talkpal.ai\/wp-content\/uploads\/2023\/05\/Wales.png","contentUrl":"https:\/\/talkpal.ai\/wp-content\/uploads\/2023\/05\/Wales.png","width":512,"height":512},{"@type":"BreadcrumbList","@id":"https:\/\/talkpal.ai\/sk\/waleska-gramatika\/#breadcrumb","itemListElement":[{"@type":"ListItem","position":1,"name":"Homepage","item":"https:\/\/talkpal.ai\/sk\/"},{"@type":"ListItem","position":2,"name":"Walesk\u00e1 gramatika"}]},{"@type":"WebSite","@id":"https:\/\/talkpal.ai\/sk\/#website","url":"https:\/\/talkpal.ai\/sk\/","name":"Talkpal","description":"AI Language Learning","publisher":{"@id":"https:\/\/talkpal.ai\/sk\/#organization"},"alternateName":"Talkpal AI","potentialAction":[{"@type":"SearchAction","target":{"@type":"EntryPoint","urlTemplate":"https:\/\/talkpal.ai\/sk\/?s={search_term_string}"},"query-input":{"@type":"PropertyValueSpecification","valueRequired":true,"valueName":"search_term_string"}}],"inLanguage":"sk-SK"},{"@type":"Organization","@id":"https:\/\/talkpal.ai\/sk\/#organization","name":"Talkpal, Inc.","alternateName":"Talkpal AI","url":"https:\/\/talkpal.ai\/sk\/","logo":{"@type":"ImageObject","inLanguage":"sk-SK","@id":"https:\/\/talkpal.ai\/sk\/#\/schema\/logo\/image\/","url":"https:\/\/talkpal.ai\/wp-content\/uploads\/2024\/03\/Talkpal-Logo-Icon.png","contentUrl":"https:\/\/talkpal.ai\/wp-content\/uploads\/2024\/03\/Talkpal-Logo-Icon.png","width":2880,"height":2880,"caption":"Talkpal, Inc."},"image":{"@id":"https:\/\/talkpal.ai\/sk\/#\/schema\/logo\/image\/"},"sameAs":["https:\/\/www.facebook.com\/profile.php?id=100090733639311","https:\/\/x.com\/talkpalai","https:\/\/www.linkedin.com\/company\/talkpal\/","https:\/\/www.youtube.com\/@TalkPal\/","https:\/\/www.tiktok.com\/@talkpal","https:\/\/www.instagram.com\/talkpal_ai\/","https:\/\/www.crunchbase.com\/organization\/talkpal-9cde","https:\/\/www.g2.com\/products\/talkpal-for-business\/","https:\/\/www.trustpilot.com\/review\/talkpal.ai","https:\/\/www.capterra.com\/p\/10006800\/TalkPal\/"],"description":"Talkpal is a language learning web and mobile education app, powered by the latest AI technologies, that provides engaging experiences to its customers in many different languages to help them improve their language skills. Users can chat about unlimited amount of topics with the app and use other modes to practice their language learning.","email":"support@talkpal.ai","legalName":"Talkpal, Inc.","foundingDate":"2023-04-03","duns":"118989042","numberOfEmployees":{"@type":"QuantitativeValue","minValue":"11","maxValue":"50"},"publishingPrinciples":"https:\/\/talkpal.ai\/publishing-principles\/","actionableFeedbackPolicy":"https:\/\/talkpal.ai\/actionable-feedback-policy\/","correctionsPolicy":"https:\/\/talkpal.ai\/corrections-policy\/","ethicsPolicy":"https:\/\/talkpal.ai\/ethics-policy\/","diversityPolicy":"https:\/\/talkpal.ai\/diversity-policy\/","diversityStaffingReport":"https:\/\/talkpal.ai\/diversity-policy\/"}]}},"_links":{"self":[{"href":"https:\/\/talkpal.ai\/sk\/wp-json\/wp\/v2\/pages\/151356","targetHints":{"allow":["GET"]}}],"collection":[{"href":"https:\/\/talkpal.ai\/sk\/wp-json\/wp\/v2\/pages"}],"about":[{"href":"https:\/\/talkpal.ai\/sk\/wp-json\/wp\/v2\/types\/page"}],"author":[{"embeddable":true,"href":"https:\/\/talkpal.ai\/sk\/wp-json\/wp\/v2\/users\/1"}],"replies":[{"embeddable":true,"href":"https:\/\/talkpal.ai\/sk\/wp-json\/wp\/v2\/comments?post=151356"}],"version-history":[{"count":0,"href":"https:\/\/talkpal.ai\/sk\/wp-json\/wp\/v2\/pages\/151356\/revisions"}],"wp:featuredmedia":[{"embeddable":true,"href":"https:\/\/talkpal.ai\/sk\/wp-json\/wp\/v2\/media\/121506"}],"wp:attachment":[{"href":"https:\/\/talkpal.ai\/sk\/wp-json\/wp\/v2\/media?parent=151356"}],"curies":[{"name":"wp","href":"https:\/\/api.w.org\/{rel}","templated":true}]}}