{"id":150710,"date":"2023-05-14T14:20:10","date_gmt":"2023-05-14T14:20:10","guid":{"rendered":"http:\/\/talkpal.ai\/slovinska-gramatika\/"},"modified":"2025-12-12T11:15:00","modified_gmt":"2025-12-12T11:15:00","slug":"slovinska-gramatika","status":"publish","type":"page","link":"https:\/\/talkpal.ai\/sk\/slovinska-gramatika\/","title":{"rendered":"Slovinsk\u00e1 gramatika"},"content":{"rendered":"\r\n\r\n\r\n<section class=\"languageChallengeSection\">\r\n    <div class=\"languageInfoWrapper\">\r\n        \r\n        <h1>Slovinsk\u00e1 gramatika<\/h1>\r\n        <p>Odha\u013ete osobit\u00fd p\u00f4vab slovinsk\u00e9ho jazyka t\u00fdm, \u017ee si osvoj\u00edte jeho z\u00e1kladn\u00e9 gramatick\u00e9 pravidl\u00e1. S dobrou znalos\u0165ou slovinskej gramatiky budete m\u00f4c\u0165 nadviaza\u0165 kontakt s roden\u00fdmi hovoriacimi a lep\u0161ie spozna\u0165 bohat\u00e9 kult\u00farne dedi\u010dstvo tejto krajiny. Za\u010dnite sa u\u010di\u0165 slovinsk\u00fa gramatiku dnes a urobte prv\u00fd krok k plynulosti!<\/p>\r\n\r\n                            <a class=\"getStartedHidden\" href=\"https:\/\/app.talkpal.ai\/sk\/signup?lng=\">Za\u010dni<\/a>\r\n        \r\n    <\/div>\r\n\r\n    <figure>\r\n    <img decoding=\"async\" width=\"768\" height=\"768\" src=\"https:\/\/talkpal.ai\/wp-content\/uploads\/2023\/06\/slovenian-768x768.png\" class=\"languageImage no-lazy\" alt=\"Language learning for broader perspectives\" fetchpriority=\"high\" sizes=\"(max-width: 768px) 150px, 768px\" srcset=\"https:\/\/talkpal.ai\/wp-content\/uploads\/2023\/06\/slovenian-768x768.png 768w, https:\/\/talkpal.ai\/wp-content\/uploads\/2023\/06\/slovenian-300x300.png 300w\" \/>\r\n    \r\n\r\n    <\/figure>\r\n\r\n            <a class=\"getStartedVisible\" href=\"https:\/\/app.talkpal.ai\/sk\/signup?lng=\">Za\u010dni<\/a>\r\n    \r\n<\/section>\r\n<section class=\"promotionalBanner\">\r\n    <p class=\"promotionalText\">Najefekt\u00edvnej\u0161\u00ed sp\u00f4sob, ako sa nau\u010di\u0165 jazyk<\/p>\r\n    <a class=\"promotionalLink\" href=\"https:\/\/app.talkpal.ai\/sk\/signup?lng=\">Vysk\u00fa\u0161ajte Talkpal zadarmo<\/a>\r\n<\/section>\n<div class=\"wp-block-group pageContainerStyle\"><div class=\"wp-block-group__inner-container is-layout-constrained wp-block-group-is-layout-constrained\">\n<h1 class=\"wp-block-heading\" id=\"h-slovenian-grammar-a-short-introduction-for-language-lovers\">Slovinsk\u00e1 gramatika: kr\u00e1tky \u00favod pre milovn\u00edkov jazykov<\/h1>\n\n\n\n<p>Ste pripraven\u00ed ponori\u0165 sa do o\u010daruj\u00faceho sveta slovin\u010diny, ohromuj\u00faceho slovansk\u00e9ho jazyka? \u010cak\u00e1 v\u00e1s z\u00e1\u017eitok! Tento kr\u00e1tky sprievodca v\u00e1m umo\u017en\u00ed nahliadnu\u0165 do slovinskej gramatiky, ktor\u00e1 je nevyhnutn\u00e1 pre pochopenie a zvl\u00e1dnutie tohto podmaniv\u00e9ho jazyka. Vydajme sa teda na toto lingvistick\u00e9 dobrodru\u017estvo a objavujme zlo\u017eitosti slovinskej gramatiky krok za krokom.<\/p>\n\n\n\n<p>Slovin\u010dinou, zn\u00e1mou aj ako <a href=\"https:\/\/talkpal.ai\/learn-slovenian\/\">slovin\u010dina<\/a>, hovor\u00ed preva\u017ene v Slovinsku pribli\u017ene 2,5 mili\u00f3na \u013eud\u00ed. Ako juhoslovansk\u00fd jazyk zdie\u013ea nieko\u013eko \u010d\u0155t so svojimi bl\u00edzkymi pr\u00edbuzn\u00fdmi, ako je <a href=\"https:\/\/talkpal.ai\/learn-serbian\/\">srb\u010dina<\/a>, <a href=\"https:\/\/talkpal.ai\/learn-croatian\/\">chorv\u00e1t\u010dina<\/a> a <a href=\"https:\/\/talkpal.ai\/learn-bulgarian\/\">bulhar\u010dina<\/a>. <a href=\"https:\/\/talkpal.ai\/learn-slovenian\/\">Slovin\u010dina<\/a> sa v\u0161ak m\u00f4\u017ee pochv\u00e1li\u0165 svojimi jedine\u010dn\u00fdmi zvratmi a vkusom.<\/p>\n\n\n\n<p>Bez \u010fal\u0161\u00edch slov sa po\u010fme venova\u0165 k\u013e\u00fa\u010dov\u00fdm aspektom slovinskej gramatiky:<\/p>\n\n\n\n<h3 class=\"wp-block-heading\" id=\"h-1-nouns-and-cases\">1. podstatn\u00e9 men\u00e1 a p\u00e1dy:<\/h3>\n\n\n\n<p>Slovinsk\u00e9 podstatn\u00e9 men\u00e1 sa vyskytuj\u00fa v troch rodoch \u2013 mu\u017esk\u00fd, \u017eensk\u00fd a kastrovan\u00fd. Ka\u017ed\u00e9 podstatn\u00e9 meno mo\u017eno pou\u017ei\u0165 v jednom zo \u0161iestich slovinsk\u00fdch p\u00e1dov: nominat\u00edv, genit\u00edv, dat\u00edv, akuzat\u00edv, lokat\u00edv a in\u0161trument\u00e1l. Tieto p\u00e1dy vyjadruj\u00fa r\u00f4zne gramatick\u00e9 funkcie alebo vz\u0165ahy medzi slovami, preto je ve\u013emi d\u00f4le\u017eit\u00e9 nau\u010di\u0165 sa ich spr\u00e1vne pou\u017e\u00edvanie v kontexte.<\/p>\n\n\n\n<h3 class=\"wp-block-heading\" id=\"h-2-articles\">2. \u010cl\u00e1nky:<\/h3>\n\n\n\n<p>M\u00e1me pre v\u00e1s dobr\u00fa spr\u00e1vu &#8211; slovin\u010dina nepou\u017e\u00edva \u010dleny ako &#8222;the&#8220; alebo &#8222;a&#8220;! Namiesto toho je v\u00fdznam vyjadren\u00fd pomocou pr\u00edpadov a slovosledu. To by v\u00e1m mohlo u\u013eah\u010di\u0165 u\u010denie slovin\u010diny, najm\u00e4 ak nie ste zvyknut\u00ed na <a href=\"https:\/\/talkpal.ai\/what-language-is-spoken-on-the-international-space-station\/\">jazyky<\/a> so zlo\u017eit\u00fdmi \u010dl\u00e1nkov\u00fdmi syst\u00e9mami.<\/p>\n\n\n\n<h3 class=\"wp-block-heading\" id=\"h-3-adjectives\">3. Pr\u00eddavn\u00e9 men\u00e1:<\/h3>\n\n\n\n<p>Rovnako ako podstatn\u00e9 men\u00e1, aj pr\u00eddavn\u00e9 men\u00e1 v slovin\u010dine sa zhoduj\u00fa v rode, \u010d\u00edsle a p\u00e1de s podstatn\u00fdm menom, ktor\u00e9 upravuj\u00fa. Pou\u017e\u00edvanie pr\u00eddavn\u00fdch mien je preto o nie\u010do zlo\u017eitej\u0161ie ako v angli\u010dtine, ale nebojte sa &#8211; s praxou zvl\u00e1dnete slovinsk\u00e9 pr\u00eddavn\u00e9 men\u00e1 v kr\u00e1tkom \u010dase!<\/p>\n\n\n\n<h3 class=\"wp-block-heading\" id=\"h-4-verbs\">4. Sloves\u00e1:<\/h3>\n\n\n\n<p>Slovinsk\u00fd jazyk m\u00e1 trojstup\u0148ov\u00fd syst\u00e9m slovies: tri konjuga\u010dn\u00e9 skupiny v z\u00e1vislosti od kme\u0148a slovesa zakon\u010den\u00e9ho na infinit\u00edv. Slovinsk\u00e9 sloves\u00e1 maj\u00fa tie\u017e r\u00f4zne \u010dasy a n\u00e1lady, vr\u00e1tane jedine\u010dnej du\u00e1lnej formy, ktor\u00e1 sa pou\u017e\u00edva pri odkazovan\u00ed na dva predmety alebo objekty. Bu\u010fte pripraven\u00ed str\u00e1vi\u0165 nejak\u00fd \u010das u\u010den\u00edm sa a precvi\u010dovan\u00edm \u010dasovania slovies v Slovinsku, aby ste z\u00edskali d\u00f4veru vo svoje jazykov\u00e9 zru\u010dnosti.<\/p>\n\n\n\n<h3 class=\"wp-block-heading\" id=\"h-5-word-order\">5. Slovosled:<\/h3>\n\n\n\n<p>Slovin\u010dina sa vo v\u0161eobecnosti riadi slovosledom subjekt-sloveso-objekt (SVO), ktor\u00fd by mal by\u0165 anglicky hovoriaci zn\u00e1my. Jazyk m\u00e1 v\u0161ak ur\u010dit\u00fd stupe\u0148 flexibility, \u010do v\u00e1m umo\u017e\u0148uje zd\u00f4razni\u0165 konkr\u00e9tne \u010dasti vety prepnut\u00edm slovosledu. Je d\u00f4le\u017eit\u00e9 pou\u017e\u00edva\u0165 pr\u00edpady spr\u00e1vne, aby sa predi\u0161lo nedorozumeniam a vyjadril sa zam\u00fd\u0161\u013ean\u00fd v\u00fdznam.<\/p>\n\n\n\n<h3 class=\"wp-block-heading\" id=\"h-6-pronouns-and-prepositions\">6. Z\u00e1men\u00e1 a predlo\u017eky:<\/h3>\n\n\n\n<p>Slovinsk\u00e9 z\u00e1men\u00e1, rovnako ako in\u00e9 prvky jazyka, s\u00fa ovplyvnen\u00e9 rodom, \u010d\u00edslom a p\u00e1dom. Prich\u00e1dzaj\u00fa v r\u00f4znych form\u00e1ch, ako s\u00fa osobn\u00e9, majetn\u00edcke, demon\u0161trat\u00edvne a reflex\u00edvne. Obozn\u00e1menie sa so slovinsk\u00fdmi predlo\u017ekami v\u00e1m tie\u017e pom\u00f4\u017ee spoji\u0165 slov\u00e1 a fr\u00e1zy a vytvori\u0165 zlo\u017eitej\u0161ie vety.<\/p>\n\n\n\n<p>Tak\u017ee teraz u\u017e m\u00e1te z\u00e1kladn\u00e9 znalosti slovinskej gramatiky! Majte na pam\u00e4ti, \u017ee zdatnos\u0165 v akomko\u013evek jazyku si vy\u017eaduje odhodlanie a prax. Prijmite v\u00fdzvy a nev\u00e1hajte sa pou\u010di\u0165 zo svojich ch\u00fdb. Pam\u00e4tajte, \u017ee <a href=\"https:\/\/talkpal.ai\/sk\/ucenie\/\">u\u010denie sa<\/a> nov\u00e9ho jazyka je vzru\u0161uj\u00faca cesta pln\u00e1 nezabudnute\u013en\u00fdch z\u00e1\u017eitkov a obohacuj\u00facich objavov. Sre\u010dno!<\/p>\n<\/div><\/div>\n\r\n<section class=\"learnNavigationSection\">\r\n            \r\n        <a href=\"https:\/\/talkpal.ai\/sk\/naucte-sa-slovinsky\/\">\r\n            <div class=\"learnNavigationWrapper\">\r\n                <div class=\"learnNavigationContent\">\r\n                    <img decoding=\"async\" src=\"https:\/\/talkpal.ai\/wp-content\/uploads\/2024\/08\/Slovenian.jpg\" alt=\"Slovenian Flag\">\r\n                    <div>\r\n                        <h4>O slovinskom vzdel\u00e1van\u00ed<\/h4>\r\n                        <p>Zistite v\u0161etko o slovinskej gramatike.<\/p>\r\n                    <\/div>\r\n                <\/div>\r\n            <\/div>\r\n        <\/a>\r\n\r\n        \r\n        <a href=\"https:\/\/talkpal.ai\/sk\/slovinske-gramaticke-cvicenia\/\">\r\n            <div class=\"learnNavigationWrapper\">\r\n                <div class=\"learnNavigationContent\">\r\n                    <img decoding=\"async\" src=\"https:\/\/talkpal.ai\/wp-content\/uploads\/2024\/08\/Slovenian.jpg\" alt=\"Slovenian Flag\">\r\n                    <div>\r\n                        <h4>Cvi\u010denie zo slovinskej gramatiky<\/h4>\r\n                        <p>Precvi\u010dte si slovinsk\u00fa gramatiku.<\/p>\r\n                    <\/div>\r\n                <\/div>\r\n            <\/div>\r\n        <\/a>\r\n\r\n        \r\n        <a href=\"https:\/\/talkpal.ai\/vocabulary_language\/slovenian\/\">\r\n            <div class=\"learnNavigationWrapper\">\r\n                <div class=\"learnNavigationContent\">\r\n                    <img decoding=\"async\" src=\"https:\/\/talkpal.ai\/wp-content\/uploads\/2024\/08\/Slovenian.jpg\" alt=\"Slovenian Flag\">\r\n                    <div>\r\n                        <h4>Slovinsk\u00e1 slovn\u00e1 z\u00e1soba<\/h4>\r\n                        <p>Roz\u0161\u00edrte si slovinsk\u00fd slovn\u00edk.<\/p>\r\n                    <\/div>\r\n                <\/div>\r\n            <\/div>\r\n        <\/a>\r\n\r\n            <\/section>","protected":false},"excerpt":{"rendered":"<p>Slovinsk\u00e1 gramatika: kr\u00e1tky \u00favod pre milovn\u00edkov jazykov Ste pripraven\u00ed ponori\u0165 sa do o\u010daruj\u00faceho sveta slovin\u010diny, ohromuj\u00faceho slovansk\u00e9ho jazyka? \u010cak\u00e1 v\u00e1s z\u00e1\u017eitok! Tento kr\u00e1tky sprievodca v\u00e1m umo\u017en\u00ed nahliadnu\u0165 do slovinskej gramatiky, ktor\u00e1 je nevyhnutn\u00e1 pre pochopenie a zvl\u00e1dnutie tohto podmaniv\u00e9ho jazyka. Vydajme sa teda na toto lingvistick\u00e9 dobrodru\u017estvo a objavujme zlo\u017eitosti slovinskej gramatiky krok za krokom. [&hellip;]<\/p>\n","protected":false},"author":1,"featured_media":119745,"parent":0,"menu_order":0,"comment_status":"closed","ping_status":"closed","template":"LearningContentPage.php","meta":{"_acf_changed":false,"footnotes":""},"class_list":["post-150710","page","type-page","status-publish","has-post-thumbnail","hentry"],"acf":[],"yoast_head":"<!-- This site is optimized with the Yoast SEO Premium plugin v27.2 (Yoast SEO v27.2) - https:\/\/yoast.com\/product\/yoast-seo-premium-wordpress\/ -->\n<title>Slovinsk\u00e1 gramatika - Talkpal<\/title>\n<meta name=\"description\" content=\"Presk\u00famajte zlo\u017eitosti slovinskej gramatiky pre lep\u0161ie jazykov\u00e9 zru\u010dnosti a porozumenie. Osvojte si umenie gramatiky e\u0161te dnes.\" \/>\n<meta name=\"robots\" content=\"index, follow, max-snippet:-1, max-image-preview:large, max-video-preview:-1\" \/>\n<link rel=\"canonical\" href=\"https:\/\/talkpal.ai\/sk\/slovinska-gramatika\/\" \/>\n<meta property=\"og:locale\" content=\"sk_SK\" \/>\n<meta property=\"og:type\" content=\"article\" \/>\n<meta property=\"og:title\" content=\"Slovinsk\u00e1 gramatika\" \/>\n<meta property=\"og:description\" content=\"Slovinsk\u00e1 gramatika: kr\u00e1tky \u00favod pre milovn\u00edkov jazykov Ste pripraven\u00ed ponori\u0165 sa do o\u010daruj\u00faceho sveta slovin\u010diny, ohromuj\u00faceho slovansk\u00e9ho jazyka? \u010cak\u00e1\" \/>\n<meta property=\"og:url\" content=\"https:\/\/talkpal.ai\/sk\/slovinska-gramatika\/\" \/>\n<meta property=\"og:site_name\" content=\"Talkpal\" \/>\n<meta property=\"article:publisher\" content=\"https:\/\/www.facebook.com\/profile.php?id=100090733639311\" \/>\n<meta property=\"article:modified_time\" content=\"2025-12-12T11:15:00+00:00\" \/>\n<meta property=\"og:image\" content=\"https:\/\/talkpal.ai\/wp-content\/uploads\/2023\/05\/slovenia.png\" \/>\n\t<meta property=\"og:image:width\" content=\"512\" \/>\n\t<meta property=\"og:image:height\" content=\"512\" \/>\n\t<meta property=\"og:image:type\" content=\"image\/png\" \/>\n<meta name=\"twitter:card\" content=\"summary_large_image\" \/>\n<meta name=\"twitter:site\" content=\"@talkpalai\" \/>\n<meta name=\"twitter:label1\" content=\"Predpokladan\u00fd \u010das \u010d\u00edtania\" \/>\n\t<meta name=\"twitter:data1\" content=\"3 min\u00faty\" \/>\n<script type=\"application\/ld+json\" class=\"yoast-schema-graph\">{\"@context\":\"https:\/\/schema.org\",\"@graph\":[{\"@type\":\"WebPage\",\"@id\":\"https:\/\/talkpal.ai\/sk\/slovinska-gramatika\/\",\"url\":\"https:\/\/talkpal.ai\/sk\/slovinska-gramatika\/\",\"name\":\"Slovinsk\u00e1 gramatika - Talkpal\",\"isPartOf\":{\"@id\":\"https:\/\/talkpal.ai\/sk\/#website\"},\"primaryImageOfPage\":{\"@id\":\"https:\/\/talkpal.ai\/sk\/slovinska-gramatika\/#primaryimage\"},\"image\":{\"@id\":\"https:\/\/talkpal.ai\/sk\/slovinska-gramatika\/#primaryimage\"},\"thumbnailUrl\":\"https:\/\/talkpal.ai\/wp-content\/uploads\/2023\/05\/slovenia.png\",\"datePublished\":\"2023-05-14T14:20:10+00:00\",\"dateModified\":\"2025-12-12T11:15:00+00:00\",\"description\":\"Presk\u00famajte zlo\u017eitosti slovinskej gramatiky pre lep\u0161ie jazykov\u00e9 zru\u010dnosti a porozumenie. Osvojte si umenie gramatiky e\u0161te dnes.\",\"breadcrumb\":{\"@id\":\"https:\/\/talkpal.ai\/sk\/slovinska-gramatika\/#breadcrumb\"},\"inLanguage\":\"sk-SK\",\"potentialAction\":[{\"@type\":\"ReadAction\",\"target\":[\"https:\/\/talkpal.ai\/sk\/slovinska-gramatika\/\"]}]},{\"@type\":\"ImageObject\",\"inLanguage\":\"sk-SK\",\"@id\":\"https:\/\/talkpal.ai\/sk\/slovinska-gramatika\/#primaryimage\",\"url\":\"https:\/\/talkpal.ai\/wp-content\/uploads\/2023\/05\/slovenia.png\",\"contentUrl\":\"https:\/\/talkpal.ai\/wp-content\/uploads\/2023\/05\/slovenia.png\",\"width\":512,\"height\":512},{\"@type\":\"BreadcrumbList\",\"@id\":\"https:\/\/talkpal.ai\/sk\/slovinska-gramatika\/#breadcrumb\",\"itemListElement\":[{\"@type\":\"ListItem\",\"position\":1,\"name\":\"Homepage\",\"item\":\"https:\/\/talkpal.ai\/sk\/\"},{\"@type\":\"ListItem\",\"position\":2,\"name\":\"Slovinsk\u00e1 gramatika\"}]},{\"@type\":\"WebSite\",\"@id\":\"https:\/\/talkpal.ai\/sk\/#website\",\"url\":\"https:\/\/talkpal.ai\/sk\/\",\"name\":\"Talkpal\",\"description\":\"AI Language Learning\",\"publisher\":{\"@id\":\"https:\/\/talkpal.ai\/sk\/#organization\"},\"alternateName\":\"Talkpal AI\",\"potentialAction\":[{\"@type\":\"SearchAction\",\"target\":{\"@type\":\"EntryPoint\",\"urlTemplate\":\"https:\/\/talkpal.ai\/sk\/?s={search_term_string}\"},\"query-input\":{\"@type\":\"PropertyValueSpecification\",\"valueRequired\":true,\"valueName\":\"search_term_string\"}}],\"inLanguage\":\"sk-SK\"},{\"@type\":\"Organization\",\"@id\":\"https:\/\/talkpal.ai\/sk\/#organization\",\"name\":\"Talkpal, Inc.\",\"alternateName\":\"Talkpal AI\",\"url\":\"https:\/\/talkpal.ai\/sk\/\",\"logo\":{\"@type\":\"ImageObject\",\"inLanguage\":\"sk-SK\",\"@id\":\"https:\/\/talkpal.ai\/sk\/#\/schema\/logo\/image\/\",\"url\":\"https:\/\/talkpal.ai\/wp-content\/uploads\/2024\/03\/Talkpal-Logo-Icon.png\",\"contentUrl\":\"https:\/\/talkpal.ai\/wp-content\/uploads\/2024\/03\/Talkpal-Logo-Icon.png\",\"width\":2880,\"height\":2880,\"caption\":\"Talkpal, Inc.\"},\"image\":{\"@id\":\"https:\/\/talkpal.ai\/sk\/#\/schema\/logo\/image\/\"},\"sameAs\":[\"https:\/\/www.facebook.com\/profile.php?id=100090733639311\",\"https:\/\/x.com\/talkpalai\",\"https:\/\/www.linkedin.com\/company\/talkpal\/\",\"https:\/\/www.youtube.com\/@TalkPal\/\",\"https:\/\/www.tiktok.com\/@talkpal\",\"https:\/\/www.instagram.com\/talkpal_ai\/\",\"https:\/\/www.crunchbase.com\/organization\/talkpal-9cde\",\"https:\/\/www.g2.com\/products\/talkpal-for-business\/\",\"https:\/\/www.trustpilot.com\/review\/talkpal.ai\",\"https:\/\/www.capterra.com\/p\/10006800\/TalkPal\/\"],\"description\":\"Talkpal is a language learning web and mobile education app, powered by the latest AI technologies, that provides engaging experiences to its customers in many different languages to help them improve their language skills. Users can chat about unlimited amount of topics with the app and use other modes to practice their language learning.\",\"email\":\"support@talkpal.ai\",\"legalName\":\"Talkpal, Inc.\",\"foundingDate\":\"2023-04-03\",\"duns\":\"118989042\",\"numberOfEmployees\":{\"@type\":\"QuantitativeValue\",\"minValue\":\"11\",\"maxValue\":\"50\"},\"publishingPrinciples\":\"https:\/\/talkpal.ai\/publishing-principles\/\",\"actionableFeedbackPolicy\":\"https:\/\/talkpal.ai\/actionable-feedback-policy\/\",\"correctionsPolicy\":\"https:\/\/talkpal.ai\/corrections-policy\/\",\"ethicsPolicy\":\"https:\/\/talkpal.ai\/ethics-policy\/\",\"diversityPolicy\":\"https:\/\/talkpal.ai\/diversity-policy\/\",\"diversityStaffingReport\":\"https:\/\/talkpal.ai\/diversity-policy\/\"}]}<\/script>\n<!-- \/ Yoast SEO Premium plugin. -->","yoast_head_json":{"title":"Slovinsk\u00e1 gramatika - Talkpal","description":"Presk\u00famajte zlo\u017eitosti slovinskej gramatiky pre lep\u0161ie jazykov\u00e9 zru\u010dnosti a porozumenie. Osvojte si umenie gramatiky e\u0161te dnes.","robots":{"index":"index","follow":"follow","max-snippet":"max-snippet:-1","max-image-preview":"max-image-preview:large","max-video-preview":"max-video-preview:-1"},"canonical":"https:\/\/talkpal.ai\/sk\/slovinska-gramatika\/","og_locale":"sk_SK","og_type":"article","og_title":"Slovinsk\u00e1 gramatika","og_description":"Slovinsk\u00e1 gramatika: kr\u00e1tky \u00favod pre milovn\u00edkov jazykov Ste pripraven\u00ed ponori\u0165 sa do o\u010daruj\u00faceho sveta slovin\u010diny, ohromuj\u00faceho slovansk\u00e9ho jazyka? \u010cak\u00e1","og_url":"https:\/\/talkpal.ai\/sk\/slovinska-gramatika\/","og_site_name":"Talkpal","article_publisher":"https:\/\/www.facebook.com\/profile.php?id=100090733639311","article_modified_time":"2025-12-12T11:15:00+00:00","og_image":[{"width":512,"height":512,"url":"https:\/\/talkpal.ai\/wp-content\/uploads\/2023\/05\/slovenia.png","type":"image\/png"}],"twitter_card":"summary_large_image","twitter_site":"@talkpalai","twitter_misc":{"Predpokladan\u00fd \u010das \u010d\u00edtania":"3 min\u00faty"},"schema":{"@context":"https:\/\/schema.org","@graph":[{"@type":"WebPage","@id":"https:\/\/talkpal.ai\/sk\/slovinska-gramatika\/","url":"https:\/\/talkpal.ai\/sk\/slovinska-gramatika\/","name":"Slovinsk\u00e1 gramatika - Talkpal","isPartOf":{"@id":"https:\/\/talkpal.ai\/sk\/#website"},"primaryImageOfPage":{"@id":"https:\/\/talkpal.ai\/sk\/slovinska-gramatika\/#primaryimage"},"image":{"@id":"https:\/\/talkpal.ai\/sk\/slovinska-gramatika\/#primaryimage"},"thumbnailUrl":"https:\/\/talkpal.ai\/wp-content\/uploads\/2023\/05\/slovenia.png","datePublished":"2023-05-14T14:20:10+00:00","dateModified":"2025-12-12T11:15:00+00:00","description":"Presk\u00famajte zlo\u017eitosti slovinskej gramatiky pre lep\u0161ie jazykov\u00e9 zru\u010dnosti a porozumenie. Osvojte si umenie gramatiky e\u0161te dnes.","breadcrumb":{"@id":"https:\/\/talkpal.ai\/sk\/slovinska-gramatika\/#breadcrumb"},"inLanguage":"sk-SK","potentialAction":[{"@type":"ReadAction","target":["https:\/\/talkpal.ai\/sk\/slovinska-gramatika\/"]}]},{"@type":"ImageObject","inLanguage":"sk-SK","@id":"https:\/\/talkpal.ai\/sk\/slovinska-gramatika\/#primaryimage","url":"https:\/\/talkpal.ai\/wp-content\/uploads\/2023\/05\/slovenia.png","contentUrl":"https:\/\/talkpal.ai\/wp-content\/uploads\/2023\/05\/slovenia.png","width":512,"height":512},{"@type":"BreadcrumbList","@id":"https:\/\/talkpal.ai\/sk\/slovinska-gramatika\/#breadcrumb","itemListElement":[{"@type":"ListItem","position":1,"name":"Homepage","item":"https:\/\/talkpal.ai\/sk\/"},{"@type":"ListItem","position":2,"name":"Slovinsk\u00e1 gramatika"}]},{"@type":"WebSite","@id":"https:\/\/talkpal.ai\/sk\/#website","url":"https:\/\/talkpal.ai\/sk\/","name":"Talkpal","description":"AI Language Learning","publisher":{"@id":"https:\/\/talkpal.ai\/sk\/#organization"},"alternateName":"Talkpal AI","potentialAction":[{"@type":"SearchAction","target":{"@type":"EntryPoint","urlTemplate":"https:\/\/talkpal.ai\/sk\/?s={search_term_string}"},"query-input":{"@type":"PropertyValueSpecification","valueRequired":true,"valueName":"search_term_string"}}],"inLanguage":"sk-SK"},{"@type":"Organization","@id":"https:\/\/talkpal.ai\/sk\/#organization","name":"Talkpal, Inc.","alternateName":"Talkpal AI","url":"https:\/\/talkpal.ai\/sk\/","logo":{"@type":"ImageObject","inLanguage":"sk-SK","@id":"https:\/\/talkpal.ai\/sk\/#\/schema\/logo\/image\/","url":"https:\/\/talkpal.ai\/wp-content\/uploads\/2024\/03\/Talkpal-Logo-Icon.png","contentUrl":"https:\/\/talkpal.ai\/wp-content\/uploads\/2024\/03\/Talkpal-Logo-Icon.png","width":2880,"height":2880,"caption":"Talkpal, Inc."},"image":{"@id":"https:\/\/talkpal.ai\/sk\/#\/schema\/logo\/image\/"},"sameAs":["https:\/\/www.facebook.com\/profile.php?id=100090733639311","https:\/\/x.com\/talkpalai","https:\/\/www.linkedin.com\/company\/talkpal\/","https:\/\/www.youtube.com\/@TalkPal\/","https:\/\/www.tiktok.com\/@talkpal","https:\/\/www.instagram.com\/talkpal_ai\/","https:\/\/www.crunchbase.com\/organization\/talkpal-9cde","https:\/\/www.g2.com\/products\/talkpal-for-business\/","https:\/\/www.trustpilot.com\/review\/talkpal.ai","https:\/\/www.capterra.com\/p\/10006800\/TalkPal\/"],"description":"Talkpal is a language learning web and mobile education app, powered by the latest AI technologies, that provides engaging experiences to its customers in many different languages to help them improve their language skills. Users can chat about unlimited amount of topics with the app and use other modes to practice their language learning.","email":"support@talkpal.ai","legalName":"Talkpal, Inc.","foundingDate":"2023-04-03","duns":"118989042","numberOfEmployees":{"@type":"QuantitativeValue","minValue":"11","maxValue":"50"},"publishingPrinciples":"https:\/\/talkpal.ai\/publishing-principles\/","actionableFeedbackPolicy":"https:\/\/talkpal.ai\/actionable-feedback-policy\/","correctionsPolicy":"https:\/\/talkpal.ai\/corrections-policy\/","ethicsPolicy":"https:\/\/talkpal.ai\/ethics-policy\/","diversityPolicy":"https:\/\/talkpal.ai\/diversity-policy\/","diversityStaffingReport":"https:\/\/talkpal.ai\/diversity-policy\/"}]}},"_links":{"self":[{"href":"https:\/\/talkpal.ai\/sk\/wp-json\/wp\/v2\/pages\/150710","targetHints":{"allow":["GET"]}}],"collection":[{"href":"https:\/\/talkpal.ai\/sk\/wp-json\/wp\/v2\/pages"}],"about":[{"href":"https:\/\/talkpal.ai\/sk\/wp-json\/wp\/v2\/types\/page"}],"author":[{"embeddable":true,"href":"https:\/\/talkpal.ai\/sk\/wp-json\/wp\/v2\/users\/1"}],"replies":[{"embeddable":true,"href":"https:\/\/talkpal.ai\/sk\/wp-json\/wp\/v2\/comments?post=150710"}],"version-history":[{"count":0,"href":"https:\/\/talkpal.ai\/sk\/wp-json\/wp\/v2\/pages\/150710\/revisions"}],"wp:featuredmedia":[{"embeddable":true,"href":"https:\/\/talkpal.ai\/sk\/wp-json\/wp\/v2\/media\/119745"}],"wp:attachment":[{"href":"https:\/\/talkpal.ai\/sk\/wp-json\/wp\/v2\/media?parent=150710"}],"curies":[{"name":"wp","href":"https:\/\/api.w.org\/{rel}","templated":true}]}}