{"id":149739,"date":"2023-05-14T14:19:26","date_gmt":"2023-05-14T14:19:26","guid":{"rendered":"http:\/\/talkpal.ai\/srbska-gramatika\/"},"modified":"2025-12-17T15:36:29","modified_gmt":"2025-12-17T15:36:29","slug":"srbska-gramatika","status":"publish","type":"page","link":"https:\/\/talkpal.ai\/sk\/srbska-gramatika\/","title":{"rendered":"Srbsk\u00e1 gramatika"},"content":{"rendered":"\r\n\r\n\r\n<section class=\"languageChallengeSection\">\r\n    <div class=\"languageInfoWrapper\">\r\n        \r\n        <h1>Srbsk\u00e1 gramatika<\/h1>\r\n        <p>Za\u010dnite svoje dobrodru\u017estvo s rusk\u00fdm jazykom a otvorte si dvere do bohatej kult\u00fary a hist\u00f3rie. Zvl\u00e1dnutie ruskej gramatiky a slovnej z\u00e1soby zlep\u0161\u00ed va\u0161e mo\u017enosti cestovania, kari\u00e9ry a komunik\u00e1cie. Za\u010dnite sa u\u010di\u0165 ru\u0161tinu e\u0161te dnes a urobte prv\u00fd krok k jej ovl\u00e1daniu!\n\n<\/p>\r\n\r\n                            <a class=\"getStartedHidden\" href=\"https:\/\/app.talkpal.ai\/sk\/signup?lng=\">Za\u010dni<\/a>\r\n        \r\n    <\/div>\r\n\r\n    <figure>\r\n    <img decoding=\"async\" width=\"768\" height=\"768\" src=\"https:\/\/talkpal.ai\/wp-content\/uploads\/2023\/06\/serbian-768x768.png\" class=\"languageImage no-lazy\" alt=\"Fast-track to fluency with language learning\" fetchpriority=\"high\" sizes=\"(max-width: 768px) 150px, 768px\" srcset=\"https:\/\/talkpal.ai\/wp-content\/uploads\/2023\/06\/serbian-768x768.png 768w, https:\/\/talkpal.ai\/wp-content\/uploads\/2023\/06\/serbian-300x300.png 300w\" \/>\r\n    \r\n\r\n    <\/figure>\r\n\r\n            <a class=\"getStartedVisible\" href=\"https:\/\/app.talkpal.ai\/sk\/signup?lng=\">Za\u010dni<\/a>\r\n    \r\n<\/section>\r\n<section class=\"promotionalBanner\">\r\n    <p class=\"promotionalText\">Najefekt\u00edvnej\u0161\u00ed sp\u00f4sob, ako sa nau\u010di\u0165 jazyk<\/p>\r\n    <a class=\"promotionalLink\" href=\"https:\/\/app.talkpal.ai\/sk\/signup?lng=\">Vysk\u00fa\u0161ajte Talkpal zadarmo<\/a>\r\n<\/section>\n<div class=\"wp-block-group pageContainerStyle\"><div class=\"wp-block-group__inner-container is-layout-constrained wp-block-group-is-layout-constrained\">\n<h1 class=\"wp-block-heading\" id=\"h-serbian-grammar-unraveling-the-intricacies-of-the-south-slavic-language\">Srbsk\u00e1 gramatika: Odhalenie zlo\u017eitosti juhoslovansk\u00e9ho jazyka<\/h1>\n\n\n\n<p>V\u00fdzva v\u0161etk\u00fdm jazykov\u00fdm nad\u0161encom a milovn\u00edkom Balk\u00e1nu! U\u017e ste niekedy uva\u017eovali o ponoren\u00ed sa do sveta srbskej gramatiky? <a href=\"https:\/\/talkpal.ai\/learn-serbian\/\">Srb\u010dina<\/a>, juhoslovansk\u00fd jazyk, je \u00faradn\u00fdm jazykom Srbska a jedn\u00fdm z \u00faradn\u00fdch jazykov Bosny a Hercegoviny. S pribli\u017ene 9 mili\u00f3nmi roden\u00fdch hovorcov tento zauj\u00edmav\u00fd jazyk zdie\u013ea podobnosti s chorv\u00e1t\u010dinou, bosnian\u010dinou a \u010diernohor\u010dinou, ale m\u00f4\u017ee sa pochv\u00e1li\u0165 charakteristick\u00fdmi \u010drtami, ktor\u00e9 ho odli\u0161uj\u00fa. V tomto \u010dl\u00e1nku presk\u00famame fascinuj\u00face aspekty srbskej gramatiky.<\/p>\n\n\n\n<h3 class=\"wp-block-heading\" id=\"h-the-dual-alphabet-cyrillic-and-latin\">Du\u00e1lna abeceda: cyrilika a latinka<\/h3>\n\n\n\n<p>Jednou z prv\u00fdch vec\u00ed, ktor\u00fa si na srb\u010dine v\u0161imnete, je pou\u017e\u00edvanie dvoch abecied: Cyrilika a latinka. Srbsk\u00e1 cyrilika s 30 p\u00edsmenami bola \u0161tandardizovan\u00e1 lingvistom Vukom Karad\u017ei\u0107om v roku 1818 a je ofici\u00e1lnou abecedou krajiny. Latinsk\u00e1 abeceda, ktor\u00e1 sa tie\u017e sklad\u00e1 z 30 p\u00edsmen, je v\u0161ak \u0161iroko pou\u017e\u00edvan\u00e1, najm\u00e4 pre digit\u00e1lnu komunik\u00e1ciu a neform\u00e1lne kontexty. Pou\u017eitie dvoch abecedy d\u00e1va srb\u010dine jedine\u010dn\u00fd, v\u0161estrann\u00fd charakter.<\/p>\n\n\n\n<h3 class=\"wp-block-heading\" id=\"h-the-building-blocks-nouns-pronouns-and-cases\">Stavebn\u00e9 kamene: podstatn\u00e9 men\u00e1, z\u00e1men\u00e1 a p\u00e1dy<\/h3>\n\n\n\n<p>Rovnako ako in\u00e9 slovansk\u00e9 <a href=\"https:\/\/talkpal.ai\/what-language-is-spoken-on-the-international-space-station\/\">jazyky<\/a>, <a href=\"https:\/\/talkpal.ai\/serbian-grammar\/\">srbsk\u00e1 gramatika<\/a> sa to\u010d\u00ed okolo sklo\u0148ovania, kde slov\u00e1 menia svoje koncovky pod\u013ea svojej gramatickej funkcie. Najzrete\u013enej\u0161ie je to pri podstatn\u00fdch men\u00e1ch, z\u00e1men\u00e1ch a pr\u00eddavn\u00fdch men\u00e1ch. Srb\u010dina m\u00e1 sedem pr\u00edpadov:<\/p>\n\n\n\n<p><strong>1. Nominat\u00edv &#8211; ozna\u010duje predmet vety<\/strong><\/p>\n\n\n\n<p><strong>2. Genit\u00edv &#8211; vyjadruje vlastn\u00edctvo, predmet neg\u00e1cie alebo partit\u00edvny v\u00fdznam<\/strong><\/p>\n\n\n\n<p><strong>3. Dat\u00edv &#8211; ozna\u010duje nepriamy predmet<\/strong><\/p>\n\n\n\n<p><strong>4. Akuzat\u00edv &#8211; ozna\u010duje priamy predmet<\/strong><\/p>\n\n\n\n<p><strong>5. Vokat\u00edv &#8211; pou\u017e\u00edva sa na oslovenie alebo privolanie niekoho<\/strong><\/p>\n\n\n\n<p><strong>6. In\u0161trument\u00e1l &#8211; vyjadruje prostriedok alebo sp\u00f4sob \u010dinnosti<\/strong><\/p>\n\n\n\n<p><strong>7. Lokat\u00edv &#8211; ur\u010duje miesto alebo predmet ur\u010dit\u00fdch predlo\u017eiek<\/strong><\/p>\n\n\n\n<p>Srbsk\u00e9 podstatn\u00e9 men\u00e1 maj\u00fa tri rody (mu\u017esk\u00fd, \u017eensk\u00fd a kastrovan\u00fd) a dve \u010d\u00edsla (jednotn\u00e9 a mno\u017en\u00e9 \u010d\u00edslo). \u0160pecifick\u00e9 koncovky pre jednotliv\u00e9 rody a \u010d\u00edsla sa l\u00ed\u0161ia v z\u00e1vislosti od p\u00e1du, preto je nevyhnutn\u00e9 zapam\u00e4ta\u0165 si tieto koncovky, aby ste mohli vytvori\u0165 gramaticky spr\u00e1vne vety.<\/p>\n\n\n\n<h3 class=\"wp-block-heading\" id=\"h-get-moving-with-verbs-tenses-aspects-and-moods\">Rozh\u00fdbte sa pomocou slovies: \u010dasy, aspekty a n\u00e1lady<\/h3>\n\n\n\n<p>Srbsk\u00e9 sloves\u00e1 vykazuj\u00fa fascinuj\u00facu zlo\u017eitos\u0165 svojimi \u010dasmi (minulos\u0165, pr\u00edtomnos\u0165 a bud\u00facnos\u0165), aspektmi (dokonal\u00fdmi a nedokonal\u00fdmi) a n\u00e1ladami (indika\u010dn\u00fdmi, imperat\u00edvnymi a podmienen\u00fdmi). Aspekt hr\u00e1 v\u00fdznamn\u00fa \u00falohu v srbsk\u00fdch sloves\u00e1ch, preto\u017ee vyjadruje, \u010di sa akcia pova\u017euje za dokon\u010den\u00fa (dokonav\u00fa) alebo prebiehaj\u00facu (nedokonal\u00fa). Mnoh\u00e9 sloves\u00e1 prich\u00e1dzaj\u00fa v p\u00e1roch, ktor\u00e9 ozna\u010duj\u00fa r\u00f4zne aspekty, \u010dasto pomocou \u0161pecifick\u00fdch predp\u00f4n alebo pr\u00edpon.<\/p>\n\n\n\n<h3 class=\"wp-block-heading\" id=\"h-adjectives-adverbs-and-all-that-jazz\">Pr\u00eddavn\u00e9 men\u00e1, pr\u00edslovky a v\u0161etok ten jazz<\/h3>\n\n\n\n<p>Srbsk\u00e9 pr\u00eddavn\u00e9 men\u00e1 s\u00fahlasia s podstatn\u00fdmi menami, ktor\u00e9 upravuj\u00fa z h\u013eadiska pohlavia, \u010d\u00edsla a p\u00e1du. Maj\u00fa tie\u017e porovn\u00e1vacie a superlat\u00edvne formy na vyjadrenie r\u00f4znych stup\u0148ov kval\u00edt. Okrem toho s\u00fa pr\u00edslovky \u010dasto odvoden\u00e9 z pr\u00eddavn\u00fdch mien a vyjadruj\u00fa r\u00f4zne v\u00fdznamy, ako je \u010das, sp\u00f4sob, miesto a stupe\u0148.<\/p>\n\n\n\n<p>Srbsk\u00fd jazyk sa tie\u017e m\u00f4\u017ee pochv\u00e1li\u0165 mno\u017estvom spojok, predlo\u017eiek, \u010d\u00edslic a \u010dast\u00edc, ktor\u00e9 prispievaj\u00fa ku kr\u00e1se jazyka a pom\u00e1haj\u00fa vytv\u00e1ra\u0165 zlo\u017eit\u00e9, zmyslupln\u00e9 vety.<\/p>\n\n\n\n<h3 class=\"wp-block-heading\" id=\"h-embracing-the-world-of-serbian-grammar\">Prijatie sveta srbskej gramatiky<\/h3>\n\n\n\n<p><a href=\"https:\/\/talkpal.ai\/serbian-grammar\/\">Srbsk\u00e1 gramatika<\/a> sa m\u00f4\u017ee na prv\u00fd poh\u013ead zda\u0165 ohromuj\u00faca. Ke\u010f v\u0161ak preniknete hlb\u0161ie do jeho bohatej krajiny pr\u00edpadov, aspektov a jazykov\u00fdch zvl\u00e1\u0161tnost\u00ed, objav\u00edte \u017eiv\u00fd a expres\u00edvny jazyk. <a href=\"https:\/\/talkpal.ai\/sk\/ucenie\/\">U\u010denie sa<\/a> srbsk\u00e9ho jazyka nielen zdokonal\u00ed va\u0161e ch\u00e1panie slovanskej jazykovej rodiny, ale tie\u017e v\u00e1m pom\u00f4\u017ee spoji\u0165 sa s podmanivou hist\u00f3riou a kult\u00farou.<\/p>\n\n\n\n<p>Pre\u010do teda neprija\u0165 v\u00fdzvu \u010falej sk\u00fama\u0165 srbsk\u00fa gramatiku? S vytrvalos\u0165ou a v\u00e1\u0161\u0148ou sa jedn\u00e9ho d\u0148a mo\u017eno ocitnete na prech\u00e1dzke ulicami Belehradu a zapoj\u00edte sa do \u017eiv\u00fdch rozhovorov s miestnymi obyvate\u013emi v ich rodnom jazyku. \u0160\u0165astn\u00e9 u\u010denie!<\/p>\n<\/div><\/div>\n\r\n<section class=\"learnNavigationSection\">\r\n            \r\n        <a href=\"https:\/\/talkpal.ai\/sk\/naucte-sa-srbsky\/\">\r\n            <div class=\"learnNavigationWrapper\">\r\n                <div class=\"learnNavigationContent\">\r\n                    <img decoding=\"async\" src=\"https:\/\/talkpal.ai\/wp-content\/uploads\/2024\/08\/Serbian.jpg\" alt=\"Serbian Flag\">\r\n                    <div>\r\n                        <h4>O vzdel\u00e1van\u00ed v Srbsku<\/h4>\r\n                        <p>Zistite v\u0161etko o gramatike Srbsko.<\/p>\r\n                    <\/div>\r\n                <\/div>\r\n            <\/div>\r\n        <\/a>\r\n\r\n        \r\n        <a href=\"https:\/\/talkpal.ai\/sk\/srbske-gramaticke-cvicenia\/\">\r\n            <div class=\"learnNavigationWrapper\">\r\n                <div class=\"learnNavigationContent\">\r\n                    <img decoding=\"async\" src=\"https:\/\/talkpal.ai\/wp-content\/uploads\/2024\/08\/Serbian.jpg\" alt=\"Serbian Flag\">\r\n                    <div>\r\n                        <h4>Cvi\u010denie zo srbskej gramatiky<\/h4>\r\n                        <p>Precvi\u010dte si srbsk\u00fa gramatiku.<\/p>\r\n                    <\/div>\r\n                <\/div>\r\n            <\/div>\r\n        <\/a>\r\n\r\n        \r\n        <a href=\"https:\/\/talkpal.ai\/vocabulary_language\/serbian\/\">\r\n            <div class=\"learnNavigationWrapper\">\r\n                <div class=\"learnNavigationContent\">\r\n                    <img decoding=\"async\" src=\"https:\/\/talkpal.ai\/wp-content\/uploads\/2024\/08\/Serbian.jpg\" alt=\"Serbian Flag\">\r\n                    <div>\r\n                        <h4>Srbsk\u00e1 slovn\u00e1 z\u00e1soba<\/h4>\r\n                        <p>Roz\u0161\u00edrte si slovn\u00fa z\u00e1sobu srb\u010diny.<\/p>\r\n                    <\/div>\r\n                <\/div>\r\n            <\/div>\r\n        <\/a>\r\n\r\n            <\/section>","protected":false},"excerpt":{"rendered":"<p>Srbsk\u00e1 gramatika: Odhalenie zlo\u017eitosti juhoslovansk\u00e9ho jazyka V\u00fdzva v\u0161etk\u00fdm jazykov\u00fdm nad\u0161encom a milovn\u00edkom Balk\u00e1nu! U\u017e ste niekedy uva\u017eovali o ponoren\u00ed sa do sveta srbskej gramatiky? Srb\u010dina, juhoslovansk\u00fd jazyk, je \u00faradn\u00fdm jazykom Srbska a jedn\u00fdm z \u00faradn\u00fdch jazykov Bosny a Hercegoviny. S pribli\u017ene 9 mili\u00f3nmi roden\u00fdch hovorcov tento zauj\u00edmav\u00fd jazyk zdie\u013ea podobnosti s chorv\u00e1t\u010dinou, bosnian\u010dinou a \u010diernohor\u010dinou, [&hellip;]<\/p>\n","protected":false},"author":1,"featured_media":118260,"parent":0,"menu_order":0,"comment_status":"closed","ping_status":"closed","template":"LearningContentPage.php","meta":{"_acf_changed":false,"footnotes":""},"class_list":["post-149739","page","type-page","status-publish","has-post-thumbnail","hentry"],"acf":[],"yoast_head":"<!-- This site is optimized with the Yoast SEO Premium plugin v27.2 (Yoast SEO v27.2) - https:\/\/yoast.com\/product\/yoast-seo-premium-wordpress\/ -->\n<title>Srbsk\u00e1 gramatika - Talkpal<\/title>\n<meta name=\"description\" content=\"Presk\u00famajte zlo\u017eitos\u0165 srbskej gramatiky a objavte jedine\u010dn\u00e9 \u010drty, ktor\u00e9 ju odli\u0161uj\u00fa od ostatn\u00fdch balk\u00e1nskych jazykov.\" \/>\n<meta name=\"robots\" content=\"index, follow, max-snippet:-1, max-image-preview:large, max-video-preview:-1\" \/>\n<link rel=\"canonical\" href=\"https:\/\/talkpal.ai\/sk\/srbska-gramatika\/\" \/>\n<meta property=\"og:locale\" content=\"sk_SK\" \/>\n<meta property=\"og:type\" content=\"article\" \/>\n<meta property=\"og:title\" content=\"Srbsk\u00e1 gramatika\" \/>\n<meta property=\"og:description\" content=\"Srbsk\u00e1 gramatika: Odhalenie zlo\u017eitosti juhoslovansk\u00e9ho jazyka V\u00fdzva v\u0161etk\u00fdm jazykov\u00fdm nad\u0161encom a milovn\u00edkom Balk\u00e1nu! U\u017e ste niekedy uva\u017eovali o ponoren\u00ed\" \/>\n<meta property=\"og:url\" content=\"https:\/\/talkpal.ai\/sk\/srbska-gramatika\/\" \/>\n<meta property=\"og:site_name\" content=\"Talkpal\" \/>\n<meta property=\"article:publisher\" content=\"https:\/\/www.facebook.com\/profile.php?id=100090733639311\" \/>\n<meta property=\"article:modified_time\" content=\"2025-12-17T15:36:29+00:00\" \/>\n<meta property=\"og:image\" content=\"https:\/\/talkpal.ai\/wp-content\/uploads\/2023\/05\/serbia.png\" \/>\n\t<meta property=\"og:image:width\" content=\"512\" \/>\n\t<meta property=\"og:image:height\" content=\"512\" \/>\n\t<meta property=\"og:image:type\" content=\"image\/png\" \/>\n<meta name=\"twitter:card\" content=\"summary_large_image\" \/>\n<meta name=\"twitter:site\" content=\"@talkpalai\" \/>\n<meta name=\"twitter:label1\" content=\"Predpokladan\u00fd \u010das \u010d\u00edtania\" \/>\n\t<meta name=\"twitter:data1\" content=\"3 min\u00faty\" \/>\n<script type=\"application\/ld+json\" class=\"yoast-schema-graph\">{\"@context\":\"https:\/\/schema.org\",\"@graph\":[{\"@type\":\"WebPage\",\"@id\":\"https:\/\/talkpal.ai\/sk\/srbska-gramatika\/\",\"url\":\"https:\/\/talkpal.ai\/sk\/srbska-gramatika\/\",\"name\":\"Srbsk\u00e1 gramatika - Talkpal\",\"isPartOf\":{\"@id\":\"https:\/\/talkpal.ai\/sk\/#website\"},\"primaryImageOfPage\":{\"@id\":\"https:\/\/talkpal.ai\/sk\/srbska-gramatika\/#primaryimage\"},\"image\":{\"@id\":\"https:\/\/talkpal.ai\/sk\/srbska-gramatika\/#primaryimage\"},\"thumbnailUrl\":\"https:\/\/talkpal.ai\/wp-content\/uploads\/2023\/05\/serbia.png\",\"datePublished\":\"2023-05-14T14:19:26+00:00\",\"dateModified\":\"2025-12-17T15:36:29+00:00\",\"description\":\"Presk\u00famajte zlo\u017eitos\u0165 srbskej gramatiky a objavte jedine\u010dn\u00e9 \u010drty, ktor\u00e9 ju odli\u0161uj\u00fa od ostatn\u00fdch balk\u00e1nskych jazykov.\",\"breadcrumb\":{\"@id\":\"https:\/\/talkpal.ai\/sk\/srbska-gramatika\/#breadcrumb\"},\"inLanguage\":\"sk-SK\",\"potentialAction\":[{\"@type\":\"ReadAction\",\"target\":[\"https:\/\/talkpal.ai\/sk\/srbska-gramatika\/\"]}]},{\"@type\":\"ImageObject\",\"inLanguage\":\"sk-SK\",\"@id\":\"https:\/\/talkpal.ai\/sk\/srbska-gramatika\/#primaryimage\",\"url\":\"https:\/\/talkpal.ai\/wp-content\/uploads\/2023\/05\/serbia.png\",\"contentUrl\":\"https:\/\/talkpal.ai\/wp-content\/uploads\/2023\/05\/serbia.png\",\"width\":512,\"height\":512},{\"@type\":\"BreadcrumbList\",\"@id\":\"https:\/\/talkpal.ai\/sk\/srbska-gramatika\/#breadcrumb\",\"itemListElement\":[{\"@type\":\"ListItem\",\"position\":1,\"name\":\"Homepage\",\"item\":\"https:\/\/talkpal.ai\/sk\/\"},{\"@type\":\"ListItem\",\"position\":2,\"name\":\"Srbsk\u00e1 gramatika\"}]},{\"@type\":\"WebSite\",\"@id\":\"https:\/\/talkpal.ai\/sk\/#website\",\"url\":\"https:\/\/talkpal.ai\/sk\/\",\"name\":\"Talkpal\",\"description\":\"AI Language Learning\",\"publisher\":{\"@id\":\"https:\/\/talkpal.ai\/sk\/#organization\"},\"alternateName\":\"Talkpal AI\",\"potentialAction\":[{\"@type\":\"SearchAction\",\"target\":{\"@type\":\"EntryPoint\",\"urlTemplate\":\"https:\/\/talkpal.ai\/sk\/?s={search_term_string}\"},\"query-input\":{\"@type\":\"PropertyValueSpecification\",\"valueRequired\":true,\"valueName\":\"search_term_string\"}}],\"inLanguage\":\"sk-SK\"},{\"@type\":\"Organization\",\"@id\":\"https:\/\/talkpal.ai\/sk\/#organization\",\"name\":\"Talkpal, Inc.\",\"alternateName\":\"Talkpal AI\",\"url\":\"https:\/\/talkpal.ai\/sk\/\",\"logo\":{\"@type\":\"ImageObject\",\"inLanguage\":\"sk-SK\",\"@id\":\"https:\/\/talkpal.ai\/sk\/#\/schema\/logo\/image\/\",\"url\":\"https:\/\/talkpal.ai\/wp-content\/uploads\/2024\/03\/Talkpal-Logo-Icon.png\",\"contentUrl\":\"https:\/\/talkpal.ai\/wp-content\/uploads\/2024\/03\/Talkpal-Logo-Icon.png\",\"width\":2880,\"height\":2880,\"caption\":\"Talkpal, Inc.\"},\"image\":{\"@id\":\"https:\/\/talkpal.ai\/sk\/#\/schema\/logo\/image\/\"},\"sameAs\":[\"https:\/\/www.facebook.com\/profile.php?id=100090733639311\",\"https:\/\/x.com\/talkpalai\",\"https:\/\/www.linkedin.com\/company\/talkpal\/\",\"https:\/\/www.youtube.com\/@TalkPal\/\",\"https:\/\/www.tiktok.com\/@talkpal\",\"https:\/\/www.instagram.com\/talkpal_ai\/\",\"https:\/\/www.crunchbase.com\/organization\/talkpal-9cde\",\"https:\/\/www.g2.com\/products\/talkpal-for-business\/\",\"https:\/\/www.trustpilot.com\/review\/talkpal.ai\",\"https:\/\/www.capterra.com\/p\/10006800\/TalkPal\/\"],\"description\":\"Talkpal is a language learning web and mobile education app, powered by the latest AI technologies, that provides engaging experiences to its customers in many different languages to help them improve their language skills. Users can chat about unlimited amount of topics with the app and use other modes to practice their language learning.\",\"email\":\"support@talkpal.ai\",\"legalName\":\"Talkpal, Inc.\",\"foundingDate\":\"2023-04-03\",\"duns\":\"118989042\",\"numberOfEmployees\":{\"@type\":\"QuantitativeValue\",\"minValue\":\"11\",\"maxValue\":\"50\"},\"publishingPrinciples\":\"https:\/\/talkpal.ai\/publishing-principles\/\",\"actionableFeedbackPolicy\":\"https:\/\/talkpal.ai\/actionable-feedback-policy\/\",\"correctionsPolicy\":\"https:\/\/talkpal.ai\/corrections-policy\/\",\"ethicsPolicy\":\"https:\/\/talkpal.ai\/ethics-policy\/\",\"diversityPolicy\":\"https:\/\/talkpal.ai\/diversity-policy\/\",\"diversityStaffingReport\":\"https:\/\/talkpal.ai\/diversity-policy\/\"}]}<\/script>\n<!-- \/ Yoast SEO Premium plugin. -->","yoast_head_json":{"title":"Srbsk\u00e1 gramatika - Talkpal","description":"Presk\u00famajte zlo\u017eitos\u0165 srbskej gramatiky a objavte jedine\u010dn\u00e9 \u010drty, ktor\u00e9 ju odli\u0161uj\u00fa od ostatn\u00fdch balk\u00e1nskych jazykov.","robots":{"index":"index","follow":"follow","max-snippet":"max-snippet:-1","max-image-preview":"max-image-preview:large","max-video-preview":"max-video-preview:-1"},"canonical":"https:\/\/talkpal.ai\/sk\/srbska-gramatika\/","og_locale":"sk_SK","og_type":"article","og_title":"Srbsk\u00e1 gramatika","og_description":"Srbsk\u00e1 gramatika: Odhalenie zlo\u017eitosti juhoslovansk\u00e9ho jazyka V\u00fdzva v\u0161etk\u00fdm jazykov\u00fdm nad\u0161encom a milovn\u00edkom Balk\u00e1nu! U\u017e ste niekedy uva\u017eovali o ponoren\u00ed","og_url":"https:\/\/talkpal.ai\/sk\/srbska-gramatika\/","og_site_name":"Talkpal","article_publisher":"https:\/\/www.facebook.com\/profile.php?id=100090733639311","article_modified_time":"2025-12-17T15:36:29+00:00","og_image":[{"width":512,"height":512,"url":"https:\/\/talkpal.ai\/wp-content\/uploads\/2023\/05\/serbia.png","type":"image\/png"}],"twitter_card":"summary_large_image","twitter_site":"@talkpalai","twitter_misc":{"Predpokladan\u00fd \u010das \u010d\u00edtania":"3 min\u00faty"},"schema":{"@context":"https:\/\/schema.org","@graph":[{"@type":"WebPage","@id":"https:\/\/talkpal.ai\/sk\/srbska-gramatika\/","url":"https:\/\/talkpal.ai\/sk\/srbska-gramatika\/","name":"Srbsk\u00e1 gramatika - Talkpal","isPartOf":{"@id":"https:\/\/talkpal.ai\/sk\/#website"},"primaryImageOfPage":{"@id":"https:\/\/talkpal.ai\/sk\/srbska-gramatika\/#primaryimage"},"image":{"@id":"https:\/\/talkpal.ai\/sk\/srbska-gramatika\/#primaryimage"},"thumbnailUrl":"https:\/\/talkpal.ai\/wp-content\/uploads\/2023\/05\/serbia.png","datePublished":"2023-05-14T14:19:26+00:00","dateModified":"2025-12-17T15:36:29+00:00","description":"Presk\u00famajte zlo\u017eitos\u0165 srbskej gramatiky a objavte jedine\u010dn\u00e9 \u010drty, ktor\u00e9 ju odli\u0161uj\u00fa od ostatn\u00fdch balk\u00e1nskych jazykov.","breadcrumb":{"@id":"https:\/\/talkpal.ai\/sk\/srbska-gramatika\/#breadcrumb"},"inLanguage":"sk-SK","potentialAction":[{"@type":"ReadAction","target":["https:\/\/talkpal.ai\/sk\/srbska-gramatika\/"]}]},{"@type":"ImageObject","inLanguage":"sk-SK","@id":"https:\/\/talkpal.ai\/sk\/srbska-gramatika\/#primaryimage","url":"https:\/\/talkpal.ai\/wp-content\/uploads\/2023\/05\/serbia.png","contentUrl":"https:\/\/talkpal.ai\/wp-content\/uploads\/2023\/05\/serbia.png","width":512,"height":512},{"@type":"BreadcrumbList","@id":"https:\/\/talkpal.ai\/sk\/srbska-gramatika\/#breadcrumb","itemListElement":[{"@type":"ListItem","position":1,"name":"Homepage","item":"https:\/\/talkpal.ai\/sk\/"},{"@type":"ListItem","position":2,"name":"Srbsk\u00e1 gramatika"}]},{"@type":"WebSite","@id":"https:\/\/talkpal.ai\/sk\/#website","url":"https:\/\/talkpal.ai\/sk\/","name":"Talkpal","description":"AI Language Learning","publisher":{"@id":"https:\/\/talkpal.ai\/sk\/#organization"},"alternateName":"Talkpal AI","potentialAction":[{"@type":"SearchAction","target":{"@type":"EntryPoint","urlTemplate":"https:\/\/talkpal.ai\/sk\/?s={search_term_string}"},"query-input":{"@type":"PropertyValueSpecification","valueRequired":true,"valueName":"search_term_string"}}],"inLanguage":"sk-SK"},{"@type":"Organization","@id":"https:\/\/talkpal.ai\/sk\/#organization","name":"Talkpal, Inc.","alternateName":"Talkpal AI","url":"https:\/\/talkpal.ai\/sk\/","logo":{"@type":"ImageObject","inLanguage":"sk-SK","@id":"https:\/\/talkpal.ai\/sk\/#\/schema\/logo\/image\/","url":"https:\/\/talkpal.ai\/wp-content\/uploads\/2024\/03\/Talkpal-Logo-Icon.png","contentUrl":"https:\/\/talkpal.ai\/wp-content\/uploads\/2024\/03\/Talkpal-Logo-Icon.png","width":2880,"height":2880,"caption":"Talkpal, Inc."},"image":{"@id":"https:\/\/talkpal.ai\/sk\/#\/schema\/logo\/image\/"},"sameAs":["https:\/\/www.facebook.com\/profile.php?id=100090733639311","https:\/\/x.com\/talkpalai","https:\/\/www.linkedin.com\/company\/talkpal\/","https:\/\/www.youtube.com\/@TalkPal\/","https:\/\/www.tiktok.com\/@talkpal","https:\/\/www.instagram.com\/talkpal_ai\/","https:\/\/www.crunchbase.com\/organization\/talkpal-9cde","https:\/\/www.g2.com\/products\/talkpal-for-business\/","https:\/\/www.trustpilot.com\/review\/talkpal.ai","https:\/\/www.capterra.com\/p\/10006800\/TalkPal\/"],"description":"Talkpal is a language learning web and mobile education app, powered by the latest AI technologies, that provides engaging experiences to its customers in many different languages to help them improve their language skills. Users can chat about unlimited amount of topics with the app and use other modes to practice their language learning.","email":"support@talkpal.ai","legalName":"Talkpal, Inc.","foundingDate":"2023-04-03","duns":"118989042","numberOfEmployees":{"@type":"QuantitativeValue","minValue":"11","maxValue":"50"},"publishingPrinciples":"https:\/\/talkpal.ai\/publishing-principles\/","actionableFeedbackPolicy":"https:\/\/talkpal.ai\/actionable-feedback-policy\/","correctionsPolicy":"https:\/\/talkpal.ai\/corrections-policy\/","ethicsPolicy":"https:\/\/talkpal.ai\/ethics-policy\/","diversityPolicy":"https:\/\/talkpal.ai\/diversity-policy\/","diversityStaffingReport":"https:\/\/talkpal.ai\/diversity-policy\/"}]}},"_links":{"self":[{"href":"https:\/\/talkpal.ai\/sk\/wp-json\/wp\/v2\/pages\/149739","targetHints":{"allow":["GET"]}}],"collection":[{"href":"https:\/\/talkpal.ai\/sk\/wp-json\/wp\/v2\/pages"}],"about":[{"href":"https:\/\/talkpal.ai\/sk\/wp-json\/wp\/v2\/types\/page"}],"author":[{"embeddable":true,"href":"https:\/\/talkpal.ai\/sk\/wp-json\/wp\/v2\/users\/1"}],"replies":[{"embeddable":true,"href":"https:\/\/talkpal.ai\/sk\/wp-json\/wp\/v2\/comments?post=149739"}],"version-history":[{"count":0,"href":"https:\/\/talkpal.ai\/sk\/wp-json\/wp\/v2\/pages\/149739\/revisions"}],"wp:featuredmedia":[{"embeddable":true,"href":"https:\/\/talkpal.ai\/sk\/wp-json\/wp\/v2\/media\/118260"}],"wp:attachment":[{"href":"https:\/\/talkpal.ai\/sk\/wp-json\/wp\/v2\/media?parent=149739"}],"curies":[{"name":"wp","href":"https:\/\/api.w.org\/{rel}","templated":true}]}}