{"id":149301,"date":"2023-05-14T14:19:07","date_gmt":"2023-05-14T14:19:07","guid":{"rendered":"http:\/\/talkpal.ai\/rumunska-gramatika\/"},"modified":"2025-12-17T15:34:19","modified_gmt":"2025-12-17T15:34:19","slug":"rumunska-gramatika","status":"publish","type":"page","link":"https:\/\/talkpal.ai\/sk\/rumunska-gramatika\/","title":{"rendered":"Rumunsk\u00e1 gramatika"},"content":{"rendered":"\r\n\r\n\r\n<section class=\"languageChallengeSection\">\r\n    <div class=\"languageInfoWrapper\">\r\n        \r\n        <h1>Rumunsk\u00e1 gramatika<\/h1>\r\n        <p>Odha\u013ete kr\u00e1su rumunsk\u00e9ho jazyka t\u00fdm, \u017ee sa nau\u010d\u00edte jeho z\u00e1kladn\u00e9 gramatick\u00e9 pravidl\u00e1. Zvl\u00e1dnutie rumunskej gramatiky v\u00e1m pom\u00f4\u017ee sebavedomo komunikova\u0165 a spozna\u0165 bohat\u00fa kult\u00faru a hist\u00f3riu Rumunska. Za\u010dnite \u0161tudova\u0165 rumunsk\u00fa gramatiku e\u0161te dnes a urobte prv\u00fd krok k plynulosti!<\/p>\r\n\r\n                            <a class=\"getStartedHidden\" href=\"https:\/\/app.talkpal.ai\/sk\/signup?lng=\">Za\u010dni<\/a>\r\n        \r\n    <\/div>\r\n\r\n    <figure>\r\n    <img decoding=\"async\" width=\"768\" height=\"768\" src=\"https:\/\/talkpal.ai\/wp-content\/uploads\/2023\/06\/romanian-768x768.png\" class=\"languageImage no-lazy\" alt=\"Language learning for intellectual challenge\" fetchpriority=\"high\" sizes=\"(max-width: 768px) 150px, 768px\" srcset=\"https:\/\/talkpal.ai\/wp-content\/uploads\/2023\/06\/romanian-768x768.png 768w, https:\/\/talkpal.ai\/wp-content\/uploads\/2023\/06\/romanian-300x300.png 300w\" \/>\r\n    \r\n\r\n    <\/figure>\r\n\r\n            <a class=\"getStartedVisible\" href=\"https:\/\/app.talkpal.ai\/sk\/signup?lng=\">Za\u010dni<\/a>\r\n    \r\n<\/section>\r\n<section class=\"promotionalBanner\">\r\n    <p class=\"promotionalText\">Najefekt\u00edvnej\u0161\u00ed sp\u00f4sob, ako sa nau\u010di\u0165 jazyk<\/p>\r\n    <a class=\"promotionalLink\" href=\"https:\/\/app.talkpal.ai\/sk\/signup?lng=\">Vysk\u00fa\u0161ajte Talkpal zadarmo<\/a>\r\n<\/section>\n<div class=\"wp-block-group pageContainerStyle\"><div class=\"wp-block-group__inner-container is-layout-constrained wp-block-group-is-layout-constrained\">\n<h2 class=\"wp-block-heading\" id=\"h-unraveling-the-mysteries-of-romanian-grammar\">Odhalenie tajomstiev rumunskej gramatiky<\/h2>\n\n\n\n<p><a href=\"https:\/\/talkpal.ai\/learn-romanian\/\">Rumun\u010dina<\/a>, jedin\u00fd rom\u00e1nsky jazyk, ktor\u00fdm sa hovor\u00ed vo v\u00fdchodnej Eur\u00f3pe, pon\u00faka jedine\u010dn\u00fa a zauj\u00edmav\u00fa jazykov\u00fa cestu. Rumun\u010dina, ktor\u00e1 sa rozprestiera na kult\u00farnom dedi\u010dstve latinsk\u00e9ho aj slovansk\u00e9ho sveta, m\u00e1 fascinuj\u00facu hist\u00f3riu a vzru\u0161uj\u00faci gramatick\u00fd syst\u00e9m na presk\u00famanie. Tak\u017ee \u010di u\u017e ste nad\u0161enec polyglotov, alebo len h\u013ead\u00e1te nov\u00e9 jazykov\u00e9 dobrodru\u017estvo, prip\u00fatajte sa a pripravte sa na objavovanie kr\u00e1s rumunskej gramatiky!<\/p>\n\n\n\n<h3 class=\"wp-block-heading\" id=\"h-1-the-alphabet-a-familiar-friend-with-a-twist\">1. Abeceda: Zn\u00e1my priate\u013e so zvratom<\/h3>\n\n\n\n<p>Rumunsk\u00e1 abeceda je zalo\u017een\u00e1 na latinskom p\u00edsme, ktor\u00e9 sa sklad\u00e1 z 31 p\u00edsmen. Na\u0161\u0165astie pre anglicky hovoriacich je dos\u0165 podobn\u00e1 anglickej abecede, len s nieko\u013ek\u00fdmi znakmi navy\u0161e, ktor\u00e9 reprezentuj\u00fa \u0161pecifick\u00e9 rumunsk\u00e9 zvuky. S trochou praxe bude zvl\u00e1dnutie z\u00e1kladov (ako je pravopis v\u00e1\u0161ho mena alebo \u010d\u00edtanie zna\u010diek ul\u00edc) hra\u010dkou!<\/p>\n\n\n\n<h3 class=\"wp-block-heading\" id=\"h-2-nouns-meet-cases-the-dynamic-duo\">2. Podstatn\u00e9 men\u00e1 sa stret\u00e1vaj\u00fa s pr\u00edpadmi: Dynamick\u00e9 duo<\/h3>\n\n\n\n<p>Rumunsk\u00e9 podstatn\u00e9 men\u00e1 spadaj\u00fa do troch rodov (mu\u017esk\u00fd, \u017eensk\u00fd a kastrovan\u00fd) a menia tvar v z\u00e1vislosti od gramatick\u00e9ho p\u00e1du (nominat\u00edv, genit\u00edv, dat\u00edv, akuzat\u00edv alebo vokat\u00edv). Aj ke\u010f sa to na prv\u00fd poh\u013ead m\u00f4\u017ee zda\u0165 sk\u013eu\u010duj\u00face, tento syst\u00e9m d\u00e1va rumun\u010dine bohatstvo, ktor\u00e9 umo\u017e\u0148uje nuansy a kreativitu pri skladan\u00ed viet, v\u010faka \u010domu je va\u0161a jazykov\u00e1 cesta o to obohacuj\u00facej\u0161ia.<\/p>\n\n\n\n<h3 class=\"wp-block-heading\" id=\"h-3-verbs-conjugating-your-way-to-success\">3. Sloves\u00e1: \u010dasovanie va\u0161ej cesty k \u00faspechu<\/h3>\n\n\n\n<p>Rumunsk\u00e9 \u010dasovanie slovies, aj ke\u010f je o nie\u010do priamo\u010diarej\u0161ie ako sklo\u0148ovanie podstatn\u00fdch mien, je st\u00e1le mnohostrann\u00fdm procesom. Sloves\u00e1 menia tvar v z\u00e1vislosti od \u010dasu, n\u00e1lady, hlasu, osoby a \u010d\u00edsla predmetu. Ako jemne vyladen\u00fd n\u00e1stroj, rumunsk\u00e9 sloves\u00e1 m\u00f4\u017eu vyjadri\u0165 \u0161irok\u00fa \u0161k\u00e1lu akci\u00ed, em\u00f3ci\u00ed a z\u00e1merov, \u010do umo\u017e\u0148uje presn\u00e9 aj poetick\u00e9 vyjadrenie.<\/p>\n\n\n\n<h3 class=\"wp-block-heading\" id=\"h-4-flexible-word-order-shuffle-the-sentences\">4. Flexibiln\u00fd poradie slov: zamie\u0161ajte vety<\/h3>\n\n\n\n<p>Rumun\u010dina je pomerne flexibiln\u00e1, pokia\u013e ide o slovosled, \u010do v\u00e1m umo\u017e\u0148uje usporiada\u0165 predmety, sloves\u00e1 a objekty r\u00f4znymi sp\u00f4sobmi bez kompromisov vo v\u00fdzname. T\u00e1to flexibilita m\u00f4\u017ee zv\u00fd\u0161i\u0165 d\u00f4raz, vytvori\u0165 kontrasty alebo jednoducho urobi\u0165 re\u010d p\u00fatavej\u0161ou. Ke\u010f sa zdokonal\u00edte v rumun\u010dine, budete sa bavi\u0165 experimentovan\u00edm s r\u00f4znymi sp\u00f4sobmi, ako poveda\u0165 t\u00fa ist\u00fa vec, a n\u00e1jdete dokonal\u00fd t\u00f3n pre ka\u017ed\u00fa situ\u00e1ciu.<\/p>\n\n\n\n<h3 class=\"wp-block-heading\" id=\"h-5-wading-deeper-language-through-culture\">5. Brodenie hlb\u0161ie: jazyk prostredn\u00edctvom kult\u00fary<\/h3>\n\n\n\n<p>Ak chcete skuto\u010dne oceni\u0165 rumun\u010dinu, mus\u00edte sa ponori\u0165 hlb\u0161ie do kult\u00fary, hist\u00f3rie a myslenia, ktor\u00e9 formovali jazyk. Spojte sa s roden\u00fdmi hovoriacimi, presk\u00famajte rumunsk\u00fa literat\u00faru a ponorte sa do miestnych zvykov a trad\u00edci\u00ed. Zlep\u0161\u00edte si tak nielen jazykov\u00e9 znalosti, ale objav\u00edte aj mnohotv\u00e1rnu kr\u00e1su rumunskej kult\u00fary.<\/p>\n\n\n\n<h3 class=\"wp-block-heading\" id=\"h-in-conclusion-embrace-the-magic-of-romanian-grammar\">Na z\u00e1ver: Prijmite k\u00fazlo rumunskej gramatiky<\/h3>\n\n\n\n<p><a href=\"https:\/\/talkpal.ai\/romanian-grammar\/\">Rumunsk\u00e1 gramatika<\/a> sa m\u00f4\u017ee na prv\u00fd poh\u013ead zda\u0165 ako z\u00e1hada, ale s \u010dasom, trpezlivos\u0165ou a ve\u013ek\u00fdm z\u00e1ujmom o jazyk odhal\u00edte tajomstv\u00e1 tohto pozoruhodn\u00e9ho jazykov\u00e9ho pokladu. Tak pre\u010do \u010daka\u0165? Za\u010dnite svoju cestu rumunsk\u00fdm jazykom e\u0161te dnes a vyhrievajte sa v kr\u00e1se jeho gramatiky, kult\u00fary a podmaniv\u00e9ho sveta, ktor\u00fd v\u00e1m otv\u00e1ra.<\/p>\n<\/div><\/div>\n\r\n<section class=\"learnNavigationSection\">\r\n            \r\n        <a href=\"https:\/\/talkpal.ai\/sk\/naucte-sa-rumunsky\/\">\r\n            <div class=\"learnNavigationWrapper\">\r\n                <div class=\"learnNavigationContent\">\r\n                    <img decoding=\"async\" src=\"https:\/\/talkpal.ai\/wp-content\/uploads\/2024\/08\/Romanian.jpg\" alt=\"Romanian Flag\">\r\n                    <div>\r\n                        <h4>O \u0161t\u00fadiu rumun\u010diny<\/h4>\r\n                        <p>Zistite v\u0161etko o rumunskej gramatike.<\/p>\r\n                    <\/div>\r\n                <\/div>\r\n            <\/div>\r\n        <\/a>\r\n\r\n        \r\n        <a href=\"https:\/\/talkpal.ai\/sk\/rumunske-gramaticke-cvicenia\/\">\r\n            <div class=\"learnNavigationWrapper\">\r\n                <div class=\"learnNavigationContent\">\r\n                    <img decoding=\"async\" src=\"https:\/\/talkpal.ai\/wp-content\/uploads\/2024\/08\/Romanian.jpg\" alt=\"Romanian Flag\">\r\n                    <div>\r\n                        <h4>Cvi\u010denie z rumunskej gramatiky<\/h4>\r\n                        <p>Precvi\u010dte si rumunsk\u00fa gramatiku.<\/p>\r\n                    <\/div>\r\n                <\/div>\r\n            <\/div>\r\n        <\/a>\r\n\r\n        \r\n        <a href=\"https:\/\/talkpal.ai\/vocabulary_language\/romanian\/\">\r\n            <div class=\"learnNavigationWrapper\">\r\n                <div class=\"learnNavigationContent\">\r\n                    <img decoding=\"async\" src=\"https:\/\/talkpal.ai\/wp-content\/uploads\/2024\/08\/Romanian.jpg\" alt=\"Romanian Flag\">\r\n                    <div>\r\n                        <h4>Rumunsk\u00e1 slovn\u00e1 z\u00e1soba<\/h4>\r\n                        <p>Roz\u0161\u00edrte si slovn\u00fa z\u00e1sobu rumun\u010diny.<\/p>\r\n                    <\/div>\r\n                <\/div>\r\n            <\/div>\r\n        <\/a>\r\n\r\n            <\/section>","protected":false},"excerpt":{"rendered":"<p>Odhalenie tajomstiev rumunskej gramatiky Rumun\u010dina, jedin\u00fd rom\u00e1nsky jazyk, ktor\u00fdm sa hovor\u00ed vo v\u00fdchodnej Eur\u00f3pe, pon\u00faka jedine\u010dn\u00fa a zauj\u00edmav\u00fa jazykov\u00fa cestu. Rumun\u010dina, ktor\u00e1 sa rozprestiera na kult\u00farnom dedi\u010dstve latinsk\u00e9ho aj slovansk\u00e9ho sveta, m\u00e1 fascinuj\u00facu hist\u00f3riu a vzru\u0161uj\u00faci gramatick\u00fd syst\u00e9m na presk\u00famanie. Tak\u017ee \u010di u\u017e ste nad\u0161enec polyglotov, alebo len h\u013ead\u00e1te nov\u00e9 jazykov\u00e9 dobrodru\u017estvo, prip\u00fatajte sa a [&hellip;]<\/p>\n","protected":false},"author":1,"featured_media":117873,"parent":0,"menu_order":0,"comment_status":"closed","ping_status":"closed","template":"LearningContentPage.php","meta":{"_acf_changed":false,"footnotes":""},"class_list":["post-149301","page","type-page","status-publish","has-post-thumbnail","hentry"],"acf":[],"yoast_head":"<!-- This site is optimized with the Yoast SEO Premium plugin v27.2 (Yoast SEO v27.2) - https:\/\/yoast.com\/product\/yoast-seo-premium-wordpress\/ -->\n<title>Rumunsk\u00e1 gramatika - Talkpal<\/title>\n<meta name=\"description\" content=\"Presk\u00famajte fascinuj\u00faci svet rumunskej gramatiky a objavte jedine\u010dn\u00e9 vlastnosti tohto kr\u00e1sneho rom\u00e1nskeho jazyka.\" \/>\n<meta name=\"robots\" content=\"index, follow, max-snippet:-1, max-image-preview:large, max-video-preview:-1\" \/>\n<link rel=\"canonical\" href=\"https:\/\/talkpal.ai\/sk\/rumunska-gramatika\/\" \/>\n<meta property=\"og:locale\" content=\"sk_SK\" \/>\n<meta property=\"og:type\" content=\"article\" \/>\n<meta property=\"og:title\" content=\"Rumunsk\u00e1 gramatika\" \/>\n<meta property=\"og:description\" content=\"Odhalenie tajomstiev rumunskej gramatiky Rumun\u010dina, jedin\u00fd rom\u00e1nsky jazyk, ktor\u00fdm sa hovor\u00ed vo v\u00fdchodnej Eur\u00f3pe, pon\u00faka jedine\u010dn\u00fa a zauj\u00edmav\u00fa jazykov\u00fa\" \/>\n<meta property=\"og:url\" content=\"https:\/\/talkpal.ai\/sk\/rumunska-gramatika\/\" \/>\n<meta property=\"og:site_name\" content=\"Talkpal\" \/>\n<meta property=\"article:publisher\" content=\"https:\/\/www.facebook.com\/profile.php?id=100090733639311\" \/>\n<meta property=\"article:modified_time\" content=\"2025-12-17T15:34:19+00:00\" \/>\n<meta property=\"og:image\" content=\"https:\/\/talkpal.ai\/wp-content\/uploads\/2023\/05\/romania.png\" \/>\n\t<meta property=\"og:image:width\" content=\"512\" \/>\n\t<meta property=\"og:image:height\" content=\"512\" \/>\n\t<meta property=\"og:image:type\" content=\"image\/png\" \/>\n<meta name=\"twitter:card\" content=\"summary_large_image\" \/>\n<meta name=\"twitter:site\" content=\"@talkpalai\" \/>\n<meta name=\"twitter:label1\" content=\"Predpokladan\u00fd \u010das \u010d\u00edtania\" \/>\n\t<meta name=\"twitter:data1\" content=\"3 min\u00faty\" \/>\n<script type=\"application\/ld+json\" class=\"yoast-schema-graph\">{\"@context\":\"https:\/\/schema.org\",\"@graph\":[{\"@type\":\"WebPage\",\"@id\":\"https:\/\/talkpal.ai\/sk\/rumunska-gramatika\/\",\"url\":\"https:\/\/talkpal.ai\/sk\/rumunska-gramatika\/\",\"name\":\"Rumunsk\u00e1 gramatika - Talkpal\",\"isPartOf\":{\"@id\":\"https:\/\/talkpal.ai\/sk\/#website\"},\"primaryImageOfPage\":{\"@id\":\"https:\/\/talkpal.ai\/sk\/rumunska-gramatika\/#primaryimage\"},\"image\":{\"@id\":\"https:\/\/talkpal.ai\/sk\/rumunska-gramatika\/#primaryimage\"},\"thumbnailUrl\":\"https:\/\/talkpal.ai\/wp-content\/uploads\/2023\/05\/romania.png\",\"datePublished\":\"2023-05-14T14:19:07+00:00\",\"dateModified\":\"2025-12-17T15:34:19+00:00\",\"description\":\"Presk\u00famajte fascinuj\u00faci svet rumunskej gramatiky a objavte jedine\u010dn\u00e9 vlastnosti tohto kr\u00e1sneho rom\u00e1nskeho jazyka.\",\"breadcrumb\":{\"@id\":\"https:\/\/talkpal.ai\/sk\/rumunska-gramatika\/#breadcrumb\"},\"inLanguage\":\"sk-SK\",\"potentialAction\":[{\"@type\":\"ReadAction\",\"target\":[\"https:\/\/talkpal.ai\/sk\/rumunska-gramatika\/\"]}]},{\"@type\":\"ImageObject\",\"inLanguage\":\"sk-SK\",\"@id\":\"https:\/\/talkpal.ai\/sk\/rumunska-gramatika\/#primaryimage\",\"url\":\"https:\/\/talkpal.ai\/wp-content\/uploads\/2023\/05\/romania.png\",\"contentUrl\":\"https:\/\/talkpal.ai\/wp-content\/uploads\/2023\/05\/romania.png\",\"width\":512,\"height\":512},{\"@type\":\"BreadcrumbList\",\"@id\":\"https:\/\/talkpal.ai\/sk\/rumunska-gramatika\/#breadcrumb\",\"itemListElement\":[{\"@type\":\"ListItem\",\"position\":1,\"name\":\"Homepage\",\"item\":\"https:\/\/talkpal.ai\/sk\/\"},{\"@type\":\"ListItem\",\"position\":2,\"name\":\"Rumunsk\u00e1 gramatika\"}]},{\"@type\":\"WebSite\",\"@id\":\"https:\/\/talkpal.ai\/sk\/#website\",\"url\":\"https:\/\/talkpal.ai\/sk\/\",\"name\":\"Talkpal\",\"description\":\"AI Language Learning\",\"publisher\":{\"@id\":\"https:\/\/talkpal.ai\/sk\/#organization\"},\"alternateName\":\"Talkpal AI\",\"potentialAction\":[{\"@type\":\"SearchAction\",\"target\":{\"@type\":\"EntryPoint\",\"urlTemplate\":\"https:\/\/talkpal.ai\/sk\/?s={search_term_string}\"},\"query-input\":{\"@type\":\"PropertyValueSpecification\",\"valueRequired\":true,\"valueName\":\"search_term_string\"}}],\"inLanguage\":\"sk-SK\"},{\"@type\":\"Organization\",\"@id\":\"https:\/\/talkpal.ai\/sk\/#organization\",\"name\":\"Talkpal, Inc.\",\"alternateName\":\"Talkpal AI\",\"url\":\"https:\/\/talkpal.ai\/sk\/\",\"logo\":{\"@type\":\"ImageObject\",\"inLanguage\":\"sk-SK\",\"@id\":\"https:\/\/talkpal.ai\/sk\/#\/schema\/logo\/image\/\",\"url\":\"https:\/\/talkpal.ai\/wp-content\/uploads\/2024\/03\/Talkpal-Logo-Icon.png\",\"contentUrl\":\"https:\/\/talkpal.ai\/wp-content\/uploads\/2024\/03\/Talkpal-Logo-Icon.png\",\"width\":2880,\"height\":2880,\"caption\":\"Talkpal, Inc.\"},\"image\":{\"@id\":\"https:\/\/talkpal.ai\/sk\/#\/schema\/logo\/image\/\"},\"sameAs\":[\"https:\/\/www.facebook.com\/profile.php?id=100090733639311\",\"https:\/\/x.com\/talkpalai\",\"https:\/\/www.linkedin.com\/company\/talkpal\/\",\"https:\/\/www.youtube.com\/@TalkPal\/\",\"https:\/\/www.tiktok.com\/@talkpal\",\"https:\/\/www.instagram.com\/talkpal_ai\/\",\"https:\/\/www.crunchbase.com\/organization\/talkpal-9cde\",\"https:\/\/www.g2.com\/products\/talkpal-for-business\/\",\"https:\/\/www.trustpilot.com\/review\/talkpal.ai\",\"https:\/\/www.capterra.com\/p\/10006800\/TalkPal\/\"],\"description\":\"Talkpal is a language learning web and mobile education app, powered by the latest AI technologies, that provides engaging experiences to its customers in many different languages to help them improve their language skills. Users can chat about unlimited amount of topics with the app and use other modes to practice their language learning.\",\"email\":\"support@talkpal.ai\",\"legalName\":\"Talkpal, Inc.\",\"foundingDate\":\"2023-04-03\",\"duns\":\"118989042\",\"numberOfEmployees\":{\"@type\":\"QuantitativeValue\",\"minValue\":\"11\",\"maxValue\":\"50\"},\"publishingPrinciples\":\"https:\/\/talkpal.ai\/publishing-principles\/\",\"actionableFeedbackPolicy\":\"https:\/\/talkpal.ai\/actionable-feedback-policy\/\",\"correctionsPolicy\":\"https:\/\/talkpal.ai\/corrections-policy\/\",\"ethicsPolicy\":\"https:\/\/talkpal.ai\/ethics-policy\/\",\"diversityPolicy\":\"https:\/\/talkpal.ai\/diversity-policy\/\",\"diversityStaffingReport\":\"https:\/\/talkpal.ai\/diversity-policy\/\"}]}<\/script>\n<!-- \/ Yoast SEO Premium plugin. -->","yoast_head_json":{"title":"Rumunsk\u00e1 gramatika - Talkpal","description":"Presk\u00famajte fascinuj\u00faci svet rumunskej gramatiky a objavte jedine\u010dn\u00e9 vlastnosti tohto kr\u00e1sneho rom\u00e1nskeho jazyka.","robots":{"index":"index","follow":"follow","max-snippet":"max-snippet:-1","max-image-preview":"max-image-preview:large","max-video-preview":"max-video-preview:-1"},"canonical":"https:\/\/talkpal.ai\/sk\/rumunska-gramatika\/","og_locale":"sk_SK","og_type":"article","og_title":"Rumunsk\u00e1 gramatika","og_description":"Odhalenie tajomstiev rumunskej gramatiky Rumun\u010dina, jedin\u00fd rom\u00e1nsky jazyk, ktor\u00fdm sa hovor\u00ed vo v\u00fdchodnej Eur\u00f3pe, pon\u00faka jedine\u010dn\u00fa a zauj\u00edmav\u00fa jazykov\u00fa","og_url":"https:\/\/talkpal.ai\/sk\/rumunska-gramatika\/","og_site_name":"Talkpal","article_publisher":"https:\/\/www.facebook.com\/profile.php?id=100090733639311","article_modified_time":"2025-12-17T15:34:19+00:00","og_image":[{"width":512,"height":512,"url":"https:\/\/talkpal.ai\/wp-content\/uploads\/2023\/05\/romania.png","type":"image\/png"}],"twitter_card":"summary_large_image","twitter_site":"@talkpalai","twitter_misc":{"Predpokladan\u00fd \u010das \u010d\u00edtania":"3 min\u00faty"},"schema":{"@context":"https:\/\/schema.org","@graph":[{"@type":"WebPage","@id":"https:\/\/talkpal.ai\/sk\/rumunska-gramatika\/","url":"https:\/\/talkpal.ai\/sk\/rumunska-gramatika\/","name":"Rumunsk\u00e1 gramatika - Talkpal","isPartOf":{"@id":"https:\/\/talkpal.ai\/sk\/#website"},"primaryImageOfPage":{"@id":"https:\/\/talkpal.ai\/sk\/rumunska-gramatika\/#primaryimage"},"image":{"@id":"https:\/\/talkpal.ai\/sk\/rumunska-gramatika\/#primaryimage"},"thumbnailUrl":"https:\/\/talkpal.ai\/wp-content\/uploads\/2023\/05\/romania.png","datePublished":"2023-05-14T14:19:07+00:00","dateModified":"2025-12-17T15:34:19+00:00","description":"Presk\u00famajte fascinuj\u00faci svet rumunskej gramatiky a objavte jedine\u010dn\u00e9 vlastnosti tohto kr\u00e1sneho rom\u00e1nskeho jazyka.","breadcrumb":{"@id":"https:\/\/talkpal.ai\/sk\/rumunska-gramatika\/#breadcrumb"},"inLanguage":"sk-SK","potentialAction":[{"@type":"ReadAction","target":["https:\/\/talkpal.ai\/sk\/rumunska-gramatika\/"]}]},{"@type":"ImageObject","inLanguage":"sk-SK","@id":"https:\/\/talkpal.ai\/sk\/rumunska-gramatika\/#primaryimage","url":"https:\/\/talkpal.ai\/wp-content\/uploads\/2023\/05\/romania.png","contentUrl":"https:\/\/talkpal.ai\/wp-content\/uploads\/2023\/05\/romania.png","width":512,"height":512},{"@type":"BreadcrumbList","@id":"https:\/\/talkpal.ai\/sk\/rumunska-gramatika\/#breadcrumb","itemListElement":[{"@type":"ListItem","position":1,"name":"Homepage","item":"https:\/\/talkpal.ai\/sk\/"},{"@type":"ListItem","position":2,"name":"Rumunsk\u00e1 gramatika"}]},{"@type":"WebSite","@id":"https:\/\/talkpal.ai\/sk\/#website","url":"https:\/\/talkpal.ai\/sk\/","name":"Talkpal","description":"AI Language Learning","publisher":{"@id":"https:\/\/talkpal.ai\/sk\/#organization"},"alternateName":"Talkpal AI","potentialAction":[{"@type":"SearchAction","target":{"@type":"EntryPoint","urlTemplate":"https:\/\/talkpal.ai\/sk\/?s={search_term_string}"},"query-input":{"@type":"PropertyValueSpecification","valueRequired":true,"valueName":"search_term_string"}}],"inLanguage":"sk-SK"},{"@type":"Organization","@id":"https:\/\/talkpal.ai\/sk\/#organization","name":"Talkpal, Inc.","alternateName":"Talkpal AI","url":"https:\/\/talkpal.ai\/sk\/","logo":{"@type":"ImageObject","inLanguage":"sk-SK","@id":"https:\/\/talkpal.ai\/sk\/#\/schema\/logo\/image\/","url":"https:\/\/talkpal.ai\/wp-content\/uploads\/2024\/03\/Talkpal-Logo-Icon.png","contentUrl":"https:\/\/talkpal.ai\/wp-content\/uploads\/2024\/03\/Talkpal-Logo-Icon.png","width":2880,"height":2880,"caption":"Talkpal, Inc."},"image":{"@id":"https:\/\/talkpal.ai\/sk\/#\/schema\/logo\/image\/"},"sameAs":["https:\/\/www.facebook.com\/profile.php?id=100090733639311","https:\/\/x.com\/talkpalai","https:\/\/www.linkedin.com\/company\/talkpal\/","https:\/\/www.youtube.com\/@TalkPal\/","https:\/\/www.tiktok.com\/@talkpal","https:\/\/www.instagram.com\/talkpal_ai\/","https:\/\/www.crunchbase.com\/organization\/talkpal-9cde","https:\/\/www.g2.com\/products\/talkpal-for-business\/","https:\/\/www.trustpilot.com\/review\/talkpal.ai","https:\/\/www.capterra.com\/p\/10006800\/TalkPal\/"],"description":"Talkpal is a language learning web and mobile education app, powered by the latest AI technologies, that provides engaging experiences to its customers in many different languages to help them improve their language skills. Users can chat about unlimited amount of topics with the app and use other modes to practice their language learning.","email":"support@talkpal.ai","legalName":"Talkpal, Inc.","foundingDate":"2023-04-03","duns":"118989042","numberOfEmployees":{"@type":"QuantitativeValue","minValue":"11","maxValue":"50"},"publishingPrinciples":"https:\/\/talkpal.ai\/publishing-principles\/","actionableFeedbackPolicy":"https:\/\/talkpal.ai\/actionable-feedback-policy\/","correctionsPolicy":"https:\/\/talkpal.ai\/corrections-policy\/","ethicsPolicy":"https:\/\/talkpal.ai\/ethics-policy\/","diversityPolicy":"https:\/\/talkpal.ai\/diversity-policy\/","diversityStaffingReport":"https:\/\/talkpal.ai\/diversity-policy\/"}]}},"_links":{"self":[{"href":"https:\/\/talkpal.ai\/sk\/wp-json\/wp\/v2\/pages\/149301","targetHints":{"allow":["GET"]}}],"collection":[{"href":"https:\/\/talkpal.ai\/sk\/wp-json\/wp\/v2\/pages"}],"about":[{"href":"https:\/\/talkpal.ai\/sk\/wp-json\/wp\/v2\/types\/page"}],"author":[{"embeddable":true,"href":"https:\/\/talkpal.ai\/sk\/wp-json\/wp\/v2\/users\/1"}],"replies":[{"embeddable":true,"href":"https:\/\/talkpal.ai\/sk\/wp-json\/wp\/v2\/comments?post=149301"}],"version-history":[{"count":0,"href":"https:\/\/talkpal.ai\/sk\/wp-json\/wp\/v2\/pages\/149301\/revisions"}],"wp:featuredmedia":[{"embeddable":true,"href":"https:\/\/talkpal.ai\/sk\/wp-json\/wp\/v2\/media\/117873"}],"wp:attachment":[{"href":"https:\/\/talkpal.ai\/sk\/wp-json\/wp\/v2\/media?parent=149301"}],"curies":[{"name":"wp","href":"https:\/\/api.w.org\/{rel}","templated":true}]}}